{"id":12364,"date":"2022-09-25T07:28:00","date_gmt":"2022-09-25T05:28:00","guid":{"rendered":"https:\/\/ag-frisch.com\/infraroodpanelen-uit-china\/"},"modified":"2023-01-27T05:43:39","modified_gmt":"2023-01-27T04:43:39","slug":"infraroodpanelen-uit-china","status":"publish","type":"page","link":"https:\/\/ag-frisch.com\/nl\/infraroodpanelen-uit-china\/","title":{"rendered":"Infraroodpanelen uit China"},"content":{"rendered":"<p>[et_pb_section fb_built=&#8221;1&#8243; _builder_version=&#8221;4.16&#8243; _module_preset=&#8221;default&#8221; global_colors_info=&#8221;{}&#8221;][et_pb_row _builder_version=&#8221;4.16&#8243; _module_preset=&#8221;default&#8221; global_colors_info=&#8221;{}&#8221;][et_pb_column type=&#8221;4_4&#8243; _builder_version=&#8221;4.16&#8243; _module_preset=&#8221;default&#8221; global_colors_info=&#8221;{}&#8221;][et_pb_cta title=&#8221;Infrarood kachels invoeren uit China&#8221; button_url=&#8221;https:\/\/ag-frisch.com\/nl\/neem-contact-op-met\/&#8221; button_text=&#8221;Importeer nu van een professional!&#8221; _builder_version=&#8221;4.18.1&#8243; _module_preset=&#8221;default&#8221; global_colors_info=&#8221;{}&#8221;]<\/p>\n<p>Vertrouw op de ervaring van het agentschap Frisch bij de aankoop van infraroodpanelen.  <\/p>\n<p>[\/et_pb_cta][et_pb_text _builder_version=&#8221;4.16&#8243; _module_preset=&#8221;default&#8221; global_colors_info=&#8221;{}&#8221;]<\/p>\n<p><strong>Infraroodstralers voor gebruik in kleine en grote ruimtes<\/strong><\/p>\n<p>Infraroodpanelen hebben het voordeel dat ze onmiddellijk warmte afgeven, d.w.z. dat ze aangenaam warm zijn zodra ze worden ingeschakeld. Omdat er, in tegenstelling tot ventilatorkachels, geen lucht wordt opgewerveld, wordt er ook geen stof opgewerveld en kan het ook worden gebruikt door mensen met een allergie. Bovendien produceert een infraroodverwarming geen werkingsgeluid, bijvoorbeeld van een motor of een ventilator. De infraroodverwarming wordt gewoon in het stopcontact gestoken en ingeschakeld. De temperatuur kan ook worden geregeld met een praktische thermostaat die tussen het stopcontact en de stekker wordt gestoken.  <\/p>\n<p><strong><\/strong><\/p>\n<p><strong>Goedkope kachels voor huis en flat<\/strong><\/p>\n<p>Infraroodpanelen voor de verwarming van huizen en flats kunnen tegen zeer lage kosten worden aangeschaft en zijn daarom een goed alternatief als aanvullende of noodverwarming, bijvoorbeeld bij olie- of gasuitval, of voor ruimten zonder permanent ge\u00efnstalleerde verwarming, zoals garages, opslagruimten of serres.  <\/p>\n<p><strong><\/strong><\/p>\n<p><strong>Infraroodverwarmers voor binnen en verwarmers voor buiten<\/strong><\/p>\n<p>Infraroodverwarmingen worden steeds populairder, vooral voor gebruik buitenshuis. Met name caf\u00e9s, restaurants of hotels gebruiken de kachels om voor extra aangename warmte te zorgen in de lente of de herfst, wanneer het weer nog vrij aangenaam maar toch iets te koel is. Ventilatorkachels kunnen gemakkelijk worden opgehangen dankzij de voorbereidingen voor bevestigingssystemen aan de achterkant van de verwarmingsplaat of kunnen gemakkelijk worden opgezet met extra te bestellen voetjes.  <\/p>\n<p><strong><\/strong><\/p>\n<p><strong>Effici\u00ebnte verwarming met infraroodstralers<\/strong><\/p>\n<p>Met infrarood verwarmingspanelen verwarmt u met elektriciteit en toch bijzonder effectief en energiebesparend. Als u het stroomcircuit koppelt aan zonnepanelen, werken de infraroodverwarmers volledig op hernieuwbare energie. De kachels stralen na minder dan een minuut een aangename warmte uit en het gevoel van comfortabele kamerwarmte ontstaat onmiddellijk. Met een thermostaat kunnen de infraroodpanelen ook een ruimte comfortabel op een bepaalde temperatuur houden of regelen dat een bepaalde temperatuur op een bepaald tijdstip wordt bereikt, bijvoorbeeld dat de kamer warm is als u thuiskomt van uw werk.  <\/p>\n<p>&nbsp;<\/p>\n<p><strong>Gezonde en milieuvriendelijke verwarming met infraroodstralers<\/strong><\/p>\n<p>Infraroodverwarmingen zijn milieuvriendelijk en besparen hulpbronnen, omdat ze uitsluitend worden aangedreven door elektriciteit, die ook kan worden verkregen uit hernieuwbare bronnen. Omdat de infraroodplaten geen stof doen opwaaien of verbranden, is het ook zeer <span>geschikt voor reumapati\u00ebnten, astmapati\u00ebnten en allergiepati\u00ebnten <\/span>.  <\/p>\n<p>&nbsp;<\/p>\n<p>[\/et_pb_text][\/et_pb_column][\/et_pb_row][\/et_pb_section][et_pb_section fb_built=&#8221;1&#8243; admin_label=&#8221;Testimonials&#8221; _builder_version=&#8221;4.16&#8243; use_background_color_gradient=&#8221;on&#8221; background_color_gradient_stops=&#8221;rgba(0,106,156,0.85) 0%|rgba(0,106,156,0.85) 100%&#8221; background_color_gradient_start=&#8221;rgba(0,106,156,0.85)&#8221; background_color_gradient_end=&#8221;rgba(0,106,156,0.85)&#8221; custom_padding=&#8221;90px||60px|&#8221; animation_style=&#8221;fold&#8221; animation_direction=&#8221;bottom&#8221; animation_intensity_fold=&#8221;4%&#8221; global_colors_info=&#8221;{}&#8221;][et_pb_row _builder_version=&#8221;4.16&#8243; background_size=&#8221;initial&#8221; background_position=&#8221;top_left&#8221; background_repeat=&#8221;repeat&#8221; custom_width_px=&#8221;710px&#8221; locked=&#8221;off&#8221; global_colors_info=&#8221;{}&#8221;][et_pb_column type=&#8221;4_4&#8243; _builder_version=&#8221;4.16&#8243; background_position=&#8221;top_left&#8221; custom_padding=&#8221;|||&#8221; global_colors_info=&#8221;{}&#8221; custom_padding__hover=&#8221;|||&#8221;][et_pb_text admin_label=&#8221;Testimonials Section Title&#8221; _builder_version=&#8221;4.16&#8243; header_font=&#8221;Montserrat||||&#8221; header_font_size=&#8221;36px&#8221; background_size=&#8221;initial&#8221; background_position=&#8221;top_left&#8221; background_repeat=&#8221;repeat&#8221; text_orientation=&#8221;center&#8221; background_layout=&#8221;dark&#8221; max_width=&#8221;710px&#8221; module_alignment=&#8221;center&#8221; animation_style=&#8221;fold&#8221; animation_direction=&#8221;bottom&#8221; animation_intensity_fold=&#8221;20%&#8221; global_colors_info=&#8221;{}&#8221;]<\/p>\n<h1>Meer dan 5000 tevreden klanten.<\/h1>\n<p>&nbsp;<\/p>\n<p>[\/et_pb_text][et_pb_divider color=&#8221;#ffffff&#8221; divider_weight=&#8221;3px&#8221; disabled_on=&#8221;off|off|off&#8221; _builder_version=&#8221;4.16&#8243; background_color_gradient_direction=&#8221;90deg&#8221; max_width=&#8221;100px&#8221; module_alignment=&#8221;center&#8221; height=&#8221;5px&#8221; custom_margin=&#8221;||20px|&#8221; custom_padding=&#8221;||20px|&#8221; animation_style=&#8221;slide&#8221; animation_direction=&#8221;bottom&#8221; saved_tabs=&#8221;all&#8221; locked=&#8221;off&#8221; global_colors_info=&#8221;{}&#8221;][\/et_pb_divider][\/et_pb_column][\/et_pb_row][et_pb_row column_structure=&#8221;1_2,1_2&#8243; _builder_version=&#8221;4.18.1&#8243; _module_preset=&#8221;default&#8221; global_colors_info=&#8221;{}&#8221;][et_pb_column type=&#8221;1_2&#8243; _builder_version=&#8221;4.18.1&#8243; _module_preset=&#8221;default&#8221; global_colors_info=&#8221;{}&#8221;][et_pb_testimonial author=&#8221;Marco&#8221; portrait_url=&#8221;https:\/\/ag-frisch.com\/wp-content\/uploads\/2021\/08\/Harald.png&#8221; quote_icon=&#8221;off&#8221; _builder_version=&#8221;4.18.1&#8243; _module_preset=&#8221;default&#8221; body_font_size=&#8221;16px&#8221; use_background_color=&#8221;off&#8221; background_layout=&#8221;dark&#8221; global_colors_info=&#8221;{}&#8221;]Ik heb de Frisch Agency opdracht gegeven een groot meubelstuk in China te laten produceren en het vervolgens naar Duitsland te brengen. Er was de hele tijd een vlotte communicatie per mail! Zeer snelle en betrouwbare antwoorden gaven mij voortdurend de geruststelling die essentieel is bij een dergelijke onderneming. Ik werd steeds door de bureaucratische jungle geholpen en er werden geen formulieren vergeten of verkeerd ingevuld. Zeer lovenswaardig!<a href=\"&lt;div%20class=%22pe-richsnippets%22&gt;&nbsp;&lt;\/div&gt;%20&lt;script%20type=%22text\/javascript%22%20src=%22https:\/\/www.provenexpert.com\/widget\/richsnippet.js?u=1NUA0VwZ4RUZ5tmAi5zA4RaplNKAlWwZ&amp;v=2%22%20async&gt;&lt;\/script&gt;%20&lt;div%20style=%22text-align:%20justify;%22&gt;&lt;br%20\/&gt;\"><\/a><\/p>\n<div class=\"brow ratingBarMargin\">\n<div class=\"ratingBar\">\n<div class=\"brow\">\n<div class=\"pe-richsnippets\">&nbsp;<\/div>\n<p><script type=\"text\/javascript\" src=\"https:\/\/www.provenexpert.com\/widget\/richsnippet.js?u=1NUA0VwZ4RUZ5tmAi5zA4RaplNKAlWwZ&amp;v=2\" async=\"\"><\/script><\/p>\n<div style=\"text-align: justify;\"><\/p>\n<div class=\"col-lg-9 col-md-8 col-xs-10 mt20 mb20\">\n<div class=\"col-xs-12 surveyNameForRating\"><\/div>\n<\/div>\n<\/div>\n<\/div>\n<\/div>\n<\/div>\n<p>[\/et_pb_testimonial][\/et_pb_column][et_pb_column type=&#8221;1_2&#8243; _builder_version=&#8221;4.18.1&#8243; _module_preset=&#8221;default&#8221; global_colors_info=&#8221;{}&#8221;][et_pb_testimonial author=&#8221;Simone L.&#8221; portrait_url=&#8221;https:\/\/ag-frisch.com\/wp-content\/uploads\/2021\/08\/Harald.png&#8221; quote_icon=&#8221;off&#8221; _builder_version=&#8221;4.18.1&#8243; _module_preset=&#8221;default&#8221; body_font_size=&#8221;16px&#8221; use_background_color=&#8221;off&#8221; background_layout=&#8221;dark&#8221; global_colors_info=&#8221;{}&#8221;]<\/p>\n<p>Helemaal top. Beter dan dit wordt het niet. Advies en uitvoering kunnen niet beter. Wij zijn meer dan tevreden na verschillende bestellingen bij dit bedrijf en zetten onze samenwerking voort.<\/p>\n<div class=\"brow ratingBarMargin\">\n<div class=\"ratingBar\">\n<div class=\"brow\">\n<div class=\"pe-richsnippets\"> <\/div>\n<p>\n<script type=\"text\/javascript\" src=\"https:\/\/www.provenexpert.com\/widget\/richsnippet.js?u=1NUA0VwZ4RUZ5tmAi5zA4RaplNKAlWwZ&amp;v=2\" async=\"\"><\/script>\n<\/p>\n<div style=\"text-align: justify;\">\n<p>&nbsp;<\/p>\n<div class=\"col-lg-9 col-md-8 col-xs-10 mt20 mb20\">\n<div class=\"col-xs-12 surveyNameForRating\"><\/div>\n<\/div>\n<\/div>\n<\/div>\n<\/div>\n<\/div>\n<p>[\/et_pb_testimonial][\/et_pb_column][\/et_pb_row][et_pb_row _builder_version=&#8221;4.16&#8243; background_size=&#8221;initial&#8221; background_position=&#8221;top_left&#8221; background_repeat=&#8221;repeat&#8221; custom_padding=&#8221;50px|0px|30px|0px&#8221; custom_css_main_element=&#8221;text-align: center;&#8221; global_colors_info=&#8221;{}&#8221;][et_pb_column type=&#8221;4_4&#8243; _builder_version=&#8221;4.16&#8243; custom_padding=&#8221;|||&#8221; global_colors_info=&#8221;{}&#8221; custom_padding__hover=&#8221;|||&#8221;][et_pb_button button_url=&#8221;https:\/\/www.provenexpert.com\/de-de\/agentur-frisch-international-consulting-gmbh-und-co-kg\/&#8221; button_text=&#8221;MEER BEOORDELINGEN&#8221; button_alignment=&#8221;left&#8221; admin_label=&#8221;Testimonial Button&#8221; _builder_version=&#8221;4.16&#8243; custom_button=&#8221;on&#8221; button_text_size=&#8221;18px&#8221; button_text_color=&#8221;#ffffff&#8221; button_bg_color=&#8221;#6eba01&#8243; button_border_width=&#8221;2px&#8221; button_border_color=&#8221;#6eba01&#8243; button_border_radius=&#8221;0px&#8221; button_letter_spacing=&#8221;2px&#8221; button_font=&#8221;Montserrat|||on|&#8221; button_use_icon=&#8221;off&#8221; animation_style=&#8221;fold&#8221; animation_direction=&#8221;bottom&#8221; button_text_color_hover=&#8221;#ffffff&#8221; button_border_color_hover=&#8221;#ffffff&#8221; button_border_radius_hover=&#8221;0px&#8221; button_letter_spacing_hover=&#8221;2px&#8221; button_bg_color_hover=&#8221;rgba(255,255,255,0)&#8221; locked=&#8221;off&#8221; global_colors_info=&#8221;{}&#8221; button_text_size__hover_enabled=&#8221;off&#8221; button_one_text_size__hover_enabled=&#8221;off&#8221; button_two_text_size__hover_enabled=&#8221;off&#8221; button_text_color__hover_enabled=&#8221;on&#8221; button_text_color__hover=&#8221;#ffffff&#8221; button_one_text_color__hover_enabled=&#8221;off&#8221; button_two_text_color__hover_enabled=&#8221;off&#8221; button_border_width__hover_enabled=&#8221;off&#8221; button_one_border_width__hover_enabled=&#8221;off&#8221; button_two_border_width__hover_enabled=&#8221;off&#8221; button_border_color__hover_enabled=&#8221;on&#8221; button_border_color__hover=&#8221;#ffffff&#8221; button_one_border_color__hover_enabled=&#8221;off&#8221; button_two_border_color__hover_enabled=&#8221;off&#8221; button_border_radius__hover_enabled=&#8221;on&#8221; button_border_radius__hover=&#8221;0px&#8221; button_one_border_radius__hover_enabled=&#8221;off&#8221; button_two_border_radius__hover_enabled=&#8221;off&#8221; button_letter_spacing__hover_enabled=&#8221;on&#8221; button_letter_spacing__hover=&#8221;2px&#8221; button_one_letter_spacing__hover_enabled=&#8221;off&#8221; button_two_letter_spacing__hover_enabled=&#8221;off&#8221; button_bg_color__hover_enabled=&#8221;on&#8221; button_bg_color__hover=&#8221;rgba(255,255,255,0)&#8221; button_one_bg_color__hover_enabled=&#8221;off&#8221; button_two_bg_color__hover_enabled=&#8221;off&#8221;][\/et_pb_button][\/et_pb_column][\/et_pb_row][\/et_pb_section]<\/p>\n","protected":false},"excerpt":{"rendered":"<p>Vertrouw op de ervaring van het agentschap Frisch bij de aankoop van infraroodpanelen. Infraroodstralers voor gebruik in kleine en grote ruimtes Infraroodpanelen hebben het voordeel dat ze onmiddellijk warmte afgeven, d.w.z. dat ze aangenaam warm zijn zodra ze worden ingeschakeld. Omdat er, in tegenstelling tot ventilatorkachels, geen lucht wordt opgewerveld, wordt er ook geen stof [&hellip;]<\/p>\n","protected":false},"author":2,"featured_media":0,"parent":0,"menu_order":0,"comment_status":"closed","ping_status":"closed","template":"","meta":{"_et_pb_use_builder":"on","_et_pb_old_content":"","_et_gb_content_width":"","footnotes":""},"class_list":["post-12364","page","type-page","status-publish","hentry"],"yoast_head":"<!-- This site is optimized with the Yoast SEO plugin v27.4 - https:\/\/yoast.com\/product\/yoast-seo-wordpress\/ -->\n<title>De invoer Infrarode Comit\u00e9s van China - Infrarode Kachels van China<\/title>\n<meta name=\"description\" content=\"Infraroodpanelen uit China \u25bbbetrouwbare fabrikant \u2713 monsters vooraf\u2713 veilige betaling\u2713 EU-conforme producten\u25bb Vraag het nu aan de expert!\" \/>\n<meta name=\"robots\" content=\"index, follow, max-snippet:-1, max-image-preview:large, max-video-preview:-1\" \/>\n<link rel=\"canonical\" href=\"https:\/\/ag-frisch.com\/nl\/infraroodpanelen-uit-china\/\" \/>\n<meta property=\"og:locale\" content=\"nl_NL\" \/>\n<meta property=\"og:type\" content=\"article\" \/>\n<meta property=\"og:title\" content=\"De invoer Infrarode Comit\u00e9s van China - Infrarode Kachels van China\" \/>\n<meta property=\"og:description\" content=\"Infraroodpanelen uit China \u25bbbetrouwbare fabrikant \u2713 monsters vooraf\u2713 veilige betaling\u2713 EU-conforme producten\u25bb Vraag het nu aan de expert!\" \/>\n<meta property=\"og:url\" content=\"https:\/\/ag-frisch.com\/nl\/infraroodpanelen-uit-china\/\" \/>\n<meta property=\"og:site_name\" content=\"China Import Beratung f\u00fcr den Einkauf aus China\" \/>\n<meta property=\"article:publisher\" content=\"https:\/\/www.facebook.com\/China.Import\" \/>\n<meta property=\"article:modified_time\" content=\"2023-01-27T04:43:39+00:00\" \/>\n<meta name=\"twitter:card\" content=\"summary_large_image\" \/>\n<meta name=\"twitter:site\" content=\"@agenturfrisch\" \/>\n<meta name=\"twitter:label1\" content=\"Geschatte leestijd\" \/>\n\t<meta name=\"twitter:data1\" content=\"6 minuten\" \/>\n<script type=\"application\/ld+json\" class=\"yoast-schema-graph\">{\"@context\":\"https:\\\/\\\/schema.org\",\"@graph\":[{\"@type\":\"WebPage\",\"@id\":\"https:\\\/\\\/ag-frisch.com\\\/nl\\\/infraroodpanelen-uit-china\\\/\",\"url\":\"https:\\\/\\\/ag-frisch.com\\\/nl\\\/infraroodpanelen-uit-china\\\/\",\"name\":\"De invoer Infrarode Comit\u00e9s van China - Infrarode Kachels van China\",\"isPartOf\":{\"@id\":\"https:\\\/\\\/ag-frisch.com\\\/de\\\/#website\"},\"datePublished\":\"2022-09-25T05:28:00+00:00\",\"dateModified\":\"2023-01-27T04:43:39+00:00\",\"description\":\"Infraroodpanelen uit China \u25bbbetrouwbare fabrikant \u2713 monsters vooraf\u2713 veilige betaling\u2713 EU-conforme producten\u25bb Vraag het nu aan de expert!\",\"breadcrumb\":{\"@id\":\"https:\\\/\\\/ag-frisch.com\\\/nl\\\/infraroodpanelen-uit-china\\\/#breadcrumb\"},\"inLanguage\":\"nl-NL\",\"potentialAction\":[{\"@type\":\"ReadAction\",\"target\":[\"https:\\\/\\\/ag-frisch.com\\\/nl\\\/infraroodpanelen-uit-china\\\/\"]}]},{\"@type\":\"BreadcrumbList\",\"@id\":\"https:\\\/\\\/ag-frisch.com\\\/nl\\\/infraroodpanelen-uit-china\\\/#breadcrumb\",\"itemListElement\":[{\"@type\":\"ListItem\",\"position\":1,\"name\":\"Startseite\",\"item\":\"https:\\\/\\\/ag-frisch.com\\\/de\\\/\"},{\"@type\":\"ListItem\",\"position\":2,\"name\":\"Infraroodpanelen uit China\"}]},{\"@type\":\"WebSite\",\"@id\":\"https:\\\/\\\/ag-frisch.com\\\/de\\\/#website\",\"url\":\"https:\\\/\\\/ag-frisch.com\\\/de\\\/\",\"name\":\"China Import Beratung f\u00fcr den Einkauf aus China\",\"description\":\"China Import &amp; Export Beratung - Der Dienstleister Ihres Vertrauens f\u00fcr Ihren China Import\",\"publisher\":{\"@id\":\"https:\\\/\\\/ag-frisch.com\\\/de\\\/#organization\"},\"potentialAction\":[{\"@type\":\"SearchAction\",\"target\":{\"@type\":\"EntryPoint\",\"urlTemplate\":\"https:\\\/\\\/ag-frisch.com\\\/de\\\/?s={search_term_string}\"},\"query-input\":{\"@type\":\"PropertyValueSpecification\",\"valueRequired\":true,\"valueName\":\"search_term_string\"}}],\"inLanguage\":\"nl-NL\"},{\"@type\":\"Organization\",\"@id\":\"https:\\\/\\\/ag-frisch.com\\\/de\\\/#organization\",\"name\":\"Agentur Frisch International Consulting GmbH & Co. KG\",\"url\":\"https:\\\/\\\/ag-frisch.com\\\/de\\\/\",\"logo\":{\"@type\":\"ImageObject\",\"inLanguage\":\"nl-NL\",\"@id\":\"https:\\\/\\\/ag-frisch.com\\\/de\\\/#\\\/schema\\\/logo\\\/image\\\/\",\"url\":\"https:\\\/\\\/ag-frisch.com\\\/wp-content\\\/uploads\\\/2021\\\/08\\\/ag_logo_rgb_300_small.png\",\"contentUrl\":\"https:\\\/\\\/ag-frisch.com\\\/wp-content\\\/uploads\\\/2021\\\/08\\\/ag_logo_rgb_300_small.png\",\"width\":153,\"height\":102,\"caption\":\"Agentur Frisch International Consulting GmbH & Co. KG\"},\"image\":{\"@id\":\"https:\\\/\\\/ag-frisch.com\\\/de\\\/#\\\/schema\\\/logo\\\/image\\\/\"},\"sameAs\":[\"https:\\\/\\\/www.facebook.com\\\/China.Import\",\"https:\\\/\\\/x.com\\\/agenturfrisch\"]}]}<\/script>\n<!-- \/ Yoast SEO plugin. -->","yoast_head_json":{"title":"De invoer Infrarode Comit\u00e9s van China - Infrarode Kachels van China","description":"Infraroodpanelen uit China \u25bbbetrouwbare fabrikant \u2713 monsters vooraf\u2713 veilige betaling\u2713 EU-conforme producten\u25bb Vraag het nu aan de expert!","robots":{"index":"index","follow":"follow","max-snippet":"max-snippet:-1","max-image-preview":"max-image-preview:large","max-video-preview":"max-video-preview:-1"},"canonical":"https:\/\/ag-frisch.com\/nl\/infraroodpanelen-uit-china\/","og_locale":"nl_NL","og_type":"article","og_title":"De invoer Infrarode Comit\u00e9s van China - Infrarode Kachels van China","og_description":"Infraroodpanelen uit China \u25bbbetrouwbare fabrikant \u2713 monsters vooraf\u2713 veilige betaling\u2713 EU-conforme producten\u25bb Vraag het nu aan de expert!","og_url":"https:\/\/ag-frisch.com\/nl\/infraroodpanelen-uit-china\/","og_site_name":"China Import Beratung f\u00fcr den Einkauf aus China","article_publisher":"https:\/\/www.facebook.com\/China.Import","article_modified_time":"2023-01-27T04:43:39+00:00","twitter_card":"summary_large_image","twitter_site":"@agenturfrisch","twitter_misc":{"Geschatte leestijd":"6 minuten"},"schema":{"@context":"https:\/\/schema.org","@graph":[{"@type":"WebPage","@id":"https:\/\/ag-frisch.com\/nl\/infraroodpanelen-uit-china\/","url":"https:\/\/ag-frisch.com\/nl\/infraroodpanelen-uit-china\/","name":"De invoer Infrarode Comit\u00e9s van China - Infrarode Kachels van China","isPartOf":{"@id":"https:\/\/ag-frisch.com\/de\/#website"},"datePublished":"2022-09-25T05:28:00+00:00","dateModified":"2023-01-27T04:43:39+00:00","description":"Infraroodpanelen uit China \u25bbbetrouwbare fabrikant \u2713 monsters vooraf\u2713 veilige betaling\u2713 EU-conforme producten\u25bb Vraag het nu aan de expert!","breadcrumb":{"@id":"https:\/\/ag-frisch.com\/nl\/infraroodpanelen-uit-china\/#breadcrumb"},"inLanguage":"nl-NL","potentialAction":[{"@type":"ReadAction","target":["https:\/\/ag-frisch.com\/nl\/infraroodpanelen-uit-china\/"]}]},{"@type":"BreadcrumbList","@id":"https:\/\/ag-frisch.com\/nl\/infraroodpanelen-uit-china\/#breadcrumb","itemListElement":[{"@type":"ListItem","position":1,"name":"Startseite","item":"https:\/\/ag-frisch.com\/de\/"},{"@type":"ListItem","position":2,"name":"Infraroodpanelen uit China"}]},{"@type":"WebSite","@id":"https:\/\/ag-frisch.com\/de\/#website","url":"https:\/\/ag-frisch.com\/de\/","name":"China Import Beratung f\u00fcr den Einkauf aus China","description":"China Import &amp; Export Beratung - Der Dienstleister Ihres Vertrauens f\u00fcr Ihren China Import","publisher":{"@id":"https:\/\/ag-frisch.com\/de\/#organization"},"potentialAction":[{"@type":"SearchAction","target":{"@type":"EntryPoint","urlTemplate":"https:\/\/ag-frisch.com\/de\/?s={search_term_string}"},"query-input":{"@type":"PropertyValueSpecification","valueRequired":true,"valueName":"search_term_string"}}],"inLanguage":"nl-NL"},{"@type":"Organization","@id":"https:\/\/ag-frisch.com\/de\/#organization","name":"Agentur Frisch International Consulting GmbH & Co. KG","url":"https:\/\/ag-frisch.com\/de\/","logo":{"@type":"ImageObject","inLanguage":"nl-NL","@id":"https:\/\/ag-frisch.com\/de\/#\/schema\/logo\/image\/","url":"https:\/\/ag-frisch.com\/wp-content\/uploads\/2021\/08\/ag_logo_rgb_300_small.png","contentUrl":"https:\/\/ag-frisch.com\/wp-content\/uploads\/2021\/08\/ag_logo_rgb_300_small.png","width":153,"height":102,"caption":"Agentur Frisch International Consulting GmbH & Co. KG"},"image":{"@id":"https:\/\/ag-frisch.com\/de\/#\/schema\/logo\/image\/"},"sameAs":["https:\/\/www.facebook.com\/China.Import","https:\/\/x.com\/agenturfrisch"]}]}},"_links":{"self":[{"href":"https:\/\/ag-frisch.com\/nl\/wp-json\/wp\/v2\/pages\/12364","targetHints":{"allow":["GET"]}}],"collection":[{"href":"https:\/\/ag-frisch.com\/nl\/wp-json\/wp\/v2\/pages"}],"about":[{"href":"https:\/\/ag-frisch.com\/nl\/wp-json\/wp\/v2\/types\/page"}],"author":[{"embeddable":true,"href":"https:\/\/ag-frisch.com\/nl\/wp-json\/wp\/v2\/users\/2"}],"replies":[{"embeddable":true,"href":"https:\/\/ag-frisch.com\/nl\/wp-json\/wp\/v2\/comments?post=12364"}],"version-history":[{"count":0,"href":"https:\/\/ag-frisch.com\/nl\/wp-json\/wp\/v2\/pages\/12364\/revisions"}],"wp:attachment":[{"href":"https:\/\/ag-frisch.com\/nl\/wp-json\/wp\/v2\/media?parent=12364"}],"curies":[{"name":"wp","href":"https:\/\/api.w.org\/{rel}","templated":true}]}}