{"id":10052,"date":"2021-10-25T07:11:20","date_gmt":"2021-10-25T05:11:20","guid":{"rendered":"https:\/\/ag-frisch.com\/kontrola-zaladunku\/"},"modified":"2023-01-27T05:19:16","modified_gmt":"2023-01-27T04:19:16","slug":"kontrola-zaladunku","status":"publish","type":"page","link":"https:\/\/ag-frisch.com\/pl\/kontrola-zaladunku\/","title":{"rendered":"Kontrola za\u0142adunku"},"content":{"rendered":"<p>[et_pb_section fb_built=&#8221;1&#8243; _builder_version=&#8221;4.16&#8243; global_colors_info=&#8221;{}&#8221;][et_pb_row _builder_version=&#8221;4.16&#8243; background_size=&#8221;initial&#8221; background_position=&#8221;top_left&#8221; background_repeat=&#8221;repeat&#8221; global_colors_info=&#8221;{}&#8221;][et_pb_column type=&#8221;4_4&#8243; _builder_version=&#8221;4.16&#8243; custom_padding=&#8221;|||&#8221; global_colors_info=&#8221;{}&#8221; custom_padding__hover=&#8221;|||&#8221;][et_pb_cta title=&#8221;Zle\u0107 kontrol\u0119 swoich towar\u00f3w w Chinach&#8221; button_url=&#8221;https:\/\/ag-frisch.com\/pl\/kontakt\/&#8221; button_text=&#8221;Zarezerwuj teraz kontrol\u0119 za\u0142adunku w Chinach&#8221; _builder_version=&#8221;4.18.1&#8243; _module_preset=&#8221;default&#8221; hover_enabled=&#8221;0&#8243; global_colors_info=&#8221;{}&#8221; theme_builder_area=&#8221;post_content&#8221; sticky_enabled=&#8221;0&#8243;]<\/p>\n<p>Monitoruj\u0105c za\u0142adunek w Chinach, unikasz nieprawid\u0142owych \u0142adunk\u00f3w lub nieprzyjemnych niespodzianek, je\u015bli za\u0142adowano niew\u0142a\u015bciwy towar.  <\/p>\n<p>[\/et_pb_cta][et_pb_text _builder_version=&#8221;4.16&#8243; background_size=&#8221;initial&#8221; background_position=&#8221;top_left&#8221; background_repeat=&#8221;repeat&#8221; global_colors_info=&#8221;{}&#8221;]<\/p>\n<h1>Kontrola za\u0142adunku w Chinach<\/h1>\n<p>kontrola za\u0142adunku jest zazwyczaj przeprowadzana w dniu za\u0142adunku. Sprawdzany jest za\u0142adunek towaru, w szczeg\u00f3lno\u015bci czy za\u0142adowano w\u0142a\u015bciwy towar w okre\u015blonej formie (mo\u017cesz mie\u0107 w\u0142asne specyfikacje co do sposobu pakowania towaru np. na paletach), a przede wszystkim czy \u0142adunek jest zabezpieczony (je\u015bli np. maszyna musi by\u0107 zamocowana w kontenerze w taki spos\u00f3b, aby zapobiec uszkodzeniu w transporcie). Podczas kontroli za\u0142adunku sprawdzana jest r\u00f3wnie\u017c ilo\u015b\u0107 za\u0142adowanych produkt\u00f3w og\u00f3\u0142em. Dzi\u0119ki temu unika si\u0119 spornych niedobor\u00f3w. Je\u017celi nie mo\u017cna by\u0142o tego sprawdzi\u0107 ju\u017c podczas kontroli towar\u00f3w, to przy za\u0142adunku sprawdza si\u0119 r\u00f3wnie\u017c wizualnie jako\u015b\u0107 opakowa\u0144 (np. skrzy\u0144, skrzynek, pojemnik\u00f3w, palet).<\/p>\n<p>Import z Chin jest niezwykle lukratywny i oferuje znaczne mar\u017ce zysku. Ale s\u0105 te\u017c pu\u0142apki, kt\u00f3re trzeba zna\u0107 i by\u0107 \u015bwiadomym, aby uzyska\u0107 jak najwi\u0119cej z transakcji i unikn\u0105\u0107 k\u0142opot\u00f3w w pierwszej kolejno\u015bci. Nieod\u0142\u0105cznym elementem jest kontrola za\u0142adunku na miejscu w Chinach. Tutaj mo\u017cna unikn\u0105\u0107 niepotrzebnych b\u0142\u0119d\u00f3w ju\u017c od momentu za\u0142adunku towaru w Chinach. Nasze us\u0142ugi w ramach inspekcji Twojej przesy\u0142ki kontenerowej w Chinach obejmuj\u0105:<\/p>\n<ul>\n<li>uzgodniona forma za\u0142adunku<\/li>\n<li>Zgodno\u015b\u0107 z wymaganiami specjalnymi<\/li>\n<li>Kontrola bezpiecze\u0144stwa \u0142adunku<\/li>\n<li>Kontrola ilo\u015bci towar\u00f3w<\/li>\n<li>Kontrola jako\u015bci opakowa\u0144<\/li>\n<li>Inspekcja morskiego kontenera towarowego<\/li>\n<\/ul>\n<p>&nbsp;<\/p>\n<p><strong>Za\u0142adunek towar\u00f3w w Chinach w odpowiedniej formie<\/strong><\/p>\n<p>W zale\u017cno\u015bci od rodzaju produktu masz okre\u015blone wymagania dotycz\u0105ce za\u0142adunku towaru. By\u0107 mo\u017ce niekt\u00f3re formy opakowa\u0144 maj\u0105 r\u00f3wnie\u017c szczeg\u00f3lny sens dla Twojej dalszej logistyki, dlatego nale\u017cy zwr\u00f3ci\u0107 na to uwag\u0119 z wyprzedzeniem. Niekt\u00f3rzy przedsi\u0119biorcy wymagaj\u0105 specjalnego rozmieszczenia towar\u00f3w lub maj\u0105 specyfikacje, jak towary musz\u0105 by\u0107 pakowane na palety podczas za\u0142adunku w Chinach. Jako Tw\u00f3j partner importowy, Agentur Frisch dba o sprawny i uzgodniony za\u0142adunek Twoich towar\u00f3w w Chinach z personelem na miejscu. Wykorzystujemy do tego tylko sprawdzonych i do\u015bwiadczonych pracownik\u00f3w.<\/p>\n<p>Je\u015bli maj\u0105 Pa\u0144stwo indywidualne \u017cyczenia dotycz\u0105ce za\u0142adunku towar\u00f3w w Chinach, prosimy o jak najwcze\u015bniejsze om\u00f3wienie ich z nami. Prawie wszystkie cechy szczeg\u00f3lne mog\u0105 by\u0107 uwzgl\u0119dnione i zabezpieczone w ramach kontroli za\u0142adunku w Chinach.<\/p>\n<p>&nbsp;<\/p>\n<p><strong>Kontrola bezpiecze\u0144stwa \u0142adunku &#8211; Kontrola za\u0142adunku kontenera w Chinach<\/strong><\/p>\n<p>Nieostro\u017cno\u015b\u0107 w zabezpieczeniu \u0142adunku mo\u017ce doprowadzi\u0107 do sporych problem\u00f3w. Nie mo\u017cna ich ca\u0142kowicie wykluczy\u0107 nawet w przypadku do\u015bwiadczonych i godnych zaufania firm pakuj\u0105cych. Z tego powodu przeprowadzamy dodatkow\u0105 kontrol\u0119 za\u0142adunku kontener\u00f3w w Chinach z udzia\u0142em wyszkolonego personelu specjalistycznego. Dzi\u0119ki temu mo\u017cemy unikn\u0105\u0107 uszkodzenia towaru i dalszego ryzyka. Dotyczy to nie tylko, ale przede wszystkim wi\u0119kszych i podatnych na uszkodzenia \u0142adunk\u00f3w, takich jak:<\/p>\n<ul>\n<li>Du\u017ce maszyny<\/li>\n<li>Towary kruche<\/li>\n<li>Towary niebezpieczne<\/li>\n<\/ul>\n<p>Zasadniczo jednak ka\u017cda dostawa jest przez nas dok\u0142adnie i sumiennie sprawdzana podczas za\u0142adunku kontenera w Chinach.<\/p>\n<p>&nbsp;<\/p>\n<p><strong>Kontrola ilo\u015bci towar\u00f3w<\/strong><\/p>\n<p>Podczas kontroli za\u0142adunku w Chinach sprawdzamy r\u00f3wnie\u017c ilo\u015b\u0107 produkt\u00f3w, kt\u00f3re s\u0105 za\u0142adowane w sumie. Sporne niedobory mog\u0105 by\u0107 w ten spos\u00f3b wy\u0142\u0105czone &#8211; w\u015br\u00f3d punkt\u00f3w spornych jest to sk\u0105din\u0105d cz\u0119sty punkt. Z agencj\u0105 Frisch mo\u017cesz unikn\u0105\u0107 tego niepotrzebnego i czasoch\u0142onnego k\u0142opotu.<\/p>\n<p>&nbsp;<\/p>\n<p><strong>Sprawdzanie jako\u015bci opakowa\u0144 podczas kontroli za\u0142adunku w Chinach<\/strong><\/p>\n<p>W ramach za\u0142adunku Pa\u0144stwa towar\u00f3w w Chinach mo\u017cemy r\u00f3wnie\u017c sprawdzi\u0107 jako\u015b\u0107 opakowania, je\u015bli nie zosta\u0142o to jeszcze zrobione. Kartony, skrzynie, pojemniki lub palety s\u0105 sprawdzane pod k\u0105tem braku uszkodze\u0144 i przydatno\u015bci. Jest to dok\u0142adna kontrola wizualna.<\/p>\n<p>&nbsp;<\/p>\n<p><strong>Kontrola kontenera do przewozu towar\u00f3w drog\u0105 morsk\u0105<\/strong><\/p>\n<p>Je\u015bli Twoje towary s\u0105 wysy\u0142ane w kontenerze morskim, sprawdzamy go pod k\u0105tem czysto\u015bci i braku uszkodze\u0144 lub innych wad przed za\u0142adowaniem towar\u00f3w w Chinach. Jest to wa\u017cne, aby warto\u015b\u0107 Twojego towaru nie zosta\u0142a obni\u017cona przez uszkodzony, brudny lub zanieczyszczony kontener. Po za\u0142adowaniu Twojego towaru w Chinach sprawdzamy, czy kontener jest odpowiednio zaplombowany. Tylko dzi\u0119ki niez\u0142amanej plombie mo\u017cesz mie\u0107 pewno\u015b\u0107, \u017ce Tw\u00f3j towar jest nieuszkodzony. Aby mie\u0107 pewno\u015b\u0107, \u017ce nikt nie manipulowa\u0142 przy Twoim pojemniku lub nie naruszy\u0142 plomby, prze\u015blemy Ci zdj\u0119cia oryginalnej plomby. W ten spos\u00f3b mo\u017cna sprawdzi\u0107, czy jest to ta sama piecz\u0119\u0107, gdy przesy\u0142ka dotrze z Chin.[\/et_pb_text][\/et_pb_column][\/et_pb_row][\/et_pb_section][et_pb_section fb_built=&#8221;1&#8243; admin_label=&#8221;Testimonials&#8221; _builder_version=&#8221;4.16&#8243; use_background_color_gradient=&#8221;on&#8221; background_color_gradient_stops=&#8221;rgba(0,106,156,0.85) 0%|rgba(0,106,156,0.85) 100%&#8221; background_color_gradient_start=&#8221;rgba(0,106,156,0.85)&#8221; background_color_gradient_end=&#8221;rgba(0,106,156,0.85)&#8221; custom_padding=&#8221;90px||60px|&#8221; animation_style=&#8221;fold&#8221; animation_direction=&#8221;bottom&#8221; animation_intensity_fold=&#8221;4%&#8221; global_colors_info=&#8221;{}&#8221; theme_builder_area=&#8221;post_content&#8221;][et_pb_row _builder_version=&#8221;4.16&#8243; background_size=&#8221;initial&#8221; background_position=&#8221;top_left&#8221; background_repeat=&#8221;repeat&#8221; custom_width_px=&#8221;710px&#8221; locked=&#8221;off&#8221; global_colors_info=&#8221;{}&#8221; theme_builder_area=&#8221;post_content&#8221;][et_pb_column type=&#8221;4_4&#8243; _builder_version=&#8221;4.16&#8243; background_position=&#8221;top_left&#8221; custom_padding=&#8221;|||&#8221; global_colors_info=&#8221;{}&#8221; custom_padding__hover=&#8221;|||&#8221; theme_builder_area=&#8221;post_content&#8221;][et_pb_text admin_label=&#8221;Testimonials Section Title&#8221; _builder_version=&#8221;4.16&#8243; header_font=&#8221;Montserrat||||&#8221; header_font_size=&#8221;36px&#8221; background_size=&#8221;initial&#8221; background_position=&#8221;top_left&#8221; background_repeat=&#8221;repeat&#8221; text_orientation=&#8221;center&#8221; background_layout=&#8221;dark&#8221; max_width=&#8221;710px&#8221; module_alignment=&#8221;center&#8221; animation_style=&#8221;fold&#8221; animation_direction=&#8221;bottom&#8221; animation_intensity_fold=&#8221;20%&#8221; global_colors_info=&#8221;{}&#8221; theme_builder_area=&#8221;post_content&#8221;]<\/p>\n<h1>Ponad 5000 zadowolonych klient\u00f3w.<\/h1>\n<p>&nbsp;<\/p>\n<p>[\/et_pb_text][et_pb_divider color=&#8221;#ffffff&#8221; divider_weight=&#8221;3px&#8221; disabled_on=&#8221;off|off|off&#8221; _builder_version=&#8221;4.16&#8243; background_color_gradient_direction=&#8221;90deg&#8221; max_width=&#8221;100px&#8221; module_alignment=&#8221;center&#8221; height=&#8221;5px&#8221; custom_margin=&#8221;||20px|&#8221; custom_padding=&#8221;||20px|&#8221; animation_style=&#8221;slide&#8221; animation_direction=&#8221;bottom&#8221; saved_tabs=&#8221;all&#8221; locked=&#8221;off&#8221; global_colors_info=&#8221;{}&#8221; theme_builder_area=&#8221;post_content&#8221;][\/et_pb_divider][\/et_pb_column][\/et_pb_row][et_pb_row column_structure=&#8221;1_2,1_2&#8243; _builder_version=&#8221;4.18.1&#8243; _module_preset=&#8221;default&#8221; global_colors_info=&#8221;{}&#8221; theme_builder_area=&#8221;post_content&#8221;][et_pb_column type=&#8221;1_2&#8243; _builder_version=&#8221;4.18.1&#8243; _module_preset=&#8221;default&#8221; global_colors_info=&#8221;{}&#8221; theme_builder_area=&#8221;post_content&#8221;][et_pb_testimonial author=&#8221;Marco&#8221; portrait_url=&#8221;https:\/\/ag-frisch.com\/wp-content\/uploads\/2021\/08\/Harald.png&#8221; quote_icon=&#8221;off&#8221; _builder_version=&#8221;4.18.1&#8243; _module_preset=&#8221;default&#8221; body_font_size=&#8221;16px&#8221; use_background_color=&#8221;off&#8221; background_layout=&#8221;dark&#8221; global_colors_info=&#8221;{}&#8221; theme_builder_area=&#8221;post_content&#8221;]Zleci\u0142em agencji Frisch wyprodukowanie du\u017cego mebla w Chinach, a nast\u0119pnie sprowadzenie go do Niemiec. Przez ca\u0142y czas by\u0142a sprawna komunikacja mailowa! Bardzo szybkie i rzetelne odpowiedzi stale dodawa\u0142y mi otuchy, kt\u00f3ra jest niezb\u0119dna w takim przedsi\u0119wzi\u0119ciu. Przez ca\u0142y czas pomagano mi przebrn\u0105\u0107 przez biurokratyczny g\u0105szcz, nie zapomniano o \u017cadnym formularzu ani nie wype\u0142niono go b\u0142\u0119dnie. Bardzo godne pochwa\u0142y!<a href=\"&lt;div%20class=%22pe-richsnippets%22&gt;&nbsp;&lt;\/div&gt;%20&lt;script%20type=%22text\/javascript%22%20src=%22https:\/\/www.provenexpert.com\/widget\/richsnippet.js?u=1NUA0VwZ4RUZ5tmAi5zA4RaplNKAlWwZ&amp;v=2%22%20async&gt;&lt;\/script&gt;%20&lt;div%20style=%22text-align:%20justify;%22&gt;&lt;br%20\/&gt;\"><\/a><\/p>\n<div class=\"brow ratingBarMargin\">\n<div class=\"ratingBar\">\n<div class=\"brow\">\n<div class=\"pe-richsnippets\">&nbsp;<\/div>\n<p><script type=\"text\/javascript\" src=\"https:\/\/www.provenexpert.com\/widget\/richsnippet.js?u=1NUA0VwZ4RUZ5tmAi5zA4RaplNKAlWwZ&amp;v=2\" async=\"\"><\/script><\/p>\n<div style=\"text-align: justify;\"><\/p>\n<div class=\"col-lg-9 col-md-8 col-xs-10 mt20 mb20\">\n<div class=\"col-xs-12 surveyNameForRating\"><\/div>\n<\/div>\n<\/div>\n<\/div>\n<\/div>\n<\/div>\n<p>[\/et_pb_testimonial][\/et_pb_column][et_pb_column type=&#8221;1_2&#8243; _builder_version=&#8221;4.18.1&#8243; _module_preset=&#8221;default&#8221; global_colors_info=&#8221;{}&#8221; theme_builder_area=&#8221;post_content&#8221;][et_pb_testimonial author=&#8221;Simone L.&#8221; portrait_url=&#8221;https:\/\/ag-frisch.com\/wp-content\/uploads\/2021\/08\/Harald.png&#8221; quote_icon=&#8221;off&#8221; _builder_version=&#8221;4.18.1&#8243; _module_preset=&#8221;default&#8221; body_font_size=&#8221;16px&#8221; use_background_color=&#8221;off&#8221; background_layout=&#8221;dark&#8221; global_colors_info=&#8221;{}&#8221; theme_builder_area=&#8221;post_content&#8221;]<\/p>\n<p>Ca\u0142a g\u00f3ra. Nie ma nic lepszego ni\u017c to. Doradzanie i wdra\u017canie nie mo\u017ce by\u0107 zrobione lepiej. Jeste\u015bmy bardziej ni\u017c zadowoleni po kilku zam\u00f3wieniach z t\u0105 firm\u0105 i kontynuowa\u0107 nasz\u0105 wsp\u00f3\u0142prac\u0119.<\/p>\n<div class=\"brow ratingBarMargin\">\n<div class=\"ratingBar\">\n<div class=\"brow\">\n<div class=\"pe-richsnippets\"> <\/div>\n<p>\n<script type=\"text\/javascript\" src=\"https:\/\/www.provenexpert.com\/widget\/richsnippet.js?u=1NUA0VwZ4RUZ5tmAi5zA4RaplNKAlWwZ&amp;v=2\" async=\"\"><\/script>\n<\/p>\n<div style=\"text-align: justify;\">\n<p>&nbsp;<\/p>\n<div class=\"col-lg-9 col-md-8 col-xs-10 mt20 mb20\">\n<div class=\"col-xs-12 surveyNameForRating\"><\/div>\n<\/div>\n<\/div>\n<\/div>\n<\/div>\n<\/div>\n<p>[\/et_pb_testimonial][\/et_pb_column][\/et_pb_row][et_pb_row _builder_version=&#8221;4.16&#8243; background_size=&#8221;initial&#8221; background_position=&#8221;top_left&#8221; background_repeat=&#8221;repeat&#8221; custom_padding=&#8221;50px|0px|30px|0px&#8221; custom_css_main_element=&#8221;text-align: center;&#8221; global_colors_info=&#8221;{}&#8221; theme_builder_area=&#8221;post_content&#8221;][et_pb_column type=&#8221;4_4&#8243; _builder_version=&#8221;4.16&#8243; custom_padding=&#8221;|||&#8221; global_colors_info=&#8221;{}&#8221; custom_padding__hover=&#8221;|||&#8221; theme_builder_area=&#8221;post_content&#8221;][et_pb_button button_url=&#8221;https:\/\/www.provenexpert.com\/de-de\/agentur-frisch-international-consulting-gmbh-und-co-kg\/&#8221; button_text=&#8221;WI\u0118CEJ OCEN&#8221; button_alignment=&#8221;left&#8221; admin_label=&#8221;Testimonial Button&#8221; _builder_version=&#8221;4.16&#8243; custom_button=&#8221;on&#8221; button_text_size=&#8221;18px&#8221; button_text_color=&#8221;#ffffff&#8221; button_bg_color=&#8221;#6eba01&#8243; button_border_width=&#8221;2px&#8221; button_border_color=&#8221;#6eba01&#8243; button_border_radius=&#8221;0px&#8221; button_letter_spacing=&#8221;2px&#8221; button_font=&#8221;Montserrat|||on|&#8221; button_use_icon=&#8221;off&#8221; animation_style=&#8221;fold&#8221; animation_direction=&#8221;bottom&#8221; button_text_color_hover=&#8221;#ffffff&#8221; button_border_color_hover=&#8221;#ffffff&#8221; button_border_radius_hover=&#8221;0px&#8221; button_letter_spacing_hover=&#8221;2px&#8221; button_bg_color_hover=&#8221;rgba(255,255,255,0)&#8221; locked=&#8221;off&#8221; global_colors_info=&#8221;{}&#8221; button_text_size__hover_enabled=&#8221;off&#8221; button_one_text_size__hover_enabled=&#8221;off&#8221; button_two_text_size__hover_enabled=&#8221;off&#8221; button_text_color__hover_enabled=&#8221;on&#8221; button_text_color__hover=&#8221;#ffffff&#8221; button_one_text_color__hover_enabled=&#8221;off&#8221; button_two_text_color__hover_enabled=&#8221;off&#8221; button_border_width__hover_enabled=&#8221;off&#8221; button_one_border_width__hover_enabled=&#8221;off&#8221; button_two_border_width__hover_enabled=&#8221;off&#8221; button_border_color__hover_enabled=&#8221;on&#8221; button_border_color__hover=&#8221;#ffffff&#8221; button_one_border_color__hover_enabled=&#8221;off&#8221; button_two_border_color__hover_enabled=&#8221;off&#8221; button_border_radius__hover_enabled=&#8221;on&#8221; button_border_radius__hover=&#8221;0px&#8221; button_one_border_radius__hover_enabled=&#8221;off&#8221; button_two_border_radius__hover_enabled=&#8221;off&#8221; button_letter_spacing__hover_enabled=&#8221;on&#8221; button_letter_spacing__hover=&#8221;2px&#8221; button_one_letter_spacing__hover_enabled=&#8221;off&#8221; button_two_letter_spacing__hover_enabled=&#8221;off&#8221; button_bg_color__hover_enabled=&#8221;on&#8221; button_bg_color__hover=&#8221;rgba(255,255,255,0)&#8221; button_one_bg_color__hover_enabled=&#8221;off&#8221; button_two_bg_color__hover_enabled=&#8221;off&#8221; theme_builder_area=&#8221;post_content&#8221;][\/et_pb_button][\/et_pb_column][\/et_pb_row][\/et_pb_section]<\/p>\n","protected":false},"excerpt":{"rendered":"<p>Monitoruj\u0105c za\u0142adunek w Chinach, unikasz nieprawid\u0142owych \u0142adunk\u00f3w lub nieprzyjemnych niespodzianek, je\u015bli za\u0142adowano niew\u0142a\u015bciwy towar. Kontrola za\u0142adunku w Chinach kontrola za\u0142adunku jest zazwyczaj przeprowadzana w dniu za\u0142adunku. Sprawdzany jest za\u0142adunek towaru, w szczeg\u00f3lno\u015bci czy za\u0142adowano w\u0142a\u015bciwy towar w okre\u015blonej formie (mo\u017cesz mie\u0107 w\u0142asne specyfikacje co do sposobu pakowania towaru np. na paletach), a przede wszystkim czy [&hellip;]<\/p>\n","protected":false},"author":2,"featured_media":0,"parent":0,"menu_order":0,"comment_status":"closed","ping_status":"closed","template":"","meta":{"_et_pb_use_builder":"on","_et_pb_old_content":"","_et_gb_content_width":"","footnotes":""},"class_list":["post-10052","page","type-page","status-publish","hentry"],"yoast_head":"<!-- This site is optimized with the Yoast SEO plugin v27.4 - https:\/\/yoast.com\/product\/yoast-seo-wordpress\/ -->\n<title>Kontrola za\u0142adunku w Chinach | Dok\u0142adna kontrola przed za\u0142adunkiem<\/title>\n<meta name=\"description\" content=\"Inspekcja za\u0142adunku w Chinach \u25ba Przeprowadzana w dniu za\u0142adunku \u25ba Zle\u0107 za\u0142adunek w\u0142a\u015bciwego towaru w okre\u015blonej formie \u25ba Skorzystaj z porady eksperta ju\u017c teraz!\" \/>\n<meta name=\"robots\" content=\"index, follow, max-snippet:-1, max-image-preview:large, max-video-preview:-1\" \/>\n<link rel=\"canonical\" href=\"https:\/\/ag-frisch.com\/pl\/kontrola-zaladunku\/\" \/>\n<meta property=\"og:locale\" content=\"pl_PL\" \/>\n<meta property=\"og:type\" content=\"article\" \/>\n<meta property=\"og:title\" content=\"Kontrola za\u0142adunku w Chinach | Dok\u0142adna kontrola przed za\u0142adunkiem\" \/>\n<meta property=\"og:description\" content=\"Inspekcja za\u0142adunku w Chinach \u25ba Przeprowadzana w dniu za\u0142adunku \u25ba Zle\u0107 za\u0142adunek w\u0142a\u015bciwego towaru w okre\u015blonej formie \u25ba Skorzystaj z porady eksperta ju\u017c teraz!\" \/>\n<meta property=\"og:url\" content=\"https:\/\/ag-frisch.com\/pl\/kontrola-zaladunku\/\" \/>\n<meta property=\"og:site_name\" content=\"China Import Beratung f\u00fcr den Einkauf aus China\" \/>\n<meta property=\"article:publisher\" content=\"https:\/\/www.facebook.com\/China.Import\" \/>\n<meta property=\"article:modified_time\" content=\"2023-01-27T04:19:16+00:00\" \/>\n<meta name=\"twitter:card\" content=\"summary_large_image\" \/>\n<meta name=\"twitter:site\" content=\"@agenturfrisch\" \/>\n<meta name=\"twitter:label1\" content=\"Szacowany czas czytania\" \/>\n\t<meta name=\"twitter:data1\" content=\"9 minut\" \/>\n<script type=\"application\/ld+json\" class=\"yoast-schema-graph\">{\"@context\":\"https:\\\/\\\/schema.org\",\"@graph\":[{\"@type\":\"WebPage\",\"@id\":\"https:\\\/\\\/ag-frisch.com\\\/pl\\\/kontrola-zaladunku\\\/\",\"url\":\"https:\\\/\\\/ag-frisch.com\\\/pl\\\/kontrola-zaladunku\\\/\",\"name\":\"Kontrola za\u0142adunku w Chinach | Dok\u0142adna kontrola przed za\u0142adunkiem\",\"isPartOf\":{\"@id\":\"https:\\\/\\\/ag-frisch.com\\\/de\\\/#website\"},\"datePublished\":\"2021-10-25T05:11:20+00:00\",\"dateModified\":\"2023-01-27T04:19:16+00:00\",\"description\":\"Inspekcja za\u0142adunku w Chinach \u25ba Przeprowadzana w dniu za\u0142adunku \u25ba Zle\u0107 za\u0142adunek w\u0142a\u015bciwego towaru w okre\u015blonej formie \u25ba Skorzystaj z porady eksperta ju\u017c teraz!\",\"breadcrumb\":{\"@id\":\"https:\\\/\\\/ag-frisch.com\\\/pl\\\/kontrola-zaladunku\\\/#breadcrumb\"},\"inLanguage\":\"pl-PL\",\"potentialAction\":[{\"@type\":\"ReadAction\",\"target\":[\"https:\\\/\\\/ag-frisch.com\\\/pl\\\/kontrola-zaladunku\\\/\"]}]},{\"@type\":\"BreadcrumbList\",\"@id\":\"https:\\\/\\\/ag-frisch.com\\\/pl\\\/kontrola-zaladunku\\\/#breadcrumb\",\"itemListElement\":[{\"@type\":\"ListItem\",\"position\":1,\"name\":\"Startseite\",\"item\":\"https:\\\/\\\/ag-frisch.com\\\/de\\\/\"},{\"@type\":\"ListItem\",\"position\":2,\"name\":\"Kontrola za\u0142adunku\"}]},{\"@type\":\"WebSite\",\"@id\":\"https:\\\/\\\/ag-frisch.com\\\/de\\\/#website\",\"url\":\"https:\\\/\\\/ag-frisch.com\\\/de\\\/\",\"name\":\"China Import Beratung f\u00fcr den Einkauf aus China\",\"description\":\"China Import &amp; Export Beratung - Der Dienstleister Ihres Vertrauens f\u00fcr Ihren China Import\",\"publisher\":{\"@id\":\"https:\\\/\\\/ag-frisch.com\\\/de\\\/#organization\"},\"potentialAction\":[{\"@type\":\"SearchAction\",\"target\":{\"@type\":\"EntryPoint\",\"urlTemplate\":\"https:\\\/\\\/ag-frisch.com\\\/de\\\/?s={search_term_string}\"},\"query-input\":{\"@type\":\"PropertyValueSpecification\",\"valueRequired\":true,\"valueName\":\"search_term_string\"}}],\"inLanguage\":\"pl-PL\"},{\"@type\":\"Organization\",\"@id\":\"https:\\\/\\\/ag-frisch.com\\\/de\\\/#organization\",\"name\":\"Agentur Frisch International Consulting GmbH & Co. KG\",\"url\":\"https:\\\/\\\/ag-frisch.com\\\/de\\\/\",\"logo\":{\"@type\":\"ImageObject\",\"inLanguage\":\"pl-PL\",\"@id\":\"https:\\\/\\\/ag-frisch.com\\\/de\\\/#\\\/schema\\\/logo\\\/image\\\/\",\"url\":\"https:\\\/\\\/ag-frisch.com\\\/wp-content\\\/uploads\\\/2021\\\/08\\\/ag_logo_rgb_300_small.png\",\"contentUrl\":\"https:\\\/\\\/ag-frisch.com\\\/wp-content\\\/uploads\\\/2021\\\/08\\\/ag_logo_rgb_300_small.png\",\"width\":153,\"height\":102,\"caption\":\"Agentur Frisch International Consulting GmbH & Co. KG\"},\"image\":{\"@id\":\"https:\\\/\\\/ag-frisch.com\\\/de\\\/#\\\/schema\\\/logo\\\/image\\\/\"},\"sameAs\":[\"https:\\\/\\\/www.facebook.com\\\/China.Import\",\"https:\\\/\\\/x.com\\\/agenturfrisch\"]}]}<\/script>\n<!-- \/ Yoast SEO plugin. -->","yoast_head_json":{"title":"Kontrola za\u0142adunku w Chinach | Dok\u0142adna kontrola przed za\u0142adunkiem","description":"Inspekcja za\u0142adunku w Chinach \u25ba Przeprowadzana w dniu za\u0142adunku \u25ba Zle\u0107 za\u0142adunek w\u0142a\u015bciwego towaru w okre\u015blonej formie \u25ba Skorzystaj z porady eksperta ju\u017c teraz!","robots":{"index":"index","follow":"follow","max-snippet":"max-snippet:-1","max-image-preview":"max-image-preview:large","max-video-preview":"max-video-preview:-1"},"canonical":"https:\/\/ag-frisch.com\/pl\/kontrola-zaladunku\/","og_locale":"pl_PL","og_type":"article","og_title":"Kontrola za\u0142adunku w Chinach | Dok\u0142adna kontrola przed za\u0142adunkiem","og_description":"Inspekcja za\u0142adunku w Chinach \u25ba Przeprowadzana w dniu za\u0142adunku \u25ba Zle\u0107 za\u0142adunek w\u0142a\u015bciwego towaru w okre\u015blonej formie \u25ba Skorzystaj z porady eksperta ju\u017c teraz!","og_url":"https:\/\/ag-frisch.com\/pl\/kontrola-zaladunku\/","og_site_name":"China Import Beratung f\u00fcr den Einkauf aus China","article_publisher":"https:\/\/www.facebook.com\/China.Import","article_modified_time":"2023-01-27T04:19:16+00:00","twitter_card":"summary_large_image","twitter_site":"@agenturfrisch","twitter_misc":{"Szacowany czas czytania":"9 minut"},"schema":{"@context":"https:\/\/schema.org","@graph":[{"@type":"WebPage","@id":"https:\/\/ag-frisch.com\/pl\/kontrola-zaladunku\/","url":"https:\/\/ag-frisch.com\/pl\/kontrola-zaladunku\/","name":"Kontrola za\u0142adunku w Chinach | Dok\u0142adna kontrola przed za\u0142adunkiem","isPartOf":{"@id":"https:\/\/ag-frisch.com\/de\/#website"},"datePublished":"2021-10-25T05:11:20+00:00","dateModified":"2023-01-27T04:19:16+00:00","description":"Inspekcja za\u0142adunku w Chinach \u25ba Przeprowadzana w dniu za\u0142adunku \u25ba Zle\u0107 za\u0142adunek w\u0142a\u015bciwego towaru w okre\u015blonej formie \u25ba Skorzystaj z porady eksperta ju\u017c teraz!","breadcrumb":{"@id":"https:\/\/ag-frisch.com\/pl\/kontrola-zaladunku\/#breadcrumb"},"inLanguage":"pl-PL","potentialAction":[{"@type":"ReadAction","target":["https:\/\/ag-frisch.com\/pl\/kontrola-zaladunku\/"]}]},{"@type":"BreadcrumbList","@id":"https:\/\/ag-frisch.com\/pl\/kontrola-zaladunku\/#breadcrumb","itemListElement":[{"@type":"ListItem","position":1,"name":"Startseite","item":"https:\/\/ag-frisch.com\/de\/"},{"@type":"ListItem","position":2,"name":"Kontrola za\u0142adunku"}]},{"@type":"WebSite","@id":"https:\/\/ag-frisch.com\/de\/#website","url":"https:\/\/ag-frisch.com\/de\/","name":"China Import Beratung f\u00fcr den Einkauf aus China","description":"China Import &amp; Export Beratung - Der Dienstleister Ihres Vertrauens f\u00fcr Ihren China Import","publisher":{"@id":"https:\/\/ag-frisch.com\/de\/#organization"},"potentialAction":[{"@type":"SearchAction","target":{"@type":"EntryPoint","urlTemplate":"https:\/\/ag-frisch.com\/de\/?s={search_term_string}"},"query-input":{"@type":"PropertyValueSpecification","valueRequired":true,"valueName":"search_term_string"}}],"inLanguage":"pl-PL"},{"@type":"Organization","@id":"https:\/\/ag-frisch.com\/de\/#organization","name":"Agentur Frisch International Consulting GmbH & Co. KG","url":"https:\/\/ag-frisch.com\/de\/","logo":{"@type":"ImageObject","inLanguage":"pl-PL","@id":"https:\/\/ag-frisch.com\/de\/#\/schema\/logo\/image\/","url":"https:\/\/ag-frisch.com\/wp-content\/uploads\/2021\/08\/ag_logo_rgb_300_small.png","contentUrl":"https:\/\/ag-frisch.com\/wp-content\/uploads\/2021\/08\/ag_logo_rgb_300_small.png","width":153,"height":102,"caption":"Agentur Frisch International Consulting GmbH & Co. KG"},"image":{"@id":"https:\/\/ag-frisch.com\/de\/#\/schema\/logo\/image\/"},"sameAs":["https:\/\/www.facebook.com\/China.Import","https:\/\/x.com\/agenturfrisch"]}]}},"_links":{"self":[{"href":"https:\/\/ag-frisch.com\/pl\/wp-json\/wp\/v2\/pages\/10052","targetHints":{"allow":["GET"]}}],"collection":[{"href":"https:\/\/ag-frisch.com\/pl\/wp-json\/wp\/v2\/pages"}],"about":[{"href":"https:\/\/ag-frisch.com\/pl\/wp-json\/wp\/v2\/types\/page"}],"author":[{"embeddable":true,"href":"https:\/\/ag-frisch.com\/pl\/wp-json\/wp\/v2\/users\/2"}],"replies":[{"embeddable":true,"href":"https:\/\/ag-frisch.com\/pl\/wp-json\/wp\/v2\/comments?post=10052"}],"version-history":[{"count":0,"href":"https:\/\/ag-frisch.com\/pl\/wp-json\/wp\/v2\/pages\/10052\/revisions"}],"wp:attachment":[{"href":"https:\/\/ag-frisch.com\/pl\/wp-json\/wp\/v2\/media?parent=10052"}],"curies":[{"name":"wp","href":"https:\/\/api.w.org\/{rel}","templated":true}]}}