{"id":10075,"date":"2021-10-16T20:10:48","date_gmt":"2021-10-16T18:10:48","guid":{"rendered":"https:\/\/ag-frisch.com\/uprzedzenia-wobec-chinczykow\/"},"modified":"2023-01-27T05:19:10","modified_gmt":"2023-01-27T04:19:10","slug":"uprzedzenia-wobec-chinczykow","status":"publish","type":"page","link":"https:\/\/ag-frisch.com\/pl\/strony-informacyjne\/uprzedzenia-wobec-chinczykow\/","title":{"rendered":"Uprzedzenia wobec Chi\u0144czyk\u00f3w"},"content":{"rendered":"<p>[et_pb_section fb_built=&#8221;1&#8243; _builder_version=&#8221;4.16&#8243; _module_preset=&#8221;default&#8221; global_colors_info=&#8221;{}&#8221;][et_pb_row _builder_version=&#8221;4.16&#8243; _module_preset=&#8221;default&#8221; global_colors_info=&#8221;{}&#8221;][et_pb_column type=&#8221;4_4&#8243; _builder_version=&#8221;4.16&#8243; _module_preset=&#8221;default&#8221; global_colors_info=&#8221;{}&#8221;][et_pb_text _builder_version=&#8221;4.18.1&#8243; _module_preset=&#8221;default&#8221; global_colors_info=&#8221;{}&#8221;]<\/p>\n<h1 class=\"content_pageheader_v2\">Uprzedzenia wobec Chi\u0144czyk\u00f3w<\/h1>\n<p>&nbsp;<\/p>\n<div class=\"content_floattext\">\n<p><strong>Istnieje wiele uprzedze\u0144 wobec Chi\u0144czyk\u00f3w<\/strong><\/p>\n<div>\n<p>Wie o tym r\u00f3wnie\u017c Agencja Frisch. Agencja Frisch International Consulting zajmuje si\u0119 importem i organizuje dla swoich klient\u00f3w ca\u0142e projekty importowe z Chin. Na tej stronie chcieliby\u015bmy zaj\u0105\u0107 si\u0119 istniej\u0105cymi uprzedzeniami wobec Chin i Chi\u0144czyk\u00f3w:<\/p>\n<p>&nbsp;<\/p>\n<p> <strong style=\"font-size: 14px;\">W Chinach jedz\u0105 psy i koty<\/strong><\/p>\n<\/div>\n<div>To jest tylko p\u00f3\u0142prawda. Chiny s\u0105 niesamowicie du\u017ce, du\u017co wi\u0119ksze ni\u017c Europa. Nawet w Europie mamy nietypowe zwyczaje \u017cywieniowe. Wystarczy, \u017ce spojrzymy na Hiszpani\u0119, Grecj\u0119 czy W\u0142ochy. Oczywi\u015bcie zwyczaje \u017cywieniowe w Chinach r\u00f3wnie\u017c bardzo si\u0119 r\u00f3\u017cni\u0105 w zale\u017cno\u015bci od prowincji. W prowincji Guangdong ludzie znani s\u0105 z nawyk\u00f3w \u017cywieniowych, do kt\u00f3rych wi\u0119kszo\u015b\u0107 mieszka\u0144c\u00f3w innych prowincji w Chinach nie mo\u017ce si\u0119 odnie\u015b\u0107. Dla ludzi z innych wojew\u00f3dztw jedzenie ps\u00f3w czy kot\u00f3w jest r\u00f3wnie\u017c r\u00f3wnie niezrozumia\u0142e jak dla nas. W Guangdongu rzeczywi\u015bcie istniej\u0105 obszary, gdzie mi\u0119so ps\u00f3w lub kot\u00f3w jest bardzo popularne i stanowi cz\u0119\u015b\u0107 normalnego zwyczaju \u017cywieniowego.<\/div>\n<div><\/div>\n<div><\/div>\n<div><\/div>\n<div><\/div>\n<div>\n<p><strong><\/strong><\/p>\n<p><strong><\/strong><\/p>\n<p><strong>Wszyscy Chi\u0144czycy s\u0105 mali<\/strong><br \/>To r\u00f3wnie\u017c nie jest poprawne. Wystarczy przeczyta\u0107 Ksi\u0119g\u0119 Rekord\u00f3w \u015awiata Guinnessa, kt\u00f3ra wymienia Chi\u0144czyka jako najwy\u017cszego naturalnie wyro\u015bni\u0119tego m\u0119\u017cczyzn\u0119. Najwy\u017csza kobieta na \u015bwiecie r\u00f3wnie\u017c pochodzi z Chin. W Chinach wielko\u015b\u0107 cia\u0142a r\u00f3\u017cni si\u0119 w zale\u017cno\u015bci od regionu. Tak jak tutaj Norweg jest zwykle wy\u017cszy od W\u0142ocha, tak i w Chinach Chi\u0144czycy z p\u00f3\u0142nocy, jak Pekin czy Tianjin, s\u0105 zwykle znacznie wy\u017csi od Chi\u0144czyk\u00f3w z po\u0142udnia, jak Hunan czy Guangdong.<br \/><strong><br \/>Wszyscy Chi\u0144czycy mog\u0105 mie\u0107 tylko jedno dziecko<br \/><\/strong>Istnieje polityka jednego dziecka, ale nie ingeruje ona w decyzj\u0119 jednostki tak bardzo, jak zak\u0142ada si\u0119 na Zachodzie. Istniej\u0105 liczne wyj\u0105tki. W zasadzie polityka jednego dziecka nie dotyczy 56 narod\u00f3w Chin, kt\u00f3re nie s\u0105 Chi\u0144czykami Han. Ponadto polityka jednego dziecka dotyczy r\u00f3wnie\u017c Chi\u0144czyk\u00f3w Han tylko wtedy, gdy jeste\u015b zarejestrowany jako zg\u0142oszone gospodarstwo domowe w niekt\u00f3rych miastach. W ma\u0142ych miastach i na terenach wiejskich, a tak\u017ce w wielu powiatach wsp\u00f3\u0142rz\u0105dzonych przez wi\u0119ksze miasta, nie ma to zastosowania. Inaczej ni\u017c u nas, nie jest si\u0119 od razu zaliczanym do mieszka\u0144c\u00f3w miasta, je\u015bli ma si\u0119 tam miejsce zamieszkania, ale ca\u0142e gospodarstwo domowe musi by\u0107 zameldowane w danym mie\u015bcie. Aby uzyska\u0107 tak\u0105 zgod\u0119 na uznanie gospodarstwa domowego za wi\u0119ksze miasto, zn\u00f3w trzeba spe\u0142ni\u0107 wiele wymaga\u0144 (np. wykszta\u0142cenie, kariera zawodowa, okre\u015blone dochody itp.) Je\u015bli mieszkasz w mie\u015bcie, w kt\u00f3rym obowi\u0105zuje polityka jednego dziecka, ale twoje gospodarstwo domowe nadal oficjalnie znajduje si\u0119 na wsi, przepis o jednym dziecku nie ma do ciebie zastosowania. Jednak przy pewnych wnioskach i karach zakaz posiadania drugiego dziecka mo\u017ce by\u0107 zniesiony tak\u017ce dla w\u0142a\u015bcicieli dom\u00f3w w wi\u0119kszych miastach &#8211; a ci, kt\u00f3rzy prowadz\u0105 swoje gospodarstwo domowe w du\u017cym mie\u015bcie, mog\u0105 sobie na to zwykle pozwoli\u0107.<\/p>\n<p><strong>Partia Komunistyczna decyduje o wszystkim w Chinach<\/strong><br \/>Jest to r\u00f3wnie\u017c b\u0142\u0119dnie przedstawiane przez zachodnie media. Partia komunistyczna nie istnieje jako taka, ale wszystkie partie w Chinach s\u0105 komunistyczne, bo Chiny to kraj komunistyczny. Istnieje wi\u0119c du\u017ca liczba partii i polityk\u00f3w, kt\u00f3rzy s\u0105 zjednoczeni jako partie komunistyczne. Sojusz ten sk\u0142ada si\u0119 z wielu r\u00f3\u017cnych partii o najr\u00f3\u017cniejszych interesach, kt\u00f3re zawsze walcz\u0105 o swoje interesy w federacji. W tej federacji s\u0105 wi\u0119c wp\u0142ywy najr\u00f3\u017cniejszych grup interes\u00f3w z poszczeg\u00f3lnych prowincji.<\/p>\n<\/div>\n<\/div>\n<p>[\/et_pb_text][\/et_pb_column][\/et_pb_row][et_pb_row _builder_version=&#8221;4.18.1&#8243; _module_preset=&#8221;default&#8221; global_colors_info=&#8221;{}&#8221;][et_pb_column type=&#8221;4_4&#8243; _builder_version=&#8221;4.18.1&#8243; _module_preset=&#8221;default&#8221; global_colors_info=&#8221;{}&#8221;][\/et_pb_column][\/et_pb_row][\/et_pb_section]<\/p>\n","protected":false},"excerpt":{"rendered":"<p>Uprzedzenia wobec Chi\u0144czyk\u00f3w &nbsp; Istnieje wiele uprzedze\u0144 wobec Chi\u0144czyk\u00f3w Wie o tym r\u00f3wnie\u017c Agencja Frisch. Agencja Frisch International Consulting zajmuje si\u0119 importem i organizuje dla swoich klient\u00f3w ca\u0142e projekty importowe z Chin. Na tej stronie chcieliby\u015bmy zaj\u0105\u0107 si\u0119 istniej\u0105cymi uprzedzeniami wobec Chin i Chi\u0144czyk\u00f3w: &nbsp; W Chinach jedz\u0105 psy i koty To jest tylko p\u00f3\u0142prawda. [&hellip;]<\/p>\n","protected":false},"author":2,"featured_media":0,"parent":8505,"menu_order":0,"comment_status":"open","ping_status":"closed","template":"","meta":{"_et_pb_use_builder":"on","_et_pb_old_content":"","_et_gb_content_width":"","footnotes":""},"class_list":["post-10075","page","type-page","status-publish","hentry"],"yoast_head":"<!-- This site is optimized with the Yoast SEO plugin v27.4 - https:\/\/yoast.com\/product\/yoast-seo-wordpress\/ -->\n<title>Rozumienie i ocena uprzedze\u0144 wobec Chi\u0144czyk\u00f3w<\/title>\n<meta name=\"description\" content=\"Sprawd\u017a uprzedzenia wobec Chi\u0144czyk\u00f3w \u2713 Oce\u0144 partner\u00f3w biznesowych w Chinach \u2713 \u25bb Skorzystaj z porad ekspert\u00f3w ju\u017c teraz!\" \/>\n<meta name=\"robots\" content=\"noindex, nofollow\" \/>\n<meta property=\"og:locale\" content=\"pl_PL\" \/>\n<meta property=\"og:type\" content=\"article\" \/>\n<meta property=\"og:title\" content=\"Rozumienie i ocena uprzedze\u0144 wobec Chi\u0144czyk\u00f3w\" \/>\n<meta property=\"og:description\" content=\"Sprawd\u017a uprzedzenia wobec Chi\u0144czyk\u00f3w \u2713 Oce\u0144 partner\u00f3w biznesowych w Chinach \u2713 \u25bb Skorzystaj z porad ekspert\u00f3w ju\u017c teraz!\" \/>\n<meta property=\"og:url\" content=\"https:\/\/ag-frisch.com\/de\/?page_id=865\" \/>\n<meta property=\"og:site_name\" content=\"China Import Beratung f\u00fcr den Einkauf aus China\" \/>\n<meta property=\"article:publisher\" content=\"https:\/\/www.facebook.com\/China.Import\" \/>\n<meta property=\"article:modified_time\" content=\"2023-01-27T04:19:10+00:00\" \/>\n<meta name=\"twitter:card\" content=\"summary_large_image\" \/>\n<meta name=\"twitter:site\" content=\"@agenturfrisch\" \/>\n<meta name=\"twitter:label1\" content=\"Szacowany czas czytania\" \/>\n\t<meta name=\"twitter:data1\" content=\"3 minuty\" \/>\n<script type=\"application\/ld+json\" class=\"yoast-schema-graph\">{\"@context\":\"https:\\\/\\\/schema.org\",\"@graph\":[{\"@type\":\"WebPage\",\"@id\":\"https:\\\/\\\/ag-frisch.com\\\/de\\\/?page_id=865\",\"url\":\"https:\\\/\\\/ag-frisch.com\\\/de\\\/?page_id=865\",\"name\":\"Rozumienie i ocena uprzedze\u0144 wobec Chi\u0144czyk\u00f3w\",\"isPartOf\":{\"@id\":\"https:\\\/\\\/ag-frisch.com\\\/de\\\/#website\"},\"datePublished\":\"2021-10-16T18:10:48+00:00\",\"dateModified\":\"2023-01-27T04:19:10+00:00\",\"description\":\"Sprawd\u017a uprzedzenia wobec Chi\u0144czyk\u00f3w \u2713 Oce\u0144 partner\u00f3w biznesowych w Chinach \u2713 \u25bb Skorzystaj z porad ekspert\u00f3w ju\u017c teraz!\",\"breadcrumb\":{\"@id\":\"https:\\\/\\\/ag-frisch.com\\\/de\\\/?page_id=865#breadcrumb\"},\"inLanguage\":\"pl-PL\",\"potentialAction\":[{\"@type\":\"ReadAction\",\"target\":[\"https:\\\/\\\/ag-frisch.com\\\/de\\\/?page_id=865\"]}]},{\"@type\":\"BreadcrumbList\",\"@id\":\"https:\\\/\\\/ag-frisch.com\\\/de\\\/?page_id=865#breadcrumb\",\"itemListElement\":[{\"@type\":\"ListItem\",\"position\":1,\"name\":\"Startseite\",\"item\":\"https:\\\/\\\/ag-frisch.com\\\/de\\\/\"},{\"@type\":\"ListItem\",\"position\":2,\"name\":\"Uprzedzenia wobec Chi\u0144czyk\u00f3w\"}]},{\"@type\":\"WebSite\",\"@id\":\"https:\\\/\\\/ag-frisch.com\\\/de\\\/#website\",\"url\":\"https:\\\/\\\/ag-frisch.com\\\/de\\\/\",\"name\":\"China Import Beratung f\u00fcr den Einkauf aus China\",\"description\":\"China Import &amp; Export Beratung - Der Dienstleister Ihres Vertrauens f\u00fcr Ihren China Import\",\"publisher\":{\"@id\":\"https:\\\/\\\/ag-frisch.com\\\/de\\\/#organization\"},\"potentialAction\":[{\"@type\":\"SearchAction\",\"target\":{\"@type\":\"EntryPoint\",\"urlTemplate\":\"https:\\\/\\\/ag-frisch.com\\\/de\\\/?s={search_term_string}\"},\"query-input\":{\"@type\":\"PropertyValueSpecification\",\"valueRequired\":true,\"valueName\":\"search_term_string\"}}],\"inLanguage\":\"pl-PL\"},{\"@type\":\"Organization\",\"@id\":\"https:\\\/\\\/ag-frisch.com\\\/de\\\/#organization\",\"name\":\"Agentur Frisch International Consulting GmbH & Co. KG\",\"url\":\"https:\\\/\\\/ag-frisch.com\\\/de\\\/\",\"logo\":{\"@type\":\"ImageObject\",\"inLanguage\":\"pl-PL\",\"@id\":\"https:\\\/\\\/ag-frisch.com\\\/de\\\/#\\\/schema\\\/logo\\\/image\\\/\",\"url\":\"https:\\\/\\\/ag-frisch.com\\\/wp-content\\\/uploads\\\/2021\\\/08\\\/ag_logo_rgb_300_small.png\",\"contentUrl\":\"https:\\\/\\\/ag-frisch.com\\\/wp-content\\\/uploads\\\/2021\\\/08\\\/ag_logo_rgb_300_small.png\",\"width\":153,\"height\":102,\"caption\":\"Agentur Frisch International Consulting GmbH & Co. KG\"},\"image\":{\"@id\":\"https:\\\/\\\/ag-frisch.com\\\/de\\\/#\\\/schema\\\/logo\\\/image\\\/\"},\"sameAs\":[\"https:\\\/\\\/www.facebook.com\\\/China.Import\",\"https:\\\/\\\/x.com\\\/agenturfrisch\"]}]}<\/script>\n<!-- \/ Yoast SEO plugin. -->","yoast_head_json":{"title":"Rozumienie i ocena uprzedze\u0144 wobec Chi\u0144czyk\u00f3w","description":"Sprawd\u017a uprzedzenia wobec Chi\u0144czyk\u00f3w \u2713 Oce\u0144 partner\u00f3w biznesowych w Chinach \u2713 \u25bb Skorzystaj z porad ekspert\u00f3w ju\u017c teraz!","robots":{"index":"noindex","follow":"nofollow"},"og_locale":"pl_PL","og_type":"article","og_title":"Rozumienie i ocena uprzedze\u0144 wobec Chi\u0144czyk\u00f3w","og_description":"Sprawd\u017a uprzedzenia wobec Chi\u0144czyk\u00f3w \u2713 Oce\u0144 partner\u00f3w biznesowych w Chinach \u2713 \u25bb Skorzystaj z porad ekspert\u00f3w ju\u017c teraz!","og_url":"https:\/\/ag-frisch.com\/de\/?page_id=865","og_site_name":"China Import Beratung f\u00fcr den Einkauf aus China","article_publisher":"https:\/\/www.facebook.com\/China.Import","article_modified_time":"2023-01-27T04:19:10+00:00","twitter_card":"summary_large_image","twitter_site":"@agenturfrisch","twitter_misc":{"Szacowany czas czytania":"3 minuty"},"schema":{"@context":"https:\/\/schema.org","@graph":[{"@type":"WebPage","@id":"https:\/\/ag-frisch.com\/de\/?page_id=865","url":"https:\/\/ag-frisch.com\/de\/?page_id=865","name":"Rozumienie i ocena uprzedze\u0144 wobec Chi\u0144czyk\u00f3w","isPartOf":{"@id":"https:\/\/ag-frisch.com\/de\/#website"},"datePublished":"2021-10-16T18:10:48+00:00","dateModified":"2023-01-27T04:19:10+00:00","description":"Sprawd\u017a uprzedzenia wobec Chi\u0144czyk\u00f3w \u2713 Oce\u0144 partner\u00f3w biznesowych w Chinach \u2713 \u25bb Skorzystaj z porad ekspert\u00f3w ju\u017c teraz!","breadcrumb":{"@id":"https:\/\/ag-frisch.com\/de\/?page_id=865#breadcrumb"},"inLanguage":"pl-PL","potentialAction":[{"@type":"ReadAction","target":["https:\/\/ag-frisch.com\/de\/?page_id=865"]}]},{"@type":"BreadcrumbList","@id":"https:\/\/ag-frisch.com\/de\/?page_id=865#breadcrumb","itemListElement":[{"@type":"ListItem","position":1,"name":"Startseite","item":"https:\/\/ag-frisch.com\/de\/"},{"@type":"ListItem","position":2,"name":"Uprzedzenia wobec Chi\u0144czyk\u00f3w"}]},{"@type":"WebSite","@id":"https:\/\/ag-frisch.com\/de\/#website","url":"https:\/\/ag-frisch.com\/de\/","name":"China Import Beratung f\u00fcr den Einkauf aus China","description":"China Import &amp; Export Beratung - Der Dienstleister Ihres Vertrauens f\u00fcr Ihren China Import","publisher":{"@id":"https:\/\/ag-frisch.com\/de\/#organization"},"potentialAction":[{"@type":"SearchAction","target":{"@type":"EntryPoint","urlTemplate":"https:\/\/ag-frisch.com\/de\/?s={search_term_string}"},"query-input":{"@type":"PropertyValueSpecification","valueRequired":true,"valueName":"search_term_string"}}],"inLanguage":"pl-PL"},{"@type":"Organization","@id":"https:\/\/ag-frisch.com\/de\/#organization","name":"Agentur Frisch International Consulting GmbH & Co. KG","url":"https:\/\/ag-frisch.com\/de\/","logo":{"@type":"ImageObject","inLanguage":"pl-PL","@id":"https:\/\/ag-frisch.com\/de\/#\/schema\/logo\/image\/","url":"https:\/\/ag-frisch.com\/wp-content\/uploads\/2021\/08\/ag_logo_rgb_300_small.png","contentUrl":"https:\/\/ag-frisch.com\/wp-content\/uploads\/2021\/08\/ag_logo_rgb_300_small.png","width":153,"height":102,"caption":"Agentur Frisch International Consulting GmbH & Co. KG"},"image":{"@id":"https:\/\/ag-frisch.com\/de\/#\/schema\/logo\/image\/"},"sameAs":["https:\/\/www.facebook.com\/China.Import","https:\/\/x.com\/agenturfrisch"]}]}},"_links":{"self":[{"href":"https:\/\/ag-frisch.com\/pl\/wp-json\/wp\/v2\/pages\/10075","targetHints":{"allow":["GET"]}}],"collection":[{"href":"https:\/\/ag-frisch.com\/pl\/wp-json\/wp\/v2\/pages"}],"about":[{"href":"https:\/\/ag-frisch.com\/pl\/wp-json\/wp\/v2\/types\/page"}],"author":[{"embeddable":true,"href":"https:\/\/ag-frisch.com\/pl\/wp-json\/wp\/v2\/users\/2"}],"replies":[{"embeddable":true,"href":"https:\/\/ag-frisch.com\/pl\/wp-json\/wp\/v2\/comments?post=10075"}],"version-history":[{"count":0,"href":"https:\/\/ag-frisch.com\/pl\/wp-json\/wp\/v2\/pages\/10075\/revisions"}],"up":[{"embeddable":true,"href":"https:\/\/ag-frisch.com\/pl\/wp-json\/wp\/v2\/pages\/8505"}],"wp:attachment":[{"href":"https:\/\/ag-frisch.com\/pl\/wp-json\/wp\/v2\/media?parent=10075"}],"curies":[{"name":"wp","href":"https:\/\/api.w.org\/{rel}","templated":true}]}}