{"id":10138,"date":"2021-10-24T22:44:21","date_gmt":"2021-10-24T20:44:21","guid":{"rendered":"https:\/\/ag-frisch.com\/kolejowe-przewozy-towarowe\/"},"modified":"2023-01-27T05:19:24","modified_gmt":"2023-01-27T04:19:24","slug":"kolejowe-przewozy-towarowe","status":"publish","type":"page","link":"https:\/\/ag-frisch.com\/pl\/kolejowe-przewozy-towarowe\/","title":{"rendered":"Kolejowe przewozy towarowe"},"content":{"rendered":"<p>[et_pb_section fb_built=&#8221;1&#8243; _builder_version=&#8221;4.16&#8243; _module_preset=&#8221;default&#8221; global_colors_info=&#8221;{}&#8221;][et_pb_row _builder_version=&#8221;4.18.1&#8243; _module_preset=&#8221;default&#8221;][et_pb_column _builder_version=&#8221;4.18.1&#8243; _module_preset=&#8221;default&#8221; type=&#8221;4_4&#8243;][et_pb_cta title=&#8221;Kolejowe przewozy towarowe z Chin&#8221; button_url=&#8221;https:\/\/ag-frisch.com\/pl\/kontakt\/&#8221; button_text=&#8221;Zam\u00f3wienie na transport kolejowy z Chin ju\u017c teraz&#8221; _builder_version=&#8221;4.18.1&#8243; _module_preset=&#8221;default&#8221; hover_enabled=&#8221;0&#8243; global_colors_info=&#8221;{}&#8221; theme_builder_area=&#8221;post_content&#8221; sticky_enabled=&#8221;0&#8243;]<\/p>\n<p>Je\u017celi potrzebuj\u0105 Pa\u0144stwo szybszego czasu przewozu ni\u017c fracht morski i znacznie ta\u0144szego ni\u017c lotniczy, to zapraszamy do z\u0142o\u017cenia u nas zapytania o fracht kolejowy.  <\/p>\n<p>[\/et_pb_cta][\/et_pb_column][\/et_pb_row][et_pb_row _builder_version=&#8221;4.16&#8243; _module_preset=&#8221;default&#8221; global_colors_info=&#8221;{}&#8221;][et_pb_column type=&#8221;4_4&#8243; _builder_version=&#8221;4.16&#8243; _module_preset=&#8221;default&#8221; global_colors_info=&#8221;{}&#8221;][et_pb_image src=&#8221;https:\/\/ag-frisch.com\/wp-content\/uploads\/2021\/10\/Bahnfracht-aus-china-scaled.jpeg&#8221; _builder_version=&#8221;4.16&#8243; _module_preset=&#8221;default&#8221; global_colors_info=&#8221;{}&#8221;][\/et_pb_image][et_pb_text _builder_version=&#8221;4.16&#8243; _module_preset=&#8221;default&#8221; custom_padding=&#8221;3px|||||&#8221; global_colors_info=&#8221;{}&#8221;]<\/p>\n<h1>Kolejowe przewozy towarowe z Chin<\/h1>\n<p><strong>Alternatywa dla transportu morskiego i lotniczego: transport kolejowy<\/strong><\/p>\n<p>Ci, kt\u00f3rzy uwa\u017caj\u0105, \u017ce droga morska jest zbyt wolna, a fracht lotniczy zbyt drogi, powinni przyjrze\u0107 si\u0119 bli\u017cej opcji frachtu kolejowego z Chin. Stanowi on \u015brodek opcji transportowych, kt\u00f3ry mo\u017ce mie\u0107 wiele sensu w przypadku niekt\u00f3rych produkt\u00f3w. Zalety wysy\u0142ki poci\u0105giem z Chin to np:<\/p>\n<ul>\n<li>Stosunkowo szybka dostawa ok. 14 dni (plus dostawa przed\/po)<\/li>\n<li>kosztuje mniej ni\u017c po\u0142ow\u0119 frachtu lotniczego<\/li>\n<li>wysoka niezawodno\u015b\u0107<\/li>\n<\/ul>\n<p>&nbsp;<\/p>\n<p><strong>Przewaga transportu kolejowego z Chin nad transportem morskim<\/strong><\/p>\n<p>O ile wysy\u0142ka drog\u0105 morsk\u0105 z Chin trwa cz\u0119sto cztery, a nawet do sze\u015bciu tygodni, o tyle wysy\u0142ka kolej\u0105 z Chin zdecydowanie wygrywa pod wzgl\u0119dem czasu dostawy: z regu\u0142y mo\u017cna tu zaoszcz\u0119dzi\u0107 10-14 dni. Jednak i w tym przypadku koszty s\u0105 nawet trzykrotnie wy\u017csze ni\u017c w przypadku frachtu morskiego. Wskazana jest zatem dok\u0142adna analiza, aby unikn\u0105\u0107 niepotrzebnego wzrostu koszt\u00f3w, a tym samym zmniejszenia zysk\u00f3w. Towar mo\u017cna podzieli\u0107, je\u015bli w po\u015bpiechu potrzebna jest tylko pewna jego cz\u0119\u015b\u0107. Zaoszcz\u0119dzony czas dw\u00f3ch tygodni musi by\u0107 op\u0142acalny w najprawdziwszym tego s\u0142owa znaczeniu.<\/p>\n<p>&nbsp;<\/p>\n<p><strong>Przewaga transportu kolejowego z Chin nad transportem lotniczym<\/strong><\/p>\n<p>Realny czas dostawy frachtu lotniczego z Chin wynosi oko\u0142o dw\u00f3ch tygodni. Tyle czasu trwa dostawa poci\u0105giem z Chin do Niemiec. Zwykle jednak w gr\u0119 wchodzi tu czasoch\u0142onne przetwarzanie wst\u0119pne i ko\u0144cowe, wi\u0119c wniosek jest taki, \u017ce trzy lub cztery tygodnie s\u0105 bardziej prawdopodobne. Oszcz\u0119dno\u015b\u0107 koszt\u00f3w transportu kolejowego z Chin w por\u00f3wnaniu z transportem lotniczym wynosi w tym przypadku oko\u0142o 50 procent. Jest to wa\u017cny argument przemawiaj\u0105cy za wysy\u0142k\u0105 towar\u00f3w kolej\u0105 z Chin.<\/p>\n<p>&nbsp;<\/p>\n<p><strong>Poci\u0105giem z Chin do Niemiec przez Jedwabny Szlak<\/strong><\/p>\n<p>Historyczny Jedwabny Szlak, kt\u00f3ry przez dwa tysi\u0105ce lat \u0142\u0105czy\u0142 Chiny z Europ\u0105, ostatnio odzyska\u0142 znaczenie. Od czasu upadku Zwi\u0105zku Radzieckiego mo\u017cna ponownie korzysta\u0107 z tej trasy w spos\u00f3b stosunkowo niezak\u0142\u00f3cony, a linie kolejowe by\u0142y i s\u0105 nadal rozbudowywane. Istnieje tu obecnie po\u0142\u0105czenie, na kt\u00f3rym mo\u017cna przywozi\u0107 towary z Chin do Niemiec poci\u0105giem. Nie wiadomo jednak, w jakim stopniu rozw\u00f3j &#8220;nowej epoki politycznej&#8221; og\u0142oszonej przez Rosj\u0119 b\u0119dzie mia\u0142 konkretny wp\u0142yw na ten szlak handlowy.<\/p>\n<p>&nbsp;<\/p>\n<p><strong>Punkty odlotu i stacje przylotu<\/strong><\/p>\n<p>Stacje pocz\u0105tkowe dla ruchu poci\u0105g\u00f3w z Chin przez Jedwabny Szlak to Chongqing, Wuhan, Xian i Zhengzhou. Towar mo\u017cna zaprosi\u0107 tutaj. Ch\u0119tnie zajmiemy si\u0119 transportem z terenu fabryki producenta do najbli\u017cszej stacji kolejowej, a tak\u017ce wszelkimi us\u0142ugami logistycznymi w pobli\u017cu tej trasy.<\/p>\n<p>Stacje przyjazdowe dla Twojego \u0142adunku kolejowego z Chin w Niemczech to Duisburg, Hamburg i Monachium. Tutaj ch\u0119tnie przejmiemy dla Pa\u0144stwa sk\u0142adowanie lub bezpo\u015bredni transfer do wybranego przez Pa\u0144stwa magazynu.<\/p>\n<p>&nbsp;<\/p>\n<p><strong>Fachowe doradztwo w zakresie transportu kolejowego z Chin<\/strong><\/p>\n<p>Jak wida\u0107 na przyk\u0142adzie transportu kolejowego z Chin, istnieje wiele indywidualnych czynnik\u00f3w, kt\u00f3re nale\u017cy wzi\u0105\u0107 pod uwag\u0119 przy wyborze optymalnej trasy transportu. My w Agentur Frisch znamy wszystkie zalety, wady i cechy szczeg\u00f3lne r\u00f3\u017cnych opcji transportowych. Nie ka\u017cdy z nich nadaje si\u0119 do ka\u017cdego produktu. W niekt\u00f3rych przypadkach dost\u0119pne s\u0105 r\u00f3wnie\u017c rozwi\u0105zania \u0142\u0105czone, gdzie np. cz\u0119\u015b\u0107 towar\u00f3w jest ju\u017c wysy\u0142ana z Chin drog\u0105 lotnicz\u0105 lub kolejow\u0105, a inna &#8211; zwykle wi\u0119ksza &#8211; cz\u0119\u015b\u0107 pokonuje wolniejsz\u0105, ale ta\u0144sz\u0105 tras\u0119 frachtem morskim. Ch\u0119tnie dowiemy si\u0119 podczas konsultacji, jak wygl\u0105da Twoje idealne rozwi\u0105zanie.<\/p>\n<p>&nbsp;<\/p>\n<p>[\/et_pb_text][\/et_pb_column][\/et_pb_row][et_pb_row _builder_version=&#8221;4.16&#8243; _module_preset=&#8221;default&#8221; global_colors_info=&#8221;{}&#8221;][et_pb_column type=&#8221;4_4&#8243; _builder_version=&#8221;4.16&#8243; _module_preset=&#8221;default&#8221; global_colors_info=&#8221;{}&#8221;][et_pb_image src=&#8221;https:\/\/ag-frisch.com\/wp-content\/uploads\/2021\/10\/bahn_seidenstrasse-scaled.jpeg&#8221; _builder_version=&#8221;4.16&#8243; _module_preset=&#8221;default&#8221; global_colors_info=&#8221;{}&#8221;][\/et_pb_image][\/et_pb_column][\/et_pb_row][\/et_pb_section][et_pb_section fb_built=&#8221;1&#8243; admin_label=&#8221;Testimonials&#8221; _builder_version=&#8221;4.16&#8243; use_background_color_gradient=&#8221;on&#8221; background_color_gradient_stops=&#8221;rgba(0,106,156,0.85) 0%|rgba(0,106,156,0.85) 100%&#8221; background_color_gradient_start=&#8221;rgba(0,106,156,0.85)&#8221; background_color_gradient_end=&#8221;rgba(0,106,156,0.85)&#8221; custom_padding=&#8221;90px||60px|&#8221; animation_style=&#8221;fold&#8221; animation_direction=&#8221;bottom&#8221; animation_intensity_fold=&#8221;4%&#8221; global_colors_info=&#8221;{}&#8221; theme_builder_area=&#8221;post_content&#8221;][et_pb_row _builder_version=&#8221;4.16&#8243; background_size=&#8221;initial&#8221; background_position=&#8221;top_left&#8221; background_repeat=&#8221;repeat&#8221; custom_width_px=&#8221;710px&#8221; locked=&#8221;off&#8221; global_colors_info=&#8221;{}&#8221; theme_builder_area=&#8221;post_content&#8221;][et_pb_column type=&#8221;4_4&#8243; _builder_version=&#8221;4.16&#8243; background_position=&#8221;top_left&#8221; custom_padding=&#8221;|||&#8221; global_colors_info=&#8221;{}&#8221; custom_padding__hover=&#8221;|||&#8221; theme_builder_area=&#8221;post_content&#8221;][et_pb_text admin_label=&#8221;Testimonials Section Title&#8221; _builder_version=&#8221;4.16&#8243; header_font=&#8221;Montserrat||||&#8221; header_font_size=&#8221;36px&#8221; background_size=&#8221;initial&#8221; background_position=&#8221;top_left&#8221; background_repeat=&#8221;repeat&#8221; text_orientation=&#8221;center&#8221; background_layout=&#8221;dark&#8221; max_width=&#8221;710px&#8221; module_alignment=&#8221;center&#8221; animation_style=&#8221;fold&#8221; animation_direction=&#8221;bottom&#8221; animation_intensity_fold=&#8221;20%&#8221; global_colors_info=&#8221;{}&#8221; theme_builder_area=&#8221;post_content&#8221;]<\/p>\n<h1>Ponad 5000 zadowolonych klient\u00f3w.<\/h1>\n<p>&nbsp;<\/p>\n<p>[\/et_pb_text][et_pb_divider color=&#8221;#ffffff&#8221; divider_weight=&#8221;3px&#8221; disabled_on=&#8221;off|off|off&#8221; _builder_version=&#8221;4.16&#8243; background_color_gradient_direction=&#8221;90deg&#8221; max_width=&#8221;100px&#8221; module_alignment=&#8221;center&#8221; height=&#8221;5px&#8221; custom_margin=&#8221;||20px|&#8221; custom_padding=&#8221;||20px|&#8221; animation_style=&#8221;slide&#8221; animation_direction=&#8221;bottom&#8221; saved_tabs=&#8221;all&#8221; locked=&#8221;off&#8221; global_colors_info=&#8221;{}&#8221; theme_builder_area=&#8221;post_content&#8221;][\/et_pb_divider][\/et_pb_column][\/et_pb_row][et_pb_row column_structure=&#8221;1_2,1_2&#8243; _builder_version=&#8221;4.18.1&#8243; _module_preset=&#8221;default&#8221; global_colors_info=&#8221;{}&#8221; theme_builder_area=&#8221;post_content&#8221;][et_pb_column type=&#8221;1_2&#8243; _builder_version=&#8221;4.18.1&#8243; _module_preset=&#8221;default&#8221; global_colors_info=&#8221;{}&#8221; theme_builder_area=&#8221;post_content&#8221;][et_pb_testimonial author=&#8221;Marco&#8221; portrait_url=&#8221;https:\/\/ag-frisch.com\/wp-content\/uploads\/2021\/08\/Harald.png&#8221; quote_icon=&#8221;off&#8221; _builder_version=&#8221;4.18.1&#8243; _module_preset=&#8221;default&#8221; body_font_size=&#8221;16px&#8221; use_background_color=&#8221;off&#8221; background_layout=&#8221;dark&#8221; global_colors_info=&#8221;{}&#8221; theme_builder_area=&#8221;post_content&#8221;]Zleci\u0142em agencji Frisch wyprodukowanie du\u017cego mebla w Chinach, a nast\u0119pnie sprowadzenie go do Niemiec. Przez ca\u0142y czas by\u0142a sprawna komunikacja mailowa! Bardzo szybkie i rzetelne odpowiedzi stale dodawa\u0142y mi otuchy, kt\u00f3ra jest niezb\u0119dna w takim przedsi\u0119wzi\u0119ciu. Przez ca\u0142y czas pomagano mi przebrn\u0105\u0107 przez biurokratyczny g\u0105szcz, nie zapomniano o \u017cadnym formularzu ani nie wype\u0142niono go b\u0142\u0119dnie. Bardzo godne pochwa\u0142y!<a href=\"&lt;div%20class=%22pe-richsnippets%22&gt;&nbsp;&lt;\/div&gt;%20&lt;script%20type=%22text\/javascript%22%20src=%22https:\/\/www.provenexpert.com\/widget\/richsnippet.js?u=1NUA0VwZ4RUZ5tmAi5zA4RaplNKAlWwZ&amp;v=2%22%20async&gt;&lt;\/script&gt;%20&lt;div%20style=%22text-align:%20justify;%22&gt;&lt;br%20\/&gt;\"><\/a><\/p>\n<div class=\"brow ratingBarMargin\">\n<div class=\"ratingBar\">\n<div class=\"brow\">\n<div class=\"pe-richsnippets\">&nbsp;<\/div>\n<p><script type=\"text\/javascript\" src=\"https:\/\/www.provenexpert.com\/widget\/richsnippet.js?u=1NUA0VwZ4RUZ5tmAi5zA4RaplNKAlWwZ&amp;v=2\" async=\"\"><\/script><\/p>\n<div style=\"text-align: justify;\"><\/p>\n<div class=\"col-lg-9 col-md-8 col-xs-10 mt20 mb20\">\n<div class=\"col-xs-12 surveyNameForRating\"><\/div>\n<\/div>\n<\/div>\n<\/div>\n<\/div>\n<\/div>\n<p>[\/et_pb_testimonial][\/et_pb_column][et_pb_column type=&#8221;1_2&#8243; _builder_version=&#8221;4.18.1&#8243; _module_preset=&#8221;default&#8221; global_colors_info=&#8221;{}&#8221; theme_builder_area=&#8221;post_content&#8221;][et_pb_testimonial author=&#8221;Simone L.&#8221; portrait_url=&#8221;https:\/\/ag-frisch.com\/wp-content\/uploads\/2021\/08\/Harald.png&#8221; quote_icon=&#8221;off&#8221; _builder_version=&#8221;4.18.1&#8243; _module_preset=&#8221;default&#8221; body_font_size=&#8221;16px&#8221; use_background_color=&#8221;off&#8221; background_layout=&#8221;dark&#8221; global_colors_info=&#8221;{}&#8221; theme_builder_area=&#8221;post_content&#8221;]<\/p>\n<p>Ca\u0142a g\u00f3ra. Nie ma nic lepszego ni\u017c to. Doradzanie i wdra\u017canie nie mo\u017ce by\u0107 zrobione lepiej. Jeste\u015bmy bardziej ni\u017c zadowoleni po kilku zam\u00f3wieniach z t\u0105 firm\u0105 i kontynuowa\u0107 nasz\u0105 wsp\u00f3\u0142prac\u0119.<\/p>\n<div class=\"brow ratingBarMargin\">\n<div class=\"ratingBar\">\n<div class=\"brow\">\n<div class=\"pe-richsnippets\"> <\/div>\n<p>\n<script type=\"text\/javascript\" src=\"https:\/\/www.provenexpert.com\/widget\/richsnippet.js?u=1NUA0VwZ4RUZ5tmAi5zA4RaplNKAlWwZ&amp;v=2\" async=\"\"><\/script>\n<\/p>\n<div style=\"text-align: justify;\">\n<p>&nbsp;<\/p>\n<div class=\"col-lg-9 col-md-8 col-xs-10 mt20 mb20\">\n<div class=\"col-xs-12 surveyNameForRating\"><\/div>\n<\/div>\n<\/div>\n<\/div>\n<\/div>\n<\/div>\n<p>[\/et_pb_testimonial][\/et_pb_column][\/et_pb_row][et_pb_row _builder_version=&#8221;4.16&#8243; background_size=&#8221;initial&#8221; background_position=&#8221;top_left&#8221; background_repeat=&#8221;repeat&#8221; custom_padding=&#8221;50px|0px|30px|0px&#8221; custom_css_main_element=&#8221;text-align: center;&#8221; global_colors_info=&#8221;{}&#8221; theme_builder_area=&#8221;post_content&#8221;][et_pb_column type=&#8221;4_4&#8243; _builder_version=&#8221;4.16&#8243; custom_padding=&#8221;|||&#8221; global_colors_info=&#8221;{}&#8221; custom_padding__hover=&#8221;|||&#8221; theme_builder_area=&#8221;post_content&#8221;][et_pb_button button_url=&#8221;https:\/\/www.provenexpert.com\/de-de\/agentur-frisch-international-consulting-gmbh-und-co-kg\/&#8221; button_text=&#8221;WI\u0118CEJ OCEN&#8221; button_alignment=&#8221;left&#8221; admin_label=&#8221;Testimonial Button&#8221; _builder_version=&#8221;4.16&#8243; custom_button=&#8221;on&#8221; button_text_size=&#8221;18px&#8221; button_text_color=&#8221;#ffffff&#8221; button_bg_color=&#8221;#6eba01&#8243; button_border_width=&#8221;2px&#8221; button_border_color=&#8221;#6eba01&#8243; button_border_radius=&#8221;0px&#8221; button_letter_spacing=&#8221;2px&#8221; button_font=&#8221;Montserrat|||on|&#8221; button_use_icon=&#8221;off&#8221; animation_style=&#8221;fold&#8221; animation_direction=&#8221;bottom&#8221; button_text_color_hover=&#8221;#ffffff&#8221; button_border_color_hover=&#8221;#ffffff&#8221; button_border_radius_hover=&#8221;0px&#8221; button_letter_spacing_hover=&#8221;2px&#8221; button_bg_color_hover=&#8221;rgba(255,255,255,0)&#8221; locked=&#8221;off&#8221; global_colors_info=&#8221;{}&#8221; button_text_size__hover_enabled=&#8221;off&#8221; button_one_text_size__hover_enabled=&#8221;off&#8221; button_two_text_size__hover_enabled=&#8221;off&#8221; button_text_color__hover_enabled=&#8221;on&#8221; button_text_color__hover=&#8221;#ffffff&#8221; button_one_text_color__hover_enabled=&#8221;off&#8221; button_two_text_color__hover_enabled=&#8221;off&#8221; button_border_width__hover_enabled=&#8221;off&#8221; button_one_border_width__hover_enabled=&#8221;off&#8221; button_two_border_width__hover_enabled=&#8221;off&#8221; button_border_color__hover_enabled=&#8221;on&#8221; button_border_color__hover=&#8221;#ffffff&#8221; button_one_border_color__hover_enabled=&#8221;off&#8221; button_two_border_color__hover_enabled=&#8221;off&#8221; button_border_radius__hover_enabled=&#8221;on&#8221; button_border_radius__hover=&#8221;0px&#8221; button_one_border_radius__hover_enabled=&#8221;off&#8221; button_two_border_radius__hover_enabled=&#8221;off&#8221; button_letter_spacing__hover_enabled=&#8221;on&#8221; button_letter_spacing__hover=&#8221;2px&#8221; button_one_letter_spacing__hover_enabled=&#8221;off&#8221; button_two_letter_spacing__hover_enabled=&#8221;off&#8221; button_bg_color__hover_enabled=&#8221;on&#8221; button_bg_color__hover=&#8221;rgba(255,255,255,0)&#8221; button_one_bg_color__hover_enabled=&#8221;off&#8221; button_two_bg_color__hover_enabled=&#8221;off&#8221; theme_builder_area=&#8221;post_content&#8221;][\/et_pb_button][\/et_pb_column][\/et_pb_row][\/et_pb_section][et_pb_section fb_built=&#8221;1&#8243; _builder_version=&#8221;4.16&#8243; _module_preset=&#8221;default&#8221; global_colors_info=&#8221;{}&#8221;][\/et_pb_section]<\/p>\n","protected":false},"excerpt":{"rendered":"<p>Je\u017celi potrzebuj\u0105 Pa\u0144stwo szybszego czasu przewozu ni\u017c fracht morski i znacznie ta\u0144szego ni\u017c lotniczy, to zapraszamy do z\u0142o\u017cenia u nas zapytania o fracht kolejowy. Kolejowe przewozy towarowe z Chin Alternatywa dla transportu morskiego i lotniczego: transport kolejowy Ci, kt\u00f3rzy uwa\u017caj\u0105, \u017ce droga morska jest zbyt wolna, a fracht lotniczy zbyt drogi, powinni przyjrze\u0107 si\u0119 bli\u017cej [&hellip;]<\/p>\n","protected":false},"author":2,"featured_media":0,"parent":0,"menu_order":0,"comment_status":"closed","ping_status":"closed","template":"","meta":{"_et_pb_use_builder":"on","_et_pb_old_content":"","_et_gb_content_width":"","footnotes":""},"class_list":["post-10138","page","type-page","status-publish","hentry"],"yoast_head":"<!-- This site is optimized with the Yoast SEO plugin v27.2 - https:\/\/yoast.com\/product\/yoast-seo-wordpress\/ -->\n<title>Transport kolejowy z Chin | Import towar\u00f3w kolej\u0105 z Chin<\/title>\n<meta name=\"description\" content=\"Fracht kolejowy z Chin \u25ba Importuj sw\u00f3j towar kolej\u0105 z Chin \u25ba Kompleksowa obs\u0142uga transportu kolejowego z Chin \u25ba Uzyskaj porad\u0119 ju\u017c teraz!\" \/>\n<meta name=\"robots\" content=\"index, follow, max-snippet:-1, max-image-preview:large, max-video-preview:-1\" \/>\n<link rel=\"canonical\" href=\"https:\/\/ag-frisch.com\/pl\/kolejowe-przewozy-towarowe\/\" \/>\n<meta property=\"og:locale\" content=\"pl_PL\" \/>\n<meta property=\"og:type\" content=\"article\" \/>\n<meta property=\"og:title\" content=\"Transport kolejowy z Chin | Import towar\u00f3w kolej\u0105 z Chin\" \/>\n<meta property=\"og:description\" content=\"Fracht kolejowy z Chin \u25ba Importuj sw\u00f3j towar kolej\u0105 z Chin \u25ba Kompleksowa obs\u0142uga transportu kolejowego z Chin \u25ba Uzyskaj porad\u0119 ju\u017c teraz!\" \/>\n<meta property=\"og:url\" content=\"https:\/\/ag-frisch.com\/pl\/kolejowe-przewozy-towarowe\/\" \/>\n<meta property=\"og:site_name\" content=\"China Import Beratung f\u00fcr den Einkauf aus China\" \/>\n<meta property=\"article:publisher\" content=\"https:\/\/www.facebook.com\/China.Import\" \/>\n<meta property=\"article:modified_time\" content=\"2023-01-27T04:19:24+00:00\" \/>\n<meta name=\"twitter:card\" content=\"summary_large_image\" \/>\n<meta name=\"twitter:site\" content=\"@agenturfrisch\" \/>\n<meta name=\"twitter:label1\" content=\"Szacowany czas czytania\" \/>\n\t<meta name=\"twitter:data1\" content=\"8 minut\" \/>\n<script type=\"application\/ld+json\" class=\"yoast-schema-graph\">{\"@context\":\"https:\/\/schema.org\",\"@graph\":[{\"@type\":\"WebPage\",\"@id\":\"https:\/\/ag-frisch.com\/pl\/kolejowe-przewozy-towarowe\/\",\"url\":\"https:\/\/ag-frisch.com\/pl\/kolejowe-przewozy-towarowe\/\",\"name\":\"Transport kolejowy z Chin | Import towar\u00f3w kolej\u0105 z Chin\",\"isPartOf\":{\"@id\":\"https:\/\/ag-frisch.com\/de\/#website\"},\"datePublished\":\"2021-10-24T20:44:21+00:00\",\"dateModified\":\"2023-01-27T04:19:24+00:00\",\"description\":\"Fracht kolejowy z Chin \u25ba Importuj sw\u00f3j towar kolej\u0105 z Chin \u25ba Kompleksowa obs\u0142uga transportu kolejowego z Chin \u25ba Uzyskaj porad\u0119 ju\u017c teraz!\",\"breadcrumb\":{\"@id\":\"https:\/\/ag-frisch.com\/pl\/kolejowe-przewozy-towarowe\/#breadcrumb\"},\"inLanguage\":\"pl-PL\",\"potentialAction\":[{\"@type\":\"ReadAction\",\"target\":[\"https:\/\/ag-frisch.com\/pl\/kolejowe-przewozy-towarowe\/\"]}]},{\"@type\":\"BreadcrumbList\",\"@id\":\"https:\/\/ag-frisch.com\/pl\/kolejowe-przewozy-towarowe\/#breadcrumb\",\"itemListElement\":[{\"@type\":\"ListItem\",\"position\":1,\"name\":\"Startseite\",\"item\":\"https:\/\/ag-frisch.com\/de\/\"},{\"@type\":\"ListItem\",\"position\":2,\"name\":\"Kolejowe przewozy towarowe\"}]},{\"@type\":\"WebSite\",\"@id\":\"https:\/\/ag-frisch.com\/de\/#website\",\"url\":\"https:\/\/ag-frisch.com\/de\/\",\"name\":\"China Import Beratung f\u00fcr den Einkauf aus China\",\"description\":\"China Import &amp; Export Beratung - Der Dienstleister Ihres Vertrauens f\u00fcr Ihren China Import\",\"publisher\":{\"@id\":\"https:\/\/ag-frisch.com\/de\/#organization\"},\"potentialAction\":[{\"@type\":\"SearchAction\",\"target\":{\"@type\":\"EntryPoint\",\"urlTemplate\":\"https:\/\/ag-frisch.com\/de\/?s={search_term_string}\"},\"query-input\":{\"@type\":\"PropertyValueSpecification\",\"valueRequired\":true,\"valueName\":\"search_term_string\"}}],\"inLanguage\":\"pl-PL\"},{\"@type\":\"Organization\",\"@id\":\"https:\/\/ag-frisch.com\/de\/#organization\",\"name\":\"Agentur Frisch International Consulting GmbH & Co. KG\",\"url\":\"https:\/\/ag-frisch.com\/de\/\",\"logo\":{\"@type\":\"ImageObject\",\"inLanguage\":\"pl-PL\",\"@id\":\"https:\/\/ag-frisch.com\/de\/#\/schema\/logo\/image\/\",\"url\":\"https:\/\/ag-frisch.com\/wp-content\/uploads\/2021\/08\/ag_logo_rgb_300_small.png\",\"contentUrl\":\"https:\/\/ag-frisch.com\/wp-content\/uploads\/2021\/08\/ag_logo_rgb_300_small.png\",\"width\":153,\"height\":102,\"caption\":\"Agentur Frisch International Consulting GmbH & Co. KG\"},\"image\":{\"@id\":\"https:\/\/ag-frisch.com\/de\/#\/schema\/logo\/image\/\"},\"sameAs\":[\"https:\/\/www.facebook.com\/China.Import\",\"https:\/\/x.com\/agenturfrisch\"]}]}<\/script>\n<!-- \/ Yoast SEO plugin. -->","yoast_head_json":{"title":"Transport kolejowy z Chin | Import towar\u00f3w kolej\u0105 z Chin","description":"Fracht kolejowy z Chin \u25ba Importuj sw\u00f3j towar kolej\u0105 z Chin \u25ba Kompleksowa obs\u0142uga transportu kolejowego z Chin \u25ba Uzyskaj porad\u0119 ju\u017c teraz!","robots":{"index":"index","follow":"follow","max-snippet":"max-snippet:-1","max-image-preview":"max-image-preview:large","max-video-preview":"max-video-preview:-1"},"canonical":"https:\/\/ag-frisch.com\/pl\/kolejowe-przewozy-towarowe\/","og_locale":"pl_PL","og_type":"article","og_title":"Transport kolejowy z Chin | Import towar\u00f3w kolej\u0105 z Chin","og_description":"Fracht kolejowy z Chin \u25ba Importuj sw\u00f3j towar kolej\u0105 z Chin \u25ba Kompleksowa obs\u0142uga transportu kolejowego z Chin \u25ba Uzyskaj porad\u0119 ju\u017c teraz!","og_url":"https:\/\/ag-frisch.com\/pl\/kolejowe-przewozy-towarowe\/","og_site_name":"China Import Beratung f\u00fcr den Einkauf aus China","article_publisher":"https:\/\/www.facebook.com\/China.Import","article_modified_time":"2023-01-27T04:19:24+00:00","twitter_card":"summary_large_image","twitter_site":"@agenturfrisch","twitter_misc":{"Szacowany czas czytania":"8 minut"},"schema":{"@context":"https:\/\/schema.org","@graph":[{"@type":"WebPage","@id":"https:\/\/ag-frisch.com\/pl\/kolejowe-przewozy-towarowe\/","url":"https:\/\/ag-frisch.com\/pl\/kolejowe-przewozy-towarowe\/","name":"Transport kolejowy z Chin | Import towar\u00f3w kolej\u0105 z Chin","isPartOf":{"@id":"https:\/\/ag-frisch.com\/de\/#website"},"datePublished":"2021-10-24T20:44:21+00:00","dateModified":"2023-01-27T04:19:24+00:00","description":"Fracht kolejowy z Chin \u25ba Importuj sw\u00f3j towar kolej\u0105 z Chin \u25ba Kompleksowa obs\u0142uga transportu kolejowego z Chin \u25ba Uzyskaj porad\u0119 ju\u017c teraz!","breadcrumb":{"@id":"https:\/\/ag-frisch.com\/pl\/kolejowe-przewozy-towarowe\/#breadcrumb"},"inLanguage":"pl-PL","potentialAction":[{"@type":"ReadAction","target":["https:\/\/ag-frisch.com\/pl\/kolejowe-przewozy-towarowe\/"]}]},{"@type":"BreadcrumbList","@id":"https:\/\/ag-frisch.com\/pl\/kolejowe-przewozy-towarowe\/#breadcrumb","itemListElement":[{"@type":"ListItem","position":1,"name":"Startseite","item":"https:\/\/ag-frisch.com\/de\/"},{"@type":"ListItem","position":2,"name":"Kolejowe przewozy towarowe"}]},{"@type":"WebSite","@id":"https:\/\/ag-frisch.com\/de\/#website","url":"https:\/\/ag-frisch.com\/de\/","name":"China Import Beratung f\u00fcr den Einkauf aus China","description":"China Import &amp; Export Beratung - Der Dienstleister Ihres Vertrauens f\u00fcr Ihren China Import","publisher":{"@id":"https:\/\/ag-frisch.com\/de\/#organization"},"potentialAction":[{"@type":"SearchAction","target":{"@type":"EntryPoint","urlTemplate":"https:\/\/ag-frisch.com\/de\/?s={search_term_string}"},"query-input":{"@type":"PropertyValueSpecification","valueRequired":true,"valueName":"search_term_string"}}],"inLanguage":"pl-PL"},{"@type":"Organization","@id":"https:\/\/ag-frisch.com\/de\/#organization","name":"Agentur Frisch International Consulting GmbH & Co. KG","url":"https:\/\/ag-frisch.com\/de\/","logo":{"@type":"ImageObject","inLanguage":"pl-PL","@id":"https:\/\/ag-frisch.com\/de\/#\/schema\/logo\/image\/","url":"https:\/\/ag-frisch.com\/wp-content\/uploads\/2021\/08\/ag_logo_rgb_300_small.png","contentUrl":"https:\/\/ag-frisch.com\/wp-content\/uploads\/2021\/08\/ag_logo_rgb_300_small.png","width":153,"height":102,"caption":"Agentur Frisch International Consulting GmbH & Co. KG"},"image":{"@id":"https:\/\/ag-frisch.com\/de\/#\/schema\/logo\/image\/"},"sameAs":["https:\/\/www.facebook.com\/China.Import","https:\/\/x.com\/agenturfrisch"]}]}},"_links":{"self":[{"href":"https:\/\/ag-frisch.com\/pl\/wp-json\/wp\/v2\/pages\/10138","targetHints":{"allow":["GET"]}}],"collection":[{"href":"https:\/\/ag-frisch.com\/pl\/wp-json\/wp\/v2\/pages"}],"about":[{"href":"https:\/\/ag-frisch.com\/pl\/wp-json\/wp\/v2\/types\/page"}],"author":[{"embeddable":true,"href":"https:\/\/ag-frisch.com\/pl\/wp-json\/wp\/v2\/users\/2"}],"replies":[{"embeddable":true,"href":"https:\/\/ag-frisch.com\/pl\/wp-json\/wp\/v2\/comments?post=10138"}],"version-history":[{"count":0,"href":"https:\/\/ag-frisch.com\/pl\/wp-json\/wp\/v2\/pages\/10138\/revisions"}],"wp:attachment":[{"href":"https:\/\/ag-frisch.com\/pl\/wp-json\/wp\/v2\/media?parent=10138"}],"curies":[{"name":"wp","href":"https:\/\/api.w.org\/{rel}","templated":true}]}}