{"id":10255,"date":"2021-10-24T23:10:56","date_gmt":"2021-10-24T21:10:56","guid":{"rendered":"https:\/\/ag-frisch.com\/fracht-morski\/"},"modified":"2023-01-27T05:20:23","modified_gmt":"2023-01-27T04:20:23","slug":"fracht-morski","status":"publish","type":"page","link":"https:\/\/ag-frisch.com\/pl\/fracht-morski\/","title":{"rendered":"Fracht morski"},"content":{"rendered":"<p>[et_pb_section fb_built=&#8221;1&#8243; _builder_version=&#8221;4.16&#8243; _module_preset=&#8221;default&#8221; global_colors_info=&#8221;{}&#8221;][et_pb_row _builder_version=&#8221;4.16&#8243; _module_preset=&#8221;default&#8221; global_colors_info=&#8221;{}&#8221;][et_pb_column type=&#8221;4_4&#8243; _builder_version=&#8221;4.16&#8243; _module_preset=&#8221;default&#8221; global_colors_info=&#8221;{}&#8221;][et_pb_cta title=&#8221;Fracht morski z Chin&#8221; button_url=&#8221;https:\/\/ag-frisch.com\/pl\/kontakt\/&#8221; button_text=&#8221;Niech profesjonalista wy\u015ble go teraz&#8221; _builder_version=&#8221;4.16&#8243; _module_preset=&#8221;default&#8221; global_colors_info=&#8221;{}&#8221;]<\/p>\n<p>Wysy\u0142amy Pa\u0144stwa towary frachtem morskim z Chin do UE, np. do Hamburga, Rotterdamu lub Antwerpii.  <\/p>\n<p>[\/et_pb_cta][et_pb_text _builder_version=&#8221;4.16&#8243; _module_preset=&#8221;default&#8221; global_colors_info=&#8221;{}&#8221;]<\/p>\n<h1>Fracht morski z Chin<\/h1>\n<p><strong>Standardowa droga transportu dla wi\u0119kszo\u015bci towar\u00f3w<\/strong><\/p>\n<p>Wi\u0119kszo\u015b\u0107 towar\u00f3w wysy\u0142anych z Chin do Niemiec dociera drog\u0105 morsk\u0105. Zalet\u0105 tej opcji transportu jest wyj\u0105tkowo niska cena. W tym przypadku mo\u017cliwe s\u0105 znaczne oszcz\u0119dno\u015bci w por\u00f3wnaniu z transportem kolejowym lub nawet lotniczym. W zale\u017cno\u015bci od produktu, wad\u0105 jest stosunkowo d\u0142ugi czas transportu morskiego z Chin. Warto zdecydowa\u0107 si\u0119 na dostaw\u0119 kontenerem morskim z Chin, je\u015bli:<\/p>\n<ul>\n<li>maj\u0105 du\u017ce ilo\u015bci do wys\u0142ania<\/li>\n<li>chc\u0105 najlepszej ceny za wysy\u0142k\u0119<\/li>\n<li>mo\u017ce czeka\u0107 4-6 tygodni na sw\u00f3j towar<\/li>\n<\/ul>\n<p>Trasa spedycji morskiej z Chin to sprawdzona trasa, kt\u00f3ra jest szczeg\u00f3lnie mo\u017cliwa do opanowania i wyliczenia.<\/p>\n<p>&nbsp;<\/p>\n<p><strong>Wysy\u0142ka du\u017cych ilo\u015bci kontenerem morskim z Chin<\/strong><\/p>\n<p>Je\u015bli importujesz du\u017ce ilo\u015bci przedmiot\u00f3w lub towary o du\u017cych rozmiarach, transport kontenerowy z Chin drog\u0105 morsk\u0105 jest w wi\u0119kszo\u015bci przypadk\u00f3w najlepszym wyborem. W zale\u017cno\u015bci od dostawcy fracht morski op\u0142aca si\u0119 od 100 kilogram\u00f3w (FOB &#8211; until on board) lub 200 kilogram\u00f3w (EXW &#8211; ex works), czyli 0,5 i 1 metra sze\u015bciennego. W przypadku ch\u0119ci wys\u0142ania mniejszych przesy\u0142ek\/ilo\u015bci lub np. pierwszych pr\u00f3bek, zalecamy fracht lotniczy lub bezpo\u015bredni\u0105 wysy\u0142k\u0119 ekspresow\u0105 z Chin.<\/p>\n<p>&nbsp;<\/p>\n<p><strong>Czas trwania wysy\u0142ki drog\u0105 morsk\u0105 z Chin<\/strong><\/p>\n<p>Statek potrzebuje okre\u015blonej ilo\u015bci czasu, aby dotrze\u0107 do Europy drog\u0105 morsk\u0105 z Pacyfiku na Ocean Indyjski, przez Kana\u0142 Sueski i wreszcie przez Morze \u015ar\u00f3dziemne i Atlantyk. Cztery do sze\u015bciu tygodni czasu transportu jest realistyczne &#8211; w ko\u0144cu do pokonania s\u0105 ogromne odleg\u0142o\u015bci. Te czasy mog\u0105 si\u0119 nieznacznie r\u00f3\u017cni\u0107 w g\u00f3r\u0119 lub w d\u00f3\u0142, ale zazwyczaj terminy mieszcz\u0105 si\u0119 w tym zakresie.<\/p>\n<p>Ostatnio rozwa\u017ca si\u0119 r\u00f3wnie\u017c przej\u015bcie p\u00f3\u0142nocno-wschodnie przez Arktyk\u0119. Mo\u017cliwe, \u017ce czasy transportu morskiego z Chin zostan\u0105 jeszcze znacznie skr\u00f3cone, o oko\u0142o dwa tygodnie &#8211; ale to jeszcze mrzonka i obecnie nie oferujemy tego naszym klientom w standardzie.<\/p>\n<p>&nbsp;<\/p>\n<p><strong>Wyra\u017ana przewaga drogi morskiej: niskie koszty<\/strong><\/p>\n<p>Najdro\u017csze s\u0105 frachty ekspresowe i lotnicze, ale nawet transport kolejowy wci\u0105\u017c kosztuje trzy razy wi\u0119cej ni\u017c statkiem. Transport kontenerowy z Chin drog\u0105 morsk\u0105 to najta\u0144szy spos\u00f3b na wysy\u0142k\u0119 towar\u00f3w z Chin do Niemiec. Pomijaj\u0105c inne czynniki &#8211; takie jak wzgl\u0119dna niezale\u017cno\u015b\u0107 od blokad politycznych na sta\u0142ym l\u0105dzie &#8211; droga morska jest wi\u0119c najcz\u0119\u015bciej wybieran\u0105 metod\u0105 transportu.<\/p>\n<p>&nbsp;<\/p>\n<p><strong>\u0141adunki, \u0142adunki zbiorowe i LCL (drobnica) drog\u0105 morsk\u0105 z Chin<\/strong><\/p>\n<p>Agencja Frisch co tydzie\u0144 zleca transport skonsolidowanego kontenera do Niemiec praktycznie z ka\u017cdego g\u0142\u00f3wnego chi\u0144skiego portu. Dzi\u0119ki temu maj\u0105 Pa\u0144stwo mo\u017cliwo\u015b\u0107 za\u0142adowania przesy\u0142ek drobnicowych do naszego kontenera morskiego z Chin. Ta opcja transportu LCL (Less than Container Load) pozwala zaoszcz\u0119dzi\u0107 sporo pieni\u0119dzy.<\/p>\n<p>Mo\u017cesz r\u00f3wnie\u017c zleci\u0107 nam odbi\u00f3r towar\u00f3w od r\u00f3\u017cnych producent\u00f3w w Chinach i wys\u0142a\u0107 je w kontenerze.<\/p>\n<p>&nbsp;<\/p>\n<p><strong>Agentur Frisch &#8211; Tw\u00f3j dostawca us\u0142ug logistycznych dla transportu kontenerowego z Chin<\/strong><\/p>\n<p>Dzi\u0119ki naszemu bogatemu do\u015bwiadczeniu w imporcie z Chin i wszystkich us\u0142ugach z tym zwi\u0105zanych, mo\u017cemy w ramach konsultacji okre\u015bli\u0107 najlepsz\u0105 dla Pa\u0144stwa drog\u0119 transportu. W zwi\u0105zku z tym znajdujemy i rekomendujemy r\u00f3wnie\u017c najlepszych us\u0142ugodawc\u00f3w dla poszczeg\u00f3lnych sekcji transportu.<\/p>\n<p>Do innych us\u0142ug \u015bwiadczonych przez agencj\u0119 Frisch nale\u017c\u0105:<\/p>\n<ul>\n<li>Czas realizacji, je\u015bli dotyczy EXW (od dostawcy do portu w Chinach)<\/li>\n<li>Wysy\u0142ka kontener\u00f3w morskich (20FCL\/ 40FCL i 40HQ)<\/li>\n<li>Wysy\u0142ka drobnicy (LCL) z Chin<\/li>\n<li>Zbiorczy pojemnik z Twoimi towarami od r\u00f3\u017cnych dostawc\u00f3w z Chin<\/li>\n<li>Ochrona ubezpieczeniowa w zakresie transportu<\/li>\n<li>Odprawa celna w porcie w Europie\/Niemczech (np. Rotterdam\/Hamburg)<\/li>\n<li>Dostawa na terenie UE np. kolej\u0105 lub ci\u0119\u017car\u00f3wk\u0105<\/li>\n<\/ul>\n<p>&nbsp;<\/p>\n<p><strong>Skontaktuj si\u0119 z nami &#8211; z przyjemno\u015bci\u0105 oddamy nasze do\u015bwiadczenie w s\u0142u\u017cbie Twojego transportu kontenerowego z Chin!<\/strong>[\/et_pb_text][\/et_pb_column][\/et_pb_row][et_pb_row _builder_version=&#8221;4.16&#8243; _module_preset=&#8221;default&#8221; global_colors_info=&#8221;{}&#8221;][et_pb_column type=&#8221;4_4&#8243; _builder_version=&#8221;4.16&#8243; _module_preset=&#8221;default&#8221; global_colors_info=&#8221;{}&#8221;][\/et_pb_column][\/et_pb_row][\/et_pb_section][et_pb_section fb_built=&#8221;1&#8243; admin_label=&#8221;Testimonials&#8221; _builder_version=&#8221;4.16&#8243; use_background_color_gradient=&#8221;on&#8221; background_color_gradient_stops=&#8221;rgba(0,106,156,0.85) 0%|rgba(0,106,156,0.85) 100%&#8221; background_color_gradient_start=&#8221;rgba(0,106,156,0.85)&#8221; background_color_gradient_end=&#8221;rgba(0,106,156,0.85)&#8221; custom_padding=&#8221;90px||60px|&#8221; animation_style=&#8221;fold&#8221; animation_direction=&#8221;bottom&#8221; animation_intensity_fold=&#8221;4%&#8221; global_colors_info=&#8221;{}&#8221; theme_builder_area=&#8221;post_content&#8221;][et_pb_row _builder_version=&#8221;4.16&#8243; background_size=&#8221;initial&#8221; background_position=&#8221;top_left&#8221; background_repeat=&#8221;repeat&#8221; custom_width_px=&#8221;710px&#8221; locked=&#8221;off&#8221; global_colors_info=&#8221;{}&#8221; theme_builder_area=&#8221;post_content&#8221;][et_pb_column type=&#8221;4_4&#8243; _builder_version=&#8221;4.16&#8243; background_position=&#8221;top_left&#8221; custom_padding=&#8221;|||&#8221; global_colors_info=&#8221;{}&#8221; custom_padding__hover=&#8221;|||&#8221; theme_builder_area=&#8221;post_content&#8221;][et_pb_text admin_label=&#8221;Testimonials Section Title&#8221; _builder_version=&#8221;4.16&#8243; header_font=&#8221;Montserrat||||&#8221; header_font_size=&#8221;36px&#8221; background_size=&#8221;initial&#8221; background_position=&#8221;top_left&#8221; background_repeat=&#8221;repeat&#8221; text_orientation=&#8221;center&#8221; background_layout=&#8221;dark&#8221; max_width=&#8221;710px&#8221; module_alignment=&#8221;center&#8221; animation_style=&#8221;fold&#8221; animation_direction=&#8221;bottom&#8221; animation_intensity_fold=&#8221;20%&#8221; global_colors_info=&#8221;{}&#8221; theme_builder_area=&#8221;post_content&#8221;]<\/p>\n<h1>Ponad 5000 zadowolonych klient\u00f3w.<\/h1>\n<p>&nbsp;<\/p>\n<p>[\/et_pb_text][et_pb_divider color=&#8221;#ffffff&#8221; divider_weight=&#8221;3px&#8221; disabled_on=&#8221;off|off|off&#8221; _builder_version=&#8221;4.16&#8243; background_color_gradient_direction=&#8221;90deg&#8221; max_width=&#8221;100px&#8221; module_alignment=&#8221;center&#8221; height=&#8221;5px&#8221; custom_margin=&#8221;||20px|&#8221; custom_padding=&#8221;||20px|&#8221; animation_style=&#8221;slide&#8221; animation_direction=&#8221;bottom&#8221; saved_tabs=&#8221;all&#8221; locked=&#8221;off&#8221; global_colors_info=&#8221;{}&#8221; theme_builder_area=&#8221;post_content&#8221;][\/et_pb_divider][\/et_pb_column][\/et_pb_row][et_pb_row column_structure=&#8221;1_2,1_2&#8243; _builder_version=&#8221;4.18.1&#8243; _module_preset=&#8221;default&#8221; global_colors_info=&#8221;{}&#8221; theme_builder_area=&#8221;post_content&#8221;][et_pb_column type=&#8221;1_2&#8243; _builder_version=&#8221;4.18.1&#8243; _module_preset=&#8221;default&#8221; global_colors_info=&#8221;{}&#8221; theme_builder_area=&#8221;post_content&#8221;][et_pb_testimonial author=&#8221;Marco&#8221; portrait_url=&#8221;https:\/\/ag-frisch.com\/wp-content\/uploads\/2021\/08\/Harald.png&#8221; quote_icon=&#8221;off&#8221; _builder_version=&#8221;4.18.1&#8243; _module_preset=&#8221;default&#8221; body_font_size=&#8221;16px&#8221; use_background_color=&#8221;off&#8221; background_layout=&#8221;dark&#8221; global_colors_info=&#8221;{}&#8221; theme_builder_area=&#8221;post_content&#8221;]Zleci\u0142em agencji Frisch wyprodukowanie du\u017cego mebla w Chinach, a nast\u0119pnie sprowadzenie go do Niemiec. Przez ca\u0142y czas by\u0142a sprawna komunikacja mailowa! Bardzo szybkie i rzetelne odpowiedzi stale dodawa\u0142y mi otuchy, kt\u00f3ra jest niezb\u0119dna w takim przedsi\u0119wzi\u0119ciu. Przez ca\u0142y czas pomagano mi przebrn\u0105\u0107 przez biurokratyczny g\u0105szcz, nie zapomniano o \u017cadnym formularzu ani nie wype\u0142niono go b\u0142\u0119dnie. Bardzo godne pochwa\u0142y!<a href=\"&lt;div%20class=%22pe-richsnippets%22&gt;&nbsp;&lt;\/div&gt;%20&lt;script%20type=%22text\/javascript%22%20src=%22https:\/\/www.provenexpert.com\/widget\/richsnippet.js?u=1NUA0VwZ4RUZ5tmAi5zA4RaplNKAlWwZ&amp;v=2%22%20async&gt;&lt;\/script&gt;%20&lt;div%20style=%22text-align:%20justify;%22&gt;&lt;br%20\/&gt;\"><\/a><\/p>\n<div class=\"brow ratingBarMargin\">\n<div class=\"ratingBar\">\n<div class=\"brow\">\n<div class=\"pe-richsnippets\">&nbsp;<\/div>\n<p><script type=\"text\/javascript\" src=\"https:\/\/www.provenexpert.com\/widget\/richsnippet.js?u=1NUA0VwZ4RUZ5tmAi5zA4RaplNKAlWwZ&amp;v=2\" async=\"\"><\/script><\/p>\n<div style=\"text-align: justify;\"><\/p>\n<div class=\"col-lg-9 col-md-8 col-xs-10 mt20 mb20\">\n<div class=\"col-xs-12 surveyNameForRating\"><\/div>\n<\/div>\n<\/div>\n<\/div>\n<\/div>\n<\/div>\n<p>[\/et_pb_testimonial][\/et_pb_column][et_pb_column type=&#8221;1_2&#8243; _builder_version=&#8221;4.18.1&#8243; _module_preset=&#8221;default&#8221; global_colors_info=&#8221;{}&#8221; theme_builder_area=&#8221;post_content&#8221;][et_pb_testimonial author=&#8221;Simone L.&#8221; portrait_url=&#8221;https:\/\/ag-frisch.com\/wp-content\/uploads\/2021\/08\/Harald.png&#8221; quote_icon=&#8221;off&#8221; _builder_version=&#8221;4.18.1&#8243; _module_preset=&#8221;default&#8221; body_font_size=&#8221;16px&#8221; use_background_color=&#8221;off&#8221; background_layout=&#8221;dark&#8221; global_colors_info=&#8221;{}&#8221; theme_builder_area=&#8221;post_content&#8221;]<\/p>\n<p>Ca\u0142a g\u00f3ra. Nie ma nic lepszego ni\u017c to. Doradzanie i wdra\u017canie nie mo\u017ce by\u0107 zrobione lepiej. Jeste\u015bmy bardziej ni\u017c zadowoleni po kilku zam\u00f3wieniach z t\u0105 firm\u0105 i kontynuowa\u0107 nasz\u0105 wsp\u00f3\u0142prac\u0119.<\/p>\n<div class=\"brow ratingBarMargin\">\n<div class=\"ratingBar\">\n<div class=\"brow\">\n<div class=\"pe-richsnippets\"> <\/div>\n<p>\n<script type=\"text\/javascript\" src=\"https:\/\/www.provenexpert.com\/widget\/richsnippet.js?u=1NUA0VwZ4RUZ5tmAi5zA4RaplNKAlWwZ&amp;v=2\" async=\"\"><\/script>\n<\/p>\n<div style=\"text-align: justify;\">\n<p>&nbsp;<\/p>\n<div class=\"col-lg-9 col-md-8 col-xs-10 mt20 mb20\">\n<div class=\"col-xs-12 surveyNameForRating\"><\/div>\n<\/div>\n<\/div>\n<\/div>\n<\/div>\n<\/div>\n<p>[\/et_pb_testimonial][\/et_pb_column][\/et_pb_row][et_pb_row _builder_version=&#8221;4.16&#8243; background_size=&#8221;initial&#8221; background_position=&#8221;top_left&#8221; background_repeat=&#8221;repeat&#8221; custom_padding=&#8221;50px|0px|30px|0px&#8221; custom_css_main_element=&#8221;text-align: center;&#8221; global_colors_info=&#8221;{}&#8221; theme_builder_area=&#8221;post_content&#8221;][et_pb_column type=&#8221;4_4&#8243; _builder_version=&#8221;4.16&#8243; custom_padding=&#8221;|||&#8221; global_colors_info=&#8221;{}&#8221; custom_padding__hover=&#8221;|||&#8221; theme_builder_area=&#8221;post_content&#8221;][et_pb_button button_url=&#8221;https:\/\/www.provenexpert.com\/de-de\/agentur-frisch-international-consulting-gmbh-und-co-kg\/&#8221; button_text=&#8221;WI\u0118CEJ OCEN&#8221; button_alignment=&#8221;left&#8221; admin_label=&#8221;Testimonial Button&#8221; _builder_version=&#8221;4.16&#8243; custom_button=&#8221;on&#8221; button_text_size=&#8221;18px&#8221; button_text_color=&#8221;#ffffff&#8221; button_bg_color=&#8221;#6eba01&#8243; button_border_width=&#8221;2px&#8221; button_border_color=&#8221;#6eba01&#8243; button_border_radius=&#8221;0px&#8221; button_letter_spacing=&#8221;2px&#8221; button_font=&#8221;Montserrat|||on|&#8221; button_use_icon=&#8221;off&#8221; animation_style=&#8221;fold&#8221; animation_direction=&#8221;bottom&#8221; button_text_color_hover=&#8221;#ffffff&#8221; button_border_color_hover=&#8221;#ffffff&#8221; button_border_radius_hover=&#8221;0px&#8221; button_letter_spacing_hover=&#8221;2px&#8221; button_bg_color_hover=&#8221;rgba(255,255,255,0)&#8221; locked=&#8221;off&#8221; global_colors_info=&#8221;{}&#8221; button_text_size__hover_enabled=&#8221;off&#8221; button_one_text_size__hover_enabled=&#8221;off&#8221; button_two_text_size__hover_enabled=&#8221;off&#8221; button_text_color__hover_enabled=&#8221;on&#8221; button_text_color__hover=&#8221;#ffffff&#8221; button_one_text_color__hover_enabled=&#8221;off&#8221; button_two_text_color__hover_enabled=&#8221;off&#8221; button_border_width__hover_enabled=&#8221;off&#8221; button_one_border_width__hover_enabled=&#8221;off&#8221; button_two_border_width__hover_enabled=&#8221;off&#8221; button_border_color__hover_enabled=&#8221;on&#8221; button_border_color__hover=&#8221;#ffffff&#8221; button_one_border_color__hover_enabled=&#8221;off&#8221; button_two_border_color__hover_enabled=&#8221;off&#8221; button_border_radius__hover_enabled=&#8221;on&#8221; button_border_radius__hover=&#8221;0px&#8221; button_one_border_radius__hover_enabled=&#8221;off&#8221; button_two_border_radius__hover_enabled=&#8221;off&#8221; button_letter_spacing__hover_enabled=&#8221;on&#8221; button_letter_spacing__hover=&#8221;2px&#8221; button_one_letter_spacing__hover_enabled=&#8221;off&#8221; button_two_letter_spacing__hover_enabled=&#8221;off&#8221; button_bg_color__hover_enabled=&#8221;on&#8221; button_bg_color__hover=&#8221;rgba(255,255,255,0)&#8221; button_one_bg_color__hover_enabled=&#8221;off&#8221; button_two_bg_color__hover_enabled=&#8221;off&#8221; theme_builder_area=&#8221;post_content&#8221;][\/et_pb_button][\/et_pb_column][\/et_pb_row][\/et_pb_section]<\/p>\n","protected":false},"excerpt":{"rendered":"<p>Wysy\u0142amy Pa\u0144stwa towary frachtem morskim z Chin do UE, np. do Hamburga, Rotterdamu lub Antwerpii. Fracht morski z Chin Standardowa droga transportu dla wi\u0119kszo\u015bci towar\u00f3w Wi\u0119kszo\u015b\u0107 towar\u00f3w wysy\u0142anych z Chin do Niemiec dociera drog\u0105 morsk\u0105. Zalet\u0105 tej opcji transportu jest wyj\u0105tkowo niska cena. W tym przypadku mo\u017cliwe s\u0105 znaczne oszcz\u0119dno\u015bci w por\u00f3wnaniu z transportem kolejowym [&hellip;]<\/p>\n","protected":false},"author":2,"featured_media":0,"parent":0,"menu_order":0,"comment_status":"closed","ping_status":"closed","template":"","meta":{"_et_pb_use_builder":"on","_et_pb_old_content":"","_et_gb_content_width":"","footnotes":""},"class_list":["post-10255","page","type-page","status-publish","hentry"],"yoast_head":"<!-- This site is optimized with the Yoast SEO plugin v27.2 - https:\/\/yoast.com\/product\/yoast-seo-wordpress\/ -->\n<title>Fracht morski z Chin: Import w kontenerze morskim z Chin<\/title>\n<meta name=\"description\" content=\"Fracht morski z Chin \u25ba Wysy\u0142ka du\u017cych ilo\u015bci kontenerem morskim z Chin \u25ba Bezpieczny import towar\u00f3w drog\u0105 morsk\u0105 \u25ba Skorzystaj z porad ekspert\u00f3w ju\u017c teraz!\" \/>\n<meta name=\"robots\" content=\"index, follow, max-snippet:-1, max-image-preview:large, max-video-preview:-1\" \/>\n<link rel=\"canonical\" href=\"https:\/\/ag-frisch.com\/pl\/fracht-morski\/\" \/>\n<meta property=\"og:locale\" content=\"pl_PL\" \/>\n<meta property=\"og:type\" content=\"article\" \/>\n<meta property=\"og:title\" content=\"Fracht morski z Chin: Import w kontenerze morskim z Chin\" \/>\n<meta property=\"og:description\" content=\"Fracht morski z Chin \u25ba Wysy\u0142ka du\u017cych ilo\u015bci kontenerem morskim z Chin \u25ba Bezpieczny import towar\u00f3w drog\u0105 morsk\u0105 \u25ba Skorzystaj z porad ekspert\u00f3w ju\u017c teraz!\" \/>\n<meta property=\"og:url\" content=\"https:\/\/ag-frisch.com\/pl\/fracht-morski\/\" \/>\n<meta property=\"og:site_name\" content=\"China Import Beratung f\u00fcr den Einkauf aus China\" \/>\n<meta property=\"article:publisher\" content=\"https:\/\/www.facebook.com\/China.Import\" \/>\n<meta property=\"article:modified_time\" content=\"2023-01-27T04:20:23+00:00\" \/>\n<meta name=\"twitter:card\" content=\"summary_large_image\" \/>\n<meta name=\"twitter:site\" content=\"@agenturfrisch\" \/>\n<meta name=\"twitter:label1\" content=\"Szacowany czas czytania\" \/>\n\t<meta name=\"twitter:data1\" content=\"8 minut\" \/>\n<script type=\"application\/ld+json\" class=\"yoast-schema-graph\">{\"@context\":\"https:\/\/schema.org\",\"@graph\":[{\"@type\":\"WebPage\",\"@id\":\"https:\/\/ag-frisch.com\/pl\/fracht-morski\/\",\"url\":\"https:\/\/ag-frisch.com\/pl\/fracht-morski\/\",\"name\":\"Fracht morski z Chin: Import w kontenerze morskim z Chin\",\"isPartOf\":{\"@id\":\"https:\/\/ag-frisch.com\/de\/#website\"},\"datePublished\":\"2021-10-24T21:10:56+00:00\",\"dateModified\":\"2023-01-27T04:20:23+00:00\",\"description\":\"Fracht morski z Chin \u25ba Wysy\u0142ka du\u017cych ilo\u015bci kontenerem morskim z Chin \u25ba Bezpieczny import towar\u00f3w drog\u0105 morsk\u0105 \u25ba Skorzystaj z porad ekspert\u00f3w ju\u017c teraz!\",\"breadcrumb\":{\"@id\":\"https:\/\/ag-frisch.com\/pl\/fracht-morski\/#breadcrumb\"},\"inLanguage\":\"pl-PL\",\"potentialAction\":[{\"@type\":\"ReadAction\",\"target\":[\"https:\/\/ag-frisch.com\/pl\/fracht-morski\/\"]}]},{\"@type\":\"BreadcrumbList\",\"@id\":\"https:\/\/ag-frisch.com\/pl\/fracht-morski\/#breadcrumb\",\"itemListElement\":[{\"@type\":\"ListItem\",\"position\":1,\"name\":\"Startseite\",\"item\":\"https:\/\/ag-frisch.com\/de\/\"},{\"@type\":\"ListItem\",\"position\":2,\"name\":\"Fracht morski\"}]},{\"@type\":\"WebSite\",\"@id\":\"https:\/\/ag-frisch.com\/de\/#website\",\"url\":\"https:\/\/ag-frisch.com\/de\/\",\"name\":\"China Import Beratung f\u00fcr den Einkauf aus China\",\"description\":\"China Import &amp; Export Beratung - Der Dienstleister Ihres Vertrauens f\u00fcr Ihren China Import\",\"publisher\":{\"@id\":\"https:\/\/ag-frisch.com\/de\/#organization\"},\"potentialAction\":[{\"@type\":\"SearchAction\",\"target\":{\"@type\":\"EntryPoint\",\"urlTemplate\":\"https:\/\/ag-frisch.com\/de\/?s={search_term_string}\"},\"query-input\":{\"@type\":\"PropertyValueSpecification\",\"valueRequired\":true,\"valueName\":\"search_term_string\"}}],\"inLanguage\":\"pl-PL\"},{\"@type\":\"Organization\",\"@id\":\"https:\/\/ag-frisch.com\/de\/#organization\",\"name\":\"Agentur Frisch International Consulting GmbH & Co. KG\",\"url\":\"https:\/\/ag-frisch.com\/de\/\",\"logo\":{\"@type\":\"ImageObject\",\"inLanguage\":\"pl-PL\",\"@id\":\"https:\/\/ag-frisch.com\/de\/#\/schema\/logo\/image\/\",\"url\":\"https:\/\/ag-frisch.com\/wp-content\/uploads\/2021\/08\/ag_logo_rgb_300_small.png\",\"contentUrl\":\"https:\/\/ag-frisch.com\/wp-content\/uploads\/2021\/08\/ag_logo_rgb_300_small.png\",\"width\":153,\"height\":102,\"caption\":\"Agentur Frisch International Consulting GmbH & Co. KG\"},\"image\":{\"@id\":\"https:\/\/ag-frisch.com\/de\/#\/schema\/logo\/image\/\"},\"sameAs\":[\"https:\/\/www.facebook.com\/China.Import\",\"https:\/\/x.com\/agenturfrisch\"]}]}<\/script>\n<!-- \/ Yoast SEO plugin. -->","yoast_head_json":{"title":"Fracht morski z Chin: Import w kontenerze morskim z Chin","description":"Fracht morski z Chin \u25ba Wysy\u0142ka du\u017cych ilo\u015bci kontenerem morskim z Chin \u25ba Bezpieczny import towar\u00f3w drog\u0105 morsk\u0105 \u25ba Skorzystaj z porad ekspert\u00f3w ju\u017c teraz!","robots":{"index":"index","follow":"follow","max-snippet":"max-snippet:-1","max-image-preview":"max-image-preview:large","max-video-preview":"max-video-preview:-1"},"canonical":"https:\/\/ag-frisch.com\/pl\/fracht-morski\/","og_locale":"pl_PL","og_type":"article","og_title":"Fracht morski z Chin: Import w kontenerze morskim z Chin","og_description":"Fracht morski z Chin \u25ba Wysy\u0142ka du\u017cych ilo\u015bci kontenerem morskim z Chin \u25ba Bezpieczny import towar\u00f3w drog\u0105 morsk\u0105 \u25ba Skorzystaj z porad ekspert\u00f3w ju\u017c teraz!","og_url":"https:\/\/ag-frisch.com\/pl\/fracht-morski\/","og_site_name":"China Import Beratung f\u00fcr den Einkauf aus China","article_publisher":"https:\/\/www.facebook.com\/China.Import","article_modified_time":"2023-01-27T04:20:23+00:00","twitter_card":"summary_large_image","twitter_site":"@agenturfrisch","twitter_misc":{"Szacowany czas czytania":"8 minut"},"schema":{"@context":"https:\/\/schema.org","@graph":[{"@type":"WebPage","@id":"https:\/\/ag-frisch.com\/pl\/fracht-morski\/","url":"https:\/\/ag-frisch.com\/pl\/fracht-morski\/","name":"Fracht morski z Chin: Import w kontenerze morskim z Chin","isPartOf":{"@id":"https:\/\/ag-frisch.com\/de\/#website"},"datePublished":"2021-10-24T21:10:56+00:00","dateModified":"2023-01-27T04:20:23+00:00","description":"Fracht morski z Chin \u25ba Wysy\u0142ka du\u017cych ilo\u015bci kontenerem morskim z Chin \u25ba Bezpieczny import towar\u00f3w drog\u0105 morsk\u0105 \u25ba Skorzystaj z porad ekspert\u00f3w ju\u017c teraz!","breadcrumb":{"@id":"https:\/\/ag-frisch.com\/pl\/fracht-morski\/#breadcrumb"},"inLanguage":"pl-PL","potentialAction":[{"@type":"ReadAction","target":["https:\/\/ag-frisch.com\/pl\/fracht-morski\/"]}]},{"@type":"BreadcrumbList","@id":"https:\/\/ag-frisch.com\/pl\/fracht-morski\/#breadcrumb","itemListElement":[{"@type":"ListItem","position":1,"name":"Startseite","item":"https:\/\/ag-frisch.com\/de\/"},{"@type":"ListItem","position":2,"name":"Fracht morski"}]},{"@type":"WebSite","@id":"https:\/\/ag-frisch.com\/de\/#website","url":"https:\/\/ag-frisch.com\/de\/","name":"China Import Beratung f\u00fcr den Einkauf aus China","description":"China Import &amp; Export Beratung - Der Dienstleister Ihres Vertrauens f\u00fcr Ihren China Import","publisher":{"@id":"https:\/\/ag-frisch.com\/de\/#organization"},"potentialAction":[{"@type":"SearchAction","target":{"@type":"EntryPoint","urlTemplate":"https:\/\/ag-frisch.com\/de\/?s={search_term_string}"},"query-input":{"@type":"PropertyValueSpecification","valueRequired":true,"valueName":"search_term_string"}}],"inLanguage":"pl-PL"},{"@type":"Organization","@id":"https:\/\/ag-frisch.com\/de\/#organization","name":"Agentur Frisch International Consulting GmbH & Co. KG","url":"https:\/\/ag-frisch.com\/de\/","logo":{"@type":"ImageObject","inLanguage":"pl-PL","@id":"https:\/\/ag-frisch.com\/de\/#\/schema\/logo\/image\/","url":"https:\/\/ag-frisch.com\/wp-content\/uploads\/2021\/08\/ag_logo_rgb_300_small.png","contentUrl":"https:\/\/ag-frisch.com\/wp-content\/uploads\/2021\/08\/ag_logo_rgb_300_small.png","width":153,"height":102,"caption":"Agentur Frisch International Consulting GmbH & Co. KG"},"image":{"@id":"https:\/\/ag-frisch.com\/de\/#\/schema\/logo\/image\/"},"sameAs":["https:\/\/www.facebook.com\/China.Import","https:\/\/x.com\/agenturfrisch"]}]}},"_links":{"self":[{"href":"https:\/\/ag-frisch.com\/pl\/wp-json\/wp\/v2\/pages\/10255","targetHints":{"allow":["GET"]}}],"collection":[{"href":"https:\/\/ag-frisch.com\/pl\/wp-json\/wp\/v2\/pages"}],"about":[{"href":"https:\/\/ag-frisch.com\/pl\/wp-json\/wp\/v2\/types\/page"}],"author":[{"embeddable":true,"href":"https:\/\/ag-frisch.com\/pl\/wp-json\/wp\/v2\/users\/2"}],"replies":[{"embeddable":true,"href":"https:\/\/ag-frisch.com\/pl\/wp-json\/wp\/v2\/comments?post=10255"}],"version-history":[{"count":0,"href":"https:\/\/ag-frisch.com\/pl\/wp-json\/wp\/v2\/pages\/10255\/revisions"}],"wp:attachment":[{"href":"https:\/\/ag-frisch.com\/pl\/wp-json\/wp\/v2\/media?parent=10255"}],"curies":[{"name":"wp","href":"https:\/\/api.w.org\/{rel}","templated":true}]}}