{"id":10296,"date":"2021-10-24T09:26:50","date_gmt":"2021-10-24T07:26:50","guid":{"rendered":"https:\/\/ag-frisch.com\/fracht-lotniczy\/"},"modified":"2023-01-27T05:20:19","modified_gmt":"2023-01-27T04:20:19","slug":"fracht-lotniczy","status":"publish","type":"page","link":"https:\/\/ag-frisch.com\/pl\/fracht-lotniczy\/","title":{"rendered":"Fracht lotniczy"},"content":{"rendered":"<p>[et_pb_section fb_built=&#8221;1&#8243; _builder_version=&#8221;4.16&#8243; _module_preset=&#8221;default&#8221; global_colors_info=&#8221;{}&#8221;][et_pb_row _builder_version=&#8221;4.18.1&#8243; _module_preset=&#8221;default&#8221;][et_pb_column _builder_version=&#8221;4.18.1&#8243; _module_preset=&#8221;default&#8221; type=&#8221;4_4&#8243;][et_pb_cta title=&#8221;Fracht lotniczy z Chin&#8221; button_url=&#8221;https:\/\/ag-frisch.com\/pl\/kontakt\/&#8221; button_text=&#8221;Zam\u00f3w fracht lotniczy z Chin ju\u017c teraz&#8221; _builder_version=&#8221;4.18.1&#8243; _module_preset=&#8221;default&#8221; hover_enabled=&#8221;0&#8243; global_colors_info=&#8221;{}&#8221; theme_builder_area=&#8221;post_content&#8221; sticky_enabled=&#8221;0&#8243;]<\/p>\n<p>Zajmujemy si\u0119 Twoim frachtem lotniczym z Chin i organizujemy szybk\u0105 wysy\u0142k\u0119.  <\/p>\n<p>[\/et_pb_cta][\/et_pb_column][\/et_pb_row][et_pb_row _builder_version=&#8221;4.16&#8243; _module_preset=&#8221;default&#8221; global_colors_info=&#8221;{}&#8221;][et_pb_column type=&#8221;4_4&#8243; _builder_version=&#8221;4.16&#8243; _module_preset=&#8221;default&#8221; global_colors_info=&#8221;{}&#8221;][et_pb_image src=&#8221;https:\/\/ag-frisch.com\/wp-content\/uploads\/2021\/10\/Luftfracht-aus-china-scaled.jpeg&#8221; _builder_version=&#8221;4.16&#8243; _module_preset=&#8221;default&#8221; global_colors_info=&#8221;{}&#8221;][\/et_pb_image][et_pb_text _builder_version=&#8221;4.16&#8243; _module_preset=&#8221;default&#8221; global_colors_info=&#8221;{}&#8221;]<\/p>\n<h1>Fracht lotniczy z Chin<\/h1>\n<p><strong>Szybka wysy\u0142ka z Chin drog\u0105 lotnicz\u0105<\/strong><\/p>\n<p>Je\u015bli chcesz, aby Tw\u00f3j towar dotar\u0142 do Ciebie szczeg\u00f3lnie szybko, fracht lotniczy jest z regu\u0142y najlepszym rozwi\u0105zaniem. Podczas gdy w przypadku normalnej przesy\u0142ki dotarcie do Pa\u0144stwa mo\u017ce trwa\u0107 dobre cztery tygodnie, towary transportowane drog\u0105 lotnicz\u0105 z Chin zazwyczaj docieraj\u0105 do miejsca przeznaczenia w Niemczech w ci\u0105gu dw\u00f3ch lub trzech tygodni. Ta forma wysy\u0142ki jest idealna, je\u015bli z r\u00f3\u017cnych powod\u00f3w zale\u017cy Ci na jak najszybszym otrzymaniu przesy\u0142ki. Mo\u017ce tak by\u0107 np. w przypadku produkt\u00f3w \u0142atwo psuj\u0105cych si\u0119 lub reakcji rynku na kr\u00f3tkotrwa\u0142e trendy, w przypadku powtarzaj\u0105cych si\u0119 dostaw lub innych towar\u00f3w, kt\u00f3re s\u0105 potrzebne w po\u015bpiechu.<\/p>\n<p>Agencja Frisch zapewnia Pa\u0144stwu r\u00f3wnie\u017c wszechstronne wsparcie w zakresie frachtu lotniczego z Chin. Oznacza to, \u017ce mo\u017cesz oczekiwa\u0107 od nas nast\u0119puj\u0105cych us\u0142ug:<\/p>\n<ul>\n<li>Odbi\u00f3r towaru od producenta i przewiezienie go na lotnisko<\/li>\n<li>Odprawa celna i obs\u0142uga wszelkiej komunikacji z w\u0142adzami<\/li>\n<li>Dostawa do Ciebie lub do wybranego miejsca przeznaczenia<\/li>\n<\/ul>\n<p>Traktujemy Pa\u0144stwa towary przewo\u017cone drog\u0105 lotnicz\u0105 z Chin ze szczeg\u00f3lnie wysokim priorytetem, poniewa\u017c wiemy: Je\u015bli zarezerwujesz fracht lotniczy, potrzebujesz ekstra szybkiej wysy\u0142ki z Chin.<\/p>\n<p>&nbsp;<\/p>\n<p><strong>Czas wysy\u0142ki frachtu lotniczego z Chin<\/strong><\/p>\n<p>Zazwyczaj towar wys\u0142any drog\u0105 lotnicz\u0105 z Chin dociera do Ciebie w ci\u0105gu dw\u00f3ch, maksymalnie trzech tygodni. Nale\u017cy jednak wzi\u0105\u0107 pod uwag\u0119 niewielkie wahania, na kt\u00f3re nie mo\u017cna mie\u0107 wp\u0142ywu. Warunki pogodowe i wykorzystanie przepustowo\u015bci s\u0105 wa\u017cnymi czynnikami; usterki w samolocie lub na lotnisku mog\u0105 prowadzi\u0107 do op\u00f3\u017anie\u0144, nawet je\u015bli zostan\u0105 szybko usuni\u0119te. Wreszcie, szczeg\u00f3lne okoliczno\u015bci, takie jak niedawna pandemia Covid19, mog\u0105 czasami mie\u0107 znacz\u0105cy wp\u0142yw na czas trwania przesy\u0142ek lotniczych z Chin.<\/p>\n<p>Jednak jako Tw\u00f3j serwis importowy z Chin, robimy wszystko co w naszej mocy, aby ta szybka wysy\u0142ka z Chin przebiega\u0142a jak najszybciej. Transporty realizujemy fachowo i w optymalnych terminach, korzystaj\u0105c wy\u0142\u0105cznie ze sprawdzonych pracownik\u00f3w i specjalistycznych firm. Dbamy o to, aby dostarczane przez nas dokumenty celne i za\u0142adunkowe by\u0142y nienagannie przygotowane, kompletne, dok\u0142adne i wyprodukowane na czas. Wreszcie, wiemy, kt\u00f3re firmy logistyczne najlepiej nadaj\u0105 si\u0119 do danego zlecenia i dzi\u0119ki temu mo\u017cemy odda\u0107 Tw\u00f3j \u0142adunek lotniczy z Chin w odpowiednie r\u0119ce, czyli najszybciej.<\/p>\n<p>&nbsp;<\/p>\n<p><strong>Waga rzeczywista, waga obj\u0119to\u015bciowa i waga podlegaj\u0105ca op\u0142acie<\/strong><\/p>\n<p>Je\u015bli zdecydujesz si\u0119 na przew\u00f3z towar\u00f3w z Chin do Niemiec drog\u0105 lotnicz\u0105, poniesiesz wy\u017csze koszty ni\u017c w przypadku podr\u00f3\u017cy l\u0105dowej lub morskiej. Koszty oblicza si\u0119 albo wed\u0142ug czystej wagi, albo wed\u0142ug obj\u0119to\u015bci, czyli tzw. wagi obj\u0119to\u015bciowej.<\/p>\n<p>Waga obj\u0119to\u015bciowa wynika z nast\u0119puj\u0105cego wzoru:<\/p>\n<p><em>Liczba dzia\u0142ek x (wysoko\u015b\u0107 x szeroko\u015b\u0107 x d\u0142ugo\u015b\u0107 dzia\u0142ek) \/ 5000 = ci\u0119\u017car obj\u0119to\u015bciowy<\/em><\/p>\n<p>Je\u015bli waga obj\u0119to\u015bciowa jest wy\u017csza ni\u017c waga rzeczywista, czyli waga, jak\u0105 rzeczywi\u015bcie maj\u0105 Twoje towary, waga obj\u0119to\u015bciowa zostanie u\u017cyta do obliczenia op\u0142aty pocztowej. Zawsze wi\u0119c to wy\u017csza warto\u015b\u0107 decyduje o koszcie frachtu lotniczego z Chin. Powodem tego jest ograniczona przestrze\u0144 w samolocie: kto\u015b, kto wysy\u0142a pi\u0119\u0107 ton pi\u00f3r, wype\u0142nia \u0142adowni\u0119 bardziej ni\u017c kto\u015b, kto wysy\u0142a p\u00f3\u0142 tony ksi\u0105\u017cek; dlatego te\u017c czysta waga nie mo\u017ce by\u0107 wykorzystana do okre\u015blenia koszt\u00f3w wysy\u0142ki.<\/p>\n<p>&nbsp;<\/p>\n<p><strong>Know-how dla optymalnej wysy\u0142ki<\/strong><\/p>\n<p>Wszystkie te subtelno\u015bci i ca\u0142e know-how dotycz\u0105ce szybkiej wysy\u0142ki z Chin s\u0105 dla nas w Agentur Frisch cz\u0119\u015bci\u0105 podstaw importu z Chin. Znamy warunki ramowe i cechy szczeg\u00f3lne i mo\u017cemy r\u00f3wnie\u017c optymalnie doradzi\u0107 w temacie frachtu lotniczego z Chin.<\/p>\n<p>&nbsp;<\/p>\n<p>[\/et_pb_text][et_pb_image src=&#8221;https:\/\/ag-frisch.com\/wp-content\/uploads\/2021\/10\/Luftfracht-scaled.jpeg&#8221; title_text=&#8221;za\u0142adunek \u0142adunku&#8221; _builder_version=&#8221;4.16&#8243; _module_preset=&#8221;default&#8221; global_colors_info=&#8221;{}&#8221;][\/et_pb_image][\/et_pb_column][\/et_pb_row][\/et_pb_section][et_pb_section fb_built=&#8221;1&#8243; admin_label=&#8221;Testimonials&#8221; _builder_version=&#8221;4.16&#8243; use_background_color_gradient=&#8221;on&#8221; background_color_gradient_stops=&#8221;rgba(0,106,156,0.85) 0%|rgba(0,106,156,0.85) 100%&#8221; background_color_gradient_start=&#8221;rgba(0,106,156,0.85)&#8221; background_color_gradient_end=&#8221;rgba(0,106,156,0.85)&#8221; custom_padding=&#8221;90px||60px|&#8221; animation_style=&#8221;fold&#8221; animation_direction=&#8221;bottom&#8221; animation_intensity_fold=&#8221;4%&#8221; global_colors_info=&#8221;{}&#8221; theme_builder_area=&#8221;post_content&#8221;][et_pb_row _builder_version=&#8221;4.16&#8243; background_size=&#8221;initial&#8221; background_position=&#8221;top_left&#8221; background_repeat=&#8221;repeat&#8221; custom_width_px=&#8221;710px&#8221; locked=&#8221;off&#8221; global_colors_info=&#8221;{}&#8221; theme_builder_area=&#8221;post_content&#8221;][et_pb_column type=&#8221;4_4&#8243; _builder_version=&#8221;4.16&#8243; background_position=&#8221;top_left&#8221; custom_padding=&#8221;|||&#8221; global_colors_info=&#8221;{}&#8221; custom_padding__hover=&#8221;|||&#8221; theme_builder_area=&#8221;post_content&#8221;][et_pb_text admin_label=&#8221;Testimonials Section Title&#8221; _builder_version=&#8221;4.16&#8243; header_font=&#8221;Montserrat||||&#8221; header_font_size=&#8221;36px&#8221; background_size=&#8221;initial&#8221; background_position=&#8221;top_left&#8221; background_repeat=&#8221;repeat&#8221; text_orientation=&#8221;center&#8221; background_layout=&#8221;dark&#8221; max_width=&#8221;710px&#8221; module_alignment=&#8221;center&#8221; animation_style=&#8221;fold&#8221; animation_direction=&#8221;bottom&#8221; animation_intensity_fold=&#8221;20%&#8221; global_colors_info=&#8221;{}&#8221; theme_builder_area=&#8221;post_content&#8221;]<\/p>\n<h1>Ponad 5000 zadowolonych klient\u00f3w.<\/h1>\n<p>&nbsp;<\/p>\n<p>[\/et_pb_text][et_pb_divider color=&#8221;#ffffff&#8221; divider_weight=&#8221;3px&#8221; disabled_on=&#8221;off|off|off&#8221; _builder_version=&#8221;4.16&#8243; background_color_gradient_direction=&#8221;90deg&#8221; max_width=&#8221;100px&#8221; module_alignment=&#8221;center&#8221; height=&#8221;5px&#8221; custom_margin=&#8221;||20px|&#8221; custom_padding=&#8221;||20px|&#8221; animation_style=&#8221;slide&#8221; animation_direction=&#8221;bottom&#8221; saved_tabs=&#8221;all&#8221; locked=&#8221;off&#8221; global_colors_info=&#8221;{}&#8221; theme_builder_area=&#8221;post_content&#8221;][\/et_pb_divider][\/et_pb_column][\/et_pb_row][et_pb_row column_structure=&#8221;1_2,1_2&#8243; _builder_version=&#8221;4.18.1&#8243; _module_preset=&#8221;default&#8221; global_colors_info=&#8221;{}&#8221; theme_builder_area=&#8221;post_content&#8221;][et_pb_column type=&#8221;1_2&#8243; _builder_version=&#8221;4.18.1&#8243; _module_preset=&#8221;default&#8221; global_colors_info=&#8221;{}&#8221; theme_builder_area=&#8221;post_content&#8221;][et_pb_testimonial author=&#8221;Marco&#8221; portrait_url=&#8221;https:\/\/ag-frisch.com\/wp-content\/uploads\/2021\/08\/Harald.png&#8221; quote_icon=&#8221;off&#8221; _builder_version=&#8221;4.18.1&#8243; _module_preset=&#8221;default&#8221; body_font_size=&#8221;16px&#8221; use_background_color=&#8221;off&#8221; background_layout=&#8221;dark&#8221; global_colors_info=&#8221;{}&#8221; theme_builder_area=&#8221;post_content&#8221;]Zleci\u0142em agencji Frisch wyprodukowanie du\u017cego mebla w Chinach, a nast\u0119pnie sprowadzenie go do Niemiec. Przez ca\u0142y czas by\u0142a sprawna komunikacja mailowa! Bardzo szybkie i rzetelne odpowiedzi stale dodawa\u0142y mi otuchy, kt\u00f3ra jest niezb\u0119dna w takim przedsi\u0119wzi\u0119ciu. Przez ca\u0142y czas pomagano mi przebrn\u0105\u0107 przez biurokratyczny g\u0105szcz, nie zapomniano o \u017cadnym formularzu ani nie wype\u0142niono go b\u0142\u0119dnie. Bardzo godne pochwa\u0142y!<a href=\"&lt;div%20class=%22pe-richsnippets%22&gt;&nbsp;&lt;\/div&gt;%20&lt;script%20type=%22text\/javascript%22%20src=%22https:\/\/www.provenexpert.com\/widget\/richsnippet.js?u=1NUA0VwZ4RUZ5tmAi5zA4RaplNKAlWwZ&amp;v=2%22%20async&gt;&lt;\/script&gt;%20&lt;div%20style=%22text-align:%20justify;%22&gt;&lt;br%20\/&gt;\"><\/a><\/p>\n<div class=\"brow ratingBarMargin\">\n<div class=\"ratingBar\">\n<div class=\"brow\">\n<div class=\"pe-richsnippets\">&nbsp;<\/div>\n<p><script type=\"text\/javascript\" src=\"https:\/\/www.provenexpert.com\/widget\/richsnippet.js?u=1NUA0VwZ4RUZ5tmAi5zA4RaplNKAlWwZ&amp;v=2\" async=\"\"><\/script><\/p>\n<div style=\"text-align: justify;\"><\/p>\n<div class=\"col-lg-9 col-md-8 col-xs-10 mt20 mb20\">\n<div class=\"col-xs-12 surveyNameForRating\"><\/div>\n<\/div>\n<\/div>\n<\/div>\n<\/div>\n<\/div>\n<p>[\/et_pb_testimonial][\/et_pb_column][et_pb_column type=&#8221;1_2&#8243; _builder_version=&#8221;4.18.1&#8243; _module_preset=&#8221;default&#8221; global_colors_info=&#8221;{}&#8221; theme_builder_area=&#8221;post_content&#8221;][et_pb_testimonial author=&#8221;Simone L.&#8221; portrait_url=&#8221;https:\/\/ag-frisch.com\/wp-content\/uploads\/2021\/08\/Harald.png&#8221; quote_icon=&#8221;off&#8221; _builder_version=&#8221;4.18.1&#8243; _module_preset=&#8221;default&#8221; body_font_size=&#8221;16px&#8221; use_background_color=&#8221;off&#8221; background_layout=&#8221;dark&#8221; global_colors_info=&#8221;{}&#8221; theme_builder_area=&#8221;post_content&#8221;]<\/p>\n<p>Ca\u0142a g\u00f3ra. Nie ma nic lepszego ni\u017c to. Doradzanie i wdra\u017canie nie mo\u017ce by\u0107 zrobione lepiej. Jeste\u015bmy bardziej ni\u017c zadowoleni po kilku zam\u00f3wieniach z t\u0105 firm\u0105 i kontynuowa\u0107 nasz\u0105 wsp\u00f3\u0142prac\u0119.<\/p>\n<div class=\"brow ratingBarMargin\">\n<div class=\"ratingBar\">\n<div class=\"brow\">\n<div class=\"pe-richsnippets\"> <\/div>\n<p>\n<script type=\"text\/javascript\" src=\"https:\/\/www.provenexpert.com\/widget\/richsnippet.js?u=1NUA0VwZ4RUZ5tmAi5zA4RaplNKAlWwZ&amp;v=2\" async=\"\"><\/script>\n<\/p>\n<div style=\"text-align: justify;\">\n<p>&nbsp;<\/p>\n<div class=\"col-lg-9 col-md-8 col-xs-10 mt20 mb20\">\n<div class=\"col-xs-12 surveyNameForRating\"><\/div>\n<\/div>\n<\/div>\n<\/div>\n<\/div>\n<\/div>\n<p>[\/et_pb_testimonial][\/et_pb_column][\/et_pb_row][et_pb_row _builder_version=&#8221;4.16&#8243; background_size=&#8221;initial&#8221; background_position=&#8221;top_left&#8221; background_repeat=&#8221;repeat&#8221; custom_padding=&#8221;50px|0px|30px|0px&#8221; custom_css_main_element=&#8221;text-align: center;&#8221; global_colors_info=&#8221;{}&#8221; theme_builder_area=&#8221;post_content&#8221;][et_pb_column type=&#8221;4_4&#8243; _builder_version=&#8221;4.16&#8243; custom_padding=&#8221;|||&#8221; global_colors_info=&#8221;{}&#8221; custom_padding__hover=&#8221;|||&#8221; theme_builder_area=&#8221;post_content&#8221;][et_pb_button button_url=&#8221;https:\/\/www.provenexpert.com\/de-de\/agentur-frisch-international-consulting-gmbh-und-co-kg\/&#8221; button_text=&#8221;WI\u0118CEJ OCEN&#8221; button_alignment=&#8221;left&#8221; admin_label=&#8221;Testimonial Button&#8221; _builder_version=&#8221;4.16&#8243; custom_button=&#8221;on&#8221; button_text_size=&#8221;18px&#8221; button_text_color=&#8221;#ffffff&#8221; button_bg_color=&#8221;#6eba01&#8243; button_border_width=&#8221;2px&#8221; button_border_color=&#8221;#6eba01&#8243; button_border_radius=&#8221;0px&#8221; button_letter_spacing=&#8221;2px&#8221; button_font=&#8221;Montserrat|||on|&#8221; button_use_icon=&#8221;off&#8221; animation_style=&#8221;fold&#8221; animation_direction=&#8221;bottom&#8221; button_text_color_hover=&#8221;#ffffff&#8221; button_border_color_hover=&#8221;#ffffff&#8221; button_border_radius_hover=&#8221;0px&#8221; button_letter_spacing_hover=&#8221;2px&#8221; button_bg_color_hover=&#8221;rgba(255,255,255,0)&#8221; locked=&#8221;off&#8221; global_colors_info=&#8221;{}&#8221; button_text_size__hover_enabled=&#8221;off&#8221; button_one_text_size__hover_enabled=&#8221;off&#8221; button_two_text_size__hover_enabled=&#8221;off&#8221; button_text_color__hover_enabled=&#8221;on&#8221; button_text_color__hover=&#8221;#ffffff&#8221; button_one_text_color__hover_enabled=&#8221;off&#8221; button_two_text_color__hover_enabled=&#8221;off&#8221; button_border_width__hover_enabled=&#8221;off&#8221; button_one_border_width__hover_enabled=&#8221;off&#8221; button_two_border_width__hover_enabled=&#8221;off&#8221; button_border_color__hover_enabled=&#8221;on&#8221; button_border_color__hover=&#8221;#ffffff&#8221; button_one_border_color__hover_enabled=&#8221;off&#8221; button_two_border_color__hover_enabled=&#8221;off&#8221; button_border_radius__hover_enabled=&#8221;on&#8221; button_border_radius__hover=&#8221;0px&#8221; button_one_border_radius__hover_enabled=&#8221;off&#8221; button_two_border_radius__hover_enabled=&#8221;off&#8221; button_letter_spacing__hover_enabled=&#8221;on&#8221; button_letter_spacing__hover=&#8221;2px&#8221; button_one_letter_spacing__hover_enabled=&#8221;off&#8221; button_two_letter_spacing__hover_enabled=&#8221;off&#8221; button_bg_color__hover_enabled=&#8221;on&#8221; button_bg_color__hover=&#8221;rgba(255,255,255,0)&#8221; button_one_bg_color__hover_enabled=&#8221;off&#8221; button_two_bg_color__hover_enabled=&#8221;off&#8221; theme_builder_area=&#8221;post_content&#8221;][\/et_pb_button][\/et_pb_column][\/et_pb_row][\/et_pb_section][et_pb_section fb_built=&#8221;1&#8243; _builder_version=&#8221;4.16&#8243; _module_preset=&#8221;default&#8221; global_colors_info=&#8221;{}&#8221;][\/et_pb_section]<\/p>\n","protected":false},"excerpt":{"rendered":"<p>Zajmujemy si\u0119 Twoim frachtem lotniczym z Chin i organizujemy szybk\u0105 wysy\u0142k\u0119. Fracht lotniczy z Chin Szybka wysy\u0142ka z Chin drog\u0105 lotnicz\u0105 Je\u015bli chcesz, aby Tw\u00f3j towar dotar\u0142 do Ciebie szczeg\u00f3lnie szybko, fracht lotniczy jest z regu\u0142y najlepszym rozwi\u0105zaniem. Podczas gdy w przypadku normalnej przesy\u0142ki dotarcie do Pa\u0144stwa mo\u017ce trwa\u0107 dobre cztery tygodnie, towary transportowane drog\u0105 [&hellip;]<\/p>\n","protected":false},"author":2,"featured_media":0,"parent":0,"menu_order":0,"comment_status":"closed","ping_status":"closed","template":"","meta":{"_et_pb_use_builder":"on","_et_pb_old_content":"","_et_gb_content_width":"","footnotes":""},"class_list":["post-10296","page","type-page","status-publish","hentry"],"yoast_head":"<!-- This site is optimized with the Yoast SEO plugin v27.2 - https:\/\/yoast.com\/product\/yoast-seo-wordpress\/ -->\n<title>Fracht lotniczy z Chin | Importowanie towar\u00f3w drog\u0105 powietrzn\u0105<\/title>\n<meta name=\"description\" content=\"Fracht lotniczy z Chin \u25ba Importuj swoje towary drog\u0105 lotnicz\u0105 z Chin \u25ba Kompleksowa obs\u0142uga frachtu lotniczego z Chin \u25ba Skorzystaj z porad profesjonalist\u00f3w ju\u017c teraz!\" \/>\n<meta name=\"robots\" content=\"index, follow, max-snippet:-1, max-image-preview:large, max-video-preview:-1\" \/>\n<link rel=\"canonical\" href=\"https:\/\/ag-frisch.com\/pl\/fracht-lotniczy\/\" \/>\n<meta property=\"og:locale\" content=\"pl_PL\" \/>\n<meta property=\"og:type\" content=\"article\" \/>\n<meta property=\"og:title\" content=\"Fracht lotniczy z Chin | Importowanie towar\u00f3w drog\u0105 powietrzn\u0105\" \/>\n<meta property=\"og:description\" content=\"Fracht lotniczy z Chin \u25ba Importuj swoje towary drog\u0105 lotnicz\u0105 z Chin \u25ba Kompleksowa obs\u0142uga frachtu lotniczego z Chin \u25ba Skorzystaj z porad profesjonalist\u00f3w ju\u017c teraz!\" \/>\n<meta property=\"og:url\" content=\"https:\/\/ag-frisch.com\/pl\/fracht-lotniczy\/\" \/>\n<meta property=\"og:site_name\" content=\"China Import Beratung f\u00fcr den Einkauf aus China\" \/>\n<meta property=\"article:publisher\" content=\"https:\/\/www.facebook.com\/China.Import\" \/>\n<meta property=\"article:modified_time\" content=\"2023-01-27T04:20:19+00:00\" \/>\n<meta name=\"twitter:card\" content=\"summary_large_image\" \/>\n<meta name=\"twitter:site\" content=\"@agenturfrisch\" \/>\n<meta name=\"twitter:label1\" content=\"Szacowany czas czytania\" \/>\n\t<meta name=\"twitter:data1\" content=\"8 minut\" \/>\n<script type=\"application\/ld+json\" class=\"yoast-schema-graph\">{\"@context\":\"https:\/\/schema.org\",\"@graph\":[{\"@type\":\"WebPage\",\"@id\":\"https:\/\/ag-frisch.com\/pl\/fracht-lotniczy\/\",\"url\":\"https:\/\/ag-frisch.com\/pl\/fracht-lotniczy\/\",\"name\":\"Fracht lotniczy z Chin | Importowanie towar\u00f3w drog\u0105 powietrzn\u0105\",\"isPartOf\":{\"@id\":\"https:\/\/ag-frisch.com\/de\/#website\"},\"datePublished\":\"2021-10-24T07:26:50+00:00\",\"dateModified\":\"2023-01-27T04:20:19+00:00\",\"description\":\"Fracht lotniczy z Chin \u25ba Importuj swoje towary drog\u0105 lotnicz\u0105 z Chin \u25ba Kompleksowa obs\u0142uga frachtu lotniczego z Chin \u25ba Skorzystaj z porad profesjonalist\u00f3w ju\u017c teraz!\",\"breadcrumb\":{\"@id\":\"https:\/\/ag-frisch.com\/pl\/fracht-lotniczy\/#breadcrumb\"},\"inLanguage\":\"pl-PL\",\"potentialAction\":[{\"@type\":\"ReadAction\",\"target\":[\"https:\/\/ag-frisch.com\/pl\/fracht-lotniczy\/\"]}]},{\"@type\":\"BreadcrumbList\",\"@id\":\"https:\/\/ag-frisch.com\/pl\/fracht-lotniczy\/#breadcrumb\",\"itemListElement\":[{\"@type\":\"ListItem\",\"position\":1,\"name\":\"Startseite\",\"item\":\"https:\/\/ag-frisch.com\/de\/\"},{\"@type\":\"ListItem\",\"position\":2,\"name\":\"Fracht lotniczy\"}]},{\"@type\":\"WebSite\",\"@id\":\"https:\/\/ag-frisch.com\/de\/#website\",\"url\":\"https:\/\/ag-frisch.com\/de\/\",\"name\":\"China Import Beratung f\u00fcr den Einkauf aus China\",\"description\":\"China Import &amp; Export Beratung - Der Dienstleister Ihres Vertrauens f\u00fcr Ihren China Import\",\"publisher\":{\"@id\":\"https:\/\/ag-frisch.com\/de\/#organization\"},\"potentialAction\":[{\"@type\":\"SearchAction\",\"target\":{\"@type\":\"EntryPoint\",\"urlTemplate\":\"https:\/\/ag-frisch.com\/de\/?s={search_term_string}\"},\"query-input\":{\"@type\":\"PropertyValueSpecification\",\"valueRequired\":true,\"valueName\":\"search_term_string\"}}],\"inLanguage\":\"pl-PL\"},{\"@type\":\"Organization\",\"@id\":\"https:\/\/ag-frisch.com\/de\/#organization\",\"name\":\"Agentur Frisch International Consulting GmbH & Co. KG\",\"url\":\"https:\/\/ag-frisch.com\/de\/\",\"logo\":{\"@type\":\"ImageObject\",\"inLanguage\":\"pl-PL\",\"@id\":\"https:\/\/ag-frisch.com\/de\/#\/schema\/logo\/image\/\",\"url\":\"https:\/\/ag-frisch.com\/wp-content\/uploads\/2021\/08\/ag_logo_rgb_300_small.png\",\"contentUrl\":\"https:\/\/ag-frisch.com\/wp-content\/uploads\/2021\/08\/ag_logo_rgb_300_small.png\",\"width\":153,\"height\":102,\"caption\":\"Agentur Frisch International Consulting GmbH & Co. KG\"},\"image\":{\"@id\":\"https:\/\/ag-frisch.com\/de\/#\/schema\/logo\/image\/\"},\"sameAs\":[\"https:\/\/www.facebook.com\/China.Import\",\"https:\/\/x.com\/agenturfrisch\"]}]}<\/script>\n<!-- \/ Yoast SEO plugin. -->","yoast_head_json":{"title":"Fracht lotniczy z Chin | Importowanie towar\u00f3w drog\u0105 powietrzn\u0105","description":"Fracht lotniczy z Chin \u25ba Importuj swoje towary drog\u0105 lotnicz\u0105 z Chin \u25ba Kompleksowa obs\u0142uga frachtu lotniczego z Chin \u25ba Skorzystaj z porad profesjonalist\u00f3w ju\u017c teraz!","robots":{"index":"index","follow":"follow","max-snippet":"max-snippet:-1","max-image-preview":"max-image-preview:large","max-video-preview":"max-video-preview:-1"},"canonical":"https:\/\/ag-frisch.com\/pl\/fracht-lotniczy\/","og_locale":"pl_PL","og_type":"article","og_title":"Fracht lotniczy z Chin | Importowanie towar\u00f3w drog\u0105 powietrzn\u0105","og_description":"Fracht lotniczy z Chin \u25ba Importuj swoje towary drog\u0105 lotnicz\u0105 z Chin \u25ba Kompleksowa obs\u0142uga frachtu lotniczego z Chin \u25ba Skorzystaj z porad profesjonalist\u00f3w ju\u017c teraz!","og_url":"https:\/\/ag-frisch.com\/pl\/fracht-lotniczy\/","og_site_name":"China Import Beratung f\u00fcr den Einkauf aus China","article_publisher":"https:\/\/www.facebook.com\/China.Import","article_modified_time":"2023-01-27T04:20:19+00:00","twitter_card":"summary_large_image","twitter_site":"@agenturfrisch","twitter_misc":{"Szacowany czas czytania":"8 minut"},"schema":{"@context":"https:\/\/schema.org","@graph":[{"@type":"WebPage","@id":"https:\/\/ag-frisch.com\/pl\/fracht-lotniczy\/","url":"https:\/\/ag-frisch.com\/pl\/fracht-lotniczy\/","name":"Fracht lotniczy z Chin | Importowanie towar\u00f3w drog\u0105 powietrzn\u0105","isPartOf":{"@id":"https:\/\/ag-frisch.com\/de\/#website"},"datePublished":"2021-10-24T07:26:50+00:00","dateModified":"2023-01-27T04:20:19+00:00","description":"Fracht lotniczy z Chin \u25ba Importuj swoje towary drog\u0105 lotnicz\u0105 z Chin \u25ba Kompleksowa obs\u0142uga frachtu lotniczego z Chin \u25ba Skorzystaj z porad profesjonalist\u00f3w ju\u017c teraz!","breadcrumb":{"@id":"https:\/\/ag-frisch.com\/pl\/fracht-lotniczy\/#breadcrumb"},"inLanguage":"pl-PL","potentialAction":[{"@type":"ReadAction","target":["https:\/\/ag-frisch.com\/pl\/fracht-lotniczy\/"]}]},{"@type":"BreadcrumbList","@id":"https:\/\/ag-frisch.com\/pl\/fracht-lotniczy\/#breadcrumb","itemListElement":[{"@type":"ListItem","position":1,"name":"Startseite","item":"https:\/\/ag-frisch.com\/de\/"},{"@type":"ListItem","position":2,"name":"Fracht lotniczy"}]},{"@type":"WebSite","@id":"https:\/\/ag-frisch.com\/de\/#website","url":"https:\/\/ag-frisch.com\/de\/","name":"China Import Beratung f\u00fcr den Einkauf aus China","description":"China Import &amp; Export Beratung - Der Dienstleister Ihres Vertrauens f\u00fcr Ihren China Import","publisher":{"@id":"https:\/\/ag-frisch.com\/de\/#organization"},"potentialAction":[{"@type":"SearchAction","target":{"@type":"EntryPoint","urlTemplate":"https:\/\/ag-frisch.com\/de\/?s={search_term_string}"},"query-input":{"@type":"PropertyValueSpecification","valueRequired":true,"valueName":"search_term_string"}}],"inLanguage":"pl-PL"},{"@type":"Organization","@id":"https:\/\/ag-frisch.com\/de\/#organization","name":"Agentur Frisch International Consulting GmbH & Co. KG","url":"https:\/\/ag-frisch.com\/de\/","logo":{"@type":"ImageObject","inLanguage":"pl-PL","@id":"https:\/\/ag-frisch.com\/de\/#\/schema\/logo\/image\/","url":"https:\/\/ag-frisch.com\/wp-content\/uploads\/2021\/08\/ag_logo_rgb_300_small.png","contentUrl":"https:\/\/ag-frisch.com\/wp-content\/uploads\/2021\/08\/ag_logo_rgb_300_small.png","width":153,"height":102,"caption":"Agentur Frisch International Consulting GmbH & Co. KG"},"image":{"@id":"https:\/\/ag-frisch.com\/de\/#\/schema\/logo\/image\/"},"sameAs":["https:\/\/www.facebook.com\/China.Import","https:\/\/x.com\/agenturfrisch"]}]}},"_links":{"self":[{"href":"https:\/\/ag-frisch.com\/pl\/wp-json\/wp\/v2\/pages\/10296","targetHints":{"allow":["GET"]}}],"collection":[{"href":"https:\/\/ag-frisch.com\/pl\/wp-json\/wp\/v2\/pages"}],"about":[{"href":"https:\/\/ag-frisch.com\/pl\/wp-json\/wp\/v2\/types\/page"}],"author":[{"embeddable":true,"href":"https:\/\/ag-frisch.com\/pl\/wp-json\/wp\/v2\/users\/2"}],"replies":[{"embeddable":true,"href":"https:\/\/ag-frisch.com\/pl\/wp-json\/wp\/v2\/comments?post=10296"}],"version-history":[{"count":0,"href":"https:\/\/ag-frisch.com\/pl\/wp-json\/wp\/v2\/pages\/10296\/revisions"}],"wp:attachment":[{"href":"https:\/\/ag-frisch.com\/pl\/wp-json\/wp\/v2\/media?parent=10296"}],"curies":[{"name":"wp","href":"https:\/\/api.w.org\/{rel}","templated":true}]}}