{"id":10331,"date":"2021-10-25T21:31:12","date_gmt":"2021-10-25T19:31:12","guid":{"rendered":"https:\/\/ag-frisch.com\/kontrola-produkcji\/"},"modified":"2023-01-27T05:21:26","modified_gmt":"2023-01-27T04:21:26","slug":"kontrola-produkcji","status":"publish","type":"page","link":"https:\/\/ag-frisch.com\/pl\/kontrola-produkcji\/","title":{"rendered":"Kontrola produkcji"},"content":{"rendered":"<p>[et_pb_section fb_built=&#8221;1&#8243; _builder_version=&#8221;4.16&#8243; global_colors_info=&#8221;{}&#8221;][et_pb_row _builder_version=&#8221;4.18.1&#8243; _module_preset=&#8221;default&#8221; global_colors_info=&#8221;{}&#8221;][et_pb_column type=&#8221;4_4&#8243; _builder_version=&#8221;4.18.1&#8243; _module_preset=&#8221;default&#8221; global_colors_info=&#8221;{}&#8221;][et_pb_cta title=&#8221;China Import Consulting&#8221; button_url=&#8221;https:\/\/ag-frisch.com\/pl\/kontakt\/&#8221; button_text=&#8221;Zarezerwuj konsultacj\u0119 ju\u017c teraz&#8221; _builder_version=&#8221;4.16&#8243; _module_preset=&#8221;default&#8221; global_colors_info=&#8221;{}&#8221;]<\/p>\n<p>Dzi\u0119ki poradom Agencji Importu Chin Frisch uda Ci si\u0119 prowadzi\u0107 interesy z Chinami tak, jakby robili to profesjonali\u015bci.  <\/p>\n<p>[\/et_pb_cta][\/et_pb_column][\/et_pb_row][et_pb_row _builder_version=&#8221;4.16&#8243; background_size=&#8221;initial&#8221; background_position=&#8221;top_left&#8221; background_repeat=&#8221;repeat&#8221; global_colors_info=&#8221;{}&#8221;][et_pb_column type=&#8221;4_4&#8243; _builder_version=&#8221;4.16&#8243; custom_padding=&#8221;|||&#8221; global_colors_info=&#8221;{}&#8221; custom_padding__hover=&#8221;|||&#8221;][et_pb_text _builder_version=&#8221;4.18.1&#8243; background_size=&#8221;initial&#8221; background_position=&#8221;top_left&#8221; background_repeat=&#8221;repeat&#8221; hover_enabled=&#8221;0&#8243; global_colors_info=&#8221;{}&#8221; sticky_enabled=&#8221;0&#8243;]<\/p>\n<h1>Kontrola produkcji: Monitoring produkcji w Chinach<\/h1>\n<p>Je\u017celi w Pa\u0144stwa produkcji wyst\u0119puj\u0105 pewne fazy produkcji lub odcinki produkcyjne, kt\u00f3re wymagaj\u0105 szczeg\u00f3lnego zr\u00f3\u017cnicowania lub w kt\u00f3rych szczeg\u00f3lnie cz\u0119sto wyst\u0119puj\u0105 usterki, mo\u017cemy zleci\u0107 monitorowanie tych faz w szczeg\u00f3lno\u015bci podczas kontroli podczas produkcji. Kontrola po\u015brednia ma r\u00f3wnie\u017c sens w produkcji wyrob\u00f3w, w kt\u00f3rych przer\u00f3bka by\u0142aby niemo\u017cliwa lub bardzo trudna, np. odzie\u017cy. Gdy zostanie \u017ale przyci\u0119ty, prawdopodobnie nie ma sposobu, aby go naprawi\u0107. W przypadku takich produkt\u00f3w kontrola po\u015brednia odbywa si\u0119 zwykle po 20-40 % produkcji, aby unikn\u0105\u0107 100 % odrzut\u00f3w, je\u015bli ju\u017c wyst\u0105pi\u0142y usterki, ale aby wyeliminowa\u0107 problemy bezpo\u015brednio na pocz\u0105tku lub jeszcze w czasie. W wielu przypadkach inspektor mo\u017ce r\u00f3wnie\u017c przedstawi\u0107 pomys\u0142y i wskaz\u00f3wki dotycz\u0105ce poprawy plan\u00f3w produkcyjnych w celu usprawnienia etap\u00f3w produkcji nawet w d\u0142u\u017cszym okresie czasu bez sta\u0142ego monitorowania.<\/p>\n<p>&nbsp;<\/p>\n<h1><strong>\u0179r\u00f3d\u0142a b\u0142\u0119d\u00f3w w produkcji<\/strong><\/h1>\n<p><strong> <\/strong><\/p>\n<p>Nasi pracownicy mog\u0105 zidentyfikowa\u0107 \u017ar\u00f3d\u0142a b\u0142\u0119d\u00f3w na miejscu w fabryce podczas produkcji i poprawi\u0107 jako\u015b\u0107 dla pozosta\u0142ej cz\u0119\u015bci produkcji lub zapewni\u0107 wsparcie w celu bezpo\u015bredniego unikni\u0119cia pewnych b\u0142\u0119d\u00f3w podczas kontroli niekt\u00f3rych etap\u00f3w.<\/p>\n<p>&nbsp;<\/p>\n<h2><strong>Monitorowanie produkcji Twojego zam\u00f3wienia<\/strong><\/h2>\n<p><strong>Monitorowanie i kontrola produkcji w Chinach<\/strong><\/p>\n<p>Je\u015bli wady wyst\u0119puj\u0105 seryjnie, to cz\u0119sto wynikaj\u0105 one z nieodpowiedniego monitorowania produkcji. Wa\u017cne jest, aby na tym etapie dzia\u0142alno\u015bci importowej przeprowadzi\u0107 szczeg\u00f3lnie intensywne kontrole, aby unikn\u0105\u0107 szk\u00f3d. Agencja Frisch ch\u0119tnie podejmie si\u0119 r\u00f3wnie\u017c tej us\u0142ugi dla Pa\u0144stwa. Zatrudniamy lojalnych wobec nas audytor\u00f3w, kt\u00f3rych nadzorowi nad produkcj\u0105 w Chinach mo\u017cemy zaufa\u0107. W zale\u017cno\u015bci od wymaga\u0144 i produktu mog\u0105 to by\u0107 certyfikowani eksperci, kt\u00f3rych sprowadzamy z Niemiec lub do\u015bwiadczeni lokalni asystenci. W przypadku szczeg\u00f3lnie wa\u017cnych zlece\u0144 przekonujemy si\u0119 na miejscu, \u017ce produkcja przebiega bez zak\u0142\u00f3ce\u0144.<\/p>\n<p>Wczesny i pe\u0142ny monitoring proces\u00f3w produkcyjnych w Chinach mo\u017ce uchroni\u0107 Pa\u0144stwa przed nast\u0119puj\u0105cymi brakami, np:<\/p>\n<ul>\n<li>Niew\u0142a\u015bciwe dostawy<\/li>\n<li>Wady jako\u015bciowe<\/li>\n<li>Zapomniane\/nieprawid\u0142owe dane<\/li>\n<\/ul>\n<p>&nbsp;<\/p>\n<p><strong>&#8220;Zaufanie jest dobre, kontrola jest lepsza&#8221;<\/strong><\/p>\n<p>Wierni mottu &#8220;zaufanie jest dobre, kontrola jest lepsza&#8221;, zapewniamy, \u017ce Twoje zam\u00f3wienie jest \u015bci\u015ble monitorowane podczas produkcji. W ten spos\u00f3b mo\u017cna mo\u017cliwie szybko wykry\u0107 i usun\u0105\u0107 usterki oraz wykluczy\u0107 powa\u017cne szkody nast\u0119pcze. Okaza\u0142o si\u0119, \u017ce zewn\u0119trzny monitoring produkcji w Chinach jest cz\u0119sto przydatny. Dlatego zatrudniamy w tym celu w\u0142asnych inspektor\u00f3w.<\/p>\n<p>&nbsp;<\/p>\n<p><strong>W\u0142asni inspektorzy do kontroli produkcji w Chinach<\/strong><\/p>\n<p>W celu uzyskania niezale\u017cnych wynik\u00f3w, a tym samym mo\u017cliwo\u015bci jeszcze bardziej wiarygodnego monitorowania proces\u00f3w produkcyjnych w Chinach, pracujemy z w\u0142asnymi inspektorami. S\u0105 to profesjonali\u015bci zatrudnieni na nasze zlecenie i oddani wy\u0142\u0105cznie nam. Te zazwyczaj pracuj\u0105 w trzech klasach eksperckich:<\/p>\n<ul>\n<li><strong>Asystent  <\/strong><\/li>\n<\/ul>\n<p>S\u0105 to pracownicy, z kt\u00f3rymi zazwyczaj wsp\u00f3\u0142pracujemy od lat. Wi\u0119kszo\u015b\u0107 z nich nie ma wykszta\u0142cenia in\u017cynierskiego, ale ma du\u017ce do\u015bwiadczenie zawodowe. S\u0105 to idealne sterowniki do prostych prac.<\/p>\n<p>&nbsp;<\/p>\n<ul>\n<li><strong>M\u0142odszy Ekspert<\/strong><\/li>\n<\/ul>\n<p>Nasi m\u0142odsi eksperci to absolwenci studi\u00f3w in\u017cynierskich z maksymalnie trzyletnim do\u015bwiadczeniem zawodowym. Kontrolerzy na tym poziomie eksperckim dobrze nadaj\u0105 si\u0119 do nadzorowania produkcji o \u015brednim stopniu trudno\u015bci.<\/p>\n<p>&nbsp;<\/p>\n<ul>\n<li><strong>Starszy Ekspert<\/strong><\/li>\n<\/ul>\n<p>Osoby mianowane przez nas na stanowisko Starszego Eksperta posiadaj\u0105 wykszta\u0142cenie wy\u017csze in\u017cynierskie oraz wieloletnie do\u015bwiadczenie zawodowe w odpowiedniej dziedzinie. Ci do\u015bwiadczeni eksperci mog\u0105 r\u00f3wnie\u017c monitorowa\u0107 z\u0142o\u017cone procedury i przeprowadza\u0107 trudne testy.<\/p>\n<p>&nbsp;<\/p>\n<p><strong>Ca\u0142kowity lub cz\u0119\u015bciowy monitoring produkcji w Chinach<\/strong><\/p>\n<p>W zale\u017cno\u015bci od zam\u00f3wienia mo\u017cliwe jest r\u00f3wnie\u017c, \u017ce ca\u0142y proces produkcji w Chinach nie jest \u015bci\u015ble monitorowany, ale \u017ce kontrola krytycznych podetap\u00f3w jest wystarczaj\u0105ca. Jest to rozs\u0105dny spos\u00f3b na oszcz\u0119dzanie koszt\u00f3w. Z naszym do\u015bwiadczeniem i wiedz\u0105 ch\u0119tnie doradzimy Pa\u0144stwu r\u00f3wnie\u017c w tym punkcie i stworzymy koncepcj\u0119 inspekcji.<\/p>\n<p>&nbsp;<\/p>\n<p><strong>inspekt4u &#8211; firma zajmuj\u0105ca si\u0119 inspekcj\u0105 wewn\u0119trzn\u0105<\/strong><\/p>\n<p>Wraz z inspekt4u za\u0142o\u017cyli\u015bmy sp\u00f3\u0142k\u0119 zale\u017cn\u0105, kt\u00f3ra w ca\u0142o\u015bci zajmuje si\u0119 zapewnieniem jako\u015bci Pa\u0144stwa zam\u00f3wie\u0144. Dzia\u0142amy g\u0142\u00f3wnie w Chinach, ale tak\u017ce w Indiach, Wietnamie, Tajwanie i Korei. Inspekt4u zatrudnia tylko w\u0142asnych, rzetelnych pracownik\u00f3w. Za po\u015brednictwem Agentur Frisch firma oferuje mi\u0119dzy innymi nast\u0119puj\u0105ce us\u0142ugi:<\/p>\n<ul>\n<li>Wizyta kontrolna przed produkcj\u0105 w Chinach, w razie potrzeby z audytem spo\u0142ecznym (wraz z certyfikatem)<\/li>\n<li>Testy DPI podczas produkcji w Chinach<\/li>\n<li>DSS Sortowanie wadliwych towar\u00f3w w Chinach<\/li>\n<li>PSI Kontrola towar\u00f3w przed wysy\u0142k\u0105 towar\u00f3w<\/li>\n<\/ul>\n<p>Dzi\u0119ki w\u0142asnej firmie, Agentur Frisch mo\u017ce zapewni\u0107 optymalny i niezawodny monitoring Pa\u0144stwa proces\u00f3w produkcyjnych w Chinach.<\/p>\n<p>&nbsp;<\/p>\n<p><strong>Inspekcje wideo &#8211; inspekcje jak gdyby bezpo\u015brednio na miejscu.<\/strong><\/p>\n<p>Na \u017cyczenie klienta przeprowadzamy r\u00f3wnie\u017c inspekcje wideo. Tutaj mo\u017cesz towarzyszy\u0107 inspektorowi na \u017cywo za po\u015brednictwem wideo podczas inspekcji. Pozwala to na bezpo\u015bredni\u0105 koordynacj\u0119 i zapytania podczas trwaj\u0105cej kontroli &#8211; tak jakby\u015b by\u0142 bezpo\u015brednio obecny przy kontroli produkcji w Chinach.<\/p>\n<p>&nbsp;<br \/>\n[\/et_pb_text][\/et_pb_column][\/et_pb_row][\/et_pb_section][et_pb_section fb_built=&#8221;1&#8243; admin_label=&#8221;Testimonials&#8221; _builder_version=&#8221;4.16&#8243; use_background_color_gradient=&#8221;on&#8221; background_color_gradient_stops=&#8221;rgba(0,106,156,0.85) 0%|rgba(0,106,156,0.85) 100%&#8221; background_color_gradient_start=&#8221;rgba(0,106,156,0.85)&#8221; background_color_gradient_end=&#8221;rgba(0,106,156,0.85)&#8221; custom_padding=&#8221;90px||60px|&#8221; animation_style=&#8221;fold&#8221; animation_direction=&#8221;bottom&#8221; animation_intensity_fold=&#8221;4%&#8221; global_colors_info=&#8221;{}&#8221;][et_pb_row _builder_version=&#8221;4.16&#8243; background_size=&#8221;initial&#8221; background_position=&#8221;top_left&#8221; background_repeat=&#8221;repeat&#8221; custom_width_px=&#8221;710px&#8221; locked=&#8221;off&#8221; global_colors_info=&#8221;{}&#8221;][et_pb_column type=&#8221;4_4&#8243; _builder_version=&#8221;4.16&#8243; background_position=&#8221;top_left&#8221; custom_padding=&#8221;|||&#8221; global_colors_info=&#8221;{}&#8221; custom_padding__hover=&#8221;|||&#8221;][et_pb_text admin_label=&#8221;Testimonials Section Title&#8221; _builder_version=&#8221;4.16&#8243; header_font=&#8221;Montserrat||||&#8221; header_font_size=&#8221;36px&#8221; background_size=&#8221;initial&#8221; background_position=&#8221;top_left&#8221; background_repeat=&#8221;repeat&#8221; text_orientation=&#8221;center&#8221; background_layout=&#8221;dark&#8221; max_width=&#8221;710px&#8221; module_alignment=&#8221;center&#8221; animation_style=&#8221;fold&#8221; animation_direction=&#8221;bottom&#8221; animation_intensity_fold=&#8221;20%&#8221; global_colors_info=&#8221;{}&#8221;]<\/p>\n<h1>Ponad 5000 zadowolonych klient\u00f3w.<\/h1>\n<p>&nbsp;<\/p>\n<p>[\/et_pb_text][et_pb_divider color=&#8221;#ffffff&#8221; divider_weight=&#8221;3px&#8221; disabled_on=&#8221;off|off|off&#8221; _builder_version=&#8221;4.16&#8243; background_color_gradient_direction=&#8221;90deg&#8221; max_width=&#8221;100px&#8221; module_alignment=&#8221;center&#8221; height=&#8221;5px&#8221; custom_margin=&#8221;||20px|&#8221; custom_padding=&#8221;||20px|&#8221; animation_style=&#8221;slide&#8221; animation_direction=&#8221;bottom&#8221; saved_tabs=&#8221;all&#8221; locked=&#8221;off&#8221; global_colors_info=&#8221;{}&#8221;][\/et_pb_divider][\/et_pb_column][\/et_pb_row][et_pb_row column_structure=&#8221;1_2,1_2&#8243; _builder_version=&#8221;4.18.1&#8243; _module_preset=&#8221;default&#8221; global_colors_info=&#8221;{}&#8221;][et_pb_column type=&#8221;1_2&#8243; _builder_version=&#8221;4.18.1&#8243; _module_preset=&#8221;default&#8221; global_colors_info=&#8221;{}&#8221;][et_pb_testimonial author=&#8221;Marco&#8221; portrait_url=&#8221;https:\/\/ag-frisch.com\/wp-content\/uploads\/2021\/08\/Harald.png&#8221; quote_icon=&#8221;off&#8221; _builder_version=&#8221;4.18.1&#8243; _module_preset=&#8221;default&#8221; body_font_size=&#8221;16px&#8221; use_background_color=&#8221;off&#8221; background_layout=&#8221;dark&#8221; global_colors_info=&#8221;{}&#8221;]Zleci\u0142em agencji Frisch wyprodukowanie du\u017cego mebla w Chinach, a nast\u0119pnie sprowadzenie go do Niemiec. Przez ca\u0142y czas by\u0142a sprawna komunikacja mailowa! Bardzo szybkie i rzetelne odpowiedzi stale dodawa\u0142y mi otuchy, kt\u00f3ra jest niezb\u0119dna w takim przedsi\u0119wzi\u0119ciu. Przez ca\u0142y czas pomagano mi przebrn\u0105\u0107 przez biurokratyczny g\u0105szcz, nie zapomniano o \u017cadnym formularzu ani nie wype\u0142niono go b\u0142\u0119dnie. Bardzo godne pochwa\u0142y!<a href=\"&lt;div%20class=%22pe-richsnippets%22&gt;&nbsp;&lt;\/div&gt;%20&lt;script%20type=%22text\/javascript%22%20src=%22https:\/\/www.provenexpert.com\/widget\/richsnippet.js?u=1NUA0VwZ4RUZ5tmAi5zA4RaplNKAlWwZ&amp;v=2%22%20async&gt;&lt;\/script&gt;%20&lt;div%20style=%22text-align:%20justify;%22&gt;&lt;br%20\/&gt;\"><\/a><\/p>\n<div class=\"brow ratingBarMargin\">\n<div class=\"ratingBar\">\n<div class=\"brow\">\n<div class=\"pe-richsnippets\">&nbsp;<\/div>\n<p><script type=\"text\/javascript\" src=\"https:\/\/www.provenexpert.com\/widget\/richsnippet.js?u=1NUA0VwZ4RUZ5tmAi5zA4RaplNKAlWwZ&amp;v=2\" async=\"\"><\/script><\/p>\n<div style=\"text-align: justify;\"><\/p>\n<div class=\"col-lg-9 col-md-8 col-xs-10 mt20 mb20\">\n<div class=\"col-xs-12 surveyNameForRating\"><\/div>\n<\/div>\n<\/div>\n<\/div>\n<\/div>\n<\/div>\n<p>[\/et_pb_testimonial][\/et_pb_column][et_pb_column type=&#8221;1_2&#8243; _builder_version=&#8221;4.18.1&#8243; _module_preset=&#8221;default&#8221; global_colors_info=&#8221;{}&#8221;][et_pb_testimonial author=&#8221;Simone L.&#8221; portrait_url=&#8221;https:\/\/ag-frisch.com\/wp-content\/uploads\/2021\/08\/Harald.png&#8221; quote_icon=&#8221;off&#8221; _builder_version=&#8221;4.18.1&#8243; _module_preset=&#8221;default&#8221; body_font_size=&#8221;16px&#8221; use_background_color=&#8221;off&#8221; background_layout=&#8221;dark&#8221; global_colors_info=&#8221;{}&#8221;]<\/p>\n<p>Ca\u0142a g\u00f3ra. Nie ma nic lepszego ni\u017c to. Doradzanie i wdra\u017canie nie mo\u017ce by\u0107 zrobione lepiej. Jeste\u015bmy bardziej ni\u017c zadowoleni po kilku zam\u00f3wieniach z t\u0105 firm\u0105 i kontynuowa\u0107 nasz\u0105 wsp\u00f3\u0142prac\u0119.<\/p>\n<div class=\"brow ratingBarMargin\">\n<div class=\"ratingBar\">\n<div class=\"brow\">\n<div class=\"pe-richsnippets\"> <\/div>\n<p>\n<script type=\"text\/javascript\" src=\"https:\/\/www.provenexpert.com\/widget\/richsnippet.js?u=1NUA0VwZ4RUZ5tmAi5zA4RaplNKAlWwZ&amp;v=2\" async=\"\"><\/script>\n<\/p>\n<div style=\"text-align: justify;\">\n<p>&nbsp;<\/p>\n<div class=\"col-lg-9 col-md-8 col-xs-10 mt20 mb20\">\n<div class=\"col-xs-12 surveyNameForRating\"><\/div>\n<\/div>\n<\/div>\n<\/div>\n<\/div>\n<\/div>\n<p>[\/et_pb_testimonial][\/et_pb_column][\/et_pb_row][et_pb_row _builder_version=&#8221;4.16&#8243; background_size=&#8221;initial&#8221; background_position=&#8221;top_left&#8221; background_repeat=&#8221;repeat&#8221; custom_padding=&#8221;50px|0px|30px|0px&#8221; custom_css_main_element=&#8221;text-align: center;&#8221; global_colors_info=&#8221;{}&#8221;][et_pb_column type=&#8221;4_4&#8243; _builder_version=&#8221;4.16&#8243; custom_padding=&#8221;|||&#8221; global_colors_info=&#8221;{}&#8221; custom_padding__hover=&#8221;|||&#8221;][et_pb_button button_url=&#8221;https:\/\/www.provenexpert.com\/de-de\/agentur-frisch-international-consulting-gmbh-und-co-kg\/&#8221; button_text=&#8221;WI\u0118CEJ OCEN&#8221; button_alignment=&#8221;left&#8221; admin_label=&#8221;Testimonial Button&#8221; _builder_version=&#8221;4.16&#8243; custom_button=&#8221;on&#8221; button_text_size=&#8221;18px&#8221; button_text_color=&#8221;#ffffff&#8221; button_bg_color=&#8221;#6eba01&#8243; button_border_width=&#8221;2px&#8221; button_border_color=&#8221;#6eba01&#8243; button_border_radius=&#8221;0px&#8221; button_letter_spacing=&#8221;2px&#8221; button_font=&#8221;Montserrat|||on|&#8221; button_use_icon=&#8221;off&#8221; animation_style=&#8221;fold&#8221; animation_direction=&#8221;bottom&#8221; button_text_color_hover=&#8221;#ffffff&#8221; button_border_color_hover=&#8221;#ffffff&#8221; button_border_radius_hover=&#8221;0px&#8221; button_letter_spacing_hover=&#8221;2px&#8221; button_bg_color_hover=&#8221;rgba(255,255,255,0)&#8221; locked=&#8221;off&#8221; global_colors_info=&#8221;{}&#8221; button_text_size__hover_enabled=&#8221;off&#8221; button_one_text_size__hover_enabled=&#8221;off&#8221; button_two_text_size__hover_enabled=&#8221;off&#8221; button_text_color__hover_enabled=&#8221;on&#8221; button_text_color__hover=&#8221;#ffffff&#8221; button_one_text_color__hover_enabled=&#8221;off&#8221; button_two_text_color__hover_enabled=&#8221;off&#8221; button_border_width__hover_enabled=&#8221;off&#8221; button_one_border_width__hover_enabled=&#8221;off&#8221; button_two_border_width__hover_enabled=&#8221;off&#8221; button_border_color__hover_enabled=&#8221;on&#8221; button_border_color__hover=&#8221;#ffffff&#8221; button_one_border_color__hover_enabled=&#8221;off&#8221; button_two_border_color__hover_enabled=&#8221;off&#8221; button_border_radius__hover_enabled=&#8221;on&#8221; button_border_radius__hover=&#8221;0px&#8221; button_one_border_radius__hover_enabled=&#8221;off&#8221; button_two_border_radius__hover_enabled=&#8221;off&#8221; button_letter_spacing__hover_enabled=&#8221;on&#8221; button_letter_spacing__hover=&#8221;2px&#8221; button_one_letter_spacing__hover_enabled=&#8221;off&#8221; button_two_letter_spacing__hover_enabled=&#8221;off&#8221; button_bg_color__hover_enabled=&#8221;on&#8221; button_bg_color__hover=&#8221;rgba(255,255,255,0)&#8221; button_one_bg_color__hover_enabled=&#8221;off&#8221; button_two_bg_color__hover_enabled=&#8221;off&#8221;][\/et_pb_button][\/et_pb_column][\/et_pb_row][\/et_pb_section]<\/p>\n","protected":false},"excerpt":{"rendered":"<p>Dzi\u0119ki poradom Agencji Importu Chin Frisch uda Ci si\u0119 prowadzi\u0107 interesy z Chinami tak, jakby robili to profesjonali\u015bci. Kontrola produkcji: Monitoring produkcji w Chinach Je\u017celi w Pa\u0144stwa produkcji wyst\u0119puj\u0105 pewne fazy produkcji lub odcinki produkcyjne, kt\u00f3re wymagaj\u0105 szczeg\u00f3lnego zr\u00f3\u017cnicowania lub w kt\u00f3rych szczeg\u00f3lnie cz\u0119sto wyst\u0119puj\u0105 usterki, mo\u017cemy zleci\u0107 monitorowanie tych faz w szczeg\u00f3lno\u015bci podczas kontroli [&hellip;]<\/p>\n","protected":false},"author":2,"featured_media":0,"parent":0,"menu_order":0,"comment_status":"closed","ping_status":"closed","template":"","meta":{"_et_pb_use_builder":"on","_et_pb_old_content":"","_et_gb_content_width":"","footnotes":""},"class_list":["post-10331","page","type-page","status-publish","hentry"],"yoast_head":"<!-- This site is optimized with the Yoast SEO plugin v27.2 - https:\/\/yoast.com\/product\/yoast-seo-wordpress\/ -->\n<title>Kontrola produkcji w Chinach - Monitorowanie produkcji<\/title>\n<meta name=\"description\" content=\"Kontrola produkcji w Chinach \u25ba Monitoring produkcji Twojego zam\u00f3wienia na miejscu w Chinach \u25ba Zaufanie jest dobre, kontrola jest lepsza \u25ba Skorzystaj z porady ju\u017c teraz!\" \/>\n<meta name=\"robots\" content=\"index, follow, max-snippet:-1, max-image-preview:large, max-video-preview:-1\" \/>\n<link rel=\"canonical\" href=\"https:\/\/ag-frisch.com\/pl\/kontrola-produkcji\/\" \/>\n<meta property=\"og:locale\" content=\"pl_PL\" \/>\n<meta property=\"og:type\" content=\"article\" \/>\n<meta property=\"og:title\" content=\"Kontrola produkcji w Chinach - Monitorowanie produkcji\" \/>\n<meta property=\"og:description\" content=\"Kontrola produkcji w Chinach \u25ba Monitoring produkcji Twojego zam\u00f3wienia na miejscu w Chinach \u25ba Zaufanie jest dobre, kontrola jest lepsza \u25ba Skorzystaj z porady ju\u017c teraz!\" \/>\n<meta property=\"og:url\" content=\"https:\/\/ag-frisch.com\/pl\/kontrola-produkcji\/\" \/>\n<meta property=\"og:site_name\" content=\"China Import Beratung f\u00fcr den Einkauf aus China\" \/>\n<meta property=\"article:publisher\" content=\"https:\/\/www.facebook.com\/China.Import\" \/>\n<meta property=\"article:modified_time\" content=\"2023-01-27T04:21:26+00:00\" \/>\n<meta name=\"twitter:card\" content=\"summary_large_image\" \/>\n<meta name=\"twitter:site\" content=\"@agenturfrisch\" \/>\n<meta name=\"twitter:label1\" content=\"Szacowany czas czytania\" \/>\n\t<meta name=\"twitter:data1\" content=\"9 minut\" \/>\n<script type=\"application\/ld+json\" class=\"yoast-schema-graph\">{\"@context\":\"https:\/\/schema.org\",\"@graph\":[{\"@type\":\"WebPage\",\"@id\":\"https:\/\/ag-frisch.com\/pl\/kontrola-produkcji\/\",\"url\":\"https:\/\/ag-frisch.com\/pl\/kontrola-produkcji\/\",\"name\":\"Kontrola produkcji w Chinach - Monitorowanie produkcji\",\"isPartOf\":{\"@id\":\"https:\/\/ag-frisch.com\/de\/#website\"},\"datePublished\":\"2021-10-25T19:31:12+00:00\",\"dateModified\":\"2023-01-27T04:21:26+00:00\",\"description\":\"Kontrola produkcji w Chinach \u25ba Monitoring produkcji Twojego zam\u00f3wienia na miejscu w Chinach \u25ba Zaufanie jest dobre, kontrola jest lepsza \u25ba Skorzystaj z porady ju\u017c teraz!\",\"breadcrumb\":{\"@id\":\"https:\/\/ag-frisch.com\/pl\/kontrola-produkcji\/#breadcrumb\"},\"inLanguage\":\"pl-PL\",\"potentialAction\":[{\"@type\":\"ReadAction\",\"target\":[\"https:\/\/ag-frisch.com\/pl\/kontrola-produkcji\/\"]}]},{\"@type\":\"BreadcrumbList\",\"@id\":\"https:\/\/ag-frisch.com\/pl\/kontrola-produkcji\/#breadcrumb\",\"itemListElement\":[{\"@type\":\"ListItem\",\"position\":1,\"name\":\"Startseite\",\"item\":\"https:\/\/ag-frisch.com\/de\/\"},{\"@type\":\"ListItem\",\"position\":2,\"name\":\"Kontrola produkcji\"}]},{\"@type\":\"WebSite\",\"@id\":\"https:\/\/ag-frisch.com\/de\/#website\",\"url\":\"https:\/\/ag-frisch.com\/de\/\",\"name\":\"China Import Beratung f\u00fcr den Einkauf aus China\",\"description\":\"China Import &amp; Export Beratung - Der Dienstleister Ihres Vertrauens f\u00fcr Ihren China Import\",\"publisher\":{\"@id\":\"https:\/\/ag-frisch.com\/de\/#organization\"},\"potentialAction\":[{\"@type\":\"SearchAction\",\"target\":{\"@type\":\"EntryPoint\",\"urlTemplate\":\"https:\/\/ag-frisch.com\/de\/?s={search_term_string}\"},\"query-input\":{\"@type\":\"PropertyValueSpecification\",\"valueRequired\":true,\"valueName\":\"search_term_string\"}}],\"inLanguage\":\"pl-PL\"},{\"@type\":\"Organization\",\"@id\":\"https:\/\/ag-frisch.com\/de\/#organization\",\"name\":\"Agentur Frisch International Consulting GmbH & Co. KG\",\"url\":\"https:\/\/ag-frisch.com\/de\/\",\"logo\":{\"@type\":\"ImageObject\",\"inLanguage\":\"pl-PL\",\"@id\":\"https:\/\/ag-frisch.com\/de\/#\/schema\/logo\/image\/\",\"url\":\"https:\/\/ag-frisch.com\/wp-content\/uploads\/2021\/08\/ag_logo_rgb_300_small.png\",\"contentUrl\":\"https:\/\/ag-frisch.com\/wp-content\/uploads\/2021\/08\/ag_logo_rgb_300_small.png\",\"width\":153,\"height\":102,\"caption\":\"Agentur Frisch International Consulting GmbH & Co. KG\"},\"image\":{\"@id\":\"https:\/\/ag-frisch.com\/de\/#\/schema\/logo\/image\/\"},\"sameAs\":[\"https:\/\/www.facebook.com\/China.Import\",\"https:\/\/x.com\/agenturfrisch\"]}]}<\/script>\n<!-- \/ Yoast SEO plugin. -->","yoast_head_json":{"title":"Kontrola produkcji w Chinach - Monitorowanie produkcji","description":"Kontrola produkcji w Chinach \u25ba Monitoring produkcji Twojego zam\u00f3wienia na miejscu w Chinach \u25ba Zaufanie jest dobre, kontrola jest lepsza \u25ba Skorzystaj z porady ju\u017c teraz!","robots":{"index":"index","follow":"follow","max-snippet":"max-snippet:-1","max-image-preview":"max-image-preview:large","max-video-preview":"max-video-preview:-1"},"canonical":"https:\/\/ag-frisch.com\/pl\/kontrola-produkcji\/","og_locale":"pl_PL","og_type":"article","og_title":"Kontrola produkcji w Chinach - Monitorowanie produkcji","og_description":"Kontrola produkcji w Chinach \u25ba Monitoring produkcji Twojego zam\u00f3wienia na miejscu w Chinach \u25ba Zaufanie jest dobre, kontrola jest lepsza \u25ba Skorzystaj z porady ju\u017c teraz!","og_url":"https:\/\/ag-frisch.com\/pl\/kontrola-produkcji\/","og_site_name":"China Import Beratung f\u00fcr den Einkauf aus China","article_publisher":"https:\/\/www.facebook.com\/China.Import","article_modified_time":"2023-01-27T04:21:26+00:00","twitter_card":"summary_large_image","twitter_site":"@agenturfrisch","twitter_misc":{"Szacowany czas czytania":"9 minut"},"schema":{"@context":"https:\/\/schema.org","@graph":[{"@type":"WebPage","@id":"https:\/\/ag-frisch.com\/pl\/kontrola-produkcji\/","url":"https:\/\/ag-frisch.com\/pl\/kontrola-produkcji\/","name":"Kontrola produkcji w Chinach - Monitorowanie produkcji","isPartOf":{"@id":"https:\/\/ag-frisch.com\/de\/#website"},"datePublished":"2021-10-25T19:31:12+00:00","dateModified":"2023-01-27T04:21:26+00:00","description":"Kontrola produkcji w Chinach \u25ba Monitoring produkcji Twojego zam\u00f3wienia na miejscu w Chinach \u25ba Zaufanie jest dobre, kontrola jest lepsza \u25ba Skorzystaj z porady ju\u017c teraz!","breadcrumb":{"@id":"https:\/\/ag-frisch.com\/pl\/kontrola-produkcji\/#breadcrumb"},"inLanguage":"pl-PL","potentialAction":[{"@type":"ReadAction","target":["https:\/\/ag-frisch.com\/pl\/kontrola-produkcji\/"]}]},{"@type":"BreadcrumbList","@id":"https:\/\/ag-frisch.com\/pl\/kontrola-produkcji\/#breadcrumb","itemListElement":[{"@type":"ListItem","position":1,"name":"Startseite","item":"https:\/\/ag-frisch.com\/de\/"},{"@type":"ListItem","position":2,"name":"Kontrola produkcji"}]},{"@type":"WebSite","@id":"https:\/\/ag-frisch.com\/de\/#website","url":"https:\/\/ag-frisch.com\/de\/","name":"China Import Beratung f\u00fcr den Einkauf aus China","description":"China Import &amp; Export Beratung - Der Dienstleister Ihres Vertrauens f\u00fcr Ihren China Import","publisher":{"@id":"https:\/\/ag-frisch.com\/de\/#organization"},"potentialAction":[{"@type":"SearchAction","target":{"@type":"EntryPoint","urlTemplate":"https:\/\/ag-frisch.com\/de\/?s={search_term_string}"},"query-input":{"@type":"PropertyValueSpecification","valueRequired":true,"valueName":"search_term_string"}}],"inLanguage":"pl-PL"},{"@type":"Organization","@id":"https:\/\/ag-frisch.com\/de\/#organization","name":"Agentur Frisch International Consulting GmbH & Co. KG","url":"https:\/\/ag-frisch.com\/de\/","logo":{"@type":"ImageObject","inLanguage":"pl-PL","@id":"https:\/\/ag-frisch.com\/de\/#\/schema\/logo\/image\/","url":"https:\/\/ag-frisch.com\/wp-content\/uploads\/2021\/08\/ag_logo_rgb_300_small.png","contentUrl":"https:\/\/ag-frisch.com\/wp-content\/uploads\/2021\/08\/ag_logo_rgb_300_small.png","width":153,"height":102,"caption":"Agentur Frisch International Consulting GmbH & Co. KG"},"image":{"@id":"https:\/\/ag-frisch.com\/de\/#\/schema\/logo\/image\/"},"sameAs":["https:\/\/www.facebook.com\/China.Import","https:\/\/x.com\/agenturfrisch"]}]}},"_links":{"self":[{"href":"https:\/\/ag-frisch.com\/pl\/wp-json\/wp\/v2\/pages\/10331","targetHints":{"allow":["GET"]}}],"collection":[{"href":"https:\/\/ag-frisch.com\/pl\/wp-json\/wp\/v2\/pages"}],"about":[{"href":"https:\/\/ag-frisch.com\/pl\/wp-json\/wp\/v2\/types\/page"}],"author":[{"embeddable":true,"href":"https:\/\/ag-frisch.com\/pl\/wp-json\/wp\/v2\/users\/2"}],"replies":[{"embeddable":true,"href":"https:\/\/ag-frisch.com\/pl\/wp-json\/wp\/v2\/comments?post=10331"}],"version-history":[{"count":0,"href":"https:\/\/ag-frisch.com\/pl\/wp-json\/wp\/v2\/pages\/10331\/revisions"}],"wp:attachment":[{"href":"https:\/\/ag-frisch.com\/pl\/wp-json\/wp\/v2\/media?parent=10331"}],"curies":[{"name":"wp","href":"https:\/\/api.w.org\/{rel}","templated":true}]}}