{"id":10433,"date":"2021-10-25T22:00:55","date_gmt":"2021-10-25T20:00:55","guid":{"rendered":"https:\/\/ag-frisch.com\/wstepna-kontrola-probek\/"},"modified":"2023-01-27T05:21:36","modified_gmt":"2023-01-27T04:21:36","slug":"wstepna-kontrola-probek","status":"publish","type":"page","link":"https:\/\/ag-frisch.com\/pl\/wstepna-kontrola-probek\/","title":{"rendered":"Wst\u0119pna kontrola pr\u00f3bek"},"content":{"rendered":"<p>[et_pb_section fb_built=&#8221;1&#8243; _builder_version=&#8221;4.16&#8243; global_colors_info=&#8221;{}&#8221;][et_pb_row _builder_version=&#8221;4.18.1&#8243; _module_preset=&#8221;default&#8221; global_colors_info=&#8221;{}&#8221;][et_pb_column type=&#8221;4_4&#8243; _builder_version=&#8221;4.18.1&#8243; _module_preset=&#8221;default&#8221; global_colors_info=&#8221;{}&#8221;][et_pb_cta title=&#8221;Wst\u0119pne badanie pr\u00f3bek&#8221; button_url=&#8221;https:\/\/ag-frisch.com\/pl\/kontakt\/&#8221; button_text=&#8221;Zarezerwuj egzamin teraz&#8221; _builder_version=&#8221;4.18.1&#8243; _module_preset=&#8221;default&#8221; global_colors_info=&#8221;{}&#8221;]<\/p>\n<p>Za po\u015brednictwem China Import Agency Frisch mo\u017cna zleci\u0107 przeprowadzenie wst\u0119pnej kontroli pr\u00f3bek produkt\u00f3w wielkogabarytowych przez naszych specjalist\u00f3w bezpo\u015brednio w Chinach.<\/p>\n<p>[\/et_pb_cta][\/et_pb_column][\/et_pb_row][et_pb_row _builder_version=&#8221;4.16&#8243; background_size=&#8221;initial&#8221; background_position=&#8221;top_left&#8221; background_repeat=&#8221;repeat&#8221; global_colors_info=&#8221;{}&#8221;][et_pb_column type=&#8221;4_4&#8243; _builder_version=&#8221;4.16&#8243; custom_padding=&#8221;|||&#8221; global_colors_info=&#8221;{}&#8221; custom_padding__hover=&#8221;|||&#8221;][et_pb_text _builder_version=&#8221;4.18.1&#8243; background_size=&#8221;initial&#8221; background_position=&#8221;top_left&#8221; background_repeat=&#8221;repeat&#8221; hover_enabled=&#8221;0&#8243; global_colors_info=&#8221;{}&#8221; sticky_enabled=&#8221;0&#8243;]<\/p>\n<h1>Kontrola pr\u00f3bek i badanie pr\u00f3bek dla importu z Chin<\/h1>\n<p>Je\u015bli nie jest mo\u017cliwe, aby\u015b sam polecia\u0142 do Chin lub koszty by\u0142yby nieproporcjonalne, z przyjemno\u015bci\u0105 przeprowadzimy r\u00f3wnie\u017c badanie wst\u0119pnej pr\u00f3bki w Chinach. Wi\u0119kszo\u015b\u0107 artyku\u0142\u00f3w mo\u017cna wys\u0142a\u0107 do Niemiec jako pr\u00f3bki, inaczej jest w przypadku bardzo du\u017cych produkt\u00f3w, takich jak maszyny, pojazdy czy du\u017ce meble, gdzie kontrola jest mo\u017cliwa tylko na miejscu. Nasi in\u017cynierowie sumiennie testuj\u0105 produkt i zazwyczaj nagrywaj\u0105 te\u017c dla Ciebie r\u00f3\u017cne filmy, aby\u015b m\u00f3g\u0142 jak najlepiej oceni\u0107 jako\u015b\u0107 produktu. Podczas kontroli, kt\u00f3ra odbywa si\u0119 tylko na podstawie pr\u00f3bki przed produkcj\u0105, mo\u017cna r\u00f3wnie\u017c sprawdzi\u0107 materia\u0142y eksploatacyjne lub surowce, kt\u00f3re s\u0105 planowane do produkcji masowej, aby ewentualnie unikn\u0105\u0107 wad spowodowanych przez niew\u0142a\u015bciwe lub niskiej jako\u015bci materia\u0142y.<\/p>\n<p><strong>Badanie pr\u00f3bek wielkogabarytowych bezpo\u015brednio w Chinach<\/strong><\/p>\n<p>Wst\u0119pne pr\u00f3bki s\u0105 niezb\u0119dne do sprawdzenia, czy wszystko jest zgodne z Pa\u0144stwa \u017cyczeniem, zanim rozpocznie si\u0119 produkcja seryjna. Kolor, tekstur\u0119, rozmiar i jako\u015b\u0107 Pa\u0144stwa produktu mo\u017cna ustali\u0107 ponad wszelk\u0105 w\u0105tpliwo\u015b\u0107 tylko na podstawie wst\u0119pnej pr\u00f3bki. Wi\u0119kszo\u015b\u0107 wst\u0119pnych pr\u00f3bek mo\u017ce zosta\u0107 wys\u0142ana do Pa\u0144stwa w Niemczech przez producenta. Istniej\u0105 jednak produkty, dla kt\u00f3rych wysy\u0142ka pr\u00f3bki wst\u0119pnej jest trudna; w tym przypadku testowanie pr\u00f3bek wielkogabarytowych bezpo\u015brednio w Chinach jest opcj\u0105. Na przyk\u0142ad przejmujemy za Ciebie obowi\u0105zki:<\/p>\n<ul>\n<li>Kontrola mebli wielkogabarytowych w Chinach<\/li>\n<li>Badanie maszyn (maszyn przemys\u0142owych) w Chinach<\/li>\n<li>Badanie \u0142adowarek ko\u0142owych i maszyn budowlanych w Chinach<\/li>\n<li>Testowanie samochod\u00f3w, ci\u0119\u017car\u00f3wek, pojazd\u00f3w w Chinach<\/li>\n<\/ul>\n<p>W zasadzie mo\u017cna je r\u00f3wnie\u017c sprowadzi\u0107 do Niemiec jako pr\u00f3bki wst\u0119pne. Jednak wysi\u0142ek i koszty z tym zwi\u0105zane s\u0105 zwykle niewsp\u00f3\u0142mierne do korzy\u015bci &#8211; i istniej\u0105 sensowne alternatywy.<\/p>\n<p>&nbsp;<\/p>\n<p><strong>Alternatywne opcje badania pr\u00f3bek wielkogabarytowych bezpo\u015brednio w Chinach<\/strong><\/p>\n<p>Zatrudniamy do\u015bwiadczonych i rzetelnych in\u017cynier\u00f3w, kt\u00f3rzy wspieraj\u0105 nas w testowaniu towar\u00f3w na miejscu w Chinach. Ci inspektorzy s\u0105 wobec nas lojalni i wykonuj\u0105 sprawdzon\u0105, dobr\u0105 prac\u0119. Istnieje mo\u017cliwo\u015b\u0107 zlecenia naszym in\u017cynierom wykonania nagrania wideo z badania pr\u00f3bki wielkogabarytowej w Chinach. Odbywa si\u0119 to w taki spos\u00f3b, \u017ce jest to wysoce informatywne, a wszelkie rozbie\u017cno\u015bci mo\u017cna zawczasu wyja\u015bni\u0107. Wst\u0119pna kontrola pr\u00f3bek za pomoc\u0105 zapisu wideo jest wygodn\u0105 i dobr\u0105 opcj\u0105 dla Pa\u0144stwa, aby przekona\u0107 si\u0119 do swojego produktu i bezpo\u015brednio wskaza\u0107 \u017c\u0105dania zmian.<\/p>\n<p>&nbsp;<\/p>\n<p><strong>Badanie materia\u0142u poprzez kontrol\u0119 pierwszego artyku\u0142u za pomoc\u0105 wideo<\/strong><\/p>\n<p>W trakcie wideorejestracji sporz\u0105dza si\u0119 r\u00f3wnie\u017c protoko\u0142y dotycz\u0105ce materia\u0142\u00f3w lub dostaw u\u017cytych do produkcji masowej. Dzi\u0119ki temu mo\u017cesz dok\u0142adnie zbada\u0107 surowce, kt\u00f3re p\u00f3\u017aniej zostan\u0105 wykorzystane do produkcji Twojego produktu. W ten spos\u00f3b mo\u017cna zmniejszy\u0107 ryzyko nieporozumie\u0144 i b\u0142\u0119d\u00f3w, ale tak\u017ce gorszych materia\u0142\u00f3w.<\/p>\n<p>&nbsp;<\/p>\n<p><strong>Testowanie mebli wielkogabarytowych w Chinach<\/strong><\/p>\n<p>W\u015br\u00f3d przedmiot\u00f3w, kt\u00f3re tylko warunkowo nadaj\u0105 si\u0119 do wysy\u0142ki wst\u0119pnych pr\u00f3bek do Niemiec, s\u0105 du\u017ce meble. W przypadku testowania mebli o du\u017cych gabarytach, wskazane jest r\u00f3wnie\u017c, aby zleci\u0107 to lokalnie w Chinach. Elementy mebli, kt\u00f3re powiniene\u015b mie\u0107 sprawdzone w Chinach to m.in:<\/p>\n<ul>\n<li>Kredensy i szafy<\/li>\n<li>\u0141\u00f3\u017cko ma\u0142\u017ce\u0144skie, pi\u0119trowe i podw\u00f3jne<\/li>\n<li>Du\u017ca komoda i szafki ekspozycyjne<\/li>\n<li>Du\u017ce sto\u0142y do pisania i jadalni<\/li>\n<\/ul>\n<p>Je\u015bli twoje towary s\u0105 replikami zabytkowych mebli lub innych szczeg\u00f3lnie wysokiej jako\u015bci lub specjalnych przedmiot\u00f3w, zatrudniamy tylko wykwalifikowany personel do kontroli twoich niepor\u0119cznych mebli w Chinach.<\/p>\n<p>&nbsp;<\/p>\n<p><strong>Maszyny do bada\u0144 w Chinach<\/strong><\/p>\n<p>Pi\u0142y ta\u015bmowe, tokarki, frezarki CNC, strugarki, wykrawarki i nitownice, no\u017cyce gilotynowe czy prasy kraw\u0119dziowe &#8211; lista maszyn przemys\u0142owych, kt\u00f3re mo\u017cemy dostarczy\u0107 z Chin jest d\u0142uga. To, co \u0142\u0105czy te maszyny, to fakt, \u017ce ich pierwsze pr\u00f3bki z trudem nadaj\u0105 si\u0119 do wysy\u0142ki do Niemiec. Tutaj wst\u0119pna inspekcja pr\u00f3bki za pomoc\u0105 wideo przez naszych in\u017cynier\u00f3w ma absolutny sens. Przejmuj\u0105 za Ciebie testowanie maszyn w Chinach prawie tak dobrze, jakby\u015b sam tam by\u0142.<\/p>\n<p>&nbsp;<\/p>\n<p><strong>Maszyny budowlane &amp; Co: Testowanie \u0142adowarek ko\u0142owych w Chinach<\/strong><\/p>\n<p>R\u00f3wnie\u017c w dziedzinie maszyn budowlanych Agentur Frisch importuje dla Pa\u0144stwa wszystkie dost\u0119pne maszyny, a nawet ich wst\u0119pne pr\u00f3bki mog\u0105 by\u0107 wys\u0142ane tylko przy wysokich kosztach i wysi\u0142ku. Taniej, praktyczniej i szybciej jest zleci\u0107 naszym wyszkolonym specjalistom przeprowadzenie test\u00f3w \u0142adowarek ko\u0142owych w Chinach.<\/p>\n<p>&nbsp;<\/p>\n<p><strong>Wst\u0119pna kontrola wyrywkowa samochod\u00f3w osobowych, ci\u0119\u017carowych i innych pojazd\u00f3w<\/strong><\/p>\n<p>Importujemy r\u00f3wnie\u017c pojazdy i du\u017ce cz\u0119\u015bci samochodowe bezpo\u015brednio z Chin. Wst\u0119pna pr\u00f3bka wykonana zgodnie z Pa\u0144stwa \u017cyczeniem jest sprawdzana przez naszych in\u017cynier\u00f3w i przedstawiana Pa\u0144stwu za pomoc\u0105 szczeg\u00f3\u0142owego zapisu wideo. W ten spos\u00f3b mo\u017cna zorientowa\u0107 si\u0119 w pocz\u0105tkowej pr\u00f3bce i na tej podstawie zleci\u0107 dalsze zmiany.<br \/>\n[\/et_pb_text][\/et_pb_column][\/et_pb_row][\/et_pb_section][et_pb_section fb_built=&#8221;1&#8243; admin_label=&#8221;Testimonials&#8221; _builder_version=&#8221;4.16&#8243; use_background_color_gradient=&#8221;on&#8221; background_color_gradient_stops=&#8221;rgba(0,106,156,0.85) 0%|rgba(0,106,156,0.85) 100%&#8221; background_color_gradient_start=&#8221;rgba(0,106,156,0.85)&#8221; background_color_gradient_end=&#8221;rgba(0,106,156,0.85)&#8221; custom_padding=&#8221;90px||60px|&#8221; animation_style=&#8221;fold&#8221; animation_direction=&#8221;bottom&#8221; animation_intensity_fold=&#8221;4%&#8221; global_colors_info=&#8221;{}&#8221;][et_pb_row _builder_version=&#8221;4.16&#8243; background_size=&#8221;initial&#8221; background_position=&#8221;top_left&#8221; background_repeat=&#8221;repeat&#8221; custom_width_px=&#8221;710px&#8221; locked=&#8221;off&#8221; global_colors_info=&#8221;{}&#8221;][et_pb_column type=&#8221;4_4&#8243; _builder_version=&#8221;4.16&#8243; background_position=&#8221;top_left&#8221; custom_padding=&#8221;|||&#8221; global_colors_info=&#8221;{}&#8221; custom_padding__hover=&#8221;|||&#8221;][et_pb_text admin_label=&#8221;Testimonials Section Title&#8221; _builder_version=&#8221;4.16&#8243; header_font=&#8221;Montserrat||||&#8221; header_font_size=&#8221;36px&#8221; background_size=&#8221;initial&#8221; background_position=&#8221;top_left&#8221; background_repeat=&#8221;repeat&#8221; text_orientation=&#8221;center&#8221; background_layout=&#8221;dark&#8221; max_width=&#8221;710px&#8221; module_alignment=&#8221;center&#8221; animation_style=&#8221;fold&#8221; animation_direction=&#8221;bottom&#8221; animation_intensity_fold=&#8221;20%&#8221; global_colors_info=&#8221;{}&#8221;]<\/p>\n<h1>Ponad 5000 zadowolonych klient\u00f3w.<\/h1>\n<p>&nbsp;<\/p>\n<p>[\/et_pb_text][et_pb_divider color=&#8221;#ffffff&#8221; divider_weight=&#8221;3px&#8221; disabled_on=&#8221;off|off|off&#8221; _builder_version=&#8221;4.16&#8243; background_color_gradient_direction=&#8221;90deg&#8221; max_width=&#8221;100px&#8221; module_alignment=&#8221;center&#8221; height=&#8221;5px&#8221; custom_margin=&#8221;||20px|&#8221; custom_padding=&#8221;||20px|&#8221; animation_style=&#8221;slide&#8221; animation_direction=&#8221;bottom&#8221; saved_tabs=&#8221;all&#8221; locked=&#8221;off&#8221; global_colors_info=&#8221;{}&#8221;][\/et_pb_divider][\/et_pb_column][\/et_pb_row][et_pb_row column_structure=&#8221;1_2,1_2&#8243; _builder_version=&#8221;4.18.1&#8243; _module_preset=&#8221;default&#8221; global_colors_info=&#8221;{}&#8221;][et_pb_column type=&#8221;1_2&#8243; _builder_version=&#8221;4.18.1&#8243; _module_preset=&#8221;default&#8221; global_colors_info=&#8221;{}&#8221;][et_pb_testimonial author=&#8221;Marco&#8221; portrait_url=&#8221;https:\/\/ag-frisch.com\/wp-content\/uploads\/2021\/08\/Harald.png&#8221; quote_icon=&#8221;off&#8221; _builder_version=&#8221;4.18.1&#8243; _module_preset=&#8221;default&#8221; body_font_size=&#8221;16px&#8221; use_background_color=&#8221;off&#8221; background_layout=&#8221;dark&#8221; global_colors_info=&#8221;{}&#8221;]Zleci\u0142em agencji Frisch wyprodukowanie du\u017cego mebla w Chinach, a nast\u0119pnie sprowadzenie go do Niemiec. Przez ca\u0142y czas by\u0142a sprawna komunikacja mailowa! Bardzo szybkie i rzetelne odpowiedzi stale dodawa\u0142y mi otuchy, kt\u00f3ra jest niezb\u0119dna w takim przedsi\u0119wzi\u0119ciu. Przez ca\u0142y czas pomagano mi przebrn\u0105\u0107 przez biurokratyczny g\u0105szcz, nie zapomniano o \u017cadnym formularzu ani nie wype\u0142niono go b\u0142\u0119dnie. Bardzo godne pochwa\u0142y!<a href=\"&lt;div%20class=%22pe-richsnippets%22&gt;&nbsp;&lt;\/div&gt;%20&lt;script%20type=%22text\/javascript%22%20src=%22https:\/\/www.provenexpert.com\/widget\/richsnippet.js?u=1NUA0VwZ4RUZ5tmAi5zA4RaplNKAlWwZ&amp;v=2%22%20async&gt;&lt;\/script&gt;%20&lt;div%20style=%22text-align:%20justify;%22&gt;&lt;br%20\/&gt;\"><\/a><\/p>\n<div class=\"brow ratingBarMargin\">\n<div class=\"ratingBar\">\n<div class=\"brow\">\n<div class=\"pe-richsnippets\">&nbsp;<\/div>\n<p><script type=\"text\/javascript\" src=\"https:\/\/www.provenexpert.com\/widget\/richsnippet.js?u=1NUA0VwZ4RUZ5tmAi5zA4RaplNKAlWwZ&amp;v=2\" async=\"\"><\/script><\/p>\n<div style=\"text-align: justify;\"><\/p>\n<div class=\"col-lg-9 col-md-8 col-xs-10 mt20 mb20\">\n<div class=\"col-xs-12 surveyNameForRating\"><\/div>\n<\/div>\n<\/div>\n<\/div>\n<\/div>\n<\/div>\n<p>[\/et_pb_testimonial][\/et_pb_column][et_pb_column type=&#8221;1_2&#8243; _builder_version=&#8221;4.18.1&#8243; _module_preset=&#8221;default&#8221; global_colors_info=&#8221;{}&#8221;][et_pb_testimonial author=&#8221;Simone L.&#8221; portrait_url=&#8221;https:\/\/ag-frisch.com\/wp-content\/uploads\/2021\/08\/Harald.png&#8221; quote_icon=&#8221;off&#8221; _builder_version=&#8221;4.18.1&#8243; _module_preset=&#8221;default&#8221; body_font_size=&#8221;16px&#8221; use_background_color=&#8221;off&#8221; background_layout=&#8221;dark&#8221; global_colors_info=&#8221;{}&#8221;]<\/p>\n<p>Ca\u0142a g\u00f3ra. Nie ma nic lepszego ni\u017c to. Doradzanie i wdra\u017canie nie mo\u017ce by\u0107 zrobione lepiej. Jeste\u015bmy bardziej ni\u017c zadowoleni po kilku zam\u00f3wieniach z t\u0105 firm\u0105 i kontynuowa\u0107 nasz\u0105 wsp\u00f3\u0142prac\u0119.<\/p>\n<div class=\"brow ratingBarMargin\">\n<div class=\"ratingBar\">\n<div class=\"brow\">\n<div class=\"pe-richsnippets\"> <\/div>\n<p>\n<script type=\"text\/javascript\" src=\"https:\/\/www.provenexpert.com\/widget\/richsnippet.js?u=1NUA0VwZ4RUZ5tmAi5zA4RaplNKAlWwZ&amp;v=2\" async=\"\"><\/script>\n<\/p>\n<div style=\"text-align: justify;\">\n<p>&nbsp;<\/p>\n<div class=\"col-lg-9 col-md-8 col-xs-10 mt20 mb20\">\n<div class=\"col-xs-12 surveyNameForRating\"><\/div>\n<\/div>\n<\/div>\n<\/div>\n<\/div>\n<\/div>\n<p>[\/et_pb_testimonial][\/et_pb_column][\/et_pb_row][et_pb_row _builder_version=&#8221;4.16&#8243; background_size=&#8221;initial&#8221; background_position=&#8221;top_left&#8221; background_repeat=&#8221;repeat&#8221; custom_padding=&#8221;50px|0px|30px|0px&#8221; custom_css_main_element=&#8221;text-align: center;&#8221; global_colors_info=&#8221;{}&#8221;][et_pb_column type=&#8221;4_4&#8243; _builder_version=&#8221;4.16&#8243; custom_padding=&#8221;|||&#8221; global_colors_info=&#8221;{}&#8221; custom_padding__hover=&#8221;|||&#8221;][et_pb_button button_url=&#8221;https:\/\/www.provenexpert.com\/de-de\/agentur-frisch-international-consulting-gmbh-und-co-kg\/&#8221; button_text=&#8221;WI\u0118CEJ OCEN&#8221; button_alignment=&#8221;left&#8221; admin_label=&#8221;Testimonial Button&#8221; _builder_version=&#8221;4.16&#8243; custom_button=&#8221;on&#8221; button_text_size=&#8221;18px&#8221; button_text_color=&#8221;#ffffff&#8221; button_bg_color=&#8221;#6eba01&#8243; button_border_width=&#8221;2px&#8221; button_border_color=&#8221;#6eba01&#8243; button_border_radius=&#8221;0px&#8221; button_letter_spacing=&#8221;2px&#8221; button_font=&#8221;Montserrat|||on|&#8221; button_use_icon=&#8221;off&#8221; animation_style=&#8221;fold&#8221; animation_direction=&#8221;bottom&#8221; button_text_color_hover=&#8221;#ffffff&#8221; button_border_color_hover=&#8221;#ffffff&#8221; button_border_radius_hover=&#8221;0px&#8221; button_letter_spacing_hover=&#8221;2px&#8221; button_bg_color_hover=&#8221;rgba(255,255,255,0)&#8221; locked=&#8221;off&#8221; global_colors_info=&#8221;{}&#8221; button_text_size__hover_enabled=&#8221;off&#8221; button_one_text_size__hover_enabled=&#8221;off&#8221; button_two_text_size__hover_enabled=&#8221;off&#8221; button_text_color__hover_enabled=&#8221;on&#8221; button_text_color__hover=&#8221;#ffffff&#8221; button_one_text_color__hover_enabled=&#8221;off&#8221; button_two_text_color__hover_enabled=&#8221;off&#8221; button_border_width__hover_enabled=&#8221;off&#8221; button_one_border_width__hover_enabled=&#8221;off&#8221; button_two_border_width__hover_enabled=&#8221;off&#8221; button_border_color__hover_enabled=&#8221;on&#8221; button_border_color__hover=&#8221;#ffffff&#8221; button_one_border_color__hover_enabled=&#8221;off&#8221; button_two_border_color__hover_enabled=&#8221;off&#8221; button_border_radius__hover_enabled=&#8221;on&#8221; button_border_radius__hover=&#8221;0px&#8221; button_one_border_radius__hover_enabled=&#8221;off&#8221; button_two_border_radius__hover_enabled=&#8221;off&#8221; button_letter_spacing__hover_enabled=&#8221;on&#8221; button_letter_spacing__hover=&#8221;2px&#8221; button_one_letter_spacing__hover_enabled=&#8221;off&#8221; button_two_letter_spacing__hover_enabled=&#8221;off&#8221; button_bg_color__hover_enabled=&#8221;on&#8221; button_bg_color__hover=&#8221;rgba(255,255,255,0)&#8221; button_one_bg_color__hover_enabled=&#8221;off&#8221; button_two_bg_color__hover_enabled=&#8221;off&#8221;][\/et_pb_button][\/et_pb_column][\/et_pb_row][\/et_pb_section]<\/p>\n","protected":false},"excerpt":{"rendered":"<p>Za po\u015brednictwem China Import Agency Frisch mo\u017cna zleci\u0107 przeprowadzenie wst\u0119pnej kontroli pr\u00f3bek produkt\u00f3w wielkogabarytowych przez naszych specjalist\u00f3w bezpo\u015brednio w Chinach.Kontrola pr\u00f3bek i badanie pr\u00f3bek dla importu z Chin Je\u015bli nie jest mo\u017cliwe, aby\u015b sam polecia\u0142 do Chin lub koszty by\u0142yby nieproporcjonalne, z przyjemno\u015bci\u0105 przeprowadzimy r\u00f3wnie\u017c badanie wst\u0119pnej pr\u00f3bki w Chinach. Wi\u0119kszo\u015b\u0107 artyku\u0142\u00f3w mo\u017cna wys\u0142a\u0107 do [&hellip;]<\/p>\n","protected":false},"author":2,"featured_media":0,"parent":0,"menu_order":0,"comment_status":"closed","ping_status":"closed","template":"","meta":{"_et_pb_use_builder":"on","_et_pb_old_content":"","_et_gb_content_width":"","footnotes":""},"class_list":["post-10433","page","type-page","status-publish","hentry"],"yoast_head":"<!-- This site is optimized with the Yoast SEO plugin v27.2 - https:\/\/yoast.com\/product\/yoast-seo-wordpress\/ -->\n<title>Kontrola pr\u00f3bek: Kontrola pr\u00f3bek dla importu z Chin<\/title>\n<meta name=\"description\" content=\"Kontrola pr\u00f3bek w Chinach import \u25ba Profesjonalna kontrola pr\u00f3bek bezpo\u015brednio w Chinach \u2714 Meble \u2714 Maszyny \u2714 Pojazdy \u25ba Zle\u0107 kontrol\u0119 pr\u00f3bek teraz!\" \/>\n<meta name=\"robots\" content=\"index, follow, max-snippet:-1, max-image-preview:large, max-video-preview:-1\" \/>\n<link rel=\"canonical\" href=\"https:\/\/ag-frisch.com\/pl\/wstepna-kontrola-probek\/\" \/>\n<meta property=\"og:locale\" content=\"pl_PL\" \/>\n<meta property=\"og:type\" content=\"article\" \/>\n<meta property=\"og:title\" content=\"Kontrola pr\u00f3bek: Kontrola pr\u00f3bek dla importu z Chin\" \/>\n<meta property=\"og:description\" content=\"Kontrola pr\u00f3bek w Chinach import \u25ba Profesjonalna kontrola pr\u00f3bek bezpo\u015brednio w Chinach \u2714 Meble \u2714 Maszyny \u2714 Pojazdy \u25ba Zle\u0107 kontrol\u0119 pr\u00f3bek teraz!\" \/>\n<meta property=\"og:url\" content=\"https:\/\/ag-frisch.com\/pl\/wstepna-kontrola-probek\/\" \/>\n<meta property=\"og:site_name\" content=\"China Import Beratung f\u00fcr den Einkauf aus China\" \/>\n<meta property=\"article:publisher\" content=\"https:\/\/www.facebook.com\/China.Import\" \/>\n<meta property=\"article:modified_time\" content=\"2023-01-27T04:21:36+00:00\" \/>\n<meta name=\"twitter:card\" content=\"summary_large_image\" \/>\n<meta name=\"twitter:site\" content=\"@agenturfrisch\" \/>\n<meta name=\"twitter:label1\" content=\"Szacowany czas czytania\" \/>\n\t<meta name=\"twitter:data1\" content=\"9 minut\" \/>\n<script type=\"application\/ld+json\" class=\"yoast-schema-graph\">{\"@context\":\"https:\/\/schema.org\",\"@graph\":[{\"@type\":\"WebPage\",\"@id\":\"https:\/\/ag-frisch.com\/pl\/wstepna-kontrola-probek\/\",\"url\":\"https:\/\/ag-frisch.com\/pl\/wstepna-kontrola-probek\/\",\"name\":\"Kontrola pr\u00f3bek: Kontrola pr\u00f3bek dla importu z Chin\",\"isPartOf\":{\"@id\":\"https:\/\/ag-frisch.com\/de\/#website\"},\"datePublished\":\"2021-10-25T20:00:55+00:00\",\"dateModified\":\"2023-01-27T04:21:36+00:00\",\"description\":\"Kontrola pr\u00f3bek w Chinach import \u25ba Profesjonalna kontrola pr\u00f3bek bezpo\u015brednio w Chinach \u2714 Meble \u2714 Maszyny \u2714 Pojazdy \u25ba Zle\u0107 kontrol\u0119 pr\u00f3bek teraz!\",\"breadcrumb\":{\"@id\":\"https:\/\/ag-frisch.com\/pl\/wstepna-kontrola-probek\/#breadcrumb\"},\"inLanguage\":\"pl-PL\",\"potentialAction\":[{\"@type\":\"ReadAction\",\"target\":[\"https:\/\/ag-frisch.com\/pl\/wstepna-kontrola-probek\/\"]}]},{\"@type\":\"BreadcrumbList\",\"@id\":\"https:\/\/ag-frisch.com\/pl\/wstepna-kontrola-probek\/#breadcrumb\",\"itemListElement\":[{\"@type\":\"ListItem\",\"position\":1,\"name\":\"Startseite\",\"item\":\"https:\/\/ag-frisch.com\/de\/\"},{\"@type\":\"ListItem\",\"position\":2,\"name\":\"Wst\u0119pna kontrola pr\u00f3bek\"}]},{\"@type\":\"WebSite\",\"@id\":\"https:\/\/ag-frisch.com\/de\/#website\",\"url\":\"https:\/\/ag-frisch.com\/de\/\",\"name\":\"China Import Beratung f\u00fcr den Einkauf aus China\",\"description\":\"China Import &amp; Export Beratung - Der Dienstleister Ihres Vertrauens f\u00fcr Ihren China Import\",\"publisher\":{\"@id\":\"https:\/\/ag-frisch.com\/de\/#organization\"},\"potentialAction\":[{\"@type\":\"SearchAction\",\"target\":{\"@type\":\"EntryPoint\",\"urlTemplate\":\"https:\/\/ag-frisch.com\/de\/?s={search_term_string}\"},\"query-input\":{\"@type\":\"PropertyValueSpecification\",\"valueRequired\":true,\"valueName\":\"search_term_string\"}}],\"inLanguage\":\"pl-PL\"},{\"@type\":\"Organization\",\"@id\":\"https:\/\/ag-frisch.com\/de\/#organization\",\"name\":\"Agentur Frisch International Consulting GmbH & Co. KG\",\"url\":\"https:\/\/ag-frisch.com\/de\/\",\"logo\":{\"@type\":\"ImageObject\",\"inLanguage\":\"pl-PL\",\"@id\":\"https:\/\/ag-frisch.com\/de\/#\/schema\/logo\/image\/\",\"url\":\"https:\/\/ag-frisch.com\/wp-content\/uploads\/2021\/08\/ag_logo_rgb_300_small.png\",\"contentUrl\":\"https:\/\/ag-frisch.com\/wp-content\/uploads\/2021\/08\/ag_logo_rgb_300_small.png\",\"width\":153,\"height\":102,\"caption\":\"Agentur Frisch International Consulting GmbH & Co. KG\"},\"image\":{\"@id\":\"https:\/\/ag-frisch.com\/de\/#\/schema\/logo\/image\/\"},\"sameAs\":[\"https:\/\/www.facebook.com\/China.Import\",\"https:\/\/x.com\/agenturfrisch\"]}]}<\/script>\n<!-- \/ Yoast SEO plugin. -->","yoast_head_json":{"title":"Kontrola pr\u00f3bek: Kontrola pr\u00f3bek dla importu z Chin","description":"Kontrola pr\u00f3bek w Chinach import \u25ba Profesjonalna kontrola pr\u00f3bek bezpo\u015brednio w Chinach \u2714 Meble \u2714 Maszyny \u2714 Pojazdy \u25ba Zle\u0107 kontrol\u0119 pr\u00f3bek teraz!","robots":{"index":"index","follow":"follow","max-snippet":"max-snippet:-1","max-image-preview":"max-image-preview:large","max-video-preview":"max-video-preview:-1"},"canonical":"https:\/\/ag-frisch.com\/pl\/wstepna-kontrola-probek\/","og_locale":"pl_PL","og_type":"article","og_title":"Kontrola pr\u00f3bek: Kontrola pr\u00f3bek dla importu z Chin","og_description":"Kontrola pr\u00f3bek w Chinach import \u25ba Profesjonalna kontrola pr\u00f3bek bezpo\u015brednio w Chinach \u2714 Meble \u2714 Maszyny \u2714 Pojazdy \u25ba Zle\u0107 kontrol\u0119 pr\u00f3bek teraz!","og_url":"https:\/\/ag-frisch.com\/pl\/wstepna-kontrola-probek\/","og_site_name":"China Import Beratung f\u00fcr den Einkauf aus China","article_publisher":"https:\/\/www.facebook.com\/China.Import","article_modified_time":"2023-01-27T04:21:36+00:00","twitter_card":"summary_large_image","twitter_site":"@agenturfrisch","twitter_misc":{"Szacowany czas czytania":"9 minut"},"schema":{"@context":"https:\/\/schema.org","@graph":[{"@type":"WebPage","@id":"https:\/\/ag-frisch.com\/pl\/wstepna-kontrola-probek\/","url":"https:\/\/ag-frisch.com\/pl\/wstepna-kontrola-probek\/","name":"Kontrola pr\u00f3bek: Kontrola pr\u00f3bek dla importu z Chin","isPartOf":{"@id":"https:\/\/ag-frisch.com\/de\/#website"},"datePublished":"2021-10-25T20:00:55+00:00","dateModified":"2023-01-27T04:21:36+00:00","description":"Kontrola pr\u00f3bek w Chinach import \u25ba Profesjonalna kontrola pr\u00f3bek bezpo\u015brednio w Chinach \u2714 Meble \u2714 Maszyny \u2714 Pojazdy \u25ba Zle\u0107 kontrol\u0119 pr\u00f3bek teraz!","breadcrumb":{"@id":"https:\/\/ag-frisch.com\/pl\/wstepna-kontrola-probek\/#breadcrumb"},"inLanguage":"pl-PL","potentialAction":[{"@type":"ReadAction","target":["https:\/\/ag-frisch.com\/pl\/wstepna-kontrola-probek\/"]}]},{"@type":"BreadcrumbList","@id":"https:\/\/ag-frisch.com\/pl\/wstepna-kontrola-probek\/#breadcrumb","itemListElement":[{"@type":"ListItem","position":1,"name":"Startseite","item":"https:\/\/ag-frisch.com\/de\/"},{"@type":"ListItem","position":2,"name":"Wst\u0119pna kontrola pr\u00f3bek"}]},{"@type":"WebSite","@id":"https:\/\/ag-frisch.com\/de\/#website","url":"https:\/\/ag-frisch.com\/de\/","name":"China Import Beratung f\u00fcr den Einkauf aus China","description":"China Import &amp; Export Beratung - Der Dienstleister Ihres Vertrauens f\u00fcr Ihren China Import","publisher":{"@id":"https:\/\/ag-frisch.com\/de\/#organization"},"potentialAction":[{"@type":"SearchAction","target":{"@type":"EntryPoint","urlTemplate":"https:\/\/ag-frisch.com\/de\/?s={search_term_string}"},"query-input":{"@type":"PropertyValueSpecification","valueRequired":true,"valueName":"search_term_string"}}],"inLanguage":"pl-PL"},{"@type":"Organization","@id":"https:\/\/ag-frisch.com\/de\/#organization","name":"Agentur Frisch International Consulting GmbH & Co. KG","url":"https:\/\/ag-frisch.com\/de\/","logo":{"@type":"ImageObject","inLanguage":"pl-PL","@id":"https:\/\/ag-frisch.com\/de\/#\/schema\/logo\/image\/","url":"https:\/\/ag-frisch.com\/wp-content\/uploads\/2021\/08\/ag_logo_rgb_300_small.png","contentUrl":"https:\/\/ag-frisch.com\/wp-content\/uploads\/2021\/08\/ag_logo_rgb_300_small.png","width":153,"height":102,"caption":"Agentur Frisch International Consulting GmbH & Co. KG"},"image":{"@id":"https:\/\/ag-frisch.com\/de\/#\/schema\/logo\/image\/"},"sameAs":["https:\/\/www.facebook.com\/China.Import","https:\/\/x.com\/agenturfrisch"]}]}},"_links":{"self":[{"href":"https:\/\/ag-frisch.com\/pl\/wp-json\/wp\/v2\/pages\/10433","targetHints":{"allow":["GET"]}}],"collection":[{"href":"https:\/\/ag-frisch.com\/pl\/wp-json\/wp\/v2\/pages"}],"about":[{"href":"https:\/\/ag-frisch.com\/pl\/wp-json\/wp\/v2\/types\/page"}],"author":[{"embeddable":true,"href":"https:\/\/ag-frisch.com\/pl\/wp-json\/wp\/v2\/users\/2"}],"replies":[{"embeddable":true,"href":"https:\/\/ag-frisch.com\/pl\/wp-json\/wp\/v2\/comments?post=10433"}],"version-history":[{"count":0,"href":"https:\/\/ag-frisch.com\/pl\/wp-json\/wp\/v2\/pages\/10433\/revisions"}],"wp:attachment":[{"href":"https:\/\/ag-frisch.com\/pl\/wp-json\/wp\/v2\/media?parent=10433"}],"curies":[{"name":"wp","href":"https:\/\/api.w.org\/{rel}","templated":true}]}}