{"id":10438,"date":"2021-10-25T21:52:18","date_gmt":"2021-10-25T19:52:18","guid":{"rendered":"https:\/\/ag-frisch.com\/kontrola-towarow\/"},"modified":"2023-01-27T05:21:37","modified_gmt":"2023-01-27T04:21:37","slug":"kontrola-towarow","status":"publish","type":"page","link":"https:\/\/ag-frisch.com\/pl\/kontrola-towarow\/","title":{"rendered":"Kontrola towar\u00f3w"},"content":{"rendered":"<p>[et_pb_section fb_built=&#8221;1&#8243; _builder_version=&#8221;4.16&#8243; _module_preset=&#8221;default&#8221; global_colors_info=&#8221;{}&#8221;][et_pb_row _builder_version=&#8221;4.16&#8243; _module_preset=&#8221;default&#8221; global_colors_info=&#8221;{}&#8221;][et_pb_column type=&#8221;4_4&#8243; _builder_version=&#8221;4.16&#8243; _module_preset=&#8221;default&#8221; global_colors_info=&#8221;{}&#8221;][et_pb_cta title=&#8221;Kontrola towar\u00f3w w Chinach&#8221; button_url=&#8221;https:\/\/ag-frisch.com\/pl\/kontakt\/&#8221; button_text=&#8221;Ju\u017c teraz zarezerwuj inspekcj\u0119 w Chinach&#8221; _builder_version=&#8221;4.16&#8243; _module_preset=&#8221;default&#8221; global_colors_info=&#8221;{}&#8221;]<\/p>\n<p>Dzi\u0119ki kontroli towar\u00f3w w Chinach, maj\u0105 Pa\u0144stwo pewno\u015b\u0107 co do jako\u015bci produktu, zanim towar opu\u015bci Chiny.  <\/p>\n<p>[\/et_pb_cta][et_pb_text _builder_version=&#8221;4.16&#8243; _module_preset=&#8221;default&#8221; global_colors_info=&#8221;{}&#8221;]<\/p>\n<h1>Kontrola towar\u00f3w w Chinach<\/h1>\n<p>W przypadku kontroli towar\u00f3w, towar jest ksi\u0119gowany zaraz po zako\u0144czeniu pakowania przedmiot\u00f3w. Ma to na celu zapewnienie, \u017ce towary zosta\u0142y wyprodukowane zgodnie ze specyfikacj\u0105 kupuj\u0105cego i \u017ce wyprodukowana ilo\u015b\u0107 odpowiada specyfikacji kupuj\u0105cego. Oferujemy inspekcje w szczeg\u00f3lno\u015bci w Chinach, Tajwanie, Wietnamie, Korei Po\u0142udniowej i Indiach. Inspektor pobiera pr\u00f3bki z towar\u00f3w i sprawdza je wizualnie pod k\u0105tem og\u00f3lnego wygl\u0105du, jako\u015bci, wymiar\u00f3w, koloru, opakowania i innych wa\u017cnych szczeg\u00f3\u0142\u00f3w produktu, przede wszystkim szczeg\u00f3\u0142\u00f3w, kt\u00f3re okre\u015blili Pa\u0144stwo jako szczeg\u00f3lnie wa\u017cne przy rezerwacji kontroli.  <\/p>\n<p>&nbsp;<\/p>\n<h2>Testowanie zgodnie z AQL<\/h2>\n<p>Jako\u015b\u0107 produktu: Jako\u015b\u0107 produktu ko\u0144cowego jest sprawdzana z uwzgl\u0119dnieniem dopuszczalnej granicy jako\u015bci (AQL). Je\u015bli pr\u00f3bka zosta\u0142a wys\u0142ana do inspektora, to inspektor por\u00f3wnuje jako\u015b\u0107 na podstawie pr\u00f3bki, w przeciwnym razie zale\u017cy od Twoich dok\u0142adnych opis\u00f3w. Podczas kontroli nale\u017cy r\u00f3wnie\u017c oceni\u0107 opakowanie transportowe, aby unikn\u0105\u0107 uszkodze\u0144 w transporcie. Inne wa\u017cne szczeg\u00f3\u0142y, takie jak funkcje, w\u0142a\u015bciwo\u015bci techniczne i obs\u0142uga, mog\u0105 by\u0107 testowane zgodnie ze specyfikacj\u0105 u\u017cytkownika, pod warunkiem, \u017ce fabryka posiada urz\u0105dzenia testowe, kt\u00f3re mog\u0105 by\u0107 do tego celu niezb\u0119dne. Oczywi\u015bcie sprawdzenie oznakowania jest r\u00f3wnie\u017c cz\u0119\u015bci\u0105 zakresu kontroli towar\u00f3w, poniewa\u017c nieprawid\u0142owe oznakowanie produktu i\/lub opakowania mo\u017ce prowadzi\u0107 do ostrze\u017ce\u0144, grzywien, wycofania z rynku lub z\u0142ej klasyfikacji towar\u00f3w.  <\/p>\n<p>&nbsp;<\/p>\n<h2>Kontrola towar\u00f3w przed wysy\u0142k\u0105 towar\u00f3w z Chin jest niezb\u0119dna<\/h2>\n<p>&nbsp;<\/p>\n<p>Dzi\u0119ki globalizacji w prawie wszystkich krajach &#8211; tak\u017ce w Niemczech &#8211; znajduj\u0105 si\u0119 produkty z innych cz\u0119\u015bci \u015bwiata. Po tym, jak Niemcy musia\u0142y w tym roku odda\u0107 tytu\u0142 &#8220;eksportowego mistrza \u015bwiata&#8221; Chinom, mo\u017cna si\u0119 zastanawia\u0107, co stanie si\u0119 z jako\u015bci\u0105 produkt\u00f3w wytwarzanych za granic\u0105, zw\u0142aszcza w obliczu silnego wzrostu gospodarczego.<span> <\/span><strong>Przyw\u00f3z z Chin<\/strong><span> <\/span>wygl\u0105da.<\/p>\n<p><strong>Towary z Chin<\/strong><span> <\/span>lub innych kraj\u00f3w azjatyckich s\u0105 bardzo popularne w Niemczech ze wzgl\u0119du na nisk\u0105 cen\u0119, ale wiadomo te\u017c, \u017ce s\u0105 gorszej jako\u015bci, co jest tylko cz\u0119\u015bciowo prawd\u0105. Produkty z Chin r\u00f3wnie\u017c mog\u0105 by\u0107 wysokiej jako\u015bci, cho\u0107 ich udzia\u0142 jest ni\u017cszy w por\u00f3wnaniu z Niemcami. Ale dlaczego jako\u015b\u0107 jest \u015brednio gorsza ni\u017c w innych krajach?<\/p>\n<p>Firmy cz\u0119sto przenosz\u0105 swoj\u0105 produkcj\u0119 do tych region\u00f3w &#8211; zw\u0142aszcza do Chin &#8211; poniewa\u017c towary mog\u0105 by\u0107 produkowane bardzo tanio ze wzgl\u0119du na brak przepis\u00f3w prawa, regulacji \u015brodowiskowych i niskie koszty pracy. Niestety, cz\u0119sto wprowadza si\u0119 dodatkowe oszcz\u0119dno\u015bci na materia\u0142ach i maszynach, aby jeszcze bardziej zwi\u0119kszy\u0107 zyski. Ponadto pracownicy cz\u0119sto musz\u0105 pracowa\u0107 pod siln\u0105 presj\u0105 czasu, przez co cz\u0119\u015bci nie mog\u0105 by\u0107 dok\u0142adnie zmontowane i sprawdzone, a towary zwykle opuszczaj\u0105 fabryk\u0119 bez sprawdzenia ich funkcjonalno\u015bci.<\/p>\n<p>Produkty wytwarzane w Chinach s\u0105 nast\u0119pnie przywo\u017cone statkami do Niemiec i innych kraj\u00f3w i mog\u0105 by\u0107 tam sprzedawane po bardzo korzystnej cenie pomimo koszt\u00f3w transportu i c\u0142a. W por\u00f3wnaniu z Chinami, w Niemczech istnieje wiele wytycznych, kt\u00f3re musz\u0105 by\u0107 przestrzegane przy produkcji towar\u00f3w. Dodatkowo koszty pracy dla pracownik\u00f3w w Niemczech s\u0105 ponad 5 razy wy\u017csze. Ponadto, wytwarzane produkty podlegaj\u0105 \u015bcis\u0142ym<span> <\/span><strong>Kontrole jako\u015bci<\/strong>, kt\u00f3re maj\u0105 na celu ochron\u0119 konsumenta i utrudnienie produkcji towar\u00f3w niespe\u0142niaj\u0105cych norm. Wszystkie te czynniki odpowiadaj\u0105 za stosunkowo wysokie ceny.<\/p>\n<p>Czy zatem towary z Chin s\u0105 z\u0142e? Odpowied\u017a na to pytanie brzmi zdecydowanie nie. W Chinach s\u0105 r\u00f3wnie\u017c firmy, kt\u00f3re produkuj\u0105 produkty bardzo wysokiej jako\u015bci, tak jak w Niemczech s\u0105 produkty w r\u00f3\u017cnych kategoriach cenowych\/jako\u015bciowych. Dlaczego wysokiej jako\u015bci produkty z Chin nie s\u0105 tak znane w Niemczech? W Niemczech oczekuje si\u0119 towar\u00f3w wysokiej jako\u015bci, a poniewa\u017c towary wysokiej jako\u015bci produkowane s\u0105 najcz\u0119\u015bciej na zlecenie du\u017cych zagranicznych firm markowych (OEM), nie traci si\u0119 uwagi na to, \u017ce s\u0105 to r\u00f3wnie\u017c towary z Chin. Z kolei wielu mniejszych importer\u00f3w zaniedbuje temat<span> <\/span><strong>Gwarancja jako\u015bci<span> <\/span><\/strong>lub chc\u0105 p\u0142aci\u0107 tak ma\u0142o za towar, \u017ce producenci mog\u0105 u\u017cywa\u0107 tylko gorszych materia\u0142\u00f3w.<\/p>\n<p>Chiny s\u0105, nawet je\u015bli nie s\u0105 zbyt znane, na wysokim poziomie technicznym, co wida\u0107 bardzo dobrze na przyk\u0142ad w przemy\u015ble samochodowym. Importowane modele cz\u0119sto zawieraj\u0105 wiele technologii, kt\u00f3re s\u0105 produkowane w tych regionach \u015bwiata, ale dla klienta jest to ma\u0142o widoczne. Og\u00f3lnie rzecz bior\u0105c, w dzisiejszych czasach, jako konsument, nie mo\u017cna ju\u017c wiedzie\u0107, gdzie zosta\u0142 wyprodukowany produkt, kt\u00f3ry kupuj\u0119. Mimo \u017ce na opakowaniu podane jest miejsce produkcji, klient nie wie, czy poszczeg\u00f3lne cz\u0119\u015bci zosta\u0142y wyprodukowane za granic\u0105 mimo piecz\u0119ci &#8220;Made in Germany&#8221;.<\/p>\n<p>Przez swoje w\u0142asne<span> <\/span><strong>Zapewnienie jako\u015bci w Chinach<\/strong><span> <\/span>mo\u017cna znacznie zminimalizowa\u0107 ryzyko w jako\u015bci w\u0142asnego importu z Chin. Dlatego te\u017c niezb\u0119dne jest przeprowadzanie kontroli jako\u015bci i<span> <\/span><a title=\"Kontrola towar\u00f3w w Chinach\" href=\"http:\/\/www.wareninspektion.de\/\">Kontrole towar\u00f3w<\/a><span> <\/span>kt\u00f3re nale\u017cy przeprowadzi\u0107 przy sprowadzaniu produkt\u00f3w z Chin.<\/p>\n<p>[\/et_pb_text][\/et_pb_column][\/et_pb_row][\/et_pb_section][et_pb_section fb_built=&#8221;1&#8243; admin_label=&#8221;Testimonials&#8221; _builder_version=&#8221;4.16&#8243; use_background_color_gradient=&#8221;on&#8221; background_color_gradient_stops=&#8221;rgba(0,106,156,0.85) 0%|rgba(0,106,156,0.85) 100%&#8221; background_color_gradient_start=&#8221;rgba(0,106,156,0.85)&#8221; background_color_gradient_end=&#8221;rgba(0,106,156,0.85)&#8221; custom_padding=&#8221;90px||60px|&#8221; animation_style=&#8221;fold&#8221; animation_direction=&#8221;bottom&#8221; animation_intensity_fold=&#8221;4%&#8221; global_colors_info=&#8221;{}&#8221; theme_builder_area=&#8221;post_content&#8221;][et_pb_row _builder_version=&#8221;4.16&#8243; background_size=&#8221;initial&#8221; background_position=&#8221;top_left&#8221; background_repeat=&#8221;repeat&#8221; custom_width_px=&#8221;710px&#8221; locked=&#8221;off&#8221; global_colors_info=&#8221;{}&#8221; theme_builder_area=&#8221;post_content&#8221;][et_pb_column type=&#8221;4_4&#8243; _builder_version=&#8221;4.16&#8243; background_position=&#8221;top_left&#8221; custom_padding=&#8221;|||&#8221; global_colors_info=&#8221;{}&#8221; custom_padding__hover=&#8221;|||&#8221; theme_builder_area=&#8221;post_content&#8221;][et_pb_text admin_label=&#8221;Testimonials Section Title&#8221; _builder_version=&#8221;4.16&#8243; header_font=&#8221;Montserrat||||&#8221; header_font_size=&#8221;36px&#8221; background_size=&#8221;initial&#8221; background_position=&#8221;top_left&#8221; background_repeat=&#8221;repeat&#8221; text_orientation=&#8221;center&#8221; background_layout=&#8221;dark&#8221; max_width=&#8221;710px&#8221; module_alignment=&#8221;center&#8221; animation_style=&#8221;fold&#8221; animation_direction=&#8221;bottom&#8221; animation_intensity_fold=&#8221;20%&#8221; global_colors_info=&#8221;{}&#8221; theme_builder_area=&#8221;post_content&#8221;]<\/p>\n<h1>Ponad 5000 zadowolonych klient\u00f3w.<\/h1>\n<p>&nbsp;<\/p>\n<p>[\/et_pb_text][et_pb_divider color=&#8221;#ffffff&#8221; divider_weight=&#8221;3px&#8221; disabled_on=&#8221;off|off|off&#8221; _builder_version=&#8221;4.16&#8243; background_color_gradient_direction=&#8221;90deg&#8221; max_width=&#8221;100px&#8221; module_alignment=&#8221;center&#8221; height=&#8221;5px&#8221; custom_margin=&#8221;||20px|&#8221; custom_padding=&#8221;||20px|&#8221; animation_style=&#8221;slide&#8221; animation_direction=&#8221;bottom&#8221; saved_tabs=&#8221;all&#8221; locked=&#8221;off&#8221; global_colors_info=&#8221;{}&#8221; theme_builder_area=&#8221;post_content&#8221;][\/et_pb_divider][\/et_pb_column][\/et_pb_row][et_pb_row column_structure=&#8221;1_2,1_2&#8243; _builder_version=&#8221;4.18.1&#8243; _module_preset=&#8221;default&#8221; global_colors_info=&#8221;{}&#8221; theme_builder_area=&#8221;post_content&#8221;][et_pb_column type=&#8221;1_2&#8243; _builder_version=&#8221;4.18.1&#8243; _module_preset=&#8221;default&#8221; global_colors_info=&#8221;{}&#8221; theme_builder_area=&#8221;post_content&#8221;][et_pb_testimonial author=&#8221;Marco&#8221; portrait_url=&#8221;https:\/\/ag-frisch.com\/wp-content\/uploads\/2021\/08\/Harald.png&#8221; quote_icon=&#8221;off&#8221; _builder_version=&#8221;4.18.1&#8243; _module_preset=&#8221;default&#8221; body_font_size=&#8221;16px&#8221; use_background_color=&#8221;off&#8221; background_layout=&#8221;dark&#8221; global_colors_info=&#8221;{}&#8221; theme_builder_area=&#8221;post_content&#8221;]Zleci\u0142em agencji Frisch wyprodukowanie du\u017cego mebla w Chinach, a nast\u0119pnie sprowadzenie go do Niemiec. Przez ca\u0142y czas by\u0142a sprawna komunikacja mailowa! Bardzo szybkie i rzetelne odpowiedzi stale dodawa\u0142y mi otuchy, kt\u00f3ra jest niezb\u0119dna w takim przedsi\u0119wzi\u0119ciu. Przez ca\u0142y czas pomagano mi przebrn\u0105\u0107 przez biurokratyczny g\u0105szcz, nie zapomniano o \u017cadnym formularzu ani nie wype\u0142niono go b\u0142\u0119dnie. Bardzo godne pochwa\u0142y!<a href=\"&lt;div%20class=%22pe-richsnippets%22&gt;&nbsp;&lt;\/div&gt;%20&lt;script%20type=%22text\/javascript%22%20src=%22https:\/\/www.provenexpert.com\/widget\/richsnippet.js?u=1NUA0VwZ4RUZ5tmAi5zA4RaplNKAlWwZ&amp;v=2%22%20async&gt;&lt;\/script&gt;%20&lt;div%20style=%22text-align:%20justify;%22&gt;&lt;br%20\/&gt;\"><\/a><\/p>\n<div class=\"brow ratingBarMargin\">\n<div class=\"ratingBar\">\n<div class=\"brow\">\n<div class=\"pe-richsnippets\">&nbsp;<\/div>\n<p><script type=\"text\/javascript\" src=\"https:\/\/www.provenexpert.com\/widget\/richsnippet.js?u=1NUA0VwZ4RUZ5tmAi5zA4RaplNKAlWwZ&amp;v=2\" async=\"\"><\/script><\/p>\n<div style=\"text-align: justify;\"><\/p>\n<div class=\"col-lg-9 col-md-8 col-xs-10 mt20 mb20\">\n<div class=\"col-xs-12 surveyNameForRating\"><\/div>\n<\/div>\n<\/div>\n<\/div>\n<\/div>\n<\/div>\n<p>[\/et_pb_testimonial][\/et_pb_column][et_pb_column type=&#8221;1_2&#8243; _builder_version=&#8221;4.18.1&#8243; _module_preset=&#8221;default&#8221; global_colors_info=&#8221;{}&#8221; theme_builder_area=&#8221;post_content&#8221;][et_pb_testimonial author=&#8221;Simone L.&#8221; portrait_url=&#8221;https:\/\/ag-frisch.com\/wp-content\/uploads\/2021\/08\/Harald.png&#8221; quote_icon=&#8221;off&#8221; _builder_version=&#8221;4.18.1&#8243; _module_preset=&#8221;default&#8221; body_font_size=&#8221;16px&#8221; use_background_color=&#8221;off&#8221; background_layout=&#8221;dark&#8221; global_colors_info=&#8221;{}&#8221; theme_builder_area=&#8221;post_content&#8221;]<\/p>\n<p>Ca\u0142a g\u00f3ra. Nie ma nic lepszego ni\u017c to. Doradzanie i wdra\u017canie nie mo\u017ce by\u0107 zrobione lepiej. Jeste\u015bmy bardziej ni\u017c zadowoleni po kilku zam\u00f3wieniach z t\u0105 firm\u0105 i kontynuowa\u0107 nasz\u0105 wsp\u00f3\u0142prac\u0119.<\/p>\n<div class=\"brow ratingBarMargin\">\n<div class=\"ratingBar\">\n<div class=\"brow\">\n<div class=\"pe-richsnippets\"> <\/div>\n<p>\n<script type=\"text\/javascript\" src=\"https:\/\/www.provenexpert.com\/widget\/richsnippet.js?u=1NUA0VwZ4RUZ5tmAi5zA4RaplNKAlWwZ&amp;v=2\" async=\"\"><\/script>\n<\/p>\n<div style=\"text-align: justify;\">\n<p>&nbsp;<\/p>\n<div class=\"col-lg-9 col-md-8 col-xs-10 mt20 mb20\">\n<div class=\"col-xs-12 surveyNameForRating\"><\/div>\n<\/div>\n<\/div>\n<\/div>\n<\/div>\n<\/div>\n<p>[\/et_pb_testimonial][\/et_pb_column][\/et_pb_row][et_pb_row _builder_version=&#8221;4.16&#8243; background_size=&#8221;initial&#8221; background_position=&#8221;top_left&#8221; background_repeat=&#8221;repeat&#8221; custom_padding=&#8221;50px|0px|30px|0px&#8221; custom_css_main_element=&#8221;text-align: center;&#8221; global_colors_info=&#8221;{}&#8221; theme_builder_area=&#8221;post_content&#8221;][et_pb_column type=&#8221;4_4&#8243; _builder_version=&#8221;4.16&#8243; custom_padding=&#8221;|||&#8221; global_colors_info=&#8221;{}&#8221; custom_padding__hover=&#8221;|||&#8221; theme_builder_area=&#8221;post_content&#8221;][et_pb_button button_url=&#8221;https:\/\/www.provenexpert.com\/de-de\/agentur-frisch-international-consulting-gmbh-und-co-kg\/&#8221; button_text=&#8221;WI\u0118CEJ OCEN&#8221; button_alignment=&#8221;left&#8221; admin_label=&#8221;Testimonial Button&#8221; _builder_version=&#8221;4.16&#8243; custom_button=&#8221;on&#8221; button_text_size=&#8221;18px&#8221; button_text_color=&#8221;#ffffff&#8221; button_bg_color=&#8221;#6eba01&#8243; button_border_width=&#8221;2px&#8221; button_border_color=&#8221;#6eba01&#8243; button_border_radius=&#8221;0px&#8221; button_letter_spacing=&#8221;2px&#8221; button_font=&#8221;Montserrat|||on|&#8221; button_use_icon=&#8221;off&#8221; animation_style=&#8221;fold&#8221; animation_direction=&#8221;bottom&#8221; button_text_color_hover=&#8221;#ffffff&#8221; button_border_color_hover=&#8221;#ffffff&#8221; button_border_radius_hover=&#8221;0px&#8221; button_letter_spacing_hover=&#8221;2px&#8221; button_bg_color_hover=&#8221;rgba(255,255,255,0)&#8221; locked=&#8221;off&#8221; global_colors_info=&#8221;{}&#8221; button_text_size__hover_enabled=&#8221;off&#8221; button_one_text_size__hover_enabled=&#8221;off&#8221; button_two_text_size__hover_enabled=&#8221;off&#8221; button_text_color__hover_enabled=&#8221;on&#8221; button_text_color__hover=&#8221;#ffffff&#8221; button_one_text_color__hover_enabled=&#8221;off&#8221; button_two_text_color__hover_enabled=&#8221;off&#8221; button_border_width__hover_enabled=&#8221;off&#8221; button_one_border_width__hover_enabled=&#8221;off&#8221; button_two_border_width__hover_enabled=&#8221;off&#8221; button_border_color__hover_enabled=&#8221;on&#8221; button_border_color__hover=&#8221;#ffffff&#8221; button_one_border_color__hover_enabled=&#8221;off&#8221; button_two_border_color__hover_enabled=&#8221;off&#8221; button_border_radius__hover_enabled=&#8221;on&#8221; button_border_radius__hover=&#8221;0px&#8221; button_one_border_radius__hover_enabled=&#8221;off&#8221; button_two_border_radius__hover_enabled=&#8221;off&#8221; button_letter_spacing__hover_enabled=&#8221;on&#8221; button_letter_spacing__hover=&#8221;2px&#8221; button_one_letter_spacing__hover_enabled=&#8221;off&#8221; button_two_letter_spacing__hover_enabled=&#8221;off&#8221; button_bg_color__hover_enabled=&#8221;on&#8221; button_bg_color__hover=&#8221;rgba(255,255,255,0)&#8221; button_one_bg_color__hover_enabled=&#8221;off&#8221; button_two_bg_color__hover_enabled=&#8221;off&#8221; theme_builder_area=&#8221;post_content&#8221;][\/et_pb_button][\/et_pb_column][\/et_pb_row][\/et_pb_section]<\/p>\n","protected":false},"excerpt":{"rendered":"<p>Dzi\u0119ki kontroli towar\u00f3w w Chinach, maj\u0105 Pa\u0144stwo pewno\u015b\u0107 co do jako\u015bci produktu, zanim towar opu\u015bci Chiny. Kontrola towar\u00f3w w Chinach W przypadku kontroli towar\u00f3w, towar jest ksi\u0119gowany zaraz po zako\u0144czeniu pakowania przedmiot\u00f3w. Ma to na celu zapewnienie, \u017ce towary zosta\u0142y wyprodukowane zgodnie ze specyfikacj\u0105 kupuj\u0105cego i \u017ce wyprodukowana ilo\u015b\u0107 odpowiada specyfikacji kupuj\u0105cego. Oferujemy inspekcje w [&hellip;]<\/p>\n","protected":false},"author":2,"featured_media":0,"parent":0,"menu_order":0,"comment_status":"closed","ping_status":"closed","template":"","meta":{"_et_pb_use_builder":"on","_et_pb_old_content":"","_et_gb_content_width":"","footnotes":""},"class_list":["post-10438","page","type-page","status-publish","hentry"],"yoast_head":"<!-- This site is optimized with the Yoast SEO plugin v27.4 - https:\/\/yoast.com\/product\/yoast-seo-wordpress\/ -->\n<title>Kontrola towar\u00f3w w Chinach | Testowanie produkt\u00f3w zgodnie z AQL<\/title>\n<meta name=\"description\" content=\"Inspekcje towar\u00f3w w Chinach \u25ba Uwzgl\u0119dnienie akceptowalnego limitu jako\u015bci (AQL) \u25ba Realizacja inspekcji bezpo\u015brednio na miejscu \u25ba Uzyskaj porad\u0119 ju\u017c teraz!\" \/>\n<meta name=\"robots\" content=\"index, follow, max-snippet:-1, max-image-preview:large, max-video-preview:-1\" \/>\n<link rel=\"canonical\" href=\"https:\/\/ag-frisch.com\/pl\/kontrola-towarow\/\" \/>\n<meta property=\"og:locale\" content=\"pl_PL\" \/>\n<meta property=\"og:type\" content=\"article\" \/>\n<meta property=\"og:title\" content=\"Kontrola towar\u00f3w w Chinach | Testowanie produkt\u00f3w zgodnie z AQL\" \/>\n<meta property=\"og:description\" content=\"Inspekcje towar\u00f3w w Chinach \u25ba Uwzgl\u0119dnienie akceptowalnego limitu jako\u015bci (AQL) \u25ba Realizacja inspekcji bezpo\u015brednio na miejscu \u25ba Uzyskaj porad\u0119 ju\u017c teraz!\" \/>\n<meta property=\"og:url\" content=\"https:\/\/ag-frisch.com\/pl\/kontrola-towarow\/\" \/>\n<meta property=\"og:site_name\" content=\"China Import Beratung f\u00fcr den Einkauf aus China\" \/>\n<meta property=\"article:publisher\" content=\"https:\/\/www.facebook.com\/China.Import\" \/>\n<meta property=\"article:modified_time\" content=\"2023-01-27T04:21:37+00:00\" \/>\n<meta name=\"twitter:card\" content=\"summary_large_image\" \/>\n<meta name=\"twitter:site\" content=\"@agenturfrisch\" \/>\n<meta name=\"twitter:label1\" content=\"Szacowany czas czytania\" \/>\n\t<meta name=\"twitter:data1\" content=\"9 minut\" \/>\n<script type=\"application\/ld+json\" class=\"yoast-schema-graph\">{\"@context\":\"https:\\\/\\\/schema.org\",\"@graph\":[{\"@type\":\"WebPage\",\"@id\":\"https:\\\/\\\/ag-frisch.com\\\/pl\\\/kontrola-towarow\\\/\",\"url\":\"https:\\\/\\\/ag-frisch.com\\\/pl\\\/kontrola-towarow\\\/\",\"name\":\"Kontrola towar\u00f3w w Chinach | Testowanie produkt\u00f3w zgodnie z AQL\",\"isPartOf\":{\"@id\":\"https:\\\/\\\/ag-frisch.com\\\/de\\\/#website\"},\"datePublished\":\"2021-10-25T19:52:18+00:00\",\"dateModified\":\"2023-01-27T04:21:37+00:00\",\"description\":\"Inspekcje towar\u00f3w w Chinach \u25ba Uwzgl\u0119dnienie akceptowalnego limitu jako\u015bci (AQL) \u25ba Realizacja inspekcji bezpo\u015brednio na miejscu \u25ba Uzyskaj porad\u0119 ju\u017c teraz!\",\"breadcrumb\":{\"@id\":\"https:\\\/\\\/ag-frisch.com\\\/pl\\\/kontrola-towarow\\\/#breadcrumb\"},\"inLanguage\":\"pl-PL\",\"potentialAction\":[{\"@type\":\"ReadAction\",\"target\":[\"https:\\\/\\\/ag-frisch.com\\\/pl\\\/kontrola-towarow\\\/\"]}]},{\"@type\":\"BreadcrumbList\",\"@id\":\"https:\\\/\\\/ag-frisch.com\\\/pl\\\/kontrola-towarow\\\/#breadcrumb\",\"itemListElement\":[{\"@type\":\"ListItem\",\"position\":1,\"name\":\"Startseite\",\"item\":\"https:\\\/\\\/ag-frisch.com\\\/de\\\/\"},{\"@type\":\"ListItem\",\"position\":2,\"name\":\"Kontrola towar\u00f3w\"}]},{\"@type\":\"WebSite\",\"@id\":\"https:\\\/\\\/ag-frisch.com\\\/de\\\/#website\",\"url\":\"https:\\\/\\\/ag-frisch.com\\\/de\\\/\",\"name\":\"China Import Beratung f\u00fcr den Einkauf aus China\",\"description\":\"China Import &amp; Export Beratung - Der Dienstleister Ihres Vertrauens f\u00fcr Ihren China Import\",\"publisher\":{\"@id\":\"https:\\\/\\\/ag-frisch.com\\\/de\\\/#organization\"},\"potentialAction\":[{\"@type\":\"SearchAction\",\"target\":{\"@type\":\"EntryPoint\",\"urlTemplate\":\"https:\\\/\\\/ag-frisch.com\\\/de\\\/?s={search_term_string}\"},\"query-input\":{\"@type\":\"PropertyValueSpecification\",\"valueRequired\":true,\"valueName\":\"search_term_string\"}}],\"inLanguage\":\"pl-PL\"},{\"@type\":\"Organization\",\"@id\":\"https:\\\/\\\/ag-frisch.com\\\/de\\\/#organization\",\"name\":\"Agentur Frisch International Consulting GmbH & Co. KG\",\"url\":\"https:\\\/\\\/ag-frisch.com\\\/de\\\/\",\"logo\":{\"@type\":\"ImageObject\",\"inLanguage\":\"pl-PL\",\"@id\":\"https:\\\/\\\/ag-frisch.com\\\/de\\\/#\\\/schema\\\/logo\\\/image\\\/\",\"url\":\"https:\\\/\\\/ag-frisch.com\\\/wp-content\\\/uploads\\\/2021\\\/08\\\/ag_logo_rgb_300_small.png\",\"contentUrl\":\"https:\\\/\\\/ag-frisch.com\\\/wp-content\\\/uploads\\\/2021\\\/08\\\/ag_logo_rgb_300_small.png\",\"width\":153,\"height\":102,\"caption\":\"Agentur Frisch International Consulting GmbH & Co. KG\"},\"image\":{\"@id\":\"https:\\\/\\\/ag-frisch.com\\\/de\\\/#\\\/schema\\\/logo\\\/image\\\/\"},\"sameAs\":[\"https:\\\/\\\/www.facebook.com\\\/China.Import\",\"https:\\\/\\\/x.com\\\/agenturfrisch\"]}]}<\/script>\n<!-- \/ Yoast SEO plugin. -->","yoast_head_json":{"title":"Kontrola towar\u00f3w w Chinach | Testowanie produkt\u00f3w zgodnie z AQL","description":"Inspekcje towar\u00f3w w Chinach \u25ba Uwzgl\u0119dnienie akceptowalnego limitu jako\u015bci (AQL) \u25ba Realizacja inspekcji bezpo\u015brednio na miejscu \u25ba Uzyskaj porad\u0119 ju\u017c teraz!","robots":{"index":"index","follow":"follow","max-snippet":"max-snippet:-1","max-image-preview":"max-image-preview:large","max-video-preview":"max-video-preview:-1"},"canonical":"https:\/\/ag-frisch.com\/pl\/kontrola-towarow\/","og_locale":"pl_PL","og_type":"article","og_title":"Kontrola towar\u00f3w w Chinach | Testowanie produkt\u00f3w zgodnie z AQL","og_description":"Inspekcje towar\u00f3w w Chinach \u25ba Uwzgl\u0119dnienie akceptowalnego limitu jako\u015bci (AQL) \u25ba Realizacja inspekcji bezpo\u015brednio na miejscu \u25ba Uzyskaj porad\u0119 ju\u017c teraz!","og_url":"https:\/\/ag-frisch.com\/pl\/kontrola-towarow\/","og_site_name":"China Import Beratung f\u00fcr den Einkauf aus China","article_publisher":"https:\/\/www.facebook.com\/China.Import","article_modified_time":"2023-01-27T04:21:37+00:00","twitter_card":"summary_large_image","twitter_site":"@agenturfrisch","twitter_misc":{"Szacowany czas czytania":"9 minut"},"schema":{"@context":"https:\/\/schema.org","@graph":[{"@type":"WebPage","@id":"https:\/\/ag-frisch.com\/pl\/kontrola-towarow\/","url":"https:\/\/ag-frisch.com\/pl\/kontrola-towarow\/","name":"Kontrola towar\u00f3w w Chinach | Testowanie produkt\u00f3w zgodnie z AQL","isPartOf":{"@id":"https:\/\/ag-frisch.com\/de\/#website"},"datePublished":"2021-10-25T19:52:18+00:00","dateModified":"2023-01-27T04:21:37+00:00","description":"Inspekcje towar\u00f3w w Chinach \u25ba Uwzgl\u0119dnienie akceptowalnego limitu jako\u015bci (AQL) \u25ba Realizacja inspekcji bezpo\u015brednio na miejscu \u25ba Uzyskaj porad\u0119 ju\u017c teraz!","breadcrumb":{"@id":"https:\/\/ag-frisch.com\/pl\/kontrola-towarow\/#breadcrumb"},"inLanguage":"pl-PL","potentialAction":[{"@type":"ReadAction","target":["https:\/\/ag-frisch.com\/pl\/kontrola-towarow\/"]}]},{"@type":"BreadcrumbList","@id":"https:\/\/ag-frisch.com\/pl\/kontrola-towarow\/#breadcrumb","itemListElement":[{"@type":"ListItem","position":1,"name":"Startseite","item":"https:\/\/ag-frisch.com\/de\/"},{"@type":"ListItem","position":2,"name":"Kontrola towar\u00f3w"}]},{"@type":"WebSite","@id":"https:\/\/ag-frisch.com\/de\/#website","url":"https:\/\/ag-frisch.com\/de\/","name":"China Import Beratung f\u00fcr den Einkauf aus China","description":"China Import &amp; Export Beratung - Der Dienstleister Ihres Vertrauens f\u00fcr Ihren China Import","publisher":{"@id":"https:\/\/ag-frisch.com\/de\/#organization"},"potentialAction":[{"@type":"SearchAction","target":{"@type":"EntryPoint","urlTemplate":"https:\/\/ag-frisch.com\/de\/?s={search_term_string}"},"query-input":{"@type":"PropertyValueSpecification","valueRequired":true,"valueName":"search_term_string"}}],"inLanguage":"pl-PL"},{"@type":"Organization","@id":"https:\/\/ag-frisch.com\/de\/#organization","name":"Agentur Frisch International Consulting GmbH & Co. KG","url":"https:\/\/ag-frisch.com\/de\/","logo":{"@type":"ImageObject","inLanguage":"pl-PL","@id":"https:\/\/ag-frisch.com\/de\/#\/schema\/logo\/image\/","url":"https:\/\/ag-frisch.com\/wp-content\/uploads\/2021\/08\/ag_logo_rgb_300_small.png","contentUrl":"https:\/\/ag-frisch.com\/wp-content\/uploads\/2021\/08\/ag_logo_rgb_300_small.png","width":153,"height":102,"caption":"Agentur Frisch International Consulting GmbH & Co. KG"},"image":{"@id":"https:\/\/ag-frisch.com\/de\/#\/schema\/logo\/image\/"},"sameAs":["https:\/\/www.facebook.com\/China.Import","https:\/\/x.com\/agenturfrisch"]}]}},"_links":{"self":[{"href":"https:\/\/ag-frisch.com\/pl\/wp-json\/wp\/v2\/pages\/10438","targetHints":{"allow":["GET"]}}],"collection":[{"href":"https:\/\/ag-frisch.com\/pl\/wp-json\/wp\/v2\/pages"}],"about":[{"href":"https:\/\/ag-frisch.com\/pl\/wp-json\/wp\/v2\/types\/page"}],"author":[{"embeddable":true,"href":"https:\/\/ag-frisch.com\/pl\/wp-json\/wp\/v2\/users\/2"}],"replies":[{"embeddable":true,"href":"https:\/\/ag-frisch.com\/pl\/wp-json\/wp\/v2\/comments?post=10438"}],"version-history":[{"count":0,"href":"https:\/\/ag-frisch.com\/pl\/wp-json\/wp\/v2\/pages\/10438\/revisions"}],"wp:attachment":[{"href":"https:\/\/ag-frisch.com\/pl\/wp-json\/wp\/v2\/media?parent=10438"}],"curies":[{"name":"wp","href":"https:\/\/api.w.org\/{rel}","templated":true}]}}