{"id":10468,"date":"2021-10-25T21:37:29","date_gmt":"2021-10-25T19:37:29","guid":{"rendered":"https:\/\/ag-frisch.com\/100-kontrola-towarow\/"},"modified":"2023-01-27T05:21:28","modified_gmt":"2023-01-27T04:21:28","slug":"100-kontrola-towarow","status":"publish","type":"page","link":"https:\/\/ag-frisch.com\/pl\/100-kontrola-towarow\/","title":{"rendered":"100% kontrola towar\u00f3w"},"content":{"rendered":"<p>[et_pb_section fb_built=&#8221;1&#8243; _builder_version=&#8221;4.16&#8243; global_colors_info=&#8221;{}&#8221;][et_pb_row _builder_version=&#8221;4.18.1&#8243; _module_preset=&#8221;default&#8221;][et_pb_column _builder_version=&#8221;4.18.1&#8243; _module_preset=&#8221;default&#8221; type=&#8221;4_4&#8243;][et_pb_cta title=&#8221;Zle\u0107 kontrol\u0119 kompletnych towar\u00f3w w Chinach i usu\u0144 wadliwe towary&#8221; button_url=&#8221;https:\/\/ag-frisch.com\/pl\/kontakt\/&#8221; button_text=&#8221;Zlecenie 100% test\u00f3w w Chinach ju\u017c teraz!&#8221; _builder_version=&#8221;4.18.1&#8243; _module_preset=&#8221;default&#8221; hover_enabled=&#8221;0&#8243; global_colors_info=&#8221;{}&#8221; theme_builder_area=&#8221;post_content&#8221; sticky_enabled=&#8221;0&#8243;]<\/p>\n<p>W przypadku towar\u00f3w szczeg\u00f3lnie wysokiej jako\u015bci, upewnij si\u0119, \u017ce towar jest w 100% bezb\u0142\u0119dny ju\u017c w Chinach.  <\/p>\n<p>[\/et_pb_cta][\/et_pb_column][\/et_pb_row][et_pb_row _builder_version=&#8221;4.16&#8243; background_size=&#8221;initial&#8221; background_position=&#8221;top_left&#8221; background_repeat=&#8221;repeat&#8221; global_colors_info=&#8221;{}&#8221;][et_pb_column type=&#8221;4_4&#8243; _builder_version=&#8221;4.16&#8243; custom_padding=&#8221;|||&#8221; global_colors_info=&#8221;{}&#8221; custom_padding__hover=&#8221;|||&#8221;][et_pb_text _builder_version=&#8221;4.16&#8243; background_size=&#8221;initial&#8221; background_position=&#8221;top_left&#8221; background_repeat=&#8221;repeat&#8221; global_colors_info=&#8221;{}&#8221;]<\/p>\n<h1>100% kontrola towar\u00f3w w Chinach<\/h1>\n<p>Sortowanie wadliwych towar\u00f3w ma sens zw\u0142aszcza w przypadku produkt\u00f3w o bardzo wysokiej warto\u015bci, takich jak bi\u017cuteria. Wadliwe elementy s\u0105 sortowane tak, \u017ce masz je oddzielone, aby m\u00f3c je poprawi\u0107 w razie potrzeby lub nie musie\u0107 przyjmowa\u0107 produkt\u00f3w w pierwszej kolejno\u015bci. Maj\u0105 Pa\u0144stwo mo\u017cliwo\u015b\u0107 przyj\u0119cia tylko towar\u00f3w w 100% wolnych od wad lub zlecenia dostawcy naprawy wszystkich wadliwych towar\u00f3w. Poniewa\u017c w prawie mi\u0119dzynarodowym powszechne jest za\u0142o\u017cenie, \u017ce nikt nie jest w stanie produkowa\u0107 idealnie i trzeba si\u0119 liczy\u0107 z pewnym odsetkiem wadliwych przedmiot\u00f3w (zwykle zak\u0142ada si\u0119 2 do 5 %), nale\u017cy z g\u00f3ry umownie uzgodni\u0107 takie \u015brodki z dostawc\u0105 lub samemu wzi\u0105\u0107 na siebie ich koszty i uwzgl\u0119dni\u0107 je w swoich kalkulacjach.<\/p>\n<p><strong>Kontrola towar\u00f3w wysokiej jako\u015bci z Chin<\/strong><\/p>\n<p>Z niewielkim odsetkiem wadliwych towar\u00f3w nale\u017cy si\u0119 zawsze liczy\u0107 w przypadku niedrogich artyku\u0142\u00f3w. Jest to normalne i stanowi cz\u0119\u015b\u0107 regularnych proces\u00f3w importowych. Inaczej sytuacja wygl\u0105da w przypadku produkt\u00f3w bardzo wysokiej jako\u015bci. W takim przypadku wskazane jest sortowanie wadliwych towar\u00f3w w Chinach, poniewa\u017c nawet niski wska\u017anik wad mo\u017ce spowodowa\u0107 znaczne obni\u017cenie warto\u015bci. W ramach naszych us\u0142ug kontrolnych oferujemy Pa\u0144stwu kontrol\u0119 Pa\u0144stwa wysokiej jako\u015bci towar\u00f3w z Chin. Sortowanie wadliwych towar\u00f3w w Chinach ma dla Pa\u0144stwa nast\u0119puj\u0105ce zalety, np:<\/p>\n<ul>\n<li>Zleci\u0107 osobn\u0105 dostaw\u0119 wadliwych towar\u00f3w i naprawi\u0107 je we w\u0142asnym zakresie<\/li>\n<li>Nie przyjmuj w pierwszej kolejno\u015bci towar\u00f3w wadliwych<\/li>\n<li>Zleci\u0107 napraw\u0119 wadliwego towaru przez producenta<\/li>\n<\/ul>\n<p>&nbsp;<\/p>\n<p><strong>Szczeg\u00f3lnie wysokiej jako\u015bci towary z Chin<\/strong><\/p>\n<p>To, kt\u00f3re towary zostan\u0105 przez nas sprawdzone i posortowane, zale\u017cy od Pa\u0144stwa wymaga\u0144 i pomys\u0142\u00f3w, a tak\u017ce od ustale\u0144 z producentem. W zasadzie sortowanie wadliwych towar\u00f3w w Chinach ma sens, je\u015bli s\u0105 to produkty o szczeg\u00f3lnie wysokiej jako\u015bci. Mog\u0105 to by\u0107 na przyk\u0142ad:<\/p>\n<ul>\n<li>Bi\u017cuteria<\/li>\n<li>Wysokiej jako\u015bci artyku\u0142y elektroniczne<\/li>\n<li>Antyki i przedmioty kolekcjonerskie<\/li>\n<li>wysokiej jako\u015bci odzie\u017c\/torebki\/obuwie<\/li>\n<\/ul>\n<p>&nbsp;<\/p>\n<p><strong>100% kontrola: umowne okre\u015blenie z g\u00f3ry proporcji wadliwych towar\u00f3w<\/strong><\/p>\n<p>W przypadku towar\u00f3w wysokiej jako\u015bci wa\u017cne jest, aby w umowie z g\u00f3ry ustali\u0107 dopuszczalny odsetek wadliwych towar\u00f3w. Dzieje si\u0119 to podczas negocjacji kontraktu, kt\u00f3re my jako Pa\u0144stwa importer z Chin ch\u0119tnie przeprowadzimy z producentem zgodnie z Pa\u0144stwa \u017cyczeniem. W ten spos\u00f3b masz 100% kontroli w Chinach i nie musisz potem k\u0142\u00f3ci\u0107 si\u0119 z producentem o wadliwe przedmioty.<\/p>\n<p>Wskazane jest wykonanie kalkulacji przed negocjowaniem umowy: Czasami ta\u0144sze mo\u017ce by\u0107 samodzielne op\u0142acenie naprawy lub utraty wadliwych przedmiot\u00f3w, w innych przypadkach korzystne jest porozumienie z producentem. Jako do\u015bwiadczony importer z Chin mo\u017cemy doradzi\u0107, kt\u00f3ra droga jest najlepsza dla Ciebie indywidualnie.<\/p>\n<p>\u015arednio w prawie mi\u0119dzynarodowym mo\u017cna spodziewa\u0107 si\u0119 udzia\u0142u od 2 do 5 procent artyku\u0142\u00f3w wadliwych. Ch\u0119tnie doradzimy Pa\u0144stwu, jaki kontyngent jest realistyczny i rozs\u0105dny w Pa\u0144stwa segmencie rynku i jakie kroki mo\u017cna z niego wyprowadzi\u0107 w celu kontroli wysokiej jako\u015bci towar\u00f3w z Chin. Maj\u0105c nas u boku, masz 100% kontroli nad swoim cennym towarem.<\/p>\n<p>&nbsp;<\/p>\n<p><strong>Sortowanie wadliwych towar\u00f3w w Chinach &#8211; us\u0142uga \u015bwiadczona przez Agencj\u0119 Frisch<\/strong><\/p>\n<p>Jako Tw\u00f3j wszechstronny specjalista od importu z Chin, Agentur Frisch naturalnie oferuje Ci r\u00f3wnie\u017c absolutnie niezawodn\u0105 kontrol\u0119 nad wysokiej jako\u015bci towarami z Chin &#8211; dzi\u0119ki czemu zawsze masz 100% kontrol\u0119 nad tym, za co p\u0142acisz. Sprawdzamy i sortujemy, kontrolujemy jako\u015b\u0107 i opakowanie, a za tym wszystkim stoi nasze dobre imi\u0119. Agencja Frisch posiada wieloletnie do\u015bwiadczenie i du\u017ce grono sta\u0142ych klient\u00f3w. Za tym trwa\u0142ym sukcesem stoi przede wszystkim ch\u0119\u0107 wykonania czystej pracy: chcemy, aby\u015bcie byli Pa\u0144stwo naprawd\u0119 zadowoleni.<\/p>\n<p>Kontrola wysokiej jako\u015bci towar\u00f3w z Chin jest podstaw\u0105 Pa\u0144stwa i naszego sukcesu oraz korzystnych, pozytywnych stosunk\u00f3w handlowych w Chinach. Sortowanie wadliwych towar\u00f3w w Chinach jest wa\u017cne, aby obni\u017cy\u0107 koszty, utrzyma\u0107 logistyk\u0119 na niskim poziomie i sprawi\u0107, by zadania do wykonania w Niemczech by\u0142y wykonalne. Przerabianie lub sortowanie na miejscu ma w wielu przypadkach wi\u0119kszy sens ni\u017c zajmowanie si\u0119 t\u0105 czynno\u015bci\u0105 po transporcie do Niemiec.<\/p>\n<p>Ch\u0119tnie dowiemy si\u0119 dla Pa\u0144stwa, kt\u00f3ra procedura jest najlepsza w przypadku sortowania i kontroli wysokiej jako\u015bci towar\u00f3w z Chin.<\/p>\n<p>&nbsp;[\/et_pb_text][\/et_pb_column][\/et_pb_row][\/et_pb_section][et_pb_section fb_built=&#8221;1&#8243; admin_label=&#8221;Testimonials&#8221; _builder_version=&#8221;4.16&#8243; use_background_color_gradient=&#8221;on&#8221; background_color_gradient_stops=&#8221;rgba(0,106,156,0.85) 0%|rgba(0,106,156,0.85) 100%&#8221; background_color_gradient_start=&#8221;rgba(0,106,156,0.85)&#8221; background_color_gradient_end=&#8221;rgba(0,106,156,0.85)&#8221; custom_padding=&#8221;90px||60px|&#8221; animation_style=&#8221;fold&#8221; animation_direction=&#8221;bottom&#8221; animation_intensity_fold=&#8221;4%&#8221; global_colors_info=&#8221;{}&#8221; theme_builder_area=&#8221;post_content&#8221;][et_pb_row _builder_version=&#8221;4.16&#8243; background_size=&#8221;initial&#8221; background_position=&#8221;top_left&#8221; background_repeat=&#8221;repeat&#8221; custom_width_px=&#8221;710px&#8221; locked=&#8221;off&#8221; global_colors_info=&#8221;{}&#8221; theme_builder_area=&#8221;post_content&#8221;][et_pb_column type=&#8221;4_4&#8243; _builder_version=&#8221;4.16&#8243; background_position=&#8221;top_left&#8221; custom_padding=&#8221;|||&#8221; global_colors_info=&#8221;{}&#8221; custom_padding__hover=&#8221;|||&#8221; theme_builder_area=&#8221;post_content&#8221;][et_pb_text admin_label=&#8221;Testimonials Section Title&#8221; _builder_version=&#8221;4.16&#8243; header_font=&#8221;Montserrat||||&#8221; header_font_size=&#8221;36px&#8221; background_size=&#8221;initial&#8221; background_position=&#8221;top_left&#8221; background_repeat=&#8221;repeat&#8221; text_orientation=&#8221;center&#8221; background_layout=&#8221;dark&#8221; max_width=&#8221;710px&#8221; module_alignment=&#8221;center&#8221; animation_style=&#8221;fold&#8221; animation_direction=&#8221;bottom&#8221; animation_intensity_fold=&#8221;20%&#8221; global_colors_info=&#8221;{}&#8221; theme_builder_area=&#8221;post_content&#8221;]<\/p>\n<h1>Ponad 5000 zadowolonych klient\u00f3w.<\/h1>\n<p>&nbsp;<\/p>\n<p>[\/et_pb_text][et_pb_divider color=&#8221;#ffffff&#8221; divider_weight=&#8221;3px&#8221; disabled_on=&#8221;off|off|off&#8221; _builder_version=&#8221;4.16&#8243; background_color_gradient_direction=&#8221;90deg&#8221; max_width=&#8221;100px&#8221; module_alignment=&#8221;center&#8221; height=&#8221;5px&#8221; custom_margin=&#8221;||20px|&#8221; custom_padding=&#8221;||20px|&#8221; animation_style=&#8221;slide&#8221; animation_direction=&#8221;bottom&#8221; saved_tabs=&#8221;all&#8221; locked=&#8221;off&#8221; global_colors_info=&#8221;{}&#8221; theme_builder_area=&#8221;post_content&#8221;][\/et_pb_divider][\/et_pb_column][\/et_pb_row][et_pb_row column_structure=&#8221;1_2,1_2&#8243; _builder_version=&#8221;4.18.1&#8243; _module_preset=&#8221;default&#8221; global_colors_info=&#8221;{}&#8221; theme_builder_area=&#8221;post_content&#8221;][et_pb_column type=&#8221;1_2&#8243; _builder_version=&#8221;4.18.1&#8243; _module_preset=&#8221;default&#8221; global_colors_info=&#8221;{}&#8221; theme_builder_area=&#8221;post_content&#8221;][et_pb_testimonial author=&#8221;Marco&#8221; portrait_url=&#8221;https:\/\/ag-frisch.com\/wp-content\/uploads\/2021\/08\/Harald.png&#8221; quote_icon=&#8221;off&#8221; _builder_version=&#8221;4.18.1&#8243; _module_preset=&#8221;default&#8221; body_font_size=&#8221;16px&#8221; use_background_color=&#8221;off&#8221; background_layout=&#8221;dark&#8221; global_colors_info=&#8221;{}&#8221; theme_builder_area=&#8221;post_content&#8221;]Zleci\u0142em agencji Frisch wyprodukowanie du\u017cego mebla w Chinach, a nast\u0119pnie sprowadzenie go do Niemiec. Przez ca\u0142y czas by\u0142a sprawna komunikacja mailowa! Bardzo szybkie i rzetelne odpowiedzi stale dodawa\u0142y mi otuchy, kt\u00f3ra jest niezb\u0119dna w takim przedsi\u0119wzi\u0119ciu. Przez ca\u0142y czas pomagano mi przebrn\u0105\u0107 przez biurokratyczny g\u0105szcz, nie zapomniano o \u017cadnym formularzu ani nie wype\u0142niono go b\u0142\u0119dnie. Bardzo godne pochwa\u0142y!<a href=\"&lt;div%20class=%22pe-richsnippets%22&gt;&nbsp;&lt;\/div&gt;%20&lt;script%20type=%22text\/javascript%22%20src=%22https:\/\/www.provenexpert.com\/widget\/richsnippet.js?u=1NUA0VwZ4RUZ5tmAi5zA4RaplNKAlWwZ&amp;v=2%22%20async&gt;&lt;\/script&gt;%20&lt;div%20style=%22text-align:%20justify;%22&gt;&lt;br%20\/&gt;\"><\/a><\/p>\n<div class=\"brow ratingBarMargin\">\n<div class=\"ratingBar\">\n<div class=\"brow\">\n<div class=\"pe-richsnippets\">&nbsp;<\/div>\n<p><script type=\"text\/javascript\" src=\"https:\/\/www.provenexpert.com\/widget\/richsnippet.js?u=1NUA0VwZ4RUZ5tmAi5zA4RaplNKAlWwZ&amp;v=2\" async=\"\"><\/script><\/p>\n<div style=\"text-align: justify;\"><\/p>\n<div class=\"col-lg-9 col-md-8 col-xs-10 mt20 mb20\">\n<div class=\"col-xs-12 surveyNameForRating\"><\/div>\n<\/div>\n<\/div>\n<\/div>\n<\/div>\n<\/div>\n<p>[\/et_pb_testimonial][\/et_pb_column][et_pb_column type=&#8221;1_2&#8243; _builder_version=&#8221;4.18.1&#8243; _module_preset=&#8221;default&#8221; global_colors_info=&#8221;{}&#8221; theme_builder_area=&#8221;post_content&#8221;][et_pb_testimonial author=&#8221;Simone L.&#8221; portrait_url=&#8221;https:\/\/ag-frisch.com\/wp-content\/uploads\/2021\/08\/Harald.png&#8221; quote_icon=&#8221;off&#8221; _builder_version=&#8221;4.18.1&#8243; _module_preset=&#8221;default&#8221; body_font_size=&#8221;16px&#8221; use_background_color=&#8221;off&#8221; background_layout=&#8221;dark&#8221; global_colors_info=&#8221;{}&#8221; theme_builder_area=&#8221;post_content&#8221;]<\/p>\n<p>Ca\u0142a g\u00f3ra. Nie ma nic lepszego ni\u017c to. Doradzanie i wdra\u017canie nie mo\u017ce by\u0107 zrobione lepiej. Jeste\u015bmy bardziej ni\u017c zadowoleni po kilku zam\u00f3wieniach z t\u0105 firm\u0105 i kontynuowa\u0107 nasz\u0105 wsp\u00f3\u0142prac\u0119.<\/p>\n<div class=\"brow ratingBarMargin\">\n<div class=\"ratingBar\">\n<div class=\"brow\">\n<div class=\"pe-richsnippets\"> <\/div>\n<p>\n<script type=\"text\/javascript\" src=\"https:\/\/www.provenexpert.com\/widget\/richsnippet.js?u=1NUA0VwZ4RUZ5tmAi5zA4RaplNKAlWwZ&amp;v=2\" async=\"\"><\/script>\n<\/p>\n<div style=\"text-align: justify;\">\n<p>&nbsp;<\/p>\n<div class=\"col-lg-9 col-md-8 col-xs-10 mt20 mb20\">\n<div class=\"col-xs-12 surveyNameForRating\"><\/div>\n<\/div>\n<\/div>\n<\/div>\n<\/div>\n<\/div>\n<p>[\/et_pb_testimonial][\/et_pb_column][\/et_pb_row][et_pb_row _builder_version=&#8221;4.16&#8243; background_size=&#8221;initial&#8221; background_position=&#8221;top_left&#8221; background_repeat=&#8221;repeat&#8221; custom_padding=&#8221;50px|0px|30px|0px&#8221; custom_css_main_element=&#8221;text-align: center;&#8221; global_colors_info=&#8221;{}&#8221; theme_builder_area=&#8221;post_content&#8221;][et_pb_column type=&#8221;4_4&#8243; _builder_version=&#8221;4.16&#8243; custom_padding=&#8221;|||&#8221; global_colors_info=&#8221;{}&#8221; custom_padding__hover=&#8221;|||&#8221; theme_builder_area=&#8221;post_content&#8221;][et_pb_button button_url=&#8221;https:\/\/www.provenexpert.com\/de-de\/agentur-frisch-international-consulting-gmbh-und-co-kg\/&#8221; button_text=&#8221;WI\u0118CEJ OCEN&#8221; button_alignment=&#8221;left&#8221; admin_label=&#8221;Testimonial Button&#8221; _builder_version=&#8221;4.16&#8243; custom_button=&#8221;on&#8221; button_text_size=&#8221;18px&#8221; button_text_color=&#8221;#ffffff&#8221; button_bg_color=&#8221;#6eba01&#8243; button_border_width=&#8221;2px&#8221; button_border_color=&#8221;#6eba01&#8243; button_border_radius=&#8221;0px&#8221; button_letter_spacing=&#8221;2px&#8221; button_font=&#8221;Montserrat|||on|&#8221; button_use_icon=&#8221;off&#8221; animation_style=&#8221;fold&#8221; animation_direction=&#8221;bottom&#8221; button_text_color_hover=&#8221;#ffffff&#8221; button_border_color_hover=&#8221;#ffffff&#8221; button_border_radius_hover=&#8221;0px&#8221; button_letter_spacing_hover=&#8221;2px&#8221; button_bg_color_hover=&#8221;rgba(255,255,255,0)&#8221; locked=&#8221;off&#8221; global_colors_info=&#8221;{}&#8221; button_text_size__hover_enabled=&#8221;off&#8221; button_one_text_size__hover_enabled=&#8221;off&#8221; button_two_text_size__hover_enabled=&#8221;off&#8221; button_text_color__hover_enabled=&#8221;on&#8221; button_text_color__hover=&#8221;#ffffff&#8221; button_one_text_color__hover_enabled=&#8221;off&#8221; button_two_text_color__hover_enabled=&#8221;off&#8221; button_border_width__hover_enabled=&#8221;off&#8221; button_one_border_width__hover_enabled=&#8221;off&#8221; button_two_border_width__hover_enabled=&#8221;off&#8221; button_border_color__hover_enabled=&#8221;on&#8221; button_border_color__hover=&#8221;#ffffff&#8221; button_one_border_color__hover_enabled=&#8221;off&#8221; button_two_border_color__hover_enabled=&#8221;off&#8221; button_border_radius__hover_enabled=&#8221;on&#8221; button_border_radius__hover=&#8221;0px&#8221; button_one_border_radius__hover_enabled=&#8221;off&#8221; button_two_border_radius__hover_enabled=&#8221;off&#8221; button_letter_spacing__hover_enabled=&#8221;on&#8221; button_letter_spacing__hover=&#8221;2px&#8221; button_one_letter_spacing__hover_enabled=&#8221;off&#8221; button_two_letter_spacing__hover_enabled=&#8221;off&#8221; button_bg_color__hover_enabled=&#8221;on&#8221; button_bg_color__hover=&#8221;rgba(255,255,255,0)&#8221; button_one_bg_color__hover_enabled=&#8221;off&#8221; button_two_bg_color__hover_enabled=&#8221;off&#8221; theme_builder_area=&#8221;post_content&#8221;][\/et_pb_button][\/et_pb_column][\/et_pb_row][\/et_pb_section]<\/p>\n","protected":false},"excerpt":{"rendered":"<p>W przypadku towar\u00f3w szczeg\u00f3lnie wysokiej jako\u015bci, upewnij si\u0119, \u017ce towar jest w 100% bezb\u0142\u0119dny ju\u017c w Chinach. 100% kontrola towar\u00f3w w Chinach Sortowanie wadliwych towar\u00f3w ma sens zw\u0142aszcza w przypadku produkt\u00f3w o bardzo wysokiej warto\u015bci, takich jak bi\u017cuteria. Wadliwe elementy s\u0105 sortowane tak, \u017ce masz je oddzielone, aby m\u00f3c je poprawi\u0107 w razie potrzeby lub [&hellip;]<\/p>\n","protected":false},"author":2,"featured_media":0,"parent":0,"menu_order":0,"comment_status":"closed","ping_status":"closed","template":"","meta":{"_et_pb_use_builder":"on","_et_pb_old_content":"","_et_gb_content_width":"","footnotes":""},"class_list":["post-10468","page","type-page","status-publish","hentry"],"yoast_head":"<!-- This site is optimized with the Yoast SEO plugin v27.2 - https:\/\/yoast.com\/product\/yoast-seo-wordpress\/ -->\n<title>100% kontrola towar\u00f3w w Chinach | kontrola towar\u00f3w wysokiej jako\u015bci<\/title>\n<meta name=\"description\" content=\"100% kontrola towar\u00f3w w Chinach \u25ba Kontrola wysokiej jako\u015bci towar\u00f3w z Chin \u25ba Sortowanie wadliwych towar\u00f3w przed importem \u25ba Skorzystaj z porad ekspert\u00f3w ju\u017c teraz!\" \/>\n<meta name=\"robots\" content=\"index, follow, max-snippet:-1, max-image-preview:large, max-video-preview:-1\" \/>\n<link rel=\"canonical\" href=\"https:\/\/ag-frisch.com\/pl\/100-kontrola-towarow\/\" \/>\n<meta property=\"og:locale\" content=\"pl_PL\" \/>\n<meta property=\"og:type\" content=\"article\" \/>\n<meta property=\"og:title\" content=\"100% kontrola towar\u00f3w w Chinach | kontrola towar\u00f3w wysokiej jako\u015bci\" \/>\n<meta property=\"og:description\" content=\"100% kontrola towar\u00f3w w Chinach \u25ba Kontrola wysokiej jako\u015bci towar\u00f3w z Chin \u25ba Sortowanie wadliwych towar\u00f3w przed importem \u25ba Skorzystaj z porad ekspert\u00f3w ju\u017c teraz!\" \/>\n<meta property=\"og:url\" content=\"https:\/\/ag-frisch.com\/pl\/100-kontrola-towarow\/\" \/>\n<meta property=\"og:site_name\" content=\"China Import Beratung f\u00fcr den Einkauf aus China\" \/>\n<meta property=\"article:publisher\" content=\"https:\/\/www.facebook.com\/China.Import\" \/>\n<meta property=\"article:modified_time\" content=\"2023-01-27T04:21:28+00:00\" \/>\n<meta name=\"twitter:card\" content=\"summary_large_image\" \/>\n<meta name=\"twitter:site\" content=\"@agenturfrisch\" \/>\n<meta name=\"twitter:label1\" content=\"Szacowany czas czytania\" \/>\n\t<meta name=\"twitter:data1\" content=\"9 minut\" \/>\n<script type=\"application\/ld+json\" class=\"yoast-schema-graph\">{\"@context\":\"https:\/\/schema.org\",\"@graph\":[{\"@type\":\"WebPage\",\"@id\":\"https:\/\/ag-frisch.com\/pl\/100-kontrola-towarow\/\",\"url\":\"https:\/\/ag-frisch.com\/pl\/100-kontrola-towarow\/\",\"name\":\"100% kontrola towar\u00f3w w Chinach | kontrola towar\u00f3w wysokiej jako\u015bci\",\"isPartOf\":{\"@id\":\"https:\/\/ag-frisch.com\/de\/#website\"},\"datePublished\":\"2021-10-25T19:37:29+00:00\",\"dateModified\":\"2023-01-27T04:21:28+00:00\",\"description\":\"100% kontrola towar\u00f3w w Chinach \u25ba Kontrola wysokiej jako\u015bci towar\u00f3w z Chin \u25ba Sortowanie wadliwych towar\u00f3w przed importem \u25ba Skorzystaj z porad ekspert\u00f3w ju\u017c teraz!\",\"breadcrumb\":{\"@id\":\"https:\/\/ag-frisch.com\/pl\/100-kontrola-towarow\/#breadcrumb\"},\"inLanguage\":\"pl-PL\",\"potentialAction\":[{\"@type\":\"ReadAction\",\"target\":[\"https:\/\/ag-frisch.com\/pl\/100-kontrola-towarow\/\"]}]},{\"@type\":\"BreadcrumbList\",\"@id\":\"https:\/\/ag-frisch.com\/pl\/100-kontrola-towarow\/#breadcrumb\",\"itemListElement\":[{\"@type\":\"ListItem\",\"position\":1,\"name\":\"Startseite\",\"item\":\"https:\/\/ag-frisch.com\/de\/\"},{\"@type\":\"ListItem\",\"position\":2,\"name\":\"100% kontrola towar\u00f3w\"}]},{\"@type\":\"WebSite\",\"@id\":\"https:\/\/ag-frisch.com\/de\/#website\",\"url\":\"https:\/\/ag-frisch.com\/de\/\",\"name\":\"China Import Beratung f\u00fcr den Einkauf aus China\",\"description\":\"China Import &amp; Export Beratung - Der Dienstleister Ihres Vertrauens f\u00fcr Ihren China Import\",\"publisher\":{\"@id\":\"https:\/\/ag-frisch.com\/de\/#organization\"},\"potentialAction\":[{\"@type\":\"SearchAction\",\"target\":{\"@type\":\"EntryPoint\",\"urlTemplate\":\"https:\/\/ag-frisch.com\/de\/?s={search_term_string}\"},\"query-input\":{\"@type\":\"PropertyValueSpecification\",\"valueRequired\":true,\"valueName\":\"search_term_string\"}}],\"inLanguage\":\"pl-PL\"},{\"@type\":\"Organization\",\"@id\":\"https:\/\/ag-frisch.com\/de\/#organization\",\"name\":\"Agentur Frisch International Consulting GmbH & Co. KG\",\"url\":\"https:\/\/ag-frisch.com\/de\/\",\"logo\":{\"@type\":\"ImageObject\",\"inLanguage\":\"pl-PL\",\"@id\":\"https:\/\/ag-frisch.com\/de\/#\/schema\/logo\/image\/\",\"url\":\"https:\/\/ag-frisch.com\/wp-content\/uploads\/2021\/08\/ag_logo_rgb_300_small.png\",\"contentUrl\":\"https:\/\/ag-frisch.com\/wp-content\/uploads\/2021\/08\/ag_logo_rgb_300_small.png\",\"width\":153,\"height\":102,\"caption\":\"Agentur Frisch International Consulting GmbH & Co. KG\"},\"image\":{\"@id\":\"https:\/\/ag-frisch.com\/de\/#\/schema\/logo\/image\/\"},\"sameAs\":[\"https:\/\/www.facebook.com\/China.Import\",\"https:\/\/x.com\/agenturfrisch\"]}]}<\/script>\n<!-- \/ Yoast SEO plugin. -->","yoast_head_json":{"title":"100% kontrola towar\u00f3w w Chinach | kontrola towar\u00f3w wysokiej jako\u015bci","description":"100% kontrola towar\u00f3w w Chinach \u25ba Kontrola wysokiej jako\u015bci towar\u00f3w z Chin \u25ba Sortowanie wadliwych towar\u00f3w przed importem \u25ba Skorzystaj z porad ekspert\u00f3w ju\u017c teraz!","robots":{"index":"index","follow":"follow","max-snippet":"max-snippet:-1","max-image-preview":"max-image-preview:large","max-video-preview":"max-video-preview:-1"},"canonical":"https:\/\/ag-frisch.com\/pl\/100-kontrola-towarow\/","og_locale":"pl_PL","og_type":"article","og_title":"100% kontrola towar\u00f3w w Chinach | kontrola towar\u00f3w wysokiej jako\u015bci","og_description":"100% kontrola towar\u00f3w w Chinach \u25ba Kontrola wysokiej jako\u015bci towar\u00f3w z Chin \u25ba Sortowanie wadliwych towar\u00f3w przed importem \u25ba Skorzystaj z porad ekspert\u00f3w ju\u017c teraz!","og_url":"https:\/\/ag-frisch.com\/pl\/100-kontrola-towarow\/","og_site_name":"China Import Beratung f\u00fcr den Einkauf aus China","article_publisher":"https:\/\/www.facebook.com\/China.Import","article_modified_time":"2023-01-27T04:21:28+00:00","twitter_card":"summary_large_image","twitter_site":"@agenturfrisch","twitter_misc":{"Szacowany czas czytania":"9 minut"},"schema":{"@context":"https:\/\/schema.org","@graph":[{"@type":"WebPage","@id":"https:\/\/ag-frisch.com\/pl\/100-kontrola-towarow\/","url":"https:\/\/ag-frisch.com\/pl\/100-kontrola-towarow\/","name":"100% kontrola towar\u00f3w w Chinach | kontrola towar\u00f3w wysokiej jako\u015bci","isPartOf":{"@id":"https:\/\/ag-frisch.com\/de\/#website"},"datePublished":"2021-10-25T19:37:29+00:00","dateModified":"2023-01-27T04:21:28+00:00","description":"100% kontrola towar\u00f3w w Chinach \u25ba Kontrola wysokiej jako\u015bci towar\u00f3w z Chin \u25ba Sortowanie wadliwych towar\u00f3w przed importem \u25ba Skorzystaj z porad ekspert\u00f3w ju\u017c teraz!","breadcrumb":{"@id":"https:\/\/ag-frisch.com\/pl\/100-kontrola-towarow\/#breadcrumb"},"inLanguage":"pl-PL","potentialAction":[{"@type":"ReadAction","target":["https:\/\/ag-frisch.com\/pl\/100-kontrola-towarow\/"]}]},{"@type":"BreadcrumbList","@id":"https:\/\/ag-frisch.com\/pl\/100-kontrola-towarow\/#breadcrumb","itemListElement":[{"@type":"ListItem","position":1,"name":"Startseite","item":"https:\/\/ag-frisch.com\/de\/"},{"@type":"ListItem","position":2,"name":"100% kontrola towar\u00f3w"}]},{"@type":"WebSite","@id":"https:\/\/ag-frisch.com\/de\/#website","url":"https:\/\/ag-frisch.com\/de\/","name":"China Import Beratung f\u00fcr den Einkauf aus China","description":"China Import &amp; Export Beratung - Der Dienstleister Ihres Vertrauens f\u00fcr Ihren China Import","publisher":{"@id":"https:\/\/ag-frisch.com\/de\/#organization"},"potentialAction":[{"@type":"SearchAction","target":{"@type":"EntryPoint","urlTemplate":"https:\/\/ag-frisch.com\/de\/?s={search_term_string}"},"query-input":{"@type":"PropertyValueSpecification","valueRequired":true,"valueName":"search_term_string"}}],"inLanguage":"pl-PL"},{"@type":"Organization","@id":"https:\/\/ag-frisch.com\/de\/#organization","name":"Agentur Frisch International Consulting GmbH & Co. KG","url":"https:\/\/ag-frisch.com\/de\/","logo":{"@type":"ImageObject","inLanguage":"pl-PL","@id":"https:\/\/ag-frisch.com\/de\/#\/schema\/logo\/image\/","url":"https:\/\/ag-frisch.com\/wp-content\/uploads\/2021\/08\/ag_logo_rgb_300_small.png","contentUrl":"https:\/\/ag-frisch.com\/wp-content\/uploads\/2021\/08\/ag_logo_rgb_300_small.png","width":153,"height":102,"caption":"Agentur Frisch International Consulting GmbH & Co. KG"},"image":{"@id":"https:\/\/ag-frisch.com\/de\/#\/schema\/logo\/image\/"},"sameAs":["https:\/\/www.facebook.com\/China.Import","https:\/\/x.com\/agenturfrisch"]}]}},"_links":{"self":[{"href":"https:\/\/ag-frisch.com\/pl\/wp-json\/wp\/v2\/pages\/10468","targetHints":{"allow":["GET"]}}],"collection":[{"href":"https:\/\/ag-frisch.com\/pl\/wp-json\/wp\/v2\/pages"}],"about":[{"href":"https:\/\/ag-frisch.com\/pl\/wp-json\/wp\/v2\/types\/page"}],"author":[{"embeddable":true,"href":"https:\/\/ag-frisch.com\/pl\/wp-json\/wp\/v2\/users\/2"}],"replies":[{"embeddable":true,"href":"https:\/\/ag-frisch.com\/pl\/wp-json\/wp\/v2\/comments?post=10468"}],"version-history":[{"count":0,"href":"https:\/\/ag-frisch.com\/pl\/wp-json\/wp\/v2\/pages\/10468\/revisions"}],"wp:attachment":[{"href":"https:\/\/ag-frisch.com\/pl\/wp-json\/wp\/v2\/media?parent=10468"}],"curies":[{"name":"wp","href":"https:\/\/api.w.org\/{rel}","templated":true}]}}