{"id":10540,"date":"2021-11-07T11:00:34","date_gmt":"2021-11-07T10:00:34","guid":{"rendered":"https:\/\/ag-frisch.com\/zakupy-w-chinach\/"},"modified":"2023-01-27T05:22:16","modified_gmt":"2023-01-27T04:22:16","slug":"zakupy-w-chinach","status":"publish","type":"page","link":"https:\/\/ag-frisch.com\/pl\/zakupy-w-chinach\/","title":{"rendered":"Zakupy w Chinach"},"content":{"rendered":"<p>[et_pb_section fb_built=&#8221;1&#8243; _builder_version=&#8221;4.9.10&#8243; _module_preset=&#8221;default&#8221;][et_pb_row _builder_version=&#8221;4.9.10&#8243; _module_preset=&#8221;default&#8221;][et_pb_column _builder_version=&#8221;4.9.10&#8243; _module_preset=&#8221;default&#8221; type=&#8221;4_4&#8243;][et_pb_text _builder_version=&#8221;4.9.10&#8243; _module_preset=&#8221;default&#8221; hover_enabled=&#8221;0&#8243; sticky_enabled=&#8221;0&#8243;]<\/p>\n<div class=\"et_post_meta_wrapper\">\n<h1 class=\"entry-title\">Zakupy z Chin &#8211; czy to si\u0119 op\u0142aca?<\/h1>\n<\/div>\n<div class=\"entry-content\">\n<p>Z Chin jest wiod\u0105cym, ale tak\u017ce gigantyczne gospodarki handlowej, to mo\u017ce by\u0107 \u0142atwe dla Ciebie do uzyskania b\u00f3l g\u0142owy na sam\u0105 my\u015bl o wej\u015bciu do masowego zakupu z Chin. Nie nale\u017cy jednak rozpacza\u0107 i nie rezygnowa\u0107 z projektu, zanim si\u0119 on rozpocznie. Z pewno\u015bci\u0105<span> <\/span><a href=\"http:\/\/www.ag-frisch.de\/\">Zakupy z Chin<\/a><span> <\/span>nie jest \u0142atwe. Wszystko jest za daleko, pewnie nie znasz j\u0119zyka, nie znasz zwyczaj\u00f3w, a je\u015bli by\u0142e\u015b kiedy\u015b w Chinach, to wiesz, \u017ce Chiny to ca\u0142kiem inny \u015bwiat ni\u017c Niemcy.<br \/>W tym miejscu przygotowali\u015bmy dla Was swoist\u0105 map\u0119 drogow\u0105; rzeczy, na kt\u00f3re warto zwr\u00f3ci\u0107 uwag\u0119 i rzeczy, kt\u00f3re warto zrobi\u0107, w Waszych<span> <\/span>Lepiej powstrzyma\u0107 si\u0119 od <a href=\"http:\/\/www.ag-frisch.de\/\">zakup\u00f3w z Chin<\/a>.<br \/>Jak sama nazwa hurtownia wskazuje, jest to metoda handlu, w kt\u00f3rej przedsi\u0119biorca oferuje swoje produkty z p\u00f3\u0142ki w por\u00f3wnaniu do produkt\u00f3w produkowanych dla kupuj\u0105cego.<br \/>Handel hurtowy w Chinach jest w du\u017cej mierze skoncentrowany na handlu krajowym. Twoim pierwszym krokiem musi by\u0107 zatem znalezienie przedsi\u0119biorcy, kt\u00f3ry celuje w handel mi\u0119dzynarodowy. W Yiwu, w prowincji Zhejiang, znajdziesz plejad\u0119 doskona\u0142ych hurtowni, kt\u00f3re eksportuj\u0105 do niemal wszystkich cz\u0119\u015bci \u015bwiata. Z wi\u0119kszo\u015bci\u0105 z nich mo\u017cna po prostu p\u00f3j\u015b\u0107 do dom\u00f3w towarowych i wybra\u0107 produkty dla siebie.<span> <\/span><a href=\"http:\/\/www.ag-frisch.de\/\">Zakupy z Chin<\/a><span> <\/span>po raz pierwszy. Jedynym problemem jest to, \u017ce produkty importowane do kraj\u00f3w zachodnich musz\u0105 spe\u0142nia\u0107 okre\u015blone normy. Faktem jest jednak, \u017ce tylko nieliczne produkty z chi\u0144skich hurtowni spe\u0142niaj\u0105 niemieckie normy. Import produkt\u00f3w niezgodnych z przepisami jest nielegalny. Mo\u017cesz zosta\u0107 zmuszony do wycofania produktu lub nawet zaanga\u017cowany w spraw\u0119 s\u0105dow\u0105, kt\u00f3rej koszty ponosisz wy\u0142\u0105cznie Ty.<br \/>W zasadzie mo\u017cna jednak powiedzie\u0107, \u017ce.<span> <\/span><a href=\"http:\/\/www.ag-frisch.de\/\">Kupowanie z Chin<\/a>, poprzez hurtowni\u0119 op\u0142aca si\u0119 tylko wtedy, gdy kupujemy szersz\u0105 gam\u0119 produkt\u00f3w, ka\u017cdy w stosunkowo niewielkiej ilo\u015bci.<br \/>Wi\u0119c jak to si\u0119 robi? Oto 8 krok\u00f3w, kt\u00f3re pomog\u0105 Ci stworzy\u0107 lukratywny<span> <\/span><a href=\"http:\/\/www.ag-frisch.de\/\">Zakupy w Chinach<\/a><span> <\/span>do wykonania.<\/p>\n<ol>\n<li><strong>Znajd\u017a odpowiedni\u0105 hurtowni\u0119:<\/strong><br \/>Jest to oczywi\u015bcie fundament dla Twojego biznesu zwi\u0105zanego z importem z Chin. Znalezienie i sprawdzenie wiod\u0105cych dostawc\u00f3w mo\u017ce by\u0107 skomplikowanym i myl\u0105cym procesem. Nale\u017cy pami\u0119ta\u0107, \u017ce chi\u0144skie produkty s\u0105 w wi\u0119kszo\u015bci produkowane na potrzeby handlu wewn\u0119trznego i mog\u0105 nie spe\u0142nia\u0107 niemieckich standard\u00f3w.<\/li>\n<li><strong>Zapoznaj si\u0119 i zrozum procedur\u0119 wysy\u0142ki.<br \/><\/strong>Obejmuje to nazw\u0119 i adres eksportera i odbiorcy, miejsce i dat\u0119 wystawienia, numer faktury, szczeg\u00f3\u0142y dotycz\u0105ce przesy\u0142ki, kraj pochodzenia, mark\u0119, numery i liczb\u0119 opakowa\u0144, dok\u0142adny opis towar\u00f3w, wag\u0119 brutto i netto, ceny jednostkowe i kwot\u0119 ca\u0142kowit\u0105, warunki dostawy i p\u0142atno\u015bci, wszystkie dokumenty przewozowe, opakowanie, ubezpieczenie &#8211; a to tylko niekt\u00f3re z rzeczy, kt\u00f3re trzeba wzi\u0105\u0107 pod uwag\u0119 kupuj\u0105c w Chinach.<\/li>\n<li><strong>Zrozumienie ce\u0142 importowych, podatk\u00f3w i op\u0142at:<\/strong><span> <\/span>Wszystkie produkty importowane z Chin podlegaj\u0105 c\u0142om importowym, podatkom i innym potr\u0105ceniom. Ponosisz odpowiedzialno\u015b\u0107 za wszystkie poniesione wydatki.<\/li>\n<li><strong>Dostosuj sw\u00f3j produkt do konkretnej grupy docelowej:<\/strong><span> <\/span>Obejmuje to sporz\u0105dzenie dokumentu specyfikacji produktu. Podpozycja ta zawiera informacje o materia\u0142ach, kolorach i innych cechach Twojego produktu.<\/li>\n<li><strong>Zamawianie pr\u00f3bek i udoskonalanie produktu:<\/strong><span> <\/span>Po uzyskaniu jasno\u015bci co do jako\u015bci produktu i warunk\u00f3w zam\u00f3wienia, np. liczby rewizji, drastycznie wzrastaj\u0105 szanse, \u017ce produkcja produktu zako\u0144czy si\u0119 sukcesem dla<span> <\/span><a href=\"http:\/\/www.ag-frisch.de\/\">Zakupy z Chin<\/a><span> <\/span>.<\/li>\n<li><strong>Po\u0142\u00f3\u017c solidne fundamenty pod zam\u00f3wienie wst\u0119pne<\/strong> z umow\u0105 sprzeda\u017cy: dobra umowa sprzeda\u017cy ubezpiecza Tw\u00f3j zakup z Chin od prawid\u0142owej wysy\u0142ki, p\u0142atno\u015bci i op\u00f3\u017anionych termin\u00f3w dostawy.<\/li>\n<li><strong>P\u0142a\u0107 swoim dostawcom i unikaj oszustw:<\/strong><span> <\/span>Zadaj wiele pyta\u0144 o wszystkie mo\u017cliwe warunki p\u0142atno\u015bci; jakie warunki p\u0142atno\u015bci akceptuj\u0105, a jakich nie powiniene\u015b akceptowa\u0107. Uzyskaj porady, jak chroni\u0107 si\u0119 przed oszustwem. &#8211; Nie maj\u0105 one prawie \u017cadnej pozycji prawnej za granic\u0105.<\/li>\n<li><strong>Unikanie uszkodzonych lub wadliwych towar\u00f3w poprzez kontrol\u0119 jako\u015bci<\/strong>: R\u00f3wnie\u017c w tym przypadku musisz by\u0107 dok\u0142adnie poinformowany o wszystkich zasadach i przepisach. Zasadniczo to, czego chcesz, to lokalny, bezstronny, chi\u0144ski inspektor jako\u015bci. Mo\u017cesz zleci\u0107 im odp\u0142atne sprawdzenie jako\u015bci swoich towar\u00f3w.<\/li>\n<\/ol>\n<p>Jak wida\u0107, jest to d\u017cungla biurokracji, w kt\u00f3r\u0105 si\u0119 tu wchodzi. Nie powinno to jednak powstrzyma\u0107 Ci\u0119 przed zakupami z Chin. Jedn\u0105 z najwa\u017cniejszych rzeczy jest to, \u017ce otrzymujesz prawid\u0142owe informacje i pomoc dla swojego<span> <\/span><a href=\"http:\/\/www.ag-frisch.de\/\">Zakupy z Chin<\/a><span> <\/span>dosta\u0107 go tam, gdzie go potrzebujesz.<br \/>Chi\u0144ski rynek handlowy, jako wiod\u0105cy w gospodarce \u015bwiatowej, oferuje bogaty wyb\u00f3r produkt\u00f3w w stosunkowo dobrych cenach. Korzy\u015b\u0107 dla twojego<span> <\/span><a href=\"http:\/\/www.ag-frisch.de\/\">Zakupy z Chin<\/a><span> <\/span>jest to, \u017ce po znalezieniu odpowiedniej hurtowni o zasi\u0119gu mi\u0119dzynarodowym, nie trzeba kupowa\u0107 du\u017cych ilo\u015bci. R\u00f3\u017cnorodno\u015b\u0107 chi\u0144skiego rynku sprawia, \u017ce bez problemu mo\u017cna kupi\u0107 nawet niewielkie ilo\u015bci r\u00f3\u017cnorodnych produkt\u00f3w. &#8211; W por\u00f3wnaniu z rynkiem krajowym, gdzie minimalna jednostkowa kwota wynosi 10 tys.<br \/>Aby uzyska\u0107 wi\u0119cej informacji na temat<span> <\/span><a href=\"http:\/\/www.ag-frisch.de\/\">Zakupy w Chinach<\/a><span> <\/span>prosimy o kontakt:<span> <\/span><a href=\"mailto:info@ag-frisch.de\">info@ag-frisch.de<\/a><\/p>\n<\/div>\n<p>[\/et_pb_text][\/et_pb_column][\/et_pb_row][\/et_pb_section]<\/p>\n","protected":false},"excerpt":{"rendered":"<p>Zakupy z Chin &#8211; czy to si\u0119 op\u0142aca? Z Chin jest wiod\u0105cym, ale tak\u017ce gigantyczne gospodarki handlowej, to mo\u017ce by\u0107 \u0142atwe dla Ciebie do uzyskania b\u00f3l g\u0142owy na sam\u0105 my\u015bl o wej\u015bciu do masowego zakupu z Chin. Nie nale\u017cy jednak rozpacza\u0107 i nie rezygnowa\u0107 z projektu, zanim si\u0119 on rozpocznie. Z pewno\u015bci\u0105 Zakupy z Chin [&hellip;]<\/p>\n","protected":false},"author":2,"featured_media":0,"parent":0,"menu_order":0,"comment_status":"closed","ping_status":"closed","template":"","meta":{"_et_pb_use_builder":"on","_et_pb_old_content":"","_et_gb_content_width":"","footnotes":""},"class_list":["post-10540","page","type-page","status-publish","hentry"],"yoast_head":"<!-- This site is optimized with the Yoast SEO plugin v27.4 - https:\/\/yoast.com\/product\/yoast-seo-wordpress\/ -->\n<title>Zakupy w Chinach - China Import Beratung f\u00fcr den Einkauf aus China<\/title>\n<meta name=\"robots\" content=\"index, follow, max-snippet:-1, max-image-preview:large, max-video-preview:-1\" \/>\n<link rel=\"canonical\" href=\"https:\/\/ag-frisch.com\/pl\/zakupy-w-chinach\/\" \/>\n<meta property=\"og:locale\" content=\"pl_PL\" \/>\n<meta property=\"og:type\" content=\"article\" \/>\n<meta property=\"og:title\" content=\"Zakupy w Chinach - China Import Beratung f\u00fcr den Einkauf aus China\" \/>\n<meta property=\"og:description\" content=\"Zakupy z Chin - czy to si\u0119 op\u0142aca? Z Chin jest wiod\u0105cym, ale tak\u017ce gigantyczne gospodarki handlowej, to mo\u017ce by\u0107 \u0142atwe dla Ciebie do uzyskania b\u00f3l g\u0142owy na sam\u0105 my\u015bl o wej\u015bciu do masowego zakupu z Chin. Nie nale\u017cy jednak rozpacza\u0107 i nie rezygnowa\u0107 z projektu, zanim si\u0119 on rozpocznie. Z pewno\u015bci\u0105 Zakupy z Chin [&hellip;]\" \/>\n<meta property=\"og:url\" content=\"https:\/\/ag-frisch.com\/pl\/zakupy-w-chinach\/\" \/>\n<meta property=\"og:site_name\" content=\"China Import Beratung f\u00fcr den Einkauf aus China\" \/>\n<meta property=\"article:publisher\" content=\"https:\/\/www.facebook.com\/China.Import\" \/>\n<meta property=\"article:modified_time\" content=\"2023-01-27T04:22:16+00:00\" \/>\n<meta name=\"twitter:card\" content=\"summary_large_image\" \/>\n<meta name=\"twitter:site\" content=\"@agenturfrisch\" \/>\n<meta name=\"twitter:label1\" content=\"Szacowany czas czytania\" \/>\n\t<meta name=\"twitter:data1\" content=\"5 minut\" \/>\n<script type=\"application\/ld+json\" class=\"yoast-schema-graph\">{\"@context\":\"https:\\\/\\\/schema.org\",\"@graph\":[{\"@type\":\"WebPage\",\"@id\":\"https:\\\/\\\/ag-frisch.com\\\/pl\\\/zakupy-w-chinach\\\/\",\"url\":\"https:\\\/\\\/ag-frisch.com\\\/pl\\\/zakupy-w-chinach\\\/\",\"name\":\"Zakupy w Chinach - China Import Beratung f\u00fcr den Einkauf aus China\",\"isPartOf\":{\"@id\":\"https:\\\/\\\/ag-frisch.com\\\/de\\\/#website\"},\"datePublished\":\"2021-11-07T10:00:34+00:00\",\"dateModified\":\"2023-01-27T04:22:16+00:00\",\"breadcrumb\":{\"@id\":\"https:\\\/\\\/ag-frisch.com\\\/pl\\\/zakupy-w-chinach\\\/#breadcrumb\"},\"inLanguage\":\"pl-PL\",\"potentialAction\":[{\"@type\":\"ReadAction\",\"target\":[\"https:\\\/\\\/ag-frisch.com\\\/pl\\\/zakupy-w-chinach\\\/\"]}]},{\"@type\":\"BreadcrumbList\",\"@id\":\"https:\\\/\\\/ag-frisch.com\\\/pl\\\/zakupy-w-chinach\\\/#breadcrumb\",\"itemListElement\":[{\"@type\":\"ListItem\",\"position\":1,\"name\":\"Startseite\",\"item\":\"https:\\\/\\\/ag-frisch.com\\\/de\\\/\"},{\"@type\":\"ListItem\",\"position\":2,\"name\":\"Zakupy w Chinach\"}]},{\"@type\":\"WebSite\",\"@id\":\"https:\\\/\\\/ag-frisch.com\\\/de\\\/#website\",\"url\":\"https:\\\/\\\/ag-frisch.com\\\/de\\\/\",\"name\":\"China Import Beratung f\u00fcr den Einkauf aus China\",\"description\":\"China Import &amp; Export Beratung - Der Dienstleister Ihres Vertrauens f\u00fcr Ihren China Import\",\"publisher\":{\"@id\":\"https:\\\/\\\/ag-frisch.com\\\/de\\\/#organization\"},\"potentialAction\":[{\"@type\":\"SearchAction\",\"target\":{\"@type\":\"EntryPoint\",\"urlTemplate\":\"https:\\\/\\\/ag-frisch.com\\\/de\\\/?s={search_term_string}\"},\"query-input\":{\"@type\":\"PropertyValueSpecification\",\"valueRequired\":true,\"valueName\":\"search_term_string\"}}],\"inLanguage\":\"pl-PL\"},{\"@type\":\"Organization\",\"@id\":\"https:\\\/\\\/ag-frisch.com\\\/de\\\/#organization\",\"name\":\"Agentur Frisch International Consulting GmbH & Co. KG\",\"url\":\"https:\\\/\\\/ag-frisch.com\\\/de\\\/\",\"logo\":{\"@type\":\"ImageObject\",\"inLanguage\":\"pl-PL\",\"@id\":\"https:\\\/\\\/ag-frisch.com\\\/de\\\/#\\\/schema\\\/logo\\\/image\\\/\",\"url\":\"https:\\\/\\\/ag-frisch.com\\\/wp-content\\\/uploads\\\/2021\\\/08\\\/ag_logo_rgb_300_small.png\",\"contentUrl\":\"https:\\\/\\\/ag-frisch.com\\\/wp-content\\\/uploads\\\/2021\\\/08\\\/ag_logo_rgb_300_small.png\",\"width\":153,\"height\":102,\"caption\":\"Agentur Frisch International Consulting GmbH & Co. KG\"},\"image\":{\"@id\":\"https:\\\/\\\/ag-frisch.com\\\/de\\\/#\\\/schema\\\/logo\\\/image\\\/\"},\"sameAs\":[\"https:\\\/\\\/www.facebook.com\\\/China.Import\",\"https:\\\/\\\/x.com\\\/agenturfrisch\"]}]}<\/script>\n<!-- \/ Yoast SEO plugin. -->","yoast_head_json":{"title":"Zakupy w Chinach - China Import Beratung f\u00fcr den Einkauf aus China","robots":{"index":"index","follow":"follow","max-snippet":"max-snippet:-1","max-image-preview":"max-image-preview:large","max-video-preview":"max-video-preview:-1"},"canonical":"https:\/\/ag-frisch.com\/pl\/zakupy-w-chinach\/","og_locale":"pl_PL","og_type":"article","og_title":"Zakupy w Chinach - China Import Beratung f\u00fcr den Einkauf aus China","og_description":"Zakupy z Chin - czy to si\u0119 op\u0142aca? Z Chin jest wiod\u0105cym, ale tak\u017ce gigantyczne gospodarki handlowej, to mo\u017ce by\u0107 \u0142atwe dla Ciebie do uzyskania b\u00f3l g\u0142owy na sam\u0105 my\u015bl o wej\u015bciu do masowego zakupu z Chin. Nie nale\u017cy jednak rozpacza\u0107 i nie rezygnowa\u0107 z projektu, zanim si\u0119 on rozpocznie. Z pewno\u015bci\u0105 Zakupy z Chin [&hellip;]","og_url":"https:\/\/ag-frisch.com\/pl\/zakupy-w-chinach\/","og_site_name":"China Import Beratung f\u00fcr den Einkauf aus China","article_publisher":"https:\/\/www.facebook.com\/China.Import","article_modified_time":"2023-01-27T04:22:16+00:00","twitter_card":"summary_large_image","twitter_site":"@agenturfrisch","twitter_misc":{"Szacowany czas czytania":"5 minut"},"schema":{"@context":"https:\/\/schema.org","@graph":[{"@type":"WebPage","@id":"https:\/\/ag-frisch.com\/pl\/zakupy-w-chinach\/","url":"https:\/\/ag-frisch.com\/pl\/zakupy-w-chinach\/","name":"Zakupy w Chinach - China Import Beratung f\u00fcr den Einkauf aus China","isPartOf":{"@id":"https:\/\/ag-frisch.com\/de\/#website"},"datePublished":"2021-11-07T10:00:34+00:00","dateModified":"2023-01-27T04:22:16+00:00","breadcrumb":{"@id":"https:\/\/ag-frisch.com\/pl\/zakupy-w-chinach\/#breadcrumb"},"inLanguage":"pl-PL","potentialAction":[{"@type":"ReadAction","target":["https:\/\/ag-frisch.com\/pl\/zakupy-w-chinach\/"]}]},{"@type":"BreadcrumbList","@id":"https:\/\/ag-frisch.com\/pl\/zakupy-w-chinach\/#breadcrumb","itemListElement":[{"@type":"ListItem","position":1,"name":"Startseite","item":"https:\/\/ag-frisch.com\/de\/"},{"@type":"ListItem","position":2,"name":"Zakupy w Chinach"}]},{"@type":"WebSite","@id":"https:\/\/ag-frisch.com\/de\/#website","url":"https:\/\/ag-frisch.com\/de\/","name":"China Import Beratung f\u00fcr den Einkauf aus China","description":"China Import &amp; Export Beratung - Der Dienstleister Ihres Vertrauens f\u00fcr Ihren China Import","publisher":{"@id":"https:\/\/ag-frisch.com\/de\/#organization"},"potentialAction":[{"@type":"SearchAction","target":{"@type":"EntryPoint","urlTemplate":"https:\/\/ag-frisch.com\/de\/?s={search_term_string}"},"query-input":{"@type":"PropertyValueSpecification","valueRequired":true,"valueName":"search_term_string"}}],"inLanguage":"pl-PL"},{"@type":"Organization","@id":"https:\/\/ag-frisch.com\/de\/#organization","name":"Agentur Frisch International Consulting GmbH & Co. KG","url":"https:\/\/ag-frisch.com\/de\/","logo":{"@type":"ImageObject","inLanguage":"pl-PL","@id":"https:\/\/ag-frisch.com\/de\/#\/schema\/logo\/image\/","url":"https:\/\/ag-frisch.com\/wp-content\/uploads\/2021\/08\/ag_logo_rgb_300_small.png","contentUrl":"https:\/\/ag-frisch.com\/wp-content\/uploads\/2021\/08\/ag_logo_rgb_300_small.png","width":153,"height":102,"caption":"Agentur Frisch International Consulting GmbH & Co. KG"},"image":{"@id":"https:\/\/ag-frisch.com\/de\/#\/schema\/logo\/image\/"},"sameAs":["https:\/\/www.facebook.com\/China.Import","https:\/\/x.com\/agenturfrisch"]}]}},"_links":{"self":[{"href":"https:\/\/ag-frisch.com\/pl\/wp-json\/wp\/v2\/pages\/10540","targetHints":{"allow":["GET"]}}],"collection":[{"href":"https:\/\/ag-frisch.com\/pl\/wp-json\/wp\/v2\/pages"}],"about":[{"href":"https:\/\/ag-frisch.com\/pl\/wp-json\/wp\/v2\/types\/page"}],"author":[{"embeddable":true,"href":"https:\/\/ag-frisch.com\/pl\/wp-json\/wp\/v2\/users\/2"}],"replies":[{"embeddable":true,"href":"https:\/\/ag-frisch.com\/pl\/wp-json\/wp\/v2\/comments?post=10540"}],"version-history":[{"count":0,"href":"https:\/\/ag-frisch.com\/pl\/wp-json\/wp\/v2\/pages\/10540\/revisions"}],"wp:attachment":[{"href":"https:\/\/ag-frisch.com\/pl\/wp-json\/wp\/v2\/media?parent=10540"}],"curies":[{"name":"wp","href":"https:\/\/api.w.org\/{rel}","templated":true}]}}