{"id":10719,"date":"2021-11-07T20:16:34","date_gmt":"2021-11-07T19:16:34","guid":{"rendered":"https:\/\/ag-frisch.com\/produkcja-w-chinach\/"},"modified":"2023-01-27T05:23:26","modified_gmt":"2023-01-27T04:23:26","slug":"produkcja-w-chinach","status":"publish","type":"page","link":"https:\/\/ag-frisch.com\/pl\/produkcja-w-chinach\/","title":{"rendered":"Produkcja w Chinach"},"content":{"rendered":"<p>[et_pb_section fb_built=&#8221;1&#8243; _builder_version=&#8221;4.16&#8243; _module_preset=&#8221;default&#8221; global_colors_info=&#8221;{}&#8221;][et_pb_row _builder_version=&#8221;4.18.1&#8243; _module_preset=&#8221;default&#8221; global_colors_info=&#8221;{}&#8221;][et_pb_column type=&#8221;4_4&#8243; _builder_version=&#8221;4.18.1&#8243; _module_preset=&#8221;default&#8221; global_colors_info=&#8221;{}&#8221;][et_pb_cta title=&#8221;Produkcja w Chinach&#8221; button_url=&#8221;https:\/\/ag-frisch.com\/pl\/kontakt\/&#8221; button_text=&#8221;Zle\u0107 produkcj\u0119 w Chinach ju\u017c teraz &#8211; zapytaj nas!&#8221; _builder_version=&#8221;4.18.1&#8243; _module_preset=&#8221;default&#8221; hover_enabled=&#8221;0&#8243; global_colors_info=&#8221;{}&#8221; sticky_enabled=&#8221;0&#8243;]<\/p>\n<p>Chiny nadal stoj\u0105 na stra\u017cy produkcji kontraktowej. Zwi\u0119ksz swoj\u0105 mar\u017c\u0119, przenosz\u0105c produkcj\u0119 do Chin.  <\/p>\n<p>[\/et_pb_cta][\/et_pb_column][\/et_pb_row][et_pb_row _builder_version=&#8221;4.16&#8243; _module_preset=&#8221;default&#8221; global_colors_info=&#8221;{}&#8221;][et_pb_column type=&#8221;4_4&#8243; _builder_version=&#8221;4.16&#8243; _module_preset=&#8221;default&#8221; global_colors_info=&#8221;{}&#8221;][et_pb_text _builder_version=&#8221;4.16&#8243; _module_preset=&#8221;default&#8221; global_colors_info=&#8221;{}&#8221;]<\/p>\n<h2>  Produkcja na zlecenie w Chinach<\/h2>\n<table width=\"100%\" border=\"0\" cellspacing=\"0\" cellpadding=\"0\">\n<tbody>\n<tr>\n<td><\/td>\n<td>\n<table width=\"100%\" border=\"0\" cellspacing=\"0\" cellpadding=\"0\">\n<tbody>\n<tr>\n<td colspan=\"2\">\n<p><strong>Produkcja w Chinach<\/strong>&#8220;Made in China&#8221; to trzy s\u0142owa, kt\u00f3re pojawiaj\u0105 si\u0119 na wielu technicznych i modnych produktach na ca\u0142ym \u015bwiecie. Jednak to, co dla wielu os\u00f3b wydaje si\u0119 banalne, kryje w sobie d\u0142ug\u0105 i r\u00f3wnie wa\u017cn\u0105 histori\u0119, kt\u00f3ra<span> <\/span><strong>Produkcja w Chinach<\/strong>. Czy to odtwarzacz DVD, komputer czy sukienka ze sklepu odzie\u017cowego. Prawie wszystkie te towary zawieraj\u0105 teraz przynajmniej komponenty z Chin, co pokazuje, \u017ce produkcja tam to globalny biznes.<br \/>Z tego powodu w Chinach m\u00f3wi si\u0119 teraz o tzw. kapitalizmie kadrowym. Termin ten oznacza, \u017ce Chiny obecnie zmierzaj\u0105 bardziej od gospodarki planowej do rynkowej, tak\u017ce dzi\u0119ki licznym zagranicznym prywatnym przedsi\u0119biorcom, ale ta [die Marktwirtschaft] nie jest wolna, lecz nadal cz\u0119\u015bciowo kontrolowana przez autorytaryzm, tak \u017ce m\u00f3wi si\u0119 o kapitalizmie kadrowym.<\/p>\n<p><a href=\"http:\/\/www.ag-frisch.de\/\"><\/a><br \/>Na stronie<span> <\/span><strong>Produkcja w Chinach <\/strong>nadal ro\u015bnie. O ile w 2003 roku na eksporcie d\u00f3br produkcyjnych mo\u017cna by\u0142o zarobi\u0107 zaledwie 438 mld dolar\u00f3w, to w 2010 roku kwota ta wynios\u0142a 1580 mld. Jest to wzrost o prawie czterysta procent, co przemawia za mocno zwi\u0119kszon\u0105 produkcj\u0105 w Krainie Chi\u0144skiego Muru. Republika Ludowa jest obecnie mistrzem \u015bwiata w eksporcie.<br \/>Jednak liczni prywatni przedsi\u0119biorcy z zagranicy, zw\u0142aszcza z kraj\u00f3w uprzemys\u0142owionych, takich jak Niemcy, Francja, Wielka Brytania czy Stany Zjednoczone Ameryki, r\u00f3wnie\u017c na pocz\u0105tku lat 90. XX wieku, ale tak\u017ce na prze\u0142omie tysi\u0105cleci, zacz\u0119li przenosi\u0107 swoje zak\u0142ady produkcyjne z kraj\u00f3w macierzystych do Azji. Produkcja w Chinach by\u0142a wi\u0119c nap\u0119dzana dalej i zatrudniano coraz wi\u0119cej os\u00f3b. W rezultacie s\u0142owa &#8220;Made in China&#8221; mo\u017cna obecnie znale\u017a\u0107 tak\u017ce na wielu produktach uznanych niemieckich firm.<br \/>Ale produkty wyko\u0144czone w Chinach niekoniecznie s\u0105 ta\u0144sze. W 2008 roku firma audytorska PwC stwierdzi\u0142a w badaniu, \u017ce zakup chi\u0144skich produkt\u00f3w przesta\u0142 si\u0119 op\u0142aca\u0107 co trzeciej firmie w Niemczech, poniewa\u017c niekt\u00f3re firmy mog\u0105 dosta\u0107 te produkty taniej w Niemczech. Ze wzgl\u0119du na masow\u0105 produkcj\u0119 w Chinach, firmy s\u0105 jednak czasami zmuszone do kupowania tam, poniewa\u017c w Niemczech nie ma wystarczaj\u0105cej ilo\u015bci artyku\u0142\u00f3w. Wed\u0142ug badania, firmy ponosz\u0105 wydatki z powodu transportu i kontroli artyku\u0142\u00f3w przez niemieckich pracownik\u00f3w, poniewa\u017c Chi\u0144czycy nie kontroluj\u0105 optymalnie produkcji i cz\u0119\u015b\u0107 artyku\u0142\u00f3w szybko staje si\u0119 wadliwa. Mimo to 75 procent niemieckich firm z siedzib\u0105 w Chinach jest zdania, \u017ce Chiny w najbli\u017cszych latach b\u0119d\u0105 nadal zyskiwa\u0107 na sile i znaczeniu jako miejsce prowadzenia dzia\u0142alno\u015bci gospodarczej.<\/p>\n<p>Bior\u0105c pod uwag\u0119, \u017ce pod koniec lat 60-tych Chiny by\u0142y jeszcze krajem wschodz\u0105cym, w kt\u00f3rym produkcja by\u0142a niewielka, zadziwiaj\u0105ce jest to, jak szybko kraj ten by\u0142 w stanie si\u0119 podnie\u015b\u0107. Je\u015bli spojrzymy na r\u00f3\u017cne statystyki, to zobaczymy, \u017ce dawny &#8220;kraj drugiego \u015bwiata&#8221; produkuje obecnie najwi\u0119kszy procent but\u00f3w na \u015bwiecie. W por\u00f3wnaniu z telefonami kom\u00f3rkowymi, produkcja but\u00f3w jest jednak wci\u0105\u017c niewielka. Na przyk\u0142ad 75 procent przedmiot\u00f3w sprzedawanych na \u015bwiecie jest produkowanych w Chinach. W azjatyckim kraju wci\u0105\u017c ro\u015bnie nawet produkcja \u0142\u00f3\u017cek wodnych. Chiny nie s\u0105 tu jeszcze liderem, ale je\u015bli spojrze\u0107 na to, jak bardzo mniejszy wsp\u00f3\u0142czynnik staje si\u0119 teraz regularnie, kraj ten mo\u017ce wkr\u00f3tce znale\u017a\u0107 si\u0119 w czo\u0142\u00f3wce tak\u017ce i tutaj.<br \/>Pow\u00f3d wysokiego poziomu<span> <\/span><a title=\"Produkcja w Chinach\" href=\"http:\/\/www.ag-frisch.de\/sites\/importservice\/?swap=19d868bba4fd9898ef7631ed944ad578&amp;lan=de\"><strong>Produkcja w Chinach<\/strong><\/a><span> <\/span>jest to, \u017ce pracownik zarabia tam \u015brednio 100 euro miesi\u0119cznie na buty, co w niekt\u00f3rych regionach jest du\u017c\u0105 kwot\u0105, co pozwala firmom na wielokrotne oszcz\u0119dno\u015bci w przeciwie\u0144stwie do pracownik\u00f3w niemieckich.<\/p>\n<p><strong>Produkcja w Chinach<\/strong><span> <\/span><strong><span> <\/span> jest obecnie najwi\u0119ksza na \u015bwiecie, ale i tak Chiny jako jeszcze wi\u0119kszy kraj produkcyjny to realna wizja przysz\u0142o\u015bci, bo tak b\u0119d\u0105 ros\u0142y tamtejsze liczby.<\/strong><\/p>\n<\/td>\n<\/tr>\n<\/tbody>\n<\/table>\n<\/td>\n<\/tr>\n<\/tbody>\n<\/table>\n<p>[\/et_pb_text][\/et_pb_column][\/et_pb_row][\/et_pb_section][et_pb_section fb_built=&#8221;1&#8243; admin_label=&#8221;Testimonials&#8221; _builder_version=&#8221;4.16&#8243; use_background_color_gradient=&#8221;on&#8221; background_color_gradient_stops=&#8221;rgba(0,106,156,0.85) 0%|rgba(0,106,156,0.85) 100%&#8221; background_color_gradient_start=&#8221;rgba(0,106,156,0.85)&#8221; background_color_gradient_end=&#8221;rgba(0,106,156,0.85)&#8221; custom_padding=&#8221;90px||60px|&#8221; animation_style=&#8221;fold&#8221; animation_direction=&#8221;bottom&#8221; animation_intensity_fold=&#8221;4%&#8221; global_colors_info=&#8221;{}&#8221;][et_pb_row _builder_version=&#8221;4.16&#8243; background_size=&#8221;initial&#8221; background_position=&#8221;top_left&#8221; background_repeat=&#8221;repeat&#8221; custom_width_px=&#8221;710px&#8221; locked=&#8221;off&#8221; global_colors_info=&#8221;{}&#8221;][et_pb_column type=&#8221;4_4&#8243; _builder_version=&#8221;4.16&#8243; background_position=&#8221;top_left&#8221; custom_padding=&#8221;|||&#8221; global_colors_info=&#8221;{}&#8221; custom_padding__hover=&#8221;|||&#8221;][et_pb_text admin_label=&#8221;Testimonials Section Title&#8221; _builder_version=&#8221;4.16&#8243; header_font=&#8221;Montserrat||||&#8221; header_font_size=&#8221;36px&#8221; background_size=&#8221;initial&#8221; background_position=&#8221;top_left&#8221; background_repeat=&#8221;repeat&#8221; text_orientation=&#8221;center&#8221; background_layout=&#8221;dark&#8221; max_width=&#8221;710px&#8221; module_alignment=&#8221;center&#8221; animation_style=&#8221;fold&#8221; animation_direction=&#8221;bottom&#8221; animation_intensity_fold=&#8221;20%&#8221; global_colors_info=&#8221;{}&#8221;]<\/p>\n<h1>Ponad 5000 zadowolonych klient\u00f3w.<\/h1>\n<p>&nbsp;<\/p>\n<p>[\/et_pb_text][et_pb_divider color=&#8221;#ffffff&#8221; divider_weight=&#8221;3px&#8221; disabled_on=&#8221;off|off|off&#8221; _builder_version=&#8221;4.16&#8243; background_color_gradient_direction=&#8221;90deg&#8221; max_width=&#8221;100px&#8221; module_alignment=&#8221;center&#8221; height=&#8221;5px&#8221; custom_margin=&#8221;||20px|&#8221; custom_padding=&#8221;||20px|&#8221; animation_style=&#8221;slide&#8221; animation_direction=&#8221;bottom&#8221; saved_tabs=&#8221;all&#8221; locked=&#8221;off&#8221; global_colors_info=&#8221;{}&#8221;][\/et_pb_divider][\/et_pb_column][\/et_pb_row][et_pb_row column_structure=&#8221;1_2,1_2&#8243; _builder_version=&#8221;4.18.1&#8243; _module_preset=&#8221;default&#8221; global_colors_info=&#8221;{}&#8221;][et_pb_column type=&#8221;1_2&#8243; _builder_version=&#8221;4.18.1&#8243; _module_preset=&#8221;default&#8221; global_colors_info=&#8221;{}&#8221;][et_pb_testimonial author=&#8221;Marco&#8221; portrait_url=&#8221;https:\/\/ag-frisch.com\/wp-content\/uploads\/2021\/08\/Harald.png&#8221; quote_icon=&#8221;off&#8221; _builder_version=&#8221;4.18.1&#8243; _module_preset=&#8221;default&#8221; body_font_size=&#8221;16px&#8221; use_background_color=&#8221;off&#8221; background_layout=&#8221;dark&#8221; global_colors_info=&#8221;{}&#8221;]Zleci\u0142em agencji Frisch wyprodukowanie du\u017cego mebla w Chinach, a nast\u0119pnie sprowadzenie go do Niemiec. Przez ca\u0142y czas by\u0142a sprawna komunikacja mailowa! Bardzo szybkie i rzetelne odpowiedzi stale dodawa\u0142y mi otuchy, kt\u00f3ra jest niezb\u0119dna w takim przedsi\u0119wzi\u0119ciu. Przez ca\u0142y czas pomagano mi przebrn\u0105\u0107 przez biurokratyczny g\u0105szcz, nie zapomniano o \u017cadnym formularzu ani nie wype\u0142niono go b\u0142\u0119dnie. Bardzo godne pochwa\u0142y!<a href=\"&lt;div%20class=%22pe-richsnippets%22&gt;&nbsp;&lt;\/div&gt;%20&lt;script%20type=%22text\/javascript%22%20src=%22https:\/\/www.provenexpert.com\/widget\/richsnippet.js?u=1NUA0VwZ4RUZ5tmAi5zA4RaplNKAlWwZ&amp;v=2%22%20async&gt;&lt;\/script&gt;%20&lt;div%20style=%22text-align:%20justify;%22&gt;&lt;br%20\/&gt;\"><\/a><\/p>\n<div class=\"brow ratingBarMargin\">\n<div class=\"ratingBar\">\n<div class=\"brow\">\n<div class=\"pe-richsnippets\">&nbsp;<\/div>\n<p><script type=\"text\/javascript\" src=\"https:\/\/www.provenexpert.com\/widget\/richsnippet.js?u=1NUA0VwZ4RUZ5tmAi5zA4RaplNKAlWwZ&amp;v=2\" async=\"\"><\/script><\/p>\n<div style=\"text-align: justify;\"><\/p>\n<div class=\"col-lg-9 col-md-8 col-xs-10 mt20 mb20\">\n<div class=\"col-xs-12 surveyNameForRating\"><\/div>\n<\/div>\n<\/div>\n<\/div>\n<\/div>\n<\/div>\n<p>[\/et_pb_testimonial][\/et_pb_column][et_pb_column type=&#8221;1_2&#8243; _builder_version=&#8221;4.18.1&#8243; _module_preset=&#8221;default&#8221; global_colors_info=&#8221;{}&#8221;][et_pb_testimonial author=&#8221;Simone L.&#8221; portrait_url=&#8221;https:\/\/ag-frisch.com\/wp-content\/uploads\/2021\/08\/Harald.png&#8221; quote_icon=&#8221;off&#8221; _builder_version=&#8221;4.18.1&#8243; _module_preset=&#8221;default&#8221; body_font_size=&#8221;16px&#8221; use_background_color=&#8221;off&#8221; background_layout=&#8221;dark&#8221; global_colors_info=&#8221;{}&#8221;]<\/p>\n<p>Ca\u0142a g\u00f3ra. Nie ma nic lepszego ni\u017c to. Doradzanie i wdra\u017canie nie mo\u017ce by\u0107 zrobione lepiej. Jeste\u015bmy bardziej ni\u017c zadowoleni po kilku zam\u00f3wieniach z t\u0105 firm\u0105 i kontynuowa\u0107 nasz\u0105 wsp\u00f3\u0142prac\u0119.<\/p>\n<div class=\"brow ratingBarMargin\">\n<div class=\"ratingBar\">\n<div class=\"brow\">\n<div class=\"pe-richsnippets\"> <\/div>\n<p>\n<script type=\"text\/javascript\" src=\"https:\/\/www.provenexpert.com\/widget\/richsnippet.js?u=1NUA0VwZ4RUZ5tmAi5zA4RaplNKAlWwZ&amp;v=2\" async=\"\"><\/script>\n<\/p>\n<div style=\"text-align: justify;\">\n<p>&nbsp;<\/p>\n<div class=\"col-lg-9 col-md-8 col-xs-10 mt20 mb20\">\n<div class=\"col-xs-12 surveyNameForRating\"><\/div>\n<\/div>\n<\/div>\n<\/div>\n<\/div>\n<\/div>\n<p>[\/et_pb_testimonial][\/et_pb_column][\/et_pb_row][et_pb_row _builder_version=&#8221;4.16&#8243; background_size=&#8221;initial&#8221; background_position=&#8221;top_left&#8221; background_repeat=&#8221;repeat&#8221; custom_padding=&#8221;50px|0px|30px|0px&#8221; custom_css_main_element=&#8221;text-align: center;&#8221; global_colors_info=&#8221;{}&#8221;][et_pb_column type=&#8221;4_4&#8243; _builder_version=&#8221;4.16&#8243; custom_padding=&#8221;|||&#8221; global_colors_info=&#8221;{}&#8221; custom_padding__hover=&#8221;|||&#8221;][et_pb_button button_url=&#8221;https:\/\/www.provenexpert.com\/de-de\/agentur-frisch-international-consulting-gmbh-und-co-kg\/&#8221; button_text=&#8221;WI\u0118CEJ OCEN&#8221; button_alignment=&#8221;left&#8221; admin_label=&#8221;Testimonial Button&#8221; _builder_version=&#8221;4.16&#8243; custom_button=&#8221;on&#8221; button_text_size=&#8221;18px&#8221; button_text_color=&#8221;#ffffff&#8221; button_bg_color=&#8221;#6eba01&#8243; button_border_width=&#8221;2px&#8221; button_border_color=&#8221;#6eba01&#8243; button_border_radius=&#8221;0px&#8221; button_letter_spacing=&#8221;2px&#8221; button_font=&#8221;Montserrat|||on|&#8221; button_use_icon=&#8221;off&#8221; animation_style=&#8221;fold&#8221; animation_direction=&#8221;bottom&#8221; button_text_color_hover=&#8221;#ffffff&#8221; button_border_color_hover=&#8221;#ffffff&#8221; button_border_radius_hover=&#8221;0px&#8221; button_letter_spacing_hover=&#8221;2px&#8221; button_bg_color_hover=&#8221;rgba(255,255,255,0)&#8221; locked=&#8221;off&#8221; global_colors_info=&#8221;{}&#8221; button_text_size__hover_enabled=&#8221;off&#8221; button_one_text_size__hover_enabled=&#8221;off&#8221; button_two_text_size__hover_enabled=&#8221;off&#8221; button_text_color__hover_enabled=&#8221;on&#8221; button_text_color__hover=&#8221;#ffffff&#8221; button_one_text_color__hover_enabled=&#8221;off&#8221; button_two_text_color__hover_enabled=&#8221;off&#8221; button_border_width__hover_enabled=&#8221;off&#8221; button_one_border_width__hover_enabled=&#8221;off&#8221; button_two_border_width__hover_enabled=&#8221;off&#8221; button_border_color__hover_enabled=&#8221;on&#8221; button_border_color__hover=&#8221;#ffffff&#8221; button_one_border_color__hover_enabled=&#8221;off&#8221; button_two_border_color__hover_enabled=&#8221;off&#8221; button_border_radius__hover_enabled=&#8221;on&#8221; button_border_radius__hover=&#8221;0px&#8221; button_one_border_radius__hover_enabled=&#8221;off&#8221; button_two_border_radius__hover_enabled=&#8221;off&#8221; button_letter_spacing__hover_enabled=&#8221;on&#8221; button_letter_spacing__hover=&#8221;2px&#8221; button_one_letter_spacing__hover_enabled=&#8221;off&#8221; button_two_letter_spacing__hover_enabled=&#8221;off&#8221; button_bg_color__hover_enabled=&#8221;on&#8221; button_bg_color__hover=&#8221;rgba(255,255,255,0)&#8221; button_one_bg_color__hover_enabled=&#8221;off&#8221; button_two_bg_color__hover_enabled=&#8221;off&#8221;][\/et_pb_button][\/et_pb_column][\/et_pb_row][\/et_pb_section]<\/p>\n","protected":false},"excerpt":{"rendered":"<p>Chiny nadal stoj\u0105 na stra\u017cy produkcji kontraktowej. Zwi\u0119ksz swoj\u0105 mar\u017c\u0119, przenosz\u0105c produkcj\u0119 do Chin. Produkcja na zlecenie w Chinach Produkcja w Chinach&#8221;Made in China&#8221; to trzy s\u0142owa, kt\u00f3re pojawiaj\u0105 si\u0119 na wielu technicznych i modnych produktach na ca\u0142ym \u015bwiecie. Jednak to, co dla wielu os\u00f3b wydaje si\u0119 banalne, kryje w sobie d\u0142ug\u0105 i r\u00f3wnie wa\u017cn\u0105 [&hellip;]<\/p>\n","protected":false},"author":2,"featured_media":0,"parent":0,"menu_order":0,"comment_status":"closed","ping_status":"closed","template":"","meta":{"_et_pb_use_builder":"on","_et_pb_old_content":"","_et_gb_content_width":"","footnotes":""},"class_list":["post-10719","page","type-page","status-publish","hentry"],"yoast_head":"<!-- This site is optimized with the Yoast SEO plugin v27.4 - https:\/\/yoast.com\/product\/yoast-seo-wordpress\/ -->\n<title>Produkcja w Chinach - Zwi\u0119ksz swoje mar\u017ce na produkcji<\/title>\n<meta name=\"description\" content=\"Produkcja w Chinach \u25bb Produkcja kontraktowa Chiny \u2713 Rozw\u00f3j prototypu\u2713 Pozyskiwanie form wtryskowych\u2713 Produkty zgodne z przepisami \u25bb Zapytaj eksperta teraz!\" \/>\n<meta name=\"robots\" content=\"index, follow, max-snippet:-1, max-image-preview:large, max-video-preview:-1\" \/>\n<link rel=\"canonical\" href=\"https:\/\/ag-frisch.com\/pl\/produkcja-w-chinach\/\" \/>\n<meta property=\"og:locale\" content=\"pl_PL\" \/>\n<meta property=\"og:type\" content=\"article\" \/>\n<meta property=\"og:title\" content=\"Produkcja w Chinach - Zwi\u0119ksz swoje mar\u017ce na produkcji\" \/>\n<meta property=\"og:description\" content=\"Produkcja w Chinach \u25bb Produkcja kontraktowa Chiny \u2713 Rozw\u00f3j prototypu\u2713 Pozyskiwanie form wtryskowych\u2713 Produkty zgodne z przepisami \u25bb Zapytaj eksperta teraz!\" \/>\n<meta property=\"og:url\" content=\"https:\/\/ag-frisch.com\/pl\/produkcja-w-chinach\/\" \/>\n<meta property=\"og:site_name\" content=\"China Import Beratung f\u00fcr den Einkauf aus China\" \/>\n<meta property=\"article:publisher\" content=\"https:\/\/www.facebook.com\/China.Import\" \/>\n<meta property=\"article:modified_time\" content=\"2023-01-27T04:23:26+00:00\" \/>\n<meta name=\"twitter:card\" content=\"summary_large_image\" \/>\n<meta name=\"twitter:site\" content=\"@agenturfrisch\" \/>\n<meta name=\"twitter:label1\" content=\"Szacowany czas czytania\" \/>\n\t<meta name=\"twitter:data1\" content=\"8 minut\" \/>\n<script type=\"application\/ld+json\" class=\"yoast-schema-graph\">{\"@context\":\"https:\\\/\\\/schema.org\",\"@graph\":[{\"@type\":\"WebPage\",\"@id\":\"https:\\\/\\\/ag-frisch.com\\\/pl\\\/produkcja-w-chinach\\\/\",\"url\":\"https:\\\/\\\/ag-frisch.com\\\/pl\\\/produkcja-w-chinach\\\/\",\"name\":\"Produkcja w Chinach - Zwi\u0119ksz swoje mar\u017ce na produkcji\",\"isPartOf\":{\"@id\":\"https:\\\/\\\/ag-frisch.com\\\/de\\\/#website\"},\"datePublished\":\"2021-11-07T19:16:34+00:00\",\"dateModified\":\"2023-01-27T04:23:26+00:00\",\"description\":\"Produkcja w Chinach \u25bb Produkcja kontraktowa Chiny \u2713 Rozw\u00f3j prototypu\u2713 Pozyskiwanie form wtryskowych\u2713 Produkty zgodne z przepisami \u25bb Zapytaj eksperta teraz!\",\"breadcrumb\":{\"@id\":\"https:\\\/\\\/ag-frisch.com\\\/pl\\\/produkcja-w-chinach\\\/#breadcrumb\"},\"inLanguage\":\"pl-PL\",\"potentialAction\":[{\"@type\":\"ReadAction\",\"target\":[\"https:\\\/\\\/ag-frisch.com\\\/pl\\\/produkcja-w-chinach\\\/\"]}]},{\"@type\":\"BreadcrumbList\",\"@id\":\"https:\\\/\\\/ag-frisch.com\\\/pl\\\/produkcja-w-chinach\\\/#breadcrumb\",\"itemListElement\":[{\"@type\":\"ListItem\",\"position\":1,\"name\":\"Startseite\",\"item\":\"https:\\\/\\\/ag-frisch.com\\\/de\\\/\"},{\"@type\":\"ListItem\",\"position\":2,\"name\":\"Produkcja w Chinach\"}]},{\"@type\":\"WebSite\",\"@id\":\"https:\\\/\\\/ag-frisch.com\\\/de\\\/#website\",\"url\":\"https:\\\/\\\/ag-frisch.com\\\/de\\\/\",\"name\":\"China Import Beratung f\u00fcr den Einkauf aus China\",\"description\":\"China Import &amp; Export Beratung - Der Dienstleister Ihres Vertrauens f\u00fcr Ihren China Import\",\"publisher\":{\"@id\":\"https:\\\/\\\/ag-frisch.com\\\/de\\\/#organization\"},\"potentialAction\":[{\"@type\":\"SearchAction\",\"target\":{\"@type\":\"EntryPoint\",\"urlTemplate\":\"https:\\\/\\\/ag-frisch.com\\\/de\\\/?s={search_term_string}\"},\"query-input\":{\"@type\":\"PropertyValueSpecification\",\"valueRequired\":true,\"valueName\":\"search_term_string\"}}],\"inLanguage\":\"pl-PL\"},{\"@type\":\"Organization\",\"@id\":\"https:\\\/\\\/ag-frisch.com\\\/de\\\/#organization\",\"name\":\"Agentur Frisch International Consulting GmbH & Co. KG\",\"url\":\"https:\\\/\\\/ag-frisch.com\\\/de\\\/\",\"logo\":{\"@type\":\"ImageObject\",\"inLanguage\":\"pl-PL\",\"@id\":\"https:\\\/\\\/ag-frisch.com\\\/de\\\/#\\\/schema\\\/logo\\\/image\\\/\",\"url\":\"https:\\\/\\\/ag-frisch.com\\\/wp-content\\\/uploads\\\/2021\\\/08\\\/ag_logo_rgb_300_small.png\",\"contentUrl\":\"https:\\\/\\\/ag-frisch.com\\\/wp-content\\\/uploads\\\/2021\\\/08\\\/ag_logo_rgb_300_small.png\",\"width\":153,\"height\":102,\"caption\":\"Agentur Frisch International Consulting GmbH & Co. KG\"},\"image\":{\"@id\":\"https:\\\/\\\/ag-frisch.com\\\/de\\\/#\\\/schema\\\/logo\\\/image\\\/\"},\"sameAs\":[\"https:\\\/\\\/www.facebook.com\\\/China.Import\",\"https:\\\/\\\/x.com\\\/agenturfrisch\"]}]}<\/script>\n<!-- \/ Yoast SEO plugin. -->","yoast_head_json":{"title":"Produkcja w Chinach - Zwi\u0119ksz swoje mar\u017ce na produkcji","description":"Produkcja w Chinach \u25bb Produkcja kontraktowa Chiny \u2713 Rozw\u00f3j prototypu\u2713 Pozyskiwanie form wtryskowych\u2713 Produkty zgodne z przepisami \u25bb Zapytaj eksperta teraz!","robots":{"index":"index","follow":"follow","max-snippet":"max-snippet:-1","max-image-preview":"max-image-preview:large","max-video-preview":"max-video-preview:-1"},"canonical":"https:\/\/ag-frisch.com\/pl\/produkcja-w-chinach\/","og_locale":"pl_PL","og_type":"article","og_title":"Produkcja w Chinach - Zwi\u0119ksz swoje mar\u017ce na produkcji","og_description":"Produkcja w Chinach \u25bb Produkcja kontraktowa Chiny \u2713 Rozw\u00f3j prototypu\u2713 Pozyskiwanie form wtryskowych\u2713 Produkty zgodne z przepisami \u25bb Zapytaj eksperta teraz!","og_url":"https:\/\/ag-frisch.com\/pl\/produkcja-w-chinach\/","og_site_name":"China Import Beratung f\u00fcr den Einkauf aus China","article_publisher":"https:\/\/www.facebook.com\/China.Import","article_modified_time":"2023-01-27T04:23:26+00:00","twitter_card":"summary_large_image","twitter_site":"@agenturfrisch","twitter_misc":{"Szacowany czas czytania":"8 minut"},"schema":{"@context":"https:\/\/schema.org","@graph":[{"@type":"WebPage","@id":"https:\/\/ag-frisch.com\/pl\/produkcja-w-chinach\/","url":"https:\/\/ag-frisch.com\/pl\/produkcja-w-chinach\/","name":"Produkcja w Chinach - Zwi\u0119ksz swoje mar\u017ce na produkcji","isPartOf":{"@id":"https:\/\/ag-frisch.com\/de\/#website"},"datePublished":"2021-11-07T19:16:34+00:00","dateModified":"2023-01-27T04:23:26+00:00","description":"Produkcja w Chinach \u25bb Produkcja kontraktowa Chiny \u2713 Rozw\u00f3j prototypu\u2713 Pozyskiwanie form wtryskowych\u2713 Produkty zgodne z przepisami \u25bb Zapytaj eksperta teraz!","breadcrumb":{"@id":"https:\/\/ag-frisch.com\/pl\/produkcja-w-chinach\/#breadcrumb"},"inLanguage":"pl-PL","potentialAction":[{"@type":"ReadAction","target":["https:\/\/ag-frisch.com\/pl\/produkcja-w-chinach\/"]}]},{"@type":"BreadcrumbList","@id":"https:\/\/ag-frisch.com\/pl\/produkcja-w-chinach\/#breadcrumb","itemListElement":[{"@type":"ListItem","position":1,"name":"Startseite","item":"https:\/\/ag-frisch.com\/de\/"},{"@type":"ListItem","position":2,"name":"Produkcja w Chinach"}]},{"@type":"WebSite","@id":"https:\/\/ag-frisch.com\/de\/#website","url":"https:\/\/ag-frisch.com\/de\/","name":"China Import Beratung f\u00fcr den Einkauf aus China","description":"China Import &amp; Export Beratung - Der Dienstleister Ihres Vertrauens f\u00fcr Ihren China Import","publisher":{"@id":"https:\/\/ag-frisch.com\/de\/#organization"},"potentialAction":[{"@type":"SearchAction","target":{"@type":"EntryPoint","urlTemplate":"https:\/\/ag-frisch.com\/de\/?s={search_term_string}"},"query-input":{"@type":"PropertyValueSpecification","valueRequired":true,"valueName":"search_term_string"}}],"inLanguage":"pl-PL"},{"@type":"Organization","@id":"https:\/\/ag-frisch.com\/de\/#organization","name":"Agentur Frisch International Consulting GmbH & Co. KG","url":"https:\/\/ag-frisch.com\/de\/","logo":{"@type":"ImageObject","inLanguage":"pl-PL","@id":"https:\/\/ag-frisch.com\/de\/#\/schema\/logo\/image\/","url":"https:\/\/ag-frisch.com\/wp-content\/uploads\/2021\/08\/ag_logo_rgb_300_small.png","contentUrl":"https:\/\/ag-frisch.com\/wp-content\/uploads\/2021\/08\/ag_logo_rgb_300_small.png","width":153,"height":102,"caption":"Agentur Frisch International Consulting GmbH & Co. KG"},"image":{"@id":"https:\/\/ag-frisch.com\/de\/#\/schema\/logo\/image\/"},"sameAs":["https:\/\/www.facebook.com\/China.Import","https:\/\/x.com\/agenturfrisch"]}]}},"_links":{"self":[{"href":"https:\/\/ag-frisch.com\/pl\/wp-json\/wp\/v2\/pages\/10719","targetHints":{"allow":["GET"]}}],"collection":[{"href":"https:\/\/ag-frisch.com\/pl\/wp-json\/wp\/v2\/pages"}],"about":[{"href":"https:\/\/ag-frisch.com\/pl\/wp-json\/wp\/v2\/types\/page"}],"author":[{"embeddable":true,"href":"https:\/\/ag-frisch.com\/pl\/wp-json\/wp\/v2\/users\/2"}],"replies":[{"embeddable":true,"href":"https:\/\/ag-frisch.com\/pl\/wp-json\/wp\/v2\/comments?post=10719"}],"version-history":[{"count":0,"href":"https:\/\/ag-frisch.com\/pl\/wp-json\/wp\/v2\/pages\/10719\/revisions"}],"wp:attachment":[{"href":"https:\/\/ag-frisch.com\/pl\/wp-json\/wp\/v2\/media?parent=10719"}],"curies":[{"name":"wp","href":"https:\/\/api.w.org\/{rel}","templated":true}]}}