{"id":10854,"date":"2021-11-07T20:59:49","date_gmt":"2021-11-07T19:59:49","guid":{"rendered":"https:\/\/ag-frisch.com\/egzamin-lfgb\/"},"modified":"2023-01-27T05:24:08","modified_gmt":"2023-01-27T04:24:08","slug":"egzamin-lfgb","status":"publish","type":"page","link":"https:\/\/ag-frisch.com\/pl\/egzamin-lfgb\/","title":{"rendered":"egzamin lfgb"},"content":{"rendered":"<p>[et_pb_section fb_built=&#8221;1&#8243; _builder_version=&#8221;4.16&#8243; _module_preset=&#8221;default&#8221; global_colors_info=&#8221;{}&#8221;][et_pb_row _builder_version=&#8221;4.16&#8243; _module_preset=&#8221;default&#8221; global_colors_info=&#8221;{}&#8221;][et_pb_column type=&#8221;4_4&#8243; _builder_version=&#8221;4.16&#8243; _module_preset=&#8221;default&#8221; global_colors_info=&#8221;{}&#8221;][et_pb_cta title=&#8221;Przeprowadzanie test\u00f3w LFGB bezpo\u015brednio w Chinach&#8221; button_url=&#8221;https:\/\/ag-frisch.com\/pl\/kontakt\/&#8221; button_text=&#8221;Zam\u00f3wienie bezpo\u015brednio teraz&#8221; _builder_version=&#8221;4.16&#8243; _module_preset=&#8221;default&#8221; global_colors_info=&#8221;{}&#8221;]<\/p>\n<p>Wspieramy Pa\u0144stwa w zakresie zgodno\u015bci LFGB dla Pa\u0144stwa produkt\u00f3w z Chin.  <\/p>\n<p>[\/et_pb_cta][et_pb_text _builder_version=&#8221;4.18.1&#8243; _module_preset=&#8221;default&#8221; hover_enabled=&#8221;0&#8243; global_colors_info=&#8221;{}&#8221; sticky_enabled=&#8221;0&#8243;]<\/p>\n<h1>Badanie LFGB: zgodno\u015b\u0107 i badanie przy imporcie z Chin<\/h1>\n<h2>Laboratorium testowe LFGB w Chinach<\/h2>\n<p><strong>LFGB &#8211; Kodeks \u017bywno\u015bci i Pasz<\/strong><\/p>\n<p><strong>Zgodno\u015b\u0107 z LFGB dla produkt\u00f3w z Chin  <\/strong><\/p>\n<p>Od 2005 roku niemiecki Kodeks \u017bywno\u015bci i Pasz (Lebensmittel- und Futtermittelgesetzbuch, LFGB) ma zastosowanie do wszystkiego, co jest sprzedawane w Niemczech w zakresie \u017cywno\u015bci i pasz, ale tak\u017ce do towar\u00f3w konsumpcyjnych zwi\u0105zanych z bezpiecze\u0144stwem. Decyduj\u0105cym czynnikiem dla obj\u0119cia towar\u00f3w konsumpcyjnych przez LFGB jest to, w jakim stopniu i jak d\u0142ugo dany produkt ma kontakt z \u017cywno\u015bci\u0105.<\/p>\n<p>Produkty obj\u0119te LFGB to na przyk\u0142ad:<\/p>\n<ul>\n<li>naczynia, kubki, sztu\u0107ce<\/li>\n<li>Solniczka i pieprzniczka<\/li>\n<li>Miski na owoce<\/li>\n<li>Deski do krojenia<\/li>\n<\/ul>\n<p>Opr\u00f3cz towar\u00f3w maj\u0105cych kontakt z \u017cywno\u015bci\u0105, LFGB obejmuje r\u00f3wnie\u017c przedmioty maj\u0105ce kontakt z ludzkim cia\u0142em (sk\u00f3ra, w\u0142osy, a zw\u0142aszcza b\u0142ony \u015bluzowe). S\u0105 to na przyk\u0142ad:<\/p>\n<ul>\n<li>Po\u015bciel<\/li>\n<li>Smoczek dla niemowl\u0105t (smoczek)<\/li>\n<li>Rury<\/li>\n<li>Szczoteczki do z\u0119b\u00f3w<\/li>\n<\/ul>\n<p>T\u0142em dla LFGB jest bezpiecze\u0144stwo ludzi i zwierz\u0105t. Konsumenci maj\u0105 prawo do otrzymywania sprawdzonych nietoksycznych towar\u00f3w. Powinno to zapobiec uszkodzeniom i uczyni\u0107 globalny przep\u0142yw towar\u00f3w bezpieczniejszym.<\/p>\n<p><strong>Zgodno\u015b\u0107 z LFGB dla produkt\u00f3w z Chin jest us\u0142ug\u0105 obowi\u0105zkow\u0105. Konieczne jest przeprowadzenie odpowiedniego badania.<\/strong><\/p>\n<p>Aby zapewni\u0107 zgodno\u015b\u0107 z LFGB dla produkt\u00f3w z Chin, badania LFGB powinny by\u0107 przeprowadzane w Chinach.<\/p>\n<p>&nbsp;<\/p>\n<p><strong>Badanie LFGB w Chinach przez nasze laboratoria badawcze<\/strong><\/p>\n<p>Sp\u00f3\u0142ka zale\u017cna Agencji Frisch, BEIDE Compliance Laboratory, utrzymuje w\u0142asne laboratoria badawcze w Chinach. W ten spos\u00f3b zapewniamy, \u017ce certyfikaty testowe mog\u0105 by\u0107 zaufane. Poleganie na w\u0105tpliwych lub niebezpiecznych \u017ar\u00f3d\u0142ach mo\u017ce szybko doprowadzi\u0107 do znacznych problem\u00f3w podczas importu do Niemiec. Kosztownych wycofa\u0144 mo\u017cna r\u00f3wnie\u017c unikn\u0105\u0107 zlecaj\u0105c przeprowadzenie renomowanych i wiarygodnych test\u00f3w LFGB w Chinach.<\/p>\n<p>BEIDE Compliance Laboratory posiada wysoce profesjonalne, niezale\u017cnie audytowane laboratoria, w kt\u00f3rych mo\u017cemy przeprowadzi\u0107 testy LFGB w Chinach wed\u0142ug niemieckich standard\u00f3w. W tych testach okre\u015blamy \u0142adunek zanieczyszcze\u0144 w Pa\u0144stwa produktach. W oparciu o unijn\u0105 list\u0119 substancji niebezpiecznych, zakazanych lub ograniczonych, testujemy Twoje produkty pod k\u0105tem bezpiecze\u0144stwa. BEIDE Compliance Laboratory jest wykwalifikowanym laboratorium testowym LFGB w Chinach i jest upowa\u017cnione do wydawania odpowiednich certyfikat\u00f3w testowych po przeprowadzeniu test\u00f3w.<\/p>\n<p><strong>Wykonanie testu w laboratorium badawczym BOTH LFGB w Chinach daje Pa\u0144stwu pewno\u015b\u0107 importu certyfikowanych towar\u00f3w zgodnych z wymogami UE.<\/strong><\/p>\n<p>Na \u017cyczenie mo\u017cemy r\u00f3wnie\u017c dostarczy\u0107 Pa\u0144stwu deklaracj\u0119 zgodno\u015bci, kt\u00f3ra b\u0119dzie potrzebna przy imporcie do Niemiec.<\/p>\n<p>&nbsp;<\/p>\n<p><strong>Bezpiecze\u0144stwo zgodne z LFGB dla produkt\u00f3w z Chin<\/strong><\/p>\n<p>Zaufanie jest dobre, kontrola jest lepsza &#8211; jako Tw\u00f3j dostawca pe\u0142nego serwisu w imporcie z Chin, mo\u017cesz polega\u0107 na jako\u015bci naszych dzia\u0142a\u0144. Przeprowadzamy za Ciebie ca\u0142y proces importu. W przypadku trudno\u015bci mo\u017cemy wi\u0119c reagowa\u0107 szczeg\u00f3lnie szybko i dzia\u0142amy odpowiedzialnie na ka\u017cdym etapie procesu importu. Nasze laboratoria badawcze BOTH LFGB w Chinach s\u0105 cz\u0119\u015bci\u0105 tej \u015bwiatowej klasy us\u0142ugi. Testy LFGB przeprowadzamy sami w Chinach i dlatego mo\u017cemy r\u0119czy\u0107 za ich jako\u015b\u0107. Z nami mo\u017cesz spodziewa\u0107 si\u0119 braku niespodzianek, je\u015bli chodzi o kontrole celne i urz\u0119dowe.<\/p>\n<p>&nbsp;<\/p>\n<p><strong>Czy m\u00f3j import podlega pod zgodno\u015b\u0107 z LFGB dla produkt\u00f3w z Chin?<\/strong><\/p>\n<p>Je\u015bli nie mog\u0105 Pa\u0144stwo odpowiedzie\u0107 na to pytanie z ca\u0142\u0105 pewno\u015bci\u0105, ch\u0119tnie okre\u015blimy dla Pa\u0144stwa, czy Pa\u0144stwa produkt musi przej\u015b\u0107 badania LFGB. Niestety, fakty nie zawsze s\u0105 do ko\u0144ca jasne. Eksperci prawni z Agentur Frisch znaj\u0105 prawo i aktualne orzeczenia s\u0105dowe, dlatego mog\u0105 jednoznacznie stwierdzi\u0107, czy zgodno\u015b\u0107 z LFGB jest istotna dla Pa\u0144stwa importu produkt\u00f3w z Chin.<\/p>\n<p>&nbsp;<\/p>\n<p><strong>Oddaj w nasze r\u0119ce testy LFGB w Chinach!<\/strong><\/p>\n<p>[\/et_pb_text][\/et_pb_column][\/et_pb_row][\/et_pb_section][et_pb_section fb_built=&#8221;1&#8243; admin_label=&#8221;Testimonials&#8221; _builder_version=&#8221;4.16&#8243; use_background_color_gradient=&#8221;on&#8221; background_color_gradient_stops=&#8221;rgba(0,106,156,0.85) 0%|rgba(0,106,156,0.85) 100%&#8221; background_color_gradient_start=&#8221;rgba(0,106,156,0.85)&#8221; background_color_gradient_end=&#8221;rgba(0,106,156,0.85)&#8221; custom_padding=&#8221;90px||60px|&#8221; animation_style=&#8221;fold&#8221; animation_direction=&#8221;bottom&#8221; animation_intensity_fold=&#8221;4%&#8221; global_colors_info=&#8221;{}&#8221;][et_pb_row _builder_version=&#8221;4.16&#8243; background_size=&#8221;initial&#8221; background_position=&#8221;top_left&#8221; background_repeat=&#8221;repeat&#8221; custom_width_px=&#8221;710px&#8221; locked=&#8221;off&#8221; global_colors_info=&#8221;{}&#8221;][et_pb_column type=&#8221;4_4&#8243; _builder_version=&#8221;4.16&#8243; background_position=&#8221;top_left&#8221; custom_padding=&#8221;|||&#8221; global_colors_info=&#8221;{}&#8221; custom_padding__hover=&#8221;|||&#8221;][et_pb_text admin_label=&#8221;Testimonials Section Title&#8221; _builder_version=&#8221;4.16&#8243; header_font=&#8221;Montserrat||||&#8221; header_font_size=&#8221;36px&#8221; background_size=&#8221;initial&#8221; background_position=&#8221;top_left&#8221; background_repeat=&#8221;repeat&#8221; text_orientation=&#8221;center&#8221; background_layout=&#8221;dark&#8221; max_width=&#8221;710px&#8221; module_alignment=&#8221;center&#8221; animation_style=&#8221;fold&#8221; animation_direction=&#8221;bottom&#8221; animation_intensity_fold=&#8221;20%&#8221; global_colors_info=&#8221;{}&#8221;]<\/p>\n<h1>Ponad 5000 zadowolonych klient\u00f3w.<\/h1>\n<p>&nbsp;<\/p>\n<p>[\/et_pb_text][et_pb_divider color=&#8221;#ffffff&#8221; divider_weight=&#8221;3px&#8221; disabled_on=&#8221;off|off|off&#8221; _builder_version=&#8221;4.16&#8243; background_color_gradient_direction=&#8221;90deg&#8221; max_width=&#8221;100px&#8221; module_alignment=&#8221;center&#8221; height=&#8221;5px&#8221; custom_margin=&#8221;||20px|&#8221; custom_padding=&#8221;||20px|&#8221; animation_style=&#8221;slide&#8221; animation_direction=&#8221;bottom&#8221; saved_tabs=&#8221;all&#8221; locked=&#8221;off&#8221; global_colors_info=&#8221;{}&#8221;][\/et_pb_divider][\/et_pb_column][\/et_pb_row][et_pb_row column_structure=&#8221;1_2,1_2&#8243; _builder_version=&#8221;4.18.1&#8243; _module_preset=&#8221;default&#8221; global_colors_info=&#8221;{}&#8221;][et_pb_column type=&#8221;1_2&#8243; _builder_version=&#8221;4.18.1&#8243; _module_preset=&#8221;default&#8221; global_colors_info=&#8221;{}&#8221;][et_pb_testimonial author=&#8221;Marco&#8221; portrait_url=&#8221;https:\/\/ag-frisch.com\/wp-content\/uploads\/2021\/08\/Harald.png&#8221; quote_icon=&#8221;off&#8221; _builder_version=&#8221;4.18.1&#8243; _module_preset=&#8221;default&#8221; body_font_size=&#8221;16px&#8221; use_background_color=&#8221;off&#8221; background_layout=&#8221;dark&#8221; global_colors_info=&#8221;{}&#8221;]Zleci\u0142em agencji Frisch wyprodukowanie du\u017cego mebla w Chinach, a nast\u0119pnie sprowadzenie go do Niemiec. Przez ca\u0142y czas by\u0142a sprawna komunikacja mailowa! Bardzo szybkie i rzetelne odpowiedzi stale dodawa\u0142y mi otuchy, kt\u00f3ra jest niezb\u0119dna w takim przedsi\u0119wzi\u0119ciu. Przez ca\u0142y czas pomagano mi przebrn\u0105\u0107 przez biurokratyczny g\u0105szcz, nie zapomniano o \u017cadnym formularzu ani nie wype\u0142niono go b\u0142\u0119dnie. Bardzo godne pochwa\u0142y!<a href=\"&lt;div%20class=%22pe-richsnippets%22&gt;&nbsp;&lt;\/div&gt;%20&lt;script%20type=%22text\/javascript%22%20src=%22https:\/\/www.provenexpert.com\/widget\/richsnippet.js?u=1NUA0VwZ4RUZ5tmAi5zA4RaplNKAlWwZ&amp;v=2%22%20async&gt;&lt;\/script&gt;%20&lt;div%20style=%22text-align:%20justify;%22&gt;&lt;br%20\/&gt;\"><\/a><\/p>\n<div class=\"brow ratingBarMargin\">\n<div class=\"ratingBar\">\n<div class=\"brow\">\n<div class=\"pe-richsnippets\">&nbsp;<\/div>\n<p><script type=\"text\/javascript\" src=\"https:\/\/www.provenexpert.com\/widget\/richsnippet.js?u=1NUA0VwZ4RUZ5tmAi5zA4RaplNKAlWwZ&amp;v=2\" async=\"\"><\/script><\/p>\n<div style=\"text-align: justify;\"><\/p>\n<div class=\"col-lg-9 col-md-8 col-xs-10 mt20 mb20\">\n<div class=\"col-xs-12 surveyNameForRating\"><\/div>\n<\/div>\n<\/div>\n<\/div>\n<\/div>\n<\/div>\n<p>[\/et_pb_testimonial][\/et_pb_column][et_pb_column type=&#8221;1_2&#8243; _builder_version=&#8221;4.18.1&#8243; _module_preset=&#8221;default&#8221; global_colors_info=&#8221;{}&#8221;][et_pb_testimonial author=&#8221;Simone L.&#8221; portrait_url=&#8221;https:\/\/ag-frisch.com\/wp-content\/uploads\/2021\/08\/Harald.png&#8221; quote_icon=&#8221;off&#8221; _builder_version=&#8221;4.18.1&#8243; _module_preset=&#8221;default&#8221; body_font_size=&#8221;16px&#8221; use_background_color=&#8221;off&#8221; background_layout=&#8221;dark&#8221; global_colors_info=&#8221;{}&#8221;]<\/p>\n<p>Ca\u0142a g\u00f3ra. Nie ma nic lepszego ni\u017c to. Doradzanie i wdra\u017canie nie mo\u017ce by\u0107 zrobione lepiej. Jeste\u015bmy bardziej ni\u017c zadowoleni po kilku zam\u00f3wieniach z t\u0105 firm\u0105 i kontynuowa\u0107 nasz\u0105 wsp\u00f3\u0142prac\u0119.<\/p>\n<div class=\"brow ratingBarMargin\">\n<div class=\"ratingBar\">\n<div class=\"brow\">\n<div class=\"pe-richsnippets\"> <\/div>\n<p>\n<script type=\"text\/javascript\" src=\"https:\/\/www.provenexpert.com\/widget\/richsnippet.js?u=1NUA0VwZ4RUZ5tmAi5zA4RaplNKAlWwZ&amp;v=2\" async=\"\"><\/script>\n<\/p>\n<div style=\"text-align: justify;\">\n<p>&nbsp;<\/p>\n<div class=\"col-lg-9 col-md-8 col-xs-10 mt20 mb20\">\n<div class=\"col-xs-12 surveyNameForRating\"><\/div>\n<\/div>\n<\/div>\n<\/div>\n<\/div>\n<\/div>\n<p>[\/et_pb_testimonial][\/et_pb_column][\/et_pb_row][et_pb_row _builder_version=&#8221;4.16&#8243; background_size=&#8221;initial&#8221; background_position=&#8221;top_left&#8221; background_repeat=&#8221;repeat&#8221; custom_padding=&#8221;50px|0px|30px|0px&#8221; custom_css_main_element=&#8221;text-align: center;&#8221; global_colors_info=&#8221;{}&#8221;][et_pb_column type=&#8221;4_4&#8243; _builder_version=&#8221;4.16&#8243; custom_padding=&#8221;|||&#8221; global_colors_info=&#8221;{}&#8221; custom_padding__hover=&#8221;|||&#8221;][et_pb_button button_url=&#8221;https:\/\/www.provenexpert.com\/de-de\/agentur-frisch-international-consulting-gmbh-und-co-kg\/&#8221; button_text=&#8221;WI\u0118CEJ OCEN&#8221; button_alignment=&#8221;left&#8221; admin_label=&#8221;Testimonial Button&#8221; _builder_version=&#8221;4.16&#8243; custom_button=&#8221;on&#8221; button_text_size=&#8221;18px&#8221; button_text_color=&#8221;#ffffff&#8221; button_bg_color=&#8221;#6eba01&#8243; button_border_width=&#8221;2px&#8221; button_border_color=&#8221;#6eba01&#8243; button_border_radius=&#8221;0px&#8221; button_letter_spacing=&#8221;2px&#8221; button_font=&#8221;Montserrat|||on|&#8221; button_use_icon=&#8221;off&#8221; animation_style=&#8221;fold&#8221; animation_direction=&#8221;bottom&#8221; button_text_color_hover=&#8221;#ffffff&#8221; button_border_color_hover=&#8221;#ffffff&#8221; button_border_radius_hover=&#8221;0px&#8221; button_letter_spacing_hover=&#8221;2px&#8221; button_bg_color_hover=&#8221;rgba(255,255,255,0)&#8221; locked=&#8221;off&#8221; global_colors_info=&#8221;{}&#8221; button_text_size__hover_enabled=&#8221;off&#8221; button_one_text_size__hover_enabled=&#8221;off&#8221; button_two_text_size__hover_enabled=&#8221;off&#8221; button_text_color__hover_enabled=&#8221;on&#8221; button_text_color__hover=&#8221;#ffffff&#8221; button_one_text_color__hover_enabled=&#8221;off&#8221; button_two_text_color__hover_enabled=&#8221;off&#8221; button_border_width__hover_enabled=&#8221;off&#8221; button_one_border_width__hover_enabled=&#8221;off&#8221; button_two_border_width__hover_enabled=&#8221;off&#8221; button_border_color__hover_enabled=&#8221;on&#8221; button_border_color__hover=&#8221;#ffffff&#8221; button_one_border_color__hover_enabled=&#8221;off&#8221; button_two_border_color__hover_enabled=&#8221;off&#8221; button_border_radius__hover_enabled=&#8221;on&#8221; button_border_radius__hover=&#8221;0px&#8221; button_one_border_radius__hover_enabled=&#8221;off&#8221; button_two_border_radius__hover_enabled=&#8221;off&#8221; button_letter_spacing__hover_enabled=&#8221;on&#8221; button_letter_spacing__hover=&#8221;2px&#8221; button_one_letter_spacing__hover_enabled=&#8221;off&#8221; button_two_letter_spacing__hover_enabled=&#8221;off&#8221; button_bg_color__hover_enabled=&#8221;on&#8221; button_bg_color__hover=&#8221;rgba(255,255,255,0)&#8221; button_one_bg_color__hover_enabled=&#8221;off&#8221; button_two_bg_color__hover_enabled=&#8221;off&#8221;][\/et_pb_button][\/et_pb_column][\/et_pb_row][\/et_pb_section]<\/p>\n","protected":false},"excerpt":{"rendered":"<p>Wspieramy Pa\u0144stwa w zakresie zgodno\u015bci LFGB dla Pa\u0144stwa produkt\u00f3w z Chin. Badanie LFGB: zgodno\u015b\u0107 i badanie przy imporcie z Chin Laboratorium testowe LFGB w Chinach LFGB &#8211; Kodeks \u017bywno\u015bci i Pasz Zgodno\u015b\u0107 z LFGB dla produkt\u00f3w z Chin Od 2005 roku niemiecki Kodeks \u017bywno\u015bci i Pasz (Lebensmittel- und Futtermittelgesetzbuch, LFGB) ma zastosowanie do wszystkiego, co [&hellip;]<\/p>\n","protected":false},"author":2,"featured_media":0,"parent":0,"menu_order":0,"comment_status":"closed","ping_status":"closed","template":"","meta":{"_et_pb_use_builder":"on","_et_pb_old_content":"","_et_gb_content_width":"","footnotes":""},"class_list":["post-10854","page","type-page","status-publish","hentry"],"yoast_head":"<!-- This site is optimized with the Yoast SEO plugin v27.4 - https:\/\/yoast.com\/product\/yoast-seo-wordpress\/ -->\n<title>Badanie LFGB: zgodno\u015b\u0107 i badanie przy imporcie z Chin<\/title>\n<meta name=\"description\" content=\"Badanie LFGB przez nasze w\u0142asne laboratoria badawcze \u25ba Bezpieczny import dzi\u0119ki badaniu i zgodno\u015bci z LFGB \u25ba Uzyskaj fachow\u0105 porad\u0119 ju\u017c teraz!\" \/>\n<meta name=\"robots\" content=\"index, follow, max-snippet:-1, max-image-preview:large, max-video-preview:-1\" \/>\n<link rel=\"canonical\" href=\"https:\/\/ag-frisch.com\/pl\/egzamin-lfgb\/\" \/>\n<meta property=\"og:locale\" content=\"pl_PL\" \/>\n<meta property=\"og:type\" content=\"article\" \/>\n<meta property=\"og:title\" content=\"Badanie LFGB: zgodno\u015b\u0107 i badanie przy imporcie z Chin\" \/>\n<meta property=\"og:description\" content=\"Badanie LFGB przez nasze w\u0142asne laboratoria badawcze \u25ba Bezpieczny import dzi\u0119ki badaniu i zgodno\u015bci z LFGB \u25ba Uzyskaj fachow\u0105 porad\u0119 ju\u017c teraz!\" \/>\n<meta property=\"og:url\" content=\"https:\/\/ag-frisch.com\/pl\/egzamin-lfgb\/\" \/>\n<meta property=\"og:site_name\" content=\"China Import Beratung f\u00fcr den Einkauf aus China\" \/>\n<meta property=\"article:publisher\" content=\"https:\/\/www.facebook.com\/China.Import\" \/>\n<meta property=\"article:modified_time\" content=\"2023-01-27T04:24:08+00:00\" \/>\n<meta name=\"twitter:card\" content=\"summary_large_image\" \/>\n<meta name=\"twitter:site\" content=\"@agenturfrisch\" \/>\n<meta name=\"twitter:label1\" content=\"Szacowany czas czytania\" \/>\n\t<meta name=\"twitter:data1\" content=\"8 minut\" \/>\n<script type=\"application\/ld+json\" class=\"yoast-schema-graph\">{\"@context\":\"https:\\\/\\\/schema.org\",\"@graph\":[{\"@type\":\"WebPage\",\"@id\":\"https:\\\/\\\/ag-frisch.com\\\/pl\\\/egzamin-lfgb\\\/\",\"url\":\"https:\\\/\\\/ag-frisch.com\\\/pl\\\/egzamin-lfgb\\\/\",\"name\":\"Badanie LFGB: zgodno\u015b\u0107 i badanie przy imporcie z Chin\",\"isPartOf\":{\"@id\":\"https:\\\/\\\/ag-frisch.com\\\/de\\\/#website\"},\"datePublished\":\"2021-11-07T19:59:49+00:00\",\"dateModified\":\"2023-01-27T04:24:08+00:00\",\"description\":\"Badanie LFGB przez nasze w\u0142asne laboratoria badawcze \u25ba Bezpieczny import dzi\u0119ki badaniu i zgodno\u015bci z LFGB \u25ba Uzyskaj fachow\u0105 porad\u0119 ju\u017c teraz!\",\"breadcrumb\":{\"@id\":\"https:\\\/\\\/ag-frisch.com\\\/pl\\\/egzamin-lfgb\\\/#breadcrumb\"},\"inLanguage\":\"pl-PL\",\"potentialAction\":[{\"@type\":\"ReadAction\",\"target\":[\"https:\\\/\\\/ag-frisch.com\\\/pl\\\/egzamin-lfgb\\\/\"]}]},{\"@type\":\"BreadcrumbList\",\"@id\":\"https:\\\/\\\/ag-frisch.com\\\/pl\\\/egzamin-lfgb\\\/#breadcrumb\",\"itemListElement\":[{\"@type\":\"ListItem\",\"position\":1,\"name\":\"Startseite\",\"item\":\"https:\\\/\\\/ag-frisch.com\\\/de\\\/\"},{\"@type\":\"ListItem\",\"position\":2,\"name\":\"egzamin lfgb\"}]},{\"@type\":\"WebSite\",\"@id\":\"https:\\\/\\\/ag-frisch.com\\\/de\\\/#website\",\"url\":\"https:\\\/\\\/ag-frisch.com\\\/de\\\/\",\"name\":\"China Import Beratung f\u00fcr den Einkauf aus China\",\"description\":\"China Import &amp; Export Beratung - Der Dienstleister Ihres Vertrauens f\u00fcr Ihren China Import\",\"publisher\":{\"@id\":\"https:\\\/\\\/ag-frisch.com\\\/de\\\/#organization\"},\"potentialAction\":[{\"@type\":\"SearchAction\",\"target\":{\"@type\":\"EntryPoint\",\"urlTemplate\":\"https:\\\/\\\/ag-frisch.com\\\/de\\\/?s={search_term_string}\"},\"query-input\":{\"@type\":\"PropertyValueSpecification\",\"valueRequired\":true,\"valueName\":\"search_term_string\"}}],\"inLanguage\":\"pl-PL\"},{\"@type\":\"Organization\",\"@id\":\"https:\\\/\\\/ag-frisch.com\\\/de\\\/#organization\",\"name\":\"Agentur Frisch International Consulting GmbH & Co. KG\",\"url\":\"https:\\\/\\\/ag-frisch.com\\\/de\\\/\",\"logo\":{\"@type\":\"ImageObject\",\"inLanguage\":\"pl-PL\",\"@id\":\"https:\\\/\\\/ag-frisch.com\\\/de\\\/#\\\/schema\\\/logo\\\/image\\\/\",\"url\":\"https:\\\/\\\/ag-frisch.com\\\/wp-content\\\/uploads\\\/2021\\\/08\\\/ag_logo_rgb_300_small.png\",\"contentUrl\":\"https:\\\/\\\/ag-frisch.com\\\/wp-content\\\/uploads\\\/2021\\\/08\\\/ag_logo_rgb_300_small.png\",\"width\":153,\"height\":102,\"caption\":\"Agentur Frisch International Consulting GmbH & Co. KG\"},\"image\":{\"@id\":\"https:\\\/\\\/ag-frisch.com\\\/de\\\/#\\\/schema\\\/logo\\\/image\\\/\"},\"sameAs\":[\"https:\\\/\\\/www.facebook.com\\\/China.Import\",\"https:\\\/\\\/x.com\\\/agenturfrisch\"]}]}<\/script>\n<!-- \/ Yoast SEO plugin. -->","yoast_head_json":{"title":"Badanie LFGB: zgodno\u015b\u0107 i badanie przy imporcie z Chin","description":"Badanie LFGB przez nasze w\u0142asne laboratoria badawcze \u25ba Bezpieczny import dzi\u0119ki badaniu i zgodno\u015bci z LFGB \u25ba Uzyskaj fachow\u0105 porad\u0119 ju\u017c teraz!","robots":{"index":"index","follow":"follow","max-snippet":"max-snippet:-1","max-image-preview":"max-image-preview:large","max-video-preview":"max-video-preview:-1"},"canonical":"https:\/\/ag-frisch.com\/pl\/egzamin-lfgb\/","og_locale":"pl_PL","og_type":"article","og_title":"Badanie LFGB: zgodno\u015b\u0107 i badanie przy imporcie z Chin","og_description":"Badanie LFGB przez nasze w\u0142asne laboratoria badawcze \u25ba Bezpieczny import dzi\u0119ki badaniu i zgodno\u015bci z LFGB \u25ba Uzyskaj fachow\u0105 porad\u0119 ju\u017c teraz!","og_url":"https:\/\/ag-frisch.com\/pl\/egzamin-lfgb\/","og_site_name":"China Import Beratung f\u00fcr den Einkauf aus China","article_publisher":"https:\/\/www.facebook.com\/China.Import","article_modified_time":"2023-01-27T04:24:08+00:00","twitter_card":"summary_large_image","twitter_site":"@agenturfrisch","twitter_misc":{"Szacowany czas czytania":"8 minut"},"schema":{"@context":"https:\/\/schema.org","@graph":[{"@type":"WebPage","@id":"https:\/\/ag-frisch.com\/pl\/egzamin-lfgb\/","url":"https:\/\/ag-frisch.com\/pl\/egzamin-lfgb\/","name":"Badanie LFGB: zgodno\u015b\u0107 i badanie przy imporcie z Chin","isPartOf":{"@id":"https:\/\/ag-frisch.com\/de\/#website"},"datePublished":"2021-11-07T19:59:49+00:00","dateModified":"2023-01-27T04:24:08+00:00","description":"Badanie LFGB przez nasze w\u0142asne laboratoria badawcze \u25ba Bezpieczny import dzi\u0119ki badaniu i zgodno\u015bci z LFGB \u25ba Uzyskaj fachow\u0105 porad\u0119 ju\u017c teraz!","breadcrumb":{"@id":"https:\/\/ag-frisch.com\/pl\/egzamin-lfgb\/#breadcrumb"},"inLanguage":"pl-PL","potentialAction":[{"@type":"ReadAction","target":["https:\/\/ag-frisch.com\/pl\/egzamin-lfgb\/"]}]},{"@type":"BreadcrumbList","@id":"https:\/\/ag-frisch.com\/pl\/egzamin-lfgb\/#breadcrumb","itemListElement":[{"@type":"ListItem","position":1,"name":"Startseite","item":"https:\/\/ag-frisch.com\/de\/"},{"@type":"ListItem","position":2,"name":"egzamin lfgb"}]},{"@type":"WebSite","@id":"https:\/\/ag-frisch.com\/de\/#website","url":"https:\/\/ag-frisch.com\/de\/","name":"China Import Beratung f\u00fcr den Einkauf aus China","description":"China Import &amp; Export Beratung - Der Dienstleister Ihres Vertrauens f\u00fcr Ihren China Import","publisher":{"@id":"https:\/\/ag-frisch.com\/de\/#organization"},"potentialAction":[{"@type":"SearchAction","target":{"@type":"EntryPoint","urlTemplate":"https:\/\/ag-frisch.com\/de\/?s={search_term_string}"},"query-input":{"@type":"PropertyValueSpecification","valueRequired":true,"valueName":"search_term_string"}}],"inLanguage":"pl-PL"},{"@type":"Organization","@id":"https:\/\/ag-frisch.com\/de\/#organization","name":"Agentur Frisch International Consulting GmbH & Co. KG","url":"https:\/\/ag-frisch.com\/de\/","logo":{"@type":"ImageObject","inLanguage":"pl-PL","@id":"https:\/\/ag-frisch.com\/de\/#\/schema\/logo\/image\/","url":"https:\/\/ag-frisch.com\/wp-content\/uploads\/2021\/08\/ag_logo_rgb_300_small.png","contentUrl":"https:\/\/ag-frisch.com\/wp-content\/uploads\/2021\/08\/ag_logo_rgb_300_small.png","width":153,"height":102,"caption":"Agentur Frisch International Consulting GmbH & Co. KG"},"image":{"@id":"https:\/\/ag-frisch.com\/de\/#\/schema\/logo\/image\/"},"sameAs":["https:\/\/www.facebook.com\/China.Import","https:\/\/x.com\/agenturfrisch"]}]}},"_links":{"self":[{"href":"https:\/\/ag-frisch.com\/pl\/wp-json\/wp\/v2\/pages\/10854","targetHints":{"allow":["GET"]}}],"collection":[{"href":"https:\/\/ag-frisch.com\/pl\/wp-json\/wp\/v2\/pages"}],"about":[{"href":"https:\/\/ag-frisch.com\/pl\/wp-json\/wp\/v2\/types\/page"}],"author":[{"embeddable":true,"href":"https:\/\/ag-frisch.com\/pl\/wp-json\/wp\/v2\/users\/2"}],"replies":[{"embeddable":true,"href":"https:\/\/ag-frisch.com\/pl\/wp-json\/wp\/v2\/comments?post=10854"}],"version-history":[{"count":0,"href":"https:\/\/ag-frisch.com\/pl\/wp-json\/wp\/v2\/pages\/10854\/revisions"}],"wp:attachment":[{"href":"https:\/\/ag-frisch.com\/pl\/wp-json\/wp\/v2\/media?parent=10854"}],"curies":[{"name":"wp","href":"https:\/\/api.w.org\/{rel}","templated":true}]}}