{"id":11079,"date":"2022-04-05T20:09:34","date_gmt":"2022-04-05T18:09:34","guid":{"rendered":"https:\/\/ag-frisch.com\/seminaria\/"},"modified":"2023-01-27T05:26:40","modified_gmt":"2023-01-27T04:26:40","slug":"seminaria","status":"publish","type":"page","link":"https:\/\/ag-frisch.com\/pl\/seminaria\/","title":{"rendered":"Seminaria"},"content":{"rendered":"<p>[et_pb_section fb_built=&#8221;1&#8243; _builder_version=&#8221;4.16&#8243; _module_preset=&#8221;default&#8221; global_colors_info=&#8221;{}&#8221;][et_pb_row _builder_version=&#8221;4.16&#8243; _module_preset=&#8221;default&#8221; global_colors_info=&#8221;{}&#8221;][et_pb_column type=&#8221;4_4&#8243; _builder_version=&#8221;4.16&#8243; _module_preset=&#8221;default&#8221; global_colors_info=&#8221;{}&#8221;][et_pb_cta title=&#8221;Seminaria dotycz\u0105ce importu z Chin&#8221; button_url=&#8221;https:\/\/ag-frisch.com\/pl\/kontakt\/&#8221; button_text=&#8221;Zam\u00f3w seminarium ju\u017c teraz&#8221; _builder_version=&#8221;4.16&#8243; _module_preset=&#8221;default&#8221; global_colors_info=&#8221;{}&#8221;]<\/p>\n<p>China Import Seminars z Agentur Frisch wspieraj\u0105 Ciebie i Tw\u00f3j zesp\u00f3\u0142 zakupowy w stawaniu si\u0119 ekspertami w zakupach z Chin.  <\/p>\n<p>[\/et_pb_cta][et_pb_text _builder_version=&#8221;4.16&#8243; _module_preset=&#8221;default&#8221; global_colors_info=&#8221;{}&#8221;]<\/p>\n<h1><strong><img decoding=\"async\" src=\"https:\/\/usercontent.one\/wp\/ag-frisch.com\/wp-content\/uploads\/2021\/09\/china-import-consult.png?media=1655308951\"><\/strong><\/h1>\n<h1><strong><\/strong><\/h1>\n<h1><strong>Seminaria z China Import Consult z Frisch Agency<\/strong><\/h1>\n<p>Nasza marka China Import Consult organizuje seminaria dla os\u00f3b indywidualnych, kt\u00f3re chc\u0105 wej\u015b\u0107 w biznes importu z Chin, dla nabywc\u00f3w korporacyjnych lub ca\u0142ych zespo\u0142\u00f3w zakupowych firm, kt\u00f3re dopiero tworz\u0105 dzia\u0142 zakup\u00f3w mi\u0119dzynarodowych. Z poni\u017cszych temat\u00f3w seminaryjnych mo\u017cna r\u00f3wnie\u017c wybra\u0107 indywidualne tematy na coaching lub semina. Oferujemy mi\u0119dzy innymi nast\u0119puj\u0105ce tematy.<\/p>\n<p>&nbsp;<\/p>\n<div class=\"et_pb_row et_pb_row_1\">\n<div class=\"et_pb_column et_pb_column_4_4 et_pb_column_1 et_pb_css_mix_blend_mode_passthrough et-last-child\">\n<div class=\"et_pb_module et_pb_text et_pb_text_1 et_pb_text_align_left et_pb_bg_layout_light\">\n<div class=\"et_pb_text_inner\">\n<p>Seminarium jako seminarium grupowe w Berlinie 6 dni \u00e1 4 godziny za 800 Euro (ok. 6 uczestnik\u00f3w) &#8211;<br \/>Seminarium jako indywidualny coaching 6 dni \u00e1 4 godziny za 2400 euro (mo\u017cliwy zwrot do 80 % przez BAFA).<\/p>\n<\/div>\n<\/div>\n<div class=\"et_pb_module et_pb_code et_pb_code_0\">\n<div class=\"et_pb_code_inner\">\n<table>\n<tbody>\n<tr>\n<td>Dzie\u0144<\/td>\n<td>Godziny<\/td>\n<td>Tematy<\/td>\n<\/tr>\n<tr>\n<td>1<\/td>\n<td>4<\/td>\n<td>Mentalno\u015b\u0107 podbr\u00f3dka. Poznaj i oce\u0144 partner\u00f3w biznesowych (np. \u015awiadectwa, referencje<\/td>\n<\/tr>\n<tr>\n<td><\/td>\n<td><\/td>\n<td>Taktyczne podej\u015bcie w rozmowach z chi\u0144skimi partnerami biznesowymi<\/td>\n<\/tr>\n<tr>\n<td><\/td>\n<td><\/td>\n<td>Jak znale\u017a\u0107 najlepszych partner\u00f3w biznesowych w Chinach, jakie targi s\u0105 dla mnie wa\u017cne?<\/td>\n<\/tr>\n<tr>\n<td><\/td>\n<td><\/td>\n<td>Jak oceni\u0107 powag\u0119 chi\u0144skich partner\u00f3w biznesowych?<\/td>\n<\/tr>\n<tr>\n<td><\/td>\n<td><\/td>\n<td>Przyk\u0142ad wizyty na targach (zdj\u0119cia, notatki); negocjacje cenowe z chi\u0144skimi partnerami biznesowymi,<\/td>\n<\/tr>\n<tr>\n<td>2<\/td>\n<td>4<\/td>\n<td>Zam\u00f3w pr\u00f3bki z Chin i zaoszcz\u0119d\u017a na kosztach wysy\u0142ki<\/td>\n<\/tr>\n<tr>\n<td><\/td>\n<td><\/td>\n<td>Upewnij si\u0119, \u017ce g\u0142\u00f3wna dostawa odpowiada pr\u00f3bce<\/td>\n<\/tr>\n<tr>\n<td><\/td>\n<td><\/td>\n<td>Kalkulacja koszt\u00f3w przywozu z Chin (kalkulacja przyk\u0142adowa)<\/td>\n<\/tr>\n<tr>\n<td><\/td>\n<td><\/td>\n<td>Jakich certyfikat\u00f3w potrzebuj\u0119, aby bezpiecznie importowa\u0107 m\u00f3j produkt z Chin?<\/td>\n<\/tr>\n<tr>\n<td><\/td>\n<td><\/td>\n<td>Og\u00f3lne porady dotycz\u0105ce importu z Chin, wymagania dotycz\u0105ce dokumentacji<\/td>\n<\/tr>\n<tr>\n<td><\/td>\n<td><\/td>\n<td>Podatek od warto\u015bci dodanej i rozliczenia podatkowe<\/td>\n<\/tr>\n<tr>\n<td>3<\/td>\n<td>4<\/td>\n<td>PO &#8211; sk\u0142adanie zam\u00f3wienia &#8211; co wszystko nale\u017cy do umowy dostawy? (wz\u00f3r umowy)<\/td>\n<\/tr>\n<tr>\n<td><\/td>\n<td><\/td>\n<td>Warunki dostawy Incoterms, pu\u0142apki koszt\u00f3w przy dostawach CIF z Chin (Video)<\/td>\n<\/tr>\n<tr>\n<td><\/td>\n<td><\/td>\n<td>Czas (czas produkcji, czas dostawy, itp.)<\/td>\n<\/tr>\n<tr>\n<td><\/td>\n<td><\/td>\n<td>Sposoby p\u0142atno\u015bci, wsp\u00f3lne formularze, bezpieczne formularze (jak LC te\u017c mo\u017ce sta\u0107 si\u0119 pu\u0142apk\u0105).<\/td>\n<\/tr>\n<tr>\n<td><\/td>\n<td><\/td>\n<td>Jakich ubezpiecze\u0144 potrzebuj\u0119, aby by\u0107 bezpiecznym importerem?<\/td>\n<\/tr>\n<tr>\n<td><\/td>\n<td><\/td>\n<td>Dokumenty wymagane do odprawy celnej i gdzie je zdoby\u0107<\/td>\n<\/tr>\n<tr>\n<td>4<\/td>\n<td>4<\/td>\n<td>S\u0142u\u017cba celna (numer EORI, kto jest organem nadzoru, informacje o kontroli celnej, taryfa celna)<\/td>\n<\/tr>\n<tr>\n<td><\/td>\n<td><\/td>\n<td>Ustawa o z\u0142omie elektrycznym, rozporz\u0105dzenie o starych opakowaniach. System GS1 (EAN)<\/td>\n<\/tr>\n<tr>\n<td><\/td>\n<td><\/td>\n<td>Jak zapobiega\u0107 powa\u017cnym problemom z jako\u015bci\u0105 (kontrole i inne mo\u017cliwo\u015bci)?<\/td>\n<\/tr>\n<tr>\n<td><\/td>\n<td><\/td>\n<td>Co si\u0119 dzieje w przypadku utraty towaru w transporcie (ryzyko dostawy)?<\/td>\n<\/tr>\n<tr>\n<td><\/td>\n<td><\/td>\n<td>Przestrzeganie termin\u00f3w przez chi\u0144skiego dostawc\u0119, dotrzymywanie termin\u00f3w i jak to kontrolowa\u0107?<\/td>\n<\/tr>\n<tr>\n<td><\/td>\n<td><\/td>\n<td>Dlaczego skargi s\u0105 cz\u0119sto ignorowane i jak mog\u0119 je jeszcze wyegzekwowa\u0107 w Chinach?<\/td>\n<\/tr>\n<tr>\n<td>5<\/td>\n<td>4<\/td>\n<td>Kradzie\u017c pomys\u0142\u00f3w, jak zapobiec kopiowaniu moich pomys\u0142\u00f3w w Chinach?<\/td>\n<\/tr>\n<tr>\n<td><\/td>\n<td><\/td>\n<td>Jak przebiega podr\u00f3\u017c do Chin (wiza, rezerwacja hotelu, rezerwacja lotu, wa\u017cne miejsca itp.)<\/td>\n<\/tr>\n<tr>\n<td><\/td>\n<td><\/td>\n<td>Symulacja importu w\u0142asnego Chin (rejestracja pierwszego zapytania ofertowego, stworzenie arkusza danych do zapytania ofertowego)<\/td>\n<\/tr>\n<tr>\n<td><\/td>\n<td><\/td>\n<td>do Chin, wyszukiwanie online odpowiednich dostawc\u00f3w w bazach certyfikat\u00f3w, na Alibabie i na targach.<\/td>\n<\/tr>\n<tr>\n<td><\/td>\n<td><\/td>\n<td>katalogi targ\u00f3w, kt\u00f3re s\u0105 szczeg\u00f3lnie odpowiednie dla Ciebie lub Twojego produktu. )<\/td>\n<\/tr>\n<tr>\n<td>5<\/td>\n<td>4<\/td>\n<td>Ocena ofert otrzymanych z symulacji zapyta\u0144 do Chin<\/td>\n<\/tr>\n<tr>\n<td><\/td>\n<td><\/td>\n<td>W razie potrzeby za\u017c\u0105da\u0107 i sprawdzi\u0107 certyfikaty<\/td>\n<\/tr>\n<tr>\n<td><\/td>\n<td><\/td>\n<td>Co si\u0119 dzieje teraz (pr\u00f3bka, audyt, faktura proforma, umowa, p\u0142atno\u015b\u0107, produkcja, zapewnienie jako\u015bci)<\/td>\n<\/tr>\n<tr>\n<td><\/td>\n<td><\/td>\n<td>Wyja\u015bnienie zaleg\u0142ych pyta\u0144 od klienta<\/td>\n<\/tr>\n<\/tbody>\n<\/table>\n<\/div>\n<\/div>\n<\/div>\n<\/div>\n<p>[\/et_pb_text][\/et_pb_column][\/et_pb_row][\/et_pb_section][et_pb_section fb_built=&#8221;1&#8243; admin_label=&#8221;Testimonials&#8221; _builder_version=&#8221;4.16&#8243; use_background_color_gradient=&#8221;on&#8221; background_color_gradient_stops=&#8221;rgba(0,106,156,0.85) 0%|rgba(0,106,156,0.85) 100%&#8221; background_color_gradient_start=&#8221;rgba(0,106,156,0.85)&#8221; background_color_gradient_end=&#8221;rgba(0,106,156,0.85)&#8221; custom_padding=&#8221;90px||60px|&#8221; animation_style=&#8221;fold&#8221; animation_direction=&#8221;bottom&#8221; animation_intensity_fold=&#8221;4%&#8221; global_colors_info=&#8221;{}&#8221;][et_pb_row _builder_version=&#8221;4.16&#8243; background_size=&#8221;initial&#8221; background_position=&#8221;top_left&#8221; background_repeat=&#8221;repeat&#8221; custom_width_px=&#8221;710px&#8221; locked=&#8221;off&#8221; global_colors_info=&#8221;{}&#8221;][et_pb_column type=&#8221;4_4&#8243; _builder_version=&#8221;4.16&#8243; background_position=&#8221;top_left&#8221; custom_padding=&#8221;|||&#8221; global_colors_info=&#8221;{}&#8221; custom_padding__hover=&#8221;|||&#8221;][et_pb_text admin_label=&#8221;Testimonials Section Title&#8221; _builder_version=&#8221;4.16&#8243; header_font=&#8221;Montserrat||||&#8221; header_font_size=&#8221;36px&#8221; background_size=&#8221;initial&#8221; background_position=&#8221;top_left&#8221; background_repeat=&#8221;repeat&#8221; text_orientation=&#8221;center&#8221; background_layout=&#8221;dark&#8221; max_width=&#8221;710px&#8221; module_alignment=&#8221;center&#8221; animation_style=&#8221;fold&#8221; animation_direction=&#8221;bottom&#8221; animation_intensity_fold=&#8221;20%&#8221; global_colors_info=&#8221;{}&#8221;]<\/p>\n<h1>Ponad 5000 zadowolonych klient\u00f3w.<\/h1>\n<p>&nbsp;<\/p>\n<p>[\/et_pb_text][et_pb_divider color=&#8221;#ffffff&#8221; divider_weight=&#8221;3px&#8221; disabled_on=&#8221;off|off|off&#8221; _builder_version=&#8221;4.16&#8243; background_color_gradient_direction=&#8221;90deg&#8221; max_width=&#8221;100px&#8221; module_alignment=&#8221;center&#8221; height=&#8221;5px&#8221; custom_margin=&#8221;||20px|&#8221; custom_padding=&#8221;||20px|&#8221; animation_style=&#8221;slide&#8221; animation_direction=&#8221;bottom&#8221; saved_tabs=&#8221;all&#8221; locked=&#8221;off&#8221; global_colors_info=&#8221;{}&#8221;][\/et_pb_divider][\/et_pb_column][\/et_pb_row][et_pb_row column_structure=&#8221;1_2,1_2&#8243; _builder_version=&#8221;4.18.1&#8243; _module_preset=&#8221;default&#8221; global_colors_info=&#8221;{}&#8221;][et_pb_column type=&#8221;1_2&#8243; _builder_version=&#8221;4.18.1&#8243; _module_preset=&#8221;default&#8221; global_colors_info=&#8221;{}&#8221;][et_pb_testimonial author=&#8221;Marco&#8221; portrait_url=&#8221;https:\/\/ag-frisch.com\/wp-content\/uploads\/2021\/08\/Harald.png&#8221; quote_icon=&#8221;off&#8221; _builder_version=&#8221;4.18.1&#8243; _module_preset=&#8221;default&#8221; body_font_size=&#8221;16px&#8221; use_background_color=&#8221;off&#8221; background_layout=&#8221;dark&#8221; global_colors_info=&#8221;{}&#8221;]Zleci\u0142em agencji Frisch wyprodukowanie du\u017cego mebla w Chinach, a nast\u0119pnie sprowadzenie go do Niemiec. Przez ca\u0142y czas by\u0142a sprawna komunikacja mailowa! Bardzo szybkie i rzetelne odpowiedzi stale dodawa\u0142y mi otuchy, kt\u00f3ra jest niezb\u0119dna w takim przedsi\u0119wzi\u0119ciu. Przez ca\u0142y czas pomagano mi przebrn\u0105\u0107 przez biurokratyczny g\u0105szcz, nie zapomniano o \u017cadnym formularzu ani nie wype\u0142niono go b\u0142\u0119dnie. Bardzo godne pochwa\u0142y!<a href=\"&lt;div%20class=%22pe-richsnippets%22&gt;&nbsp;&lt;\/div&gt;%20&lt;script%20type=%22text\/javascript%22%20src=%22https:\/\/www.provenexpert.com\/widget\/richsnippet.js?u=1NUA0VwZ4RUZ5tmAi5zA4RaplNKAlWwZ&amp;v=2%22%20async&gt;&lt;\/script&gt;%20&lt;div%20style=%22text-align:%20justify;%22&gt;&lt;br%20\/&gt;\"><\/a><\/p>\n<div class=\"brow ratingBarMargin\">\n<div class=\"ratingBar\">\n<div class=\"brow\">\n<div class=\"pe-richsnippets\">&nbsp;<\/div>\n<p><script type=\"text\/javascript\" src=\"https:\/\/www.provenexpert.com\/widget\/richsnippet.js?u=1NUA0VwZ4RUZ5tmAi5zA4RaplNKAlWwZ&amp;v=2\" async=\"\"><\/script><\/p>\n<div style=\"text-align: justify;\"><\/p>\n<div class=\"col-lg-9 col-md-8 col-xs-10 mt20 mb20\">\n<div class=\"col-xs-12 surveyNameForRating\"><\/div>\n<\/div>\n<\/div>\n<\/div>\n<\/div>\n<\/div>\n<p>[\/et_pb_testimonial][\/et_pb_column][et_pb_column type=&#8221;1_2&#8243; _builder_version=&#8221;4.18.1&#8243; _module_preset=&#8221;default&#8221; global_colors_info=&#8221;{}&#8221;][et_pb_testimonial author=&#8221;Simone L.&#8221; portrait_url=&#8221;https:\/\/ag-frisch.com\/wp-content\/uploads\/2021\/08\/Harald.png&#8221; quote_icon=&#8221;off&#8221; _builder_version=&#8221;4.18.1&#8243; _module_preset=&#8221;default&#8221; body_font_size=&#8221;16px&#8221; use_background_color=&#8221;off&#8221; background_layout=&#8221;dark&#8221; global_colors_info=&#8221;{}&#8221;]<\/p>\n<p>Ca\u0142a g\u00f3ra. Nie ma nic lepszego ni\u017c to. Doradzanie i wdra\u017canie nie mo\u017ce by\u0107 zrobione lepiej. Jeste\u015bmy bardziej ni\u017c zadowoleni po kilku zam\u00f3wieniach z t\u0105 firm\u0105 i kontynuowa\u0107 nasz\u0105 wsp\u00f3\u0142prac\u0119.<\/p>\n<div class=\"brow ratingBarMargin\">\n<div class=\"ratingBar\">\n<div class=\"brow\">\n<div class=\"pe-richsnippets\"> <\/div>\n<p>\n<script type=\"text\/javascript\" src=\"https:\/\/www.provenexpert.com\/widget\/richsnippet.js?u=1NUA0VwZ4RUZ5tmAi5zA4RaplNKAlWwZ&amp;v=2\" async=\"\"><\/script>\n<\/p>\n<div style=\"text-align: justify;\">\n<p>&nbsp;<\/p>\n<div class=\"col-lg-9 col-md-8 col-xs-10 mt20 mb20\">\n<div class=\"col-xs-12 surveyNameForRating\"><\/div>\n<\/div>\n<\/div>\n<\/div>\n<\/div>\n<\/div>\n<p>[\/et_pb_testimonial][\/et_pb_column][\/et_pb_row][et_pb_row _builder_version=&#8221;4.16&#8243; background_size=&#8221;initial&#8221; background_position=&#8221;top_left&#8221; background_repeat=&#8221;repeat&#8221; custom_padding=&#8221;50px|0px|30px|0px&#8221; custom_css_main_element=&#8221;text-align: center;&#8221; global_colors_info=&#8221;{}&#8221;][et_pb_column type=&#8221;4_4&#8243; _builder_version=&#8221;4.16&#8243; custom_padding=&#8221;|||&#8221; global_colors_info=&#8221;{}&#8221; custom_padding__hover=&#8221;|||&#8221;][et_pb_button button_url=&#8221;https:\/\/www.provenexpert.com\/de-de\/agentur-frisch-international-consulting-gmbh-und-co-kg\/&#8221; button_text=&#8221;WI\u0118CEJ OCEN&#8221; button_alignment=&#8221;left&#8221; admin_label=&#8221;Testimonial Button&#8221; _builder_version=&#8221;4.16&#8243; custom_button=&#8221;on&#8221; button_text_size=&#8221;18px&#8221; button_text_color=&#8221;#ffffff&#8221; button_bg_color=&#8221;#6eba01&#8243; button_border_width=&#8221;2px&#8221; button_border_color=&#8221;#6eba01&#8243; button_border_radius=&#8221;0px&#8221; button_letter_spacing=&#8221;2px&#8221; button_font=&#8221;Montserrat|||on|&#8221; button_use_icon=&#8221;off&#8221; animation_style=&#8221;fold&#8221; animation_direction=&#8221;bottom&#8221; button_text_color_hover=&#8221;#ffffff&#8221; button_border_color_hover=&#8221;#ffffff&#8221; button_border_radius_hover=&#8221;0px&#8221; button_letter_spacing_hover=&#8221;2px&#8221; button_bg_color_hover=&#8221;rgba(255,255,255,0)&#8221; locked=&#8221;off&#8221; global_colors_info=&#8221;{}&#8221; button_text_size__hover_enabled=&#8221;off&#8221; button_one_text_size__hover_enabled=&#8221;off&#8221; button_two_text_size__hover_enabled=&#8221;off&#8221; button_text_color__hover_enabled=&#8221;on&#8221; button_text_color__hover=&#8221;#ffffff&#8221; button_one_text_color__hover_enabled=&#8221;off&#8221; button_two_text_color__hover_enabled=&#8221;off&#8221; button_border_width__hover_enabled=&#8221;off&#8221; button_one_border_width__hover_enabled=&#8221;off&#8221; button_two_border_width__hover_enabled=&#8221;off&#8221; button_border_color__hover_enabled=&#8221;on&#8221; button_border_color__hover=&#8221;#ffffff&#8221; button_one_border_color__hover_enabled=&#8221;off&#8221; button_two_border_color__hover_enabled=&#8221;off&#8221; button_border_radius__hover_enabled=&#8221;on&#8221; button_border_radius__hover=&#8221;0px&#8221; button_one_border_radius__hover_enabled=&#8221;off&#8221; button_two_border_radius__hover_enabled=&#8221;off&#8221; button_letter_spacing__hover_enabled=&#8221;on&#8221; button_letter_spacing__hover=&#8221;2px&#8221; button_one_letter_spacing__hover_enabled=&#8221;off&#8221; button_two_letter_spacing__hover_enabled=&#8221;off&#8221; button_bg_color__hover_enabled=&#8221;on&#8221; button_bg_color__hover=&#8221;rgba(255,255,255,0)&#8221; button_one_bg_color__hover_enabled=&#8221;off&#8221; button_two_bg_color__hover_enabled=&#8221;off&#8221;][\/et_pb_button][\/et_pb_column][\/et_pb_row][\/et_pb_section]<\/p>\n","protected":false},"excerpt":{"rendered":"<p>China Import Seminars z Agentur Frisch wspieraj\u0105 Ciebie i Tw\u00f3j zesp\u00f3\u0142 zakupowy w stawaniu si\u0119 ekspertami w zakupach z Chin. Seminaria z China Import Consult z Frisch Agency Nasza marka China Import Consult organizuje seminaria dla os\u00f3b indywidualnych, kt\u00f3re chc\u0105 wej\u015b\u0107 w biznes importu z Chin, dla nabywc\u00f3w korporacyjnych lub ca\u0142ych zespo\u0142\u00f3w zakupowych firm, kt\u00f3re [&hellip;]<\/p>\n","protected":false},"author":2,"featured_media":0,"parent":0,"menu_order":0,"comment_status":"closed","ping_status":"closed","template":"","meta":{"_et_pb_use_builder":"on","_et_pb_old_content":"","_et_gb_content_width":"","footnotes":""},"class_list":["post-11079","page","type-page","status-publish","hentry"],"yoast_head":"<!-- This site is optimized with the Yoast SEO plugin v27.4 - https:\/\/yoast.com\/product\/yoast-seo-wordpress\/ -->\n<title>Seminaria importowe z Chin prowadzone przez China Import Expert<\/title>\n<meta name=\"description\" content=\"Seminaria zwi\u0105zane z importem z Chin \u25bb Ca\u0142a wiedza do kupowania w Chinach \u2713 \u25bb Skorzystaj z porad ekspert\u00f3w ju\u017c teraz!\" \/>\n<meta name=\"robots\" content=\"index, follow, max-snippet:-1, max-image-preview:large, max-video-preview:-1\" \/>\n<link rel=\"canonical\" href=\"https:\/\/ag-frisch.com\/pl\/seminaria\/\" \/>\n<meta property=\"og:locale\" content=\"pl_PL\" \/>\n<meta property=\"og:type\" content=\"article\" \/>\n<meta property=\"og:title\" content=\"Seminaria importowe z Chin prowadzone przez China Import Expert\" \/>\n<meta property=\"og:description\" content=\"Seminaria zwi\u0105zane z importem z Chin \u25bb Ca\u0142a wiedza do kupowania w Chinach \u2713 \u25bb Skorzystaj z porad ekspert\u00f3w ju\u017c teraz!\" \/>\n<meta property=\"og:url\" content=\"https:\/\/ag-frisch.com\/pl\/seminaria\/\" \/>\n<meta property=\"og:site_name\" content=\"China Import Beratung f\u00fcr den Einkauf aus China\" \/>\n<meta property=\"article:publisher\" content=\"https:\/\/www.facebook.com\/China.Import\" \/>\n<meta property=\"article:modified_time\" content=\"2023-01-27T04:26:40+00:00\" \/>\n<meta property=\"og:image\" content=\"https:\/\/usercontent.one\/wp\/ag-frisch.com\/wp-content\/uploads\/2021\/09\/china-import-consult.png?media=1655308951\" \/>\n<meta name=\"twitter:card\" content=\"summary_large_image\" \/>\n<meta name=\"twitter:site\" content=\"@agenturfrisch\" \/>\n<meta name=\"twitter:label1\" content=\"Szacowany czas czytania\" \/>\n\t<meta name=\"twitter:data1\" content=\"7 minut\" \/>\n<script type=\"application\/ld+json\" class=\"yoast-schema-graph\">{\"@context\":\"https:\\\/\\\/schema.org\",\"@graph\":[{\"@type\":\"WebPage\",\"@id\":\"https:\\\/\\\/ag-frisch.com\\\/pl\\\/seminaria\\\/\",\"url\":\"https:\\\/\\\/ag-frisch.com\\\/pl\\\/seminaria\\\/\",\"name\":\"Seminaria importowe z Chin prowadzone przez China Import Expert\",\"isPartOf\":{\"@id\":\"https:\\\/\\\/ag-frisch.com\\\/de\\\/#website\"},\"primaryImageOfPage\":{\"@id\":\"https:\\\/\\\/ag-frisch.com\\\/pl\\\/seminaria\\\/#primaryimage\"},\"image\":{\"@id\":\"https:\\\/\\\/ag-frisch.com\\\/pl\\\/seminaria\\\/#primaryimage\"},\"thumbnailUrl\":\"https:\\\/\\\/usercontent.one\\\/wp\\\/ag-frisch.com\\\/wp-content\\\/uploads\\\/2021\\\/09\\\/china-import-consult.png?media=1655308951\",\"datePublished\":\"2022-04-05T18:09:34+00:00\",\"dateModified\":\"2023-01-27T04:26:40+00:00\",\"description\":\"Seminaria zwi\u0105zane z importem z Chin \u25bb Ca\u0142a wiedza do kupowania w Chinach \u2713 \u25bb Skorzystaj z porad ekspert\u00f3w ju\u017c teraz!\",\"breadcrumb\":{\"@id\":\"https:\\\/\\\/ag-frisch.com\\\/pl\\\/seminaria\\\/#breadcrumb\"},\"inLanguage\":\"pl-PL\",\"potentialAction\":[{\"@type\":\"ReadAction\",\"target\":[\"https:\\\/\\\/ag-frisch.com\\\/pl\\\/seminaria\\\/\"]}]},{\"@type\":\"ImageObject\",\"inLanguage\":\"pl-PL\",\"@id\":\"https:\\\/\\\/ag-frisch.com\\\/pl\\\/seminaria\\\/#primaryimage\",\"url\":\"https:\\\/\\\/usercontent.one\\\/wp\\\/ag-frisch.com\\\/wp-content\\\/uploads\\\/2021\\\/09\\\/china-import-consult.png?media=1655308951\",\"contentUrl\":\"https:\\\/\\\/usercontent.one\\\/wp\\\/ag-frisch.com\\\/wp-content\\\/uploads\\\/2021\\\/09\\\/china-import-consult.png?media=1655308951\"},{\"@type\":\"BreadcrumbList\",\"@id\":\"https:\\\/\\\/ag-frisch.com\\\/pl\\\/seminaria\\\/#breadcrumb\",\"itemListElement\":[{\"@type\":\"ListItem\",\"position\":1,\"name\":\"Startseite\",\"item\":\"https:\\\/\\\/ag-frisch.com\\\/de\\\/\"},{\"@type\":\"ListItem\",\"position\":2,\"name\":\"Seminaria\"}]},{\"@type\":\"WebSite\",\"@id\":\"https:\\\/\\\/ag-frisch.com\\\/de\\\/#website\",\"url\":\"https:\\\/\\\/ag-frisch.com\\\/de\\\/\",\"name\":\"China Import Beratung f\u00fcr den Einkauf aus China\",\"description\":\"China Import &amp; Export Beratung - Der Dienstleister Ihres Vertrauens f\u00fcr Ihren China Import\",\"publisher\":{\"@id\":\"https:\\\/\\\/ag-frisch.com\\\/de\\\/#organization\"},\"potentialAction\":[{\"@type\":\"SearchAction\",\"target\":{\"@type\":\"EntryPoint\",\"urlTemplate\":\"https:\\\/\\\/ag-frisch.com\\\/de\\\/?s={search_term_string}\"},\"query-input\":{\"@type\":\"PropertyValueSpecification\",\"valueRequired\":true,\"valueName\":\"search_term_string\"}}],\"inLanguage\":\"pl-PL\"},{\"@type\":\"Organization\",\"@id\":\"https:\\\/\\\/ag-frisch.com\\\/de\\\/#organization\",\"name\":\"Agentur Frisch International Consulting GmbH & Co. KG\",\"url\":\"https:\\\/\\\/ag-frisch.com\\\/de\\\/\",\"logo\":{\"@type\":\"ImageObject\",\"inLanguage\":\"pl-PL\",\"@id\":\"https:\\\/\\\/ag-frisch.com\\\/de\\\/#\\\/schema\\\/logo\\\/image\\\/\",\"url\":\"https:\\\/\\\/ag-frisch.com\\\/wp-content\\\/uploads\\\/2021\\\/08\\\/ag_logo_rgb_300_small.png\",\"contentUrl\":\"https:\\\/\\\/ag-frisch.com\\\/wp-content\\\/uploads\\\/2021\\\/08\\\/ag_logo_rgb_300_small.png\",\"width\":153,\"height\":102,\"caption\":\"Agentur Frisch International Consulting GmbH & Co. KG\"},\"image\":{\"@id\":\"https:\\\/\\\/ag-frisch.com\\\/de\\\/#\\\/schema\\\/logo\\\/image\\\/\"},\"sameAs\":[\"https:\\\/\\\/www.facebook.com\\\/China.Import\",\"https:\\\/\\\/x.com\\\/agenturfrisch\"]}]}<\/script>\n<!-- \/ Yoast SEO plugin. -->","yoast_head_json":{"title":"Seminaria importowe z Chin prowadzone przez China Import Expert","description":"Seminaria zwi\u0105zane z importem z Chin \u25bb Ca\u0142a wiedza do kupowania w Chinach \u2713 \u25bb Skorzystaj z porad ekspert\u00f3w ju\u017c teraz!","robots":{"index":"index","follow":"follow","max-snippet":"max-snippet:-1","max-image-preview":"max-image-preview:large","max-video-preview":"max-video-preview:-1"},"canonical":"https:\/\/ag-frisch.com\/pl\/seminaria\/","og_locale":"pl_PL","og_type":"article","og_title":"Seminaria importowe z Chin prowadzone przez China Import Expert","og_description":"Seminaria zwi\u0105zane z importem z Chin \u25bb Ca\u0142a wiedza do kupowania w Chinach \u2713 \u25bb Skorzystaj z porad ekspert\u00f3w ju\u017c teraz!","og_url":"https:\/\/ag-frisch.com\/pl\/seminaria\/","og_site_name":"China Import Beratung f\u00fcr den Einkauf aus China","article_publisher":"https:\/\/www.facebook.com\/China.Import","article_modified_time":"2023-01-27T04:26:40+00:00","og_image":[{"url":"https:\/\/usercontent.one\/wp\/ag-frisch.com\/wp-content\/uploads\/2021\/09\/china-import-consult.png?media=1655308951","type":"","width":"","height":""}],"twitter_card":"summary_large_image","twitter_site":"@agenturfrisch","twitter_misc":{"Szacowany czas czytania":"7 minut"},"schema":{"@context":"https:\/\/schema.org","@graph":[{"@type":"WebPage","@id":"https:\/\/ag-frisch.com\/pl\/seminaria\/","url":"https:\/\/ag-frisch.com\/pl\/seminaria\/","name":"Seminaria importowe z Chin prowadzone przez China Import Expert","isPartOf":{"@id":"https:\/\/ag-frisch.com\/de\/#website"},"primaryImageOfPage":{"@id":"https:\/\/ag-frisch.com\/pl\/seminaria\/#primaryimage"},"image":{"@id":"https:\/\/ag-frisch.com\/pl\/seminaria\/#primaryimage"},"thumbnailUrl":"https:\/\/usercontent.one\/wp\/ag-frisch.com\/wp-content\/uploads\/2021\/09\/china-import-consult.png?media=1655308951","datePublished":"2022-04-05T18:09:34+00:00","dateModified":"2023-01-27T04:26:40+00:00","description":"Seminaria zwi\u0105zane z importem z Chin \u25bb Ca\u0142a wiedza do kupowania w Chinach \u2713 \u25bb Skorzystaj z porad ekspert\u00f3w ju\u017c teraz!","breadcrumb":{"@id":"https:\/\/ag-frisch.com\/pl\/seminaria\/#breadcrumb"},"inLanguage":"pl-PL","potentialAction":[{"@type":"ReadAction","target":["https:\/\/ag-frisch.com\/pl\/seminaria\/"]}]},{"@type":"ImageObject","inLanguage":"pl-PL","@id":"https:\/\/ag-frisch.com\/pl\/seminaria\/#primaryimage","url":"https:\/\/usercontent.one\/wp\/ag-frisch.com\/wp-content\/uploads\/2021\/09\/china-import-consult.png?media=1655308951","contentUrl":"https:\/\/usercontent.one\/wp\/ag-frisch.com\/wp-content\/uploads\/2021\/09\/china-import-consult.png?media=1655308951"},{"@type":"BreadcrumbList","@id":"https:\/\/ag-frisch.com\/pl\/seminaria\/#breadcrumb","itemListElement":[{"@type":"ListItem","position":1,"name":"Startseite","item":"https:\/\/ag-frisch.com\/de\/"},{"@type":"ListItem","position":2,"name":"Seminaria"}]},{"@type":"WebSite","@id":"https:\/\/ag-frisch.com\/de\/#website","url":"https:\/\/ag-frisch.com\/de\/","name":"China Import Beratung f\u00fcr den Einkauf aus China","description":"China Import &amp; Export Beratung - Der Dienstleister Ihres Vertrauens f\u00fcr Ihren China Import","publisher":{"@id":"https:\/\/ag-frisch.com\/de\/#organization"},"potentialAction":[{"@type":"SearchAction","target":{"@type":"EntryPoint","urlTemplate":"https:\/\/ag-frisch.com\/de\/?s={search_term_string}"},"query-input":{"@type":"PropertyValueSpecification","valueRequired":true,"valueName":"search_term_string"}}],"inLanguage":"pl-PL"},{"@type":"Organization","@id":"https:\/\/ag-frisch.com\/de\/#organization","name":"Agentur Frisch International Consulting GmbH & Co. KG","url":"https:\/\/ag-frisch.com\/de\/","logo":{"@type":"ImageObject","inLanguage":"pl-PL","@id":"https:\/\/ag-frisch.com\/de\/#\/schema\/logo\/image\/","url":"https:\/\/ag-frisch.com\/wp-content\/uploads\/2021\/08\/ag_logo_rgb_300_small.png","contentUrl":"https:\/\/ag-frisch.com\/wp-content\/uploads\/2021\/08\/ag_logo_rgb_300_small.png","width":153,"height":102,"caption":"Agentur Frisch International Consulting GmbH & Co. KG"},"image":{"@id":"https:\/\/ag-frisch.com\/de\/#\/schema\/logo\/image\/"},"sameAs":["https:\/\/www.facebook.com\/China.Import","https:\/\/x.com\/agenturfrisch"]}]}},"_links":{"self":[{"href":"https:\/\/ag-frisch.com\/pl\/wp-json\/wp\/v2\/pages\/11079","targetHints":{"allow":["GET"]}}],"collection":[{"href":"https:\/\/ag-frisch.com\/pl\/wp-json\/wp\/v2\/pages"}],"about":[{"href":"https:\/\/ag-frisch.com\/pl\/wp-json\/wp\/v2\/types\/page"}],"author":[{"embeddable":true,"href":"https:\/\/ag-frisch.com\/pl\/wp-json\/wp\/v2\/users\/2"}],"replies":[{"embeddable":true,"href":"https:\/\/ag-frisch.com\/pl\/wp-json\/wp\/v2\/comments?post=11079"}],"version-history":[{"count":0,"href":"https:\/\/ag-frisch.com\/pl\/wp-json\/wp\/v2\/pages\/11079\/revisions"}],"wp:attachment":[{"href":"https:\/\/ag-frisch.com\/pl\/wp-json\/wp\/v2\/media?parent=11079"}],"curies":[{"name":"wp","href":"https:\/\/api.w.org\/{rel}","templated":true}]}}