{"id":11120,"date":"2022-04-30T06:21:11","date_gmt":"2022-04-30T04:21:11","guid":{"rendered":"https:\/\/ag-frisch.com\/materialy-fotograficzne-z-chin\/"},"modified":"2023-01-27T05:28:07","modified_gmt":"2023-01-27T04:28:07","slug":"materialy-fotograficzne-z-chin","status":"publish","type":"page","link":"https:\/\/ag-frisch.com\/pl\/materialy-fotograficzne-z-chin\/","title":{"rendered":"Materia\u0142y fotograficzne z Chin"},"content":{"rendered":"<p>[et_pb_section fb_built=&#8221;1&#8243; _builder_version=&#8221;4.16&#8243; _module_preset=&#8221;default&#8221; global_colors_info=&#8221;{}&#8221;][et_pb_row _builder_version=&#8221;4.18.1&#8243; _module_preset=&#8221;default&#8221; global_colors_info=&#8221;{}&#8221;][et_pb_column type=&#8221;4_4&#8243; _builder_version=&#8221;4.18.1&#8243; _module_preset=&#8221;default&#8221; global_colors_info=&#8221;{}&#8221;][et_pb_cta title=&#8221;Import drobnej elektroniki z Chin&#8221; button_url=&#8221;https:\/\/ag-frisch.com\/pl\/kontakt\/&#8221; button_text=&#8221;Importuj teraz od profesjonalisty  &#8221; _builder_version=&#8221;4.18.1&#8243; _module_preset=&#8221;default&#8221; hover_enabled=&#8221;0&#8243; global_colors_info=&#8221;{}&#8221; sticky_enabled=&#8221;0&#8243;]<\/p>\n<p>China Import Experts ca\u0142kowicie rozwijaj\u0105 dla Ciebie import ma\u0142ej elektroniki i technologii rozrywki z Chin.<\/p>\n<p>[\/et_pb_cta][\/et_pb_column][\/et_pb_row][et_pb_row _builder_version=&#8221;4.16&#8243; _module_preset=&#8221;default&#8221; global_colors_info=&#8221;{}&#8221;][et_pb_column type=&#8221;4_4&#8243; _builder_version=&#8221;4.16&#8243; _module_preset=&#8221;default&#8221; global_colors_info=&#8221;{}&#8221;][et_pb_text _builder_version=&#8221;4.18.1&#8243; _module_preset=&#8221;default&#8221; global_colors_info=&#8221;{}&#8221;]<\/p>\n<h1>Przyw\u00f3z drobnej elektroniki i technologii rozrywkowej z Chin<\/h1>\n<p><strong>Komputery, telefony kom\u00f3rkowe, materia\u0142y fotograficzne i inne z Chin<\/strong><\/p>\n<p>Ma\u0142o kt\u00f3ry kraj jest takim synonimem taniej ma\u0142ej elektroniki jak Chiny: &#8220;Made in China&#8221; sta\u0142o si\u0119 uosobieniem tanio produkowanych urz\u0105dze\u0144 technicznych. Ale te czasy ju\u017c dawno min\u0119\u0142y: obecnie rynek kwitnie, a pierwszorz\u0119dne produkty s\u0105 opracowywane i wytwarzane z ogromn\u0105 pr\u0119dko\u015bci\u0105 w celu globalnej dystrybucji. W Agentur Frisch zapewniamy Ci relacje handlowe w Chinach, z kt\u00f3rych musisz czerpa\u0107 korzy\u015bci. Znamy producent\u00f3w i wiemy na co zwraca\u0107 uwag\u0119 importuj\u0105c z Chin sprz\u0119t fotograficzny, drobn\u0105 elektronik\u0119, komputery i tym podobne.<\/p>\n<p>&nbsp;<\/p>\n<p><strong>Tania produkcja i wysoka jako\u015b\u0107 &#8211; ma\u0142a elektronika z Chin<\/strong><\/p>\n<p>Jako hurtownik lub ambitny detalista wiesz, jak wa\u017cne jest kupowanie jak najtaniej, aby osi\u0105gn\u0105\u0107 rozs\u0105dne mar\u017ce. Oferujemy Pa\u0144stwu najlepsze kontakty, aby wzmocni\u0107 sw\u00f3j biznes poprzez import elektroniki z Chin w powa\u017cny, a zarazem lukratywny spos\u00f3b. W tym dziale z przyjemno\u015bci\u0105 udost\u0119pniamy Pa\u0144stwu takie produkty jak:<\/p>\n<ul>\n<li>Telefony kom\u00f3rkowe, smartfony, tablety<\/li>\n<li>Laptopy, komputery<\/li>\n<li>Cyfrowe\/analogowe lustrzanki, aparaty cyfrowe i akcesoria<\/li>\n<li>Telefony i systemy telefoniczne<\/li>\n<li>Sprz\u0119t do laboratorium fotograficznego i akcesoria do studia fotograficznego<\/li>\n<li>Lampy LED, \u017car\u00f3wki, latarki<\/li>\n<li>i wiele innych.<\/li>\n<\/ul>\n<p>&nbsp;<\/p>\n<p><strong>Materia\u0142y fotograficzne z Chin: gdy liczy si\u0119 jako\u015b\u0107<\/strong><\/p>\n<p>W dzisiejszych czasach ka\u017cdy mo\u017ce szybko pstrykn\u0105\u0107 kilka zdj\u0119\u0107 swoim smartfonem. Ale naprawd\u0119 dobre zdj\u0119cia powstaj\u0105 zwykle przez przypadek. Ci, kt\u00f3rzy chc\u0105 zajmowa\u0107 si\u0119 bardziej wymagaj\u0105c\u0105 fotografi\u0105, wci\u0105\u017c ch\u0119tnie si\u0119gaj\u0105 po lustrzanki lub przynajmniej doskona\u0142e aparaty cyfrowe. Tutaj zapewniamy Pa\u0144stwu najlepsz\u0105 jako\u015b\u0107 na niemieckim poziomie. To samo dotyczy kamer i projektor\u00f3w filmowych, obiektyw\u00f3w i wszelkich akcesori\u00f3w. Nasi producenci oferuj\u0105 r\u00f3wnie\u017c wszystko do wyposa\u017cenia kompletnych laboratori\u00f3w i studi\u00f3w fotograficznych. Otrzymujesz wi\u0119c absolutnie wysokiej jako\u015bci towar za u\u0142amek ceny.<\/p>\n<p>&nbsp;<\/p>\n<p><strong>Dobre po\u0142\u0105czenie &#8211; technologie komunikacyjne i elektronika u\u017cytkowa z Chin<\/strong><\/p>\n<p>Chi\u0144ski rynek elektroniki komunikacyjnej jest niezwykle selektywny; produkowane tam obecnie urz\u0105dzenia spe\u0142niaj\u0105 najwy\u017csze standardy i s\u0105 opracowywane przez prawdziwych ekspert\u00f3w. Czy to smartfon, czy komputer, wysokiej klasy laptop czy konsola do gier &#8211; znajdziemy dla Pa\u0144stwa optymalnego dostawc\u0119 w zakresie importu elektroniki u\u017cytkowej z Chin.<\/p>\n<p>&nbsp;<\/p>\n<p><strong>Powa\u017cny, niezawodny import z Chin z agencj\u0105 Frisch<\/strong><\/p>\n<p>Nie mo\u017cemy wystarczaj\u0105co ostrzec ci\u0119 przed wietrznymi dostawcami, kt\u00f3rzy obiecuj\u0105 ci b\u0142\u0119kit nieba, a nast\u0119pnie pozostawiaj\u0105 ci\u0119 w deszczu. W\u0105tpliwi partnerzy biznesowi szkodz\u0105 reputacji czystego importu z Chin. Agencja Frisch dzia\u0142a na tym polu od wielu lat i nie bez powodu ma siln\u0105 baz\u0119 sta\u0142ych klient\u00f3w. Nasza ocena w Google na poziomie 5 gwiazdek m\u00f3wi sama za siebie.<\/p>\n<p>Oferujemy:<\/p>\n<ul>\n<li>Niezawodno\u015b\u0107<\/li>\n<li>systematyczna likwidacja<\/li>\n<li>Normy niemieckie<\/li>\n<li>korzystne ceny<\/li>\n<li>najlepsze know-how<\/li>\n<li>Us\u0142uga kompleksowa<\/li>\n<\/ul>\n<p>&nbsp;<\/p>\n<p><strong>Jedna agencja dla wszystkich us\u0142ug importowych z Chin<\/strong><\/p>\n<p>Oferujemy Pa\u0144stwu wszystkie us\u0142ugi zwi\u0105zane z zakupem materia\u0142\u00f3w fotograficznych lub elektroniki u\u017cytkowej z Chin, pocz\u0105wszy od poszukiwania producent\u00f3w, poprzez negocjacje cenowe i sporz\u0105dzanie um\u00f3w, od kontroli produkcji i zapewnienia jako\u015bci, poprzez transport, op\u0142aty celne i zezwolenia, jak r\u00f3wnie\u017c na \u017cyczenie magazynowanie w Niemczech.<\/p>\n<p>&nbsp;<\/p>\n<p><strong>Firma importuj\u0105ca z Chin z do\u015bwiadczeniem i referencjami<\/strong><\/p>\n<p>Jeste\u015bmy dumni z tego, \u017ce mo\u017cemy przej\u0105\u0107 dla Pa\u0144stwa praktycznie wszystkie us\u0142ugi z naszymi filiami i tym samym zagwarantowa\u0107 najlepsz\u0105 jako\u015b\u0107. Nasze marki takie jak import4u, inspekt4u, airbridge Consulting, laboratorium testowe BEIDE czy stock4u s\u0105 wa\u017cnymi elementami mozaiki w og\u00f3lnym obrazie Twojego sukcesu biznesowego w imporcie z Chin.<\/p>\n<p>Nasze referencje obejmuj\u0105 znane du\u017ce firmy, a tak\u017ce top seller\u00f3w eBay i Amazon. Wielu z naszych klient\u00f3w zaopatruje si\u0119 w towary za naszym po\u015brednictwem od wielu lat. Chcemy mie\u0107 zadowolonych klient\u00f3w i co\u015b w tym kierunku robimy.<\/p>\n<p>Zaufaj us\u0142ugom do\u015bwiadczonej firmy zajmuj\u0105cej si\u0119 importem z Chin.<\/p>\n<p>&nbsp;<\/p>\n<p><strong>Oferujemy sukces bez kompromis\u00f3w.<\/strong><\/p>\n<p>&nbsp;<\/p>\n<p>[\/et_pb_text][\/et_pb_column][\/et_pb_row][\/et_pb_section][et_pb_section fb_built=&#8221;1&#8243; admin_label=&#8221;Testimonials&#8221; _builder_version=&#8221;4.16&#8243; use_background_color_gradient=&#8221;on&#8221; background_color_gradient_stops=&#8221;rgba(0,106,156,0.85) 0%|rgba(0,106,156,0.85) 100%&#8221; background_color_gradient_start=&#8221;rgba(0,106,156,0.85)&#8221; background_color_gradient_end=&#8221;rgba(0,106,156,0.85)&#8221; custom_padding=&#8221;90px||60px|&#8221; animation_style=&#8221;fold&#8221; animation_direction=&#8221;bottom&#8221; animation_intensity_fold=&#8221;4%&#8221; global_colors_info=&#8221;{}&#8221;][et_pb_row _builder_version=&#8221;4.16&#8243; background_size=&#8221;initial&#8221; background_position=&#8221;top_left&#8221; background_repeat=&#8221;repeat&#8221; custom_width_px=&#8221;710px&#8221; locked=&#8221;off&#8221; global_colors_info=&#8221;{}&#8221;][et_pb_column type=&#8221;4_4&#8243; _builder_version=&#8221;4.16&#8243; background_position=&#8221;top_left&#8221; custom_padding=&#8221;|||&#8221; global_colors_info=&#8221;{}&#8221; custom_padding__hover=&#8221;|||&#8221;][et_pb_text admin_label=&#8221;Testimonials Section Title&#8221; _builder_version=&#8221;4.16&#8243; header_font=&#8221;Montserrat||||&#8221; header_font_size=&#8221;36px&#8221; background_size=&#8221;initial&#8221; background_position=&#8221;top_left&#8221; background_repeat=&#8221;repeat&#8221; text_orientation=&#8221;center&#8221; background_layout=&#8221;dark&#8221; max_width=&#8221;710px&#8221; module_alignment=&#8221;center&#8221; animation_style=&#8221;fold&#8221; animation_direction=&#8221;bottom&#8221; animation_intensity_fold=&#8221;20%&#8221; global_colors_info=&#8221;{}&#8221;]<\/p>\n<h1>Ponad 5000 zadowolonych klient\u00f3w.<\/h1>\n<p>&nbsp;<\/p>\n<p>[\/et_pb_text][et_pb_divider color=&#8221;#ffffff&#8221; divider_weight=&#8221;3px&#8221; disabled_on=&#8221;off|off|off&#8221; _builder_version=&#8221;4.16&#8243; background_color_gradient_direction=&#8221;90deg&#8221; max_width=&#8221;100px&#8221; module_alignment=&#8221;center&#8221; height=&#8221;5px&#8221; custom_margin=&#8221;||20px|&#8221; custom_padding=&#8221;||20px|&#8221; animation_style=&#8221;slide&#8221; animation_direction=&#8221;bottom&#8221; saved_tabs=&#8221;all&#8221; locked=&#8221;off&#8221; global_colors_info=&#8221;{}&#8221;][\/et_pb_divider][\/et_pb_column][\/et_pb_row][et_pb_row column_structure=&#8221;1_2,1_2&#8243; _builder_version=&#8221;4.18.1&#8243; _module_preset=&#8221;default&#8221; global_colors_info=&#8221;{}&#8221;][et_pb_column type=&#8221;1_2&#8243; _builder_version=&#8221;4.18.1&#8243; _module_preset=&#8221;default&#8221; global_colors_info=&#8221;{}&#8221;][et_pb_testimonial author=&#8221;Marco&#8221; portrait_url=&#8221;https:\/\/ag-frisch.com\/wp-content\/uploads\/2021\/08\/Harald.png&#8221; quote_icon=&#8221;off&#8221; _builder_version=&#8221;4.18.1&#8243; _module_preset=&#8221;default&#8221; body_font_size=&#8221;16px&#8221; use_background_color=&#8221;off&#8221; background_layout=&#8221;dark&#8221; global_colors_info=&#8221;{}&#8221;]Zleci\u0142em agencji Frisch wyprodukowanie du\u017cego mebla w Chinach, a nast\u0119pnie sprowadzenie go do Niemiec. Przez ca\u0142y czas by\u0142a sprawna komunikacja mailowa! Bardzo szybkie i rzetelne odpowiedzi stale dodawa\u0142y mi otuchy, kt\u00f3ra jest niezb\u0119dna w takim przedsi\u0119wzi\u0119ciu. Przez ca\u0142y czas pomagano mi przebrn\u0105\u0107 przez biurokratyczny g\u0105szcz, nie zapomniano o \u017cadnym formularzu ani nie wype\u0142niono go b\u0142\u0119dnie. Bardzo godne pochwa\u0142y!<a href=\"&lt;div%20class=%22pe-richsnippets%22&gt;&nbsp;&lt;\/div&gt;%20&lt;script%20type=%22text\/javascript%22%20src=%22https:\/\/www.provenexpert.com\/widget\/richsnippet.js?u=1NUA0VwZ4RUZ5tmAi5zA4RaplNKAlWwZ&amp;v=2%22%20async&gt;&lt;\/script&gt;%20&lt;div%20style=%22text-align:%20justify;%22&gt;&lt;br%20\/&gt;\"><\/a><\/p>\n<div class=\"brow ratingBarMargin\">\n<div class=\"ratingBar\">\n<div class=\"brow\">\n<div class=\"pe-richsnippets\">&nbsp;<\/div>\n<p><script type=\"text\/javascript\" src=\"https:\/\/www.provenexpert.com\/widget\/richsnippet.js?u=1NUA0VwZ4RUZ5tmAi5zA4RaplNKAlWwZ&amp;v=2\" async=\"\"><\/script><\/p>\n<div style=\"text-align: justify;\"><\/p>\n<div class=\"col-lg-9 col-md-8 col-xs-10 mt20 mb20\">\n<div class=\"col-xs-12 surveyNameForRating\"><\/div>\n<\/div>\n<\/div>\n<\/div>\n<\/div>\n<\/div>\n<p>[\/et_pb_testimonial][\/et_pb_column][et_pb_column type=&#8221;1_2&#8243; _builder_version=&#8221;4.18.1&#8243; _module_preset=&#8221;default&#8221; global_colors_info=&#8221;{}&#8221;][et_pb_testimonial author=&#8221;Simone L.&#8221; portrait_url=&#8221;https:\/\/ag-frisch.com\/wp-content\/uploads\/2021\/08\/Harald.png&#8221; quote_icon=&#8221;off&#8221; _builder_version=&#8221;4.18.1&#8243; _module_preset=&#8221;default&#8221; body_font_size=&#8221;16px&#8221; use_background_color=&#8221;off&#8221; background_layout=&#8221;dark&#8221; global_colors_info=&#8221;{}&#8221;]<\/p>\n<p>Ca\u0142a g\u00f3ra. Nie ma nic lepszego ni\u017c to. Doradzanie i wdra\u017canie nie mo\u017ce by\u0107 zrobione lepiej. Jeste\u015bmy bardziej ni\u017c zadowoleni po kilku zam\u00f3wieniach z t\u0105 firm\u0105 i kontynuowa\u0107 nasz\u0105 wsp\u00f3\u0142prac\u0119.<\/p>\n<div class=\"brow ratingBarMargin\">\n<div class=\"ratingBar\">\n<div class=\"brow\">\n<div class=\"pe-richsnippets\"> <\/div>\n<p>\n<script type=\"text\/javascript\" src=\"https:\/\/www.provenexpert.com\/widget\/richsnippet.js?u=1NUA0VwZ4RUZ5tmAi5zA4RaplNKAlWwZ&amp;v=2\" async=\"\"><\/script>\n<\/p>\n<div style=\"text-align: justify;\">\n<p>&nbsp;<\/p>\n<div class=\"col-lg-9 col-md-8 col-xs-10 mt20 mb20\">\n<div class=\"col-xs-12 surveyNameForRating\"><\/div>\n<\/div>\n<\/div>\n<\/div>\n<\/div>\n<\/div>\n<p>[\/et_pb_testimonial][\/et_pb_column][\/et_pb_row][et_pb_row _builder_version=&#8221;4.16&#8243; background_size=&#8221;initial&#8221; background_position=&#8221;top_left&#8221; background_repeat=&#8221;repeat&#8221; custom_padding=&#8221;50px|0px|30px|0px&#8221; custom_css_main_element=&#8221;text-align: center;&#8221; global_colors_info=&#8221;{}&#8221;][et_pb_column type=&#8221;4_4&#8243; _builder_version=&#8221;4.16&#8243; custom_padding=&#8221;|||&#8221; global_colors_info=&#8221;{}&#8221; custom_padding__hover=&#8221;|||&#8221;][et_pb_button button_url=&#8221;https:\/\/www.provenexpert.com\/de-de\/agentur-frisch-international-consulting-gmbh-und-co-kg\/&#8221; button_text=&#8221;WI\u0118CEJ OCEN&#8221; button_alignment=&#8221;left&#8221; admin_label=&#8221;Testimonial Button&#8221; _builder_version=&#8221;4.16&#8243; custom_button=&#8221;on&#8221; button_text_size=&#8221;18px&#8221; button_text_color=&#8221;#ffffff&#8221; button_bg_color=&#8221;#6eba01&#8243; button_border_width=&#8221;2px&#8221; button_border_color=&#8221;#6eba01&#8243; button_border_radius=&#8221;0px&#8221; button_letter_spacing=&#8221;2px&#8221; button_font=&#8221;Montserrat|||on|&#8221; button_use_icon=&#8221;off&#8221; animation_style=&#8221;fold&#8221; animation_direction=&#8221;bottom&#8221; button_text_color_hover=&#8221;#ffffff&#8221; button_border_color_hover=&#8221;#ffffff&#8221; button_border_radius_hover=&#8221;0px&#8221; button_letter_spacing_hover=&#8221;2px&#8221; button_bg_color_hover=&#8221;rgba(255,255,255,0)&#8221; locked=&#8221;off&#8221; global_colors_info=&#8221;{}&#8221; button_text_size__hover_enabled=&#8221;off&#8221; button_one_text_size__hover_enabled=&#8221;off&#8221; button_two_text_size__hover_enabled=&#8221;off&#8221; button_text_color__hover_enabled=&#8221;on&#8221; button_text_color__hover=&#8221;#ffffff&#8221; button_one_text_color__hover_enabled=&#8221;off&#8221; button_two_text_color__hover_enabled=&#8221;off&#8221; button_border_width__hover_enabled=&#8221;off&#8221; button_one_border_width__hover_enabled=&#8221;off&#8221; button_two_border_width__hover_enabled=&#8221;off&#8221; button_border_color__hover_enabled=&#8221;on&#8221; button_border_color__hover=&#8221;#ffffff&#8221; button_one_border_color__hover_enabled=&#8221;off&#8221; button_two_border_color__hover_enabled=&#8221;off&#8221; button_border_radius__hover_enabled=&#8221;on&#8221; button_border_radius__hover=&#8221;0px&#8221; button_one_border_radius__hover_enabled=&#8221;off&#8221; button_two_border_radius__hover_enabled=&#8221;off&#8221; button_letter_spacing__hover_enabled=&#8221;on&#8221; button_letter_spacing__hover=&#8221;2px&#8221; button_one_letter_spacing__hover_enabled=&#8221;off&#8221; button_two_letter_spacing__hover_enabled=&#8221;off&#8221; button_bg_color__hover_enabled=&#8221;on&#8221; button_bg_color__hover=&#8221;rgba(255,255,255,0)&#8221; button_one_bg_color__hover_enabled=&#8221;off&#8221; button_two_bg_color__hover_enabled=&#8221;off&#8221;][\/et_pb_button][\/et_pb_column][\/et_pb_row][\/et_pb_section]<\/p>\n","protected":false},"excerpt":{"rendered":"<p>China Import Experts ca\u0142kowicie rozwijaj\u0105 dla Ciebie import ma\u0142ej elektroniki i technologii rozrywki z Chin.Przyw\u00f3z drobnej elektroniki i technologii rozrywkowej z Chin Komputery, telefony kom\u00f3rkowe, materia\u0142y fotograficzne i inne z Chin Ma\u0142o kt\u00f3ry kraj jest takim synonimem taniej ma\u0142ej elektroniki jak Chiny: &#8220;Made in China&#8221; sta\u0142o si\u0119 uosobieniem tanio produkowanych urz\u0105dze\u0144 technicznych. Ale te czasy [&hellip;]<\/p>\n","protected":false},"author":2,"featured_media":0,"parent":0,"menu_order":0,"comment_status":"closed","ping_status":"closed","template":"","meta":{"_et_pb_use_builder":"on","_et_pb_old_content":"","_et_gb_content_width":"","footnotes":""},"class_list":["post-11120","page","type-page","status-publish","hentry"],"yoast_head":"<!-- This site is optimized with the Yoast SEO plugin v27.2 - https:\/\/yoast.com\/product\/yoast-seo-wordpress\/ -->\n<title>Import drobnej elektroniki | elektroniki u\u017cytkowej z Chin<\/title>\n<meta name=\"description\" content=\"Chiny import ma\u0142ej elektroniki \u25ba niska cena produkcji, TOP jako\u015b\u0107 \u2714 technologia komunikacyjna \u2714 materia\u0142y fotograficzne \u2714 elektronika u\u017cytkowa \u25ba Uzyskaj porad\u0119!\" \/>\n<meta name=\"robots\" content=\"index, follow, max-snippet:-1, max-image-preview:large, max-video-preview:-1\" \/>\n<link rel=\"canonical\" href=\"https:\/\/ag-frisch.com\/pl\/materialy-fotograficzne-z-chin\/\" \/>\n<meta property=\"og:locale\" content=\"pl_PL\" \/>\n<meta property=\"og:type\" content=\"article\" \/>\n<meta property=\"og:title\" content=\"Import drobnej elektroniki | elektroniki u\u017cytkowej z Chin\" \/>\n<meta property=\"og:description\" content=\"Chiny import ma\u0142ej elektroniki \u25ba niska cena produkcji, TOP jako\u015b\u0107 \u2714 technologia komunikacyjna \u2714 materia\u0142y fotograficzne \u2714 elektronika u\u017cytkowa \u25ba Uzyskaj porad\u0119!\" \/>\n<meta property=\"og:url\" content=\"https:\/\/ag-frisch.com\/pl\/materialy-fotograficzne-z-chin\/\" \/>\n<meta property=\"og:site_name\" content=\"China Import Beratung f\u00fcr den Einkauf aus China\" \/>\n<meta property=\"article:publisher\" content=\"https:\/\/www.facebook.com\/China.Import\" \/>\n<meta property=\"article:modified_time\" content=\"2023-01-27T04:28:07+00:00\" \/>\n<meta name=\"twitter:card\" content=\"summary_large_image\" \/>\n<meta name=\"twitter:site\" content=\"@agenturfrisch\" \/>\n<meta name=\"twitter:label1\" content=\"Szacowany czas czytania\" \/>\n\t<meta name=\"twitter:data1\" content=\"8 minut\" \/>\n<script type=\"application\/ld+json\" class=\"yoast-schema-graph\">{\"@context\":\"https:\/\/schema.org\",\"@graph\":[{\"@type\":\"WebPage\",\"@id\":\"https:\/\/ag-frisch.com\/pl\/materialy-fotograficzne-z-chin\/\",\"url\":\"https:\/\/ag-frisch.com\/pl\/materialy-fotograficzne-z-chin\/\",\"name\":\"Import drobnej elektroniki | elektroniki u\u017cytkowej z Chin\",\"isPartOf\":{\"@id\":\"https:\/\/ag-frisch.com\/de\/#website\"},\"datePublished\":\"2022-04-30T04:21:11+00:00\",\"dateModified\":\"2023-01-27T04:28:07+00:00\",\"description\":\"Chiny import ma\u0142ej elektroniki \u25ba niska cena produkcji, TOP jako\u015b\u0107 \u2714 technologia komunikacyjna \u2714 materia\u0142y fotograficzne \u2714 elektronika u\u017cytkowa \u25ba Uzyskaj porad\u0119!\",\"breadcrumb\":{\"@id\":\"https:\/\/ag-frisch.com\/pl\/materialy-fotograficzne-z-chin\/#breadcrumb\"},\"inLanguage\":\"pl-PL\",\"potentialAction\":[{\"@type\":\"ReadAction\",\"target\":[\"https:\/\/ag-frisch.com\/pl\/materialy-fotograficzne-z-chin\/\"]}]},{\"@type\":\"BreadcrumbList\",\"@id\":\"https:\/\/ag-frisch.com\/pl\/materialy-fotograficzne-z-chin\/#breadcrumb\",\"itemListElement\":[{\"@type\":\"ListItem\",\"position\":1,\"name\":\"Startseite\",\"item\":\"https:\/\/ag-frisch.com\/de\/\"},{\"@type\":\"ListItem\",\"position\":2,\"name\":\"Materia\u0142y fotograficzne z Chin\"}]},{\"@type\":\"WebSite\",\"@id\":\"https:\/\/ag-frisch.com\/de\/#website\",\"url\":\"https:\/\/ag-frisch.com\/de\/\",\"name\":\"China Import Beratung f\u00fcr den Einkauf aus China\",\"description\":\"China Import &amp; Export Beratung - Der Dienstleister Ihres Vertrauens f\u00fcr Ihren China Import\",\"publisher\":{\"@id\":\"https:\/\/ag-frisch.com\/de\/#organization\"},\"potentialAction\":[{\"@type\":\"SearchAction\",\"target\":{\"@type\":\"EntryPoint\",\"urlTemplate\":\"https:\/\/ag-frisch.com\/de\/?s={search_term_string}\"},\"query-input\":{\"@type\":\"PropertyValueSpecification\",\"valueRequired\":true,\"valueName\":\"search_term_string\"}}],\"inLanguage\":\"pl-PL\"},{\"@type\":\"Organization\",\"@id\":\"https:\/\/ag-frisch.com\/de\/#organization\",\"name\":\"Agentur Frisch International Consulting GmbH & Co. KG\",\"url\":\"https:\/\/ag-frisch.com\/de\/\",\"logo\":{\"@type\":\"ImageObject\",\"inLanguage\":\"pl-PL\",\"@id\":\"https:\/\/ag-frisch.com\/de\/#\/schema\/logo\/image\/\",\"url\":\"https:\/\/ag-frisch.com\/wp-content\/uploads\/2021\/08\/ag_logo_rgb_300_small.png\",\"contentUrl\":\"https:\/\/ag-frisch.com\/wp-content\/uploads\/2021\/08\/ag_logo_rgb_300_small.png\",\"width\":153,\"height\":102,\"caption\":\"Agentur Frisch International Consulting GmbH & Co. KG\"},\"image\":{\"@id\":\"https:\/\/ag-frisch.com\/de\/#\/schema\/logo\/image\/\"},\"sameAs\":[\"https:\/\/www.facebook.com\/China.Import\",\"https:\/\/x.com\/agenturfrisch\"]}]}<\/script>\n<!-- \/ Yoast SEO plugin. -->","yoast_head_json":{"title":"Import drobnej elektroniki | elektroniki u\u017cytkowej z Chin","description":"Chiny import ma\u0142ej elektroniki \u25ba niska cena produkcji, TOP jako\u015b\u0107 \u2714 technologia komunikacyjna \u2714 materia\u0142y fotograficzne \u2714 elektronika u\u017cytkowa \u25ba Uzyskaj porad\u0119!","robots":{"index":"index","follow":"follow","max-snippet":"max-snippet:-1","max-image-preview":"max-image-preview:large","max-video-preview":"max-video-preview:-1"},"canonical":"https:\/\/ag-frisch.com\/pl\/materialy-fotograficzne-z-chin\/","og_locale":"pl_PL","og_type":"article","og_title":"Import drobnej elektroniki | elektroniki u\u017cytkowej z Chin","og_description":"Chiny import ma\u0142ej elektroniki \u25ba niska cena produkcji, TOP jako\u015b\u0107 \u2714 technologia komunikacyjna \u2714 materia\u0142y fotograficzne \u2714 elektronika u\u017cytkowa \u25ba Uzyskaj porad\u0119!","og_url":"https:\/\/ag-frisch.com\/pl\/materialy-fotograficzne-z-chin\/","og_site_name":"China Import Beratung f\u00fcr den Einkauf aus China","article_publisher":"https:\/\/www.facebook.com\/China.Import","article_modified_time":"2023-01-27T04:28:07+00:00","twitter_card":"summary_large_image","twitter_site":"@agenturfrisch","twitter_misc":{"Szacowany czas czytania":"8 minut"},"schema":{"@context":"https:\/\/schema.org","@graph":[{"@type":"WebPage","@id":"https:\/\/ag-frisch.com\/pl\/materialy-fotograficzne-z-chin\/","url":"https:\/\/ag-frisch.com\/pl\/materialy-fotograficzne-z-chin\/","name":"Import drobnej elektroniki | elektroniki u\u017cytkowej z Chin","isPartOf":{"@id":"https:\/\/ag-frisch.com\/de\/#website"},"datePublished":"2022-04-30T04:21:11+00:00","dateModified":"2023-01-27T04:28:07+00:00","description":"Chiny import ma\u0142ej elektroniki \u25ba niska cena produkcji, TOP jako\u015b\u0107 \u2714 technologia komunikacyjna \u2714 materia\u0142y fotograficzne \u2714 elektronika u\u017cytkowa \u25ba Uzyskaj porad\u0119!","breadcrumb":{"@id":"https:\/\/ag-frisch.com\/pl\/materialy-fotograficzne-z-chin\/#breadcrumb"},"inLanguage":"pl-PL","potentialAction":[{"@type":"ReadAction","target":["https:\/\/ag-frisch.com\/pl\/materialy-fotograficzne-z-chin\/"]}]},{"@type":"BreadcrumbList","@id":"https:\/\/ag-frisch.com\/pl\/materialy-fotograficzne-z-chin\/#breadcrumb","itemListElement":[{"@type":"ListItem","position":1,"name":"Startseite","item":"https:\/\/ag-frisch.com\/de\/"},{"@type":"ListItem","position":2,"name":"Materia\u0142y fotograficzne z Chin"}]},{"@type":"WebSite","@id":"https:\/\/ag-frisch.com\/de\/#website","url":"https:\/\/ag-frisch.com\/de\/","name":"China Import Beratung f\u00fcr den Einkauf aus China","description":"China Import &amp; Export Beratung - Der Dienstleister Ihres Vertrauens f\u00fcr Ihren China Import","publisher":{"@id":"https:\/\/ag-frisch.com\/de\/#organization"},"potentialAction":[{"@type":"SearchAction","target":{"@type":"EntryPoint","urlTemplate":"https:\/\/ag-frisch.com\/de\/?s={search_term_string}"},"query-input":{"@type":"PropertyValueSpecification","valueRequired":true,"valueName":"search_term_string"}}],"inLanguage":"pl-PL"},{"@type":"Organization","@id":"https:\/\/ag-frisch.com\/de\/#organization","name":"Agentur Frisch International Consulting GmbH & Co. KG","url":"https:\/\/ag-frisch.com\/de\/","logo":{"@type":"ImageObject","inLanguage":"pl-PL","@id":"https:\/\/ag-frisch.com\/de\/#\/schema\/logo\/image\/","url":"https:\/\/ag-frisch.com\/wp-content\/uploads\/2021\/08\/ag_logo_rgb_300_small.png","contentUrl":"https:\/\/ag-frisch.com\/wp-content\/uploads\/2021\/08\/ag_logo_rgb_300_small.png","width":153,"height":102,"caption":"Agentur Frisch International Consulting GmbH & Co. KG"},"image":{"@id":"https:\/\/ag-frisch.com\/de\/#\/schema\/logo\/image\/"},"sameAs":["https:\/\/www.facebook.com\/China.Import","https:\/\/x.com\/agenturfrisch"]}]}},"_links":{"self":[{"href":"https:\/\/ag-frisch.com\/pl\/wp-json\/wp\/v2\/pages\/11120","targetHints":{"allow":["GET"]}}],"collection":[{"href":"https:\/\/ag-frisch.com\/pl\/wp-json\/wp\/v2\/pages"}],"about":[{"href":"https:\/\/ag-frisch.com\/pl\/wp-json\/wp\/v2\/types\/page"}],"author":[{"embeddable":true,"href":"https:\/\/ag-frisch.com\/pl\/wp-json\/wp\/v2\/users\/2"}],"replies":[{"embeddable":true,"href":"https:\/\/ag-frisch.com\/pl\/wp-json\/wp\/v2\/comments?post=11120"}],"version-history":[{"count":0,"href":"https:\/\/ag-frisch.com\/pl\/wp-json\/wp\/v2\/pages\/11120\/revisions"}],"wp:attachment":[{"href":"https:\/\/ag-frisch.com\/pl\/wp-json\/wp\/v2\/media?parent=11120"}],"curies":[{"name":"wp","href":"https:\/\/api.w.org\/{rel}","templated":true}]}}