{"id":11121,"date":"2022-04-30T06:16:48","date_gmt":"2022-04-30T04:16:48","guid":{"rendered":"https:\/\/ag-frisch.com\/materialy-biurowe-z-chin\/"},"modified":"2023-01-27T05:27:34","modified_gmt":"2023-01-27T04:27:34","slug":"materialy-biurowe-z-chin","status":"publish","type":"page","link":"https:\/\/ag-frisch.com\/pl\/materialy-biurowe-z-chin\/","title":{"rendered":"Materia\u0142y biurowe z Chin"},"content":{"rendered":"<p>[et_pb_section fb_built=&#8221;1&#8243; _builder_version=&#8221;4.16&#8243; _module_preset=&#8221;default&#8221; global_colors_info=&#8221;{}&#8221;][et_pb_row _builder_version=&#8221;4.18.1&#8243; _module_preset=&#8221;default&#8221; global_colors_info=&#8221;{}&#8221;][et_pb_column type=&#8221;4_4&#8243; _builder_version=&#8221;4.18.1&#8243; _module_preset=&#8221;default&#8221; global_colors_info=&#8221;{}&#8221;][et_pb_cta title=&#8221;Import z Chin&#8221; button_url=&#8221;https:\/\/ag-frisch.com\/pl\/kontakt\/&#8221; button_text=&#8221;Zarezerwuj teraz z profesjonalist\u0105&#8221; _builder_version=&#8221;4.18.1&#8243; _module_preset=&#8221;default&#8221; global_colors_info=&#8221;{}&#8221;]<\/p>\n<p>Z China Import Agency Frisch mo\u017cesz robi\u0107 interesy z Chinami jak profesjonali\u015bci.<\/p>\n<p>[\/et_pb_cta][\/et_pb_column][\/et_pb_row][et_pb_row _builder_version=&#8221;4.16&#8243; _module_preset=&#8221;default&#8221; global_colors_info=&#8221;{}&#8221;][et_pb_column type=&#8221;4_4&#8243; _builder_version=&#8221;4.16&#8243; _module_preset=&#8221;default&#8221; global_colors_info=&#8221;{}&#8221;][et_pb_text _builder_version=&#8221;4.18.1&#8243; _module_preset=&#8221;default&#8221; hover_enabled=&#8221;0&#8243; global_colors_info=&#8221;{}&#8221; sticky_enabled=&#8221;0&#8243;]<\/p>\n<h1>Przyw\u00f3z materia\u0142\u00f3w biurowych i materia\u0142\u00f3w reklamowych z Chin<\/h1>\n<p><strong>Materia\u0142y biurowe i materia\u0142y promocyjne z Chin<\/strong><\/p>\n<p>Karteczki i d\u0142ugopisy Post-it, papier do drukarki i koperty &#8211; w Chinach mo\u017cna je dosta\u0107 taniej. Dlaczego jako niemiecki hurtownik lub detalista masz wci\u0105\u017c odk\u0142ada\u0107 za du\u017co pieni\u0119dzy nawet przy du\u017cych ilo\u015bciach? Jako Tw\u00f3j kompetentny partner w imporcie z Chin, mo\u017cemy pom\u00f3c Ci znale\u017a\u0107 partner\u00f3w handlowych, od kt\u00f3rych mo\u017cesz kupi\u0107 materia\u0142y biurowe z Chin po wielokrotnie ni\u017cszych cenach. Produkty, kt\u00f3rych import mo\u017cesz zleci\u0107 za naszym po\u015brednictwem to np:<\/p>\n<ul>\n<li>Papier, materia\u0142y biurowe i artyku\u0142y pi\u015bmiennicze<\/li>\n<li>Materia\u0142y opakowaniowe<\/li>\n<li>Potrzeby w zakresie prezentacji i szkole\u0144<\/li>\n<li>Wyposa\u017cenie i umeblowanie sklepu<\/li>\n<li>Materia\u0142y targowe i artyku\u0142y promocyjne<\/li>\n<li>i wiele innych.<\/li>\n<\/ul>\n<p>&nbsp;<\/p>\n<p><strong>Importuj tanio materia\u0142y pi\u015bmiennicze i biurowe z Chin<\/strong><\/p>\n<p>Nasze portfolio produkt\u00f3w obejmuje ca\u0142\u0105 gam\u0119 artyku\u0142\u00f3w biurowych. Linijki i lupy, zakre\u015blacze i podk\u0142adki na biurko s\u0105 tak samo cz\u0119\u015bci\u0105 asortymentu jak przybory do rysowania czy kalendarze. Wsp\u00f3\u0142pracujemy wy\u0142\u0105cznie z renomowanymi firmami, gdzie praca wykonywana jest czysto. Materia\u0142y biurowe, kt\u00f3re pozyskujemy z Chin, spe\u0142niaj\u0105 niemieckie wymagania &#8211; i to po chi\u0144skich cenach.<\/p>\n<p>&nbsp;<\/p>\n<p><strong>Sprz\u0119t biurowy i wyposa\u017cenie sklep\u00f3w<\/strong><\/p>\n<p>Za naszym po\u015brednictwem mo\u017cna zaopatrzy\u0107 si\u0119 nie tylko w mniejsze produkty z zakresu artyku\u0142\u00f3w biurowych, ale r\u00f3wnie\u017c w kompletne wyposa\u017cenie firm. Od biurek po flipcharty, od szafek na dokumenty po krzes\u0142a mened\u017cerskie, Agentur Frisch oferuje wszystkie przedmioty, kt\u00f3re s\u0105 cz\u0119\u015bci\u0105 kompletnego wyposa\u017cenia biur, sal konferencyjnych, sal szkoleniowych i sklep\u00f3w.<\/p>\n<p>Ca\u0142e obiekty hotelowe mog\u0105 by\u0107 r\u00f3wnie\u017c realizowane przez naszych partner\u00f3w biznesowych. Od wysokiej klasy lad hotelowych po wyposa\u017cenie pokoi i materia\u0142y administracyjne, znajdziemy dla Ciebie najlepszego i najbardziej przyst\u0119pnego cenowo dostawc\u0119 z Chin.<\/p>\n<p>&nbsp;<\/p>\n<p><strong>Kupuj artyku\u0142y promocyjne z Chin i oszcz\u0119dzaj<\/strong><\/p>\n<p>Nawet w dobie cyfryzacji fizyczne przedmioty promocyjne s\u0105 nadal odpowiednim narz\u0119dziem reklamowym, kt\u00f3re zawsze b\u0119dzie przypomina\u0107 odbiorcy o Twojej firmie. Dostawcy z Chin mog\u0105 teraz bez problemu dotrzyma\u0107 kroku niemieckim producentom materia\u0142\u00f3w reklamowych pod wzgl\u0119dem jako\u015bci &#8211; i to w zupe\u0142nie innych cenach. W Agentur Frisch od dawna wsp\u00f3\u0142pracujemy z doskona\u0142ymi producentami i osobi\u015bcie dbamy o to, aby nasze wysokie standardy zosta\u0142y spe\u0142nione.<\/p>\n<p>Mi\u0119dzy innymi mo\u017cna od nas otrzyma\u0107 nast\u0119puj\u0105ce artyku\u0142y promocyjne z Chin:<\/p>\n<ul>\n<li>Zapalniczki<\/li>\n<li>Balony<\/li>\n<li>Notatniki<\/li>\n<li>Koszulki<\/li>\n<li>Fili\u017canki<\/li>\n<li>Torby na notebooki<\/li>\n<li>Naklejka<\/li>\n<li>i wiele innych.<\/li>\n<\/ul>\n<p>&nbsp;<\/p>\n<p><strong>Indywidualne rozwi\u0105zania dla Twoich potrzeb<\/strong><\/p>\n<p>Agentur Frisch jest Twoim partnerem w ca\u0142ym procesie zakupu materia\u0142\u00f3w biurowych lub artyku\u0142\u00f3w promocyjnych z Chin. Od poszukiwania producenta, negocjacji cen i sporz\u0105dzania um\u00f3w, przez kontrol\u0119 jako\u015bci i ca\u0142\u0105 logistyk\u0119 wysy\u0142ki, a w ko\u0144cu nawet magazynowanie czy realizacj\u0119, oferujemy Pa\u0144stwu pe\u0142n\u0105 obs\u0142ug\u0119 wok\u00f3\u0142 importu z Chin. Jakie us\u0142ugi chcesz od nas otrzyma\u0107 oraz czy i co chcesz wzi\u0105\u0107 na siebie, wyja\u015bniamy podczas konsultacji. Mo\u017cesz zarezerwowa\u0107 u nas te us\u0142ugi w spos\u00f3b uczciwy i przejrzysty:<\/p>\n<ul>\n<li>Wyszukiwanie produkt\u00f3w\/producent\u00f3w<\/li>\n<li>Kontrola produkcji\/audyt\/inspekcje<\/li>\n<li>Zgodno\u015b\u0107\/Certyfikacje\/etykiety<\/li>\n<li>Logistyka transportu\/kontrola za\u0142adunku\/ odprawa celna<\/li>\n<li>Przechowywanie<\/li>\n<\/ul>\n<p>Po\u015bwi\u0119camy czas dla Ciebie i wsp\u00f3lnie ustalamy, jak wygl\u0105da Twoja idealna oferta w imporcie z Chin. Przywi\u0105zujemy du\u017c\u0105 wag\u0119 do osobistego i indywidualnego doradztwa i wyja\u015bniamy jak najwi\u0119cej z wyprzedzeniem, aby zakup materia\u0142\u00f3w biurowych z Chin przebieg\u0142 bezproblemowo i ku Pa\u0144stwa pe\u0142nemu zadowoleniu.<\/p>\n<p>Nasze powa\u017cne podej\u015bcie gwarantuje Pa\u0144stwu import z Chin, w kt\u00f3rym nic nie p\u00f3jdzie \u017ale oraz towar, kt\u00f3ry mog\u0105 Pa\u0144stwo bez zastrze\u017ce\u0144 dystrybuowa\u0107 lub u\u017cywa\u0107 na rynku niemieckim. Bezpiecze\u0144stwo pozyskiwanych produkt\u00f3w badamy we w\u0142asnych laboratoriach i sami mamy najwy\u017csze standardy jako\u015bci. Dzi\u0119ki temu oszcz\u0119dzamy koszty i k\u0142opoty i jeste\u015bmy jednym z najpopularniejszych importer\u00f3w z Chin na rynku niemieckim.<\/p>\n<p>&nbsp;<\/p>\n<p><strong>Jeste\u015bmy dumni z wielu zadowolonych sta\u0142ych klient\u00f3w i ogromnej ilo\u015bci transakcji, kt\u00f3re zosta\u0142y ju\u017c pozytywnie zako\u0144czone. M\u00f3w do nas!<\/strong><\/p>\n<p>&nbsp;<\/p>\n<p>[\/et_pb_text][\/et_pb_column][\/et_pb_row][\/et_pb_section][et_pb_section fb_built=&#8221;1&#8243; admin_label=&#8221;Testimonials&#8221; _builder_version=&#8221;4.16&#8243; use_background_color_gradient=&#8221;on&#8221; background_color_gradient_stops=&#8221;rgba(0,106,156,0.85) 0%|rgba(0,106,156,0.85) 100%&#8221; background_color_gradient_start=&#8221;rgba(0,106,156,0.85)&#8221; background_color_gradient_end=&#8221;rgba(0,106,156,0.85)&#8221; custom_padding=&#8221;90px||60px|&#8221; animation_style=&#8221;fold&#8221; animation_direction=&#8221;bottom&#8221; animation_intensity_fold=&#8221;4%&#8221; global_colors_info=&#8221;{}&#8221;][et_pb_row _builder_version=&#8221;4.16&#8243; background_size=&#8221;initial&#8221; background_position=&#8221;top_left&#8221; background_repeat=&#8221;repeat&#8221; custom_width_px=&#8221;710px&#8221; locked=&#8221;off&#8221; global_colors_info=&#8221;{}&#8221;][et_pb_column type=&#8221;4_4&#8243; _builder_version=&#8221;4.16&#8243; background_position=&#8221;top_left&#8221; custom_padding=&#8221;|||&#8221; global_colors_info=&#8221;{}&#8221; custom_padding__hover=&#8221;|||&#8221;][et_pb_text admin_label=&#8221;Testimonials Section Title&#8221; _builder_version=&#8221;4.16&#8243; header_font=&#8221;Montserrat||||&#8221; header_font_size=&#8221;36px&#8221; background_size=&#8221;initial&#8221; background_position=&#8221;top_left&#8221; background_repeat=&#8221;repeat&#8221; text_orientation=&#8221;center&#8221; background_layout=&#8221;dark&#8221; max_width=&#8221;710px&#8221; module_alignment=&#8221;center&#8221; animation_style=&#8221;fold&#8221; animation_direction=&#8221;bottom&#8221; animation_intensity_fold=&#8221;20%&#8221; global_colors_info=&#8221;{}&#8221;]<\/p>\n<h1>Ponad 5000 zadowolonych klient\u00f3w.<\/h1>\n<p>&nbsp;<\/p>\n<p>[\/et_pb_text][et_pb_divider color=&#8221;#ffffff&#8221; divider_weight=&#8221;3px&#8221; disabled_on=&#8221;off|off|off&#8221; _builder_version=&#8221;4.16&#8243; background_color_gradient_direction=&#8221;90deg&#8221; max_width=&#8221;100px&#8221; module_alignment=&#8221;center&#8221; height=&#8221;5px&#8221; custom_margin=&#8221;||20px|&#8221; custom_padding=&#8221;||20px|&#8221; animation_style=&#8221;slide&#8221; animation_direction=&#8221;bottom&#8221; saved_tabs=&#8221;all&#8221; locked=&#8221;off&#8221; global_colors_info=&#8221;{}&#8221;][\/et_pb_divider][\/et_pb_column][\/et_pb_row][et_pb_row column_structure=&#8221;1_2,1_2&#8243; _builder_version=&#8221;4.18.1&#8243; _module_preset=&#8221;default&#8221; global_colors_info=&#8221;{}&#8221;][et_pb_column type=&#8221;1_2&#8243; _builder_version=&#8221;4.18.1&#8243; _module_preset=&#8221;default&#8221; global_colors_info=&#8221;{}&#8221;][et_pb_testimonial author=&#8221;Marco&#8221; portrait_url=&#8221;https:\/\/ag-frisch.com\/wp-content\/uploads\/2021\/08\/Harald.png&#8221; quote_icon=&#8221;off&#8221; _builder_version=&#8221;4.18.1&#8243; _module_preset=&#8221;default&#8221; body_font_size=&#8221;16px&#8221; use_background_color=&#8221;off&#8221; background_layout=&#8221;dark&#8221; global_colors_info=&#8221;{}&#8221;]Zleci\u0142em agencji Frisch wyprodukowanie du\u017cego mebla w Chinach, a nast\u0119pnie sprowadzenie go do Niemiec. Przez ca\u0142y czas by\u0142a sprawna komunikacja mailowa! Bardzo szybkie i rzetelne odpowiedzi stale dodawa\u0142y mi otuchy, kt\u00f3ra jest niezb\u0119dna w takim przedsi\u0119wzi\u0119ciu. Przez ca\u0142y czas pomagano mi przebrn\u0105\u0107 przez biurokratyczny g\u0105szcz, nie zapomniano o \u017cadnym formularzu ani nie wype\u0142niono go b\u0142\u0119dnie. Bardzo godne pochwa\u0142y!<a href=\"&lt;div%20class=%22pe-richsnippets%22&gt;&nbsp;&lt;\/div&gt;%20&lt;script%20type=%22text\/javascript%22%20src=%22https:\/\/www.provenexpert.com\/widget\/richsnippet.js?u=1NUA0VwZ4RUZ5tmAi5zA4RaplNKAlWwZ&amp;v=2%22%20async&gt;&lt;\/script&gt;%20&lt;div%20style=%22text-align:%20justify;%22&gt;&lt;br%20\/&gt;\"><\/a><\/p>\n<div class=\"brow ratingBarMargin\">\n<div class=\"ratingBar\">\n<div class=\"brow\">\n<div class=\"pe-richsnippets\">&nbsp;<\/div>\n<p><script type=\"text\/javascript\" src=\"https:\/\/www.provenexpert.com\/widget\/richsnippet.js?u=1NUA0VwZ4RUZ5tmAi5zA4RaplNKAlWwZ&amp;v=2\" async=\"\"><\/script><\/p>\n<div style=\"text-align: justify;\"><\/p>\n<div class=\"col-lg-9 col-md-8 col-xs-10 mt20 mb20\">\n<div class=\"col-xs-12 surveyNameForRating\"><\/div>\n<\/div>\n<\/div>\n<\/div>\n<\/div>\n<\/div>\n<p>[\/et_pb_testimonial][\/et_pb_column][et_pb_column type=&#8221;1_2&#8243; _builder_version=&#8221;4.18.1&#8243; _module_preset=&#8221;default&#8221; global_colors_info=&#8221;{}&#8221;][et_pb_testimonial author=&#8221;Simone L.&#8221; portrait_url=&#8221;https:\/\/ag-frisch.com\/wp-content\/uploads\/2021\/08\/Harald.png&#8221; quote_icon=&#8221;off&#8221; _builder_version=&#8221;4.18.1&#8243; _module_preset=&#8221;default&#8221; body_font_size=&#8221;16px&#8221; use_background_color=&#8221;off&#8221; background_layout=&#8221;dark&#8221; global_colors_info=&#8221;{}&#8221;]<\/p>\n<p>Ca\u0142a g\u00f3ra. Nie ma nic lepszego ni\u017c to. Doradzanie i wdra\u017canie nie mo\u017ce by\u0107 zrobione lepiej. Jeste\u015bmy bardziej ni\u017c zadowoleni po kilku zam\u00f3wieniach z t\u0105 firm\u0105 i kontynuowa\u0107 nasz\u0105 wsp\u00f3\u0142prac\u0119.<\/p>\n<div class=\"brow ratingBarMargin\">\n<div class=\"ratingBar\">\n<div class=\"brow\">\n<div class=\"pe-richsnippets\"> <\/div>\n<p>\n<script type=\"text\/javascript\" src=\"https:\/\/www.provenexpert.com\/widget\/richsnippet.js?u=1NUA0VwZ4RUZ5tmAi5zA4RaplNKAlWwZ&amp;v=2\" async=\"\"><\/script>\n<\/p>\n<div style=\"text-align: justify;\">\n<p>&nbsp;<\/p>\n<div class=\"col-lg-9 col-md-8 col-xs-10 mt20 mb20\">\n<div class=\"col-xs-12 surveyNameForRating\"><\/div>\n<\/div>\n<\/div>\n<\/div>\n<\/div>\n<\/div>\n<p>[\/et_pb_testimonial][\/et_pb_column][\/et_pb_row][et_pb_row _builder_version=&#8221;4.16&#8243; background_size=&#8221;initial&#8221; background_position=&#8221;top_left&#8221; background_repeat=&#8221;repeat&#8221; custom_padding=&#8221;50px|0px|30px|0px&#8221; custom_css_main_element=&#8221;text-align: center;&#8221; global_colors_info=&#8221;{}&#8221;][et_pb_column type=&#8221;4_4&#8243; _builder_version=&#8221;4.16&#8243; custom_padding=&#8221;|||&#8221; global_colors_info=&#8221;{}&#8221; custom_padding__hover=&#8221;|||&#8221;][et_pb_button button_url=&#8221;https:\/\/www.provenexpert.com\/de-de\/agentur-frisch-international-consulting-gmbh-und-co-kg\/&#8221; button_text=&#8221;WI\u0118CEJ OCEN&#8221; button_alignment=&#8221;left&#8221; admin_label=&#8221;Testimonial Button&#8221; _builder_version=&#8221;4.16&#8243; custom_button=&#8221;on&#8221; button_text_size=&#8221;18px&#8221; button_text_color=&#8221;#ffffff&#8221; button_bg_color=&#8221;#6eba01&#8243; button_border_width=&#8221;2px&#8221; button_border_color=&#8221;#6eba01&#8243; button_border_radius=&#8221;0px&#8221; button_letter_spacing=&#8221;2px&#8221; button_font=&#8221;Montserrat|||on|&#8221; button_use_icon=&#8221;off&#8221; animation_style=&#8221;fold&#8221; animation_direction=&#8221;bottom&#8221; button_text_color_hover=&#8221;#ffffff&#8221; button_border_color_hover=&#8221;#ffffff&#8221; button_border_radius_hover=&#8221;0px&#8221; button_letter_spacing_hover=&#8221;2px&#8221; button_bg_color_hover=&#8221;rgba(255,255,255,0)&#8221; locked=&#8221;off&#8221; global_colors_info=&#8221;{}&#8221; button_text_size__hover_enabled=&#8221;off&#8221; button_one_text_size__hover_enabled=&#8221;off&#8221; button_two_text_size__hover_enabled=&#8221;off&#8221; button_text_color__hover_enabled=&#8221;on&#8221; button_text_color__hover=&#8221;#ffffff&#8221; button_one_text_color__hover_enabled=&#8221;off&#8221; button_two_text_color__hover_enabled=&#8221;off&#8221; button_border_width__hover_enabled=&#8221;off&#8221; button_one_border_width__hover_enabled=&#8221;off&#8221; button_two_border_width__hover_enabled=&#8221;off&#8221; button_border_color__hover_enabled=&#8221;on&#8221; button_border_color__hover=&#8221;#ffffff&#8221; button_one_border_color__hover_enabled=&#8221;off&#8221; button_two_border_color__hover_enabled=&#8221;off&#8221; button_border_radius__hover_enabled=&#8221;on&#8221; button_border_radius__hover=&#8221;0px&#8221; button_one_border_radius__hover_enabled=&#8221;off&#8221; button_two_border_radius__hover_enabled=&#8221;off&#8221; button_letter_spacing__hover_enabled=&#8221;on&#8221; button_letter_spacing__hover=&#8221;2px&#8221; button_one_letter_spacing__hover_enabled=&#8221;off&#8221; button_two_letter_spacing__hover_enabled=&#8221;off&#8221; button_bg_color__hover_enabled=&#8221;on&#8221; button_bg_color__hover=&#8221;rgba(255,255,255,0)&#8221; button_one_bg_color__hover_enabled=&#8221;off&#8221; button_two_bg_color__hover_enabled=&#8221;off&#8221;][\/et_pb_button][\/et_pb_column][\/et_pb_row][\/et_pb_section]<\/p>\n","protected":false},"excerpt":{"rendered":"<p>Z China Import Agency Frisch mo\u017cesz robi\u0107 interesy z Chinami jak profesjonali\u015bci.Przyw\u00f3z materia\u0142\u00f3w biurowych i materia\u0142\u00f3w reklamowych z Chin Materia\u0142y biurowe i materia\u0142y promocyjne z Chin Karteczki i d\u0142ugopisy Post-it, papier do drukarki i koperty &#8211; w Chinach mo\u017cna je dosta\u0107 taniej. Dlaczego jako niemiecki hurtownik lub detalista masz wci\u0105\u017c odk\u0142ada\u0107 za du\u017co pieni\u0119dzy nawet [&hellip;]<\/p>\n","protected":false},"author":2,"featured_media":0,"parent":0,"menu_order":0,"comment_status":"closed","ping_status":"closed","template":"","meta":{"_et_pb_use_builder":"on","_et_pb_old_content":"","_et_gb_content_width":"","footnotes":""},"class_list":["post-11121","page","type-page","status-publish","hentry"],"yoast_head":"<!-- This site is optimized with the Yoast SEO plugin v27.4 - https:\/\/yoast.com\/product\/yoast-seo-wordpress\/ -->\n<title>Materia\u0142y biurowe z Chin | Import materia\u0142\u00f3w reklamowych<\/title>\n<meta name=\"description\" content=\"Import materia\u0142\u00f3w biurowych z Chin \u25ba Wysokiej jako\u015bci materia\u0142y reklamowe i handlowe \u2714 Urz\u0105dzenia biurowe \u2714 Indywidualne rozwi\u0105zania \u25ba Uzyskaj porad\u0119 ju\u017c teraz!\" \/>\n<meta name=\"robots\" content=\"index, follow, max-snippet:-1, max-image-preview:large, max-video-preview:-1\" \/>\n<link rel=\"canonical\" href=\"https:\/\/ag-frisch.com\/pl\/materialy-biurowe-z-chin\/\" \/>\n<meta property=\"og:locale\" content=\"pl_PL\" \/>\n<meta property=\"og:type\" content=\"article\" \/>\n<meta property=\"og:title\" content=\"Materia\u0142y biurowe z Chin | Import materia\u0142\u00f3w reklamowych\" \/>\n<meta property=\"og:description\" content=\"Import materia\u0142\u00f3w biurowych z Chin \u25ba Wysokiej jako\u015bci materia\u0142y reklamowe i handlowe \u2714 Urz\u0105dzenia biurowe \u2714 Indywidualne rozwi\u0105zania \u25ba Uzyskaj porad\u0119 ju\u017c teraz!\" \/>\n<meta property=\"og:url\" content=\"https:\/\/ag-frisch.com\/pl\/materialy-biurowe-z-chin\/\" \/>\n<meta property=\"og:site_name\" content=\"China Import Beratung f\u00fcr den Einkauf aus China\" \/>\n<meta property=\"article:publisher\" content=\"https:\/\/www.facebook.com\/China.Import\" \/>\n<meta property=\"article:modified_time\" content=\"2023-01-27T04:27:34+00:00\" \/>\n<meta name=\"twitter:card\" content=\"summary_large_image\" \/>\n<meta name=\"twitter:site\" content=\"@agenturfrisch\" \/>\n<meta name=\"twitter:label1\" content=\"Szacowany czas czytania\" \/>\n\t<meta name=\"twitter:data1\" content=\"8 minut\" \/>\n<script type=\"application\/ld+json\" class=\"yoast-schema-graph\">{\"@context\":\"https:\\\/\\\/schema.org\",\"@graph\":[{\"@type\":\"WebPage\",\"@id\":\"https:\\\/\\\/ag-frisch.com\\\/pl\\\/materialy-biurowe-z-chin\\\/\",\"url\":\"https:\\\/\\\/ag-frisch.com\\\/pl\\\/materialy-biurowe-z-chin\\\/\",\"name\":\"Materia\u0142y biurowe z Chin | Import materia\u0142\u00f3w reklamowych\",\"isPartOf\":{\"@id\":\"https:\\\/\\\/ag-frisch.com\\\/de\\\/#website\"},\"datePublished\":\"2022-04-30T04:16:48+00:00\",\"dateModified\":\"2023-01-27T04:27:34+00:00\",\"description\":\"Import materia\u0142\u00f3w biurowych z Chin \u25ba Wysokiej jako\u015bci materia\u0142y reklamowe i handlowe \u2714 Urz\u0105dzenia biurowe \u2714 Indywidualne rozwi\u0105zania \u25ba Uzyskaj porad\u0119 ju\u017c teraz!\",\"breadcrumb\":{\"@id\":\"https:\\\/\\\/ag-frisch.com\\\/pl\\\/materialy-biurowe-z-chin\\\/#breadcrumb\"},\"inLanguage\":\"pl-PL\",\"potentialAction\":[{\"@type\":\"ReadAction\",\"target\":[\"https:\\\/\\\/ag-frisch.com\\\/pl\\\/materialy-biurowe-z-chin\\\/\"]}]},{\"@type\":\"BreadcrumbList\",\"@id\":\"https:\\\/\\\/ag-frisch.com\\\/pl\\\/materialy-biurowe-z-chin\\\/#breadcrumb\",\"itemListElement\":[{\"@type\":\"ListItem\",\"position\":1,\"name\":\"Startseite\",\"item\":\"https:\\\/\\\/ag-frisch.com\\\/de\\\/\"},{\"@type\":\"ListItem\",\"position\":2,\"name\":\"Materia\u0142y biurowe z Chin\"}]},{\"@type\":\"WebSite\",\"@id\":\"https:\\\/\\\/ag-frisch.com\\\/de\\\/#website\",\"url\":\"https:\\\/\\\/ag-frisch.com\\\/de\\\/\",\"name\":\"China Import Beratung f\u00fcr den Einkauf aus China\",\"description\":\"China Import &amp; Export Beratung - Der Dienstleister Ihres Vertrauens f\u00fcr Ihren China Import\",\"publisher\":{\"@id\":\"https:\\\/\\\/ag-frisch.com\\\/de\\\/#organization\"},\"potentialAction\":[{\"@type\":\"SearchAction\",\"target\":{\"@type\":\"EntryPoint\",\"urlTemplate\":\"https:\\\/\\\/ag-frisch.com\\\/de\\\/?s={search_term_string}\"},\"query-input\":{\"@type\":\"PropertyValueSpecification\",\"valueRequired\":true,\"valueName\":\"search_term_string\"}}],\"inLanguage\":\"pl-PL\"},{\"@type\":\"Organization\",\"@id\":\"https:\\\/\\\/ag-frisch.com\\\/de\\\/#organization\",\"name\":\"Agentur Frisch International Consulting GmbH & Co. KG\",\"url\":\"https:\\\/\\\/ag-frisch.com\\\/de\\\/\",\"logo\":{\"@type\":\"ImageObject\",\"inLanguage\":\"pl-PL\",\"@id\":\"https:\\\/\\\/ag-frisch.com\\\/de\\\/#\\\/schema\\\/logo\\\/image\\\/\",\"url\":\"https:\\\/\\\/ag-frisch.com\\\/wp-content\\\/uploads\\\/2021\\\/08\\\/ag_logo_rgb_300_small.png\",\"contentUrl\":\"https:\\\/\\\/ag-frisch.com\\\/wp-content\\\/uploads\\\/2021\\\/08\\\/ag_logo_rgb_300_small.png\",\"width\":153,\"height\":102,\"caption\":\"Agentur Frisch International Consulting GmbH & Co. KG\"},\"image\":{\"@id\":\"https:\\\/\\\/ag-frisch.com\\\/de\\\/#\\\/schema\\\/logo\\\/image\\\/\"},\"sameAs\":[\"https:\\\/\\\/www.facebook.com\\\/China.Import\",\"https:\\\/\\\/x.com\\\/agenturfrisch\"]}]}<\/script>\n<!-- \/ Yoast SEO plugin. -->","yoast_head_json":{"title":"Materia\u0142y biurowe z Chin | Import materia\u0142\u00f3w reklamowych","description":"Import materia\u0142\u00f3w biurowych z Chin \u25ba Wysokiej jako\u015bci materia\u0142y reklamowe i handlowe \u2714 Urz\u0105dzenia biurowe \u2714 Indywidualne rozwi\u0105zania \u25ba Uzyskaj porad\u0119 ju\u017c teraz!","robots":{"index":"index","follow":"follow","max-snippet":"max-snippet:-1","max-image-preview":"max-image-preview:large","max-video-preview":"max-video-preview:-1"},"canonical":"https:\/\/ag-frisch.com\/pl\/materialy-biurowe-z-chin\/","og_locale":"pl_PL","og_type":"article","og_title":"Materia\u0142y biurowe z Chin | Import materia\u0142\u00f3w reklamowych","og_description":"Import materia\u0142\u00f3w biurowych z Chin \u25ba Wysokiej jako\u015bci materia\u0142y reklamowe i handlowe \u2714 Urz\u0105dzenia biurowe \u2714 Indywidualne rozwi\u0105zania \u25ba Uzyskaj porad\u0119 ju\u017c teraz!","og_url":"https:\/\/ag-frisch.com\/pl\/materialy-biurowe-z-chin\/","og_site_name":"China Import Beratung f\u00fcr den Einkauf aus China","article_publisher":"https:\/\/www.facebook.com\/China.Import","article_modified_time":"2023-01-27T04:27:34+00:00","twitter_card":"summary_large_image","twitter_site":"@agenturfrisch","twitter_misc":{"Szacowany czas czytania":"8 minut"},"schema":{"@context":"https:\/\/schema.org","@graph":[{"@type":"WebPage","@id":"https:\/\/ag-frisch.com\/pl\/materialy-biurowe-z-chin\/","url":"https:\/\/ag-frisch.com\/pl\/materialy-biurowe-z-chin\/","name":"Materia\u0142y biurowe z Chin | Import materia\u0142\u00f3w reklamowych","isPartOf":{"@id":"https:\/\/ag-frisch.com\/de\/#website"},"datePublished":"2022-04-30T04:16:48+00:00","dateModified":"2023-01-27T04:27:34+00:00","description":"Import materia\u0142\u00f3w biurowych z Chin \u25ba Wysokiej jako\u015bci materia\u0142y reklamowe i handlowe \u2714 Urz\u0105dzenia biurowe \u2714 Indywidualne rozwi\u0105zania \u25ba Uzyskaj porad\u0119 ju\u017c teraz!","breadcrumb":{"@id":"https:\/\/ag-frisch.com\/pl\/materialy-biurowe-z-chin\/#breadcrumb"},"inLanguage":"pl-PL","potentialAction":[{"@type":"ReadAction","target":["https:\/\/ag-frisch.com\/pl\/materialy-biurowe-z-chin\/"]}]},{"@type":"BreadcrumbList","@id":"https:\/\/ag-frisch.com\/pl\/materialy-biurowe-z-chin\/#breadcrumb","itemListElement":[{"@type":"ListItem","position":1,"name":"Startseite","item":"https:\/\/ag-frisch.com\/de\/"},{"@type":"ListItem","position":2,"name":"Materia\u0142y biurowe z Chin"}]},{"@type":"WebSite","@id":"https:\/\/ag-frisch.com\/de\/#website","url":"https:\/\/ag-frisch.com\/de\/","name":"China Import Beratung f\u00fcr den Einkauf aus China","description":"China Import &amp; Export Beratung - Der Dienstleister Ihres Vertrauens f\u00fcr Ihren China Import","publisher":{"@id":"https:\/\/ag-frisch.com\/de\/#organization"},"potentialAction":[{"@type":"SearchAction","target":{"@type":"EntryPoint","urlTemplate":"https:\/\/ag-frisch.com\/de\/?s={search_term_string}"},"query-input":{"@type":"PropertyValueSpecification","valueRequired":true,"valueName":"search_term_string"}}],"inLanguage":"pl-PL"},{"@type":"Organization","@id":"https:\/\/ag-frisch.com\/de\/#organization","name":"Agentur Frisch International Consulting GmbH & Co. KG","url":"https:\/\/ag-frisch.com\/de\/","logo":{"@type":"ImageObject","inLanguage":"pl-PL","@id":"https:\/\/ag-frisch.com\/de\/#\/schema\/logo\/image\/","url":"https:\/\/ag-frisch.com\/wp-content\/uploads\/2021\/08\/ag_logo_rgb_300_small.png","contentUrl":"https:\/\/ag-frisch.com\/wp-content\/uploads\/2021\/08\/ag_logo_rgb_300_small.png","width":153,"height":102,"caption":"Agentur Frisch International Consulting GmbH & Co. KG"},"image":{"@id":"https:\/\/ag-frisch.com\/de\/#\/schema\/logo\/image\/"},"sameAs":["https:\/\/www.facebook.com\/China.Import","https:\/\/x.com\/agenturfrisch"]}]}},"_links":{"self":[{"href":"https:\/\/ag-frisch.com\/pl\/wp-json\/wp\/v2\/pages\/11121","targetHints":{"allow":["GET"]}}],"collection":[{"href":"https:\/\/ag-frisch.com\/pl\/wp-json\/wp\/v2\/pages"}],"about":[{"href":"https:\/\/ag-frisch.com\/pl\/wp-json\/wp\/v2\/types\/page"}],"author":[{"embeddable":true,"href":"https:\/\/ag-frisch.com\/pl\/wp-json\/wp\/v2\/users\/2"}],"replies":[{"embeddable":true,"href":"https:\/\/ag-frisch.com\/pl\/wp-json\/wp\/v2\/comments?post=11121"}],"version-history":[{"count":0,"href":"https:\/\/ag-frisch.com\/pl\/wp-json\/wp\/v2\/pages\/11121\/revisions"}],"wp:attachment":[{"href":"https:\/\/ag-frisch.com\/pl\/wp-json\/wp\/v2\/media?parent=11121"}],"curies":[{"name":"wp","href":"https:\/\/api.w.org\/{rel}","templated":true}]}}