{"id":11141,"date":"2022-04-28T14:02:02","date_gmt":"2022-04-28T12:02:02","guid":{"rendered":"https:\/\/ag-frisch.com\/samochody-i-motory\/"},"modified":"2023-01-27T05:27:32","modified_gmt":"2023-01-27T04:27:32","slug":"samochody-i-motory","status":"publish","type":"page","link":"https:\/\/ag-frisch.com\/pl\/samochody-i-motory\/","title":{"rendered":"Samochody i motory"},"content":{"rendered":"<p>[et_pb_section fb_built=&#8221;1&#8243; _builder_version=&#8221;4.16&#8243; _module_preset=&#8221;default&#8221; global_colors_info=&#8221;{}&#8221;][et_pb_row _builder_version=&#8221;4.18.1&#8243; _module_preset=&#8221;default&#8221; global_colors_info=&#8221;{}&#8221;][et_pb_column type=&#8221;4_4&#8243; _builder_version=&#8221;4.18.1&#8243; _module_preset=&#8221;default&#8221; global_colors_info=&#8221;{}&#8221;][et_pb_cta title=&#8221;Import cz\u0119\u015bci samochodowych, e-bik\u00f3w i rower\u00f3w z Chin&#8221; button_url=&#8221;https:\/\/ag-frisch.com\/pl\/kontakt\/&#8221; button_text=&#8221;Zatrudnij profesjonalist\u00f3w ju\u017c teraz&#8221; _builder_version=&#8221;4.18.1&#8243; _module_preset=&#8221;default&#8221; global_colors_info=&#8221;{}&#8221;]<\/p>\n<p>Wspieramy Pa\u0144stwa w zakupie cz\u0119\u015bci samochodowych, e-rower\u00f3w i rower\u00f3w od wst\u0119pnego zapytania, wyszukiwania dostawc\u00f3w w Chinach, zam\u00f3wie\u0144 pr\u00f3bek, projektowania um\u00f3w, procedur zgodno\u015bci, zapewnienia jako\u015bci w Chinach do logistyki i dostawy.  <\/p>\n<p>[\/et_pb_cta][\/et_pb_column][\/et_pb_row][et_pb_row _builder_version=&#8221;4.16&#8243; _module_preset=&#8221;default&#8221; global_colors_info=&#8221;{}&#8221;][et_pb_column type=&#8221;4_4&#8243; _builder_version=&#8221;4.16&#8243; _module_preset=&#8221;default&#8221; global_colors_info=&#8221;{}&#8221;][et_pb_text _builder_version=&#8221;4.18.1&#8243; _module_preset=&#8221;default&#8221; custom_padding=&#8221;0px||1px|||&#8221; hover_enabled=&#8221;0&#8243; global_colors_info=&#8221;{}&#8221; sticky_enabled=&#8221;0&#8243;]<\/p>\n<h1>Import pojazd\u00f3w z Chin: Tw\u00f3j profesjonalista w imporcie samochod\u00f3w i cz\u0119\u015bci samochodowych<br \/>\n<\/h1>\n<p>Agencja Frisch oferuje Pa\u0144stwu produkty w szerokiej gamie rozmiar\u00f3w, od c\u0105\u017ck\u00f3w do paznokci po maszyny przemys\u0142owe &#8211; samochody, cz\u0119\u015bci samochodowe i wszystko co zwi\u0105zane z pojazdami dwuko\u0142owymi r\u00f3wnie\u017c s\u0105 u nas dost\u0119pne. Mo\u017cemy skontaktowa\u0107 Ci\u0119 z firmami w Chinach, kt\u00f3re produkuj\u0105 dok\u0142adnie wed\u0142ug Twojej specyfikacji. Wsp\u00f3lnie z Pa\u0144stwem analizujemy potrzeby i ustalamy optymalne po\u0142\u0105czenie z w\u0142a\u015bciwym producentem, aby kupi\u0107 cz\u0119\u015bci samochodowe i nie tylko z Chin. Agencja Frisch oferuje Pa\u0144stwu w Chinach import:<\/p>\n<ul>\n<li>Samochody i cz\u0119\u015bci samochodowe<\/li>\n<li>Pojazdy dwuko\u0142owe, quady i akcesoria<\/li>\n<li>E-rowery i rowery<\/li>\n<li>i wiele innych.<\/li>\n<\/ul>\n<p>&nbsp;<\/p>\n<p><strong>Od felg po przyczepy kempingowe: samochody i cz\u0119\u015bci samochodowe z Chin<\/strong><\/p>\n<p>Zakres produkt\u00f3w motoryzacyjnych, w kt\u00f3rych po\u015bredniczymy jest ogromny, pocz\u0105wszy od najmniejszych cz\u0119\u015bci i podzespo\u0142\u00f3w samochodowych, poprzez produkty tuningowe, materia\u0142y naprawcze i cz\u0119\u015bci zamienne, a nawet ca\u0142e floty samochod\u00f3w r\u00f3\u017cnej wielko\u015bci. Czy to pojazd u\u017cytkowy, czy limuzyna, van czy ma\u0142y samoch\u00f3d &#8211; Agentur Frisch znajdzie dla Ciebie r\u00f3wnie\u017c producenta z Chin, z kt\u00f3rym b\u0119dziesz m\u00f3g\u0142 zrobi\u0107 najlepszy interes.<\/p>\n<p>&nbsp;<\/p>\n<p><strong>Importuj motocykle, quady i artyku\u0142y motorsportowe z Chin<\/strong><\/p>\n<p>Oferujemy nie tylko samochody i akcesoria, ale tak\u017ce motocykle, quady i wszystko co zwi\u0105zane z dwoma k\u00f3\u0142kami i ich krewnymi. Ponadto z Chin mo\u017cna sprowadzi\u0107 odzie\u017c motocyklow\u0105, a tak\u017ce cz\u0119\u015bci naprawcze i zamienne oraz wszelkiego rodzaju akcesoria.<\/p>\n<p>&nbsp;<\/p>\n<p><strong>Nowoczesne e-rowery i tanie rowery od producenta  <\/strong><\/p>\n<p>Niemcy s\u0105 gigantycznym rynkiem zbytu dla e-rower\u00f3w z Chin, kt\u00f3re s\u0105 nawet dotowane przez pa\u0144stwo. Znaczenie e-rower\u00f3w b\u0119dzie w przysz\u0142o\u015bci ros\u0142o dzi\u0119ki zwrotowi ruchu. Oferujemy Pa\u0144stwu producent\u00f3w, kt\u00f3rzy sprzedaj\u0105 bezkonkurencyjnie tanie i jednocze\u015bnie wysokiej jako\u015bci e-bike&#8217;i bezpo\u015brednio z Chin. Mo\u017cesz r\u00f3wnie\u017c kupi\u0107 rowery i akcesoria rowerowe z Chin w niskich cenach od naszych partner\u00f3w biznesowych.<\/p>\n<p>&nbsp;<\/p>\n<p><strong>Kupno samochodu to kwestia zaufania &#8211; tak\u017ce w przypadku importu z Chin<\/strong><\/p>\n<p>Chcesz mie\u0107 pewno\u015b\u0107, \u017ce sprzedajesz swoim klientom tylko absolutnie nieskazitelne samochody i dwuko\u0142owce z Chin importu? To jest zrozumia\u0142e. Stawk\u0105 s\u0105 kosztowne roszczenia odszkodowawcze, a nawet ludzkie \u017cycie. Naszymi partnerami biznesowymi w Chinach s\u0105 wy\u0142\u0105cznie firmy, kt\u00f3re mog\u0105 by\u0107 audytowane zgodnie z norm\u0105 IATF 16949. Na \u017cyczenie mo\u017cemy sami przej\u0105\u0107 zapewnienie jako\u015bci przed, w trakcie i po produkcji. Oferujemy Ci dok\u0142adnie takie bezpiecze\u0144stwo, jakiego zdecydowanie potrzebujesz kupuj\u0105c cz\u0119\u015bci samochodowe, motocykle, e-bike&#8217;i i rowery z Chin &#8211; w wyobra\u017calnie niskich cenach.<\/p>\n<p>&nbsp;<\/p>\n<p><strong>Wi\u0119cej bezpiecze\u0144stwa: Serwis Agencji Frisch<\/strong><\/p>\n<p>Nasze wewn\u0119trzne filie inspekt4u oraz laboratorium badawcze BEIDE dbaj\u0105 o to, aby produkty i komponenty bez problemu wchodzi\u0142y na rynek niemiecki i spe\u0142nia\u0142y najwy\u017csze obowi\u0105zuj\u0105ce normy bezpiecze\u0144stwa. Na \u017cyczenie mog\u0105 Pa\u0144stwo oczekiwa\u0107 od nas nast\u0119puj\u0105cych us\u0142ug:<\/p>\n<ul>\n<li>Wizyta kontrolna przed produkcj\u0105 w Chinach, w razie potrzeby z audytem spo\u0142ecznym (wraz z certyfikatem)<\/li>\n<li>Wst\u0119pna kontrola pr\u00f3bek FAI w Chinach<\/li>\n<li>Testy DPI podczas produkcji w Chinach<\/li>\n<li>PM Monitoring produkcji w Chinach<\/li>\n<li>DSS Sortowanie wadliwych towar\u00f3w w Chinach<\/li>\n<li>Certyfikat Zgodno\u015b\u0107 z uznanymi mi\u0119dzynarodowymi warunkami pracy<\/li>\n<li>Monitorowanie CLS przy za\u0142adunku w Chinach<\/li>\n<li>Testy wed\u0142ug norm DIN (dla cz\u0119\u015bci samochodowych np. <span>IATF 16949, dla fotelik\u00f3w dzieci\u0119cych np. ECE R44)<\/span><\/li>\n<li>Badania laboratoryjne takie jak RoHS i\/lub REACH<\/li>\n<li>Zapewnienie wytycznych CE, np. dla cz\u0119\u015bci elektronicznych.  <\/li>\n<\/ul>\n<p>Zapewniamy, \u017ce nie do\u015bwiadcz\u0105 Pa\u0144stwo \u017cadnych przykrych niespodzianek zwi\u0105zanych z importem do Chin z Agencji Frisch. Produkty, kt\u00f3re aran\u017cujemy, s\u0105 wysokiej jako\u015bci i daj\u0105 Ci pewno\u015b\u0107, \u017ce nie b\u0119dziesz mia\u0142 problem\u00f3w z odpraw\u0105 celn\u0105 ani ze spe\u0142nieniem niemieckich czy europejskich norm. Zajmujemy si\u0119 r\u00f3wnie\u017c dla Pa\u0144stwa logistyk\u0105 magazynowania i transportu.<\/p>\n<p>&nbsp;<\/p>\n<p><strong>Samochody, motocykle, e-bike i rowery z Chin &#8211; najwy\u017csza jako\u015b\u0107 w niskiej cenie!<\/strong><\/p>\n<p>Czy to samoch\u00f3d, czy motocykl, rower czy akcesoria z Chin, Agencja Frisch jest Pa\u0144stwa najlepszym partnerem do zakupu bezpo\u015brednio od producenta. Skontaktuj si\u0119 z nami, razem znajdziemy dla Ciebie najlepsz\u0105 ofert\u0119 &#8211; i zrealizujemy j\u0105 kompetentnie.<\/p>\n<p>[\/et_pb_text][\/et_pb_column][\/et_pb_row][\/et_pb_section][et_pb_section fb_built=&#8221;1&#8243; admin_label=&#8221;Testimonials&#8221; _builder_version=&#8221;4.16&#8243; use_background_color_gradient=&#8221;on&#8221; background_color_gradient_stops=&#8221;rgba(0,106,156,0.85) 0%|rgba(0,106,156,0.85) 100%&#8221; background_color_gradient_start=&#8221;rgba(0,106,156,0.85)&#8221; background_color_gradient_end=&#8221;rgba(0,106,156,0.85)&#8221; custom_padding=&#8221;90px||60px|&#8221; animation_style=&#8221;fold&#8221; animation_direction=&#8221;bottom&#8221; animation_intensity_fold=&#8221;4%&#8221; global_colors_info=&#8221;{}&#8221;][et_pb_row _builder_version=&#8221;4.16&#8243; background_size=&#8221;initial&#8221; background_position=&#8221;top_left&#8221; background_repeat=&#8221;repeat&#8221; custom_width_px=&#8221;710px&#8221; locked=&#8221;off&#8221; global_colors_info=&#8221;{}&#8221;][et_pb_column type=&#8221;4_4&#8243; _builder_version=&#8221;4.16&#8243; background_position=&#8221;top_left&#8221; custom_padding=&#8221;|||&#8221; global_colors_info=&#8221;{}&#8221; custom_padding__hover=&#8221;|||&#8221;][et_pb_text admin_label=&#8221;Testimonials Section Title&#8221; _builder_version=&#8221;4.16&#8243; header_font=&#8221;Montserrat||||&#8221; header_font_size=&#8221;36px&#8221; background_size=&#8221;initial&#8221; background_position=&#8221;top_left&#8221; background_repeat=&#8221;repeat&#8221; text_orientation=&#8221;center&#8221; background_layout=&#8221;dark&#8221; max_width=&#8221;710px&#8221; module_alignment=&#8221;center&#8221; animation_style=&#8221;fold&#8221; animation_direction=&#8221;bottom&#8221; animation_intensity_fold=&#8221;20%&#8221; global_colors_info=&#8221;{}&#8221;]<\/p>\n<h1>Ponad 5000 zadowolonych klient\u00f3w.<\/h1>\n<p>&nbsp;<\/p>\n<p>[\/et_pb_text][et_pb_divider color=&#8221;#ffffff&#8221; divider_weight=&#8221;3px&#8221; disabled_on=&#8221;off|off|off&#8221; _builder_version=&#8221;4.16&#8243; background_color_gradient_direction=&#8221;90deg&#8221; max_width=&#8221;100px&#8221; module_alignment=&#8221;center&#8221; height=&#8221;5px&#8221; custom_margin=&#8221;||20px|&#8221; custom_padding=&#8221;||20px|&#8221; animation_style=&#8221;slide&#8221; animation_direction=&#8221;bottom&#8221; saved_tabs=&#8221;all&#8221; locked=&#8221;off&#8221; global_colors_info=&#8221;{}&#8221;][\/et_pb_divider][\/et_pb_column][\/et_pb_row][et_pb_row column_structure=&#8221;1_2,1_2&#8243; _builder_version=&#8221;4.18.1&#8243; _module_preset=&#8221;default&#8221; global_colors_info=&#8221;{}&#8221;][et_pb_column type=&#8221;1_2&#8243; _builder_version=&#8221;4.18.1&#8243; _module_preset=&#8221;default&#8221; global_colors_info=&#8221;{}&#8221;][et_pb_testimonial author=&#8221;Marco&#8221; portrait_url=&#8221;https:\/\/ag-frisch.com\/wp-content\/uploads\/2021\/08\/Harald.png&#8221; quote_icon=&#8221;off&#8221; _builder_version=&#8221;4.18.1&#8243; _module_preset=&#8221;default&#8221; body_font_size=&#8221;16px&#8221; use_background_color=&#8221;off&#8221; background_layout=&#8221;dark&#8221; global_colors_info=&#8221;{}&#8221;]Zleci\u0142em agencji Frisch wyprodukowanie du\u017cego mebla w Chinach, a nast\u0119pnie sprowadzenie go do Niemiec. Przez ca\u0142y czas by\u0142a sprawna komunikacja mailowa! Bardzo szybkie i rzetelne odpowiedzi stale dodawa\u0142y mi otuchy, kt\u00f3ra jest niezb\u0119dna w takim przedsi\u0119wzi\u0119ciu. Przez ca\u0142y czas pomagano mi przebrn\u0105\u0107 przez biurokratyczny g\u0105szcz, nie zapomniano o \u017cadnym formularzu ani nie wype\u0142niono go b\u0142\u0119dnie. Bardzo godne pochwa\u0142y!<a href=\"&lt;div%20class=%22pe-richsnippets%22&gt;&nbsp;&lt;\/div&gt;%20&lt;script%20type=%22text\/javascript%22%20src=%22https:\/\/www.provenexpert.com\/widget\/richsnippet.js?u=1NUA0VwZ4RUZ5tmAi5zA4RaplNKAlWwZ&amp;v=2%22%20async&gt;&lt;\/script&gt;%20&lt;div%20style=%22text-align:%20justify;%22&gt;&lt;br%20\/&gt;\"><\/a><\/p>\n<div class=\"brow ratingBarMargin\">\n<div class=\"ratingBar\">\n<div class=\"brow\">\n<div class=\"pe-richsnippets\">&nbsp;<\/div>\n<p><script type=\"text\/javascript\" src=\"https:\/\/www.provenexpert.com\/widget\/richsnippet.js?u=1NUA0VwZ4RUZ5tmAi5zA4RaplNKAlWwZ&amp;v=2\" async=\"\"><\/script><\/p>\n<div style=\"text-align: justify;\"><\/p>\n<div class=\"col-lg-9 col-md-8 col-xs-10 mt20 mb20\">\n<div class=\"col-xs-12 surveyNameForRating\"><\/div>\n<\/div>\n<\/div>\n<\/div>\n<\/div>\n<\/div>\n<p>[\/et_pb_testimonial][\/et_pb_column][et_pb_column type=&#8221;1_2&#8243; _builder_version=&#8221;4.18.1&#8243; _module_preset=&#8221;default&#8221; global_colors_info=&#8221;{}&#8221;][et_pb_testimonial author=&#8221;Simone L.&#8221; portrait_url=&#8221;https:\/\/ag-frisch.com\/wp-content\/uploads\/2021\/08\/Harald.png&#8221; quote_icon=&#8221;off&#8221; _builder_version=&#8221;4.18.1&#8243; _module_preset=&#8221;default&#8221; body_font_size=&#8221;16px&#8221; use_background_color=&#8221;off&#8221; background_layout=&#8221;dark&#8221; global_colors_info=&#8221;{}&#8221;]<\/p>\n<p>Ca\u0142a g\u00f3ra. Nie ma nic lepszego ni\u017c to. Doradzanie i wdra\u017canie nie mo\u017ce by\u0107 zrobione lepiej. Jeste\u015bmy bardziej ni\u017c zadowoleni po kilku zam\u00f3wieniach z t\u0105 firm\u0105 i kontynuowa\u0107 nasz\u0105 wsp\u00f3\u0142prac\u0119.<\/p>\n<div class=\"brow ratingBarMargin\">\n<div class=\"ratingBar\">\n<div class=\"brow\">\n<div class=\"pe-richsnippets\"> <\/div>\n<p>\n<script type=\"text\/javascript\" src=\"https:\/\/www.provenexpert.com\/widget\/richsnippet.js?u=1NUA0VwZ4RUZ5tmAi5zA4RaplNKAlWwZ&amp;v=2\" async=\"\"><\/script>\n<\/p>\n<div style=\"text-align: justify;\">\n<p>&nbsp;<\/p>\n<div class=\"col-lg-9 col-md-8 col-xs-10 mt20 mb20\">\n<div class=\"col-xs-12 surveyNameForRating\"><\/div>\n<\/div>\n<\/div>\n<\/div>\n<\/div>\n<\/div>\n<p>[\/et_pb_testimonial][\/et_pb_column][\/et_pb_row][et_pb_row _builder_version=&#8221;4.16&#8243; background_size=&#8221;initial&#8221; background_position=&#8221;top_left&#8221; background_repeat=&#8221;repeat&#8221; custom_padding=&#8221;50px|0px|30px|0px&#8221; custom_css_main_element=&#8221;text-align: center;&#8221; global_colors_info=&#8221;{}&#8221;][et_pb_column type=&#8221;4_4&#8243; _builder_version=&#8221;4.16&#8243; custom_padding=&#8221;|||&#8221; global_colors_info=&#8221;{}&#8221; custom_padding__hover=&#8221;|||&#8221;][et_pb_button button_url=&#8221;https:\/\/www.provenexpert.com\/de-de\/agentur-frisch-international-consulting-gmbh-und-co-kg\/&#8221; button_text=&#8221;WI\u0118CEJ OCEN&#8221; button_alignment=&#8221;left&#8221; admin_label=&#8221;Testimonial Button&#8221; _builder_version=&#8221;4.16&#8243; custom_button=&#8221;on&#8221; button_text_size=&#8221;18px&#8221; button_text_color=&#8221;#ffffff&#8221; button_bg_color=&#8221;#6eba01&#8243; button_border_width=&#8221;2px&#8221; button_border_color=&#8221;#6eba01&#8243; button_border_radius=&#8221;0px&#8221; button_letter_spacing=&#8221;2px&#8221; button_font=&#8221;Montserrat|||on|&#8221; button_use_icon=&#8221;off&#8221; animation_style=&#8221;fold&#8221; animation_direction=&#8221;bottom&#8221; button_text_color_hover=&#8221;#ffffff&#8221; button_border_color_hover=&#8221;#ffffff&#8221; button_border_radius_hover=&#8221;0px&#8221; button_letter_spacing_hover=&#8221;2px&#8221; button_bg_color_hover=&#8221;rgba(255,255,255,0)&#8221; locked=&#8221;off&#8221; global_colors_info=&#8221;{}&#8221; button_text_size__hover_enabled=&#8221;off&#8221; button_one_text_size__hover_enabled=&#8221;off&#8221; button_two_text_size__hover_enabled=&#8221;off&#8221; button_text_color__hover_enabled=&#8221;on&#8221; button_text_color__hover=&#8221;#ffffff&#8221; button_one_text_color__hover_enabled=&#8221;off&#8221; button_two_text_color__hover_enabled=&#8221;off&#8221; button_border_width__hover_enabled=&#8221;off&#8221; button_one_border_width__hover_enabled=&#8221;off&#8221; button_two_border_width__hover_enabled=&#8221;off&#8221; button_border_color__hover_enabled=&#8221;on&#8221; button_border_color__hover=&#8221;#ffffff&#8221; button_one_border_color__hover_enabled=&#8221;off&#8221; button_two_border_color__hover_enabled=&#8221;off&#8221; button_border_radius__hover_enabled=&#8221;on&#8221; button_border_radius__hover=&#8221;0px&#8221; button_one_border_radius__hover_enabled=&#8221;off&#8221; button_two_border_radius__hover_enabled=&#8221;off&#8221; button_letter_spacing__hover_enabled=&#8221;on&#8221; button_letter_spacing__hover=&#8221;2px&#8221; button_one_letter_spacing__hover_enabled=&#8221;off&#8221; button_two_letter_spacing__hover_enabled=&#8221;off&#8221; button_bg_color__hover_enabled=&#8221;on&#8221; button_bg_color__hover=&#8221;rgba(255,255,255,0)&#8221; button_one_bg_color__hover_enabled=&#8221;off&#8221; button_two_bg_color__hover_enabled=&#8221;off&#8221;][\/et_pb_button][\/et_pb_column][\/et_pb_row][\/et_pb_section]<\/p>\n","protected":false},"excerpt":{"rendered":"<p>Wspieramy Pa\u0144stwa w zakupie cz\u0119\u015bci samochodowych, e-rower\u00f3w i rower\u00f3w od wst\u0119pnego zapytania, wyszukiwania dostawc\u00f3w w Chinach, zam\u00f3wie\u0144 pr\u00f3bek, projektowania um\u00f3w, procedur zgodno\u015bci, zapewnienia jako\u015bci w Chinach do logistyki i dostawy. Import pojazd\u00f3w z Chin: Tw\u00f3j profesjonalista w imporcie samochod\u00f3w i cz\u0119\u015bci samochodowych Agencja Frisch oferuje Pa\u0144stwu produkty w szerokiej gamie rozmiar\u00f3w, od c\u0105\u017ck\u00f3w do paznokci [&hellip;]<\/p>\n","protected":false},"author":2,"featured_media":0,"parent":0,"menu_order":0,"comment_status":"closed","ping_status":"closed","template":"","meta":{"_et_pb_use_builder":"on","_et_pb_old_content":"","_et_gb_content_width":"","footnotes":""},"class_list":["post-11141","page","type-page","status-publish","hentry"],"yoast_head":"<!-- This site is optimized with the Yoast SEO plugin v27.4 - https:\/\/yoast.com\/product\/yoast-seo-wordpress\/ -->\n<title>Car Parts Import-Profi | Import samochod\u00f3w i motocykli z Chin<\/title>\n<meta name=\"description\" content=\"Import samochod\u00f3w i motocykli z Chin \u25ba Od felg po przyczepy kempingowe - pomagamy w imporcie pojazd\u00f3w \u25ba Uzyskaj porad\u0119 ju\u017c teraz!\" \/>\n<meta name=\"robots\" content=\"index, follow, max-snippet:-1, max-image-preview:large, max-video-preview:-1\" \/>\n<link rel=\"canonical\" href=\"https:\/\/ag-frisch.com\/pl\/samochody-i-motory\/\" \/>\n<meta property=\"og:locale\" content=\"pl_PL\" \/>\n<meta property=\"og:type\" content=\"article\" \/>\n<meta property=\"og:title\" content=\"Car Parts Import-Profi | Import samochod\u00f3w i motocykli z Chin\" \/>\n<meta property=\"og:description\" content=\"Import samochod\u00f3w i motocykli z Chin \u25ba Od felg po przyczepy kempingowe - pomagamy w imporcie pojazd\u00f3w \u25ba Uzyskaj porad\u0119 ju\u017c teraz!\" \/>\n<meta property=\"og:url\" content=\"https:\/\/ag-frisch.com\/pl\/samochody-i-motory\/\" \/>\n<meta property=\"og:site_name\" content=\"China Import Beratung f\u00fcr den Einkauf aus China\" \/>\n<meta property=\"article:publisher\" content=\"https:\/\/www.facebook.com\/China.Import\" \/>\n<meta property=\"article:modified_time\" content=\"2023-01-27T04:27:32+00:00\" \/>\n<meta name=\"twitter:card\" content=\"summary_large_image\" \/>\n<meta name=\"twitter:site\" content=\"@agenturfrisch\" \/>\n<meta name=\"twitter:label1\" content=\"Szacowany czas czytania\" \/>\n\t<meta name=\"twitter:data1\" content=\"8 minut\" \/>\n<script type=\"application\/ld+json\" class=\"yoast-schema-graph\">{\"@context\":\"https:\\\/\\\/schema.org\",\"@graph\":[{\"@type\":\"WebPage\",\"@id\":\"https:\\\/\\\/ag-frisch.com\\\/pl\\\/samochody-i-motory\\\/\",\"url\":\"https:\\\/\\\/ag-frisch.com\\\/pl\\\/samochody-i-motory\\\/\",\"name\":\"Car Parts Import-Profi | Import samochod\u00f3w i motocykli z Chin\",\"isPartOf\":{\"@id\":\"https:\\\/\\\/ag-frisch.com\\\/de\\\/#website\"},\"datePublished\":\"2022-04-28T12:02:02+00:00\",\"dateModified\":\"2023-01-27T04:27:32+00:00\",\"description\":\"Import samochod\u00f3w i motocykli z Chin \u25ba Od felg po przyczepy kempingowe - pomagamy w imporcie pojazd\u00f3w \u25ba Uzyskaj porad\u0119 ju\u017c teraz!\",\"breadcrumb\":{\"@id\":\"https:\\\/\\\/ag-frisch.com\\\/pl\\\/samochody-i-motory\\\/#breadcrumb\"},\"inLanguage\":\"pl-PL\",\"potentialAction\":[{\"@type\":\"ReadAction\",\"target\":[\"https:\\\/\\\/ag-frisch.com\\\/pl\\\/samochody-i-motory\\\/\"]}]},{\"@type\":\"BreadcrumbList\",\"@id\":\"https:\\\/\\\/ag-frisch.com\\\/pl\\\/samochody-i-motory\\\/#breadcrumb\",\"itemListElement\":[{\"@type\":\"ListItem\",\"position\":1,\"name\":\"Startseite\",\"item\":\"https:\\\/\\\/ag-frisch.com\\\/de\\\/\"},{\"@type\":\"ListItem\",\"position\":2,\"name\":\"Samochody i motory\"}]},{\"@type\":\"WebSite\",\"@id\":\"https:\\\/\\\/ag-frisch.com\\\/de\\\/#website\",\"url\":\"https:\\\/\\\/ag-frisch.com\\\/de\\\/\",\"name\":\"China Import Beratung f\u00fcr den Einkauf aus China\",\"description\":\"China Import &amp; Export Beratung - Der Dienstleister Ihres Vertrauens f\u00fcr Ihren China Import\",\"publisher\":{\"@id\":\"https:\\\/\\\/ag-frisch.com\\\/de\\\/#organization\"},\"potentialAction\":[{\"@type\":\"SearchAction\",\"target\":{\"@type\":\"EntryPoint\",\"urlTemplate\":\"https:\\\/\\\/ag-frisch.com\\\/de\\\/?s={search_term_string}\"},\"query-input\":{\"@type\":\"PropertyValueSpecification\",\"valueRequired\":true,\"valueName\":\"search_term_string\"}}],\"inLanguage\":\"pl-PL\"},{\"@type\":\"Organization\",\"@id\":\"https:\\\/\\\/ag-frisch.com\\\/de\\\/#organization\",\"name\":\"Agentur Frisch International Consulting GmbH & Co. KG\",\"url\":\"https:\\\/\\\/ag-frisch.com\\\/de\\\/\",\"logo\":{\"@type\":\"ImageObject\",\"inLanguage\":\"pl-PL\",\"@id\":\"https:\\\/\\\/ag-frisch.com\\\/de\\\/#\\\/schema\\\/logo\\\/image\\\/\",\"url\":\"https:\\\/\\\/ag-frisch.com\\\/wp-content\\\/uploads\\\/2021\\\/08\\\/ag_logo_rgb_300_small.png\",\"contentUrl\":\"https:\\\/\\\/ag-frisch.com\\\/wp-content\\\/uploads\\\/2021\\\/08\\\/ag_logo_rgb_300_small.png\",\"width\":153,\"height\":102,\"caption\":\"Agentur Frisch International Consulting GmbH & Co. KG\"},\"image\":{\"@id\":\"https:\\\/\\\/ag-frisch.com\\\/de\\\/#\\\/schema\\\/logo\\\/image\\\/\"},\"sameAs\":[\"https:\\\/\\\/www.facebook.com\\\/China.Import\",\"https:\\\/\\\/x.com\\\/agenturfrisch\"]}]}<\/script>\n<!-- \/ Yoast SEO plugin. -->","yoast_head_json":{"title":"Car Parts Import-Profi | Import samochod\u00f3w i motocykli z Chin","description":"Import samochod\u00f3w i motocykli z Chin \u25ba Od felg po przyczepy kempingowe - pomagamy w imporcie pojazd\u00f3w \u25ba Uzyskaj porad\u0119 ju\u017c teraz!","robots":{"index":"index","follow":"follow","max-snippet":"max-snippet:-1","max-image-preview":"max-image-preview:large","max-video-preview":"max-video-preview:-1"},"canonical":"https:\/\/ag-frisch.com\/pl\/samochody-i-motory\/","og_locale":"pl_PL","og_type":"article","og_title":"Car Parts Import-Profi | Import samochod\u00f3w i motocykli z Chin","og_description":"Import samochod\u00f3w i motocykli z Chin \u25ba Od felg po przyczepy kempingowe - pomagamy w imporcie pojazd\u00f3w \u25ba Uzyskaj porad\u0119 ju\u017c teraz!","og_url":"https:\/\/ag-frisch.com\/pl\/samochody-i-motory\/","og_site_name":"China Import Beratung f\u00fcr den Einkauf aus China","article_publisher":"https:\/\/www.facebook.com\/China.Import","article_modified_time":"2023-01-27T04:27:32+00:00","twitter_card":"summary_large_image","twitter_site":"@agenturfrisch","twitter_misc":{"Szacowany czas czytania":"8 minut"},"schema":{"@context":"https:\/\/schema.org","@graph":[{"@type":"WebPage","@id":"https:\/\/ag-frisch.com\/pl\/samochody-i-motory\/","url":"https:\/\/ag-frisch.com\/pl\/samochody-i-motory\/","name":"Car Parts Import-Profi | Import samochod\u00f3w i motocykli z Chin","isPartOf":{"@id":"https:\/\/ag-frisch.com\/de\/#website"},"datePublished":"2022-04-28T12:02:02+00:00","dateModified":"2023-01-27T04:27:32+00:00","description":"Import samochod\u00f3w i motocykli z Chin \u25ba Od felg po przyczepy kempingowe - pomagamy w imporcie pojazd\u00f3w \u25ba Uzyskaj porad\u0119 ju\u017c teraz!","breadcrumb":{"@id":"https:\/\/ag-frisch.com\/pl\/samochody-i-motory\/#breadcrumb"},"inLanguage":"pl-PL","potentialAction":[{"@type":"ReadAction","target":["https:\/\/ag-frisch.com\/pl\/samochody-i-motory\/"]}]},{"@type":"BreadcrumbList","@id":"https:\/\/ag-frisch.com\/pl\/samochody-i-motory\/#breadcrumb","itemListElement":[{"@type":"ListItem","position":1,"name":"Startseite","item":"https:\/\/ag-frisch.com\/de\/"},{"@type":"ListItem","position":2,"name":"Samochody i motory"}]},{"@type":"WebSite","@id":"https:\/\/ag-frisch.com\/de\/#website","url":"https:\/\/ag-frisch.com\/de\/","name":"China Import Beratung f\u00fcr den Einkauf aus China","description":"China Import &amp; Export Beratung - Der Dienstleister Ihres Vertrauens f\u00fcr Ihren China Import","publisher":{"@id":"https:\/\/ag-frisch.com\/de\/#organization"},"potentialAction":[{"@type":"SearchAction","target":{"@type":"EntryPoint","urlTemplate":"https:\/\/ag-frisch.com\/de\/?s={search_term_string}"},"query-input":{"@type":"PropertyValueSpecification","valueRequired":true,"valueName":"search_term_string"}}],"inLanguage":"pl-PL"},{"@type":"Organization","@id":"https:\/\/ag-frisch.com\/de\/#organization","name":"Agentur Frisch International Consulting GmbH & Co. KG","url":"https:\/\/ag-frisch.com\/de\/","logo":{"@type":"ImageObject","inLanguage":"pl-PL","@id":"https:\/\/ag-frisch.com\/de\/#\/schema\/logo\/image\/","url":"https:\/\/ag-frisch.com\/wp-content\/uploads\/2021\/08\/ag_logo_rgb_300_small.png","contentUrl":"https:\/\/ag-frisch.com\/wp-content\/uploads\/2021\/08\/ag_logo_rgb_300_small.png","width":153,"height":102,"caption":"Agentur Frisch International Consulting GmbH & Co. KG"},"image":{"@id":"https:\/\/ag-frisch.com\/de\/#\/schema\/logo\/image\/"},"sameAs":["https:\/\/www.facebook.com\/China.Import","https:\/\/x.com\/agenturfrisch"]}]}},"_links":{"self":[{"href":"https:\/\/ag-frisch.com\/pl\/wp-json\/wp\/v2\/pages\/11141","targetHints":{"allow":["GET"]}}],"collection":[{"href":"https:\/\/ag-frisch.com\/pl\/wp-json\/wp\/v2\/pages"}],"about":[{"href":"https:\/\/ag-frisch.com\/pl\/wp-json\/wp\/v2\/types\/page"}],"author":[{"embeddable":true,"href":"https:\/\/ag-frisch.com\/pl\/wp-json\/wp\/v2\/users\/2"}],"replies":[{"embeddable":true,"href":"https:\/\/ag-frisch.com\/pl\/wp-json\/wp\/v2\/comments?post=11141"}],"version-history":[{"count":0,"href":"https:\/\/ag-frisch.com\/pl\/wp-json\/wp\/v2\/pages\/11141\/revisions"}],"wp:attachment":[{"href":"https:\/\/ag-frisch.com\/pl\/wp-json\/wp\/v2\/media?parent=11141"}],"curies":[{"name":"wp","href":"https:\/\/api.w.org\/{rel}","templated":true}]}}