{"id":11186,"date":"2022-04-28T13:52:33","date_gmt":"2022-04-28T11:52:33","guid":{"rendered":"https:\/\/ag-frisch.com\/sztuka-i-antyki\/"},"modified":"2023-01-27T05:27:37","modified_gmt":"2023-01-27T04:27:37","slug":"sztuka-i-antyki","status":"publish","type":"page","link":"https:\/\/ag-frisch.com\/pl\/sztuka-i-antyki\/","title":{"rendered":"Sztuka i antyki"},"content":{"rendered":"<p>[et_pb_section fb_built=&#8221;1&#8243; _builder_version=&#8221;4.16&#8243; _module_preset=&#8221;default&#8221; global_colors_info=&#8221;{}&#8221;][et_pb_row _builder_version=&#8221;4.18.1&#8243; _module_preset=&#8221;default&#8221; global_colors_info=&#8221;{}&#8221;][et_pb_column type=&#8221;4_4&#8243; _builder_version=&#8221;4.18.1&#8243; _module_preset=&#8221;default&#8221; global_colors_info=&#8221;{}&#8221;][et_pb_cta title=&#8221;Import sztuki i antyk\u00f3w (repliki) z Chin&#8221; button_url=&#8221;https:\/\/ag-frisch.com\/pl\/kontakt\/&#8221; button_text=&#8221;Zatrudnij profesjonalist\u00f3w do importu teraz&#8221; _builder_version=&#8221;4.18.1&#8243; _module_preset=&#8221;default&#8221; global_colors_info=&#8221;{}&#8221;]<\/p>\n<p>Wspieramy Pa\u0144stwa w imporcie replik obiekt\u00f3w artystycznych lub przedmiot\u00f3w ozdobnych z Chin. Jeste\u015bmy Pa\u0144stwa partnerem od poszukiwania dostawcy, negocjacji kontraktu i procedur zgodno\u015bci, poprzez podukcj\u0119 i zapewnienie jako\u015bci, a\u017c po logistyk\u0119 i dostaw\u0119 do magazynu kupuj\u0105cego.  <\/p>\n<p>[\/et_pb_cta][\/et_pb_column][\/et_pb_row][et_pb_row _builder_version=&#8221;4.16&#8243; _module_preset=&#8221;default&#8221; global_colors_info=&#8221;{}&#8221;][et_pb_column type=&#8221;4_4&#8243; _builder_version=&#8221;4.16&#8243; _module_preset=&#8221;default&#8221; global_colors_info=&#8221;{}&#8221;][et_pb_text _builder_version=&#8221;4.18.1&#8243; _module_preset=&#8221;default&#8221; hover_enabled=&#8221;0&#8243; global_colors_info=&#8221;{}&#8221; sticky_enabled=&#8221;0&#8243;]<\/p>\n<h1>Importuj antyki i dzie\u0142a sztuki z Chin<\/h1>\n<h2>Sztuka i antyki (repliki i reprodukcje)<\/h2>\n<p><strong>Przyw\u00f3z artyku\u0142\u00f3w sztuki z Chin<\/strong><\/p>\n<p>Chi\u0144skie reprodukcje przedmiot\u00f3w sztuki mog\u0105 by\u0107 wyj\u0105tkowo wysokiej jako\u015bci i pi\u0119kne: Trzeba tylko wiedzie\u0107, od kogo kupowa\u0107. Agentur Frisch oferuje Ci odpowiednie po\u0142\u0105czenia, aby zdoby\u0107 pi\u0119kne kawa\u0142ki najlepszej jako\u015bci &#8211; oczywi\u015bcie po bezkonkurencyjnie niskich cenach. Niezale\u017cnie od tego, czy jeste\u015b przedsi\u0119biorc\u0105, kt\u00f3ry chce importowa\u0107 ograniczon\u0105 liczb\u0119 sztuk, czy hurtownikiem z du\u017cym zapotrzebowaniem, zajmiemy si\u0119 Twoim importem artyku\u0142\u00f3w sztuki, a tak\u017ce importem replik antyk\u00f3w z Chin.<\/p>\n<p>&nbsp;<\/p>\n<p><strong>Najwy\u017csza jako\u015b\u0107 w niskich cenach: Dzie\u0142a sztuki i antyki z Chin<\/strong><\/p>\n<p>Zapewniamy Pa\u0144stwu wysok\u0105 jako\u015b\u0107 produkt\u00f3w w niskich cenach, dotyczy to r\u00f3wnie\u017c obszaru dzie\u0142 sztuki i replik antycznych z Chin. Nasza wewn\u0119trzna kontrola jako\u015bci gwarantuje, \u017ce nie do\u015bwiadczysz \u017cadnych nieprzyjemnych niespodzianek zwi\u0105zanych z importem z Chin. Powiniene\u015b by\u0107 tak samo przekonany do zakupu w Chinach jak my &#8211; to w\u0142a\u015bnie oznacza nasze dobre imi\u0119. Agencja Frisch posiada wieloletnie do\u015bwiadczenie i sie\u0107 kontakt\u00f3w niezb\u0119dnych do wyboru w\u0142a\u015bciwych dostawc\u00f3w towar\u00f3w specjalnych, takich jak artyku\u0142y artystyczne i repliki antyk\u00f3w z Chin.<\/p>\n<p>&nbsp;<\/p>\n<p><strong>Orygina\u0142y i repliki &#8211; import dzie\u0142 sztuki z Chin<\/strong><\/p>\n<p>Sztuka chi\u0144ska ma tradycj\u0119 si\u0119gaj\u0105c\u0105 tysi\u0119cy lat. Precyzja i staranno\u015b\u0107 charakteryzuj\u0105 prace artyst\u00f3w z Chin. Nic wi\u0119c dziwnego, \u017ce powstaj\u0105 tu najlepsze repliki obraz\u00f3w i p\u0142\u00f3cien dost\u0119pne na rynku. Starzy mistrzowie z Holandii, tacy jak Rembrandt, Bruegel czy van Gogh, lub sztuka w\u0142oskich malarzy, takich jak Micha\u0142 Anio\u0142, Botticelli czy Raphael, aby wymieni\u0107 tylko kilka &#8211; wszystkie one s\u0105 kopiowane z dok\u0142adnych modeli w godnej pracy precyzyjnej, a powsta\u0142e obrazy mog\u0105 by\u0107 importowane bezpo\u015brednio z Chin do Niemiec jako artyku\u0142y sztuki.<\/p>\n<p>Ale r\u00f3wnie\u017c chi\u0144ska sztuka tradycyjna i nowoczesna ma wiele do zaoferowania i mo\u017ce by\u0107 wykorzystana na rynku niemieckim jako import z Chin. Skontaktuj si\u0119 z nami, a na \u017cyczenie doradzimy Ci w wyborze i mo\u017cliwo\u015bciach importu artyku\u0142\u00f3w artystycznych!<\/p>\n<p>&nbsp;<\/p>\n<p><strong>Wymarzone repliki antyk\u00f3w<\/strong><\/p>\n<p>Krzes\u0142a skrzyd\u0142owe z okresu Ludwika XVI, \u0142\u00f3\u017cko z czterema baldachimami z okresu baroku czy \u015bredniowieczna skrzynia &#8211; te przedmioty w oryginale s\u0105 trudno dost\u0119pne. Wielu klient\u00f3w si\u0119ga wi\u0119c po repliki antyk\u00f3w. R\u00f3wnie\u017c rynek chi\u0144ski od dawna si\u0119 w tym specjalizuje i oferuje przekonuj\u0105ce repliki antyk\u00f3w do importu do Chin.  <\/p>\n<p>Inne antykwaryczne repliki, kt\u00f3re mo\u017cna sprowadzi\u0107 bezpo\u015brednio z Chin za po\u015brednictwem Agencji Frisch to np:<\/p>\n<ul>\n<li>Antyczne szk\u0142a i kryszta\u0142y<\/li>\n<li>Zabytkowe materia\u0142y budowlane i konstrukcyjne<\/li>\n<li>Porcelana i ceramika<\/li>\n<li>Dywany i wyroby w\u0119ze\u0142kowe<\/li>\n<li>Statuetki i rze\u017aby<\/li>\n<li>Staro\u017cytne stroje i tkaniny<\/li>\n<li>Meble<\/li>\n<li>Bi\u017cuteria antyczna<\/li>\n<li>Instrumenty muzyczne<\/li>\n<li>i wiele innych.<\/li>\n<\/ul>\n<p>&nbsp;<\/p>\n<p><strong>Import dzie\u0142 sztuki z Chin dla detalist\u00f3w, hurtownik\u00f3w i antykwariat\u00f3w<\/strong><\/p>\n<p>Oferujemy bezpo\u015bredni import artyku\u0142\u00f3w artystycznych i replik antycznych z Chin w r\u00f3\u017cnych ilo\u015bciach i klasach jako\u015bci. Skontaktuj si\u0119 z nami, a wsp\u00f3lnie przeanalizujemy najlepsze dla Ciebie podej\u015bcie. W ka\u017cdym przypadku korzystaj\u0105 Pa\u0144stwo z naszego bogatego do\u015bwiadczenia, naszego know-how i naszej sprawdzonej niezawodno\u015bci.<\/p>\n<p>Agentur Frisch to dostawca kompleksowych us\u0142ug, kt\u00f3ry mo\u017ce zaoferowa\u0107 Ci ka\u017cd\u0105 us\u0142ug\u0119 zwi\u0105zan\u0105 z importem do Chin z jednego \u017ar\u00f3d\u0142a. Od negocjacji kontraktu w Chinach, zam\u00f3wienia wst\u0119pnych pr\u00f3bek i prototyp\u00f3w, kontroli produkcji i zapewnienia jako\u015bci, poprzez logistyk\u0119 transportu, odpraw\u0119 celn\u0105 i wreszcie magazynowanie lub realizacj\u0119 w Niemczech, realizujemy ka\u017cdy etap Pa\u0144stwa bezpo\u015bredniego importu z Chin.<\/p>\n<p>&nbsp;<\/p>\n<p>Jako wierne reprodukcje lub jako repliki &#8211; to w\u0142a\u015bnie otrzymujesz w Agentur Frisch, poniewa\u017c Chiny importuj\u0105 bezpo\u015brednio od producenta: Wspomnienia z dawnych zawod\u00f3w, zabytkowa bi\u017cuteria, ksi\u0105\u017cki antykwaryczne, sztuka bezpo\u015brednio od artyst\u00f3w, zabytkowe szk\u0142a lub kryszta\u0142y, r\u0119czne obrazy lub r\u0119czne rysunki, zabytkowe grafiki, historyczne materia\u0142y budowlane lub materia\u0142y budowlane, sztuka mi\u0119dzynarodowa lub sztuka antykwaryczna, zabytkowa odzie\u017c lub tkaniny, obrazy i zdj\u0119cia, antykwaryczne meble i wyposa\u017cenie wn\u0119trz, technika i instrumenty, porcelana i ceramika, dywany i wyroby w\u0119ze\u0142kowe, zabytkowe zabawki, zabytkowe fotografie lub kola\u017ce fotograficzne, grafiki, a tak\u017ce druki, zabytkowe sprz\u0119ty gospodarstwa domowego, artystyczne wyroby z drewna i rze\u017aby, wyroby dla artyst\u00f3w, metaloplastyka, zabytkowe instrumenty muzyczne, rze\u017aby.<\/p>\n<p>[\/et_pb_text][\/et_pb_column][\/et_pb_row][\/et_pb_section][et_pb_section fb_built=&#8221;1&#8243; admin_label=&#8221;Testimonials&#8221; _builder_version=&#8221;4.16&#8243; use_background_color_gradient=&#8221;on&#8221; background_color_gradient_stops=&#8221;rgba(0,106,156,0.85) 0%|rgba(0,106,156,0.85) 100%&#8221; background_color_gradient_start=&#8221;rgba(0,106,156,0.85)&#8221; background_color_gradient_end=&#8221;rgba(0,106,156,0.85)&#8221; custom_padding=&#8221;90px||60px|&#8221; animation_style=&#8221;fold&#8221; animation_direction=&#8221;bottom&#8221; animation_intensity_fold=&#8221;4%&#8221; global_colors_info=&#8221;{}&#8221;][et_pb_row _builder_version=&#8221;4.16&#8243; background_size=&#8221;initial&#8221; background_position=&#8221;top_left&#8221; background_repeat=&#8221;repeat&#8221; custom_width_px=&#8221;710px&#8221; locked=&#8221;off&#8221; global_colors_info=&#8221;{}&#8221;][et_pb_column type=&#8221;4_4&#8243; _builder_version=&#8221;4.16&#8243; background_position=&#8221;top_left&#8221; custom_padding=&#8221;|||&#8221; global_colors_info=&#8221;{}&#8221; custom_padding__hover=&#8221;|||&#8221;][et_pb_text admin_label=&#8221;Testimonials Section Title&#8221; _builder_version=&#8221;4.16&#8243; header_font=&#8221;Montserrat||||&#8221; header_font_size=&#8221;36px&#8221; background_size=&#8221;initial&#8221; background_position=&#8221;top_left&#8221; background_repeat=&#8221;repeat&#8221; text_orientation=&#8221;center&#8221; background_layout=&#8221;dark&#8221; max_width=&#8221;710px&#8221; module_alignment=&#8221;center&#8221; animation_style=&#8221;fold&#8221; animation_direction=&#8221;bottom&#8221; animation_intensity_fold=&#8221;20%&#8221; global_colors_info=&#8221;{}&#8221;]<\/p>\n<h1>Ponad 5000 zadowolonych klient\u00f3w.<\/h1>\n<p>&nbsp;<\/p>\n<p>[\/et_pb_text][et_pb_divider color=&#8221;#ffffff&#8221; divider_weight=&#8221;3px&#8221; disabled_on=&#8221;off|off|off&#8221; _builder_version=&#8221;4.16&#8243; background_color_gradient_direction=&#8221;90deg&#8221; max_width=&#8221;100px&#8221; module_alignment=&#8221;center&#8221; height=&#8221;5px&#8221; custom_margin=&#8221;||20px|&#8221; custom_padding=&#8221;||20px|&#8221; animation_style=&#8221;slide&#8221; animation_direction=&#8221;bottom&#8221; saved_tabs=&#8221;all&#8221; locked=&#8221;off&#8221; global_colors_info=&#8221;{}&#8221;][\/et_pb_divider][\/et_pb_column][\/et_pb_row][et_pb_row column_structure=&#8221;1_2,1_2&#8243; _builder_version=&#8221;4.18.1&#8243; _module_preset=&#8221;default&#8221; global_colors_info=&#8221;{}&#8221;][et_pb_column type=&#8221;1_2&#8243; _builder_version=&#8221;4.18.1&#8243; _module_preset=&#8221;default&#8221; global_colors_info=&#8221;{}&#8221;][et_pb_testimonial author=&#8221;Marco&#8221; portrait_url=&#8221;https:\/\/ag-frisch.com\/wp-content\/uploads\/2021\/08\/Harald.png&#8221; quote_icon=&#8221;off&#8221; _builder_version=&#8221;4.18.1&#8243; _module_preset=&#8221;default&#8221; body_font_size=&#8221;16px&#8221; use_background_color=&#8221;off&#8221; background_layout=&#8221;dark&#8221; global_colors_info=&#8221;{}&#8221;]Zleci\u0142em agencji Frisch wyprodukowanie du\u017cego mebla w Chinach, a nast\u0119pnie sprowadzenie go do Niemiec. Przez ca\u0142y czas by\u0142a sprawna komunikacja mailowa! Bardzo szybkie i rzetelne odpowiedzi stale dodawa\u0142y mi otuchy, kt\u00f3ra jest niezb\u0119dna w takim przedsi\u0119wzi\u0119ciu. Przez ca\u0142y czas pomagano mi przebrn\u0105\u0107 przez biurokratyczny g\u0105szcz, nie zapomniano o \u017cadnym formularzu ani nie wype\u0142niono go b\u0142\u0119dnie. Bardzo godne pochwa\u0142y!<a href=\"&lt;div%20class=%22pe-richsnippets%22&gt;&nbsp;&lt;\/div&gt;%20&lt;script%20type=%22text\/javascript%22%20src=%22https:\/\/www.provenexpert.com\/widget\/richsnippet.js?u=1NUA0VwZ4RUZ5tmAi5zA4RaplNKAlWwZ&amp;v=2%22%20async&gt;&lt;\/script&gt;%20&lt;div%20style=%22text-align:%20justify;%22&gt;&lt;br%20\/&gt;\"><\/a><\/p>\n<div class=\"brow ratingBarMargin\">\n<div class=\"ratingBar\">\n<div class=\"brow\">\n<div class=\"pe-richsnippets\">&nbsp;<\/div>\n<p><script type=\"text\/javascript\" src=\"https:\/\/www.provenexpert.com\/widget\/richsnippet.js?u=1NUA0VwZ4RUZ5tmAi5zA4RaplNKAlWwZ&amp;v=2\" async=\"\"><\/script><\/p>\n<div style=\"text-align: justify;\"><\/p>\n<div class=\"col-lg-9 col-md-8 col-xs-10 mt20 mb20\">\n<div class=\"col-xs-12 surveyNameForRating\"><\/div>\n<\/div>\n<\/div>\n<\/div>\n<\/div>\n<\/div>\n<p>[\/et_pb_testimonial][\/et_pb_column][et_pb_column type=&#8221;1_2&#8243; _builder_version=&#8221;4.18.1&#8243; _module_preset=&#8221;default&#8221; global_colors_info=&#8221;{}&#8221;][et_pb_testimonial author=&#8221;Simone L.&#8221; portrait_url=&#8221;https:\/\/ag-frisch.com\/wp-content\/uploads\/2021\/08\/Harald.png&#8221; quote_icon=&#8221;off&#8221; _builder_version=&#8221;4.18.1&#8243; _module_preset=&#8221;default&#8221; body_font_size=&#8221;16px&#8221; use_background_color=&#8221;off&#8221; background_layout=&#8221;dark&#8221; global_colors_info=&#8221;{}&#8221;]<\/p>\n<p>Ca\u0142a g\u00f3ra. Nie ma nic lepszego ni\u017c to. Doradzanie i wdra\u017canie nie mo\u017ce by\u0107 zrobione lepiej. Jeste\u015bmy bardziej ni\u017c zadowoleni po kilku zam\u00f3wieniach z t\u0105 firm\u0105 i kontynuowa\u0107 nasz\u0105 wsp\u00f3\u0142prac\u0119.<\/p>\n<div class=\"brow ratingBarMargin\">\n<div class=\"ratingBar\">\n<div class=\"brow\">\n<div class=\"pe-richsnippets\"> <\/div>\n<p>\n<script type=\"text\/javascript\" src=\"https:\/\/www.provenexpert.com\/widget\/richsnippet.js?u=1NUA0VwZ4RUZ5tmAi5zA4RaplNKAlWwZ&amp;v=2\" async=\"\"><\/script>\n<\/p>\n<div style=\"text-align: justify;\">\n<p>&nbsp;<\/p>\n<div class=\"col-lg-9 col-md-8 col-xs-10 mt20 mb20\">\n<div class=\"col-xs-12 surveyNameForRating\"><\/div>\n<\/div>\n<\/div>\n<\/div>\n<\/div>\n<\/div>\n<p>[\/et_pb_testimonial][\/et_pb_column][\/et_pb_row][et_pb_row _builder_version=&#8221;4.16&#8243; background_size=&#8221;initial&#8221; background_position=&#8221;top_left&#8221; background_repeat=&#8221;repeat&#8221; custom_padding=&#8221;50px|0px|30px|0px&#8221; custom_css_main_element=&#8221;text-align: center;&#8221; global_colors_info=&#8221;{}&#8221;][et_pb_column type=&#8221;4_4&#8243; _builder_version=&#8221;4.16&#8243; custom_padding=&#8221;|||&#8221; global_colors_info=&#8221;{}&#8221; custom_padding__hover=&#8221;|||&#8221;][et_pb_button button_url=&#8221;https:\/\/www.provenexpert.com\/de-de\/agentur-frisch-international-consulting-gmbh-und-co-kg\/&#8221; button_text=&#8221;WI\u0118CEJ OCEN&#8221; button_alignment=&#8221;left&#8221; admin_label=&#8221;Testimonial Button&#8221; _builder_version=&#8221;4.16&#8243; custom_button=&#8221;on&#8221; button_text_size=&#8221;18px&#8221; button_text_color=&#8221;#ffffff&#8221; button_bg_color=&#8221;#6eba01&#8243; button_border_width=&#8221;2px&#8221; button_border_color=&#8221;#6eba01&#8243; button_border_radius=&#8221;0px&#8221; button_letter_spacing=&#8221;2px&#8221; button_font=&#8221;Montserrat|||on|&#8221; button_use_icon=&#8221;off&#8221; animation_style=&#8221;fold&#8221; animation_direction=&#8221;bottom&#8221; button_text_color_hover=&#8221;#ffffff&#8221; button_border_color_hover=&#8221;#ffffff&#8221; button_border_radius_hover=&#8221;0px&#8221; button_letter_spacing_hover=&#8221;2px&#8221; button_bg_color_hover=&#8221;rgba(255,255,255,0)&#8221; locked=&#8221;off&#8221; global_colors_info=&#8221;{}&#8221; button_text_size__hover_enabled=&#8221;off&#8221; button_one_text_size__hover_enabled=&#8221;off&#8221; button_two_text_size__hover_enabled=&#8221;off&#8221; button_text_color__hover_enabled=&#8221;on&#8221; button_text_color__hover=&#8221;#ffffff&#8221; button_one_text_color__hover_enabled=&#8221;off&#8221; button_two_text_color__hover_enabled=&#8221;off&#8221; button_border_width__hover_enabled=&#8221;off&#8221; button_one_border_width__hover_enabled=&#8221;off&#8221; button_two_border_width__hover_enabled=&#8221;off&#8221; button_border_color__hover_enabled=&#8221;on&#8221; button_border_color__hover=&#8221;#ffffff&#8221; button_one_border_color__hover_enabled=&#8221;off&#8221; button_two_border_color__hover_enabled=&#8221;off&#8221; button_border_radius__hover_enabled=&#8221;on&#8221; button_border_radius__hover=&#8221;0px&#8221; button_one_border_radius__hover_enabled=&#8221;off&#8221; button_two_border_radius__hover_enabled=&#8221;off&#8221; button_letter_spacing__hover_enabled=&#8221;on&#8221; button_letter_spacing__hover=&#8221;2px&#8221; button_one_letter_spacing__hover_enabled=&#8221;off&#8221; button_two_letter_spacing__hover_enabled=&#8221;off&#8221; button_bg_color__hover_enabled=&#8221;on&#8221; button_bg_color__hover=&#8221;rgba(255,255,255,0)&#8221; button_one_bg_color__hover_enabled=&#8221;off&#8221; button_two_bg_color__hover_enabled=&#8221;off&#8221;][\/et_pb_button][\/et_pb_column][\/et_pb_row][\/et_pb_section]<\/p>\n","protected":false},"excerpt":{"rendered":"<p>Wspieramy Pa\u0144stwa w imporcie replik obiekt\u00f3w artystycznych lub przedmiot\u00f3w ozdobnych z Chin. Jeste\u015bmy Pa\u0144stwa partnerem od poszukiwania dostawcy, negocjacji kontraktu i procedur zgodno\u015bci, poprzez podukcj\u0119 i zapewnienie jako\u015bci, a\u017c po logistyk\u0119 i dostaw\u0119 do magazynu kupuj\u0105cego. Importuj antyki i dzie\u0142a sztuki z Chin Sztuka i antyki (repliki i reprodukcje) Przyw\u00f3z artyku\u0142\u00f3w sztuki z Chin Chi\u0144skie [&hellip;]<\/p>\n","protected":false},"author":2,"featured_media":0,"parent":0,"menu_order":0,"comment_status":"closed","ping_status":"closed","template":"","meta":{"_et_pb_use_builder":"on","_et_pb_old_content":"","_et_gb_content_width":"","footnotes":""},"class_list":["post-11186","page","type-page","status-publish","hentry"],"yoast_head":"<!-- This site is optimized with the Yoast SEO plugin v27.2 - https:\/\/yoast.com\/product\/yoast-seo-wordpress\/ -->\n<title>Antyki z Chin | Chiny - import dzie\u0142 sztuki<\/title>\n<meta name=\"description\" content=\"Importuj sztuk\u0119 i antyki z Chin \u25ba Wiele replik i repliki z Chin \u2714 Dzie\u0142a sztuki \u2714 Porcelana \u2714 Bi\u017cuteria \u25ba Uzyskaj porad\u0119 teraz!\" \/>\n<meta name=\"robots\" content=\"index, follow, max-snippet:-1, max-image-preview:large, max-video-preview:-1\" \/>\n<link rel=\"canonical\" href=\"https:\/\/ag-frisch.com\/pl\/sztuka-i-antyki\/\" \/>\n<meta property=\"og:locale\" content=\"pl_PL\" \/>\n<meta property=\"og:type\" content=\"article\" \/>\n<meta property=\"og:title\" content=\"Antyki z Chin | Chiny - import dzie\u0142 sztuki\" \/>\n<meta property=\"og:description\" content=\"Importuj sztuk\u0119 i antyki z Chin \u25ba Wiele replik i repliki z Chin \u2714 Dzie\u0142a sztuki \u2714 Porcelana \u2714 Bi\u017cuteria \u25ba Uzyskaj porad\u0119 teraz!\" \/>\n<meta property=\"og:url\" content=\"https:\/\/ag-frisch.com\/pl\/sztuka-i-antyki\/\" \/>\n<meta property=\"og:site_name\" content=\"China Import Beratung f\u00fcr den Einkauf aus China\" \/>\n<meta property=\"article:publisher\" content=\"https:\/\/www.facebook.com\/China.Import\" \/>\n<meta property=\"article:modified_time\" content=\"2023-01-27T04:27:37+00:00\" \/>\n<meta name=\"twitter:card\" content=\"summary_large_image\" \/>\n<meta name=\"twitter:site\" content=\"@agenturfrisch\" \/>\n<meta name=\"twitter:label1\" content=\"Szacowany czas czytania\" \/>\n\t<meta name=\"twitter:data1\" content=\"8 minut\" \/>\n<script type=\"application\/ld+json\" class=\"yoast-schema-graph\">{\"@context\":\"https:\/\/schema.org\",\"@graph\":[{\"@type\":\"WebPage\",\"@id\":\"https:\/\/ag-frisch.com\/pl\/sztuka-i-antyki\/\",\"url\":\"https:\/\/ag-frisch.com\/pl\/sztuka-i-antyki\/\",\"name\":\"Antyki z Chin | Chiny - import dzie\u0142 sztuki\",\"isPartOf\":{\"@id\":\"https:\/\/ag-frisch.com\/de\/#website\"},\"datePublished\":\"2022-04-28T11:52:33+00:00\",\"dateModified\":\"2023-01-27T04:27:37+00:00\",\"description\":\"Importuj sztuk\u0119 i antyki z Chin \u25ba Wiele replik i repliki z Chin \u2714 Dzie\u0142a sztuki \u2714 Porcelana \u2714 Bi\u017cuteria \u25ba Uzyskaj porad\u0119 teraz!\",\"breadcrumb\":{\"@id\":\"https:\/\/ag-frisch.com\/pl\/sztuka-i-antyki\/#breadcrumb\"},\"inLanguage\":\"pl-PL\",\"potentialAction\":[{\"@type\":\"ReadAction\",\"target\":[\"https:\/\/ag-frisch.com\/pl\/sztuka-i-antyki\/\"]}]},{\"@type\":\"BreadcrumbList\",\"@id\":\"https:\/\/ag-frisch.com\/pl\/sztuka-i-antyki\/#breadcrumb\",\"itemListElement\":[{\"@type\":\"ListItem\",\"position\":1,\"name\":\"Startseite\",\"item\":\"https:\/\/ag-frisch.com\/de\/\"},{\"@type\":\"ListItem\",\"position\":2,\"name\":\"Sztuka i antyki\"}]},{\"@type\":\"WebSite\",\"@id\":\"https:\/\/ag-frisch.com\/de\/#website\",\"url\":\"https:\/\/ag-frisch.com\/de\/\",\"name\":\"China Import Beratung f\u00fcr den Einkauf aus China\",\"description\":\"China Import &amp; Export Beratung - Der Dienstleister Ihres Vertrauens f\u00fcr Ihren China Import\",\"publisher\":{\"@id\":\"https:\/\/ag-frisch.com\/de\/#organization\"},\"potentialAction\":[{\"@type\":\"SearchAction\",\"target\":{\"@type\":\"EntryPoint\",\"urlTemplate\":\"https:\/\/ag-frisch.com\/de\/?s={search_term_string}\"},\"query-input\":{\"@type\":\"PropertyValueSpecification\",\"valueRequired\":true,\"valueName\":\"search_term_string\"}}],\"inLanguage\":\"pl-PL\"},{\"@type\":\"Organization\",\"@id\":\"https:\/\/ag-frisch.com\/de\/#organization\",\"name\":\"Agentur Frisch International Consulting GmbH & Co. KG\",\"url\":\"https:\/\/ag-frisch.com\/de\/\",\"logo\":{\"@type\":\"ImageObject\",\"inLanguage\":\"pl-PL\",\"@id\":\"https:\/\/ag-frisch.com\/de\/#\/schema\/logo\/image\/\",\"url\":\"https:\/\/ag-frisch.com\/wp-content\/uploads\/2021\/08\/ag_logo_rgb_300_small.png\",\"contentUrl\":\"https:\/\/ag-frisch.com\/wp-content\/uploads\/2021\/08\/ag_logo_rgb_300_small.png\",\"width\":153,\"height\":102,\"caption\":\"Agentur Frisch International Consulting GmbH & Co. KG\"},\"image\":{\"@id\":\"https:\/\/ag-frisch.com\/de\/#\/schema\/logo\/image\/\"},\"sameAs\":[\"https:\/\/www.facebook.com\/China.Import\",\"https:\/\/x.com\/agenturfrisch\"]}]}<\/script>\n<!-- \/ Yoast SEO plugin. -->","yoast_head_json":{"title":"Antyki z Chin | Chiny - import dzie\u0142 sztuki","description":"Importuj sztuk\u0119 i antyki z Chin \u25ba Wiele replik i repliki z Chin \u2714 Dzie\u0142a sztuki \u2714 Porcelana \u2714 Bi\u017cuteria \u25ba Uzyskaj porad\u0119 teraz!","robots":{"index":"index","follow":"follow","max-snippet":"max-snippet:-1","max-image-preview":"max-image-preview:large","max-video-preview":"max-video-preview:-1"},"canonical":"https:\/\/ag-frisch.com\/pl\/sztuka-i-antyki\/","og_locale":"pl_PL","og_type":"article","og_title":"Antyki z Chin | Chiny - import dzie\u0142 sztuki","og_description":"Importuj sztuk\u0119 i antyki z Chin \u25ba Wiele replik i repliki z Chin \u2714 Dzie\u0142a sztuki \u2714 Porcelana \u2714 Bi\u017cuteria \u25ba Uzyskaj porad\u0119 teraz!","og_url":"https:\/\/ag-frisch.com\/pl\/sztuka-i-antyki\/","og_site_name":"China Import Beratung f\u00fcr den Einkauf aus China","article_publisher":"https:\/\/www.facebook.com\/China.Import","article_modified_time":"2023-01-27T04:27:37+00:00","twitter_card":"summary_large_image","twitter_site":"@agenturfrisch","twitter_misc":{"Szacowany czas czytania":"8 minut"},"schema":{"@context":"https:\/\/schema.org","@graph":[{"@type":"WebPage","@id":"https:\/\/ag-frisch.com\/pl\/sztuka-i-antyki\/","url":"https:\/\/ag-frisch.com\/pl\/sztuka-i-antyki\/","name":"Antyki z Chin | Chiny - import dzie\u0142 sztuki","isPartOf":{"@id":"https:\/\/ag-frisch.com\/de\/#website"},"datePublished":"2022-04-28T11:52:33+00:00","dateModified":"2023-01-27T04:27:37+00:00","description":"Importuj sztuk\u0119 i antyki z Chin \u25ba Wiele replik i repliki z Chin \u2714 Dzie\u0142a sztuki \u2714 Porcelana \u2714 Bi\u017cuteria \u25ba Uzyskaj porad\u0119 teraz!","breadcrumb":{"@id":"https:\/\/ag-frisch.com\/pl\/sztuka-i-antyki\/#breadcrumb"},"inLanguage":"pl-PL","potentialAction":[{"@type":"ReadAction","target":["https:\/\/ag-frisch.com\/pl\/sztuka-i-antyki\/"]}]},{"@type":"BreadcrumbList","@id":"https:\/\/ag-frisch.com\/pl\/sztuka-i-antyki\/#breadcrumb","itemListElement":[{"@type":"ListItem","position":1,"name":"Startseite","item":"https:\/\/ag-frisch.com\/de\/"},{"@type":"ListItem","position":2,"name":"Sztuka i antyki"}]},{"@type":"WebSite","@id":"https:\/\/ag-frisch.com\/de\/#website","url":"https:\/\/ag-frisch.com\/de\/","name":"China Import Beratung f\u00fcr den Einkauf aus China","description":"China Import &amp; Export Beratung - Der Dienstleister Ihres Vertrauens f\u00fcr Ihren China Import","publisher":{"@id":"https:\/\/ag-frisch.com\/de\/#organization"},"potentialAction":[{"@type":"SearchAction","target":{"@type":"EntryPoint","urlTemplate":"https:\/\/ag-frisch.com\/de\/?s={search_term_string}"},"query-input":{"@type":"PropertyValueSpecification","valueRequired":true,"valueName":"search_term_string"}}],"inLanguage":"pl-PL"},{"@type":"Organization","@id":"https:\/\/ag-frisch.com\/de\/#organization","name":"Agentur Frisch International Consulting GmbH & Co. KG","url":"https:\/\/ag-frisch.com\/de\/","logo":{"@type":"ImageObject","inLanguage":"pl-PL","@id":"https:\/\/ag-frisch.com\/de\/#\/schema\/logo\/image\/","url":"https:\/\/ag-frisch.com\/wp-content\/uploads\/2021\/08\/ag_logo_rgb_300_small.png","contentUrl":"https:\/\/ag-frisch.com\/wp-content\/uploads\/2021\/08\/ag_logo_rgb_300_small.png","width":153,"height":102,"caption":"Agentur Frisch International Consulting GmbH & Co. KG"},"image":{"@id":"https:\/\/ag-frisch.com\/de\/#\/schema\/logo\/image\/"},"sameAs":["https:\/\/www.facebook.com\/China.Import","https:\/\/x.com\/agenturfrisch"]}]}},"_links":{"self":[{"href":"https:\/\/ag-frisch.com\/pl\/wp-json\/wp\/v2\/pages\/11186","targetHints":{"allow":["GET"]}}],"collection":[{"href":"https:\/\/ag-frisch.com\/pl\/wp-json\/wp\/v2\/pages"}],"about":[{"href":"https:\/\/ag-frisch.com\/pl\/wp-json\/wp\/v2\/types\/page"}],"author":[{"embeddable":true,"href":"https:\/\/ag-frisch.com\/pl\/wp-json\/wp\/v2\/users\/2"}],"replies":[{"embeddable":true,"href":"https:\/\/ag-frisch.com\/pl\/wp-json\/wp\/v2\/comments?post=11186"}],"version-history":[{"count":0,"href":"https:\/\/ag-frisch.com\/pl\/wp-json\/wp\/v2\/pages\/11186\/revisions"}],"wp:attachment":[{"href":"https:\/\/ag-frisch.com\/pl\/wp-json\/wp\/v2\/media?parent=11186"}],"curies":[{"name":"wp","href":"https:\/\/api.w.org\/{rel}","templated":true}]}}