{"id":11310,"date":"2022-05-09T23:23:46","date_gmt":"2022-05-09T21:23:46","guid":{"rendered":"https:\/\/ag-frisch.com\/przybory-kuchenne-z-chin\/"},"modified":"2023-01-27T05:28:32","modified_gmt":"2023-01-27T04:28:32","slug":"przybory-kuchenne-z-chin","status":"publish","type":"page","link":"https:\/\/ag-frisch.com\/pl\/przybory-kuchenne-z-chin\/","title":{"rendered":"Przybory kuchenne z Chin"},"content":{"rendered":"<p>[et_pb_section fb_built=&#8221;1&#8243; _builder_version=&#8221;4.16&#8243; _module_preset=&#8221;default&#8221; global_colors_info=&#8221;{}&#8221;][et_pb_row _builder_version=&#8221;4.18.1&#8243; _module_preset=&#8221;default&#8221; global_colors_info=&#8221;{}&#8221;][et_pb_column type=&#8221;4_4&#8243; _builder_version=&#8221;4.18.1&#8243; _module_preset=&#8221;default&#8221; global_colors_info=&#8221;{}&#8221;][et_pb_cta title=&#8221;China Import Consulting&#8221; button_url=&#8221;https:\/\/ag-frisch.com\/pl\/kontakt\/&#8221; button_text=&#8221;Zarezerwuj konsultacj\u0119 ju\u017c teraz&#8221; _builder_version=&#8221;4.16&#8243; _module_preset=&#8221;default&#8221; global_colors_info=&#8221;{}&#8221;]<\/p>\n<p>Dzi\u0119ki poradom Agencji Importu Chin Frisch uda Ci si\u0119 prowadzi\u0107 interesy z Chinami tak, jakby robili to profesjonali\u015bci.  <\/p>\n<p>[\/et_pb_cta][\/et_pb_column][\/et_pb_row][et_pb_row _builder_version=&#8221;4.16&#8243; _module_preset=&#8221;default&#8221; global_colors_info=&#8221;{}&#8221;][et_pb_column type=&#8221;4_4&#8243; _builder_version=&#8221;4.16&#8243; _module_preset=&#8221;default&#8221; global_colors_info=&#8221;{}&#8221;][et_pb_text _builder_version=&#8221;4.18.1&#8243; _module_preset=&#8221;default&#8221; hover_enabled=&#8221;0&#8243; global_colors_info=&#8221;{}&#8221; sticky_enabled=&#8221;0&#8243;]<\/p>\n<h1>Tw\u00f3j import z Chin dla towar\u00f3w elektrycznych i urz\u0105dze\u0144 kuchennych z Chin<\/h1>\n<h2>Przybory kuchenne i artyku\u0142y elektryczne z Chin<\/h2>\n<p><strong>Kupuj ma\u0142e urz\u0105dzenia, urz\u0105dzenia kuchenne i artyku\u0142y elektryczne bezpo\u015brednio od producenta<\/strong><\/p>\n<p>Kupuj\u0105c bezpo\u015brednio od producenta w Chinach mo\u017cna zaoszcz\u0119dzi\u0107 sporo pieni\u0119dzy. Jako ambitny detalista, hurtownik lub konsument hurtowy, wiesz o tym, ale cz\u0119sto brakuje Ci kontakt\u00f3w i know-how, aby zrealizowa\u0107 import z Chin bezpiecznie i z zyskiem. W Agentur Frisch specjalizujemy si\u0119 w po\u015brednictwie partner\u00f3w biznesowych, a na \u017cyczenie w kompletnych rozwi\u0105zaniach importowych. Oferujemy urz\u0105dzenia kuchenne, ma\u0142e AGD i artyku\u0142y elektryczne z Chin w rewelacyjnych cenach i poprzez sprawdzone kana\u0142y dystrybucji. Zaufaj naszej wiedzy i skorzystaj z bezkonkurencyjnego stosunku jako\u015bci do ceny!<\/p>\n<p>&nbsp;<\/p>\n<p><strong>Bezpieczna jako\u015b\u0107 w niskiej cenie: urz\u0105dzenia kuchenne z Chin<\/strong><\/p>\n<p>Piekarniki i lod\u00f3wki, zamra\u017carki i mikrofal\u00f3wki &#8211; \u015bwiat urz\u0105dze\u0144 kuchennych jest ogromny, a mar\u017ce zysku niekiedy ogromne. Jako hurtownik lub sprzedawca hurtowy wiesz, jak wa\u017cne s\u0105 m\u0105dre zakupy i niezawodne relacje handlowe. Agentur Frisch jest idealnym kontaktem, je\u015bli chodzi o import sprz\u0119tu AGD i naczy\u0144 kuchennych z Chin. Dzia\u0142amy z Niemiec z optymalnymi powi\u0105zaniami w Chinach. Dlatego mo\u017cemy zaoferowa\u0107 Pa\u0144stwu du\u017ce ilo\u015bci tych urz\u0105dze\u0144 kuchennych z Chin bezpo\u015brednio od producenta w wyj\u0105tkowo niskich cenach:<\/p>\n<ul>\n<li>Piekarniki i kuchenki<\/li>\n<li>Ch\u0142odziarki, zamra\u017carki (zamra\u017carki i zamra\u017carki skrzyniowe), urz\u0105dzenia typu kombi<\/li>\n<li>Ekspresy do kawy i dozowniki do kawy<\/li>\n<li>Zmywarki do naczy\u0144<\/li>\n<li>Pralki i suszarki<\/li>\n<\/ul>\n<p>Oczywi\u015bcie wszystkie te urz\u0105dzenia oferujemy r\u00f3wnie\u017c w jako\u015bci profesjonalnej, na przyk\u0142ad dla sektora gastronomicznego. Skontaktuj si\u0119 z nami, a wsp\u00f3lnie wyja\u015bnimy mo\u017cliwo\u015bci i przeanalizujemy Twoje potrzeby na \u017cyczenie. Posiadamy kontakty handlowe w ka\u017cdym segmencie rynku.<\/p>\n<p>Na przyk\u0142ad nasi producenci przewo\u017c\u0105 dla Pa\u0144stwa sprz\u0119t AGD z Chin:<\/p>\n<ul>\n<li>Odkurzacze i polerki do pod\u0142\u00f3g<\/li>\n<li>Solaria i le\u017caki<\/li>\n<li>Wentylatory i nawil\u017cacze<\/li>\n<li>Systemy klimatyzacyjne i klimatyzatory<\/li>\n<\/ul>\n<p>&nbsp;<\/p>\n<p><strong>Ma\u0142e urz\u0105dzenia kuchenne dla sektora konsumenckiego<\/strong><\/p>\n<p>Jeste\u015bmy r\u00f3wnie\u017c Twoim najlepszym kontaktem, je\u015bli chodzi o ma\u0142e urz\u0105dzenia z Chin dla domu i kuchni. Dostarczamy wszystko, od blender\u00f3w r\u0119cznych i spieniaczy do mleka po automatyczne wypiekacze do chleba, czego pragn\u0105 serca Twoich klient\u00f3w &#8211; szybko, niezawodnie i w najlepszych cenach. Za naszym po\u015brednictwem mo\u017cesz zam\u00f3wi\u0107 na przyk\u0142ad nast\u0119puj\u0105ce artyku\u0142y z grupy produkt\u00f3w Kuchnia i drobny sprz\u0119t gospodarstwa domowego z Chin:<\/p>\n<ul>\n<li>Iron<\/li>\n<li>Golarka do k\u0142aczk\u00f3w<\/li>\n<li>No\u017ce elektryczne i krajalnice do chleba<\/li>\n<li>Blendery r\u0119czne i roboty kuchenne<\/li>\n<li>Wypiekacze do chleba<\/li>\n<li>Sokowir\u00f3wki i wyciskarki<\/li>\n<li>Czajnik i kocio\u0142ek na jajka<\/li>\n<li>Maszyny do lod\u00f3w<\/li>\n<\/ul>\n<p>&nbsp;<\/p>\n<p><strong>Import towar\u00f3w elektrycznych z Chin &#8211; sprawdzone i oznakowane<\/strong><\/p>\n<p>W przypadku importu towar\u00f3w elektrycznych szczeg\u00f3lnie wa\u017cne jest, aby m\u00f3c zaufa\u0107 swojemu partnerowi biznesowemu. Wadliwe towary mog\u0105 tu prowadzi\u0107 do dramatycznych, kosztownych i niszcz\u0105cych biznes wycofa\u0144. Dlatego najwy\u017csz\u0105 wag\u0119 przyk\u0142adamy do niezawodno\u015bci. Posiadamy w\u0142asne kontrole przeprowadzane przez wykwalifikowany personel oraz zapewniamy odpowiednie oznakowanie. Zaniedbania w zakresie towar\u00f3w elektrycznych z Chin s\u0105 nie tylko nieodpowiedzialne, ale i niekorzystne z biznesowego punktu widzenia. Dlatego nale\u017cy oczekiwa\u0107, \u017ce Agencja Frisch zorganizuje partner\u00f3w handlowych, kt\u00f3rzy udowodnili, \u017ce przestrzegaj\u0105 wszystkich krajowych i mi\u0119dzynarodowych wytycznych.<\/p>\n<p>W segmencie artyku\u0142\u00f3w elektrycznych z Chin oferujemy Pa\u0144stwu m.in. \u0142adowarki do telefon\u00f3w kom\u00f3rkowych i skrzynki rozdzielcze, przed\u0142u\u017cacze i timery, b\u0119bny kablowe, bezpieczniki, wy\u0142\u0105czniki i artyku\u0142y instalacyjne &#8211; skontaktuj si\u0119 z nami, a my zajmiemy si\u0119 Twoim importem z Chin!<\/p>\n<p>&nbsp;<\/p>\n<p><strong>Powa\u017cny import z Chin z najlepsz\u0105 mar\u017c\u0105 zysku<\/strong><\/p>\n<p>Chcemy dostarcza\u0107 zar\u00f3wno najlepsz\u0105 jako\u015b\u0107, jak i najni\u017csz\u0105 cen\u0119. Wk\u0142adamy w to wiele wysi\u0142ku i wykorzystujemy nasze wieloletnie do\u015bwiadczenie na rynku chi\u0144skim. Niezliczona ilo\u015b\u0107 zadowolonych partner\u00f3w biznesowych i dziesi\u0105tki sta\u0142ych klient\u00f3w pokazuj\u0105, \u017ce spe\u0142niamy nasze oczekiwania. Aby m\u00f3c to robi\u0107, za\u0142o\u017cyli\u015bmy w\u0142asne firmy dla kolejnych obszar\u00f3w importu z Chin:<\/p>\n<ul>\n<li>import4u &#8211; Zakupy i logistyka<\/li>\n<li>inspekt4u &#8211; Kontrola jako\u015bci i logistyka w Chinach<\/li>\n<li>e-Best &#8211; rynek handlowy e-commerce Agencji Frisch<\/li>\n<li>airbridge Consulting &#8211; specjalizacja w zakresie ogrzewania, ch\u0142odzenia i osuszania<\/li>\n<li>China Import Consult &#8211; specjalizuje si\u0119 w potrzebach du\u017cych korporacji<\/li>\n<li>stock4u &#8211; Magazynowanie i wysy\u0142ka<\/li>\n<li>Laboratorium badawcze BOTH &#8211; w\u0142asne badania laboratoryjne<\/li>\n<\/ul>\n<p>&nbsp;<\/p>\n<p><strong>Cieszymy si\u0119 na prac\u0119 dla Ciebie!<\/strong><\/p>\n<p>[\/et_pb_text][\/et_pb_column][\/et_pb_row][\/et_pb_section][et_pb_section fb_built=&#8221;1&#8243; admin_label=&#8221;Testimonials&#8221; _builder_version=&#8221;4.16&#8243; use_background_color_gradient=&#8221;on&#8221; background_color_gradient_stops=&#8221;rgba(0,106,156,0.85) 0%|rgba(0,106,156,0.85) 100%&#8221; background_color_gradient_start=&#8221;rgba(0,106,156,0.85)&#8221; background_color_gradient_end=&#8221;rgba(0,106,156,0.85)&#8221; custom_padding=&#8221;90px||60px|&#8221; animation_style=&#8221;fold&#8221; animation_direction=&#8221;bottom&#8221; animation_intensity_fold=&#8221;4%&#8221; global_colors_info=&#8221;{}&#8221;][et_pb_row _builder_version=&#8221;4.16&#8243; background_size=&#8221;initial&#8221; background_position=&#8221;top_left&#8221; background_repeat=&#8221;repeat&#8221; custom_width_px=&#8221;710px&#8221; locked=&#8221;off&#8221; global_colors_info=&#8221;{}&#8221;][et_pb_column type=&#8221;4_4&#8243; _builder_version=&#8221;4.16&#8243; background_position=&#8221;top_left&#8221; custom_padding=&#8221;|||&#8221; global_colors_info=&#8221;{}&#8221; custom_padding__hover=&#8221;|||&#8221;][et_pb_text admin_label=&#8221;Testimonials Section Title&#8221; _builder_version=&#8221;4.16&#8243; header_font=&#8221;Montserrat||||&#8221; header_font_size=&#8221;36px&#8221; background_size=&#8221;initial&#8221; background_position=&#8221;top_left&#8221; background_repeat=&#8221;repeat&#8221; text_orientation=&#8221;center&#8221; background_layout=&#8221;dark&#8221; max_width=&#8221;710px&#8221; module_alignment=&#8221;center&#8221; animation_style=&#8221;fold&#8221; animation_direction=&#8221;bottom&#8221; animation_intensity_fold=&#8221;20%&#8221; global_colors_info=&#8221;{}&#8221;]<\/p>\n<h1>Ponad 5000 zadowolonych klient\u00f3w.<\/h1>\n<p>&nbsp;<\/p>\n<p>[\/et_pb_text][et_pb_divider color=&#8221;#ffffff&#8221; divider_weight=&#8221;3px&#8221; disabled_on=&#8221;off|off|off&#8221; _builder_version=&#8221;4.16&#8243; background_color_gradient_direction=&#8221;90deg&#8221; max_width=&#8221;100px&#8221; module_alignment=&#8221;center&#8221; height=&#8221;5px&#8221; custom_margin=&#8221;||20px|&#8221; custom_padding=&#8221;||20px|&#8221; animation_style=&#8221;slide&#8221; animation_direction=&#8221;bottom&#8221; saved_tabs=&#8221;all&#8221; locked=&#8221;off&#8221; global_colors_info=&#8221;{}&#8221;][\/et_pb_divider][\/et_pb_column][\/et_pb_row][et_pb_row column_structure=&#8221;1_2,1_2&#8243; _builder_version=&#8221;4.18.1&#8243; _module_preset=&#8221;default&#8221; global_colors_info=&#8221;{}&#8221;][et_pb_column type=&#8221;1_2&#8243; _builder_version=&#8221;4.18.1&#8243; _module_preset=&#8221;default&#8221; global_colors_info=&#8221;{}&#8221;][et_pb_testimonial author=&#8221;Marco&#8221; portrait_url=&#8221;https:\/\/ag-frisch.com\/wp-content\/uploads\/2021\/08\/Harald.png&#8221; quote_icon=&#8221;off&#8221; _builder_version=&#8221;4.18.1&#8243; _module_preset=&#8221;default&#8221; body_font_size=&#8221;16px&#8221; use_background_color=&#8221;off&#8221; background_layout=&#8221;dark&#8221; global_colors_info=&#8221;{}&#8221;]Zleci\u0142em agencji Frisch wyprodukowanie du\u017cego mebla w Chinach, a nast\u0119pnie sprowadzenie go do Niemiec. Przez ca\u0142y czas by\u0142a sprawna komunikacja mailowa! Bardzo szybkie i rzetelne odpowiedzi stale dodawa\u0142y mi otuchy, kt\u00f3ra jest niezb\u0119dna w takim przedsi\u0119wzi\u0119ciu. Przez ca\u0142y czas pomagano mi przebrn\u0105\u0107 przez biurokratyczny g\u0105szcz, nie zapomniano o \u017cadnym formularzu ani nie wype\u0142niono go b\u0142\u0119dnie. Bardzo godne pochwa\u0142y!<a href=\"&lt;div%20class=%22pe-richsnippets%22&gt;&nbsp;&lt;\/div&gt;%20&lt;script%20type=%22text\/javascript%22%20src=%22https:\/\/www.provenexpert.com\/widget\/richsnippet.js?u=1NUA0VwZ4RUZ5tmAi5zA4RaplNKAlWwZ&amp;v=2%22%20async&gt;&lt;\/script&gt;%20&lt;div%20style=%22text-align:%20justify;%22&gt;&lt;br%20\/&gt;\"><\/a><\/p>\n<div class=\"brow ratingBarMargin\">\n<div class=\"ratingBar\">\n<div class=\"brow\">\n<div class=\"pe-richsnippets\">&nbsp;<\/div>\n<p><script type=\"text\/javascript\" src=\"https:\/\/www.provenexpert.com\/widget\/richsnippet.js?u=1NUA0VwZ4RUZ5tmAi5zA4RaplNKAlWwZ&amp;v=2\" async=\"\"><\/script><\/p>\n<div style=\"text-align: justify;\"><\/p>\n<div class=\"col-lg-9 col-md-8 col-xs-10 mt20 mb20\">\n<div class=\"col-xs-12 surveyNameForRating\"><\/div>\n<\/div>\n<\/div>\n<\/div>\n<\/div>\n<\/div>\n<p>[\/et_pb_testimonial][\/et_pb_column][et_pb_column type=&#8221;1_2&#8243; _builder_version=&#8221;4.18.1&#8243; _module_preset=&#8221;default&#8221; global_colors_info=&#8221;{}&#8221;][et_pb_testimonial author=&#8221;Simone L.&#8221; portrait_url=&#8221;https:\/\/ag-frisch.com\/wp-content\/uploads\/2021\/08\/Harald.png&#8221; quote_icon=&#8221;off&#8221; _builder_version=&#8221;4.18.1&#8243; _module_preset=&#8221;default&#8221; body_font_size=&#8221;16px&#8221; use_background_color=&#8221;off&#8221; background_layout=&#8221;dark&#8221; global_colors_info=&#8221;{}&#8221;]<\/p>\n<p>Ca\u0142a g\u00f3ra. Nie ma nic lepszego ni\u017c to. Doradzanie i wdra\u017canie nie mo\u017ce by\u0107 zrobione lepiej. Jeste\u015bmy bardziej ni\u017c zadowoleni po kilku zam\u00f3wieniach z t\u0105 firm\u0105 i kontynuowa\u0107 nasz\u0105 wsp\u00f3\u0142prac\u0119.<\/p>\n<div class=\"brow ratingBarMargin\">\n<div class=\"ratingBar\">\n<div class=\"brow\">\n<div class=\"pe-richsnippets\"> <\/div>\n<p>\n<script type=\"text\/javascript\" src=\"https:\/\/www.provenexpert.com\/widget\/richsnippet.js?u=1NUA0VwZ4RUZ5tmAi5zA4RaplNKAlWwZ&amp;v=2\" async=\"\"><\/script>\n<\/p>\n<div style=\"text-align: justify;\">\n<p>&nbsp;<\/p>\n<div class=\"col-lg-9 col-md-8 col-xs-10 mt20 mb20\">\n<div class=\"col-xs-12 surveyNameForRating\"><\/div>\n<\/div>\n<\/div>\n<\/div>\n<\/div>\n<\/div>\n<p>[\/et_pb_testimonial][\/et_pb_column][\/et_pb_row][et_pb_row _builder_version=&#8221;4.16&#8243; background_size=&#8221;initial&#8221; background_position=&#8221;top_left&#8221; background_repeat=&#8221;repeat&#8221; custom_padding=&#8221;50px|0px|30px|0px&#8221; custom_css_main_element=&#8221;text-align: center;&#8221; global_colors_info=&#8221;{}&#8221;][et_pb_column type=&#8221;4_4&#8243; _builder_version=&#8221;4.16&#8243; custom_padding=&#8221;|||&#8221; global_colors_info=&#8221;{}&#8221; custom_padding__hover=&#8221;|||&#8221;][et_pb_button button_url=&#8221;https:\/\/www.provenexpert.com\/de-de\/agentur-frisch-international-consulting-gmbh-und-co-kg\/&#8221; button_text=&#8221;WI\u0118CEJ OCEN&#8221; button_alignment=&#8221;left&#8221; admin_label=&#8221;Testimonial Button&#8221; _builder_version=&#8221;4.16&#8243; custom_button=&#8221;on&#8221; button_text_size=&#8221;18px&#8221; button_text_color=&#8221;#ffffff&#8221; button_bg_color=&#8221;#6eba01&#8243; button_border_width=&#8221;2px&#8221; button_border_color=&#8221;#6eba01&#8243; button_border_radius=&#8221;0px&#8221; button_letter_spacing=&#8221;2px&#8221; button_font=&#8221;Montserrat|||on|&#8221; button_use_icon=&#8221;off&#8221; animation_style=&#8221;fold&#8221; animation_direction=&#8221;bottom&#8221; button_text_color_hover=&#8221;#ffffff&#8221; button_border_color_hover=&#8221;#ffffff&#8221; button_border_radius_hover=&#8221;0px&#8221; button_letter_spacing_hover=&#8221;2px&#8221; button_bg_color_hover=&#8221;rgba(255,255,255,0)&#8221; locked=&#8221;off&#8221; global_colors_info=&#8221;{}&#8221; button_text_size__hover_enabled=&#8221;off&#8221; button_one_text_size__hover_enabled=&#8221;off&#8221; button_two_text_size__hover_enabled=&#8221;off&#8221; button_text_color__hover_enabled=&#8221;on&#8221; button_text_color__hover=&#8221;#ffffff&#8221; button_one_text_color__hover_enabled=&#8221;off&#8221; button_two_text_color__hover_enabled=&#8221;off&#8221; button_border_width__hover_enabled=&#8221;off&#8221; button_one_border_width__hover_enabled=&#8221;off&#8221; button_two_border_width__hover_enabled=&#8221;off&#8221; button_border_color__hover_enabled=&#8221;on&#8221; button_border_color__hover=&#8221;#ffffff&#8221; button_one_border_color__hover_enabled=&#8221;off&#8221; button_two_border_color__hover_enabled=&#8221;off&#8221; button_border_radius__hover_enabled=&#8221;on&#8221; button_border_radius__hover=&#8221;0px&#8221; button_one_border_radius__hover_enabled=&#8221;off&#8221; button_two_border_radius__hover_enabled=&#8221;off&#8221; button_letter_spacing__hover_enabled=&#8221;on&#8221; button_letter_spacing__hover=&#8221;2px&#8221; button_one_letter_spacing__hover_enabled=&#8221;off&#8221; button_two_letter_spacing__hover_enabled=&#8221;off&#8221; button_bg_color__hover_enabled=&#8221;on&#8221; button_bg_color__hover=&#8221;rgba(255,255,255,0)&#8221; button_one_bg_color__hover_enabled=&#8221;off&#8221; button_two_bg_color__hover_enabled=&#8221;off&#8221;][\/et_pb_button][\/et_pb_column][\/et_pb_row][\/et_pb_section]<\/p>\n","protected":false},"excerpt":{"rendered":"<p>Dzi\u0119ki poradom Agencji Importu Chin Frisch uda Ci si\u0119 prowadzi\u0107 interesy z Chinami tak, jakby robili to profesjonali\u015bci. Tw\u00f3j import z Chin dla towar\u00f3w elektrycznych i urz\u0105dze\u0144 kuchennych z Chin Przybory kuchenne i artyku\u0142y elektryczne z Chin Kupuj ma\u0142e urz\u0105dzenia, urz\u0105dzenia kuchenne i artyku\u0142y elektryczne bezpo\u015brednio od producenta Kupuj\u0105c bezpo\u015brednio od producenta w Chinach mo\u017cna [&hellip;]<\/p>\n","protected":false},"author":2,"featured_media":0,"parent":0,"menu_order":0,"comment_status":"closed","ping_status":"closed","template":"","meta":{"_et_pb_use_builder":"on","_et_pb_old_content":"","_et_gb_content_width":"","footnotes":""},"class_list":["post-11310","page","type-page","status-publish","hentry"],"yoast_head":"<!-- This site is optimized with the Yoast SEO plugin v27.2 - https:\/\/yoast.com\/product\/yoast-seo-wordpress\/ -->\n<title>Urz\u0105dzenia kuchenne z Chin | Import towar\u00f3w elektrycznych z Chin<\/title>\n<meta name=\"description\" content=\"Importuj urz\u0105dzenia kuchenne \u0142atwo z Chin \u25ba Wiele artyku\u0142\u00f3w elektrycznych bezpo\u015brednio z Chin \u2714 Piekarniki \u2714 Lod\u00f3wki \u2714 Mikrofal\u00f3wki \u25ba Uzyskaj porad\u0119 teraz!\" \/>\n<meta name=\"robots\" content=\"index, follow, max-snippet:-1, max-image-preview:large, max-video-preview:-1\" \/>\n<link rel=\"canonical\" href=\"https:\/\/ag-frisch.com\/pl\/przybory-kuchenne-z-chin\/\" \/>\n<meta property=\"og:locale\" content=\"pl_PL\" \/>\n<meta property=\"og:type\" content=\"article\" \/>\n<meta property=\"og:title\" content=\"Urz\u0105dzenia kuchenne z Chin | Import towar\u00f3w elektrycznych z Chin\" \/>\n<meta property=\"og:description\" content=\"Importuj urz\u0105dzenia kuchenne \u0142atwo z Chin \u25ba Wiele artyku\u0142\u00f3w elektrycznych bezpo\u015brednio z Chin \u2714 Piekarniki \u2714 Lod\u00f3wki \u2714 Mikrofal\u00f3wki \u25ba Uzyskaj porad\u0119 teraz!\" \/>\n<meta property=\"og:url\" content=\"https:\/\/ag-frisch.com\/pl\/przybory-kuchenne-z-chin\/\" \/>\n<meta property=\"og:site_name\" content=\"China Import Beratung f\u00fcr den Einkauf aus China\" \/>\n<meta property=\"article:publisher\" content=\"https:\/\/www.facebook.com\/China.Import\" \/>\n<meta property=\"article:modified_time\" content=\"2023-01-27T04:28:32+00:00\" \/>\n<meta name=\"twitter:card\" content=\"summary_large_image\" \/>\n<meta name=\"twitter:site\" content=\"@agenturfrisch\" \/>\n<meta name=\"twitter:label1\" content=\"Szacowany czas czytania\" \/>\n\t<meta name=\"twitter:data1\" content=\"8 minut\" \/>\n<script type=\"application\/ld+json\" class=\"yoast-schema-graph\">{\"@context\":\"https:\/\/schema.org\",\"@graph\":[{\"@type\":\"WebPage\",\"@id\":\"https:\/\/ag-frisch.com\/pl\/przybory-kuchenne-z-chin\/\",\"url\":\"https:\/\/ag-frisch.com\/pl\/przybory-kuchenne-z-chin\/\",\"name\":\"Urz\u0105dzenia kuchenne z Chin | Import towar\u00f3w elektrycznych z Chin\",\"isPartOf\":{\"@id\":\"https:\/\/ag-frisch.com\/de\/#website\"},\"datePublished\":\"2022-05-09T21:23:46+00:00\",\"dateModified\":\"2023-01-27T04:28:32+00:00\",\"description\":\"Importuj urz\u0105dzenia kuchenne \u0142atwo z Chin \u25ba Wiele artyku\u0142\u00f3w elektrycznych bezpo\u015brednio z Chin \u2714 Piekarniki \u2714 Lod\u00f3wki \u2714 Mikrofal\u00f3wki \u25ba Uzyskaj porad\u0119 teraz!\",\"breadcrumb\":{\"@id\":\"https:\/\/ag-frisch.com\/pl\/przybory-kuchenne-z-chin\/#breadcrumb\"},\"inLanguage\":\"pl-PL\",\"potentialAction\":[{\"@type\":\"ReadAction\",\"target\":[\"https:\/\/ag-frisch.com\/pl\/przybory-kuchenne-z-chin\/\"]}]},{\"@type\":\"BreadcrumbList\",\"@id\":\"https:\/\/ag-frisch.com\/pl\/przybory-kuchenne-z-chin\/#breadcrumb\",\"itemListElement\":[{\"@type\":\"ListItem\",\"position\":1,\"name\":\"Startseite\",\"item\":\"https:\/\/ag-frisch.com\/de\/\"},{\"@type\":\"ListItem\",\"position\":2,\"name\":\"Przybory kuchenne z Chin\"}]},{\"@type\":\"WebSite\",\"@id\":\"https:\/\/ag-frisch.com\/de\/#website\",\"url\":\"https:\/\/ag-frisch.com\/de\/\",\"name\":\"China Import Beratung f\u00fcr den Einkauf aus China\",\"description\":\"China Import &amp; Export Beratung - Der Dienstleister Ihres Vertrauens f\u00fcr Ihren China Import\",\"publisher\":{\"@id\":\"https:\/\/ag-frisch.com\/de\/#organization\"},\"potentialAction\":[{\"@type\":\"SearchAction\",\"target\":{\"@type\":\"EntryPoint\",\"urlTemplate\":\"https:\/\/ag-frisch.com\/de\/?s={search_term_string}\"},\"query-input\":{\"@type\":\"PropertyValueSpecification\",\"valueRequired\":true,\"valueName\":\"search_term_string\"}}],\"inLanguage\":\"pl-PL\"},{\"@type\":\"Organization\",\"@id\":\"https:\/\/ag-frisch.com\/de\/#organization\",\"name\":\"Agentur Frisch International Consulting GmbH & Co. KG\",\"url\":\"https:\/\/ag-frisch.com\/de\/\",\"logo\":{\"@type\":\"ImageObject\",\"inLanguage\":\"pl-PL\",\"@id\":\"https:\/\/ag-frisch.com\/de\/#\/schema\/logo\/image\/\",\"url\":\"https:\/\/ag-frisch.com\/wp-content\/uploads\/2021\/08\/ag_logo_rgb_300_small.png\",\"contentUrl\":\"https:\/\/ag-frisch.com\/wp-content\/uploads\/2021\/08\/ag_logo_rgb_300_small.png\",\"width\":153,\"height\":102,\"caption\":\"Agentur Frisch International Consulting GmbH & Co. KG\"},\"image\":{\"@id\":\"https:\/\/ag-frisch.com\/de\/#\/schema\/logo\/image\/\"},\"sameAs\":[\"https:\/\/www.facebook.com\/China.Import\",\"https:\/\/x.com\/agenturfrisch\"]}]}<\/script>\n<!-- \/ Yoast SEO plugin. -->","yoast_head_json":{"title":"Urz\u0105dzenia kuchenne z Chin | Import towar\u00f3w elektrycznych z Chin","description":"Importuj urz\u0105dzenia kuchenne \u0142atwo z Chin \u25ba Wiele artyku\u0142\u00f3w elektrycznych bezpo\u015brednio z Chin \u2714 Piekarniki \u2714 Lod\u00f3wki \u2714 Mikrofal\u00f3wki \u25ba Uzyskaj porad\u0119 teraz!","robots":{"index":"index","follow":"follow","max-snippet":"max-snippet:-1","max-image-preview":"max-image-preview:large","max-video-preview":"max-video-preview:-1"},"canonical":"https:\/\/ag-frisch.com\/pl\/przybory-kuchenne-z-chin\/","og_locale":"pl_PL","og_type":"article","og_title":"Urz\u0105dzenia kuchenne z Chin | Import towar\u00f3w elektrycznych z Chin","og_description":"Importuj urz\u0105dzenia kuchenne \u0142atwo z Chin \u25ba Wiele artyku\u0142\u00f3w elektrycznych bezpo\u015brednio z Chin \u2714 Piekarniki \u2714 Lod\u00f3wki \u2714 Mikrofal\u00f3wki \u25ba Uzyskaj porad\u0119 teraz!","og_url":"https:\/\/ag-frisch.com\/pl\/przybory-kuchenne-z-chin\/","og_site_name":"China Import Beratung f\u00fcr den Einkauf aus China","article_publisher":"https:\/\/www.facebook.com\/China.Import","article_modified_time":"2023-01-27T04:28:32+00:00","twitter_card":"summary_large_image","twitter_site":"@agenturfrisch","twitter_misc":{"Szacowany czas czytania":"8 minut"},"schema":{"@context":"https:\/\/schema.org","@graph":[{"@type":"WebPage","@id":"https:\/\/ag-frisch.com\/pl\/przybory-kuchenne-z-chin\/","url":"https:\/\/ag-frisch.com\/pl\/przybory-kuchenne-z-chin\/","name":"Urz\u0105dzenia kuchenne z Chin | Import towar\u00f3w elektrycznych z Chin","isPartOf":{"@id":"https:\/\/ag-frisch.com\/de\/#website"},"datePublished":"2022-05-09T21:23:46+00:00","dateModified":"2023-01-27T04:28:32+00:00","description":"Importuj urz\u0105dzenia kuchenne \u0142atwo z Chin \u25ba Wiele artyku\u0142\u00f3w elektrycznych bezpo\u015brednio z Chin \u2714 Piekarniki \u2714 Lod\u00f3wki \u2714 Mikrofal\u00f3wki \u25ba Uzyskaj porad\u0119 teraz!","breadcrumb":{"@id":"https:\/\/ag-frisch.com\/pl\/przybory-kuchenne-z-chin\/#breadcrumb"},"inLanguage":"pl-PL","potentialAction":[{"@type":"ReadAction","target":["https:\/\/ag-frisch.com\/pl\/przybory-kuchenne-z-chin\/"]}]},{"@type":"BreadcrumbList","@id":"https:\/\/ag-frisch.com\/pl\/przybory-kuchenne-z-chin\/#breadcrumb","itemListElement":[{"@type":"ListItem","position":1,"name":"Startseite","item":"https:\/\/ag-frisch.com\/de\/"},{"@type":"ListItem","position":2,"name":"Przybory kuchenne z Chin"}]},{"@type":"WebSite","@id":"https:\/\/ag-frisch.com\/de\/#website","url":"https:\/\/ag-frisch.com\/de\/","name":"China Import Beratung f\u00fcr den Einkauf aus China","description":"China Import &amp; Export Beratung - Der Dienstleister Ihres Vertrauens f\u00fcr Ihren China Import","publisher":{"@id":"https:\/\/ag-frisch.com\/de\/#organization"},"potentialAction":[{"@type":"SearchAction","target":{"@type":"EntryPoint","urlTemplate":"https:\/\/ag-frisch.com\/de\/?s={search_term_string}"},"query-input":{"@type":"PropertyValueSpecification","valueRequired":true,"valueName":"search_term_string"}}],"inLanguage":"pl-PL"},{"@type":"Organization","@id":"https:\/\/ag-frisch.com\/de\/#organization","name":"Agentur Frisch International Consulting GmbH & Co. KG","url":"https:\/\/ag-frisch.com\/de\/","logo":{"@type":"ImageObject","inLanguage":"pl-PL","@id":"https:\/\/ag-frisch.com\/de\/#\/schema\/logo\/image\/","url":"https:\/\/ag-frisch.com\/wp-content\/uploads\/2021\/08\/ag_logo_rgb_300_small.png","contentUrl":"https:\/\/ag-frisch.com\/wp-content\/uploads\/2021\/08\/ag_logo_rgb_300_small.png","width":153,"height":102,"caption":"Agentur Frisch International Consulting GmbH & Co. KG"},"image":{"@id":"https:\/\/ag-frisch.com\/de\/#\/schema\/logo\/image\/"},"sameAs":["https:\/\/www.facebook.com\/China.Import","https:\/\/x.com\/agenturfrisch"]}]}},"_links":{"self":[{"href":"https:\/\/ag-frisch.com\/pl\/wp-json\/wp\/v2\/pages\/11310","targetHints":{"allow":["GET"]}}],"collection":[{"href":"https:\/\/ag-frisch.com\/pl\/wp-json\/wp\/v2\/pages"}],"about":[{"href":"https:\/\/ag-frisch.com\/pl\/wp-json\/wp\/v2\/types\/page"}],"author":[{"embeddable":true,"href":"https:\/\/ag-frisch.com\/pl\/wp-json\/wp\/v2\/users\/2"}],"replies":[{"embeddable":true,"href":"https:\/\/ag-frisch.com\/pl\/wp-json\/wp\/v2\/comments?post=11310"}],"version-history":[{"count":0,"href":"https:\/\/ag-frisch.com\/pl\/wp-json\/wp\/v2\/pages\/11310\/revisions"}],"wp:attachment":[{"href":"https:\/\/ag-frisch.com\/pl\/wp-json\/wp\/v2\/media?parent=11310"}],"curies":[{"name":"wp","href":"https:\/\/api.w.org\/{rel}","templated":true}]}}