{"id":11486,"date":"2022-05-12T07:13:12","date_gmt":"2022-05-12T05:13:12","guid":{"rendered":"https:\/\/ag-frisch.com\/meble-z-chin\/"},"modified":"2023-01-27T05:29:43","modified_gmt":"2023-01-27T04:29:43","slug":"meble-z-chin","status":"publish","type":"page","link":"https:\/\/ag-frisch.com\/pl\/meble-z-chin\/","title":{"rendered":"Meble z Chin"},"content":{"rendered":"<p>[et_pb_section fb_built=&#8221;1&#8243; _builder_version=&#8221;4.16&#8243; _module_preset=&#8221;default&#8221; global_colors_info=&#8221;{}&#8221;][et_pb_row _builder_version=&#8221;4.18.1&#8243; _module_preset=&#8221;default&#8221; global_colors_info=&#8221;{}&#8221;][et_pb_column type=&#8221;4_4&#8243; _builder_version=&#8221;4.18.1&#8243; _module_preset=&#8221;default&#8221; global_colors_info=&#8221;{}&#8221;][et_pb_cta title=&#8221;Import mebli z Chin&#8221; button_url=&#8221;https:\/\/ag-frisch.com\/pl\/kontakt\/&#8221; button_text=&#8221;Importuj meble z Chin przez ekspert\u00f3w ju\u017c teraz&#8221; _builder_version=&#8221;4.18.1&#8243; _module_preset=&#8221;default&#8221; global_colors_info=&#8221;{}&#8221;]<\/p>\n<p>Specjalizujemy si\u0119 mi\u0119dzy innymi w imporcie mebli z Chin. Nasz specjalistyczny dzia\u0142 mebli z Chin ch\u0119tnie wesprze Pa\u0144stwa w realizacji projektu.  <\/p>\n<p>[\/et_pb_cta][\/et_pb_column][\/et_pb_row][et_pb_row _builder_version=&#8221;4.16&#8243; _module_preset=&#8221;default&#8221; global_colors_info=&#8221;{}&#8221;][et_pb_column type=&#8221;4_4&#8243; _builder_version=&#8221;4.16&#8243; _module_preset=&#8221;default&#8221; global_colors_info=&#8221;{}&#8221;][et_pb_text _builder_version=&#8221;4.16&#8243; _module_preset=&#8221;default&#8221; global_colors_info=&#8221;{}&#8221;]<\/p>\n<h3><strong>Meble i ma\u0142e meble z Chin<\/strong><\/h3>\n<p><strong>Meble i artyku\u0142y dekoracyjne dla domu bezpo\u015brednio od producenta<\/strong><\/p>\n<p>Meble to towar, kt\u00f3ry zawsze si\u0119 sprzedaje: Nawet w czasach kryzysu ludzie doposa\u017caj\u0105 swoje domy. Jako hurtownik mo\u017cesz uzyska\u0107 znaczne mar\u017ce z niskich cen podczas importu mebli z Chin. Wiele produkuje si\u0119 tu po znacznie ni\u017cszych kosztach; to zaleta, kt\u00f3ra dos\u0142ownie op\u0142aca si\u0119 Pa\u0144stwu. Ale ci, kt\u00f3rzy nie maj\u0105 \u017cadnych powi\u0105za\u0144 z chi\u0144skim rynkiem, mog\u0105 do\u015bwiadczy\u0107 przykrych niespodzianek, gdy pr\u00f3buj\u0105 zrobi\u0107 tam zakupy &#8211; a w najgorszym wypadku znale\u017a\u0107 si\u0119 bez pieni\u0119dzy i towar\u00f3w.<\/p>\n<p>Agencja importowa Frisch oferuje zatem us\u0142ugi, kt\u00f3re mo\u017cna zrealizowa\u0107 tylko dzi\u0119ki do\u015bwiadczeniu i know-how. Mamy d\u0142ugoletnie kontakty handlowe z niezawodnymi partnerami handlowymi i wiemy, jak z wyprzedzeniem sporz\u0105dza\u0107 umowy, przeprowadza\u0107 kontrole jako\u015bci, a tak\u017ce organizowa\u0107 transport, aby wszystko przebiega\u0142o sprawnie i dotar\u0142o do nas nieuszkodzone i kompletne. Czy to cz\u0119\u015bci samochodowe, \u017cywno\u015b\u0107, sprz\u0119t AGD czy meble z Chin &#8211; jeste\u015bmy Twoim idealnym kontaktem.<\/p>\n<p>&nbsp;<\/p>\n<p><strong>Wszystko do salonu &#8211; meble z Chin w du\u017cych ilo\u015bciach<\/strong><\/p>\n<p>Od sofy, poprzez stolik kawowy, a\u017c po rega\u0142 &#8211; nasi producenci z Chin mog\u0105 zaoferowa\u0107 Pa\u0144stwu wszystko, co znajdzie miejsce w niemieckim salonie. Obs\u0142ugiwana jest szeroka gama styl\u00f3w i realizowany jest ka\u017cdy po\u017c\u0105dany poziom jako\u015bci. Od niedrogiej jednostki \u015bciennej do obr\u00f3conego bufetu, nie ma granic wyobra\u017ani dla Twojego importu mebli z Chin. Przeanalizuj razem z nami swoje potrzeby podczas wst\u0119pnej konsultacji i powiedz nam, co masz na my\u015bli. Znajdziemy dla Pa\u0144stwa najbardziej odpowiedniego producenta i om\u00f3wimy dalsze kroki i mo\u017cliwo\u015bci.<\/p>\n<p>Te meble do salonu mo\u017cna kupi\u0107 mi\u0119dzy innymi u nas:<\/p>\n<ul>\n<li>P\u00f3\u0142ki<\/li>\n<li>Szafy i gabloty<\/li>\n<li>Sofy, grupy wypoczynkowe i fotele<\/li>\n<li>Sto\u0142y i stoliki kawowe<\/li>\n<\/ul>\n<p>&nbsp;<\/p>\n<p><strong>Meble do sypialni i wi\u0119cej z Chin<\/strong><\/p>\n<p>Nasi partnerzy handlowi produkuj\u0105 r\u00f3wnie\u017c meble do sypialni i ca\u0142e serie sypialni do sprzeda\u017cy w Niemczech. Naturalnie przetestowane na obecno\u015b\u0107 szkodliwych substancji i starannie wykonane. Otrzymujesz w niskich cenach np:<\/p>\n<ul>\n<li>\u0141\u00f3\u017cka (\u0142\u00f3\u017cka pojedyncze, \u0142\u00f3\u017cka podw\u00f3jne)<\/li>\n<li>Materace, Toppery<\/li>\n<li>Stoliki nocne, konsole<\/li>\n<li>Lustro<\/li>\n<li>Szafy<\/li>\n<\/ul>\n<p>&nbsp;<\/p>\n<p><strong>Sto\u0142y i krzes\u0142a z Chin: Wyposa\u017cenie jadalni bezpo\u015brednio od producenta<\/strong><\/p>\n<p>W chi\u0144skiej agencji Frisch mo\u017cna r\u00f3wnie\u017c naby\u0107 stylowe grupy do jadalni oraz kompletne wyposa\u017cenie jadalni. Krzes\u0142a z Chin, sto\u0142y z Chin i wszystko inne co potrzebne do jadalni, sprowadzamy dla Pa\u0144stwa w bezkonkurencyjnych cenach, szybko i solidnie.<\/p>\n<p>&nbsp;<\/p>\n<p><strong>Chi\u0144ski przyw\u00f3z dywan\u00f3w i tekstyli\u00f3w domowych<\/strong><\/p>\n<p>Za naszym po\u015brednictwem mo\u017cna naby\u0107 nie tylko sto\u0142y i krzes\u0142a z Chin, ale tak\u017ce wszelkie artyku\u0142y z zakresu tekstyli\u00f3w domowych, takie jak zas\u0142ony czy obrusy. Ponadto mo\u017cemy zapewni\u0107 Pa\u0144stwu najlepsze kontakty handlowe z producentami dywan\u00f3w: Chi\u0144skie dywany s\u0105 znane na ca\u0142ym \u015bwiecie ze swojej wysokiej jako\u015bci i niepowtarzalnego pi\u0119kna. Opr\u00f3cz klasycznych dywan\u00f3w z Chin, mo\u017cna r\u00f3wnie\u017c kupi\u0107 w du\u017cych ilo\u015bciach bezpo\u015brednio od producenta dywany zachodnie i arabskie.<\/p>\n<p>&nbsp;<\/p>\n<p><strong>Inne produkty w kategorii Meble i ma\u0142e wyposa\u017cenie z Chin<\/strong><\/p>\n<p>Skorzystaj z niskich cen przy imporcie mebli \u0142azienkowych oraz ca\u0142ych serii mebli do pokoj\u00f3w niemowl\u0119cych i dzieci\u0119cych, a tak\u017ce ma\u0142ych mebli z Chin. Od przewijak\u00f3w po baseny, ka\u017cdy zakup mebli z Chin mo\u017ce by\u0107 dokonany za naszym po\u015brednictwem.<\/p>\n<p>&nbsp;<\/p>\n<p><strong>Ca\u0142y import z Chin z jednego \u017ar\u00f3d\u0142a<\/strong><\/p>\n<p>Agentur Frisch uwa\u017ca si\u0119 za Pa\u0144stwa partnera w ca\u0142ym procesie importu z Chin, od wyszukiwania producent\u00f3w i zamawiania pr\u00f3bek do kontroli produkcji i logistyki transportu. Zajmujemy si\u0119 dla Pa\u0144stwa certyfikacj\u0105 i oznakowaniem, za\u0142atwiamy wa\u017cne kwestie zgodno\u015bci i przeprowadzamy w\u0142asne badania laboratoryjne. Towary, kt\u00f3re zakupicie Pa\u0144stwo za naszym po\u015brednictwem s\u0105 zdecydowanie bezb\u0142\u0119dne pod wzgl\u0119dem niemieckich standard\u00f3w i wytycznych. Wspieramy Ci\u0119 we wszystkich aspektach Twojego importu do Chin, aby\u015b by\u0142 w pe\u0142ni zadowolony.<\/p>\n<p>&nbsp;<\/p>\n<p><strong>Skontaktuj si\u0119 z nami, a znajdziemy optymalne rozwi\u0105zanie importowe r\u00f3wnie\u017c dla Ciebie!<\/strong><\/p>\n<p>[\/et_pb_text][\/et_pb_column][\/et_pb_row][\/et_pb_section][et_pb_section fb_built=&#8221;1&#8243; admin_label=&#8221;Testimonials&#8221; _builder_version=&#8221;4.16&#8243; use_background_color_gradient=&#8221;on&#8221; background_color_gradient_stops=&#8221;rgba(0,106,156,0.85) 0%|rgba(0,106,156,0.85) 100%&#8221; background_color_gradient_start=&#8221;rgba(0,106,156,0.85)&#8221; background_color_gradient_end=&#8221;rgba(0,106,156,0.85)&#8221; custom_padding=&#8221;90px||60px|&#8221; animation_style=&#8221;fold&#8221; animation_direction=&#8221;bottom&#8221; animation_intensity_fold=&#8221;4%&#8221; global_colors_info=&#8221;{}&#8221;][et_pb_row _builder_version=&#8221;4.16&#8243; background_size=&#8221;initial&#8221; background_position=&#8221;top_left&#8221; background_repeat=&#8221;repeat&#8221; custom_width_px=&#8221;710px&#8221; locked=&#8221;off&#8221; global_colors_info=&#8221;{}&#8221;][et_pb_column type=&#8221;4_4&#8243; _builder_version=&#8221;4.16&#8243; background_position=&#8221;top_left&#8221; custom_padding=&#8221;|||&#8221; global_colors_info=&#8221;{}&#8221; custom_padding__hover=&#8221;|||&#8221;][et_pb_text admin_label=&#8221;Testimonials Section Title&#8221; _builder_version=&#8221;4.16&#8243; header_font=&#8221;Montserrat||||&#8221; header_font_size=&#8221;36px&#8221; background_size=&#8221;initial&#8221; background_position=&#8221;top_left&#8221; background_repeat=&#8221;repeat&#8221; text_orientation=&#8221;center&#8221; background_layout=&#8221;dark&#8221; max_width=&#8221;710px&#8221; module_alignment=&#8221;center&#8221; animation_style=&#8221;fold&#8221; animation_direction=&#8221;bottom&#8221; animation_intensity_fold=&#8221;20%&#8221; global_colors_info=&#8221;{}&#8221;]<\/p>\n<h1>Ponad 5000 zadowolonych klient\u00f3w.<\/h1>\n<p>&nbsp;<\/p>\n<p>[\/et_pb_text][et_pb_divider color=&#8221;#ffffff&#8221; divider_weight=&#8221;3px&#8221; disabled_on=&#8221;off|off|off&#8221; _builder_version=&#8221;4.16&#8243; background_color_gradient_direction=&#8221;90deg&#8221; max_width=&#8221;100px&#8221; module_alignment=&#8221;center&#8221; height=&#8221;5px&#8221; custom_margin=&#8221;||20px|&#8221; custom_padding=&#8221;||20px|&#8221; animation_style=&#8221;slide&#8221; animation_direction=&#8221;bottom&#8221; saved_tabs=&#8221;all&#8221; locked=&#8221;off&#8221; global_colors_info=&#8221;{}&#8221;][\/et_pb_divider][\/et_pb_column][\/et_pb_row][et_pb_row column_structure=&#8221;1_2,1_2&#8243; _builder_version=&#8221;4.18.1&#8243; _module_preset=&#8221;default&#8221; global_colors_info=&#8221;{}&#8221;][et_pb_column type=&#8221;1_2&#8243; _builder_version=&#8221;4.18.1&#8243; _module_preset=&#8221;default&#8221; global_colors_info=&#8221;{}&#8221;][et_pb_testimonial author=&#8221;Marco&#8221; portrait_url=&#8221;https:\/\/ag-frisch.com\/wp-content\/uploads\/2021\/08\/Harald.png&#8221; quote_icon=&#8221;off&#8221; _builder_version=&#8221;4.18.1&#8243; _module_preset=&#8221;default&#8221; body_font_size=&#8221;16px&#8221; use_background_color=&#8221;off&#8221; background_layout=&#8221;dark&#8221; global_colors_info=&#8221;{}&#8221;]Zleci\u0142em agencji Frisch wyprodukowanie du\u017cego mebla w Chinach, a nast\u0119pnie sprowadzenie go do Niemiec. Przez ca\u0142y czas by\u0142a sprawna komunikacja mailowa! Bardzo szybkie i rzetelne odpowiedzi stale dodawa\u0142y mi otuchy, kt\u00f3ra jest niezb\u0119dna w takim przedsi\u0119wzi\u0119ciu. Przez ca\u0142y czas pomagano mi przebrn\u0105\u0107 przez biurokratyczny g\u0105szcz, nie zapomniano o \u017cadnym formularzu ani nie wype\u0142niono go b\u0142\u0119dnie. Bardzo godne pochwa\u0142y!<a href=\"&lt;div%20class=%22pe-richsnippets%22&gt;&nbsp;&lt;\/div&gt;%20&lt;script%20type=%22text\/javascript%22%20src=%22https:\/\/www.provenexpert.com\/widget\/richsnippet.js?u=1NUA0VwZ4RUZ5tmAi5zA4RaplNKAlWwZ&amp;v=2%22%20async&gt;&lt;\/script&gt;%20&lt;div%20style=%22text-align:%20justify;%22&gt;&lt;br%20\/&gt;\"><\/a><\/p>\n<div class=\"brow ratingBarMargin\">\n<div class=\"ratingBar\">\n<div class=\"brow\">\n<div class=\"pe-richsnippets\">&nbsp;<\/div>\n<p><script type=\"text\/javascript\" src=\"https:\/\/www.provenexpert.com\/widget\/richsnippet.js?u=1NUA0VwZ4RUZ5tmAi5zA4RaplNKAlWwZ&amp;v=2\" async=\"\"><\/script><\/p>\n<div style=\"text-align: justify;\"><\/p>\n<div class=\"col-lg-9 col-md-8 col-xs-10 mt20 mb20\">\n<div class=\"col-xs-12 surveyNameForRating\"><\/div>\n<\/div>\n<\/div>\n<\/div>\n<\/div>\n<\/div>\n<p>[\/et_pb_testimonial][\/et_pb_column][et_pb_column type=&#8221;1_2&#8243; _builder_version=&#8221;4.18.1&#8243; _module_preset=&#8221;default&#8221; global_colors_info=&#8221;{}&#8221;][et_pb_testimonial author=&#8221;Simone L.&#8221; portrait_url=&#8221;https:\/\/ag-frisch.com\/wp-content\/uploads\/2021\/08\/Harald.png&#8221; quote_icon=&#8221;off&#8221; _builder_version=&#8221;4.18.1&#8243; _module_preset=&#8221;default&#8221; body_font_size=&#8221;16px&#8221; use_background_color=&#8221;off&#8221; background_layout=&#8221;dark&#8221; global_colors_info=&#8221;{}&#8221;]<\/p>\n<p>Ca\u0142a g\u00f3ra. Nie ma nic lepszego ni\u017c to. Doradzanie i wdra\u017canie nie mo\u017ce by\u0107 zrobione lepiej. Jeste\u015bmy bardziej ni\u017c zadowoleni po kilku zam\u00f3wieniach z t\u0105 firm\u0105 i kontynuowa\u0107 nasz\u0105 wsp\u00f3\u0142prac\u0119.<\/p>\n<div class=\"brow ratingBarMargin\">\n<div class=\"ratingBar\">\n<div class=\"brow\">\n<div class=\"pe-richsnippets\"> <\/div>\n<p>\n<script type=\"text\/javascript\" src=\"https:\/\/www.provenexpert.com\/widget\/richsnippet.js?u=1NUA0VwZ4RUZ5tmAi5zA4RaplNKAlWwZ&amp;v=2\" async=\"\"><\/script>\n<\/p>\n<div style=\"text-align: justify;\">\n<p>&nbsp;<\/p>\n<div class=\"col-lg-9 col-md-8 col-xs-10 mt20 mb20\">\n<div class=\"col-xs-12 surveyNameForRating\"><\/div>\n<\/div>\n<\/div>\n<\/div>\n<\/div>\n<\/div>\n<p>[\/et_pb_testimonial][\/et_pb_column][\/et_pb_row][et_pb_row _builder_version=&#8221;4.16&#8243; background_size=&#8221;initial&#8221; background_position=&#8221;top_left&#8221; background_repeat=&#8221;repeat&#8221; custom_padding=&#8221;50px|0px|30px|0px&#8221; custom_css_main_element=&#8221;text-align: center;&#8221; global_colors_info=&#8221;{}&#8221;][et_pb_column type=&#8221;4_4&#8243; _builder_version=&#8221;4.16&#8243; custom_padding=&#8221;|||&#8221; global_colors_info=&#8221;{}&#8221; custom_padding__hover=&#8221;|||&#8221;][et_pb_button button_url=&#8221;https:\/\/www.provenexpert.com\/de-de\/agentur-frisch-international-consulting-gmbh-und-co-kg\/&#8221; button_text=&#8221;WI\u0118CEJ OCEN&#8221; button_alignment=&#8221;left&#8221; admin_label=&#8221;Testimonial Button&#8221; _builder_version=&#8221;4.16&#8243; custom_button=&#8221;on&#8221; button_text_size=&#8221;18px&#8221; button_text_color=&#8221;#ffffff&#8221; button_bg_color=&#8221;#6eba01&#8243; button_border_width=&#8221;2px&#8221; button_border_color=&#8221;#6eba01&#8243; button_border_radius=&#8221;0px&#8221; button_letter_spacing=&#8221;2px&#8221; button_font=&#8221;Montserrat|||on|&#8221; button_use_icon=&#8221;off&#8221; animation_style=&#8221;fold&#8221; animation_direction=&#8221;bottom&#8221; button_text_color_hover=&#8221;#ffffff&#8221; button_border_color_hover=&#8221;#ffffff&#8221; button_border_radius_hover=&#8221;0px&#8221; button_letter_spacing_hover=&#8221;2px&#8221; button_bg_color_hover=&#8221;rgba(255,255,255,0)&#8221; locked=&#8221;off&#8221; global_colors_info=&#8221;{}&#8221; button_text_size__hover_enabled=&#8221;off&#8221; button_one_text_size__hover_enabled=&#8221;off&#8221; button_two_text_size__hover_enabled=&#8221;off&#8221; button_text_color__hover_enabled=&#8221;on&#8221; button_text_color__hover=&#8221;#ffffff&#8221; button_one_text_color__hover_enabled=&#8221;off&#8221; button_two_text_color__hover_enabled=&#8221;off&#8221; button_border_width__hover_enabled=&#8221;off&#8221; button_one_border_width__hover_enabled=&#8221;off&#8221; button_two_border_width__hover_enabled=&#8221;off&#8221; button_border_color__hover_enabled=&#8221;on&#8221; button_border_color__hover=&#8221;#ffffff&#8221; button_one_border_color__hover_enabled=&#8221;off&#8221; button_two_border_color__hover_enabled=&#8221;off&#8221; button_border_radius__hover_enabled=&#8221;on&#8221; button_border_radius__hover=&#8221;0px&#8221; button_one_border_radius__hover_enabled=&#8221;off&#8221; button_two_border_radius__hover_enabled=&#8221;off&#8221; button_letter_spacing__hover_enabled=&#8221;on&#8221; button_letter_spacing__hover=&#8221;2px&#8221; button_one_letter_spacing__hover_enabled=&#8221;off&#8221; button_two_letter_spacing__hover_enabled=&#8221;off&#8221; button_bg_color__hover_enabled=&#8221;on&#8221; button_bg_color__hover=&#8221;rgba(255,255,255,0)&#8221; button_one_bg_color__hover_enabled=&#8221;off&#8221; button_two_bg_color__hover_enabled=&#8221;off&#8221;][\/et_pb_button][\/et_pb_column][\/et_pb_row][\/et_pb_section]<\/p>\n","protected":false},"excerpt":{"rendered":"<p>Specjalizujemy si\u0119 mi\u0119dzy innymi w imporcie mebli z Chin. Nasz specjalistyczny dzia\u0142 mebli z Chin ch\u0119tnie wesprze Pa\u0144stwa w realizacji projektu. Meble i ma\u0142e meble z Chin Meble i artyku\u0142y dekoracyjne dla domu bezpo\u015brednio od producenta Meble to towar, kt\u00f3ry zawsze si\u0119 sprzedaje: Nawet w czasach kryzysu ludzie doposa\u017caj\u0105 swoje domy. Jako hurtownik mo\u017cesz uzyska\u0107 [&hellip;]<\/p>\n","protected":false},"author":2,"featured_media":0,"parent":0,"menu_order":0,"comment_status":"closed","ping_status":"closed","template":"","meta":{"_et_pb_use_builder":"on","_et_pb_old_content":"","_et_gb_content_width":"","footnotes":""},"class_list":["post-11486","page","type-page","status-publish","hentry"],"yoast_head":"<!-- This site is optimized with the Yoast SEO plugin v27.4 - https:\/\/yoast.com\/product\/yoast-seo-wordpress\/ -->\n<title>Import mebli z Chin zgodny z wszystkimi dyrektywami UE<\/title>\n<meta name=\"description\" content=\"Meble z Chin \u25bb Zgodno\u015b\u0107 z dyrektywami UE: kontrola jako\u015bci \u2713 Zapewnienie produkcji w Chinach \u2713 \u25bb Uzyskaj porad\u0119 eksperta ju\u017c teraz!\" \/>\n<meta name=\"robots\" content=\"index, follow, max-snippet:-1, max-image-preview:large, max-video-preview:-1\" \/>\n<link rel=\"canonical\" href=\"https:\/\/ag-frisch.com\/pl\/meble-z-chin\/\" \/>\n<meta property=\"og:locale\" content=\"pl_PL\" \/>\n<meta property=\"og:type\" content=\"article\" \/>\n<meta property=\"og:title\" content=\"Import mebli z Chin zgodny z wszystkimi dyrektywami UE\" \/>\n<meta property=\"og:description\" content=\"Meble z Chin \u25bb Zgodno\u015b\u0107 z dyrektywami UE: kontrola jako\u015bci \u2713 Zapewnienie produkcji w Chinach \u2713 \u25bb Uzyskaj porad\u0119 eksperta ju\u017c teraz!\" \/>\n<meta property=\"og:url\" content=\"https:\/\/ag-frisch.com\/pl\/meble-z-chin\/\" \/>\n<meta property=\"og:site_name\" content=\"China Import Beratung f\u00fcr den Einkauf aus China\" \/>\n<meta property=\"article:publisher\" content=\"https:\/\/www.facebook.com\/China.Import\" \/>\n<meta property=\"article:modified_time\" content=\"2023-01-27T04:29:43+00:00\" \/>\n<meta name=\"twitter:card\" content=\"summary_large_image\" \/>\n<meta name=\"twitter:site\" content=\"@agenturfrisch\" \/>\n<meta name=\"twitter:label1\" content=\"Szacowany czas czytania\" \/>\n\t<meta name=\"twitter:data1\" content=\"8 minut\" \/>\n<script type=\"application\/ld+json\" class=\"yoast-schema-graph\">{\"@context\":\"https:\\\/\\\/schema.org\",\"@graph\":[{\"@type\":\"WebPage\",\"@id\":\"https:\\\/\\\/ag-frisch.com\\\/pl\\\/meble-z-chin\\\/\",\"url\":\"https:\\\/\\\/ag-frisch.com\\\/pl\\\/meble-z-chin\\\/\",\"name\":\"Import mebli z Chin zgodny z wszystkimi dyrektywami UE\",\"isPartOf\":{\"@id\":\"https:\\\/\\\/ag-frisch.com\\\/de\\\/#website\"},\"datePublished\":\"2022-05-12T05:13:12+00:00\",\"dateModified\":\"2023-01-27T04:29:43+00:00\",\"description\":\"Meble z Chin \u25bb Zgodno\u015b\u0107 z dyrektywami UE: kontrola jako\u015bci \u2713 Zapewnienie produkcji w Chinach \u2713 \u25bb Uzyskaj porad\u0119 eksperta ju\u017c teraz!\",\"breadcrumb\":{\"@id\":\"https:\\\/\\\/ag-frisch.com\\\/pl\\\/meble-z-chin\\\/#breadcrumb\"},\"inLanguage\":\"pl-PL\",\"potentialAction\":[{\"@type\":\"ReadAction\",\"target\":[\"https:\\\/\\\/ag-frisch.com\\\/pl\\\/meble-z-chin\\\/\"]}]},{\"@type\":\"BreadcrumbList\",\"@id\":\"https:\\\/\\\/ag-frisch.com\\\/pl\\\/meble-z-chin\\\/#breadcrumb\",\"itemListElement\":[{\"@type\":\"ListItem\",\"position\":1,\"name\":\"Startseite\",\"item\":\"https:\\\/\\\/ag-frisch.com\\\/de\\\/\"},{\"@type\":\"ListItem\",\"position\":2,\"name\":\"Meble z Chin\"}]},{\"@type\":\"WebSite\",\"@id\":\"https:\\\/\\\/ag-frisch.com\\\/de\\\/#website\",\"url\":\"https:\\\/\\\/ag-frisch.com\\\/de\\\/\",\"name\":\"China Import Beratung f\u00fcr den Einkauf aus China\",\"description\":\"China Import &amp; Export Beratung - Der Dienstleister Ihres Vertrauens f\u00fcr Ihren China Import\",\"publisher\":{\"@id\":\"https:\\\/\\\/ag-frisch.com\\\/de\\\/#organization\"},\"potentialAction\":[{\"@type\":\"SearchAction\",\"target\":{\"@type\":\"EntryPoint\",\"urlTemplate\":\"https:\\\/\\\/ag-frisch.com\\\/de\\\/?s={search_term_string}\"},\"query-input\":{\"@type\":\"PropertyValueSpecification\",\"valueRequired\":true,\"valueName\":\"search_term_string\"}}],\"inLanguage\":\"pl-PL\"},{\"@type\":\"Organization\",\"@id\":\"https:\\\/\\\/ag-frisch.com\\\/de\\\/#organization\",\"name\":\"Agentur Frisch International Consulting GmbH & Co. KG\",\"url\":\"https:\\\/\\\/ag-frisch.com\\\/de\\\/\",\"logo\":{\"@type\":\"ImageObject\",\"inLanguage\":\"pl-PL\",\"@id\":\"https:\\\/\\\/ag-frisch.com\\\/de\\\/#\\\/schema\\\/logo\\\/image\\\/\",\"url\":\"https:\\\/\\\/ag-frisch.com\\\/wp-content\\\/uploads\\\/2021\\\/08\\\/ag_logo_rgb_300_small.png\",\"contentUrl\":\"https:\\\/\\\/ag-frisch.com\\\/wp-content\\\/uploads\\\/2021\\\/08\\\/ag_logo_rgb_300_small.png\",\"width\":153,\"height\":102,\"caption\":\"Agentur Frisch International Consulting GmbH & Co. KG\"},\"image\":{\"@id\":\"https:\\\/\\\/ag-frisch.com\\\/de\\\/#\\\/schema\\\/logo\\\/image\\\/\"},\"sameAs\":[\"https:\\\/\\\/www.facebook.com\\\/China.Import\",\"https:\\\/\\\/x.com\\\/agenturfrisch\"]}]}<\/script>\n<!-- \/ Yoast SEO plugin. -->","yoast_head_json":{"title":"Import mebli z Chin zgodny z wszystkimi dyrektywami UE","description":"Meble z Chin \u25bb Zgodno\u015b\u0107 z dyrektywami UE: kontrola jako\u015bci \u2713 Zapewnienie produkcji w Chinach \u2713 \u25bb Uzyskaj porad\u0119 eksperta ju\u017c teraz!","robots":{"index":"index","follow":"follow","max-snippet":"max-snippet:-1","max-image-preview":"max-image-preview:large","max-video-preview":"max-video-preview:-1"},"canonical":"https:\/\/ag-frisch.com\/pl\/meble-z-chin\/","og_locale":"pl_PL","og_type":"article","og_title":"Import mebli z Chin zgodny z wszystkimi dyrektywami UE","og_description":"Meble z Chin \u25bb Zgodno\u015b\u0107 z dyrektywami UE: kontrola jako\u015bci \u2713 Zapewnienie produkcji w Chinach \u2713 \u25bb Uzyskaj porad\u0119 eksperta ju\u017c teraz!","og_url":"https:\/\/ag-frisch.com\/pl\/meble-z-chin\/","og_site_name":"China Import Beratung f\u00fcr den Einkauf aus China","article_publisher":"https:\/\/www.facebook.com\/China.Import","article_modified_time":"2023-01-27T04:29:43+00:00","twitter_card":"summary_large_image","twitter_site":"@agenturfrisch","twitter_misc":{"Szacowany czas czytania":"8 minut"},"schema":{"@context":"https:\/\/schema.org","@graph":[{"@type":"WebPage","@id":"https:\/\/ag-frisch.com\/pl\/meble-z-chin\/","url":"https:\/\/ag-frisch.com\/pl\/meble-z-chin\/","name":"Import mebli z Chin zgodny z wszystkimi dyrektywami UE","isPartOf":{"@id":"https:\/\/ag-frisch.com\/de\/#website"},"datePublished":"2022-05-12T05:13:12+00:00","dateModified":"2023-01-27T04:29:43+00:00","description":"Meble z Chin \u25bb Zgodno\u015b\u0107 z dyrektywami UE: kontrola jako\u015bci \u2713 Zapewnienie produkcji w Chinach \u2713 \u25bb Uzyskaj porad\u0119 eksperta ju\u017c teraz!","breadcrumb":{"@id":"https:\/\/ag-frisch.com\/pl\/meble-z-chin\/#breadcrumb"},"inLanguage":"pl-PL","potentialAction":[{"@type":"ReadAction","target":["https:\/\/ag-frisch.com\/pl\/meble-z-chin\/"]}]},{"@type":"BreadcrumbList","@id":"https:\/\/ag-frisch.com\/pl\/meble-z-chin\/#breadcrumb","itemListElement":[{"@type":"ListItem","position":1,"name":"Startseite","item":"https:\/\/ag-frisch.com\/de\/"},{"@type":"ListItem","position":2,"name":"Meble z Chin"}]},{"@type":"WebSite","@id":"https:\/\/ag-frisch.com\/de\/#website","url":"https:\/\/ag-frisch.com\/de\/","name":"China Import Beratung f\u00fcr den Einkauf aus China","description":"China Import &amp; Export Beratung - Der Dienstleister Ihres Vertrauens f\u00fcr Ihren China Import","publisher":{"@id":"https:\/\/ag-frisch.com\/de\/#organization"},"potentialAction":[{"@type":"SearchAction","target":{"@type":"EntryPoint","urlTemplate":"https:\/\/ag-frisch.com\/de\/?s={search_term_string}"},"query-input":{"@type":"PropertyValueSpecification","valueRequired":true,"valueName":"search_term_string"}}],"inLanguage":"pl-PL"},{"@type":"Organization","@id":"https:\/\/ag-frisch.com\/de\/#organization","name":"Agentur Frisch International Consulting GmbH & Co. KG","url":"https:\/\/ag-frisch.com\/de\/","logo":{"@type":"ImageObject","inLanguage":"pl-PL","@id":"https:\/\/ag-frisch.com\/de\/#\/schema\/logo\/image\/","url":"https:\/\/ag-frisch.com\/wp-content\/uploads\/2021\/08\/ag_logo_rgb_300_small.png","contentUrl":"https:\/\/ag-frisch.com\/wp-content\/uploads\/2021\/08\/ag_logo_rgb_300_small.png","width":153,"height":102,"caption":"Agentur Frisch International Consulting GmbH & Co. KG"},"image":{"@id":"https:\/\/ag-frisch.com\/de\/#\/schema\/logo\/image\/"},"sameAs":["https:\/\/www.facebook.com\/China.Import","https:\/\/x.com\/agenturfrisch"]}]}},"_links":{"self":[{"href":"https:\/\/ag-frisch.com\/pl\/wp-json\/wp\/v2\/pages\/11486","targetHints":{"allow":["GET"]}}],"collection":[{"href":"https:\/\/ag-frisch.com\/pl\/wp-json\/wp\/v2\/pages"}],"about":[{"href":"https:\/\/ag-frisch.com\/pl\/wp-json\/wp\/v2\/types\/page"}],"author":[{"embeddable":true,"href":"https:\/\/ag-frisch.com\/pl\/wp-json\/wp\/v2\/users\/2"}],"replies":[{"embeddable":true,"href":"https:\/\/ag-frisch.com\/pl\/wp-json\/wp\/v2\/comments?post=11486"}],"version-history":[{"count":0,"href":"https:\/\/ag-frisch.com\/pl\/wp-json\/wp\/v2\/pages\/11486\/revisions"}],"wp:attachment":[{"href":"https:\/\/ag-frisch.com\/pl\/wp-json\/wp\/v2\/media?parent=11486"}],"curies":[{"name":"wp","href":"https:\/\/api.w.org\/{rel}","templated":true}]}}