{"id":11488,"date":"2022-05-28T15:25:56","date_gmt":"2022-05-28T13:25:56","guid":{"rendered":"https:\/\/ag-frisch.com\/artykuly-sportowe-z-chin\/"},"modified":"2023-01-27T05:29:43","modified_gmt":"2023-01-27T04:29:43","slug":"artykuly-sportowe-z-chin","status":"publish","type":"page","link":"https:\/\/ag-frisch.com\/pl\/artykuly-sportowe-z-chin\/","title":{"rendered":"Artyku\u0142y sportowe z Chin"},"content":{"rendered":"<p>[et_pb_section fb_built=&#8221;1&#8243; _builder_version=&#8221;4.16&#8243; _module_preset=&#8221;default&#8221; global_colors_info=&#8221;{}&#8221;][et_pb_row _builder_version=&#8221;4.18.1&#8243; _module_preset=&#8221;default&#8221; global_colors_info=&#8221;{}&#8221;][et_pb_column type=&#8221;4_4&#8243; _builder_version=&#8221;4.18.1&#8243; _module_preset=&#8221;default&#8221; global_colors_info=&#8221;{}&#8221;][et_pb_cta title=&#8221;Przyw\u00f3z artyku\u0142\u00f3w sportowych&#8221; button_url=&#8221;https:\/\/ag-frisch.com\/pl\/kontakt\/&#8221; button_text=&#8221;Zam\u00f3wienie na ksi\u0105\u017ck\u0119 ju\u017c teraz&#8221; _builder_version=&#8221;4.18.1&#8243; _module_preset=&#8221;default&#8221; global_colors_info=&#8221;{}&#8221;]<\/p>\n<p>Z China Import Agency Frisch mo\u017cesz robi\u0107 interesy z Chinami jak profesjonali\u015bci.<\/p>\n<p>[\/et_pb_cta][\/et_pb_column][\/et_pb_row][et_pb_row _builder_version=&#8221;4.16&#8243; _module_preset=&#8221;default&#8221; global_colors_info=&#8221;{}&#8221;][et_pb_column type=&#8221;4_4&#8243; _builder_version=&#8221;4.16&#8243; _module_preset=&#8221;default&#8221; global_colors_info=&#8221;{}&#8221;][et_pb_text _builder_version=&#8221;4.16&#8243; _module_preset=&#8221;default&#8221; global_colors_info=&#8221;{}&#8221;]<\/p>\n<p><strong>Zamki dmuchane i sprz\u0119t sportowy z Chin<\/strong><\/p>\n<p><strong>Importowanie z Chin wszystkiego, od rakiet tenisowych po zamki dmuchane<\/strong><\/p>\n<p>Zakres przedmiot\u00f3w, kt\u00f3re mo\u017cna tanio sprowadzi\u0107 z Chin bezpo\u015brednio od producenta jest ogromny. Produkty takie jak zamki dmuchane i wiele innych artyku\u0142\u00f3w rozrywkowych i sportowych z Chin mo\u017cna r\u00f3wnie\u017c naby\u0107 w Agentur Frisch. Nawi\u0105zali\u015bmy pierwszorz\u0119dne kontakty i dlatego mo\u017cemy nie tylko zrealizowa\u0107 najni\u017csz\u0105 cen\u0119, ale tak\u017ce zagwarantowa\u0107 niezawodno\u015b\u0107 i jako\u015b\u0107. O tym, \u017ce naprawd\u0119 powa\u017cnie podchodzimy do naszych obietnic, \u015bwiadczy fakt, \u017ce prowadzimy w\u0142asne laboratoria badawcze i przeprowadzamy kontrole zgodnie z niemieckimi normami w naszej sp\u00f3\u0142ce zale\u017cnej inspekt4u.<\/p>\n<p>Nasze wysokie standardy s\u0105 korzystne dla Ciebie, gdy kupujesz produkty takie jak dmucha\u0144ce, sprz\u0119t sportowy lub artyku\u0142y rekreacyjne z Chin.<\/p>\n<p>&nbsp;<\/p>\n<p><strong>Wszystko dla sportu i rekreacji<\/strong><\/p>\n<p>Chcesz zaoferowa\u0107 swoim klientom wysokiej jako\u015bci produkty z dziedziny sportu i rekreacji? Wtedy jeste\u015bmy twoim silnym partnerem w imporcie z Chin. Agencja Frisch posiada wieloletnie do\u015bwiadczenie i wybitn\u0105 wiedz\u0119, aby znale\u017a\u0107 dla Ciebie dok\u0142adnie takiego producenta, jaki odpowiada Twoim potrzebom. W\u015br\u00f3d wielu innych, za naszym po\u015brednictwem mo\u017cesz zam\u00f3wi\u0107 nast\u0119puj\u0105ce artyku\u0142y sportowe z Chin:<\/p>\n<ul>\n<li>Artyku\u0142y dotycz\u0105ce pi\u0142ki no\u017cnej, koszyk\u00f3wki i innych sport\u00f3w z pi\u0142k\u0105<\/li>\n<li>Artyku\u0142y golfowe od kij\u00f3w do caddies<\/li>\n<li>Narty i snowboard<\/li>\n<li>Materia\u0142y \u017ceglarskie<\/li>\n<li>Jazda konna i sporty je\u017adzieckie<\/li>\n<\/ul>\n<p>&nbsp;<\/p>\n<p><strong>Wyposa\u017cenie park\u00f3w rozrywki, zaopatrzenie cyrk\u00f3w i showman\u00f3w<\/strong><\/p>\n<p>Czy mo\u017ce by\u0107 o jeden rozmiar wi\u0119kszy? Je\u015bli nie chcesz oferowa\u0107 tylko artyku\u0142\u00f3w do poszczeg\u00f3lnych dyscyplin sportowych, ale na przyk\u0142ad za\u0142o\u017cy\u0107 kompletny park rozrywki, znajdziemy dla Ciebie odpowiedniego partnera handlowego w Chinach. Oferujemy kompleksowe rozwi\u0105zania i wsp\u00f3\u0142pracujemy z absolutnie rzetelnymi, sprawdzonymi producentami, kt\u00f3rzy mog\u0105 zagwarantowa\u0107 Pa\u0144stwu nienagann\u0105 jako\u015b\u0107. Na przyk\u0142ad mo\u017cesz uzyska\u0107 za naszym po\u015brednictwem:<\/p>\n<ul>\n<li>Karuzele i przeja\u017cd\u017cki<\/li>\n<li>Stoiska i kramy<\/li>\n<li>Materia\u0142y eksploatacyjne i \u017cywno\u015b\u0107\/surowce<\/li>\n<li>Przyczepa kempingowa, ci\u0105gnik<\/li>\n<li>Zamki dmuchane z Chin<\/li>\n<\/ul>\n<p>&nbsp;<\/p>\n<p><strong>Zamki dmuchane z Chin &#8211; sprawdzona jako\u015b\u0107 i dobre ceny<\/strong><\/p>\n<p>Zamki dmuchane z Chin to jeden z tych przedmiot\u00f3w, w kt\u00f3rych bezpiecze\u0144stwo jest najwa\u017cniejsze. Jeste\u015bmy r\u00f3wnie\u017c \u015bwiadomi naszej odpowiedzialno\u015bci za ten produkt i wsp\u00f3\u0142pracujemy tylko z partnerami biznesowymi, o kt\u00f3rych wiemy, \u017ce dostarczaj\u0105 nieskazitelne nadmuchiwane produkty z Chin, kt\u00f3re zosta\u0142y przetestowane zgodnie z odpowiednimi normami DIN. W ten spos\u00f3b unikaj\u0105 Pa\u0144stwo wszelkiego ryzyka i mog\u0105 by\u0107 ca\u0142kowicie zadowoleni z importu do Chin za po\u015brednictwem agencji Frisch.<\/p>\n<p>&nbsp;<\/p>\n<p>&nbsp;<\/p>\n<p><strong>Importuj tanio z Chin artyku\u0142y \u015bwi\u0105teczne i dekoracyjne<\/strong><\/p>\n<p>Ozdoby \u015bwi\u0105teczne czy dekoracje na Halloween, stroje karnawa\u0142owe czy wyposa\u017cenie na Oktoberfest &#8211; u nas r\u00f3wnie\u017c znajdziesz odpowiedniego producenta artyku\u0142\u00f3w dekoracyjnych z Chin, kt\u00f3re mo\u017cesz kupi\u0107 w rozs\u0105dnej cenie. Du\u017ce ilo\u015bci i doskona\u0142e po\u0142\u0105czenia sprawiaj\u0105, \u017ce mo\u017cemy da\u0107 Ci ceny, kt\u00f3re nie maj\u0105 sobie r\u00f3wnych.<\/p>\n<p>&nbsp;<\/p>\n<p><strong>Najlepsze ceny dla Twojego importu artyku\u0142\u00f3w sportowych bezpo\u015brednio z Chin<\/strong><\/p>\n<p>Nie korzystamy z \u017cadnych objazd\u00f3w i zatrudniamy jak najmniej os\u00f3b do realizacji Twojego projektu importowego. Te niewielkie odleg\u0142o\u015bci i bezpo\u015brednio\u015b\u0107 pozwalaj\u0105 zaoszcz\u0119dzi\u0107 pieni\u0105dze dla Pa\u0144stwa i zapewniaj\u0105, \u017ce zawsze mamy pe\u0142n\u0105 kontrol\u0119 nad wszystkim, co dotyczy zakupu artyku\u0142\u00f3w sportowych z Chin. W ten spos\u00f3b mo\u017cemy u\u0142atwi\u0107 sprawny i optymalnie op\u0142acalny proces. W ramach lepszej przejrzysto\u015bci i kontroli utworzyli\u015bmy w\u0142asne firmy, kt\u00f3re odpowiadaj\u0105 za testy, logistyk\u0119 i magazynowanie. Agentur Frisch jest dostawc\u0105 kompleksowych us\u0142ug we wszystkich aspektach importu z Chin.<\/p>\n<p>Skontaktuj si\u0119 z nami, a w trakcie konsultacji ustalimy, jakie s\u0105 dost\u0119pne opcje i jak mo\u017cemy dla Ciebie pracowa\u0107. Na \u017cyczenie przejmujemy tak\u017ce wszystkie dalsze kroki, od negocjacji cenowych, poprzez kontrole i certyfikaty, a w razie potrzeby tak\u017ce ca\u0142kowit\u0105 realizacj\u0119.<\/p>\n<p><strong> <\/strong><\/p>\n<p>[\/et_pb_text][\/et_pb_column][\/et_pb_row][\/et_pb_section][et_pb_section fb_built=&#8221;1&#8243; admin_label=&#8221;Testimonials&#8221; _builder_version=&#8221;4.16&#8243; use_background_color_gradient=&#8221;on&#8221; background_color_gradient_stops=&#8221;rgba(0,106,156,0.85) 0%|rgba(0,106,156,0.85) 100%&#8221; background_color_gradient_start=&#8221;rgba(0,106,156,0.85)&#8221; background_color_gradient_end=&#8221;rgba(0,106,156,0.85)&#8221; custom_padding=&#8221;90px||60px|&#8221; animation_style=&#8221;fold&#8221; animation_direction=&#8221;bottom&#8221; animation_intensity_fold=&#8221;4%&#8221; global_colors_info=&#8221;{}&#8221;][et_pb_row _builder_version=&#8221;4.16&#8243; background_size=&#8221;initial&#8221; background_position=&#8221;top_left&#8221; background_repeat=&#8221;repeat&#8221; custom_width_px=&#8221;710px&#8221; locked=&#8221;off&#8221; global_colors_info=&#8221;{}&#8221;][et_pb_column type=&#8221;4_4&#8243; _builder_version=&#8221;4.16&#8243; background_position=&#8221;top_left&#8221; custom_padding=&#8221;|||&#8221; global_colors_info=&#8221;{}&#8221; custom_padding__hover=&#8221;|||&#8221;][et_pb_text admin_label=&#8221;Testimonials Section Title&#8221; _builder_version=&#8221;4.16&#8243; header_font=&#8221;Montserrat||||&#8221; header_font_size=&#8221;36px&#8221; background_size=&#8221;initial&#8221; background_position=&#8221;top_left&#8221; background_repeat=&#8221;repeat&#8221; text_orientation=&#8221;center&#8221; background_layout=&#8221;dark&#8221; max_width=&#8221;710px&#8221; module_alignment=&#8221;center&#8221; animation_style=&#8221;fold&#8221; animation_direction=&#8221;bottom&#8221; animation_intensity_fold=&#8221;20%&#8221; global_colors_info=&#8221;{}&#8221;]<\/p>\n<h1>Ponad 5000 zadowolonych klient\u00f3w.<\/h1>\n<p>&nbsp;<\/p>\n<p>[\/et_pb_text][et_pb_divider color=&#8221;#ffffff&#8221; divider_weight=&#8221;3px&#8221; disabled_on=&#8221;off|off|off&#8221; _builder_version=&#8221;4.16&#8243; background_color_gradient_direction=&#8221;90deg&#8221; max_width=&#8221;100px&#8221; module_alignment=&#8221;center&#8221; height=&#8221;5px&#8221; custom_margin=&#8221;||20px|&#8221; custom_padding=&#8221;||20px|&#8221; animation_style=&#8221;slide&#8221; animation_direction=&#8221;bottom&#8221; saved_tabs=&#8221;all&#8221; locked=&#8221;off&#8221; global_colors_info=&#8221;{}&#8221;][\/et_pb_divider][\/et_pb_column][\/et_pb_row][et_pb_row column_structure=&#8221;1_2,1_2&#8243; _builder_version=&#8221;4.18.1&#8243; _module_preset=&#8221;default&#8221; global_colors_info=&#8221;{}&#8221;][et_pb_column type=&#8221;1_2&#8243; _builder_version=&#8221;4.18.1&#8243; _module_preset=&#8221;default&#8221; global_colors_info=&#8221;{}&#8221;][et_pb_testimonial author=&#8221;Marco&#8221; portrait_url=&#8221;https:\/\/ag-frisch.com\/wp-content\/uploads\/2021\/08\/Harald.png&#8221; quote_icon=&#8221;off&#8221; _builder_version=&#8221;4.18.1&#8243; _module_preset=&#8221;default&#8221; body_font_size=&#8221;16px&#8221; use_background_color=&#8221;off&#8221; background_layout=&#8221;dark&#8221; global_colors_info=&#8221;{}&#8221;]Zleci\u0142em agencji Frisch wyprodukowanie du\u017cego mebla w Chinach, a nast\u0119pnie sprowadzenie go do Niemiec. Przez ca\u0142y czas by\u0142a sprawna komunikacja mailowa! Bardzo szybkie i rzetelne odpowiedzi stale dodawa\u0142y mi otuchy, kt\u00f3ra jest niezb\u0119dna w takim przedsi\u0119wzi\u0119ciu. Przez ca\u0142y czas pomagano mi przebrn\u0105\u0107 przez biurokratyczny g\u0105szcz, nie zapomniano o \u017cadnym formularzu ani nie wype\u0142niono go b\u0142\u0119dnie. Bardzo godne pochwa\u0142y!<a href=\"&lt;div%20class=%22pe-richsnippets%22&gt;&nbsp;&lt;\/div&gt;%20&lt;script%20type=%22text\/javascript%22%20src=%22https:\/\/www.provenexpert.com\/widget\/richsnippet.js?u=1NUA0VwZ4RUZ5tmAi5zA4RaplNKAlWwZ&amp;v=2%22%20async&gt;&lt;\/script&gt;%20&lt;div%20style=%22text-align:%20justify;%22&gt;&lt;br%20\/&gt;\"><\/a><\/p>\n<div class=\"brow ratingBarMargin\">\n<div class=\"ratingBar\">\n<div class=\"brow\">\n<div class=\"pe-richsnippets\">&nbsp;<\/div>\n<p><script type=\"text\/javascript\" src=\"https:\/\/www.provenexpert.com\/widget\/richsnippet.js?u=1NUA0VwZ4RUZ5tmAi5zA4RaplNKAlWwZ&amp;v=2\" async=\"\"><\/script><\/p>\n<div style=\"text-align: justify;\"><\/p>\n<div class=\"col-lg-9 col-md-8 col-xs-10 mt20 mb20\">\n<div class=\"col-xs-12 surveyNameForRating\"><\/div>\n<\/div>\n<\/div>\n<\/div>\n<\/div>\n<\/div>\n<p>[\/et_pb_testimonial][\/et_pb_column][et_pb_column type=&#8221;1_2&#8243; _builder_version=&#8221;4.18.1&#8243; _module_preset=&#8221;default&#8221; global_colors_info=&#8221;{}&#8221;][et_pb_testimonial author=&#8221;Simone L.&#8221; portrait_url=&#8221;https:\/\/ag-frisch.com\/wp-content\/uploads\/2021\/08\/Harald.png&#8221; quote_icon=&#8221;off&#8221; _builder_version=&#8221;4.18.1&#8243; _module_preset=&#8221;default&#8221; body_font_size=&#8221;16px&#8221; use_background_color=&#8221;off&#8221; background_layout=&#8221;dark&#8221; global_colors_info=&#8221;{}&#8221;]<\/p>\n<p>Ca\u0142a g\u00f3ra. Nie ma nic lepszego ni\u017c to. Doradzanie i wdra\u017canie nie mo\u017ce by\u0107 zrobione lepiej. Jeste\u015bmy bardziej ni\u017c zadowoleni po kilku zam\u00f3wieniach z t\u0105 firm\u0105 i kontynuowa\u0107 nasz\u0105 wsp\u00f3\u0142prac\u0119.<\/p>\n<div class=\"brow ratingBarMargin\">\n<div class=\"ratingBar\">\n<div class=\"brow\">\n<div class=\"pe-richsnippets\"> <\/div>\n<p>\n<script type=\"text\/javascript\" src=\"https:\/\/www.provenexpert.com\/widget\/richsnippet.js?u=1NUA0VwZ4RUZ5tmAi5zA4RaplNKAlWwZ&amp;v=2\" async=\"\"><\/script>\n<\/p>\n<div style=\"text-align: justify;\">\n<p>&nbsp;<\/p>\n<div class=\"col-lg-9 col-md-8 col-xs-10 mt20 mb20\">\n<div class=\"col-xs-12 surveyNameForRating\"><\/div>\n<\/div>\n<\/div>\n<\/div>\n<\/div>\n<\/div>\n<p>[\/et_pb_testimonial][\/et_pb_column][\/et_pb_row][et_pb_row _builder_version=&#8221;4.16&#8243; background_size=&#8221;initial&#8221; background_position=&#8221;top_left&#8221; background_repeat=&#8221;repeat&#8221; custom_padding=&#8221;50px|0px|30px|0px&#8221; custom_css_main_element=&#8221;text-align: center;&#8221; global_colors_info=&#8221;{}&#8221;][et_pb_column type=&#8221;4_4&#8243; _builder_version=&#8221;4.16&#8243; custom_padding=&#8221;|||&#8221; global_colors_info=&#8221;{}&#8221; custom_padding__hover=&#8221;|||&#8221;][et_pb_button button_url=&#8221;https:\/\/www.provenexpert.com\/de-de\/agentur-frisch-international-consulting-gmbh-und-co-kg\/&#8221; button_text=&#8221;WI\u0118CEJ OCEN&#8221; button_alignment=&#8221;left&#8221; admin_label=&#8221;Testimonial Button&#8221; _builder_version=&#8221;4.16&#8243; custom_button=&#8221;on&#8221; button_text_size=&#8221;18px&#8221; button_text_color=&#8221;#ffffff&#8221; button_bg_color=&#8221;#6eba01&#8243; button_border_width=&#8221;2px&#8221; button_border_color=&#8221;#6eba01&#8243; button_border_radius=&#8221;0px&#8221; button_letter_spacing=&#8221;2px&#8221; button_font=&#8221;Montserrat|||on|&#8221; button_use_icon=&#8221;off&#8221; animation_style=&#8221;fold&#8221; animation_direction=&#8221;bottom&#8221; button_text_color_hover=&#8221;#ffffff&#8221; button_border_color_hover=&#8221;#ffffff&#8221; button_border_radius_hover=&#8221;0px&#8221; button_letter_spacing_hover=&#8221;2px&#8221; button_bg_color_hover=&#8221;rgba(255,255,255,0)&#8221; locked=&#8221;off&#8221; global_colors_info=&#8221;{}&#8221; button_text_size__hover_enabled=&#8221;off&#8221; button_one_text_size__hover_enabled=&#8221;off&#8221; button_two_text_size__hover_enabled=&#8221;off&#8221; button_text_color__hover_enabled=&#8221;on&#8221; button_text_color__hover=&#8221;#ffffff&#8221; button_one_text_color__hover_enabled=&#8221;off&#8221; button_two_text_color__hover_enabled=&#8221;off&#8221; button_border_width__hover_enabled=&#8221;off&#8221; button_one_border_width__hover_enabled=&#8221;off&#8221; button_two_border_width__hover_enabled=&#8221;off&#8221; button_border_color__hover_enabled=&#8221;on&#8221; button_border_color__hover=&#8221;#ffffff&#8221; button_one_border_color__hover_enabled=&#8221;off&#8221; button_two_border_color__hover_enabled=&#8221;off&#8221; button_border_radius__hover_enabled=&#8221;on&#8221; button_border_radius__hover=&#8221;0px&#8221; button_one_border_radius__hover_enabled=&#8221;off&#8221; button_two_border_radius__hover_enabled=&#8221;off&#8221; button_letter_spacing__hover_enabled=&#8221;on&#8221; button_letter_spacing__hover=&#8221;2px&#8221; button_one_letter_spacing__hover_enabled=&#8221;off&#8221; button_two_letter_spacing__hover_enabled=&#8221;off&#8221; button_bg_color__hover_enabled=&#8221;on&#8221; button_bg_color__hover=&#8221;rgba(255,255,255,0)&#8221; button_one_bg_color__hover_enabled=&#8221;off&#8221; button_two_bg_color__hover_enabled=&#8221;off&#8221;][\/et_pb_button][\/et_pb_column][\/et_pb_row][\/et_pb_section]<\/p>\n","protected":false},"excerpt":{"rendered":"<p>Z China Import Agency Frisch mo\u017cesz robi\u0107 interesy z Chinami jak profesjonali\u015bci.Zamki dmuchane i sprz\u0119t sportowy z Chin Importowanie z Chin wszystkiego, od rakiet tenisowych po zamki dmuchane Zakres przedmiot\u00f3w, kt\u00f3re mo\u017cna tanio sprowadzi\u0107 z Chin bezpo\u015brednio od producenta jest ogromny. Produkty takie jak zamki dmuchane i wiele innych artyku\u0142\u00f3w rozrywkowych i sportowych z Chin [&hellip;]<\/p>\n","protected":false},"author":2,"featured_media":0,"parent":0,"menu_order":0,"comment_status":"closed","ping_status":"closed","template":"","meta":{"_et_pb_use_builder":"on","_et_pb_old_content":"","_et_gb_content_width":"","footnotes":""},"class_list":["post-11488","page","type-page","status-publish","hentry"],"yoast_head":"<!-- This site is optimized with the Yoast SEO plugin v27.2 - https:\/\/yoast.com\/product\/yoast-seo-wordpress\/ -->\n<title>Import sprz\u0119tu sportowego z Chin zgodnie z wszystkimi dyrektywami UE<\/title>\n<meta name=\"description\" content=\"Artyku\u0142y sportowe z Chin \u25bb Sprz\u0119t sportowy i sprz\u0119t fitness z Chin: Maty do jogi \u2713 Artyku\u0142y fitness \u2713 Sprz\u0119t sportowy \u2713 \u25bb Uzyskaj porad\u0119 teraz!\" \/>\n<meta name=\"robots\" content=\"index, follow, max-snippet:-1, max-image-preview:large, max-video-preview:-1\" \/>\n<link rel=\"canonical\" href=\"https:\/\/ag-frisch.com\/pl\/artykuly-sportowe-z-chin\/\" \/>\n<meta property=\"og:locale\" content=\"pl_PL\" \/>\n<meta property=\"og:type\" content=\"article\" \/>\n<meta property=\"og:title\" content=\"Import sprz\u0119tu sportowego z Chin zgodnie z wszystkimi dyrektywami UE\" \/>\n<meta property=\"og:description\" content=\"Artyku\u0142y sportowe z Chin \u25bb Sprz\u0119t sportowy i sprz\u0119t fitness z Chin: Maty do jogi \u2713 Artyku\u0142y fitness \u2713 Sprz\u0119t sportowy \u2713 \u25bb Uzyskaj porad\u0119 teraz!\" \/>\n<meta property=\"og:url\" content=\"https:\/\/ag-frisch.com\/pl\/artykuly-sportowe-z-chin\/\" \/>\n<meta property=\"og:site_name\" content=\"China Import Beratung f\u00fcr den Einkauf aus China\" \/>\n<meta property=\"article:publisher\" content=\"https:\/\/www.facebook.com\/China.Import\" \/>\n<meta property=\"article:modified_time\" content=\"2023-01-27T04:29:43+00:00\" \/>\n<meta name=\"twitter:card\" content=\"summary_large_image\" \/>\n<meta name=\"twitter:site\" content=\"@agenturfrisch\" \/>\n<meta name=\"twitter:label1\" content=\"Szacowany czas czytania\" \/>\n\t<meta name=\"twitter:data1\" content=\"8 minut\" \/>\n<script type=\"application\/ld+json\" class=\"yoast-schema-graph\">{\"@context\":\"https:\/\/schema.org\",\"@graph\":[{\"@type\":\"WebPage\",\"@id\":\"https:\/\/ag-frisch.com\/pl\/artykuly-sportowe-z-chin\/\",\"url\":\"https:\/\/ag-frisch.com\/pl\/artykuly-sportowe-z-chin\/\",\"name\":\"Import sprz\u0119tu sportowego z Chin zgodnie z wszystkimi dyrektywami UE\",\"isPartOf\":{\"@id\":\"https:\/\/ag-frisch.com\/de\/#website\"},\"datePublished\":\"2022-05-28T13:25:56+00:00\",\"dateModified\":\"2023-01-27T04:29:43+00:00\",\"description\":\"Artyku\u0142y sportowe z Chin \u25bb Sprz\u0119t sportowy i sprz\u0119t fitness z Chin: Maty do jogi \u2713 Artyku\u0142y fitness \u2713 Sprz\u0119t sportowy \u2713 \u25bb Uzyskaj porad\u0119 teraz!\",\"breadcrumb\":{\"@id\":\"https:\/\/ag-frisch.com\/pl\/artykuly-sportowe-z-chin\/#breadcrumb\"},\"inLanguage\":\"pl-PL\",\"potentialAction\":[{\"@type\":\"ReadAction\",\"target\":[\"https:\/\/ag-frisch.com\/pl\/artykuly-sportowe-z-chin\/\"]}]},{\"@type\":\"BreadcrumbList\",\"@id\":\"https:\/\/ag-frisch.com\/pl\/artykuly-sportowe-z-chin\/#breadcrumb\",\"itemListElement\":[{\"@type\":\"ListItem\",\"position\":1,\"name\":\"Startseite\",\"item\":\"https:\/\/ag-frisch.com\/de\/\"},{\"@type\":\"ListItem\",\"position\":2,\"name\":\"Artyku\u0142y sportowe z Chin\"}]},{\"@type\":\"WebSite\",\"@id\":\"https:\/\/ag-frisch.com\/de\/#website\",\"url\":\"https:\/\/ag-frisch.com\/de\/\",\"name\":\"China Import Beratung f\u00fcr den Einkauf aus China\",\"description\":\"China Import &amp; Export Beratung - Der Dienstleister Ihres Vertrauens f\u00fcr Ihren China Import\",\"publisher\":{\"@id\":\"https:\/\/ag-frisch.com\/de\/#organization\"},\"potentialAction\":[{\"@type\":\"SearchAction\",\"target\":{\"@type\":\"EntryPoint\",\"urlTemplate\":\"https:\/\/ag-frisch.com\/de\/?s={search_term_string}\"},\"query-input\":{\"@type\":\"PropertyValueSpecification\",\"valueRequired\":true,\"valueName\":\"search_term_string\"}}],\"inLanguage\":\"pl-PL\"},{\"@type\":\"Organization\",\"@id\":\"https:\/\/ag-frisch.com\/de\/#organization\",\"name\":\"Agentur Frisch International Consulting GmbH & Co. KG\",\"url\":\"https:\/\/ag-frisch.com\/de\/\",\"logo\":{\"@type\":\"ImageObject\",\"inLanguage\":\"pl-PL\",\"@id\":\"https:\/\/ag-frisch.com\/de\/#\/schema\/logo\/image\/\",\"url\":\"https:\/\/ag-frisch.com\/wp-content\/uploads\/2021\/08\/ag_logo_rgb_300_small.png\",\"contentUrl\":\"https:\/\/ag-frisch.com\/wp-content\/uploads\/2021\/08\/ag_logo_rgb_300_small.png\",\"width\":153,\"height\":102,\"caption\":\"Agentur Frisch International Consulting GmbH & Co. KG\"},\"image\":{\"@id\":\"https:\/\/ag-frisch.com\/de\/#\/schema\/logo\/image\/\"},\"sameAs\":[\"https:\/\/www.facebook.com\/China.Import\",\"https:\/\/x.com\/agenturfrisch\"]}]}<\/script>\n<!-- \/ Yoast SEO plugin. -->","yoast_head_json":{"title":"Import sprz\u0119tu sportowego z Chin zgodnie z wszystkimi dyrektywami UE","description":"Artyku\u0142y sportowe z Chin \u25bb Sprz\u0119t sportowy i sprz\u0119t fitness z Chin: Maty do jogi \u2713 Artyku\u0142y fitness \u2713 Sprz\u0119t sportowy \u2713 \u25bb Uzyskaj porad\u0119 teraz!","robots":{"index":"index","follow":"follow","max-snippet":"max-snippet:-1","max-image-preview":"max-image-preview:large","max-video-preview":"max-video-preview:-1"},"canonical":"https:\/\/ag-frisch.com\/pl\/artykuly-sportowe-z-chin\/","og_locale":"pl_PL","og_type":"article","og_title":"Import sprz\u0119tu sportowego z Chin zgodnie z wszystkimi dyrektywami UE","og_description":"Artyku\u0142y sportowe z Chin \u25bb Sprz\u0119t sportowy i sprz\u0119t fitness z Chin: Maty do jogi \u2713 Artyku\u0142y fitness \u2713 Sprz\u0119t sportowy \u2713 \u25bb Uzyskaj porad\u0119 teraz!","og_url":"https:\/\/ag-frisch.com\/pl\/artykuly-sportowe-z-chin\/","og_site_name":"China Import Beratung f\u00fcr den Einkauf aus China","article_publisher":"https:\/\/www.facebook.com\/China.Import","article_modified_time":"2023-01-27T04:29:43+00:00","twitter_card":"summary_large_image","twitter_site":"@agenturfrisch","twitter_misc":{"Szacowany czas czytania":"8 minut"},"schema":{"@context":"https:\/\/schema.org","@graph":[{"@type":"WebPage","@id":"https:\/\/ag-frisch.com\/pl\/artykuly-sportowe-z-chin\/","url":"https:\/\/ag-frisch.com\/pl\/artykuly-sportowe-z-chin\/","name":"Import sprz\u0119tu sportowego z Chin zgodnie z wszystkimi dyrektywami UE","isPartOf":{"@id":"https:\/\/ag-frisch.com\/de\/#website"},"datePublished":"2022-05-28T13:25:56+00:00","dateModified":"2023-01-27T04:29:43+00:00","description":"Artyku\u0142y sportowe z Chin \u25bb Sprz\u0119t sportowy i sprz\u0119t fitness z Chin: Maty do jogi \u2713 Artyku\u0142y fitness \u2713 Sprz\u0119t sportowy \u2713 \u25bb Uzyskaj porad\u0119 teraz!","breadcrumb":{"@id":"https:\/\/ag-frisch.com\/pl\/artykuly-sportowe-z-chin\/#breadcrumb"},"inLanguage":"pl-PL","potentialAction":[{"@type":"ReadAction","target":["https:\/\/ag-frisch.com\/pl\/artykuly-sportowe-z-chin\/"]}]},{"@type":"BreadcrumbList","@id":"https:\/\/ag-frisch.com\/pl\/artykuly-sportowe-z-chin\/#breadcrumb","itemListElement":[{"@type":"ListItem","position":1,"name":"Startseite","item":"https:\/\/ag-frisch.com\/de\/"},{"@type":"ListItem","position":2,"name":"Artyku\u0142y sportowe z Chin"}]},{"@type":"WebSite","@id":"https:\/\/ag-frisch.com\/de\/#website","url":"https:\/\/ag-frisch.com\/de\/","name":"China Import Beratung f\u00fcr den Einkauf aus China","description":"China Import &amp; Export Beratung - Der Dienstleister Ihres Vertrauens f\u00fcr Ihren China Import","publisher":{"@id":"https:\/\/ag-frisch.com\/de\/#organization"},"potentialAction":[{"@type":"SearchAction","target":{"@type":"EntryPoint","urlTemplate":"https:\/\/ag-frisch.com\/de\/?s={search_term_string}"},"query-input":{"@type":"PropertyValueSpecification","valueRequired":true,"valueName":"search_term_string"}}],"inLanguage":"pl-PL"},{"@type":"Organization","@id":"https:\/\/ag-frisch.com\/de\/#organization","name":"Agentur Frisch International Consulting GmbH & Co. KG","url":"https:\/\/ag-frisch.com\/de\/","logo":{"@type":"ImageObject","inLanguage":"pl-PL","@id":"https:\/\/ag-frisch.com\/de\/#\/schema\/logo\/image\/","url":"https:\/\/ag-frisch.com\/wp-content\/uploads\/2021\/08\/ag_logo_rgb_300_small.png","contentUrl":"https:\/\/ag-frisch.com\/wp-content\/uploads\/2021\/08\/ag_logo_rgb_300_small.png","width":153,"height":102,"caption":"Agentur Frisch International Consulting GmbH & Co. KG"},"image":{"@id":"https:\/\/ag-frisch.com\/de\/#\/schema\/logo\/image\/"},"sameAs":["https:\/\/www.facebook.com\/China.Import","https:\/\/x.com\/agenturfrisch"]}]}},"_links":{"self":[{"href":"https:\/\/ag-frisch.com\/pl\/wp-json\/wp\/v2\/pages\/11488","targetHints":{"allow":["GET"]}}],"collection":[{"href":"https:\/\/ag-frisch.com\/pl\/wp-json\/wp\/v2\/pages"}],"about":[{"href":"https:\/\/ag-frisch.com\/pl\/wp-json\/wp\/v2\/types\/page"}],"author":[{"embeddable":true,"href":"https:\/\/ag-frisch.com\/pl\/wp-json\/wp\/v2\/users\/2"}],"replies":[{"embeddable":true,"href":"https:\/\/ag-frisch.com\/pl\/wp-json\/wp\/v2\/comments?post=11488"}],"version-history":[{"count":0,"href":"https:\/\/ag-frisch.com\/pl\/wp-json\/wp\/v2\/pages\/11488\/revisions"}],"wp:attachment":[{"href":"https:\/\/ag-frisch.com\/pl\/wp-json\/wp\/v2\/media?parent=11488"}],"curies":[{"name":"wp","href":"https:\/\/api.w.org\/{rel}","templated":true}]}}