{"id":11497,"date":"2022-05-28T15:29:05","date_gmt":"2022-05-28T13:29:05","guid":{"rendered":"https:\/\/ag-frisch.com\/artykuly-dla-zwierzat-domowych-z-chin\/"},"modified":"2023-01-27T05:29:45","modified_gmt":"2023-01-27T04:29:45","slug":"artykuly-dla-zwierzat-domowych-z-chin","status":"publish","type":"page","link":"https:\/\/ag-frisch.com\/pl\/artykuly-dla-zwierzat-domowych-z-chin\/","title":{"rendered":"Artyku\u0142y dla zwierz\u0105t domowych z Chin"},"content":{"rendered":"<p>[et_pb_section fb_built=&#8221;1&#8243; _builder_version=&#8221;4.16&#8243; _module_preset=&#8221;default&#8221; global_colors_info=&#8221;{}&#8221;][et_pb_row _builder_version=&#8221;4.18.1&#8243; _module_preset=&#8221;default&#8221; global_colors_info=&#8221;{}&#8221;][et_pb_column type=&#8221;4_4&#8243; _builder_version=&#8221;4.18.1&#8243; _module_preset=&#8221;default&#8221; global_colors_info=&#8221;{}&#8221;][et_pb_cta title=&#8221;Przyw\u00f3z artyku\u0142\u00f3w dla zwierz\u0105t domowych&#8221; button_url=&#8221;https:\/\/ag-frisch.com\/pl\/kontakt\/&#8221; button_text=&#8221;Zam\u00f3wienie na ksi\u0105\u017ck\u0119 ju\u017c teraz&#8221; _builder_version=&#8221;4.18.1&#8243; _module_preset=&#8221;default&#8221; global_colors_info=&#8221;{}&#8221;]<\/p>\n<p>Z China Import Agency Frisch mo\u017cesz robi\u0107 interesy z Chinami jak profesjonali\u015bci.<\/p>\n<p>[\/et_pb_cta][\/et_pb_column][\/et_pb_row][et_pb_row _builder_version=&#8221;4.16&#8243; _module_preset=&#8221;default&#8221; global_colors_info=&#8221;{}&#8221;][et_pb_column type=&#8221;4_4&#8243; _builder_version=&#8221;4.16&#8243; _module_preset=&#8221;default&#8221; global_colors_info=&#8221;{}&#8221;][et_pb_text _builder_version=&#8221;4.18.1&#8243; _module_preset=&#8221;default&#8221; hover_enabled=&#8221;0&#8243; global_colors_info=&#8221;{}&#8221; sticky_enabled=&#8221;0&#8243;]<\/p>\n<h1>Artyku\u0142y dla zwierz\u0105t domowych od ma\u0142ych do du\u017cych z Chin<\/h1>\n<p><strong>Od k\u00f3\u0142ek dla chomik\u00f3w do urz\u0105dze\u0144 udojowych &#8211; wszystko o zwierz\u0119tach<\/strong><\/p>\n<p>Jeste\u015b w\u0142a\u015bcicielem sieci sklep\u00f3w zoologicznych lub du\u017cym sprzedawc\u0105 internetowym, np. na Amazon, eBay lub z w\u0142asn\u0105 stron\u0105 internetow\u0105? Chcesz oferowa\u0107 swoim klientom najlepsze ceny i samemu maksymalizowa\u0107 zyski?<\/p>\n<p>W takim razie ma pan ca\u0142kowit\u0105 racj\u0119 z agencj\u0105 Frisch. Jeste\u015bmy Twoim renomowanym i niedrogim bezpo\u015brednim importerem artyku\u0142\u00f3w dla zwierz\u0105t z Chin. Nasze wieloletnie do\u015bwiadczenie i najlepsze kontakty sprawiaj\u0105, \u017ce mo\u017cemy zapewni\u0107 Pa\u0144stwu artyku\u0142y zoologiczne z Chin w bezkonkurencyjnych cenach. Czy koce dla ps\u00f3w, legowiska dla ps\u00f3w czy inne artyku\u0142y dla zwierz\u0105t z Chin &#8211; u nas jeste\u015b pod w\u0142a\u015bciwym adresem.<\/p>\n<p>&nbsp;<\/p>\n<p><strong>Wszystko dla najlepszego przyjaciela cz\u0142owieka<\/strong><\/p>\n<p>Koce dla ps\u00f3w, legowiska dla ps\u00f3w, obro\u017ce i wi\u0119cej z Chin &#8211; mamy najlepsze po\u0142\u0105czenia z producentami artyku\u0142\u00f3w dla ps\u00f3w, aby zapewni\u0107 Ci najlepsze oferty. Wysoka jako\u015b\u0107 w niskiej cenie to dla nas oczywisto\u015b\u0107. Chcemy przekroczy\u0107 Twoje oczekiwania &#8211; i w\u0142a\u015bnie dlatego mamy wielu lojalnych, sta\u0142ych klient\u00f3w. W segmencie artyku\u0142\u00f3w dla ps\u00f3w mo\u017cemy zaoferowa\u0107 Pa\u0144stwu te produkty w\u015br\u00f3d wielu innych:<\/p>\n<ul>\n<li>Koce dla ps\u00f3w z Chin<\/li>\n<li>Legowiska dla ps\u00f3w z Chin<\/li>\n<li>Domy i budy dla ps\u00f3w<\/li>\n<li>Obro\u017ce i smycze<\/li>\n<li>Zabawki dla ps\u00f3w z Chin<\/li>\n<li>Karma i przysmaki dla ps\u00f3w<\/li>\n<\/ul>\n<p>&nbsp;<\/p>\n<p><strong>Import zabawek dla kot\u00f3w i drapak\u00f3w z Chin<\/strong><\/p>\n<p>Znajdziemy r\u00f3wnie\u017c odpowiedniego producenta dla Twoich wymaga\u0144 dla drugiego ulubionego zwierzaka Niemc\u00f3w. Od \u017cerdzi dla kot\u00f3w, kuwet, klatek dla kot\u00f3w i drapak\u00f3w po kompletne zestawy, kuwety i artyku\u0142y dla hodowc\u00f3w, mamy wszystko, czego potrzebujesz dla kot\u00f3w i innych zwierz\u0105t z Chin.<\/p>\n<p>&nbsp;<\/p>\n<p><strong>Wyposa\u017cenie dla ma\u0142ych zwierz\u0105t z hurtowni<\/strong><\/p>\n<p>Opr\u00f3cz ps\u00f3w i kot\u00f3w w Niemczech hoduje si\u0119 wiele innych gatunk\u00f3w zwierz\u0105t, a rynek odpowiednich produkt\u00f3w jest du\u017cy. Dostarczamy Pa\u0144stwu r\u00f3wnie\u017c artyku\u0142y dla zwierz\u0105t z Chin na przyk\u0142ad:<\/p>\n<ul>\n<li>Ptaki (klatki dla ptak\u00f3w, pojniki i karma dla ptak\u00f3w)<\/li>\n<li>Chomiki (klatki dla chomik\u00f3w, ko\u0142a dla chomik\u00f3w)<\/li>\n<li>\u015awinki morskie (klatki, kojce)<\/li>\n<li>Kr\u00f3liki (budki dla kr\u00f3lik\u00f3w, pomieszczenia zewn\u0119trzne, poid\u0142a)<\/li>\n<\/ul>\n<p>&nbsp;<\/p>\n<p><strong>Akwarystyka i terrarystyka bezpo\u015brednio od producenta z Chin<\/strong><\/p>\n<p>Oczywi\u015bcie oferujemy r\u00f3wnie\u017c wszelkie artyku\u0142y dla zwierz\u0105t z Chin dla mieszka\u0144c\u00f3w ryb i terrari\u00f3w. Czy to gekon, legwan, smok brodaty, tarantula czy \u017cmija &#8211; po\u015bredniczymy w sprzeda\u017cy producent\u00f3w artyku\u0142\u00f3w dla zwierz\u0105t z Chin w du\u017cych ilo\u015bciach r\u00f3wnie\u017c w zakresie terrari\u00f3w, akwari\u00f3w i sprz\u0119tu akwarystycznego. S\u0105 to na przyk\u0142ad systemy filtracyjne, pod\u0142o\u017ca, dekoracje akwariowe, pokarmy dla ryb, pokrywy i wiele innych. Znajdziemy dla Pa\u0144stwa r\u00f3wnie\u017c optymalnego dostawc\u0119 staw\u00f3w zewn\u0119trznych i obud\u00f3w. Skontaktuj si\u0119 z nami, a my w ramach konsultacji wyja\u015bnimy, co mo\u017cemy dla Ciebie zrobi\u0107.<\/p>\n<p>&nbsp;<\/p>\n<p><strong>Import sprz\u0119tu do hodowli zwierz\u0105t z Chin<\/strong><\/p>\n<p>Chcesz za\u0142o\u017cy\u0107 ferm\u0119 kurczak\u00f3w lub przeprojektowa\u0107 ferm\u0119 byd\u0142a? Mamy r\u00f3wnie\u017c odpowiedniego partnera biznesowego dla takich du\u017cych projekt\u00f3w w Chinach. Urz\u0105dzenia do dojenia, klatki bateryjne i wiele innych mo\u017cna kupi\u0107 za naszym po\u015brednictwem po znacznie ni\u017cszych cenach &#8211; oczywi\u015bcie w standardach spe\u0142niaj\u0105cych niemieckie i europejskie wymogi.<\/p>\n<p>&nbsp;<\/p>\n<p><strong>Nasz sekret: do\u015bwiadczenie i kontrolowana jako\u015b\u0107<\/strong><\/p>\n<p>Chcemy by\u0107 w gronie najlepszych i nie zadowalamy si\u0119 mniejszym. Jako klient, korzystasz bezpo\u015brednio z tego wysokiego standardu Agentur Frisch: nasz profesjonalizm i niezawodno\u015b\u0107 pozwalaj\u0105 zaoszcz\u0119dzi\u0107 koszty, czas i nerwy. Aby sprosta\u0107 naszym idea\u0142om, sami podejmujemy krytyczne kroki: Kontrola jako\u015bci w produkcji, na przyk\u0142ad, lub badania laboratoryjne wra\u017cliwych produkt\u00f3w. Nie ma wi\u0119c denerwuj\u0105cych trudno\u015bci ani przy odprawie celnej, ani p\u00f3\u017aniej po sprzeda\u017cy &#8211; dobra praca dos\u0142ownie si\u0119 op\u0142aca.<\/p>\n<p>&nbsp;<\/p>\n<p><strong>Skontaktuj si\u0119 z nami z zapytaniem o import artyku\u0142\u00f3w dla zwierz\u0105t domowych z Chin!<\/strong><\/p>\n<p>[\/et_pb_text][\/et_pb_column][\/et_pb_row][\/et_pb_section][et_pb_section fb_built=&#8221;1&#8243; admin_label=&#8221;Testimonials&#8221; _builder_version=&#8221;4.16&#8243; use_background_color_gradient=&#8221;on&#8221; background_color_gradient_stops=&#8221;rgba(0,106,156,0.85) 0%|rgba(0,106,156,0.85) 100%&#8221; background_color_gradient_start=&#8221;rgba(0,106,156,0.85)&#8221; background_color_gradient_end=&#8221;rgba(0,106,156,0.85)&#8221; custom_padding=&#8221;90px||60px|&#8221; animation_style=&#8221;fold&#8221; animation_direction=&#8221;bottom&#8221; animation_intensity_fold=&#8221;4%&#8221; global_colors_info=&#8221;{}&#8221;][et_pb_row _builder_version=&#8221;4.16&#8243; background_size=&#8221;initial&#8221; background_position=&#8221;top_left&#8221; background_repeat=&#8221;repeat&#8221; custom_width_px=&#8221;710px&#8221; locked=&#8221;off&#8221; global_colors_info=&#8221;{}&#8221;][et_pb_column type=&#8221;4_4&#8243; _builder_version=&#8221;4.16&#8243; background_position=&#8221;top_left&#8221; custom_padding=&#8221;|||&#8221; global_colors_info=&#8221;{}&#8221; custom_padding__hover=&#8221;|||&#8221;][et_pb_text admin_label=&#8221;Testimonials Section Title&#8221; _builder_version=&#8221;4.16&#8243; header_font=&#8221;Montserrat||||&#8221; header_font_size=&#8221;36px&#8221; background_size=&#8221;initial&#8221; background_position=&#8221;top_left&#8221; background_repeat=&#8221;repeat&#8221; text_orientation=&#8221;center&#8221; background_layout=&#8221;dark&#8221; max_width=&#8221;710px&#8221; module_alignment=&#8221;center&#8221; animation_style=&#8221;fold&#8221; animation_direction=&#8221;bottom&#8221; animation_intensity_fold=&#8221;20%&#8221; global_colors_info=&#8221;{}&#8221;]<\/p>\n<h1>Ponad 5000 zadowolonych klient\u00f3w.<\/h1>\n<p>&nbsp;<\/p>\n<p>[\/et_pb_text][et_pb_divider color=&#8221;#ffffff&#8221; divider_weight=&#8221;3px&#8221; disabled_on=&#8221;off|off|off&#8221; _builder_version=&#8221;4.16&#8243; background_color_gradient_direction=&#8221;90deg&#8221; max_width=&#8221;100px&#8221; module_alignment=&#8221;center&#8221; height=&#8221;5px&#8221; custom_margin=&#8221;||20px|&#8221; custom_padding=&#8221;||20px|&#8221; animation_style=&#8221;slide&#8221; animation_direction=&#8221;bottom&#8221; saved_tabs=&#8221;all&#8221; locked=&#8221;off&#8221; global_colors_info=&#8221;{}&#8221;][\/et_pb_divider][\/et_pb_column][\/et_pb_row][et_pb_row column_structure=&#8221;1_2,1_2&#8243; _builder_version=&#8221;4.18.1&#8243; _module_preset=&#8221;default&#8221; global_colors_info=&#8221;{}&#8221;][et_pb_column type=&#8221;1_2&#8243; _builder_version=&#8221;4.18.1&#8243; _module_preset=&#8221;default&#8221; global_colors_info=&#8221;{}&#8221;][et_pb_testimonial author=&#8221;Marco&#8221; portrait_url=&#8221;https:\/\/ag-frisch.com\/wp-content\/uploads\/2021\/08\/Harald.png&#8221; quote_icon=&#8221;off&#8221; _builder_version=&#8221;4.18.1&#8243; _module_preset=&#8221;default&#8221; body_font_size=&#8221;16px&#8221; use_background_color=&#8221;off&#8221; background_layout=&#8221;dark&#8221; global_colors_info=&#8221;{}&#8221;]Zleci\u0142em agencji Frisch wyprodukowanie du\u017cego mebla w Chinach, a nast\u0119pnie sprowadzenie go do Niemiec. Przez ca\u0142y czas by\u0142a sprawna komunikacja mailowa! Bardzo szybkie i rzetelne odpowiedzi stale dodawa\u0142y mi otuchy, kt\u00f3ra jest niezb\u0119dna w takim przedsi\u0119wzi\u0119ciu. Przez ca\u0142y czas pomagano mi przebrn\u0105\u0107 przez biurokratyczny g\u0105szcz, nie zapomniano o \u017cadnym formularzu ani nie wype\u0142niono go b\u0142\u0119dnie. Bardzo godne pochwa\u0142y!<a href=\"&lt;div%20class=%22pe-richsnippets%22&gt;&nbsp;&lt;\/div&gt;%20&lt;script%20type=%22text\/javascript%22%20src=%22https:\/\/www.provenexpert.com\/widget\/richsnippet.js?u=1NUA0VwZ4RUZ5tmAi5zA4RaplNKAlWwZ&amp;v=2%22%20async&gt;&lt;\/script&gt;%20&lt;div%20style=%22text-align:%20justify;%22&gt;&lt;br%20\/&gt;\"><\/a><\/p>\n<div class=\"brow ratingBarMargin\">\n<div class=\"ratingBar\">\n<div class=\"brow\">\n<div class=\"pe-richsnippets\">&nbsp;<\/div>\n<p><script type=\"text\/javascript\" src=\"https:\/\/www.provenexpert.com\/widget\/richsnippet.js?u=1NUA0VwZ4RUZ5tmAi5zA4RaplNKAlWwZ&amp;v=2\" async=\"\"><\/script><\/p>\n<div style=\"text-align: justify;\"><\/p>\n<div class=\"col-lg-9 col-md-8 col-xs-10 mt20 mb20\">\n<div class=\"col-xs-12 surveyNameForRating\"><\/div>\n<\/div>\n<\/div>\n<\/div>\n<\/div>\n<\/div>\n<p>[\/et_pb_testimonial][\/et_pb_column][et_pb_column type=&#8221;1_2&#8243; _builder_version=&#8221;4.18.1&#8243; _module_preset=&#8221;default&#8221; global_colors_info=&#8221;{}&#8221;][et_pb_testimonial author=&#8221;Simone L.&#8221; portrait_url=&#8221;https:\/\/ag-frisch.com\/wp-content\/uploads\/2021\/08\/Harald.png&#8221; quote_icon=&#8221;off&#8221; _builder_version=&#8221;4.18.1&#8243; _module_preset=&#8221;default&#8221; body_font_size=&#8221;16px&#8221; use_background_color=&#8221;off&#8221; background_layout=&#8221;dark&#8221; global_colors_info=&#8221;{}&#8221;]<\/p>\n<p>Ca\u0142a g\u00f3ra. Nie ma nic lepszego ni\u017c to. Doradzanie i wdra\u017canie nie mo\u017ce by\u0107 zrobione lepiej. Jeste\u015bmy bardziej ni\u017c zadowoleni po kilku zam\u00f3wieniach z t\u0105 firm\u0105 i kontynuowa\u0107 nasz\u0105 wsp\u00f3\u0142prac\u0119.<\/p>\n<div class=\"brow ratingBarMargin\">\n<div class=\"ratingBar\">\n<div class=\"brow\">\n<div class=\"pe-richsnippets\"> <\/div>\n<p>\n<script type=\"text\/javascript\" src=\"https:\/\/www.provenexpert.com\/widget\/richsnippet.js?u=1NUA0VwZ4RUZ5tmAi5zA4RaplNKAlWwZ&amp;v=2\" async=\"\"><\/script>\n<\/p>\n<div style=\"text-align: justify;\">\n<p>&nbsp;<\/p>\n<div class=\"col-lg-9 col-md-8 col-xs-10 mt20 mb20\">\n<div class=\"col-xs-12 surveyNameForRating\"><\/div>\n<\/div>\n<\/div>\n<\/div>\n<\/div>\n<\/div>\n<p>[\/et_pb_testimonial][\/et_pb_column][\/et_pb_row][et_pb_row _builder_version=&#8221;4.16&#8243; background_size=&#8221;initial&#8221; background_position=&#8221;top_left&#8221; background_repeat=&#8221;repeat&#8221; custom_padding=&#8221;50px|0px|30px|0px&#8221; custom_css_main_element=&#8221;text-align: center;&#8221; global_colors_info=&#8221;{}&#8221;][et_pb_column type=&#8221;4_4&#8243; _builder_version=&#8221;4.16&#8243; custom_padding=&#8221;|||&#8221; global_colors_info=&#8221;{}&#8221; custom_padding__hover=&#8221;|||&#8221;][et_pb_button button_url=&#8221;https:\/\/www.provenexpert.com\/de-de\/agentur-frisch-international-consulting-gmbh-und-co-kg\/&#8221; button_text=&#8221;WI\u0118CEJ OCEN&#8221; button_alignment=&#8221;left&#8221; admin_label=&#8221;Testimonial Button&#8221; _builder_version=&#8221;4.16&#8243; custom_button=&#8221;on&#8221; button_text_size=&#8221;18px&#8221; button_text_color=&#8221;#ffffff&#8221; button_bg_color=&#8221;#6eba01&#8243; button_border_width=&#8221;2px&#8221; button_border_color=&#8221;#6eba01&#8243; button_border_radius=&#8221;0px&#8221; button_letter_spacing=&#8221;2px&#8221; button_font=&#8221;Montserrat|||on|&#8221; button_use_icon=&#8221;off&#8221; animation_style=&#8221;fold&#8221; animation_direction=&#8221;bottom&#8221; button_text_color_hover=&#8221;#ffffff&#8221; button_border_color_hover=&#8221;#ffffff&#8221; button_border_radius_hover=&#8221;0px&#8221; button_letter_spacing_hover=&#8221;2px&#8221; button_bg_color_hover=&#8221;rgba(255,255,255,0)&#8221; locked=&#8221;off&#8221; global_colors_info=&#8221;{}&#8221; button_text_size__hover_enabled=&#8221;off&#8221; button_one_text_size__hover_enabled=&#8221;off&#8221; button_two_text_size__hover_enabled=&#8221;off&#8221; button_text_color__hover_enabled=&#8221;on&#8221; button_text_color__hover=&#8221;#ffffff&#8221; button_one_text_color__hover_enabled=&#8221;off&#8221; button_two_text_color__hover_enabled=&#8221;off&#8221; button_border_width__hover_enabled=&#8221;off&#8221; button_one_border_width__hover_enabled=&#8221;off&#8221; button_two_border_width__hover_enabled=&#8221;off&#8221; button_border_color__hover_enabled=&#8221;on&#8221; button_border_color__hover=&#8221;#ffffff&#8221; button_one_border_color__hover_enabled=&#8221;off&#8221; button_two_border_color__hover_enabled=&#8221;off&#8221; button_border_radius__hover_enabled=&#8221;on&#8221; button_border_radius__hover=&#8221;0px&#8221; button_one_border_radius__hover_enabled=&#8221;off&#8221; button_two_border_radius__hover_enabled=&#8221;off&#8221; button_letter_spacing__hover_enabled=&#8221;on&#8221; button_letter_spacing__hover=&#8221;2px&#8221; button_one_letter_spacing__hover_enabled=&#8221;off&#8221; button_two_letter_spacing__hover_enabled=&#8221;off&#8221; button_bg_color__hover_enabled=&#8221;on&#8221; button_bg_color__hover=&#8221;rgba(255,255,255,0)&#8221; button_one_bg_color__hover_enabled=&#8221;off&#8221; button_two_bg_color__hover_enabled=&#8221;off&#8221;][\/et_pb_button][\/et_pb_column][\/et_pb_row][\/et_pb_section]<\/p>\n","protected":false},"excerpt":{"rendered":"<p>Z China Import Agency Frisch mo\u017cesz robi\u0107 interesy z Chinami jak profesjonali\u015bci.Artyku\u0142y dla zwierz\u0105t domowych od ma\u0142ych do du\u017cych z Chin Od k\u00f3\u0142ek dla chomik\u00f3w do urz\u0105dze\u0144 udojowych &#8211; wszystko o zwierz\u0119tach Jeste\u015b w\u0142a\u015bcicielem sieci sklep\u00f3w zoologicznych lub du\u017cym sprzedawc\u0105 internetowym, np. na Amazon, eBay lub z w\u0142asn\u0105 stron\u0105 internetow\u0105? Chcesz oferowa\u0107 swoim klientom najlepsze [&hellip;]<\/p>\n","protected":false},"author":2,"featured_media":0,"parent":0,"menu_order":0,"comment_status":"closed","ping_status":"closed","template":"","meta":{"_et_pb_use_builder":"on","_et_pb_old_content":"","_et_gb_content_width":"","footnotes":""},"class_list":["post-11497","page","type-page","status-publish","hentry"],"yoast_head":"<!-- This site is optimized with the Yoast SEO plugin v27.4 - https:\/\/yoast.com\/product\/yoast-seo-wordpress\/ -->\n<title>Importuj artyku\u0142y dla zwierz\u0105t domowych z Chin zgodnie z wszystkimi dyrektywami UE<\/title>\n<meta name=\"description\" content=\"Artyku\u0142y dla zwierz\u0105t domowych z Chin \u25bb Produkty dla ps\u00f3w \u2713 Produkty dla kot\u00f3w \u2713 Produkty akwarystyczne z Chin \u2713 \u25bb Uzyskaj porady ekspert\u00f3w ju\u017c teraz!\" \/>\n<meta name=\"robots\" content=\"index, follow, max-snippet:-1, max-image-preview:large, max-video-preview:-1\" \/>\n<link rel=\"canonical\" href=\"https:\/\/ag-frisch.com\/pl\/artykuly-dla-zwierzat-domowych-z-chin\/\" \/>\n<meta property=\"og:locale\" content=\"pl_PL\" \/>\n<meta property=\"og:type\" content=\"article\" \/>\n<meta property=\"og:title\" content=\"Importuj artyku\u0142y dla zwierz\u0105t domowych z Chin zgodnie z wszystkimi dyrektywami UE\" \/>\n<meta property=\"og:description\" content=\"Artyku\u0142y dla zwierz\u0105t domowych z Chin \u25bb Produkty dla ps\u00f3w \u2713 Produkty dla kot\u00f3w \u2713 Produkty akwarystyczne z Chin \u2713 \u25bb Uzyskaj porady ekspert\u00f3w ju\u017c teraz!\" \/>\n<meta property=\"og:url\" content=\"https:\/\/ag-frisch.com\/pl\/artykuly-dla-zwierzat-domowych-z-chin\/\" \/>\n<meta property=\"og:site_name\" content=\"China Import Beratung f\u00fcr den Einkauf aus China\" \/>\n<meta property=\"article:publisher\" content=\"https:\/\/www.facebook.com\/China.Import\" \/>\n<meta property=\"article:modified_time\" content=\"2023-01-27T04:29:45+00:00\" \/>\n<meta name=\"twitter:card\" content=\"summary_large_image\" \/>\n<meta name=\"twitter:site\" content=\"@agenturfrisch\" \/>\n<meta name=\"twitter:label1\" content=\"Szacowany czas czytania\" \/>\n\t<meta name=\"twitter:data1\" content=\"8 minut\" \/>\n<script type=\"application\/ld+json\" class=\"yoast-schema-graph\">{\"@context\":\"https:\\\/\\\/schema.org\",\"@graph\":[{\"@type\":\"WebPage\",\"@id\":\"https:\\\/\\\/ag-frisch.com\\\/pl\\\/artykuly-dla-zwierzat-domowych-z-chin\\\/\",\"url\":\"https:\\\/\\\/ag-frisch.com\\\/pl\\\/artykuly-dla-zwierzat-domowych-z-chin\\\/\",\"name\":\"Importuj artyku\u0142y dla zwierz\u0105t domowych z Chin zgodnie z wszystkimi dyrektywami UE\",\"isPartOf\":{\"@id\":\"https:\\\/\\\/ag-frisch.com\\\/de\\\/#website\"},\"datePublished\":\"2022-05-28T13:29:05+00:00\",\"dateModified\":\"2023-01-27T04:29:45+00:00\",\"description\":\"Artyku\u0142y dla zwierz\u0105t domowych z Chin \u25bb Produkty dla ps\u00f3w \u2713 Produkty dla kot\u00f3w \u2713 Produkty akwarystyczne z Chin \u2713 \u25bb Uzyskaj porady ekspert\u00f3w ju\u017c teraz!\",\"breadcrumb\":{\"@id\":\"https:\\\/\\\/ag-frisch.com\\\/pl\\\/artykuly-dla-zwierzat-domowych-z-chin\\\/#breadcrumb\"},\"inLanguage\":\"pl-PL\",\"potentialAction\":[{\"@type\":\"ReadAction\",\"target\":[\"https:\\\/\\\/ag-frisch.com\\\/pl\\\/artykuly-dla-zwierzat-domowych-z-chin\\\/\"]}]},{\"@type\":\"BreadcrumbList\",\"@id\":\"https:\\\/\\\/ag-frisch.com\\\/pl\\\/artykuly-dla-zwierzat-domowych-z-chin\\\/#breadcrumb\",\"itemListElement\":[{\"@type\":\"ListItem\",\"position\":1,\"name\":\"Startseite\",\"item\":\"https:\\\/\\\/ag-frisch.com\\\/de\\\/\"},{\"@type\":\"ListItem\",\"position\":2,\"name\":\"Artyku\u0142y dla zwierz\u0105t domowych z Chin\"}]},{\"@type\":\"WebSite\",\"@id\":\"https:\\\/\\\/ag-frisch.com\\\/de\\\/#website\",\"url\":\"https:\\\/\\\/ag-frisch.com\\\/de\\\/\",\"name\":\"China Import Beratung f\u00fcr den Einkauf aus China\",\"description\":\"China Import &amp; Export Beratung - Der Dienstleister Ihres Vertrauens f\u00fcr Ihren China Import\",\"publisher\":{\"@id\":\"https:\\\/\\\/ag-frisch.com\\\/de\\\/#organization\"},\"potentialAction\":[{\"@type\":\"SearchAction\",\"target\":{\"@type\":\"EntryPoint\",\"urlTemplate\":\"https:\\\/\\\/ag-frisch.com\\\/de\\\/?s={search_term_string}\"},\"query-input\":{\"@type\":\"PropertyValueSpecification\",\"valueRequired\":true,\"valueName\":\"search_term_string\"}}],\"inLanguage\":\"pl-PL\"},{\"@type\":\"Organization\",\"@id\":\"https:\\\/\\\/ag-frisch.com\\\/de\\\/#organization\",\"name\":\"Agentur Frisch International Consulting GmbH & Co. KG\",\"url\":\"https:\\\/\\\/ag-frisch.com\\\/de\\\/\",\"logo\":{\"@type\":\"ImageObject\",\"inLanguage\":\"pl-PL\",\"@id\":\"https:\\\/\\\/ag-frisch.com\\\/de\\\/#\\\/schema\\\/logo\\\/image\\\/\",\"url\":\"https:\\\/\\\/ag-frisch.com\\\/wp-content\\\/uploads\\\/2021\\\/08\\\/ag_logo_rgb_300_small.png\",\"contentUrl\":\"https:\\\/\\\/ag-frisch.com\\\/wp-content\\\/uploads\\\/2021\\\/08\\\/ag_logo_rgb_300_small.png\",\"width\":153,\"height\":102,\"caption\":\"Agentur Frisch International Consulting GmbH & Co. KG\"},\"image\":{\"@id\":\"https:\\\/\\\/ag-frisch.com\\\/de\\\/#\\\/schema\\\/logo\\\/image\\\/\"},\"sameAs\":[\"https:\\\/\\\/www.facebook.com\\\/China.Import\",\"https:\\\/\\\/x.com\\\/agenturfrisch\"]}]}<\/script>\n<!-- \/ Yoast SEO plugin. -->","yoast_head_json":{"title":"Importuj artyku\u0142y dla zwierz\u0105t domowych z Chin zgodnie z wszystkimi dyrektywami UE","description":"Artyku\u0142y dla zwierz\u0105t domowych z Chin \u25bb Produkty dla ps\u00f3w \u2713 Produkty dla kot\u00f3w \u2713 Produkty akwarystyczne z Chin \u2713 \u25bb Uzyskaj porady ekspert\u00f3w ju\u017c teraz!","robots":{"index":"index","follow":"follow","max-snippet":"max-snippet:-1","max-image-preview":"max-image-preview:large","max-video-preview":"max-video-preview:-1"},"canonical":"https:\/\/ag-frisch.com\/pl\/artykuly-dla-zwierzat-domowych-z-chin\/","og_locale":"pl_PL","og_type":"article","og_title":"Importuj artyku\u0142y dla zwierz\u0105t domowych z Chin zgodnie z wszystkimi dyrektywami UE","og_description":"Artyku\u0142y dla zwierz\u0105t domowych z Chin \u25bb Produkty dla ps\u00f3w \u2713 Produkty dla kot\u00f3w \u2713 Produkty akwarystyczne z Chin \u2713 \u25bb Uzyskaj porady ekspert\u00f3w ju\u017c teraz!","og_url":"https:\/\/ag-frisch.com\/pl\/artykuly-dla-zwierzat-domowych-z-chin\/","og_site_name":"China Import Beratung f\u00fcr den Einkauf aus China","article_publisher":"https:\/\/www.facebook.com\/China.Import","article_modified_time":"2023-01-27T04:29:45+00:00","twitter_card":"summary_large_image","twitter_site":"@agenturfrisch","twitter_misc":{"Szacowany czas czytania":"8 minut"},"schema":{"@context":"https:\/\/schema.org","@graph":[{"@type":"WebPage","@id":"https:\/\/ag-frisch.com\/pl\/artykuly-dla-zwierzat-domowych-z-chin\/","url":"https:\/\/ag-frisch.com\/pl\/artykuly-dla-zwierzat-domowych-z-chin\/","name":"Importuj artyku\u0142y dla zwierz\u0105t domowych z Chin zgodnie z wszystkimi dyrektywami UE","isPartOf":{"@id":"https:\/\/ag-frisch.com\/de\/#website"},"datePublished":"2022-05-28T13:29:05+00:00","dateModified":"2023-01-27T04:29:45+00:00","description":"Artyku\u0142y dla zwierz\u0105t domowych z Chin \u25bb Produkty dla ps\u00f3w \u2713 Produkty dla kot\u00f3w \u2713 Produkty akwarystyczne z Chin \u2713 \u25bb Uzyskaj porady ekspert\u00f3w ju\u017c teraz!","breadcrumb":{"@id":"https:\/\/ag-frisch.com\/pl\/artykuly-dla-zwierzat-domowych-z-chin\/#breadcrumb"},"inLanguage":"pl-PL","potentialAction":[{"@type":"ReadAction","target":["https:\/\/ag-frisch.com\/pl\/artykuly-dla-zwierzat-domowych-z-chin\/"]}]},{"@type":"BreadcrumbList","@id":"https:\/\/ag-frisch.com\/pl\/artykuly-dla-zwierzat-domowych-z-chin\/#breadcrumb","itemListElement":[{"@type":"ListItem","position":1,"name":"Startseite","item":"https:\/\/ag-frisch.com\/de\/"},{"@type":"ListItem","position":2,"name":"Artyku\u0142y dla zwierz\u0105t domowych z Chin"}]},{"@type":"WebSite","@id":"https:\/\/ag-frisch.com\/de\/#website","url":"https:\/\/ag-frisch.com\/de\/","name":"China Import Beratung f\u00fcr den Einkauf aus China","description":"China Import &amp; Export Beratung - Der Dienstleister Ihres Vertrauens f\u00fcr Ihren China Import","publisher":{"@id":"https:\/\/ag-frisch.com\/de\/#organization"},"potentialAction":[{"@type":"SearchAction","target":{"@type":"EntryPoint","urlTemplate":"https:\/\/ag-frisch.com\/de\/?s={search_term_string}"},"query-input":{"@type":"PropertyValueSpecification","valueRequired":true,"valueName":"search_term_string"}}],"inLanguage":"pl-PL"},{"@type":"Organization","@id":"https:\/\/ag-frisch.com\/de\/#organization","name":"Agentur Frisch International Consulting GmbH & Co. KG","url":"https:\/\/ag-frisch.com\/de\/","logo":{"@type":"ImageObject","inLanguage":"pl-PL","@id":"https:\/\/ag-frisch.com\/de\/#\/schema\/logo\/image\/","url":"https:\/\/ag-frisch.com\/wp-content\/uploads\/2021\/08\/ag_logo_rgb_300_small.png","contentUrl":"https:\/\/ag-frisch.com\/wp-content\/uploads\/2021\/08\/ag_logo_rgb_300_small.png","width":153,"height":102,"caption":"Agentur Frisch International Consulting GmbH & Co. KG"},"image":{"@id":"https:\/\/ag-frisch.com\/de\/#\/schema\/logo\/image\/"},"sameAs":["https:\/\/www.facebook.com\/China.Import","https:\/\/x.com\/agenturfrisch"]}]}},"_links":{"self":[{"href":"https:\/\/ag-frisch.com\/pl\/wp-json\/wp\/v2\/pages\/11497","targetHints":{"allow":["GET"]}}],"collection":[{"href":"https:\/\/ag-frisch.com\/pl\/wp-json\/wp\/v2\/pages"}],"about":[{"href":"https:\/\/ag-frisch.com\/pl\/wp-json\/wp\/v2\/types\/page"}],"author":[{"embeddable":true,"href":"https:\/\/ag-frisch.com\/pl\/wp-json\/wp\/v2\/users\/2"}],"replies":[{"embeddable":true,"href":"https:\/\/ag-frisch.com\/pl\/wp-json\/wp\/v2\/comments?post=11497"}],"version-history":[{"count":0,"href":"https:\/\/ag-frisch.com\/pl\/wp-json\/wp\/v2\/pages\/11497\/revisions"}],"wp:attachment":[{"href":"https:\/\/ag-frisch.com\/pl\/wp-json\/wp\/v2\/media?parent=11497"}],"curies":[{"name":"wp","href":"https:\/\/api.w.org\/{rel}","templated":true}]}}