{"id":11560,"date":"2022-07-12T15:10:30","date_gmt":"2022-07-12T13:10:30","guid":{"rendered":"https:\/\/ag-frisch.com\/inspekcja-wideo-w-chinach\/"},"modified":"2023-01-27T05:30:21","modified_gmt":"2023-01-27T04:30:21","slug":"inspekcja-wideo-w-chinach","status":"publish","type":"page","link":"https:\/\/ag-frisch.com\/pl\/inspekcja-wideo-w-chinach\/","title":{"rendered":"Inspekcja wideo w Chinach"},"content":{"rendered":"<p>[et_pb_section fb_built=&#8221;1&#8243; _builder_version=&#8221;4.16&#8243; _module_preset=&#8221;default&#8221; global_colors_info=&#8221;{}&#8221;][et_pb_row _builder_version=&#8221;4.16&#8243; _module_preset=&#8221;default&#8221; global_colors_info=&#8221;{}&#8221;][et_pb_column type=&#8221;4_4&#8243; _builder_version=&#8221;4.16&#8243; _module_preset=&#8221;default&#8221; global_colors_info=&#8221;{}&#8221;][et_pb_cta title=&#8221;Kontrola po\u0142\u0105cze\u0144 wideo w Chinach&#8221; button_url=&#8221;https:\/\/ag-frisch.com\/pl\/kontakt\/&#8221; button_text=&#8221;Ju\u017c teraz zarezerwuj inspekcj\u0119 w Chinach&#8221; _builder_version=&#8221;4.18.1&#8243; _module_preset=&#8221;default&#8221; hover_enabled=&#8221;0&#8243; global_colors_info=&#8221;{}&#8221; theme_builder_area=&#8221;post_content&#8221; sticky_enabled=&#8221;0&#8243;]<\/p>\n<p>\u015aled\u017a na \u017cywo nasz\u0105 inspekcj\u0119 w Chinach za po\u015brednictwem po\u0142\u0105czenia wideo. W ten spos\u00f3b mo\u017cna nadal wydawa\u0107 polecenia inspektorowi lub zadawa\u0107 pytania podczas kontroli.  <\/p>\n<p>[\/et_pb_cta][et_pb_text admin_label=&#8221;H1&#8243; _builder_version=&#8221;4.18.1&#8243; _module_preset=&#8221;default&#8221; global_colors_info=&#8221;{}&#8221;]<\/p>\n<h1>Inspekcja i testy wideo na \u017cywo w Chinach<\/h1>\n<p>[\/et_pb_text][et_pb_text _builder_version=&#8221;4.16&#8243; _module_preset=&#8221;default&#8221; global_colors_info=&#8221;{}&#8221;]<\/p>\n<p><strong>Inspekcja wideo &#8211; \u015bledzenie inspekcji za pomoc\u0105 po\u0142\u0105czenia wideo<\/strong><\/p>\n<p><strong>Kontrola na \u017cywo w Chinach za po\u015brednictwem wideo<\/strong><\/p>\n<p>Nie mo\u017cesz wyjecha\u0107 do Chin jako przedsi\u0119biorca, ale chcesz samodzielnie skontrolowa\u0107 swoje towary w Chinach? W\u00f3wczas mo\u017cesz skorzysta\u0107 z naszej us\u0142ugi wideorejestracji. Oferujemy sta\u0142y udzia\u0142 za po\u015brednictwem wideo w egzaminach prowadzonych przez naszego inspektora. Ma to dla Ciebie na przyk\u0142ad nast\u0119puj\u0105ce zalety:<\/p>\n<ul>\n<li>Bezpo\u015brednie rzeczowe rozmowy z inspektorem<\/li>\n<li>Szczeg\u00f3\u0142y uj\u0119cia, specyficzne k\u0105ty itp.<\/li>\n<li>instrukcje indywidualne<\/li>\n<\/ul>\n<p>&nbsp;<\/p>\n<p><strong>Kontrola za pomoc\u0105 wideo w Chinach &#8211; kontrola jak na miejscu<\/strong><\/p>\n<p>Dzi\u0119ki naszym inspekcjom na \u017cywo w Chinach, mo\u017cesz samodzielnie sprawdzi\u0107 swoje towary w Chinach. Dzi\u0119ki \u0142\u0105czu wideo s\u0105 Pa\u0144stwo obecni na miejscu od samego pocz\u0105tku, kiedy nasz inspektor dok\u0142adnie przygl\u0105da si\u0119 Pa\u0144stwa towarom. Filmy o wysokiej rozdzielczo\u015bci i nowoczesna technologia kamer zapewniaj\u0105, \u017ce jako\u015b\u0107 inspekcji na \u017cywo w Chinach jest znacz\u0105ca i &#8220;jak na miejscu&#8221;. Dzi\u0119ki najlepszej technologii i do\u015bwiadczonym inspektorom r\u00f3wnie\u017c w ten spos\u00f3b wykrywane s\u0105 ewentualne usterki, kt\u00f3re mog\u0105 by\u0107 dzi\u0119ki temu usuni\u0119te we wczesnym stadium. Otrzymujesz dog\u0142\u0119bny obraz stanu swoich towar\u00f3w podczas inspekcji wideo w Chinach.<\/p>\n<p>Poniewa\u017c nasi inspektorzy s\u0105 bardzo do\u015bwiadczonymi specjalistami, zaleca si\u0119 przestrzeganie procedury podanej przez fachowca. W wi\u0119kszo\u015bci przypadk\u00f3w to on wie najlepiej, kt\u00f3re k\u0105ty i szczeg\u00f3\u0142owe widoki s\u0105 istotne. Podczas inspekcji na \u017cywo w Chinach zapewnione jest optymalne o\u015bwietlenie i mocne po\u0142\u0105czenie internetowe.<\/p>\n<p>&nbsp;<\/p>\n<p><strong>Indywidualne instrukcje podczas inspekcji na \u017cywo w Chinach<\/strong><\/p>\n<p>W niekt\u00f3rych przypadkach przydatne mo\u017ce by\u0107 nie tylko \u015bledzenie krok\u00f3w inspektora. Mo\u017cesz mie\u0107 w\u0142asne pomys\u0142y na pewne szczeg\u00f3\u0142y, kt\u00f3re nale\u017cy sprawdzi\u0107. Albo zauwa\u017casz podczas inspekcji co\u015b, co zosta\u0142o przeoczone nawet przez naszego sumiennego i do\u015bwiadczonego inspektora. By\u0107 mo\u017ce r\u00f3wnie\u017c przeprowadzi\u0142e\u015b tyle por\u00f3wnywalnych kontroli, \u017ce po prostu lepiej wiesz, co si\u0119 liczy. W takich przypadkach zapraszamy do przej\u0119cia kontroli w dowolnym momencie.<\/p>\n<p>Mo\u017cesz zleci\u0107 inspektorowi przyj\u0119cie okre\u015blonej perspektywy lub przybli\u017cenie w\u0105tpliwych szczeg\u00f3\u0142\u00f3w i stworzenie zbli\u017ce\u0144. Dzi\u0119ki naszej inspekcji wideo w Chinach, to tak jakby\u015b sam tam by\u0142 i m\u00f3g\u0142 dok\u0142adnie sprawdzi\u0107 ka\u017cd\u0105 drobnostk\u0119.<\/p>\n<p>&nbsp;<\/p>\n<p><strong>Bezpo\u015brednie rzeczowe rozmowy z inspektorem<\/strong><\/p>\n<p>Podczas inspekcji na \u017cywo w Chinach mo\u017cna wyja\u015bni\u0107 pewne kwestie bezpo\u015brednio z inspektorem. Mo\u017ce on odpowiedzie\u0107 na pytania dotycz\u0105ce wielu aspekt\u00f3w produkcji, na przyk\u0142ad:<\/p>\n<ul>\n<li>Pytania szczeg\u00f3\u0142owe<\/li>\n<li>Pytania dotycz\u0105ce tekstury<\/li>\n<li>Pytania dotycz\u0105ce u\u017cytych materia\u0142\u00f3w<\/li>\n<li>Pytania dotycz\u0105ce procesu produkcji<\/li>\n<li>Pytania dotycz\u0105ce przechowywania<\/li>\n<li>Pytania dotycz\u0105ce pakowania<\/li>\n<\/ul>\n<p>&nbsp;<\/p>\n<p><strong>Nawet sprawdzanie towar\u00f3w w Chinach przez \u0142\u0105cze wideo<\/strong><\/p>\n<p>Je\u015bli inspektor lub Ty zauwa\u017cysz jakie\u015b wady lub inne problemy podczas inspekcji wideo w Chinach, mo\u017cesz je od razu wyja\u015bni\u0107 we wst\u0119pnej rozmowie. Oczywi\u015bcie jeste\u015bmy do Pa\u0144stwa dyspozycji r\u00f3wnie\u017c na tym etapie procesu. Je\u015bli chcesz, mo\u017cemy towarzyszy\u0107 inspekcji wideo w Chinach i wspiera\u0107 Ci\u0119 fachowym okiem podczas kontroli Twoich towar\u00f3w. Z naszego do\u015bwiadczenia wynika, \u017ce dla wszystkich stron dobrze jest, je\u015bli na pytania mo\u017cna odpowiedzie\u0107 jak najwcze\u015bniej &#8211; i powiedzenie &#8220;czworo oczu widzi wi\u0119cej ni\u017c dwoje&#8221; ma tu r\u00f3wnie\u017c zastosowanie.<\/p>\n<p>&nbsp;<\/p>\n<p><strong>Agentur Frisch &#8211; Tw\u00f3j silny partner w imporcie r\u00f3wnie\u017c w przypadku inspekcji na \u017cywo w Chinach!<\/strong><\/p>\n<p>&nbsp;<\/p>\n<p>[\/et_pb_text][\/et_pb_column][\/et_pb_row][\/et_pb_section][et_pb_section fb_built=&#8221;1&#8243; admin_label=&#8221;Testimonials&#8221; _builder_version=&#8221;4.16&#8243; use_background_color_gradient=&#8221;on&#8221; background_color_gradient_stops=&#8221;rgba(0,106,156,0.85) 0%|rgba(0,106,156,0.85) 100%&#8221; background_color_gradient_start=&#8221;rgba(0,106,156,0.85)&#8221; background_color_gradient_end=&#8221;rgba(0,106,156,0.85)&#8221; custom_padding=&#8221;90px||60px|&#8221; animation_style=&#8221;fold&#8221; animation_direction=&#8221;bottom&#8221; animation_intensity_fold=&#8221;4%&#8221; global_colors_info=&#8221;{}&#8221; theme_builder_area=&#8221;post_content&#8221;][et_pb_row _builder_version=&#8221;4.16&#8243; background_size=&#8221;initial&#8221; background_position=&#8221;top_left&#8221; background_repeat=&#8221;repeat&#8221; custom_width_px=&#8221;710px&#8221; locked=&#8221;off&#8221; global_colors_info=&#8221;{}&#8221; theme_builder_area=&#8221;post_content&#8221;][et_pb_column type=&#8221;4_4&#8243; _builder_version=&#8221;4.16&#8243; background_position=&#8221;top_left&#8221; custom_padding=&#8221;|||&#8221; global_colors_info=&#8221;{}&#8221; custom_padding__hover=&#8221;|||&#8221; theme_builder_area=&#8221;post_content&#8221;][et_pb_text admin_label=&#8221;Testimonials Section Title&#8221; _builder_version=&#8221;4.16&#8243; header_font=&#8221;Montserrat||||&#8221; header_font_size=&#8221;36px&#8221; background_size=&#8221;initial&#8221; background_position=&#8221;top_left&#8221; background_repeat=&#8221;repeat&#8221; text_orientation=&#8221;center&#8221; background_layout=&#8221;dark&#8221; max_width=&#8221;710px&#8221; module_alignment=&#8221;center&#8221; animation_style=&#8221;fold&#8221; animation_direction=&#8221;bottom&#8221; animation_intensity_fold=&#8221;20%&#8221; global_colors_info=&#8221;{}&#8221; theme_builder_area=&#8221;post_content&#8221;]<\/p>\n<h1>Ponad 5000 zadowolonych klient\u00f3w.<\/h1>\n<p>&nbsp;<\/p>\n<p>[\/et_pb_text][et_pb_divider color=&#8221;#ffffff&#8221; divider_weight=&#8221;3px&#8221; disabled_on=&#8221;off|off|off&#8221; _builder_version=&#8221;4.16&#8243; background_color_gradient_direction=&#8221;90deg&#8221; max_width=&#8221;100px&#8221; module_alignment=&#8221;center&#8221; height=&#8221;5px&#8221; custom_margin=&#8221;||20px|&#8221; custom_padding=&#8221;||20px|&#8221; animation_style=&#8221;slide&#8221; animation_direction=&#8221;bottom&#8221; saved_tabs=&#8221;all&#8221; locked=&#8221;off&#8221; global_colors_info=&#8221;{}&#8221; theme_builder_area=&#8221;post_content&#8221;][\/et_pb_divider][\/et_pb_column][\/et_pb_row][et_pb_row column_structure=&#8221;1_2,1_2&#8243; _builder_version=&#8221;4.18.1&#8243; _module_preset=&#8221;default&#8221; global_colors_info=&#8221;{}&#8221; theme_builder_area=&#8221;post_content&#8221;][et_pb_column type=&#8221;1_2&#8243; _builder_version=&#8221;4.18.1&#8243; _module_preset=&#8221;default&#8221; global_colors_info=&#8221;{}&#8221; theme_builder_area=&#8221;post_content&#8221;][et_pb_testimonial author=&#8221;Marco&#8221; portrait_url=&#8221;https:\/\/ag-frisch.com\/wp-content\/uploads\/2021\/08\/Harald.png&#8221; quote_icon=&#8221;off&#8221; _builder_version=&#8221;4.18.1&#8243; _module_preset=&#8221;default&#8221; body_font_size=&#8221;16px&#8221; use_background_color=&#8221;off&#8221; background_layout=&#8221;dark&#8221; global_colors_info=&#8221;{}&#8221; theme_builder_area=&#8221;post_content&#8221;]Zleci\u0142em agencji Frisch wyprodukowanie du\u017cego mebla w Chinach, a nast\u0119pnie sprowadzenie go do Niemiec. Przez ca\u0142y czas by\u0142a sprawna komunikacja mailowa! Bardzo szybkie i rzetelne odpowiedzi stale dodawa\u0142y mi otuchy, kt\u00f3ra jest niezb\u0119dna w takim przedsi\u0119wzi\u0119ciu. Przez ca\u0142y czas pomagano mi przebrn\u0105\u0107 przez biurokratyczny g\u0105szcz, nie zapomniano o \u017cadnym formularzu ani nie wype\u0142niono go b\u0142\u0119dnie. Bardzo godne pochwa\u0142y!<a href=\"&lt;div%20class=%22pe-richsnippets%22&gt;&nbsp;&lt;\/div&gt;%20&lt;script%20type=%22text\/javascript%22%20src=%22https:\/\/www.provenexpert.com\/widget\/richsnippet.js?u=1NUA0VwZ4RUZ5tmAi5zA4RaplNKAlWwZ&amp;v=2%22%20async&gt;&lt;\/script&gt;%20&lt;div%20style=%22text-align:%20justify;%22&gt;&lt;br%20\/&gt;\"><\/a><\/p>\n<div class=\"brow ratingBarMargin\">\n<div class=\"ratingBar\">\n<div class=\"brow\">\n<div class=\"pe-richsnippets\">&nbsp;<\/div>\n<p><script type=\"text\/javascript\" src=\"https:\/\/www.provenexpert.com\/widget\/richsnippet.js?u=1NUA0VwZ4RUZ5tmAi5zA4RaplNKAlWwZ&amp;v=2\" async=\"\"><\/script><\/p>\n<div style=\"text-align: justify;\"><\/p>\n<div class=\"col-lg-9 col-md-8 col-xs-10 mt20 mb20\">\n<div class=\"col-xs-12 surveyNameForRating\"><\/div>\n<\/div>\n<\/div>\n<\/div>\n<\/div>\n<\/div>\n<p>[\/et_pb_testimonial][\/et_pb_column][et_pb_column type=&#8221;1_2&#8243; _builder_version=&#8221;4.18.1&#8243; _module_preset=&#8221;default&#8221; global_colors_info=&#8221;{}&#8221; theme_builder_area=&#8221;post_content&#8221;][et_pb_testimonial author=&#8221;Simone L.&#8221; portrait_url=&#8221;https:\/\/ag-frisch.com\/wp-content\/uploads\/2021\/08\/Harald.png&#8221; quote_icon=&#8221;off&#8221; _builder_version=&#8221;4.18.1&#8243; _module_preset=&#8221;default&#8221; body_font_size=&#8221;16px&#8221; use_background_color=&#8221;off&#8221; background_layout=&#8221;dark&#8221; global_colors_info=&#8221;{}&#8221; theme_builder_area=&#8221;post_content&#8221;]<\/p>\n<p>Ca\u0142a g\u00f3ra. Nie ma nic lepszego ni\u017c to. Doradzanie i wdra\u017canie nie mo\u017ce by\u0107 zrobione lepiej. Jeste\u015bmy bardziej ni\u017c zadowoleni po kilku zam\u00f3wieniach z t\u0105 firm\u0105 i kontynuowa\u0107 nasz\u0105 wsp\u00f3\u0142prac\u0119.<\/p>\n<div class=\"brow ratingBarMargin\">\n<div class=\"ratingBar\">\n<div class=\"brow\">\n<div class=\"pe-richsnippets\"> <\/div>\n<p>\n<script type=\"text\/javascript\" src=\"https:\/\/www.provenexpert.com\/widget\/richsnippet.js?u=1NUA0VwZ4RUZ5tmAi5zA4RaplNKAlWwZ&amp;v=2\" async=\"\"><\/script>\n<\/p>\n<div style=\"text-align: justify;\">\n<p>&nbsp;<\/p>\n<div class=\"col-lg-9 col-md-8 col-xs-10 mt20 mb20\">\n<div class=\"col-xs-12 surveyNameForRating\"><\/div>\n<\/div>\n<\/div>\n<\/div>\n<\/div>\n<\/div>\n<p>[\/et_pb_testimonial][\/et_pb_column][\/et_pb_row][et_pb_row _builder_version=&#8221;4.16&#8243; background_size=&#8221;initial&#8221; background_position=&#8221;top_left&#8221; background_repeat=&#8221;repeat&#8221; custom_padding=&#8221;50px|0px|30px|0px&#8221; custom_css_main_element=&#8221;text-align: center;&#8221; global_colors_info=&#8221;{}&#8221; theme_builder_area=&#8221;post_content&#8221;][et_pb_column type=&#8221;4_4&#8243; _builder_version=&#8221;4.16&#8243; custom_padding=&#8221;|||&#8221; global_colors_info=&#8221;{}&#8221; custom_padding__hover=&#8221;|||&#8221; theme_builder_area=&#8221;post_content&#8221;][et_pb_button button_url=&#8221;https:\/\/www.provenexpert.com\/de-de\/agentur-frisch-international-consulting-gmbh-und-co-kg\/&#8221; button_text=&#8221;WI\u0118CEJ OCEN&#8221; button_alignment=&#8221;left&#8221; admin_label=&#8221;Testimonial Button&#8221; _builder_version=&#8221;4.16&#8243; custom_button=&#8221;on&#8221; button_text_size=&#8221;18px&#8221; button_text_color=&#8221;#ffffff&#8221; button_bg_color=&#8221;#6eba01&#8243; button_border_width=&#8221;2px&#8221; button_border_color=&#8221;#6eba01&#8243; button_border_radius=&#8221;0px&#8221; button_letter_spacing=&#8221;2px&#8221; button_font=&#8221;Montserrat|||on|&#8221; button_use_icon=&#8221;off&#8221; animation_style=&#8221;fold&#8221; animation_direction=&#8221;bottom&#8221; button_text_color_hover=&#8221;#ffffff&#8221; button_border_color_hover=&#8221;#ffffff&#8221; button_border_radius_hover=&#8221;0px&#8221; button_letter_spacing_hover=&#8221;2px&#8221; button_bg_color_hover=&#8221;rgba(255,255,255,0)&#8221; locked=&#8221;off&#8221; global_colors_info=&#8221;{}&#8221; button_text_size__hover_enabled=&#8221;off&#8221; button_one_text_size__hover_enabled=&#8221;off&#8221; button_two_text_size__hover_enabled=&#8221;off&#8221; button_text_color__hover_enabled=&#8221;on&#8221; button_text_color__hover=&#8221;#ffffff&#8221; button_one_text_color__hover_enabled=&#8221;off&#8221; button_two_text_color__hover_enabled=&#8221;off&#8221; button_border_width__hover_enabled=&#8221;off&#8221; button_one_border_width__hover_enabled=&#8221;off&#8221; button_two_border_width__hover_enabled=&#8221;off&#8221; button_border_color__hover_enabled=&#8221;on&#8221; button_border_color__hover=&#8221;#ffffff&#8221; button_one_border_color__hover_enabled=&#8221;off&#8221; button_two_border_color__hover_enabled=&#8221;off&#8221; button_border_radius__hover_enabled=&#8221;on&#8221; button_border_radius__hover=&#8221;0px&#8221; button_one_border_radius__hover_enabled=&#8221;off&#8221; button_two_border_radius__hover_enabled=&#8221;off&#8221; button_letter_spacing__hover_enabled=&#8221;on&#8221; button_letter_spacing__hover=&#8221;2px&#8221; button_one_letter_spacing__hover_enabled=&#8221;off&#8221; button_two_letter_spacing__hover_enabled=&#8221;off&#8221; button_bg_color__hover_enabled=&#8221;on&#8221; button_bg_color__hover=&#8221;rgba(255,255,255,0)&#8221; button_one_bg_color__hover_enabled=&#8221;off&#8221; button_two_bg_color__hover_enabled=&#8221;off&#8221; theme_builder_area=&#8221;post_content&#8221;][\/et_pb_button][\/et_pb_column][\/et_pb_row][\/et_pb_section]<\/p>\n","protected":false},"excerpt":{"rendered":"<p>\u015aled\u017a na \u017cywo nasz\u0105 inspekcj\u0119 w Chinach za po\u015brednictwem po\u0142\u0105czenia wideo. W ten spos\u00f3b mo\u017cna nadal wydawa\u0107 polecenia inspektorowi lub zadawa\u0107 pytania podczas kontroli. Inspekcja i testy wideo na \u017cywo w ChinachInspekcja wideo &#8211; \u015bledzenie inspekcji za pomoc\u0105 po\u0142\u0105czenia wideo Kontrola na \u017cywo w Chinach za po\u015brednictwem wideo Nie mo\u017cesz wyjecha\u0107 do Chin jako przedsi\u0119biorca, [&hellip;]<\/p>\n","protected":false},"author":2,"featured_media":0,"parent":0,"menu_order":0,"comment_status":"closed","ping_status":"closed","template":"","meta":{"_et_pb_use_builder":"on","_et_pb_old_content":"","_et_gb_content_width":"","footnotes":""},"class_list":["post-11560","page","type-page","status-publish","hentry"],"yoast_head":"<!-- This site is optimized with the Yoast SEO plugin v27.4 - https:\/\/yoast.com\/product\/yoast-seo-wordpress\/ -->\n<title>Inspekcja wideo w Chinach - na \u017cywo i z uwzgl\u0119dnieniem. Kontakt z inspektorami<\/title>\n<meta name=\"description\" content=\"Inspekcja wideo w Chinach \u25ba \u015aledzenie na \u017cywo inspekcji i test\u00f3w \u25ba Bezpo\u015brednia komunikacja z inspektorami \u25ba Uzyskaj porad\u0119 ju\u017c teraz!\" \/>\n<meta name=\"robots\" content=\"index, follow, max-snippet:-1, max-image-preview:large, max-video-preview:-1\" \/>\n<link rel=\"canonical\" href=\"https:\/\/ag-frisch.com\/pl\/inspekcja-wideo-w-chinach\/\" \/>\n<meta property=\"og:locale\" content=\"pl_PL\" \/>\n<meta property=\"og:type\" content=\"article\" \/>\n<meta property=\"og:title\" content=\"Inspekcja wideo w Chinach - na \u017cywo i z uwzgl\u0119dnieniem. Kontakt z inspektorami\" \/>\n<meta property=\"og:description\" content=\"Inspekcja wideo w Chinach \u25ba \u015aledzenie na \u017cywo inspekcji i test\u00f3w \u25ba Bezpo\u015brednia komunikacja z inspektorami \u25ba Uzyskaj porad\u0119 ju\u017c teraz!\" \/>\n<meta property=\"og:url\" content=\"https:\/\/ag-frisch.com\/pl\/inspekcja-wideo-w-chinach\/\" \/>\n<meta property=\"og:site_name\" content=\"China Import Beratung f\u00fcr den Einkauf aus China\" \/>\n<meta property=\"article:publisher\" content=\"https:\/\/www.facebook.com\/China.Import\" \/>\n<meta property=\"article:modified_time\" content=\"2023-01-27T04:30:21+00:00\" \/>\n<meta name=\"twitter:card\" content=\"summary_large_image\" \/>\n<meta name=\"twitter:site\" content=\"@agenturfrisch\" \/>\n<meta name=\"twitter:label1\" content=\"Szacowany czas czytania\" \/>\n\t<meta name=\"twitter:data1\" content=\"8 minut\" \/>\n<script type=\"application\/ld+json\" class=\"yoast-schema-graph\">{\"@context\":\"https:\\\/\\\/schema.org\",\"@graph\":[{\"@type\":\"WebPage\",\"@id\":\"https:\\\/\\\/ag-frisch.com\\\/pl\\\/inspekcja-wideo-w-chinach\\\/\",\"url\":\"https:\\\/\\\/ag-frisch.com\\\/pl\\\/inspekcja-wideo-w-chinach\\\/\",\"name\":\"Inspekcja wideo w Chinach - na \u017cywo i z uwzgl\u0119dnieniem. Kontakt z inspektorami\",\"isPartOf\":{\"@id\":\"https:\\\/\\\/ag-frisch.com\\\/de\\\/#website\"},\"datePublished\":\"2022-07-12T13:10:30+00:00\",\"dateModified\":\"2023-01-27T04:30:21+00:00\",\"description\":\"Inspekcja wideo w Chinach \u25ba \u015aledzenie na \u017cywo inspekcji i test\u00f3w \u25ba Bezpo\u015brednia komunikacja z inspektorami \u25ba Uzyskaj porad\u0119 ju\u017c teraz!\",\"breadcrumb\":{\"@id\":\"https:\\\/\\\/ag-frisch.com\\\/pl\\\/inspekcja-wideo-w-chinach\\\/#breadcrumb\"},\"inLanguage\":\"pl-PL\",\"potentialAction\":[{\"@type\":\"ReadAction\",\"target\":[\"https:\\\/\\\/ag-frisch.com\\\/pl\\\/inspekcja-wideo-w-chinach\\\/\"]}]},{\"@type\":\"BreadcrumbList\",\"@id\":\"https:\\\/\\\/ag-frisch.com\\\/pl\\\/inspekcja-wideo-w-chinach\\\/#breadcrumb\",\"itemListElement\":[{\"@type\":\"ListItem\",\"position\":1,\"name\":\"Startseite\",\"item\":\"https:\\\/\\\/ag-frisch.com\\\/de\\\/\"},{\"@type\":\"ListItem\",\"position\":2,\"name\":\"Inspekcja wideo w Chinach\"}]},{\"@type\":\"WebSite\",\"@id\":\"https:\\\/\\\/ag-frisch.com\\\/de\\\/#website\",\"url\":\"https:\\\/\\\/ag-frisch.com\\\/de\\\/\",\"name\":\"China Import Beratung f\u00fcr den Einkauf aus China\",\"description\":\"China Import &amp; Export Beratung - Der Dienstleister Ihres Vertrauens f\u00fcr Ihren China Import\",\"publisher\":{\"@id\":\"https:\\\/\\\/ag-frisch.com\\\/de\\\/#organization\"},\"potentialAction\":[{\"@type\":\"SearchAction\",\"target\":{\"@type\":\"EntryPoint\",\"urlTemplate\":\"https:\\\/\\\/ag-frisch.com\\\/de\\\/?s={search_term_string}\"},\"query-input\":{\"@type\":\"PropertyValueSpecification\",\"valueRequired\":true,\"valueName\":\"search_term_string\"}}],\"inLanguage\":\"pl-PL\"},{\"@type\":\"Organization\",\"@id\":\"https:\\\/\\\/ag-frisch.com\\\/de\\\/#organization\",\"name\":\"Agentur Frisch International Consulting GmbH & Co. KG\",\"url\":\"https:\\\/\\\/ag-frisch.com\\\/de\\\/\",\"logo\":{\"@type\":\"ImageObject\",\"inLanguage\":\"pl-PL\",\"@id\":\"https:\\\/\\\/ag-frisch.com\\\/de\\\/#\\\/schema\\\/logo\\\/image\\\/\",\"url\":\"https:\\\/\\\/ag-frisch.com\\\/wp-content\\\/uploads\\\/2021\\\/08\\\/ag_logo_rgb_300_small.png\",\"contentUrl\":\"https:\\\/\\\/ag-frisch.com\\\/wp-content\\\/uploads\\\/2021\\\/08\\\/ag_logo_rgb_300_small.png\",\"width\":153,\"height\":102,\"caption\":\"Agentur Frisch International Consulting GmbH & Co. KG\"},\"image\":{\"@id\":\"https:\\\/\\\/ag-frisch.com\\\/de\\\/#\\\/schema\\\/logo\\\/image\\\/\"},\"sameAs\":[\"https:\\\/\\\/www.facebook.com\\\/China.Import\",\"https:\\\/\\\/x.com\\\/agenturfrisch\"]}]}<\/script>\n<!-- \/ Yoast SEO plugin. -->","yoast_head_json":{"title":"Inspekcja wideo w Chinach - na \u017cywo i z uwzgl\u0119dnieniem. Kontakt z inspektorami","description":"Inspekcja wideo w Chinach \u25ba \u015aledzenie na \u017cywo inspekcji i test\u00f3w \u25ba Bezpo\u015brednia komunikacja z inspektorami \u25ba Uzyskaj porad\u0119 ju\u017c teraz!","robots":{"index":"index","follow":"follow","max-snippet":"max-snippet:-1","max-image-preview":"max-image-preview:large","max-video-preview":"max-video-preview:-1"},"canonical":"https:\/\/ag-frisch.com\/pl\/inspekcja-wideo-w-chinach\/","og_locale":"pl_PL","og_type":"article","og_title":"Inspekcja wideo w Chinach - na \u017cywo i z uwzgl\u0119dnieniem. Kontakt z inspektorami","og_description":"Inspekcja wideo w Chinach \u25ba \u015aledzenie na \u017cywo inspekcji i test\u00f3w \u25ba Bezpo\u015brednia komunikacja z inspektorami \u25ba Uzyskaj porad\u0119 ju\u017c teraz!","og_url":"https:\/\/ag-frisch.com\/pl\/inspekcja-wideo-w-chinach\/","og_site_name":"China Import Beratung f\u00fcr den Einkauf aus China","article_publisher":"https:\/\/www.facebook.com\/China.Import","article_modified_time":"2023-01-27T04:30:21+00:00","twitter_card":"summary_large_image","twitter_site":"@agenturfrisch","twitter_misc":{"Szacowany czas czytania":"8 minut"},"schema":{"@context":"https:\/\/schema.org","@graph":[{"@type":"WebPage","@id":"https:\/\/ag-frisch.com\/pl\/inspekcja-wideo-w-chinach\/","url":"https:\/\/ag-frisch.com\/pl\/inspekcja-wideo-w-chinach\/","name":"Inspekcja wideo w Chinach - na \u017cywo i z uwzgl\u0119dnieniem. Kontakt z inspektorami","isPartOf":{"@id":"https:\/\/ag-frisch.com\/de\/#website"},"datePublished":"2022-07-12T13:10:30+00:00","dateModified":"2023-01-27T04:30:21+00:00","description":"Inspekcja wideo w Chinach \u25ba \u015aledzenie na \u017cywo inspekcji i test\u00f3w \u25ba Bezpo\u015brednia komunikacja z inspektorami \u25ba Uzyskaj porad\u0119 ju\u017c teraz!","breadcrumb":{"@id":"https:\/\/ag-frisch.com\/pl\/inspekcja-wideo-w-chinach\/#breadcrumb"},"inLanguage":"pl-PL","potentialAction":[{"@type":"ReadAction","target":["https:\/\/ag-frisch.com\/pl\/inspekcja-wideo-w-chinach\/"]}]},{"@type":"BreadcrumbList","@id":"https:\/\/ag-frisch.com\/pl\/inspekcja-wideo-w-chinach\/#breadcrumb","itemListElement":[{"@type":"ListItem","position":1,"name":"Startseite","item":"https:\/\/ag-frisch.com\/de\/"},{"@type":"ListItem","position":2,"name":"Inspekcja wideo w Chinach"}]},{"@type":"WebSite","@id":"https:\/\/ag-frisch.com\/de\/#website","url":"https:\/\/ag-frisch.com\/de\/","name":"China Import Beratung f\u00fcr den Einkauf aus China","description":"China Import &amp; Export Beratung - Der Dienstleister Ihres Vertrauens f\u00fcr Ihren China Import","publisher":{"@id":"https:\/\/ag-frisch.com\/de\/#organization"},"potentialAction":[{"@type":"SearchAction","target":{"@type":"EntryPoint","urlTemplate":"https:\/\/ag-frisch.com\/de\/?s={search_term_string}"},"query-input":{"@type":"PropertyValueSpecification","valueRequired":true,"valueName":"search_term_string"}}],"inLanguage":"pl-PL"},{"@type":"Organization","@id":"https:\/\/ag-frisch.com\/de\/#organization","name":"Agentur Frisch International Consulting GmbH & Co. KG","url":"https:\/\/ag-frisch.com\/de\/","logo":{"@type":"ImageObject","inLanguage":"pl-PL","@id":"https:\/\/ag-frisch.com\/de\/#\/schema\/logo\/image\/","url":"https:\/\/ag-frisch.com\/wp-content\/uploads\/2021\/08\/ag_logo_rgb_300_small.png","contentUrl":"https:\/\/ag-frisch.com\/wp-content\/uploads\/2021\/08\/ag_logo_rgb_300_small.png","width":153,"height":102,"caption":"Agentur Frisch International Consulting GmbH & Co. KG"},"image":{"@id":"https:\/\/ag-frisch.com\/de\/#\/schema\/logo\/image\/"},"sameAs":["https:\/\/www.facebook.com\/China.Import","https:\/\/x.com\/agenturfrisch"]}]}},"_links":{"self":[{"href":"https:\/\/ag-frisch.com\/pl\/wp-json\/wp\/v2\/pages\/11560","targetHints":{"allow":["GET"]}}],"collection":[{"href":"https:\/\/ag-frisch.com\/pl\/wp-json\/wp\/v2\/pages"}],"about":[{"href":"https:\/\/ag-frisch.com\/pl\/wp-json\/wp\/v2\/types\/page"}],"author":[{"embeddable":true,"href":"https:\/\/ag-frisch.com\/pl\/wp-json\/wp\/v2\/users\/2"}],"replies":[{"embeddable":true,"href":"https:\/\/ag-frisch.com\/pl\/wp-json\/wp\/v2\/comments?post=11560"}],"version-history":[{"count":0,"href":"https:\/\/ag-frisch.com\/pl\/wp-json\/wp\/v2\/pages\/11560\/revisions"}],"wp:attachment":[{"href":"https:\/\/ag-frisch.com\/pl\/wp-json\/wp\/v2\/media?parent=11560"}],"curies":[{"name":"wp","href":"https:\/\/api.w.org\/{rel}","templated":true}]}}