{"id":11580,"date":"2022-05-28T14:23:45","date_gmt":"2022-05-28T12:23:45","guid":{"rendered":"https:\/\/ag-frisch.com\/technologia-ogrzewania-i-suszenia-z-chin\/"},"modified":"2023-01-27T05:30:22","modified_gmt":"2023-01-27T04:30:22","slug":"technologia-ogrzewania-i-suszenia-z-chin","status":"publish","type":"page","link":"https:\/\/ag-frisch.com\/pl\/technologia-ogrzewania-i-suszenia-z-chin\/","title":{"rendered":"Technologia ogrzewania i suszenia z Chin"},"content":{"rendered":"<p>[et_pb_section fb_built=&#8221;1&#8243; _builder_version=&#8221;4.16&#8243; _module_preset=&#8221;default&#8221; global_colors_info=&#8221;{}&#8221;][et_pb_row _builder_version=&#8221;4.18.1&#8243; _module_preset=&#8221;default&#8221; global_colors_info=&#8221;{}&#8221;][et_pb_column type=&#8221;4_4&#8243; _builder_version=&#8221;4.18.1&#8243; _module_preset=&#8221;default&#8221; global_colors_info=&#8221;{}&#8221;][et_pb_cta title=&#8221;China Import Consulting&#8221; button_url=&#8221;https:\/\/ag-frisch.com\/pl\/kontakt\/&#8221; button_text=&#8221;Zarezerwuj konsultacj\u0119 ju\u017c teraz&#8221; _builder_version=&#8221;4.16&#8243; _module_preset=&#8221;default&#8221; global_colors_info=&#8221;{}&#8221;]<\/p>\n<p>Dzi\u0119ki poradom Agencji Importu Chin Frisch uda Ci si\u0119 prowadzi\u0107 interesy z Chinami tak, jakby robili to profesjonali\u015bci.  <\/p>\n<p>[\/et_pb_cta][\/et_pb_column][\/et_pb_row][et_pb_row _builder_version=&#8221;4.16&#8243; _module_preset=&#8221;default&#8221; global_colors_info=&#8221;{}&#8221;][et_pb_column type=&#8221;4_4&#8243; _builder_version=&#8221;4.16&#8243; _module_preset=&#8221;default&#8221; global_colors_info=&#8221;{}&#8221;][et_pb_text _builder_version=&#8221;4.18.1&#8243; _module_preset=&#8221;default&#8221; hover_enabled=&#8221;0&#8243; global_colors_info=&#8221;{}&#8221; sticky_enabled=&#8221;0&#8243;]<\/p>\n<h1>Technologia ogrzewania i suszenia z Chin: Wspieramy import!<\/h1>\n<p><strong>Wszystko do ogrzewania, ch\u0142odzenia, suszenia z Chin<\/strong><\/p>\n<p><strong>Nagrzewnice wentylatorowe, osuszacze budowlane i klimatyzatory mog\u0105 by\u0107 tanio importowane<\/strong><\/p>\n<p>Agentur Frisch jest Twoim silnym partnerem w imporcie z Chin. Od pude\u0142ek zapa\u0142ek po kombajny, sprowadzamy dla Pa\u0144stwa wszystkie produkty z Dalekiego Wschodu &#8211; w tym oczywi\u015bcie wszystko, co zwi\u0105zane z ogrzewaniem, suszeniem czy ch\u0142odzeniem. Oferujemy Pa\u0144stwu nie tylko bezpo\u015bredni kontakt z producentami z Chin, jak r\u00f3wnie\u017c ca\u0142e przetwarzanie w bezkonkurencyjnych cenach, ale r\u00f3wnie\u017c trump poprzez niezawodno\u015b\u0107 i jako\u015b\u0107. Mi\u0119dzy innymi za naszym po\u015brednictwem mo\u017cesz sprowadzi\u0107 bezpo\u015brednio od producenta z Chin nast\u0119puj\u0105ce elementy:<\/p>\n<ul>\n<li>Termowentylatory z Chin<\/li>\n<li>Suszarki budowlane z Chin<\/li>\n<li>Klimatyzatory z Chin<\/li>\n<\/ul>\n<p>&nbsp;<\/p>\n<p><strong>Termowentylatory z importu &#8211; tanie i wysokiej jako\u015bci<\/strong><\/p>\n<p>Czy to dla prywatnych gospodarstw domowych jako wsparcie w zimie, czy dla potrzeb przemys\u0142owych o du\u017cej mocy: nasze kontakty handlowe dostarczaj\u0105 Pa\u0144stwu grzejniki wentylatorowe z Chin, kt\u00f3re s\u0105 potrzebne do Pa\u0144stwa cel\u00f3w. W du\u017cych ilo\u015bciach, na uczciwych warunkach i w absolutnie rewelacyjnych cenach. Nasze sukcesy m\u00f3wi\u0105 same za siebie: ci, kt\u00f3rzy raz u nas kupi\u0105, s\u0105 potem zwykle sta\u0142ymi klientami. Chcemy przekona\u0107 Pa\u0144stwa poprzez rzetelno\u015b\u0107, przejrzysto\u015b\u0107 i ceny. Skontaktuj si\u0119 z nami, a w ramach konsultacji dowiemy si\u0119, co mo\u017cemy dla Ciebie zrobi\u0107 w zakresie termowentylator\u00f3w z Chin!<\/p>\n<p>&nbsp;<\/p>\n<p><strong>Kupuj suszarki budowlane z Chin &#8211; najwy\u017csza jako\u015b\u0107 w niskich cenach<\/strong><\/p>\n<p>Czy jeste\u015b du\u017cym wykonawc\u0105 lub dostawc\u0105 szukaj\u0105cym taniej alternatywy dla drogiego sprz\u0119tu z Europy? Nawet wtedy Agencja Frisch mo\u017ce Ci pom\u00f3c. Dzi\u0119ki naszym pierwszorz\u0119dnym kontaktom biznesowym w Chinach, mo\u017cemy zaoferowa\u0107 Pa\u0144stwu najlepsze ceny wysokiej jako\u015bci suszarek budowlanych z Chin w ramach bezpo\u015bredniego importu. Z przyjemno\u015bci\u0105 dostarczymy Pa\u0144stwu wysokiej klasy suszarki budowlane spe\u0142niaj\u0105ce niemieckie normy jako\u015bci i bezpiecze\u0144stwa, a tak\u017ce wszelkie akcesoria zwi\u0105zane z suszarkami budowlanymi. Ponadto, jako importer z pe\u0142n\u0105 obs\u0142ug\u0105, na \u017cyczenie mo\u017cemy zaj\u0105\u0107 si\u0119 wszystkimi innymi us\u0142ugami zwi\u0105zanymi z importem suszarek budowlanych z Chin, aby\u015b m\u00f3g\u0142 spokojnie zaj\u0105\u0107 si\u0119 swoj\u0105 podstawow\u0105 dzia\u0142alno\u015bci\u0105.<\/p>\n<p>Oczywi\u015bcie mo\u017cemy r\u00f3wnie\u017c dostarczy\u0107 Pa\u0144stwu &#8220;m\u0142odsze rodze\u0144stwo&#8221; osuszaczy budowlanych, konwencjonalne osuszacze do mniejszych zastosowa\u0144. Kupujcie za naszym po\u015brednictwem:<\/p>\n<ul>\n<li>Suszarka budowlana<\/li>\n<li>Osuszacz<\/li>\n<li>Wilgotno\u015bciomierze<\/li>\n<li>Oczyszczacz powietrza<\/li>\n<\/ul>\n<p>&nbsp;<\/p>\n<p>&nbsp;<\/p>\n<p><strong>Kupuj klimatyzatory z Chin bezpo\u015brednio od producenta<\/strong><\/p>\n<p>Nawet je\u015bli klimatyzatory nie s\u0105 jeszcze w Niemczech tak rozpowszechnione jak w cieplejszych szeroko\u015bciach geograficznych, coraz mniej os\u00f3b w tym kraju chce si\u0119 obej\u015b\u0107 bez komfortu optymalnie regulowanej temperatury. Dlatego agencja Frisch oferuje Pa\u0144stwu wysokiej jako\u015bci i niedrogie klimatyzatory z Chin bezpo\u015brednio od producenta. Mo\u017cesz importowa\u0107 nast\u0119puj\u0105ce warianty klimatyzator\u00f3w z Chin poprzez naszych partner\u00f3w handlowych, mi\u0119dzy innymi:<\/p>\n<ul>\n<li>Klimatyzator monosplit<\/li>\n<li>Klimatyzator Multisplit<\/li>\n<li>Klimatyzatory przeno\u015bne<\/li>\n<li>Pompy ciep\u0142a<\/li>\n<li>Centralne i zdecentralizowane systemy klimatyzacji budynk\u00f3w<\/li>\n<li>Systemy klimatyzacji dla pomieszcze\u0144 czystych i laboratori\u00f3w<\/li>\n<li>Systemy ch\u0142odnicze dla technologii procesowych<\/li>\n<\/ul>\n<p>&nbsp;<\/p>\n<p><strong>Wyroby sanitarne &#8211; toalety, brodziki i co z Chin  <\/strong><\/p>\n<p>Chiny zawsze by\u0142y znane z wysokiej jako\u015bci porcelany, i dotyczy to nie tylko \u0142adnych wazon\u00f3w, ale tak\u017ce bardziej przyziemnych przedmiot\u00f3w, takich jak miski toaletowe czy umywalki. Skorzystaj z naszych rozwini\u0119tych kontakt\u00f3w handlowych i naszej wielkiej wiedzy, aby importowa\u0107 wyroby sanitarne z Chin po bezkonkurencyjnych cenach. W tym segmencie mo\u017cemy dla Pa\u0144stwa zorganizowa\u0107, w\u015br\u00f3d wielu innych, np:<\/p>\n<ul>\n<li>Toalety<\/li>\n<li>Natryski<\/li>\n<li>Umywalka<\/li>\n<li>Akcesoria sanitarne<\/li>\n<li>Wanny<\/li>\n<li>Wszystko o basenach i p\u0142ywalniach<\/li>\n<\/ul>\n<p>&nbsp;<\/p>\n<p>Opisane artyku\u0142y stanowi\u0105 jedynie u\u0142amek tego, co mo\u017cemy Pa\u0144stwu zaoferowa\u0107 w ramach bezpo\u015bredniego importu z Chin. Najlepiej po prostu skontaktowa\u0107 si\u0119 z nami, aby\u015bmy mogli wsp\u00f3lnie przeanalizowa\u0107 Twoje potrzeby i mo\u017cliwo\u015bci.<\/p>\n<p>Oferujemy Pa\u0144stwu wszelkie us\u0142ugi zwi\u0105zane z importem z Chin wyrob\u00f3w sanitarnych, klimatyzator\u00f3w i innych: od negocjacji cen i sporz\u0105dzenia kontraktu, poprzez kontrol\u0119 produkcji, testy i certyfikacj\u0119, logistyk\u0119 transportu i magazynowanie w g\u0142\u0119bi kraju.<\/p>\n<p><strong>Czekamy na Ciebie!  <\/strong><\/p>\n<p>[\/et_pb_text][\/et_pb_column][\/et_pb_row][\/et_pb_section][et_pb_section fb_built=&#8221;1&#8243; admin_label=&#8221;Testimonials&#8221; _builder_version=&#8221;4.16&#8243; use_background_color_gradient=&#8221;on&#8221; background_color_gradient_stops=&#8221;rgba(0,106,156,0.85) 0%|rgba(0,106,156,0.85) 100%&#8221; background_color_gradient_start=&#8221;rgba(0,106,156,0.85)&#8221; background_color_gradient_end=&#8221;rgba(0,106,156,0.85)&#8221; custom_padding=&#8221;90px||60px|&#8221; animation_style=&#8221;fold&#8221; animation_direction=&#8221;bottom&#8221; animation_intensity_fold=&#8221;4%&#8221; global_colors_info=&#8221;{}&#8221;][et_pb_row _builder_version=&#8221;4.16&#8243; background_size=&#8221;initial&#8221; background_position=&#8221;top_left&#8221; background_repeat=&#8221;repeat&#8221; custom_width_px=&#8221;710px&#8221; locked=&#8221;off&#8221; global_colors_info=&#8221;{}&#8221;][et_pb_column type=&#8221;4_4&#8243; _builder_version=&#8221;4.16&#8243; background_position=&#8221;top_left&#8221; custom_padding=&#8221;|||&#8221; global_colors_info=&#8221;{}&#8221; custom_padding__hover=&#8221;|||&#8221;][et_pb_text admin_label=&#8221;Testimonials Section Title&#8221; _builder_version=&#8221;4.16&#8243; header_font=&#8221;Montserrat||||&#8221; header_font_size=&#8221;36px&#8221; background_size=&#8221;initial&#8221; background_position=&#8221;top_left&#8221; background_repeat=&#8221;repeat&#8221; text_orientation=&#8221;center&#8221; background_layout=&#8221;dark&#8221; max_width=&#8221;710px&#8221; module_alignment=&#8221;center&#8221; animation_style=&#8221;fold&#8221; animation_direction=&#8221;bottom&#8221; animation_intensity_fold=&#8221;20%&#8221; global_colors_info=&#8221;{}&#8221;]<\/p>\n<h1>Ponad 5000 zadowolonych klient\u00f3w.<\/h1>\n<p>&nbsp;<\/p>\n<p>[\/et_pb_text][et_pb_divider color=&#8221;#ffffff&#8221; divider_weight=&#8221;3px&#8221; disabled_on=&#8221;off|off|off&#8221; _builder_version=&#8221;4.16&#8243; background_color_gradient_direction=&#8221;90deg&#8221; max_width=&#8221;100px&#8221; module_alignment=&#8221;center&#8221; height=&#8221;5px&#8221; custom_margin=&#8221;||20px|&#8221; custom_padding=&#8221;||20px|&#8221; animation_style=&#8221;slide&#8221; animation_direction=&#8221;bottom&#8221; saved_tabs=&#8221;all&#8221; locked=&#8221;off&#8221; global_colors_info=&#8221;{}&#8221;][\/et_pb_divider][\/et_pb_column][\/et_pb_row][et_pb_row column_structure=&#8221;1_2,1_2&#8243; _builder_version=&#8221;4.18.1&#8243; _module_preset=&#8221;default&#8221; global_colors_info=&#8221;{}&#8221;][et_pb_column type=&#8221;1_2&#8243; _builder_version=&#8221;4.18.1&#8243; _module_preset=&#8221;default&#8221; global_colors_info=&#8221;{}&#8221;][et_pb_testimonial author=&#8221;Marco&#8221; portrait_url=&#8221;https:\/\/ag-frisch.com\/wp-content\/uploads\/2021\/08\/Harald.png&#8221; quote_icon=&#8221;off&#8221; _builder_version=&#8221;4.18.1&#8243; _module_preset=&#8221;default&#8221; body_font_size=&#8221;16px&#8221; use_background_color=&#8221;off&#8221; background_layout=&#8221;dark&#8221; global_colors_info=&#8221;{}&#8221;]Zleci\u0142em agencji Frisch wyprodukowanie du\u017cego mebla w Chinach, a nast\u0119pnie sprowadzenie go do Niemiec. Przez ca\u0142y czas by\u0142a sprawna komunikacja mailowa! Bardzo szybkie i rzetelne odpowiedzi stale dodawa\u0142y mi otuchy, kt\u00f3ra jest niezb\u0119dna w takim przedsi\u0119wzi\u0119ciu. Przez ca\u0142y czas pomagano mi przebrn\u0105\u0107 przez biurokratyczny g\u0105szcz, nie zapomniano o \u017cadnym formularzu ani nie wype\u0142niono go b\u0142\u0119dnie. Bardzo godne pochwa\u0142y!<a href=\"&lt;div%20class=%22pe-richsnippets%22&gt;&nbsp;&lt;\/div&gt;%20&lt;script%20type=%22text\/javascript%22%20src=%22https:\/\/www.provenexpert.com\/widget\/richsnippet.js?u=1NUA0VwZ4RUZ5tmAi5zA4RaplNKAlWwZ&amp;v=2%22%20async&gt;&lt;\/script&gt;%20&lt;div%20style=%22text-align:%20justify;%22&gt;&lt;br%20\/&gt;\"><\/a><\/p>\n<div class=\"brow ratingBarMargin\">\n<div class=\"ratingBar\">\n<div class=\"brow\">\n<div class=\"pe-richsnippets\">&nbsp;<\/div>\n<p><script type=\"text\/javascript\" src=\"https:\/\/www.provenexpert.com\/widget\/richsnippet.js?u=1NUA0VwZ4RUZ5tmAi5zA4RaplNKAlWwZ&amp;v=2\" async=\"\"><\/script><\/p>\n<div style=\"text-align: justify;\"><\/p>\n<div class=\"col-lg-9 col-md-8 col-xs-10 mt20 mb20\">\n<div class=\"col-xs-12 surveyNameForRating\"><\/div>\n<\/div>\n<\/div>\n<\/div>\n<\/div>\n<\/div>\n<p>[\/et_pb_testimonial][\/et_pb_column][et_pb_column type=&#8221;1_2&#8243; _builder_version=&#8221;4.18.1&#8243; _module_preset=&#8221;default&#8221; global_colors_info=&#8221;{}&#8221;][et_pb_testimonial author=&#8221;Simone L.&#8221; portrait_url=&#8221;https:\/\/ag-frisch.com\/wp-content\/uploads\/2021\/08\/Harald.png&#8221; quote_icon=&#8221;off&#8221; _builder_version=&#8221;4.18.1&#8243; _module_preset=&#8221;default&#8221; body_font_size=&#8221;16px&#8221; use_background_color=&#8221;off&#8221; background_layout=&#8221;dark&#8221; global_colors_info=&#8221;{}&#8221;]<\/p>\n<p>Ca\u0142a g\u00f3ra. Nie ma nic lepszego ni\u017c to. Doradzanie i wdra\u017canie nie mo\u017ce by\u0107 zrobione lepiej. Jeste\u015bmy bardziej ni\u017c zadowoleni po kilku zam\u00f3wieniach z t\u0105 firm\u0105 i kontynuowa\u0107 nasz\u0105 wsp\u00f3\u0142prac\u0119.<\/p>\n<div class=\"brow ratingBarMargin\">\n<div class=\"ratingBar\">\n<div class=\"brow\">\n<div class=\"pe-richsnippets\"> <\/div>\n<p>\n<script type=\"text\/javascript\" src=\"https:\/\/www.provenexpert.com\/widget\/richsnippet.js?u=1NUA0VwZ4RUZ5tmAi5zA4RaplNKAlWwZ&amp;v=2\" async=\"\"><\/script>\n<\/p>\n<div style=\"text-align: justify;\">\n<p>&nbsp;<\/p>\n<div class=\"col-lg-9 col-md-8 col-xs-10 mt20 mb20\">\n<div class=\"col-xs-12 surveyNameForRating\"><\/div>\n<\/div>\n<\/div>\n<\/div>\n<\/div>\n<\/div>\n<p>[\/et_pb_testimonial][\/et_pb_column][\/et_pb_row][et_pb_row _builder_version=&#8221;4.16&#8243; background_size=&#8221;initial&#8221; background_position=&#8221;top_left&#8221; background_repeat=&#8221;repeat&#8221; custom_padding=&#8221;50px|0px|30px|0px&#8221; custom_css_main_element=&#8221;text-align: center;&#8221; global_colors_info=&#8221;{}&#8221;][et_pb_column type=&#8221;4_4&#8243; _builder_version=&#8221;4.16&#8243; custom_padding=&#8221;|||&#8221; global_colors_info=&#8221;{}&#8221; custom_padding__hover=&#8221;|||&#8221;][et_pb_button button_url=&#8221;https:\/\/www.provenexpert.com\/de-de\/agentur-frisch-international-consulting-gmbh-und-co-kg\/&#8221; button_text=&#8221;WI\u0118CEJ OCEN&#8221; button_alignment=&#8221;left&#8221; admin_label=&#8221;Testimonial Button&#8221; _builder_version=&#8221;4.16&#8243; custom_button=&#8221;on&#8221; button_text_size=&#8221;18px&#8221; button_text_color=&#8221;#ffffff&#8221; button_bg_color=&#8221;#6eba01&#8243; button_border_width=&#8221;2px&#8221; button_border_color=&#8221;#6eba01&#8243; button_border_radius=&#8221;0px&#8221; button_letter_spacing=&#8221;2px&#8221; button_font=&#8221;Montserrat|||on|&#8221; button_use_icon=&#8221;off&#8221; animation_style=&#8221;fold&#8221; animation_direction=&#8221;bottom&#8221; button_text_color_hover=&#8221;#ffffff&#8221; button_border_color_hover=&#8221;#ffffff&#8221; button_border_radius_hover=&#8221;0px&#8221; button_letter_spacing_hover=&#8221;2px&#8221; button_bg_color_hover=&#8221;rgba(255,255,255,0)&#8221; locked=&#8221;off&#8221; global_colors_info=&#8221;{}&#8221; button_text_size__hover_enabled=&#8221;off&#8221; button_one_text_size__hover_enabled=&#8221;off&#8221; button_two_text_size__hover_enabled=&#8221;off&#8221; button_text_color__hover_enabled=&#8221;on&#8221; button_text_color__hover=&#8221;#ffffff&#8221; button_one_text_color__hover_enabled=&#8221;off&#8221; button_two_text_color__hover_enabled=&#8221;off&#8221; button_border_width__hover_enabled=&#8221;off&#8221; button_one_border_width__hover_enabled=&#8221;off&#8221; button_two_border_width__hover_enabled=&#8221;off&#8221; button_border_color__hover_enabled=&#8221;on&#8221; button_border_color__hover=&#8221;#ffffff&#8221; button_one_border_color__hover_enabled=&#8221;off&#8221; button_two_border_color__hover_enabled=&#8221;off&#8221; button_border_radius__hover_enabled=&#8221;on&#8221; button_border_radius__hover=&#8221;0px&#8221; button_one_border_radius__hover_enabled=&#8221;off&#8221; button_two_border_radius__hover_enabled=&#8221;off&#8221; button_letter_spacing__hover_enabled=&#8221;on&#8221; button_letter_spacing__hover=&#8221;2px&#8221; button_one_letter_spacing__hover_enabled=&#8221;off&#8221; button_two_letter_spacing__hover_enabled=&#8221;off&#8221; button_bg_color__hover_enabled=&#8221;on&#8221; button_bg_color__hover=&#8221;rgba(255,255,255,0)&#8221; button_one_bg_color__hover_enabled=&#8221;off&#8221; button_two_bg_color__hover_enabled=&#8221;off&#8221;][\/et_pb_button][\/et_pb_column][\/et_pb_row][\/et_pb_section]<\/p>\n","protected":false},"excerpt":{"rendered":"<p>Dzi\u0119ki poradom Agencji Importu Chin Frisch uda Ci si\u0119 prowadzi\u0107 interesy z Chinami tak, jakby robili to profesjonali\u015bci. Technologia ogrzewania i suszenia z Chin: Wspieramy import! Wszystko do ogrzewania, ch\u0142odzenia, suszenia z Chin Nagrzewnice wentylatorowe, osuszacze budowlane i klimatyzatory mog\u0105 by\u0107 tanio importowane Agentur Frisch jest Twoim silnym partnerem w imporcie z Chin. Od pude\u0142ek [&hellip;]<\/p>\n","protected":false},"author":2,"featured_media":0,"parent":0,"menu_order":0,"comment_status":"closed","ping_status":"closed","template":"","meta":{"_et_pb_use_builder":"on","_et_pb_old_content":"","_et_gb_content_width":"","footnotes":""},"class_list":["post-11580","page","type-page","status-publish","hentry"],"yoast_head":"<!-- This site is optimized with the Yoast SEO plugin v27.4 - https:\/\/yoast.com\/product\/yoast-seo-wordpress\/ -->\n<title>Import techniki grzewczej, termowentylator\u00f3w, techniki suszenia z Chin<\/title>\n<meta name=\"description\" content=\"Importuj technologi\u0119 grzewcz\u0105 i osuszaj\u0105c\u0105 z Chin \u2714 Klimatyzatory \u2714 Nagrzewnice wentylatorowe \u2714 Osuszacze budowlane \u25ba Pomagamy w imporcie \u25ba Uzyskaj porad\u0119 teraz!\" \/>\n<meta name=\"robots\" content=\"index, follow, max-snippet:-1, max-image-preview:large, max-video-preview:-1\" \/>\n<link rel=\"canonical\" href=\"https:\/\/ag-frisch.com\/pl\/technologia-ogrzewania-i-suszenia-z-chin\/\" \/>\n<meta property=\"og:locale\" content=\"pl_PL\" \/>\n<meta property=\"og:type\" content=\"article\" \/>\n<meta property=\"og:title\" content=\"Import techniki grzewczej, termowentylator\u00f3w, techniki suszenia z Chin\" \/>\n<meta property=\"og:description\" content=\"Importuj technologi\u0119 grzewcz\u0105 i osuszaj\u0105c\u0105 z Chin \u2714 Klimatyzatory \u2714 Nagrzewnice wentylatorowe \u2714 Osuszacze budowlane \u25ba Pomagamy w imporcie \u25ba Uzyskaj porad\u0119 teraz!\" \/>\n<meta property=\"og:url\" content=\"https:\/\/ag-frisch.com\/pl\/technologia-ogrzewania-i-suszenia-z-chin\/\" \/>\n<meta property=\"og:site_name\" content=\"China Import Beratung f\u00fcr den Einkauf aus China\" \/>\n<meta property=\"article:publisher\" content=\"https:\/\/www.facebook.com\/China.Import\" \/>\n<meta property=\"article:modified_time\" content=\"2023-01-27T04:30:22+00:00\" \/>\n<meta name=\"twitter:card\" content=\"summary_large_image\" \/>\n<meta name=\"twitter:site\" content=\"@agenturfrisch\" \/>\n<meta name=\"twitter:label1\" content=\"Szacowany czas czytania\" \/>\n\t<meta name=\"twitter:data1\" content=\"8 minut\" \/>\n<script type=\"application\/ld+json\" class=\"yoast-schema-graph\">{\"@context\":\"https:\\\/\\\/schema.org\",\"@graph\":[{\"@type\":\"WebPage\",\"@id\":\"https:\\\/\\\/ag-frisch.com\\\/pl\\\/technologia-ogrzewania-i-suszenia-z-chin\\\/\",\"url\":\"https:\\\/\\\/ag-frisch.com\\\/pl\\\/technologia-ogrzewania-i-suszenia-z-chin\\\/\",\"name\":\"Import techniki grzewczej, termowentylator\u00f3w, techniki suszenia z Chin\",\"isPartOf\":{\"@id\":\"https:\\\/\\\/ag-frisch.com\\\/de\\\/#website\"},\"datePublished\":\"2022-05-28T12:23:45+00:00\",\"dateModified\":\"2023-01-27T04:30:22+00:00\",\"description\":\"Importuj technologi\u0119 grzewcz\u0105 i osuszaj\u0105c\u0105 z Chin \u2714 Klimatyzatory \u2714 Nagrzewnice wentylatorowe \u2714 Osuszacze budowlane \u25ba Pomagamy w imporcie \u25ba Uzyskaj porad\u0119 teraz!\",\"breadcrumb\":{\"@id\":\"https:\\\/\\\/ag-frisch.com\\\/pl\\\/technologia-ogrzewania-i-suszenia-z-chin\\\/#breadcrumb\"},\"inLanguage\":\"pl-PL\",\"potentialAction\":[{\"@type\":\"ReadAction\",\"target\":[\"https:\\\/\\\/ag-frisch.com\\\/pl\\\/technologia-ogrzewania-i-suszenia-z-chin\\\/\"]}]},{\"@type\":\"BreadcrumbList\",\"@id\":\"https:\\\/\\\/ag-frisch.com\\\/pl\\\/technologia-ogrzewania-i-suszenia-z-chin\\\/#breadcrumb\",\"itemListElement\":[{\"@type\":\"ListItem\",\"position\":1,\"name\":\"Startseite\",\"item\":\"https:\\\/\\\/ag-frisch.com\\\/de\\\/\"},{\"@type\":\"ListItem\",\"position\":2,\"name\":\"Technologia ogrzewania i suszenia z Chin\"}]},{\"@type\":\"WebSite\",\"@id\":\"https:\\\/\\\/ag-frisch.com\\\/de\\\/#website\",\"url\":\"https:\\\/\\\/ag-frisch.com\\\/de\\\/\",\"name\":\"China Import Beratung f\u00fcr den Einkauf aus China\",\"description\":\"China Import &amp; Export Beratung - Der Dienstleister Ihres Vertrauens f\u00fcr Ihren China Import\",\"publisher\":{\"@id\":\"https:\\\/\\\/ag-frisch.com\\\/de\\\/#organization\"},\"potentialAction\":[{\"@type\":\"SearchAction\",\"target\":{\"@type\":\"EntryPoint\",\"urlTemplate\":\"https:\\\/\\\/ag-frisch.com\\\/de\\\/?s={search_term_string}\"},\"query-input\":{\"@type\":\"PropertyValueSpecification\",\"valueRequired\":true,\"valueName\":\"search_term_string\"}}],\"inLanguage\":\"pl-PL\"},{\"@type\":\"Organization\",\"@id\":\"https:\\\/\\\/ag-frisch.com\\\/de\\\/#organization\",\"name\":\"Agentur Frisch International Consulting GmbH & Co. KG\",\"url\":\"https:\\\/\\\/ag-frisch.com\\\/de\\\/\",\"logo\":{\"@type\":\"ImageObject\",\"inLanguage\":\"pl-PL\",\"@id\":\"https:\\\/\\\/ag-frisch.com\\\/de\\\/#\\\/schema\\\/logo\\\/image\\\/\",\"url\":\"https:\\\/\\\/ag-frisch.com\\\/wp-content\\\/uploads\\\/2021\\\/08\\\/ag_logo_rgb_300_small.png\",\"contentUrl\":\"https:\\\/\\\/ag-frisch.com\\\/wp-content\\\/uploads\\\/2021\\\/08\\\/ag_logo_rgb_300_small.png\",\"width\":153,\"height\":102,\"caption\":\"Agentur Frisch International Consulting GmbH & Co. KG\"},\"image\":{\"@id\":\"https:\\\/\\\/ag-frisch.com\\\/de\\\/#\\\/schema\\\/logo\\\/image\\\/\"},\"sameAs\":[\"https:\\\/\\\/www.facebook.com\\\/China.Import\",\"https:\\\/\\\/x.com\\\/agenturfrisch\"]}]}<\/script>\n<!-- \/ Yoast SEO plugin. -->","yoast_head_json":{"title":"Import techniki grzewczej, termowentylator\u00f3w, techniki suszenia z Chin","description":"Importuj technologi\u0119 grzewcz\u0105 i osuszaj\u0105c\u0105 z Chin \u2714 Klimatyzatory \u2714 Nagrzewnice wentylatorowe \u2714 Osuszacze budowlane \u25ba Pomagamy w imporcie \u25ba Uzyskaj porad\u0119 teraz!","robots":{"index":"index","follow":"follow","max-snippet":"max-snippet:-1","max-image-preview":"max-image-preview:large","max-video-preview":"max-video-preview:-1"},"canonical":"https:\/\/ag-frisch.com\/pl\/technologia-ogrzewania-i-suszenia-z-chin\/","og_locale":"pl_PL","og_type":"article","og_title":"Import techniki grzewczej, termowentylator\u00f3w, techniki suszenia z Chin","og_description":"Importuj technologi\u0119 grzewcz\u0105 i osuszaj\u0105c\u0105 z Chin \u2714 Klimatyzatory \u2714 Nagrzewnice wentylatorowe \u2714 Osuszacze budowlane \u25ba Pomagamy w imporcie \u25ba Uzyskaj porad\u0119 teraz!","og_url":"https:\/\/ag-frisch.com\/pl\/technologia-ogrzewania-i-suszenia-z-chin\/","og_site_name":"China Import Beratung f\u00fcr den Einkauf aus China","article_publisher":"https:\/\/www.facebook.com\/China.Import","article_modified_time":"2023-01-27T04:30:22+00:00","twitter_card":"summary_large_image","twitter_site":"@agenturfrisch","twitter_misc":{"Szacowany czas czytania":"8 minut"},"schema":{"@context":"https:\/\/schema.org","@graph":[{"@type":"WebPage","@id":"https:\/\/ag-frisch.com\/pl\/technologia-ogrzewania-i-suszenia-z-chin\/","url":"https:\/\/ag-frisch.com\/pl\/technologia-ogrzewania-i-suszenia-z-chin\/","name":"Import techniki grzewczej, termowentylator\u00f3w, techniki suszenia z Chin","isPartOf":{"@id":"https:\/\/ag-frisch.com\/de\/#website"},"datePublished":"2022-05-28T12:23:45+00:00","dateModified":"2023-01-27T04:30:22+00:00","description":"Importuj technologi\u0119 grzewcz\u0105 i osuszaj\u0105c\u0105 z Chin \u2714 Klimatyzatory \u2714 Nagrzewnice wentylatorowe \u2714 Osuszacze budowlane \u25ba Pomagamy w imporcie \u25ba Uzyskaj porad\u0119 teraz!","breadcrumb":{"@id":"https:\/\/ag-frisch.com\/pl\/technologia-ogrzewania-i-suszenia-z-chin\/#breadcrumb"},"inLanguage":"pl-PL","potentialAction":[{"@type":"ReadAction","target":["https:\/\/ag-frisch.com\/pl\/technologia-ogrzewania-i-suszenia-z-chin\/"]}]},{"@type":"BreadcrumbList","@id":"https:\/\/ag-frisch.com\/pl\/technologia-ogrzewania-i-suszenia-z-chin\/#breadcrumb","itemListElement":[{"@type":"ListItem","position":1,"name":"Startseite","item":"https:\/\/ag-frisch.com\/de\/"},{"@type":"ListItem","position":2,"name":"Technologia ogrzewania i suszenia z Chin"}]},{"@type":"WebSite","@id":"https:\/\/ag-frisch.com\/de\/#website","url":"https:\/\/ag-frisch.com\/de\/","name":"China Import Beratung f\u00fcr den Einkauf aus China","description":"China Import &amp; Export Beratung - Der Dienstleister Ihres Vertrauens f\u00fcr Ihren China Import","publisher":{"@id":"https:\/\/ag-frisch.com\/de\/#organization"},"potentialAction":[{"@type":"SearchAction","target":{"@type":"EntryPoint","urlTemplate":"https:\/\/ag-frisch.com\/de\/?s={search_term_string}"},"query-input":{"@type":"PropertyValueSpecification","valueRequired":true,"valueName":"search_term_string"}}],"inLanguage":"pl-PL"},{"@type":"Organization","@id":"https:\/\/ag-frisch.com\/de\/#organization","name":"Agentur Frisch International Consulting GmbH & Co. KG","url":"https:\/\/ag-frisch.com\/de\/","logo":{"@type":"ImageObject","inLanguage":"pl-PL","@id":"https:\/\/ag-frisch.com\/de\/#\/schema\/logo\/image\/","url":"https:\/\/ag-frisch.com\/wp-content\/uploads\/2021\/08\/ag_logo_rgb_300_small.png","contentUrl":"https:\/\/ag-frisch.com\/wp-content\/uploads\/2021\/08\/ag_logo_rgb_300_small.png","width":153,"height":102,"caption":"Agentur Frisch International Consulting GmbH & Co. KG"},"image":{"@id":"https:\/\/ag-frisch.com\/de\/#\/schema\/logo\/image\/"},"sameAs":["https:\/\/www.facebook.com\/China.Import","https:\/\/x.com\/agenturfrisch"]}]}},"_links":{"self":[{"href":"https:\/\/ag-frisch.com\/pl\/wp-json\/wp\/v2\/pages\/11580","targetHints":{"allow":["GET"]}}],"collection":[{"href":"https:\/\/ag-frisch.com\/pl\/wp-json\/wp\/v2\/pages"}],"about":[{"href":"https:\/\/ag-frisch.com\/pl\/wp-json\/wp\/v2\/types\/page"}],"author":[{"embeddable":true,"href":"https:\/\/ag-frisch.com\/pl\/wp-json\/wp\/v2\/users\/2"}],"replies":[{"embeddable":true,"href":"https:\/\/ag-frisch.com\/pl\/wp-json\/wp\/v2\/comments?post=11580"}],"version-history":[{"count":0,"href":"https:\/\/ag-frisch.com\/pl\/wp-json\/wp\/v2\/pages\/11580\/revisions"}],"wp:attachment":[{"href":"https:\/\/ag-frisch.com\/pl\/wp-json\/wp\/v2\/media?parent=11580"}],"curies":[{"name":"wp","href":"https:\/\/api.w.org\/{rel}","templated":true}]}}