{"id":11613,"date":"2022-07-12T14:50:44","date_gmt":"2022-07-12T12:50:44","guid":{"rendered":"https:\/\/ag-frisch.com\/warunki-pracy-w-chinach\/"},"modified":"2023-01-27T05:30:56","modified_gmt":"2023-01-27T04:30:56","slug":"warunki-pracy-w-chinach","status":"publish","type":"page","link":"https:\/\/ag-frisch.com\/pl\/warunki-pracy-w-chinach\/","title":{"rendered":"Warunki pracy w Chinach"},"content":{"rendered":"<p>[et_pb_section fb_built=&#8221;1&#8243; _builder_version=&#8221;4.16&#8243; global_colors_info=&#8221;{}&#8221;][et_pb_row _builder_version=&#8221;4.18.1&#8243; _module_preset=&#8221;default&#8221;][et_pb_column _builder_version=&#8221;4.18.1&#8243; _module_preset=&#8221;default&#8221; type=&#8221;4_4&#8243;][et_pb_cta title=&#8221;Sprawdzanie warunk\u00f3w pracy w Chinach&#8221; button_url=&#8221;https:\/\/ag-frisch.com\/pl\/kontakt\/&#8221; button_text=&#8221;Zarezerwuj audyt ju\u017c teraz!&#8221; _builder_version=&#8221;4.18.1&#8243; _module_preset=&#8221;default&#8221; hover_enabled=&#8221;0&#8243; global_colors_info=&#8221;{}&#8221; theme_builder_area=&#8221;post_content&#8221; sticky_enabled=&#8221;0&#8243;]<\/p>\n<p>Dzi\u0119ki audytom Agencji Frisch mo\u017cna sprawdzi\u0107 zgodno\u015b\u0107 z warunkami socjalnymi u lokalnego dostawcy.  <\/p>\n<p>[\/et_pb_cta][\/et_pb_column][\/et_pb_row][et_pb_row _builder_version=&#8221;4.16&#8243; background_size=&#8221;initial&#8221; background_position=&#8221;top_left&#8221; background_repeat=&#8221;repeat&#8221; global_colors_info=&#8221;{}&#8221;][et_pb_column type=&#8221;4_4&#8243; _builder_version=&#8221;4.16&#8243; custom_padding=&#8221;|||&#8221; global_colors_info=&#8221;{}&#8221; custom_padding__hover=&#8221;|||&#8221;][et_pb_text admin_label=&#8221;H1&#8243; _builder_version=&#8221;4.18.1&#8243; _module_preset=&#8221;default&#8221; global_colors_info=&#8221;{}&#8221;]<\/p>\n<h1>Dok\u0142adne badanie warunk\u00f3w pracy w Chinach<\/h1>\n<p>[\/et_pb_text][et_pb_text _builder_version=&#8221;4.16&#8243; background_size=&#8221;initial&#8221; background_position=&#8221;top_left&#8221; background_repeat=&#8221;repeat&#8221; global_colors_info=&#8221;{}&#8221;]<strong>Weryfikacja zgodno\u015bci z uznanymi mi\u0119dzynarodowymi warunkami pracy<\/strong><\/p>\n<p><strong>Przeprowadzanie audyt\u00f3w spo\u0142ecznych i nie tylko w Chinach<\/strong><\/p>\n<p>Raz po raz Chiny by\u0142y krytykowane za nieludzkie warunki pracy. W odpowiedzi wydano wytyczne ONZ, a w 2023 roku w Niemczech wejdzie w \u017cycie r\u00f3wnie\u017c tzw. ustawa o \u0142a\u0144cuchu dostaw. My w Agentur Frisch uwa\u017camy, \u017ce mo\u017cna i trzeba prowadzi\u0107 niezwykle dochodow\u0105 produkcj\u0119 w Chinach, nawet w humanitarnych warunkach pracy. Kluczem jest najlepsza znajomo\u015b\u0107 rynku, rzetelne kontakty i szczup\u0142a firma. Agencja Frisch b\u0119dzie zatem \u015bwiadczy\u0107 dla Pa\u0144stwa nast\u0119puj\u0105ce us\u0142ugi:<\/p>\n<ul>\n<li>Przeprowadzanie audyt\u00f3w spo\u0142ecznych w Chinach<\/li>\n<li>Badanie spo\u0142ecznych warunk\u00f3w produkcji w Chinach<\/li>\n<li>Zapewnienie zgodno\u015bci z ustaw\u0105 o \u0142a\u0144cuchu dostaw<\/li>\n<\/ul>\n<p>&nbsp;<\/p>\n<p><strong>Audyty spo\u0142eczne w Chinach<\/strong><\/p>\n<p>Przeprowadzaj\u0105c audyty spo\u0142eczne w Chinach, sprawdzamy na miejscu, czy spe\u0142nione s\u0105 wymagania dotycz\u0105ce uznanych na ca\u0142ym \u015bwiecie warunk\u00f3w pracy. Przekonujemy si\u0119 bezpo\u015brednio w firmach lub powierzamy to zadanie naszym sprawdzonym i absolutnie niezawodnym pracownikom w Chinach. Do aspekt\u00f3w, kt\u00f3re s\u0105 badane w ramach audytu spo\u0142ecznego w Chinach nale\u017c\u0105 m.in:<\/p>\n<ul>\n<li>Bezpiecze\u0144stwo i higiena pracy<\/li>\n<li>Wiek pracownik\u00f3w (praca dzieci\/praca os\u00f3b starszych)<\/li>\n<li>Zatrudnianie kobiet w ci\u0105\u017cy lub chorych<\/li>\n<li>Przestrzeganie godzin pracy\/przerwy\/\u015bwi\u0119ta<\/li>\n<li>Adekwatno\u015b\u0107 i wyp\u0142ata wynagrodze\u0144<\/li>\n<li>Istnienie przedstawicielstwa pracownik\u00f3w<\/li>\n<li>Og\u00f3lne warunki pracy<\/li>\n<\/ul>\n<p>Przeprowadzaj\u0105c dok\u0142adne i sumienne audyty spo\u0142eczne, mo\u017cna wyja\u015bni\u0107 i naprawi\u0107 skargi, zanim doprowadz\u0105 one do problem\u00f3w. Generalnie jednak od pocz\u0105tku wybieramy do wsp\u00f3\u0142pracy tylko te firmy, w kt\u00f3rych nie ma trudno\u015bci w zakresie warunk\u00f3w pracy. Wyznajemy filozofi\u0119, \u017ce zyski osi\u0105gni\u0119te dzi\u0119ki z\u0142ym warunkom pracy nie op\u0142acaj\u0105 si\u0119, cho\u0107by dlatego, \u017ce nale\u017cy spodziewa\u0107 si\u0119 odszkodowa\u0144 i kar. Producenci, z kt\u00f3rymi wsp\u00f3\u0142pracujemy, powinni r\u00f3wnie\u017c spe\u0142nia\u0107 nasze standardy etyczne.<\/p>\n<p>&nbsp;<\/p>\n<p><strong>Ustawa o \u0142a\u0144cuchu dostaw &#8211; nasza odpowiedzialno\u015b\u0107 jako przedsi\u0119biorc\u00f3w<\/strong><\/p>\n<p>Jako importer z Chin podlegamy obowi\u0105zkom prawnym i dotyczy to r\u00f3wnie\u017c Ciebie jako przedsi\u0119biorcy, kt\u00f3ry importuje towary z Chin. Pomagamy w przestrzeganiu obowi\u0105zuj\u0105cych przepis\u00f3w przy jednoczesnym osi\u0105ganiu maksymalnych mar\u017c.<\/p>\n<p>Ustawa o \u0142a\u0144cuchu dostaw zobowi\u0105zuje firmy, kt\u00f3re importuj\u0105 towary lub komponenty, do zagwarantowania zgodno\u015bci z prawami cz\u0142owieka i zobowi\u0105zaniami dotycz\u0105cymi nale\u017cytej staranno\u015bci w zakresie ochrony \u015brodowiska w ca\u0142ym \u0142a\u0144cuchu dostaw. Nak\u0142ada to du\u017c\u0105 odpowiedzialno\u015b\u0107 na firmy importuj\u0105ce. Naruszenie przepis\u00f3w mo\u017ce by\u0107 kosztowne.<\/p>\n<p>Jako do\u015bwiadczony i renomowany importer z Chin zapewniamy, \u017ce nie wejd\u0105 Pa\u0144stwo w konflikt z ustaw\u0105 o \u0142a\u0144cuchu dostaw. Sprawdzamy dla Ciebie warunki socjalne produkcji w Chinach, a tak\u017ce aspekty \u015brodowiskowe. Zapewniamy, \u017ce przy produkcji importowanych za naszym po\u015brednictwem towar\u00f3w w Chinach przestrzegane s\u0105 prawa cz\u0142owieka. To nieskomplikowany i bezpieczny spos\u00f3b na spe\u0142nienie prawnie wi\u0105\u017c\u0105cych obowi\u0105zk\u00f3w w zakresie nale\u017cytej staranno\u015bci &#8211; pozw\u00f3l nam zrobi\u0107 to za Ciebie.<\/p>\n<p>&nbsp;<\/p>\n<p><strong>Badanie ochrony \u015brodowiska i spo\u0142ecznych warunk\u00f3w produkcji w Chinach<\/strong><\/p>\n<p>Ustawa o \u0142a\u0144cuchu dostaw przewiduje, opr\u00f3cz przestrzegania spo\u0142ecznych warunk\u00f3w produkcji w Chinach, tak\u017ce aspekty ochrony \u015brodowiska. W trakcie realizacji globalnego zadania, jakim jest zachowanie \u015brodowiska naturalnego dla nas i przysz\u0142ych pokole\u0144, jest to konieczno\u015b\u0107, kt\u00f3r\u0105 jako renomowany importer z Chin naturalnie spe\u0142niamy. Wzgl\u0119dy ochrony \u015brodowiska w Chinach obejmuj\u0105 na przyk\u0142ad:<\/p>\n<ul>\n<li>Zgodno\u015b\u0107 z warto\u015bciami emisji<\/li>\n<li>Stosowanie zatwierdzonych substancji chemicznych<\/li>\n<li>Prawid\u0142owe post\u0119powanie ze \u015bciekami\/odpadami<\/li>\n<\/ul>\n<p>&nbsp;<\/p>\n<p>Jak r\u00f3wnie\u017c przestrzeganie nast\u0119puj\u0105cych um\u00f3w mi\u0119dzynarodowych w kontek\u015bcie ochrony \u015brodowiska w Chinach:<\/p>\n<ul>\n<li>Konwencja z Minamaty w sprawie rt\u0119ci<\/li>\n<li>Konwencja sztokholmska w sprawie trwa\u0142ych zanieczyszcze\u0144 organicznych<\/li>\n<li>Konwencja bazylejska o kontroli transgranicznego przemieszczania i usuwania odpad\u00f3w niebezpiecznych<\/li>\n<\/ul>\n<p>&nbsp;<\/p>\n<p>Specyfikacje dotycz\u0105ce zgodno\u015bci z ochron\u0105 \u015brodowiska i warunkami socjalnymi w produkcji w Chinach s\u0105 bardzo jasne. Agencja Frisch zobowi\u0105zuje si\u0119 do spe\u0142nienia, a w razie potrzeby przekroczenia tych wymaga\u0144. Jako za\u0142o\u017cyciele Verein der Lauteren Importeure e.V. (Stowarzyszenie G\u0142o\u015bnych Importer\u00f3w) jeste\u015bmy w czo\u0142\u00f3wce, je\u015bli chodzi o wype\u0142nianie tych zobowi\u0105za\u0144 prawnych.<\/p>\n<p>&nbsp;<\/p>\n<p>&nbsp;[\/et_pb_text][\/et_pb_column][\/et_pb_row][\/et_pb_section][et_pb_section fb_built=&#8221;1&#8243; admin_label=&#8221;Testimonials&#8221; _builder_version=&#8221;4.16&#8243; use_background_color_gradient=&#8221;on&#8221; background_color_gradient_stops=&#8221;rgba(0,106,156,0.85) 0%|rgba(0,106,156,0.85) 100%&#8221; background_color_gradient_start=&#8221;rgba(0,106,156,0.85)&#8221; background_color_gradient_end=&#8221;rgba(0,106,156,0.85)&#8221; custom_padding=&#8221;90px||60px|&#8221; animation_style=&#8221;fold&#8221; animation_direction=&#8221;bottom&#8221; animation_intensity_fold=&#8221;4%&#8221; global_colors_info=&#8221;{}&#8221; theme_builder_area=&#8221;post_content&#8221;][et_pb_row _builder_version=&#8221;4.16&#8243; background_size=&#8221;initial&#8221; background_position=&#8221;top_left&#8221; background_repeat=&#8221;repeat&#8221; custom_width_px=&#8221;710px&#8221; locked=&#8221;off&#8221; global_colors_info=&#8221;{}&#8221; theme_builder_area=&#8221;post_content&#8221;][et_pb_column type=&#8221;4_4&#8243; _builder_version=&#8221;4.16&#8243; background_position=&#8221;top_left&#8221; custom_padding=&#8221;|||&#8221; global_colors_info=&#8221;{}&#8221; custom_padding__hover=&#8221;|||&#8221; theme_builder_area=&#8221;post_content&#8221;][et_pb_text admin_label=&#8221;Testimonials Section Title&#8221; _builder_version=&#8221;4.16&#8243; header_font=&#8221;Montserrat||||&#8221; header_font_size=&#8221;36px&#8221; background_size=&#8221;initial&#8221; background_position=&#8221;top_left&#8221; background_repeat=&#8221;repeat&#8221; text_orientation=&#8221;center&#8221; background_layout=&#8221;dark&#8221; max_width=&#8221;710px&#8221; module_alignment=&#8221;center&#8221; animation_style=&#8221;fold&#8221; animation_direction=&#8221;bottom&#8221; animation_intensity_fold=&#8221;20%&#8221; global_colors_info=&#8221;{}&#8221; theme_builder_area=&#8221;post_content&#8221;]<\/p>\n<h1>Ponad 5000 zadowolonych klient\u00f3w.<\/h1>\n<p>&nbsp;<\/p>\n<p>[\/et_pb_text][et_pb_divider color=&#8221;#ffffff&#8221; divider_weight=&#8221;3px&#8221; disabled_on=&#8221;off|off|off&#8221; _builder_version=&#8221;4.16&#8243; background_color_gradient_direction=&#8221;90deg&#8221; max_width=&#8221;100px&#8221; module_alignment=&#8221;center&#8221; height=&#8221;5px&#8221; custom_margin=&#8221;||20px|&#8221; custom_padding=&#8221;||20px|&#8221; animation_style=&#8221;slide&#8221; animation_direction=&#8221;bottom&#8221; saved_tabs=&#8221;all&#8221; locked=&#8221;off&#8221; global_colors_info=&#8221;{}&#8221; theme_builder_area=&#8221;post_content&#8221;][\/et_pb_divider][\/et_pb_column][\/et_pb_row][et_pb_row column_structure=&#8221;1_2,1_2&#8243; _builder_version=&#8221;4.18.1&#8243; _module_preset=&#8221;default&#8221; global_colors_info=&#8221;{}&#8221; theme_builder_area=&#8221;post_content&#8221;][et_pb_column type=&#8221;1_2&#8243; _builder_version=&#8221;4.18.1&#8243; _module_preset=&#8221;default&#8221; global_colors_info=&#8221;{}&#8221; theme_builder_area=&#8221;post_content&#8221;][et_pb_testimonial author=&#8221;Marco&#8221; portrait_url=&#8221;https:\/\/ag-frisch.com\/wp-content\/uploads\/2021\/08\/Harald.png&#8221; quote_icon=&#8221;off&#8221; _builder_version=&#8221;4.18.1&#8243; _module_preset=&#8221;default&#8221; body_font_size=&#8221;16px&#8221; use_background_color=&#8221;off&#8221; background_layout=&#8221;dark&#8221; global_colors_info=&#8221;{}&#8221; theme_builder_area=&#8221;post_content&#8221;]Zleci\u0142em agencji Frisch wyprodukowanie du\u017cego mebla w Chinach, a nast\u0119pnie sprowadzenie go do Niemiec. Przez ca\u0142y czas by\u0142a sprawna komunikacja mailowa! Bardzo szybkie i rzetelne odpowiedzi stale dodawa\u0142y mi otuchy, kt\u00f3ra jest niezb\u0119dna w takim przedsi\u0119wzi\u0119ciu. Przez ca\u0142y czas pomagano mi przebrn\u0105\u0107 przez biurokratyczny g\u0105szcz, nie zapomniano o \u017cadnym formularzu ani nie wype\u0142niono go b\u0142\u0119dnie. Bardzo godne pochwa\u0142y!<a href=\"&lt;div%20class=%22pe-richsnippets%22&gt;&nbsp;&lt;\/div&gt;%20&lt;script%20type=%22text\/javascript%22%20src=%22https:\/\/www.provenexpert.com\/widget\/richsnippet.js?u=1NUA0VwZ4RUZ5tmAi5zA4RaplNKAlWwZ&amp;v=2%22%20async&gt;&lt;\/script&gt;%20&lt;div%20style=%22text-align:%20justify;%22&gt;&lt;br%20\/&gt;\"><\/a><\/p>\n<div class=\"brow ratingBarMargin\">\n<div class=\"ratingBar\">\n<div class=\"brow\">\n<div class=\"pe-richsnippets\">&nbsp;<\/div>\n<p><script type=\"text\/javascript\" src=\"https:\/\/www.provenexpert.com\/widget\/richsnippet.js?u=1NUA0VwZ4RUZ5tmAi5zA4RaplNKAlWwZ&amp;v=2\" async=\"\"><\/script><\/p>\n<div style=\"text-align: justify;\"><\/p>\n<div class=\"col-lg-9 col-md-8 col-xs-10 mt20 mb20\">\n<div class=\"col-xs-12 surveyNameForRating\"><\/div>\n<\/div>\n<\/div>\n<\/div>\n<\/div>\n<\/div>\n<p>[\/et_pb_testimonial][\/et_pb_column][et_pb_column type=&#8221;1_2&#8243; _builder_version=&#8221;4.18.1&#8243; _module_preset=&#8221;default&#8221; global_colors_info=&#8221;{}&#8221; theme_builder_area=&#8221;post_content&#8221;][et_pb_testimonial author=&#8221;Simone L.&#8221; portrait_url=&#8221;https:\/\/ag-frisch.com\/wp-content\/uploads\/2021\/08\/Harald.png&#8221; quote_icon=&#8221;off&#8221; _builder_version=&#8221;4.18.1&#8243; _module_preset=&#8221;default&#8221; body_font_size=&#8221;16px&#8221; use_background_color=&#8221;off&#8221; background_layout=&#8221;dark&#8221; global_colors_info=&#8221;{}&#8221; theme_builder_area=&#8221;post_content&#8221;]<\/p>\n<p>Ca\u0142a g\u00f3ra. Nie ma nic lepszego ni\u017c to. Doradzanie i wdra\u017canie nie mo\u017ce by\u0107 zrobione lepiej. Jeste\u015bmy bardziej ni\u017c zadowoleni po kilku zam\u00f3wieniach z t\u0105 firm\u0105 i kontynuowa\u0107 nasz\u0105 wsp\u00f3\u0142prac\u0119.<\/p>\n<div class=\"brow ratingBarMargin\">\n<div class=\"ratingBar\">\n<div class=\"brow\">\n<div class=\"pe-richsnippets\"> <\/div>\n<p>\n<script type=\"text\/javascript\" src=\"https:\/\/www.provenexpert.com\/widget\/richsnippet.js?u=1NUA0VwZ4RUZ5tmAi5zA4RaplNKAlWwZ&amp;v=2\" async=\"\"><\/script>\n<\/p>\n<div style=\"text-align: justify;\">\n<p>&nbsp;<\/p>\n<div class=\"col-lg-9 col-md-8 col-xs-10 mt20 mb20\">\n<div class=\"col-xs-12 surveyNameForRating\"><\/div>\n<\/div>\n<\/div>\n<\/div>\n<\/div>\n<\/div>\n<p>[\/et_pb_testimonial][\/et_pb_column][\/et_pb_row][et_pb_row _builder_version=&#8221;4.16&#8243; background_size=&#8221;initial&#8221; background_position=&#8221;top_left&#8221; background_repeat=&#8221;repeat&#8221; custom_padding=&#8221;50px|0px|30px|0px&#8221; custom_css_main_element=&#8221;text-align: center;&#8221; global_colors_info=&#8221;{}&#8221; theme_builder_area=&#8221;post_content&#8221;][et_pb_column type=&#8221;4_4&#8243; _builder_version=&#8221;4.16&#8243; custom_padding=&#8221;|||&#8221; global_colors_info=&#8221;{}&#8221; custom_padding__hover=&#8221;|||&#8221; theme_builder_area=&#8221;post_content&#8221;][et_pb_button button_url=&#8221;https:\/\/www.provenexpert.com\/de-de\/agentur-frisch-international-consulting-gmbh-und-co-kg\/&#8221; button_text=&#8221;WI\u0118CEJ OCEN&#8221; button_alignment=&#8221;left&#8221; admin_label=&#8221;Testimonial Button&#8221; _builder_version=&#8221;4.16&#8243; custom_button=&#8221;on&#8221; button_text_size=&#8221;18px&#8221; button_text_color=&#8221;#ffffff&#8221; button_bg_color=&#8221;#6eba01&#8243; button_border_width=&#8221;2px&#8221; button_border_color=&#8221;#6eba01&#8243; button_border_radius=&#8221;0px&#8221; button_letter_spacing=&#8221;2px&#8221; button_font=&#8221;Montserrat|||on|&#8221; button_use_icon=&#8221;off&#8221; animation_style=&#8221;fold&#8221; animation_direction=&#8221;bottom&#8221; button_text_color_hover=&#8221;#ffffff&#8221; button_border_color_hover=&#8221;#ffffff&#8221; button_border_radius_hover=&#8221;0px&#8221; button_letter_spacing_hover=&#8221;2px&#8221; button_bg_color_hover=&#8221;rgba(255,255,255,0)&#8221; locked=&#8221;off&#8221; global_colors_info=&#8221;{}&#8221; button_text_size__hover_enabled=&#8221;off&#8221; button_one_text_size__hover_enabled=&#8221;off&#8221; button_two_text_size__hover_enabled=&#8221;off&#8221; button_text_color__hover_enabled=&#8221;on&#8221; button_text_color__hover=&#8221;#ffffff&#8221; button_one_text_color__hover_enabled=&#8221;off&#8221; button_two_text_color__hover_enabled=&#8221;off&#8221; button_border_width__hover_enabled=&#8221;off&#8221; button_one_border_width__hover_enabled=&#8221;off&#8221; button_two_border_width__hover_enabled=&#8221;off&#8221; button_border_color__hover_enabled=&#8221;on&#8221; button_border_color__hover=&#8221;#ffffff&#8221; button_one_border_color__hover_enabled=&#8221;off&#8221; button_two_border_color__hover_enabled=&#8221;off&#8221; button_border_radius__hover_enabled=&#8221;on&#8221; button_border_radius__hover=&#8221;0px&#8221; button_one_border_radius__hover_enabled=&#8221;off&#8221; button_two_border_radius__hover_enabled=&#8221;off&#8221; button_letter_spacing__hover_enabled=&#8221;on&#8221; button_letter_spacing__hover=&#8221;2px&#8221; button_one_letter_spacing__hover_enabled=&#8221;off&#8221; button_two_letter_spacing__hover_enabled=&#8221;off&#8221; button_bg_color__hover_enabled=&#8221;on&#8221; button_bg_color__hover=&#8221;rgba(255,255,255,0)&#8221; button_one_bg_color__hover_enabled=&#8221;off&#8221; button_two_bg_color__hover_enabled=&#8221;off&#8221; theme_builder_area=&#8221;post_content&#8221;][\/et_pb_button][\/et_pb_column][\/et_pb_row][\/et_pb_section]<\/p>\n","protected":false},"excerpt":{"rendered":"<p>Dzi\u0119ki audytom Agencji Frisch mo\u017cna sprawdzi\u0107 zgodno\u015b\u0107 z warunkami socjalnymi u lokalnego dostawcy. Dok\u0142adne badanie warunk\u00f3w pracy w ChinachWeryfikacja zgodno\u015bci z uznanymi mi\u0119dzynarodowymi warunkami pracy Przeprowadzanie audyt\u00f3w spo\u0142ecznych i nie tylko w Chinach Raz po raz Chiny by\u0142y krytykowane za nieludzkie warunki pracy. W odpowiedzi wydano wytyczne ONZ, a w 2023 roku w Niemczech wejdzie [&hellip;]<\/p>\n","protected":false},"author":2,"featured_media":0,"parent":0,"menu_order":0,"comment_status":"closed","ping_status":"closed","template":"","meta":{"_et_pb_use_builder":"on","_et_pb_old_content":"","_et_gb_content_width":"","footnotes":""},"class_list":["post-11613","page","type-page","status-publish","hentry"],"yoast_head":"<!-- This site is optimized with the Yoast SEO plugin v27.2 - https:\/\/yoast.com\/product\/yoast-seo-wordpress\/ -->\n<title>Czy warunki pracy w fabrykach w Chinach zosta\u0142y poddane kontroli<\/title>\n<meta name=\"description\" content=\"Audyt warunk\u00f3w pracy w Chinach \u25ba Wyja\u015bnij i oczy\u015b\u0107 skargi poprzez dok\u0142adne audyty spo\u0142eczne \u25ba Uzyskaj porady ekspert\u00f3w ju\u017c teraz!\" \/>\n<meta name=\"robots\" content=\"index, follow, max-snippet:-1, max-image-preview:large, max-video-preview:-1\" \/>\n<link rel=\"canonical\" href=\"https:\/\/ag-frisch.com\/pl\/warunki-pracy-w-chinach\/\" \/>\n<meta property=\"og:locale\" content=\"pl_PL\" \/>\n<meta property=\"og:type\" content=\"article\" \/>\n<meta property=\"og:title\" content=\"Czy warunki pracy w fabrykach w Chinach zosta\u0142y poddane kontroli\" \/>\n<meta property=\"og:description\" content=\"Audyt warunk\u00f3w pracy w Chinach \u25ba Wyja\u015bnij i oczy\u015b\u0107 skargi poprzez dok\u0142adne audyty spo\u0142eczne \u25ba Uzyskaj porady ekspert\u00f3w ju\u017c teraz!\" \/>\n<meta property=\"og:url\" content=\"https:\/\/ag-frisch.com\/pl\/warunki-pracy-w-chinach\/\" \/>\n<meta property=\"og:site_name\" content=\"China Import Beratung f\u00fcr den Einkauf aus China\" \/>\n<meta property=\"article:publisher\" content=\"https:\/\/www.facebook.com\/China.Import\" \/>\n<meta property=\"article:modified_time\" content=\"2023-01-27T04:30:56+00:00\" \/>\n<meta name=\"twitter:card\" content=\"summary_large_image\" \/>\n<meta name=\"twitter:site\" content=\"@agenturfrisch\" \/>\n<meta name=\"twitter:label1\" content=\"Szacowany czas czytania\" \/>\n\t<meta name=\"twitter:data1\" content=\"9 minut\" \/>\n<script type=\"application\/ld+json\" class=\"yoast-schema-graph\">{\"@context\":\"https:\/\/schema.org\",\"@graph\":[{\"@type\":\"WebPage\",\"@id\":\"https:\/\/ag-frisch.com\/pl\/warunki-pracy-w-chinach\/\",\"url\":\"https:\/\/ag-frisch.com\/pl\/warunki-pracy-w-chinach\/\",\"name\":\"Czy warunki pracy w fabrykach w Chinach zosta\u0142y poddane kontroli\",\"isPartOf\":{\"@id\":\"https:\/\/ag-frisch.com\/de\/#website\"},\"datePublished\":\"2022-07-12T12:50:44+00:00\",\"dateModified\":\"2023-01-27T04:30:56+00:00\",\"description\":\"Audyt warunk\u00f3w pracy w Chinach \u25ba Wyja\u015bnij i oczy\u015b\u0107 skargi poprzez dok\u0142adne audyty spo\u0142eczne \u25ba Uzyskaj porady ekspert\u00f3w ju\u017c teraz!\",\"breadcrumb\":{\"@id\":\"https:\/\/ag-frisch.com\/pl\/warunki-pracy-w-chinach\/#breadcrumb\"},\"inLanguage\":\"pl-PL\",\"potentialAction\":[{\"@type\":\"ReadAction\",\"target\":[\"https:\/\/ag-frisch.com\/pl\/warunki-pracy-w-chinach\/\"]}]},{\"@type\":\"BreadcrumbList\",\"@id\":\"https:\/\/ag-frisch.com\/pl\/warunki-pracy-w-chinach\/#breadcrumb\",\"itemListElement\":[{\"@type\":\"ListItem\",\"position\":1,\"name\":\"Startseite\",\"item\":\"https:\/\/ag-frisch.com\/de\/\"},{\"@type\":\"ListItem\",\"position\":2,\"name\":\"Warunki pracy w Chinach\"}]},{\"@type\":\"WebSite\",\"@id\":\"https:\/\/ag-frisch.com\/de\/#website\",\"url\":\"https:\/\/ag-frisch.com\/de\/\",\"name\":\"China Import Beratung f\u00fcr den Einkauf aus China\",\"description\":\"China Import &amp; Export Beratung - Der Dienstleister Ihres Vertrauens f\u00fcr Ihren China Import\",\"publisher\":{\"@id\":\"https:\/\/ag-frisch.com\/de\/#organization\"},\"potentialAction\":[{\"@type\":\"SearchAction\",\"target\":{\"@type\":\"EntryPoint\",\"urlTemplate\":\"https:\/\/ag-frisch.com\/de\/?s={search_term_string}\"},\"query-input\":{\"@type\":\"PropertyValueSpecification\",\"valueRequired\":true,\"valueName\":\"search_term_string\"}}],\"inLanguage\":\"pl-PL\"},{\"@type\":\"Organization\",\"@id\":\"https:\/\/ag-frisch.com\/de\/#organization\",\"name\":\"Agentur Frisch International Consulting GmbH & Co. KG\",\"url\":\"https:\/\/ag-frisch.com\/de\/\",\"logo\":{\"@type\":\"ImageObject\",\"inLanguage\":\"pl-PL\",\"@id\":\"https:\/\/ag-frisch.com\/de\/#\/schema\/logo\/image\/\",\"url\":\"https:\/\/ag-frisch.com\/wp-content\/uploads\/2021\/08\/ag_logo_rgb_300_small.png\",\"contentUrl\":\"https:\/\/ag-frisch.com\/wp-content\/uploads\/2021\/08\/ag_logo_rgb_300_small.png\",\"width\":153,\"height\":102,\"caption\":\"Agentur Frisch International Consulting GmbH & Co. KG\"},\"image\":{\"@id\":\"https:\/\/ag-frisch.com\/de\/#\/schema\/logo\/image\/\"},\"sameAs\":[\"https:\/\/www.facebook.com\/China.Import\",\"https:\/\/x.com\/agenturfrisch\"]}]}<\/script>\n<!-- \/ Yoast SEO plugin. -->","yoast_head_json":{"title":"Czy warunki pracy w fabrykach w Chinach zosta\u0142y poddane kontroli","description":"Audyt warunk\u00f3w pracy w Chinach \u25ba Wyja\u015bnij i oczy\u015b\u0107 skargi poprzez dok\u0142adne audyty spo\u0142eczne \u25ba Uzyskaj porady ekspert\u00f3w ju\u017c teraz!","robots":{"index":"index","follow":"follow","max-snippet":"max-snippet:-1","max-image-preview":"max-image-preview:large","max-video-preview":"max-video-preview:-1"},"canonical":"https:\/\/ag-frisch.com\/pl\/warunki-pracy-w-chinach\/","og_locale":"pl_PL","og_type":"article","og_title":"Czy warunki pracy w fabrykach w Chinach zosta\u0142y poddane kontroli","og_description":"Audyt warunk\u00f3w pracy w Chinach \u25ba Wyja\u015bnij i oczy\u015b\u0107 skargi poprzez dok\u0142adne audyty spo\u0142eczne \u25ba Uzyskaj porady ekspert\u00f3w ju\u017c teraz!","og_url":"https:\/\/ag-frisch.com\/pl\/warunki-pracy-w-chinach\/","og_site_name":"China Import Beratung f\u00fcr den Einkauf aus China","article_publisher":"https:\/\/www.facebook.com\/China.Import","article_modified_time":"2023-01-27T04:30:56+00:00","twitter_card":"summary_large_image","twitter_site":"@agenturfrisch","twitter_misc":{"Szacowany czas czytania":"9 minut"},"schema":{"@context":"https:\/\/schema.org","@graph":[{"@type":"WebPage","@id":"https:\/\/ag-frisch.com\/pl\/warunki-pracy-w-chinach\/","url":"https:\/\/ag-frisch.com\/pl\/warunki-pracy-w-chinach\/","name":"Czy warunki pracy w fabrykach w Chinach zosta\u0142y poddane kontroli","isPartOf":{"@id":"https:\/\/ag-frisch.com\/de\/#website"},"datePublished":"2022-07-12T12:50:44+00:00","dateModified":"2023-01-27T04:30:56+00:00","description":"Audyt warunk\u00f3w pracy w Chinach \u25ba Wyja\u015bnij i oczy\u015b\u0107 skargi poprzez dok\u0142adne audyty spo\u0142eczne \u25ba Uzyskaj porady ekspert\u00f3w ju\u017c teraz!","breadcrumb":{"@id":"https:\/\/ag-frisch.com\/pl\/warunki-pracy-w-chinach\/#breadcrumb"},"inLanguage":"pl-PL","potentialAction":[{"@type":"ReadAction","target":["https:\/\/ag-frisch.com\/pl\/warunki-pracy-w-chinach\/"]}]},{"@type":"BreadcrumbList","@id":"https:\/\/ag-frisch.com\/pl\/warunki-pracy-w-chinach\/#breadcrumb","itemListElement":[{"@type":"ListItem","position":1,"name":"Startseite","item":"https:\/\/ag-frisch.com\/de\/"},{"@type":"ListItem","position":2,"name":"Warunki pracy w Chinach"}]},{"@type":"WebSite","@id":"https:\/\/ag-frisch.com\/de\/#website","url":"https:\/\/ag-frisch.com\/de\/","name":"China Import Beratung f\u00fcr den Einkauf aus China","description":"China Import &amp; Export Beratung - Der Dienstleister Ihres Vertrauens f\u00fcr Ihren China Import","publisher":{"@id":"https:\/\/ag-frisch.com\/de\/#organization"},"potentialAction":[{"@type":"SearchAction","target":{"@type":"EntryPoint","urlTemplate":"https:\/\/ag-frisch.com\/de\/?s={search_term_string}"},"query-input":{"@type":"PropertyValueSpecification","valueRequired":true,"valueName":"search_term_string"}}],"inLanguage":"pl-PL"},{"@type":"Organization","@id":"https:\/\/ag-frisch.com\/de\/#organization","name":"Agentur Frisch International Consulting GmbH & Co. KG","url":"https:\/\/ag-frisch.com\/de\/","logo":{"@type":"ImageObject","inLanguage":"pl-PL","@id":"https:\/\/ag-frisch.com\/de\/#\/schema\/logo\/image\/","url":"https:\/\/ag-frisch.com\/wp-content\/uploads\/2021\/08\/ag_logo_rgb_300_small.png","contentUrl":"https:\/\/ag-frisch.com\/wp-content\/uploads\/2021\/08\/ag_logo_rgb_300_small.png","width":153,"height":102,"caption":"Agentur Frisch International Consulting GmbH & Co. KG"},"image":{"@id":"https:\/\/ag-frisch.com\/de\/#\/schema\/logo\/image\/"},"sameAs":["https:\/\/www.facebook.com\/China.Import","https:\/\/x.com\/agenturfrisch"]}]}},"_links":{"self":[{"href":"https:\/\/ag-frisch.com\/pl\/wp-json\/wp\/v2\/pages\/11613","targetHints":{"allow":["GET"]}}],"collection":[{"href":"https:\/\/ag-frisch.com\/pl\/wp-json\/wp\/v2\/pages"}],"about":[{"href":"https:\/\/ag-frisch.com\/pl\/wp-json\/wp\/v2\/types\/page"}],"author":[{"embeddable":true,"href":"https:\/\/ag-frisch.com\/pl\/wp-json\/wp\/v2\/users\/2"}],"replies":[{"embeddable":true,"href":"https:\/\/ag-frisch.com\/pl\/wp-json\/wp\/v2\/comments?post=11613"}],"version-history":[{"count":0,"href":"https:\/\/ag-frisch.com\/pl\/wp-json\/wp\/v2\/pages\/11613\/revisions"}],"wp:attachment":[{"href":"https:\/\/ag-frisch.com\/pl\/wp-json\/wp\/v2\/media?parent=11613"}],"curies":[{"name":"wp","href":"https:\/\/api.w.org\/{rel}","templated":true}]}}