{"id":11635,"date":"2022-07-21T19:59:09","date_gmt":"2022-07-21T17:59:09","guid":{"rendered":"https:\/\/ag-frisch.com\/analiza-regul-przywozu\/"},"modified":"2023-01-27T05:31:44","modified_gmt":"2023-01-27T04:31:44","slug":"analiza-regul-przywozu","status":"publish","type":"page","link":"https:\/\/ag-frisch.com\/pl\/analiza-regul-przywozu\/","title":{"rendered":"Analiza regu\u0142 przywozu"},"content":{"rendered":"<p>[et_pb_section fb_built=&#8221;1&#8243; _builder_version=&#8221;4.16&#8243; _module_preset=&#8221;default&#8221; global_colors_info=&#8221;{}&#8221;][et_pb_row _builder_version=&#8221;4.18.1&#8243; _module_preset=&#8221;default&#8221;][et_pb_column _builder_version=&#8221;4.18.1&#8243; _module_preset=&#8221;default&#8221; type=&#8221;4_4&#8243;][et_pb_cta title=&#8221;Analiza przywozu&#8221; button_url=&#8221;https:\/\/ag-frisch.com\/pl\/kontakt\/&#8221; button_text=&#8221;Zarezerwuj konsultacj\u0119 ju\u017c teraz&#8221; _builder_version=&#8221;4.16&#8243; _module_preset=&#8221;default&#8221; global_colors_info=&#8221;{}&#8221; theme_builder_area=&#8221;post_content&#8221;]<\/p>\n<p>Dzi\u0119ki doradztwu Chi\u0144skiej Agencji Importowej Frisch mo\u017cemy odpowiedzie\u0107 na wszystkie pytania dotycz\u0105ce zasad importu lub bezpo\u015brednio przej\u0105\u0107 dla Pa\u0144stwa analiz\u0119.<\/p>\n<p>[\/et_pb_cta][\/et_pb_column][\/et_pb_row][et_pb_row _builder_version=&#8221;4.16&#8243; _module_preset=&#8221;default&#8221; global_colors_info=&#8221;{}&#8221;][et_pb_column type=&#8221;4_4&#8243; _builder_version=&#8221;4.16&#8243; _module_preset=&#8221;default&#8221; global_colors_info=&#8221;{}&#8221;][et_pb_text admin_label=&#8221;H1&#8243; _builder_version=&#8221;4.18.1&#8243; _module_preset=&#8221;default&#8221; global_colors_info=&#8221;{}&#8221;]<\/p>\n<h1>Przepisy importowe Chiny: Analiza importu prosto od profesjonalist\u00f3w<\/h1>\n<p>[\/et_pb_text][et_pb_text _builder_version=&#8221;4.16&#8243; _module_preset=&#8221;default&#8221; global_colors_info=&#8221;{}&#8221;]<\/p>\n<p><strong>Analiza regu\u0142 przywozu<\/strong><\/p>\n<p><strong>Okre\u015blanie regu\u0142 importu dla swojego importu<\/strong><\/p>\n<p>Ka\u017cdy, kto sprzedaje towary w Niemczech, musi przestrzega\u0107 wielu przepis\u00f3w. Dotyczy to r\u00f3wnie\u017c produkt\u00f3w importowanych. Dla ustawodawcy Pan, jako osoba wprowadzaj\u0105ca produkt do obrotu w Niemczech, jest na r\u00f3wni z producentem i ponosi odpowiedni\u0105 odpowiedzialno\u015b\u0107. Dlatego jest absolutnie konieczne, aby zna\u0107 i przestrzega\u0107 prawa i przepis\u00f3w obowi\u0105zuj\u0105cych dla danej grupy produkt\u00f3w.<\/p>\n<p><strong>Nie mo\u017cna importowa\u0107 bez przestrzegania prawa i przepis\u00f3w dotycz\u0105cych danego produktu.<\/strong><\/p>\n<p>Nale\u017cy bezwzgl\u0119dnie przestrzega\u0107 wszystkich przepis\u00f3w i mie\u0107 sporz\u0105dzone wszystkie certyfikaty, kt\u00f3re s\u0105 potrzebne do importu i sprzeda\u017cy w Niemczech. Agentur Frisch, jako do\u015bwiadczony importer z Chin, ch\u0119tnie przejmie dla Pa\u0144stwa t\u0119 us\u0142ug\u0119. Zalecamy nast\u0119puj\u0105ce us\u0142ugi podczas importowania za naszym po\u015brednictwem lub za po\u015brednictwem dostawcy zewn\u0119trznego:<\/p>\n<ul>\n<li>Analiza warunk\u00f3w maj\u0105cych zastosowanie do Twojego produktu<\/li>\n<li>Zalecenia dotycz\u0105ce dzia\u0142a\u0144<\/li>\n<li>Badanie norm DIN<\/li>\n<li>Analiza ryzyka<\/li>\n<\/ul>\n<p>Nie mo\u017cemy wystarczaj\u0105co podkre\u015bli\u0107 znaczenie zgodno\u015bci z prawem dla udanego biznesu.<\/p>\n<p>&nbsp;<\/p>\n<p><strong>Jakie certyfikaty s\u0105 potrzebne przy imporcie z Chin?<\/strong><\/p>\n<p>To, jakich certyfikat\u00f3w potrzebujesz, zale\u017cy od produktu, kt\u00f3ry chcesz importowa\u0107. Istnieje d\u0142uga seria bardzo r\u00f3\u017cnych certyfikat\u00f3w dla r\u00f3\u017cnych grup towarowych. Namawiamy do skorzystania z naszej porady, aby nie pope\u0142ni\u0107 b\u0142\u0119du.<\/p>\n<p>Przepisy, kt\u00f3rych musisz przestrzega\u0107 to m.in:<\/p>\n<ul>\n<li>Prawo dotycz\u0105ce baterii<\/li>\n<li>Certyfikacja ekologiczna<\/li>\n<li>Normy DIN<\/li>\n<li>Badanie EMC (kompatybilno\u015bci elektromagnetycznej)<\/li>\n<li>Dyrektywa ERP (dyrektywa w sprawie ekoprojektu)<\/li>\n<li>Przepisy LFGB<\/li>\n<li>Dyrektywa w sprawie maszyn<\/li>\n<li>Dyrektywa medyczna<\/li>\n<li>v.m.<\/li>\n<\/ul>\n<p>&nbsp;<\/p>\n<p><strong>Na co musz\u0119 zwr\u00f3ci\u0107 uwag\u0119 przy imporcie z Chin?<\/strong><\/p>\n<p>Pytanie o certyfikaty i ustawy musi pa\u015b\u0107 podczas procesu importu. Ramy prawne s\u0105 bardzo szczelne, co oznacza, \u017ce praktycznie nie ma produkt\u00f3w i aspekt\u00f3w, kt\u00f3re nie by\u0142yby obj\u0119te \u017cadnymi przepisami. W ka\u017cdym razie nie pr\u00f3buj importowa\u0107 produkt\u00f3w i mie\u0107 nadziej\u0119, \u017ce &#8220;b\u0119dzie dobrze&#8221;. To praktycznie zawsze prowadzi do pora\u017cek. Zamiast tego oferujemy Pa\u0144stwu pierwszorz\u0119dny i niezawodny serwis, kt\u00f3ry doskonale doradzi Pa\u0144stwu w temacie &#8220;Jakie certyfikaty s\u0105 mi potrzebne przy imporcie z Chin&#8221;. Analizujemy Pa\u0144stwa grup\u0119 produkt\u00f3w i okre\u015blamy wszystkie wymagane dokumenty i badania. W ten spos\u00f3b zapobiegasz stratom i stresowi.<\/p>\n<p>&nbsp;<\/p>\n<p><strong>Jasne zalecenia dotycz\u0105ce dzia\u0142a\u0144 dla konkretnego produktu importowego<\/strong><\/p>\n<p>My w Agentur Frisch mamy du\u017ce do\u015bwiadczenie w imporcie szerokiej gamy towar\u00f3w do Chin. Na podstawie analizy przepis\u00f3w importowych dowiadujemy si\u0119 dla Pa\u0144stwa, co nale\u017cy zrobi\u0107, aby spe\u0142ni\u0107 wymogi prawne. Dla ka\u017cdego produktu jest to inne. Znamy teori\u0119 i praktyk\u0119 oraz wiemy jak najlepiej zachowa\u0107 si\u0119 po bezpiecznej prawnie stronie.<\/p>\n<p>&nbsp;<\/p>\n<p><strong>Dalsze kontrole przywozu z Chin<\/strong><\/p>\n<p>Zadaj\u0105c pytanie &#8220;Co musz\u0119 wzi\u0105\u0107 pod uwag\u0119 importuj\u0105c z Chin?&#8221;, pr\u0119dzej czy p\u00f3\u017aniej zawsze natrafia si\u0119 na normy DIN. Normy DIN to uznane zasady techniki, kt\u00f3re s\u0105 opracowywane praktycznie dla wszystkich towar\u00f3w. Wymagania dotycz\u0105ce wkr\u0119tak\u00f3w s\u0105 okre\u015blone w normie DIN, podobnie jak wymagania dotycz\u0105ce poci\u0105g\u00f3w towarowych, basen\u00f3w czy toster\u00f3w.<\/p>\n<p><strong>Zalecamy sprawdzenie norm DIN dla danego produktu.<\/strong><\/p>\n<p>Dzi\u0119ki analizie eksperta mo\u017cesz mie\u0107 pewno\u015b\u0107, jakich certyfikat\u00f3w potrzebujesz przy imporcie z Chin i jakie warunki musi spe\u0142nia\u0107 Tw\u00f3j produkt.<\/p>\n<p>&nbsp;<\/p>\n<p><strong>Analiza ryzyka<\/strong><\/p>\n<p>Analiza zasad importu i wyja\u015bnienie pytania &#8220;Jakie certyfikaty s\u0105 mi potrzebne przy imporcie z Chin?&#8221; zwykle obejmuje r\u00f3wnie\u017c analiz\u0119 ryzyka. Mo\u017cemy podda\u0107 oba Pa\u0144stwa produkty szczeg\u00f3\u0142owej kontroli w naszych wewn\u0119trznych laboratoriach w filii &#8211; zanim zrobi\u0105 to w\u0142adze w Niemczech.<\/p>\n<p>&nbsp;<\/p>\n<p><strong>Analiza zasad importu, sprawdzenie norm DIN i analiza ryzyka s\u0105 cz\u0119\u015bci\u0105 udanego importu do Chin. Je\u015bli masz jakiekolwiek pytania dotycz\u0105ce zgodno\u015bci, certyfikat\u00f3w i importu z Chin, skontaktuj si\u0119 z nami. Eksperci Agentur Frisch z przyjemno\u015bci\u0105 pomog\u0105 Ci w imporcie z Chin.  <\/strong><\/p>\n<p>[\/et_pb_text][\/et_pb_column][\/et_pb_row][\/et_pb_section][et_pb_section fb_built=&#8221;1&#8243; admin_label=&#8221;Testimonials&#8221; _builder_version=&#8221;4.16&#8243; use_background_color_gradient=&#8221;on&#8221; background_color_gradient_stops=&#8221;rgba(0,106,156,0.85) 0%|rgba(0,106,156,0.85) 100%&#8221; background_color_gradient_start=&#8221;rgba(0,106,156,0.85)&#8221; background_color_gradient_end=&#8221;rgba(0,106,156,0.85)&#8221; custom_padding=&#8221;90px||60px|&#8221; animation_style=&#8221;fold&#8221; animation_direction=&#8221;bottom&#8221; animation_intensity_fold=&#8221;4%&#8221; global_colors_info=&#8221;{}&#8221; theme_builder_area=&#8221;post_content&#8221;][et_pb_row _builder_version=&#8221;4.16&#8243; background_size=&#8221;initial&#8221; background_position=&#8221;top_left&#8221; background_repeat=&#8221;repeat&#8221; custom_width_px=&#8221;710px&#8221; locked=&#8221;off&#8221; global_colors_info=&#8221;{}&#8221; theme_builder_area=&#8221;post_content&#8221;][et_pb_column type=&#8221;4_4&#8243; _builder_version=&#8221;4.16&#8243; background_position=&#8221;top_left&#8221; custom_padding=&#8221;|||&#8221; global_colors_info=&#8221;{}&#8221; custom_padding__hover=&#8221;|||&#8221; theme_builder_area=&#8221;post_content&#8221;][et_pb_text admin_label=&#8221;Testimonials Section Title&#8221; _builder_version=&#8221;4.16&#8243; header_font=&#8221;Montserrat||||&#8221; header_font_size=&#8221;36px&#8221; background_size=&#8221;initial&#8221; background_position=&#8221;top_left&#8221; background_repeat=&#8221;repeat&#8221; text_orientation=&#8221;center&#8221; background_layout=&#8221;dark&#8221; max_width=&#8221;710px&#8221; module_alignment=&#8221;center&#8221; animation_style=&#8221;fold&#8221; animation_direction=&#8221;bottom&#8221; animation_intensity_fold=&#8221;20%&#8221; global_colors_info=&#8221;{}&#8221; theme_builder_area=&#8221;post_content&#8221;]<\/p>\n<h1>Ponad 5000 zadowolonych klient\u00f3w.<\/h1>\n<p>&nbsp;<\/p>\n<p>[\/et_pb_text][et_pb_divider color=&#8221;#ffffff&#8221; divider_weight=&#8221;3px&#8221; disabled_on=&#8221;off|off|off&#8221; _builder_version=&#8221;4.16&#8243; background_color_gradient_direction=&#8221;90deg&#8221; max_width=&#8221;100px&#8221; module_alignment=&#8221;center&#8221; height=&#8221;5px&#8221; custom_margin=&#8221;||20px|&#8221; custom_padding=&#8221;||20px|&#8221; animation_style=&#8221;slide&#8221; animation_direction=&#8221;bottom&#8221; saved_tabs=&#8221;all&#8221; locked=&#8221;off&#8221; global_colors_info=&#8221;{}&#8221; theme_builder_area=&#8221;post_content&#8221;][\/et_pb_divider][\/et_pb_column][\/et_pb_row][et_pb_row column_structure=&#8221;1_2,1_2&#8243; _builder_version=&#8221;4.18.1&#8243; _module_preset=&#8221;default&#8221; global_colors_info=&#8221;{}&#8221; theme_builder_area=&#8221;post_content&#8221;][et_pb_column type=&#8221;1_2&#8243; _builder_version=&#8221;4.18.1&#8243; _module_preset=&#8221;default&#8221; global_colors_info=&#8221;{}&#8221; theme_builder_area=&#8221;post_content&#8221;][et_pb_testimonial author=&#8221;Marco&#8221; portrait_url=&#8221;https:\/\/ag-frisch.com\/wp-content\/uploads\/2021\/08\/Harald.png&#8221; quote_icon=&#8221;off&#8221; _builder_version=&#8221;4.18.1&#8243; _module_preset=&#8221;default&#8221; body_font_size=&#8221;16px&#8221; use_background_color=&#8221;off&#8221; background_layout=&#8221;dark&#8221; global_colors_info=&#8221;{}&#8221; theme_builder_area=&#8221;post_content&#8221;]Zleci\u0142em agencji Frisch wyprodukowanie du\u017cego mebla w Chinach, a nast\u0119pnie sprowadzenie go do Niemiec. Przez ca\u0142y czas by\u0142a sprawna komunikacja mailowa! Bardzo szybkie i rzetelne odpowiedzi stale dodawa\u0142y mi otuchy, kt\u00f3ra jest niezb\u0119dna w takim przedsi\u0119wzi\u0119ciu. Przez ca\u0142y czas pomagano mi przebrn\u0105\u0107 przez biurokratyczny g\u0105szcz, nie zapomniano o \u017cadnym formularzu ani nie wype\u0142niono go b\u0142\u0119dnie. Bardzo godne pochwa\u0142y!<a href=\"&lt;div%20class=%22pe-richsnippets%22&gt;&nbsp;&lt;\/div&gt;%20&lt;script%20type=%22text\/javascript%22%20src=%22https:\/\/www.provenexpert.com\/widget\/richsnippet.js?u=1NUA0VwZ4RUZ5tmAi5zA4RaplNKAlWwZ&amp;v=2%22%20async&gt;&lt;\/script&gt;%20&lt;div%20style=%22text-align:%20justify;%22&gt;&lt;br%20\/&gt;\"><\/a><\/p>\n<div class=\"brow ratingBarMargin\">\n<div class=\"ratingBar\">\n<div class=\"brow\">\n<div class=\"pe-richsnippets\">&nbsp;<\/div>\n<p><script type=\"text\/javascript\" src=\"https:\/\/www.provenexpert.com\/widget\/richsnippet.js?u=1NUA0VwZ4RUZ5tmAi5zA4RaplNKAlWwZ&amp;v=2\" async=\"\"><\/script><\/p>\n<div style=\"text-align: justify;\"><\/p>\n<div class=\"col-lg-9 col-md-8 col-xs-10 mt20 mb20\">\n<div class=\"col-xs-12 surveyNameForRating\"><\/div>\n<\/div>\n<\/div>\n<\/div>\n<\/div>\n<\/div>\n<p>[\/et_pb_testimonial][\/et_pb_column][et_pb_column type=&#8221;1_2&#8243; _builder_version=&#8221;4.18.1&#8243; _module_preset=&#8221;default&#8221; global_colors_info=&#8221;{}&#8221; theme_builder_area=&#8221;post_content&#8221;][et_pb_testimonial author=&#8221;Simone L.&#8221; portrait_url=&#8221;https:\/\/ag-frisch.com\/wp-content\/uploads\/2021\/08\/Harald.png&#8221; quote_icon=&#8221;off&#8221; _builder_version=&#8221;4.18.1&#8243; _module_preset=&#8221;default&#8221; body_font_size=&#8221;16px&#8221; use_background_color=&#8221;off&#8221; background_layout=&#8221;dark&#8221; global_colors_info=&#8221;{}&#8221; theme_builder_area=&#8221;post_content&#8221;]<\/p>\n<p>Ca\u0142a g\u00f3ra. Nie ma nic lepszego ni\u017c to. Doradzanie i wdra\u017canie nie mo\u017ce by\u0107 zrobione lepiej. Jeste\u015bmy bardziej ni\u017c zadowoleni po kilku zam\u00f3wieniach z t\u0105 firm\u0105 i kontynuowa\u0107 nasz\u0105 wsp\u00f3\u0142prac\u0119.<\/p>\n<div class=\"brow ratingBarMargin\">\n<div class=\"ratingBar\">\n<div class=\"brow\">\n<div class=\"pe-richsnippets\"> <\/div>\n<p>\n<script type=\"text\/javascript\" src=\"https:\/\/www.provenexpert.com\/widget\/richsnippet.js?u=1NUA0VwZ4RUZ5tmAi5zA4RaplNKAlWwZ&amp;v=2\" async=\"\"><\/script>\n<\/p>\n<div style=\"text-align: justify;\">\n<p>&nbsp;<\/p>\n<div class=\"col-lg-9 col-md-8 col-xs-10 mt20 mb20\">\n<div class=\"col-xs-12 surveyNameForRating\"><\/div>\n<\/div>\n<\/div>\n<\/div>\n<\/div>\n<\/div>\n<p>[\/et_pb_testimonial][\/et_pb_column][\/et_pb_row][et_pb_row _builder_version=&#8221;4.16&#8243; background_size=&#8221;initial&#8221; background_position=&#8221;top_left&#8221; background_repeat=&#8221;repeat&#8221; custom_padding=&#8221;50px|0px|30px|0px&#8221; custom_css_main_element=&#8221;text-align: center;&#8221; global_colors_info=&#8221;{}&#8221; theme_builder_area=&#8221;post_content&#8221;][et_pb_column type=&#8221;4_4&#8243; _builder_version=&#8221;4.16&#8243; custom_padding=&#8221;|||&#8221; global_colors_info=&#8221;{}&#8221; custom_padding__hover=&#8221;|||&#8221; theme_builder_area=&#8221;post_content&#8221;][et_pb_button button_url=&#8221;https:\/\/www.provenexpert.com\/de-de\/agentur-frisch-international-consulting-gmbh-und-co-kg\/&#8221; button_text=&#8221;WI\u0118CEJ OCEN&#8221; button_alignment=&#8221;left&#8221; admin_label=&#8221;Testimonial Button&#8221; _builder_version=&#8221;4.16&#8243; custom_button=&#8221;on&#8221; button_text_size=&#8221;18px&#8221; button_text_color=&#8221;#ffffff&#8221; button_bg_color=&#8221;#6eba01&#8243; button_border_width=&#8221;2px&#8221; button_border_color=&#8221;#6eba01&#8243; button_border_radius=&#8221;0px&#8221; button_letter_spacing=&#8221;2px&#8221; button_font=&#8221;Montserrat|||on|&#8221; button_use_icon=&#8221;off&#8221; animation_style=&#8221;fold&#8221; animation_direction=&#8221;bottom&#8221; button_text_color_hover=&#8221;#ffffff&#8221; button_border_color_hover=&#8221;#ffffff&#8221; button_border_radius_hover=&#8221;0px&#8221; button_letter_spacing_hover=&#8221;2px&#8221; button_bg_color_hover=&#8221;rgba(255,255,255,0)&#8221; locked=&#8221;off&#8221; global_colors_info=&#8221;{}&#8221; button_text_size__hover_enabled=&#8221;off&#8221; button_one_text_size__hover_enabled=&#8221;off&#8221; button_two_text_size__hover_enabled=&#8221;off&#8221; button_text_color__hover_enabled=&#8221;on&#8221; button_text_color__hover=&#8221;#ffffff&#8221; button_one_text_color__hover_enabled=&#8221;off&#8221; button_two_text_color__hover_enabled=&#8221;off&#8221; button_border_width__hover_enabled=&#8221;off&#8221; button_one_border_width__hover_enabled=&#8221;off&#8221; button_two_border_width__hover_enabled=&#8221;off&#8221; button_border_color__hover_enabled=&#8221;on&#8221; button_border_color__hover=&#8221;#ffffff&#8221; button_one_border_color__hover_enabled=&#8221;off&#8221; button_two_border_color__hover_enabled=&#8221;off&#8221; button_border_radius__hover_enabled=&#8221;on&#8221; button_border_radius__hover=&#8221;0px&#8221; button_one_border_radius__hover_enabled=&#8221;off&#8221; button_two_border_radius__hover_enabled=&#8221;off&#8221; button_letter_spacing__hover_enabled=&#8221;on&#8221; button_letter_spacing__hover=&#8221;2px&#8221; button_one_letter_spacing__hover_enabled=&#8221;off&#8221; button_two_letter_spacing__hover_enabled=&#8221;off&#8221; button_bg_color__hover_enabled=&#8221;on&#8221; button_bg_color__hover=&#8221;rgba(255,255,255,0)&#8221; button_one_bg_color__hover_enabled=&#8221;off&#8221; button_two_bg_color__hover_enabled=&#8221;off&#8221; theme_builder_area=&#8221;post_content&#8221;][\/et_pb_button][\/et_pb_column][\/et_pb_row][\/et_pb_section]<\/p>\n","protected":false},"excerpt":{"rendered":"<p>Dzi\u0119ki doradztwu Chi\u0144skiej Agencji Importowej Frisch mo\u017cemy odpowiedzie\u0107 na wszystkie pytania dotycz\u0105ce zasad importu lub bezpo\u015brednio przej\u0105\u0107 dla Pa\u0144stwa analiz\u0119.Przepisy importowe Chiny: Analiza importu prosto od profesjonalist\u00f3wAnaliza regu\u0142 przywozu Okre\u015blanie regu\u0142 importu dla swojego importu Ka\u017cdy, kto sprzedaje towary w Niemczech, musi przestrzega\u0107 wielu przepis\u00f3w. Dotyczy to r\u00f3wnie\u017c produkt\u00f3w importowanych. Dla ustawodawcy Pan, jako osoba [&hellip;]<\/p>\n","protected":false},"author":2,"featured_media":0,"parent":0,"menu_order":0,"comment_status":"closed","ping_status":"closed","template":"","meta":{"_et_pb_use_builder":"on","_et_pb_old_content":"","_et_gb_content_width":"","footnotes":""},"class_list":["post-11635","page","type-page","status-publish","hentry"],"yoast_head":"<!-- This site is optimized with the Yoast SEO plugin v27.4 - https:\/\/yoast.com\/product\/yoast-seo-wordpress\/ -->\n<title>Zasady importu do Chin | Analiza ekspert\u00f3w<\/title>\n<meta name=\"description\" content=\"Analiza zasad importu dla Chin \u25ba Indywidualne okre\u015blenie zasad importu \u25ba Analiza potrzeb i ryzyka przez do\u015bwiadczonych ekspert\u00f3w \u25ba Uzyskaj porad\u0119 ju\u017c teraz!\" \/>\n<meta name=\"robots\" content=\"noindex, follow\" \/>\n<meta property=\"og:locale\" content=\"pl_PL\" \/>\n<meta property=\"og:type\" content=\"article\" \/>\n<meta property=\"og:title\" content=\"Zasady importu do Chin | Analiza ekspert\u00f3w\" \/>\n<meta property=\"og:description\" content=\"Analiza zasad importu dla Chin \u25ba Indywidualne okre\u015blenie zasad importu \u25ba Analiza potrzeb i ryzyka przez do\u015bwiadczonych ekspert\u00f3w \u25ba Uzyskaj porad\u0119 ju\u017c teraz!\" \/>\n<meta property=\"og:url\" content=\"https:\/\/ag-frisch.com\/pl\/analiza-regul-przywozu\/\" \/>\n<meta property=\"og:site_name\" content=\"China Import Beratung f\u00fcr den Einkauf aus China\" \/>\n<meta property=\"article:publisher\" content=\"https:\/\/www.facebook.com\/China.Import\" \/>\n<meta property=\"article:modified_time\" content=\"2023-01-27T04:31:44+00:00\" \/>\n<meta name=\"twitter:card\" content=\"summary_large_image\" \/>\n<meta name=\"twitter:site\" content=\"@agenturfrisch\" \/>\n<meta name=\"twitter:label1\" content=\"Szacowany czas czytania\" \/>\n\t<meta name=\"twitter:data1\" content=\"8 minut\" \/>\n<script type=\"application\/ld+json\" class=\"yoast-schema-graph\">{\"@context\":\"https:\\\/\\\/schema.org\",\"@graph\":[{\"@type\":\"WebPage\",\"@id\":\"https:\\\/\\\/ag-frisch.com\\\/pl\\\/analiza-regul-przywozu\\\/\",\"url\":\"https:\\\/\\\/ag-frisch.com\\\/pl\\\/analiza-regul-przywozu\\\/\",\"name\":\"Zasady importu do Chin | Analiza ekspert\u00f3w\",\"isPartOf\":{\"@id\":\"https:\\\/\\\/ag-frisch.com\\\/de\\\/#website\"},\"datePublished\":\"2022-07-21T17:59:09+00:00\",\"dateModified\":\"2023-01-27T04:31:44+00:00\",\"description\":\"Analiza zasad importu dla Chin \u25ba Indywidualne okre\u015blenie zasad importu \u25ba Analiza potrzeb i ryzyka przez do\u015bwiadczonych ekspert\u00f3w \u25ba Uzyskaj porad\u0119 ju\u017c teraz!\",\"breadcrumb\":{\"@id\":\"https:\\\/\\\/ag-frisch.com\\\/pl\\\/analiza-regul-przywozu\\\/#breadcrumb\"},\"inLanguage\":\"pl-PL\",\"potentialAction\":[{\"@type\":\"ReadAction\",\"target\":[\"https:\\\/\\\/ag-frisch.com\\\/pl\\\/analiza-regul-przywozu\\\/\"]}]},{\"@type\":\"BreadcrumbList\",\"@id\":\"https:\\\/\\\/ag-frisch.com\\\/pl\\\/analiza-regul-przywozu\\\/#breadcrumb\",\"itemListElement\":[{\"@type\":\"ListItem\",\"position\":1,\"name\":\"Startseite\",\"item\":\"https:\\\/\\\/ag-frisch.com\\\/de\\\/\"},{\"@type\":\"ListItem\",\"position\":2,\"name\":\"Analiza regu\u0142 przywozu\"}]},{\"@type\":\"WebSite\",\"@id\":\"https:\\\/\\\/ag-frisch.com\\\/de\\\/#website\",\"url\":\"https:\\\/\\\/ag-frisch.com\\\/de\\\/\",\"name\":\"China Import Beratung f\u00fcr den Einkauf aus China\",\"description\":\"China Import &amp; Export Beratung - Der Dienstleister Ihres Vertrauens f\u00fcr Ihren China Import\",\"publisher\":{\"@id\":\"https:\\\/\\\/ag-frisch.com\\\/de\\\/#organization\"},\"potentialAction\":[{\"@type\":\"SearchAction\",\"target\":{\"@type\":\"EntryPoint\",\"urlTemplate\":\"https:\\\/\\\/ag-frisch.com\\\/de\\\/?s={search_term_string}\"},\"query-input\":{\"@type\":\"PropertyValueSpecification\",\"valueRequired\":true,\"valueName\":\"search_term_string\"}}],\"inLanguage\":\"pl-PL\"},{\"@type\":\"Organization\",\"@id\":\"https:\\\/\\\/ag-frisch.com\\\/de\\\/#organization\",\"name\":\"Agentur Frisch International Consulting GmbH & Co. KG\",\"url\":\"https:\\\/\\\/ag-frisch.com\\\/de\\\/\",\"logo\":{\"@type\":\"ImageObject\",\"inLanguage\":\"pl-PL\",\"@id\":\"https:\\\/\\\/ag-frisch.com\\\/de\\\/#\\\/schema\\\/logo\\\/image\\\/\",\"url\":\"https:\\\/\\\/ag-frisch.com\\\/wp-content\\\/uploads\\\/2021\\\/08\\\/ag_logo_rgb_300_small.png\",\"contentUrl\":\"https:\\\/\\\/ag-frisch.com\\\/wp-content\\\/uploads\\\/2021\\\/08\\\/ag_logo_rgb_300_small.png\",\"width\":153,\"height\":102,\"caption\":\"Agentur Frisch International Consulting GmbH & Co. KG\"},\"image\":{\"@id\":\"https:\\\/\\\/ag-frisch.com\\\/de\\\/#\\\/schema\\\/logo\\\/image\\\/\"},\"sameAs\":[\"https:\\\/\\\/www.facebook.com\\\/China.Import\",\"https:\\\/\\\/x.com\\\/agenturfrisch\"]}]}<\/script>\n<!-- \/ Yoast SEO plugin. -->","yoast_head_json":{"title":"Zasady importu do Chin | Analiza ekspert\u00f3w","description":"Analiza zasad importu dla Chin \u25ba Indywidualne okre\u015blenie zasad importu \u25ba Analiza potrzeb i ryzyka przez do\u015bwiadczonych ekspert\u00f3w \u25ba Uzyskaj porad\u0119 ju\u017c teraz!","robots":{"index":"noindex","follow":"follow"},"og_locale":"pl_PL","og_type":"article","og_title":"Zasady importu do Chin | Analiza ekspert\u00f3w","og_description":"Analiza zasad importu dla Chin \u25ba Indywidualne okre\u015blenie zasad importu \u25ba Analiza potrzeb i ryzyka przez do\u015bwiadczonych ekspert\u00f3w \u25ba Uzyskaj porad\u0119 ju\u017c teraz!","og_url":"https:\/\/ag-frisch.com\/pl\/analiza-regul-przywozu\/","og_site_name":"China Import Beratung f\u00fcr den Einkauf aus China","article_publisher":"https:\/\/www.facebook.com\/China.Import","article_modified_time":"2023-01-27T04:31:44+00:00","twitter_card":"summary_large_image","twitter_site":"@agenturfrisch","twitter_misc":{"Szacowany czas czytania":"8 minut"},"schema":{"@context":"https:\/\/schema.org","@graph":[{"@type":"WebPage","@id":"https:\/\/ag-frisch.com\/pl\/analiza-regul-przywozu\/","url":"https:\/\/ag-frisch.com\/pl\/analiza-regul-przywozu\/","name":"Zasady importu do Chin | Analiza ekspert\u00f3w","isPartOf":{"@id":"https:\/\/ag-frisch.com\/de\/#website"},"datePublished":"2022-07-21T17:59:09+00:00","dateModified":"2023-01-27T04:31:44+00:00","description":"Analiza zasad importu dla Chin \u25ba Indywidualne okre\u015blenie zasad importu \u25ba Analiza potrzeb i ryzyka przez do\u015bwiadczonych ekspert\u00f3w \u25ba Uzyskaj porad\u0119 ju\u017c teraz!","breadcrumb":{"@id":"https:\/\/ag-frisch.com\/pl\/analiza-regul-przywozu\/#breadcrumb"},"inLanguage":"pl-PL","potentialAction":[{"@type":"ReadAction","target":["https:\/\/ag-frisch.com\/pl\/analiza-regul-przywozu\/"]}]},{"@type":"BreadcrumbList","@id":"https:\/\/ag-frisch.com\/pl\/analiza-regul-przywozu\/#breadcrumb","itemListElement":[{"@type":"ListItem","position":1,"name":"Startseite","item":"https:\/\/ag-frisch.com\/de\/"},{"@type":"ListItem","position":2,"name":"Analiza regu\u0142 przywozu"}]},{"@type":"WebSite","@id":"https:\/\/ag-frisch.com\/de\/#website","url":"https:\/\/ag-frisch.com\/de\/","name":"China Import Beratung f\u00fcr den Einkauf aus China","description":"China Import &amp; Export Beratung - Der Dienstleister Ihres Vertrauens f\u00fcr Ihren China Import","publisher":{"@id":"https:\/\/ag-frisch.com\/de\/#organization"},"potentialAction":[{"@type":"SearchAction","target":{"@type":"EntryPoint","urlTemplate":"https:\/\/ag-frisch.com\/de\/?s={search_term_string}"},"query-input":{"@type":"PropertyValueSpecification","valueRequired":true,"valueName":"search_term_string"}}],"inLanguage":"pl-PL"},{"@type":"Organization","@id":"https:\/\/ag-frisch.com\/de\/#organization","name":"Agentur Frisch International Consulting GmbH & Co. KG","url":"https:\/\/ag-frisch.com\/de\/","logo":{"@type":"ImageObject","inLanguage":"pl-PL","@id":"https:\/\/ag-frisch.com\/de\/#\/schema\/logo\/image\/","url":"https:\/\/ag-frisch.com\/wp-content\/uploads\/2021\/08\/ag_logo_rgb_300_small.png","contentUrl":"https:\/\/ag-frisch.com\/wp-content\/uploads\/2021\/08\/ag_logo_rgb_300_small.png","width":153,"height":102,"caption":"Agentur Frisch International Consulting GmbH & Co. KG"},"image":{"@id":"https:\/\/ag-frisch.com\/de\/#\/schema\/logo\/image\/"},"sameAs":["https:\/\/www.facebook.com\/China.Import","https:\/\/x.com\/agenturfrisch"]}]}},"_links":{"self":[{"href":"https:\/\/ag-frisch.com\/pl\/wp-json\/wp\/v2\/pages\/11635","targetHints":{"allow":["GET"]}}],"collection":[{"href":"https:\/\/ag-frisch.com\/pl\/wp-json\/wp\/v2\/pages"}],"about":[{"href":"https:\/\/ag-frisch.com\/pl\/wp-json\/wp\/v2\/types\/page"}],"author":[{"embeddable":true,"href":"https:\/\/ag-frisch.com\/pl\/wp-json\/wp\/v2\/users\/2"}],"replies":[{"embeddable":true,"href":"https:\/\/ag-frisch.com\/pl\/wp-json\/wp\/v2\/comments?post=11635"}],"version-history":[{"count":0,"href":"https:\/\/ag-frisch.com\/pl\/wp-json\/wp\/v2\/pages\/11635\/revisions"}],"wp:attachment":[{"href":"https:\/\/ag-frisch.com\/pl\/wp-json\/wp\/v2\/media?parent=11635"}],"curies":[{"name":"wp","href":"https:\/\/api.w.org\/{rel}","templated":true}]}}