{"id":11782,"date":"2022-07-21T20:03:42","date_gmt":"2022-07-21T18:03:42","guid":{"rendered":"https:\/\/ag-frisch.com\/badanie-norm-din-w-chinach\/"},"modified":"2023-01-27T05:31:47","modified_gmt":"2023-01-27T04:31:47","slug":"badanie-norm-din-w-chinach","status":"publish","type":"page","link":"https:\/\/ag-frisch.com\/pl\/badanie-norm-din-w-chinach\/","title":{"rendered":"Badanie norm DIN w Chinach"},"content":{"rendered":"<p>[et_pb_section fb_built=&#8221;1&#8243; _builder_version=&#8221;4.16&#8243; _module_preset=&#8221;default&#8221; global_colors_info=&#8221;{}&#8221;][et_pb_row _builder_version=&#8221;4.18.1&#8243; _module_preset=&#8221;default&#8221;][et_pb_column _builder_version=&#8221;4.18.1&#8243; _module_preset=&#8221;default&#8221; type=&#8221;4_4&#8243;][et_pb_cta title=&#8221;Badanie norm DIN w Chinach&#8221; button_url=&#8221;https:\/\/ag-frisch.com\/pl\/kontakt\/&#8221; button_text=&#8221;Zarezerwuj konsultacj\u0119 ju\u017c teraz&#8221; _builder_version=&#8221;4.16&#8243; _module_preset=&#8221;default&#8221; global_colors_info=&#8221;{}&#8221; theme_builder_area=&#8221;post_content&#8221;]<\/p>\n<p>China Import Agentur Frisch oferuje Pa\u0144stwu doradztwo w zakresie obowi\u0105zuj\u0105cych norm DIN dla Pa\u0144stwa produktu z Chin.<\/p>\n<p>[\/et_pb_cta][\/et_pb_column][\/et_pb_row][et_pb_row _builder_version=&#8221;4.16&#8243; _module_preset=&#8221;default&#8221; global_colors_info=&#8221;{}&#8221;][et_pb_column type=&#8221;4_4&#8243; _builder_version=&#8221;4.16&#8243; _module_preset=&#8221;default&#8221; global_colors_info=&#8221;{}&#8221;][et_pb_text admin_label=&#8221;H1&#8243; _builder_version=&#8221;4.18.1&#8243; _module_preset=&#8221;default&#8221; global_colors_info=&#8221;{}&#8221;]<\/p>\n<h1>Badanie norm DIN dla przywozu z Chin<\/h1>\n<p>[\/et_pb_text][et_pb_text _builder_version=&#8221;4.16&#8243; _module_preset=&#8221;default&#8221; global_colors_info=&#8221;{}&#8221;]<\/p>\n<p><strong>Badanie norm DIN<\/strong><\/p>\n<p><strong>Zgodno\u015b\u0107 z normami DIN w Chinach<\/strong><\/p>\n<p>Jest to z\u0142oty standard niemieckich wymog\u00f3w bezpiecze\u0144stwa: Norma DIN. Normy DIN opisuj\u0105 wymagania, jakie stawiane s\u0105 szerokiej gamie produkt\u00f3w i proces\u00f3w. Wi\u0119kszo\u015b\u0107 samych norm DIN nie jest prawnie wi\u0105\u017c\u0105ca. Sensowne jest tylko ich wype\u0142nienie i nazwanie, poniewa\u017c zawieraj\u0105 one ju\u017c wszystkie wymagania, jakie mo\u017cna postawi\u0107 produktowi w Niemczech. Je\u015bli kto\u015b pr\u00f3buje spe\u0142ni\u0107 te wymagania prawne bez odwo\u0142ywania si\u0119 do normy, jest to zwykle znacznie bardziej czasoch\u0142onne. Dlatego zawsze zalecamy korzystanie z odpowiednich norm jako przewodnika.<\/p>\n<p><strong>Produkty, kt\u00f3re nie spe\u0142niaj\u0105 niemieckich przepis\u00f3w bezpiecze\u0144stwa nie mog\u0105 by\u0107 wprowadzone na rynek.<\/strong><\/p>\n<p>Agentur Frisch oferuje Pa\u0144stwu nast\u0119puj\u0105ce us\u0142ugi zwi\u0105zane z przestrzeganiem norm DIN w Chinach:<\/p>\n<ul>\n<li>Okre\u015blenie odpowiednich norm dla Twojego produktu<\/li>\n<li>Ocena norm<\/li>\n<li>Konkretne zalecenia dotycz\u0105ce dzia\u0142a\u0144 dla Twojego produktu<\/li>\n<\/ul>\n<p>Jest to us\u0142uga, z kt\u00f3rej zdecydowanie powiniene\u015b skorzysta\u0107. Bez opartej na standardach kontroli bezpiecze\u0144stwa nale\u017cy si\u0119 spodziewa\u0107 znacznych problem\u00f3w z urz\u0119dami celnymi i innymi organami. W wi\u0119kszo\u015bci przypadk\u00f3w produkty nie b\u0119d\u0105 mog\u0142y by\u0107 importowane do Chin bez przetestowania norm DIN.<\/p>\n<p>&nbsp;<\/p>\n<p><strong>Okre\u015blenie odpowiednich norm dla Twojego produktu<\/strong><\/p>\n<p>Jako wieloletni importer z Chin, sprowadzili\u015bmy ju\u017c wiele r\u00f3\u017cnych towar\u00f3w i znamy odpowiednie normy. Uwzgl\u0119dnione s\u0105 r\u00f3wnie\u017c produkty nietypowe. W zasadzie ka\u017cdy produkt jest obj\u0119ty niemiecko-europejskim krajobrazem norm, od koparek z \u0142opatami po obcinaczki do paznokci. Cz\u0119sto istnieje wi\u0119cej ni\u017c jedna norma lub wytyczna zwi\u0105zana z dan\u0105 grup\u0105 wyrob\u00f3w. Okre\u015blamy dla Pa\u0144stwa, jakie normy s\u0105 istotne dla produktu, kt\u00f3ry Pa\u0144stwo importuj\u0105 z Chin.<\/p>\n<p>&nbsp;<\/p>\n<p><strong>Ocena norm<\/strong><\/p>\n<p>Dzi\u0119ki standardom, kt\u00f3re zidentyfikujemy dla Twojego produktu, mo\u017cesz rozpocz\u0105\u0107 prac\u0119 nad znalezieniem i spe\u0142nieniem wymaga\u0144 we w\u0142asnym zakresie.<\/p>\n<p>Albo mo\u017cesz odda\u0107 spraw\u0119 w nasze r\u0119ce. Dzi\u0119ki naszemu do\u015bwiadczeniu i know-how w wi\u0119kszo\u015bci przypadk\u00f3w mo\u017cemy znacznie skuteczniej okre\u015bli\u0107 wymagania dotycz\u0105ce produktu.<\/p>\n<p><strong>Dowiadujemy si\u0119 za Ciebie, jakie wymagania z jakich norm musisz spe\u0142ni\u0107.<\/strong><\/p>\n<p>Mo\u017ce to mie\u0107 miejsce np. w kontek\u015bcie testowania norm DIN w Chinach:<\/p>\n<ul>\n<li>Budowa<\/li>\n<li>Materia\u0142y<\/li>\n<li>Tekstura<\/li>\n<li>Substancje zakazane<\/li>\n<li>Wymagania dotycz\u0105ce informacji<\/li>\n<\/ul>\n<p>&nbsp;<\/p>\n<p>&nbsp;<\/p>\n<p><strong>Konkretne zalecenia dotycz\u0105ce dzia\u0142a\u0144 dla Twojego produktu<\/strong><\/p>\n<p>Nasze us\u0142ugi obejmuj\u0105 wyprowadzenie z ustalonych norm, w razie potrzeby, zalece\u0144 dotycz\u0105cych dzia\u0142a\u0144 dla Pa\u0144stwa produktu importowego. Analizujemy Pa\u0144stwa indywidualn\u0105 sytuacj\u0119 i opracowujemy konkretne rozwi\u0105zania zapewniaj\u0105ce zgodno\u015b\u0107 z normami DIN w Chinach.<\/p>\n<p>Jako Pa\u0144stwa importer z Chin jeste\u015bmy do tego idealnie przygotowani &#8211; znamy ju\u017c Pa\u0144stwa procesy produkcyjne jak nikt inny. Ponadto mo\u017cemy skorzysta\u0107 z naszego bogatego do\u015bwiadczenia i zaproponowa\u0107 lub zainicjowa\u0107 odpowiednie dzia\u0142ania w mo\u017cliwie najkr\u00f3tszym czasie.<\/p>\n<p>Cz\u0119sto produkty zgodne z normami mo\u017cna uzyska\u0107 przy niewielkim wysi\u0142ku, dokonuj\u0105c wcze\u015bniejszych dostosowa\u0144 lub optymalizacji na wczesnym etapie.<\/p>\n<p>&nbsp;<\/p>\n<p><strong>Aktualno\u015b\u0107 w badaniu norm DIN w Chinach<\/strong><\/p>\n<p>Standardy s\u0105 poddawane przegl\u0105dowi regularnie co pi\u0119\u0107 lat i w razie potrzeby aktualizowane. Ponadto innowacje techniczne lub inne mog\u0105 doprowadzi\u0107 do powstania nowych wyda\u0144 nawet przed tym terminem. W rezultacie wymagania, kt\u00f3re jeszcze niedawno by\u0142y wa\u017cne, teraz mog\u0105 by\u0107 ju\u017c nieaktualne. Agencja Frisch zapewnia, \u017ce zawsze pracuj\u0105 Pa\u0144stwo na aktualnych podstawach normatywnych.<\/p>\n<p>&nbsp;<\/p>\n<p><strong>Nie pozostawiaj zgodno\u015bci z normami DIN w Chinach przypadkowi &#8211; oddaj to w r\u0119ce Agentur Frisch!<\/strong><\/p>\n<p>[\/et_pb_text][\/et_pb_column][\/et_pb_row][\/et_pb_section][et_pb_section fb_built=&#8221;1&#8243; admin_label=&#8221;Testimonials&#8221; _builder_version=&#8221;4.16&#8243; use_background_color_gradient=&#8221;on&#8221; background_color_gradient_stops=&#8221;rgba(0,106,156,0.85) 0%|rgba(0,106,156,0.85) 100%&#8221; background_color_gradient_start=&#8221;rgba(0,106,156,0.85)&#8221; background_color_gradient_end=&#8221;rgba(0,106,156,0.85)&#8221; custom_padding=&#8221;90px||60px|&#8221; animation_style=&#8221;fold&#8221; animation_direction=&#8221;bottom&#8221; animation_intensity_fold=&#8221;4%&#8221; global_colors_info=&#8221;{}&#8221; theme_builder_area=&#8221;post_content&#8221;][et_pb_row _builder_version=&#8221;4.16&#8243; background_size=&#8221;initial&#8221; background_position=&#8221;top_left&#8221; background_repeat=&#8221;repeat&#8221; custom_width_px=&#8221;710px&#8221; locked=&#8221;off&#8221; global_colors_info=&#8221;{}&#8221; theme_builder_area=&#8221;post_content&#8221;][et_pb_column type=&#8221;4_4&#8243; _builder_version=&#8221;4.16&#8243; background_position=&#8221;top_left&#8221; custom_padding=&#8221;|||&#8221; global_colors_info=&#8221;{}&#8221; custom_padding__hover=&#8221;|||&#8221; theme_builder_area=&#8221;post_content&#8221;][et_pb_text admin_label=&#8221;Testimonials Section Title&#8221; _builder_version=&#8221;4.16&#8243; header_font=&#8221;Montserrat||||&#8221; header_font_size=&#8221;36px&#8221; background_size=&#8221;initial&#8221; background_position=&#8221;top_left&#8221; background_repeat=&#8221;repeat&#8221; text_orientation=&#8221;center&#8221; background_layout=&#8221;dark&#8221; max_width=&#8221;710px&#8221; module_alignment=&#8221;center&#8221; animation_style=&#8221;fold&#8221; animation_direction=&#8221;bottom&#8221; animation_intensity_fold=&#8221;20%&#8221; global_colors_info=&#8221;{}&#8221; theme_builder_area=&#8221;post_content&#8221;]<\/p>\n<h1>Ponad 5000 zadowolonych klient\u00f3w.<\/h1>\n<p>&nbsp;<\/p>\n<p>[\/et_pb_text][et_pb_divider color=&#8221;#ffffff&#8221; divider_weight=&#8221;3px&#8221; disabled_on=&#8221;off|off|off&#8221; _builder_version=&#8221;4.16&#8243; background_color_gradient_direction=&#8221;90deg&#8221; max_width=&#8221;100px&#8221; module_alignment=&#8221;center&#8221; height=&#8221;5px&#8221; custom_margin=&#8221;||20px|&#8221; custom_padding=&#8221;||20px|&#8221; animation_style=&#8221;slide&#8221; animation_direction=&#8221;bottom&#8221; saved_tabs=&#8221;all&#8221; locked=&#8221;off&#8221; global_colors_info=&#8221;{}&#8221; theme_builder_area=&#8221;post_content&#8221;][\/et_pb_divider][\/et_pb_column][\/et_pb_row][et_pb_row column_structure=&#8221;1_2,1_2&#8243; _builder_version=&#8221;4.18.1&#8243; _module_preset=&#8221;default&#8221; global_colors_info=&#8221;{}&#8221; theme_builder_area=&#8221;post_content&#8221;][et_pb_column type=&#8221;1_2&#8243; _builder_version=&#8221;4.18.1&#8243; _module_preset=&#8221;default&#8221; global_colors_info=&#8221;{}&#8221; theme_builder_area=&#8221;post_content&#8221;][et_pb_testimonial author=&#8221;Marco&#8221; portrait_url=&#8221;https:\/\/ag-frisch.com\/wp-content\/uploads\/2021\/08\/Harald.png&#8221; quote_icon=&#8221;off&#8221; _builder_version=&#8221;4.18.1&#8243; _module_preset=&#8221;default&#8221; body_font_size=&#8221;16px&#8221; use_background_color=&#8221;off&#8221; background_layout=&#8221;dark&#8221; global_colors_info=&#8221;{}&#8221; theme_builder_area=&#8221;post_content&#8221;]Zleci\u0142em agencji Frisch wyprodukowanie du\u017cego mebla w Chinach, a nast\u0119pnie sprowadzenie go do Niemiec. Przez ca\u0142y czas by\u0142a sprawna komunikacja mailowa! Bardzo szybkie i rzetelne odpowiedzi stale dodawa\u0142y mi otuchy, kt\u00f3ra jest niezb\u0119dna w takim przedsi\u0119wzi\u0119ciu. Przez ca\u0142y czas pomagano mi przebrn\u0105\u0107 przez biurokratyczny g\u0105szcz, nie zapomniano o \u017cadnym formularzu ani nie wype\u0142niono go b\u0142\u0119dnie. Bardzo godne pochwa\u0142y!<a href=\"&lt;div%20class=%22pe-richsnippets%22&gt;&nbsp;&lt;\/div&gt;%20&lt;script%20type=%22text\/javascript%22%20src=%22https:\/\/www.provenexpert.com\/widget\/richsnippet.js?u=1NUA0VwZ4RUZ5tmAi5zA4RaplNKAlWwZ&amp;v=2%22%20async&gt;&lt;\/script&gt;%20&lt;div%20style=%22text-align:%20justify;%22&gt;&lt;br%20\/&gt;\"><\/a><\/p>\n<div class=\"brow ratingBarMargin\">\n<div class=\"ratingBar\">\n<div class=\"brow\">\n<div class=\"pe-richsnippets\">&nbsp;<\/div>\n<p><script type=\"text\/javascript\" src=\"https:\/\/www.provenexpert.com\/widget\/richsnippet.js?u=1NUA0VwZ4RUZ5tmAi5zA4RaplNKAlWwZ&amp;v=2\" async=\"\"><\/script><\/p>\n<div style=\"text-align: justify;\"><\/p>\n<div class=\"col-lg-9 col-md-8 col-xs-10 mt20 mb20\">\n<div class=\"col-xs-12 surveyNameForRating\"><\/div>\n<\/div>\n<\/div>\n<\/div>\n<\/div>\n<\/div>\n<p>[\/et_pb_testimonial][\/et_pb_column][et_pb_column type=&#8221;1_2&#8243; _builder_version=&#8221;4.18.1&#8243; _module_preset=&#8221;default&#8221; global_colors_info=&#8221;{}&#8221; theme_builder_area=&#8221;post_content&#8221;][et_pb_testimonial author=&#8221;Simone L.&#8221; portrait_url=&#8221;https:\/\/ag-frisch.com\/wp-content\/uploads\/2021\/08\/Harald.png&#8221; quote_icon=&#8221;off&#8221; _builder_version=&#8221;4.18.1&#8243; _module_preset=&#8221;default&#8221; body_font_size=&#8221;16px&#8221; use_background_color=&#8221;off&#8221; background_layout=&#8221;dark&#8221; global_colors_info=&#8221;{}&#8221; theme_builder_area=&#8221;post_content&#8221;]<\/p>\n<p>Ca\u0142a g\u00f3ra. Nie ma nic lepszego ni\u017c to. Doradzanie i wdra\u017canie nie mo\u017ce by\u0107 zrobione lepiej. Jeste\u015bmy bardziej ni\u017c zadowoleni po kilku zam\u00f3wieniach z t\u0105 firm\u0105 i kontynuowa\u0107 nasz\u0105 wsp\u00f3\u0142prac\u0119.<\/p>\n<div class=\"brow ratingBarMargin\">\n<div class=\"ratingBar\">\n<div class=\"brow\">\n<div class=\"pe-richsnippets\"> <\/div>\n<p>\n<script type=\"text\/javascript\" src=\"https:\/\/www.provenexpert.com\/widget\/richsnippet.js?u=1NUA0VwZ4RUZ5tmAi5zA4RaplNKAlWwZ&amp;v=2\" async=\"\"><\/script>\n<\/p>\n<div style=\"text-align: justify;\">\n<p>&nbsp;<\/p>\n<div class=\"col-lg-9 col-md-8 col-xs-10 mt20 mb20\">\n<div class=\"col-xs-12 surveyNameForRating\"><\/div>\n<\/div>\n<\/div>\n<\/div>\n<\/div>\n<\/div>\n<p>[\/et_pb_testimonial][\/et_pb_column][\/et_pb_row][et_pb_row _builder_version=&#8221;4.16&#8243; background_size=&#8221;initial&#8221; background_position=&#8221;top_left&#8221; background_repeat=&#8221;repeat&#8221; custom_padding=&#8221;50px|0px|30px|0px&#8221; custom_css_main_element=&#8221;text-align: center;&#8221; global_colors_info=&#8221;{}&#8221; theme_builder_area=&#8221;post_content&#8221;][et_pb_column type=&#8221;4_4&#8243; _builder_version=&#8221;4.16&#8243; custom_padding=&#8221;|||&#8221; global_colors_info=&#8221;{}&#8221; custom_padding__hover=&#8221;|||&#8221; theme_builder_area=&#8221;post_content&#8221;][et_pb_button button_url=&#8221;https:\/\/www.provenexpert.com\/de-de\/agentur-frisch-international-consulting-gmbh-und-co-kg\/&#8221; button_text=&#8221;WI\u0118CEJ OCEN&#8221; button_alignment=&#8221;left&#8221; admin_label=&#8221;Testimonial Button&#8221; _builder_version=&#8221;4.16&#8243; custom_button=&#8221;on&#8221; button_text_size=&#8221;18px&#8221; button_text_color=&#8221;#ffffff&#8221; button_bg_color=&#8221;#6eba01&#8243; button_border_width=&#8221;2px&#8221; button_border_color=&#8221;#6eba01&#8243; button_border_radius=&#8221;0px&#8221; button_letter_spacing=&#8221;2px&#8221; button_font=&#8221;Montserrat|||on|&#8221; button_use_icon=&#8221;off&#8221; animation_style=&#8221;fold&#8221; animation_direction=&#8221;bottom&#8221; button_text_color_hover=&#8221;#ffffff&#8221; button_border_color_hover=&#8221;#ffffff&#8221; button_border_radius_hover=&#8221;0px&#8221; button_letter_spacing_hover=&#8221;2px&#8221; button_bg_color_hover=&#8221;rgba(255,255,255,0)&#8221; locked=&#8221;off&#8221; global_colors_info=&#8221;{}&#8221; button_text_size__hover_enabled=&#8221;off&#8221; button_one_text_size__hover_enabled=&#8221;off&#8221; button_two_text_size__hover_enabled=&#8221;off&#8221; button_text_color__hover_enabled=&#8221;on&#8221; button_text_color__hover=&#8221;#ffffff&#8221; button_one_text_color__hover_enabled=&#8221;off&#8221; button_two_text_color__hover_enabled=&#8221;off&#8221; button_border_width__hover_enabled=&#8221;off&#8221; button_one_border_width__hover_enabled=&#8221;off&#8221; button_two_border_width__hover_enabled=&#8221;off&#8221; button_border_color__hover_enabled=&#8221;on&#8221; button_border_color__hover=&#8221;#ffffff&#8221; button_one_border_color__hover_enabled=&#8221;off&#8221; button_two_border_color__hover_enabled=&#8221;off&#8221; button_border_radius__hover_enabled=&#8221;on&#8221; button_border_radius__hover=&#8221;0px&#8221; button_one_border_radius__hover_enabled=&#8221;off&#8221; button_two_border_radius__hover_enabled=&#8221;off&#8221; button_letter_spacing__hover_enabled=&#8221;on&#8221; button_letter_spacing__hover=&#8221;2px&#8221; button_one_letter_spacing__hover_enabled=&#8221;off&#8221; button_two_letter_spacing__hover_enabled=&#8221;off&#8221; button_bg_color__hover_enabled=&#8221;on&#8221; button_bg_color__hover=&#8221;rgba(255,255,255,0)&#8221; button_one_bg_color__hover_enabled=&#8221;off&#8221; button_two_bg_color__hover_enabled=&#8221;off&#8221; theme_builder_area=&#8221;post_content&#8221;][\/et_pb_button][\/et_pb_column][\/et_pb_row][\/et_pb_section]<\/p>\n","protected":false},"excerpt":{"rendered":"<p>China Import Agentur Frisch oferuje Pa\u0144stwu doradztwo w zakresie obowi\u0105zuj\u0105cych norm DIN dla Pa\u0144stwa produktu z Chin.Badanie norm DIN dla przywozu z ChinBadanie norm DIN Zgodno\u015b\u0107 z normami DIN w Chinach Jest to z\u0142oty standard niemieckich wymog\u00f3w bezpiecze\u0144stwa: Norma DIN. Normy DIN opisuj\u0105 wymagania, jakie stawiane s\u0105 szerokiej gamie produkt\u00f3w i proces\u00f3w. Wi\u0119kszo\u015b\u0107 samych norm [&hellip;]<\/p>\n","protected":false},"author":2,"featured_media":0,"parent":0,"menu_order":0,"comment_status":"closed","ping_status":"closed","template":"","meta":{"_et_pb_use_builder":"on","_et_pb_old_content":"","_et_gb_content_width":"","footnotes":""},"class_list":["post-11782","page","type-page","status-publish","hentry"],"yoast_head":"<!-- This site is optimized with the Yoast SEO plugin v27.2 - https:\/\/yoast.com\/product\/yoast-seo-wordpress\/ -->\n<title>Badanie norm DIN | import z Chin: zgodno\u015b\u0107 z normami DIN<\/title>\n<meta name=\"description\" content=\"Badanie norm DIN produkt\u00f3w z Chin \u25ba Okre\u015blenie i ocena wymaganych norm dla importu z Chin \u25ba Uzyskaj fachow\u0105 porad\u0119 ju\u017c teraz!\" \/>\n<meta name=\"robots\" content=\"index, follow, max-snippet:-1, max-image-preview:large, max-video-preview:-1\" \/>\n<link rel=\"canonical\" href=\"https:\/\/ag-frisch.com\/pl\/badanie-norm-din-w-chinach\/\" \/>\n<meta property=\"og:locale\" content=\"pl_PL\" \/>\n<meta property=\"og:type\" content=\"article\" \/>\n<meta property=\"og:title\" content=\"Badanie norm DIN | import z Chin: zgodno\u015b\u0107 z normami DIN\" \/>\n<meta property=\"og:description\" content=\"Badanie norm DIN produkt\u00f3w z Chin \u25ba Okre\u015blenie i ocena wymaganych norm dla importu z Chin \u25ba Uzyskaj fachow\u0105 porad\u0119 ju\u017c teraz!\" \/>\n<meta property=\"og:url\" content=\"https:\/\/ag-frisch.com\/pl\/badanie-norm-din-w-chinach\/\" \/>\n<meta property=\"og:site_name\" content=\"China Import Beratung f\u00fcr den Einkauf aus China\" \/>\n<meta property=\"article:publisher\" content=\"https:\/\/www.facebook.com\/China.Import\" \/>\n<meta property=\"article:modified_time\" content=\"2023-01-27T04:31:47+00:00\" \/>\n<meta name=\"twitter:card\" content=\"summary_large_image\" \/>\n<meta name=\"twitter:site\" content=\"@agenturfrisch\" \/>\n<meta name=\"twitter:label1\" content=\"Szacowany czas czytania\" \/>\n\t<meta name=\"twitter:data1\" content=\"8 minut\" \/>\n<script type=\"application\/ld+json\" class=\"yoast-schema-graph\">{\"@context\":\"https:\/\/schema.org\",\"@graph\":[{\"@type\":\"WebPage\",\"@id\":\"https:\/\/ag-frisch.com\/pl\/badanie-norm-din-w-chinach\/\",\"url\":\"https:\/\/ag-frisch.com\/pl\/badanie-norm-din-w-chinach\/\",\"name\":\"Badanie norm DIN | import z Chin: zgodno\u015b\u0107 z normami DIN\",\"isPartOf\":{\"@id\":\"https:\/\/ag-frisch.com\/de\/#website\"},\"datePublished\":\"2022-07-21T18:03:42+00:00\",\"dateModified\":\"2023-01-27T04:31:47+00:00\",\"description\":\"Badanie norm DIN produkt\u00f3w z Chin \u25ba Okre\u015blenie i ocena wymaganych norm dla importu z Chin \u25ba Uzyskaj fachow\u0105 porad\u0119 ju\u017c teraz!\",\"breadcrumb\":{\"@id\":\"https:\/\/ag-frisch.com\/pl\/badanie-norm-din-w-chinach\/#breadcrumb\"},\"inLanguage\":\"pl-PL\",\"potentialAction\":[{\"@type\":\"ReadAction\",\"target\":[\"https:\/\/ag-frisch.com\/pl\/badanie-norm-din-w-chinach\/\"]}]},{\"@type\":\"BreadcrumbList\",\"@id\":\"https:\/\/ag-frisch.com\/pl\/badanie-norm-din-w-chinach\/#breadcrumb\",\"itemListElement\":[{\"@type\":\"ListItem\",\"position\":1,\"name\":\"Startseite\",\"item\":\"https:\/\/ag-frisch.com\/de\/\"},{\"@type\":\"ListItem\",\"position\":2,\"name\":\"Badanie norm DIN w Chinach\"}]},{\"@type\":\"WebSite\",\"@id\":\"https:\/\/ag-frisch.com\/de\/#website\",\"url\":\"https:\/\/ag-frisch.com\/de\/\",\"name\":\"China Import Beratung f\u00fcr den Einkauf aus China\",\"description\":\"China Import &amp; Export Beratung - Der Dienstleister Ihres Vertrauens f\u00fcr Ihren China Import\",\"publisher\":{\"@id\":\"https:\/\/ag-frisch.com\/de\/#organization\"},\"potentialAction\":[{\"@type\":\"SearchAction\",\"target\":{\"@type\":\"EntryPoint\",\"urlTemplate\":\"https:\/\/ag-frisch.com\/de\/?s={search_term_string}\"},\"query-input\":{\"@type\":\"PropertyValueSpecification\",\"valueRequired\":true,\"valueName\":\"search_term_string\"}}],\"inLanguage\":\"pl-PL\"},{\"@type\":\"Organization\",\"@id\":\"https:\/\/ag-frisch.com\/de\/#organization\",\"name\":\"Agentur Frisch International Consulting GmbH & Co. KG\",\"url\":\"https:\/\/ag-frisch.com\/de\/\",\"logo\":{\"@type\":\"ImageObject\",\"inLanguage\":\"pl-PL\",\"@id\":\"https:\/\/ag-frisch.com\/de\/#\/schema\/logo\/image\/\",\"url\":\"https:\/\/ag-frisch.com\/wp-content\/uploads\/2021\/08\/ag_logo_rgb_300_small.png\",\"contentUrl\":\"https:\/\/ag-frisch.com\/wp-content\/uploads\/2021\/08\/ag_logo_rgb_300_small.png\",\"width\":153,\"height\":102,\"caption\":\"Agentur Frisch International Consulting GmbH & Co. KG\"},\"image\":{\"@id\":\"https:\/\/ag-frisch.com\/de\/#\/schema\/logo\/image\/\"},\"sameAs\":[\"https:\/\/www.facebook.com\/China.Import\",\"https:\/\/x.com\/agenturfrisch\"]}]}<\/script>\n<!-- \/ Yoast SEO plugin. -->","yoast_head_json":{"title":"Badanie norm DIN | import z Chin: zgodno\u015b\u0107 z normami DIN","description":"Badanie norm DIN produkt\u00f3w z Chin \u25ba Okre\u015blenie i ocena wymaganych norm dla importu z Chin \u25ba Uzyskaj fachow\u0105 porad\u0119 ju\u017c teraz!","robots":{"index":"index","follow":"follow","max-snippet":"max-snippet:-1","max-image-preview":"max-image-preview:large","max-video-preview":"max-video-preview:-1"},"canonical":"https:\/\/ag-frisch.com\/pl\/badanie-norm-din-w-chinach\/","og_locale":"pl_PL","og_type":"article","og_title":"Badanie norm DIN | import z Chin: zgodno\u015b\u0107 z normami DIN","og_description":"Badanie norm DIN produkt\u00f3w z Chin \u25ba Okre\u015blenie i ocena wymaganych norm dla importu z Chin \u25ba Uzyskaj fachow\u0105 porad\u0119 ju\u017c teraz!","og_url":"https:\/\/ag-frisch.com\/pl\/badanie-norm-din-w-chinach\/","og_site_name":"China Import Beratung f\u00fcr den Einkauf aus China","article_publisher":"https:\/\/www.facebook.com\/China.Import","article_modified_time":"2023-01-27T04:31:47+00:00","twitter_card":"summary_large_image","twitter_site":"@agenturfrisch","twitter_misc":{"Szacowany czas czytania":"8 minut"},"schema":{"@context":"https:\/\/schema.org","@graph":[{"@type":"WebPage","@id":"https:\/\/ag-frisch.com\/pl\/badanie-norm-din-w-chinach\/","url":"https:\/\/ag-frisch.com\/pl\/badanie-norm-din-w-chinach\/","name":"Badanie norm DIN | import z Chin: zgodno\u015b\u0107 z normami DIN","isPartOf":{"@id":"https:\/\/ag-frisch.com\/de\/#website"},"datePublished":"2022-07-21T18:03:42+00:00","dateModified":"2023-01-27T04:31:47+00:00","description":"Badanie norm DIN produkt\u00f3w z Chin \u25ba Okre\u015blenie i ocena wymaganych norm dla importu z Chin \u25ba Uzyskaj fachow\u0105 porad\u0119 ju\u017c teraz!","breadcrumb":{"@id":"https:\/\/ag-frisch.com\/pl\/badanie-norm-din-w-chinach\/#breadcrumb"},"inLanguage":"pl-PL","potentialAction":[{"@type":"ReadAction","target":["https:\/\/ag-frisch.com\/pl\/badanie-norm-din-w-chinach\/"]}]},{"@type":"BreadcrumbList","@id":"https:\/\/ag-frisch.com\/pl\/badanie-norm-din-w-chinach\/#breadcrumb","itemListElement":[{"@type":"ListItem","position":1,"name":"Startseite","item":"https:\/\/ag-frisch.com\/de\/"},{"@type":"ListItem","position":2,"name":"Badanie norm DIN w Chinach"}]},{"@type":"WebSite","@id":"https:\/\/ag-frisch.com\/de\/#website","url":"https:\/\/ag-frisch.com\/de\/","name":"China Import Beratung f\u00fcr den Einkauf aus China","description":"China Import &amp; Export Beratung - Der Dienstleister Ihres Vertrauens f\u00fcr Ihren China Import","publisher":{"@id":"https:\/\/ag-frisch.com\/de\/#organization"},"potentialAction":[{"@type":"SearchAction","target":{"@type":"EntryPoint","urlTemplate":"https:\/\/ag-frisch.com\/de\/?s={search_term_string}"},"query-input":{"@type":"PropertyValueSpecification","valueRequired":true,"valueName":"search_term_string"}}],"inLanguage":"pl-PL"},{"@type":"Organization","@id":"https:\/\/ag-frisch.com\/de\/#organization","name":"Agentur Frisch International Consulting GmbH & Co. KG","url":"https:\/\/ag-frisch.com\/de\/","logo":{"@type":"ImageObject","inLanguage":"pl-PL","@id":"https:\/\/ag-frisch.com\/de\/#\/schema\/logo\/image\/","url":"https:\/\/ag-frisch.com\/wp-content\/uploads\/2021\/08\/ag_logo_rgb_300_small.png","contentUrl":"https:\/\/ag-frisch.com\/wp-content\/uploads\/2021\/08\/ag_logo_rgb_300_small.png","width":153,"height":102,"caption":"Agentur Frisch International Consulting GmbH & Co. KG"},"image":{"@id":"https:\/\/ag-frisch.com\/de\/#\/schema\/logo\/image\/"},"sameAs":["https:\/\/www.facebook.com\/China.Import","https:\/\/x.com\/agenturfrisch"]}]}},"_links":{"self":[{"href":"https:\/\/ag-frisch.com\/pl\/wp-json\/wp\/v2\/pages\/11782","targetHints":{"allow":["GET"]}}],"collection":[{"href":"https:\/\/ag-frisch.com\/pl\/wp-json\/wp\/v2\/pages"}],"about":[{"href":"https:\/\/ag-frisch.com\/pl\/wp-json\/wp\/v2\/types\/page"}],"author":[{"embeddable":true,"href":"https:\/\/ag-frisch.com\/pl\/wp-json\/wp\/v2\/users\/2"}],"replies":[{"embeddable":true,"href":"https:\/\/ag-frisch.com\/pl\/wp-json\/wp\/v2\/comments?post=11782"}],"version-history":[{"count":0,"href":"https:\/\/ag-frisch.com\/pl\/wp-json\/wp\/v2\/pages\/11782\/revisions"}],"wp:attachment":[{"href":"https:\/\/ag-frisch.com\/pl\/wp-json\/wp\/v2\/media?parent=11782"}],"curies":[{"name":"wp","href":"https:\/\/api.w.org\/{rel}","templated":true}]}}