{"id":11797,"date":"2022-07-24T07:14:46","date_gmt":"2022-07-24T05:14:46","guid":{"rendered":"https:\/\/ag-frisch.com\/wytyczne-erp\/"},"modified":"2023-01-27T05:31:54","modified_gmt":"2023-01-27T04:31:54","slug":"wytyczne-erp","status":"publish","type":"page","link":"https:\/\/ag-frisch.com\/pl\/wytyczne-erp\/","title":{"rendered":"Wytyczne ERP"},"content":{"rendered":"<p>[et_pb_section fb_built=&#8221;1&#8243; _builder_version=&#8221;4.16&#8243; _module_preset=&#8221;default&#8221; global_colors_info=&#8221;{}&#8221;][et_pb_row _builder_version=&#8221;4.16&#8243; _module_preset=&#8221;default&#8221; global_colors_info=&#8221;{}&#8221;][et_pb_column type=&#8221;4_4&#8243; _builder_version=&#8221;4.16&#8243; _module_preset=&#8221;default&#8221; global_colors_info=&#8221;{}&#8221;][et_pb_cta title=&#8221;Zgodnie z ERP (Ecodesign) nale\u017cy go przetestowa\u0107 bezpo\u015brednio w Chinach&#8221; button_url=&#8221;https:\/\/ag-frisch.com\/pl\/kontakt\/&#8221; button_text=&#8221;Zarezerwuj badanie laboratoryjne w Chinach ju\u017c teraz&#8221; _builder_version=&#8221;4.18.1&#8243; _module_preset=&#8221;default&#8221; hover_enabled=&#8221;0&#8243; global_colors_info=&#8221;{}&#8221; theme_builder_area=&#8221;post_content&#8221; sticky_enabled=&#8221;0&#8243;]<\/p>\n<p>Sprawd\u017a bezpo\u015brednio na miejscu w Chinach, czy urz\u0105dzenia spe\u0142niaj\u0105 specyfikacje dyrektywy ERP.  <\/p>\n<p>[\/et_pb_cta][et_pb_text admin_label=&#8221;H1&#8243; _builder_version=&#8221;4.18.1&#8243; _module_preset=&#8221;default&#8221; global_colors_info=&#8221;{}&#8221;]<\/p>\n<h1>Dyrektywa ERP: Przegl\u0105d wytycznych dotycz\u0105cych ekoprojektu dla produkt\u00f3w z Chin<\/h1>\n<p>[\/et_pb_text][et_pb_text _builder_version=&#8221;4.16&#8243; _module_preset=&#8221;default&#8221; global_colors_info=&#8221;{}&#8221;]<\/p>\n<h1><strong>Dyrektywa ERP (dyrektywa w sprawie ekoprojektu)<\/strong><\/h1>\n<h2><strong>Zgodno\u015b\u0107 z ERP dla produkt\u00f3w z Chin<\/strong><\/h2>\n<p>Dyrektywa Ecodesign jest dyrektyw\u0105 europejsk\u0105, kt\u00f3ra ma na celu zapewnienie optymalnej wydajno\u015bci \u015brodowiskowej i efektywno\u015bci energetycznej produkt\u00f3w na rynku UE. Ka\u017cdy, kto importuje towary z Chin, musi spe\u0142nia\u0107 wymogi dyrektywy ERP w taki sam spos\u00f3b, jak producent w Niemczech. Pod dyrektyw\u0105 zebrane s\u0105 bardzo r\u00f3\u017cne produkty, z kt\u00f3rych ka\u017cdy ma swoje w\u0142asne regulacje. Nast\u0119puj\u0105ce grupy produkt\u00f3w s\u0105 obj\u0119te dyrektyw\u0105 w sprawie ekoprojektu i innymi przypisanymi do niej dyrektywami:<\/p>\n<ul>\n<li>Technika biurowa<\/li>\n<li>Urz\u0105dzenia gospodarstwa domowego<\/li>\n<li>Elektronika u\u017cytkowa<\/li>\n<li>Lampy i oprawy o\u015bwietleniowe<\/li>\n<li>Klimatyzatory<\/li>\n<\/ul>\n<p>Wiele innych urz\u0105dze\u0144, takich jak akumulatory, pompy, generatory i wiele innych, r\u00f3wnie\u017c wchodzi w zakres dyrektywy w sprawie ekoprojektu.<\/p>\n<p><strong>Przestrzeganie wytycznych ERP jest konieczne, aby m\u00f3c importowa\u0107 z Chin do Niemiec!<\/strong><\/p>\n<p>Nie dokonuje si\u0119 przywozu bez weryfikacji produkt\u00f3w i zgodno\u015bci z niniejszymi wytycznymi. Apelujemy, aby nie traktowa\u0107 tego lekcewa\u017c\u0105co.<\/p>\n<p>&nbsp;<\/p>\n<h3><strong>Audyt ERP w Chinach<\/strong><\/h3>\n<p>Jako Pa\u0144stwa wszechstronny dostawca us\u0142ug w zakresie importu, ch\u0119tnie zorganizujemy dla Pa\u0144stwa niezb\u0119dne kontrole ERP w Chinach. Nasza sp\u00f3\u0142ka-c\u00f3rka BEIDE prowadzi w\u0142asne laboratoria, w kt\u00f3rych te badania mog\u0105 by\u0107 przeprowadzane profesjonalnie i rzetelnie. Oferujemy t\u0119 us\u0142ug\u0119 r\u00f3wnie\u017c w przypadku importu za po\u015brednictwem innej agencji importowej. Najlepiej jednak, gdy wszystkie us\u0142ugi zwi\u0105zane z importem z Chin umie\u015bcisz w jednym r\u0119ku. Pozwala to zaoszcz\u0119dzi\u0107 czas i drogi oraz unikn\u0105\u0107 nieporozumie\u0144 i trudno\u015bci, kt\u00f3re w przeciwnym razie mog\u0105 pojawi\u0107 si\u0119 na styku firm.<\/p>\n<p>&nbsp;<\/p>\n<h3><strong>Zgodno\u015b\u0107 z ERP dla produkt\u00f3w z Chin<\/strong><\/h3>\n<p>Cz\u0119\u015bci\u0105 dyrektywy Ecodesign jest udowodnienie warunk\u00f3w produkcji oszcz\u0119dzaj\u0105cych zasoby. Nale\u017cy udokumentowa\u0107 rodzaj i ilo\u015b\u0107 zu\u017cytych zasob\u00f3w oraz wykaza\u0107, \u017ce w procesie zastosowano podej\u015bcie oszcz\u0119dzaj\u0105ce zasoby. Wytyczne do\u0142\u0105czone do dyrektywy ERP cz\u0119sto zawieraj\u0105 r\u00f3wnie\u017c warto\u015bci graniczne, kt\u00f3re musz\u0105 by\u0107 przestrzegane w kontek\u015bcie produkcji. Zleceni przez nas producenci wype\u0142niaj\u0105 obowi\u0105zek przeprowadzania oceny cyklu \u017cycia zgodnie z dyrektyw\u0105 ERP. W ten spos\u00f3b mo\u017cemy zapewni\u0107, \u017ce nie ma problem\u00f3w ze zgodno\u015bci\u0105 ERP z produktami z Chin, gdy s\u0105 one importowane.<\/p>\n<p>&nbsp;<\/p>\n<p><strong>Kt\u00f3re produkty wymagaj\u0105 test\u00f3w ERP w Chinach?<\/strong><\/p>\n<p>Aby dowiedzie\u0107 si\u0119, czy importowane przez Ciebie produkty nale\u017c\u0105 do tych obj\u0119tych dyrektyw\u0105 ERP, udzielimy Ci fachowej porady. Poddajemy Pa\u0144stwa import analizie i mo\u017cemy bezpo\u015brednio przeprowadza\u0107 niezb\u0119dne kontrole. Poni\u017csza lista mo\u017ce by\u0107 pomocna jako przybli\u017cony przewodnik:<\/p>\n<ul>\n<li>Grzejniki, klimatyzatory, wentylatory itp.<\/li>\n<li>Elektronika u\u017cytkowa, telewizory itp.<\/li>\n<li>Sprz\u0119t AGD (pralki, zmywarki, lod\u00f3wki)<\/li>\n<li>Silniki, spr\u0119\u017carki, generatory<\/li>\n<li>Obrabiarki<\/li>\n<\/ul>\n<p>W zasadzie wszystkie urz\u0105dzenia, kt\u00f3re maj\u0105 niebagatelny pob\u00f3r mocy, s\u0105 obj\u0119te dyrektyw\u0105 ERP.<\/p>\n<p>Niekt\u00f3re regulacje s\u0105 jeszcze we wst\u0119pnej fazie obowi\u0105zywania. R\u00f3wnie\u017c w tym przypadku doradzamy na podstawie aktualnych wydarze\u0144.<\/p>\n<p>&nbsp;<\/p>\n<p><strong>Analiza ryzyka, badanie norm DIN i inne<\/strong><\/p>\n<p>Us\u0142ugi Agentur-Frisch obejmuj\u0105 dok\u0142adne kontrole zgodno\u015bci z dyrektyw\u0105 ERP dla produkt\u00f3w z Chin, ale tak\u017ce wszystkie inne odpowiednie dyrektywy, rozporz\u0105dzenia, standardy i ustawy. Znamy ten teren na wylot. Nasz dzia\u0142 prawny ch\u0119tnie sprawdzi, jakie \u015brodki nale\u017cy podj\u0105\u0107, aby spe\u0142ni\u0107 wszystkie przepisy i zrealizowa\u0107 bezproblemowy import do Chin.<\/p>\n<p>Obejmuje to r\u00f3wnie\u017c napisanie deklaracji zgodno\u015bci, oznakowanie CE i wszystkie inne kroki, kt\u00f3re s\u0105 niezb\u0119dne do importu z Chin. Zapraszamy do oddania tych us\u0142ug w nasze r\u0119ce.<\/p>\n<p><strong>Doradzamy kompetentnie i za\u0142atwiamy za Ciebie wszystko wok\u00f3\u0142 Twojego importu z Chin.<\/strong><\/p>\n<p>[\/et_pb_text][\/et_pb_column][\/et_pb_row][\/et_pb_section][et_pb_section fb_built=&#8221;1&#8243; admin_label=&#8221;Testimonials&#8221; _builder_version=&#8221;4.16&#8243; use_background_color_gradient=&#8221;on&#8221; background_color_gradient_stops=&#8221;rgba(0,106,156,0.85) 0%|rgba(0,106,156,0.85) 100%&#8221; background_color_gradient_start=&#8221;rgba(0,106,156,0.85)&#8221; background_color_gradient_end=&#8221;rgba(0,106,156,0.85)&#8221; custom_padding=&#8221;90px||60px|&#8221; animation_style=&#8221;fold&#8221; animation_direction=&#8221;bottom&#8221; animation_intensity_fold=&#8221;4%&#8221; global_colors_info=&#8221;{}&#8221; theme_builder_area=&#8221;post_content&#8221;][et_pb_row _builder_version=&#8221;4.16&#8243; background_size=&#8221;initial&#8221; background_position=&#8221;top_left&#8221; background_repeat=&#8221;repeat&#8221; custom_width_px=&#8221;710px&#8221; locked=&#8221;off&#8221; global_colors_info=&#8221;{}&#8221; theme_builder_area=&#8221;post_content&#8221;][et_pb_column type=&#8221;4_4&#8243; _builder_version=&#8221;4.16&#8243; background_position=&#8221;top_left&#8221; custom_padding=&#8221;|||&#8221; global_colors_info=&#8221;{}&#8221; custom_padding__hover=&#8221;|||&#8221; theme_builder_area=&#8221;post_content&#8221;][et_pb_text admin_label=&#8221;Testimonials Section Title&#8221; _builder_version=&#8221;4.16&#8243; header_font=&#8221;Montserrat||||&#8221; header_font_size=&#8221;36px&#8221; background_size=&#8221;initial&#8221; background_position=&#8221;top_left&#8221; background_repeat=&#8221;repeat&#8221; text_orientation=&#8221;center&#8221; background_layout=&#8221;dark&#8221; max_width=&#8221;710px&#8221; module_alignment=&#8221;center&#8221; animation_style=&#8221;fold&#8221; animation_direction=&#8221;bottom&#8221; animation_intensity_fold=&#8221;20%&#8221; global_colors_info=&#8221;{}&#8221; theme_builder_area=&#8221;post_content&#8221;]<\/p>\n<h1>Ponad 5000 zadowolonych klient\u00f3w.<\/h1>\n<p>&nbsp;<\/p>\n<p>[\/et_pb_text][et_pb_divider color=&#8221;#ffffff&#8221; divider_weight=&#8221;3px&#8221; disabled_on=&#8221;off|off|off&#8221; _builder_version=&#8221;4.16&#8243; background_color_gradient_direction=&#8221;90deg&#8221; max_width=&#8221;100px&#8221; module_alignment=&#8221;center&#8221; height=&#8221;5px&#8221; custom_margin=&#8221;||20px|&#8221; custom_padding=&#8221;||20px|&#8221; animation_style=&#8221;slide&#8221; animation_direction=&#8221;bottom&#8221; saved_tabs=&#8221;all&#8221; locked=&#8221;off&#8221; global_colors_info=&#8221;{}&#8221; theme_builder_area=&#8221;post_content&#8221;][\/et_pb_divider][\/et_pb_column][\/et_pb_row][et_pb_row column_structure=&#8221;1_2,1_2&#8243; _builder_version=&#8221;4.18.1&#8243; _module_preset=&#8221;default&#8221; global_colors_info=&#8221;{}&#8221; theme_builder_area=&#8221;post_content&#8221;][et_pb_column type=&#8221;1_2&#8243; _builder_version=&#8221;4.18.1&#8243; _module_preset=&#8221;default&#8221; global_colors_info=&#8221;{}&#8221; theme_builder_area=&#8221;post_content&#8221;][et_pb_testimonial author=&#8221;Marco&#8221; portrait_url=&#8221;https:\/\/ag-frisch.com\/wp-content\/uploads\/2021\/08\/Harald.png&#8221; quote_icon=&#8221;off&#8221; _builder_version=&#8221;4.18.1&#8243; _module_preset=&#8221;default&#8221; body_font_size=&#8221;16px&#8221; use_background_color=&#8221;off&#8221; background_layout=&#8221;dark&#8221; global_colors_info=&#8221;{}&#8221; theme_builder_area=&#8221;post_content&#8221;]Zleci\u0142em agencji Frisch wyprodukowanie du\u017cego mebla w Chinach, a nast\u0119pnie sprowadzenie go do Niemiec. Przez ca\u0142y czas by\u0142a sprawna komunikacja mailowa! Bardzo szybkie i rzetelne odpowiedzi stale dodawa\u0142y mi otuchy, kt\u00f3ra jest niezb\u0119dna w takim przedsi\u0119wzi\u0119ciu. Przez ca\u0142y czas pomagano mi przebrn\u0105\u0107 przez biurokratyczny g\u0105szcz, nie zapomniano o \u017cadnym formularzu ani nie wype\u0142niono go b\u0142\u0119dnie. Bardzo godne pochwa\u0142y!<a href=\"&lt;div%20class=%22pe-richsnippets%22&gt;&nbsp;&lt;\/div&gt;%20&lt;script%20type=%22text\/javascript%22%20src=%22https:\/\/www.provenexpert.com\/widget\/richsnippet.js?u=1NUA0VwZ4RUZ5tmAi5zA4RaplNKAlWwZ&amp;v=2%22%20async&gt;&lt;\/script&gt;%20&lt;div%20style=%22text-align:%20justify;%22&gt;&lt;br%20\/&gt;\"><\/a><\/p>\n<div class=\"brow ratingBarMargin\">\n<div class=\"ratingBar\">\n<div class=\"brow\">\n<div class=\"pe-richsnippets\">&nbsp;<\/div>\n<p><script type=\"text\/javascript\" src=\"https:\/\/www.provenexpert.com\/widget\/richsnippet.js?u=1NUA0VwZ4RUZ5tmAi5zA4RaplNKAlWwZ&amp;v=2\" async=\"\"><\/script><\/p>\n<div style=\"text-align: justify;\"><\/p>\n<div class=\"col-lg-9 col-md-8 col-xs-10 mt20 mb20\">\n<div class=\"col-xs-12 surveyNameForRating\"><\/div>\n<\/div>\n<\/div>\n<\/div>\n<\/div>\n<\/div>\n<p>[\/et_pb_testimonial][\/et_pb_column][et_pb_column type=&#8221;1_2&#8243; _builder_version=&#8221;4.18.1&#8243; _module_preset=&#8221;default&#8221; global_colors_info=&#8221;{}&#8221; theme_builder_area=&#8221;post_content&#8221;][et_pb_testimonial author=&#8221;Simone L.&#8221; portrait_url=&#8221;https:\/\/ag-frisch.com\/wp-content\/uploads\/2021\/08\/Harald.png&#8221; quote_icon=&#8221;off&#8221; _builder_version=&#8221;4.18.1&#8243; _module_preset=&#8221;default&#8221; body_font_size=&#8221;16px&#8221; use_background_color=&#8221;off&#8221; background_layout=&#8221;dark&#8221; global_colors_info=&#8221;{}&#8221; theme_builder_area=&#8221;post_content&#8221;]<\/p>\n<p>Ca\u0142a g\u00f3ra. Nie ma nic lepszego ni\u017c to. Doradzanie i wdra\u017canie nie mo\u017ce by\u0107 zrobione lepiej. Jeste\u015bmy bardziej ni\u017c zadowoleni po kilku zam\u00f3wieniach z t\u0105 firm\u0105 i kontynuowa\u0107 nasz\u0105 wsp\u00f3\u0142prac\u0119.<\/p>\n<div class=\"brow ratingBarMargin\">\n<div class=\"ratingBar\">\n<div class=\"brow\">\n<div class=\"pe-richsnippets\"> <\/div>\n<p>\n<script type=\"text\/javascript\" src=\"https:\/\/www.provenexpert.com\/widget\/richsnippet.js?u=1NUA0VwZ4RUZ5tmAi5zA4RaplNKAlWwZ&amp;v=2\" async=\"\"><\/script>\n<\/p>\n<div style=\"text-align: justify;\">\n<p>&nbsp;<\/p>\n<div class=\"col-lg-9 col-md-8 col-xs-10 mt20 mb20\">\n<div class=\"col-xs-12 surveyNameForRating\"><\/div>\n<\/div>\n<\/div>\n<\/div>\n<\/div>\n<\/div>\n<p>[\/et_pb_testimonial][\/et_pb_column][\/et_pb_row][et_pb_row _builder_version=&#8221;4.16&#8243; background_size=&#8221;initial&#8221; background_position=&#8221;top_left&#8221; background_repeat=&#8221;repeat&#8221; custom_padding=&#8221;50px|0px|30px|0px&#8221; custom_css_main_element=&#8221;text-align: center;&#8221; global_colors_info=&#8221;{}&#8221; theme_builder_area=&#8221;post_content&#8221;][et_pb_column type=&#8221;4_4&#8243; _builder_version=&#8221;4.16&#8243; custom_padding=&#8221;|||&#8221; global_colors_info=&#8221;{}&#8221; custom_padding__hover=&#8221;|||&#8221; theme_builder_area=&#8221;post_content&#8221;][et_pb_button button_url=&#8221;https:\/\/www.provenexpert.com\/de-de\/agentur-frisch-international-consulting-gmbh-und-co-kg\/&#8221; button_text=&#8221;WI\u0118CEJ OCEN&#8221; button_alignment=&#8221;left&#8221; admin_label=&#8221;Testimonial Button&#8221; _builder_version=&#8221;4.16&#8243; custom_button=&#8221;on&#8221; button_text_size=&#8221;18px&#8221; button_text_color=&#8221;#ffffff&#8221; button_bg_color=&#8221;#6eba01&#8243; button_border_width=&#8221;2px&#8221; button_border_color=&#8221;#6eba01&#8243; button_border_radius=&#8221;0px&#8221; button_letter_spacing=&#8221;2px&#8221; button_font=&#8221;Montserrat|||on|&#8221; button_use_icon=&#8221;off&#8221; animation_style=&#8221;fold&#8221; animation_direction=&#8221;bottom&#8221; button_text_color_hover=&#8221;#ffffff&#8221; button_border_color_hover=&#8221;#ffffff&#8221; button_border_radius_hover=&#8221;0px&#8221; button_letter_spacing_hover=&#8221;2px&#8221; button_bg_color_hover=&#8221;rgba(255,255,255,0)&#8221; locked=&#8221;off&#8221; global_colors_info=&#8221;{}&#8221; button_text_size__hover_enabled=&#8221;off&#8221; button_one_text_size__hover_enabled=&#8221;off&#8221; button_two_text_size__hover_enabled=&#8221;off&#8221; button_text_color__hover_enabled=&#8221;on&#8221; button_text_color__hover=&#8221;#ffffff&#8221; button_one_text_color__hover_enabled=&#8221;off&#8221; button_two_text_color__hover_enabled=&#8221;off&#8221; button_border_width__hover_enabled=&#8221;off&#8221; button_one_border_width__hover_enabled=&#8221;off&#8221; button_two_border_width__hover_enabled=&#8221;off&#8221; button_border_color__hover_enabled=&#8221;on&#8221; button_border_color__hover=&#8221;#ffffff&#8221; button_one_border_color__hover_enabled=&#8221;off&#8221; button_two_border_color__hover_enabled=&#8221;off&#8221; button_border_radius__hover_enabled=&#8221;on&#8221; button_border_radius__hover=&#8221;0px&#8221; button_one_border_radius__hover_enabled=&#8221;off&#8221; button_two_border_radius__hover_enabled=&#8221;off&#8221; button_letter_spacing__hover_enabled=&#8221;on&#8221; button_letter_spacing__hover=&#8221;2px&#8221; button_one_letter_spacing__hover_enabled=&#8221;off&#8221; button_two_letter_spacing__hover_enabled=&#8221;off&#8221; button_bg_color__hover_enabled=&#8221;on&#8221; button_bg_color__hover=&#8221;rgba(255,255,255,0)&#8221; button_one_bg_color__hover_enabled=&#8221;off&#8221; button_two_bg_color__hover_enabled=&#8221;off&#8221; theme_builder_area=&#8221;post_content&#8221;][\/et_pb_button][\/et_pb_column][\/et_pb_row][\/et_pb_section]<\/p>\n","protected":false},"excerpt":{"rendered":"<p>Sprawd\u017a bezpo\u015brednio na miejscu w Chinach, czy urz\u0105dzenia spe\u0142niaj\u0105 specyfikacje dyrektywy ERP. Dyrektywa ERP: Przegl\u0105d wytycznych dotycz\u0105cych ekoprojektu dla produkt\u00f3w z ChinDyrektywa ERP (dyrektywa w sprawie ekoprojektu) Zgodno\u015b\u0107 z ERP dla produkt\u00f3w z Chin Dyrektywa Ecodesign jest dyrektyw\u0105 europejsk\u0105, kt\u00f3ra ma na celu zapewnienie optymalnej wydajno\u015bci \u015brodowiskowej i efektywno\u015bci energetycznej produkt\u00f3w na rynku UE. Ka\u017cdy, [&hellip;]<\/p>\n","protected":false},"author":2,"featured_media":0,"parent":0,"menu_order":0,"comment_status":"closed","ping_status":"closed","template":"","meta":{"_et_pb_use_builder":"on","_et_pb_old_content":"","_et_gb_content_width":"","footnotes":""},"class_list":["post-11797","page","type-page","status-publish","hentry"],"yoast_head":"<!-- This site is optimized with the Yoast SEO plugin v27.2 - https:\/\/yoast.com\/product\/yoast-seo-wordpress\/ -->\n<title>Audyt ERP w Chinach | Dyrektywa Ecodesign dla produkt\u00f3w z Chin<\/title>\n<meta name=\"description\" content=\"Audyt ERP (dyrektywa Ecodesign) w Chinach \u25ba Obszerna analiza ryzyka \u25ba Oznaczenie CE na zgodno\u015b\u0107 z dyrektyw\u0105 ERP \u25ba Skorzystaj z porady ju\u017c teraz!\" \/>\n<meta name=\"robots\" content=\"index, follow, max-snippet:-1, max-image-preview:large, max-video-preview:-1\" \/>\n<link rel=\"canonical\" href=\"https:\/\/ag-frisch.com\/pl\/wytyczne-erp\/\" \/>\n<meta property=\"og:locale\" content=\"pl_PL\" \/>\n<meta property=\"og:type\" content=\"article\" \/>\n<meta property=\"og:title\" content=\"Audyt ERP w Chinach | Dyrektywa Ecodesign dla produkt\u00f3w z Chin\" \/>\n<meta property=\"og:description\" content=\"Audyt ERP (dyrektywa Ecodesign) w Chinach \u25ba Obszerna analiza ryzyka \u25ba Oznaczenie CE na zgodno\u015b\u0107 z dyrektyw\u0105 ERP \u25ba Skorzystaj z porady ju\u017c teraz!\" \/>\n<meta property=\"og:url\" content=\"https:\/\/ag-frisch.com\/pl\/wytyczne-erp\/\" \/>\n<meta property=\"og:site_name\" content=\"China Import Beratung f\u00fcr den Einkauf aus China\" \/>\n<meta property=\"article:publisher\" content=\"https:\/\/www.facebook.com\/China.Import\" \/>\n<meta property=\"article:modified_time\" content=\"2023-01-27T04:31:54+00:00\" \/>\n<meta name=\"twitter:card\" content=\"summary_large_image\" \/>\n<meta name=\"twitter:site\" content=\"@agenturfrisch\" \/>\n<meta name=\"twitter:label1\" content=\"Szacowany czas czytania\" \/>\n\t<meta name=\"twitter:data1\" content=\"8 minut\" \/>\n<script type=\"application\/ld+json\" class=\"yoast-schema-graph\">{\"@context\":\"https:\/\/schema.org\",\"@graph\":[{\"@type\":\"WebPage\",\"@id\":\"https:\/\/ag-frisch.com\/pl\/wytyczne-erp\/\",\"url\":\"https:\/\/ag-frisch.com\/pl\/wytyczne-erp\/\",\"name\":\"Audyt ERP w Chinach | Dyrektywa Ecodesign dla produkt\u00f3w z Chin\",\"isPartOf\":{\"@id\":\"https:\/\/ag-frisch.com\/de\/#website\"},\"datePublished\":\"2022-07-24T05:14:46+00:00\",\"dateModified\":\"2023-01-27T04:31:54+00:00\",\"description\":\"Audyt ERP (dyrektywa Ecodesign) w Chinach \u25ba Obszerna analiza ryzyka \u25ba Oznaczenie CE na zgodno\u015b\u0107 z dyrektyw\u0105 ERP \u25ba Skorzystaj z porady ju\u017c teraz!\",\"breadcrumb\":{\"@id\":\"https:\/\/ag-frisch.com\/pl\/wytyczne-erp\/#breadcrumb\"},\"inLanguage\":\"pl-PL\",\"potentialAction\":[{\"@type\":\"ReadAction\",\"target\":[\"https:\/\/ag-frisch.com\/pl\/wytyczne-erp\/\"]}]},{\"@type\":\"BreadcrumbList\",\"@id\":\"https:\/\/ag-frisch.com\/pl\/wytyczne-erp\/#breadcrumb\",\"itemListElement\":[{\"@type\":\"ListItem\",\"position\":1,\"name\":\"Startseite\",\"item\":\"https:\/\/ag-frisch.com\/de\/\"},{\"@type\":\"ListItem\",\"position\":2,\"name\":\"Wytyczne ERP\"}]},{\"@type\":\"WebSite\",\"@id\":\"https:\/\/ag-frisch.com\/de\/#website\",\"url\":\"https:\/\/ag-frisch.com\/de\/\",\"name\":\"China Import Beratung f\u00fcr den Einkauf aus China\",\"description\":\"China Import &amp; Export Beratung - Der Dienstleister Ihres Vertrauens f\u00fcr Ihren China Import\",\"publisher\":{\"@id\":\"https:\/\/ag-frisch.com\/de\/#organization\"},\"potentialAction\":[{\"@type\":\"SearchAction\",\"target\":{\"@type\":\"EntryPoint\",\"urlTemplate\":\"https:\/\/ag-frisch.com\/de\/?s={search_term_string}\"},\"query-input\":{\"@type\":\"PropertyValueSpecification\",\"valueRequired\":true,\"valueName\":\"search_term_string\"}}],\"inLanguage\":\"pl-PL\"},{\"@type\":\"Organization\",\"@id\":\"https:\/\/ag-frisch.com\/de\/#organization\",\"name\":\"Agentur Frisch International Consulting GmbH & Co. KG\",\"url\":\"https:\/\/ag-frisch.com\/de\/\",\"logo\":{\"@type\":\"ImageObject\",\"inLanguage\":\"pl-PL\",\"@id\":\"https:\/\/ag-frisch.com\/de\/#\/schema\/logo\/image\/\",\"url\":\"https:\/\/ag-frisch.com\/wp-content\/uploads\/2021\/08\/ag_logo_rgb_300_small.png\",\"contentUrl\":\"https:\/\/ag-frisch.com\/wp-content\/uploads\/2021\/08\/ag_logo_rgb_300_small.png\",\"width\":153,\"height\":102,\"caption\":\"Agentur Frisch International Consulting GmbH & Co. KG\"},\"image\":{\"@id\":\"https:\/\/ag-frisch.com\/de\/#\/schema\/logo\/image\/\"},\"sameAs\":[\"https:\/\/www.facebook.com\/China.Import\",\"https:\/\/x.com\/agenturfrisch\"]}]}<\/script>\n<!-- \/ Yoast SEO plugin. -->","yoast_head_json":{"title":"Audyt ERP w Chinach | Dyrektywa Ecodesign dla produkt\u00f3w z Chin","description":"Audyt ERP (dyrektywa Ecodesign) w Chinach \u25ba Obszerna analiza ryzyka \u25ba Oznaczenie CE na zgodno\u015b\u0107 z dyrektyw\u0105 ERP \u25ba Skorzystaj z porady ju\u017c teraz!","robots":{"index":"index","follow":"follow","max-snippet":"max-snippet:-1","max-image-preview":"max-image-preview:large","max-video-preview":"max-video-preview:-1"},"canonical":"https:\/\/ag-frisch.com\/pl\/wytyczne-erp\/","og_locale":"pl_PL","og_type":"article","og_title":"Audyt ERP w Chinach | Dyrektywa Ecodesign dla produkt\u00f3w z Chin","og_description":"Audyt ERP (dyrektywa Ecodesign) w Chinach \u25ba Obszerna analiza ryzyka \u25ba Oznaczenie CE na zgodno\u015b\u0107 z dyrektyw\u0105 ERP \u25ba Skorzystaj z porady ju\u017c teraz!","og_url":"https:\/\/ag-frisch.com\/pl\/wytyczne-erp\/","og_site_name":"China Import Beratung f\u00fcr den Einkauf aus China","article_publisher":"https:\/\/www.facebook.com\/China.Import","article_modified_time":"2023-01-27T04:31:54+00:00","twitter_card":"summary_large_image","twitter_site":"@agenturfrisch","twitter_misc":{"Szacowany czas czytania":"8 minut"},"schema":{"@context":"https:\/\/schema.org","@graph":[{"@type":"WebPage","@id":"https:\/\/ag-frisch.com\/pl\/wytyczne-erp\/","url":"https:\/\/ag-frisch.com\/pl\/wytyczne-erp\/","name":"Audyt ERP w Chinach | Dyrektywa Ecodesign dla produkt\u00f3w z Chin","isPartOf":{"@id":"https:\/\/ag-frisch.com\/de\/#website"},"datePublished":"2022-07-24T05:14:46+00:00","dateModified":"2023-01-27T04:31:54+00:00","description":"Audyt ERP (dyrektywa Ecodesign) w Chinach \u25ba Obszerna analiza ryzyka \u25ba Oznaczenie CE na zgodno\u015b\u0107 z dyrektyw\u0105 ERP \u25ba Skorzystaj z porady ju\u017c teraz!","breadcrumb":{"@id":"https:\/\/ag-frisch.com\/pl\/wytyczne-erp\/#breadcrumb"},"inLanguage":"pl-PL","potentialAction":[{"@type":"ReadAction","target":["https:\/\/ag-frisch.com\/pl\/wytyczne-erp\/"]}]},{"@type":"BreadcrumbList","@id":"https:\/\/ag-frisch.com\/pl\/wytyczne-erp\/#breadcrumb","itemListElement":[{"@type":"ListItem","position":1,"name":"Startseite","item":"https:\/\/ag-frisch.com\/de\/"},{"@type":"ListItem","position":2,"name":"Wytyczne ERP"}]},{"@type":"WebSite","@id":"https:\/\/ag-frisch.com\/de\/#website","url":"https:\/\/ag-frisch.com\/de\/","name":"China Import Beratung f\u00fcr den Einkauf aus China","description":"China Import &amp; Export Beratung - Der Dienstleister Ihres Vertrauens f\u00fcr Ihren China Import","publisher":{"@id":"https:\/\/ag-frisch.com\/de\/#organization"},"potentialAction":[{"@type":"SearchAction","target":{"@type":"EntryPoint","urlTemplate":"https:\/\/ag-frisch.com\/de\/?s={search_term_string}"},"query-input":{"@type":"PropertyValueSpecification","valueRequired":true,"valueName":"search_term_string"}}],"inLanguage":"pl-PL"},{"@type":"Organization","@id":"https:\/\/ag-frisch.com\/de\/#organization","name":"Agentur Frisch International Consulting GmbH & Co. KG","url":"https:\/\/ag-frisch.com\/de\/","logo":{"@type":"ImageObject","inLanguage":"pl-PL","@id":"https:\/\/ag-frisch.com\/de\/#\/schema\/logo\/image\/","url":"https:\/\/ag-frisch.com\/wp-content\/uploads\/2021\/08\/ag_logo_rgb_300_small.png","contentUrl":"https:\/\/ag-frisch.com\/wp-content\/uploads\/2021\/08\/ag_logo_rgb_300_small.png","width":153,"height":102,"caption":"Agentur Frisch International Consulting GmbH & Co. KG"},"image":{"@id":"https:\/\/ag-frisch.com\/de\/#\/schema\/logo\/image\/"},"sameAs":["https:\/\/www.facebook.com\/China.Import","https:\/\/x.com\/agenturfrisch"]}]}},"_links":{"self":[{"href":"https:\/\/ag-frisch.com\/pl\/wp-json\/wp\/v2\/pages\/11797","targetHints":{"allow":["GET"]}}],"collection":[{"href":"https:\/\/ag-frisch.com\/pl\/wp-json\/wp\/v2\/pages"}],"about":[{"href":"https:\/\/ag-frisch.com\/pl\/wp-json\/wp\/v2\/types\/page"}],"author":[{"embeddable":true,"href":"https:\/\/ag-frisch.com\/pl\/wp-json\/wp\/v2\/users\/2"}],"replies":[{"embeddable":true,"href":"https:\/\/ag-frisch.com\/pl\/wp-json\/wp\/v2\/comments?post=11797"}],"version-history":[{"count":0,"href":"https:\/\/ag-frisch.com\/pl\/wp-json\/wp\/v2\/pages\/11797\/revisions"}],"wp:attachment":[{"href":"https:\/\/ag-frisch.com\/pl\/wp-json\/wp\/v2\/media?parent=11797"}],"curies":[{"name":"wp","href":"https:\/\/api.w.org\/{rel}","templated":true}]}}