{"id":11809,"date":"2022-08-02T21:35:54","date_gmt":"2022-08-02T19:35:54","guid":{"rendered":"https:\/\/ag-frisch.com\/dyrektywa-w-sprawie-wyrobow-medycznych\/"},"modified":"2023-01-27T05:31:56","modified_gmt":"2023-01-27T04:31:56","slug":"dyrektywa-w-sprawie-wyrobow-medycznych","status":"publish","type":"page","link":"https:\/\/ag-frisch.com\/pl\/dyrektywa-w-sprawie-wyrobow-medycznych\/","title":{"rendered":"Dyrektywa w sprawie wyrob\u00f3w medycznych"},"content":{"rendered":"<p>[et_pb_section fb_built=&#8221;1&#8243; _builder_version=&#8221;4.16&#8243; _module_preset=&#8221;default&#8221; global_colors_info=&#8221;{}&#8221;][et_pb_row _builder_version=&#8221;4.18.1&#8243; _module_preset=&#8221;default&#8221;][et_pb_column _builder_version=&#8221;4.18.1&#8243; _module_preset=&#8221;default&#8221; type=&#8221;4_4&#8243;][et_pb_cta title=&#8221;Konsultacje dotycz\u0105ce wytycznych dla urz\u0105dze\u0144 medycznych&#8221; button_url=&#8221;https:\/\/ag-frisch.com\/pl\/kontakt\/&#8221; button_text=&#8221;Zarezerwuj konsultacj\u0119 ju\u017c teraz&#8221; _builder_version=&#8221;4.16&#8243; _module_preset=&#8221;default&#8221; global_colors_info=&#8221;{}&#8221; theme_builder_area=&#8221;post_content&#8221;]<\/p>\n<p>Dzi\u0119ki poradom Chi\u0144skiej Agencji Importowej Frisch nie pope\u0142nisz b\u0142\u0119d\u00f3w przy imporcie produkt\u00f3w medycznych.<\/p>\n<p>[\/et_pb_cta][\/et_pb_column][\/et_pb_row][et_pb_row _builder_version=&#8221;4.16&#8243; _module_preset=&#8221;default&#8221; global_colors_info=&#8221;{}&#8221;][et_pb_column type=&#8221;4_4&#8243; _builder_version=&#8221;4.16&#8243; _module_preset=&#8221;default&#8221; global_colors_info=&#8221;{}&#8221;][et_pb_text admin_label=&#8221;H1&#8243; _builder_version=&#8221;4.18.1&#8243; _module_preset=&#8221;default&#8221; global_colors_info=&#8221;{}&#8221;]<\/p>\n<h1>Dyrektywa dotycz\u0105ca urz\u0105dze\u0144 medycznych i rejestracja DIMDI w Chinach<\/h1>\n<p>[\/et_pb_text][et_pb_text _builder_version=&#8221;4.16&#8243; _module_preset=&#8221;default&#8221; global_colors_info=&#8221;{}&#8221;]<\/p>\n<p><strong>Dyrektywa w sprawie wyrob\u00f3w medycznych<\/strong><\/p>\n<p><strong>Zgodno\u015b\u0107 z dyrektyw\u0105 o wyrobach medycznych dla produkt\u00f3w z Chin<\/strong><\/p>\n<p>Wszystkie wyroby medyczne wprowadzane na rynek w Niemczech podlegaj\u0105 dyrektywie o wyrobach medycznych &#8211; kt\u00f3rej nieco niepor\u0119czna nazwa brzmi &#8220;Dyrektywa 93\/42\/EWG o wyrobach medycznych&#8221;. Okre\u015bla ona wymagania dotycz\u0105ce bezpiecze\u0144stwa i mo\u017cliwo\u015bci wprowadzenia do obrotu wyrob\u00f3w medycznych.<\/p>\n<p><strong>Nie jest mo\u017cliwy import wyrob\u00f3w medycznych do Niemiec bez spe\u0142nienia warunk\u00f3w dyrektywy o wyrobach medycznych.<\/strong><\/p>\n<p>Nie wszystkie wyroby medyczne z Chin s\u0105 obj\u0119te dyrektyw\u0105. Zgodnie z definicj\u0105 obejmuje ona produkty, kt\u00f3re s\u0142u\u017c\u0105 nast\u0119puj\u0105cym celom:<\/p>\n<ul>\n<li>Wykrywanie, zapobieganie, monitorowanie, leczenie lub \u0142agodzenie skutk\u00f3w choroby<\/li>\n<li>Wykrywanie, monitorowanie, leczenie, \u0142agodzenie lub kompensacja uraz\u00f3w lub niepe\u0142nosprawno\u015bci<\/li>\n<li>Badanie, wymiana lub zmiana struktury anatomicznej lub procesu fizjologicznego<\/li>\n<li>Antykoncepcja<\/li>\n<\/ul>\n<p>Istnieje szereg wyj\u0105tk\u00f3w, dla wyrob\u00f3w medycznych z Chin lub innych kraj\u00f3w. Nast\u0119puj\u0105ce artyku\u0142y nie wchodz\u0105 w zakres dyrektywy medycznej:<\/p>\n<ul>\n<li>aktywne wyroby medyczne do implantacji (np. stymulatory serca) podlegaj\u0105 dyrektywie 90\/385\/EWG<\/li>\n<li>Wyroby medyczne do diagnostyki in vitro podlegaj\u0105 dyrektywie 98\/79\/WE<\/li>\n<li>Jednostki sta\u0142e jednorazowego u\u017cytku z produktem leczniczym (zestaw produktu leczniczego)<\/li>\n<li>Inne wyj\u0105tki krajowe<\/li>\n<\/ul>\n<p>Agentur Frisch mo\u017ce udzieli\u0107 Ci fachowej porady na ten temat. Mo\u017cemy powiedzie\u0107, czy produkt, kt\u00f3ry zosta\u0142 sprowadzony z Chin na rynek niemiecki, wchodzi w zakres dyrektywy medycznej lub innej dyrektywy krajowej.<\/p>\n<p>&nbsp;<\/p>\n<p><strong>Produkcja wyrob\u00f3w medycznych z Chin<\/strong><\/p>\n<p>Je\u015bli tw\u00f3j importowany produkt jest obj\u0119ty dyrektyw\u0105 medyczn\u0105, musisz przestrzega\u0107 specjalnych przepis\u00f3w. W zale\u017cno\u015bci od klasy ryzyka mog\u0105 istnie\u0107 r\u00f3\u017cne \u015brodki, kt\u00f3re nale\u017cy podj\u0105\u0107. Istniej\u0105 cztery klasy wyrob\u00f3w medycznych produkowanych w Chinach zgodnie z dyrektyw\u0105 o wyrobach medycznych:<\/p>\n<ul>\n<li><strong>Klasa I, niskie ryzyko<\/strong><\/li>\n<li>B. Okulary do czytania, w\u00f3zki inwalidzkie, termometry kliniczne<\/li>\n<\/ul>\n<p>&nbsp;<\/p>\n<ul>\n<li><strong>Klasa IIa, \u015brednie ryzyko<\/strong><\/li>\n<li>B. Wype\u0142nienia dentystyczne, aparaty s\u0142uchowe, urz\u0105dzenia ultrad\u017awi\u0119kowe<\/li>\n<\/ul>\n<p>&nbsp;<\/p>\n<ul>\n<li><strong>Klasa IIb, wysokie ryzyko<\/strong><\/li>\n<li>B. Prezerwatywy, pompy infuzyjne, soczewki kontaktowe<\/li>\n<\/ul>\n<p>&nbsp;<\/p>\n<ul>\n<li><strong>Klasa III, wysokie ryzyko<\/strong><\/li>\n<li>B. Cewniki sercowe, implanty biodrowe, implanty piersi<\/li>\n<\/ul>\n<p>W przypadku wyrob\u00f3w medycznych klasy I do zatwierdzenia wystarczy odpowiednia dokumentacja techniczna. Produkty od klasy II musz\u0105 by\u0107 weryfikowane przez jednostk\u0119 notyfikowan\u0105. Pomagamy Pa\u0144stwu w spe\u0142nieniu wymog\u00f3w dyrektywy o wyrobach medycznych dla produkt\u00f3w z Chin, przygotowuj\u0105c dokumentacj\u0119 ju\u017c w trakcie produkcji wyrob\u00f3w medycznych w Chinach lub wykonuj\u0105c wszystkie czynno\u015bci niezb\u0119dne do przygotowania niezale\u017cnej weryfikacji Pa\u0144stwa wyrob\u00f3w medycznych z Chin.<\/p>\n<p>&nbsp;<\/p>\n<p><strong>Rejestracja DIMDI i og\u00f3lna zgodno\u015b\u0107 z dyrektyw\u0105 medyczn\u0105 dla produkt\u00f3w z Chin<\/strong><\/p>\n<p>Niekt\u00f3re etapy zgodno\u015bci produkt\u00f3w z Chin z dyrektyw\u0105 o wyrobach medycznych wymagaj\u0105 interwencji &#8220;osoby wykwalifikowanej&#8221;. Wymagania w tym zakresie s\u0105 jasno okre\u015blone w dyrektywie. Agentur Frisch ch\u0119tnie znajdzie dla Pa\u0144stwa wykwalifikowan\u0105, odpowiedzialn\u0105 osob\u0119, kt\u00f3ra b\u0119dzie r\u00f3wnie\u017c odpowiedzialna za rejestracj\u0119 DIMDI.<\/p>\n<p>&nbsp;<\/p>\n<p><strong>Odpowiedzialny import &#8211; wyroby medyczne z Chin<\/strong><\/p>\n<p>Zalecamy, aby nie traktowa\u0107 kwestii zgodno\u015bci z dyrektyw\u0105 o wyrobach medycznych lekko, gdy mamy do czynienia z produktami z Chin. Ju\u017c w trakcie produkcji wyrob\u00f3w medycznych w Chinach konieczne jest zapewnienie najwy\u017cszych standard\u00f3w i spe\u0142nienie wszystkich warunk\u00f3w w odniesieniu do dyrektywy o wyrobach medycznych.<\/p>\n<p>Jako do\u015bwiadczony dostawca us\u0142ug importowych z Chin oferujemy Pa\u0144stwu wszelkie us\u0142ugi zwi\u0105zane z przestrzeganiem dyrektywy 93\/42\/EWG dotycz\u0105cej wyrob\u00f3w medycznych. Wsp\u00f3\u0142pracujemy wy\u0142\u0105cznie z godnymi zaufania producentami w Chinach, a kontrole i dokumentacj\u0119 prowadzimy z najwy\u017csz\u0105 sumienno\u015bci\u0105.<\/p>\n<p>&nbsp;<\/p>\n<p><strong>Import produkt\u00f3w medycznych z Chin to kwestia zaufania. Zdaj si\u0119 na nas jako na do\u015bwiadczonego, renomowanego importera z Chin.<\/strong><\/p>\n<p>[\/et_pb_text][\/et_pb_column][\/et_pb_row][\/et_pb_section][et_pb_section fb_built=&#8221;1&#8243; admin_label=&#8221;Testimonials&#8221; _builder_version=&#8221;4.16&#8243; use_background_color_gradient=&#8221;on&#8221; background_color_gradient_stops=&#8221;rgba(0,106,156,0.85) 0%|rgba(0,106,156,0.85) 100%&#8221; background_color_gradient_start=&#8221;rgba(0,106,156,0.85)&#8221; background_color_gradient_end=&#8221;rgba(0,106,156,0.85)&#8221; custom_padding=&#8221;90px||60px|&#8221; animation_style=&#8221;fold&#8221; animation_direction=&#8221;bottom&#8221; animation_intensity_fold=&#8221;4%&#8221; global_colors_info=&#8221;{}&#8221; theme_builder_area=&#8221;post_content&#8221;][et_pb_row _builder_version=&#8221;4.16&#8243; background_size=&#8221;initial&#8221; background_position=&#8221;top_left&#8221; background_repeat=&#8221;repeat&#8221; custom_width_px=&#8221;710px&#8221; locked=&#8221;off&#8221; global_colors_info=&#8221;{}&#8221; theme_builder_area=&#8221;post_content&#8221;][et_pb_column type=&#8221;4_4&#8243; _builder_version=&#8221;4.16&#8243; background_position=&#8221;top_left&#8221; custom_padding=&#8221;|||&#8221; global_colors_info=&#8221;{}&#8221; custom_padding__hover=&#8221;|||&#8221; theme_builder_area=&#8221;post_content&#8221;][et_pb_text admin_label=&#8221;Testimonials Section Title&#8221; _builder_version=&#8221;4.16&#8243; header_font=&#8221;Montserrat||||&#8221; header_font_size=&#8221;36px&#8221; background_size=&#8221;initial&#8221; background_position=&#8221;top_left&#8221; background_repeat=&#8221;repeat&#8221; text_orientation=&#8221;center&#8221; background_layout=&#8221;dark&#8221; max_width=&#8221;710px&#8221; module_alignment=&#8221;center&#8221; animation_style=&#8221;fold&#8221; animation_direction=&#8221;bottom&#8221; animation_intensity_fold=&#8221;20%&#8221; global_colors_info=&#8221;{}&#8221; theme_builder_area=&#8221;post_content&#8221;]<\/p>\n<h1>Ponad 5000 zadowolonych klient\u00f3w.<\/h1>\n<p>&nbsp;<\/p>\n<p>[\/et_pb_text][et_pb_divider color=&#8221;#ffffff&#8221; divider_weight=&#8221;3px&#8221; disabled_on=&#8221;off|off|off&#8221; _builder_version=&#8221;4.16&#8243; background_color_gradient_direction=&#8221;90deg&#8221; max_width=&#8221;100px&#8221; module_alignment=&#8221;center&#8221; height=&#8221;5px&#8221; custom_margin=&#8221;||20px|&#8221; custom_padding=&#8221;||20px|&#8221; animation_style=&#8221;slide&#8221; animation_direction=&#8221;bottom&#8221; saved_tabs=&#8221;all&#8221; locked=&#8221;off&#8221; global_colors_info=&#8221;{}&#8221; theme_builder_area=&#8221;post_content&#8221;][\/et_pb_divider][\/et_pb_column][\/et_pb_row][et_pb_row column_structure=&#8221;1_2,1_2&#8243; _builder_version=&#8221;4.18.1&#8243; _module_preset=&#8221;default&#8221; global_colors_info=&#8221;{}&#8221; theme_builder_area=&#8221;post_content&#8221;][et_pb_column type=&#8221;1_2&#8243; _builder_version=&#8221;4.18.1&#8243; _module_preset=&#8221;default&#8221; global_colors_info=&#8221;{}&#8221; theme_builder_area=&#8221;post_content&#8221;][et_pb_testimonial author=&#8221;Marco&#8221; portrait_url=&#8221;https:\/\/ag-frisch.com\/wp-content\/uploads\/2021\/08\/Harald.png&#8221; quote_icon=&#8221;off&#8221; _builder_version=&#8221;4.18.1&#8243; _module_preset=&#8221;default&#8221; body_font_size=&#8221;16px&#8221; use_background_color=&#8221;off&#8221; background_layout=&#8221;dark&#8221; global_colors_info=&#8221;{}&#8221; theme_builder_area=&#8221;post_content&#8221;]Zleci\u0142em agencji Frisch wyprodukowanie du\u017cego mebla w Chinach, a nast\u0119pnie sprowadzenie go do Niemiec. Przez ca\u0142y czas by\u0142a sprawna komunikacja mailowa! Bardzo szybkie i rzetelne odpowiedzi stale dodawa\u0142y mi otuchy, kt\u00f3ra jest niezb\u0119dna w takim przedsi\u0119wzi\u0119ciu. Przez ca\u0142y czas pomagano mi przebrn\u0105\u0107 przez biurokratyczny g\u0105szcz, nie zapomniano o \u017cadnym formularzu ani nie wype\u0142niono go b\u0142\u0119dnie. Bardzo godne pochwa\u0142y!<a href=\"&lt;div%20class=%22pe-richsnippets%22&gt;&nbsp;&lt;\/div&gt;%20&lt;script%20type=%22text\/javascript%22%20src=%22https:\/\/www.provenexpert.com\/widget\/richsnippet.js?u=1NUA0VwZ4RUZ5tmAi5zA4RaplNKAlWwZ&amp;v=2%22%20async&gt;&lt;\/script&gt;%20&lt;div%20style=%22text-align:%20justify;%22&gt;&lt;br%20\/&gt;\"><\/a><\/p>\n<div class=\"brow ratingBarMargin\">\n<div class=\"ratingBar\">\n<div class=\"brow\">\n<div class=\"pe-richsnippets\">&nbsp;<\/div>\n<p><script type=\"text\/javascript\" src=\"https:\/\/www.provenexpert.com\/widget\/richsnippet.js?u=1NUA0VwZ4RUZ5tmAi5zA4RaplNKAlWwZ&amp;v=2\" async=\"\"><\/script><\/p>\n<div style=\"text-align: justify;\"><\/p>\n<div class=\"col-lg-9 col-md-8 col-xs-10 mt20 mb20\">\n<div class=\"col-xs-12 surveyNameForRating\"><\/div>\n<\/div>\n<\/div>\n<\/div>\n<\/div>\n<\/div>\n<p>[\/et_pb_testimonial][\/et_pb_column][et_pb_column type=&#8221;1_2&#8243; _builder_version=&#8221;4.18.1&#8243; _module_preset=&#8221;default&#8221; global_colors_info=&#8221;{}&#8221; theme_builder_area=&#8221;post_content&#8221;][et_pb_testimonial author=&#8221;Simone L.&#8221; portrait_url=&#8221;https:\/\/ag-frisch.com\/wp-content\/uploads\/2021\/08\/Harald.png&#8221; quote_icon=&#8221;off&#8221; _builder_version=&#8221;4.18.1&#8243; _module_preset=&#8221;default&#8221; body_font_size=&#8221;16px&#8221; use_background_color=&#8221;off&#8221; background_layout=&#8221;dark&#8221; global_colors_info=&#8221;{}&#8221; theme_builder_area=&#8221;post_content&#8221;]<\/p>\n<p>Ca\u0142a g\u00f3ra. Nie ma nic lepszego ni\u017c to. Doradzanie i wdra\u017canie nie mo\u017ce by\u0107 zrobione lepiej. Jeste\u015bmy bardziej ni\u017c zadowoleni po kilku zam\u00f3wieniach z t\u0105 firm\u0105 i kontynuowa\u0107 nasz\u0105 wsp\u00f3\u0142prac\u0119.<\/p>\n<div class=\"brow ratingBarMargin\">\n<div class=\"ratingBar\">\n<div class=\"brow\">\n<div class=\"pe-richsnippets\"> <\/div>\n<p>\n<script type=\"text\/javascript\" src=\"https:\/\/www.provenexpert.com\/widget\/richsnippet.js?u=1NUA0VwZ4RUZ5tmAi5zA4RaplNKAlWwZ&amp;v=2\" async=\"\"><\/script>\n<\/p>\n<div style=\"text-align: justify;\">\n<p>&nbsp;<\/p>\n<div class=\"col-lg-9 col-md-8 col-xs-10 mt20 mb20\">\n<div class=\"col-xs-12 surveyNameForRating\"><\/div>\n<\/div>\n<\/div>\n<\/div>\n<\/div>\n<\/div>\n<p>[\/et_pb_testimonial][\/et_pb_column][\/et_pb_row][et_pb_row _builder_version=&#8221;4.16&#8243; background_size=&#8221;initial&#8221; background_position=&#8221;top_left&#8221; background_repeat=&#8221;repeat&#8221; custom_padding=&#8221;50px|0px|30px|0px&#8221; custom_css_main_element=&#8221;text-align: center;&#8221; global_colors_info=&#8221;{}&#8221; theme_builder_area=&#8221;post_content&#8221;][et_pb_column type=&#8221;4_4&#8243; _builder_version=&#8221;4.16&#8243; custom_padding=&#8221;|||&#8221; global_colors_info=&#8221;{}&#8221; custom_padding__hover=&#8221;|||&#8221; theme_builder_area=&#8221;post_content&#8221;][et_pb_button button_url=&#8221;https:\/\/www.provenexpert.com\/de-de\/agentur-frisch-international-consulting-gmbh-und-co-kg\/&#8221; button_text=&#8221;WI\u0118CEJ OCEN&#8221; button_alignment=&#8221;left&#8221; admin_label=&#8221;Testimonial Button&#8221; _builder_version=&#8221;4.16&#8243; custom_button=&#8221;on&#8221; button_text_size=&#8221;18px&#8221; button_text_color=&#8221;#ffffff&#8221; button_bg_color=&#8221;#6eba01&#8243; button_border_width=&#8221;2px&#8221; button_border_color=&#8221;#6eba01&#8243; button_border_radius=&#8221;0px&#8221; button_letter_spacing=&#8221;2px&#8221; button_font=&#8221;Montserrat|||on|&#8221; button_use_icon=&#8221;off&#8221; animation_style=&#8221;fold&#8221; animation_direction=&#8221;bottom&#8221; button_text_color_hover=&#8221;#ffffff&#8221; button_border_color_hover=&#8221;#ffffff&#8221; button_border_radius_hover=&#8221;0px&#8221; button_letter_spacing_hover=&#8221;2px&#8221; button_bg_color_hover=&#8221;rgba(255,255,255,0)&#8221; locked=&#8221;off&#8221; global_colors_info=&#8221;{}&#8221; button_text_size__hover_enabled=&#8221;off&#8221; button_one_text_size__hover_enabled=&#8221;off&#8221; button_two_text_size__hover_enabled=&#8221;off&#8221; button_text_color__hover_enabled=&#8221;on&#8221; button_text_color__hover=&#8221;#ffffff&#8221; button_one_text_color__hover_enabled=&#8221;off&#8221; button_two_text_color__hover_enabled=&#8221;off&#8221; button_border_width__hover_enabled=&#8221;off&#8221; button_one_border_width__hover_enabled=&#8221;off&#8221; button_two_border_width__hover_enabled=&#8221;off&#8221; button_border_color__hover_enabled=&#8221;on&#8221; button_border_color__hover=&#8221;#ffffff&#8221; button_one_border_color__hover_enabled=&#8221;off&#8221; button_two_border_color__hover_enabled=&#8221;off&#8221; button_border_radius__hover_enabled=&#8221;on&#8221; button_border_radius__hover=&#8221;0px&#8221; button_one_border_radius__hover_enabled=&#8221;off&#8221; button_two_border_radius__hover_enabled=&#8221;off&#8221; button_letter_spacing__hover_enabled=&#8221;on&#8221; button_letter_spacing__hover=&#8221;2px&#8221; button_one_letter_spacing__hover_enabled=&#8221;off&#8221; button_two_letter_spacing__hover_enabled=&#8221;off&#8221; button_bg_color__hover_enabled=&#8221;on&#8221; button_bg_color__hover=&#8221;rgba(255,255,255,0)&#8221; button_one_bg_color__hover_enabled=&#8221;off&#8221; button_two_bg_color__hover_enabled=&#8221;off&#8221; theme_builder_area=&#8221;post_content&#8221;][\/et_pb_button][\/et_pb_column][\/et_pb_row][\/et_pb_section]<\/p>\n","protected":false},"excerpt":{"rendered":"<p>Dzi\u0119ki poradom Chi\u0144skiej Agencji Importowej Frisch nie pope\u0142nisz b\u0142\u0119d\u00f3w przy imporcie produkt\u00f3w medycznych.Dyrektywa dotycz\u0105ca urz\u0105dze\u0144 medycznych i rejestracja DIMDI w ChinachDyrektywa w sprawie wyrob\u00f3w medycznych Zgodno\u015b\u0107 z dyrektyw\u0105 o wyrobach medycznych dla produkt\u00f3w z Chin Wszystkie wyroby medyczne wprowadzane na rynek w Niemczech podlegaj\u0105 dyrektywie o wyrobach medycznych &#8211; kt\u00f3rej nieco niepor\u0119czna nazwa brzmi &#8220;Dyrektywa [&hellip;]<\/p>\n","protected":false},"author":2,"featured_media":0,"parent":0,"menu_order":0,"comment_status":"closed","ping_status":"closed","template":"","meta":{"_et_pb_use_builder":"on","_et_pb_old_content":"","_et_gb_content_width":"","footnotes":""},"class_list":["post-11809","page","type-page","status-publish","hentry"],"yoast_head":"<!-- This site is optimized with the Yoast SEO plugin v27.4 - https:\/\/yoast.com\/product\/yoast-seo-wordpress\/ -->\n<title>Dyrektywa o wyrobach medycznych: zgodno\u015b\u0107 dla produkt\u00f3w z Chin<\/title>\n<meta name=\"description\" content=\"Zgodno\u015b\u0107 z dyrektyw\u0105 o wyrobach medycznych dla produkt\u00f3w z Chin \u25ba Rejestracja DIMDI i odpowiedzialny import \u25ba Uzyskaj porad\u0119 ju\u017c teraz!\" \/>\n<meta name=\"robots\" content=\"index, follow, max-snippet:-1, max-image-preview:large, max-video-preview:-1\" \/>\n<link rel=\"canonical\" href=\"https:\/\/ag-frisch.com\/pl\/dyrektywa-w-sprawie-wyrobow-medycznych\/\" \/>\n<meta property=\"og:locale\" content=\"pl_PL\" \/>\n<meta property=\"og:type\" content=\"article\" \/>\n<meta property=\"og:title\" content=\"Dyrektywa o wyrobach medycznych: zgodno\u015b\u0107 dla produkt\u00f3w z Chin\" \/>\n<meta property=\"og:description\" content=\"Zgodno\u015b\u0107 z dyrektyw\u0105 o wyrobach medycznych dla produkt\u00f3w z Chin \u25ba Rejestracja DIMDI i odpowiedzialny import \u25ba Uzyskaj porad\u0119 ju\u017c teraz!\" \/>\n<meta property=\"og:url\" content=\"https:\/\/ag-frisch.com\/pl\/dyrektywa-w-sprawie-wyrobow-medycznych\/\" \/>\n<meta property=\"og:site_name\" content=\"China Import Beratung f\u00fcr den Einkauf aus China\" \/>\n<meta property=\"article:publisher\" content=\"https:\/\/www.facebook.com\/China.Import\" \/>\n<meta property=\"article:modified_time\" content=\"2023-01-27T04:31:56+00:00\" \/>\n<meta name=\"twitter:card\" content=\"summary_large_image\" \/>\n<meta name=\"twitter:site\" content=\"@agenturfrisch\" \/>\n<meta name=\"twitter:label1\" content=\"Szacowany czas czytania\" \/>\n\t<meta name=\"twitter:data1\" content=\"8 minut\" \/>\n<script type=\"application\/ld+json\" class=\"yoast-schema-graph\">{\"@context\":\"https:\\\/\\\/schema.org\",\"@graph\":[{\"@type\":\"WebPage\",\"@id\":\"https:\\\/\\\/ag-frisch.com\\\/pl\\\/dyrektywa-w-sprawie-wyrobow-medycznych\\\/\",\"url\":\"https:\\\/\\\/ag-frisch.com\\\/pl\\\/dyrektywa-w-sprawie-wyrobow-medycznych\\\/\",\"name\":\"Dyrektywa o wyrobach medycznych: zgodno\u015b\u0107 dla produkt\u00f3w z Chin\",\"isPartOf\":{\"@id\":\"https:\\\/\\\/ag-frisch.com\\\/de\\\/#website\"},\"datePublished\":\"2022-08-02T19:35:54+00:00\",\"dateModified\":\"2023-01-27T04:31:56+00:00\",\"description\":\"Zgodno\u015b\u0107 z dyrektyw\u0105 o wyrobach medycznych dla produkt\u00f3w z Chin \u25ba Rejestracja DIMDI i odpowiedzialny import \u25ba Uzyskaj porad\u0119 ju\u017c teraz!\",\"breadcrumb\":{\"@id\":\"https:\\\/\\\/ag-frisch.com\\\/pl\\\/dyrektywa-w-sprawie-wyrobow-medycznych\\\/#breadcrumb\"},\"inLanguage\":\"pl-PL\",\"potentialAction\":[{\"@type\":\"ReadAction\",\"target\":[\"https:\\\/\\\/ag-frisch.com\\\/pl\\\/dyrektywa-w-sprawie-wyrobow-medycznych\\\/\"]}]},{\"@type\":\"BreadcrumbList\",\"@id\":\"https:\\\/\\\/ag-frisch.com\\\/pl\\\/dyrektywa-w-sprawie-wyrobow-medycznych\\\/#breadcrumb\",\"itemListElement\":[{\"@type\":\"ListItem\",\"position\":1,\"name\":\"Startseite\",\"item\":\"https:\\\/\\\/ag-frisch.com\\\/de\\\/\"},{\"@type\":\"ListItem\",\"position\":2,\"name\":\"Dyrektywa w sprawie wyrob\u00f3w medycznych\"}]},{\"@type\":\"WebSite\",\"@id\":\"https:\\\/\\\/ag-frisch.com\\\/de\\\/#website\",\"url\":\"https:\\\/\\\/ag-frisch.com\\\/de\\\/\",\"name\":\"China Import Beratung f\u00fcr den Einkauf aus China\",\"description\":\"China Import &amp; Export Beratung - Der Dienstleister Ihres Vertrauens f\u00fcr Ihren China Import\",\"publisher\":{\"@id\":\"https:\\\/\\\/ag-frisch.com\\\/de\\\/#organization\"},\"potentialAction\":[{\"@type\":\"SearchAction\",\"target\":{\"@type\":\"EntryPoint\",\"urlTemplate\":\"https:\\\/\\\/ag-frisch.com\\\/de\\\/?s={search_term_string}\"},\"query-input\":{\"@type\":\"PropertyValueSpecification\",\"valueRequired\":true,\"valueName\":\"search_term_string\"}}],\"inLanguage\":\"pl-PL\"},{\"@type\":\"Organization\",\"@id\":\"https:\\\/\\\/ag-frisch.com\\\/de\\\/#organization\",\"name\":\"Agentur Frisch International Consulting GmbH & Co. KG\",\"url\":\"https:\\\/\\\/ag-frisch.com\\\/de\\\/\",\"logo\":{\"@type\":\"ImageObject\",\"inLanguage\":\"pl-PL\",\"@id\":\"https:\\\/\\\/ag-frisch.com\\\/de\\\/#\\\/schema\\\/logo\\\/image\\\/\",\"url\":\"https:\\\/\\\/ag-frisch.com\\\/wp-content\\\/uploads\\\/2021\\\/08\\\/ag_logo_rgb_300_small.png\",\"contentUrl\":\"https:\\\/\\\/ag-frisch.com\\\/wp-content\\\/uploads\\\/2021\\\/08\\\/ag_logo_rgb_300_small.png\",\"width\":153,\"height\":102,\"caption\":\"Agentur Frisch International Consulting GmbH & Co. KG\"},\"image\":{\"@id\":\"https:\\\/\\\/ag-frisch.com\\\/de\\\/#\\\/schema\\\/logo\\\/image\\\/\"},\"sameAs\":[\"https:\\\/\\\/www.facebook.com\\\/China.Import\",\"https:\\\/\\\/x.com\\\/agenturfrisch\"]}]}<\/script>\n<!-- \/ Yoast SEO plugin. -->","yoast_head_json":{"title":"Dyrektywa o wyrobach medycznych: zgodno\u015b\u0107 dla produkt\u00f3w z Chin","description":"Zgodno\u015b\u0107 z dyrektyw\u0105 o wyrobach medycznych dla produkt\u00f3w z Chin \u25ba Rejestracja DIMDI i odpowiedzialny import \u25ba Uzyskaj porad\u0119 ju\u017c teraz!","robots":{"index":"index","follow":"follow","max-snippet":"max-snippet:-1","max-image-preview":"max-image-preview:large","max-video-preview":"max-video-preview:-1"},"canonical":"https:\/\/ag-frisch.com\/pl\/dyrektywa-w-sprawie-wyrobow-medycznych\/","og_locale":"pl_PL","og_type":"article","og_title":"Dyrektywa o wyrobach medycznych: zgodno\u015b\u0107 dla produkt\u00f3w z Chin","og_description":"Zgodno\u015b\u0107 z dyrektyw\u0105 o wyrobach medycznych dla produkt\u00f3w z Chin \u25ba Rejestracja DIMDI i odpowiedzialny import \u25ba Uzyskaj porad\u0119 ju\u017c teraz!","og_url":"https:\/\/ag-frisch.com\/pl\/dyrektywa-w-sprawie-wyrobow-medycznych\/","og_site_name":"China Import Beratung f\u00fcr den Einkauf aus China","article_publisher":"https:\/\/www.facebook.com\/China.Import","article_modified_time":"2023-01-27T04:31:56+00:00","twitter_card":"summary_large_image","twitter_site":"@agenturfrisch","twitter_misc":{"Szacowany czas czytania":"8 minut"},"schema":{"@context":"https:\/\/schema.org","@graph":[{"@type":"WebPage","@id":"https:\/\/ag-frisch.com\/pl\/dyrektywa-w-sprawie-wyrobow-medycznych\/","url":"https:\/\/ag-frisch.com\/pl\/dyrektywa-w-sprawie-wyrobow-medycznych\/","name":"Dyrektywa o wyrobach medycznych: zgodno\u015b\u0107 dla produkt\u00f3w z Chin","isPartOf":{"@id":"https:\/\/ag-frisch.com\/de\/#website"},"datePublished":"2022-08-02T19:35:54+00:00","dateModified":"2023-01-27T04:31:56+00:00","description":"Zgodno\u015b\u0107 z dyrektyw\u0105 o wyrobach medycznych dla produkt\u00f3w z Chin \u25ba Rejestracja DIMDI i odpowiedzialny import \u25ba Uzyskaj porad\u0119 ju\u017c teraz!","breadcrumb":{"@id":"https:\/\/ag-frisch.com\/pl\/dyrektywa-w-sprawie-wyrobow-medycznych\/#breadcrumb"},"inLanguage":"pl-PL","potentialAction":[{"@type":"ReadAction","target":["https:\/\/ag-frisch.com\/pl\/dyrektywa-w-sprawie-wyrobow-medycznych\/"]}]},{"@type":"BreadcrumbList","@id":"https:\/\/ag-frisch.com\/pl\/dyrektywa-w-sprawie-wyrobow-medycznych\/#breadcrumb","itemListElement":[{"@type":"ListItem","position":1,"name":"Startseite","item":"https:\/\/ag-frisch.com\/de\/"},{"@type":"ListItem","position":2,"name":"Dyrektywa w sprawie wyrob\u00f3w medycznych"}]},{"@type":"WebSite","@id":"https:\/\/ag-frisch.com\/de\/#website","url":"https:\/\/ag-frisch.com\/de\/","name":"China Import Beratung f\u00fcr den Einkauf aus China","description":"China Import &amp; Export Beratung - Der Dienstleister Ihres Vertrauens f\u00fcr Ihren China Import","publisher":{"@id":"https:\/\/ag-frisch.com\/de\/#organization"},"potentialAction":[{"@type":"SearchAction","target":{"@type":"EntryPoint","urlTemplate":"https:\/\/ag-frisch.com\/de\/?s={search_term_string}"},"query-input":{"@type":"PropertyValueSpecification","valueRequired":true,"valueName":"search_term_string"}}],"inLanguage":"pl-PL"},{"@type":"Organization","@id":"https:\/\/ag-frisch.com\/de\/#organization","name":"Agentur Frisch International Consulting GmbH & Co. KG","url":"https:\/\/ag-frisch.com\/de\/","logo":{"@type":"ImageObject","inLanguage":"pl-PL","@id":"https:\/\/ag-frisch.com\/de\/#\/schema\/logo\/image\/","url":"https:\/\/ag-frisch.com\/wp-content\/uploads\/2021\/08\/ag_logo_rgb_300_small.png","contentUrl":"https:\/\/ag-frisch.com\/wp-content\/uploads\/2021\/08\/ag_logo_rgb_300_small.png","width":153,"height":102,"caption":"Agentur Frisch International Consulting GmbH & Co. KG"},"image":{"@id":"https:\/\/ag-frisch.com\/de\/#\/schema\/logo\/image\/"},"sameAs":["https:\/\/www.facebook.com\/China.Import","https:\/\/x.com\/agenturfrisch"]}]}},"_links":{"self":[{"href":"https:\/\/ag-frisch.com\/pl\/wp-json\/wp\/v2\/pages\/11809","targetHints":{"allow":["GET"]}}],"collection":[{"href":"https:\/\/ag-frisch.com\/pl\/wp-json\/wp\/v2\/pages"}],"about":[{"href":"https:\/\/ag-frisch.com\/pl\/wp-json\/wp\/v2\/types\/page"}],"author":[{"embeddable":true,"href":"https:\/\/ag-frisch.com\/pl\/wp-json\/wp\/v2\/users\/2"}],"replies":[{"embeddable":true,"href":"https:\/\/ag-frisch.com\/pl\/wp-json\/wp\/v2\/comments?post=11809"}],"version-history":[{"count":0,"href":"https:\/\/ag-frisch.com\/pl\/wp-json\/wp\/v2\/pages\/11809\/revisions"}],"wp:attachment":[{"href":"https:\/\/ag-frisch.com\/pl\/wp-json\/wp\/v2\/media?parent=11809"}],"curies":[{"name":"wp","href":"https:\/\/api.w.org\/{rel}","templated":true}]}}