{"id":11811,"date":"2022-07-21T20:09:55","date_gmt":"2022-07-21T18:09:55","guid":{"rendered":"https:\/\/ag-frisch.com\/kompatybilnosc-elektromagnetyczna\/"},"modified":"2023-01-27T05:31:57","modified_gmt":"2023-01-27T04:31:57","slug":"kompatybilnosc-elektromagnetyczna","status":"publish","type":"page","link":"https:\/\/ag-frisch.com\/pl\/kompatybilnosc-elektromagnetyczna\/","title":{"rendered":"Kompatybilno\u015b\u0107 elektromagnetyczna"},"content":{"rendered":"<p>[et_pb_section fb_built=&#8221;1&#8243; _builder_version=&#8221;4.16&#8243; _module_preset=&#8221;default&#8221; global_colors_info=&#8221;{}&#8221;][et_pb_row _builder_version=&#8221;4.18.1&#8243; _module_preset=&#8221;default&#8221; global_colors_info=&#8221;{}&#8221;][et_pb_column type=&#8221;4_4&#8243; _builder_version=&#8221;4.18.1&#8243; _module_preset=&#8221;default&#8221; global_colors_info=&#8221;{}&#8221;][et_pb_cta title=&#8221;Badanie EMC w Chinach&#8221; button_url=&#8221;https:\/\/ag-frisch.com\/pl\/kontakt\/&#8221; button_text=&#8221;Zarezerwuj konsultacj\u0119 ju\u017c teraz&#8221; _builder_version=&#8221;4.16&#8243; _module_preset=&#8221;default&#8221; global_colors_info=&#8221;{}&#8221;]<\/p>\n<p>Poprzez konsultacj\u0119 z China Import Agentur Frisch, mo\u017cemy wyja\u015bni\u0107 wszelkie pytania dotycz\u0105ce bada\u0144 EMC.<\/p>\n<p>[\/et_pb_cta][\/et_pb_column][\/et_pb_row][et_pb_row _builder_version=&#8221;4.16&#8243; _module_preset=&#8221;default&#8221; global_colors_info=&#8221;{}&#8221;][et_pb_column type=&#8221;4_4&#8243; _builder_version=&#8221;4.16&#8243; _module_preset=&#8221;default&#8221; global_colors_info=&#8221;{}&#8221;][et_pb_text admin_label=&#8221;H1&#8243; _builder_version=&#8221;4.18.1&#8243; _module_preset=&#8221;default&#8221; global_colors_info=&#8221;{}&#8221;]<\/p>\n<h1>Kompatybilno\u015b\u0107 elektromagnetyczna: Badanie EMC w Chinach<\/h1>\n<p>[\/et_pb_text][et_pb_text _builder_version=&#8221;4.16&#8243; _module_preset=&#8221;default&#8221; global_colors_info=&#8221;{}&#8221;]<\/p>\n<p><strong>Kompatybilno\u015b\u0107 elektromagnetyczna<\/strong><\/p>\n<p><strong>Badanie EMC pod k\u0105tem zgodno\u015bci z dyrektyw\u0105 EMC<\/strong><\/p>\n<p>Kompatybilno\u015b\u0107 elektromagnetyczna oznacza, \u017ce urz\u0105dzenie nie emituje zak\u0142\u00f3ce\u0144 elektromagnetycznych. Jest to konieczne, poniewa\u017c w przeciwnym razie wszystkie urz\u0105dzenia elektroniczne wp\u0142ywa\u0142yby na siebie i zak\u0142\u00f3ca\u0142y si\u0119 wzajemnie. W ramach badania EMC zgodnie z dyrektyw\u0105 2014\/30\/UE o kompatybilno\u015bci elektromagnetycznej sprawdza si\u0119 wi\u0119c, czy urz\u0105dzenia spe\u0142niaj\u0105 wymagania. Oczywi\u015bcie dyrektywa dotyczy r\u00f3wnie\u017c towar\u00f3w importowanych: zgodno\u015b\u0107 z EMC dla produkt\u00f3w z Chin jest tak samo konieczna jak dla towar\u00f3w produkowanych w kraju.<\/p>\n<p>Grupy produkt\u00f3w, kt\u00f3re podlegaj\u0105 dyrektywie EMC to na przyk\u0142ad:<\/p>\n<ul>\n<li>Technologia przemys\u0142owa<\/li>\n<li>Elektronika u\u017cytkowa<\/li>\n<li>In\u017cynieria samochodowa<\/li>\n<li>Technologia lotnicza i kosmiczna<\/li>\n<li>Technologia medyczna<\/li>\n<li>Technologia informacyjna<\/li>\n<\/ul>\n<p>Badanie EMC jest r\u00f3wnie\u017c cz\u0119\u015bci\u0105 oznakowania CE i deklaracji zgodno\u015bci dla tych grup produkt\u00f3w.<\/p>\n<p>&nbsp;<\/p>\n<p><strong>Oznakowanie CE i ocena zgodno\u015bci<\/strong><\/p>\n<p>Oznakowanie CE jest wykonywane w celu wykazania, \u017ce produkt spe\u0142nia zharmonizowane wymagania UE. Jest to wyraz odpowiedzialno\u015bci producenta, kt\u00f3rej cz\u0119\u015bci\u0105 mo\u017ce by\u0107 badanie EMC w Chinach. Ocena zgodno\u015bci wed\u0142ug ISO\/IEC 17000 jest przeprowadzana w celu zapewnienia zgodno\u015bci z ustaw\u0105 o bezpiecze\u0144stwie produkt\u00f3w. W zale\u017cno\u015bci od grupy produkt\u00f3w obejmuje dalsze testy wed\u0142ug r\u00f3\u017cnych wytycznych. Opr\u00f3cz dyrektywy EMC mog\u0105 to by\u0107 np:<\/p>\n<ul>\n<li>Dyrektywa w sprawie urz\u0105dze\u0144 ci\u015bnieniowych 2014\/68\/UE<\/li>\n<li>Dyrektywa w sprawie maszyn 2006\/42\/WE<\/li>\n<li>Dyrektywa ATEX 2014\/34\/EU<\/li>\n<li>Dyrektywa w sprawie wyrob\u00f3w medycznych<\/li>\n<\/ul>\n<p>&nbsp;<\/p>\n<p><strong>Zgodno\u015b\u0107 EMC dla produkt\u00f3w z Chin<\/strong><\/p>\n<p>Ka\u017cdy, kto sprowadza produkty z Chin do Niemiec, odpowiada za ich jako\u015b\u0107 i za ewentualne szkody przez nie spowodowane. Zgodno\u015b\u0107 EMC dla produkt\u00f3w z Chin nie jest wi\u0119c opcjonaln\u0105 mo\u017cliwo\u015bci\u0105, ale obowi\u0105zkowym obowi\u0105zkiem. Agencja Frisch pomaga w spe\u0142nieniu tego obowi\u0105zku. Posiadamy w\u0142asne laboratoria, w kt\u00f3rych mo\u017cna przeprowadzi\u0107 badania EMC w Chinach.<\/p>\n<p>&nbsp;<\/p>\n<p><strong>Badanie EMC w Chinach<\/strong><\/p>\n<p>Nasza sp\u00f3\u0142ka zale\u017cna BEIDE Compliance Laboratory prowadzi w\u0142asne laboratoria, w kt\u00f3rych niezale\u017cnie i rzetelnie przeprowadzane s\u0105 badania wed\u0142ug niemieckich standard\u00f3w. Badanie EMC w Chinach jest jednym z nich. Oferujemy t\u0119 us\u0142ug\u0119 przede wszystkim naszym klientom importowym, aby u\u0142atwi\u0107 im importowanie. Nasze testy EMC w Chinach s\u0105 absolutnie por\u00f3wnywalne jako\u015bciowo z tymi w Niemczech, ale za znacznie ni\u017csz\u0105 cen\u0119.<\/p>\n<p>Badanie EMC w Chinach jest niezb\u0119dne do zapewnienia zgodno\u015bci produkt\u00f3w z Chin z dyrektyw\u0105 EMC. Dopiero po zako\u0144czeniu kontroli mo\u017cna wwozi\u0107 do Niemiec produkty z wa\u017cn\u0105 deklaracj\u0105 zgodno\u015bci i ewentualnie oznakowaniem CE.<\/p>\n<p><strong>Testy EMC w Chinach s\u0105 niezb\u0119dne do spe\u0142nienia niemieckich przepis\u00f3w importowych.<\/strong><\/p>\n<p>&nbsp;<\/p>\n<p><strong>Niedrogie badania EMC w Chinach<\/strong><\/p>\n<p>Mo\u017cemy zaoferowa\u0107 Pa\u0144stwu op\u0142acalne badania EMC w Chinach, kt\u00f3re spe\u0142niaj\u0105 mi\u0119dzynarodowe standardy. Poniesiesz ni\u017csze op\u0142aty ni\u017c u innych dostawc\u00f3w. Korzystasz r\u00f3wnie\u017c z kompleksowej obs\u0142ugi: jako Tw\u00f3j importer z Chin znamy wszystkie procesy i integrujemy kontrole z naszymi innymi us\u0142ugami, od produkcji po transport i odpraw\u0119 celn\u0105.<\/p>\n<p>&nbsp;<\/p>\n<p><strong>Dalsze us\u0142ugi Agencji Frisch<\/strong><\/p>\n<p>W ramach oceny zgodno\u015bci oferujemy Pa\u0144stwu ca\u0142y szereg us\u0142ug. Jeste\u015bmy Twoim niezawodnym, wszechstronnym dostawc\u0105 us\u0142ug w zakresie importu z Chin do Niemiec. Przyk\u0142adowo, za naszym po\u015brednictwem mo\u017cesz otrzyma\u0107 r\u00f3wnie\u017c nast\u0119puj\u0105c\u0105 us\u0142ug\u0119:<\/p>\n<ul>\n<li>Badanie norm DIN<\/li>\n<li>Analiza ryzyka<\/li>\n<li>Analiza regu\u0142 przywozu<\/li>\n<li>Konkretne rozwi\u0105zania w zakresie zgodno\u015bci<\/li>\n<\/ul>\n<p>Dok\u0142adne i fachowe sprawdzenie przez nas certyfikat\u00f3w i przepis\u00f3w wymaganych dla Pa\u0144stwa produktu importowego jest przydatne, aby unikn\u0105\u0107 problem\u00f3w z urz\u0119dami celnymi i niemieckimi\/mi\u0119dzynarodowymi. Cieszymy si\u0119, \u017ce mo\u017cemy zaoferowa\u0107 Pa\u0144stwu t\u0119 us\u0142ug\u0119, gdy\u017c jeste\u015bmy przekonani, \u017ce zwi\u0119kszy ona Pa\u0144stwa i nasze szanse na udany i trwa\u0142y biznes w bran\u017cy importowej.<\/p>\n<p>[\/et_pb_text][\/et_pb_column][\/et_pb_row][\/et_pb_section][et_pb_section fb_built=&#8221;1&#8243; admin_label=&#8221;Testimonials&#8221; _builder_version=&#8221;4.16&#8243; use_background_color_gradient=&#8221;on&#8221; background_color_gradient_stops=&#8221;rgba(0,106,156,0.85) 0%|rgba(0,106,156,0.85) 100%&#8221; background_color_gradient_start=&#8221;rgba(0,106,156,0.85)&#8221; background_color_gradient_end=&#8221;rgba(0,106,156,0.85)&#8221; custom_padding=&#8221;90px||60px|&#8221; animation_style=&#8221;fold&#8221; animation_direction=&#8221;bottom&#8221; animation_intensity_fold=&#8221;4%&#8221; global_colors_info=&#8221;{}&#8221;][et_pb_row _builder_version=&#8221;4.16&#8243; background_size=&#8221;initial&#8221; background_position=&#8221;top_left&#8221; background_repeat=&#8221;repeat&#8221; custom_width_px=&#8221;710px&#8221; locked=&#8221;off&#8221; global_colors_info=&#8221;{}&#8221;][et_pb_column type=&#8221;4_4&#8243; _builder_version=&#8221;4.16&#8243; background_position=&#8221;top_left&#8221; custom_padding=&#8221;|||&#8221; global_colors_info=&#8221;{}&#8221; custom_padding__hover=&#8221;|||&#8221;][et_pb_text admin_label=&#8221;Testimonials Section Title&#8221; _builder_version=&#8221;4.16&#8243; header_font=&#8221;Montserrat||||&#8221; header_font_size=&#8221;36px&#8221; background_size=&#8221;initial&#8221; background_position=&#8221;top_left&#8221; background_repeat=&#8221;repeat&#8221; text_orientation=&#8221;center&#8221; background_layout=&#8221;dark&#8221; max_width=&#8221;710px&#8221; module_alignment=&#8221;center&#8221; animation_style=&#8221;fold&#8221; animation_direction=&#8221;bottom&#8221; animation_intensity_fold=&#8221;20%&#8221; global_colors_info=&#8221;{}&#8221;]<\/p>\n<h1>Ponad 5000 zadowolonych klient\u00f3w.<\/h1>\n<p>&nbsp;<\/p>\n<p>[\/et_pb_text][et_pb_divider color=&#8221;#ffffff&#8221; divider_weight=&#8221;3px&#8221; disabled_on=&#8221;off|off|off&#8221; _builder_version=&#8221;4.16&#8243; background_color_gradient_direction=&#8221;90deg&#8221; max_width=&#8221;100px&#8221; module_alignment=&#8221;center&#8221; height=&#8221;5px&#8221; custom_margin=&#8221;||20px|&#8221; custom_padding=&#8221;||20px|&#8221; animation_style=&#8221;slide&#8221; animation_direction=&#8221;bottom&#8221; saved_tabs=&#8221;all&#8221; locked=&#8221;off&#8221; global_colors_info=&#8221;{}&#8221;][\/et_pb_divider][\/et_pb_column][\/et_pb_row][et_pb_row column_structure=&#8221;1_2,1_2&#8243; _builder_version=&#8221;4.18.1&#8243; _module_preset=&#8221;default&#8221; global_colors_info=&#8221;{}&#8221;][et_pb_column type=&#8221;1_2&#8243; _builder_version=&#8221;4.18.1&#8243; _module_preset=&#8221;default&#8221; global_colors_info=&#8221;{}&#8221;][et_pb_testimonial author=&#8221;Marco&#8221; portrait_url=&#8221;https:\/\/ag-frisch.com\/wp-content\/uploads\/2021\/08\/Harald.png&#8221; quote_icon=&#8221;off&#8221; _builder_version=&#8221;4.18.1&#8243; _module_preset=&#8221;default&#8221; body_font_size=&#8221;16px&#8221; use_background_color=&#8221;off&#8221; background_layout=&#8221;dark&#8221; global_colors_info=&#8221;{}&#8221;]Zleci\u0142em agencji Frisch wyprodukowanie du\u017cego mebla w Chinach, a nast\u0119pnie sprowadzenie go do Niemiec. Przez ca\u0142y czas by\u0142a sprawna komunikacja mailowa! Bardzo szybkie i rzetelne odpowiedzi stale dodawa\u0142y mi otuchy, kt\u00f3ra jest niezb\u0119dna w takim przedsi\u0119wzi\u0119ciu. Przez ca\u0142y czas pomagano mi przebrn\u0105\u0107 przez biurokratyczny g\u0105szcz, nie zapomniano o \u017cadnym formularzu ani nie wype\u0142niono go b\u0142\u0119dnie. Bardzo godne pochwa\u0142y!<a href=\"&lt;div%20class=%22pe-richsnippets%22&gt;&nbsp;&lt;\/div&gt;%20&lt;script%20type=%22text\/javascript%22%20src=%22https:\/\/www.provenexpert.com\/widget\/richsnippet.js?u=1NUA0VwZ4RUZ5tmAi5zA4RaplNKAlWwZ&amp;v=2%22%20async&gt;&lt;\/script&gt;%20&lt;div%20style=%22text-align:%20justify;%22&gt;&lt;br%20\/&gt;\"><\/a><\/p>\n<div class=\"brow ratingBarMargin\">\n<div class=\"ratingBar\">\n<div class=\"brow\">\n<div class=\"pe-richsnippets\">&nbsp;<\/div>\n<p><script type=\"text\/javascript\" src=\"https:\/\/www.provenexpert.com\/widget\/richsnippet.js?u=1NUA0VwZ4RUZ5tmAi5zA4RaplNKAlWwZ&amp;v=2\" async=\"\"><\/script><\/p>\n<div style=\"text-align: justify;\"><\/p>\n<div class=\"col-lg-9 col-md-8 col-xs-10 mt20 mb20\">\n<div class=\"col-xs-12 surveyNameForRating\"><\/div>\n<\/div>\n<\/div>\n<\/div>\n<\/div>\n<\/div>\n<p>[\/et_pb_testimonial][\/et_pb_column][et_pb_column type=&#8221;1_2&#8243; _builder_version=&#8221;4.18.1&#8243; _module_preset=&#8221;default&#8221; global_colors_info=&#8221;{}&#8221;][et_pb_testimonial author=&#8221;Simone L.&#8221; portrait_url=&#8221;https:\/\/ag-frisch.com\/wp-content\/uploads\/2021\/08\/Harald.png&#8221; quote_icon=&#8221;off&#8221; _builder_version=&#8221;4.18.1&#8243; _module_preset=&#8221;default&#8221; body_font_size=&#8221;16px&#8221; use_background_color=&#8221;off&#8221; background_layout=&#8221;dark&#8221; global_colors_info=&#8221;{}&#8221;]<\/p>\n<p>Ca\u0142a g\u00f3ra. Nie ma nic lepszego ni\u017c to. Doradzanie i wdra\u017canie nie mo\u017ce by\u0107 zrobione lepiej. Jeste\u015bmy bardziej ni\u017c zadowoleni po kilku zam\u00f3wieniach z t\u0105 firm\u0105 i kontynuowa\u0107 nasz\u0105 wsp\u00f3\u0142prac\u0119.<\/p>\n<div class=\"brow ratingBarMargin\">\n<div class=\"ratingBar\">\n<div class=\"brow\">\n<div class=\"pe-richsnippets\"> <\/div>\n<p>\n<script type=\"text\/javascript\" src=\"https:\/\/www.provenexpert.com\/widget\/richsnippet.js?u=1NUA0VwZ4RUZ5tmAi5zA4RaplNKAlWwZ&amp;v=2\" async=\"\"><\/script>\n<\/p>\n<div style=\"text-align: justify;\">\n<p>&nbsp;<\/p>\n<div class=\"col-lg-9 col-md-8 col-xs-10 mt20 mb20\">\n<div class=\"col-xs-12 surveyNameForRating\"><\/div>\n<\/div>\n<\/div>\n<\/div>\n<\/div>\n<\/div>\n<p>[\/et_pb_testimonial][\/et_pb_column][\/et_pb_row][et_pb_row _builder_version=&#8221;4.16&#8243; background_size=&#8221;initial&#8221; background_position=&#8221;top_left&#8221; background_repeat=&#8221;repeat&#8221; custom_padding=&#8221;50px|0px|30px|0px&#8221; custom_css_main_element=&#8221;text-align: center;&#8221; global_colors_info=&#8221;{}&#8221;][et_pb_column type=&#8221;4_4&#8243; _builder_version=&#8221;4.16&#8243; custom_padding=&#8221;|||&#8221; global_colors_info=&#8221;{}&#8221; custom_padding__hover=&#8221;|||&#8221;][et_pb_button button_url=&#8221;https:\/\/www.provenexpert.com\/de-de\/agentur-frisch-international-consulting-gmbh-und-co-kg\/&#8221; button_text=&#8221;WI\u0118CEJ OCEN&#8221; button_alignment=&#8221;left&#8221; admin_label=&#8221;Testimonial Button&#8221; _builder_version=&#8221;4.16&#8243; custom_button=&#8221;on&#8221; button_text_size=&#8221;18px&#8221; button_text_color=&#8221;#ffffff&#8221; button_bg_color=&#8221;#6eba01&#8243; button_border_width=&#8221;2px&#8221; button_border_color=&#8221;#6eba01&#8243; button_border_radius=&#8221;0px&#8221; button_letter_spacing=&#8221;2px&#8221; button_font=&#8221;Montserrat|||on|&#8221; button_use_icon=&#8221;off&#8221; animation_style=&#8221;fold&#8221; animation_direction=&#8221;bottom&#8221; button_text_color_hover=&#8221;#ffffff&#8221; button_border_color_hover=&#8221;#ffffff&#8221; button_border_radius_hover=&#8221;0px&#8221; button_letter_spacing_hover=&#8221;2px&#8221; button_bg_color_hover=&#8221;rgba(255,255,255,0)&#8221; locked=&#8221;off&#8221; global_colors_info=&#8221;{}&#8221; button_text_size__hover_enabled=&#8221;off&#8221; button_one_text_size__hover_enabled=&#8221;off&#8221; button_two_text_size__hover_enabled=&#8221;off&#8221; button_text_color__hover_enabled=&#8221;on&#8221; button_text_color__hover=&#8221;#ffffff&#8221; button_one_text_color__hover_enabled=&#8221;off&#8221; button_two_text_color__hover_enabled=&#8221;off&#8221; button_border_width__hover_enabled=&#8221;off&#8221; button_one_border_width__hover_enabled=&#8221;off&#8221; button_two_border_width__hover_enabled=&#8221;off&#8221; button_border_color__hover_enabled=&#8221;on&#8221; button_border_color__hover=&#8221;#ffffff&#8221; button_one_border_color__hover_enabled=&#8221;off&#8221; button_two_border_color__hover_enabled=&#8221;off&#8221; button_border_radius__hover_enabled=&#8221;on&#8221; button_border_radius__hover=&#8221;0px&#8221; button_one_border_radius__hover_enabled=&#8221;off&#8221; button_two_border_radius__hover_enabled=&#8221;off&#8221; button_letter_spacing__hover_enabled=&#8221;on&#8221; button_letter_spacing__hover=&#8221;2px&#8221; button_one_letter_spacing__hover_enabled=&#8221;off&#8221; button_two_letter_spacing__hover_enabled=&#8221;off&#8221; button_bg_color__hover_enabled=&#8221;on&#8221; button_bg_color__hover=&#8221;rgba(255,255,255,0)&#8221; button_one_bg_color__hover_enabled=&#8221;off&#8221; button_two_bg_color__hover_enabled=&#8221;off&#8221;][\/et_pb_button][\/et_pb_column][\/et_pb_row][\/et_pb_section]<\/p>\n","protected":false},"excerpt":{"rendered":"<p>Poprzez konsultacj\u0119 z China Import Agentur Frisch, mo\u017cemy wyja\u015bni\u0107 wszelkie pytania dotycz\u0105ce bada\u0144 EMC.Kompatybilno\u015b\u0107 elektromagnetyczna: Badanie EMC w ChinachKompatybilno\u015b\u0107 elektromagnetyczna Badanie EMC pod k\u0105tem zgodno\u015bci z dyrektyw\u0105 EMC Kompatybilno\u015b\u0107 elektromagnetyczna oznacza, \u017ce urz\u0105dzenie nie emituje zak\u0142\u00f3ce\u0144 elektromagnetycznych. Jest to konieczne, poniewa\u017c w przeciwnym razie wszystkie urz\u0105dzenia elektroniczne wp\u0142ywa\u0142yby na siebie i zak\u0142\u00f3ca\u0142y si\u0119 wzajemnie. W [&hellip;]<\/p>\n","protected":false},"author":2,"featured_media":0,"parent":0,"menu_order":0,"comment_status":"closed","ping_status":"closed","template":"","meta":{"_et_pb_use_builder":"on","_et_pb_old_content":"","_et_gb_content_width":"","footnotes":""},"class_list":["post-11811","page","type-page","status-publish","hentry"],"yoast_head":"<!-- This site is optimized with the Yoast SEO plugin v27.4 - https:\/\/yoast.com\/product\/yoast-seo-wordpress\/ -->\n<title>Kompatybilno\u015b\u0107 elektromagnetyczna: Badanie EMC Przyw\u00f3z z Chin<\/title>\n<meta name=\"description\" content=\"Badanie EMC zgodnie z dyrektyw\u0105 EMC dla importu z Chin \u25ba Oznakowanie CE i ocena zgodno\u015bci \u25ba Uzyskaj porad\u0119 eksperta ju\u017c teraz!\" \/>\n<meta name=\"robots\" content=\"index, follow, max-snippet:-1, max-image-preview:large, max-video-preview:-1\" \/>\n<link rel=\"canonical\" href=\"https:\/\/ag-frisch.com\/pl\/kompatybilnosc-elektromagnetyczna\/\" \/>\n<meta property=\"og:locale\" content=\"pl_PL\" \/>\n<meta property=\"og:type\" content=\"article\" \/>\n<meta property=\"og:title\" content=\"Kompatybilno\u015b\u0107 elektromagnetyczna: Badanie EMC Przyw\u00f3z z Chin\" \/>\n<meta property=\"og:description\" content=\"Badanie EMC zgodnie z dyrektyw\u0105 EMC dla importu z Chin \u25ba Oznakowanie CE i ocena zgodno\u015bci \u25ba Uzyskaj porad\u0119 eksperta ju\u017c teraz!\" \/>\n<meta property=\"og:url\" content=\"https:\/\/ag-frisch.com\/pl\/kompatybilnosc-elektromagnetyczna\/\" \/>\n<meta property=\"og:site_name\" content=\"China Import Beratung f\u00fcr den Einkauf aus China\" \/>\n<meta property=\"article:publisher\" content=\"https:\/\/www.facebook.com\/China.Import\" \/>\n<meta property=\"article:modified_time\" content=\"2023-01-27T04:31:57+00:00\" \/>\n<meta name=\"twitter:card\" content=\"summary_large_image\" \/>\n<meta name=\"twitter:site\" content=\"@agenturfrisch\" \/>\n<meta name=\"twitter:label1\" content=\"Szacowany czas czytania\" \/>\n\t<meta name=\"twitter:data1\" content=\"8 minut\" \/>\n<script type=\"application\/ld+json\" class=\"yoast-schema-graph\">{\"@context\":\"https:\\\/\\\/schema.org\",\"@graph\":[{\"@type\":\"WebPage\",\"@id\":\"https:\\\/\\\/ag-frisch.com\\\/pl\\\/kompatybilnosc-elektromagnetyczna\\\/\",\"url\":\"https:\\\/\\\/ag-frisch.com\\\/pl\\\/kompatybilnosc-elektromagnetyczna\\\/\",\"name\":\"Kompatybilno\u015b\u0107 elektromagnetyczna: Badanie EMC Przyw\u00f3z z Chin\",\"isPartOf\":{\"@id\":\"https:\\\/\\\/ag-frisch.com\\\/de\\\/#website\"},\"datePublished\":\"2022-07-21T18:09:55+00:00\",\"dateModified\":\"2023-01-27T04:31:57+00:00\",\"description\":\"Badanie EMC zgodnie z dyrektyw\u0105 EMC dla importu z Chin \u25ba Oznakowanie CE i ocena zgodno\u015bci \u25ba Uzyskaj porad\u0119 eksperta ju\u017c teraz!\",\"breadcrumb\":{\"@id\":\"https:\\\/\\\/ag-frisch.com\\\/pl\\\/kompatybilnosc-elektromagnetyczna\\\/#breadcrumb\"},\"inLanguage\":\"pl-PL\",\"potentialAction\":[{\"@type\":\"ReadAction\",\"target\":[\"https:\\\/\\\/ag-frisch.com\\\/pl\\\/kompatybilnosc-elektromagnetyczna\\\/\"]}]},{\"@type\":\"BreadcrumbList\",\"@id\":\"https:\\\/\\\/ag-frisch.com\\\/pl\\\/kompatybilnosc-elektromagnetyczna\\\/#breadcrumb\",\"itemListElement\":[{\"@type\":\"ListItem\",\"position\":1,\"name\":\"Startseite\",\"item\":\"https:\\\/\\\/ag-frisch.com\\\/de\\\/\"},{\"@type\":\"ListItem\",\"position\":2,\"name\":\"Kompatybilno\u015b\u0107 elektromagnetyczna\"}]},{\"@type\":\"WebSite\",\"@id\":\"https:\\\/\\\/ag-frisch.com\\\/de\\\/#website\",\"url\":\"https:\\\/\\\/ag-frisch.com\\\/de\\\/\",\"name\":\"China Import Beratung f\u00fcr den Einkauf aus China\",\"description\":\"China Import &amp; Export Beratung - Der Dienstleister Ihres Vertrauens f\u00fcr Ihren China Import\",\"publisher\":{\"@id\":\"https:\\\/\\\/ag-frisch.com\\\/de\\\/#organization\"},\"potentialAction\":[{\"@type\":\"SearchAction\",\"target\":{\"@type\":\"EntryPoint\",\"urlTemplate\":\"https:\\\/\\\/ag-frisch.com\\\/de\\\/?s={search_term_string}\"},\"query-input\":{\"@type\":\"PropertyValueSpecification\",\"valueRequired\":true,\"valueName\":\"search_term_string\"}}],\"inLanguage\":\"pl-PL\"},{\"@type\":\"Organization\",\"@id\":\"https:\\\/\\\/ag-frisch.com\\\/de\\\/#organization\",\"name\":\"Agentur Frisch International Consulting GmbH & Co. KG\",\"url\":\"https:\\\/\\\/ag-frisch.com\\\/de\\\/\",\"logo\":{\"@type\":\"ImageObject\",\"inLanguage\":\"pl-PL\",\"@id\":\"https:\\\/\\\/ag-frisch.com\\\/de\\\/#\\\/schema\\\/logo\\\/image\\\/\",\"url\":\"https:\\\/\\\/ag-frisch.com\\\/wp-content\\\/uploads\\\/2021\\\/08\\\/ag_logo_rgb_300_small.png\",\"contentUrl\":\"https:\\\/\\\/ag-frisch.com\\\/wp-content\\\/uploads\\\/2021\\\/08\\\/ag_logo_rgb_300_small.png\",\"width\":153,\"height\":102,\"caption\":\"Agentur Frisch International Consulting GmbH & Co. KG\"},\"image\":{\"@id\":\"https:\\\/\\\/ag-frisch.com\\\/de\\\/#\\\/schema\\\/logo\\\/image\\\/\"},\"sameAs\":[\"https:\\\/\\\/www.facebook.com\\\/China.Import\",\"https:\\\/\\\/x.com\\\/agenturfrisch\"]}]}<\/script>\n<!-- \/ Yoast SEO plugin. -->","yoast_head_json":{"title":"Kompatybilno\u015b\u0107 elektromagnetyczna: Badanie EMC Przyw\u00f3z z Chin","description":"Badanie EMC zgodnie z dyrektyw\u0105 EMC dla importu z Chin \u25ba Oznakowanie CE i ocena zgodno\u015bci \u25ba Uzyskaj porad\u0119 eksperta ju\u017c teraz!","robots":{"index":"index","follow":"follow","max-snippet":"max-snippet:-1","max-image-preview":"max-image-preview:large","max-video-preview":"max-video-preview:-1"},"canonical":"https:\/\/ag-frisch.com\/pl\/kompatybilnosc-elektromagnetyczna\/","og_locale":"pl_PL","og_type":"article","og_title":"Kompatybilno\u015b\u0107 elektromagnetyczna: Badanie EMC Przyw\u00f3z z Chin","og_description":"Badanie EMC zgodnie z dyrektyw\u0105 EMC dla importu z Chin \u25ba Oznakowanie CE i ocena zgodno\u015bci \u25ba Uzyskaj porad\u0119 eksperta ju\u017c teraz!","og_url":"https:\/\/ag-frisch.com\/pl\/kompatybilnosc-elektromagnetyczna\/","og_site_name":"China Import Beratung f\u00fcr den Einkauf aus China","article_publisher":"https:\/\/www.facebook.com\/China.Import","article_modified_time":"2023-01-27T04:31:57+00:00","twitter_card":"summary_large_image","twitter_site":"@agenturfrisch","twitter_misc":{"Szacowany czas czytania":"8 minut"},"schema":{"@context":"https:\/\/schema.org","@graph":[{"@type":"WebPage","@id":"https:\/\/ag-frisch.com\/pl\/kompatybilnosc-elektromagnetyczna\/","url":"https:\/\/ag-frisch.com\/pl\/kompatybilnosc-elektromagnetyczna\/","name":"Kompatybilno\u015b\u0107 elektromagnetyczna: Badanie EMC Przyw\u00f3z z Chin","isPartOf":{"@id":"https:\/\/ag-frisch.com\/de\/#website"},"datePublished":"2022-07-21T18:09:55+00:00","dateModified":"2023-01-27T04:31:57+00:00","description":"Badanie EMC zgodnie z dyrektyw\u0105 EMC dla importu z Chin \u25ba Oznakowanie CE i ocena zgodno\u015bci \u25ba Uzyskaj porad\u0119 eksperta ju\u017c teraz!","breadcrumb":{"@id":"https:\/\/ag-frisch.com\/pl\/kompatybilnosc-elektromagnetyczna\/#breadcrumb"},"inLanguage":"pl-PL","potentialAction":[{"@type":"ReadAction","target":["https:\/\/ag-frisch.com\/pl\/kompatybilnosc-elektromagnetyczna\/"]}]},{"@type":"BreadcrumbList","@id":"https:\/\/ag-frisch.com\/pl\/kompatybilnosc-elektromagnetyczna\/#breadcrumb","itemListElement":[{"@type":"ListItem","position":1,"name":"Startseite","item":"https:\/\/ag-frisch.com\/de\/"},{"@type":"ListItem","position":2,"name":"Kompatybilno\u015b\u0107 elektromagnetyczna"}]},{"@type":"WebSite","@id":"https:\/\/ag-frisch.com\/de\/#website","url":"https:\/\/ag-frisch.com\/de\/","name":"China Import Beratung f\u00fcr den Einkauf aus China","description":"China Import &amp; Export Beratung - Der Dienstleister Ihres Vertrauens f\u00fcr Ihren China Import","publisher":{"@id":"https:\/\/ag-frisch.com\/de\/#organization"},"potentialAction":[{"@type":"SearchAction","target":{"@type":"EntryPoint","urlTemplate":"https:\/\/ag-frisch.com\/de\/?s={search_term_string}"},"query-input":{"@type":"PropertyValueSpecification","valueRequired":true,"valueName":"search_term_string"}}],"inLanguage":"pl-PL"},{"@type":"Organization","@id":"https:\/\/ag-frisch.com\/de\/#organization","name":"Agentur Frisch International Consulting GmbH & Co. KG","url":"https:\/\/ag-frisch.com\/de\/","logo":{"@type":"ImageObject","inLanguage":"pl-PL","@id":"https:\/\/ag-frisch.com\/de\/#\/schema\/logo\/image\/","url":"https:\/\/ag-frisch.com\/wp-content\/uploads\/2021\/08\/ag_logo_rgb_300_small.png","contentUrl":"https:\/\/ag-frisch.com\/wp-content\/uploads\/2021\/08\/ag_logo_rgb_300_small.png","width":153,"height":102,"caption":"Agentur Frisch International Consulting GmbH & Co. KG"},"image":{"@id":"https:\/\/ag-frisch.com\/de\/#\/schema\/logo\/image\/"},"sameAs":["https:\/\/www.facebook.com\/China.Import","https:\/\/x.com\/agenturfrisch"]}]}},"_links":{"self":[{"href":"https:\/\/ag-frisch.com\/pl\/wp-json\/wp\/v2\/pages\/11811","targetHints":{"allow":["GET"]}}],"collection":[{"href":"https:\/\/ag-frisch.com\/pl\/wp-json\/wp\/v2\/pages"}],"about":[{"href":"https:\/\/ag-frisch.com\/pl\/wp-json\/wp\/v2\/types\/page"}],"author":[{"embeddable":true,"href":"https:\/\/ag-frisch.com\/pl\/wp-json\/wp\/v2\/users\/2"}],"replies":[{"embeddable":true,"href":"https:\/\/ag-frisch.com\/pl\/wp-json\/wp\/v2\/comments?post=11811"}],"version-history":[{"count":0,"href":"https:\/\/ag-frisch.com\/pl\/wp-json\/wp\/v2\/pages\/11811\/revisions"}],"wp:attachment":[{"href":"https:\/\/ag-frisch.com\/pl\/wp-json\/wp\/v2\/media?parent=11811"}],"curies":[{"name":"wp","href":"https:\/\/api.w.org\/{rel}","templated":true}]}}