{"id":12014,"date":"2022-04-05T20:23:00","date_gmt":"2022-04-05T18:23:00","guid":{"rendered":"https:\/\/ag-frisch.com\/chiny-import-porada-2\/"},"modified":"2023-01-27T05:41:48","modified_gmt":"2023-01-27T04:41:48","slug":"chiny-import-porada-2","status":"publish","type":"page","link":"https:\/\/ag-frisch.com\/pl\/chiny-import-porada-2\/","title":{"rendered":"chiny-import-porada-2"},"content":{"rendered":"<p>[et_pb_section fb_built=&#8221;1&#8243; _builder_version=&#8221;4.16&#8243; _module_preset=&#8221;default&#8221; global_colors_info=&#8221;{}&#8221;][et_pb_row _builder_version=&#8221;4.18.1&#8243; _module_preset=&#8221;default&#8221; global_colors_info=&#8221;{}&#8221;][et_pb_column type=&#8221;4_4&#8243; _builder_version=&#8221;4.18.1&#8243; _module_preset=&#8221;default&#8221; global_colors_info=&#8221;{}&#8221;][et_pb_cta title=&#8221;China Import Consulting&#8221; button_url=&#8221;https:\/\/ag-frisch.com\/pl\/kontakt\/&#8221; button_text=&#8221;Zarezerwuj konsultacj\u0119 ju\u017c teraz&#8221; _builder_version=&#8221;4.16&#8243; _module_preset=&#8221;default&#8221; global_colors_info=&#8221;{}&#8221;]<\/p>\n<p>Dzi\u0119ki poradom Agencji Importu Chin Frisch uda Ci si\u0119 prowadzi\u0107 interesy z Chinami tak, jakby robili to profesjonali\u015bci.  <\/p>\n<p>[\/et_pb_cta][\/et_pb_column][\/et_pb_row][et_pb_row _builder_version=&#8221;4.16&#8243; _module_preset=&#8221;default&#8221; global_colors_info=&#8221;{}&#8221;][et_pb_column type=&#8221;4_4&#8243; _builder_version=&#8221;4.16&#8243; _module_preset=&#8221;default&#8221; global_colors_info=&#8221;{}&#8221;][et_pb_text _builder_version=&#8221;4.18.1&#8243; _module_preset=&#8221;default&#8221; hover_enabled=&#8221;0&#8243; global_colors_info=&#8221;{}&#8221; sticky_enabled=&#8221;0&#8243;]<\/p>\n<h1>Doradztwo w zakresie importu z Chin poprzez konferencj\u0119 online TEAMS lub telefonicznie<\/h1>\n<p>W przypadku kr\u00f3tkich konkretnych temat\u00f3w oferujemy indywidualne doradztwo lub coaching ju\u017c od p\u00f3\u0142 godziny.<\/p>\n<p>Agentur Frisch oferuje indywidualne konsultacje, je\u015bli chcesz wyja\u015bni\u0107 kr\u00f3tkie pytania i tematy, np. dotycz\u0105ce oceny dostawc\u00f3w, importu z Chin i certyfikat\u00f3w lub logistyki.<\/p>\n<p>Zapraszamy do rezerwacji konsultacji od p\u00f3\u0142 godziny bezpo\u015brednio online. Konsultacje odbywaj\u0105 si\u0119 telefonicznie, a David Frisch ch\u0119tnie do Pa\u0144stwa zadzwoni.<\/p>\n<p>&nbsp;<\/p>\n<p><strong>China Import Consulting<\/strong><\/p>\n<p>David Frisch z China Import Agentur Frisch doradza we wszystkich wa\u017cnych tematach dotycz\u0105cych importu z Chin. Obejmuje to porady dotycz\u0105ce certyfikat\u00f3w oraz importu z Chin. Ka\u017cdy produkt ma swoje w\u0142asne zasady dotycz\u0105ce importu do UE, a David Frisch zna je wszystkie. Zarezerwuj konsultacj\u0119 z Davidem Frischem za mniej ni\u017c 75 euro. Konsultacja odbywa si\u0119 telefonicznie, a zap\u0142aci\u0107 i wybra\u0107 termin mo\u017cna bezpo\u015brednio online.<\/p>\n<p><strong>Porady dotycz\u0105ce importu z Chin<\/strong><\/p>\n<p>Chcesz wiedzie\u0107, co musisz wzi\u0105\u0107 pod uwag\u0119, je\u015bli chcesz importowa\u0107 towary z Chin do Niemiec lub UE? Wi\u0119kszo\u015b\u0107 pyta\u0144 mo\u017cna wyja\u015bni\u0107 ju\u017c podczas kr\u00f3tkiej konsultacji telefonicznej. Z 15-letnim do\u015bwiadczeniem w imporcie z Chin, David Frisch z Agentur Frisch zna wi\u0119kszo\u015b\u0107 zasad dotycz\u0105cych importu z Chin.<\/p>\n<p><strong>Doradztwo w zakresie dyrektyw CE<\/strong><\/p>\n<p>Dyrektywy CE nak\u0142adaj\u0105 na tzw. dystrybutora szereg wymaga\u0144. Dotyczy to nie tylko tego, \u017ce certyfikaty musz\u0105 by\u0107 kompletne. Nie jest \u0142atwo si\u0119 w tym zorientowa\u0107, a informacje z internetu s\u0105 cz\u0119sto sprzeczne. Pozw\u00f3l, aby David Frisch, konsultant ds. importu z Chin, doradzi\u0142 Ci w tej sprawie i zarezerwuj teraz konsultacj\u0119 telefoniczn\u0105 bezpo\u015brednio online u nas.<\/p>\n<p><strong>Porady dotycz\u0105ce logistyki z Chin<\/strong><\/p>\n<p>W logistyce istnieje ogromne ryzyko i pu\u0142apki kosztowe. Zaczyna si\u0119 od wyboru w\u0142a\u015bciwych Incoterms, dalej s\u0105 niezb\u0119dne dokumenty do frachtu i odprawy celnej, a nast\u0119pnie s\u0105 ubezpieczenia i ryzyka celne. Aby unikn\u0105\u0107 wielu zagro\u017ce\u0144 i p\u0142acenia drogich pieni\u0119dzy za praktyki, warto zadzwoni\u0107 po porad\u0119 do eksperta od importu z Chin, Davida Frischa z Agentur Frisch.<\/p>\n<p><strong>Og\u00f3lne porady dotycz\u0105ce importu z Chin<\/strong><\/p>\n<p>Pozw\u00f3l, aby David Frisch doradzi\u0142 Ci w og\u00f3lnych kwestiach dotycz\u0105cych importu z Chin. Nale\u017c\u0105 do nich np. nast\u0119puj\u0105ce pytania:<\/p>\n<p>&nbsp;<\/p>\n<ul>\n<li>Jak znale\u017a\u0107 odpowiedniego dostawc\u0119 z Chin?<\/li>\n<li>Na co musz\u0119 zwr\u00f3ci\u0107 uwag\u0119, aby legalnie sprowadzi\u0107 towar do UE?<\/li>\n<li>Co jest potrzebne do uzyskania certyfikat\u00f3w lub sprawozda\u0144 z bada\u0144<\/li>\n<li>Co powinno znale\u017a\u0107 si\u0119 w umowie kupna-sprzeda\u017cy?<\/li>\n<li>Jak bezpiecznie p\u0142aci\u0107 do Chin?<\/li>\n<li>Jak mog\u0119 zapewni\u0107, \u017ce moje towary s\u0105 produkowane w rozs\u0105dnej jako\u015bci ?<\/li>\n<li>Jak mog\u0119 dostarczy\u0107 moje towary z Chin bezpo\u015brednio do Amazon?<\/li>\n<\/ul>\n<p>[\/et_pb_text][\/et_pb_column][\/et_pb_row][\/et_pb_section][et_pb_section fb_built=&#8221;1&#8243; admin_label=&#8221;Testimonials&#8221; _builder_version=&#8221;4.16&#8243; use_background_color_gradient=&#8221;on&#8221; background_color_gradient_stops=&#8221;rgba(0,106,156,0.85) 0%|rgba(0,106,156,0.85) 100%&#8221; background_color_gradient_start=&#8221;rgba(0,106,156,0.85)&#8221; background_color_gradient_end=&#8221;rgba(0,106,156,0.85)&#8221; custom_padding=&#8221;90px||60px|&#8221; animation_style=&#8221;fold&#8221; animation_direction=&#8221;bottom&#8221; animation_intensity_fold=&#8221;4%&#8221; global_colors_info=&#8221;{}&#8221;][et_pb_row _builder_version=&#8221;4.16&#8243; background_size=&#8221;initial&#8221; background_position=&#8221;top_left&#8221; background_repeat=&#8221;repeat&#8221; custom_width_px=&#8221;710px&#8221; locked=&#8221;off&#8221; global_colors_info=&#8221;{}&#8221;][et_pb_column type=&#8221;4_4&#8243; _builder_version=&#8221;4.16&#8243; background_position=&#8221;top_left&#8221; custom_padding=&#8221;|||&#8221; global_colors_info=&#8221;{}&#8221; custom_padding__hover=&#8221;|||&#8221;][et_pb_text admin_label=&#8221;Testimonials Section Title&#8221; _builder_version=&#8221;4.16&#8243; header_font=&#8221;Montserrat||||&#8221; header_font_size=&#8221;36px&#8221; background_size=&#8221;initial&#8221; background_position=&#8221;top_left&#8221; background_repeat=&#8221;repeat&#8221; text_orientation=&#8221;center&#8221; background_layout=&#8221;dark&#8221; max_width=&#8221;710px&#8221; module_alignment=&#8221;center&#8221; animation_style=&#8221;fold&#8221; animation_direction=&#8221;bottom&#8221; animation_intensity_fold=&#8221;20%&#8221; global_colors_info=&#8221;{}&#8221;]<\/p>\n<h1>Ponad 5000 zadowolonych klient\u00f3w.<\/h1>\n<p>&nbsp;<\/p>\n<p>[\/et_pb_text][et_pb_divider color=&#8221;#ffffff&#8221; divider_weight=&#8221;3px&#8221; disabled_on=&#8221;off|off|off&#8221; _builder_version=&#8221;4.16&#8243; background_color_gradient_direction=&#8221;90deg&#8221; max_width=&#8221;100px&#8221; module_alignment=&#8221;center&#8221; height=&#8221;5px&#8221; custom_margin=&#8221;||20px|&#8221; custom_padding=&#8221;||20px|&#8221; animation_style=&#8221;slide&#8221; animation_direction=&#8221;bottom&#8221; saved_tabs=&#8221;all&#8221; locked=&#8221;off&#8221; global_colors_info=&#8221;{}&#8221;][\/et_pb_divider][\/et_pb_column][\/et_pb_row][et_pb_row column_structure=&#8221;1_2,1_2&#8243; _builder_version=&#8221;4.18.1&#8243; _module_preset=&#8221;default&#8221; global_colors_info=&#8221;{}&#8221;][et_pb_column type=&#8221;1_2&#8243; _builder_version=&#8221;4.18.1&#8243; _module_preset=&#8221;default&#8221; global_colors_info=&#8221;{}&#8221;][et_pb_testimonial author=&#8221;Marco&#8221; portrait_url=&#8221;https:\/\/ag-frisch.com\/wp-content\/uploads\/2021\/08\/Harald.png&#8221; quote_icon=&#8221;off&#8221; _builder_version=&#8221;4.18.1&#8243; _module_preset=&#8221;default&#8221; body_font_size=&#8221;16px&#8221; use_background_color=&#8221;off&#8221; background_layout=&#8221;dark&#8221; global_colors_info=&#8221;{}&#8221;]Zleci\u0142em agencji Frisch wyprodukowanie du\u017cego mebla w Chinach, a nast\u0119pnie sprowadzenie go do Niemiec. Przez ca\u0142y czas by\u0142a sprawna komunikacja mailowa! Bardzo szybkie i rzetelne odpowiedzi stale dodawa\u0142y mi otuchy, kt\u00f3ra jest niezb\u0119dna w takim przedsi\u0119wzi\u0119ciu. Przez ca\u0142y czas pomagano mi przebrn\u0105\u0107 przez biurokratyczny g\u0105szcz, nie zapomniano o \u017cadnym formularzu ani nie wype\u0142niono go b\u0142\u0119dnie. Bardzo godne pochwa\u0142y!<a href=\"&lt;div%20class=%22pe-richsnippets%22&gt;&nbsp;&lt;\/div&gt;%20&lt;script%20type=%22text\/javascript%22%20src=%22https:\/\/www.provenexpert.com\/widget\/richsnippet.js?u=1NUA0VwZ4RUZ5tmAi5zA4RaplNKAlWwZ&amp;v=2%22%20async&gt;&lt;\/script&gt;%20&lt;div%20style=%22text-align:%20justify;%22&gt;&lt;br%20\/&gt;\"><\/a><\/p>\n<div class=\"brow ratingBarMargin\">\n<div class=\"ratingBar\">\n<div class=\"brow\">\n<div class=\"pe-richsnippets\">&nbsp;<\/div>\n<p><script type=\"text\/javascript\" src=\"https:\/\/www.provenexpert.com\/widget\/richsnippet.js?u=1NUA0VwZ4RUZ5tmAi5zA4RaplNKAlWwZ&amp;v=2\" async=\"\"><\/script><\/p>\n<div style=\"text-align: justify;\"><\/p>\n<div class=\"col-lg-9 col-md-8 col-xs-10 mt20 mb20\">\n<div class=\"col-xs-12 surveyNameForRating\"><\/div>\n<\/div>\n<\/div>\n<\/div>\n<\/div>\n<\/div>\n<p>[\/et_pb_testimonial][\/et_pb_column][et_pb_column type=&#8221;1_2&#8243; _builder_version=&#8221;4.18.1&#8243; _module_preset=&#8221;default&#8221; global_colors_info=&#8221;{}&#8221;][et_pb_testimonial author=&#8221;Simone L.&#8221; portrait_url=&#8221;https:\/\/ag-frisch.com\/wp-content\/uploads\/2021\/08\/Harald.png&#8221; quote_icon=&#8221;off&#8221; _builder_version=&#8221;4.18.1&#8243; _module_preset=&#8221;default&#8221; body_font_size=&#8221;16px&#8221; use_background_color=&#8221;off&#8221; background_layout=&#8221;dark&#8221; global_colors_info=&#8221;{}&#8221;]<\/p>\n<p>Ca\u0142a g\u00f3ra. Nie ma nic lepszego ni\u017c to. Doradzanie i wdra\u017canie nie mo\u017ce by\u0107 zrobione lepiej. Jeste\u015bmy bardziej ni\u017c zadowoleni po kilku zam\u00f3wieniach z t\u0105 firm\u0105 i kontynuowa\u0107 nasz\u0105 wsp\u00f3\u0142prac\u0119.<\/p>\n<div class=\"brow ratingBarMargin\">\n<div class=\"ratingBar\">\n<div class=\"brow\">\n<div class=\"pe-richsnippets\"> <\/div>\n<p>\n<script type=\"text\/javascript\" src=\"https:\/\/www.provenexpert.com\/widget\/richsnippet.js?u=1NUA0VwZ4RUZ5tmAi5zA4RaplNKAlWwZ&amp;v=2\" async=\"\"><\/script>\n<\/p>\n<div style=\"text-align: justify;\">\n<p>&nbsp;<\/p>\n<div class=\"col-lg-9 col-md-8 col-xs-10 mt20 mb20\">\n<div class=\"col-xs-12 surveyNameForRating\"><\/div>\n<\/div>\n<\/div>\n<\/div>\n<\/div>\n<\/div>\n<p>[\/et_pb_testimonial][\/et_pb_column][\/et_pb_row][et_pb_row _builder_version=&#8221;4.16&#8243; background_size=&#8221;initial&#8221; background_position=&#8221;top_left&#8221; background_repeat=&#8221;repeat&#8221; custom_padding=&#8221;50px|0px|30px|0px&#8221; custom_css_main_element=&#8221;text-align: center;&#8221; global_colors_info=&#8221;{}&#8221;][et_pb_column type=&#8221;4_4&#8243; _builder_version=&#8221;4.16&#8243; custom_padding=&#8221;|||&#8221; global_colors_info=&#8221;{}&#8221; custom_padding__hover=&#8221;|||&#8221;][et_pb_button button_url=&#8221;https:\/\/www.provenexpert.com\/de-de\/agentur-frisch-international-consulting-gmbh-und-co-kg\/&#8221; button_text=&#8221;WI\u0118CEJ OCEN&#8221; button_alignment=&#8221;left&#8221; admin_label=&#8221;Testimonial Button&#8221; _builder_version=&#8221;4.16&#8243; custom_button=&#8221;on&#8221; button_text_size=&#8221;18px&#8221; button_text_color=&#8221;#ffffff&#8221; button_bg_color=&#8221;#6eba01&#8243; button_border_width=&#8221;2px&#8221; button_border_color=&#8221;#6eba01&#8243; button_border_radius=&#8221;0px&#8221; button_letter_spacing=&#8221;2px&#8221; button_font=&#8221;Montserrat|||on|&#8221; button_use_icon=&#8221;off&#8221; animation_style=&#8221;fold&#8221; animation_direction=&#8221;bottom&#8221; button_text_color_hover=&#8221;#ffffff&#8221; button_border_color_hover=&#8221;#ffffff&#8221; button_border_radius_hover=&#8221;0px&#8221; button_letter_spacing_hover=&#8221;2px&#8221; button_bg_color_hover=&#8221;rgba(255,255,255,0)&#8221; locked=&#8221;off&#8221; global_colors_info=&#8221;{}&#8221; button_text_size__hover_enabled=&#8221;off&#8221; button_one_text_size__hover_enabled=&#8221;off&#8221; button_two_text_size__hover_enabled=&#8221;off&#8221; button_text_color__hover_enabled=&#8221;on&#8221; button_text_color__hover=&#8221;#ffffff&#8221; button_one_text_color__hover_enabled=&#8221;off&#8221; button_two_text_color__hover_enabled=&#8221;off&#8221; button_border_width__hover_enabled=&#8221;off&#8221; button_one_border_width__hover_enabled=&#8221;off&#8221; button_two_border_width__hover_enabled=&#8221;off&#8221; button_border_color__hover_enabled=&#8221;on&#8221; button_border_color__hover=&#8221;#ffffff&#8221; button_one_border_color__hover_enabled=&#8221;off&#8221; button_two_border_color__hover_enabled=&#8221;off&#8221; button_border_radius__hover_enabled=&#8221;on&#8221; button_border_radius__hover=&#8221;0px&#8221; button_one_border_radius__hover_enabled=&#8221;off&#8221; button_two_border_radius__hover_enabled=&#8221;off&#8221; button_letter_spacing__hover_enabled=&#8221;on&#8221; button_letter_spacing__hover=&#8221;2px&#8221; button_one_letter_spacing__hover_enabled=&#8221;off&#8221; button_two_letter_spacing__hover_enabled=&#8221;off&#8221; button_bg_color__hover_enabled=&#8221;on&#8221; button_bg_color__hover=&#8221;rgba(255,255,255,0)&#8221; button_one_bg_color__hover_enabled=&#8221;off&#8221; button_two_bg_color__hover_enabled=&#8221;off&#8221;][\/et_pb_button][\/et_pb_column][\/et_pb_row][\/et_pb_section]<\/p>\n","protected":false},"excerpt":{"rendered":"<p>Dzi\u0119ki poradom Agencji Importu Chin Frisch uda Ci si\u0119 prowadzi\u0107 interesy z Chinami tak, jakby robili to profesjonali\u015bci. Doradztwo w zakresie importu z Chin poprzez konferencj\u0119 online TEAMS lub telefonicznie W przypadku kr\u00f3tkich konkretnych temat\u00f3w oferujemy indywidualne doradztwo lub coaching ju\u017c od p\u00f3\u0142 godziny. Agentur Frisch oferuje indywidualne konsultacje, je\u015bli chcesz wyja\u015bni\u0107 kr\u00f3tkie pytania i [&hellip;]<\/p>\n","protected":false},"author":2,"featured_media":0,"parent":0,"menu_order":0,"comment_status":"closed","ping_status":"closed","template":"","meta":{"_et_pb_use_builder":"on","_et_pb_old_content":"","_et_gb_content_width":"","footnotes":""},"class_list":["post-12014","page","type-page","status-publish","hentry"],"yoast_head":"<!-- This site is optimized with the Yoast SEO plugin v27.2 - https:\/\/yoast.com\/product\/yoast-seo-wordpress\/ -->\n<title>Konsultacje telefoniczne i spotkanie TEAMS online dotycz\u0105ce importu z Chin<\/title>\n<meta name=\"description\" content=\"Telefoniczne porady dotycz\u0105ce importu z Chin \u25ba dost\u0119pne r\u00f3wnie\u017c jako spotkanie MS TEAMS z Twoim zespo\u0142em \u25ba Po prostu op\u0142ata za godzin\u0119 \u25ba Uzyskaj porad\u0119 ju\u017c teraz!\" \/>\n<meta name=\"robots\" content=\"index, follow, max-snippet:-1, max-image-preview:large, max-video-preview:-1\" \/>\n<link rel=\"canonical\" href=\"https:\/\/ag-frisch.com\/pl\/chiny-import-porada-2\/\" \/>\n<meta property=\"og:locale\" content=\"pl_PL\" \/>\n<meta property=\"og:type\" content=\"article\" \/>\n<meta property=\"og:title\" content=\"Konsultacje telefoniczne i spotkanie TEAMS online dotycz\u0105ce importu z Chin\" \/>\n<meta property=\"og:description\" content=\"Telefoniczne porady dotycz\u0105ce importu z Chin \u25ba dost\u0119pne r\u00f3wnie\u017c jako spotkanie MS TEAMS z Twoim zespo\u0142em \u25ba Po prostu op\u0142ata za godzin\u0119 \u25ba Uzyskaj porad\u0119 ju\u017c teraz!\" \/>\n<meta property=\"og:url\" content=\"https:\/\/ag-frisch.com\/pl\/chiny-import-porada-2\/\" \/>\n<meta property=\"og:site_name\" content=\"China Import Beratung f\u00fcr den Einkauf aus China\" \/>\n<meta property=\"article:publisher\" content=\"https:\/\/www.facebook.com\/China.Import\" \/>\n<meta property=\"article:modified_time\" content=\"2023-01-27T04:41:48+00:00\" \/>\n<meta name=\"twitter:card\" content=\"summary_large_image\" \/>\n<meta name=\"twitter:site\" content=\"@agenturfrisch\" \/>\n<meta name=\"twitter:label1\" content=\"Szacowany czas czytania\" \/>\n\t<meta name=\"twitter:data1\" content=\"7 minut\" \/>\n<script type=\"application\/ld+json\" class=\"yoast-schema-graph\">{\"@context\":\"https:\/\/schema.org\",\"@graph\":[{\"@type\":\"WebPage\",\"@id\":\"https:\/\/ag-frisch.com\/pl\/chiny-import-porada-2\/\",\"url\":\"https:\/\/ag-frisch.com\/pl\/chiny-import-porada-2\/\",\"name\":\"Konsultacje telefoniczne i spotkanie TEAMS online dotycz\u0105ce importu z Chin\",\"isPartOf\":{\"@id\":\"https:\/\/ag-frisch.com\/de\/#website\"},\"datePublished\":\"2022-04-05T18:23:00+00:00\",\"dateModified\":\"2023-01-27T04:41:48+00:00\",\"description\":\"Telefoniczne porady dotycz\u0105ce importu z Chin \u25ba dost\u0119pne r\u00f3wnie\u017c jako spotkanie MS TEAMS z Twoim zespo\u0142em \u25ba Po prostu op\u0142ata za godzin\u0119 \u25ba Uzyskaj porad\u0119 ju\u017c teraz!\",\"breadcrumb\":{\"@id\":\"https:\/\/ag-frisch.com\/pl\/chiny-import-porada-2\/#breadcrumb\"},\"inLanguage\":\"pl-PL\",\"potentialAction\":[{\"@type\":\"ReadAction\",\"target\":[\"https:\/\/ag-frisch.com\/pl\/chiny-import-porada-2\/\"]}]},{\"@type\":\"BreadcrumbList\",\"@id\":\"https:\/\/ag-frisch.com\/pl\/chiny-import-porada-2\/#breadcrumb\",\"itemListElement\":[{\"@type\":\"ListItem\",\"position\":1,\"name\":\"Startseite\",\"item\":\"https:\/\/ag-frisch.com\/de\/\"},{\"@type\":\"ListItem\",\"position\":2,\"name\":\"chiny-import-porada-2\"}]},{\"@type\":\"WebSite\",\"@id\":\"https:\/\/ag-frisch.com\/de\/#website\",\"url\":\"https:\/\/ag-frisch.com\/de\/\",\"name\":\"China Import Beratung f\u00fcr den Einkauf aus China\",\"description\":\"China Import &amp; Export Beratung - Der Dienstleister Ihres Vertrauens f\u00fcr Ihren China Import\",\"publisher\":{\"@id\":\"https:\/\/ag-frisch.com\/de\/#organization\"},\"potentialAction\":[{\"@type\":\"SearchAction\",\"target\":{\"@type\":\"EntryPoint\",\"urlTemplate\":\"https:\/\/ag-frisch.com\/de\/?s={search_term_string}\"},\"query-input\":{\"@type\":\"PropertyValueSpecification\",\"valueRequired\":true,\"valueName\":\"search_term_string\"}}],\"inLanguage\":\"pl-PL\"},{\"@type\":\"Organization\",\"@id\":\"https:\/\/ag-frisch.com\/de\/#organization\",\"name\":\"Agentur Frisch International Consulting GmbH & Co. KG\",\"url\":\"https:\/\/ag-frisch.com\/de\/\",\"logo\":{\"@type\":\"ImageObject\",\"inLanguage\":\"pl-PL\",\"@id\":\"https:\/\/ag-frisch.com\/de\/#\/schema\/logo\/image\/\",\"url\":\"https:\/\/ag-frisch.com\/wp-content\/uploads\/2021\/08\/ag_logo_rgb_300_small.png\",\"contentUrl\":\"https:\/\/ag-frisch.com\/wp-content\/uploads\/2021\/08\/ag_logo_rgb_300_small.png\",\"width\":153,\"height\":102,\"caption\":\"Agentur Frisch International Consulting GmbH & Co. KG\"},\"image\":{\"@id\":\"https:\/\/ag-frisch.com\/de\/#\/schema\/logo\/image\/\"},\"sameAs\":[\"https:\/\/www.facebook.com\/China.Import\",\"https:\/\/x.com\/agenturfrisch\"]}]}<\/script>\n<!-- \/ Yoast SEO plugin. -->","yoast_head_json":{"title":"Konsultacje telefoniczne i spotkanie TEAMS online dotycz\u0105ce importu z Chin","description":"Telefoniczne porady dotycz\u0105ce importu z Chin \u25ba dost\u0119pne r\u00f3wnie\u017c jako spotkanie MS TEAMS z Twoim zespo\u0142em \u25ba Po prostu op\u0142ata za godzin\u0119 \u25ba Uzyskaj porad\u0119 ju\u017c teraz!","robots":{"index":"index","follow":"follow","max-snippet":"max-snippet:-1","max-image-preview":"max-image-preview:large","max-video-preview":"max-video-preview:-1"},"canonical":"https:\/\/ag-frisch.com\/pl\/chiny-import-porada-2\/","og_locale":"pl_PL","og_type":"article","og_title":"Konsultacje telefoniczne i spotkanie TEAMS online dotycz\u0105ce importu z Chin","og_description":"Telefoniczne porady dotycz\u0105ce importu z Chin \u25ba dost\u0119pne r\u00f3wnie\u017c jako spotkanie MS TEAMS z Twoim zespo\u0142em \u25ba Po prostu op\u0142ata za godzin\u0119 \u25ba Uzyskaj porad\u0119 ju\u017c teraz!","og_url":"https:\/\/ag-frisch.com\/pl\/chiny-import-porada-2\/","og_site_name":"China Import Beratung f\u00fcr den Einkauf aus China","article_publisher":"https:\/\/www.facebook.com\/China.Import","article_modified_time":"2023-01-27T04:41:48+00:00","twitter_card":"summary_large_image","twitter_site":"@agenturfrisch","twitter_misc":{"Szacowany czas czytania":"7 minut"},"schema":{"@context":"https:\/\/schema.org","@graph":[{"@type":"WebPage","@id":"https:\/\/ag-frisch.com\/pl\/chiny-import-porada-2\/","url":"https:\/\/ag-frisch.com\/pl\/chiny-import-porada-2\/","name":"Konsultacje telefoniczne i spotkanie TEAMS online dotycz\u0105ce importu z Chin","isPartOf":{"@id":"https:\/\/ag-frisch.com\/de\/#website"},"datePublished":"2022-04-05T18:23:00+00:00","dateModified":"2023-01-27T04:41:48+00:00","description":"Telefoniczne porady dotycz\u0105ce importu z Chin \u25ba dost\u0119pne r\u00f3wnie\u017c jako spotkanie MS TEAMS z Twoim zespo\u0142em \u25ba Po prostu op\u0142ata za godzin\u0119 \u25ba Uzyskaj porad\u0119 ju\u017c teraz!","breadcrumb":{"@id":"https:\/\/ag-frisch.com\/pl\/chiny-import-porada-2\/#breadcrumb"},"inLanguage":"pl-PL","potentialAction":[{"@type":"ReadAction","target":["https:\/\/ag-frisch.com\/pl\/chiny-import-porada-2\/"]}]},{"@type":"BreadcrumbList","@id":"https:\/\/ag-frisch.com\/pl\/chiny-import-porada-2\/#breadcrumb","itemListElement":[{"@type":"ListItem","position":1,"name":"Startseite","item":"https:\/\/ag-frisch.com\/de\/"},{"@type":"ListItem","position":2,"name":"chiny-import-porada-2"}]},{"@type":"WebSite","@id":"https:\/\/ag-frisch.com\/de\/#website","url":"https:\/\/ag-frisch.com\/de\/","name":"China Import Beratung f\u00fcr den Einkauf aus China","description":"China Import &amp; Export Beratung - Der Dienstleister Ihres Vertrauens f\u00fcr Ihren China Import","publisher":{"@id":"https:\/\/ag-frisch.com\/de\/#organization"},"potentialAction":[{"@type":"SearchAction","target":{"@type":"EntryPoint","urlTemplate":"https:\/\/ag-frisch.com\/de\/?s={search_term_string}"},"query-input":{"@type":"PropertyValueSpecification","valueRequired":true,"valueName":"search_term_string"}}],"inLanguage":"pl-PL"},{"@type":"Organization","@id":"https:\/\/ag-frisch.com\/de\/#organization","name":"Agentur Frisch International Consulting GmbH & Co. KG","url":"https:\/\/ag-frisch.com\/de\/","logo":{"@type":"ImageObject","inLanguage":"pl-PL","@id":"https:\/\/ag-frisch.com\/de\/#\/schema\/logo\/image\/","url":"https:\/\/ag-frisch.com\/wp-content\/uploads\/2021\/08\/ag_logo_rgb_300_small.png","contentUrl":"https:\/\/ag-frisch.com\/wp-content\/uploads\/2021\/08\/ag_logo_rgb_300_small.png","width":153,"height":102,"caption":"Agentur Frisch International Consulting GmbH & Co. KG"},"image":{"@id":"https:\/\/ag-frisch.com\/de\/#\/schema\/logo\/image\/"},"sameAs":["https:\/\/www.facebook.com\/China.Import","https:\/\/x.com\/agenturfrisch"]}]}},"_links":{"self":[{"href":"https:\/\/ag-frisch.com\/pl\/wp-json\/wp\/v2\/pages\/12014","targetHints":{"allow":["GET"]}}],"collection":[{"href":"https:\/\/ag-frisch.com\/pl\/wp-json\/wp\/v2\/pages"}],"about":[{"href":"https:\/\/ag-frisch.com\/pl\/wp-json\/wp\/v2\/types\/page"}],"author":[{"embeddable":true,"href":"https:\/\/ag-frisch.com\/pl\/wp-json\/wp\/v2\/users\/2"}],"replies":[{"embeddable":true,"href":"https:\/\/ag-frisch.com\/pl\/wp-json\/wp\/v2\/comments?post=12014"}],"version-history":[{"count":0,"href":"https:\/\/ag-frisch.com\/pl\/wp-json\/wp\/v2\/pages\/12014\/revisions"}],"wp:attachment":[{"href":"https:\/\/ag-frisch.com\/pl\/wp-json\/wp\/v2\/media?parent=12014"}],"curies":[{"name":"wp","href":"https:\/\/api.w.org\/{rel}","templated":true}]}}