{"id":12054,"date":"2022-05-09T23:19:31","date_gmt":"2022-05-09T21:19:31","guid":{"rendered":"https:\/\/ag-frisch.com\/produkty-wellness-z-chin\/"},"modified":"2023-01-27T05:41:59","modified_gmt":"2023-01-27T04:41:59","slug":"produkty-wellness-z-chin","status":"publish","type":"page","link":"https:\/\/ag-frisch.com\/pl\/produkty-wellness-z-chin\/","title":{"rendered":"Produkty Wellness z Chin"},"content":{"rendered":"<p>[et_pb_section fb_built=&#8221;1&#8243; _builder_version=&#8221;4.16&#8243; _module_preset=&#8221;default&#8221; global_colors_info=&#8221;{}&#8221;][et_pb_row _builder_version=&#8221;4.18.1&#8243; _module_preset=&#8221;default&#8221; global_colors_info=&#8221;{}&#8221;][et_pb_column type=&#8221;4_4&#8243; _builder_version=&#8221;4.18.1&#8243; _module_preset=&#8221;default&#8221; global_colors_info=&#8221;{}&#8221;][et_pb_cta title=&#8221;China Import Consulting&#8221; button_url=&#8221;https:\/\/ag-frisch.com\/pl\/kontakt\/&#8221; button_text=&#8221;Zarezerwuj konsultacj\u0119 ju\u017c teraz&#8221; _builder_version=&#8221;4.16&#8243; _module_preset=&#8221;default&#8221; global_colors_info=&#8221;{}&#8221;]<\/p>\n<p>Dzi\u0119ki poradom Agencji Importu Chin Frisch uda Ci si\u0119 prowadzi\u0107 interesy z Chinami tak, jakby robili to profesjonali\u015bci.  <\/p>\n<p>[\/et_pb_cta][\/et_pb_column][\/et_pb_row][et_pb_row _builder_version=&#8221;4.16&#8243; _module_preset=&#8221;default&#8221; global_colors_info=&#8221;{}&#8221;][et_pb_column type=&#8221;4_4&#8243; _builder_version=&#8221;4.16&#8243; _module_preset=&#8221;default&#8221; global_colors_info=&#8221;{}&#8221;][et_pb_text _builder_version=&#8221;4.16&#8243; _module_preset=&#8221;default&#8221; global_colors_info=&#8221;{}&#8221;]<\/p>\n<h3><strong>Wellness i produkty kosmetyczne z Chin<\/strong><\/h3>\n<p><strong>Importuj wszystko o urodzie i wellness z Chin<\/strong><\/p>\n<p>Je\u015bli chcesz by\u0107 pi\u0119kna, nie musisz cierpie\u0107 &#8211; mo\u017cesz po prostu importowa\u0107 produkty wellness i kosmetyczne z Chin. W cenach, kt\u00f3re gwarantuj\u0105, \u017ce nie zaszkodzi. W Agentur Frisch oferujemy hurtownikom i sprzedawcom detalicznym, a tak\u017ce sprzedawcom internetowym tani i bezpieczny zakup wysokiej jako\u015bci produkt\u00f3w z sektora wellness i kosmetyk\u00f3w z Chin. W oparciu o nasze wieloletnie do\u015bwiadczenie stawiamy na wysokiej klasy partner\u00f3w handlowych, kt\u00f3rzy wiedz\u0105 jak wa\u017cna jest niezawodno\u015b\u0107 i jako\u015b\u0107, a jednocze\u015bnie oferuj\u0105 bezkonkurencyjnie niskie ceny. Dzi\u0119ki temu nikt nie musi cierpie\u0107. Obietnica.<\/p>\n<p>&nbsp;<\/p>\n<p><strong>Kosmetyki z Chin &#8211; tanie, sprawdzone i wysokiej jako\u015bci<\/strong><\/p>\n<p>Chcesz zainspirowa\u0107 swoich klient\u00f3w swoimi produktami kosmetycznymi? I wcale nie trzeba wydawa\u0107 du\u017co pieni\u0119dzy na zakupy? Oferujemy Pa\u0144stwu idealne rozwi\u0105zanie. Import kosmetyk\u00f3w z Chin jest nieskomplikowany i bezpieczny, o ile wybierzesz odpowiedniego partnera handlowego &#8211; Agencj\u0119 Frisch. Niezliczona ilo\u015b\u0107 zadowolonych sta\u0142ych klient\u00f3w ze wszystkich grup produktowych m\u00f3wi jasnym j\u0119zykiem. Ty te\u017c mo\u017cesz skorzysta\u0107 z importu kosmetyk\u00f3w z Chin bezpo\u015brednio od producenta.<\/p>\n<p>W tym segmencie mo\u017cemy Pa\u0144stwu zleci\u0107 mi\u0119dzy innymi nast\u0119puj\u0105ce produkty:<\/p>\n<ul>\n<li>Makija\u017c, Podk\u0142ady, Puder<\/li>\n<li>Balsam do ust, Szminki, Kontur\u00f3wki<\/li>\n<li>Sztuczne rz\u0119sy, tusz do rz\u0119s, zalotka do rz\u0119s<\/li>\n<li>Perfumy, balsamy i olejki do cia\u0142a<\/li>\n<li>Materia\u0142y do manicure i pedicure<\/li>\n<li>Kremy na dzie\u0144 i kremy przeciwzmarszczkowe<\/li>\n<li>Krem do opalania i samoopalacz<\/li>\n<\/ul>\n<p><strong>Sprawiamy, \u017ce \u015bwiat staje si\u0119 pi\u0119kniejszy &#8211; dzi\u0119ki wspania\u0142ym, niedrogim makija\u017com z Chin.<\/strong><\/p>\n<p>&nbsp;<\/p>\n<p><strong>Dla bezpiecze\u0144stwa i dobrego samopoczucia: produkty wellness z Chin<\/strong><\/p>\n<p>Ma\u0142o kt\u00f3ra bran\u017ca prze\u017cywa w ostatnim czasie tak wielki rozkwit jak bran\u017ca wellness; pragnienie osobistego poczucia dobrostanu w Niemczech staje si\u0119 coraz wi\u0119ksze. Otwiera to r\u00f3wnie\u017c nowe mo\u017cliwo\u015bci rynkowe. Niezale\u017cnie od tego, czy jeste\u015b nowy w bran\u017cy, czy masz ju\u017c marki i do\u015bwiadczenie w tej dziedzinie, Agentur Frisch jest Twoim optymalnym kontaktem dla rozwoju biznesu poprzez handel zagraniczny. Oferujemy Pa\u0144stwu kontakt z pierwszorz\u0119dnymi, rzetelnymi partnerami handlowymi w Chinach, z kt\u00f3rymi mo\u017cna lukratywnie i bezproblemowo prowadzi\u0107 import z Chin.<\/p>\n<p>Od le\u017canek do masa\u017cu po lampy na podczerwie\u0144, koce grzewcze, materia\u0142y eksploatacyjne do sauny i wiele innych, wszystko mo\u017cna u nas kupi\u0107 w du\u017cych ilo\u015bciach bezpo\u015brednio od producenta w Chinach: Oferujemy Pa\u0144stwu produkty wellness z Chin w niezwykle dobrych cenach i najlepszej jako\u015bci.<\/p>\n<p>&nbsp;<\/p>\n<p><strong>Import \u015brodk\u00f3w pomocniczych i wyrob\u00f3w medycznych z Chin &#8211; sprawdzony i bezpieczny<\/strong><\/p>\n<p>Obni\u017cenie koszt\u00f3w mo\u017cna r\u00f3wnie\u017c osi\u0105gn\u0105\u0107 w dziedzinie pomocy i urz\u0105dze\u0144 medycznych poprzez przyw\u00f3z z Chin. Szczeg\u00f3lny nacisk k\u0142adziemy na znalezienie renomowanych producent\u00f3w, kt\u00f3rzy spe\u0142niaj\u0105 wysokie niemieckie standardy dotycz\u0105ce pomocy medycznych i produkt\u00f3w z Chin. Przeprowadzamy w\u0142asne testy w naszych laboratoriach badawczych i w ten spos\u00f3b zapobiegamy nieprzyjemnym niespodziankom i kosztownym szkodom. Je\u015bli zakupisz pomoce i urz\u0105dzenia medyczne z Chin za po\u015brednictwem agencji Frisch, mo\u017cesz by\u0107 pewien, \u017ce nie b\u0119dzie problem\u00f3w z kontrol\u0105 jako\u015bci, importem celnym lub p\u00f3\u017aniejszymi roszczeniami regresowymi. Chcemy po\u0142\u0105czy\u0107 najni\u017csze ceny z najlepsz\u0105 jako\u015bci\u0105. Osi\u0105gamy to dzi\u0119ki naszemu bogatemu do\u015bwiadczeniu i najlepszym relacjom handlowym.<\/p>\n<p>Odbierz za naszym po\u015brednictwem np:<\/p>\n<ul>\n<li>Plaster i banda\u017ce<\/li>\n<li>Produkty ortopedyczne i \u015brodki pomocnicze<\/li>\n<li>W\u00f3zki inwalidzkie, urz\u0105dzenia wspomagaj\u0105ce chodzenie, protezy<\/li>\n<li>Artyku\u0142y dla diabetyk\u00f3w, testy narkotykowe, szybkie testy Corona<\/li>\n<li>Sporttapes<\/li>\n<li>Optometria<\/li>\n<\/ul>\n<p>&nbsp;<\/p>\n<p><strong>Najlepszy serwis dla Twojego importu z Chin: Agentur Frisch<\/strong><\/p>\n<p>Skontaktuj si\u0119 z nami, a wsp\u00f3lnie wyja\u015bnimy, kt\u00f3re us\u0142ugi Agencji Frisch s\u0105 dla Ciebie odpowiednie. Oferujemy Pa\u0144stwu wszystkie us\u0142ugi zwi\u0105zane z importem produkt\u00f3w wellness i kosmetyk\u00f3w z Chin, od analizy potrzeb, poprzez poszukiwanie producent\u00f3w i negocjacje um\u00f3w, kontrol\u0119 jako\u015bci i logistyk\u0119 transportu, a\u017c po magazynowanie w Niemczech.<\/p>\n<p>&nbsp;<\/p>\n<p><strong>Cieszymy si\u0119, \u017ce wkr\u00f3tce b\u0119dziemy mogli zaliczy\u0107 Pa\u0144stwa do grona naszych zadowolonych sta\u0142ych klient\u00f3w!<\/strong><\/p>\n<p>[\/et_pb_text][\/et_pb_column][\/et_pb_row][\/et_pb_section][et_pb_section fb_built=&#8221;1&#8243; admin_label=&#8221;Testimonials&#8221; _builder_version=&#8221;4.16&#8243; use_background_color_gradient=&#8221;on&#8221; background_color_gradient_stops=&#8221;rgba(0,106,156,0.85) 0%|rgba(0,106,156,0.85) 100%&#8221; background_color_gradient_start=&#8221;rgba(0,106,156,0.85)&#8221; background_color_gradient_end=&#8221;rgba(0,106,156,0.85)&#8221; custom_padding=&#8221;90px||60px|&#8221; animation_style=&#8221;fold&#8221; animation_direction=&#8221;bottom&#8221; animation_intensity_fold=&#8221;4%&#8221; global_colors_info=&#8221;{}&#8221;][et_pb_row _builder_version=&#8221;4.16&#8243; background_size=&#8221;initial&#8221; background_position=&#8221;top_left&#8221; background_repeat=&#8221;repeat&#8221; custom_width_px=&#8221;710px&#8221; locked=&#8221;off&#8221; global_colors_info=&#8221;{}&#8221;][et_pb_column type=&#8221;4_4&#8243; _builder_version=&#8221;4.16&#8243; background_position=&#8221;top_left&#8221; custom_padding=&#8221;|||&#8221; global_colors_info=&#8221;{}&#8221; custom_padding__hover=&#8221;|||&#8221;][et_pb_text admin_label=&#8221;Testimonials Section Title&#8221; _builder_version=&#8221;4.16&#8243; header_font=&#8221;Montserrat||||&#8221; header_font_size=&#8221;36px&#8221; background_size=&#8221;initial&#8221; background_position=&#8221;top_left&#8221; background_repeat=&#8221;repeat&#8221; text_orientation=&#8221;center&#8221; background_layout=&#8221;dark&#8221; max_width=&#8221;710px&#8221; module_alignment=&#8221;center&#8221; animation_style=&#8221;fold&#8221; animation_direction=&#8221;bottom&#8221; animation_intensity_fold=&#8221;20%&#8221; global_colors_info=&#8221;{}&#8221;]<\/p>\n<h1>Ponad 5000 zadowolonych klient\u00f3w.<\/h1>\n<p>&nbsp;<\/p>\n<p>[\/et_pb_text][et_pb_divider color=&#8221;#ffffff&#8221; divider_weight=&#8221;3px&#8221; disabled_on=&#8221;off|off|off&#8221; _builder_version=&#8221;4.16&#8243; background_color_gradient_direction=&#8221;90deg&#8221; max_width=&#8221;100px&#8221; module_alignment=&#8221;center&#8221; height=&#8221;5px&#8221; custom_margin=&#8221;||20px|&#8221; custom_padding=&#8221;||20px|&#8221; animation_style=&#8221;slide&#8221; animation_direction=&#8221;bottom&#8221; saved_tabs=&#8221;all&#8221; locked=&#8221;off&#8221; global_colors_info=&#8221;{}&#8221;][\/et_pb_divider][\/et_pb_column][\/et_pb_row][et_pb_row column_structure=&#8221;1_2,1_2&#8243; _builder_version=&#8221;4.18.1&#8243; _module_preset=&#8221;default&#8221; global_colors_info=&#8221;{}&#8221;][et_pb_column type=&#8221;1_2&#8243; _builder_version=&#8221;4.18.1&#8243; _module_preset=&#8221;default&#8221; global_colors_info=&#8221;{}&#8221;][et_pb_testimonial author=&#8221;Marco&#8221; portrait_url=&#8221;https:\/\/ag-frisch.com\/wp-content\/uploads\/2021\/08\/Harald.png&#8221; quote_icon=&#8221;off&#8221; _builder_version=&#8221;4.18.1&#8243; _module_preset=&#8221;default&#8221; body_font_size=&#8221;16px&#8221; use_background_color=&#8221;off&#8221; background_layout=&#8221;dark&#8221; global_colors_info=&#8221;{}&#8221;]Zleci\u0142em agencji Frisch wyprodukowanie du\u017cego mebla w Chinach, a nast\u0119pnie sprowadzenie go do Niemiec. Przez ca\u0142y czas by\u0142a sprawna komunikacja mailowa! Bardzo szybkie i rzetelne odpowiedzi stale dodawa\u0142y mi otuchy, kt\u00f3ra jest niezb\u0119dna w takim przedsi\u0119wzi\u0119ciu. Przez ca\u0142y czas pomagano mi przebrn\u0105\u0107 przez biurokratyczny g\u0105szcz, nie zapomniano o \u017cadnym formularzu ani nie wype\u0142niono go b\u0142\u0119dnie. Bardzo godne pochwa\u0142y!<a href=\"&lt;div%20class=%22pe-richsnippets%22&gt;&nbsp;&lt;\/div&gt;%20&lt;script%20type=%22text\/javascript%22%20src=%22https:\/\/www.provenexpert.com\/widget\/richsnippet.js?u=1NUA0VwZ4RUZ5tmAi5zA4RaplNKAlWwZ&amp;v=2%22%20async&gt;&lt;\/script&gt;%20&lt;div%20style=%22text-align:%20justify;%22&gt;&lt;br%20\/&gt;\"><\/a><\/p>\n<div class=\"brow ratingBarMargin\">\n<div class=\"ratingBar\">\n<div class=\"brow\">\n<div class=\"pe-richsnippets\">&nbsp;<\/div>\n<p><script type=\"text\/javascript\" src=\"https:\/\/www.provenexpert.com\/widget\/richsnippet.js?u=1NUA0VwZ4RUZ5tmAi5zA4RaplNKAlWwZ&amp;v=2\" async=\"\"><\/script><\/p>\n<div style=\"text-align: justify;\"><\/p>\n<div class=\"col-lg-9 col-md-8 col-xs-10 mt20 mb20\">\n<div class=\"col-xs-12 surveyNameForRating\"><\/div>\n<\/div>\n<\/div>\n<\/div>\n<\/div>\n<\/div>\n<p>[\/et_pb_testimonial][\/et_pb_column][et_pb_column type=&#8221;1_2&#8243; _builder_version=&#8221;4.18.1&#8243; _module_preset=&#8221;default&#8221; global_colors_info=&#8221;{}&#8221;][et_pb_testimonial author=&#8221;Simone L.&#8221; portrait_url=&#8221;https:\/\/ag-frisch.com\/wp-content\/uploads\/2021\/08\/Harald.png&#8221; quote_icon=&#8221;off&#8221; _builder_version=&#8221;4.18.1&#8243; _module_preset=&#8221;default&#8221; body_font_size=&#8221;16px&#8221; use_background_color=&#8221;off&#8221; background_layout=&#8221;dark&#8221; global_colors_info=&#8221;{}&#8221;]<\/p>\n<p>Ca\u0142a g\u00f3ra. Nie ma nic lepszego ni\u017c to. Doradzanie i wdra\u017canie nie mo\u017ce by\u0107 zrobione lepiej. Jeste\u015bmy bardziej ni\u017c zadowoleni po kilku zam\u00f3wieniach z t\u0105 firm\u0105 i kontynuowa\u0107 nasz\u0105 wsp\u00f3\u0142prac\u0119.<\/p>\n<div class=\"brow ratingBarMargin\">\n<div class=\"ratingBar\">\n<div class=\"brow\">\n<div class=\"pe-richsnippets\"> <\/div>\n<p>\n<script type=\"text\/javascript\" src=\"https:\/\/www.provenexpert.com\/widget\/richsnippet.js?u=1NUA0VwZ4RUZ5tmAi5zA4RaplNKAlWwZ&amp;v=2\" async=\"\"><\/script>\n<\/p>\n<div style=\"text-align: justify;\">\n<p>&nbsp;<\/p>\n<div class=\"col-lg-9 col-md-8 col-xs-10 mt20 mb20\">\n<div class=\"col-xs-12 surveyNameForRating\"><\/div>\n<\/div>\n<\/div>\n<\/div>\n<\/div>\n<\/div>\n<p>[\/et_pb_testimonial][\/et_pb_column][\/et_pb_row][et_pb_row _builder_version=&#8221;4.16&#8243; background_size=&#8221;initial&#8221; background_position=&#8221;top_left&#8221; background_repeat=&#8221;repeat&#8221; custom_padding=&#8221;50px|0px|30px|0px&#8221; custom_css_main_element=&#8221;text-align: center;&#8221; global_colors_info=&#8221;{}&#8221;][et_pb_column type=&#8221;4_4&#8243; _builder_version=&#8221;4.16&#8243; custom_padding=&#8221;|||&#8221; global_colors_info=&#8221;{}&#8221; custom_padding__hover=&#8221;|||&#8221;][et_pb_button button_url=&#8221;https:\/\/www.provenexpert.com\/de-de\/agentur-frisch-international-consulting-gmbh-und-co-kg\/&#8221; button_text=&#8221;WI\u0118CEJ OCEN&#8221; button_alignment=&#8221;left&#8221; admin_label=&#8221;Testimonial Button&#8221; _builder_version=&#8221;4.16&#8243; custom_button=&#8221;on&#8221; button_text_size=&#8221;18px&#8221; button_text_color=&#8221;#ffffff&#8221; button_bg_color=&#8221;#6eba01&#8243; button_border_width=&#8221;2px&#8221; button_border_color=&#8221;#6eba01&#8243; button_border_radius=&#8221;0px&#8221; button_letter_spacing=&#8221;2px&#8221; button_font=&#8221;Montserrat|||on|&#8221; button_use_icon=&#8221;off&#8221; animation_style=&#8221;fold&#8221; animation_direction=&#8221;bottom&#8221; button_text_color_hover=&#8221;#ffffff&#8221; button_border_color_hover=&#8221;#ffffff&#8221; button_border_radius_hover=&#8221;0px&#8221; button_letter_spacing_hover=&#8221;2px&#8221; button_bg_color_hover=&#8221;rgba(255,255,255,0)&#8221; locked=&#8221;off&#8221; global_colors_info=&#8221;{}&#8221; button_text_size__hover_enabled=&#8221;off&#8221; button_one_text_size__hover_enabled=&#8221;off&#8221; button_two_text_size__hover_enabled=&#8221;off&#8221; button_text_color__hover_enabled=&#8221;on&#8221; button_text_color__hover=&#8221;#ffffff&#8221; button_one_text_color__hover_enabled=&#8221;off&#8221; button_two_text_color__hover_enabled=&#8221;off&#8221; button_border_width__hover_enabled=&#8221;off&#8221; button_one_border_width__hover_enabled=&#8221;off&#8221; button_two_border_width__hover_enabled=&#8221;off&#8221; button_border_color__hover_enabled=&#8221;on&#8221; button_border_color__hover=&#8221;#ffffff&#8221; button_one_border_color__hover_enabled=&#8221;off&#8221; button_two_border_color__hover_enabled=&#8221;off&#8221; button_border_radius__hover_enabled=&#8221;on&#8221; button_border_radius__hover=&#8221;0px&#8221; button_one_border_radius__hover_enabled=&#8221;off&#8221; button_two_border_radius__hover_enabled=&#8221;off&#8221; button_letter_spacing__hover_enabled=&#8221;on&#8221; button_letter_spacing__hover=&#8221;2px&#8221; button_one_letter_spacing__hover_enabled=&#8221;off&#8221; button_two_letter_spacing__hover_enabled=&#8221;off&#8221; button_bg_color__hover_enabled=&#8221;on&#8221; button_bg_color__hover=&#8221;rgba(255,255,255,0)&#8221; button_one_bg_color__hover_enabled=&#8221;off&#8221; button_two_bg_color__hover_enabled=&#8221;off&#8221;][\/et_pb_button][\/et_pb_column][\/et_pb_row][\/et_pb_section]<\/p>\n","protected":false},"excerpt":{"rendered":"<p>Dzi\u0119ki poradom Agencji Importu Chin Frisch uda Ci si\u0119 prowadzi\u0107 interesy z Chinami tak, jakby robili to profesjonali\u015bci. Wellness i produkty kosmetyczne z Chin Importuj wszystko o urodzie i wellness z Chin Je\u015bli chcesz by\u0107 pi\u0119kna, nie musisz cierpie\u0107 &#8211; mo\u017cesz po prostu importowa\u0107 produkty wellness i kosmetyczne z Chin. W cenach, kt\u00f3re gwarantuj\u0105, \u017ce [&hellip;]<\/p>\n","protected":false},"author":2,"featured_media":0,"parent":0,"menu_order":0,"comment_status":"closed","ping_status":"closed","template":"","meta":{"_et_pb_use_builder":"on","_et_pb_old_content":"","_et_gb_content_width":"","footnotes":""},"class_list":["post-12054","page","type-page","status-publish","hentry"],"yoast_head":"<!-- This site is optimized with the Yoast SEO plugin v27.4 - https:\/\/yoast.com\/product\/yoast-seo-wordpress\/ -->\n<title>Kupuj i importuj produkty wellness z Chin<\/title>\n<meta name=\"description\" content=\"Produkty Wellness z Chin \u25bb Produkty do masa\u017cu i sauny z Chin: Negocjacje zakupu \u2713 Umowa zakupu \u2713 Zapewnienie jako\u015bci \u2713 \u25bb Uzyskaj porad\u0119 teraz!\" \/>\n<meta name=\"robots\" content=\"index, follow, max-snippet:-1, max-image-preview:large, max-video-preview:-1\" \/>\n<link rel=\"canonical\" href=\"https:\/\/ag-frisch.com\/pl\/produkty-wellness-z-chin\/\" \/>\n<meta property=\"og:locale\" content=\"pl_PL\" \/>\n<meta property=\"og:type\" content=\"article\" \/>\n<meta property=\"og:title\" content=\"Kupuj i importuj produkty wellness z Chin\" \/>\n<meta property=\"og:description\" content=\"Produkty Wellness z Chin \u25bb Produkty do masa\u017cu i sauny z Chin: Negocjacje zakupu \u2713 Umowa zakupu \u2713 Zapewnienie jako\u015bci \u2713 \u25bb Uzyskaj porad\u0119 teraz!\" \/>\n<meta property=\"og:url\" content=\"https:\/\/ag-frisch.com\/pl\/produkty-wellness-z-chin\/\" \/>\n<meta property=\"og:site_name\" content=\"China Import Beratung f\u00fcr den Einkauf aus China\" \/>\n<meta property=\"article:publisher\" content=\"https:\/\/www.facebook.com\/China.Import\" \/>\n<meta property=\"article:modified_time\" content=\"2023-01-27T04:41:59+00:00\" \/>\n<meta name=\"twitter:card\" content=\"summary_large_image\" \/>\n<meta name=\"twitter:site\" content=\"@agenturfrisch\" \/>\n<meta name=\"twitter:label1\" content=\"Szacowany czas czytania\" \/>\n\t<meta name=\"twitter:data1\" content=\"8 minut\" \/>\n<script type=\"application\/ld+json\" class=\"yoast-schema-graph\">{\"@context\":\"https:\\\/\\\/schema.org\",\"@graph\":[{\"@type\":\"WebPage\",\"@id\":\"https:\\\/\\\/ag-frisch.com\\\/pl\\\/produkty-wellness-z-chin\\\/\",\"url\":\"https:\\\/\\\/ag-frisch.com\\\/pl\\\/produkty-wellness-z-chin\\\/\",\"name\":\"Kupuj i importuj produkty wellness z Chin\",\"isPartOf\":{\"@id\":\"https:\\\/\\\/ag-frisch.com\\\/de\\\/#website\"},\"datePublished\":\"2022-05-09T21:19:31+00:00\",\"dateModified\":\"2023-01-27T04:41:59+00:00\",\"description\":\"Produkty Wellness z Chin \u25bb Produkty do masa\u017cu i sauny z Chin: Negocjacje zakupu \u2713 Umowa zakupu \u2713 Zapewnienie jako\u015bci \u2713 \u25bb Uzyskaj porad\u0119 teraz!\",\"breadcrumb\":{\"@id\":\"https:\\\/\\\/ag-frisch.com\\\/pl\\\/produkty-wellness-z-chin\\\/#breadcrumb\"},\"inLanguage\":\"pl-PL\",\"potentialAction\":[{\"@type\":\"ReadAction\",\"target\":[\"https:\\\/\\\/ag-frisch.com\\\/pl\\\/produkty-wellness-z-chin\\\/\"]}]},{\"@type\":\"BreadcrumbList\",\"@id\":\"https:\\\/\\\/ag-frisch.com\\\/pl\\\/produkty-wellness-z-chin\\\/#breadcrumb\",\"itemListElement\":[{\"@type\":\"ListItem\",\"position\":1,\"name\":\"Startseite\",\"item\":\"https:\\\/\\\/ag-frisch.com\\\/de\\\/\"},{\"@type\":\"ListItem\",\"position\":2,\"name\":\"Produkty Wellness z Chin\"}]},{\"@type\":\"WebSite\",\"@id\":\"https:\\\/\\\/ag-frisch.com\\\/de\\\/#website\",\"url\":\"https:\\\/\\\/ag-frisch.com\\\/de\\\/\",\"name\":\"China Import Beratung f\u00fcr den Einkauf aus China\",\"description\":\"China Import &amp; Export Beratung - Der Dienstleister Ihres Vertrauens f\u00fcr Ihren China Import\",\"publisher\":{\"@id\":\"https:\\\/\\\/ag-frisch.com\\\/de\\\/#organization\"},\"potentialAction\":[{\"@type\":\"SearchAction\",\"target\":{\"@type\":\"EntryPoint\",\"urlTemplate\":\"https:\\\/\\\/ag-frisch.com\\\/de\\\/?s={search_term_string}\"},\"query-input\":{\"@type\":\"PropertyValueSpecification\",\"valueRequired\":true,\"valueName\":\"search_term_string\"}}],\"inLanguage\":\"pl-PL\"},{\"@type\":\"Organization\",\"@id\":\"https:\\\/\\\/ag-frisch.com\\\/de\\\/#organization\",\"name\":\"Agentur Frisch International Consulting GmbH & Co. KG\",\"url\":\"https:\\\/\\\/ag-frisch.com\\\/de\\\/\",\"logo\":{\"@type\":\"ImageObject\",\"inLanguage\":\"pl-PL\",\"@id\":\"https:\\\/\\\/ag-frisch.com\\\/de\\\/#\\\/schema\\\/logo\\\/image\\\/\",\"url\":\"https:\\\/\\\/ag-frisch.com\\\/wp-content\\\/uploads\\\/2021\\\/08\\\/ag_logo_rgb_300_small.png\",\"contentUrl\":\"https:\\\/\\\/ag-frisch.com\\\/wp-content\\\/uploads\\\/2021\\\/08\\\/ag_logo_rgb_300_small.png\",\"width\":153,\"height\":102,\"caption\":\"Agentur Frisch International Consulting GmbH & Co. KG\"},\"image\":{\"@id\":\"https:\\\/\\\/ag-frisch.com\\\/de\\\/#\\\/schema\\\/logo\\\/image\\\/\"},\"sameAs\":[\"https:\\\/\\\/www.facebook.com\\\/China.Import\",\"https:\\\/\\\/x.com\\\/agenturfrisch\"]}]}<\/script>\n<!-- \/ Yoast SEO plugin. -->","yoast_head_json":{"title":"Kupuj i importuj produkty wellness z Chin","description":"Produkty Wellness z Chin \u25bb Produkty do masa\u017cu i sauny z Chin: Negocjacje zakupu \u2713 Umowa zakupu \u2713 Zapewnienie jako\u015bci \u2713 \u25bb Uzyskaj porad\u0119 teraz!","robots":{"index":"index","follow":"follow","max-snippet":"max-snippet:-1","max-image-preview":"max-image-preview:large","max-video-preview":"max-video-preview:-1"},"canonical":"https:\/\/ag-frisch.com\/pl\/produkty-wellness-z-chin\/","og_locale":"pl_PL","og_type":"article","og_title":"Kupuj i importuj produkty wellness z Chin","og_description":"Produkty Wellness z Chin \u25bb Produkty do masa\u017cu i sauny z Chin: Negocjacje zakupu \u2713 Umowa zakupu \u2713 Zapewnienie jako\u015bci \u2713 \u25bb Uzyskaj porad\u0119 teraz!","og_url":"https:\/\/ag-frisch.com\/pl\/produkty-wellness-z-chin\/","og_site_name":"China Import Beratung f\u00fcr den Einkauf aus China","article_publisher":"https:\/\/www.facebook.com\/China.Import","article_modified_time":"2023-01-27T04:41:59+00:00","twitter_card":"summary_large_image","twitter_site":"@agenturfrisch","twitter_misc":{"Szacowany czas czytania":"8 minut"},"schema":{"@context":"https:\/\/schema.org","@graph":[{"@type":"WebPage","@id":"https:\/\/ag-frisch.com\/pl\/produkty-wellness-z-chin\/","url":"https:\/\/ag-frisch.com\/pl\/produkty-wellness-z-chin\/","name":"Kupuj i importuj produkty wellness z Chin","isPartOf":{"@id":"https:\/\/ag-frisch.com\/de\/#website"},"datePublished":"2022-05-09T21:19:31+00:00","dateModified":"2023-01-27T04:41:59+00:00","description":"Produkty Wellness z Chin \u25bb Produkty do masa\u017cu i sauny z Chin: Negocjacje zakupu \u2713 Umowa zakupu \u2713 Zapewnienie jako\u015bci \u2713 \u25bb Uzyskaj porad\u0119 teraz!","breadcrumb":{"@id":"https:\/\/ag-frisch.com\/pl\/produkty-wellness-z-chin\/#breadcrumb"},"inLanguage":"pl-PL","potentialAction":[{"@type":"ReadAction","target":["https:\/\/ag-frisch.com\/pl\/produkty-wellness-z-chin\/"]}]},{"@type":"BreadcrumbList","@id":"https:\/\/ag-frisch.com\/pl\/produkty-wellness-z-chin\/#breadcrumb","itemListElement":[{"@type":"ListItem","position":1,"name":"Startseite","item":"https:\/\/ag-frisch.com\/de\/"},{"@type":"ListItem","position":2,"name":"Produkty Wellness z Chin"}]},{"@type":"WebSite","@id":"https:\/\/ag-frisch.com\/de\/#website","url":"https:\/\/ag-frisch.com\/de\/","name":"China Import Beratung f\u00fcr den Einkauf aus China","description":"China Import &amp; Export Beratung - Der Dienstleister Ihres Vertrauens f\u00fcr Ihren China Import","publisher":{"@id":"https:\/\/ag-frisch.com\/de\/#organization"},"potentialAction":[{"@type":"SearchAction","target":{"@type":"EntryPoint","urlTemplate":"https:\/\/ag-frisch.com\/de\/?s={search_term_string}"},"query-input":{"@type":"PropertyValueSpecification","valueRequired":true,"valueName":"search_term_string"}}],"inLanguage":"pl-PL"},{"@type":"Organization","@id":"https:\/\/ag-frisch.com\/de\/#organization","name":"Agentur Frisch International Consulting GmbH & Co. KG","url":"https:\/\/ag-frisch.com\/de\/","logo":{"@type":"ImageObject","inLanguage":"pl-PL","@id":"https:\/\/ag-frisch.com\/de\/#\/schema\/logo\/image\/","url":"https:\/\/ag-frisch.com\/wp-content\/uploads\/2021\/08\/ag_logo_rgb_300_small.png","contentUrl":"https:\/\/ag-frisch.com\/wp-content\/uploads\/2021\/08\/ag_logo_rgb_300_small.png","width":153,"height":102,"caption":"Agentur Frisch International Consulting GmbH & Co. KG"},"image":{"@id":"https:\/\/ag-frisch.com\/de\/#\/schema\/logo\/image\/"},"sameAs":["https:\/\/www.facebook.com\/China.Import","https:\/\/x.com\/agenturfrisch"]}]}},"_links":{"self":[{"href":"https:\/\/ag-frisch.com\/pl\/wp-json\/wp\/v2\/pages\/12054","targetHints":{"allow":["GET"]}}],"collection":[{"href":"https:\/\/ag-frisch.com\/pl\/wp-json\/wp\/v2\/pages"}],"about":[{"href":"https:\/\/ag-frisch.com\/pl\/wp-json\/wp\/v2\/types\/page"}],"author":[{"embeddable":true,"href":"https:\/\/ag-frisch.com\/pl\/wp-json\/wp\/v2\/users\/2"}],"replies":[{"embeddable":true,"href":"https:\/\/ag-frisch.com\/pl\/wp-json\/wp\/v2\/comments?post=12054"}],"version-history":[{"count":0,"href":"https:\/\/ag-frisch.com\/pl\/wp-json\/wp\/v2\/pages\/12054\/revisions"}],"wp:attachment":[{"href":"https:\/\/ag-frisch.com\/pl\/wp-json\/wp\/v2\/media?parent=12054"}],"curies":[{"name":"wp","href":"https:\/\/api.w.org\/{rel}","templated":true}]}}