{"id":12259,"date":"2022-08-23T20:16:41","date_gmt":"2022-08-23T18:16:41","guid":{"rendered":"https:\/\/ag-frisch.com\/reach-pruefung-in-china\/"},"modified":"2023-01-27T05:35:27","modified_gmt":"2023-01-27T04:35:27","slug":"reach-pruefung-in-china","status":"publish","type":"page","link":"https:\/\/ag-frisch.com\/pl\/reach-pruefung-in-china\/","title":{"rendered":"Reach-Pruefung-in-China"},"content":{"rendered":"<p>[et_pb_section fb_built=&#8221;1&#8243; _builder_version=&#8221;4.16&#8243; _module_preset=&#8221;default&#8221; global_colors_info=&#8221;{}&#8221;][et_pb_row _builder_version=&#8221;4.16&#8243; _module_preset=&#8221;default&#8221; global_colors_info=&#8221;{}&#8221;][et_pb_column type=&#8221;4_4&#8243; _builder_version=&#8221;4.16&#8243; _module_preset=&#8221;default&#8221; global_colors_info=&#8221;{}&#8221;][et_pb_cta title=&#8221;Zasi\u0119g bada\u0144 laboratoryjnych w Chinach&#8221; button_url=&#8221;https:\/\/ag-frisch.com\/pl\/kontakt\/&#8221; button_text=&#8221;Zam\u00f3wienie na badanie REACH ju\u017c teraz&#8221; _builder_version=&#8221;4.16&#8243; _module_preset=&#8221;default&#8221; global_colors_info=&#8221;{}&#8221;]<\/p>\n<p>Ch\u0119tnie sprawdzimy wymagania REACH dla Pa\u0144stwa produktu w Chinach.  <\/p>\n<p>[\/et_pb_cta][et_pb_text admin_label=&#8221;H1&#8243; _builder_version=&#8221;4.18.1&#8243; _module_preset=&#8221;default&#8221; global_colors_info=&#8221;{}&#8221;]<\/p>\n<h1>Profesjonalne badania REACH dla produkt\u00f3w z Chin<\/h1>\n<p>[\/et_pb_text][et_pb_text _builder_version=&#8221;4.18.1&#8243; _module_preset=&#8221;default&#8221; global_colors_info=&#8221;{}&#8221;]<\/p>\n<h2><strong>Zgodno\u015b\u0107 z rozporz\u0105dzeniem REACH dla produkt\u00f3w z Chin<\/strong><\/h2>\n<p>Rozporz\u0105dzenie REACH jest unijnym rozporz\u0105dzeniem dotycz\u0105cym chemikali\u00f3w, kt\u00f3re s\u0142u\u017cy ochronie ludzi, zwierz\u0105t i \u015brodowiska. Obowi\u0105zuje ona w Niemczech i w ca\u0142ej Europie, zar\u00f3wno w odniesieniu do produkowanych tam, jak i importowanych chemikali\u00f3w, i reguluje nast\u0119puj\u0105ce aspekty chemikali\u00f3w:<\/p>\n<ul>\n<li>Rejestracja<\/li>\n<li>Ocena<\/li>\n<li>Zatwierdzenie<\/li>\n<li>Ograniczenia<\/li>\n<\/ul>\n<p>Najwa\u017cniejsze dla Ciebie jako importera: Rozporz\u0105dzenie REACH zawiera r\u00f3wnie\u017c limity dotycz\u0105ce \u0142adunku zanieczyszcze\u0144 w produktach.<\/p>\n<p>&nbsp;<\/p>\n<h3><strong>Produkty importowane z Chin musz\u0105 by\u0107 w spos\u00f3b oczywisty zgodne z limitami zanieczyszcze\u0144.<\/strong><\/h3>\n<p>&nbsp;<\/p>\n<p>Aby zapewni\u0107, \u017ce limity te nie zostan\u0105 przekroczone, badania REACH powinny by\u0107 przeprowadzone w Chinach. Jako Tw\u00f3j do\u015bwiadczony importer z Chin, znamy limity i procedury stosowane w celu udowodnienia bezpiecze\u0144stwa. Post\u0119pujemy powa\u017cnie i profesjonalnie, poniewa\u017c tylko w ten spos\u00f3b mo\u017cna wykluczy\u0107 szkody nast\u0119pcze. Osoby, kt\u00f3re oszcz\u0119dzaj\u0105 tutaj musz\u0105 liczy\u0107 si\u0119 z problemami z c\u0142em i sporymi kosztami wynikaj\u0105cymi z wycofywania produkt\u00f3w i kar. Godne zaufania badania REACH w Chinach s\u0105 wi\u0119c nieuniknione.<\/p>\n<p>&nbsp;<\/p>\n<p><strong>Badanie REACH w Chinach w laboratoriach badawczych BOTH<\/strong><\/p>\n<p>Sp\u00f3\u0142ka zale\u017cna Agencji Frisch, BEIDE Compliance Laboratory, prowadzi w Chinach laboratoria badawcze REACH, kt\u00f3re spe\u0142niaj\u0105 najwy\u017csze standardy. Tutaj testy REACH mog\u0105 by\u0107 przeprowadzone w Chinach dla Pa\u0144stwa produkt\u00f3w. Zatrudniamy tylko najwy\u017cej wykwalifikowanych pracownik\u00f3w i zapewniamy bezkompromisow\u0105 jako\u015b\u0107. Wa\u017cne jest dla nas, aby zgodno\u015b\u0107 z rozporz\u0105dzeniem REACH dzia\u0142a\u0142a absolutnie niezawodnie w przypadku importowanych przez nas produkt\u00f3w z Chin.<\/p>\n<p>Produkty, kt\u00f3re podlegaj\u0105 pod rozporz\u0105dzenie REACH to na przyk\u0142ad:<\/p>\n<ul>\n<li>Odzie\u017c<\/li>\n<li>\u015arodki czyszcz\u0105ce<\/li>\n<li>Kolory\/lakiery<\/li>\n<li>Meble<\/li>\n<li>Urz\u0105dzenia elektryczne<\/li>\n<\/ul>\n<p>Ale wiele innych grup produkt\u00f3w r\u00f3wnie\u017c mo\u017ce by\u0107 zanieczyszczonych substancjami szkodliwymi. Jako Tw\u00f3j ekspert w dziedzinie importu z Chin, Agentur Frisch z przyjemno\u015bci\u0105 doradzi Ci w kwestii zgodno\u015bci z REACH dla produkt\u00f3w z Chin, jak r\u00f3wnie\u017c w kwestii testowania REACH w Chinach.<\/p>\n<p>&nbsp;<\/p>\n<p><strong>Renomowane laboratoria badawcze REACH w Chinach<\/strong><\/p>\n<p>Nie wystarczy podkre\u015bli\u0107 znaczenie wyboru renomowanego, profesjonalnego laboratorium badawczego REACH w Chinach. W\u0105tpliwi dostawcy mog\u0105 doprowadzi\u0107 tu do problem\u00f3w, kt\u00f3re wyra\u017anie przewy\u017cszaj\u0105 korzy\u015bci z rzekomo ta\u0144szego testu. BEIDE Compliance Laboratory oferuje Pa\u0144stwu absolutnie godne zaufania badania REACH w Chinach.<\/p>\n<p>BEIDE Compliance Laboratory pracuje w swoich laboratoriach badawczych REACH w Chinach zgodnie z niemieckimi standardami, ze specjalistami posiadaj\u0105cymi wszystkie niezb\u0119dne kwalifikacje i certyfikaty. Chcemy, aby importowany za naszym po\u015brednictwem towar przeszed\u0142 bezproblemowo przez odpraw\u0119 celn\u0105 i sprzeda\u017c.<\/p>\n<p>&nbsp;<\/p>\n<p><strong>Analiza ryzyka, deklaracja zgodno\u015bci i inne us\u0142ugi<\/strong><\/p>\n<p>Je\u015bli importujesz produkty z Chin, warto zleci\u0107 przeprowadzenie analizy ryzyka. Agencja Frisch ch\u0119tnie podejmie si\u0119 r\u00f3wnie\u017c tej us\u0142ugi dla Pa\u0144stwa. Nasi eksperci analizuj\u0105 Pa\u0144stwa produkt i wyci\u0105gaj\u0105 z tego wnioski dotycz\u0105ce dzia\u0142a\u0144, kt\u00f3re z kolei mog\u0105 zosta\u0107 zrealizowane bezpo\u015brednio przez nas. Poza zgodno\u015bci\u0105 z REACH dla produkt\u00f3w z Chin, na \u017cyczenie przeprowadzamy wszystkie testy, kt\u00f3re mog\u0105 by\u0107 istotne dla Twojego produktu w naszych laboratoriach badawczych REACH w Chinach.<\/p>\n<p>Agencja Frisch jest dumna, \u017ce mo\u017ce zaoferowa\u0107 Pa\u0144stwu kompleksow\u0105 obs\u0142ug\u0119. Dzi\u0119ki naszemu wieloletniemu do\u015bwiadczeniu i doskona\u0142ej wiedzy jeste\u015bmy w stanie zaoferowa\u0107 Pa\u0144stwu najlepsz\u0105 us\u0142ug\u0119 importow\u0105 w uczciwej cenie. Kompleksowa obs\u0142uga i kompetentne doradztwo oraz realizacja Pa\u0144stwa importu na najwy\u017cszym poziomie to to, czego od siebie wymagamy. Mamy du\u017ce grono zadowolonych sta\u0142ych klient\u00f3w i mi\u0142o nam b\u0119dzie powita\u0107 Pa\u0144stwa w ich gronie ju\u017c wkr\u00f3tce.<\/p>\n<p>&nbsp;<\/p>\n<p><strong>Testy REACH w Chinach &#8211; us\u0142uga Twojej agencji Frisch!<\/strong><\/p>\n<p><strong> <\/strong>[\/et_pb_text][\/et_pb_column][\/et_pb_row][\/et_pb_section][et_pb_section fb_built=&#8221;1&#8243; admin_label=&#8221;Testimonials&#8221; _builder_version=&#8221;4.16&#8243; use_background_color_gradient=&#8221;on&#8221; background_color_gradient_stops=&#8221;rgba(0,106,156,0.85) 0%|rgba(0,106,156,0.85) 100%&#8221; background_color_gradient_start=&#8221;rgba(0,106,156,0.85)&#8221; background_color_gradient_end=&#8221;rgba(0,106,156,0.85)&#8221; custom_padding=&#8221;90px||60px|&#8221; animation_style=&#8221;fold&#8221; animation_direction=&#8221;bottom&#8221; animation_intensity_fold=&#8221;4%&#8221; global_colors_info=&#8221;{}&#8221; theme_builder_area=&#8221;post_content&#8221;][et_pb_row _builder_version=&#8221;4.16&#8243; background_size=&#8221;initial&#8221; background_position=&#8221;top_left&#8221; background_repeat=&#8221;repeat&#8221; custom_width_px=&#8221;710px&#8221; locked=&#8221;off&#8221; global_colors_info=&#8221;{}&#8221; theme_builder_area=&#8221;post_content&#8221;][et_pb_column type=&#8221;4_4&#8243; _builder_version=&#8221;4.16&#8243; background_position=&#8221;top_left&#8221; custom_padding=&#8221;|||&#8221; global_colors_info=&#8221;{}&#8221; custom_padding__hover=&#8221;|||&#8221; theme_builder_area=&#8221;post_content&#8221;][et_pb_text admin_label=&#8221;Testimonials Section Title&#8221; _builder_version=&#8221;4.16&#8243; header_font=&#8221;Montserrat||||&#8221; header_font_size=&#8221;36px&#8221; background_size=&#8221;initial&#8221; background_position=&#8221;top_left&#8221; background_repeat=&#8221;repeat&#8221; text_orientation=&#8221;center&#8221; background_layout=&#8221;dark&#8221; max_width=&#8221;710px&#8221; module_alignment=&#8221;center&#8221; animation_style=&#8221;fold&#8221; animation_direction=&#8221;bottom&#8221; animation_intensity_fold=&#8221;20%&#8221; global_colors_info=&#8221;{}&#8221; theme_builder_area=&#8221;post_content&#8221;]<\/p>\n<h1>Ponad 5000 zadowolonych klient\u00f3w.<\/h1>\n<p>&nbsp;<\/p>\n<p>[\/et_pb_text][et_pb_divider color=&#8221;#ffffff&#8221; divider_weight=&#8221;3px&#8221; disabled_on=&#8221;off|off|off&#8221; _builder_version=&#8221;4.16&#8243; background_color_gradient_direction=&#8221;90deg&#8221; max_width=&#8221;100px&#8221; module_alignment=&#8221;center&#8221; height=&#8221;5px&#8221; custom_margin=&#8221;||20px|&#8221; custom_padding=&#8221;||20px|&#8221; animation_style=&#8221;slide&#8221; animation_direction=&#8221;bottom&#8221; saved_tabs=&#8221;all&#8221; locked=&#8221;off&#8221; global_colors_info=&#8221;{}&#8221; theme_builder_area=&#8221;post_content&#8221;][\/et_pb_divider][\/et_pb_column][\/et_pb_row][et_pb_row column_structure=&#8221;1_2,1_2&#8243; _builder_version=&#8221;4.18.1&#8243; _module_preset=&#8221;default&#8221; global_colors_info=&#8221;{}&#8221; theme_builder_area=&#8221;post_content&#8221;][et_pb_column type=&#8221;1_2&#8243; _builder_version=&#8221;4.18.1&#8243; _module_preset=&#8221;default&#8221; global_colors_info=&#8221;{}&#8221; theme_builder_area=&#8221;post_content&#8221;][et_pb_testimonial author=&#8221;Marco&#8221; portrait_url=&#8221;https:\/\/ag-frisch.com\/wp-content\/uploads\/2021\/08\/Harald.png&#8221; quote_icon=&#8221;off&#8221; _builder_version=&#8221;4.18.1&#8243; _module_preset=&#8221;default&#8221; body_font_size=&#8221;16px&#8221; use_background_color=&#8221;off&#8221; background_layout=&#8221;dark&#8221; global_colors_info=&#8221;{}&#8221; theme_builder_area=&#8221;post_content&#8221;]Zleci\u0142em agencji Frisch wyprodukowanie du\u017cego mebla w Chinach, a nast\u0119pnie sprowadzenie go do Niemiec. Przez ca\u0142y czas by\u0142a sprawna komunikacja mailowa! Bardzo szybkie i rzetelne odpowiedzi stale dodawa\u0142y mi otuchy, kt\u00f3ra jest niezb\u0119dna w takim przedsi\u0119wzi\u0119ciu. Przez ca\u0142y czas pomagano mi przebrn\u0105\u0107 przez biurokratyczny g\u0105szcz, nie zapomniano o \u017cadnym formularzu ani nie wype\u0142niono go b\u0142\u0119dnie. Bardzo godne pochwa\u0142y!<a href=\"&lt;div%20class=%22pe-richsnippets%22&gt;&nbsp;&lt;\/div&gt;%20&lt;script%20type=%22text\/javascript%22%20src=%22https:\/\/www.provenexpert.com\/widget\/richsnippet.js?u=1NUA0VwZ4RUZ5tmAi5zA4RaplNKAlWwZ&amp;v=2%22%20async&gt;&lt;\/script&gt;%20&lt;div%20style=%22text-align:%20justify;%22&gt;&lt;br%20\/&gt;\"><\/a><\/p>\n<div class=\"brow ratingBarMargin\">\n<div class=\"ratingBar\">\n<div class=\"brow\">\n<div class=\"pe-richsnippets\">&nbsp;<\/div>\n<p><script type=\"text\/javascript\" src=\"https:\/\/www.provenexpert.com\/widget\/richsnippet.js?u=1NUA0VwZ4RUZ5tmAi5zA4RaplNKAlWwZ&amp;v=2\" async=\"\"><\/script><\/p>\n<div style=\"text-align: justify;\"><\/p>\n<div class=\"col-lg-9 col-md-8 col-xs-10 mt20 mb20\">\n<div class=\"col-xs-12 surveyNameForRating\"><\/div>\n<\/div>\n<\/div>\n<\/div>\n<\/div>\n<\/div>\n<p>[\/et_pb_testimonial][\/et_pb_column][et_pb_column type=&#8221;1_2&#8243; _builder_version=&#8221;4.18.1&#8243; _module_preset=&#8221;default&#8221; global_colors_info=&#8221;{}&#8221; theme_builder_area=&#8221;post_content&#8221;][et_pb_testimonial author=&#8221;Simone L.&#8221; portrait_url=&#8221;https:\/\/ag-frisch.com\/wp-content\/uploads\/2021\/08\/Harald.png&#8221; quote_icon=&#8221;off&#8221; _builder_version=&#8221;4.18.1&#8243; _module_preset=&#8221;default&#8221; body_font_size=&#8221;16px&#8221; use_background_color=&#8221;off&#8221; background_layout=&#8221;dark&#8221; global_colors_info=&#8221;{}&#8221; theme_builder_area=&#8221;post_content&#8221;]<\/p>\n<p>Ca\u0142a g\u00f3ra. Nie ma nic lepszego ni\u017c to. Doradzanie i wdra\u017canie nie mo\u017ce by\u0107 zrobione lepiej. Jeste\u015bmy bardziej ni\u017c zadowoleni po kilku zam\u00f3wieniach z t\u0105 firm\u0105 i kontynuowa\u0107 nasz\u0105 wsp\u00f3\u0142prac\u0119.<\/p>\n<div class=\"brow ratingBarMargin\">\n<div class=\"ratingBar\">\n<div class=\"brow\">\n<div class=\"pe-richsnippets\"> <\/div>\n<p>\n<script type=\"text\/javascript\" src=\"https:\/\/www.provenexpert.com\/widget\/richsnippet.js?u=1NUA0VwZ4RUZ5tmAi5zA4RaplNKAlWwZ&amp;v=2\" async=\"\"><\/script>\n<\/p>\n<div style=\"text-align: justify;\">\n<p>&nbsp;<\/p>\n<div class=\"col-lg-9 col-md-8 col-xs-10 mt20 mb20\">\n<div class=\"col-xs-12 surveyNameForRating\"><\/div>\n<\/div>\n<\/div>\n<\/div>\n<\/div>\n<\/div>\n<p>[\/et_pb_testimonial][\/et_pb_column][\/et_pb_row][et_pb_row _builder_version=&#8221;4.16&#8243; background_size=&#8221;initial&#8221; background_position=&#8221;top_left&#8221; background_repeat=&#8221;repeat&#8221; custom_padding=&#8221;50px|0px|30px|0px&#8221; custom_css_main_element=&#8221;text-align: center;&#8221; global_colors_info=&#8221;{}&#8221; theme_builder_area=&#8221;post_content&#8221;][et_pb_column type=&#8221;4_4&#8243; _builder_version=&#8221;4.16&#8243; custom_padding=&#8221;|||&#8221; global_colors_info=&#8221;{}&#8221; custom_padding__hover=&#8221;|||&#8221; theme_builder_area=&#8221;post_content&#8221;][et_pb_button button_url=&#8221;https:\/\/www.provenexpert.com\/de-de\/agentur-frisch-international-consulting-gmbh-und-co-kg\/&#8221; button_text=&#8221;WI\u0118CEJ OCEN&#8221; button_alignment=&#8221;left&#8221; admin_label=&#8221;Testimonial Button&#8221; _builder_version=&#8221;4.16&#8243; custom_button=&#8221;on&#8221; button_text_size=&#8221;18px&#8221; button_text_color=&#8221;#ffffff&#8221; button_bg_color=&#8221;#6eba01&#8243; button_border_width=&#8221;2px&#8221; button_border_color=&#8221;#6eba01&#8243; button_border_radius=&#8221;0px&#8221; button_letter_spacing=&#8221;2px&#8221; button_font=&#8221;Montserrat|||on|&#8221; button_use_icon=&#8221;off&#8221; animation_style=&#8221;fold&#8221; animation_direction=&#8221;bottom&#8221; button_text_color_hover=&#8221;#ffffff&#8221; button_border_color_hover=&#8221;#ffffff&#8221; button_border_radius_hover=&#8221;0px&#8221; button_letter_spacing_hover=&#8221;2px&#8221; button_bg_color_hover=&#8221;rgba(255,255,255,0)&#8221; locked=&#8221;off&#8221; global_colors_info=&#8221;{}&#8221; button_text_size__hover_enabled=&#8221;off&#8221; button_one_text_size__hover_enabled=&#8221;off&#8221; button_two_text_size__hover_enabled=&#8221;off&#8221; button_text_color__hover_enabled=&#8221;on&#8221; button_text_color__hover=&#8221;#ffffff&#8221; button_one_text_color__hover_enabled=&#8221;off&#8221; button_two_text_color__hover_enabled=&#8221;off&#8221; button_border_width__hover_enabled=&#8221;off&#8221; button_one_border_width__hover_enabled=&#8221;off&#8221; button_two_border_width__hover_enabled=&#8221;off&#8221; button_border_color__hover_enabled=&#8221;on&#8221; button_border_color__hover=&#8221;#ffffff&#8221; button_one_border_color__hover_enabled=&#8221;off&#8221; button_two_border_color__hover_enabled=&#8221;off&#8221; button_border_radius__hover_enabled=&#8221;on&#8221; button_border_radius__hover=&#8221;0px&#8221; button_one_border_radius__hover_enabled=&#8221;off&#8221; button_two_border_radius__hover_enabled=&#8221;off&#8221; button_letter_spacing__hover_enabled=&#8221;on&#8221; button_letter_spacing__hover=&#8221;2px&#8221; button_one_letter_spacing__hover_enabled=&#8221;off&#8221; button_two_letter_spacing__hover_enabled=&#8221;off&#8221; button_bg_color__hover_enabled=&#8221;on&#8221; button_bg_color__hover=&#8221;rgba(255,255,255,0)&#8221; button_one_bg_color__hover_enabled=&#8221;off&#8221; button_two_bg_color__hover_enabled=&#8221;off&#8221; theme_builder_area=&#8221;post_content&#8221;][\/et_pb_button][\/et_pb_column][\/et_pb_row][\/et_pb_section]<\/p>\n","protected":false},"excerpt":{"rendered":"<p>Ch\u0119tnie sprawdzimy wymagania REACH dla Pa\u0144stwa produktu w Chinach. Profesjonalne badania REACH dla produkt\u00f3w z ChinZgodno\u015b\u0107 z rozporz\u0105dzeniem REACH dla produkt\u00f3w z Chin Rozporz\u0105dzenie REACH jest unijnym rozporz\u0105dzeniem dotycz\u0105cym chemikali\u00f3w, kt\u00f3re s\u0142u\u017cy ochronie ludzi, zwierz\u0105t i \u015brodowiska. Obowi\u0105zuje ona w Niemczech i w ca\u0142ej Europie, zar\u00f3wno w odniesieniu do produkowanych tam, jak i importowanych chemikali\u00f3w, [&hellip;]<\/p>\n","protected":false},"author":2,"featured_media":0,"parent":0,"menu_order":0,"comment_status":"closed","ping_status":"closed","template":"","meta":{"_et_pb_use_builder":"on","_et_pb_old_content":"","_et_gb_content_width":"","footnotes":""},"class_list":["post-12259","page","type-page","status-publish","hentry"],"yoast_head":"<!-- This site is optimized with the Yoast SEO plugin v27.2 - https:\/\/yoast.com\/product\/yoast-seo-wordpress\/ -->\n<title>Rozporz\u0105dzenie REACH: Zgodno\u015b\u0107 i badania dla produkt\u00f3w z Chin<\/title>\n<meta name=\"description\" content=\"Zgodno\u015b\u0107 z rozporz\u0105dzeniem REACH dla produkt\u00f3w z Chin \u25ba Profesjonalna weryfikacja w laboratoriach badawczych BOTH \u25ba Skorzystaj z porady eksperta ju\u017c teraz!\" \/>\n<meta name=\"robots\" content=\"index, follow, max-snippet:-1, max-image-preview:large, max-video-preview:-1\" \/>\n<link rel=\"canonical\" href=\"https:\/\/ag-frisch.com\/pl\/reach-pruefung-in-china\/\" \/>\n<meta property=\"og:locale\" content=\"pl_PL\" \/>\n<meta property=\"og:type\" content=\"article\" \/>\n<meta property=\"og:title\" content=\"Rozporz\u0105dzenie REACH: Zgodno\u015b\u0107 i badania dla produkt\u00f3w z Chin\" \/>\n<meta property=\"og:description\" content=\"Zgodno\u015b\u0107 z rozporz\u0105dzeniem REACH dla produkt\u00f3w z Chin \u25ba Profesjonalna weryfikacja w laboratoriach badawczych BOTH \u25ba Skorzystaj z porady eksperta ju\u017c teraz!\" \/>\n<meta property=\"og:url\" content=\"https:\/\/ag-frisch.com\/pl\/reach-pruefung-in-china\/\" \/>\n<meta property=\"og:site_name\" content=\"China Import Beratung f\u00fcr den Einkauf aus China\" \/>\n<meta property=\"article:publisher\" content=\"https:\/\/www.facebook.com\/China.Import\" \/>\n<meta property=\"article:modified_time\" content=\"2023-01-27T04:35:27+00:00\" \/>\n<meta name=\"twitter:card\" content=\"summary_large_image\" \/>\n<meta name=\"twitter:site\" content=\"@agenturfrisch\" \/>\n<meta name=\"twitter:label1\" content=\"Szacowany czas czytania\" \/>\n\t<meta name=\"twitter:data1\" content=\"8 minut\" \/>\n<script type=\"application\/ld+json\" class=\"yoast-schema-graph\">{\"@context\":\"https:\/\/schema.org\",\"@graph\":[{\"@type\":\"WebPage\",\"@id\":\"https:\/\/ag-frisch.com\/pl\/reach-pruefung-in-china\/\",\"url\":\"https:\/\/ag-frisch.com\/pl\/reach-pruefung-in-china\/\",\"name\":\"Rozporz\u0105dzenie REACH: Zgodno\u015b\u0107 i badania dla produkt\u00f3w z Chin\",\"isPartOf\":{\"@id\":\"https:\/\/ag-frisch.com\/de\/#website\"},\"datePublished\":\"2022-08-23T18:16:41+00:00\",\"dateModified\":\"2023-01-27T04:35:27+00:00\",\"description\":\"Zgodno\u015b\u0107 z rozporz\u0105dzeniem REACH dla produkt\u00f3w z Chin \u25ba Profesjonalna weryfikacja w laboratoriach badawczych BOTH \u25ba Skorzystaj z porady eksperta ju\u017c teraz!\",\"breadcrumb\":{\"@id\":\"https:\/\/ag-frisch.com\/pl\/reach-pruefung-in-china\/#breadcrumb\"},\"inLanguage\":\"pl-PL\",\"potentialAction\":[{\"@type\":\"ReadAction\",\"target\":[\"https:\/\/ag-frisch.com\/pl\/reach-pruefung-in-china\/\"]}]},{\"@type\":\"BreadcrumbList\",\"@id\":\"https:\/\/ag-frisch.com\/pl\/reach-pruefung-in-china\/#breadcrumb\",\"itemListElement\":[{\"@type\":\"ListItem\",\"position\":1,\"name\":\"Startseite\",\"item\":\"https:\/\/ag-frisch.com\/de\/\"},{\"@type\":\"ListItem\",\"position\":2,\"name\":\"Reach-Pruefung-in-China\"}]},{\"@type\":\"WebSite\",\"@id\":\"https:\/\/ag-frisch.com\/de\/#website\",\"url\":\"https:\/\/ag-frisch.com\/de\/\",\"name\":\"China Import Beratung f\u00fcr den Einkauf aus China\",\"description\":\"China Import &amp; Export Beratung - Der Dienstleister Ihres Vertrauens f\u00fcr Ihren China Import\",\"publisher\":{\"@id\":\"https:\/\/ag-frisch.com\/de\/#organization\"},\"potentialAction\":[{\"@type\":\"SearchAction\",\"target\":{\"@type\":\"EntryPoint\",\"urlTemplate\":\"https:\/\/ag-frisch.com\/de\/?s={search_term_string}\"},\"query-input\":{\"@type\":\"PropertyValueSpecification\",\"valueRequired\":true,\"valueName\":\"search_term_string\"}}],\"inLanguage\":\"pl-PL\"},{\"@type\":\"Organization\",\"@id\":\"https:\/\/ag-frisch.com\/de\/#organization\",\"name\":\"Agentur Frisch International Consulting GmbH & Co. KG\",\"url\":\"https:\/\/ag-frisch.com\/de\/\",\"logo\":{\"@type\":\"ImageObject\",\"inLanguage\":\"pl-PL\",\"@id\":\"https:\/\/ag-frisch.com\/de\/#\/schema\/logo\/image\/\",\"url\":\"https:\/\/ag-frisch.com\/wp-content\/uploads\/2021\/08\/ag_logo_rgb_300_small.png\",\"contentUrl\":\"https:\/\/ag-frisch.com\/wp-content\/uploads\/2021\/08\/ag_logo_rgb_300_small.png\",\"width\":153,\"height\":102,\"caption\":\"Agentur Frisch International Consulting GmbH & Co. KG\"},\"image\":{\"@id\":\"https:\/\/ag-frisch.com\/de\/#\/schema\/logo\/image\/\"},\"sameAs\":[\"https:\/\/www.facebook.com\/China.Import\",\"https:\/\/x.com\/agenturfrisch\"]}]}<\/script>\n<!-- \/ Yoast SEO plugin. -->","yoast_head_json":{"title":"Rozporz\u0105dzenie REACH: Zgodno\u015b\u0107 i badania dla produkt\u00f3w z Chin","description":"Zgodno\u015b\u0107 z rozporz\u0105dzeniem REACH dla produkt\u00f3w z Chin \u25ba Profesjonalna weryfikacja w laboratoriach badawczych BOTH \u25ba Skorzystaj z porady eksperta ju\u017c teraz!","robots":{"index":"index","follow":"follow","max-snippet":"max-snippet:-1","max-image-preview":"max-image-preview:large","max-video-preview":"max-video-preview:-1"},"canonical":"https:\/\/ag-frisch.com\/pl\/reach-pruefung-in-china\/","og_locale":"pl_PL","og_type":"article","og_title":"Rozporz\u0105dzenie REACH: Zgodno\u015b\u0107 i badania dla produkt\u00f3w z Chin","og_description":"Zgodno\u015b\u0107 z rozporz\u0105dzeniem REACH dla produkt\u00f3w z Chin \u25ba Profesjonalna weryfikacja w laboratoriach badawczych BOTH \u25ba Skorzystaj z porady eksperta ju\u017c teraz!","og_url":"https:\/\/ag-frisch.com\/pl\/reach-pruefung-in-china\/","og_site_name":"China Import Beratung f\u00fcr den Einkauf aus China","article_publisher":"https:\/\/www.facebook.com\/China.Import","article_modified_time":"2023-01-27T04:35:27+00:00","twitter_card":"summary_large_image","twitter_site":"@agenturfrisch","twitter_misc":{"Szacowany czas czytania":"8 minut"},"schema":{"@context":"https:\/\/schema.org","@graph":[{"@type":"WebPage","@id":"https:\/\/ag-frisch.com\/pl\/reach-pruefung-in-china\/","url":"https:\/\/ag-frisch.com\/pl\/reach-pruefung-in-china\/","name":"Rozporz\u0105dzenie REACH: Zgodno\u015b\u0107 i badania dla produkt\u00f3w z Chin","isPartOf":{"@id":"https:\/\/ag-frisch.com\/de\/#website"},"datePublished":"2022-08-23T18:16:41+00:00","dateModified":"2023-01-27T04:35:27+00:00","description":"Zgodno\u015b\u0107 z rozporz\u0105dzeniem REACH dla produkt\u00f3w z Chin \u25ba Profesjonalna weryfikacja w laboratoriach badawczych BOTH \u25ba Skorzystaj z porady eksperta ju\u017c teraz!","breadcrumb":{"@id":"https:\/\/ag-frisch.com\/pl\/reach-pruefung-in-china\/#breadcrumb"},"inLanguage":"pl-PL","potentialAction":[{"@type":"ReadAction","target":["https:\/\/ag-frisch.com\/pl\/reach-pruefung-in-china\/"]}]},{"@type":"BreadcrumbList","@id":"https:\/\/ag-frisch.com\/pl\/reach-pruefung-in-china\/#breadcrumb","itemListElement":[{"@type":"ListItem","position":1,"name":"Startseite","item":"https:\/\/ag-frisch.com\/de\/"},{"@type":"ListItem","position":2,"name":"Reach-Pruefung-in-China"}]},{"@type":"WebSite","@id":"https:\/\/ag-frisch.com\/de\/#website","url":"https:\/\/ag-frisch.com\/de\/","name":"China Import Beratung f\u00fcr den Einkauf aus China","description":"China Import &amp; Export Beratung - Der Dienstleister Ihres Vertrauens f\u00fcr Ihren China Import","publisher":{"@id":"https:\/\/ag-frisch.com\/de\/#organization"},"potentialAction":[{"@type":"SearchAction","target":{"@type":"EntryPoint","urlTemplate":"https:\/\/ag-frisch.com\/de\/?s={search_term_string}"},"query-input":{"@type":"PropertyValueSpecification","valueRequired":true,"valueName":"search_term_string"}}],"inLanguage":"pl-PL"},{"@type":"Organization","@id":"https:\/\/ag-frisch.com\/de\/#organization","name":"Agentur Frisch International Consulting GmbH & Co. KG","url":"https:\/\/ag-frisch.com\/de\/","logo":{"@type":"ImageObject","inLanguage":"pl-PL","@id":"https:\/\/ag-frisch.com\/de\/#\/schema\/logo\/image\/","url":"https:\/\/ag-frisch.com\/wp-content\/uploads\/2021\/08\/ag_logo_rgb_300_small.png","contentUrl":"https:\/\/ag-frisch.com\/wp-content\/uploads\/2021\/08\/ag_logo_rgb_300_small.png","width":153,"height":102,"caption":"Agentur Frisch International Consulting GmbH & Co. KG"},"image":{"@id":"https:\/\/ag-frisch.com\/de\/#\/schema\/logo\/image\/"},"sameAs":["https:\/\/www.facebook.com\/China.Import","https:\/\/x.com\/agenturfrisch"]}]}},"_links":{"self":[{"href":"https:\/\/ag-frisch.com\/pl\/wp-json\/wp\/v2\/pages\/12259","targetHints":{"allow":["GET"]}}],"collection":[{"href":"https:\/\/ag-frisch.com\/pl\/wp-json\/wp\/v2\/pages"}],"about":[{"href":"https:\/\/ag-frisch.com\/pl\/wp-json\/wp\/v2\/types\/page"}],"author":[{"embeddable":true,"href":"https:\/\/ag-frisch.com\/pl\/wp-json\/wp\/v2\/users\/2"}],"replies":[{"embeddable":true,"href":"https:\/\/ag-frisch.com\/pl\/wp-json\/wp\/v2\/comments?post=12259"}],"version-history":[{"count":0,"href":"https:\/\/ag-frisch.com\/pl\/wp-json\/wp\/v2\/pages\/12259\/revisions"}],"wp:attachment":[{"href":"https:\/\/ag-frisch.com\/pl\/wp-json\/wp\/v2\/media?parent=12259"}],"curies":[{"name":"wp","href":"https:\/\/api.w.org\/{rel}","templated":true}]}}