{"id":12367,"date":"2022-09-25T07:28:00","date_gmt":"2022-09-25T05:28:00","guid":{"rendered":"https:\/\/ag-frisch.com\/panele-na-podczerwien-z-chin\/"},"modified":"2023-01-27T05:43:40","modified_gmt":"2023-01-27T04:43:40","slug":"panele-na-podczerwien-z-chin","status":"publish","type":"page","link":"https:\/\/ag-frisch.com\/pl\/panele-na-podczerwien-z-chin\/","title":{"rendered":"Panele na podczerwie\u0144 z Chin"},"content":{"rendered":"<p>[et_pb_section fb_built=&#8221;1&#8243; _builder_version=&#8221;4.16&#8243; _module_preset=&#8221;default&#8221; global_colors_info=&#8221;{}&#8221;][et_pb_row _builder_version=&#8221;4.16&#8243; _module_preset=&#8221;default&#8221; global_colors_info=&#8221;{}&#8221;][et_pb_column type=&#8221;4_4&#8243; _builder_version=&#8221;4.16&#8243; _module_preset=&#8221;default&#8221; global_colors_info=&#8221;{}&#8221;][et_pb_cta title=&#8221;Import grzejnik\u00f3w na podczerwie\u0144 z Chin&#8221; button_url=&#8221;https:\/\/ag-frisch.com\/pl\/kontakt\/&#8221; button_text=&#8221;Importuj od profesjonalisty ju\u017c teraz!&#8221; _builder_version=&#8221;4.18.1&#8243; _module_preset=&#8221;default&#8221; global_colors_info=&#8221;{}&#8221;]<\/p>\n<p>Przy zakupie paneli na podczerwie\u0144 zdaj si\u0119 na do\u015bwiadczenie agencji Frisch.  <\/p>\n<p>[\/et_pb_cta][et_pb_text _builder_version=&#8221;4.16&#8243; _module_preset=&#8221;default&#8221; global_colors_info=&#8221;{}&#8221;]<\/p>\n<p><strong>Grzejniki na podczerwie\u0144 do stosowania w ma\u0142ych i du\u017cych pomieszczeniach<\/strong><\/p>\n<p>Panele na podczerwie\u0144 maj\u0105 t\u0119 zalet\u0119, \u017ce natychmiast wypromieniowuj\u0105 ciep\u0142o, czyli s\u0105 przyjemnie ciep\u0142e zaraz po w\u0142\u0105czeniu. Poniewa\u017c, w przeciwie\u0144stwie do termowentylator\u00f3w, powietrze nie jest zawirowywane, nie ma r\u00f3wnie\u017c zawirowa\u0144 kurzu i mo\u017ce by\u0107 stosowany r\u00f3wnie\u017c przez alergik\u00f3w. Ponadto grzejnik na podczerwie\u0144 nie generuje \u017cadnych ha\u0142as\u00f3w pracy, na przyk\u0142ad od silnika czy wentylatora. Grzejnik na podczerwie\u0144 wystarczy pod\u0142\u0105czy\u0107 do gniazdka i w\u0142\u0105czy\u0107. Temperatur\u0119 mo\u017cna te\u017c regulowa\u0107 za pomoc\u0105 praktycznego termostatu, kt\u00f3ry wpina si\u0119 mi\u0119dzy gniazdko a wtyczk\u0119.  <\/p>\n<p><strong><\/strong><\/p>\n<p><strong>Niedrogie grzejniki do domu i mieszkania<\/strong><\/p>\n<p>Panele na podczerwie\u0144 do ogrzewania dom\u00f3w i mieszka\u0144 mo\u017cna naby\u0107 bardzo tanio i dlatego s\u0105 dobr\u0105 alternatyw\u0105 jako ogrzewanie dodatkowe lub awaryjne, np. w przypadku awarii oleju lub gazu, lub dla pomieszcze\u0144 bez zainstalowanego na sta\u0142e ogrzewania, takich jak gara\u017ce, pomieszczenia gospodarcze lub ogrody zimowe.  <\/p>\n<p><strong><\/strong><\/p>\n<p><strong>Grzejniki na podczerwie\u0144 do u\u017cytku wewn\u0119trznego i grzejniki do u\u017cytku zewn\u0119trznego<\/strong><\/p>\n<p>Grzejniki na podczerwie\u0144 ciesz\u0105 si\u0119 coraz wi\u0119ksz\u0105 popularno\u015bci\u0105, zw\u0142aszcza do u\u017cytku zewn\u0119trznego. W szczeg\u00f3lno\u015bci puby, restauracje lub hotele wykorzystuj\u0105 grzejniki, aby zapewni\u0107 dodatkowe przyjemne ciep\u0142o wiosn\u0105 lub jesieni\u0105, gdy pogoda jest jeszcze ca\u0142kiem przyjemna, ale wci\u0105\u017c troch\u0119 za ch\u0142odna. Termowentylatory mo\u017cna \u0142atwo zawiesi\u0107 dzi\u0119ki przygotowaniom do system\u00f3w trzymania z ty\u0142u p\u0142yty grzejnej lub \u0142atwo ustawi\u0107 dzi\u0119ki dodatkowo zamawianym n\u00f3\u017ckom.  <\/p>\n<p><strong><\/strong><\/p>\n<p><strong>Efektywne ogrzewanie za pomoc\u0105 promiennik\u00f3w podczerwieni<\/strong><\/p>\n<p>Dzi\u0119ki panelom grzewczym na podczerwie\u0144 ogrzewasz pr\u0105dem, a przy tym szczeg\u00f3lnie efektywnie i energooszcz\u0119dnie. Je\u015bli obw\u00f3d zasilania zostanie po\u0142\u0105czony z panelami s\u0142onecznymi, grzejniki na podczerwie\u0144 b\u0119d\u0105 w ca\u0142o\u015bci zasilane energi\u0105 odnawialn\u0105. Grzejniki promieniuj\u0105 przyjemnym ciep\u0142em po nieca\u0142ej minucie, a uczucie komfortowego ciep\u0142a w pomieszczeniu powstaje natychmiast. Dzi\u0119ki termostatowi, panele na podczerwie\u0144 mog\u0105 r\u00f3wnie\u017c utrzymywa\u0107 w pomieszczeniu komfortow\u0105 temperatur\u0119 lub kontrolowa\u0107, czy okre\u015blona temperatura jest osi\u0105gana w okre\u015blonym czasie, np. czy w pokoju jest ciep\u0142o po powrocie z pracy.  <\/p>\n<p>&nbsp;<\/p>\n<p><strong>Zdrowe i przyjazne dla \u015brodowiska ogrzewanie za pomoc\u0105 promiennik\u00f3w podczerwieni<\/strong><\/p>\n<p>Grzejniki na podczerwie\u0144 s\u0105 przyjazne dla \u015brodowiska i oszcz\u0119dzaj\u0105 zasoby naturalne, poniewa\u017c s\u0105 zasilane wy\u0142\u0105cznie energi\u0105 elektryczn\u0105, kt\u00f3ra mo\u017ce by\u0107 r\u00f3wnie\u017c pozyskiwana ze \u017ar\u00f3de\u0142 odnawialnych. Poniewa\u017c w wyniku dzia\u0142ania p\u0142yt podczerwieni nie podnosi si\u0119 ani nie spala kurz, jest on r\u00f3wnie\u017c bardzo <span>wskazany dla os\u00f3b cierpi\u0105cych na reumatyzm, astmatyk\u00f3w i alergik\u00f3w <\/span>.  <\/p>\n<p>&nbsp;<\/p>\n<p>[\/et_pb_text][\/et_pb_column][\/et_pb_row][\/et_pb_section][et_pb_section fb_built=&#8221;1&#8243; admin_label=&#8221;Testimonials&#8221; _builder_version=&#8221;4.16&#8243; use_background_color_gradient=&#8221;on&#8221; background_color_gradient_stops=&#8221;rgba(0,106,156,0.85) 0%|rgba(0,106,156,0.85) 100%&#8221; background_color_gradient_start=&#8221;rgba(0,106,156,0.85)&#8221; background_color_gradient_end=&#8221;rgba(0,106,156,0.85)&#8221; custom_padding=&#8221;90px||60px|&#8221; animation_style=&#8221;fold&#8221; animation_direction=&#8221;bottom&#8221; animation_intensity_fold=&#8221;4%&#8221; global_colors_info=&#8221;{}&#8221;][et_pb_row _builder_version=&#8221;4.16&#8243; background_size=&#8221;initial&#8221; background_position=&#8221;top_left&#8221; background_repeat=&#8221;repeat&#8221; custom_width_px=&#8221;710px&#8221; locked=&#8221;off&#8221; global_colors_info=&#8221;{}&#8221;][et_pb_column type=&#8221;4_4&#8243; _builder_version=&#8221;4.16&#8243; background_position=&#8221;top_left&#8221; custom_padding=&#8221;|||&#8221; global_colors_info=&#8221;{}&#8221; custom_padding__hover=&#8221;|||&#8221;][et_pb_text admin_label=&#8221;Testimonials Section Title&#8221; _builder_version=&#8221;4.16&#8243; header_font=&#8221;Montserrat||||&#8221; header_font_size=&#8221;36px&#8221; background_size=&#8221;initial&#8221; background_position=&#8221;top_left&#8221; background_repeat=&#8221;repeat&#8221; text_orientation=&#8221;center&#8221; background_layout=&#8221;dark&#8221; max_width=&#8221;710px&#8221; module_alignment=&#8221;center&#8221; animation_style=&#8221;fold&#8221; animation_direction=&#8221;bottom&#8221; animation_intensity_fold=&#8221;20%&#8221; global_colors_info=&#8221;{}&#8221;]<\/p>\n<h1>Ponad 5000 zadowolonych klient\u00f3w.<\/h1>\n<p>&nbsp;<\/p>\n<p>[\/et_pb_text][et_pb_divider color=&#8221;#ffffff&#8221; divider_weight=&#8221;3px&#8221; disabled_on=&#8221;off|off|off&#8221; _builder_version=&#8221;4.16&#8243; background_color_gradient_direction=&#8221;90deg&#8221; max_width=&#8221;100px&#8221; module_alignment=&#8221;center&#8221; height=&#8221;5px&#8221; custom_margin=&#8221;||20px|&#8221; custom_padding=&#8221;||20px|&#8221; animation_style=&#8221;slide&#8221; animation_direction=&#8221;bottom&#8221; saved_tabs=&#8221;all&#8221; locked=&#8221;off&#8221; global_colors_info=&#8221;{}&#8221;][\/et_pb_divider][\/et_pb_column][\/et_pb_row][et_pb_row column_structure=&#8221;1_2,1_2&#8243; _builder_version=&#8221;4.18.1&#8243; _module_preset=&#8221;default&#8221; global_colors_info=&#8221;{}&#8221;][et_pb_column type=&#8221;1_2&#8243; _builder_version=&#8221;4.18.1&#8243; _module_preset=&#8221;default&#8221; global_colors_info=&#8221;{}&#8221;][et_pb_testimonial author=&#8221;Marco&#8221; portrait_url=&#8221;https:\/\/ag-frisch.com\/wp-content\/uploads\/2021\/08\/Harald.png&#8221; quote_icon=&#8221;off&#8221; _builder_version=&#8221;4.18.1&#8243; _module_preset=&#8221;default&#8221; body_font_size=&#8221;16px&#8221; use_background_color=&#8221;off&#8221; background_layout=&#8221;dark&#8221; global_colors_info=&#8221;{}&#8221;]Zleci\u0142em agencji Frisch wyprodukowanie du\u017cego mebla w Chinach, a nast\u0119pnie sprowadzenie go do Niemiec. Przez ca\u0142y czas by\u0142a sprawna komunikacja mailowa! Bardzo szybkie i rzetelne odpowiedzi stale dodawa\u0142y mi otuchy, kt\u00f3ra jest niezb\u0119dna w takim przedsi\u0119wzi\u0119ciu. Przez ca\u0142y czas pomagano mi przebrn\u0105\u0107 przez biurokratyczny g\u0105szcz, nie zapomniano o \u017cadnym formularzu ani nie wype\u0142niono go b\u0142\u0119dnie. Bardzo godne pochwa\u0142y!<a href=\"&lt;div%20class=%22pe-richsnippets%22&gt;&nbsp;&lt;\/div&gt;%20&lt;script%20type=%22text\/javascript%22%20src=%22https:\/\/www.provenexpert.com\/widget\/richsnippet.js?u=1NUA0VwZ4RUZ5tmAi5zA4RaplNKAlWwZ&amp;v=2%22%20async&gt;&lt;\/script&gt;%20&lt;div%20style=%22text-align:%20justify;%22&gt;&lt;br%20\/&gt;\"><\/a><\/p>\n<div class=\"brow ratingBarMargin\">\n<div class=\"ratingBar\">\n<div class=\"brow\">\n<div class=\"pe-richsnippets\">&nbsp;<\/div>\n<p><script type=\"text\/javascript\" src=\"https:\/\/www.provenexpert.com\/widget\/richsnippet.js?u=1NUA0VwZ4RUZ5tmAi5zA4RaplNKAlWwZ&amp;v=2\" async=\"\"><\/script><\/p>\n<div style=\"text-align: justify;\"><\/p>\n<div class=\"col-lg-9 col-md-8 col-xs-10 mt20 mb20\">\n<div class=\"col-xs-12 surveyNameForRating\"><\/div>\n<\/div>\n<\/div>\n<\/div>\n<\/div>\n<\/div>\n<p>[\/et_pb_testimonial][\/et_pb_column][et_pb_column type=&#8221;1_2&#8243; _builder_version=&#8221;4.18.1&#8243; _module_preset=&#8221;default&#8221; global_colors_info=&#8221;{}&#8221;][et_pb_testimonial author=&#8221;Simone L.&#8221; portrait_url=&#8221;https:\/\/ag-frisch.com\/wp-content\/uploads\/2021\/08\/Harald.png&#8221; quote_icon=&#8221;off&#8221; _builder_version=&#8221;4.18.1&#8243; _module_preset=&#8221;default&#8221; body_font_size=&#8221;16px&#8221; use_background_color=&#8221;off&#8221; background_layout=&#8221;dark&#8221; global_colors_info=&#8221;{}&#8221;]<\/p>\n<p>Ca\u0142a g\u00f3ra. Nie ma nic lepszego ni\u017c to. Doradzanie i wdra\u017canie nie mo\u017ce by\u0107 zrobione lepiej. Jeste\u015bmy bardziej ni\u017c zadowoleni po kilku zam\u00f3wieniach z t\u0105 firm\u0105 i kontynuowa\u0107 nasz\u0105 wsp\u00f3\u0142prac\u0119.<\/p>\n<div class=\"brow ratingBarMargin\">\n<div class=\"ratingBar\">\n<div class=\"brow\">\n<div class=\"pe-richsnippets\"> <\/div>\n<p>\n<script type=\"text\/javascript\" src=\"https:\/\/www.provenexpert.com\/widget\/richsnippet.js?u=1NUA0VwZ4RUZ5tmAi5zA4RaplNKAlWwZ&amp;v=2\" async=\"\"><\/script>\n<\/p>\n<div style=\"text-align: justify;\">\n<p>&nbsp;<\/p>\n<div class=\"col-lg-9 col-md-8 col-xs-10 mt20 mb20\">\n<div class=\"col-xs-12 surveyNameForRating\"><\/div>\n<\/div>\n<\/div>\n<\/div>\n<\/div>\n<\/div>\n<p>[\/et_pb_testimonial][\/et_pb_column][\/et_pb_row][et_pb_row _builder_version=&#8221;4.16&#8243; background_size=&#8221;initial&#8221; background_position=&#8221;top_left&#8221; background_repeat=&#8221;repeat&#8221; custom_padding=&#8221;50px|0px|30px|0px&#8221; custom_css_main_element=&#8221;text-align: center;&#8221; global_colors_info=&#8221;{}&#8221;][et_pb_column type=&#8221;4_4&#8243; _builder_version=&#8221;4.16&#8243; custom_padding=&#8221;|||&#8221; global_colors_info=&#8221;{}&#8221; custom_padding__hover=&#8221;|||&#8221;][et_pb_button button_url=&#8221;https:\/\/www.provenexpert.com\/de-de\/agentur-frisch-international-consulting-gmbh-und-co-kg\/&#8221; button_text=&#8221;WI\u0118CEJ OCEN&#8221; button_alignment=&#8221;left&#8221; admin_label=&#8221;Testimonial Button&#8221; _builder_version=&#8221;4.16&#8243; custom_button=&#8221;on&#8221; button_text_size=&#8221;18px&#8221; button_text_color=&#8221;#ffffff&#8221; button_bg_color=&#8221;#6eba01&#8243; button_border_width=&#8221;2px&#8221; button_border_color=&#8221;#6eba01&#8243; button_border_radius=&#8221;0px&#8221; button_letter_spacing=&#8221;2px&#8221; button_font=&#8221;Montserrat|||on|&#8221; button_use_icon=&#8221;off&#8221; animation_style=&#8221;fold&#8221; animation_direction=&#8221;bottom&#8221; button_text_color_hover=&#8221;#ffffff&#8221; button_border_color_hover=&#8221;#ffffff&#8221; button_border_radius_hover=&#8221;0px&#8221; button_letter_spacing_hover=&#8221;2px&#8221; button_bg_color_hover=&#8221;rgba(255,255,255,0)&#8221; locked=&#8221;off&#8221; global_colors_info=&#8221;{}&#8221; button_text_size__hover_enabled=&#8221;off&#8221; button_one_text_size__hover_enabled=&#8221;off&#8221; button_two_text_size__hover_enabled=&#8221;off&#8221; button_text_color__hover_enabled=&#8221;on&#8221; button_text_color__hover=&#8221;#ffffff&#8221; button_one_text_color__hover_enabled=&#8221;off&#8221; button_two_text_color__hover_enabled=&#8221;off&#8221; button_border_width__hover_enabled=&#8221;off&#8221; button_one_border_width__hover_enabled=&#8221;off&#8221; button_two_border_width__hover_enabled=&#8221;off&#8221; button_border_color__hover_enabled=&#8221;on&#8221; button_border_color__hover=&#8221;#ffffff&#8221; button_one_border_color__hover_enabled=&#8221;off&#8221; button_two_border_color__hover_enabled=&#8221;off&#8221; button_border_radius__hover_enabled=&#8221;on&#8221; button_border_radius__hover=&#8221;0px&#8221; button_one_border_radius__hover_enabled=&#8221;off&#8221; button_two_border_radius__hover_enabled=&#8221;off&#8221; button_letter_spacing__hover_enabled=&#8221;on&#8221; button_letter_spacing__hover=&#8221;2px&#8221; button_one_letter_spacing__hover_enabled=&#8221;off&#8221; button_two_letter_spacing__hover_enabled=&#8221;off&#8221; button_bg_color__hover_enabled=&#8221;on&#8221; button_bg_color__hover=&#8221;rgba(255,255,255,0)&#8221; button_one_bg_color__hover_enabled=&#8221;off&#8221; button_two_bg_color__hover_enabled=&#8221;off&#8221;][\/et_pb_button][\/et_pb_column][\/et_pb_row][\/et_pb_section]<\/p>\n","protected":false},"excerpt":{"rendered":"<p>Przy zakupie paneli na podczerwie\u0144 zdaj si\u0119 na do\u015bwiadczenie agencji Frisch. Grzejniki na podczerwie\u0144 do stosowania w ma\u0142ych i du\u017cych pomieszczeniach Panele na podczerwie\u0144 maj\u0105 t\u0119 zalet\u0119, \u017ce natychmiast wypromieniowuj\u0105 ciep\u0142o, czyli s\u0105 przyjemnie ciep\u0142e zaraz po w\u0142\u0105czeniu. Poniewa\u017c, w przeciwie\u0144stwie do termowentylator\u00f3w, powietrze nie jest zawirowywane, nie ma r\u00f3wnie\u017c zawirowa\u0144 kurzu i mo\u017ce by\u0107 [&hellip;]<\/p>\n","protected":false},"author":2,"featured_media":0,"parent":0,"menu_order":0,"comment_status":"closed","ping_status":"closed","template":"","meta":{"_et_pb_use_builder":"on","_et_pb_old_content":"","_et_gb_content_width":"","footnotes":""},"class_list":["post-12367","page","type-page","status-publish","hentry"],"yoast_head":"<!-- This site is optimized with the Yoast SEO plugin v27.2 - https:\/\/yoast.com\/product\/yoast-seo-wordpress\/ -->\n<title>Importuj panele na podczerwie\u0144 z Chin - Grzejniki na podczerwie\u0144 z Chin<\/title>\n<meta name=\"description\" content=\"Panele na podczerwie\u0144 z Chin \u25bb wiarygodny producent \u2713 pr\u00f3bki z g\u00f3ry\u2713 bezpieczna p\u0142atno\u015b\u0107\u2713 produkty zgodne z UE\u25bb Zapytaj eksperta teraz!\" \/>\n<meta name=\"robots\" content=\"index, follow, max-snippet:-1, max-image-preview:large, max-video-preview:-1\" \/>\n<link rel=\"canonical\" href=\"https:\/\/ag-frisch.com\/pl\/panele-na-podczerwien-z-chin\/\" \/>\n<meta property=\"og:locale\" content=\"pl_PL\" \/>\n<meta property=\"og:type\" content=\"article\" \/>\n<meta property=\"og:title\" content=\"Importuj panele na podczerwie\u0144 z Chin - Grzejniki na podczerwie\u0144 z Chin\" \/>\n<meta property=\"og:description\" content=\"Panele na podczerwie\u0144 z Chin \u25bb wiarygodny producent \u2713 pr\u00f3bki z g\u00f3ry\u2713 bezpieczna p\u0142atno\u015b\u0107\u2713 produkty zgodne z UE\u25bb Zapytaj eksperta teraz!\" \/>\n<meta property=\"og:url\" content=\"https:\/\/ag-frisch.com\/pl\/panele-na-podczerwien-z-chin\/\" \/>\n<meta property=\"og:site_name\" content=\"China Import Beratung f\u00fcr den Einkauf aus China\" \/>\n<meta property=\"article:publisher\" content=\"https:\/\/www.facebook.com\/China.Import\" \/>\n<meta property=\"article:modified_time\" content=\"2023-01-27T04:43:40+00:00\" \/>\n<meta name=\"twitter:card\" content=\"summary_large_image\" \/>\n<meta name=\"twitter:site\" content=\"@agenturfrisch\" \/>\n<meta name=\"twitter:label1\" content=\"Szacowany czas czytania\" \/>\n\t<meta name=\"twitter:data1\" content=\"7 minut\" \/>\n<script type=\"application\/ld+json\" class=\"yoast-schema-graph\">{\"@context\":\"https:\/\/schema.org\",\"@graph\":[{\"@type\":\"WebPage\",\"@id\":\"https:\/\/ag-frisch.com\/pl\/panele-na-podczerwien-z-chin\/\",\"url\":\"https:\/\/ag-frisch.com\/pl\/panele-na-podczerwien-z-chin\/\",\"name\":\"Importuj panele na podczerwie\u0144 z Chin - Grzejniki na podczerwie\u0144 z Chin\",\"isPartOf\":{\"@id\":\"https:\/\/ag-frisch.com\/de\/#website\"},\"datePublished\":\"2022-09-25T05:28:00+00:00\",\"dateModified\":\"2023-01-27T04:43:40+00:00\",\"description\":\"Panele na podczerwie\u0144 z Chin \u25bb wiarygodny producent \u2713 pr\u00f3bki z g\u00f3ry\u2713 bezpieczna p\u0142atno\u015b\u0107\u2713 produkty zgodne z UE\u25bb Zapytaj eksperta teraz!\",\"breadcrumb\":{\"@id\":\"https:\/\/ag-frisch.com\/pl\/panele-na-podczerwien-z-chin\/#breadcrumb\"},\"inLanguage\":\"pl-PL\",\"potentialAction\":[{\"@type\":\"ReadAction\",\"target\":[\"https:\/\/ag-frisch.com\/pl\/panele-na-podczerwien-z-chin\/\"]}]},{\"@type\":\"BreadcrumbList\",\"@id\":\"https:\/\/ag-frisch.com\/pl\/panele-na-podczerwien-z-chin\/#breadcrumb\",\"itemListElement\":[{\"@type\":\"ListItem\",\"position\":1,\"name\":\"Startseite\",\"item\":\"https:\/\/ag-frisch.com\/de\/\"},{\"@type\":\"ListItem\",\"position\":2,\"name\":\"Panele na podczerwie\u0144 z Chin\"}]},{\"@type\":\"WebSite\",\"@id\":\"https:\/\/ag-frisch.com\/de\/#website\",\"url\":\"https:\/\/ag-frisch.com\/de\/\",\"name\":\"China Import Beratung f\u00fcr den Einkauf aus China\",\"description\":\"China Import &amp; Export Beratung - Der Dienstleister Ihres Vertrauens f\u00fcr Ihren China Import\",\"publisher\":{\"@id\":\"https:\/\/ag-frisch.com\/de\/#organization\"},\"potentialAction\":[{\"@type\":\"SearchAction\",\"target\":{\"@type\":\"EntryPoint\",\"urlTemplate\":\"https:\/\/ag-frisch.com\/de\/?s={search_term_string}\"},\"query-input\":{\"@type\":\"PropertyValueSpecification\",\"valueRequired\":true,\"valueName\":\"search_term_string\"}}],\"inLanguage\":\"pl-PL\"},{\"@type\":\"Organization\",\"@id\":\"https:\/\/ag-frisch.com\/de\/#organization\",\"name\":\"Agentur Frisch International Consulting GmbH & Co. KG\",\"url\":\"https:\/\/ag-frisch.com\/de\/\",\"logo\":{\"@type\":\"ImageObject\",\"inLanguage\":\"pl-PL\",\"@id\":\"https:\/\/ag-frisch.com\/de\/#\/schema\/logo\/image\/\",\"url\":\"https:\/\/ag-frisch.com\/wp-content\/uploads\/2021\/08\/ag_logo_rgb_300_small.png\",\"contentUrl\":\"https:\/\/ag-frisch.com\/wp-content\/uploads\/2021\/08\/ag_logo_rgb_300_small.png\",\"width\":153,\"height\":102,\"caption\":\"Agentur Frisch International Consulting GmbH & Co. KG\"},\"image\":{\"@id\":\"https:\/\/ag-frisch.com\/de\/#\/schema\/logo\/image\/\"},\"sameAs\":[\"https:\/\/www.facebook.com\/China.Import\",\"https:\/\/x.com\/agenturfrisch\"]}]}<\/script>\n<!-- \/ Yoast SEO plugin. -->","yoast_head_json":{"title":"Importuj panele na podczerwie\u0144 z Chin - Grzejniki na podczerwie\u0144 z Chin","description":"Panele na podczerwie\u0144 z Chin \u25bb wiarygodny producent \u2713 pr\u00f3bki z g\u00f3ry\u2713 bezpieczna p\u0142atno\u015b\u0107\u2713 produkty zgodne z UE\u25bb Zapytaj eksperta teraz!","robots":{"index":"index","follow":"follow","max-snippet":"max-snippet:-1","max-image-preview":"max-image-preview:large","max-video-preview":"max-video-preview:-1"},"canonical":"https:\/\/ag-frisch.com\/pl\/panele-na-podczerwien-z-chin\/","og_locale":"pl_PL","og_type":"article","og_title":"Importuj panele na podczerwie\u0144 z Chin - Grzejniki na podczerwie\u0144 z Chin","og_description":"Panele na podczerwie\u0144 z Chin \u25bb wiarygodny producent \u2713 pr\u00f3bki z g\u00f3ry\u2713 bezpieczna p\u0142atno\u015b\u0107\u2713 produkty zgodne z UE\u25bb Zapytaj eksperta teraz!","og_url":"https:\/\/ag-frisch.com\/pl\/panele-na-podczerwien-z-chin\/","og_site_name":"China Import Beratung f\u00fcr den Einkauf aus China","article_publisher":"https:\/\/www.facebook.com\/China.Import","article_modified_time":"2023-01-27T04:43:40+00:00","twitter_card":"summary_large_image","twitter_site":"@agenturfrisch","twitter_misc":{"Szacowany czas czytania":"7 minut"},"schema":{"@context":"https:\/\/schema.org","@graph":[{"@type":"WebPage","@id":"https:\/\/ag-frisch.com\/pl\/panele-na-podczerwien-z-chin\/","url":"https:\/\/ag-frisch.com\/pl\/panele-na-podczerwien-z-chin\/","name":"Importuj panele na podczerwie\u0144 z Chin - Grzejniki na podczerwie\u0144 z Chin","isPartOf":{"@id":"https:\/\/ag-frisch.com\/de\/#website"},"datePublished":"2022-09-25T05:28:00+00:00","dateModified":"2023-01-27T04:43:40+00:00","description":"Panele na podczerwie\u0144 z Chin \u25bb wiarygodny producent \u2713 pr\u00f3bki z g\u00f3ry\u2713 bezpieczna p\u0142atno\u015b\u0107\u2713 produkty zgodne z UE\u25bb Zapytaj eksperta teraz!","breadcrumb":{"@id":"https:\/\/ag-frisch.com\/pl\/panele-na-podczerwien-z-chin\/#breadcrumb"},"inLanguage":"pl-PL","potentialAction":[{"@type":"ReadAction","target":["https:\/\/ag-frisch.com\/pl\/panele-na-podczerwien-z-chin\/"]}]},{"@type":"BreadcrumbList","@id":"https:\/\/ag-frisch.com\/pl\/panele-na-podczerwien-z-chin\/#breadcrumb","itemListElement":[{"@type":"ListItem","position":1,"name":"Startseite","item":"https:\/\/ag-frisch.com\/de\/"},{"@type":"ListItem","position":2,"name":"Panele na podczerwie\u0144 z Chin"}]},{"@type":"WebSite","@id":"https:\/\/ag-frisch.com\/de\/#website","url":"https:\/\/ag-frisch.com\/de\/","name":"China Import Beratung f\u00fcr den Einkauf aus China","description":"China Import &amp; Export Beratung - Der Dienstleister Ihres Vertrauens f\u00fcr Ihren China Import","publisher":{"@id":"https:\/\/ag-frisch.com\/de\/#organization"},"potentialAction":[{"@type":"SearchAction","target":{"@type":"EntryPoint","urlTemplate":"https:\/\/ag-frisch.com\/de\/?s={search_term_string}"},"query-input":{"@type":"PropertyValueSpecification","valueRequired":true,"valueName":"search_term_string"}}],"inLanguage":"pl-PL"},{"@type":"Organization","@id":"https:\/\/ag-frisch.com\/de\/#organization","name":"Agentur Frisch International Consulting GmbH & Co. KG","url":"https:\/\/ag-frisch.com\/de\/","logo":{"@type":"ImageObject","inLanguage":"pl-PL","@id":"https:\/\/ag-frisch.com\/de\/#\/schema\/logo\/image\/","url":"https:\/\/ag-frisch.com\/wp-content\/uploads\/2021\/08\/ag_logo_rgb_300_small.png","contentUrl":"https:\/\/ag-frisch.com\/wp-content\/uploads\/2021\/08\/ag_logo_rgb_300_small.png","width":153,"height":102,"caption":"Agentur Frisch International Consulting GmbH & Co. KG"},"image":{"@id":"https:\/\/ag-frisch.com\/de\/#\/schema\/logo\/image\/"},"sameAs":["https:\/\/www.facebook.com\/China.Import","https:\/\/x.com\/agenturfrisch"]}]}},"_links":{"self":[{"href":"https:\/\/ag-frisch.com\/pl\/wp-json\/wp\/v2\/pages\/12367","targetHints":{"allow":["GET"]}}],"collection":[{"href":"https:\/\/ag-frisch.com\/pl\/wp-json\/wp\/v2\/pages"}],"about":[{"href":"https:\/\/ag-frisch.com\/pl\/wp-json\/wp\/v2\/types\/page"}],"author":[{"embeddable":true,"href":"https:\/\/ag-frisch.com\/pl\/wp-json\/wp\/v2\/users\/2"}],"replies":[{"embeddable":true,"href":"https:\/\/ag-frisch.com\/pl\/wp-json\/wp\/v2\/comments?post=12367"}],"version-history":[{"count":0,"href":"https:\/\/ag-frisch.com\/pl\/wp-json\/wp\/v2\/pages\/12367\/revisions"}],"wp:attachment":[{"href":"https:\/\/ag-frisch.com\/pl\/wp-json\/wp\/v2\/media?parent=12367"}],"curies":[{"name":"wp","href":"https:\/\/api.w.org\/{rel}","templated":true}]}}