{"id":12434,"date":"2022-11-14T16:56:12","date_gmt":"2022-11-14T15:56:12","guid":{"rendered":"https:\/\/ag-frisch.com\/pelnomocnictwo\/"},"modified":"2023-01-27T05:44:02","modified_gmt":"2023-01-27T04:44:02","slug":"pelnomocnictwo","status":"publish","type":"page","link":"https:\/\/ag-frisch.com\/pl\/pelnomocnictwo\/","title":{"rendered":"Pe\u0142nomocnictwo"},"content":{"rendered":"<div class=\"wpforms-container wpforms-container-full wpforms-block\" id=\"wpforms-6718\"><form id=\"wpforms-form-6718\" class=\"wpforms-validate wpforms-form wpforms-ajax-form\" data-formid=\"6718\" method=\"post\" enctype=\"multipart\/form-data\" action=\"\/pl\/wp-json\/wp\/v2\/pages\/12434\" data-token=\"ac9de0451be061224e8c4afce3638e68\" data-token-time=\"1775392383\"><noscript class=\"wpforms-error-noscript\">Aby wype\u0142ni\u0107 ten formularz, w\u0142\u0105cz obs\u0142ug\u0119 JavaScript w przegl\u0105darce.<\/noscript><div class=\"wpforms-field-container\"><div id=\"wpforms-6718-field_1-container\" class=\"wpforms-field wpforms-field-text\" data-field-type=\"text\" data-field-id=\"1\"><label class=\"wpforms-field-label\" for=\"wpforms-6718-field_1\">Firmenname \/ Companyname<\/label><input type=\"text\" id=\"wpforms-6718-field_1\" class=\"wpforms-field-medium\" name=\"wpforms[fields][1]\" ><\/div><div id=\"wpforms-6718-field_2-container\" class=\"wpforms-field wpforms-field-text\" data-field-type=\"text\" data-field-id=\"2\"><label class=\"wpforms-field-label\" for=\"wpforms-6718-field_2\">Vorname \/ Firstname <span class=\"wpforms-required-label\">*<\/span><\/label><input type=\"text\" id=\"wpforms-6718-field_2\" class=\"wpforms-field-medium wpforms-field-required\" name=\"wpforms[fields][2]\" required><\/div><div id=\"wpforms-6718-field_3-container\" class=\"wpforms-field wpforms-field-text\" data-field-type=\"text\" data-field-id=\"3\"><label class=\"wpforms-field-label\" for=\"wpforms-6718-field_3\">Nachname \/ Lastname <span class=\"wpforms-required-label\">*<\/span><\/label><input type=\"text\" id=\"wpforms-6718-field_3\" class=\"wpforms-field-medium wpforms-field-required\" name=\"wpforms[fields][3]\" required><\/div><div id=\"wpforms-6718-field_4-container\" class=\"wpforms-field wpforms-field-text\" data-field-type=\"text\" data-field-id=\"4\"><label class=\"wpforms-field-label\" for=\"wpforms-6718-field_4\">Stra\u00dfe &amp; Hausnummer \/ Street address <span class=\"wpforms-required-label\">*<\/span><\/label><input type=\"text\" id=\"wpforms-6718-field_4\" class=\"wpforms-field-medium wpforms-field-required\" name=\"wpforms[fields][4]\" required><\/div><div id=\"wpforms-6718-field_5-container\" class=\"wpforms-field wpforms-field-text\" data-field-type=\"text\" data-field-id=\"5\"><label class=\"wpforms-field-label\" for=\"wpforms-6718-field_5\">PLZ \/ Zip code <span class=\"wpforms-required-label\">*<\/span><\/label><input type=\"text\" id=\"wpforms-6718-field_5\" class=\"wpforms-field-medium wpforms-field-required\" name=\"wpforms[fields][5]\" required><\/div><div id=\"wpforms-6718-field_6-container\" class=\"wpforms-field wpforms-field-text\" data-field-type=\"text\" data-field-id=\"6\"><label class=\"wpforms-field-label\" for=\"wpforms-6718-field_6\">Ort \/ City <span class=\"wpforms-required-label\">*<\/span><\/label><input type=\"text\" id=\"wpforms-6718-field_6\" class=\"wpforms-field-medium wpforms-field-required\" name=\"wpforms[fields][6]\" required><\/div><div id=\"wpforms-6718-field_7-container\" class=\"wpforms-field wpforms-field-text\" data-field-type=\"text\" data-field-id=\"7\"><label class=\"wpforms-field-label\" for=\"wpforms-6718-field_7\">Land \/ Country <span class=\"wpforms-required-label\">*<\/span><\/label><input type=\"text\" id=\"wpforms-6718-field_7\" class=\"wpforms-field-medium wpforms-field-required\" name=\"wpforms[fields][7]\" required><\/div><div id=\"wpforms-6718-field_8-container\" class=\"wpforms-field wpforms-field-text\" data-field-type=\"text\" data-field-id=\"8\"><label class=\"wpforms-field-label\" for=\"wpforms-6718-field_8\">Steuer ID \/ VAT <span class=\"wpforms-required-label\">*<\/span><\/label><input type=\"text\" id=\"wpforms-6718-field_8\" class=\"wpforms-field-medium wpforms-field-required\" name=\"wpforms[fields][8]\" required><\/div><div id=\"wpforms-6718-field_10-container\" class=\"wpforms-field wpforms-field-text\" data-field-type=\"text\" data-field-id=\"10\"><label class=\"wpforms-field-label\" for=\"wpforms-6718-field_10\">EORI <span class=\"wpforms-required-label\">*<\/span><\/label><input type=\"text\" id=\"wpforms-6718-field_10\" class=\"wpforms-field-medium wpforms-field-required\" name=\"wpforms[fields][10]\" required><\/div><div id=\"wpforms-6718-field_9-container\" class=\"wpforms-field wpforms-field-text\" data-field-type=\"text\" data-field-id=\"9\"><label class=\"wpforms-field-label\" for=\"wpforms-6718-field_9\">Steuernummer \/ Tax number <span class=\"wpforms-required-label\">*<\/span><\/label><input type=\"text\" id=\"wpforms-6718-field_9\" class=\"wpforms-field-medium wpforms-field-required\" name=\"wpforms[fields][9]\" required><\/div><div id=\"wpforms-6718-field_11-container\" class=\"wpforms-field wpforms-field-text\" data-field-type=\"text\" data-field-id=\"11\"><label class=\"wpforms-field-label\" for=\"wpforms-6718-field_11\">Handelsregister \/ Commercial register<\/label><input type=\"text\" id=\"wpforms-6718-field_11\" class=\"wpforms-field-medium\" name=\"wpforms[fields][11]\" ><\/div><div id=\"wpforms-6718-field_12-container\" class=\"wpforms-field wpforms-field-text\" data-field-type=\"text\" data-field-id=\"12\"><label class=\"wpforms-field-label\" for=\"wpforms-6718-field_12\">Finanzamt \/ Tax office<\/label><input type=\"text\" id=\"wpforms-6718-field_12\" class=\"wpforms-field-medium\" name=\"wpforms[fields][12]\" ><\/div><div id=\"wpforms-6718-field_14-container\" class=\"wpforms-field wpforms-field-hidden\" data-field-type=\"hidden\" data-field-id=\"14\"><input type=\"hidden\" id=\"wpforms-6718-field_14\" name=\"wpforms[fields][14]\"><\/div><div id=\"wpforms-6718-field_13-container\" class=\"wpforms-field wpforms-field-hidden\" data-field-type=\"hidden\" data-field-id=\"13\"><input type=\"hidden\" id=\"wpforms-6718-field_13\" name=\"wpforms[fields][13]\"><\/div><\/div><!-- .wpforms-field-container --><div class=\"wpforms-submit-container\" ><input type=\"hidden\" name=\"wpforms[id]\" value=\"6718\"><input type=\"hidden\" name=\"page_title\" value=\"\"><input type=\"hidden\" name=\"page_url\" value=\"https:\/\/ag-frisch.com\/pl\/wp-json\/wp\/v2\/pages\/12434\"><input type=\"hidden\" name=\"url_referer\" value=\"\"><button type=\"submit\" name=\"wpforms[submit]\" id=\"wpforms-submit-6718\" class=\"wpforms-submit\" data-alt-text=\"Senden\u2026\" data-submit-text=\"Absenden\" aria-live=\"assertive\" value=\"wpforms-submit\">Absenden<\/button><img loading=\"lazy\" decoding=\"async\" src=\"https:\/\/ag-frisch.com\/wp-content\/plugins\/wpforms\/assets\/images\/submit-spin.svg\" class=\"wpforms-submit-spinner\" style=\"display: none;\" width=\"26\" height=\"26\" alt=\"Wczytywanie\"><\/div><\/form><\/div>  <!-- .wpforms-container -->","protected":false},"excerpt":{"rendered":"","protected":false},"author":4,"featured_media":0,"parent":0,"menu_order":0,"comment_status":"closed","ping_status":"closed","template":"","meta":{"_et_pb_use_builder":"","_et_pb_old_content":"","_et_gb_content_width":"","footnotes":""},"class_list":["post-12434","page","type-page","status-publish","hentry"],"yoast_head":"<!-- This site is optimized with the Yoast SEO plugin v27.2 - https:\/\/yoast.com\/product\/yoast-seo-wordpress\/ -->\n<title>Pe\u0142nomocnictwo - China Import Beratung f\u00fcr den Einkauf aus China<\/title>\n<meta name=\"robots\" content=\"index, follow, max-snippet:-1, max-image-preview:large, max-video-preview:-1\" \/>\n<link rel=\"canonical\" href=\"https:\/\/ag-frisch.com\/pl\/pelnomocnictwo\/\" \/>\n<meta property=\"og:locale\" content=\"pl_PL\" \/>\n<meta property=\"og:type\" content=\"article\" \/>\n<meta property=\"og:title\" content=\"Pe\u0142nomocnictwo - China Import Beratung f\u00fcr den Einkauf aus China\" \/>\n<meta property=\"og:url\" content=\"https:\/\/ag-frisch.com\/pl\/pelnomocnictwo\/\" \/>\n<meta property=\"og:site_name\" content=\"China Import Beratung f\u00fcr den Einkauf aus China\" \/>\n<meta property=\"article:publisher\" content=\"https:\/\/www.facebook.com\/China.Import\" \/>\n<meta property=\"article:modified_time\" content=\"2023-01-27T04:44:02+00:00\" \/>\n<meta name=\"twitter:card\" content=\"summary_large_image\" \/>\n<meta name=\"twitter:site\" content=\"@agenturfrisch\" \/>\n<script type=\"application\/ld+json\" class=\"yoast-schema-graph\">{\"@context\":\"https:\/\/schema.org\",\"@graph\":[{\"@type\":\"WebPage\",\"@id\":\"https:\/\/ag-frisch.com\/pl\/pelnomocnictwo\/\",\"url\":\"https:\/\/ag-frisch.com\/pl\/pelnomocnictwo\/\",\"name\":\"Pe\u0142nomocnictwo - China Import Beratung f\u00fcr den Einkauf aus China\",\"isPartOf\":{\"@id\":\"https:\/\/ag-frisch.com\/de\/#website\"},\"datePublished\":\"2022-11-14T15:56:12+00:00\",\"dateModified\":\"2023-01-27T04:44:02+00:00\",\"breadcrumb\":{\"@id\":\"https:\/\/ag-frisch.com\/pl\/pelnomocnictwo\/#breadcrumb\"},\"inLanguage\":\"pl-PL\",\"potentialAction\":[{\"@type\":\"ReadAction\",\"target\":[\"https:\/\/ag-frisch.com\/pl\/pelnomocnictwo\/\"]}]},{\"@type\":\"BreadcrumbList\",\"@id\":\"https:\/\/ag-frisch.com\/pl\/pelnomocnictwo\/#breadcrumb\",\"itemListElement\":[{\"@type\":\"ListItem\",\"position\":1,\"name\":\"Startseite\",\"item\":\"https:\/\/ag-frisch.com\/de\/\"},{\"@type\":\"ListItem\",\"position\":2,\"name\":\"Pe\u0142nomocnictwo\"}]},{\"@type\":\"WebSite\",\"@id\":\"https:\/\/ag-frisch.com\/de\/#website\",\"url\":\"https:\/\/ag-frisch.com\/de\/\",\"name\":\"China Import Beratung f\u00fcr den Einkauf aus China\",\"description\":\"China Import &amp; Export Beratung - Der Dienstleister Ihres Vertrauens f\u00fcr Ihren China Import\",\"publisher\":{\"@id\":\"https:\/\/ag-frisch.com\/de\/#organization\"},\"potentialAction\":[{\"@type\":\"SearchAction\",\"target\":{\"@type\":\"EntryPoint\",\"urlTemplate\":\"https:\/\/ag-frisch.com\/de\/?s={search_term_string}\"},\"query-input\":{\"@type\":\"PropertyValueSpecification\",\"valueRequired\":true,\"valueName\":\"search_term_string\"}}],\"inLanguage\":\"pl-PL\"},{\"@type\":\"Organization\",\"@id\":\"https:\/\/ag-frisch.com\/de\/#organization\",\"name\":\"Agentur Frisch International Consulting GmbH & Co. KG\",\"url\":\"https:\/\/ag-frisch.com\/de\/\",\"logo\":{\"@type\":\"ImageObject\",\"inLanguage\":\"pl-PL\",\"@id\":\"https:\/\/ag-frisch.com\/de\/#\/schema\/logo\/image\/\",\"url\":\"https:\/\/ag-frisch.com\/wp-content\/uploads\/2021\/08\/ag_logo_rgb_300_small.png\",\"contentUrl\":\"https:\/\/ag-frisch.com\/wp-content\/uploads\/2021\/08\/ag_logo_rgb_300_small.png\",\"width\":153,\"height\":102,\"caption\":\"Agentur Frisch International Consulting GmbH & Co. KG\"},\"image\":{\"@id\":\"https:\/\/ag-frisch.com\/de\/#\/schema\/logo\/image\/\"},\"sameAs\":[\"https:\/\/www.facebook.com\/China.Import\",\"https:\/\/x.com\/agenturfrisch\"]}]}<\/script>\n<!-- \/ Yoast SEO plugin. -->","yoast_head_json":{"title":"Pe\u0142nomocnictwo - China Import Beratung f\u00fcr den Einkauf aus China","robots":{"index":"index","follow":"follow","max-snippet":"max-snippet:-1","max-image-preview":"max-image-preview:large","max-video-preview":"max-video-preview:-1"},"canonical":"https:\/\/ag-frisch.com\/pl\/pelnomocnictwo\/","og_locale":"pl_PL","og_type":"article","og_title":"Pe\u0142nomocnictwo - China Import Beratung f\u00fcr den Einkauf aus China","og_url":"https:\/\/ag-frisch.com\/pl\/pelnomocnictwo\/","og_site_name":"China Import Beratung f\u00fcr den Einkauf aus China","article_publisher":"https:\/\/www.facebook.com\/China.Import","article_modified_time":"2023-01-27T04:44:02+00:00","twitter_card":"summary_large_image","twitter_site":"@agenturfrisch","schema":{"@context":"https:\/\/schema.org","@graph":[{"@type":"WebPage","@id":"https:\/\/ag-frisch.com\/pl\/pelnomocnictwo\/","url":"https:\/\/ag-frisch.com\/pl\/pelnomocnictwo\/","name":"Pe\u0142nomocnictwo - China Import Beratung f\u00fcr den Einkauf aus China","isPartOf":{"@id":"https:\/\/ag-frisch.com\/de\/#website"},"datePublished":"2022-11-14T15:56:12+00:00","dateModified":"2023-01-27T04:44:02+00:00","breadcrumb":{"@id":"https:\/\/ag-frisch.com\/pl\/pelnomocnictwo\/#breadcrumb"},"inLanguage":"pl-PL","potentialAction":[{"@type":"ReadAction","target":["https:\/\/ag-frisch.com\/pl\/pelnomocnictwo\/"]}]},{"@type":"BreadcrumbList","@id":"https:\/\/ag-frisch.com\/pl\/pelnomocnictwo\/#breadcrumb","itemListElement":[{"@type":"ListItem","position":1,"name":"Startseite","item":"https:\/\/ag-frisch.com\/de\/"},{"@type":"ListItem","position":2,"name":"Pe\u0142nomocnictwo"}]},{"@type":"WebSite","@id":"https:\/\/ag-frisch.com\/de\/#website","url":"https:\/\/ag-frisch.com\/de\/","name":"China Import Beratung f\u00fcr den Einkauf aus China","description":"China Import &amp; Export Beratung - Der Dienstleister Ihres Vertrauens f\u00fcr Ihren China Import","publisher":{"@id":"https:\/\/ag-frisch.com\/de\/#organization"},"potentialAction":[{"@type":"SearchAction","target":{"@type":"EntryPoint","urlTemplate":"https:\/\/ag-frisch.com\/de\/?s={search_term_string}"},"query-input":{"@type":"PropertyValueSpecification","valueRequired":true,"valueName":"search_term_string"}}],"inLanguage":"pl-PL"},{"@type":"Organization","@id":"https:\/\/ag-frisch.com\/de\/#organization","name":"Agentur Frisch International Consulting GmbH & Co. KG","url":"https:\/\/ag-frisch.com\/de\/","logo":{"@type":"ImageObject","inLanguage":"pl-PL","@id":"https:\/\/ag-frisch.com\/de\/#\/schema\/logo\/image\/","url":"https:\/\/ag-frisch.com\/wp-content\/uploads\/2021\/08\/ag_logo_rgb_300_small.png","contentUrl":"https:\/\/ag-frisch.com\/wp-content\/uploads\/2021\/08\/ag_logo_rgb_300_small.png","width":153,"height":102,"caption":"Agentur Frisch International Consulting GmbH & Co. KG"},"image":{"@id":"https:\/\/ag-frisch.com\/de\/#\/schema\/logo\/image\/"},"sameAs":["https:\/\/www.facebook.com\/China.Import","https:\/\/x.com\/agenturfrisch"]}]}},"_links":{"self":[{"href":"https:\/\/ag-frisch.com\/pl\/wp-json\/wp\/v2\/pages\/12434","targetHints":{"allow":["GET"]}}],"collection":[{"href":"https:\/\/ag-frisch.com\/pl\/wp-json\/wp\/v2\/pages"}],"about":[{"href":"https:\/\/ag-frisch.com\/pl\/wp-json\/wp\/v2\/types\/page"}],"author":[{"embeddable":true,"href":"https:\/\/ag-frisch.com\/pl\/wp-json\/wp\/v2\/users\/4"}],"replies":[{"embeddable":true,"href":"https:\/\/ag-frisch.com\/pl\/wp-json\/wp\/v2\/comments?post=12434"}],"version-history":[{"count":0,"href":"https:\/\/ag-frisch.com\/pl\/wp-json\/wp\/v2\/pages\/12434\/revisions"}],"wp:attachment":[{"href":"https:\/\/ag-frisch.com\/pl\/wp-json\/wp\/v2\/media?parent=12434"}],"curies":[{"name":"wp","href":"https:\/\/api.w.org\/{rel}","templated":true}]}}