{"id":12466,"date":"2022-10-19T05:25:52","date_gmt":"2022-10-19T03:25:52","guid":{"rendered":"https:\/\/ag-frisch.com\/fan-heater-z-chin\/"},"modified":"2023-01-27T05:44:33","modified_gmt":"2023-01-27T04:44:33","slug":"fan-heater-z-chin","status":"publish","type":"page","link":"https:\/\/ag-frisch.com\/pl\/fan-heater-z-chin\/","title":{"rendered":"Fan Heater z Chin"},"content":{"rendered":"<p>[et_pb_section fb_built=&#8221;1&#8243; _builder_version=&#8221;4.16&#8243; _module_preset=&#8221;default&#8221; global_colors_info=&#8221;{}&#8221;][et_pb_row _builder_version=&#8221;4.16&#8243; _module_preset=&#8221;default&#8221; global_colors_info=&#8221;{}&#8221;][et_pb_column type=&#8221;4_4&#8243; _builder_version=&#8221;4.16&#8243; _module_preset=&#8221;default&#8221; global_colors_info=&#8221;{}&#8221;][et_pb_cta title=&#8221;Importuj elektryczne grzejniki wentylatorowe z Chin&#8221; button_url=&#8221;https:\/\/ag-frisch.com\/pl\/kontakt\/&#8221; button_text=&#8221;Zle\u0107 profesjonalistom import termowentylator\u00f3w&#8221; _builder_version=&#8221;4.18.1&#8243; _module_preset=&#8221;default&#8221; global_colors_info=&#8221;{}&#8221;]<\/p>\n<p>Importuj grzejniki wentylatorowe z Chin bez ryzyka, poniewa\u017c odpowiedzialno\u015b\u0107 jest podejmowana przez eksperta importowego z Chin.<\/p>\n<p>[\/et_pb_cta][et_pb_text _builder_version=&#8221;4.16&#8243; _module_preset=&#8221;default&#8221; global_colors_info=&#8221;{}&#8221;]<\/p>\n<p><strong>Kupi\u0107 Fan Heater z Chin<\/strong><\/p>\n<p>Aby zaoszcz\u0119dzi\u0107 na zakupach, dobrym sposobem jest import z Chin termowentylator\u00f3w, grzejnik\u00f3w ceramicznych lub grzejnik\u00f3w elektrycznych. To prawda, \u017ce to d\u0142uga droga, bo importer staje si\u0119 producentem w sensie czysto prawnym i sam musi zadba\u0107 o dyrektyw\u0119 CE, rozporz\u0105dzenie o zu\u017cytym sprz\u0119cie elektrycznym i elektronicznym, rozporz\u0105dzenie o opakowaniach itd. W tym celu nale\u017cy zbudowa\u0107 w\u0142asn\u0105 mark\u0119, w tym w\u0142asne logo, w\u0142asne podr\u0119czniki i w\u0142asne projekty opakowa\u0144. Agencja Frisch jest ekspertem w zakresie zakupu termowentylator\u00f3w z Chin. Je\u015bli chcesz zbudowa\u0107 w\u0142asn\u0105 mark\u0119 do zakupu grzejnik\u00f3w wentylatorowych z Chin, skontaktuj si\u0119 z nami. Cieszymy si\u0119, \u017ce mo\u017cemy by\u0107 tam dla Ciebie.  <\/p>\n<p><strong>Import grzejnik\u00f3w ceramicznych z Chin<\/strong><\/p>\n<p>Jako eksperci w zakupach z Chin, znamy wszystkich &#8220;dobrych&#8221; producent\u00f3w grzejnik\u00f3w w Chinach. Ch\u0119tnie wesprzemy Pa\u0144stwa w imporcie grzejnik\u00f3w z Chin i zajmiemy si\u0119 ca\u0142ym procesem od negocjacji kontraktu, poprzez procedur\u0119 zgodno\u015bci, produkcj\u0119, zapewnienie jako\u015bci i logistyk\u0119.  <\/p>\n<p><strong>Kupi\u0107 termowentylator marki airbridge<\/strong><\/p>\n<p>Dzi\u0119ki marce airbridge, termowentylatory, grzejniki ceramiczne i grzejniki elektryczne mo\u017cna kupi\u0107 bez w\u0142asnej marki, ale z licencjonowan\u0105 mark\u0105 agencji Frisch. Wprawdzie importujesz tanio z Chin, ale masz t\u0119 przewag\u0119, \u017ce nie musisz budowa\u0107 w\u0142asnej marki, a podr\u0119czniki, projekty opakowa\u0144 itp. s\u0105 ju\u017c dost\u0119pne. Najwa\u017cniejsze jest jednak to, \u017ce procedura zgodno\u015bci, zgodno\u015b\u0107 z rozporz\u0105dzeniem o opakowaniach i rozporz\u0105dzeniem o e-odpadach jest ju\u017c zapewniona.  <\/p>\n<p>Elektryczne termowentylatory zasysaj\u0105 zazwyczaj ch\u0142odne powietrze, ogrzewaj\u0105 je pr\u0119tami grzewczymi w urz\u0105dzeniu i za pomoc\u0105 wentylacji wydmuchuj\u0105 ogrzane nast\u0119pnie ciep\u0142e powietrze z powrotem do pomieszczenia. Oznacza to, \u017ce trwa to d\u0142u\u017cej, a\u017c pomieszczenie zostanie ca\u0142kowicie nagrzane, ale gdy ju\u017c jest ciep\u0142e, daje przyjemne ciep\u0142o. Termowentylatory nadaj\u0105 si\u0119 do wszystkich dobrze wentylowanych pomieszcze\u0144, a wi\u0119c tak\u017ce do gara\u017cy i pomieszcze\u0144 magazynowych.  <\/p>\n<p><strong>Termowentylator wspomagaj\u0105cy suszenie<\/strong><\/p>\n<p>Po szkodzie wodnej lub podczas suszenia betonu, jako wsparcie dla suszenia nadaj\u0105 si\u0119 termowentylatory lub grzejniki elektryczne. Je\u015bli pracuje osuszacz budynku, to termowentylator mo\u017ce poprzez ciep\u0142o pobiera\u0107 wilgo\u0107 ze \u015bcian, kt\u00f3ra nast\u0119pnie jest zasysana przez pracuj\u0105cy r\u00f3wnolegle osuszacz budynku. R\u00f3wnoleg\u0142e stosowanie oznacza, \u017ce suszenie jest zako\u0144czone znacznie szybciej. Grzejniki elektryczne to zazwyczaj niewielkie, mobilne urz\u0105dzenia, kt\u00f3re mo\u017cna \u0142atwo przenie\u015b\u0107 z jednego miejsca w domu do drugiego. Wiele z urz\u0105dze\u0144 posiada uchwyty, dzi\u0119ki czemu s\u0105 szczeg\u00f3lnie por\u0119czne.  <\/p>\n<p>&nbsp;<\/p>\n<p>[\/et_pb_text][\/et_pb_column][\/et_pb_row][\/et_pb_section][et_pb_section fb_built=&#8221;1&#8243; admin_label=&#8221;Testimonials&#8221; _builder_version=&#8221;4.16&#8243; use_background_color_gradient=&#8221;on&#8221; background_color_gradient_stops=&#8221;rgba(0,106,156,0.85) 0%|rgba(0,106,156,0.85) 100%&#8221; background_color_gradient_start=&#8221;rgba(0,106,156,0.85)&#8221; background_color_gradient_end=&#8221;rgba(0,106,156,0.85)&#8221; custom_padding=&#8221;90px||60px|&#8221; animation_style=&#8221;fold&#8221; animation_direction=&#8221;bottom&#8221; animation_intensity_fold=&#8221;4%&#8221; global_colors_info=&#8221;{}&#8221;][et_pb_row _builder_version=&#8221;4.16&#8243; background_size=&#8221;initial&#8221; background_position=&#8221;top_left&#8221; background_repeat=&#8221;repeat&#8221; custom_width_px=&#8221;710px&#8221; locked=&#8221;off&#8221; global_colors_info=&#8221;{}&#8221;][et_pb_column type=&#8221;4_4&#8243; _builder_version=&#8221;4.16&#8243; background_position=&#8221;top_left&#8221; custom_padding=&#8221;|||&#8221; global_colors_info=&#8221;{}&#8221; custom_padding__hover=&#8221;|||&#8221;][et_pb_text admin_label=&#8221;Testimonials Section Title&#8221; _builder_version=&#8221;4.16&#8243; header_font=&#8221;Montserrat||||&#8221; header_font_size=&#8221;36px&#8221; background_size=&#8221;initial&#8221; background_position=&#8221;top_left&#8221; background_repeat=&#8221;repeat&#8221; text_orientation=&#8221;center&#8221; background_layout=&#8221;dark&#8221; max_width=&#8221;710px&#8221; module_alignment=&#8221;center&#8221; animation_style=&#8221;fold&#8221; animation_direction=&#8221;bottom&#8221; animation_intensity_fold=&#8221;20%&#8221; global_colors_info=&#8221;{}&#8221;]<\/p>\n<h1>Ponad 5000 zadowolonych klient\u00f3w.<\/h1>\n<p>&nbsp;<\/p>\n<p>[\/et_pb_text][et_pb_divider color=&#8221;#ffffff&#8221; divider_weight=&#8221;3px&#8221; disabled_on=&#8221;off|off|off&#8221; _builder_version=&#8221;4.16&#8243; background_color_gradient_direction=&#8221;90deg&#8221; max_width=&#8221;100px&#8221; module_alignment=&#8221;center&#8221; height=&#8221;5px&#8221; custom_margin=&#8221;||20px|&#8221; custom_padding=&#8221;||20px|&#8221; animation_style=&#8221;slide&#8221; animation_direction=&#8221;bottom&#8221; saved_tabs=&#8221;all&#8221; locked=&#8221;off&#8221; global_colors_info=&#8221;{}&#8221;][\/et_pb_divider][\/et_pb_column][\/et_pb_row][et_pb_row column_structure=&#8221;1_2,1_2&#8243; _builder_version=&#8221;4.18.1&#8243; _module_preset=&#8221;default&#8221; global_colors_info=&#8221;{}&#8221;][et_pb_column type=&#8221;1_2&#8243; _builder_version=&#8221;4.18.1&#8243; _module_preset=&#8221;default&#8221; global_colors_info=&#8221;{}&#8221;][et_pb_testimonial author=&#8221;Marco&#8221; portrait_url=&#8221;https:\/\/ag-frisch.com\/wp-content\/uploads\/2021\/08\/Harald.png&#8221; quote_icon=&#8221;off&#8221; _builder_version=&#8221;4.18.1&#8243; _module_preset=&#8221;default&#8221; body_font_size=&#8221;16px&#8221; use_background_color=&#8221;off&#8221; background_layout=&#8221;dark&#8221; global_colors_info=&#8221;{}&#8221;]Zleci\u0142em agencji Frisch wyprodukowanie du\u017cego mebla w Chinach, a nast\u0119pnie sprowadzenie go do Niemiec. Przez ca\u0142y czas by\u0142a sprawna komunikacja mailowa! Bardzo szybkie i rzetelne odpowiedzi stale dodawa\u0142y mi otuchy, kt\u00f3ra jest niezb\u0119dna w takim przedsi\u0119wzi\u0119ciu. Przez ca\u0142y czas pomagano mi przebrn\u0105\u0107 przez biurokratyczny g\u0105szcz, nie zapomniano o \u017cadnym formularzu ani nie wype\u0142niono go b\u0142\u0119dnie. Bardzo godne pochwa\u0142y!<a href=\"&lt;div%20class=%22pe-richsnippets%22&gt;&nbsp;&lt;\/div&gt;%20&lt;script%20type=%22text\/javascript%22%20src=%22https:\/\/www.provenexpert.com\/widget\/richsnippet.js?u=1NUA0VwZ4RUZ5tmAi5zA4RaplNKAlWwZ&amp;v=2%22%20async&gt;&lt;\/script&gt;%20&lt;div%20style=%22text-align:%20justify;%22&gt;&lt;br%20\/&gt;\"><\/a><\/p>\n<div class=\"brow ratingBarMargin\">\n<div class=\"ratingBar\">\n<div class=\"brow\">\n<div class=\"pe-richsnippets\">&nbsp;<\/div>\n<p><script type=\"text\/javascript\" src=\"https:\/\/www.provenexpert.com\/widget\/richsnippet.js?u=1NUA0VwZ4RUZ5tmAi5zA4RaplNKAlWwZ&amp;v=2\" async=\"\"><\/script><\/p>\n<div style=\"text-align: justify;\"><\/p>\n<div class=\"col-lg-9 col-md-8 col-xs-10 mt20 mb20\">\n<div class=\"col-xs-12 surveyNameForRating\"><\/div>\n<\/div>\n<\/div>\n<\/div>\n<\/div>\n<\/div>\n<p>[\/et_pb_testimonial][\/et_pb_column][et_pb_column type=&#8221;1_2&#8243; _builder_version=&#8221;4.18.1&#8243; _module_preset=&#8221;default&#8221; global_colors_info=&#8221;{}&#8221;][et_pb_testimonial author=&#8221;Simone L.&#8221; portrait_url=&#8221;https:\/\/ag-frisch.com\/wp-content\/uploads\/2021\/08\/Harald.png&#8221; quote_icon=&#8221;off&#8221; _builder_version=&#8221;4.18.1&#8243; _module_preset=&#8221;default&#8221; body_font_size=&#8221;16px&#8221; use_background_color=&#8221;off&#8221; background_layout=&#8221;dark&#8221; global_colors_info=&#8221;{}&#8221;]<\/p>\n<p>Ca\u0142a g\u00f3ra. Nie ma nic lepszego ni\u017c to. Doradzanie i wdra\u017canie nie mo\u017ce by\u0107 zrobione lepiej. Jeste\u015bmy bardziej ni\u017c zadowoleni po kilku zam\u00f3wieniach z t\u0105 firm\u0105 i kontynuowa\u0107 nasz\u0105 wsp\u00f3\u0142prac\u0119.<\/p>\n<div class=\"brow ratingBarMargin\">\n<div class=\"ratingBar\">\n<div class=\"brow\">\n<div class=\"pe-richsnippets\"> <\/div>\n<p>\n<script type=\"text\/javascript\" src=\"https:\/\/www.provenexpert.com\/widget\/richsnippet.js?u=1NUA0VwZ4RUZ5tmAi5zA4RaplNKAlWwZ&amp;v=2\" async=\"\"><\/script>\n<\/p>\n<div style=\"text-align: justify;\">\n<p>&nbsp;<\/p>\n<div class=\"col-lg-9 col-md-8 col-xs-10 mt20 mb20\">\n<div class=\"col-xs-12 surveyNameForRating\"><\/div>\n<\/div>\n<\/div>\n<\/div>\n<\/div>\n<\/div>\n<p>[\/et_pb_testimonial][\/et_pb_column][\/et_pb_row][et_pb_row _builder_version=&#8221;4.16&#8243; background_size=&#8221;initial&#8221; background_position=&#8221;top_left&#8221; background_repeat=&#8221;repeat&#8221; custom_padding=&#8221;50px|0px|30px|0px&#8221; custom_css_main_element=&#8221;text-align: center;&#8221; global_colors_info=&#8221;{}&#8221;][et_pb_column type=&#8221;4_4&#8243; _builder_version=&#8221;4.16&#8243; custom_padding=&#8221;|||&#8221; global_colors_info=&#8221;{}&#8221; custom_padding__hover=&#8221;|||&#8221;][et_pb_button button_url=&#8221;https:\/\/www.provenexpert.com\/de-de\/agentur-frisch-international-consulting-gmbh-und-co-kg\/&#8221; button_text=&#8221;WI\u0118CEJ OCEN&#8221; button_alignment=&#8221;left&#8221; admin_label=&#8221;Testimonial Button&#8221; _builder_version=&#8221;4.16&#8243; custom_button=&#8221;on&#8221; button_text_size=&#8221;18px&#8221; button_text_color=&#8221;#ffffff&#8221; button_bg_color=&#8221;#6eba01&#8243; button_border_width=&#8221;2px&#8221; button_border_color=&#8221;#6eba01&#8243; button_border_radius=&#8221;0px&#8221; button_letter_spacing=&#8221;2px&#8221; button_font=&#8221;Montserrat|||on|&#8221; button_use_icon=&#8221;off&#8221; animation_style=&#8221;fold&#8221; animation_direction=&#8221;bottom&#8221; button_text_color_hover=&#8221;#ffffff&#8221; button_border_color_hover=&#8221;#ffffff&#8221; button_border_radius_hover=&#8221;0px&#8221; button_letter_spacing_hover=&#8221;2px&#8221; button_bg_color_hover=&#8221;rgba(255,255,255,0)&#8221; locked=&#8221;off&#8221; global_colors_info=&#8221;{}&#8221; button_text_size__hover_enabled=&#8221;off&#8221; button_one_text_size__hover_enabled=&#8221;off&#8221; button_two_text_size__hover_enabled=&#8221;off&#8221; button_text_color__hover_enabled=&#8221;on&#8221; button_text_color__hover=&#8221;#ffffff&#8221; button_one_text_color__hover_enabled=&#8221;off&#8221; button_two_text_color__hover_enabled=&#8221;off&#8221; button_border_width__hover_enabled=&#8221;off&#8221; button_one_border_width__hover_enabled=&#8221;off&#8221; button_two_border_width__hover_enabled=&#8221;off&#8221; button_border_color__hover_enabled=&#8221;on&#8221; button_border_color__hover=&#8221;#ffffff&#8221; button_one_border_color__hover_enabled=&#8221;off&#8221; button_two_border_color__hover_enabled=&#8221;off&#8221; button_border_radius__hover_enabled=&#8221;on&#8221; button_border_radius__hover=&#8221;0px&#8221; button_one_border_radius__hover_enabled=&#8221;off&#8221; button_two_border_radius__hover_enabled=&#8221;off&#8221; button_letter_spacing__hover_enabled=&#8221;on&#8221; button_letter_spacing__hover=&#8221;2px&#8221; button_one_letter_spacing__hover_enabled=&#8221;off&#8221; button_two_letter_spacing__hover_enabled=&#8221;off&#8221; button_bg_color__hover_enabled=&#8221;on&#8221; button_bg_color__hover=&#8221;rgba(255,255,255,0)&#8221; button_one_bg_color__hover_enabled=&#8221;off&#8221; button_two_bg_color__hover_enabled=&#8221;off&#8221;][\/et_pb_button][\/et_pb_column][\/et_pb_row][\/et_pb_section]<\/p>\n","protected":false},"excerpt":{"rendered":"<p>Importuj grzejniki wentylatorowe z Chin bez ryzyka, poniewa\u017c odpowiedzialno\u015b\u0107 jest podejmowana przez eksperta importowego z Chin.Kupi\u0107 Fan Heater z Chin Aby zaoszcz\u0119dzi\u0107 na zakupach, dobrym sposobem jest import z Chin termowentylator\u00f3w, grzejnik\u00f3w ceramicznych lub grzejnik\u00f3w elektrycznych. To prawda, \u017ce to d\u0142uga droga, bo importer staje si\u0119 producentem w sensie czysto prawnym i sam musi zadba\u0107 [&hellip;]<\/p>\n","protected":false},"author":9,"featured_media":0,"parent":0,"menu_order":0,"comment_status":"closed","ping_status":"closed","template":"","meta":{"_et_pb_use_builder":"on","_et_pb_old_content":"","_et_gb_content_width":"","footnotes":""},"class_list":["post-12466","page","type-page","status-publish","hentry"],"yoast_head":"<!-- This site is optimized with the Yoast SEO plugin v27.4 - https:\/\/yoast.com\/product\/yoast-seo-wordpress\/ -->\n<title>Importuj grzejniki wentylatorowe z Chin - grzejniki elektryczne z Chin<\/title>\n<meta name=\"description\" content=\"Import Fan Heater z Chin\u25bb wiarygodny producent\u2713 pr\u00f3bka z g\u00f3ry\u2713 bezpieczna p\u0142atno\u015b\u0107\u2713 zgodny z UE\u25bb Zapytaj eksperta teraz!\" \/>\n<meta name=\"robots\" content=\"index, follow, max-snippet:-1, max-image-preview:large, max-video-preview:-1\" \/>\n<link rel=\"canonical\" href=\"https:\/\/ag-frisch.com\/pl\/fan-heater-z-chin\/\" \/>\n<meta property=\"og:locale\" content=\"pl_PL\" \/>\n<meta property=\"og:type\" content=\"article\" \/>\n<meta property=\"og:title\" content=\"Importuj grzejniki wentylatorowe z Chin - grzejniki elektryczne z Chin\" \/>\n<meta property=\"og:description\" content=\"Import Fan Heater z Chin\u25bb wiarygodny producent\u2713 pr\u00f3bka z g\u00f3ry\u2713 bezpieczna p\u0142atno\u015b\u0107\u2713 zgodny z UE\u25bb Zapytaj eksperta teraz!\" \/>\n<meta property=\"og:url\" content=\"https:\/\/ag-frisch.com\/pl\/fan-heater-z-chin\/\" \/>\n<meta property=\"og:site_name\" content=\"China Import Beratung f\u00fcr den Einkauf aus China\" \/>\n<meta property=\"article:publisher\" content=\"https:\/\/www.facebook.com\/China.Import\" \/>\n<meta property=\"article:modified_time\" content=\"2023-01-27T04:44:33+00:00\" \/>\n<meta name=\"twitter:card\" content=\"summary_large_image\" \/>\n<meta name=\"twitter:site\" content=\"@agenturfrisch\" \/>\n<meta name=\"twitter:label1\" content=\"Szacowany czas czytania\" \/>\n\t<meta name=\"twitter:data1\" content=\"6 minut\" \/>\n<script type=\"application\/ld+json\" class=\"yoast-schema-graph\">{\"@context\":\"https:\\\/\\\/schema.org\",\"@graph\":[{\"@type\":\"WebPage\",\"@id\":\"https:\\\/\\\/ag-frisch.com\\\/pl\\\/fan-heater-z-chin\\\/\",\"url\":\"https:\\\/\\\/ag-frisch.com\\\/pl\\\/fan-heater-z-chin\\\/\",\"name\":\"Importuj grzejniki wentylatorowe z Chin - grzejniki elektryczne z Chin\",\"isPartOf\":{\"@id\":\"https:\\\/\\\/ag-frisch.com\\\/de\\\/#website\"},\"datePublished\":\"2022-10-19T03:25:52+00:00\",\"dateModified\":\"2023-01-27T04:44:33+00:00\",\"description\":\"Import Fan Heater z Chin\u25bb wiarygodny producent\u2713 pr\u00f3bka z g\u00f3ry\u2713 bezpieczna p\u0142atno\u015b\u0107\u2713 zgodny z UE\u25bb Zapytaj eksperta teraz!\",\"breadcrumb\":{\"@id\":\"https:\\\/\\\/ag-frisch.com\\\/pl\\\/fan-heater-z-chin\\\/#breadcrumb\"},\"inLanguage\":\"pl-PL\",\"potentialAction\":[{\"@type\":\"ReadAction\",\"target\":[\"https:\\\/\\\/ag-frisch.com\\\/pl\\\/fan-heater-z-chin\\\/\"]}]},{\"@type\":\"BreadcrumbList\",\"@id\":\"https:\\\/\\\/ag-frisch.com\\\/pl\\\/fan-heater-z-chin\\\/#breadcrumb\",\"itemListElement\":[{\"@type\":\"ListItem\",\"position\":1,\"name\":\"Startseite\",\"item\":\"https:\\\/\\\/ag-frisch.com\\\/de\\\/\"},{\"@type\":\"ListItem\",\"position\":2,\"name\":\"Fan Heater z Chin\"}]},{\"@type\":\"WebSite\",\"@id\":\"https:\\\/\\\/ag-frisch.com\\\/de\\\/#website\",\"url\":\"https:\\\/\\\/ag-frisch.com\\\/de\\\/\",\"name\":\"China Import Beratung f\u00fcr den Einkauf aus China\",\"description\":\"China Import &amp; Export Beratung - Der Dienstleister Ihres Vertrauens f\u00fcr Ihren China Import\",\"publisher\":{\"@id\":\"https:\\\/\\\/ag-frisch.com\\\/de\\\/#organization\"},\"potentialAction\":[{\"@type\":\"SearchAction\",\"target\":{\"@type\":\"EntryPoint\",\"urlTemplate\":\"https:\\\/\\\/ag-frisch.com\\\/de\\\/?s={search_term_string}\"},\"query-input\":{\"@type\":\"PropertyValueSpecification\",\"valueRequired\":true,\"valueName\":\"search_term_string\"}}],\"inLanguage\":\"pl-PL\"},{\"@type\":\"Organization\",\"@id\":\"https:\\\/\\\/ag-frisch.com\\\/de\\\/#organization\",\"name\":\"Agentur Frisch International Consulting GmbH & Co. KG\",\"url\":\"https:\\\/\\\/ag-frisch.com\\\/de\\\/\",\"logo\":{\"@type\":\"ImageObject\",\"inLanguage\":\"pl-PL\",\"@id\":\"https:\\\/\\\/ag-frisch.com\\\/de\\\/#\\\/schema\\\/logo\\\/image\\\/\",\"url\":\"https:\\\/\\\/ag-frisch.com\\\/wp-content\\\/uploads\\\/2021\\\/08\\\/ag_logo_rgb_300_small.png\",\"contentUrl\":\"https:\\\/\\\/ag-frisch.com\\\/wp-content\\\/uploads\\\/2021\\\/08\\\/ag_logo_rgb_300_small.png\",\"width\":153,\"height\":102,\"caption\":\"Agentur Frisch International Consulting GmbH & Co. KG\"},\"image\":{\"@id\":\"https:\\\/\\\/ag-frisch.com\\\/de\\\/#\\\/schema\\\/logo\\\/image\\\/\"},\"sameAs\":[\"https:\\\/\\\/www.facebook.com\\\/China.Import\",\"https:\\\/\\\/x.com\\\/agenturfrisch\"]}]}<\/script>\n<!-- \/ Yoast SEO plugin. -->","yoast_head_json":{"title":"Importuj grzejniki wentylatorowe z Chin - grzejniki elektryczne z Chin","description":"Import Fan Heater z Chin\u25bb wiarygodny producent\u2713 pr\u00f3bka z g\u00f3ry\u2713 bezpieczna p\u0142atno\u015b\u0107\u2713 zgodny z UE\u25bb Zapytaj eksperta teraz!","robots":{"index":"index","follow":"follow","max-snippet":"max-snippet:-1","max-image-preview":"max-image-preview:large","max-video-preview":"max-video-preview:-1"},"canonical":"https:\/\/ag-frisch.com\/pl\/fan-heater-z-chin\/","og_locale":"pl_PL","og_type":"article","og_title":"Importuj grzejniki wentylatorowe z Chin - grzejniki elektryczne z Chin","og_description":"Import Fan Heater z Chin\u25bb wiarygodny producent\u2713 pr\u00f3bka z g\u00f3ry\u2713 bezpieczna p\u0142atno\u015b\u0107\u2713 zgodny z UE\u25bb Zapytaj eksperta teraz!","og_url":"https:\/\/ag-frisch.com\/pl\/fan-heater-z-chin\/","og_site_name":"China Import Beratung f\u00fcr den Einkauf aus China","article_publisher":"https:\/\/www.facebook.com\/China.Import","article_modified_time":"2023-01-27T04:44:33+00:00","twitter_card":"summary_large_image","twitter_site":"@agenturfrisch","twitter_misc":{"Szacowany czas czytania":"6 minut"},"schema":{"@context":"https:\/\/schema.org","@graph":[{"@type":"WebPage","@id":"https:\/\/ag-frisch.com\/pl\/fan-heater-z-chin\/","url":"https:\/\/ag-frisch.com\/pl\/fan-heater-z-chin\/","name":"Importuj grzejniki wentylatorowe z Chin - grzejniki elektryczne z Chin","isPartOf":{"@id":"https:\/\/ag-frisch.com\/de\/#website"},"datePublished":"2022-10-19T03:25:52+00:00","dateModified":"2023-01-27T04:44:33+00:00","description":"Import Fan Heater z Chin\u25bb wiarygodny producent\u2713 pr\u00f3bka z g\u00f3ry\u2713 bezpieczna p\u0142atno\u015b\u0107\u2713 zgodny z UE\u25bb Zapytaj eksperta teraz!","breadcrumb":{"@id":"https:\/\/ag-frisch.com\/pl\/fan-heater-z-chin\/#breadcrumb"},"inLanguage":"pl-PL","potentialAction":[{"@type":"ReadAction","target":["https:\/\/ag-frisch.com\/pl\/fan-heater-z-chin\/"]}]},{"@type":"BreadcrumbList","@id":"https:\/\/ag-frisch.com\/pl\/fan-heater-z-chin\/#breadcrumb","itemListElement":[{"@type":"ListItem","position":1,"name":"Startseite","item":"https:\/\/ag-frisch.com\/de\/"},{"@type":"ListItem","position":2,"name":"Fan Heater z Chin"}]},{"@type":"WebSite","@id":"https:\/\/ag-frisch.com\/de\/#website","url":"https:\/\/ag-frisch.com\/de\/","name":"China Import Beratung f\u00fcr den Einkauf aus China","description":"China Import &amp; Export Beratung - Der Dienstleister Ihres Vertrauens f\u00fcr Ihren China Import","publisher":{"@id":"https:\/\/ag-frisch.com\/de\/#organization"},"potentialAction":[{"@type":"SearchAction","target":{"@type":"EntryPoint","urlTemplate":"https:\/\/ag-frisch.com\/de\/?s={search_term_string}"},"query-input":{"@type":"PropertyValueSpecification","valueRequired":true,"valueName":"search_term_string"}}],"inLanguage":"pl-PL"},{"@type":"Organization","@id":"https:\/\/ag-frisch.com\/de\/#organization","name":"Agentur Frisch International Consulting GmbH & Co. KG","url":"https:\/\/ag-frisch.com\/de\/","logo":{"@type":"ImageObject","inLanguage":"pl-PL","@id":"https:\/\/ag-frisch.com\/de\/#\/schema\/logo\/image\/","url":"https:\/\/ag-frisch.com\/wp-content\/uploads\/2021\/08\/ag_logo_rgb_300_small.png","contentUrl":"https:\/\/ag-frisch.com\/wp-content\/uploads\/2021\/08\/ag_logo_rgb_300_small.png","width":153,"height":102,"caption":"Agentur Frisch International Consulting GmbH & Co. KG"},"image":{"@id":"https:\/\/ag-frisch.com\/de\/#\/schema\/logo\/image\/"},"sameAs":["https:\/\/www.facebook.com\/China.Import","https:\/\/x.com\/agenturfrisch"]}]}},"_links":{"self":[{"href":"https:\/\/ag-frisch.com\/pl\/wp-json\/wp\/v2\/pages\/12466","targetHints":{"allow":["GET"]}}],"collection":[{"href":"https:\/\/ag-frisch.com\/pl\/wp-json\/wp\/v2\/pages"}],"about":[{"href":"https:\/\/ag-frisch.com\/pl\/wp-json\/wp\/v2\/types\/page"}],"author":[{"embeddable":true,"href":"https:\/\/ag-frisch.com\/pl\/wp-json\/wp\/v2\/users\/9"}],"replies":[{"embeddable":true,"href":"https:\/\/ag-frisch.com\/pl\/wp-json\/wp\/v2\/comments?post=12466"}],"version-history":[{"count":0,"href":"https:\/\/ag-frisch.com\/pl\/wp-json\/wp\/v2\/pages\/12466\/revisions"}],"wp:attachment":[{"href":"https:\/\/ag-frisch.com\/pl\/wp-json\/wp\/v2\/media?parent=12466"}],"curies":[{"name":"wp","href":"https:\/\/api.w.org\/{rel}","templated":true}]}}