{"id":13345,"date":"2022-09-23T21:16:18","date_gmt":"2022-09-23T19:16:18","guid":{"rendered":"https:\/\/ag-frisch.com\/generatory-pradu-z-chin\/"},"modified":"2023-01-27T05:52:50","modified_gmt":"2023-01-27T04:52:50","slug":"generatory-pradu-z-chin","status":"publish","type":"page","link":"https:\/\/ag-frisch.com\/pl\/generatory-pradu-z-chin\/","title":{"rendered":"Generatory pr\u0105du z Chin"},"content":{"rendered":"<p>[et_pb_section fb_built=&#8221;1&#8243; _builder_version=&#8221;4.16&#8243; _module_preset=&#8221;default&#8221; global_colors_info=&#8221;{}&#8221;][et_pb_row _builder_version=&#8221;4.16&#8243; _module_preset=&#8221;default&#8221; global_colors_info=&#8221;{}&#8221;][et_pb_column type=&#8221;4_4&#8243; _builder_version=&#8221;4.16&#8243; _module_preset=&#8221;default&#8221; global_colors_info=&#8221;{}&#8221;][et_pb_cta title=&#8221;Generatory pr\u0105du z Chin&#8221; button_url=&#8221;https:\/\/ag-frisch.com\/pl\/kontakt\/&#8221; button_text=&#8221;Importuj teraz od profesjonalist\u00f3w&#8221; _builder_version=&#8221;4.16&#8243; _module_preset=&#8221;default&#8221; global_colors_info=&#8221;{}&#8221;]<\/p>\n<p>China Import Agentur Frisch wspiera Pa\u0144stwa w profesjonalnym imporcie agregat\u00f3w pr\u0105dotw\u00f3rczych z Chin zgodnie z wszelkimi normami i wytycznymi.  <\/p>\n<p>[\/et_pb_cta][et_pb_text _builder_version=&#8221;4.16&#8243; _module_preset=&#8221;default&#8221; global_colors_info=&#8221;{}&#8221;]<\/p>\n<p><strong>Generatory pr\u0105du z Chin<\/strong><\/p>\n<p>Je\u015bli chcesz importowa\u0107 agregaty pr\u0105dotw\u00f3rcze z Chin, to trafi\u0142e\u015b we w\u0142a\u015bciwe miejsce. Dla niekt\u00f3rych naszych klient\u00f3w sprowadzili\u015bmy ju\u017c z Chin do UE r\u00f3\u017cne rodzaje generator\u00f3w pr\u0105du, w tym generatory diesla i generatory solarne. Dzi\u0119ki dodatkowemu generatorowi pr\u0105du zawsze masz do dyspozycji generator awaryjny dla bezpiecze\u0144stwa. Wiele agregat\u00f3w pr\u0105dotw\u00f3rczych, ze wzgl\u0119du na swoje kompaktowe rozmiary, nadaje si\u0119 r\u00f3wnie\u017c na biwak lub wyjazd na piknik.<\/p>\n<p><strong>Tryb ekonomiczny dla agregat\u00f3w pr\u0105dotw\u00f3rczych<\/strong><\/p>\n<p>Niekt\u00f3re inwerterowe agregaty pr\u0105dotw\u00f3rcze posiadaj\u0105 tryb ekonomiczny (lub zwany r\u00f3wnie\u017c trybem ECO). Dzi\u0119ki temu mo\u017cna zaoszcz\u0119dzi\u0107 paliwo dla generatora, je\u015bli pracuje on w trybie ekonomicznym, czyli poni\u017cej swojej maksymalnej mocy.<\/p>\n<p><strong>Przeno\u015bne stacje zasilania<\/strong><\/p>\n<p>Przeno\u015bne elektrownie mog\u0105 by\u0107 u\u017cywane w taki sam spos\u00f3b jak generatory energii elektrycznej i pracuj\u0105 na paliwach kopalnych, takich jak benzyna, olej nap\u0119dowy lub gaz. Przeno\u015bne elektrownie s\u0105 coraz bardziej dost\u0119pne na rynku i stanowi\u0105 dobr\u0105 alternatyw\u0119 zasilania awaryjnego.<\/p>\n<p><strong>Doprowadzenie energii elektrycznej z generatora awaryjnego do sieci elektrycznej gospodarstwa domowego<\/strong><\/p>\n<p>W pewnych okoliczno\u015bciach energia generatora mo\u017ce by\u0107 wprowadzona do domowej elektroniki jako zasilanie awaryjne. Najprostszym sposobem jest tzw. urz\u0105dzenie SZR, kt\u00f3re instaluje si\u0119 pomi\u0119dzy skrzynk\u0105 bezpiecznikow\u0105 a licznikiem energii elektrycznej. W takim przypadku, w razie awarii pr\u0105du, mo\u017cna bezpo\u015brednio uruchomi\u0107 agregat pr\u0105dotw\u00f3rczy i nie ma ju\u017c przestoj\u00f3w wynikaj\u0105cych z tego, \u017ce by\u0107 mo\u017ce najpierw trzeba b\u0119dzie po\u0142o\u017cy\u0107 kable, aby pod\u0142\u0105czy\u0107 urz\u0105dzenia do agregatu.<\/p>\n<p><strong>Generatory zgodnie z dyrektywami UE<\/strong><\/p>\n<p>Wytw\u00f3rcy energii podlegaj\u0105 r\u00f3\u017cnym istotnym dyrektywom UE. W zale\u017cno\u015bci od konstrukcji i funkcji generatora, mo\u017ce on podlega\u0107 Dyrektywie Maszynowej, Dyrektywie Niskonapi\u0119ciowej, Dyrektywie o Kompatybilno\u015bci Elektromagnetycznej oraz Dyrektywie ROHS w celu uzyskania zgodno\u015bci dla UE. Cz\u0119sto istniej\u0105 r\u00f3wnie\u017c wytyczne dotycz\u0105ce ha\u0142asu i emisji CO2, np. dla generator\u00f3w diesla. Jako eksperci w imporcie agregat\u00f3w pr\u0105dotw\u00f3rczych z Chin znamy wytyczne oraz przepisy celne i importowe i za\u0142atwiamy to wszystko dla Pa\u0144stwa ju\u017c w Chinach.<\/p>\n<p><strong>Zapewnienie jako\u015bci agregat\u00f3w pr\u0105dotw\u00f3rczych z Chin<\/strong><\/p>\n<p>Nasi in\u017cynierowie w Chinach s\u0105 przeszkoleni w szczeg\u00f3lno\u015bci w zakresie jako\u015bci dla agregat\u00f3w pr\u0105dotw\u00f3rczych dla UE oraz zgodno\u015bci z normami DIN i ju\u017c w Chinach dbaj\u0105 o to, aby mogli Pa\u0144stwo by\u0107 zadowoleni z jako\u015bci agregat\u00f3w pr\u0105dotw\u00f3rczych z Chin. Dzi\u0119ki temu nie musisz zajmowa\u0107 si\u0119 wieloma reklamacjami i mo\u017cesz w pe\u0142ni skupi\u0107 si\u0119 na sprzeda\u017cy.<\/p>\n<p><strong>Wysy\u0142ka agregat\u00f3w pr\u0105dotw\u00f3rczych z Chin<\/strong><\/p>\n<p>Mo\u017cemy zaj\u0105\u0107 si\u0119 logistyk\u0105 Twoich generator\u00f3w pr\u0105du z Chin. W zale\u017cno\u015bci od konstrukcji Twojego generatora pr\u0105du z Chin, mog\u0105 istnie\u0107 specjalne przepisy podczas wysy\u0142ki. Jednak ch\u0119tnie zajmiemy si\u0119 wysy\u0142k\u0105 Twoich generator\u00f3w z Chin, aby nie by\u0142o problem\u00f3w z wysy\u0142k\u0105 do UE lub Niemiec.<\/p>\n<p>&nbsp;<\/p>\n<p><strong>Je\u015bli chcesz importowa\u0107 generatory pr\u0105du z Chin, skontaktuj si\u0119 z nami, a my z przyjemno\u015bci\u0105 pomo\u017cemy Ci w imporcie z Chin.  <\/strong><\/p>\n<p>[\/et_pb_text][\/et_pb_column][\/et_pb_row][\/et_pb_section][et_pb_section fb_built=&#8221;1&#8243; admin_label=&#8221;Testimonials&#8221; _builder_version=&#8221;4.16&#8243; use_background_color_gradient=&#8221;on&#8221; background_color_gradient_stops=&#8221;rgba(0,106,156,0.85) 0%|rgba(0,106,156,0.85) 100%&#8221; background_color_gradient_start=&#8221;rgba(0,106,156,0.85)&#8221; background_color_gradient_end=&#8221;rgba(0,106,156,0.85)&#8221; custom_padding=&#8221;90px||60px|&#8221; animation_style=&#8221;fold&#8221; animation_direction=&#8221;bottom&#8221; animation_intensity_fold=&#8221;4%&#8221; global_colors_info=&#8221;{}&#8221; theme_builder_area=&#8221;post_content&#8221;][et_pb_row _builder_version=&#8221;4.16&#8243; background_size=&#8221;initial&#8221; background_position=&#8221;top_left&#8221; background_repeat=&#8221;repeat&#8221; custom_width_px=&#8221;710px&#8221; locked=&#8221;off&#8221; global_colors_info=&#8221;{}&#8221; theme_builder_area=&#8221;post_content&#8221;][et_pb_column type=&#8221;4_4&#8243; _builder_version=&#8221;4.16&#8243; background_position=&#8221;top_left&#8221; custom_padding=&#8221;|||&#8221; global_colors_info=&#8221;{}&#8221; custom_padding__hover=&#8221;|||&#8221; theme_builder_area=&#8221;post_content&#8221;][et_pb_text admin_label=&#8221;Testimonials Section Title&#8221; _builder_version=&#8221;4.16&#8243; header_font=&#8221;Montserrat||||&#8221; header_font_size=&#8221;36px&#8221; background_size=&#8221;initial&#8221; background_position=&#8221;top_left&#8221; background_repeat=&#8221;repeat&#8221; text_orientation=&#8221;center&#8221; background_layout=&#8221;dark&#8221; max_width=&#8221;710px&#8221; module_alignment=&#8221;center&#8221; animation_style=&#8221;fold&#8221; animation_direction=&#8221;bottom&#8221; animation_intensity_fold=&#8221;20%&#8221; global_colors_info=&#8221;{}&#8221; theme_builder_area=&#8221;post_content&#8221;]<\/p>\n<h1>Ponad 5000 zadowolonych klient\u00f3w.<\/h1>\n<p>&nbsp;<\/p>\n<p>[\/et_pb_text][et_pb_divider color=&#8221;#ffffff&#8221; divider_weight=&#8221;3px&#8221; disabled_on=&#8221;off|off|off&#8221; _builder_version=&#8221;4.16&#8243; background_color_gradient_direction=&#8221;90deg&#8221; max_width=&#8221;100px&#8221; module_alignment=&#8221;center&#8221; height=&#8221;5px&#8221; custom_margin=&#8221;||20px|&#8221; custom_padding=&#8221;||20px|&#8221; animation_style=&#8221;slide&#8221; animation_direction=&#8221;bottom&#8221; saved_tabs=&#8221;all&#8221; locked=&#8221;off&#8221; global_colors_info=&#8221;{}&#8221; theme_builder_area=&#8221;post_content&#8221;][\/et_pb_divider][\/et_pb_column][\/et_pb_row][et_pb_row column_structure=&#8221;1_2,1_2&#8243; _builder_version=&#8221;4.18.1&#8243; _module_preset=&#8221;default&#8221; global_colors_info=&#8221;{}&#8221; theme_builder_area=&#8221;post_content&#8221;][et_pb_column type=&#8221;1_2&#8243; _builder_version=&#8221;4.18.1&#8243; _module_preset=&#8221;default&#8221; global_colors_info=&#8221;{}&#8221; theme_builder_area=&#8221;post_content&#8221;][et_pb_testimonial author=&#8221;Marco&#8221; portrait_url=&#8221;https:\/\/ag-frisch.com\/wp-content\/uploads\/2021\/08\/Harald.png&#8221; quote_icon=&#8221;off&#8221; _builder_version=&#8221;4.18.1&#8243; _module_preset=&#8221;default&#8221; body_font_size=&#8221;16px&#8221; use_background_color=&#8221;off&#8221; background_layout=&#8221;dark&#8221; global_colors_info=&#8221;{}&#8221; theme_builder_area=&#8221;post_content&#8221;]Zleci\u0142em agencji Frisch wyprodukowanie du\u017cego mebla w Chinach, a nast\u0119pnie sprowadzenie go do Niemiec. Przez ca\u0142y czas by\u0142a sprawna komunikacja mailowa! Bardzo szybkie i rzetelne odpowiedzi stale dodawa\u0142y mi otuchy, kt\u00f3ra jest niezb\u0119dna w takim przedsi\u0119wzi\u0119ciu. Przez ca\u0142y czas pomagano mi przebrn\u0105\u0107 przez biurokratyczny g\u0105szcz, nie zapomniano o \u017cadnym formularzu ani nie wype\u0142niono go b\u0142\u0119dnie. Bardzo godne pochwa\u0142y!<a href=\"&lt;div%20class=%22pe-richsnippets%22&gt;&nbsp;&lt;\/div&gt;%20&lt;script%20type=%22text\/javascript%22%20src=%22https:\/\/www.provenexpert.com\/widget\/richsnippet.js?u=1NUA0VwZ4RUZ5tmAi5zA4RaplNKAlWwZ&amp;v=2%22%20async&gt;&lt;\/script&gt;%20&lt;div%20style=%22text-align:%20justify;%22&gt;&lt;br%20\/&gt;\"><\/a><\/p>\n<div class=\"brow ratingBarMargin\">\n<div class=\"ratingBar\">\n<div class=\"brow\">\n<div class=\"pe-richsnippets\">&nbsp;<\/div>\n<p><script type=\"text\/javascript\" src=\"https:\/\/www.provenexpert.com\/widget\/richsnippet.js?u=1NUA0VwZ4RUZ5tmAi5zA4RaplNKAlWwZ&amp;v=2\" async=\"\"><\/script><\/p>\n<div style=\"text-align: justify;\"><\/p>\n<div class=\"col-lg-9 col-md-8 col-xs-10 mt20 mb20\">\n<div class=\"col-xs-12 surveyNameForRating\"><\/div>\n<\/div>\n<\/div>\n<\/div>\n<\/div>\n<\/div>\n<p>[\/et_pb_testimonial][\/et_pb_column][et_pb_column type=&#8221;1_2&#8243; _builder_version=&#8221;4.18.1&#8243; _module_preset=&#8221;default&#8221; global_colors_info=&#8221;{}&#8221; theme_builder_area=&#8221;post_content&#8221;][et_pb_testimonial author=&#8221;Simone L.&#8221; portrait_url=&#8221;https:\/\/ag-frisch.com\/wp-content\/uploads\/2021\/08\/Harald.png&#8221; quote_icon=&#8221;off&#8221; _builder_version=&#8221;4.18.1&#8243; _module_preset=&#8221;default&#8221; body_font_size=&#8221;16px&#8221; use_background_color=&#8221;off&#8221; background_layout=&#8221;dark&#8221; global_colors_info=&#8221;{}&#8221; theme_builder_area=&#8221;post_content&#8221;]<\/p>\n<p>Ca\u0142a g\u00f3ra. Nie ma nic lepszego ni\u017c to. Doradzanie i wdra\u017canie nie mo\u017ce by\u0107 zrobione lepiej. Jeste\u015bmy bardziej ni\u017c zadowoleni po kilku zam\u00f3wieniach z t\u0105 firm\u0105 i kontynuowa\u0107 nasz\u0105 wsp\u00f3\u0142prac\u0119.<\/p>\n<div class=\"brow ratingBarMargin\">\n<div class=\"ratingBar\">\n<div class=\"brow\">\n<div class=\"pe-richsnippets\"> <\/div>\n<p>\n<script type=\"text\/javascript\" src=\"https:\/\/www.provenexpert.com\/widget\/richsnippet.js?u=1NUA0VwZ4RUZ5tmAi5zA4RaplNKAlWwZ&amp;v=2\" async=\"\"><\/script>\n<\/p>\n<div style=\"text-align: justify;\">\n<p>&nbsp;<\/p>\n<div class=\"col-lg-9 col-md-8 col-xs-10 mt20 mb20\">\n<div class=\"col-xs-12 surveyNameForRating\"><\/div>\n<\/div>\n<\/div>\n<\/div>\n<\/div>\n<\/div>\n<p>[\/et_pb_testimonial][\/et_pb_column][\/et_pb_row][et_pb_row _builder_version=&#8221;4.16&#8243; background_size=&#8221;initial&#8221; background_position=&#8221;top_left&#8221; background_repeat=&#8221;repeat&#8221; custom_padding=&#8221;50px|0px|30px|0px&#8221; custom_css_main_element=&#8221;text-align: center;&#8221; global_colors_info=&#8221;{}&#8221; theme_builder_area=&#8221;post_content&#8221;][et_pb_column type=&#8221;4_4&#8243; _builder_version=&#8221;4.16&#8243; custom_padding=&#8221;|||&#8221; global_colors_info=&#8221;{}&#8221; custom_padding__hover=&#8221;|||&#8221; theme_builder_area=&#8221;post_content&#8221;][et_pb_button button_url=&#8221;https:\/\/www.provenexpert.com\/de-de\/agentur-frisch-international-consulting-gmbh-und-co-kg\/&#8221; button_text=&#8221;WI\u0118CEJ OCEN&#8221; button_alignment=&#8221;left&#8221; admin_label=&#8221;Testimonial Button&#8221; _builder_version=&#8221;4.16&#8243; custom_button=&#8221;on&#8221; button_text_size=&#8221;18px&#8221; button_text_color=&#8221;#ffffff&#8221; button_bg_color=&#8221;#6eba01&#8243; button_border_width=&#8221;2px&#8221; button_border_color=&#8221;#6eba01&#8243; button_border_radius=&#8221;0px&#8221; button_letter_spacing=&#8221;2px&#8221; button_font=&#8221;Montserrat|||on|&#8221; button_use_icon=&#8221;off&#8221; animation_style=&#8221;fold&#8221; animation_direction=&#8221;bottom&#8221; button_text_color_hover=&#8221;#ffffff&#8221; button_border_color_hover=&#8221;#ffffff&#8221; button_border_radius_hover=&#8221;0px&#8221; button_letter_spacing_hover=&#8221;2px&#8221; button_bg_color_hover=&#8221;rgba(255,255,255,0)&#8221; locked=&#8221;off&#8221; global_colors_info=&#8221;{}&#8221; button_text_size__hover_enabled=&#8221;off&#8221; button_one_text_size__hover_enabled=&#8221;off&#8221; button_two_text_size__hover_enabled=&#8221;off&#8221; button_text_color__hover_enabled=&#8221;on&#8221; button_text_color__hover=&#8221;#ffffff&#8221; button_one_text_color__hover_enabled=&#8221;off&#8221; button_two_text_color__hover_enabled=&#8221;off&#8221; button_border_width__hover_enabled=&#8221;off&#8221; button_one_border_width__hover_enabled=&#8221;off&#8221; button_two_border_width__hover_enabled=&#8221;off&#8221; button_border_color__hover_enabled=&#8221;on&#8221; button_border_color__hover=&#8221;#ffffff&#8221; button_one_border_color__hover_enabled=&#8221;off&#8221; button_two_border_color__hover_enabled=&#8221;off&#8221; button_border_radius__hover_enabled=&#8221;on&#8221; button_border_radius__hover=&#8221;0px&#8221; button_one_border_radius__hover_enabled=&#8221;off&#8221; button_two_border_radius__hover_enabled=&#8221;off&#8221; button_letter_spacing__hover_enabled=&#8221;on&#8221; button_letter_spacing__hover=&#8221;2px&#8221; button_one_letter_spacing__hover_enabled=&#8221;off&#8221; button_two_letter_spacing__hover_enabled=&#8221;off&#8221; button_bg_color__hover_enabled=&#8221;on&#8221; button_bg_color__hover=&#8221;rgba(255,255,255,0)&#8221; button_one_bg_color__hover_enabled=&#8221;off&#8221; button_two_bg_color__hover_enabled=&#8221;off&#8221; theme_builder_area=&#8221;post_content&#8221;][\/et_pb_button][\/et_pb_column][\/et_pb_row][\/et_pb_section]<\/p>\n","protected":false},"excerpt":{"rendered":"<p>China Import Agentur Frisch wspiera Pa\u0144stwa w profesjonalnym imporcie agregat\u00f3w pr\u0105dotw\u00f3rczych z Chin zgodnie z wszelkimi normami i wytycznymi. Generatory pr\u0105du z Chin Je\u015bli chcesz importowa\u0107 agregaty pr\u0105dotw\u00f3rcze z Chin, to trafi\u0142e\u015b we w\u0142a\u015bciwe miejsce. Dla niekt\u00f3rych naszych klient\u00f3w sprowadzili\u015bmy ju\u017c z Chin do UE r\u00f3\u017cne rodzaje generator\u00f3w pr\u0105du, w tym generatory diesla i generatory [&hellip;]<\/p>\n","protected":false},"author":2,"featured_media":0,"parent":0,"menu_order":0,"comment_status":"closed","ping_status":"closed","template":"","meta":{"_et_pb_use_builder":"on","_et_pb_old_content":"","_et_gb_content_width":"","footnotes":""},"class_list":["post-13345","page","type-page","status-publish","hentry"],"yoast_head":"<!-- This site is optimized with the Yoast SEO plugin v27.2 - https:\/\/yoast.com\/product\/yoast-seo-wordpress\/ -->\n<title>Import generator\u00f3w pr\u0105du z Chin\/ Bezpo\u015bredni import z Chin<\/title>\n<meta name=\"description\" content=\"Importuj Generatory pr\u0105du z Chin \u25bb Najlepiej oceniony producent \u2713 Pr\u00f3bka z g\u00f3ry\u2713 Bezpieczna p\u0142atno\u015b\u0107\u2713 Zgodna z przepisami UE\u25bb Zapytaj eksperta teraz!\" \/>\n<meta name=\"robots\" content=\"index, follow, max-snippet:-1, max-image-preview:large, max-video-preview:-1\" \/>\n<link rel=\"canonical\" href=\"https:\/\/ag-frisch.com\/pl\/generatory-pradu-z-chin\/\" \/>\n<meta property=\"og:locale\" content=\"pl_PL\" \/>\n<meta property=\"og:type\" content=\"article\" \/>\n<meta property=\"og:title\" content=\"Import generator\u00f3w pr\u0105du z Chin\/ Bezpo\u015bredni import z Chin\" \/>\n<meta property=\"og:description\" content=\"Importuj Generatory pr\u0105du z Chin \u25bb Najlepiej oceniony producent \u2713 Pr\u00f3bka z g\u00f3ry\u2713 Bezpieczna p\u0142atno\u015b\u0107\u2713 Zgodna z przepisami UE\u25bb Zapytaj eksperta teraz!\" \/>\n<meta property=\"og:url\" content=\"https:\/\/ag-frisch.com\/pl\/generatory-pradu-z-chin\/\" \/>\n<meta property=\"og:site_name\" content=\"China Import Beratung f\u00fcr den Einkauf aus China\" \/>\n<meta property=\"article:publisher\" content=\"https:\/\/www.facebook.com\/China.Import\" \/>\n<meta property=\"article:modified_time\" content=\"2023-01-27T04:52:50+00:00\" \/>\n<meta name=\"twitter:card\" content=\"summary_large_image\" \/>\n<meta name=\"twitter:site\" content=\"@agenturfrisch\" \/>\n<meta name=\"twitter:label1\" content=\"Szacowany czas czytania\" \/>\n\t<meta name=\"twitter:data1\" content=\"7 minut\" \/>\n<script type=\"application\/ld+json\" class=\"yoast-schema-graph\">{\"@context\":\"https:\/\/schema.org\",\"@graph\":[{\"@type\":\"WebPage\",\"@id\":\"https:\/\/ag-frisch.com\/pl\/generatory-pradu-z-chin\/\",\"url\":\"https:\/\/ag-frisch.com\/pl\/generatory-pradu-z-chin\/\",\"name\":\"Import generator\u00f3w pr\u0105du z Chin\/ Bezpo\u015bredni import z Chin\",\"isPartOf\":{\"@id\":\"https:\/\/ag-frisch.com\/de\/#website\"},\"datePublished\":\"2022-09-23T19:16:18+00:00\",\"dateModified\":\"2023-01-27T04:52:50+00:00\",\"description\":\"Importuj Generatory pr\u0105du z Chin \u25bb Najlepiej oceniony producent \u2713 Pr\u00f3bka z g\u00f3ry\u2713 Bezpieczna p\u0142atno\u015b\u0107\u2713 Zgodna z przepisami UE\u25bb Zapytaj eksperta teraz!\",\"breadcrumb\":{\"@id\":\"https:\/\/ag-frisch.com\/pl\/generatory-pradu-z-chin\/#breadcrumb\"},\"inLanguage\":\"pl-PL\",\"potentialAction\":[{\"@type\":\"ReadAction\",\"target\":[\"https:\/\/ag-frisch.com\/pl\/generatory-pradu-z-chin\/\"]}]},{\"@type\":\"BreadcrumbList\",\"@id\":\"https:\/\/ag-frisch.com\/pl\/generatory-pradu-z-chin\/#breadcrumb\",\"itemListElement\":[{\"@type\":\"ListItem\",\"position\":1,\"name\":\"Startseite\",\"item\":\"https:\/\/ag-frisch.com\/de\/\"},{\"@type\":\"ListItem\",\"position\":2,\"name\":\"Generatory pr\u0105du z Chin\"}]},{\"@type\":\"WebSite\",\"@id\":\"https:\/\/ag-frisch.com\/de\/#website\",\"url\":\"https:\/\/ag-frisch.com\/de\/\",\"name\":\"China Import Beratung f\u00fcr den Einkauf aus China\",\"description\":\"China Import &amp; Export Beratung - Der Dienstleister Ihres Vertrauens f\u00fcr Ihren China Import\",\"publisher\":{\"@id\":\"https:\/\/ag-frisch.com\/de\/#organization\"},\"potentialAction\":[{\"@type\":\"SearchAction\",\"target\":{\"@type\":\"EntryPoint\",\"urlTemplate\":\"https:\/\/ag-frisch.com\/de\/?s={search_term_string}\"},\"query-input\":{\"@type\":\"PropertyValueSpecification\",\"valueRequired\":true,\"valueName\":\"search_term_string\"}}],\"inLanguage\":\"pl-PL\"},{\"@type\":\"Organization\",\"@id\":\"https:\/\/ag-frisch.com\/de\/#organization\",\"name\":\"Agentur Frisch International Consulting GmbH & Co. KG\",\"url\":\"https:\/\/ag-frisch.com\/de\/\",\"logo\":{\"@type\":\"ImageObject\",\"inLanguage\":\"pl-PL\",\"@id\":\"https:\/\/ag-frisch.com\/de\/#\/schema\/logo\/image\/\",\"url\":\"https:\/\/ag-frisch.com\/wp-content\/uploads\/2021\/08\/ag_logo_rgb_300_small.png\",\"contentUrl\":\"https:\/\/ag-frisch.com\/wp-content\/uploads\/2021\/08\/ag_logo_rgb_300_small.png\",\"width\":153,\"height\":102,\"caption\":\"Agentur Frisch International Consulting GmbH & Co. KG\"},\"image\":{\"@id\":\"https:\/\/ag-frisch.com\/de\/#\/schema\/logo\/image\/\"},\"sameAs\":[\"https:\/\/www.facebook.com\/China.Import\",\"https:\/\/x.com\/agenturfrisch\"]}]}<\/script>\n<!-- \/ Yoast SEO plugin. -->","yoast_head_json":{"title":"Import generator\u00f3w pr\u0105du z Chin\/ Bezpo\u015bredni import z Chin","description":"Importuj Generatory pr\u0105du z Chin \u25bb Najlepiej oceniony producent \u2713 Pr\u00f3bka z g\u00f3ry\u2713 Bezpieczna p\u0142atno\u015b\u0107\u2713 Zgodna z przepisami UE\u25bb Zapytaj eksperta teraz!","robots":{"index":"index","follow":"follow","max-snippet":"max-snippet:-1","max-image-preview":"max-image-preview:large","max-video-preview":"max-video-preview:-1"},"canonical":"https:\/\/ag-frisch.com\/pl\/generatory-pradu-z-chin\/","og_locale":"pl_PL","og_type":"article","og_title":"Import generator\u00f3w pr\u0105du z Chin\/ Bezpo\u015bredni import z Chin","og_description":"Importuj Generatory pr\u0105du z Chin \u25bb Najlepiej oceniony producent \u2713 Pr\u00f3bka z g\u00f3ry\u2713 Bezpieczna p\u0142atno\u015b\u0107\u2713 Zgodna z przepisami UE\u25bb Zapytaj eksperta teraz!","og_url":"https:\/\/ag-frisch.com\/pl\/generatory-pradu-z-chin\/","og_site_name":"China Import Beratung f\u00fcr den Einkauf aus China","article_publisher":"https:\/\/www.facebook.com\/China.Import","article_modified_time":"2023-01-27T04:52:50+00:00","twitter_card":"summary_large_image","twitter_site":"@agenturfrisch","twitter_misc":{"Szacowany czas czytania":"7 minut"},"schema":{"@context":"https:\/\/schema.org","@graph":[{"@type":"WebPage","@id":"https:\/\/ag-frisch.com\/pl\/generatory-pradu-z-chin\/","url":"https:\/\/ag-frisch.com\/pl\/generatory-pradu-z-chin\/","name":"Import generator\u00f3w pr\u0105du z Chin\/ Bezpo\u015bredni import z Chin","isPartOf":{"@id":"https:\/\/ag-frisch.com\/de\/#website"},"datePublished":"2022-09-23T19:16:18+00:00","dateModified":"2023-01-27T04:52:50+00:00","description":"Importuj Generatory pr\u0105du z Chin \u25bb Najlepiej oceniony producent \u2713 Pr\u00f3bka z g\u00f3ry\u2713 Bezpieczna p\u0142atno\u015b\u0107\u2713 Zgodna z przepisami UE\u25bb Zapytaj eksperta teraz!","breadcrumb":{"@id":"https:\/\/ag-frisch.com\/pl\/generatory-pradu-z-chin\/#breadcrumb"},"inLanguage":"pl-PL","potentialAction":[{"@type":"ReadAction","target":["https:\/\/ag-frisch.com\/pl\/generatory-pradu-z-chin\/"]}]},{"@type":"BreadcrumbList","@id":"https:\/\/ag-frisch.com\/pl\/generatory-pradu-z-chin\/#breadcrumb","itemListElement":[{"@type":"ListItem","position":1,"name":"Startseite","item":"https:\/\/ag-frisch.com\/de\/"},{"@type":"ListItem","position":2,"name":"Generatory pr\u0105du z Chin"}]},{"@type":"WebSite","@id":"https:\/\/ag-frisch.com\/de\/#website","url":"https:\/\/ag-frisch.com\/de\/","name":"China Import Beratung f\u00fcr den Einkauf aus China","description":"China Import &amp; Export Beratung - Der Dienstleister Ihres Vertrauens f\u00fcr Ihren China Import","publisher":{"@id":"https:\/\/ag-frisch.com\/de\/#organization"},"potentialAction":[{"@type":"SearchAction","target":{"@type":"EntryPoint","urlTemplate":"https:\/\/ag-frisch.com\/de\/?s={search_term_string}"},"query-input":{"@type":"PropertyValueSpecification","valueRequired":true,"valueName":"search_term_string"}}],"inLanguage":"pl-PL"},{"@type":"Organization","@id":"https:\/\/ag-frisch.com\/de\/#organization","name":"Agentur Frisch International Consulting GmbH & Co. KG","url":"https:\/\/ag-frisch.com\/de\/","logo":{"@type":"ImageObject","inLanguage":"pl-PL","@id":"https:\/\/ag-frisch.com\/de\/#\/schema\/logo\/image\/","url":"https:\/\/ag-frisch.com\/wp-content\/uploads\/2021\/08\/ag_logo_rgb_300_small.png","contentUrl":"https:\/\/ag-frisch.com\/wp-content\/uploads\/2021\/08\/ag_logo_rgb_300_small.png","width":153,"height":102,"caption":"Agentur Frisch International Consulting GmbH & Co. KG"},"image":{"@id":"https:\/\/ag-frisch.com\/de\/#\/schema\/logo\/image\/"},"sameAs":["https:\/\/www.facebook.com\/China.Import","https:\/\/x.com\/agenturfrisch"]}]}},"_links":{"self":[{"href":"https:\/\/ag-frisch.com\/pl\/wp-json\/wp\/v2\/pages\/13345","targetHints":{"allow":["GET"]}}],"collection":[{"href":"https:\/\/ag-frisch.com\/pl\/wp-json\/wp\/v2\/pages"}],"about":[{"href":"https:\/\/ag-frisch.com\/pl\/wp-json\/wp\/v2\/types\/page"}],"author":[{"embeddable":true,"href":"https:\/\/ag-frisch.com\/pl\/wp-json\/wp\/v2\/users\/2"}],"replies":[{"embeddable":true,"href":"https:\/\/ag-frisch.com\/pl\/wp-json\/wp\/v2\/comments?post=13345"}],"version-history":[{"count":0,"href":"https:\/\/ag-frisch.com\/pl\/wp-json\/wp\/v2\/pages\/13345\/revisions"}],"wp:attachment":[{"href":"https:\/\/ag-frisch.com\/pl\/wp-json\/wp\/v2\/media?parent=13345"}],"curies":[{"name":"wp","href":"https:\/\/api.w.org\/{rel}","templated":true}]}}