{"id":13349,"date":"2022-10-11T22:36:20","date_gmt":"2022-10-11T20:36:20","guid":{"rendered":"https:\/\/ag-frisch.com\/import-z-chin\/"},"modified":"2023-01-27T05:52:18","modified_gmt":"2023-01-27T04:52:18","slug":"import-z-chin","status":"publish","type":"page","link":"https:\/\/ag-frisch.com\/pl\/import-z-chin\/","title":{"rendered":"Import z Chin"},"content":{"rendered":"<p>[et_pb_section fb_built=&#8221;1&#8243; _builder_version=&#8221;4.16&#8243; _module_preset=&#8221;default&#8221; custom_padding=&#8221;||54px|||&#8221; global_colors_info=&#8221;{}&#8221;][et_pb_row _builder_version=&#8221;4.18.1&#8243; _module_preset=&#8221;default&#8221;][et_pb_column _builder_version=&#8221;4.18.1&#8243; _module_preset=&#8221;default&#8221; type=&#8221;4_4&#8243;][et_pb_cta title=&#8221;China Import Consulting&#8221; button_url=&#8221;https:\/\/ag-frisch.com\/pl\/kontakt\/&#8221; button_text=&#8221;Zarezerwuj konsultacj\u0119 ju\u017c teraz&#8221; _builder_version=&#8221;4.16&#8243; _module_preset=&#8221;default&#8221; global_colors_info=&#8221;{}&#8221; theme_builder_area=&#8221;post_content&#8221;]<\/p>\n<p>Dzi\u0119ki poradom Agencji Importu Chin Frisch uda Ci si\u0119 prowadzi\u0107 interesy z Chinami tak, jakby robili to profesjonali\u015bci.  <\/p>\n<p>[\/et_pb_cta][\/et_pb_column][\/et_pb_row][et_pb_row _builder_version=&#8221;4.16&#8243; _module_preset=&#8221;default&#8221; global_colors_info=&#8221;{}&#8221;][et_pb_column type=&#8221;4_4&#8243; _builder_version=&#8221;4.16&#8243; _module_preset=&#8221;default&#8221; global_colors_info=&#8221;{}&#8221;][et_pb_text _builder_version=&#8221;4.18.1&#8243; _module_preset=&#8221;default&#8221; global_colors_info=&#8221;{}&#8221;]<\/p>\n<h1>Oszcz\u0119dzanie na imporcie z Chin &#8211; Kupowanie tanio dla maksymalnej mar\u017cy<\/h1>\n<p>Je\u015bli chcesz zaoszcz\u0119dzi\u0107 na kosztach zakupu, jedyn\u0105 opcj\u0105 jest zajrzenie do Chin. Dzi\u0119ki <strong>importowi z Chin<\/strong> mo\u017cna zaoszcz\u0119dzi\u0107 na kosztach i taniej kupowa\u0107 du\u017ce ilo\u015bci. Ale <strong>import z Chin<\/strong> wi\u0105\u017ce si\u0119 r\u00f3wnie\u017c z wieloma niebezpiecze\u0144stwami i ryzykiem. Je\u015bli sam nie masz \u017cadnych kontakt\u00f3w w Chinach i nie znasz mentalno\u015bci i praktyk biznesowych, dobrze by\u0142oby zostawi\u0107 zakup profesjonalnemu us\u0142ugodawcy. Wi\u0119kszo\u015b\u0107 dostawc\u00f3w us\u0142ug <strong>importowych<\/strong> z Chin nie tylko posiada lokalny zesp\u00f3\u0142 w Chinach, ale tak\u017ce zna przepisy celne i importowe, dzi\u0119ki czemu towary docieraj\u0105 do Niemiec lub UE bezpiecznie i bez ryzyka. Wiele b\u0142\u0119d\u00f3w mo\u017ce si\u0119 zdarzy\u0107 podczas importu z Chin, ale mo\u017cna unikn\u0105\u0107 wi\u0119kszo\u015bci b\u0142\u0119d\u00f3w, kontaktuj\u0105c si\u0119 z profesjonalnym dostawc\u0105 us\u0142ug importowych z Chin.<\/p>\n<p>Nasza rekomendacja: <a href=\"https:\/\/ag-frisch.com\/de\/china-import-2\/\">China Import Agency Frisch<\/a><\/p>\n<p>&nbsp;<\/p>\n<p><strong>Jak zaoszcz\u0119dzi\u0107 pieni\u0105dze przy imporcie z Chin<\/strong><\/p>\n<p>Wi\u0119kszo\u015b\u0107 os\u00f3b, kt\u00f3re chc\u0105 importowa\u0107 z Chin, robi to z my\u015bl\u0105 o zaoszcz\u0119dzeniu pieni\u0119dzy podczas importu <strong>z<\/strong> Chin. Chiny maj\u0105 prawie niesko\u0144czone moce przerobowe, wi\u0119c oczywiste jest importowanie swoich produkt\u00f3w z Chin. Wad\u0105 s\u0105 du\u017ce ilo\u015bci, kt\u00f3re trzeba zakupi\u0107 w Chinach oraz d\u0142ugie i drogie drogi transportu. Raczej nie zaoszcz\u0119dzisz pieni\u0119dzy, je\u015bli b\u0119dziesz chcia\u0142 kupi\u0107 tylko ma\u0142e ilo\u015bci z Chin. Import z Chin jest jednak op\u0142acalny, je\u015bli mo\u017cna sprowadzi\u0107 i sprzeda\u0107 produkt w du\u017cych ilo\u015bciach. Przy du\u017cych ilo\u015bciach koszty transportu s\u0105 r\u00f3wnie\u017c stosunkowo niskie w przeliczeniu na jednostk\u0119 produktu, co sprawia, \u017ce import z Chin jest op\u0142acalny.<\/p>\n<p>Agencja Frisch z Berlina mo\u017ce optymalnie doradzi\u0107 Pa\u0144stwu w sprawie importu z Chin i znale\u017a\u0107 dla Pa\u0144stwa najlepszy spos\u00f3b na zaoszcz\u0119dzenie pieni\u0119dzy przy <strong>imporcie z Chin<\/strong>. Eksperci z Agentur Frisch z przyjemno\u015bci\u0105 pomog\u0105 Ci w <strong>imporcie z Chin<\/strong>.<\/p>\n<p>&nbsp;<\/p>\n<p><strong>Sukces w imporcie z Chin<\/strong><\/p>\n<p>Nie ka\u017cdy ma udany start w <strong>import z Chin<\/strong>. Jest wiele pu\u0142apek, kt\u00f3re czekaj\u0105 na pokonanie. Faza nauki mo\u017ce by\u0107 bardzo d\u0142uga i obfitowa\u0107 w wiele pu\u0142apek. Szybciej rozpoczniesz udany import z Chin, je\u015bli b\u0119dziesz wsp\u00f3\u0142pracowa\u0107 z kim\u015b, kto zna ju\u017c wszystkie zawi\u0142o\u015bci importu z<strong> Chin<\/strong>. Eksperci z China Import Agentur Frisch zajmuj\u0105 si\u0119 importem z Chin od prawie 20 lat i dlatego mog\u0105 pom\u00f3c Ci w <strong>imporcie<\/strong> z Chin profesjonalnie i z niewielkim ryzykiem. Dzi\u0119ki wysokiemu poziomowi wiedzy specjalist\u00f3w od importu z Chin, od samego pocz\u0105tku s\u0105 Pa\u0144stwo dobrze doradzani i mog\u0105 skoncentrowa\u0107 si\u0119 na w\u0142asnej wiedzy, takiej jak sprzeda\u017c czy marketing.<\/p>\n<p>&nbsp;<\/p>\n<p><strong>China Import Professional from Berlin<\/strong><\/p>\n<p>Agencja Frisch zosta\u0142a za\u0142o\u017cona przez eksperta ds. <strong>importu Chin<\/strong> Davida Frischa w Berlinie. Od 20 lat David i jego zesp\u00f3\u0142 importuj\u0105 r\u00f3\u017cne towary z Chin dla r\u00f3\u017cnych klient\u00f3w w Niemczech, Austrii i Szwajcarii. Dzi\u0119ki wsparciu konsultanta biznesowego specjalizuj\u0105cego si\u0119 w Chinach mo\u017cna bez problemu importowa\u0107 z Chin ju\u017c od samego pocz\u0105tku, bez konieczno\u015bci p\u0142acenia za lekcj\u0119. Agentur Frisch mo\u017ce doradzi\u0107 Ci w sprawie proces\u00f3w, ale mo\u017ce r\u00f3wnie\u017c przeprowadzi\u0107 dla Ciebie ca\u0142y proces importu, w tym zapewnienie jako\u015bci.<\/p>\n<p>&nbsp;<\/p>\n<p><strong>Import z Chin &#8211; Oszcz\u0119dno\u015b\u0107 w zakupach to pierwszy krok do wy\u017cszej mar\u017cy<\/strong><\/p>\n<p>Sourcing z Chin przynosi zazwyczaj du\u017ce oszcz\u0119dno\u015bci, kt\u00f3re mog\u0105 zwi\u0119kszy\u0107 mar\u017c\u0119. Jest jednak kilka rzeczy, kt\u00f3re nale\u017cy wzi\u0105\u0107 pod uwag\u0119 przy <strong>imporcie do Chin<\/strong>. Jako pierwszy importer do UE ponosi on odpowiedzialno\u015b\u0107 prawn\u0105 jako producent. Aby unikn\u0105\u0107 konieczno\u015bci samodzielnego poruszania si\u0119 w g\u0105szczu przepis\u00f3w i regulacji, nale\u017cy skonsultowa\u0107 si\u0119 z chi\u0144sk\u0105 agencj\u0105 <strong>importow\u0105<\/strong>. Taka agencja zajmuje si\u0119 nie tylko wszystkimi zakupami, ale tak\u017ce zapewnieniem jako\u015bci w Chinach. Dzi\u0119ki temu klient mo\u017ce zaj\u0105\u0107 si\u0119 swoimi podstawowymi kompetencjami, natomiast agencja importowa zajmuje si\u0119 pozyskiwaniem towar\u00f3w z Chin.[\/et_pb_text][\/et_pb_column][\/et_pb_row][\/et_pb_section][et_pb_section fb_built=&#8221;1&#8243; admin_label=&#8221;Testimonials&#8221; _builder_version=&#8221;4.16&#8243; use_background_color_gradient=&#8221;on&#8221; background_color_gradient_stops=&#8221;rgba(0,106,156,0.85) 0%|rgba(0,106,156,0.85) 100%&#8221; background_color_gradient_start=&#8221;rgba(0,106,156,0.85)&#8221; background_color_gradient_end=&#8221;rgba(0,106,156,0.85)&#8221; custom_padding=&#8221;90px||60px|&#8221; animation_style=&#8221;fold&#8221; animation_direction=&#8221;bottom&#8221; animation_intensity_fold=&#8221;4%&#8221; global_colors_info=&#8221;{}&#8221; theme_builder_area=&#8221;post_content&#8221;][et_pb_row _builder_version=&#8221;4.16&#8243; background_size=&#8221;initial&#8221; background_position=&#8221;top_left&#8221; background_repeat=&#8221;repeat&#8221; custom_width_px=&#8221;710px&#8221; locked=&#8221;off&#8221; global_colors_info=&#8221;{}&#8221; theme_builder_area=&#8221;post_content&#8221;][et_pb_column type=&#8221;4_4&#8243; _builder_version=&#8221;4.16&#8243; background_position=&#8221;top_left&#8221; custom_padding=&#8221;|||&#8221; global_colors_info=&#8221;{}&#8221; custom_padding__hover=&#8221;|||&#8221; theme_builder_area=&#8221;post_content&#8221;][et_pb_text admin_label=&#8221;Testimonials Section Title&#8221; _builder_version=&#8221;4.16&#8243; header_font=&#8221;Montserrat||||&#8221; header_font_size=&#8221;36px&#8221; background_size=&#8221;initial&#8221; background_position=&#8221;top_left&#8221; background_repeat=&#8221;repeat&#8221; text_orientation=&#8221;center&#8221; background_layout=&#8221;dark&#8221; max_width=&#8221;710px&#8221; module_alignment=&#8221;center&#8221; animation_style=&#8221;fold&#8221; animation_direction=&#8221;bottom&#8221; animation_intensity_fold=&#8221;20%&#8221; global_colors_info=&#8221;{}&#8221; theme_builder_area=&#8221;post_content&#8221;]<\/p>\n<h1>Ponad 5000 zadowolonych klient\u00f3w.<\/h1>\n<p>&nbsp;<\/p>\n<p>[\/et_pb_text][et_pb_divider color=&#8221;#ffffff&#8221; divider_weight=&#8221;3px&#8221; disabled_on=&#8221;off|off|off&#8221; _builder_version=&#8221;4.16&#8243; background_color_gradient_direction=&#8221;90deg&#8221; max_width=&#8221;100px&#8221; module_alignment=&#8221;center&#8221; height=&#8221;5px&#8221; custom_margin=&#8221;||20px|&#8221; custom_padding=&#8221;||20px|&#8221; animation_style=&#8221;slide&#8221; animation_direction=&#8221;bottom&#8221; saved_tabs=&#8221;all&#8221; locked=&#8221;off&#8221; global_colors_info=&#8221;{}&#8221; theme_builder_area=&#8221;post_content&#8221;][\/et_pb_divider][\/et_pb_column][\/et_pb_row][et_pb_row column_structure=&#8221;1_2,1_2&#8243; _builder_version=&#8221;4.18.1&#8243; _module_preset=&#8221;default&#8221; global_colors_info=&#8221;{}&#8221; theme_builder_area=&#8221;post_content&#8221;][et_pb_column type=&#8221;1_2&#8243; _builder_version=&#8221;4.18.1&#8243; _module_preset=&#8221;default&#8221; global_colors_info=&#8221;{}&#8221; theme_builder_area=&#8221;post_content&#8221;][et_pb_testimonial author=&#8221;Marco&#8221; portrait_url=&#8221;https:\/\/ag-frisch.com\/wp-content\/uploads\/2021\/08\/Harald.png&#8221; quote_icon=&#8221;off&#8221; _builder_version=&#8221;4.18.1&#8243; _module_preset=&#8221;default&#8221; body_font_size=&#8221;16px&#8221; use_background_color=&#8221;off&#8221; background_layout=&#8221;dark&#8221; global_colors_info=&#8221;{}&#8221; theme_builder_area=&#8221;post_content&#8221;]Zleci\u0142em agencji Frisch wyprodukowanie du\u017cego mebla w Chinach, a nast\u0119pnie sprowadzenie go do Niemiec. Przez ca\u0142y czas by\u0142a sprawna komunikacja mailowa! Bardzo szybkie i rzetelne odpowiedzi stale dodawa\u0142y mi otuchy, kt\u00f3ra jest niezb\u0119dna w takim przedsi\u0119wzi\u0119ciu. Przez ca\u0142y czas pomagano mi przebrn\u0105\u0107 przez biurokratyczny g\u0105szcz, nie zapomniano o \u017cadnym formularzu ani nie wype\u0142niono go b\u0142\u0119dnie. Bardzo godne pochwa\u0142y!<a href=\"&lt;div%20class=%22pe-richsnippets%22&gt;&nbsp;&lt;\/div&gt;%20&lt;script%20type=%22text\/javascript%22%20src=%22https:\/\/www.provenexpert.com\/widget\/richsnippet.js?u=1NUA0VwZ4RUZ5tmAi5zA4RaplNKAlWwZ&amp;v=2%22%20async&gt;&lt;\/script&gt;%20&lt;div%20style=%22text-align:%20justify;%22&gt;&lt;br%20\/&gt;\"><\/a><\/p>\n<div class=\"brow ratingBarMargin\">\n<div class=\"ratingBar\">\n<div class=\"brow\">\n<div class=\"pe-richsnippets\">&nbsp;<\/div>\n<p><script type=\"text\/javascript\" src=\"https:\/\/www.provenexpert.com\/widget\/richsnippet.js?u=1NUA0VwZ4RUZ5tmAi5zA4RaplNKAlWwZ&amp;v=2\" async=\"\"><\/script><\/p>\n<div style=\"text-align: justify;\"><\/p>\n<div class=\"col-lg-9 col-md-8 col-xs-10 mt20 mb20\">\n<div class=\"col-xs-12 surveyNameForRating\"><\/div>\n<\/div>\n<\/div>\n<\/div>\n<\/div>\n<\/div>\n<p>[\/et_pb_testimonial][\/et_pb_column][et_pb_column type=&#8221;1_2&#8243; _builder_version=&#8221;4.18.1&#8243; _module_preset=&#8221;default&#8221; global_colors_info=&#8221;{}&#8221; theme_builder_area=&#8221;post_content&#8221;][et_pb_testimonial author=&#8221;Simone L.&#8221; portrait_url=&#8221;https:\/\/ag-frisch.com\/wp-content\/uploads\/2021\/08\/Harald.png&#8221; quote_icon=&#8221;off&#8221; _builder_version=&#8221;4.18.1&#8243; _module_preset=&#8221;default&#8221; body_font_size=&#8221;16px&#8221; use_background_color=&#8221;off&#8221; background_layout=&#8221;dark&#8221; global_colors_info=&#8221;{}&#8221; theme_builder_area=&#8221;post_content&#8221;]<\/p>\n<p>Ca\u0142a g\u00f3ra. Nie ma nic lepszego ni\u017c to. Doradzanie i wdra\u017canie nie mo\u017ce by\u0107 zrobione lepiej. Jeste\u015bmy bardziej ni\u017c zadowoleni po kilku zam\u00f3wieniach z t\u0105 firm\u0105 i kontynuowa\u0107 nasz\u0105 wsp\u00f3\u0142prac\u0119.<\/p>\n<div class=\"brow ratingBarMargin\">\n<div class=\"ratingBar\">\n<div class=\"brow\">\n<div class=\"pe-richsnippets\"> <\/div>\n<p>\n<script type=\"text\/javascript\" src=\"https:\/\/www.provenexpert.com\/widget\/richsnippet.js?u=1NUA0VwZ4RUZ5tmAi5zA4RaplNKAlWwZ&amp;v=2\" async=\"\"><\/script>\n<\/p>\n<div style=\"text-align: justify;\">\n<p>&nbsp;<\/p>\n<div class=\"col-lg-9 col-md-8 col-xs-10 mt20 mb20\">\n<div class=\"col-xs-12 surveyNameForRating\"><\/div>\n<\/div>\n<\/div>\n<\/div>\n<\/div>\n<\/div>\n<p>[\/et_pb_testimonial][\/et_pb_column][\/et_pb_row][et_pb_row _builder_version=&#8221;4.16&#8243; background_size=&#8221;initial&#8221; background_position=&#8221;top_left&#8221; background_repeat=&#8221;repeat&#8221; custom_padding=&#8221;50px|0px|30px|0px&#8221; custom_css_main_element=&#8221;text-align: center;&#8221; global_colors_info=&#8221;{}&#8221; theme_builder_area=&#8221;post_content&#8221;][et_pb_column type=&#8221;4_4&#8243; _builder_version=&#8221;4.16&#8243; custom_padding=&#8221;|||&#8221; global_colors_info=&#8221;{}&#8221; custom_padding__hover=&#8221;|||&#8221; theme_builder_area=&#8221;post_content&#8221;][et_pb_button button_url=&#8221;https:\/\/www.provenexpert.com\/de-de\/agentur-frisch-international-consulting-gmbh-und-co-kg\/&#8221; button_text=&#8221;WI\u0118CEJ OCEN&#8221; button_alignment=&#8221;left&#8221; admin_label=&#8221;Testimonial Button&#8221; _builder_version=&#8221;4.16&#8243; custom_button=&#8221;on&#8221; button_text_size=&#8221;18px&#8221; button_text_color=&#8221;#ffffff&#8221; button_bg_color=&#8221;#6eba01&#8243; button_border_width=&#8221;2px&#8221; button_border_color=&#8221;#6eba01&#8243; button_border_radius=&#8221;0px&#8221; button_letter_spacing=&#8221;2px&#8221; button_font=&#8221;Montserrat|||on|&#8221; button_use_icon=&#8221;off&#8221; animation_style=&#8221;fold&#8221; animation_direction=&#8221;bottom&#8221; button_text_color_hover=&#8221;#ffffff&#8221; button_border_color_hover=&#8221;#ffffff&#8221; button_border_radius_hover=&#8221;0px&#8221; button_letter_spacing_hover=&#8221;2px&#8221; button_bg_color_hover=&#8221;rgba(255,255,255,0)&#8221; locked=&#8221;off&#8221; global_colors_info=&#8221;{}&#8221; button_text_size__hover_enabled=&#8221;off&#8221; button_one_text_size__hover_enabled=&#8221;off&#8221; button_two_text_size__hover_enabled=&#8221;off&#8221; button_text_color__hover_enabled=&#8221;on&#8221; button_text_color__hover=&#8221;#ffffff&#8221; button_one_text_color__hover_enabled=&#8221;off&#8221; button_two_text_color__hover_enabled=&#8221;off&#8221; button_border_width__hover_enabled=&#8221;off&#8221; button_one_border_width__hover_enabled=&#8221;off&#8221; button_two_border_width__hover_enabled=&#8221;off&#8221; button_border_color__hover_enabled=&#8221;on&#8221; button_border_color__hover=&#8221;#ffffff&#8221; button_one_border_color__hover_enabled=&#8221;off&#8221; button_two_border_color__hover_enabled=&#8221;off&#8221; button_border_radius__hover_enabled=&#8221;on&#8221; button_border_radius__hover=&#8221;0px&#8221; button_one_border_radius__hover_enabled=&#8221;off&#8221; button_two_border_radius__hover_enabled=&#8221;off&#8221; button_letter_spacing__hover_enabled=&#8221;on&#8221; button_letter_spacing__hover=&#8221;2px&#8221; button_one_letter_spacing__hover_enabled=&#8221;off&#8221; button_two_letter_spacing__hover_enabled=&#8221;off&#8221; button_bg_color__hover_enabled=&#8221;on&#8221; button_bg_color__hover=&#8221;rgba(255,255,255,0)&#8221; button_one_bg_color__hover_enabled=&#8221;off&#8221; button_two_bg_color__hover_enabled=&#8221;off&#8221; theme_builder_area=&#8221;post_content&#8221;][\/et_pb_button][\/et_pb_column][\/et_pb_row][\/et_pb_section]<\/p>\n","protected":false},"excerpt":{"rendered":"<p>Dzi\u0119ki poradom Agencji Importu Chin Frisch uda Ci si\u0119 prowadzi\u0107 interesy z Chinami tak, jakby robili to profesjonali\u015bci. Oszcz\u0119dzanie na imporcie z Chin &#8211; Kupowanie tanio dla maksymalnej mar\u017cy Je\u015bli chcesz zaoszcz\u0119dzi\u0107 na kosztach zakupu, jedyn\u0105 opcj\u0105 jest zajrzenie do Chin. Dzi\u0119ki importowi z Chin mo\u017cna zaoszcz\u0119dzi\u0107 na kosztach i taniej kupowa\u0107 du\u017ce ilo\u015bci. Ale [&hellip;]<\/p>\n","protected":false},"author":2,"featured_media":0,"parent":0,"menu_order":0,"comment_status":"closed","ping_status":"closed","template":"","meta":{"_et_pb_use_builder":"on","_et_pb_old_content":"","_et_gb_content_width":"","footnotes":""},"class_list":["post-13349","page","type-page","status-publish","hentry"],"yoast_head":"<!-- This site is optimized with the Yoast SEO plugin v27.4 - https:\/\/yoast.com\/product\/yoast-seo-wordpress\/ -->\n<title>Oszcz\u0119dzaj na imporcie z Chin dzi\u0119ki tanim zakupom<\/title>\n<meta name=\"description\" content=\"Oszcz\u0119dzaj pieni\u0105dze przy imporcie z Chin \u25ba Droga do maksymalnej mar\u017cy dzi\u0119ki korzystnym zakupom \u25ba Korzystaj z wiedzy profesjonalist\u00f3w \u25ba Uzyskaj porady od ekspert\u00f3w!\" \/>\n<meta name=\"robots\" content=\"index, follow, max-snippet:-1, max-image-preview:large, max-video-preview:-1\" \/>\n<link rel=\"canonical\" href=\"https:\/\/ag-frisch.com\/pl\/import-z-chin\/\" \/>\n<meta property=\"og:locale\" content=\"pl_PL\" \/>\n<meta property=\"og:type\" content=\"article\" \/>\n<meta property=\"og:title\" content=\"Oszcz\u0119dzaj na imporcie z Chin dzi\u0119ki tanim zakupom\" \/>\n<meta property=\"og:description\" content=\"Oszcz\u0119dzaj pieni\u0105dze przy imporcie z Chin \u25ba Droga do maksymalnej mar\u017cy dzi\u0119ki korzystnym zakupom \u25ba Korzystaj z wiedzy profesjonalist\u00f3w \u25ba Uzyskaj porady od ekspert\u00f3w!\" \/>\n<meta property=\"og:url\" content=\"https:\/\/ag-frisch.com\/pl\/import-z-chin\/\" \/>\n<meta property=\"og:site_name\" content=\"China Import Beratung f\u00fcr den Einkauf aus China\" \/>\n<meta property=\"article:publisher\" content=\"https:\/\/www.facebook.com\/China.Import\" \/>\n<meta property=\"article:modified_time\" content=\"2023-01-27T04:52:18+00:00\" \/>\n<meta name=\"twitter:card\" content=\"summary_large_image\" \/>\n<meta name=\"twitter:site\" content=\"@agenturfrisch\" \/>\n<meta name=\"twitter:label1\" content=\"Szacowany czas czytania\" \/>\n\t<meta name=\"twitter:data1\" content=\"8 minut\" \/>\n<script type=\"application\/ld+json\" class=\"yoast-schema-graph\">{\"@context\":\"https:\\\/\\\/schema.org\",\"@graph\":[{\"@type\":\"WebPage\",\"@id\":\"https:\\\/\\\/ag-frisch.com\\\/pl\\\/import-z-chin\\\/\",\"url\":\"https:\\\/\\\/ag-frisch.com\\\/pl\\\/import-z-chin\\\/\",\"name\":\"Oszcz\u0119dzaj na imporcie z Chin dzi\u0119ki tanim zakupom\",\"isPartOf\":{\"@id\":\"https:\\\/\\\/ag-frisch.com\\\/de\\\/#website\"},\"datePublished\":\"2022-10-11T20:36:20+00:00\",\"dateModified\":\"2023-01-27T04:52:18+00:00\",\"description\":\"Oszcz\u0119dzaj pieni\u0105dze przy imporcie z Chin \u25ba Droga do maksymalnej mar\u017cy dzi\u0119ki korzystnym zakupom \u25ba Korzystaj z wiedzy profesjonalist\u00f3w \u25ba Uzyskaj porady od ekspert\u00f3w!\",\"breadcrumb\":{\"@id\":\"https:\\\/\\\/ag-frisch.com\\\/pl\\\/import-z-chin\\\/#breadcrumb\"},\"inLanguage\":\"pl-PL\",\"potentialAction\":[{\"@type\":\"ReadAction\",\"target\":[\"https:\\\/\\\/ag-frisch.com\\\/pl\\\/import-z-chin\\\/\"]}]},{\"@type\":\"BreadcrumbList\",\"@id\":\"https:\\\/\\\/ag-frisch.com\\\/pl\\\/import-z-chin\\\/#breadcrumb\",\"itemListElement\":[{\"@type\":\"ListItem\",\"position\":1,\"name\":\"Startseite\",\"item\":\"https:\\\/\\\/ag-frisch.com\\\/de\\\/\"},{\"@type\":\"ListItem\",\"position\":2,\"name\":\"Import z Chin\"}]},{\"@type\":\"WebSite\",\"@id\":\"https:\\\/\\\/ag-frisch.com\\\/de\\\/#website\",\"url\":\"https:\\\/\\\/ag-frisch.com\\\/de\\\/\",\"name\":\"China Import Beratung f\u00fcr den Einkauf aus China\",\"description\":\"China Import &amp; Export Beratung - Der Dienstleister Ihres Vertrauens f\u00fcr Ihren China Import\",\"publisher\":{\"@id\":\"https:\\\/\\\/ag-frisch.com\\\/de\\\/#organization\"},\"potentialAction\":[{\"@type\":\"SearchAction\",\"target\":{\"@type\":\"EntryPoint\",\"urlTemplate\":\"https:\\\/\\\/ag-frisch.com\\\/de\\\/?s={search_term_string}\"},\"query-input\":{\"@type\":\"PropertyValueSpecification\",\"valueRequired\":true,\"valueName\":\"search_term_string\"}}],\"inLanguage\":\"pl-PL\"},{\"@type\":\"Organization\",\"@id\":\"https:\\\/\\\/ag-frisch.com\\\/de\\\/#organization\",\"name\":\"Agentur Frisch International Consulting GmbH & Co. KG\",\"url\":\"https:\\\/\\\/ag-frisch.com\\\/de\\\/\",\"logo\":{\"@type\":\"ImageObject\",\"inLanguage\":\"pl-PL\",\"@id\":\"https:\\\/\\\/ag-frisch.com\\\/de\\\/#\\\/schema\\\/logo\\\/image\\\/\",\"url\":\"https:\\\/\\\/ag-frisch.com\\\/wp-content\\\/uploads\\\/2021\\\/08\\\/ag_logo_rgb_300_small.png\",\"contentUrl\":\"https:\\\/\\\/ag-frisch.com\\\/wp-content\\\/uploads\\\/2021\\\/08\\\/ag_logo_rgb_300_small.png\",\"width\":153,\"height\":102,\"caption\":\"Agentur Frisch International Consulting GmbH & Co. KG\"},\"image\":{\"@id\":\"https:\\\/\\\/ag-frisch.com\\\/de\\\/#\\\/schema\\\/logo\\\/image\\\/\"},\"sameAs\":[\"https:\\\/\\\/www.facebook.com\\\/China.Import\",\"https:\\\/\\\/x.com\\\/agenturfrisch\"]}]}<\/script>\n<!-- \/ Yoast SEO plugin. -->","yoast_head_json":{"title":"Oszcz\u0119dzaj na imporcie z Chin dzi\u0119ki tanim zakupom","description":"Oszcz\u0119dzaj pieni\u0105dze przy imporcie z Chin \u25ba Droga do maksymalnej mar\u017cy dzi\u0119ki korzystnym zakupom \u25ba Korzystaj z wiedzy profesjonalist\u00f3w \u25ba Uzyskaj porady od ekspert\u00f3w!","robots":{"index":"index","follow":"follow","max-snippet":"max-snippet:-1","max-image-preview":"max-image-preview:large","max-video-preview":"max-video-preview:-1"},"canonical":"https:\/\/ag-frisch.com\/pl\/import-z-chin\/","og_locale":"pl_PL","og_type":"article","og_title":"Oszcz\u0119dzaj na imporcie z Chin dzi\u0119ki tanim zakupom","og_description":"Oszcz\u0119dzaj pieni\u0105dze przy imporcie z Chin \u25ba Droga do maksymalnej mar\u017cy dzi\u0119ki korzystnym zakupom \u25ba Korzystaj z wiedzy profesjonalist\u00f3w \u25ba Uzyskaj porady od ekspert\u00f3w!","og_url":"https:\/\/ag-frisch.com\/pl\/import-z-chin\/","og_site_name":"China Import Beratung f\u00fcr den Einkauf aus China","article_publisher":"https:\/\/www.facebook.com\/China.Import","article_modified_time":"2023-01-27T04:52:18+00:00","twitter_card":"summary_large_image","twitter_site":"@agenturfrisch","twitter_misc":{"Szacowany czas czytania":"8 minut"},"schema":{"@context":"https:\/\/schema.org","@graph":[{"@type":"WebPage","@id":"https:\/\/ag-frisch.com\/pl\/import-z-chin\/","url":"https:\/\/ag-frisch.com\/pl\/import-z-chin\/","name":"Oszcz\u0119dzaj na imporcie z Chin dzi\u0119ki tanim zakupom","isPartOf":{"@id":"https:\/\/ag-frisch.com\/de\/#website"},"datePublished":"2022-10-11T20:36:20+00:00","dateModified":"2023-01-27T04:52:18+00:00","description":"Oszcz\u0119dzaj pieni\u0105dze przy imporcie z Chin \u25ba Droga do maksymalnej mar\u017cy dzi\u0119ki korzystnym zakupom \u25ba Korzystaj z wiedzy profesjonalist\u00f3w \u25ba Uzyskaj porady od ekspert\u00f3w!","breadcrumb":{"@id":"https:\/\/ag-frisch.com\/pl\/import-z-chin\/#breadcrumb"},"inLanguage":"pl-PL","potentialAction":[{"@type":"ReadAction","target":["https:\/\/ag-frisch.com\/pl\/import-z-chin\/"]}]},{"@type":"BreadcrumbList","@id":"https:\/\/ag-frisch.com\/pl\/import-z-chin\/#breadcrumb","itemListElement":[{"@type":"ListItem","position":1,"name":"Startseite","item":"https:\/\/ag-frisch.com\/de\/"},{"@type":"ListItem","position":2,"name":"Import z Chin"}]},{"@type":"WebSite","@id":"https:\/\/ag-frisch.com\/de\/#website","url":"https:\/\/ag-frisch.com\/de\/","name":"China Import Beratung f\u00fcr den Einkauf aus China","description":"China Import &amp; Export Beratung - Der Dienstleister Ihres Vertrauens f\u00fcr Ihren China Import","publisher":{"@id":"https:\/\/ag-frisch.com\/de\/#organization"},"potentialAction":[{"@type":"SearchAction","target":{"@type":"EntryPoint","urlTemplate":"https:\/\/ag-frisch.com\/de\/?s={search_term_string}"},"query-input":{"@type":"PropertyValueSpecification","valueRequired":true,"valueName":"search_term_string"}}],"inLanguage":"pl-PL"},{"@type":"Organization","@id":"https:\/\/ag-frisch.com\/de\/#organization","name":"Agentur Frisch International Consulting GmbH & Co. KG","url":"https:\/\/ag-frisch.com\/de\/","logo":{"@type":"ImageObject","inLanguage":"pl-PL","@id":"https:\/\/ag-frisch.com\/de\/#\/schema\/logo\/image\/","url":"https:\/\/ag-frisch.com\/wp-content\/uploads\/2021\/08\/ag_logo_rgb_300_small.png","contentUrl":"https:\/\/ag-frisch.com\/wp-content\/uploads\/2021\/08\/ag_logo_rgb_300_small.png","width":153,"height":102,"caption":"Agentur Frisch International Consulting GmbH & Co. KG"},"image":{"@id":"https:\/\/ag-frisch.com\/de\/#\/schema\/logo\/image\/"},"sameAs":["https:\/\/www.facebook.com\/China.Import","https:\/\/x.com\/agenturfrisch"]}]}},"_links":{"self":[{"href":"https:\/\/ag-frisch.com\/pl\/wp-json\/wp\/v2\/pages\/13349","targetHints":{"allow":["GET"]}}],"collection":[{"href":"https:\/\/ag-frisch.com\/pl\/wp-json\/wp\/v2\/pages"}],"about":[{"href":"https:\/\/ag-frisch.com\/pl\/wp-json\/wp\/v2\/types\/page"}],"author":[{"embeddable":true,"href":"https:\/\/ag-frisch.com\/pl\/wp-json\/wp\/v2\/users\/2"}],"replies":[{"embeddable":true,"href":"https:\/\/ag-frisch.com\/pl\/wp-json\/wp\/v2\/comments?post=13349"}],"version-history":[{"count":0,"href":"https:\/\/ag-frisch.com\/pl\/wp-json\/wp\/v2\/pages\/13349\/revisions"}],"wp:attachment":[{"href":"https:\/\/ag-frisch.com\/pl\/wp-json\/wp\/v2\/media?parent=13349"}],"curies":[{"name":"wp","href":"https:\/\/api.w.org\/{rel}","templated":true}]}}