{"id":14441,"date":"2023-01-26T19:45:27","date_gmt":"2023-01-26T18:45:27","guid":{"rendered":"https:\/\/ag-frisch.com\/import-modulow-slonecznych-z-chin\/"},"modified":"2023-01-31T19:09:23","modified_gmt":"2023-01-31T18:09:23","slug":"import-modulow-slonecznych-z-chin","status":"publish","type":"page","link":"https:\/\/ag-frisch.com\/pl\/import-modulow-slonecznych-z-chin\/","title":{"rendered":"Import modu\u0142\u00f3w s\u0142onecznych z Chin"},"content":{"rendered":"<p>[et_pb_section fb_built=&#8221;1&#8243; admin_label=&#8221;section&#8221; _builder_version=&#8221;4.16&#8243; global_colors_info=&#8221;{}&#8221;][et_pb_row _builder_version=&#8221;4.18.1&#8243; _module_preset=&#8221;default&#8221; global_colors_info=&#8221;{}&#8221;][et_pb_column type=&#8221;4_4&#8243; _builder_version=&#8221;4.18.1&#8243; _module_preset=&#8221;default&#8221; global_colors_info=&#8221;{}&#8221;][et_pb_cta title=&#8221;Import modu\u0142\u00f3w s\u0142onecznych z Chin&#8221; button_url=&#8221;https:\/\/ag-frisch.com\/pl\/kontakt\/&#8221; button_text=&#8221;Importuj teraz od profesjonalisty&#8221; _builder_version=&#8221;4.18.1&#8243; _module_preset=&#8221;default&#8221; global_colors_info=&#8221;{}&#8221;]<\/p>\n<p>Wspieramy Pa\u0144stwa w imporcie modu\u0142\u00f3w s\u0142onecznych z Chin zgodnie ze wszystkimi przepisami importowymi i zasadami w\u0142asno\u015bci intelektualnej.  <\/p>\n<p>[\/et_pb_cta][et_pb_text _builder_version=&#8221;4.18.1&#8243; _module_preset=&#8221;default&#8221; global_colors_info=&#8221;{}&#8221;]<\/p>\n<h1><strong>Zam\u00f3wienie modu\u0142\u00f3w s\u0142onecznych<\/strong><\/h1>\n<p>Istniej\u0105 modu\u0142y s\u0142oneczne monokrystaliczne lub polikrystaliczne. Obie mog\u0105 by\u0107 korzystne, w zale\u017cno\u015bci od zastosowania, do kt\u00f3rego s\u0105 przeznaczone. Monokrystaliczne modu\u0142y s\u0142oneczne maj\u0105 bardzo wysok\u0105 wydajno\u015b\u0107 i s\u0105 wykonane z krzemu. Mo\u017cna je rozpozna\u0107 po ciemnej, niebiesko-czarnej powierzchni. Polikrystaliczne modu\u0142y s\u0142oneczne maj\u0105 lepszy stosunek koszt\u00f3w do korzy\u015bci i s\u0105 cz\u0119\u015bciej stosowane ni\u017c monokrystaliczne modu\u0142y s\u0142oneczne.  <\/p>\n<h3><\/h3>\n<h2><strong>Recykling modu\u0142\u00f3w s\u0142onecznych\/ Ustawa o sprz\u0119cie elektrycznym i elektronicznym  <\/strong><\/h2>\n<p>Modu\u0142y s\u0142oneczne podlegaj\u0105 dyrektywie 2012\/19\/UE w sprawie zu\u017cytego sprz\u0119tu elektrycznego i elektronicznego (w Niemczech ustawa o sprz\u0119cie elektrycznym i elektronicznym). W zwi\u0105zku z tym modu\u0142y s\u0142oneczne musz\u0105 by\u0107 oznaczone przekre\u015blonym koszem na \u015bmieci, a sprzedawca we wszystkich swoich ofertach i oficjalnych dokumentach dotycz\u0105cych handlu musi umieszcza\u0107 numer WEEE producenta lub pierwszego importera do UE.  <\/p>\n<p>&nbsp;<\/p>\n<h2><strong>Normy dotycz\u0105ce importu i instalacji system\u00f3w fotowoltaicznych<\/strong><\/h2>\n<p>Przy <strong>budowie instalacji fotowoltaicznej<\/strong> nale\u017cy przestrzega\u0107 norm VDE 0100 (monta\u017c instalacji niskiego napi\u0119cia, patrz r\u00f3wnie\u017c DIN 60364-7-712). Najwa\u017cniejsze jest przestrzeganie normy 62446:2010 jak r\u00f3wnie\u017c 62446-1:2006, DIN EN 62305 (ochrona przed wy\u0142adowaniami atmosferycznymi i przepi\u0119ciami) jak r\u00f3wnie\u017c IEC 61215 (testowanie modu\u0142\u00f3w cienkowarstwowych), DIN EN 50251 (dla z\u0142\u0105czek) i DIN EN 50618 dla fotowoltaicznych kabli DC. Dla klasy ochronno\u015bci II nale\u017cy uwzgl\u0119dni\u0107 norm\u0119 IEC 61730. Nadrz\u0119dn\u0105 dyrektyw\u0105 dla norm jest dyrektywa 2014\/35\/UE (dyrektywa niskonapi\u0119ciowa). Pierwotny importer lub producent musi po\u015bwiadczy\u0107 zgodno\u015b\u0107 z wy\u017cej wymienionymi normami za pomoc\u0105 <strong>znaku CE na modu\u0142ach s\u0142onecznych<\/strong>, a tak\u017ce wystawi\u0107 odpowiednio deklaracj\u0119 zgodno\u015bci.  <\/p>\n<p>&nbsp;<\/p>\n<h2><strong>Import modu\u0142\u00f3w s\u0142onecznych z Chin<\/strong><\/h2>\n<p>&nbsp;<\/p>\n<p>  Prawie codziennie otrzymujemy zapytania od nabywc\u00f3w z Niemiec, kt\u00f3rzy chc\u0105 <strong>importowa\u0107 modu\u0142y s\u0142oneczne od znanych chi\u0144skich firm<\/strong>. Dowiedzieli\u015bmy si\u0119, \u017ce wi\u0119kszo\u015b\u0107 chi\u0144skich producent\u00f3w ma ju\u017c kana\u0142y dystrybucyjne do Niemiec, wi\u0119c w og\u00f3le nie planuj\u0105 dystrybucji modu\u0142\u00f3w s\u0142onecznych do Niemiec poza istniej\u0105cymi kana\u0142ami dystrybucji. Nawet je\u015bli same znane marki maj\u0105 siedzib\u0119 w Chinach, wielu chi\u0144skich sprzedawc\u00f3w oferuje podrobione modu\u0142y s\u0142oneczne. Z czysto prawnego punktu widzenia nie wolno zatem importowa\u0107 ani wwozi\u0107 modu\u0142\u00f3w do UE, poniewa\u017c prawo do znaku towarowego w UE nale\u017cy do oryginalnego producenta lub jego dystrybutora w UE.  <\/p>\n<p>&nbsp;<\/p>\n<p>[\/et_pb_text][\/et_pb_column][\/et_pb_row][\/et_pb_section][et_pb_section fb_built=&#8221;1&#8243; admin_label=&#8221;Testimonials&#8221; _builder_version=&#8221;4.16&#8243; use_background_color_gradient=&#8221;on&#8221; background_color_gradient_stops=&#8221;rgba(0,106,156,0.85) 0%|rgba(0,106,156,0.85) 100%&#8221; background_color_gradient_start=&#8221;rgba(0,106,156,0.85)&#8221; background_color_gradient_end=&#8221;rgba(0,106,156,0.85)&#8221; custom_padding=&#8221;90px||60px|&#8221; animation_style=&#8221;fold&#8221; animation_direction=&#8221;bottom&#8221; animation_intensity_fold=&#8221;4%&#8221; global_colors_info=&#8221;{}&#8221;][et_pb_row _builder_version=&#8221;4.16&#8243; background_size=&#8221;initial&#8221; background_position=&#8221;top_left&#8221; background_repeat=&#8221;repeat&#8221; custom_width_px=&#8221;710px&#8221; locked=&#8221;off&#8221; global_colors_info=&#8221;{}&#8221;][et_pb_column type=&#8221;4_4&#8243; _builder_version=&#8221;4.16&#8243; background_position=&#8221;top_left&#8221; custom_padding=&#8221;|||&#8221; global_colors_info=&#8221;{}&#8221; custom_padding__hover=&#8221;|||&#8221;][et_pb_text admin_label=&#8221;Testimonials Section Title&#8221; _builder_version=&#8221;4.16&#8243; header_font=&#8221;Montserrat||||&#8221; header_font_size=&#8221;36px&#8221; background_size=&#8221;initial&#8221; background_position=&#8221;top_left&#8221; background_repeat=&#8221;repeat&#8221; text_orientation=&#8221;center&#8221; background_layout=&#8221;dark&#8221; max_width=&#8221;710px&#8221; module_alignment=&#8221;center&#8221; animation_style=&#8221;fold&#8221; animation_direction=&#8221;bottom&#8221; animation_intensity_fold=&#8221;20%&#8221; global_colors_info=&#8221;{}&#8221;]<\/p>\n<h1>Ponad 5000 zadowolonych klient\u00f3w.<\/h1>\n<p>&nbsp;<\/p>\n<p>[\/et_pb_text][et_pb_divider color=&#8221;#ffffff&#8221; divider_weight=&#8221;3px&#8221; disabled_on=&#8221;off|off|off&#8221; _builder_version=&#8221;4.16&#8243; background_color_gradient_direction=&#8221;90deg&#8221; max_width=&#8221;100px&#8221; module_alignment=&#8221;center&#8221; height=&#8221;5px&#8221; custom_margin=&#8221;||20px|&#8221; custom_padding=&#8221;||20px|&#8221; animation_style=&#8221;slide&#8221; animation_direction=&#8221;bottom&#8221; saved_tabs=&#8221;all&#8221; locked=&#8221;off&#8221; global_colors_info=&#8221;{}&#8221;][\/et_pb_divider][\/et_pb_column][\/et_pb_row][et_pb_row column_structure=&#8221;1_2,1_2&#8243; _builder_version=&#8221;4.18.1&#8243; _module_preset=&#8221;default&#8221; global_colors_info=&#8221;{}&#8221;][et_pb_column type=&#8221;1_2&#8243; _builder_version=&#8221;4.18.1&#8243; _module_preset=&#8221;default&#8221; global_colors_info=&#8221;{}&#8221;][et_pb_testimonial author=&#8221;Marco&#8221; portrait_url=&#8221;https:\/\/ag-frisch.com\/wp-content\/uploads\/2021\/08\/Harald.png&#8221; quote_icon=&#8221;off&#8221; _builder_version=&#8221;4.18.1&#8243; _module_preset=&#8221;default&#8221; body_font_size=&#8221;16px&#8221; use_background_color=&#8221;off&#8221; background_layout=&#8221;dark&#8221; global_colors_info=&#8221;{}&#8221;]Zleci\u0142em agencji Frisch wyprodukowanie du\u017cego mebla w Chinach, a nast\u0119pnie sprowadzenie go do Niemiec. Przez ca\u0142y czas by\u0142a sprawna komunikacja mailowa! Bardzo szybkie i rzetelne odpowiedzi stale dodawa\u0142y mi otuchy, kt\u00f3ra jest niezb\u0119dna w takim przedsi\u0119wzi\u0119ciu. Przez ca\u0142y czas pomagano mi przebrn\u0105\u0107 przez biurokratyczny g\u0105szcz, nie zapomniano o \u017cadnym formularzu ani nie wype\u0142niono go b\u0142\u0119dnie. Bardzo godne pochwa\u0142y!<a href=\"&lt;div%20class=%22pe-richsnippets%22&gt;&nbsp;&lt;\/div&gt;%20&lt;script%20type=%22text\/javascript%22%20src=%22https:\/\/www.provenexpert.com\/widget\/richsnippet.js?u=1NUA0VwZ4RUZ5tmAi5zA4RaplNKAlWwZ&amp;v=2%22%20async&gt;&lt;\/script&gt;%20&lt;div%20style=%22text-align:%20justify;%22&gt;&lt;br%20\/&gt;\"><\/a><\/p>\n<div class=\"brow ratingBarMargin\">\n<div class=\"ratingBar\">\n<div class=\"brow\">\n<div class=\"pe-richsnippets\">&nbsp;<\/div>\n<p><script type=\"text\/javascript\" src=\"https:\/\/www.provenexpert.com\/widget\/richsnippet.js?u=1NUA0VwZ4RUZ5tmAi5zA4RaplNKAlWwZ&amp;v=2\" async=\"\"><\/script><\/p>\n<div style=\"text-align: justify;\"><\/p>\n<div class=\"col-lg-9 col-md-8 col-xs-10 mt20 mb20\">\n<div class=\"col-xs-12 surveyNameForRating\"><\/div>\n<\/div>\n<\/div>\n<\/div>\n<\/div>\n<\/div>\n<p>[\/et_pb_testimonial][\/et_pb_column][et_pb_column type=&#8221;1_2&#8243; _builder_version=&#8221;4.18.1&#8243; _module_preset=&#8221;default&#8221; global_colors_info=&#8221;{}&#8221;][et_pb_testimonial author=&#8221;Simone L.&#8221; portrait_url=&#8221;https:\/\/ag-frisch.com\/wp-content\/uploads\/2021\/08\/Harald.png&#8221; quote_icon=&#8221;off&#8221; _builder_version=&#8221;4.18.1&#8243; _module_preset=&#8221;default&#8221; body_font_size=&#8221;16px&#8221; use_background_color=&#8221;off&#8221; background_layout=&#8221;dark&#8221; global_colors_info=&#8221;{}&#8221;]<\/p>\n<p>Ca\u0142a g\u00f3ra. Nie ma nic lepszego ni\u017c to. Doradzanie i wdra\u017canie nie mo\u017ce by\u0107 zrobione lepiej. Jeste\u015bmy bardziej ni\u017c zadowoleni po kilku zam\u00f3wieniach z t\u0105 firm\u0105 i kontynuowa\u0107 nasz\u0105 wsp\u00f3\u0142prac\u0119.<\/p>\n<div class=\"brow ratingBarMargin\">\n<div class=\"ratingBar\">\n<div class=\"brow\">\n<div class=\"pe-richsnippets\"> <\/div>\n<p>\n<script type=\"text\/javascript\" src=\"https:\/\/www.provenexpert.com\/widget\/richsnippet.js?u=1NUA0VwZ4RUZ5tmAi5zA4RaplNKAlWwZ&amp;v=2\" async=\"\"><\/script>\n<\/p>\n<div style=\"text-align: justify;\">\n<p>&nbsp;<\/p>\n<div class=\"col-lg-9 col-md-8 col-xs-10 mt20 mb20\">\n<div class=\"col-xs-12 surveyNameForRating\"><\/div>\n<\/div>\n<\/div>\n<\/div>\n<\/div>\n<\/div>\n<p>[\/et_pb_testimonial][\/et_pb_column][\/et_pb_row][et_pb_row _builder_version=&#8221;4.16&#8243; background_size=&#8221;initial&#8221; background_position=&#8221;top_left&#8221; background_repeat=&#8221;repeat&#8221; custom_padding=&#8221;50px|0px|30px|0px&#8221; custom_css_main_element=&#8221;text-align: center;&#8221; global_colors_info=&#8221;{}&#8221;][et_pb_column type=&#8221;4_4&#8243; _builder_version=&#8221;4.16&#8243; custom_padding=&#8221;|||&#8221; global_colors_info=&#8221;{}&#8221; custom_padding__hover=&#8221;|||&#8221;][et_pb_button button_url=&#8221;https:\/\/www.provenexpert.com\/de-de\/agentur-frisch-international-consulting-gmbh-und-co-kg\/&#8221; button_text=&#8221;WI\u0118CEJ OCEN&#8221; button_alignment=&#8221;left&#8221; admin_label=&#8221;Testimonial Button&#8221; _builder_version=&#8221;4.16&#8243; custom_button=&#8221;on&#8221; button_text_size=&#8221;18px&#8221; button_text_color=&#8221;#ffffff&#8221; button_bg_color=&#8221;#6eba01&#8243; button_border_width=&#8221;2px&#8221; button_border_color=&#8221;#6eba01&#8243; button_border_radius=&#8221;0px&#8221; button_letter_spacing=&#8221;2px&#8221; button_font=&#8221;Montserrat|||on|&#8221; button_use_icon=&#8221;off&#8221; animation_style=&#8221;fold&#8221; animation_direction=&#8221;bottom&#8221; button_text_color_hover=&#8221;#ffffff&#8221; button_border_color_hover=&#8221;#ffffff&#8221; button_border_radius_hover=&#8221;0px&#8221; button_letter_spacing_hover=&#8221;2px&#8221; button_bg_color_hover=&#8221;rgba(255,255,255,0)&#8221; locked=&#8221;off&#8221; global_colors_info=&#8221;{}&#8221; button_text_size__hover_enabled=&#8221;off&#8221; button_one_text_size__hover_enabled=&#8221;off&#8221; button_two_text_size__hover_enabled=&#8221;off&#8221; button_text_color__hover_enabled=&#8221;on&#8221; button_text_color__hover=&#8221;#ffffff&#8221; button_one_text_color__hover_enabled=&#8221;off&#8221; button_two_text_color__hover_enabled=&#8221;off&#8221; button_border_width__hover_enabled=&#8221;off&#8221; button_one_border_width__hover_enabled=&#8221;off&#8221; button_two_border_width__hover_enabled=&#8221;off&#8221; button_border_color__hover_enabled=&#8221;on&#8221; button_border_color__hover=&#8221;#ffffff&#8221; button_one_border_color__hover_enabled=&#8221;off&#8221; button_two_border_color__hover_enabled=&#8221;off&#8221; button_border_radius__hover_enabled=&#8221;on&#8221; button_border_radius__hover=&#8221;0px&#8221; button_one_border_radius__hover_enabled=&#8221;off&#8221; button_two_border_radius__hover_enabled=&#8221;off&#8221; button_letter_spacing__hover_enabled=&#8221;on&#8221; button_letter_spacing__hover=&#8221;2px&#8221; button_one_letter_spacing__hover_enabled=&#8221;off&#8221; button_two_letter_spacing__hover_enabled=&#8221;off&#8221; button_bg_color__hover_enabled=&#8221;on&#8221; button_bg_color__hover=&#8221;rgba(255,255,255,0)&#8221; button_one_bg_color__hover_enabled=&#8221;off&#8221; button_two_bg_color__hover_enabled=&#8221;off&#8221;][\/et_pb_button][\/et_pb_column][\/et_pb_row][\/et_pb_section]<\/p>\n","protected":false},"excerpt":{"rendered":"<p>Wspieramy Pa\u0144stwa w imporcie modu\u0142\u00f3w s\u0142onecznych z Chin zgodnie ze wszystkimi przepisami importowymi i zasadami w\u0142asno\u015bci intelektualnej. Zam\u00f3wienie modu\u0142\u00f3w s\u0142onecznych Istniej\u0105 modu\u0142y s\u0142oneczne monokrystaliczne lub polikrystaliczne. Obie mog\u0105 by\u0107 korzystne, w zale\u017cno\u015bci od zastosowania, do kt\u00f3rego s\u0105 przeznaczone. Monokrystaliczne modu\u0142y s\u0142oneczne maj\u0105 bardzo wysok\u0105 wydajno\u015b\u0107 i s\u0105 wykonane z krzemu. Mo\u017cna je rozpozna\u0107 po ciemnej, [&hellip;]<\/p>\n","protected":false},"author":2,"featured_media":0,"parent":0,"menu_order":0,"comment_status":"closed","ping_status":"closed","template":"","meta":{"_et_pb_use_builder":"on","_et_pb_old_content":"","_et_gb_content_width":"","footnotes":""},"class_list":["post-14441","page","type-page","status-publish","hentry"],"yoast_head":"<!-- This site is optimized with the Yoast SEO plugin v27.2 - https:\/\/yoast.com\/product\/yoast-seo-wordpress\/ -->\n<title>Import modu\u0142\u00f3w s\u0142onecznych z Chin - China Import Beratung f\u00fcr den Einkauf aus China<\/title>\n<meta name=\"robots\" content=\"index, follow, max-snippet:-1, max-image-preview:large, max-video-preview:-1\" \/>\n<link rel=\"canonical\" href=\"https:\/\/ag-frisch.com\/de\/solarmodule-aus-china-importieren\/\" \/>\n<meta property=\"og:locale\" content=\"pl_PL\" \/>\n<meta property=\"og:type\" content=\"article\" \/>\n<meta property=\"og:title\" content=\"Import modu\u0142\u00f3w s\u0142onecznych z Chin - China Import Beratung f\u00fcr den Einkauf aus China\" \/>\n<meta property=\"og:description\" content=\"Wspieramy Pa\u0144stwa w imporcie modu\u0142\u00f3w s\u0142onecznych z Chin zgodnie ze wszystkimi przepisami importowymi i zasadami w\u0142asno\u015bci intelektualnej. Zam\u00f3wienie modu\u0142\u00f3w s\u0142onecznych Istniej\u0105 modu\u0142y s\u0142oneczne monokrystaliczne lub polikrystaliczne. Obie mog\u0105 by\u0107 korzystne, w zale\u017cno\u015bci od zastosowania, do kt\u00f3rego s\u0105 przeznaczone. Monokrystaliczne modu\u0142y s\u0142oneczne maj\u0105 bardzo wysok\u0105 wydajno\u015b\u0107 i s\u0105 wykonane z krzemu. Mo\u017cna je rozpozna\u0107 po ciemnej, [&hellip;]\" \/>\n<meta property=\"og:url\" content=\"https:\/\/ag-frisch.com\/de\/solarmodule-aus-china-importieren\/\" \/>\n<meta property=\"og:site_name\" content=\"China Import Beratung f\u00fcr den Einkauf aus China\" \/>\n<meta property=\"article:publisher\" content=\"https:\/\/www.facebook.com\/China.Import\" \/>\n<meta property=\"article:modified_time\" content=\"2023-01-31T18:09:23+00:00\" \/>\n<meta name=\"twitter:card\" content=\"summary_large_image\" \/>\n<meta name=\"twitter:site\" content=\"@agenturfrisch\" \/>\n<meta name=\"twitter:label1\" content=\"Szacowany czas czytania\" \/>\n\t<meta name=\"twitter:data1\" content=\"6 minut\" \/>\n<script type=\"application\/ld+json\" class=\"yoast-schema-graph\">{\"@context\":\"https:\/\/schema.org\",\"@graph\":[{\"@type\":\"WebPage\",\"@id\":\"https:\/\/ag-frisch.com\/de\/solarmodule-aus-china-importieren\/\",\"url\":\"https:\/\/ag-frisch.com\/de\/solarmodule-aus-china-importieren\/\",\"name\":\"Import modu\u0142\u00f3w s\u0142onecznych z Chin - China Import Beratung f\u00fcr den Einkauf aus China\",\"isPartOf\":{\"@id\":\"https:\/\/ag-frisch.com\/de\/#website\"},\"datePublished\":\"2023-01-26T18:45:27+00:00\",\"dateModified\":\"2023-01-31T18:09:23+00:00\",\"breadcrumb\":{\"@id\":\"https:\/\/ag-frisch.com\/de\/solarmodule-aus-china-importieren\/#breadcrumb\"},\"inLanguage\":\"pl-PL\",\"potentialAction\":[{\"@type\":\"ReadAction\",\"target\":[\"https:\/\/ag-frisch.com\/de\/solarmodule-aus-china-importieren\/\"]}]},{\"@type\":\"BreadcrumbList\",\"@id\":\"https:\/\/ag-frisch.com\/de\/solarmodule-aus-china-importieren\/#breadcrumb\",\"itemListElement\":[{\"@type\":\"ListItem\",\"position\":1,\"name\":\"Startseite\",\"item\":\"https:\/\/ag-frisch.com\/de\/\"},{\"@type\":\"ListItem\",\"position\":2,\"name\":\"Import modu\u0142\u00f3w s\u0142onecznych z Chin\"}]},{\"@type\":\"WebSite\",\"@id\":\"https:\/\/ag-frisch.com\/de\/#website\",\"url\":\"https:\/\/ag-frisch.com\/de\/\",\"name\":\"China Import Beratung f\u00fcr den Einkauf aus China\",\"description\":\"China Import &amp; Export Beratung - Der Dienstleister Ihres Vertrauens f\u00fcr Ihren China Import\",\"publisher\":{\"@id\":\"https:\/\/ag-frisch.com\/de\/#organization\"},\"potentialAction\":[{\"@type\":\"SearchAction\",\"target\":{\"@type\":\"EntryPoint\",\"urlTemplate\":\"https:\/\/ag-frisch.com\/de\/?s={search_term_string}\"},\"query-input\":{\"@type\":\"PropertyValueSpecification\",\"valueRequired\":true,\"valueName\":\"search_term_string\"}}],\"inLanguage\":\"pl-PL\"},{\"@type\":\"Organization\",\"@id\":\"https:\/\/ag-frisch.com\/de\/#organization\",\"name\":\"Agentur Frisch International Consulting GmbH & Co. KG\",\"url\":\"https:\/\/ag-frisch.com\/de\/\",\"logo\":{\"@type\":\"ImageObject\",\"inLanguage\":\"pl-PL\",\"@id\":\"https:\/\/ag-frisch.com\/de\/#\/schema\/logo\/image\/\",\"url\":\"https:\/\/ag-frisch.com\/wp-content\/uploads\/2021\/08\/ag_logo_rgb_300_small.png\",\"contentUrl\":\"https:\/\/ag-frisch.com\/wp-content\/uploads\/2021\/08\/ag_logo_rgb_300_small.png\",\"width\":153,\"height\":102,\"caption\":\"Agentur Frisch International Consulting GmbH & Co. KG\"},\"image\":{\"@id\":\"https:\/\/ag-frisch.com\/de\/#\/schema\/logo\/image\/\"},\"sameAs\":[\"https:\/\/www.facebook.com\/China.Import\",\"https:\/\/x.com\/agenturfrisch\"]}]}<\/script>\n<!-- \/ Yoast SEO plugin. -->","yoast_head_json":{"title":"Import modu\u0142\u00f3w s\u0142onecznych z Chin - China Import Beratung f\u00fcr den Einkauf aus China","robots":{"index":"index","follow":"follow","max-snippet":"max-snippet:-1","max-image-preview":"max-image-preview:large","max-video-preview":"max-video-preview:-1"},"canonical":"https:\/\/ag-frisch.com\/de\/solarmodule-aus-china-importieren\/","og_locale":"pl_PL","og_type":"article","og_title":"Import modu\u0142\u00f3w s\u0142onecznych z Chin - China Import Beratung f\u00fcr den Einkauf aus China","og_description":"Wspieramy Pa\u0144stwa w imporcie modu\u0142\u00f3w s\u0142onecznych z Chin zgodnie ze wszystkimi przepisami importowymi i zasadami w\u0142asno\u015bci intelektualnej. Zam\u00f3wienie modu\u0142\u00f3w s\u0142onecznych Istniej\u0105 modu\u0142y s\u0142oneczne monokrystaliczne lub polikrystaliczne. Obie mog\u0105 by\u0107 korzystne, w zale\u017cno\u015bci od zastosowania, do kt\u00f3rego s\u0105 przeznaczone. Monokrystaliczne modu\u0142y s\u0142oneczne maj\u0105 bardzo wysok\u0105 wydajno\u015b\u0107 i s\u0105 wykonane z krzemu. Mo\u017cna je rozpozna\u0107 po ciemnej, [&hellip;]","og_url":"https:\/\/ag-frisch.com\/de\/solarmodule-aus-china-importieren\/","og_site_name":"China Import Beratung f\u00fcr den Einkauf aus China","article_publisher":"https:\/\/www.facebook.com\/China.Import","article_modified_time":"2023-01-31T18:09:23+00:00","twitter_card":"summary_large_image","twitter_site":"@agenturfrisch","twitter_misc":{"Szacowany czas czytania":"6 minut"},"schema":{"@context":"https:\/\/schema.org","@graph":[{"@type":"WebPage","@id":"https:\/\/ag-frisch.com\/de\/solarmodule-aus-china-importieren\/","url":"https:\/\/ag-frisch.com\/de\/solarmodule-aus-china-importieren\/","name":"Import modu\u0142\u00f3w s\u0142onecznych z Chin - China Import Beratung f\u00fcr den Einkauf aus China","isPartOf":{"@id":"https:\/\/ag-frisch.com\/de\/#website"},"datePublished":"2023-01-26T18:45:27+00:00","dateModified":"2023-01-31T18:09:23+00:00","breadcrumb":{"@id":"https:\/\/ag-frisch.com\/de\/solarmodule-aus-china-importieren\/#breadcrumb"},"inLanguage":"pl-PL","potentialAction":[{"@type":"ReadAction","target":["https:\/\/ag-frisch.com\/de\/solarmodule-aus-china-importieren\/"]}]},{"@type":"BreadcrumbList","@id":"https:\/\/ag-frisch.com\/de\/solarmodule-aus-china-importieren\/#breadcrumb","itemListElement":[{"@type":"ListItem","position":1,"name":"Startseite","item":"https:\/\/ag-frisch.com\/de\/"},{"@type":"ListItem","position":2,"name":"Import modu\u0142\u00f3w s\u0142onecznych z Chin"}]},{"@type":"WebSite","@id":"https:\/\/ag-frisch.com\/de\/#website","url":"https:\/\/ag-frisch.com\/de\/","name":"China Import Beratung f\u00fcr den Einkauf aus China","description":"China Import &amp; Export Beratung - Der Dienstleister Ihres Vertrauens f\u00fcr Ihren China Import","publisher":{"@id":"https:\/\/ag-frisch.com\/de\/#organization"},"potentialAction":[{"@type":"SearchAction","target":{"@type":"EntryPoint","urlTemplate":"https:\/\/ag-frisch.com\/de\/?s={search_term_string}"},"query-input":{"@type":"PropertyValueSpecification","valueRequired":true,"valueName":"search_term_string"}}],"inLanguage":"pl-PL"},{"@type":"Organization","@id":"https:\/\/ag-frisch.com\/de\/#organization","name":"Agentur Frisch International Consulting GmbH & Co. KG","url":"https:\/\/ag-frisch.com\/de\/","logo":{"@type":"ImageObject","inLanguage":"pl-PL","@id":"https:\/\/ag-frisch.com\/de\/#\/schema\/logo\/image\/","url":"https:\/\/ag-frisch.com\/wp-content\/uploads\/2021\/08\/ag_logo_rgb_300_small.png","contentUrl":"https:\/\/ag-frisch.com\/wp-content\/uploads\/2021\/08\/ag_logo_rgb_300_small.png","width":153,"height":102,"caption":"Agentur Frisch International Consulting GmbH & Co. KG"},"image":{"@id":"https:\/\/ag-frisch.com\/de\/#\/schema\/logo\/image\/"},"sameAs":["https:\/\/www.facebook.com\/China.Import","https:\/\/x.com\/agenturfrisch"]}]}},"_links":{"self":[{"href":"https:\/\/ag-frisch.com\/pl\/wp-json\/wp\/v2\/pages\/14441","targetHints":{"allow":["GET"]}}],"collection":[{"href":"https:\/\/ag-frisch.com\/pl\/wp-json\/wp\/v2\/pages"}],"about":[{"href":"https:\/\/ag-frisch.com\/pl\/wp-json\/wp\/v2\/types\/page"}],"author":[{"embeddable":true,"href":"https:\/\/ag-frisch.com\/pl\/wp-json\/wp\/v2\/users\/2"}],"replies":[{"embeddable":true,"href":"https:\/\/ag-frisch.com\/pl\/wp-json\/wp\/v2\/comments?post=14441"}],"version-history":[{"count":0,"href":"https:\/\/ag-frisch.com\/pl\/wp-json\/wp\/v2\/pages\/14441\/revisions"}],"wp:attachment":[{"href":"https:\/\/ag-frisch.com\/pl\/wp-json\/wp\/v2\/media?parent=14441"}],"curies":[{"name":"wp","href":"https:\/\/api.w.org\/{rel}","templated":true}]}}