{"id":14547,"date":"2022-08-25T14:15:49","date_gmt":"2022-08-25T12:15:49","guid":{"rendered":"https:\/\/ag-frisch.com\/sprawdzanie-certyfikatow-z-chin\/"},"modified":"2023-01-27T05:50:40","modified_gmt":"2023-01-27T04:50:40","slug":"sprawdzanie-certyfikatow-z-chin","status":"publish","type":"page","link":"https:\/\/ag-frisch.com\/pl\/sprawdzanie-certyfikatow-z-chin\/","title":{"rendered":"Sprawdzanie certyfikat\u00f3w z Chin"},"content":{"rendered":"<p>[et_pb_section fb_built=&#8221;1&#8243; _builder_version=&#8221;4.16&#8243; _module_preset=&#8221;default&#8221; global_colors_info=&#8221;{}&#8221;][et_pb_row _builder_version=&#8221;4.18.1&#8243; _module_preset=&#8221;default&#8221;][et_pb_column _builder_version=&#8221;4.18.1&#8243; _module_preset=&#8221;default&#8221; type=&#8221;4_4&#8243;][et_pb_cta title=&#8221;Test certyfikacyjny&#8221; button_url=&#8221;https:\/\/ag-frisch.com\/pl\/kontakt\/&#8221; button_text=&#8221;Zarezerwuj egzamin teraz&#8221; _builder_version=&#8221;4.18.1&#8243; _module_preset=&#8221;default&#8221; hover_enabled=&#8221;0&#8243; global_colors_info=&#8221;{}&#8221; theme_builder_area=&#8221;post_content&#8221; sticky_enabled=&#8221;0&#8243;]<\/p>\n<p>Je\u015bli nie jeste\u015b pewien swojego raportu z bada\u0144 CE, my w China Import Agentur Frisch z przyjemno\u015bci\u0105 sprawdzimy go dla Ciebie.<\/p>\n<p>[\/et_pb_cta][\/et_pb_column][\/et_pb_row][et_pb_row _builder_version=&#8221;4.16&#8243; _module_preset=&#8221;default&#8221; global_colors_info=&#8221;{}&#8221;][et_pb_column type=&#8221;4_4&#8243; _builder_version=&#8221;4.16&#8243; _module_preset=&#8221;default&#8221; global_colors_info=&#8221;{}&#8221;][et_pb_text admin_label=&#8221;H1&#8243; _builder_version=&#8221;4.18.1&#8243; _module_preset=&#8221;default&#8221; global_colors_info=&#8221;{}&#8221;]<\/p>\n<h1>Przyw\u00f3z z Chin: kontrola i ocena \u015bwiadectw<\/h1>\n<p>[\/et_pb_text][et_pb_text _builder_version=&#8221;4.18.1&#8243; _module_preset=&#8221;default&#8221; global_colors_info=&#8221;{}&#8221;]<\/p>\n<h2><strong>Sprawd\u017a certyfikaty i raporty z bada\u0144 z Chin<\/strong><\/h2>\n<p>Jako do\u015bwiadczony sprzedawca wiesz, jak wa\u017cna jest mo\u017cliwo\u015b\u0107 zaufania swoim partnerom handlowym. Czasami jednak mo\u017cesz mie\u0107 w\u0105tpliwo\u015bci co do certyfikatu lub raportu z bada\u0144 uzyskanego od dostawcy. Przyczyny tego stanu rzeczy mog\u0105 by\u0107 r\u00f3\u017cne: Niejasne informacje na dokumentach, potencjalne nieporozumienia z g\u00f3ry lub po prostu dostawca, kt\u00f3ry nie jest tak renomowany, jak si\u0119 wydawa\u0142o.<\/p>\n<p>Agentur Frisch ch\u0119tnie sprawdzi przed\u0142o\u017cone dokumenty. Mo\u017cemy sprawdzi\u0107 na przyk\u0142ad nast\u0119puj\u0105ce aspekty:<\/p>\n<ul>\n<li>Autentyczno\u015b\u0107<\/li>\n<li>Kompletno\u015b\u0107<\/li>\n<li>Wiarygodno\u015b\u0107<\/li>\n<\/ul>\n<p>Nasza wst\u0119pna ocena pozwoli Ci na wst\u0119pn\u0105 orientacj\u0119. Aby by\u0107 po bezpiecznej stronie, mo\u017cemy r\u00f3wnie\u017c przeprowadzi\u0107 w\u0142asne badania i zleci\u0107 przygotowanie odpowiedniej dokumentacji i zapis\u00f3w.<\/p>\n<p>&nbsp;<\/p>\n<h3><strong>Ocena zgodno\u015bci CE dla produkt\u00f3w z Chin<\/strong><\/h3>\n<p>Agentur Frisch zatrudnia ekspert\u00f3w, kt\u00f3rzy s\u0105 na bie\u017c\u0105co z najnowsz\u0105 normalizacj\u0105 i orzecznictwem. Mo\u017cemy zatem w spos\u00f3b ca\u0142kowicie wiarygodny wypowiada\u0107 si\u0119 na temat zgodno\u015bci CE dla produkt\u00f3w z Chin. Wiemy, kt\u00f3re produkty musz\u0105 spe\u0142nia\u0107 okre\u015blone przepisy i jakie us\u0142ugi s\u0105 zobowi\u0105zani \u015bwiadczy\u0107 Pa\u0144stwo jako sprzedawca importuj\u0105cy w Niemczech &#8211; lub w innych krajach. Na tej podstawie sprawdzamy, czy dokumenty otrzymane od dostawcy s\u0105 wystarczaj\u0105ce i poprawne.<\/p>\n<p>Je\u015bli oka\u017ce si\u0119, \u017ce dokumenty s\u0105 niewystarczaj\u0105ce lub niewiarygodne, a nawet, \u017ce s\u0105 sfa\u0142szowane, mo\u017cemy podj\u0105\u0107 odpowiednie dzia\u0142ania w Twoim imieniu. Cz\u0119sto b\u0119dzie si\u0119 to wi\u0105za\u0142o z tworzeniem wa\u017cnych dokument\u00f3w.<\/p>\n<p>&nbsp;<\/p>\n<p><strong>Certyfikaty z Chin &#8211; sprawdzanie autentyczno\u015bci i wiarygodno\u015bci<\/strong><\/p>\n<p>Je\u015bli masz jakiekolwiek w\u0105tpliwo\u015bci, czy mo\u017cesz zaufa\u0107 certyfikatom lub raportom z bada\u0144 CE z Chin, nie powiniene\u015b traktowa\u0107 ich lekko. Zgodno\u015b\u0107 CE dla produkt\u00f3w z Chin pe\u0142ni kluczow\u0105 funkcj\u0119 dla sprawnej i udanej sprzeda\u017cy w Niemczech. Sprawd\u017a wi\u0119c dok\u0142adnie dokumenty lub pozostaw to zadanie komu\u015b, kto mo\u017ce oceni\u0107 je lepiej na podstawie wiedzy i do\u015bwiadczenia &#8211; profesjonalistom z Agencji Frisch.<\/p>\n<p>&nbsp;<\/p>\n<p><strong>Sprawd\u017a raporty z bada\u0144 CE z Chin pod k\u0105tem wiarygodno\u015bci<\/strong><\/p>\n<p>Opr\u00f3cz kontroli wizualnej mamy r\u00f3wnie\u017c inne mo\u017cliwo\u015bci sprawdzenia zgodno\u015bci CE produkt\u00f3w z Chin. Nasza sp\u00f3\u0142ka zale\u017cna BEIDE Compliance Laboratory dysponuje na przyk\u0142ad wysokiej jako\u015bci wyposa\u017conymi laboratoriami badawczymi, w kt\u00f3rych mo\u017cna przeprowadzi\u0107 wszystkie badania, jakie mog\u0105 okaza\u0107 si\u0119 konieczne. Na \u017cyczenie mo\u017cemy dostarczy\u0107 Pa\u0144stwu nowe raporty z bada\u0144 CE z Chin i w ten spos\u00f3b zapewni\u0107, \u017ce Pa\u0144stwa towary przejd\u0105 bez problem\u00f3w przez urz\u0105d celny i wszystkie inne kontrole.<\/p>\n<p>&nbsp;<\/p>\n<p><strong>Kontrola autentyczno\u015bci certyfikat\u00f3w z Chin<\/strong><\/p>\n<p>Niestety, wsz\u0119dzie s\u0105 czarne owce i nikt nie jest zabezpieczony przed wpadni\u0119ciem na oszusta. Zdarza si\u0119, \u017ce wystawiane s\u0105 sfa\u0142szowane lub czasem po prostu s\u0142abej jako\u015bci raporty z bada\u0144 CE z Chin lub certyfikaty z Chin. Aby zaoszcz\u0119dzi\u0107 Pa\u0144stwu problem\u00f3w, na \u017cyczenie ch\u0119tnie przyjrzymy si\u0119 dokumentom Pa\u0144stwa dostawcy. Znamy typowe b\u0142\u0119dy i wiemy jak nale\u017cy zaprojektowa\u0107 dokumenty, aby w spos\u00f3b jednoznaczny i wa\u017cny udokumentowa\u0107 zgodno\u015b\u0107 CE produkt\u00f3w z Chin.<\/p>\n<p>&nbsp;<\/p>\n<p><strong>Jako Pa\u0144stwa do\u015bwiadczony importer z Chin, mamy przyjemno\u015b\u0107 w\u0142\u0105czy\u0107 do naszego zakresu us\u0142ug r\u00f3wnie\u017c kontrol\u0119 certyfikat\u00f3w i raport\u00f3w z bada\u0144 CE z Chin &#8211; a tym samym m\u00f3c zaoferowa\u0107 Pa\u0144stwu jeszcze lepszy i bezpieczniejszy serwis!<\/strong><\/p>\n<p><strong> <\/strong><\/p>\n<p>[\/et_pb_text][\/et_pb_column][\/et_pb_row][\/et_pb_section][et_pb_section fb_built=&#8221;1&#8243; admin_label=&#8221;Testimonials&#8221; _builder_version=&#8221;4.16&#8243; use_background_color_gradient=&#8221;on&#8221; background_color_gradient_stops=&#8221;rgba(0,106,156,0.85) 0%|rgba(0,106,156,0.85) 100%&#8221; background_color_gradient_start=&#8221;rgba(0,106,156,0.85)&#8221; background_color_gradient_end=&#8221;rgba(0,106,156,0.85)&#8221; custom_padding=&#8221;90px||60px|&#8221; animation_style=&#8221;fold&#8221; animation_direction=&#8221;bottom&#8221; animation_intensity_fold=&#8221;4%&#8221; global_colors_info=&#8221;{}&#8221; theme_builder_area=&#8221;post_content&#8221;][et_pb_row _builder_version=&#8221;4.16&#8243; background_size=&#8221;initial&#8221; background_position=&#8221;top_left&#8221; background_repeat=&#8221;repeat&#8221; custom_width_px=&#8221;710px&#8221; locked=&#8221;off&#8221; global_colors_info=&#8221;{}&#8221; theme_builder_area=&#8221;post_content&#8221;][et_pb_column type=&#8221;4_4&#8243; _builder_version=&#8221;4.16&#8243; background_position=&#8221;top_left&#8221; custom_padding=&#8221;|||&#8221; global_colors_info=&#8221;{}&#8221; custom_padding__hover=&#8221;|||&#8221; theme_builder_area=&#8221;post_content&#8221;][et_pb_text admin_label=&#8221;Testimonials Section Title&#8221; _builder_version=&#8221;4.16&#8243; header_font=&#8221;Montserrat||||&#8221; header_font_size=&#8221;36px&#8221; background_size=&#8221;initial&#8221; background_position=&#8221;top_left&#8221; background_repeat=&#8221;repeat&#8221; text_orientation=&#8221;center&#8221; background_layout=&#8221;dark&#8221; max_width=&#8221;710px&#8221; module_alignment=&#8221;center&#8221; animation_style=&#8221;fold&#8221; animation_direction=&#8221;bottom&#8221; animation_intensity_fold=&#8221;20%&#8221; global_colors_info=&#8221;{}&#8221; theme_builder_area=&#8221;post_content&#8221;]<\/p>\n<h1>Ponad 5000 zadowolonych klient\u00f3w.<\/h1>\n<p>&nbsp;<\/p>\n<p>[\/et_pb_text][et_pb_divider color=&#8221;#ffffff&#8221; divider_weight=&#8221;3px&#8221; disabled_on=&#8221;off|off|off&#8221; _builder_version=&#8221;4.16&#8243; background_color_gradient_direction=&#8221;90deg&#8221; max_width=&#8221;100px&#8221; module_alignment=&#8221;center&#8221; height=&#8221;5px&#8221; custom_margin=&#8221;||20px|&#8221; custom_padding=&#8221;||20px|&#8221; animation_style=&#8221;slide&#8221; animation_direction=&#8221;bottom&#8221; saved_tabs=&#8221;all&#8221; locked=&#8221;off&#8221; global_colors_info=&#8221;{}&#8221; theme_builder_area=&#8221;post_content&#8221;][\/et_pb_divider][\/et_pb_column][\/et_pb_row][et_pb_row column_structure=&#8221;1_2,1_2&#8243; _builder_version=&#8221;4.18.1&#8243; _module_preset=&#8221;default&#8221; global_colors_info=&#8221;{}&#8221; theme_builder_area=&#8221;post_content&#8221;][et_pb_column type=&#8221;1_2&#8243; _builder_version=&#8221;4.18.1&#8243; _module_preset=&#8221;default&#8221; global_colors_info=&#8221;{}&#8221; theme_builder_area=&#8221;post_content&#8221;][et_pb_testimonial author=&#8221;Marco&#8221; portrait_url=&#8221;https:\/\/ag-frisch.com\/wp-content\/uploads\/2021\/08\/Harald.png&#8221; quote_icon=&#8221;off&#8221; _builder_version=&#8221;4.18.1&#8243; _module_preset=&#8221;default&#8221; body_font_size=&#8221;16px&#8221; use_background_color=&#8221;off&#8221; background_layout=&#8221;dark&#8221; global_colors_info=&#8221;{}&#8221; theme_builder_area=&#8221;post_content&#8221;]Zleci\u0142em agencji Frisch wyprodukowanie du\u017cego mebla w Chinach, a nast\u0119pnie sprowadzenie go do Niemiec. Przez ca\u0142y czas by\u0142a sprawna komunikacja mailowa! Bardzo szybkie i rzetelne odpowiedzi stale dodawa\u0142y mi otuchy, kt\u00f3ra jest niezb\u0119dna w takim przedsi\u0119wzi\u0119ciu. Przez ca\u0142y czas pomagano mi przebrn\u0105\u0107 przez biurokratyczny g\u0105szcz, nie zapomniano o \u017cadnym formularzu ani nie wype\u0142niono go b\u0142\u0119dnie. Bardzo godne pochwa\u0142y!<a href=\"&lt;div%20class=%22pe-richsnippets%22&gt;&nbsp;&lt;\/div&gt;%20&lt;script%20type=%22text\/javascript%22%20src=%22https:\/\/www.provenexpert.com\/widget\/richsnippet.js?u=1NUA0VwZ4RUZ5tmAi5zA4RaplNKAlWwZ&amp;v=2%22%20async&gt;&lt;\/script&gt;%20&lt;div%20style=%22text-align:%20justify;%22&gt;&lt;br%20\/&gt;\"><\/a><\/p>\n<div class=\"brow ratingBarMargin\">\n<div class=\"ratingBar\">\n<div class=\"brow\">\n<div class=\"pe-richsnippets\">&nbsp;<\/div>\n<p><script type=\"text\/javascript\" src=\"https:\/\/www.provenexpert.com\/widget\/richsnippet.js?u=1NUA0VwZ4RUZ5tmAi5zA4RaplNKAlWwZ&amp;v=2\" async=\"\"><\/script><\/p>\n<div style=\"text-align: justify;\"><\/p>\n<div class=\"col-lg-9 col-md-8 col-xs-10 mt20 mb20\">\n<div class=\"col-xs-12 surveyNameForRating\"><\/div>\n<\/div>\n<\/div>\n<\/div>\n<\/div>\n<\/div>\n<p>[\/et_pb_testimonial][\/et_pb_column][et_pb_column type=&#8221;1_2&#8243; _builder_version=&#8221;4.18.1&#8243; _module_preset=&#8221;default&#8221; global_colors_info=&#8221;{}&#8221; theme_builder_area=&#8221;post_content&#8221;][et_pb_testimonial author=&#8221;Simone L.&#8221; portrait_url=&#8221;https:\/\/ag-frisch.com\/wp-content\/uploads\/2021\/08\/Harald.png&#8221; quote_icon=&#8221;off&#8221; _builder_version=&#8221;4.18.1&#8243; _module_preset=&#8221;default&#8221; body_font_size=&#8221;16px&#8221; use_background_color=&#8221;off&#8221; background_layout=&#8221;dark&#8221; global_colors_info=&#8221;{}&#8221; theme_builder_area=&#8221;post_content&#8221;]<\/p>\n<p>Ca\u0142a g\u00f3ra. Nie ma nic lepszego ni\u017c to. Doradzanie i wdra\u017canie nie mo\u017ce by\u0107 zrobione lepiej. Jeste\u015bmy bardziej ni\u017c zadowoleni po kilku zam\u00f3wieniach z t\u0105 firm\u0105 i kontynuowa\u0107 nasz\u0105 wsp\u00f3\u0142prac\u0119.<\/p>\n<div class=\"brow ratingBarMargin\">\n<div class=\"ratingBar\">\n<div class=\"brow\">\n<div class=\"pe-richsnippets\"> <\/div>\n<p>\n<script type=\"text\/javascript\" src=\"https:\/\/www.provenexpert.com\/widget\/richsnippet.js?u=1NUA0VwZ4RUZ5tmAi5zA4RaplNKAlWwZ&amp;v=2\" async=\"\"><\/script>\n<\/p>\n<div style=\"text-align: justify;\">\n<p>&nbsp;<\/p>\n<div class=\"col-lg-9 col-md-8 col-xs-10 mt20 mb20\">\n<div class=\"col-xs-12 surveyNameForRating\"><\/div>\n<\/div>\n<\/div>\n<\/div>\n<\/div>\n<\/div>\n<p>[\/et_pb_testimonial][\/et_pb_column][\/et_pb_row][et_pb_row _builder_version=&#8221;4.16&#8243; background_size=&#8221;initial&#8221; background_position=&#8221;top_left&#8221; background_repeat=&#8221;repeat&#8221; custom_padding=&#8221;50px|0px|30px|0px&#8221; custom_css_main_element=&#8221;text-align: center;&#8221; global_colors_info=&#8221;{}&#8221; theme_builder_area=&#8221;post_content&#8221;][et_pb_column type=&#8221;4_4&#8243; _builder_version=&#8221;4.16&#8243; custom_padding=&#8221;|||&#8221; global_colors_info=&#8221;{}&#8221; custom_padding__hover=&#8221;|||&#8221; theme_builder_area=&#8221;post_content&#8221;][et_pb_button button_url=&#8221;https:\/\/www.provenexpert.com\/de-de\/agentur-frisch-international-consulting-gmbh-und-co-kg\/&#8221; button_text=&#8221;WI\u0118CEJ OCEN&#8221; button_alignment=&#8221;left&#8221; admin_label=&#8221;Testimonial Button&#8221; _builder_version=&#8221;4.16&#8243; custom_button=&#8221;on&#8221; button_text_size=&#8221;18px&#8221; button_text_color=&#8221;#ffffff&#8221; button_bg_color=&#8221;#6eba01&#8243; button_border_width=&#8221;2px&#8221; button_border_color=&#8221;#6eba01&#8243; button_border_radius=&#8221;0px&#8221; button_letter_spacing=&#8221;2px&#8221; button_font=&#8221;Montserrat|||on|&#8221; button_use_icon=&#8221;off&#8221; animation_style=&#8221;fold&#8221; animation_direction=&#8221;bottom&#8221; button_text_color_hover=&#8221;#ffffff&#8221; button_border_color_hover=&#8221;#ffffff&#8221; button_border_radius_hover=&#8221;0px&#8221; button_letter_spacing_hover=&#8221;2px&#8221; button_bg_color_hover=&#8221;rgba(255,255,255,0)&#8221; locked=&#8221;off&#8221; global_colors_info=&#8221;{}&#8221; button_text_size__hover_enabled=&#8221;off&#8221; button_one_text_size__hover_enabled=&#8221;off&#8221; button_two_text_size__hover_enabled=&#8221;off&#8221; button_text_color__hover_enabled=&#8221;on&#8221; button_text_color__hover=&#8221;#ffffff&#8221; button_one_text_color__hover_enabled=&#8221;off&#8221; button_two_text_color__hover_enabled=&#8221;off&#8221; button_border_width__hover_enabled=&#8221;off&#8221; button_one_border_width__hover_enabled=&#8221;off&#8221; button_two_border_width__hover_enabled=&#8221;off&#8221; button_border_color__hover_enabled=&#8221;on&#8221; button_border_color__hover=&#8221;#ffffff&#8221; button_one_border_color__hover_enabled=&#8221;off&#8221; button_two_border_color__hover_enabled=&#8221;off&#8221; button_border_radius__hover_enabled=&#8221;on&#8221; button_border_radius__hover=&#8221;0px&#8221; button_one_border_radius__hover_enabled=&#8221;off&#8221; button_two_border_radius__hover_enabled=&#8221;off&#8221; button_letter_spacing__hover_enabled=&#8221;on&#8221; button_letter_spacing__hover=&#8221;2px&#8221; button_one_letter_spacing__hover_enabled=&#8221;off&#8221; button_two_letter_spacing__hover_enabled=&#8221;off&#8221; button_bg_color__hover_enabled=&#8221;on&#8221; button_bg_color__hover=&#8221;rgba(255,255,255,0)&#8221; button_one_bg_color__hover_enabled=&#8221;off&#8221; button_two_bg_color__hover_enabled=&#8221;off&#8221; theme_builder_area=&#8221;post_content&#8221;][\/et_pb_button][\/et_pb_column][\/et_pb_row][\/et_pb_section]<\/p>\n","protected":false},"excerpt":{"rendered":"<p>Je\u015bli nie jeste\u015b pewien swojego raportu z bada\u0144 CE, my w China Import Agentur Frisch z przyjemno\u015bci\u0105 sprawdzimy go dla Ciebie.Przyw\u00f3z z Chin: kontrola i ocena \u015bwiadectwSprawd\u017a certyfikaty i raporty z bada\u0144 z Chin Jako do\u015bwiadczony sprzedawca wiesz, jak wa\u017cna jest mo\u017cliwo\u015b\u0107 zaufania swoim partnerom handlowym. Czasami jednak mo\u017cesz mie\u0107 w\u0105tpliwo\u015bci co do certyfikatu lub [&hellip;]<\/p>\n","protected":false},"author":2,"featured_media":0,"parent":0,"menu_order":0,"comment_status":"closed","ping_status":"closed","template":"","meta":{"_et_pb_use_builder":"on","_et_pb_old_content":"","_et_gb_content_width":"","footnotes":""},"class_list":["post-14547","page","type-page","status-publish","hentry"],"yoast_head":"<!-- This site is optimized with the Yoast SEO plugin v27.4 - https:\/\/yoast.com\/product\/yoast-seo-wordpress\/ -->\n<title>Import z Chin: Sprawdzanie \u015bwiadectw pod k\u0105tem autentyczno\u015bci i wiarygodno\u015bci<\/title>\n<meta name=\"description\" content=\"China import certificate check \u25ba Zle\u0107 sprawdzenie autentyczno\u015bci certyfikat\u00f3w i raport\u00f3w z bada\u0144 \u25ba Sprawdzanie autentyczno\u015bci tylko przez profesjonalist\u00f3w \u25ba Skorzystaj z porady ju\u017c teraz!\" \/>\n<meta name=\"robots\" content=\"index, follow, max-snippet:-1, max-image-preview:large, max-video-preview:-1\" \/>\n<link rel=\"canonical\" href=\"https:\/\/ag-frisch.com\/pl\/sprawdzanie-certyfikatow-z-chin\/\" \/>\n<meta property=\"og:locale\" content=\"pl_PL\" \/>\n<meta property=\"og:type\" content=\"article\" \/>\n<meta property=\"og:title\" content=\"Import z Chin: Sprawdzanie \u015bwiadectw pod k\u0105tem autentyczno\u015bci i wiarygodno\u015bci\" \/>\n<meta property=\"og:description\" content=\"China import certificate check \u25ba Zle\u0107 sprawdzenie autentyczno\u015bci certyfikat\u00f3w i raport\u00f3w z bada\u0144 \u25ba Sprawdzanie autentyczno\u015bci tylko przez profesjonalist\u00f3w \u25ba Skorzystaj z porady ju\u017c teraz!\" \/>\n<meta property=\"og:url\" content=\"https:\/\/ag-frisch.com\/pl\/sprawdzanie-certyfikatow-z-chin\/\" \/>\n<meta property=\"og:site_name\" content=\"China Import Beratung f\u00fcr den Einkauf aus China\" \/>\n<meta property=\"article:publisher\" content=\"https:\/\/www.facebook.com\/China.Import\" \/>\n<meta property=\"article:modified_time\" content=\"2023-01-27T04:50:40+00:00\" \/>\n<meta name=\"twitter:card\" content=\"summary_large_image\" \/>\n<meta name=\"twitter:site\" content=\"@agenturfrisch\" \/>\n<meta name=\"twitter:label1\" content=\"Szacowany czas czytania\" \/>\n\t<meta name=\"twitter:data1\" content=\"8 minut\" \/>\n<script type=\"application\/ld+json\" class=\"yoast-schema-graph\">{\"@context\":\"https:\\\/\\\/schema.org\",\"@graph\":[{\"@type\":\"WebPage\",\"@id\":\"https:\\\/\\\/ag-frisch.com\\\/pl\\\/sprawdzanie-certyfikatow-z-chin\\\/\",\"url\":\"https:\\\/\\\/ag-frisch.com\\\/pl\\\/sprawdzanie-certyfikatow-z-chin\\\/\",\"name\":\"Import z Chin: Sprawdzanie \u015bwiadectw pod k\u0105tem autentyczno\u015bci i wiarygodno\u015bci\",\"isPartOf\":{\"@id\":\"https:\\\/\\\/ag-frisch.com\\\/de\\\/#website\"},\"datePublished\":\"2022-08-25T12:15:49+00:00\",\"dateModified\":\"2023-01-27T04:50:40+00:00\",\"description\":\"China import certificate check \u25ba Zle\u0107 sprawdzenie autentyczno\u015bci certyfikat\u00f3w i raport\u00f3w z bada\u0144 \u25ba Sprawdzanie autentyczno\u015bci tylko przez profesjonalist\u00f3w \u25ba Skorzystaj z porady ju\u017c teraz!\",\"breadcrumb\":{\"@id\":\"https:\\\/\\\/ag-frisch.com\\\/pl\\\/sprawdzanie-certyfikatow-z-chin\\\/#breadcrumb\"},\"inLanguage\":\"pl-PL\",\"potentialAction\":[{\"@type\":\"ReadAction\",\"target\":[\"https:\\\/\\\/ag-frisch.com\\\/pl\\\/sprawdzanie-certyfikatow-z-chin\\\/\"]}]},{\"@type\":\"BreadcrumbList\",\"@id\":\"https:\\\/\\\/ag-frisch.com\\\/pl\\\/sprawdzanie-certyfikatow-z-chin\\\/#breadcrumb\",\"itemListElement\":[{\"@type\":\"ListItem\",\"position\":1,\"name\":\"Startseite\",\"item\":\"https:\\\/\\\/ag-frisch.com\\\/de\\\/\"},{\"@type\":\"ListItem\",\"position\":2,\"name\":\"Sprawdzanie certyfikat\u00f3w z Chin\"}]},{\"@type\":\"WebSite\",\"@id\":\"https:\\\/\\\/ag-frisch.com\\\/de\\\/#website\",\"url\":\"https:\\\/\\\/ag-frisch.com\\\/de\\\/\",\"name\":\"China Import Beratung f\u00fcr den Einkauf aus China\",\"description\":\"China Import &amp; Export Beratung - Der Dienstleister Ihres Vertrauens f\u00fcr Ihren China Import\",\"publisher\":{\"@id\":\"https:\\\/\\\/ag-frisch.com\\\/de\\\/#organization\"},\"potentialAction\":[{\"@type\":\"SearchAction\",\"target\":{\"@type\":\"EntryPoint\",\"urlTemplate\":\"https:\\\/\\\/ag-frisch.com\\\/de\\\/?s={search_term_string}\"},\"query-input\":{\"@type\":\"PropertyValueSpecification\",\"valueRequired\":true,\"valueName\":\"search_term_string\"}}],\"inLanguage\":\"pl-PL\"},{\"@type\":\"Organization\",\"@id\":\"https:\\\/\\\/ag-frisch.com\\\/de\\\/#organization\",\"name\":\"Agentur Frisch International Consulting GmbH & Co. KG\",\"url\":\"https:\\\/\\\/ag-frisch.com\\\/de\\\/\",\"logo\":{\"@type\":\"ImageObject\",\"inLanguage\":\"pl-PL\",\"@id\":\"https:\\\/\\\/ag-frisch.com\\\/de\\\/#\\\/schema\\\/logo\\\/image\\\/\",\"url\":\"https:\\\/\\\/ag-frisch.com\\\/wp-content\\\/uploads\\\/2021\\\/08\\\/ag_logo_rgb_300_small.png\",\"contentUrl\":\"https:\\\/\\\/ag-frisch.com\\\/wp-content\\\/uploads\\\/2021\\\/08\\\/ag_logo_rgb_300_small.png\",\"width\":153,\"height\":102,\"caption\":\"Agentur Frisch International Consulting GmbH & Co. KG\"},\"image\":{\"@id\":\"https:\\\/\\\/ag-frisch.com\\\/de\\\/#\\\/schema\\\/logo\\\/image\\\/\"},\"sameAs\":[\"https:\\\/\\\/www.facebook.com\\\/China.Import\",\"https:\\\/\\\/x.com\\\/agenturfrisch\"]}]}<\/script>\n<!-- \/ Yoast SEO plugin. -->","yoast_head_json":{"title":"Import z Chin: Sprawdzanie \u015bwiadectw pod k\u0105tem autentyczno\u015bci i wiarygodno\u015bci","description":"China import certificate check \u25ba Zle\u0107 sprawdzenie autentyczno\u015bci certyfikat\u00f3w i raport\u00f3w z bada\u0144 \u25ba Sprawdzanie autentyczno\u015bci tylko przez profesjonalist\u00f3w \u25ba Skorzystaj z porady ju\u017c teraz!","robots":{"index":"index","follow":"follow","max-snippet":"max-snippet:-1","max-image-preview":"max-image-preview:large","max-video-preview":"max-video-preview:-1"},"canonical":"https:\/\/ag-frisch.com\/pl\/sprawdzanie-certyfikatow-z-chin\/","og_locale":"pl_PL","og_type":"article","og_title":"Import z Chin: Sprawdzanie \u015bwiadectw pod k\u0105tem autentyczno\u015bci i wiarygodno\u015bci","og_description":"China import certificate check \u25ba Zle\u0107 sprawdzenie autentyczno\u015bci certyfikat\u00f3w i raport\u00f3w z bada\u0144 \u25ba Sprawdzanie autentyczno\u015bci tylko przez profesjonalist\u00f3w \u25ba Skorzystaj z porady ju\u017c teraz!","og_url":"https:\/\/ag-frisch.com\/pl\/sprawdzanie-certyfikatow-z-chin\/","og_site_name":"China Import Beratung f\u00fcr den Einkauf aus China","article_publisher":"https:\/\/www.facebook.com\/China.Import","article_modified_time":"2023-01-27T04:50:40+00:00","twitter_card":"summary_large_image","twitter_site":"@agenturfrisch","twitter_misc":{"Szacowany czas czytania":"8 minut"},"schema":{"@context":"https:\/\/schema.org","@graph":[{"@type":"WebPage","@id":"https:\/\/ag-frisch.com\/pl\/sprawdzanie-certyfikatow-z-chin\/","url":"https:\/\/ag-frisch.com\/pl\/sprawdzanie-certyfikatow-z-chin\/","name":"Import z Chin: Sprawdzanie \u015bwiadectw pod k\u0105tem autentyczno\u015bci i wiarygodno\u015bci","isPartOf":{"@id":"https:\/\/ag-frisch.com\/de\/#website"},"datePublished":"2022-08-25T12:15:49+00:00","dateModified":"2023-01-27T04:50:40+00:00","description":"China import certificate check \u25ba Zle\u0107 sprawdzenie autentyczno\u015bci certyfikat\u00f3w i raport\u00f3w z bada\u0144 \u25ba Sprawdzanie autentyczno\u015bci tylko przez profesjonalist\u00f3w \u25ba Skorzystaj z porady ju\u017c teraz!","breadcrumb":{"@id":"https:\/\/ag-frisch.com\/pl\/sprawdzanie-certyfikatow-z-chin\/#breadcrumb"},"inLanguage":"pl-PL","potentialAction":[{"@type":"ReadAction","target":["https:\/\/ag-frisch.com\/pl\/sprawdzanie-certyfikatow-z-chin\/"]}]},{"@type":"BreadcrumbList","@id":"https:\/\/ag-frisch.com\/pl\/sprawdzanie-certyfikatow-z-chin\/#breadcrumb","itemListElement":[{"@type":"ListItem","position":1,"name":"Startseite","item":"https:\/\/ag-frisch.com\/de\/"},{"@type":"ListItem","position":2,"name":"Sprawdzanie certyfikat\u00f3w z Chin"}]},{"@type":"WebSite","@id":"https:\/\/ag-frisch.com\/de\/#website","url":"https:\/\/ag-frisch.com\/de\/","name":"China Import Beratung f\u00fcr den Einkauf aus China","description":"China Import &amp; Export Beratung - Der Dienstleister Ihres Vertrauens f\u00fcr Ihren China Import","publisher":{"@id":"https:\/\/ag-frisch.com\/de\/#organization"},"potentialAction":[{"@type":"SearchAction","target":{"@type":"EntryPoint","urlTemplate":"https:\/\/ag-frisch.com\/de\/?s={search_term_string}"},"query-input":{"@type":"PropertyValueSpecification","valueRequired":true,"valueName":"search_term_string"}}],"inLanguage":"pl-PL"},{"@type":"Organization","@id":"https:\/\/ag-frisch.com\/de\/#organization","name":"Agentur Frisch International Consulting GmbH & Co. KG","url":"https:\/\/ag-frisch.com\/de\/","logo":{"@type":"ImageObject","inLanguage":"pl-PL","@id":"https:\/\/ag-frisch.com\/de\/#\/schema\/logo\/image\/","url":"https:\/\/ag-frisch.com\/wp-content\/uploads\/2021\/08\/ag_logo_rgb_300_small.png","contentUrl":"https:\/\/ag-frisch.com\/wp-content\/uploads\/2021\/08\/ag_logo_rgb_300_small.png","width":153,"height":102,"caption":"Agentur Frisch International Consulting GmbH & Co. KG"},"image":{"@id":"https:\/\/ag-frisch.com\/de\/#\/schema\/logo\/image\/"},"sameAs":["https:\/\/www.facebook.com\/China.Import","https:\/\/x.com\/agenturfrisch"]}]}},"_links":{"self":[{"href":"https:\/\/ag-frisch.com\/pl\/wp-json\/wp\/v2\/pages\/14547","targetHints":{"allow":["GET"]}}],"collection":[{"href":"https:\/\/ag-frisch.com\/pl\/wp-json\/wp\/v2\/pages"}],"about":[{"href":"https:\/\/ag-frisch.com\/pl\/wp-json\/wp\/v2\/types\/page"}],"author":[{"embeddable":true,"href":"https:\/\/ag-frisch.com\/pl\/wp-json\/wp\/v2\/users\/2"}],"replies":[{"embeddable":true,"href":"https:\/\/ag-frisch.com\/pl\/wp-json\/wp\/v2\/comments?post=14547"}],"version-history":[{"count":0,"href":"https:\/\/ag-frisch.com\/pl\/wp-json\/wp\/v2\/pages\/14547\/revisions"}],"wp:attachment":[{"href":"https:\/\/ag-frisch.com\/pl\/wp-json\/wp\/v2\/media?parent=14547"}],"curies":[{"name":"wp","href":"https:\/\/api.w.org\/{rel}","templated":true}]}}