{"id":14559,"date":"2022-08-24T22:52:31","date_gmt":"2022-08-24T20:52:31","guid":{"rendered":"https:\/\/ag-frisch.com\/ukca\/"},"modified":"2023-01-27T05:51:10","modified_gmt":"2023-01-27T04:51:10","slug":"ukca","status":"publish","type":"page","link":"https:\/\/ag-frisch.com\/pl\/ukca\/","title":{"rendered":"UKCA"},"content":{"rendered":"<p>[et_pb_section fb_built=&#8221;1&#8243; _builder_version=&#8221;4.16&#8243; _module_preset=&#8221;default&#8221; global_colors_info=&#8221;{}&#8221;][et_pb_row _builder_version=&#8221;4.16&#8243; _module_preset=&#8221;default&#8221; global_colors_info=&#8221;{}&#8221;][et_pb_column type=&#8221;4_4&#8243; _builder_version=&#8221;4.16&#8243; _module_preset=&#8221;default&#8221; global_colors_info=&#8221;{}&#8221;][et_pb_cta title=&#8221;Przedstawiciel w UE lub w Zjednoczonym Kr\u00f3lestwie&#8221; button_url=&#8221;https:\/\/ag-frisch.com\/pl\/kontakt\/&#8221; button_text=&#8221;Ju\u017c teraz zarezerwuj przedstawicieli do UE\/Wielkiej Brytanii&#8221; _builder_version=&#8221;4.18.1&#8243; _module_preset=&#8221;default&#8221; hover_enabled=&#8221;0&#8243; global_colors_info=&#8221;{}&#8221; theme_builder_area=&#8221;post_content&#8221; sticky_enabled=&#8221;0&#8243;]<\/p>\n<p>Je\u015bli chcesz dystrybuowa\u0107 towary w Wielkiej Brytanii i\/lub UE, a Twoja siedziba znajduje si\u0119 poza UE, potrzebujesz przedstawiciela w UE lub Wielkiej Brytanii. Wspieramy ci\u0119 w tym.  <\/p>\n<p>[\/et_pb_cta][et_pb_text admin_label=&#8221;H1&#8243; _builder_version=&#8221;4.18.1&#8243; _module_preset=&#8221;default&#8221; global_colors_info=&#8221;{}&#8221;]<\/p>\n<h1>UKCA Marking &amp; Agent dla Twojego importu z Chin<\/h1>\n<p>[\/et_pb_text][et_pb_text _builder_version=&#8221;4.18.1&#8243; _module_preset=&#8221;default&#8221; global_colors_info=&#8221;{}&#8221;]<\/p>\n<h2><strong>Przedstawiciel UKCA dla firm z UE lub przedstawiciel w UE dla przedsi\u0119biorc\u00f3w z kraj\u00f3w trzecich<\/strong><\/h2>\n<p>Od czasu wycofania si\u0119 Wielkiej Brytanii nie stosuje si\u0119 tam ju\u017c oznaczenia CE, lecz nowe oznaczenie &#8211; UKCA. W mi\u0119dzyczasie pojawiaj\u0105 si\u0119 r\u00f3wnie\u017c odst\u0119pstwa od rozwi\u0105zania og\u00f3lnoeuropejskiego w zakresie tre\u015bci, tak wi\u0119c eksperci s\u0105 potrzebni tutaj, je\u015bli artyku\u0142y maj\u0105 by\u0107 importowane do Wielkiej Brytanii. Dodatkowo, przy ka\u017cdym imporcie do Wielkiej Brytanii, osoba odpowiedzialna za produkty. Przedstawiciel ten ponosi odpowiedzialno\u015b\u0107 prawn\u0105 za sprzedawane przez Ciebie towary.<\/p>\n<p>Je\u015bli masz siedzib\u0119 poza UE (np. Chiny, USA, RPA), b\u0119dziesz potrzebowa\u0142 przedstawiciela w UE lub UKCA, je\u015bli chcesz sprzedawa\u0107 towary w UE lub Wielkiej Brytanii i przechowywa\u0107 je w UE (np. za pomoc\u0105 firmy realizuj\u0105cej zam\u00f3wienia lub Amazon FBA).  <\/p>\n<p>Produkty, kt\u00f3re musz\u0105 by\u0107 oznakowane zgodnie z UKCA dla Wielkiej Brytanii lub CE dla UE, Szwajcarii i Turcji to np:<\/p>\n<ul>\n<li>produkty medyczne<\/li>\n<li>Produkty elektroniczne<\/li>\n<li>Urz\u0105dzenia ci\u015bnieniowe<\/li>\n<li>Maszyny<\/li>\n<\/ul>\n<p>Agentur Frisch r\u00f3wnie\u017c w tych kwestiach doradza kompetentnie i w spos\u00f3b zorientowany na rozwi\u0105zanie. Mo\u017cemy r\u00f3wnie\u017c zapewni\u0107 Ci przedstawiciela UKCA i przedstawiciela UE, kt\u00f3rych potrzebujesz dla firm w innych jurysdykcjach, aby\u015b m\u00f3g\u0142 sprzedawa\u0107 w Wielkiej Brytanii i UE. Jako firma z Wielkiej Brytanii potrzebujesz r\u00f3wnie\u017c przedstawiciela w UE, aby sprzedawa\u0107 tam towary, lub jako firma z UE potrzebujesz odpowiedniego przedstawiciela w Wielkiej Brytanii.  <\/p>\n<p>Od 01.01.2023 r. do przestrzegania ustawy o elektro\u015bmieciach i ustawy o opakowaniach potrzebny jest r\u00f3wnie\u017c przedstawiciel w UE. Mo\u017cemy r\u00f3wnie\u017c zrealizowa\u0107 to dla Ciebie w UE.  <\/p>\n<p>&nbsp;<\/p>\n<p><strong>The Representative &#8211; przedstawiciel UKCA oraz przedstawiciel UE dla firm z kraj\u00f3w trzecich.  <\/strong><\/p>\n<p>Aby sprzeda\u0107 swoje towary z Chin w Wielkiej Brytanii, musisz by\u0107 w stanie wskaza\u0107 osob\u0119 odpowiedzialn\u0105. To samo dotyczy mo\u017cliwo\u015bci sprzeda\u017cy towar\u00f3w w UE, je\u015bli Twoja firma ma siedzib\u0119 w kraju trzecim. Agencja Frisch zorganizuje dla Pa\u0144stwa takiego przedstawiciela, bez kt\u00f3rego import i sprzeda\u017c w Wielkiej Brytanii i UE nie jest prawnie mo\u017cliwa. Przedstawiciel ten dzia\u0142a jako podmiot odpowiedzialny za Ciebie. Z mocy prawa jest mo\u017cliwo\u015b\u0107 przedstawienia takiej osoby odpowiedzialnej.<\/p>\n<p>&nbsp;<\/p>\n<p><strong>Uwaga: Zakaz importu do Wielkiej Brytanii i UE bez oficjalnej osoby odpowiedzialnej!<\/strong><\/p>\n<p>&nbsp;<\/p>\n<p>Aby\u015b m\u00f3g\u0142 zrealizowa\u0107 sw\u00f3j import do UK i UE z Chin, znajdziemy Ci UKCA i przedstawiciela CE dla Twojej firmy z UE lub UK. Posiadamy niezb\u0119dne kontakty, aby obs\u0142u\u017cy\u0107 Tw\u00f3j import z Chin zgodnie z przepisami.<\/p>\n<p>&nbsp;<\/p>\n<p><strong>UKCA i\/lub CE dla produkt\u00f3w z Chin<\/strong><\/p>\n<p>Tak jak oznaczenie CE w obszarze europejskim daje pewno\u015b\u0107, \u017ce producent i sprzedawca spe\u0142nili obowi\u0105zuj\u0105ce przepisy, tak samo oznaczenie UKCA na produktach z Chin jest cech\u0105 jako\u015bciow\u0105, bez kt\u00f3rej sprzeda\u017c niekt\u00f3rych towar\u00f3w jest niedopuszczalna. Agentur Frisch doradza, czy towary, kt\u00f3re importujesz z Chin wymagaj\u0105 oznakowania UKCA i\/lub CE. Je\u015bli tak jest, przeprowadzimy odpowiednie procedury zgodno\u015bci z UKCA i\/lub CE. Przeprowadzamy badania w naszych laboratoriach badawczych i przygotowujemy dokumenty wymagane do uzyskania zgodno\u015bci z UKCA i \/ lub CE.<\/p>\n<p>&nbsp;<\/p>\n<p><strong>Sprawdzenie zgodno\u015bci z UKCA i\/lub CE przez ekspert\u00f3w w Chinach<\/strong><\/p>\n<p>Zatrudniamy tylko ekspert\u00f3w, kt\u00f3rzy s\u0105 technicznie i prawnie aktualni, aby sprawdzi\u0107 zgodno\u015b\u0107 UKCA i CE Twoich produkt\u00f3w. Zw\u0142aszcza w odniesieniu do r\u00f3wnoleg\u0142ego rozwoju UKCA i oznakowania CE po Brexicie, konieczne jest uzyskanie dost\u0119pu do wiedzy specjalistycznej w tym zakresie. Nie jest mo\u017cliwe zr\u00f3wnanie oznacze\u0144 CE i UKCA.<\/p>\n<p>Jako odpowiedzialny importer z Chin, ch\u0119tnie pomo\u017cemy Ci sprawdzi\u0107 i zapewni\u0107 zgodno\u015b\u0107 z UKCA i\/lub CE dla produkt\u00f3w z Chin. Analizujemy, proponujemy rozwi\u0105zania i w razie potrzeby przejmujemy komunikacj\u0119 z producentem i\/lub w\u0142adzami.<\/p>\n<p>&nbsp;<\/p>\n<p><strong>Znalezienie odpowiedniego przedstawiciela UKCA i\/lub przedstawiciela CE dla firmy<\/strong><\/p>\n<p>Dzi\u0119ki naszym rozleg\u0142ym kontaktom, bez straty czasu znajdziemy dla Pa\u0144stwa firmy odpowiedniego przedstawiciela UKCA i\/lub CE. Musi to by\u0107 wyznaczone, aby\u015b m\u00f3g\u0142 importowa\u0107 i sprzedawa\u0107 w Wielkiej Brytanii i\/lub UE. Zajmujemy si\u0119 zwi\u0105zanymi z tym formalno\u015bciami, przygotowujemy dokumenty i zapewniamy szybk\u0105 i rzeteln\u0105 realizacj\u0119 zam\u00f3wienia importowego &#8211; do UE, a tak\u017ce do Wielkiej Brytanii.<\/p>\n<p>&nbsp;<\/p>\n<p><strong>Import z Chin do UK lub UE &#8211; Agentur Frisch przejmie Twoje zlecenie profesjonalnie i rzetelnie! Dbamy o zgodno\u015b\u0107 z CE i UKCA oraz o przestrzeganie przepis\u00f3w dotycz\u0105cych opakowa\u0144 i odpad\u00f3w elektrycznych.  <\/strong><\/p>\n<p><strong> <\/strong><\/p>\n<p>[\/et_pb_text][\/et_pb_column][\/et_pb_row][et_pb_row _builder_version=&#8221;4.18.1&#8243; _module_preset=&#8221;default&#8221;][et_pb_column _builder_version=&#8221;4.18.1&#8243; _module_preset=&#8221;default&#8221; type=&#8221;4_4&#8243;][\/et_pb_column][\/et_pb_row][\/et_pb_section][et_pb_section fb_built=&#8221;1&#8243; admin_label=&#8221;Testimonials&#8221; _builder_version=&#8221;4.16&#8243; use_background_color_gradient=&#8221;on&#8221; background_color_gradient_stops=&#8221;rgba(0,106,156,0.85) 0%|rgba(0,106,156,0.85) 100%&#8221; background_color_gradient_start=&#8221;rgba(0,106,156,0.85)&#8221; background_color_gradient_end=&#8221;rgba(0,106,156,0.85)&#8221; custom_padding=&#8221;90px||60px|&#8221; animation_style=&#8221;fold&#8221; animation_direction=&#8221;bottom&#8221; animation_intensity_fold=&#8221;4%&#8221; global_colors_info=&#8221;{}&#8221; theme_builder_area=&#8221;post_content&#8221;][et_pb_row _builder_version=&#8221;4.16&#8243; background_size=&#8221;initial&#8221; background_position=&#8221;top_left&#8221; background_repeat=&#8221;repeat&#8221; custom_width_px=&#8221;710px&#8221; locked=&#8221;off&#8221; global_colors_info=&#8221;{}&#8221; theme_builder_area=&#8221;post_content&#8221;][et_pb_column type=&#8221;4_4&#8243; _builder_version=&#8221;4.16&#8243; background_position=&#8221;top_left&#8221; custom_padding=&#8221;|||&#8221; global_colors_info=&#8221;{}&#8221; custom_padding__hover=&#8221;|||&#8221; theme_builder_area=&#8221;post_content&#8221;][et_pb_text admin_label=&#8221;Testimonials Section Title&#8221; _builder_version=&#8221;4.16&#8243; header_font=&#8221;Montserrat||||&#8221; header_font_size=&#8221;36px&#8221; background_size=&#8221;initial&#8221; background_position=&#8221;top_left&#8221; background_repeat=&#8221;repeat&#8221; text_orientation=&#8221;center&#8221; background_layout=&#8221;dark&#8221; max_width=&#8221;710px&#8221; module_alignment=&#8221;center&#8221; animation_style=&#8221;fold&#8221; animation_direction=&#8221;bottom&#8221; animation_intensity_fold=&#8221;20%&#8221; global_colors_info=&#8221;{}&#8221; theme_builder_area=&#8221;post_content&#8221;]<\/p>\n<h1>Ponad 5000 zadowolonych klient\u00f3w.<\/h1>\n<p>&nbsp;<\/p>\n<p>[\/et_pb_text][et_pb_divider color=&#8221;#ffffff&#8221; divider_weight=&#8221;3px&#8221; disabled_on=&#8221;off|off|off&#8221; _builder_version=&#8221;4.16&#8243; background_color_gradient_direction=&#8221;90deg&#8221; max_width=&#8221;100px&#8221; module_alignment=&#8221;center&#8221; height=&#8221;5px&#8221; custom_margin=&#8221;||20px|&#8221; custom_padding=&#8221;||20px|&#8221; animation_style=&#8221;slide&#8221; animation_direction=&#8221;bottom&#8221; saved_tabs=&#8221;all&#8221; locked=&#8221;off&#8221; global_colors_info=&#8221;{}&#8221; theme_builder_area=&#8221;post_content&#8221;][\/et_pb_divider][\/et_pb_column][\/et_pb_row][et_pb_row column_structure=&#8221;1_2,1_2&#8243; _builder_version=&#8221;4.18.1&#8243; _module_preset=&#8221;default&#8221; global_colors_info=&#8221;{}&#8221; theme_builder_area=&#8221;post_content&#8221;][et_pb_column type=&#8221;1_2&#8243; _builder_version=&#8221;4.18.1&#8243; _module_preset=&#8221;default&#8221; global_colors_info=&#8221;{}&#8221; theme_builder_area=&#8221;post_content&#8221;][et_pb_testimonial author=&#8221;Marco&#8221; portrait_url=&#8221;https:\/\/ag-frisch.com\/wp-content\/uploads\/2021\/08\/Harald.png&#8221; quote_icon=&#8221;off&#8221; _builder_version=&#8221;4.18.1&#8243; _module_preset=&#8221;default&#8221; body_font_size=&#8221;16px&#8221; use_background_color=&#8221;off&#8221; background_layout=&#8221;dark&#8221; global_colors_info=&#8221;{}&#8221; theme_builder_area=&#8221;post_content&#8221;]Zleci\u0142em agencji Frisch wyprodukowanie du\u017cego mebla w Chinach, a nast\u0119pnie sprowadzenie go do Niemiec. Przez ca\u0142y czas by\u0142a sprawna komunikacja mailowa! Bardzo szybkie i rzetelne odpowiedzi stale dodawa\u0142y mi otuchy, kt\u00f3ra jest niezb\u0119dna w takim przedsi\u0119wzi\u0119ciu. Przez ca\u0142y czas pomagano mi przebrn\u0105\u0107 przez biurokratyczny g\u0105szcz, nie zapomniano o \u017cadnym formularzu ani nie wype\u0142niono go b\u0142\u0119dnie. Bardzo godne pochwa\u0142y!<a href=\"&lt;div%20class=%22pe-richsnippets%22&gt;&nbsp;&lt;\/div&gt;%20&lt;script%20type=%22text\/javascript%22%20src=%22https:\/\/www.provenexpert.com\/widget\/richsnippet.js?u=1NUA0VwZ4RUZ5tmAi5zA4RaplNKAlWwZ&amp;v=2%22%20async&gt;&lt;\/script&gt;%20&lt;div%20style=%22text-align:%20justify;%22&gt;&lt;br%20\/&gt;\"><\/a><\/p>\n<div class=\"brow ratingBarMargin\">\n<div class=\"ratingBar\">\n<div class=\"brow\">\n<div class=\"pe-richsnippets\">&nbsp;<\/div>\n<p><script type=\"text\/javascript\" src=\"https:\/\/www.provenexpert.com\/widget\/richsnippet.js?u=1NUA0VwZ4RUZ5tmAi5zA4RaplNKAlWwZ&amp;v=2\" async=\"\"><\/script><\/p>\n<div style=\"text-align: justify;\"><\/p>\n<div class=\"col-lg-9 col-md-8 col-xs-10 mt20 mb20\">\n<div class=\"col-xs-12 surveyNameForRating\"><\/div>\n<\/div>\n<\/div>\n<\/div>\n<\/div>\n<\/div>\n<p>[\/et_pb_testimonial][\/et_pb_column][et_pb_column type=&#8221;1_2&#8243; _builder_version=&#8221;4.18.1&#8243; _module_preset=&#8221;default&#8221; global_colors_info=&#8221;{}&#8221; theme_builder_area=&#8221;post_content&#8221;][et_pb_testimonial author=&#8221;Simone L.&#8221; portrait_url=&#8221;https:\/\/ag-frisch.com\/wp-content\/uploads\/2021\/08\/Harald.png&#8221; quote_icon=&#8221;off&#8221; _builder_version=&#8221;4.18.1&#8243; _module_preset=&#8221;default&#8221; body_font_size=&#8221;16px&#8221; use_background_color=&#8221;off&#8221; background_layout=&#8221;dark&#8221; global_colors_info=&#8221;{}&#8221; theme_builder_area=&#8221;post_content&#8221;]<\/p>\n<p>Ca\u0142a g\u00f3ra. Nie ma nic lepszego ni\u017c to. Doradzanie i wdra\u017canie nie mo\u017ce by\u0107 zrobione lepiej. Jeste\u015bmy bardziej ni\u017c zadowoleni po kilku zam\u00f3wieniach z t\u0105 firm\u0105 i kontynuowa\u0107 nasz\u0105 wsp\u00f3\u0142prac\u0119.<\/p>\n<div class=\"brow ratingBarMargin\">\n<div class=\"ratingBar\">\n<div class=\"brow\">\n<div class=\"pe-richsnippets\"> <\/div>\n<p>\n<script type=\"text\/javascript\" src=\"https:\/\/www.provenexpert.com\/widget\/richsnippet.js?u=1NUA0VwZ4RUZ5tmAi5zA4RaplNKAlWwZ&amp;v=2\" async=\"\"><\/script>\n<\/p>\n<div style=\"text-align: justify;\">\n<p>&nbsp;<\/p>\n<div class=\"col-lg-9 col-md-8 col-xs-10 mt20 mb20\">\n<div class=\"col-xs-12 surveyNameForRating\"><\/div>\n<\/div>\n<\/div>\n<\/div>\n<\/div>\n<\/div>\n<p>[\/et_pb_testimonial][\/et_pb_column][\/et_pb_row][et_pb_row _builder_version=&#8221;4.16&#8243; background_size=&#8221;initial&#8221; background_position=&#8221;top_left&#8221; background_repeat=&#8221;repeat&#8221; custom_padding=&#8221;50px|0px|30px|0px&#8221; custom_css_main_element=&#8221;text-align: center;&#8221; global_colors_info=&#8221;{}&#8221; theme_builder_area=&#8221;post_content&#8221;][et_pb_column type=&#8221;4_4&#8243; _builder_version=&#8221;4.16&#8243; custom_padding=&#8221;|||&#8221; global_colors_info=&#8221;{}&#8221; custom_padding__hover=&#8221;|||&#8221; theme_builder_area=&#8221;post_content&#8221;][et_pb_button button_url=&#8221;https:\/\/www.provenexpert.com\/de-de\/agentur-frisch-international-consulting-gmbh-und-co-kg\/&#8221; button_text=&#8221;WI\u0118CEJ OCEN&#8221; button_alignment=&#8221;left&#8221; admin_label=&#8221;Testimonial Button&#8221; _builder_version=&#8221;4.16&#8243; custom_button=&#8221;on&#8221; button_text_size=&#8221;18px&#8221; button_text_color=&#8221;#ffffff&#8221; button_bg_color=&#8221;#6eba01&#8243; button_border_width=&#8221;2px&#8221; button_border_color=&#8221;#6eba01&#8243; button_border_radius=&#8221;0px&#8221; button_letter_spacing=&#8221;2px&#8221; button_font=&#8221;Montserrat|||on|&#8221; button_use_icon=&#8221;off&#8221; animation_style=&#8221;fold&#8221; animation_direction=&#8221;bottom&#8221; button_text_color_hover=&#8221;#ffffff&#8221; button_border_color_hover=&#8221;#ffffff&#8221; button_border_radius_hover=&#8221;0px&#8221; button_letter_spacing_hover=&#8221;2px&#8221; button_bg_color_hover=&#8221;rgba(255,255,255,0)&#8221; locked=&#8221;off&#8221; global_colors_info=&#8221;{}&#8221; button_text_size__hover_enabled=&#8221;off&#8221; button_one_text_size__hover_enabled=&#8221;off&#8221; button_two_text_size__hover_enabled=&#8221;off&#8221; button_text_color__hover_enabled=&#8221;on&#8221; button_text_color__hover=&#8221;#ffffff&#8221; button_one_text_color__hover_enabled=&#8221;off&#8221; button_two_text_color__hover_enabled=&#8221;off&#8221; button_border_width__hover_enabled=&#8221;off&#8221; button_one_border_width__hover_enabled=&#8221;off&#8221; button_two_border_width__hover_enabled=&#8221;off&#8221; button_border_color__hover_enabled=&#8221;on&#8221; button_border_color__hover=&#8221;#ffffff&#8221; button_one_border_color__hover_enabled=&#8221;off&#8221; button_two_border_color__hover_enabled=&#8221;off&#8221; button_border_radius__hover_enabled=&#8221;on&#8221; button_border_radius__hover=&#8221;0px&#8221; button_one_border_radius__hover_enabled=&#8221;off&#8221; button_two_border_radius__hover_enabled=&#8221;off&#8221; button_letter_spacing__hover_enabled=&#8221;on&#8221; button_letter_spacing__hover=&#8221;2px&#8221; button_one_letter_spacing__hover_enabled=&#8221;off&#8221; button_two_letter_spacing__hover_enabled=&#8221;off&#8221; button_bg_color__hover_enabled=&#8221;on&#8221; button_bg_color__hover=&#8221;rgba(255,255,255,0)&#8221; button_one_bg_color__hover_enabled=&#8221;off&#8221; button_two_bg_color__hover_enabled=&#8221;off&#8221; theme_builder_area=&#8221;post_content&#8221;][\/et_pb_button][\/et_pb_column][\/et_pb_row][\/et_pb_section]<\/p>\n","protected":false},"excerpt":{"rendered":"<p>Je\u015bli chcesz dystrybuowa\u0107 towary w Wielkiej Brytanii i\/lub UE, a Twoja siedziba znajduje si\u0119 poza UE, potrzebujesz przedstawiciela w UE lub Wielkiej Brytanii. Wspieramy ci\u0119 w tym. UKCA Marking &amp; Agent dla Twojego importu z ChinPrzedstawiciel UKCA dla firm z UE lub przedstawiciel w UE dla przedsi\u0119biorc\u00f3w z kraj\u00f3w trzecich Od czasu wycofania si\u0119 Wielkiej [&hellip;]<\/p>\n","protected":false},"author":2,"featured_media":0,"parent":0,"menu_order":0,"comment_status":"closed","ping_status":"closed","template":"","meta":{"_et_pb_use_builder":"on","_et_pb_old_content":"","_et_gb_content_width":"","footnotes":""},"class_list":["post-14559","page","type-page","status-publish","hentry"],"yoast_head":"<!-- This site is optimized with the Yoast SEO plugin v27.4 - https:\/\/yoast.com\/product\/yoast-seo-wordpress\/ -->\n<title>UKCA i CE Marking &amp; Representative w Wielkiej Brytanii i UE<\/title>\n<meta name=\"description\" content=\"Oznaczenie UKCA i przedstawiciel UKCA \/CE dla produkt\u00f3w z Chin \u25ba Przedstawiciel dla sprawnego importu \u25ba Uzyskaj porad\u0119 ju\u017c teraz!\" \/>\n<meta name=\"robots\" content=\"index, follow, max-snippet:-1, max-image-preview:large, max-video-preview:-1\" \/>\n<link rel=\"canonical\" href=\"https:\/\/ag-frisch.com\/pl\/ukca\/\" \/>\n<meta property=\"og:locale\" content=\"pl_PL\" \/>\n<meta property=\"og:type\" content=\"article\" \/>\n<meta property=\"og:title\" content=\"UKCA i CE Marking &amp; Representative w Wielkiej Brytanii i UE\" \/>\n<meta property=\"og:description\" content=\"Oznaczenie UKCA i przedstawiciel UKCA \/CE dla produkt\u00f3w z Chin \u25ba Przedstawiciel dla sprawnego importu \u25ba Uzyskaj porad\u0119 ju\u017c teraz!\" \/>\n<meta property=\"og:url\" content=\"https:\/\/ag-frisch.com\/pl\/ukca\/\" \/>\n<meta property=\"og:site_name\" content=\"China Import Beratung f\u00fcr den Einkauf aus China\" \/>\n<meta property=\"article:publisher\" content=\"https:\/\/www.facebook.com\/China.Import\" \/>\n<meta property=\"article:modified_time\" content=\"2023-01-27T04:51:10+00:00\" \/>\n<meta name=\"twitter:card\" content=\"summary_large_image\" \/>\n<meta name=\"twitter:site\" content=\"@agenturfrisch\" \/>\n<meta name=\"twitter:label1\" content=\"Szacowany czas czytania\" \/>\n\t<meta name=\"twitter:data1\" content=\"9 minut\" \/>\n<script type=\"application\/ld+json\" class=\"yoast-schema-graph\">{\"@context\":\"https:\\\/\\\/schema.org\",\"@graph\":[{\"@type\":\"WebPage\",\"@id\":\"https:\\\/\\\/ag-frisch.com\\\/pl\\\/ukca\\\/\",\"url\":\"https:\\\/\\\/ag-frisch.com\\\/pl\\\/ukca\\\/\",\"name\":\"UKCA i CE Marking & Representative w Wielkiej Brytanii i UE\",\"isPartOf\":{\"@id\":\"https:\\\/\\\/ag-frisch.com\\\/de\\\/#website\"},\"datePublished\":\"2022-08-24T20:52:31+00:00\",\"dateModified\":\"2023-01-27T04:51:10+00:00\",\"description\":\"Oznaczenie UKCA i przedstawiciel UKCA \\\/CE dla produkt\u00f3w z Chin \u25ba Przedstawiciel dla sprawnego importu \u25ba Uzyskaj porad\u0119 ju\u017c teraz!\",\"breadcrumb\":{\"@id\":\"https:\\\/\\\/ag-frisch.com\\\/pl\\\/ukca\\\/#breadcrumb\"},\"inLanguage\":\"pl-PL\",\"potentialAction\":[{\"@type\":\"ReadAction\",\"target\":[\"https:\\\/\\\/ag-frisch.com\\\/pl\\\/ukca\\\/\"]}]},{\"@type\":\"BreadcrumbList\",\"@id\":\"https:\\\/\\\/ag-frisch.com\\\/pl\\\/ukca\\\/#breadcrumb\",\"itemListElement\":[{\"@type\":\"ListItem\",\"position\":1,\"name\":\"Startseite\",\"item\":\"https:\\\/\\\/ag-frisch.com\\\/de\\\/\"},{\"@type\":\"ListItem\",\"position\":2,\"name\":\"UKCA\"}]},{\"@type\":\"WebSite\",\"@id\":\"https:\\\/\\\/ag-frisch.com\\\/de\\\/#website\",\"url\":\"https:\\\/\\\/ag-frisch.com\\\/de\\\/\",\"name\":\"China Import Beratung f\u00fcr den Einkauf aus China\",\"description\":\"China Import &amp; Export Beratung - Der Dienstleister Ihres Vertrauens f\u00fcr Ihren China Import\",\"publisher\":{\"@id\":\"https:\\\/\\\/ag-frisch.com\\\/de\\\/#organization\"},\"potentialAction\":[{\"@type\":\"SearchAction\",\"target\":{\"@type\":\"EntryPoint\",\"urlTemplate\":\"https:\\\/\\\/ag-frisch.com\\\/de\\\/?s={search_term_string}\"},\"query-input\":{\"@type\":\"PropertyValueSpecification\",\"valueRequired\":true,\"valueName\":\"search_term_string\"}}],\"inLanguage\":\"pl-PL\"},{\"@type\":\"Organization\",\"@id\":\"https:\\\/\\\/ag-frisch.com\\\/de\\\/#organization\",\"name\":\"Agentur Frisch International Consulting GmbH & Co. KG\",\"url\":\"https:\\\/\\\/ag-frisch.com\\\/de\\\/\",\"logo\":{\"@type\":\"ImageObject\",\"inLanguage\":\"pl-PL\",\"@id\":\"https:\\\/\\\/ag-frisch.com\\\/de\\\/#\\\/schema\\\/logo\\\/image\\\/\",\"url\":\"https:\\\/\\\/ag-frisch.com\\\/wp-content\\\/uploads\\\/2021\\\/08\\\/ag_logo_rgb_300_small.png\",\"contentUrl\":\"https:\\\/\\\/ag-frisch.com\\\/wp-content\\\/uploads\\\/2021\\\/08\\\/ag_logo_rgb_300_small.png\",\"width\":153,\"height\":102,\"caption\":\"Agentur Frisch International Consulting GmbH & Co. KG\"},\"image\":{\"@id\":\"https:\\\/\\\/ag-frisch.com\\\/de\\\/#\\\/schema\\\/logo\\\/image\\\/\"},\"sameAs\":[\"https:\\\/\\\/www.facebook.com\\\/China.Import\",\"https:\\\/\\\/x.com\\\/agenturfrisch\"]}]}<\/script>\n<!-- \/ Yoast SEO plugin. -->","yoast_head_json":{"title":"UKCA i CE Marking & Representative w Wielkiej Brytanii i UE","description":"Oznaczenie UKCA i przedstawiciel UKCA \/CE dla produkt\u00f3w z Chin \u25ba Przedstawiciel dla sprawnego importu \u25ba Uzyskaj porad\u0119 ju\u017c teraz!","robots":{"index":"index","follow":"follow","max-snippet":"max-snippet:-1","max-image-preview":"max-image-preview:large","max-video-preview":"max-video-preview:-1"},"canonical":"https:\/\/ag-frisch.com\/pl\/ukca\/","og_locale":"pl_PL","og_type":"article","og_title":"UKCA i CE Marking & Representative w Wielkiej Brytanii i UE","og_description":"Oznaczenie UKCA i przedstawiciel UKCA \/CE dla produkt\u00f3w z Chin \u25ba Przedstawiciel dla sprawnego importu \u25ba Uzyskaj porad\u0119 ju\u017c teraz!","og_url":"https:\/\/ag-frisch.com\/pl\/ukca\/","og_site_name":"China Import Beratung f\u00fcr den Einkauf aus China","article_publisher":"https:\/\/www.facebook.com\/China.Import","article_modified_time":"2023-01-27T04:51:10+00:00","twitter_card":"summary_large_image","twitter_site":"@agenturfrisch","twitter_misc":{"Szacowany czas czytania":"9 minut"},"schema":{"@context":"https:\/\/schema.org","@graph":[{"@type":"WebPage","@id":"https:\/\/ag-frisch.com\/pl\/ukca\/","url":"https:\/\/ag-frisch.com\/pl\/ukca\/","name":"UKCA i CE Marking & Representative w Wielkiej Brytanii i UE","isPartOf":{"@id":"https:\/\/ag-frisch.com\/de\/#website"},"datePublished":"2022-08-24T20:52:31+00:00","dateModified":"2023-01-27T04:51:10+00:00","description":"Oznaczenie UKCA i przedstawiciel UKCA \/CE dla produkt\u00f3w z Chin \u25ba Przedstawiciel dla sprawnego importu \u25ba Uzyskaj porad\u0119 ju\u017c teraz!","breadcrumb":{"@id":"https:\/\/ag-frisch.com\/pl\/ukca\/#breadcrumb"},"inLanguage":"pl-PL","potentialAction":[{"@type":"ReadAction","target":["https:\/\/ag-frisch.com\/pl\/ukca\/"]}]},{"@type":"BreadcrumbList","@id":"https:\/\/ag-frisch.com\/pl\/ukca\/#breadcrumb","itemListElement":[{"@type":"ListItem","position":1,"name":"Startseite","item":"https:\/\/ag-frisch.com\/de\/"},{"@type":"ListItem","position":2,"name":"UKCA"}]},{"@type":"WebSite","@id":"https:\/\/ag-frisch.com\/de\/#website","url":"https:\/\/ag-frisch.com\/de\/","name":"China Import Beratung f\u00fcr den Einkauf aus China","description":"China Import &amp; Export Beratung - Der Dienstleister Ihres Vertrauens f\u00fcr Ihren China Import","publisher":{"@id":"https:\/\/ag-frisch.com\/de\/#organization"},"potentialAction":[{"@type":"SearchAction","target":{"@type":"EntryPoint","urlTemplate":"https:\/\/ag-frisch.com\/de\/?s={search_term_string}"},"query-input":{"@type":"PropertyValueSpecification","valueRequired":true,"valueName":"search_term_string"}}],"inLanguage":"pl-PL"},{"@type":"Organization","@id":"https:\/\/ag-frisch.com\/de\/#organization","name":"Agentur Frisch International Consulting GmbH & Co. KG","url":"https:\/\/ag-frisch.com\/de\/","logo":{"@type":"ImageObject","inLanguage":"pl-PL","@id":"https:\/\/ag-frisch.com\/de\/#\/schema\/logo\/image\/","url":"https:\/\/ag-frisch.com\/wp-content\/uploads\/2021\/08\/ag_logo_rgb_300_small.png","contentUrl":"https:\/\/ag-frisch.com\/wp-content\/uploads\/2021\/08\/ag_logo_rgb_300_small.png","width":153,"height":102,"caption":"Agentur Frisch International Consulting GmbH & Co. KG"},"image":{"@id":"https:\/\/ag-frisch.com\/de\/#\/schema\/logo\/image\/"},"sameAs":["https:\/\/www.facebook.com\/China.Import","https:\/\/x.com\/agenturfrisch"]}]}},"_links":{"self":[{"href":"https:\/\/ag-frisch.com\/pl\/wp-json\/wp\/v2\/pages\/14559","targetHints":{"allow":["GET"]}}],"collection":[{"href":"https:\/\/ag-frisch.com\/pl\/wp-json\/wp\/v2\/pages"}],"about":[{"href":"https:\/\/ag-frisch.com\/pl\/wp-json\/wp\/v2\/types\/page"}],"author":[{"embeddable":true,"href":"https:\/\/ag-frisch.com\/pl\/wp-json\/wp\/v2\/users\/2"}],"replies":[{"embeddable":true,"href":"https:\/\/ag-frisch.com\/pl\/wp-json\/wp\/v2\/comments?post=14559"}],"version-history":[{"count":0,"href":"https:\/\/ag-frisch.com\/pl\/wp-json\/wp\/v2\/pages\/14559\/revisions"}],"wp:attachment":[{"href":"https:\/\/ag-frisch.com\/pl\/wp-json\/wp\/v2\/media?parent=14559"}],"curies":[{"name":"wp","href":"https:\/\/api.w.org\/{rel}","templated":true}]}}