{"id":5449,"date":"2021-09-12T22:02:38","date_gmt":"2021-09-12T20:02:38","guid":{"rendered":"https:\/\/ag-frisch.com\/sklep\/"},"modified":"2023-01-26T20:49:51","modified_gmt":"2023-01-26T19:49:51","slug":"sklep","status":"publish","type":"page","link":"https:\/\/ag-frisch.com\/pl\/sklep\/","title":{"rendered":"Lista produkt\u00f3w"},"content":{"rendered":"<p>[et_pb_section fb_built=&#8221;1&#8243; _builder_version=&#8221;4.16&#8243; global_colors_info=&#8221;{}&#8221;][et_pb_row _builder_version=&#8221;4.16&#8243; background_size=&#8221;initial&#8221; background_position=&#8221;top_left&#8221; background_repeat=&#8221;repeat&#8221; global_colors_info=&#8221;{}&#8221;][et_pb_column type=&#8221;4_4&#8243; _builder_version=&#8221;4.16&#8243; custom_padding=&#8221;|||&#8221; global_colors_info=&#8221;{}&#8221; custom_padding__hover=&#8221;|||&#8221;][et_pb_cta title=&#8221;Umieszczenie na wszystkich istotnych rynkach&#8221; button_url=&#8221;https:\/\/ag-frisch.com\/pl\/kontakt\/&#8221; button_text=&#8221;Zatrudnij ekspert\u00f3w ju\u017c teraz!&#8221; _builder_version=&#8221;4.16&#8243; _module_preset=&#8221;default&#8221; global_colors_info=&#8221;{}&#8221;]<\/p>\n<p>Wspieramy Ci\u0119 w umieszczaniu Twoich produkt\u00f3w w Internecie na wszystkich istotnych rynkach.  <\/p>\n<p>[\/et_pb_cta][et_pb_text _builder_version=&#8221;4.16&#8243; background_size=&#8221;initial&#8221; background_position=&#8221;top_left&#8221; background_repeat=&#8221;repeat&#8221; global_colors_info=&#8221;{}&#8221;]<\/p>\n<h1>Wprowadzanie produkt\u00f3w na rynki internetowe<\/h1>\n<p><strong>Widoczno\u015b\u0107 Twoich produkt\u00f3w na Amazon i Co<\/strong><\/p>\n<p>Najpi\u0119kniejszy produkt na nic si\u0119 zda, je\u015bli nie zobacz\u0105 go klienci. Dlatego przejmujemy za Ciebie wystawianie Twoich produkt\u00f3w na targowiskach internetowych i dbamy o to, aby Twoje towary by\u0142y prezentowane w najlepszym \u015bwietle &#8211; i zosta\u0142y zauwa\u017cone przez jak najwi\u0119ksz\u0105 liczb\u0119 os\u00f3b. W zakres us\u0142ug agencji Frisch wchodz\u0105, w ramach wpis\u00f3w:<\/p>\n<ul>\n<li>Fotografia produktowa<\/li>\n<li>Tworzenie tekst\u00f3w produkt\u00f3w<\/li>\n<li>Wprowadzenie produktu na rynek<\/li>\n<li>Reklamy<\/li>\n<\/ul>\n<p>Najlepiej zdecydowa\u0107 si\u0119 na preablist\u0119. W ten spos\u00f3b mo\u017cna skorzysta\u0107 z zalet wystawiania produkt\u00f3w na targowiskach internetowych dok\u0142adnie wtedy, gdy mo\u017cna pozby\u0107 si\u0119 dostarczonego towaru. Eliminuje to d\u0142ugi czas uruchamiania dzia\u0142alno\u015bci, jak r\u00f3wnie\u017c wysokie koszty magazynowania.<\/p>\n<p>Oczywi\u015bcie, przejmiemy r\u00f3wnie\u017c Twoj\u0105 list\u0119 Amazon lub list\u0119 Twoich produkt\u00f3w na innych rynkach internetowych, je\u015bli te ju\u017c dzia\u0142aj\u0105. Tutaj r\u00f3wnie\u017c mo\u017cemy zazwyczaj osi\u0105gn\u0105\u0107 spory sukces dzi\u0119ki optymalizacji.<\/p>\n<p>&nbsp;<\/p>\n<p><strong>Wst\u0119pne notowanie Pa\u0144stwa produkt\u00f3w<\/strong><\/p>\n<p>Aby cieszy\u0107 si\u0119 wszystkimi korzy\u015bciami p\u0142yn\u0105cymi z notowania, warto rozpocz\u0105\u0107 notowanie jak najwcze\u015bniej. Ch\u0119tnie przejmiemy to zadanie za Ciebie i stworzymy wszystkie wpisy i og\u0142oszenia jeszcze zanim Tw\u00f3j towar dotrze z Chin. W ten spos\u00f3b mo\u017cna rozpocz\u0105\u0107 dzia\u0142alno\u015b\u0107 zaraz po nadej\u015bciu dostawy i wtedy jest si\u0119 ju\u017c w pe\u0142ni si\u0142.<\/p>\n<p>&nbsp;<\/p>\n<p><strong>Agentur Frisch &#8211; Tw\u00f3j partner marketingowy dla silnych notowa\u0144<\/strong><\/p>\n<p>Wystawianie produkt\u00f3w na targowiskach internetowych odbywa si\u0119 wed\u0142ug pewnych zasad, kt\u00f3re musisz zna\u0107 jako uczestnik rynku. W tej dziedzinie od wielu lat z powodzeniem dzia\u0142a r\u00f3wnie\u017c agencja Frisch. Podczas konsultacji ustalamy, jak najlepiej post\u0119powa\u0107 w przypadku Twojego indywidualnego produktu. Mo\u017ce to obejmowa\u0107 cz\u0119\u015bciowe us\u0142ugi lub kompletn\u0105 konfiguracj\u0119 e-commerce. Oferujemy nast\u0119puj\u0105ce us\u0142ugi listingowe:<\/p>\n<ul>\n<li><strong>Fotografia produktowa<\/strong><\/li>\n<\/ul>\n<p>Nasi do\u015bwiadczeni fotografowie wiedz\u0105 jak umiej\u0119tnie zainscenizowa\u0107 Tw\u00f3j produkt, aby stworzy\u0107 zach\u0119t\u0119 do zakupu. Znacz\u0105ce i skuteczne zdj\u0119cia reklamowe s\u0105 rezultatem.<\/p>\n<p>&nbsp;<\/p>\n<ul>\n<li><strong>Teksty produkt\u00f3w<\/strong><\/li>\n<\/ul>\n<p>Opr\u00f3cz zdj\u0119\u0107, odpowiednie s\u0142owa s\u0105 wa\u017cniejsze ni\u017c cokolwiek innego w Internecie: profesjonalni copywriterzy zadbaj\u0105 o Twoje produkty i przeka\u017c\u0105 ich zalety klientom. Dzi\u0119ki odpowiednim s\u0142owom kluczowym i j\u0119zykowej optymalizacji pod k\u0105tem wyszukiwarek, wydobywamy z Twoich artyku\u0142\u00f3w to, co najlepsze.<\/p>\n<p>&nbsp;<\/p>\n<ul>\n<li><strong>Wprowadzenie produktu na rynek<\/strong><\/li>\n<\/ul>\n<p>Istniej\u0105 r\u00f3\u017cne techniczne opcje rankingu produkt\u00f3w wy\u017cej na li\u015bcie Amazon i Co. Nasi eksperci znaj\u0105 je i wykorzystuj\u0105 wszystkie mo\u017cliwo\u015bci, aby umie\u015bci\u0107 Ci\u0119 optymalnie.<\/p>\n<p>&nbsp;<\/p>\n<ul>\n<li><strong>Reklamy<\/strong><\/li>\n<\/ul>\n<p>Reklamy w Google lub Amazon s\u0105 cz\u0119\u015bci\u0105 udanej strategii marketingowej w ramach konfiguracji e-commerce. Nasi specjali\u015bci od marketingu internetowego doprowadz\u0105 Ci\u0119 na szczyt.<\/p>\n<p>&nbsp;<\/p>\n<p><strong>Amazon Listing &#8211; Top z liderem rynku<\/strong><\/p>\n<p>Amazon jest wiod\u0105cym rynkiem online i jako taki jest szczeg\u00f3lnie wa\u017cny dla Twojej konfiguracji e-commerce. Platforma Jeffa Bezosa przestrzega w\u0142asnych zasad notowa\u0144. Eksperci ds. marketingu w Agencji Frisch znaj\u0105 je i mog\u0105 idealnie doprowadzi\u0107 Twoje produkty do przodu w Amazon Listing.<\/p>\n<p>Jako podstawowa platforma handlu internetowego, traktujemy Amazon Listing szczeg\u00f3lnie powa\u017cnie. To tutaj odbywaj\u0105 si\u0119 twoje wielkie wygrane. To, jak udana jest Twoja konfiguracja e-commerce, zale\u017cy od dzia\u0142a\u0144, kt\u00f3re podejmiesz. Nie pozostawiaj wystawiania swoich produkt\u00f3w na rynkach internetowych takich jak Amazon przypadkowi &#8211; oddaj to w r\u0119ce profesjonalist\u00f3w, kt\u00f3rzy dok\u0142adnie wiedz\u0105, co robi\u0105.<\/p>\n<p>[\/et_pb_text][\/et_pb_column][\/et_pb_row][\/et_pb_section][et_pb_section fb_built=&#8221;1&#8243; admin_label=&#8221;Testimonials&#8221; _builder_version=&#8221;4.16&#8243; use_background_color_gradient=&#8221;on&#8221; background_color_gradient_stops=&#8221;rgba(0,106,156,0.85) 0%|rgba(0,106,156,0.85) 100%&#8221; background_color_gradient_start=&#8221;rgba(0,106,156,0.85)&#8221; background_color_gradient_end=&#8221;rgba(0,106,156,0.85)&#8221; custom_padding=&#8221;90px||60px|&#8221; animation_style=&#8221;fold&#8221; animation_direction=&#8221;bottom&#8221; animation_intensity_fold=&#8221;4%&#8221; global_colors_info=&#8221;{}&#8221; theme_builder_area=&#8221;post_content&#8221;][et_pb_row _builder_version=&#8221;4.16&#8243; background_size=&#8221;initial&#8221; background_position=&#8221;top_left&#8221; background_repeat=&#8221;repeat&#8221; custom_width_px=&#8221;710px&#8221; locked=&#8221;off&#8221; global_colors_info=&#8221;{}&#8221; theme_builder_area=&#8221;post_content&#8221;][et_pb_column type=&#8221;4_4&#8243; _builder_version=&#8221;4.16&#8243; background_position=&#8221;top_left&#8221; custom_padding=&#8221;|||&#8221; global_colors_info=&#8221;{}&#8221; custom_padding__hover=&#8221;|||&#8221; theme_builder_area=&#8221;post_content&#8221;][et_pb_text admin_label=&#8221;Testimonials Section Title&#8221; _builder_version=&#8221;4.16&#8243; header_font=&#8221;Montserrat||||&#8221; header_font_size=&#8221;36px&#8221; background_size=&#8221;initial&#8221; background_position=&#8221;top_left&#8221; background_repeat=&#8221;repeat&#8221; text_orientation=&#8221;center&#8221; background_layout=&#8221;dark&#8221; max_width=&#8221;710px&#8221; module_alignment=&#8221;center&#8221; animation_style=&#8221;fold&#8221; animation_direction=&#8221;bottom&#8221; animation_intensity_fold=&#8221;20%&#8221; global_colors_info=&#8221;{}&#8221; theme_builder_area=&#8221;post_content&#8221;]<\/p>\n<h1>Ponad 5000 zadowolonych klient\u00f3w.<\/h1>\n<p>&nbsp;<\/p>\n<p>[\/et_pb_text][et_pb_divider color=&#8221;#ffffff&#8221; divider_weight=&#8221;3px&#8221; disabled_on=&#8221;off|off|off&#8221; _builder_version=&#8221;4.16&#8243; background_color_gradient_direction=&#8221;90deg&#8221; max_width=&#8221;100px&#8221; module_alignment=&#8221;center&#8221; height=&#8221;5px&#8221; custom_margin=&#8221;||20px|&#8221; custom_padding=&#8221;||20px|&#8221; animation_style=&#8221;slide&#8221; animation_direction=&#8221;bottom&#8221; saved_tabs=&#8221;all&#8221; locked=&#8221;off&#8221; global_colors_info=&#8221;{}&#8221; theme_builder_area=&#8221;post_content&#8221;][\/et_pb_divider][\/et_pb_column][\/et_pb_row][et_pb_row column_structure=&#8221;1_2,1_2&#8243; _builder_version=&#8221;4.18.1&#8243; _module_preset=&#8221;default&#8221; global_colors_info=&#8221;{}&#8221; theme_builder_area=&#8221;post_content&#8221;][et_pb_column type=&#8221;1_2&#8243; _builder_version=&#8221;4.18.1&#8243; _module_preset=&#8221;default&#8221; global_colors_info=&#8221;{}&#8221; theme_builder_area=&#8221;post_content&#8221;][et_pb_testimonial author=&#8221;Marco&#8221; portrait_url=&#8221;https:\/\/ag-frisch.com\/wp-content\/uploads\/2021\/08\/Harald.png&#8221; quote_icon=&#8221;off&#8221; _builder_version=&#8221;4.18.1&#8243; _module_preset=&#8221;default&#8221; body_font_size=&#8221;16px&#8221; use_background_color=&#8221;off&#8221; background_layout=&#8221;dark&#8221; global_colors_info=&#8221;{}&#8221; theme_builder_area=&#8221;post_content&#8221;]Zleci\u0142em agencji Frisch wyprodukowanie du\u017cego mebla w Chinach, a nast\u0119pnie sprowadzenie go do Niemiec. Przez ca\u0142y czas by\u0142a sprawna komunikacja mailowa! Bardzo szybkie i rzetelne odpowiedzi stale dodawa\u0142y mi otuchy, kt\u00f3ra jest niezb\u0119dna w takim przedsi\u0119wzi\u0119ciu. Przez ca\u0142y czas pomagano mi przebrn\u0105\u0107 przez biurokratyczny g\u0105szcz, nie zapomniano o \u017cadnym formularzu ani nie wype\u0142niono go b\u0142\u0119dnie. Bardzo godne pochwa\u0142y!<a href=\"&lt;div%20class=%22pe-richsnippets%22&gt;&nbsp;&lt;\/div&gt;%20&lt;script%20type=%22text\/javascript%22%20src=%22https:\/\/www.provenexpert.com\/widget\/richsnippet.js?u=1NUA0VwZ4RUZ5tmAi5zA4RaplNKAlWwZ&amp;v=2%22%20async&gt;&lt;\/script&gt;%20&lt;div%20style=%22text-align:%20justify;%22&gt;&lt;br%20\/&gt;\"><\/a><\/p>\n<div class=\"brow ratingBarMargin\">\n<div class=\"ratingBar\">\n<div class=\"brow\">\n<div class=\"pe-richsnippets\">&nbsp;<\/div>\n<p><script type=\"text\/javascript\" src=\"https:\/\/www.provenexpert.com\/widget\/richsnippet.js?u=1NUA0VwZ4RUZ5tmAi5zA4RaplNKAlWwZ&amp;v=2\" async=\"\"><\/script><\/p>\n<div style=\"text-align: justify;\"><\/p>\n<div class=\"col-lg-9 col-md-8 col-xs-10 mt20 mb20\">\n<div class=\"col-xs-12 surveyNameForRating\"><\/div>\n<\/div>\n<\/div>\n<\/div>\n<\/div>\n<\/div>\n<p>[\/et_pb_testimonial][\/et_pb_column][et_pb_column type=&#8221;1_2&#8243; _builder_version=&#8221;4.18.1&#8243; _module_preset=&#8221;default&#8221; global_colors_info=&#8221;{}&#8221; theme_builder_area=&#8221;post_content&#8221;][et_pb_testimonial author=&#8221;Simone L.&#8221; portrait_url=&#8221;https:\/\/ag-frisch.com\/wp-content\/uploads\/2021\/08\/Harald.png&#8221; quote_icon=&#8221;off&#8221; _builder_version=&#8221;4.18.1&#8243; _module_preset=&#8221;default&#8221; body_font_size=&#8221;16px&#8221; use_background_color=&#8221;off&#8221; background_layout=&#8221;dark&#8221; global_colors_info=&#8221;{}&#8221; theme_builder_area=&#8221;post_content&#8221;]<\/p>\n<p>Ca\u0142a g\u00f3ra. Nie ma nic lepszego ni\u017c to. Doradzanie i wdra\u017canie nie mo\u017ce by\u0107 zrobione lepiej. Jeste\u015bmy bardziej ni\u017c zadowoleni po kilku zam\u00f3wieniach z t\u0105 firm\u0105 i kontynuowa\u0107 nasz\u0105 wsp\u00f3\u0142prac\u0119.<\/p>\n<div class=\"brow ratingBarMargin\">\n<div class=\"ratingBar\">\n<div class=\"brow\">\n<div class=\"pe-richsnippets\"> <\/div>\n<p>\n<script type=\"text\/javascript\" src=\"https:\/\/www.provenexpert.com\/widget\/richsnippet.js?u=1NUA0VwZ4RUZ5tmAi5zA4RaplNKAlWwZ&amp;v=2\" async=\"\"><\/script>\n<\/p>\n<div style=\"text-align: justify;\">\n<p>&nbsp;<\/p>\n<div class=\"col-lg-9 col-md-8 col-xs-10 mt20 mb20\">\n<div class=\"col-xs-12 surveyNameForRating\"><\/div>\n<\/div>\n<\/div>\n<\/div>\n<\/div>\n<\/div>\n<p>[\/et_pb_testimonial][\/et_pb_column][\/et_pb_row][et_pb_row _builder_version=&#8221;4.16&#8243; background_size=&#8221;initial&#8221; background_position=&#8221;top_left&#8221; background_repeat=&#8221;repeat&#8221; custom_padding=&#8221;50px|0px|30px|0px&#8221; custom_css_main_element=&#8221;text-align: center;&#8221; global_colors_info=&#8221;{}&#8221; theme_builder_area=&#8221;post_content&#8221;][et_pb_column type=&#8221;4_4&#8243; _builder_version=&#8221;4.16&#8243; custom_padding=&#8221;|||&#8221; global_colors_info=&#8221;{}&#8221; custom_padding__hover=&#8221;|||&#8221; theme_builder_area=&#8221;post_content&#8221;][et_pb_button button_url=&#8221;https:\/\/www.provenexpert.com\/de-de\/agentur-frisch-international-consulting-gmbh-und-co-kg\/&#8221; button_text=&#8221;WI\u0118CEJ OCEN&#8221; button_alignment=&#8221;left&#8221; admin_label=&#8221;Testimonial Button&#8221; _builder_version=&#8221;4.16&#8243; custom_button=&#8221;on&#8221; button_text_size=&#8221;18px&#8221; button_text_color=&#8221;#ffffff&#8221; button_bg_color=&#8221;#6eba01&#8243; button_border_width=&#8221;2px&#8221; button_border_color=&#8221;#6eba01&#8243; button_border_radius=&#8221;0px&#8221; button_letter_spacing=&#8221;2px&#8221; button_font=&#8221;Montserrat|||on|&#8221; button_use_icon=&#8221;off&#8221; animation_style=&#8221;fold&#8221; animation_direction=&#8221;bottom&#8221; button_text_color_hover=&#8221;#ffffff&#8221; button_border_color_hover=&#8221;#ffffff&#8221; button_border_radius_hover=&#8221;0px&#8221; button_letter_spacing_hover=&#8221;2px&#8221; button_bg_color_hover=&#8221;rgba(255,255,255,0)&#8221; locked=&#8221;off&#8221; global_colors_info=&#8221;{}&#8221; button_text_size__hover_enabled=&#8221;off&#8221; button_one_text_size__hover_enabled=&#8221;off&#8221; button_two_text_size__hover_enabled=&#8221;off&#8221; button_text_color__hover_enabled=&#8221;on&#8221; button_text_color__hover=&#8221;#ffffff&#8221; button_one_text_color__hover_enabled=&#8221;off&#8221; button_two_text_color__hover_enabled=&#8221;off&#8221; button_border_width__hover_enabled=&#8221;off&#8221; button_one_border_width__hover_enabled=&#8221;off&#8221; button_two_border_width__hover_enabled=&#8221;off&#8221; button_border_color__hover_enabled=&#8221;on&#8221; button_border_color__hover=&#8221;#ffffff&#8221; button_one_border_color__hover_enabled=&#8221;off&#8221; button_two_border_color__hover_enabled=&#8221;off&#8221; button_border_radius__hover_enabled=&#8221;on&#8221; button_border_radius__hover=&#8221;0px&#8221; button_one_border_radius__hover_enabled=&#8221;off&#8221; button_two_border_radius__hover_enabled=&#8221;off&#8221; button_letter_spacing__hover_enabled=&#8221;on&#8221; button_letter_spacing__hover=&#8221;2px&#8221; button_one_letter_spacing__hover_enabled=&#8221;off&#8221; button_two_letter_spacing__hover_enabled=&#8221;off&#8221; button_bg_color__hover_enabled=&#8221;on&#8221; button_bg_color__hover=&#8221;rgba(255,255,255,0)&#8221; button_one_bg_color__hover_enabled=&#8221;off&#8221; button_two_bg_color__hover_enabled=&#8221;off&#8221; theme_builder_area=&#8221;post_content&#8221;][\/et_pb_button][\/et_pb_column][\/et_pb_row][\/et_pb_section]<\/p>\n","protected":false},"excerpt":{"rendered":"<p>Wspieramy Ci\u0119 w umieszczaniu Twoich produkt\u00f3w w Internecie na wszystkich istotnych rynkach. Wprowadzanie produkt\u00f3w na rynki internetowe Widoczno\u015b\u0107 Twoich produkt\u00f3w na Amazon i Co Najpi\u0119kniejszy produkt na nic si\u0119 zda, je\u015bli nie zobacz\u0105 go klienci. Dlatego przejmujemy za Ciebie wystawianie Twoich produkt\u00f3w na targowiskach internetowych i dbamy o to, aby Twoje towary by\u0142y prezentowane w [&hellip;]<\/p>\n","protected":false},"author":2,"featured_media":0,"parent":0,"menu_order":0,"comment_status":"closed","ping_status":"closed","template":"","meta":{"_et_pb_use_builder":"on","_et_pb_old_content":"","_et_gb_content_width":"","footnotes":""},"class_list":["post-5449","page","type-page","status-publish","hentry"],"yoast_head":"<!-- This site is optimized with the Yoast SEO plugin v27.2 - https:\/\/yoast.com\/product\/yoast-seo-wordpress\/ -->\n<title>Pozycjonowanie produkt\u00f3w na Amazon &amp; Co | Optymalizacja rynku<\/title>\n<meta name=\"description\" content=\"Twoje produkty w zestawieniu na Amazon i innych marketach internetowych \u25ba Idealne rozmieszczenie i optymalizacja widoczno\u015bci produkt\u00f3w \u25ba Skorzystaj z porady ju\u017c teraz!\" \/>\n<meta name=\"robots\" content=\"index, follow, max-snippet:-1, max-image-preview:large, max-video-preview:-1\" \/>\n<link rel=\"canonical\" href=\"https:\/\/ag-frisch.com\/pl\/sklep\/\" \/>\n<meta property=\"og:locale\" content=\"pl_PL\" \/>\n<meta property=\"og:type\" content=\"article\" \/>\n<meta property=\"og:title\" content=\"Pozycjonowanie produkt\u00f3w na Amazon &amp; Co | Optymalizacja rynku\" \/>\n<meta property=\"og:description\" content=\"Twoje produkty w zestawieniu na Amazon i innych marketach internetowych \u25ba Idealne rozmieszczenie i optymalizacja widoczno\u015bci produkt\u00f3w \u25ba Skorzystaj z porady ju\u017c teraz!\" \/>\n<meta property=\"og:url\" content=\"https:\/\/ag-frisch.com\/pl\/sklep\/\" \/>\n<meta property=\"og:site_name\" content=\"China Import Beratung f\u00fcr den Einkauf aus China\" \/>\n<meta property=\"article:publisher\" content=\"https:\/\/www.facebook.com\/China.Import\" \/>\n<meta property=\"article:modified_time\" content=\"2023-01-26T19:49:51+00:00\" \/>\n<meta name=\"twitter:card\" content=\"summary_large_image\" \/>\n<meta name=\"twitter:site\" content=\"@agenturfrisch\" \/>\n<meta name=\"twitter:label1\" content=\"Szacowany czas czytania\" \/>\n\t<meta name=\"twitter:data1\" content=\"8 minut\" \/>\n<script type=\"application\/ld+json\" class=\"yoast-schema-graph\">{\"@context\":\"https:\/\/schema.org\",\"@graph\":[{\"@type\":\"WebPage\",\"@id\":\"https:\/\/ag-frisch.com\/pl\/sklep\/\",\"url\":\"https:\/\/ag-frisch.com\/pl\/sklep\/\",\"name\":\"Pozycjonowanie produkt\u00f3w na Amazon & Co | Optymalizacja rynku\",\"isPartOf\":{\"@id\":\"https:\/\/ag-frisch.com\/de\/#website\"},\"datePublished\":\"2021-09-12T20:02:38+00:00\",\"dateModified\":\"2023-01-26T19:49:51+00:00\",\"description\":\"Twoje produkty w zestawieniu na Amazon i innych marketach internetowych \u25ba Idealne rozmieszczenie i optymalizacja widoczno\u015bci produkt\u00f3w \u25ba Skorzystaj z porady ju\u017c teraz!\",\"breadcrumb\":{\"@id\":\"https:\/\/ag-frisch.com\/pl\/sklep\/#breadcrumb\"},\"inLanguage\":\"pl-PL\",\"potentialAction\":[{\"@type\":\"ReadAction\",\"target\":[\"https:\/\/ag-frisch.com\/pl\/sklep\/\"]}]},{\"@type\":\"BreadcrumbList\",\"@id\":\"https:\/\/ag-frisch.com\/pl\/sklep\/#breadcrumb\",\"itemListElement\":[{\"@type\":\"ListItem\",\"position\":1,\"name\":\"Startseite\",\"item\":\"https:\/\/ag-frisch.com\/de\/\"},{\"@type\":\"ListItem\",\"position\":2,\"name\":\"Lista produkt\u00f3w\"}]},{\"@type\":\"WebSite\",\"@id\":\"https:\/\/ag-frisch.com\/de\/#website\",\"url\":\"https:\/\/ag-frisch.com\/de\/\",\"name\":\"China Import Beratung f\u00fcr den Einkauf aus China\",\"description\":\"China Import &amp; Export Beratung - Der Dienstleister Ihres Vertrauens f\u00fcr Ihren China Import\",\"publisher\":{\"@id\":\"https:\/\/ag-frisch.com\/de\/#organization\"},\"potentialAction\":[{\"@type\":\"SearchAction\",\"target\":{\"@type\":\"EntryPoint\",\"urlTemplate\":\"https:\/\/ag-frisch.com\/de\/?s={search_term_string}\"},\"query-input\":{\"@type\":\"PropertyValueSpecification\",\"valueRequired\":true,\"valueName\":\"search_term_string\"}}],\"inLanguage\":\"pl-PL\"},{\"@type\":\"Organization\",\"@id\":\"https:\/\/ag-frisch.com\/de\/#organization\",\"name\":\"Agentur Frisch International Consulting GmbH & Co. KG\",\"url\":\"https:\/\/ag-frisch.com\/de\/\",\"logo\":{\"@type\":\"ImageObject\",\"inLanguage\":\"pl-PL\",\"@id\":\"https:\/\/ag-frisch.com\/de\/#\/schema\/logo\/image\/\",\"url\":\"https:\/\/ag-frisch.com\/wp-content\/uploads\/2021\/08\/ag_logo_rgb_300_small.png\",\"contentUrl\":\"https:\/\/ag-frisch.com\/wp-content\/uploads\/2021\/08\/ag_logo_rgb_300_small.png\",\"width\":153,\"height\":102,\"caption\":\"Agentur Frisch International Consulting GmbH & Co. KG\"},\"image\":{\"@id\":\"https:\/\/ag-frisch.com\/de\/#\/schema\/logo\/image\/\"},\"sameAs\":[\"https:\/\/www.facebook.com\/China.Import\",\"https:\/\/x.com\/agenturfrisch\"]}]}<\/script>\n<!-- \/ Yoast SEO plugin. -->","yoast_head_json":{"title":"Pozycjonowanie produkt\u00f3w na Amazon & Co | Optymalizacja rynku","description":"Twoje produkty w zestawieniu na Amazon i innych marketach internetowych \u25ba Idealne rozmieszczenie i optymalizacja widoczno\u015bci produkt\u00f3w \u25ba Skorzystaj z porady ju\u017c teraz!","robots":{"index":"index","follow":"follow","max-snippet":"max-snippet:-1","max-image-preview":"max-image-preview:large","max-video-preview":"max-video-preview:-1"},"canonical":"https:\/\/ag-frisch.com\/pl\/sklep\/","og_locale":"pl_PL","og_type":"article","og_title":"Pozycjonowanie produkt\u00f3w na Amazon & Co | Optymalizacja rynku","og_description":"Twoje produkty w zestawieniu na Amazon i innych marketach internetowych \u25ba Idealne rozmieszczenie i optymalizacja widoczno\u015bci produkt\u00f3w \u25ba Skorzystaj z porady ju\u017c teraz!","og_url":"https:\/\/ag-frisch.com\/pl\/sklep\/","og_site_name":"China Import Beratung f\u00fcr den Einkauf aus China","article_publisher":"https:\/\/www.facebook.com\/China.Import","article_modified_time":"2023-01-26T19:49:51+00:00","twitter_card":"summary_large_image","twitter_site":"@agenturfrisch","twitter_misc":{"Szacowany czas czytania":"8 minut"},"schema":{"@context":"https:\/\/schema.org","@graph":[{"@type":"WebPage","@id":"https:\/\/ag-frisch.com\/pl\/sklep\/","url":"https:\/\/ag-frisch.com\/pl\/sklep\/","name":"Pozycjonowanie produkt\u00f3w na Amazon & Co | Optymalizacja rynku","isPartOf":{"@id":"https:\/\/ag-frisch.com\/de\/#website"},"datePublished":"2021-09-12T20:02:38+00:00","dateModified":"2023-01-26T19:49:51+00:00","description":"Twoje produkty w zestawieniu na Amazon i innych marketach internetowych \u25ba Idealne rozmieszczenie i optymalizacja widoczno\u015bci produkt\u00f3w \u25ba Skorzystaj z porady ju\u017c teraz!","breadcrumb":{"@id":"https:\/\/ag-frisch.com\/pl\/sklep\/#breadcrumb"},"inLanguage":"pl-PL","potentialAction":[{"@type":"ReadAction","target":["https:\/\/ag-frisch.com\/pl\/sklep\/"]}]},{"@type":"BreadcrumbList","@id":"https:\/\/ag-frisch.com\/pl\/sklep\/#breadcrumb","itemListElement":[{"@type":"ListItem","position":1,"name":"Startseite","item":"https:\/\/ag-frisch.com\/de\/"},{"@type":"ListItem","position":2,"name":"Lista produkt\u00f3w"}]},{"@type":"WebSite","@id":"https:\/\/ag-frisch.com\/de\/#website","url":"https:\/\/ag-frisch.com\/de\/","name":"China Import Beratung f\u00fcr den Einkauf aus China","description":"China Import &amp; Export Beratung - Der Dienstleister Ihres Vertrauens f\u00fcr Ihren China Import","publisher":{"@id":"https:\/\/ag-frisch.com\/de\/#organization"},"potentialAction":[{"@type":"SearchAction","target":{"@type":"EntryPoint","urlTemplate":"https:\/\/ag-frisch.com\/de\/?s={search_term_string}"},"query-input":{"@type":"PropertyValueSpecification","valueRequired":true,"valueName":"search_term_string"}}],"inLanguage":"pl-PL"},{"@type":"Organization","@id":"https:\/\/ag-frisch.com\/de\/#organization","name":"Agentur Frisch International Consulting GmbH & Co. KG","url":"https:\/\/ag-frisch.com\/de\/","logo":{"@type":"ImageObject","inLanguage":"pl-PL","@id":"https:\/\/ag-frisch.com\/de\/#\/schema\/logo\/image\/","url":"https:\/\/ag-frisch.com\/wp-content\/uploads\/2021\/08\/ag_logo_rgb_300_small.png","contentUrl":"https:\/\/ag-frisch.com\/wp-content\/uploads\/2021\/08\/ag_logo_rgb_300_small.png","width":153,"height":102,"caption":"Agentur Frisch International Consulting GmbH & Co. KG"},"image":{"@id":"https:\/\/ag-frisch.com\/de\/#\/schema\/logo\/image\/"},"sameAs":["https:\/\/www.facebook.com\/China.Import","https:\/\/x.com\/agenturfrisch"]}]}},"_links":{"self":[{"href":"https:\/\/ag-frisch.com\/pl\/wp-json\/wp\/v2\/pages\/5449","targetHints":{"allow":["GET"]}}],"collection":[{"href":"https:\/\/ag-frisch.com\/pl\/wp-json\/wp\/v2\/pages"}],"about":[{"href":"https:\/\/ag-frisch.com\/pl\/wp-json\/wp\/v2\/types\/page"}],"author":[{"embeddable":true,"href":"https:\/\/ag-frisch.com\/pl\/wp-json\/wp\/v2\/users\/2"}],"replies":[{"embeddable":true,"href":"https:\/\/ag-frisch.com\/pl\/wp-json\/wp\/v2\/comments?post=5449"}],"version-history":[{"count":0,"href":"https:\/\/ag-frisch.com\/pl\/wp-json\/wp\/v2\/pages\/5449\/revisions"}],"wp:attachment":[{"href":"https:\/\/ag-frisch.com\/pl\/wp-json\/wp\/v2\/media?parent=5449"}],"curies":[{"name":"wp","href":"https:\/\/api.w.org\/{rel}","templated":true}]}}