{"id":8640,"date":"2021-08-30T11:17:31","date_gmt":"2021-08-30T09:17:31","guid":{"rendered":"https:\/\/ag-frisch.com\/agbs\/"},"modified":"2023-01-26T20:47:45","modified_gmt":"2023-01-26T19:47:45","slug":"agbs","status":"publish","type":"page","link":"https:\/\/ag-frisch.com\/pl\/agbs\/","title":{"rendered":"AGBs"},"content":{"rendered":"<p>[et_pb_section fb_built=&#8221;1&#8243; admin_label=&#8221;section&#8221; _builder_version=&#8221;4.16&#8243; global_colors_info=&#8221;{}&#8221;][et_pb_row admin_label=&#8221;wiersz&#8221; _builder_version=&#8221;4.16&#8243; background_size=&#8221;initial&#8221; background_position=&#8221;top_left&#8221; background_repeat=&#8221;repeat&#8221; global_colors_info=&#8221;{}&#8221;][et_pb_column type=&#8221;4_4&#8243; _builder_version=&#8221;4.16&#8243; custom_padding=&#8221;|||&#8221; global_colors_info=&#8221;{}&#8221; custom_padding__hover=&#8221;|||&#8221;][et_pb_text admin_label=&#8221;Text&#8221; _builder_version=&#8221;4.18.1&#8243; background_size=&#8221;initial&#8221; background_position=&#8221;top_left&#8221; background_repeat=&#8221;repeat&#8221; global_colors_info=&#8221;{}&#8221;]<\/p>\n<h1>Agentur Frisch: Nasze warunki i zasady<\/h1>\n<p>mi\u0119dzy g\u0142\u00f3wnym<\/p>\n<p>&#8211; zwana dalej Sp\u00f3\u0142k\u0105 -.<\/p>\n<p>oraz<\/p>\n<p>Agencja Frisch International Consulting GmbH &amp; Co KG<br \/>&#8211; zwanym dalej agentem handlowym -.<\/p>\n<p><a href=\"https:\/\/ag-frisch.com\/pl\/agent-handlowy-gtc\/\"><strong>Og\u00f3lne warunki um\u00f3w agencji handlowych (wszystkie umowy rozliczane na zasadzie prowizji lub z rycza\u0142tem za zarezerwowane pakiety importowe).  <\/strong><\/a><\/p>\n<p>zgodne z podstawowymi warunkami HGB \u00a7 84 i nast\u0119pne, patrz r\u00f3wnie\u017c wa\u017cno\u015b\u0107 dla agenta ds. zakup\u00f3w; W. Kohlhammer str. 107 sekcja b. Jedynie w przypadku, gdy nie jest wyra\u017anie ustalona sta\u0142a wsp\u00f3\u0142praca lub prowizja ma si\u0119 stopniowo zmniejsza\u0107 do zera, w\u00f3wczas obowi\u0105zuje prawo brokerskie.  <\/p>\n<p><a href=\"https:\/\/ag-frisch.com\/de\/berater-agb\/\"><strong>GTC za konsultacje (rozliczane godzinowo).  <\/strong><\/a><\/p>\n<p><a href=\"https:\/\/transportrecht.org\/wp-content\/uploads\/logistik_agb.pdf\"><strong>Og\u00f3lne warunki um\u00f3w logistycznych\/spedycji i magazynowania<\/strong><\/a><\/p>\n<p>1. Prosz\u0119 pami\u0119ta\u0107, \u017ce w przypadku zlece\u0144 transportowych, fakturowanie nast\u0119puje najp\u00f3\u017aniej dwa tygodnie po uruchomieniu, a p\u0142atno\u015b\u0107 jest wtedy zazwyczaj natychmiastowa, w pozosta\u0142ych przypadkach w ci\u0105gu dw\u00f3ch tygodni.<\/p>\n<p>2. cena logistyki dotyczy pe\u0142nych kontener\u00f3w dla dostawy kontenerowej kolej\u0105, je\u015bli kontener musi by\u0107 roz\u0142adowany, platforma podnosz\u0105ca musi by\u0107 wniesiona, a nast\u0119pnie dostawa musi by\u0107 wykonana przez bezpo\u015bredni\u0105 ci\u0119\u017car\u00f3wk\u0119, prosz\u0119 o pilne wcze\u015bniejsze powiadomienie, poniewa\u017c musimy wtedy obliczy\u0107 inaczej. Je\u015bli kolej jest w pe\u0142ni zarezerwowana, konieczne b\u0119dzie przeniesienie do bezpo\u015bredniej ci\u0119\u017car\u00f3wki, co spowoduje wy\u017csze koszty, koszty magazynowania i koszty bezpo\u015bredniej ci\u0119\u017car\u00f3wki b\u0119d\u0105 naliczane wed\u0142ug wydatk\u00f3w i b\u0119d\u0105 ponoszone przez klienta.<\/p>\n<p>3. oferty na fracht zawsze odnosz\u0105 si\u0119 do daty wyp\u0142yni\u0119cia statku lub daty wylotu samolotu, np. je\u015bli jeste\u015b na 30. miesi\u0105ca z\u0142o\u017cy\u0107 zam\u00f3wienie na ofert\u0119 wa\u017cn\u0105 do 31 dnia miesi\u0105ca, w\u00f3wczas wyjazd nie jest mo\u017cliwy do zrealizowania do czasu up\u0142ywu wa\u017cno\u015bci oferty. <strong>Nie<\/strong> ma tu zastosowania data przyj\u0119cia oferty.<\/p>\n<p>4. ubezpieczenie transportowe wg ekspozycji (ok. 3 do 5 promili warto\u015bci towaru, min. 20 euro).<\/p>\n<p>5) wszystkie czynno\u015bci zwi\u0105zane z transportem i sk\u0142adowaniem b\u0119d\u0105 wykonywane zgodnie z instrukcjami przedsi\u0119biorstwa, a przedstawiciel handlowy nie ma obowi\u0105zku sprawdzania lub kwestionowania tych instrukcji. Firma ponosi odpowiedzialno\u015b\u0107 za us\u0142ugi wykonane na jej zlecenie (np. przepakowanie, wyb\u00f3r rodzaju \u0142adunku itp.). Patrz r\u00f3wnie\u017c OWU Logistyka \u00a7 4.1 i 5.1.  <\/p>\n<p>6. W przypadku dalszego transportu us\u0142ugodawca jest wybierany zgodnie z po\u017c\u0105danym czasem tranzytu (Express Premium = 1 do 2 dni, Express Economy = 3 do 10 dni, fracht lotniczy 7 do 16 dni, kolejowy 16 do 30 dni, morski = 30 do 60 dni, ci\u0119\u017carowy w zale\u017cno\u015bci od odleg\u0142o\u015bci od trzech dni). Daj\u0105cy zlecenie musi zadba\u0107 o to, by opakowanie by\u0142o wystarczaj\u0105ce dla danego rodzaju transportu lub z wyprzedzeniem udzieli\u0107 przedstawicielowi handlowemu wszelkich wskaz\u00f3wek, je\u017celi towar ma by\u0107 przepakowany.  <\/p>\n<p>Firma zapewnia niezb\u0119dne materia\u0142y (tektura, ta\u015bma klej\u0105ca) lub, je\u015bli zapewnia je przedstawiciel handlowy, ponosi ich koszty.  <\/p>\n<p>8. koszty magazynowania, np. z powodu czasu oczekiwania na kolej lub ci\u0119\u017car\u00f3wk\u0119 lub w urz\u0119dzie celnym, jak r\u00f3wnie\u017c koszty inspekcji celnych i innych \u015brodk\u00f3w urz\u0119dowych ponosi klient.<\/p>\n<p>  W przeciwnym razie obowi\u0105zuj\u0105 Og\u00f3lne Warunki Spedycyjne (link powy\u017cej).<\/p>\n<p>[\/et_pb_text][\/et_pb_column][\/et_pb_row][\/et_pb_section]<\/p>\n","protected":false},"excerpt":{"rendered":"<p>Agentur Frisch: Nasze warunki i zasady mi\u0119dzy g\u0142\u00f3wnym &#8211; zwana dalej Sp\u00f3\u0142k\u0105 -. oraz Agencja Frisch International Consulting GmbH &amp; Co KG- zwanym dalej agentem handlowym -. Og\u00f3lne warunki um\u00f3w agencji handlowych (wszystkie umowy rozliczane na zasadzie prowizji lub z rycza\u0142tem za zarezerwowane pakiety importowe). zgodne z podstawowymi warunkami HGB \u00a7 84 i nast\u0119pne, patrz [&hellip;]<\/p>\n","protected":false},"author":6,"featured_media":0,"parent":0,"menu_order":0,"comment_status":"closed","ping_status":"closed","template":"","meta":{"_et_pb_use_builder":"on","_et_pb_old_content":"","_et_gb_content_width":"","footnotes":""},"class_list":["post-8640","page","type-page","status-publish","hentry"],"yoast_head":"<!-- This site is optimized with the Yoast SEO plugin v27.2 - https:\/\/yoast.com\/product\/yoast-seo-wordpress\/ -->\n<title>Og\u00f3lne warunki handlowe Agencji Frisch w Berlinie<\/title>\n<meta name=\"description\" content=\"Przeczytaj Og\u00f3lne warunki handlowe Agentur Frisch International Consulting GmbH &amp; Co. KG tutaj \u25ba Dowiedz si\u0119 wi\u0119cej teraz!\" \/>\n<meta name=\"robots\" content=\"index, follow, max-snippet:-1, max-image-preview:large, max-video-preview:-1\" \/>\n<link rel=\"canonical\" href=\"https:\/\/ag-frisch.com\/pl\/agbs\/\" \/>\n<meta property=\"og:locale\" content=\"pl_PL\" \/>\n<meta property=\"og:type\" content=\"article\" \/>\n<meta property=\"og:title\" content=\"Og\u00f3lne warunki handlowe Agencji Frisch w Berlinie\" \/>\n<meta property=\"og:description\" content=\"Przeczytaj Og\u00f3lne warunki handlowe Agentur Frisch International Consulting GmbH &amp; Co. KG tutaj \u25ba Dowiedz si\u0119 wi\u0119cej teraz!\" \/>\n<meta property=\"og:url\" content=\"https:\/\/ag-frisch.com\/pl\/agbs\/\" \/>\n<meta property=\"og:site_name\" content=\"China Import Beratung f\u00fcr den Einkauf aus China\" \/>\n<meta property=\"article:publisher\" content=\"https:\/\/www.facebook.com\/China.Import\" \/>\n<meta property=\"article:modified_time\" content=\"2023-01-26T19:47:45+00:00\" \/>\n<meta name=\"twitter:card\" content=\"summary_large_image\" \/>\n<meta name=\"twitter:site\" content=\"@agenturfrisch\" \/>\n<meta name=\"twitter:label1\" content=\"Szacowany czas czytania\" \/>\n\t<meta name=\"twitter:data1\" content=\"3 minuty\" \/>\n<script type=\"application\/ld+json\" class=\"yoast-schema-graph\">{\"@context\":\"https:\/\/schema.org\",\"@graph\":[{\"@type\":\"WebPage\",\"@id\":\"https:\/\/ag-frisch.com\/pl\/agbs\/\",\"url\":\"https:\/\/ag-frisch.com\/pl\/agbs\/\",\"name\":\"Og\u00f3lne warunki handlowe Agencji Frisch w Berlinie\",\"isPartOf\":{\"@id\":\"https:\/\/ag-frisch.com\/de\/#website\"},\"datePublished\":\"2021-08-30T09:17:31+00:00\",\"dateModified\":\"2023-01-26T19:47:45+00:00\",\"description\":\"Przeczytaj Og\u00f3lne warunki handlowe Agentur Frisch International Consulting GmbH & Co. KG tutaj \u25ba Dowiedz si\u0119 wi\u0119cej teraz!\",\"breadcrumb\":{\"@id\":\"https:\/\/ag-frisch.com\/pl\/agbs\/#breadcrumb\"},\"inLanguage\":\"pl-PL\",\"potentialAction\":[{\"@type\":\"ReadAction\",\"target\":[\"https:\/\/ag-frisch.com\/pl\/agbs\/\"]}]},{\"@type\":\"BreadcrumbList\",\"@id\":\"https:\/\/ag-frisch.com\/pl\/agbs\/#breadcrumb\",\"itemListElement\":[{\"@type\":\"ListItem\",\"position\":1,\"name\":\"Startseite\",\"item\":\"https:\/\/ag-frisch.com\/de\/\"},{\"@type\":\"ListItem\",\"position\":2,\"name\":\"AGBs\"}]},{\"@type\":\"WebSite\",\"@id\":\"https:\/\/ag-frisch.com\/de\/#website\",\"url\":\"https:\/\/ag-frisch.com\/de\/\",\"name\":\"China Import Beratung f\u00fcr den Einkauf aus China\",\"description\":\"China Import &amp; Export Beratung - Der Dienstleister Ihres Vertrauens f\u00fcr Ihren China Import\",\"publisher\":{\"@id\":\"https:\/\/ag-frisch.com\/de\/#organization\"},\"potentialAction\":[{\"@type\":\"SearchAction\",\"target\":{\"@type\":\"EntryPoint\",\"urlTemplate\":\"https:\/\/ag-frisch.com\/de\/?s={search_term_string}\"},\"query-input\":{\"@type\":\"PropertyValueSpecification\",\"valueRequired\":true,\"valueName\":\"search_term_string\"}}],\"inLanguage\":\"pl-PL\"},{\"@type\":\"Organization\",\"@id\":\"https:\/\/ag-frisch.com\/de\/#organization\",\"name\":\"Agentur Frisch International Consulting GmbH & Co. KG\",\"url\":\"https:\/\/ag-frisch.com\/de\/\",\"logo\":{\"@type\":\"ImageObject\",\"inLanguage\":\"pl-PL\",\"@id\":\"https:\/\/ag-frisch.com\/de\/#\/schema\/logo\/image\/\",\"url\":\"https:\/\/ag-frisch.com\/wp-content\/uploads\/2021\/08\/ag_logo_rgb_300_small.png\",\"contentUrl\":\"https:\/\/ag-frisch.com\/wp-content\/uploads\/2021\/08\/ag_logo_rgb_300_small.png\",\"width\":153,\"height\":102,\"caption\":\"Agentur Frisch International Consulting GmbH & Co. KG\"},\"image\":{\"@id\":\"https:\/\/ag-frisch.com\/de\/#\/schema\/logo\/image\/\"},\"sameAs\":[\"https:\/\/www.facebook.com\/China.Import\",\"https:\/\/x.com\/agenturfrisch\"]}]}<\/script>\n<!-- \/ Yoast SEO plugin. -->","yoast_head_json":{"title":"Og\u00f3lne warunki handlowe Agencji Frisch w Berlinie","description":"Przeczytaj Og\u00f3lne warunki handlowe Agentur Frisch International Consulting GmbH & Co. KG tutaj \u25ba Dowiedz si\u0119 wi\u0119cej teraz!","robots":{"index":"index","follow":"follow","max-snippet":"max-snippet:-1","max-image-preview":"max-image-preview:large","max-video-preview":"max-video-preview:-1"},"canonical":"https:\/\/ag-frisch.com\/pl\/agbs\/","og_locale":"pl_PL","og_type":"article","og_title":"Og\u00f3lne warunki handlowe Agencji Frisch w Berlinie","og_description":"Przeczytaj Og\u00f3lne warunki handlowe Agentur Frisch International Consulting GmbH & Co. KG tutaj \u25ba Dowiedz si\u0119 wi\u0119cej teraz!","og_url":"https:\/\/ag-frisch.com\/pl\/agbs\/","og_site_name":"China Import Beratung f\u00fcr den Einkauf aus China","article_publisher":"https:\/\/www.facebook.com\/China.Import","article_modified_time":"2023-01-26T19:47:45+00:00","twitter_card":"summary_large_image","twitter_site":"@agenturfrisch","twitter_misc":{"Szacowany czas czytania":"3 minuty"},"schema":{"@context":"https:\/\/schema.org","@graph":[{"@type":"WebPage","@id":"https:\/\/ag-frisch.com\/pl\/agbs\/","url":"https:\/\/ag-frisch.com\/pl\/agbs\/","name":"Og\u00f3lne warunki handlowe Agencji Frisch w Berlinie","isPartOf":{"@id":"https:\/\/ag-frisch.com\/de\/#website"},"datePublished":"2021-08-30T09:17:31+00:00","dateModified":"2023-01-26T19:47:45+00:00","description":"Przeczytaj Og\u00f3lne warunki handlowe Agentur Frisch International Consulting GmbH & Co. KG tutaj \u25ba Dowiedz si\u0119 wi\u0119cej teraz!","breadcrumb":{"@id":"https:\/\/ag-frisch.com\/pl\/agbs\/#breadcrumb"},"inLanguage":"pl-PL","potentialAction":[{"@type":"ReadAction","target":["https:\/\/ag-frisch.com\/pl\/agbs\/"]}]},{"@type":"BreadcrumbList","@id":"https:\/\/ag-frisch.com\/pl\/agbs\/#breadcrumb","itemListElement":[{"@type":"ListItem","position":1,"name":"Startseite","item":"https:\/\/ag-frisch.com\/de\/"},{"@type":"ListItem","position":2,"name":"AGBs"}]},{"@type":"WebSite","@id":"https:\/\/ag-frisch.com\/de\/#website","url":"https:\/\/ag-frisch.com\/de\/","name":"China Import Beratung f\u00fcr den Einkauf aus China","description":"China Import &amp; Export Beratung - Der Dienstleister Ihres Vertrauens f\u00fcr Ihren China Import","publisher":{"@id":"https:\/\/ag-frisch.com\/de\/#organization"},"potentialAction":[{"@type":"SearchAction","target":{"@type":"EntryPoint","urlTemplate":"https:\/\/ag-frisch.com\/de\/?s={search_term_string}"},"query-input":{"@type":"PropertyValueSpecification","valueRequired":true,"valueName":"search_term_string"}}],"inLanguage":"pl-PL"},{"@type":"Organization","@id":"https:\/\/ag-frisch.com\/de\/#organization","name":"Agentur Frisch International Consulting GmbH & Co. KG","url":"https:\/\/ag-frisch.com\/de\/","logo":{"@type":"ImageObject","inLanguage":"pl-PL","@id":"https:\/\/ag-frisch.com\/de\/#\/schema\/logo\/image\/","url":"https:\/\/ag-frisch.com\/wp-content\/uploads\/2021\/08\/ag_logo_rgb_300_small.png","contentUrl":"https:\/\/ag-frisch.com\/wp-content\/uploads\/2021\/08\/ag_logo_rgb_300_small.png","width":153,"height":102,"caption":"Agentur Frisch International Consulting GmbH & Co. KG"},"image":{"@id":"https:\/\/ag-frisch.com\/de\/#\/schema\/logo\/image\/"},"sameAs":["https:\/\/www.facebook.com\/China.Import","https:\/\/x.com\/agenturfrisch"]}]}},"_links":{"self":[{"href":"https:\/\/ag-frisch.com\/pl\/wp-json\/wp\/v2\/pages\/8640","targetHints":{"allow":["GET"]}}],"collection":[{"href":"https:\/\/ag-frisch.com\/pl\/wp-json\/wp\/v2\/pages"}],"about":[{"href":"https:\/\/ag-frisch.com\/pl\/wp-json\/wp\/v2\/types\/page"}],"author":[{"embeddable":true,"href":"https:\/\/ag-frisch.com\/pl\/wp-json\/wp\/v2\/users\/6"}],"replies":[{"embeddable":true,"href":"https:\/\/ag-frisch.com\/pl\/wp-json\/wp\/v2\/comments?post=8640"}],"version-history":[{"count":0,"href":"https:\/\/ag-frisch.com\/pl\/wp-json\/wp\/v2\/pages\/8640\/revisions"}],"wp:attachment":[{"href":"https:\/\/ag-frisch.com\/pl\/wp-json\/wp\/v2\/media?parent=8640"}],"curies":[{"name":"wp","href":"https:\/\/api.w.org\/{rel}","templated":true}]}}