{"id":8711,"date":"2021-09-12T07:52:47","date_gmt":"2021-09-12T05:52:47","guid":{"rendered":"https:\/\/ag-frisch.com\/nasze-grupy-docelowe\/zalozyciele-i-startupy\/"},"modified":"2023-01-26T21:18:54","modified_gmt":"2023-01-26T20:18:54","slug":"zalozyciele-i-startupy","status":"publish","type":"page","link":"https:\/\/ag-frisch.com\/pl\/nasze-grupy-docelowe\/zalozyciele-i-startupy\/","title":{"rendered":"Za\u0142o\u017cyciele i startupy"},"content":{"rendered":"<p>[et_pb_section fb_built=&#8221;1&#8243; _builder_version=&#8221;4.16&#8243; _module_preset=&#8221;default&#8221; global_colors_info=&#8221;{}&#8221;][et_pb_row _builder_version=&#8221;4.16&#8243; _module_preset=&#8221;default&#8221; custom_padding=&#8221;|||23px||&#8221; global_colors_info=&#8221;{}&#8221;][et_pb_column type=&#8221;4_4&#8243; _builder_version=&#8221;4.16&#8243; _module_preset=&#8221;default&#8221; global_colors_info=&#8221;{}&#8221;][et_pb_cta title=&#8221;Chiny Import dla start-up\u00f3w, przedsi\u0119biorc\u00f3w indywidualnych i influencer\u00f3w&#8221; button_url=&#8221;https:\/\/ag-frisch.com\/pl\/kontakt\/&#8221; button_text=&#8221;Zarezerwuj konsultacj\u0119 ju\u017c teraz&#8221; _builder_version=&#8221;4.16&#8243; _module_preset=&#8221;default&#8221; global_colors_info=&#8221;{}&#8221;]<\/p>\n<p>Agencja Frisch wspiera Pa\u0144stwa od samego pocz\u0105tku w dzia\u0142alno\u015bci importowej do Chin i w budowaniu w\u0142asnej marki.  <\/p>\n<p>[\/et_pb_cta][et_pb_text _builder_version=&#8221;4.16&#8243; _module_preset=&#8221;default&#8221; custom_padding=&#8221;5px|||||&#8221; global_colors_info=&#8221;{}&#8221;]<\/p>\n<h2><strong>Przedsi\u0119biorcy i start-upy, jak r\u00f3wnie\u017c osoby prowadz\u0105ce jednoosobow\u0105 dzia\u0142alno\u015b\u0107 gospodarcz\u0105 i influencerzy<\/strong><\/h2>\n<p><strong>Czym s\u0105 startupy i jak mo\u017cemy im pom\u00f3c?<\/strong><\/p>\n<p>Jako firma jednoosobowa nie musisz si\u0119 martwi\u0107, \u017ce Tw\u00f3j projekt jest dla nas za ma\u0142y. Rozwijali\u015bmy si\u0119 z wieloma klientami, cz\u0119sto od zera do kilku milion\u00f3w obrotu rocznie czy nawet miesi\u0119cznie. Nawet jako influencer z dobrym zasi\u0119giem, powiniene\u015b pomy\u015ble\u0107 o w\u0142asnych produktach z w\u0142asnym layoutem\/logo i tam te\u017c mo\u017cemy Ci\u0119 wesprze\u0107.  <\/p>\n<p>&nbsp;<\/p>\n<p>Wspieramy r\u00f3wnie\u017c Ciebie jako now\u0105 firm\u0119: A<span> <\/span><b>Firma start-up <\/b>to nowo powsta\u0142e przedsi\u0119biorstwo o szczeg\u00f3lnie innowacyjnym pomy\u015ble na biznes. Nasi klienci z sektora start-up\u00f3w cz\u0119sto finansuj\u0105 si\u0119 poprzez banki rozwojowe, venture capital lub cz\u0119sto r\u00f3wnie\u017c poprzez crowdfunding. Cz\u0119sto s\u0105 to obszary biznesowe, kt\u00f3re nie s\u0105 jeszcze tak mocno ucz\u0119szczane w sieci i buduje si\u0119 nowy obszar rynku internetowego. Innowacyjno\u015b\u0107 i skalowalno\u015b\u0107 jest cz\u0119sto bardzo wysoka. W wielu przypadkach start-upy s\u0105 po kilku latach obecno\u015bci na rynku ponownie sprzedawane przez za\u0142o\u017cyciela; cz\u0119sto dotyczy to r\u00f3wnie\u017c marek, kt\u00f3re z powodzeniem zaistnia\u0142y w Amazonie.  <span>W 2020 r., wed\u0142ug German Startup Monitor (DSM), najwi\u0119cej startup\u00f3w powsta\u0142o w sektorze technologii informacyjnych i komunikacyjnych &#8211; 31,8 %, a nast\u0119pnie w sektorze \u017cywno\u015bci i artyku\u0142\u00f3w spo\u017cywczych\/d\u00f3br konsumpcyjnych &#8211; 10,7 %. Start-upy cz\u0119sto nie maj\u0105 jeszcze w\u0142asnej struktury dla projektu w obszarze <strong>importu z Chin<\/strong>.Cz\u0119sto jednak pierwszy rzut oka pada na Chiny, poniewa\u017c kr\u00f3tkoterminowe produkcje i korzystny rozw\u00f3j s\u0105 tam zazwyczaj du\u017co \u0142atwiejsze do zorganizowania ni\u017c w Europie, ale obarczone du\u017co wi\u0119kszym ryzykiem i dlatego jeste\u015bmy partnerem startup\u00f3w, aby startup m\u00f3g\u0142 ju\u017c w pocz\u0105tkowej fazie dzia\u0142a\u0107 jak firma, kt\u00f3ra dzia\u0142a w danej dziedzinie ju\u017c od kilku lat. #<\/span><sup id=\"cite_ref-26\" class=\"reference\"><\/sup><\/p>\n<p>Z badania 101 start-up\u00f3w<sup id=\"cite_ref-36\" class=\"reference\"><\/sup><span> <\/span> , kt\u00f3re ponios\u0142y pora\u017ck\u0119 w przesz\u0142o\u015bci wynika, \u017ce trzy najwa\u017cniejsze przyczyny niepowodzenia s\u0105 nast\u0119puj\u0105ce:<\/p>\n<ol>\n<li>Powsta\u0142 produkt, kt\u00f3rego nikt nie chcia\u0142 kupi\u0107. (42 procent)<\/li>\n<li>Bud\u017cet zosta\u0142 wyczerpany, zanim uda\u0142o si\u0119 osi\u0105gn\u0105\u0107 wystarczaj\u0105cy obr\u00f3t. (29 proc.)<\/li>\n<li>Zesp\u00f3\u0142 za\u0142o\u017cycielski nie pasowa\u0142 do siebie psychologicznie. (23 procent)<\/li>\n<\/ol>\n<p>Na czwartym miejscu znajduje si\u0119 przyczyna zewn\u0119trzna: konkurent by\u0142 silniejszy lub nawet tak silny, \u017ce startup nie m\u00f3g\u0142 z nim wygra\u0107. Dlatego anga\u017cujemy si\u0119 w pomoc start-upom w znalezieniu rozwi\u0105za\u0144, kt\u00f3re pozwol\u0105 im sta\u0107 si\u0119 w kr\u00f3tkim czasie silniejszymi od ich pocz\u0105tkowo najsilniejszych konkurent\u00f3w.<\/p>\n<p>&nbsp;<\/p>\n<p><strong>Jeste\u015b osob\u0105 rozpoczynaj\u0105c\u0105 dzia\u0142alno\u015b\u0107 i chcia\u0142by\u015b uzyska\u0107 porad\u0119 w zakresie zak\u0142adania firmy lub jeste\u015b osob\u0105 rozpoczynaj\u0105c\u0105 dzia\u0142alno\u015b\u0107 i potrzebujesz naszego wsparcia w zakresie organizacji zakup\u00f3w, logistyki i\/lub sprzeda\u017cy online? Zapraszamy do kontaktu z nami, a ch\u0119tnie po\u015bwi\u0119cimy czas na opracowanie strategii dla Pa\u0144stwa.<\/strong>.<\/p>\n<p><span><\/span><\/p>\n<p>[\/et_pb_text][\/et_pb_column][\/et_pb_row][et_pb_row _builder_version=&#8221;4.18.1&#8243; _module_preset=&#8221;default&#8221; global_colors_info=&#8221;{}&#8221;][et_pb_column type=&#8221;4_4&#8243; _builder_version=&#8221;4.18.1&#8243; _module_preset=&#8221;default&#8221; global_colors_info=&#8221;{}&#8221;][\/et_pb_column][\/et_pb_row][\/et_pb_section][et_pb_section fb_built=&#8221;1&#8243; admin_label=&#8221;Testimonials&#8221; _builder_version=&#8221;4.16&#8243; use_background_color_gradient=&#8221;on&#8221; background_color_gradient_stops=&#8221;rgba(0,106,156,0.85) 0%|rgba(0,106,156,0.85) 100%&#8221; background_color_gradient_start=&#8221;rgba(0,106,156,0.85)&#8221; background_color_gradient_end=&#8221;rgba(0,106,156,0.85)&#8221; custom_padding=&#8221;90px||60px|&#8221; animation_style=&#8221;fold&#8221; animation_direction=&#8221;bottom&#8221; animation_intensity_fold=&#8221;4%&#8221; global_colors_info=&#8221;{}&#8221;][et_pb_row _builder_version=&#8221;4.16&#8243; background_size=&#8221;initial&#8221; background_position=&#8221;top_left&#8221; background_repeat=&#8221;repeat&#8221; custom_width_px=&#8221;710px&#8221; locked=&#8221;off&#8221; global_colors_info=&#8221;{}&#8221;][et_pb_column type=&#8221;4_4&#8243; _builder_version=&#8221;4.16&#8243; background_position=&#8221;top_left&#8221; custom_padding=&#8221;|||&#8221; global_colors_info=&#8221;{}&#8221; custom_padding__hover=&#8221;|||&#8221;][et_pb_text admin_label=&#8221;Testimonials Section Title&#8221; _builder_version=&#8221;4.16&#8243; header_font=&#8221;Montserrat||||&#8221; header_font_size=&#8221;36px&#8221; background_size=&#8221;initial&#8221; background_position=&#8221;top_left&#8221; background_repeat=&#8221;repeat&#8221; text_orientation=&#8221;center&#8221; background_layout=&#8221;dark&#8221; max_width=&#8221;710px&#8221; module_alignment=&#8221;center&#8221; animation_style=&#8221;fold&#8221; animation_direction=&#8221;bottom&#8221; animation_intensity_fold=&#8221;20%&#8221; global_colors_info=&#8221;{}&#8221;]<\/p>\n<h1>Ponad 5000 zadowolonych klient\u00f3w.<\/h1>\n<p>&nbsp;<\/p>\n<p>[\/et_pb_text][et_pb_divider color=&#8221;#ffffff&#8221; divider_weight=&#8221;3px&#8221; disabled_on=&#8221;off|off|off&#8221; _builder_version=&#8221;4.16&#8243; background_color_gradient_direction=&#8221;90deg&#8221; max_width=&#8221;100px&#8221; module_alignment=&#8221;center&#8221; height=&#8221;5px&#8221; custom_margin=&#8221;||20px|&#8221; custom_padding=&#8221;||20px|&#8221; animation_style=&#8221;slide&#8221; animation_direction=&#8221;bottom&#8221; saved_tabs=&#8221;all&#8221; locked=&#8221;off&#8221; global_colors_info=&#8221;{}&#8221;][\/et_pb_divider][\/et_pb_column][\/et_pb_row][et_pb_row column_structure=&#8221;1_2,1_2&#8243; _builder_version=&#8221;4.18.1&#8243; _module_preset=&#8221;default&#8221; global_colors_info=&#8221;{}&#8221;][et_pb_column type=&#8221;1_2&#8243; _builder_version=&#8221;4.18.1&#8243; _module_preset=&#8221;default&#8221; global_colors_info=&#8221;{}&#8221;][et_pb_testimonial author=&#8221;Marco&#8221; portrait_url=&#8221;https:\/\/ag-frisch.com\/wp-content\/uploads\/2021\/08\/Harald.png&#8221; quote_icon=&#8221;off&#8221; _builder_version=&#8221;4.18.1&#8243; _module_preset=&#8221;default&#8221; body_font_size=&#8221;16px&#8221; use_background_color=&#8221;off&#8221; background_layout=&#8221;dark&#8221; global_colors_info=&#8221;{}&#8221;]Zleci\u0142em agencji Frisch wyprodukowanie du\u017cego mebla w Chinach, a nast\u0119pnie sprowadzenie go do Niemiec. Przez ca\u0142y czas by\u0142a sprawna komunikacja mailowa! Bardzo szybkie i rzetelne odpowiedzi stale dodawa\u0142y mi otuchy, kt\u00f3ra jest niezb\u0119dna w takim przedsi\u0119wzi\u0119ciu. Przez ca\u0142y czas pomagano mi przebrn\u0105\u0107 przez biurokratyczny g\u0105szcz, nie zapomniano o \u017cadnym formularzu ani nie wype\u0142niono go b\u0142\u0119dnie. Bardzo godne pochwa\u0142y!<a href=\"&lt;div%20class=%22pe-richsnippets%22&gt;&nbsp;&lt;\/div&gt;%20&lt;script%20type=%22text\/javascript%22%20src=%22https:\/\/www.provenexpert.com\/widget\/richsnippet.js?u=1NUA0VwZ4RUZ5tmAi5zA4RaplNKAlWwZ&amp;v=2%22%20async&gt;&lt;\/script&gt;%20&lt;div%20style=%22text-align:%20justify;%22&gt;&lt;br%20\/&gt;\"><\/a><\/p>\n<div class=\"brow ratingBarMargin\">\n<div class=\"ratingBar\">\n<div class=\"brow\">\n<div class=\"pe-richsnippets\">&nbsp;<\/div>\n<p><script type=\"text\/javascript\" src=\"https:\/\/www.provenexpert.com\/widget\/richsnippet.js?u=1NUA0VwZ4RUZ5tmAi5zA4RaplNKAlWwZ&amp;v=2\" async=\"\"><\/script><\/p>\n<div style=\"text-align: justify;\"><\/p>\n<div class=\"col-lg-9 col-md-8 col-xs-10 mt20 mb20\">\n<div class=\"col-xs-12 surveyNameForRating\"><\/div>\n<\/div>\n<\/div>\n<\/div>\n<\/div>\n<\/div>\n<p>[\/et_pb_testimonial][\/et_pb_column][et_pb_column type=&#8221;1_2&#8243; _builder_version=&#8221;4.18.1&#8243; _module_preset=&#8221;default&#8221; global_colors_info=&#8221;{}&#8221;][et_pb_testimonial author=&#8221;Simone L.&#8221; portrait_url=&#8221;https:\/\/ag-frisch.com\/wp-content\/uploads\/2021\/08\/Harald.png&#8221; quote_icon=&#8221;off&#8221; _builder_version=&#8221;4.18.1&#8243; _module_preset=&#8221;default&#8221; body_font_size=&#8221;16px&#8221; use_background_color=&#8221;off&#8221; background_layout=&#8221;dark&#8221; global_colors_info=&#8221;{}&#8221;]<\/p>\n<p>Ca\u0142a g\u00f3ra. Nie ma nic lepszego ni\u017c to. Doradzanie i wdra\u017canie nie mo\u017ce by\u0107 zrobione lepiej. Jeste\u015bmy bardziej ni\u017c zadowoleni po kilku zam\u00f3wieniach z t\u0105 firm\u0105 i kontynuowa\u0107 nasz\u0105 wsp\u00f3\u0142prac\u0119.<\/p>\n<div class=\"brow ratingBarMargin\">\n<div class=\"ratingBar\">\n<div class=\"brow\">\n<div class=\"pe-richsnippets\"> <\/div>\n<p>\n<script type=\"text\/javascript\" src=\"https:\/\/www.provenexpert.com\/widget\/richsnippet.js?u=1NUA0VwZ4RUZ5tmAi5zA4RaplNKAlWwZ&amp;v=2\" async=\"\"><\/script>\n<\/p>\n<div style=\"text-align: justify;\">\n<p>&nbsp;<\/p>\n<div class=\"col-lg-9 col-md-8 col-xs-10 mt20 mb20\">\n<div class=\"col-xs-12 surveyNameForRating\"><\/div>\n<\/div>\n<\/div>\n<\/div>\n<\/div>\n<\/div>\n<p>[\/et_pb_testimonial][\/et_pb_column][\/et_pb_row][et_pb_row _builder_version=&#8221;4.16&#8243; background_size=&#8221;initial&#8221; background_position=&#8221;top_left&#8221; background_repeat=&#8221;repeat&#8221; custom_padding=&#8221;50px|0px|30px|0px&#8221; custom_css_main_element=&#8221;text-align: center;&#8221; global_colors_info=&#8221;{}&#8221;][et_pb_column type=&#8221;4_4&#8243; _builder_version=&#8221;4.16&#8243; custom_padding=&#8221;|||&#8221; global_colors_info=&#8221;{}&#8221; custom_padding__hover=&#8221;|||&#8221;][et_pb_button button_url=&#8221;https:\/\/www.provenexpert.com\/de-de\/agentur-frisch-international-consulting-gmbh-und-co-kg\/&#8221; button_text=&#8221;WI\u0118CEJ OCEN&#8221; button_alignment=&#8221;left&#8221; admin_label=&#8221;Testimonial Button&#8221; _builder_version=&#8221;4.16&#8243; custom_button=&#8221;on&#8221; button_text_size=&#8221;18px&#8221; button_text_color=&#8221;#ffffff&#8221; button_bg_color=&#8221;#6eba01&#8243; button_border_width=&#8221;2px&#8221; button_border_color=&#8221;#6eba01&#8243; button_border_radius=&#8221;0px&#8221; button_letter_spacing=&#8221;2px&#8221; button_font=&#8221;Montserrat|||on|&#8221; button_use_icon=&#8221;off&#8221; animation_style=&#8221;fold&#8221; animation_direction=&#8221;bottom&#8221; button_text_color_hover=&#8221;#ffffff&#8221; button_border_color_hover=&#8221;#ffffff&#8221; button_border_radius_hover=&#8221;0px&#8221; button_letter_spacing_hover=&#8221;2px&#8221; button_bg_color_hover=&#8221;rgba(255,255,255,0)&#8221; locked=&#8221;off&#8221; global_colors_info=&#8221;{}&#8221; button_text_size__hover_enabled=&#8221;off&#8221; button_one_text_size__hover_enabled=&#8221;off&#8221; button_two_text_size__hover_enabled=&#8221;off&#8221; button_text_color__hover_enabled=&#8221;on&#8221; button_text_color__hover=&#8221;#ffffff&#8221; button_one_text_color__hover_enabled=&#8221;off&#8221; button_two_text_color__hover_enabled=&#8221;off&#8221; button_border_width__hover_enabled=&#8221;off&#8221; button_one_border_width__hover_enabled=&#8221;off&#8221; button_two_border_width__hover_enabled=&#8221;off&#8221; button_border_color__hover_enabled=&#8221;on&#8221; button_border_color__hover=&#8221;#ffffff&#8221; button_one_border_color__hover_enabled=&#8221;off&#8221; button_two_border_color__hover_enabled=&#8221;off&#8221; button_border_radius__hover_enabled=&#8221;on&#8221; button_border_radius__hover=&#8221;0px&#8221; button_one_border_radius__hover_enabled=&#8221;off&#8221; button_two_border_radius__hover_enabled=&#8221;off&#8221; button_letter_spacing__hover_enabled=&#8221;on&#8221; button_letter_spacing__hover=&#8221;2px&#8221; button_one_letter_spacing__hover_enabled=&#8221;off&#8221; button_two_letter_spacing__hover_enabled=&#8221;off&#8221; button_bg_color__hover_enabled=&#8221;on&#8221; button_bg_color__hover=&#8221;rgba(255,255,255,0)&#8221; button_one_bg_color__hover_enabled=&#8221;off&#8221; button_two_bg_color__hover_enabled=&#8221;off&#8221;][\/et_pb_button][\/et_pb_column][\/et_pb_row][\/et_pb_section]<\/p>\n","protected":false},"excerpt":{"rendered":"<p>Agencja Frisch wspiera Pa\u0144stwa od samego pocz\u0105tku w dzia\u0142alno\u015bci importowej do Chin i w budowaniu w\u0142asnej marki. Przedsi\u0119biorcy i start-upy, jak r\u00f3wnie\u017c osoby prowadz\u0105ce jednoosobow\u0105 dzia\u0142alno\u015b\u0107 gospodarcz\u0105 i influencerzy Czym s\u0105 startupy i jak mo\u017cemy im pom\u00f3c? Jako firma jednoosobowa nie musisz si\u0119 martwi\u0107, \u017ce Tw\u00f3j projekt jest dla nas za ma\u0142y. Rozwijali\u015bmy si\u0119 z [&hellip;]<\/p>\n","protected":false},"author":2,"featured_media":0,"parent":8651,"menu_order":0,"comment_status":"closed","ping_status":"closed","template":"","meta":{"_et_pb_use_builder":"on","_et_pb_old_content":"","_et_gb_content_width":"","footnotes":""},"class_list":["post-8711","page","type-page","status-publish","hentry"],"yoast_head":"<!-- This site is optimized with the Yoast SEO plugin v27.4 - https:\/\/yoast.com\/product\/yoast-seo-wordpress\/ -->\n<title>Produkty z Chin dla start-up\u00f3w i przedsi\u0119biorc\u00f3w<\/title>\n<meta name=\"description\" content=\"Kupuj jako startup w Chinach \u25bb Produkty z Chin dla startup\u00f3w \u2713 Partner B2B dla importu z Chin \u2713 \u25bb Uzyskaj porady ekspert\u00f3w teraz!\" \/>\n<meta name=\"robots\" content=\"index, follow, max-snippet:-1, max-image-preview:large, max-video-preview:-1\" \/>\n<link rel=\"canonical\" href=\"https:\/\/ag-frisch.com\/pl\/nasze-grupy-docelowe\/zalozyciele-i-startupy\/\" \/>\n<meta property=\"og:locale\" content=\"pl_PL\" \/>\n<meta property=\"og:type\" content=\"article\" \/>\n<meta property=\"og:title\" content=\"Produkty z Chin dla start-up\u00f3w i przedsi\u0119biorc\u00f3w\" \/>\n<meta property=\"og:description\" content=\"Kupuj jako startup w Chinach \u25bb Produkty z Chin dla startup\u00f3w \u2713 Partner B2B dla importu z Chin \u2713 \u25bb Uzyskaj porady ekspert\u00f3w teraz!\" \/>\n<meta property=\"og:url\" content=\"https:\/\/ag-frisch.com\/pl\/nasze-grupy-docelowe\/zalozyciele-i-startupy\/\" \/>\n<meta property=\"og:site_name\" content=\"China Import Beratung f\u00fcr den Einkauf aus China\" \/>\n<meta property=\"article:publisher\" content=\"https:\/\/www.facebook.com\/China.Import\" \/>\n<meta property=\"article:modified_time\" content=\"2023-01-26T20:18:54+00:00\" \/>\n<meta name=\"twitter:card\" content=\"summary_large_image\" \/>\n<meta name=\"twitter:site\" content=\"@agenturfrisch\" \/>\n<meta name=\"twitter:label1\" content=\"Szacowany czas czytania\" \/>\n\t<meta name=\"twitter:data1\" content=\"7 minut\" \/>\n<script type=\"application\/ld+json\" class=\"yoast-schema-graph\">{\"@context\":\"https:\\\/\\\/schema.org\",\"@graph\":[{\"@type\":\"WebPage\",\"@id\":\"https:\\\/\\\/ag-frisch.com\\\/pl\\\/nasze-grupy-docelowe\\\/zalozyciele-i-startupy\\\/\",\"url\":\"https:\\\/\\\/ag-frisch.com\\\/pl\\\/nasze-grupy-docelowe\\\/zalozyciele-i-startupy\\\/\",\"name\":\"Produkty z Chin dla start-up\u00f3w i przedsi\u0119biorc\u00f3w\",\"isPartOf\":{\"@id\":\"https:\\\/\\\/ag-frisch.com\\\/de\\\/#website\"},\"datePublished\":\"2021-09-12T05:52:47+00:00\",\"dateModified\":\"2023-01-26T20:18:54+00:00\",\"description\":\"Kupuj jako startup w Chinach \u25bb Produkty z Chin dla startup\u00f3w \u2713 Partner B2B dla importu z Chin \u2713 \u25bb Uzyskaj porady ekspert\u00f3w teraz!\",\"breadcrumb\":{\"@id\":\"https:\\\/\\\/ag-frisch.com\\\/pl\\\/nasze-grupy-docelowe\\\/zalozyciele-i-startupy\\\/#breadcrumb\"},\"inLanguage\":\"pl-PL\",\"potentialAction\":[{\"@type\":\"ReadAction\",\"target\":[\"https:\\\/\\\/ag-frisch.com\\\/pl\\\/nasze-grupy-docelowe\\\/zalozyciele-i-startupy\\\/\"]}]},{\"@type\":\"BreadcrumbList\",\"@id\":\"https:\\\/\\\/ag-frisch.com\\\/pl\\\/nasze-grupy-docelowe\\\/zalozyciele-i-startupy\\\/#breadcrumb\",\"itemListElement\":[{\"@type\":\"ListItem\",\"position\":1,\"name\":\"Startseite\",\"item\":\"https:\\\/\\\/ag-frisch.com\\\/de\\\/\"},{\"@type\":\"ListItem\",\"position\":2,\"name\":\"Nasze grupy docelowe\",\"item\":\"https:\\\/\\\/ag-frisch.com\\\/pl\\\/nasze-grupy-docelowe\\\/\"},{\"@type\":\"ListItem\",\"position\":3,\"name\":\"Za\u0142o\u017cyciele i startupy\"}]},{\"@type\":\"WebSite\",\"@id\":\"https:\\\/\\\/ag-frisch.com\\\/de\\\/#website\",\"url\":\"https:\\\/\\\/ag-frisch.com\\\/de\\\/\",\"name\":\"China Import Beratung f\u00fcr den Einkauf aus China\",\"description\":\"China Import &amp; Export Beratung - Der Dienstleister Ihres Vertrauens f\u00fcr Ihren China Import\",\"publisher\":{\"@id\":\"https:\\\/\\\/ag-frisch.com\\\/de\\\/#organization\"},\"potentialAction\":[{\"@type\":\"SearchAction\",\"target\":{\"@type\":\"EntryPoint\",\"urlTemplate\":\"https:\\\/\\\/ag-frisch.com\\\/de\\\/?s={search_term_string}\"},\"query-input\":{\"@type\":\"PropertyValueSpecification\",\"valueRequired\":true,\"valueName\":\"search_term_string\"}}],\"inLanguage\":\"pl-PL\"},{\"@type\":\"Organization\",\"@id\":\"https:\\\/\\\/ag-frisch.com\\\/de\\\/#organization\",\"name\":\"Agentur Frisch International Consulting GmbH & Co. KG\",\"url\":\"https:\\\/\\\/ag-frisch.com\\\/de\\\/\",\"logo\":{\"@type\":\"ImageObject\",\"inLanguage\":\"pl-PL\",\"@id\":\"https:\\\/\\\/ag-frisch.com\\\/de\\\/#\\\/schema\\\/logo\\\/image\\\/\",\"url\":\"https:\\\/\\\/ag-frisch.com\\\/wp-content\\\/uploads\\\/2021\\\/08\\\/ag_logo_rgb_300_small.png\",\"contentUrl\":\"https:\\\/\\\/ag-frisch.com\\\/wp-content\\\/uploads\\\/2021\\\/08\\\/ag_logo_rgb_300_small.png\",\"width\":153,\"height\":102,\"caption\":\"Agentur Frisch International Consulting GmbH & Co. KG\"},\"image\":{\"@id\":\"https:\\\/\\\/ag-frisch.com\\\/de\\\/#\\\/schema\\\/logo\\\/image\\\/\"},\"sameAs\":[\"https:\\\/\\\/www.facebook.com\\\/China.Import\",\"https:\\\/\\\/x.com\\\/agenturfrisch\"]}]}<\/script>\n<!-- \/ Yoast SEO plugin. -->","yoast_head_json":{"title":"Produkty z Chin dla start-up\u00f3w i przedsi\u0119biorc\u00f3w","description":"Kupuj jako startup w Chinach \u25bb Produkty z Chin dla startup\u00f3w \u2713 Partner B2B dla importu z Chin \u2713 \u25bb Uzyskaj porady ekspert\u00f3w teraz!","robots":{"index":"index","follow":"follow","max-snippet":"max-snippet:-1","max-image-preview":"max-image-preview:large","max-video-preview":"max-video-preview:-1"},"canonical":"https:\/\/ag-frisch.com\/pl\/nasze-grupy-docelowe\/zalozyciele-i-startupy\/","og_locale":"pl_PL","og_type":"article","og_title":"Produkty z Chin dla start-up\u00f3w i przedsi\u0119biorc\u00f3w","og_description":"Kupuj jako startup w Chinach \u25bb Produkty z Chin dla startup\u00f3w \u2713 Partner B2B dla importu z Chin \u2713 \u25bb Uzyskaj porady ekspert\u00f3w teraz!","og_url":"https:\/\/ag-frisch.com\/pl\/nasze-grupy-docelowe\/zalozyciele-i-startupy\/","og_site_name":"China Import Beratung f\u00fcr den Einkauf aus China","article_publisher":"https:\/\/www.facebook.com\/China.Import","article_modified_time":"2023-01-26T20:18:54+00:00","twitter_card":"summary_large_image","twitter_site":"@agenturfrisch","twitter_misc":{"Szacowany czas czytania":"7 minut"},"schema":{"@context":"https:\/\/schema.org","@graph":[{"@type":"WebPage","@id":"https:\/\/ag-frisch.com\/pl\/nasze-grupy-docelowe\/zalozyciele-i-startupy\/","url":"https:\/\/ag-frisch.com\/pl\/nasze-grupy-docelowe\/zalozyciele-i-startupy\/","name":"Produkty z Chin dla start-up\u00f3w i przedsi\u0119biorc\u00f3w","isPartOf":{"@id":"https:\/\/ag-frisch.com\/de\/#website"},"datePublished":"2021-09-12T05:52:47+00:00","dateModified":"2023-01-26T20:18:54+00:00","description":"Kupuj jako startup w Chinach \u25bb Produkty z Chin dla startup\u00f3w \u2713 Partner B2B dla importu z Chin \u2713 \u25bb Uzyskaj porady ekspert\u00f3w teraz!","breadcrumb":{"@id":"https:\/\/ag-frisch.com\/pl\/nasze-grupy-docelowe\/zalozyciele-i-startupy\/#breadcrumb"},"inLanguage":"pl-PL","potentialAction":[{"@type":"ReadAction","target":["https:\/\/ag-frisch.com\/pl\/nasze-grupy-docelowe\/zalozyciele-i-startupy\/"]}]},{"@type":"BreadcrumbList","@id":"https:\/\/ag-frisch.com\/pl\/nasze-grupy-docelowe\/zalozyciele-i-startupy\/#breadcrumb","itemListElement":[{"@type":"ListItem","position":1,"name":"Startseite","item":"https:\/\/ag-frisch.com\/de\/"},{"@type":"ListItem","position":2,"name":"Nasze grupy docelowe","item":"https:\/\/ag-frisch.com\/pl\/nasze-grupy-docelowe\/"},{"@type":"ListItem","position":3,"name":"Za\u0142o\u017cyciele i startupy"}]},{"@type":"WebSite","@id":"https:\/\/ag-frisch.com\/de\/#website","url":"https:\/\/ag-frisch.com\/de\/","name":"China Import Beratung f\u00fcr den Einkauf aus China","description":"China Import &amp; Export Beratung - Der Dienstleister Ihres Vertrauens f\u00fcr Ihren China Import","publisher":{"@id":"https:\/\/ag-frisch.com\/de\/#organization"},"potentialAction":[{"@type":"SearchAction","target":{"@type":"EntryPoint","urlTemplate":"https:\/\/ag-frisch.com\/de\/?s={search_term_string}"},"query-input":{"@type":"PropertyValueSpecification","valueRequired":true,"valueName":"search_term_string"}}],"inLanguage":"pl-PL"},{"@type":"Organization","@id":"https:\/\/ag-frisch.com\/de\/#organization","name":"Agentur Frisch International Consulting GmbH & Co. KG","url":"https:\/\/ag-frisch.com\/de\/","logo":{"@type":"ImageObject","inLanguage":"pl-PL","@id":"https:\/\/ag-frisch.com\/de\/#\/schema\/logo\/image\/","url":"https:\/\/ag-frisch.com\/wp-content\/uploads\/2021\/08\/ag_logo_rgb_300_small.png","contentUrl":"https:\/\/ag-frisch.com\/wp-content\/uploads\/2021\/08\/ag_logo_rgb_300_small.png","width":153,"height":102,"caption":"Agentur Frisch International Consulting GmbH & Co. KG"},"image":{"@id":"https:\/\/ag-frisch.com\/de\/#\/schema\/logo\/image\/"},"sameAs":["https:\/\/www.facebook.com\/China.Import","https:\/\/x.com\/agenturfrisch"]}]}},"_links":{"self":[{"href":"https:\/\/ag-frisch.com\/pl\/wp-json\/wp\/v2\/pages\/8711","targetHints":{"allow":["GET"]}}],"collection":[{"href":"https:\/\/ag-frisch.com\/pl\/wp-json\/wp\/v2\/pages"}],"about":[{"href":"https:\/\/ag-frisch.com\/pl\/wp-json\/wp\/v2\/types\/page"}],"author":[{"embeddable":true,"href":"https:\/\/ag-frisch.com\/pl\/wp-json\/wp\/v2\/users\/2"}],"replies":[{"embeddable":true,"href":"https:\/\/ag-frisch.com\/pl\/wp-json\/wp\/v2\/comments?post=8711"}],"version-history":[{"count":0,"href":"https:\/\/ag-frisch.com\/pl\/wp-json\/wp\/v2\/pages\/8711\/revisions"}],"up":[{"embeddable":true,"href":"https:\/\/ag-frisch.com\/pl\/wp-json\/wp\/v2\/pages\/8651"}],"wp:attachment":[{"href":"https:\/\/ag-frisch.com\/pl\/wp-json\/wp\/v2\/media?parent=8711"}],"curies":[{"name":"wp","href":"https:\/\/api.w.org\/{rel}","templated":true}]}}