{"id":8728,"date":"2021-09-12T07:56:03","date_gmt":"2021-09-12T05:56:03","guid":{"rendered":"https:\/\/ag-frisch.com\/nasze-grupy-docelowe\/hurtownicy-i-dystrybutorzy\/"},"modified":"2023-01-26T21:12:37","modified_gmt":"2023-01-26T20:12:37","slug":"hurtownicy-i-dystrybutorzy","status":"publish","type":"page","link":"https:\/\/ag-frisch.com\/pl\/nasze-grupy-docelowe\/hurtownicy-i-dystrybutorzy\/","title":{"rendered":"Hurtownicy i dystrybutorzy"},"content":{"rendered":"<p>[et_pb_section fb_built=&#8221;1&#8243; _builder_version=&#8221;4.16&#8243; _module_preset=&#8221;default&#8221; global_colors_info=&#8221;{}&#8221;][et_pb_row _builder_version=&#8221;4.18.1&#8243; _module_preset=&#8221;default&#8221; global_colors_info=&#8221;{}&#8221;][et_pb_column type=&#8221;4_4&#8243; _builder_version=&#8221;4.18.1&#8243; _module_preset=&#8221;default&#8221; global_colors_info=&#8221;{}&#8221;][et_pb_cta title=&#8221;Zamawianie jako hurtownik i dystrybutor z Chin&#8221; button_url=&#8221;https:\/\/ag-frisch.com\/pl\/kontakt\/&#8221; button_text=&#8221;Zarezerwuj konsultacj\u0119 ju\u017c teraz&#8221; _builder_version=&#8221;4.18.1&#8243; _module_preset=&#8221;default&#8221; hover_enabled=&#8221;0&#8243; global_colors_info=&#8221;{}&#8221; sticky_enabled=&#8221;0&#8243;]<\/p>\n<p>Dzi\u0119ki poradom Agencji Importu Chin Frisch uda Ci si\u0119 prowadzi\u0107 interesy z Chinami tak, jakby robili to profesjonali\u015bci.<\/p>\n<p>[\/et_pb_cta][\/et_pb_column][\/et_pb_row][et_pb_row _builder_version=&#8221;4.16&#8243; _module_preset=&#8221;default&#8221; global_colors_info=&#8221;{}&#8221;][et_pb_column type=&#8221;4_4&#8243; _builder_version=&#8221;4.16&#8243; _module_preset=&#8221;default&#8221; global_colors_info=&#8221;{}&#8221;][et_pb_text _builder_version=&#8221;4.16&#8243; _module_preset=&#8221;default&#8221; global_colors_info=&#8221;{}&#8221;]<\/p>\n<h2><strong>Hurtownicy i dystrybutorzy<\/strong><\/h2>\n<p><strong>Kupowanie w du\u017cych ilo\u015bciach: Hurtownie importowe z Chin<\/strong><\/p>\n<p>Jako hurtownik stoisz przed szczeg\u00f3lnymi wyzwaniami. Jeste\u015b odpowiedzialny za towary wobec swoich wa\u017cnych partner\u00f3w handlowych i musisz zdecydowa\u0107 si\u0119 na m\u0105dr\u0105 r\u00f3wnowag\u0119 mi\u0119dzy cen\u0105 a jako\u015bci\u0105. Agentur Frisch jest Pa\u0144stwa silnym partnerem przy zakupie du\u017cych ilo\u015bci bezpo\u015brednio od producenta: tutaj jako\u015b\u0107, cena i wydajno\u015b\u0107 s\u0105 w\u0142a\u015bciwe.<\/p>\n<p>&nbsp;<\/p>\n<p><strong>Najlepsze po\u0142\u0105czenia dla Twojego zysku<\/strong><\/p>\n<p>Aby uzyska\u0107 najlepsze mar\u017ce zysku przy zakupie du\u017cych ilo\u015bci w Chinach, konieczne s\u0105 dobre, stabilne po\u0142\u0105czenia handlowe. Agencja Frisch posiada wieloletnie do\u015bwiadczenie i wszechstronn\u0105 wiedz\u0119. Wsp\u00f3\u0142pracujemy tylko z producentami, kt\u00f3rych jako\u015b\u0107 i niezawodno\u015b\u0107 mo\u017cemy potwierdzi\u0107, a tak\u017ce po\u015bredniczymy tylko w sprzeda\u017cy towar\u00f3w, kt\u00f3re bez problemu przechodz\u0105 przez urz\u0105d celny. Nasze solidne, nierozerwalne po\u0142\u0105czenia z Chinami s\u0105 wa\u017cnym kamieniem w mozaice Twojego sukcesu biznesowego jako hurtownika, gdy kupujesz bezpo\u015brednio od producenta.<\/p>\n<p>&nbsp;<\/p>\n<p><strong>Budowanie w\u0142asnej marki dzi\u0119ki importowi z Chin<\/strong><\/p>\n<p>Czy nadal pr\u00f3bujesz zdoby\u0107 s\u0142aw\u0119? Zdoby\u0107 nowy segment w handlu hurtowym, dystrybuowa\u0107 nowy produkt lub nawet zleci\u0107 jego opracowanie? Agencja Frisch jest r\u00f3wnie\u017c w tym po Pa\u0144stwa stronie. Wsp\u00f3lnie analizujemy Pa\u0144stwa potrzeby i mo\u017cliwo\u015bci i na tej podstawie opracowujemy koncepcj\u0119 importu. To ukierunkowane, ustrukturyzowane podej\u015bcie zapewnia maksymalny sukces i minimalne ryzyko. Za\u0142atwiamy za Ciebie wszystkie sprawy, kt\u00f3re trzeba wzi\u0105\u0107 pod uwag\u0119 kupuj\u0105c bezpo\u015brednio od producenta w Chinach.<\/p>\n<p>&nbsp;<\/p>\n<p><strong>Nasz asortyment: tak r\u00f3\u017cnorodny jak import z Chin<\/strong><\/p>\n<p>Jako kompleksowy importer z Chin nie jeste\u015bmy ograniczeni do jednej bran\u017cy, ale mo\u017cemy dostarczy\u0107 Pa\u0144stwu praktycznie wszystkie dost\u0119pne towary dzi\u0119ki naszemu know-how, naszym kontaktom i naszej logistyce. Fragment naszej oferty biznesowej:<\/p>\n<ul>\n<li>Samochody, motocykle, e-rowery i rowery<\/li>\n<li>DIY, majsterkowanie, narz\u0119dzia<\/li>\n<li>Artyku\u0142y biurowe i handlowe, materia\u0142y pi\u015bmiennicze, materia\u0142y reklamowe<\/li>\n<li>Zdrowie, Wellness i Kosmetyki<\/li>\n<li>Sztuka i antyki (repliki)<\/li>\n<li>Urz\u0105dzenia gospodarstwa domowego, du\u017ce urz\u0105dzenia gospodarstwa domowego, ma\u0142e urz\u0105dzenia kuchenne i du\u017ce urz\u0105dzenia kuchenne<\/li>\n<li>Odzie\u017c, torby, buty i akcesoria<\/li>\n<li>i wiele innych.<\/li>\n<\/ul>\n<p><strong>Skontaktuj si\u0119 z nami, a my r\u00f3wnie\u017c zrealizujemy Twoje hurtowe zakupy w Chinach!<\/strong><\/p>\n<p>&nbsp;<\/p>\n<p><strong>Wodoszczelne umowy dla bezproblemowej wsp\u00f3\u0142pracy<\/strong><\/p>\n<p>Aby wsp\u00f3\u0142praca mi\u0119dzy hurtownikami a producentami w Chinach by\u0142a jak najbardziej niezawodna i pozbawiona komplikacji, niezb\u0119dne s\u0105 wa\u017cne umowy. Ch\u0119tnie podejmiemy si\u0119 tego zadania dla Pa\u0144stwa przy zakupie du\u017cych ilo\u015bci w Chinach lub budowaniu w\u0142asnej marki. Nasz dzia\u0142 prawny zajmuje si\u0119 sporz\u0105dzaniem um\u00f3w z dostawcami i w ten spos\u00f3b oszcz\u0119dza Pa\u0144stwu nieprzyjemnych niespodzianek.<\/p>\n<p>&nbsp;<\/p>\n<p><strong>Zgodno\u015b\u0107 i certyfikacja dla dystrybutor\u00f3w<\/strong><\/p>\n<p>Niemiecka ustawa o bezpiecze\u0144stwie produkt\u00f3w stanowi, \u017ce importer z Chin jest odpowiedzialny za importowane przez siebie towary. Analiza ryzyka jest podstaw\u0105 do oceny ryzyka zamawianych przez Pa\u0144stwa produkt\u00f3w. Obowi\u0105zkowe s\u0105 r\u00f3wnie\u017c regularne kontrole wyrywkowe i inspekcje pr\u00f3bek. Instrukcje bezpiecze\u0144stwa i oznaczenia CE mog\u0105 by\u0107 konieczne w zale\u017cno\u015bci od rodzaju produktu. Z wyprzedzeniem wyja\u015bniamy z Pa\u0144stwem i producentem dok\u0142adne kroki, kt\u00f3re nale\u017cy podj\u0105\u0107 &#8211; tak, aby mogli Pa\u0144stwo bez obaw kupowa\u0107 du\u017ce ilo\u015bci w Chinach.<\/p>\n<p>&nbsp;<\/p>\n<p><strong>Agentur Frisch: Agencja oferuj\u0105ca pe\u0142en zakres us\u0142ug w zakresie sprzeda\u017cy hurtowej z Chin<\/strong><\/p>\n<p>Agentur Frisch widzi siebie jako wszechstronnego dostawc\u0119 us\u0142ug dla Pa\u0144stwa masowego zakupu bezpo\u015brednio od producenta w Chinach. Dlatego oferujemy Pa\u0144stwu wszystkie us\u0142ugi zwi\u0105zane z zakupem du\u017cych ilo\u015bci w Chinach z jednego \u017ar\u00f3d\u0142a. Pozwala to zaoszcz\u0119dzi\u0107 koszty i czas oraz unikn\u0105\u0107 d\u0142ugich i kosztownych tras. Agencja Frisch zrobi to za Ciebie:<\/p>\n<ul>\n<li>Wyszukiwanie producent\u00f3w, negocjacje cenowe, projektowanie um\u00f3w<\/li>\n<li>Zgodno\u015b\u0107, zapewnienie jako\u015bci, inspekcje<\/li>\n<li>Logistyka, kontrola przywozu, wysy\u0142ka<\/li>\n<li>i wiele, wiele wi\u0119cej<\/li>\n<\/ul>\n<p>Niewa\u017cne, czy chcesz poszerzy\u0107 sw\u00f3j asortyment, czy za\u0142o\u017cy\u0107 w\u0142asn\u0105, now\u0105 mark\u0119, czy kupujesz du\u017ce ilo\u015bci bezpo\u015brednio od producenta w Chinach, czy masz inne plany: Agentur Frisch jest Twoim silnym partnerem w imporcie z Chin!<\/p>\n<p><strong> <\/strong><\/p>\n<p><strong>Hurtownicy i dystrybutorzy<\/strong><\/p>\n<p>Kupujesz i dystrybuujesz towary w du\u017cych ilo\u015bciach i masz do czynienia z du\u017cymi firmami handlowymi lub odbiorcami hurtowymi? Chcesz zbudowa\u0107 nowe produkty w swojej ofercie, wej\u015b\u0107 w obszary produktowe, w kt\u00f3rych Ty, lub Twoi kupuj\u0105cy nie maj\u0105 jeszcze do\u015bwiadczenia? A mo\u017ce chcia\u0142by\u015b wdro\u017cy\u0107 swoje w\u0142asne pomys\u0142y na produkty w Chinach i wci\u0105\u017c szukasz odpowiedniego partnera? Ch\u0119tnie pomo\u017cemy Ci w realizacji Twojego projektu w Chinach. Mo\u017cesz skupi\u0107 si\u0119 na swojej podstawowej dzia\u0142alno\u015bci, takiej jak rozw\u00f3j rynku i obs\u0142uga oraz na sprzeda\u017cy.<\/p>\n<p>[\/et_pb_text][\/et_pb_column][\/et_pb_row][\/et_pb_section][et_pb_section fb_built=&#8221;1&#8243; admin_label=&#8221;Testimonials&#8221; _builder_version=&#8221;4.16&#8243; use_background_color_gradient=&#8221;on&#8221; background_color_gradient_stops=&#8221;rgba(0,106,156,0.85) 0%|rgba(0,106,156,0.85) 100%&#8221; background_color_gradient_start=&#8221;rgba(0,106,156,0.85)&#8221; background_color_gradient_end=&#8221;rgba(0,106,156,0.85)&#8221; custom_padding=&#8221;90px||60px|&#8221; animation_style=&#8221;fold&#8221; animation_direction=&#8221;bottom&#8221; animation_intensity_fold=&#8221;4%&#8221; global_colors_info=&#8221;{}&#8221;][et_pb_row _builder_version=&#8221;4.16&#8243; background_size=&#8221;initial&#8221; background_position=&#8221;top_left&#8221; background_repeat=&#8221;repeat&#8221; custom_width_px=&#8221;710px&#8221; locked=&#8221;off&#8221; global_colors_info=&#8221;{}&#8221;][et_pb_column type=&#8221;4_4&#8243; _builder_version=&#8221;4.16&#8243; background_position=&#8221;top_left&#8221; custom_padding=&#8221;|||&#8221; global_colors_info=&#8221;{}&#8221; custom_padding__hover=&#8221;|||&#8221;][et_pb_text admin_label=&#8221;Testimonials Section Title&#8221; _builder_version=&#8221;4.16&#8243; header_font=&#8221;Montserrat||||&#8221; header_font_size=&#8221;36px&#8221; background_size=&#8221;initial&#8221; background_position=&#8221;top_left&#8221; background_repeat=&#8221;repeat&#8221; text_orientation=&#8221;center&#8221; background_layout=&#8221;dark&#8221; max_width=&#8221;710px&#8221; module_alignment=&#8221;center&#8221; animation_style=&#8221;fold&#8221; animation_direction=&#8221;bottom&#8221; animation_intensity_fold=&#8221;20%&#8221; global_colors_info=&#8221;{}&#8221;]<\/p>\n<h1>Ponad 5000 zadowolonych klient\u00f3w.<\/h1>\n<p>&nbsp;<\/p>\n<p>[\/et_pb_text][et_pb_divider color=&#8221;#ffffff&#8221; divider_weight=&#8221;3px&#8221; disabled_on=&#8221;off|off|off&#8221; _builder_version=&#8221;4.16&#8243; background_color_gradient_direction=&#8221;90deg&#8221; max_width=&#8221;100px&#8221; module_alignment=&#8221;center&#8221; height=&#8221;5px&#8221; custom_margin=&#8221;||20px|&#8221; custom_padding=&#8221;||20px|&#8221; animation_style=&#8221;slide&#8221; animation_direction=&#8221;bottom&#8221; saved_tabs=&#8221;all&#8221; locked=&#8221;off&#8221; global_colors_info=&#8221;{}&#8221;][\/et_pb_divider][\/et_pb_column][\/et_pb_row][et_pb_row column_structure=&#8221;1_2,1_2&#8243; _builder_version=&#8221;4.18.1&#8243; _module_preset=&#8221;default&#8221; global_colors_info=&#8221;{}&#8221;][et_pb_column type=&#8221;1_2&#8243; _builder_version=&#8221;4.18.1&#8243; _module_preset=&#8221;default&#8221; global_colors_info=&#8221;{}&#8221;][et_pb_testimonial author=&#8221;Marco&#8221; portrait_url=&#8221;https:\/\/ag-frisch.com\/wp-content\/uploads\/2021\/08\/Harald.png&#8221; quote_icon=&#8221;off&#8221; _builder_version=&#8221;4.18.1&#8243; _module_preset=&#8221;default&#8221; body_font_size=&#8221;16px&#8221; use_background_color=&#8221;off&#8221; background_layout=&#8221;dark&#8221; global_colors_info=&#8221;{}&#8221;]Zleci\u0142em agencji Frisch wyprodukowanie du\u017cego mebla w Chinach, a nast\u0119pnie sprowadzenie go do Niemiec. Przez ca\u0142y czas by\u0142a sprawna komunikacja mailowa! Bardzo szybkie i rzetelne odpowiedzi stale dodawa\u0142y mi otuchy, kt\u00f3ra jest niezb\u0119dna w takim przedsi\u0119wzi\u0119ciu. Przez ca\u0142y czas pomagano mi przebrn\u0105\u0107 przez biurokratyczny g\u0105szcz, nie zapomniano o \u017cadnym formularzu ani nie wype\u0142niono go b\u0142\u0119dnie. Bardzo godne pochwa\u0142y!<a href=\"&lt;div%20class=%22pe-richsnippets%22&gt;&nbsp;&lt;\/div&gt;%20&lt;script%20type=%22text\/javascript%22%20src=%22https:\/\/www.provenexpert.com\/widget\/richsnippet.js?u=1NUA0VwZ4RUZ5tmAi5zA4RaplNKAlWwZ&amp;v=2%22%20async&gt;&lt;\/script&gt;%20&lt;div%20style=%22text-align:%20justify;%22&gt;&lt;br%20\/&gt;\"><\/a><\/p>\n<div class=\"brow ratingBarMargin\">\n<div class=\"ratingBar\">\n<div class=\"brow\">\n<div class=\"pe-richsnippets\">&nbsp;<\/div>\n<p><script type=\"text\/javascript\" src=\"https:\/\/www.provenexpert.com\/widget\/richsnippet.js?u=1NUA0VwZ4RUZ5tmAi5zA4RaplNKAlWwZ&amp;v=2\" async=\"\"><\/script><\/p>\n<div style=\"text-align: justify;\"><\/p>\n<div class=\"col-lg-9 col-md-8 col-xs-10 mt20 mb20\">\n<div class=\"col-xs-12 surveyNameForRating\"><\/div>\n<\/div>\n<\/div>\n<\/div>\n<\/div>\n<\/div>\n<p>[\/et_pb_testimonial][\/et_pb_column][et_pb_column type=&#8221;1_2&#8243; _builder_version=&#8221;4.18.1&#8243; _module_preset=&#8221;default&#8221; global_colors_info=&#8221;{}&#8221;][et_pb_testimonial author=&#8221;Simone L.&#8221; portrait_url=&#8221;https:\/\/ag-frisch.com\/wp-content\/uploads\/2021\/08\/Harald.png&#8221; quote_icon=&#8221;off&#8221; _builder_version=&#8221;4.18.1&#8243; _module_preset=&#8221;default&#8221; body_font_size=&#8221;16px&#8221; use_background_color=&#8221;off&#8221; background_layout=&#8221;dark&#8221; global_colors_info=&#8221;{}&#8221;]<\/p>\n<p>Ca\u0142a g\u00f3ra. Nie ma nic lepszego ni\u017c to. Doradzanie i wdra\u017canie nie mo\u017ce by\u0107 zrobione lepiej. Jeste\u015bmy bardziej ni\u017c zadowoleni po kilku zam\u00f3wieniach z t\u0105 firm\u0105 i kontynuowa\u0107 nasz\u0105 wsp\u00f3\u0142prac\u0119.<\/p>\n<div class=\"brow ratingBarMargin\">\n<div class=\"ratingBar\">\n<div class=\"brow\">\n<div class=\"pe-richsnippets\"> <\/div>\n<p>\n<script type=\"text\/javascript\" src=\"https:\/\/www.provenexpert.com\/widget\/richsnippet.js?u=1NUA0VwZ4RUZ5tmAi5zA4RaplNKAlWwZ&amp;v=2\" async=\"\"><\/script>\n<\/p>\n<div style=\"text-align: justify;\">\n<p>&nbsp;<\/p>\n<div class=\"col-lg-9 col-md-8 col-xs-10 mt20 mb20\">\n<div class=\"col-xs-12 surveyNameForRating\"><\/div>\n<\/div>\n<\/div>\n<\/div>\n<\/div>\n<\/div>\n<p>[\/et_pb_testimonial][\/et_pb_column][\/et_pb_row][et_pb_row _builder_version=&#8221;4.16&#8243; background_size=&#8221;initial&#8221; background_position=&#8221;top_left&#8221; background_repeat=&#8221;repeat&#8221; custom_padding=&#8221;50px|0px|30px|0px&#8221; custom_css_main_element=&#8221;text-align: center;&#8221; global_colors_info=&#8221;{}&#8221;][et_pb_column type=&#8221;4_4&#8243; _builder_version=&#8221;4.16&#8243; custom_padding=&#8221;|||&#8221; global_colors_info=&#8221;{}&#8221; custom_padding__hover=&#8221;|||&#8221;][et_pb_button button_url=&#8221;https:\/\/www.provenexpert.com\/de-de\/agentur-frisch-international-consulting-gmbh-und-co-kg\/&#8221; button_text=&#8221;WI\u0118CEJ OCEN&#8221; button_alignment=&#8221;left&#8221; admin_label=&#8221;Testimonial Button&#8221; _builder_version=&#8221;4.16&#8243; custom_button=&#8221;on&#8221; button_text_size=&#8221;18px&#8221; button_text_color=&#8221;#ffffff&#8221; button_bg_color=&#8221;#6eba01&#8243; button_border_width=&#8221;2px&#8221; button_border_color=&#8221;#6eba01&#8243; button_border_radius=&#8221;0px&#8221; button_letter_spacing=&#8221;2px&#8221; button_font=&#8221;Montserrat|||on|&#8221; button_use_icon=&#8221;off&#8221; animation_style=&#8221;fold&#8221; animation_direction=&#8221;bottom&#8221; button_text_color_hover=&#8221;#ffffff&#8221; button_border_color_hover=&#8221;#ffffff&#8221; button_border_radius_hover=&#8221;0px&#8221; button_letter_spacing_hover=&#8221;2px&#8221; button_bg_color_hover=&#8221;rgba(255,255,255,0)&#8221; locked=&#8221;off&#8221; global_colors_info=&#8221;{}&#8221; button_text_size__hover_enabled=&#8221;off&#8221; button_one_text_size__hover_enabled=&#8221;off&#8221; button_two_text_size__hover_enabled=&#8221;off&#8221; button_text_color__hover_enabled=&#8221;on&#8221; button_text_color__hover=&#8221;#ffffff&#8221; button_one_text_color__hover_enabled=&#8221;off&#8221; button_two_text_color__hover_enabled=&#8221;off&#8221; button_border_width__hover_enabled=&#8221;off&#8221; button_one_border_width__hover_enabled=&#8221;off&#8221; button_two_border_width__hover_enabled=&#8221;off&#8221; button_border_color__hover_enabled=&#8221;on&#8221; button_border_color__hover=&#8221;#ffffff&#8221; button_one_border_color__hover_enabled=&#8221;off&#8221; button_two_border_color__hover_enabled=&#8221;off&#8221; button_border_radius__hover_enabled=&#8221;on&#8221; button_border_radius__hover=&#8221;0px&#8221; button_one_border_radius__hover_enabled=&#8221;off&#8221; button_two_border_radius__hover_enabled=&#8221;off&#8221; button_letter_spacing__hover_enabled=&#8221;on&#8221; button_letter_spacing__hover=&#8221;2px&#8221; button_one_letter_spacing__hover_enabled=&#8221;off&#8221; button_two_letter_spacing__hover_enabled=&#8221;off&#8221; button_bg_color__hover_enabled=&#8221;on&#8221; button_bg_color__hover=&#8221;rgba(255,255,255,0)&#8221; button_one_bg_color__hover_enabled=&#8221;off&#8221; button_two_bg_color__hover_enabled=&#8221;off&#8221;][\/et_pb_button][\/et_pb_column][\/et_pb_row][\/et_pb_section]<\/p>\n","protected":false},"excerpt":{"rendered":"<p>Dzi\u0119ki poradom Agencji Importu Chin Frisch uda Ci si\u0119 prowadzi\u0107 interesy z Chinami tak, jakby robili to profesjonali\u015bci.Hurtownicy i dystrybutorzy Kupowanie w du\u017cych ilo\u015bciach: Hurtownie importowe z Chin Jako hurtownik stoisz przed szczeg\u00f3lnymi wyzwaniami. Jeste\u015b odpowiedzialny za towary wobec swoich wa\u017cnych partner\u00f3w handlowych i musisz zdecydowa\u0107 si\u0119 na m\u0105dr\u0105 r\u00f3wnowag\u0119 mi\u0119dzy cen\u0105 a jako\u015bci\u0105. Agentur [&hellip;]<\/p>\n","protected":false},"author":2,"featured_media":0,"parent":8651,"menu_order":0,"comment_status":"closed","ping_status":"closed","template":"","meta":{"_et_pb_use_builder":"on","_et_pb_old_content":"","_et_gb_content_width":"","footnotes":""},"class_list":["post-8728","page","type-page","status-publish","hentry"],"yoast_head":"<!-- This site is optimized with the Yoast SEO plugin v27.4 - https:\/\/yoast.com\/product\/yoast-seo-wordpress\/ -->\n<title>Hurtownia dla produkt\u00f3w z Chin<\/title>\n<meta name=\"description\" content=\"Kupuj jako hurtownik w Chinach \u25bb Produkty z Chin do sprzeda\u017cy hurtowej \u2713 Partner B2B dla importu z Chin \u2713 \u25bb Uzyskaj porady ekspert\u00f3w teraz!\" \/>\n<meta name=\"robots\" content=\"index, follow, max-snippet:-1, max-image-preview:large, max-video-preview:-1\" \/>\n<link rel=\"canonical\" href=\"https:\/\/ag-frisch.com\/pl\/nasze-grupy-docelowe\/hurtownicy-i-dystrybutorzy\/\" \/>\n<meta property=\"og:locale\" content=\"pl_PL\" \/>\n<meta property=\"og:type\" content=\"article\" \/>\n<meta property=\"og:title\" content=\"Hurtownia dla produkt\u00f3w z Chin\" \/>\n<meta property=\"og:description\" content=\"Kupuj jako hurtownik w Chinach \u25bb Produkty z Chin do sprzeda\u017cy hurtowej \u2713 Partner B2B dla importu z Chin \u2713 \u25bb Uzyskaj porady ekspert\u00f3w teraz!\" \/>\n<meta property=\"og:url\" content=\"https:\/\/ag-frisch.com\/pl\/nasze-grupy-docelowe\/hurtownicy-i-dystrybutorzy\/\" \/>\n<meta property=\"og:site_name\" content=\"China Import Beratung f\u00fcr den Einkauf aus China\" \/>\n<meta property=\"article:publisher\" content=\"https:\/\/www.facebook.com\/China.Import\" \/>\n<meta property=\"article:modified_time\" content=\"2023-01-26T20:12:37+00:00\" \/>\n<meta name=\"twitter:card\" content=\"summary_large_image\" \/>\n<meta name=\"twitter:site\" content=\"@agenturfrisch\" \/>\n<meta name=\"twitter:label1\" content=\"Szacowany czas czytania\" \/>\n\t<meta name=\"twitter:data1\" content=\"9 minut\" \/>\n<script type=\"application\/ld+json\" class=\"yoast-schema-graph\">{\"@context\":\"https:\\\/\\\/schema.org\",\"@graph\":[{\"@type\":\"WebPage\",\"@id\":\"https:\\\/\\\/ag-frisch.com\\\/pl\\\/nasze-grupy-docelowe\\\/hurtownicy-i-dystrybutorzy\\\/\",\"url\":\"https:\\\/\\\/ag-frisch.com\\\/pl\\\/nasze-grupy-docelowe\\\/hurtownicy-i-dystrybutorzy\\\/\",\"name\":\"Hurtownia dla produkt\u00f3w z Chin\",\"isPartOf\":{\"@id\":\"https:\\\/\\\/ag-frisch.com\\\/de\\\/#website\"},\"datePublished\":\"2021-09-12T05:56:03+00:00\",\"dateModified\":\"2023-01-26T20:12:37+00:00\",\"description\":\"Kupuj jako hurtownik w Chinach \u25bb Produkty z Chin do sprzeda\u017cy hurtowej \u2713 Partner B2B dla importu z Chin \u2713 \u25bb Uzyskaj porady ekspert\u00f3w teraz!\",\"breadcrumb\":{\"@id\":\"https:\\\/\\\/ag-frisch.com\\\/pl\\\/nasze-grupy-docelowe\\\/hurtownicy-i-dystrybutorzy\\\/#breadcrumb\"},\"inLanguage\":\"pl-PL\",\"potentialAction\":[{\"@type\":\"ReadAction\",\"target\":[\"https:\\\/\\\/ag-frisch.com\\\/pl\\\/nasze-grupy-docelowe\\\/hurtownicy-i-dystrybutorzy\\\/\"]}]},{\"@type\":\"BreadcrumbList\",\"@id\":\"https:\\\/\\\/ag-frisch.com\\\/pl\\\/nasze-grupy-docelowe\\\/hurtownicy-i-dystrybutorzy\\\/#breadcrumb\",\"itemListElement\":[{\"@type\":\"ListItem\",\"position\":1,\"name\":\"Startseite\",\"item\":\"https:\\\/\\\/ag-frisch.com\\\/de\\\/\"},{\"@type\":\"ListItem\",\"position\":2,\"name\":\"Nasze grupy docelowe\",\"item\":\"https:\\\/\\\/ag-frisch.com\\\/pl\\\/nasze-grupy-docelowe\\\/\"},{\"@type\":\"ListItem\",\"position\":3,\"name\":\"Hurtownicy i dystrybutorzy\"}]},{\"@type\":\"WebSite\",\"@id\":\"https:\\\/\\\/ag-frisch.com\\\/de\\\/#website\",\"url\":\"https:\\\/\\\/ag-frisch.com\\\/de\\\/\",\"name\":\"China Import Beratung f\u00fcr den Einkauf aus China\",\"description\":\"China Import &amp; Export Beratung - Der Dienstleister Ihres Vertrauens f\u00fcr Ihren China Import\",\"publisher\":{\"@id\":\"https:\\\/\\\/ag-frisch.com\\\/de\\\/#organization\"},\"potentialAction\":[{\"@type\":\"SearchAction\",\"target\":{\"@type\":\"EntryPoint\",\"urlTemplate\":\"https:\\\/\\\/ag-frisch.com\\\/de\\\/?s={search_term_string}\"},\"query-input\":{\"@type\":\"PropertyValueSpecification\",\"valueRequired\":true,\"valueName\":\"search_term_string\"}}],\"inLanguage\":\"pl-PL\"},{\"@type\":\"Organization\",\"@id\":\"https:\\\/\\\/ag-frisch.com\\\/de\\\/#organization\",\"name\":\"Agentur Frisch International Consulting GmbH & Co. KG\",\"url\":\"https:\\\/\\\/ag-frisch.com\\\/de\\\/\",\"logo\":{\"@type\":\"ImageObject\",\"inLanguage\":\"pl-PL\",\"@id\":\"https:\\\/\\\/ag-frisch.com\\\/de\\\/#\\\/schema\\\/logo\\\/image\\\/\",\"url\":\"https:\\\/\\\/ag-frisch.com\\\/wp-content\\\/uploads\\\/2021\\\/08\\\/ag_logo_rgb_300_small.png\",\"contentUrl\":\"https:\\\/\\\/ag-frisch.com\\\/wp-content\\\/uploads\\\/2021\\\/08\\\/ag_logo_rgb_300_small.png\",\"width\":153,\"height\":102,\"caption\":\"Agentur Frisch International Consulting GmbH & Co. KG\"},\"image\":{\"@id\":\"https:\\\/\\\/ag-frisch.com\\\/de\\\/#\\\/schema\\\/logo\\\/image\\\/\"},\"sameAs\":[\"https:\\\/\\\/www.facebook.com\\\/China.Import\",\"https:\\\/\\\/x.com\\\/agenturfrisch\"]}]}<\/script>\n<!-- \/ Yoast SEO plugin. -->","yoast_head_json":{"title":"Hurtownia dla produkt\u00f3w z Chin","description":"Kupuj jako hurtownik w Chinach \u25bb Produkty z Chin do sprzeda\u017cy hurtowej \u2713 Partner B2B dla importu z Chin \u2713 \u25bb Uzyskaj porady ekspert\u00f3w teraz!","robots":{"index":"index","follow":"follow","max-snippet":"max-snippet:-1","max-image-preview":"max-image-preview:large","max-video-preview":"max-video-preview:-1"},"canonical":"https:\/\/ag-frisch.com\/pl\/nasze-grupy-docelowe\/hurtownicy-i-dystrybutorzy\/","og_locale":"pl_PL","og_type":"article","og_title":"Hurtownia dla produkt\u00f3w z Chin","og_description":"Kupuj jako hurtownik w Chinach \u25bb Produkty z Chin do sprzeda\u017cy hurtowej \u2713 Partner B2B dla importu z Chin \u2713 \u25bb Uzyskaj porady ekspert\u00f3w teraz!","og_url":"https:\/\/ag-frisch.com\/pl\/nasze-grupy-docelowe\/hurtownicy-i-dystrybutorzy\/","og_site_name":"China Import Beratung f\u00fcr den Einkauf aus China","article_publisher":"https:\/\/www.facebook.com\/China.Import","article_modified_time":"2023-01-26T20:12:37+00:00","twitter_card":"summary_large_image","twitter_site":"@agenturfrisch","twitter_misc":{"Szacowany czas czytania":"9 minut"},"schema":{"@context":"https:\/\/schema.org","@graph":[{"@type":"WebPage","@id":"https:\/\/ag-frisch.com\/pl\/nasze-grupy-docelowe\/hurtownicy-i-dystrybutorzy\/","url":"https:\/\/ag-frisch.com\/pl\/nasze-grupy-docelowe\/hurtownicy-i-dystrybutorzy\/","name":"Hurtownia dla produkt\u00f3w z Chin","isPartOf":{"@id":"https:\/\/ag-frisch.com\/de\/#website"},"datePublished":"2021-09-12T05:56:03+00:00","dateModified":"2023-01-26T20:12:37+00:00","description":"Kupuj jako hurtownik w Chinach \u25bb Produkty z Chin do sprzeda\u017cy hurtowej \u2713 Partner B2B dla importu z Chin \u2713 \u25bb Uzyskaj porady ekspert\u00f3w teraz!","breadcrumb":{"@id":"https:\/\/ag-frisch.com\/pl\/nasze-grupy-docelowe\/hurtownicy-i-dystrybutorzy\/#breadcrumb"},"inLanguage":"pl-PL","potentialAction":[{"@type":"ReadAction","target":["https:\/\/ag-frisch.com\/pl\/nasze-grupy-docelowe\/hurtownicy-i-dystrybutorzy\/"]}]},{"@type":"BreadcrumbList","@id":"https:\/\/ag-frisch.com\/pl\/nasze-grupy-docelowe\/hurtownicy-i-dystrybutorzy\/#breadcrumb","itemListElement":[{"@type":"ListItem","position":1,"name":"Startseite","item":"https:\/\/ag-frisch.com\/de\/"},{"@type":"ListItem","position":2,"name":"Nasze grupy docelowe","item":"https:\/\/ag-frisch.com\/pl\/nasze-grupy-docelowe\/"},{"@type":"ListItem","position":3,"name":"Hurtownicy i dystrybutorzy"}]},{"@type":"WebSite","@id":"https:\/\/ag-frisch.com\/de\/#website","url":"https:\/\/ag-frisch.com\/de\/","name":"China Import Beratung f\u00fcr den Einkauf aus China","description":"China Import &amp; Export Beratung - Der Dienstleister Ihres Vertrauens f\u00fcr Ihren China Import","publisher":{"@id":"https:\/\/ag-frisch.com\/de\/#organization"},"potentialAction":[{"@type":"SearchAction","target":{"@type":"EntryPoint","urlTemplate":"https:\/\/ag-frisch.com\/de\/?s={search_term_string}"},"query-input":{"@type":"PropertyValueSpecification","valueRequired":true,"valueName":"search_term_string"}}],"inLanguage":"pl-PL"},{"@type":"Organization","@id":"https:\/\/ag-frisch.com\/de\/#organization","name":"Agentur Frisch International Consulting GmbH & Co. KG","url":"https:\/\/ag-frisch.com\/de\/","logo":{"@type":"ImageObject","inLanguage":"pl-PL","@id":"https:\/\/ag-frisch.com\/de\/#\/schema\/logo\/image\/","url":"https:\/\/ag-frisch.com\/wp-content\/uploads\/2021\/08\/ag_logo_rgb_300_small.png","contentUrl":"https:\/\/ag-frisch.com\/wp-content\/uploads\/2021\/08\/ag_logo_rgb_300_small.png","width":153,"height":102,"caption":"Agentur Frisch International Consulting GmbH & Co. KG"},"image":{"@id":"https:\/\/ag-frisch.com\/de\/#\/schema\/logo\/image\/"},"sameAs":["https:\/\/www.facebook.com\/China.Import","https:\/\/x.com\/agenturfrisch"]}]}},"_links":{"self":[{"href":"https:\/\/ag-frisch.com\/pl\/wp-json\/wp\/v2\/pages\/8728","targetHints":{"allow":["GET"]}}],"collection":[{"href":"https:\/\/ag-frisch.com\/pl\/wp-json\/wp\/v2\/pages"}],"about":[{"href":"https:\/\/ag-frisch.com\/pl\/wp-json\/wp\/v2\/types\/page"}],"author":[{"embeddable":true,"href":"https:\/\/ag-frisch.com\/pl\/wp-json\/wp\/v2\/users\/2"}],"replies":[{"embeddable":true,"href":"https:\/\/ag-frisch.com\/pl\/wp-json\/wp\/v2\/comments?post=8728"}],"version-history":[{"count":0,"href":"https:\/\/ag-frisch.com\/pl\/wp-json\/wp\/v2\/pages\/8728\/revisions"}],"up":[{"embeddable":true,"href":"https:\/\/ag-frisch.com\/pl\/wp-json\/wp\/v2\/pages\/8651"}],"wp:attachment":[{"href":"https:\/\/ag-frisch.com\/pl\/wp-json\/wp\/v2\/media?parent=8728"}],"curies":[{"name":"wp","href":"https:\/\/api.w.org\/{rel}","templated":true}]}}