{"id":8729,"date":"2021-09-12T07:58:20","date_gmt":"2021-09-12T05:58:20","guid":{"rendered":"https:\/\/ag-frisch.com\/nasze-grupy-docelowe\/producent\/"},"modified":"2023-01-26T21:12:37","modified_gmt":"2023-01-26T20:12:37","slug":"producent","status":"publish","type":"page","link":"https:\/\/ag-frisch.com\/pl\/nasze-grupy-docelowe\/producent\/","title":{"rendered":"Producent"},"content":{"rendered":"<p>[et_pb_section fb_built=&#8221;1&#8243; _builder_version=&#8221;4.16&#8243; _module_preset=&#8221;default&#8221; global_colors_info=&#8221;{}&#8221;][et_pb_row _builder_version=&#8221;4.18.1&#8243; _module_preset=&#8221;default&#8221; global_colors_info=&#8221;{}&#8221;][et_pb_column type=&#8221;4_4&#8243; _builder_version=&#8221;4.18.1&#8243; _module_preset=&#8221;default&#8221; global_colors_info=&#8221;{}&#8221;][et_pb_cta title=&#8221;Jako producent przenie\u015b\u0107 produkcj\u0119 do Chin&#8221; button_url=&#8221;https:\/\/ag-frisch.com\/pl\/kontakt\/&#8221; button_text=&#8221;Zarezerwuj konsultacj\u0119 ju\u017c teraz&#8221; _builder_version=&#8221;4.18.1&#8243; _module_preset=&#8221;default&#8221; hover_enabled=&#8221;0&#8243; global_colors_info=&#8221;{}&#8221; sticky_enabled=&#8221;0&#8243;]<\/p>\n<p>Wspieramy Pa\u0144stwa w ca\u0142ym procesie przenoszenia produkcji do Chin, a tak\u017ce dzia\u0142amy dla Pa\u0144stwa jako konsultanci poza nim.  <\/p>\n<p>[\/et_pb_cta][\/et_pb_column][\/et_pb_row][et_pb_row _builder_version=&#8221;4.16&#8243; _module_preset=&#8221;default&#8221; custom_padding=&#8221;36px|||||&#8221; global_colors_info=&#8221;{}&#8221;][et_pb_column type=&#8221;4_4&#8243; _builder_version=&#8221;4.16&#8243; _module_preset=&#8221;default&#8221; global_colors_info=&#8221;{}&#8221;][et_pb_text _builder_version=&#8221;4.16&#8243; _module_preset=&#8221;default&#8221; custom_padding=&#8221;1px|||||&#8221; global_colors_info=&#8221;{}&#8221;]<\/p>\n<h2><strong>Producent i OEM<\/strong><\/h2>\n<p><strong>Produkcja kontraktowa w Chinach dla producent\u00f3w<\/strong><\/p>\n<p>Jeste\u015b ju\u017c producentem i znasz bran\u017c\u0119, a szukasz sposob\u00f3w na ta\u0144sz\u0105 i wydajniejsz\u0105 produkcj\u0119? A mo\u017ce chcesz wej\u015b\u0107 w biznes zupe\u0142nie nowy i zbudowa\u0107 w\u0142asn\u0105 mark\u0119? Jako wieloletni ekspert w dziedzinie importu z Chin, Agentur Frisch jest tutaj r\u00f3wnie\u017c Twoim idealnym partnerem. Mamy know-how i po\u0142\u0105czenia, aby znale\u017a\u0107 fabryki w Chinach, kt\u00f3re najlepiej spe\u0142niaj\u0105 Twoje wymagania jako producenta. A to tylko u\u0142amek naszych us\u0142ug!<\/p>\n<p>&nbsp;<\/p>\n<p><strong>Pe\u0142na obs\u0142uga: Czego mo\u017cesz si\u0119 po nas spodziewa\u0107<\/strong><\/p>\n<p>Postrzegamy siebie jako dostawc\u0119 kompleksowych us\u0142ug w zakresie importu z Chin i nie tylko zajmujemy si\u0119 poszukiwaniem fabryk w Chinach dla Ciebie, ale tak\u017ce, je\u015bli chcesz, wszystkimi innymi zadaniami zwi\u0105zanymi z Twoj\u0105 dzia\u0142alno\u015bci\u0105 w Chinach. W ten spos\u00f3b mamy niezawodne, ustalone po\u0142\u0105czenia i cieszymy si\u0119, \u017ce mo\u017cemy wykona\u0107 dla Ciebie najlepsz\u0105 prac\u0119. Nasze us\u0142ugi dla Twojej produkcji kontraktowej w Chinach obejmuj\u0105 na przyk\u0142ad:<\/p>\n<ul>\n<li>Negocjacje cenowe i przygotowanie umowy<\/li>\n<li>Produkcja wst\u0119pnych pr\u00f3bek i prototyp\u00f3w<\/li>\n<li>Zgodno\u015b\u0107 i zapewnienie jako\u015bci<\/li>\n<li>Badania laboratoryjne i \u015bwiadectwa<\/li>\n<li>Logistyka i kontrola za\u0142adunku<\/li>\n<li>Odprawa celna<\/li>\n<li>Przechowywanie i realizacja<\/li>\n<\/ul>\n<p>&nbsp;<\/p>\n<p><strong>Obni\u017cenie koszt\u00f3w dzi\u0119ki produkcji kontraktowej w Chinach<\/strong><\/p>\n<p>Jako producent wyrob\u00f3w w Niemczech, masz do\u015b\u0107 p\u0142acenia zbyt du\u017cych kwot za produkcj\u0119? Szukasz ta\u0144szej alternatywy i chcesz zleci\u0107 jej produkcj\u0119 w Chinach? W takim razie jeste\u015bmy twoim kontaktem. Wsp\u00f3lnie analizujemy Twoje potrzeby i znajdujemy odpowiednie fabryki w Chinach. Dzi\u0119ki naszemu bogatemu do\u015bwiadczeniu i du\u017cej liczbie naszych sprawdzonych partner\u00f3w biznesowych mog\u0105 by\u0107 Pa\u0144stwo pewni, \u017ce otrzymaj\u0105 niezawodn\u0105 i wysokiej jako\u015bci realizacj\u0119 zam\u00f3wie\u0144.<\/p>\n<p>Sporz\u0105dzimy z Tob\u0105 umowy wed\u0142ug Twoich pomys\u0142\u00f3w i mo\u017cemy Ci pom\u00f3c w ka\u017cdym aspekcie produkcji kontraktowej w Chinach. Du\u017ca liczba naszych zadowolonych sta\u0142ych klient\u00f3w m\u00f3wi sama za siebie &#8211; mo\u017cesz by\u0107 jednym z nich!<\/p>\n<p>&nbsp;<\/p>\n<p><strong>Budowanie w\u0142asnej marki poprzez produkcj\u0119 w Chinach<\/strong><\/p>\n<p>Je\u015bli chcesz zbudowa\u0107 w\u0142asn\u0105 mark\u0119, masz wiele do przemy\u015blenia. Zw\u0142aszcza koszty rozpocz\u0119cia dzia\u0142alno\u015bci mog\u0105 by\u0107 bardzo wysokie, je\u015bli wszystko odbywa si\u0119 w Niemczech. Te koszty inwestycyjne mog\u0105 by\u0107 znacznie zmniejszone dzi\u0119ki posiadaniu fabryk w Chinach. Sprawdzona jako\u015b\u0107 i wa\u017cne certyfikaty gwarantuj\u0105, \u017ce w ten spos\u00f3b powstaj\u0105 produkty wysokiej jako\u015bci, kt\u00f3re s\u0105 ca\u0142kowicie akceptowane przez urz\u0119dy i konsument\u00f3w na rynku niemieckim.<\/p>\n<p>Agencja Frisch jest po to, aby pom\u00f3c Ci w budowaniu Twojej nowej marki na wiele sposob\u00f3w. Mo\u017cemy znale\u017a\u0107 dla Ciebie idealnych producent\u00f3w, ale mo\u017cemy te\u017c zaj\u0105\u0107 si\u0119 wieloma innymi us\u0142ugami zwi\u0105zanymi z now\u0105 mark\u0105. Na \u017cyczenie nasi eksperci opracuj\u0105 wsp\u00f3lnie z Pa\u0144stwem to\u017csamo\u015b\u0107 produktu:<\/p>\n<ul>\n<li>Projekt produktu<\/li>\n<li>Uk\u0142ad opakowania<\/li>\n<li>Etykiety produkt\u00f3w<\/li>\n<li>Nadruk logo na produkcie<\/li>\n<\/ul>\n<p>&nbsp;<\/p>\n<p><strong>Sprawiedliwy handel i maksymalny zysk<\/strong><\/p>\n<p>Produkcja kontraktowa w Chinach jest obarczona uprzedzeniami: z\u0142ymi warunkami pracy i gorsz\u0105 jako\u015bci\u0105. Jednak nie musi tak by\u0107. Przy odpowiednim know-how i dobrych kontaktach mo\u017cna oferowa\u0107 produkty najwy\u017cszej jako\u015bci, prowadzi\u0107 uczciwy handel i jeszcze osi\u0105ga\u0107 rewelacyjnie niskie ceny. Jeste\u015bmy cz\u0142onkiem za\u0142o\u017cycielem Verein der lauteren Importeure e.V. (Stowarzyszenie Uczciwych Importer\u00f3w) i udowadniamy, \u017ce import z Chin mo\u017ce by\u0107 zar\u00f3wno lukratywny, jak i uczciwy. Przestrzegamy wszystkich przepis\u00f3w i ch\u0119tnie przekraczamy specyfikacje. Dzi\u0119ki temu nie tylko mamy czyste sumienie, ale tak\u017ce nie pojawiaj\u0105 si\u0119 \u017cadne problemy prawne. Jako producent z agencj\u0105 Frisch, mo\u017cesz bez wahania zleci\u0107 produkcj\u0119 swoich produkt\u00f3w w fabrykach w Chinach.<\/p>\n<p>&nbsp;<\/p>\n<p><strong>Pe\u0142na realizacja zam\u00f3wienia przez nasze sp\u00f3\u0142ki zale\u017cne<\/strong><\/p>\n<p>Aby m\u00f3c zagwarantowa\u0107 naszym klientom doskona\u0142e przetwarzanie, za\u0142o\u017cyli\u015bmy w\u0142asne firmy zajmuj\u0105ce si\u0119 r\u00f3\u017cnymi us\u0142ugami w zakresie importu z Chin. Dzi\u0119ki temu mo\u017cemy mie\u0107 pewno\u015b\u0107, \u017ce wszystko przebiega sprawnie i absolutnie niezawodnie. Zapoznaj si\u0119 z naszym firmowym spektrum:<\/p>\n<ul>\n<li>import4u<\/li>\n<li>inspekt4u<\/li>\n<li>e-Best<\/li>\n<li>China-Import.net<\/li>\n<li>airbridge Consulting<\/li>\n<li>Chiny Import Consult<\/li>\n<li>Stock4u<\/li>\n<li>BOTH Laboratorium badawcze<\/li>\n<\/ul>\n<p>[\/et_pb_text][\/et_pb_column][\/et_pb_row][\/et_pb_section][et_pb_section fb_built=&#8221;1&#8243; admin_label=&#8221;Testimonials&#8221; _builder_version=&#8221;4.16&#8243; use_background_color_gradient=&#8221;on&#8221; background_color_gradient_stops=&#8221;rgba(0,106,156,0.85) 0%|rgba(0,106,156,0.85) 100%&#8221; background_color_gradient_start=&#8221;rgba(0,106,156,0.85)&#8221; background_color_gradient_end=&#8221;rgba(0,106,156,0.85)&#8221; custom_padding=&#8221;90px||60px|&#8221; animation_style=&#8221;fold&#8221; animation_direction=&#8221;bottom&#8221; animation_intensity_fold=&#8221;4%&#8221; global_colors_info=&#8221;{}&#8221;][et_pb_row _builder_version=&#8221;4.16&#8243; background_size=&#8221;initial&#8221; background_position=&#8221;top_left&#8221; background_repeat=&#8221;repeat&#8221; custom_width_px=&#8221;710px&#8221; locked=&#8221;off&#8221; global_colors_info=&#8221;{}&#8221;][et_pb_column type=&#8221;4_4&#8243; _builder_version=&#8221;4.16&#8243; background_position=&#8221;top_left&#8221; custom_padding=&#8221;|||&#8221; global_colors_info=&#8221;{}&#8221; custom_padding__hover=&#8221;|||&#8221;][et_pb_text admin_label=&#8221;Testimonials Section Title&#8221; _builder_version=&#8221;4.16&#8243; header_font=&#8221;Montserrat||||&#8221; header_font_size=&#8221;36px&#8221; background_size=&#8221;initial&#8221; background_position=&#8221;top_left&#8221; background_repeat=&#8221;repeat&#8221; text_orientation=&#8221;center&#8221; background_layout=&#8221;dark&#8221; max_width=&#8221;710px&#8221; module_alignment=&#8221;center&#8221; animation_style=&#8221;fold&#8221; animation_direction=&#8221;bottom&#8221; animation_intensity_fold=&#8221;20%&#8221; global_colors_info=&#8221;{}&#8221;]<\/p>\n<h1>Ponad 5000 zadowolonych klient\u00f3w.<\/h1>\n<p>&nbsp;<\/p>\n<p>[\/et_pb_text][et_pb_divider color=&#8221;#ffffff&#8221; divider_weight=&#8221;3px&#8221; disabled_on=&#8221;off|off|off&#8221; _builder_version=&#8221;4.16&#8243; background_color_gradient_direction=&#8221;90deg&#8221; max_width=&#8221;100px&#8221; module_alignment=&#8221;center&#8221; height=&#8221;5px&#8221; custom_margin=&#8221;||20px|&#8221; custom_padding=&#8221;||20px|&#8221; animation_style=&#8221;slide&#8221; animation_direction=&#8221;bottom&#8221; saved_tabs=&#8221;all&#8221; locked=&#8221;off&#8221; global_colors_info=&#8221;{}&#8221;][\/et_pb_divider][\/et_pb_column][\/et_pb_row][et_pb_row column_structure=&#8221;1_2,1_2&#8243; _builder_version=&#8221;4.18.1&#8243; _module_preset=&#8221;default&#8221; global_colors_info=&#8221;{}&#8221;][et_pb_column type=&#8221;1_2&#8243; _builder_version=&#8221;4.18.1&#8243; _module_preset=&#8221;default&#8221; global_colors_info=&#8221;{}&#8221;][et_pb_testimonial author=&#8221;Marco&#8221; portrait_url=&#8221;https:\/\/ag-frisch.com\/wp-content\/uploads\/2021\/08\/Harald.png&#8221; quote_icon=&#8221;off&#8221; _builder_version=&#8221;4.18.1&#8243; _module_preset=&#8221;default&#8221; body_font_size=&#8221;16px&#8221; use_background_color=&#8221;off&#8221; background_layout=&#8221;dark&#8221; global_colors_info=&#8221;{}&#8221;]Zleci\u0142em agencji Frisch wyprodukowanie du\u017cego mebla w Chinach, a nast\u0119pnie sprowadzenie go do Niemiec. Przez ca\u0142y czas by\u0142a sprawna komunikacja mailowa! Bardzo szybkie i rzetelne odpowiedzi stale dodawa\u0142y mi otuchy, kt\u00f3ra jest niezb\u0119dna w takim przedsi\u0119wzi\u0119ciu. Przez ca\u0142y czas pomagano mi przebrn\u0105\u0107 przez biurokratyczny g\u0105szcz, nie zapomniano o \u017cadnym formularzu ani nie wype\u0142niono go b\u0142\u0119dnie. Bardzo godne pochwa\u0142y!<a href=\"&lt;div%20class=%22pe-richsnippets%22&gt;&nbsp;&lt;\/div&gt;%20&lt;script%20type=%22text\/javascript%22%20src=%22https:\/\/www.provenexpert.com\/widget\/richsnippet.js?u=1NUA0VwZ4RUZ5tmAi5zA4RaplNKAlWwZ&amp;v=2%22%20async&gt;&lt;\/script&gt;%20&lt;div%20style=%22text-align:%20justify;%22&gt;&lt;br%20\/&gt;\"><\/a><\/p>\n<div class=\"brow ratingBarMargin\">\n<div class=\"ratingBar\">\n<div class=\"brow\">\n<div class=\"pe-richsnippets\">&nbsp;<\/div>\n<p><script type=\"text\/javascript\" src=\"https:\/\/www.provenexpert.com\/widget\/richsnippet.js?u=1NUA0VwZ4RUZ5tmAi5zA4RaplNKAlWwZ&amp;v=2\" async=\"\"><\/script><\/p>\n<div style=\"text-align: justify;\"><\/p>\n<div class=\"col-lg-9 col-md-8 col-xs-10 mt20 mb20\">\n<div class=\"col-xs-12 surveyNameForRating\"><\/div>\n<\/div>\n<\/div>\n<\/div>\n<\/div>\n<\/div>\n<p>[\/et_pb_testimonial][\/et_pb_column][et_pb_column type=&#8221;1_2&#8243; _builder_version=&#8221;4.18.1&#8243; _module_preset=&#8221;default&#8221; global_colors_info=&#8221;{}&#8221;][et_pb_testimonial author=&#8221;Simone L.&#8221; portrait_url=&#8221;https:\/\/ag-frisch.com\/wp-content\/uploads\/2021\/08\/Harald.png&#8221; quote_icon=&#8221;off&#8221; _builder_version=&#8221;4.18.1&#8243; _module_preset=&#8221;default&#8221; body_font_size=&#8221;16px&#8221; use_background_color=&#8221;off&#8221; background_layout=&#8221;dark&#8221; global_colors_info=&#8221;{}&#8221;]<\/p>\n<p>Ca\u0142a g\u00f3ra. Nie ma nic lepszego ni\u017c to. Doradzanie i wdra\u017canie nie mo\u017ce by\u0107 zrobione lepiej. Jeste\u015bmy bardziej ni\u017c zadowoleni po kilku zam\u00f3wieniach z t\u0105 firm\u0105 i kontynuowa\u0107 nasz\u0105 wsp\u00f3\u0142prac\u0119.<\/p>\n<div class=\"brow ratingBarMargin\">\n<div class=\"ratingBar\">\n<div class=\"brow\">\n<div class=\"pe-richsnippets\"> <\/div>\n<p>\n<script type=\"text\/javascript\" src=\"https:\/\/www.provenexpert.com\/widget\/richsnippet.js?u=1NUA0VwZ4RUZ5tmAi5zA4RaplNKAlWwZ&amp;v=2\" async=\"\"><\/script>\n<\/p>\n<div style=\"text-align: justify;\">\n<p>&nbsp;<\/p>\n<div class=\"col-lg-9 col-md-8 col-xs-10 mt20 mb20\">\n<div class=\"col-xs-12 surveyNameForRating\"><\/div>\n<\/div>\n<\/div>\n<\/div>\n<\/div>\n<\/div>\n<p>[\/et_pb_testimonial][\/et_pb_column][\/et_pb_row][et_pb_row _builder_version=&#8221;4.16&#8243; background_size=&#8221;initial&#8221; background_position=&#8221;top_left&#8221; background_repeat=&#8221;repeat&#8221; custom_padding=&#8221;50px|0px|30px|0px&#8221; custom_css_main_element=&#8221;text-align: center;&#8221; global_colors_info=&#8221;{}&#8221;][et_pb_column type=&#8221;4_4&#8243; _builder_version=&#8221;4.16&#8243; custom_padding=&#8221;|||&#8221; global_colors_info=&#8221;{}&#8221; custom_padding__hover=&#8221;|||&#8221;][et_pb_button button_url=&#8221;https:\/\/www.provenexpert.com\/de-de\/agentur-frisch-international-consulting-gmbh-und-co-kg\/&#8221; button_text=&#8221;WI\u0118CEJ OCEN&#8221; button_alignment=&#8221;left&#8221; admin_label=&#8221;Testimonial Button&#8221; _builder_version=&#8221;4.16&#8243; custom_button=&#8221;on&#8221; button_text_size=&#8221;18px&#8221; button_text_color=&#8221;#ffffff&#8221; button_bg_color=&#8221;#6eba01&#8243; button_border_width=&#8221;2px&#8221; button_border_color=&#8221;#6eba01&#8243; button_border_radius=&#8221;0px&#8221; button_letter_spacing=&#8221;2px&#8221; button_font=&#8221;Montserrat|||on|&#8221; button_use_icon=&#8221;off&#8221; animation_style=&#8221;fold&#8221; animation_direction=&#8221;bottom&#8221; button_text_color_hover=&#8221;#ffffff&#8221; button_border_color_hover=&#8221;#ffffff&#8221; button_border_radius_hover=&#8221;0px&#8221; button_letter_spacing_hover=&#8221;2px&#8221; button_bg_color_hover=&#8221;rgba(255,255,255,0)&#8221; locked=&#8221;off&#8221; global_colors_info=&#8221;{}&#8221; button_text_size__hover_enabled=&#8221;off&#8221; button_one_text_size__hover_enabled=&#8221;off&#8221; button_two_text_size__hover_enabled=&#8221;off&#8221; button_text_color__hover_enabled=&#8221;on&#8221; button_text_color__hover=&#8221;#ffffff&#8221; button_one_text_color__hover_enabled=&#8221;off&#8221; button_two_text_color__hover_enabled=&#8221;off&#8221; button_border_width__hover_enabled=&#8221;off&#8221; button_one_border_width__hover_enabled=&#8221;off&#8221; button_two_border_width__hover_enabled=&#8221;off&#8221; button_border_color__hover_enabled=&#8221;on&#8221; button_border_color__hover=&#8221;#ffffff&#8221; button_one_border_color__hover_enabled=&#8221;off&#8221; button_two_border_color__hover_enabled=&#8221;off&#8221; button_border_radius__hover_enabled=&#8221;on&#8221; button_border_radius__hover=&#8221;0px&#8221; button_one_border_radius__hover_enabled=&#8221;off&#8221; button_two_border_radius__hover_enabled=&#8221;off&#8221; button_letter_spacing__hover_enabled=&#8221;on&#8221; button_letter_spacing__hover=&#8221;2px&#8221; button_one_letter_spacing__hover_enabled=&#8221;off&#8221; button_two_letter_spacing__hover_enabled=&#8221;off&#8221; button_bg_color__hover_enabled=&#8221;on&#8221; button_bg_color__hover=&#8221;rgba(255,255,255,0)&#8221; button_one_bg_color__hover_enabled=&#8221;off&#8221; button_two_bg_color__hover_enabled=&#8221;off&#8221;][\/et_pb_button][\/et_pb_column][\/et_pb_row][\/et_pb_section]<\/p>\n","protected":false},"excerpt":{"rendered":"<p>Wspieramy Pa\u0144stwa w ca\u0142ym procesie przenoszenia produkcji do Chin, a tak\u017ce dzia\u0142amy dla Pa\u0144stwa jako konsultanci poza nim. Producent i OEM Produkcja kontraktowa w Chinach dla producent\u00f3w Jeste\u015b ju\u017c producentem i znasz bran\u017c\u0119, a szukasz sposob\u00f3w na ta\u0144sz\u0105 i wydajniejsz\u0105 produkcj\u0119? A mo\u017ce chcesz wej\u015b\u0107 w biznes zupe\u0142nie nowy i zbudowa\u0107 w\u0142asn\u0105 mark\u0119? Jako wieloletni [&hellip;]<\/p>\n","protected":false},"author":2,"featured_media":0,"parent":8651,"menu_order":0,"comment_status":"closed","ping_status":"closed","template":"","meta":{"_et_pb_use_builder":"on","_et_pb_old_content":"","_et_gb_content_width":"","footnotes":""},"class_list":["post-8729","page","type-page","status-publish","hentry"],"yoast_head":"<!-- This site is optimized with the Yoast SEO plugin v27.4 - https:\/\/yoast.com\/product\/yoast-seo-wordpress\/ -->\n<title>Import z Chin jako producent z w\u0142asn\u0105 mark\u0105<\/title>\n<meta name=\"description\" content=\"Kupuj jako producent marki w Chinach \u25bb Produkty z Chin dla producent\u00f3w marki \u2713 Partner B2B dla importu z Chin \u2713 \u25bb Uzyskaj porady ekspert\u00f3w teraz!\" \/>\n<meta name=\"robots\" content=\"index, follow, max-snippet:-1, max-image-preview:large, max-video-preview:-1\" \/>\n<link rel=\"canonical\" href=\"https:\/\/ag-frisch.com\/pl\/nasze-grupy-docelowe\/producent\/\" \/>\n<meta property=\"og:locale\" content=\"pl_PL\" \/>\n<meta property=\"og:type\" content=\"article\" \/>\n<meta property=\"og:title\" content=\"Import z Chin jako producent z w\u0142asn\u0105 mark\u0105\" \/>\n<meta property=\"og:description\" content=\"Kupuj jako producent marki w Chinach \u25bb Produkty z Chin dla producent\u00f3w marki \u2713 Partner B2B dla importu z Chin \u2713 \u25bb Uzyskaj porady ekspert\u00f3w teraz!\" \/>\n<meta property=\"og:url\" content=\"https:\/\/ag-frisch.com\/pl\/nasze-grupy-docelowe\/producent\/\" \/>\n<meta property=\"og:site_name\" content=\"China Import Beratung f\u00fcr den Einkauf aus China\" \/>\n<meta property=\"article:publisher\" content=\"https:\/\/www.facebook.com\/China.Import\" \/>\n<meta property=\"article:modified_time\" content=\"2023-01-26T20:12:37+00:00\" \/>\n<meta name=\"twitter:card\" content=\"summary_large_image\" \/>\n<meta name=\"twitter:site\" content=\"@agenturfrisch\" \/>\n<meta name=\"twitter:label1\" content=\"Szacowany czas czytania\" \/>\n\t<meta name=\"twitter:data1\" content=\"8 minut\" \/>\n<script type=\"application\/ld+json\" class=\"yoast-schema-graph\">{\"@context\":\"https:\\\/\\\/schema.org\",\"@graph\":[{\"@type\":\"WebPage\",\"@id\":\"https:\\\/\\\/ag-frisch.com\\\/pl\\\/nasze-grupy-docelowe\\\/producent\\\/\",\"url\":\"https:\\\/\\\/ag-frisch.com\\\/pl\\\/nasze-grupy-docelowe\\\/producent\\\/\",\"name\":\"Import z Chin jako producent z w\u0142asn\u0105 mark\u0105\",\"isPartOf\":{\"@id\":\"https:\\\/\\\/ag-frisch.com\\\/de\\\/#website\"},\"datePublished\":\"2021-09-12T05:58:20+00:00\",\"dateModified\":\"2023-01-26T20:12:37+00:00\",\"description\":\"Kupuj jako producent marki w Chinach \u25bb Produkty z Chin dla producent\u00f3w marki \u2713 Partner B2B dla importu z Chin \u2713 \u25bb Uzyskaj porady ekspert\u00f3w teraz!\",\"breadcrumb\":{\"@id\":\"https:\\\/\\\/ag-frisch.com\\\/pl\\\/nasze-grupy-docelowe\\\/producent\\\/#breadcrumb\"},\"inLanguage\":\"pl-PL\",\"potentialAction\":[{\"@type\":\"ReadAction\",\"target\":[\"https:\\\/\\\/ag-frisch.com\\\/pl\\\/nasze-grupy-docelowe\\\/producent\\\/\"]}]},{\"@type\":\"BreadcrumbList\",\"@id\":\"https:\\\/\\\/ag-frisch.com\\\/pl\\\/nasze-grupy-docelowe\\\/producent\\\/#breadcrumb\",\"itemListElement\":[{\"@type\":\"ListItem\",\"position\":1,\"name\":\"Startseite\",\"item\":\"https:\\\/\\\/ag-frisch.com\\\/de\\\/\"},{\"@type\":\"ListItem\",\"position\":2,\"name\":\"Nasze grupy docelowe\",\"item\":\"https:\\\/\\\/ag-frisch.com\\\/pl\\\/nasze-grupy-docelowe\\\/\"},{\"@type\":\"ListItem\",\"position\":3,\"name\":\"Producent\"}]},{\"@type\":\"WebSite\",\"@id\":\"https:\\\/\\\/ag-frisch.com\\\/de\\\/#website\",\"url\":\"https:\\\/\\\/ag-frisch.com\\\/de\\\/\",\"name\":\"China Import Beratung f\u00fcr den Einkauf aus China\",\"description\":\"China Import &amp; Export Beratung - Der Dienstleister Ihres Vertrauens f\u00fcr Ihren China Import\",\"publisher\":{\"@id\":\"https:\\\/\\\/ag-frisch.com\\\/de\\\/#organization\"},\"potentialAction\":[{\"@type\":\"SearchAction\",\"target\":{\"@type\":\"EntryPoint\",\"urlTemplate\":\"https:\\\/\\\/ag-frisch.com\\\/de\\\/?s={search_term_string}\"},\"query-input\":{\"@type\":\"PropertyValueSpecification\",\"valueRequired\":true,\"valueName\":\"search_term_string\"}}],\"inLanguage\":\"pl-PL\"},{\"@type\":\"Organization\",\"@id\":\"https:\\\/\\\/ag-frisch.com\\\/de\\\/#organization\",\"name\":\"Agentur Frisch International Consulting GmbH & Co. KG\",\"url\":\"https:\\\/\\\/ag-frisch.com\\\/de\\\/\",\"logo\":{\"@type\":\"ImageObject\",\"inLanguage\":\"pl-PL\",\"@id\":\"https:\\\/\\\/ag-frisch.com\\\/de\\\/#\\\/schema\\\/logo\\\/image\\\/\",\"url\":\"https:\\\/\\\/ag-frisch.com\\\/wp-content\\\/uploads\\\/2021\\\/08\\\/ag_logo_rgb_300_small.png\",\"contentUrl\":\"https:\\\/\\\/ag-frisch.com\\\/wp-content\\\/uploads\\\/2021\\\/08\\\/ag_logo_rgb_300_small.png\",\"width\":153,\"height\":102,\"caption\":\"Agentur Frisch International Consulting GmbH & Co. KG\"},\"image\":{\"@id\":\"https:\\\/\\\/ag-frisch.com\\\/de\\\/#\\\/schema\\\/logo\\\/image\\\/\"},\"sameAs\":[\"https:\\\/\\\/www.facebook.com\\\/China.Import\",\"https:\\\/\\\/x.com\\\/agenturfrisch\"]}]}<\/script>\n<!-- \/ Yoast SEO plugin. -->","yoast_head_json":{"title":"Import z Chin jako producent z w\u0142asn\u0105 mark\u0105","description":"Kupuj jako producent marki w Chinach \u25bb Produkty z Chin dla producent\u00f3w marki \u2713 Partner B2B dla importu z Chin \u2713 \u25bb Uzyskaj porady ekspert\u00f3w teraz!","robots":{"index":"index","follow":"follow","max-snippet":"max-snippet:-1","max-image-preview":"max-image-preview:large","max-video-preview":"max-video-preview:-1"},"canonical":"https:\/\/ag-frisch.com\/pl\/nasze-grupy-docelowe\/producent\/","og_locale":"pl_PL","og_type":"article","og_title":"Import z Chin jako producent z w\u0142asn\u0105 mark\u0105","og_description":"Kupuj jako producent marki w Chinach \u25bb Produkty z Chin dla producent\u00f3w marki \u2713 Partner B2B dla importu z Chin \u2713 \u25bb Uzyskaj porady ekspert\u00f3w teraz!","og_url":"https:\/\/ag-frisch.com\/pl\/nasze-grupy-docelowe\/producent\/","og_site_name":"China Import Beratung f\u00fcr den Einkauf aus China","article_publisher":"https:\/\/www.facebook.com\/China.Import","article_modified_time":"2023-01-26T20:12:37+00:00","twitter_card":"summary_large_image","twitter_site":"@agenturfrisch","twitter_misc":{"Szacowany czas czytania":"8 minut"},"schema":{"@context":"https:\/\/schema.org","@graph":[{"@type":"WebPage","@id":"https:\/\/ag-frisch.com\/pl\/nasze-grupy-docelowe\/producent\/","url":"https:\/\/ag-frisch.com\/pl\/nasze-grupy-docelowe\/producent\/","name":"Import z Chin jako producent z w\u0142asn\u0105 mark\u0105","isPartOf":{"@id":"https:\/\/ag-frisch.com\/de\/#website"},"datePublished":"2021-09-12T05:58:20+00:00","dateModified":"2023-01-26T20:12:37+00:00","description":"Kupuj jako producent marki w Chinach \u25bb Produkty z Chin dla producent\u00f3w marki \u2713 Partner B2B dla importu z Chin \u2713 \u25bb Uzyskaj porady ekspert\u00f3w teraz!","breadcrumb":{"@id":"https:\/\/ag-frisch.com\/pl\/nasze-grupy-docelowe\/producent\/#breadcrumb"},"inLanguage":"pl-PL","potentialAction":[{"@type":"ReadAction","target":["https:\/\/ag-frisch.com\/pl\/nasze-grupy-docelowe\/producent\/"]}]},{"@type":"BreadcrumbList","@id":"https:\/\/ag-frisch.com\/pl\/nasze-grupy-docelowe\/producent\/#breadcrumb","itemListElement":[{"@type":"ListItem","position":1,"name":"Startseite","item":"https:\/\/ag-frisch.com\/de\/"},{"@type":"ListItem","position":2,"name":"Nasze grupy docelowe","item":"https:\/\/ag-frisch.com\/pl\/nasze-grupy-docelowe\/"},{"@type":"ListItem","position":3,"name":"Producent"}]},{"@type":"WebSite","@id":"https:\/\/ag-frisch.com\/de\/#website","url":"https:\/\/ag-frisch.com\/de\/","name":"China Import Beratung f\u00fcr den Einkauf aus China","description":"China Import &amp; Export Beratung - Der Dienstleister Ihres Vertrauens f\u00fcr Ihren China Import","publisher":{"@id":"https:\/\/ag-frisch.com\/de\/#organization"},"potentialAction":[{"@type":"SearchAction","target":{"@type":"EntryPoint","urlTemplate":"https:\/\/ag-frisch.com\/de\/?s={search_term_string}"},"query-input":{"@type":"PropertyValueSpecification","valueRequired":true,"valueName":"search_term_string"}}],"inLanguage":"pl-PL"},{"@type":"Organization","@id":"https:\/\/ag-frisch.com\/de\/#organization","name":"Agentur Frisch International Consulting GmbH & Co. KG","url":"https:\/\/ag-frisch.com\/de\/","logo":{"@type":"ImageObject","inLanguage":"pl-PL","@id":"https:\/\/ag-frisch.com\/de\/#\/schema\/logo\/image\/","url":"https:\/\/ag-frisch.com\/wp-content\/uploads\/2021\/08\/ag_logo_rgb_300_small.png","contentUrl":"https:\/\/ag-frisch.com\/wp-content\/uploads\/2021\/08\/ag_logo_rgb_300_small.png","width":153,"height":102,"caption":"Agentur Frisch International Consulting GmbH & Co. KG"},"image":{"@id":"https:\/\/ag-frisch.com\/de\/#\/schema\/logo\/image\/"},"sameAs":["https:\/\/www.facebook.com\/China.Import","https:\/\/x.com\/agenturfrisch"]}]}},"_links":{"self":[{"href":"https:\/\/ag-frisch.com\/pl\/wp-json\/wp\/v2\/pages\/8729","targetHints":{"allow":["GET"]}}],"collection":[{"href":"https:\/\/ag-frisch.com\/pl\/wp-json\/wp\/v2\/pages"}],"about":[{"href":"https:\/\/ag-frisch.com\/pl\/wp-json\/wp\/v2\/types\/page"}],"author":[{"embeddable":true,"href":"https:\/\/ag-frisch.com\/pl\/wp-json\/wp\/v2\/users\/2"}],"replies":[{"embeddable":true,"href":"https:\/\/ag-frisch.com\/pl\/wp-json\/wp\/v2\/comments?post=8729"}],"version-history":[{"count":0,"href":"https:\/\/ag-frisch.com\/pl\/wp-json\/wp\/v2\/pages\/8729\/revisions"}],"up":[{"embeddable":true,"href":"https:\/\/ag-frisch.com\/pl\/wp-json\/wp\/v2\/pages\/8651"}],"wp:attachment":[{"href":"https:\/\/ag-frisch.com\/pl\/wp-json\/wp\/v2\/media?parent=8729"}],"curies":[{"name":"wp","href":"https:\/\/api.w.org\/{rel}","templated":true}]}}