{"id":8855,"date":"2021-08-01T12:42:13","date_gmt":"2021-08-01T10:42:13","guid":{"rendered":"https:\/\/ag-frisch.com\/nadruk\/"},"modified":"2023-01-26T21:19:07","modified_gmt":"2023-01-26T20:19:07","slug":"nadruk","status":"publish","type":"page","link":"https:\/\/ag-frisch.com\/pl\/nadruk\/","title":{"rendered":"Nadruk"},"content":{"rendered":"<p>[et_pb_section fb_built=&#8221;1&#8243; _builder_version=&#8221;4.16&#8243; _module_preset=&#8221;default&#8221; custom_padding=&#8221;|12px||||&#8221; global_colors_info=&#8221;{}&#8221;][et_pb_row _builder_version=&#8221;4.16&#8243; _module_preset=&#8221;default&#8221; custom_margin=&#8221;|auto||290px||&#8221; global_colors_info=&#8221;{}&#8221;][et_pb_column type=&#8221;4_4&#8243; _builder_version=&#8221;4.16&#8243; _module_preset=&#8221;default&#8221; global_colors_info=&#8221;{}&#8221;][et_pb_text _builder_version=&#8221;4.18.1&#8243; _module_preset=&#8221;default&#8221; admin_label=&#8221;H1&#8243; hover_enabled=&#8221;0&#8243; sticky_enabled=&#8221;0&#8243;]<\/p>\n<h1>Agentur Frisch: nasz druk<\/h1>\n<p>[\/et_pb_text][et_pb_text _builder_version=&#8221;4.16&#8243; _module_preset=&#8221;default&#8221; inline_fonts=&#8221;Abhaya Libre&#8221; global_colors_info=&#8221;{}&#8221;]<\/p>\n<h1 class=\"content_pageheader\"><strong>Znak firmowy Agencji Frisch\u00ae.<\/strong><\/h1>\n<div class=\"content_floattext\">\n<p><u>Imprint dotyczy r\u00f3wnie\u017c zewn\u0119trznych stron Agentur Frisch, kt\u00f3re odsy\u0142aj\u0105 bezpo\u015brednio do tego imprintu.<\/u><\/p>\n<p><strong>Agencja Frisch International<br \/>\nConsulting GmbH &amp; Co KG<\/strong><\/p>\n<p><strong>Dyrektor zarz\u0105dzaj\u0105cy: David Michael Frisch<\/strong> (ekonomista i przedsi\u0119biorca)<\/p>\n<p><span style=\"font-size: 14px;\"><span style=\"font-family: 'Abhaya Libre'; font-size: 30px;\">import4u\u00ae<\/span><\/span><span style=\"font-family: 'Abhaya Libre'; font-weight: normal;\">\u00ae;  <\/span><span style=\"font-size: 14px;\"><span style=\"font-family: 'Abhaya Libre'; font-size: 30px;\">BEIDE\u00ae<\/span>, <span style=\"font-family: 'Abhaya Libre'; font-size: 30px;\">Sourceit\u00ae<\/span> i <span style=\"font-family: 'Abhaya Libre'; font-size: 30px;\">airbridge\u00ae<\/span> s\u0105 znakami towarowymi marki parasolowej Agentur <span style=\"font-family: 'Abhaya Libre'; font-size: 30px;\">Frisch\u00ae<\/span> i zarejestrowane jako znak towarowy w Niemieckim Urz\u0119dzie Patent\u00f3w i Znak\u00f3w Towarowych!<\/span><\/p>\n<p>Siedziba sp\u00f3\u0142ki: Berlin<\/p>\n<p>Edisonstr. 18<br \/>\n12459 Berlin (Treptow-K\u00f6penick)<br \/>\nNiemcy<\/p>\n<p><span style=\"text-decoration: underline;\"><strong>z agencjami w Austrii, Szwajcarii, W\u0142oszech, Hiszpanii, Wielkiej Brytanii, Francji, Polsce, Belgii, Holandii<\/strong><\/span><\/p>\n<p><span style=\"font-size: 14px;\">email: <\/span><a style=\"font-size: 14px;\">info@ag-frisch.com<\/a><\/p>\n<p>Numer identyfikacyjny VAT: DE290378221<br \/>\nUrz\u0105d Skarbowy dla Korporacji IV<\/p>\n<p>HRA 47569 B (s\u0105d rejonowy w Charlottenburgu)<\/p>\n<p><span style=\"font-size: 14px;\">Telefon: <\/span><span class=\"skype_c2c_print_container notranslate\" style=\"font-size: 14px;\">0049 (0) 30 32 89 68 83<\/span><span id=\"skype_c2c_container\" class=\"skype_c2c_container notranslate\" dir=\"ltr\" style=\"font-size: 14px;\" tabindex=\"-1\" data-numbertocall=\"+493032896883\" data-isfreecall=\"false\" data-isrtl=\"false\" data-ismobile=\"false\"><span class=\"skype_c2c_highlighting_inactive_common\" dir=\"ltr\"><span id=\"non_free_num_ui\" class=\"skype_c2c_textarea_span\"><img loading=\"lazy\" decoding=\"async\" class=\"skype_c2c_logo_img\" src=\"resource:\/\/skype_ff_extension-at-jetpack\/skype_ff_extension\/data\/call_skype_logo.png\" alt=\"\" width=\"0\" height=\"0\"><\/span><\/span><\/span><\/p>\n<p>Email:<br \/>\n<a>info@ag-frisch.com<\/a><\/p>\n<p>Skype: Dav1d27<\/p>\n<p>Internet<br \/>\n<a href=\"http:\/\/www.agentur-frisch.de\/\">www.ag-frisch.com<\/a><\/p>\n<p>Forum wsparcia<br \/>\n<a href=\"http:\/\/www.asiaboard.de\/\">www.asiaboard.de<\/a><\/p>\n<p>Odpowiedzialny za teksty i tre\u015bci: David Frisch<\/p>\n<p>Partner odpowiedzialny osobi\u015bcie:<br \/>\n<strong>Agencja Frisch Administration GmbH<br \/>\nSiedziba g\u0142\u00f3wna Berlin<br \/>\nS\u0105d lokalny w Charlottenburgu, HRB 146203 B<br \/>\nNumer identyfikacyjny VAT: DE285997111<br \/>\nDyrektor Zarz\u0105dzaj\u0105cy: David Michael Frisch<br \/>\n<\/strong><\/p>\n<p>Agentur Frisch nie przyjmuje partner\u00f3w wsp\u00f3\u0142pracy i nazwanych marek na stronach jako w\u0142asnych. W\u0142a\u015bcicielem jest odpowiedni imienny w\u0142a\u015bciciel.<\/p>\n<p>Agentur Frisch nie ponosi odpowiedzialno\u015bci za tre\u015b\u0107 link\u00f3w zewn\u0119trznych i nie przyjmuje ich tre\u015bci jako w\u0142asnych. Za tre\u015bci odpowiadaj\u0105 poszczeg\u00f3lni operatorzy stron. Prosimy o wprowadzanie zewn\u0119trznych stron tylko wtedy, gdy sami zak\u0142adacie, \u017ce s\u0105 one godne zaufania. Sprawdzili\u015bmy strony, ale tre\u015b\u0107 mo\u017ce si\u0119 zmienia\u0107 i sta\u0142a kontrola nie jest dla nas mo\u017cliwa.<\/p>\n<p>Doradztwo prawne i podatkowe \u015bwiadczone jest przez ka\u017cdego z wymienionych partner\u00f3w. W zakresie, w jakim us\u0142ugi te s\u0105 zawarte w ofertach Agentur Frisch, Agentur Frisch korzysta z ich wsparcia i sama nie \u015bwiadczy \u017cadnych porad prawnych ani podatkowych.<\/p>\n<\/div>\n<p>.<\/p>\n<p>&nbsp;<\/p>\n<p>[\/et_pb_text][\/et_pb_column][\/et_pb_row][\/et_pb_section]<\/p>\n","protected":false},"excerpt":{"rendered":"<p>Agentur Frisch: nasz druk Znak firmowy Agencji Frisch\u00ae. Imprint dotyczy r\u00f3wnie\u017c zewn\u0119trznych stron Agentur Frisch, kt\u00f3re odsy\u0142aj\u0105 bezpo\u015brednio do tego imprintu. Agencja Frisch International Consulting GmbH &amp; Co KG Dyrektor zarz\u0105dzaj\u0105cy: David Michael Frisch (ekonomista i przedsi\u0119biorca) import4u\u00ae\u00ae; BEIDE\u00ae, Sourceit\u00ae i airbridge\u00ae s\u0105 znakami towarowymi marki parasolowej Agentur Frisch\u00ae i zarejestrowane jako znak towarowy w [&hellip;]<\/p>\n","protected":false},"author":6,"featured_media":0,"parent":0,"menu_order":0,"comment_status":"closed","ping_status":"closed","template":"","meta":{"_et_pb_use_builder":"on","_et_pb_old_content":"","_et_gb_content_width":"","footnotes":""},"class_list":["post-8855","page","type-page","status-publish","hentry"],"yoast_head":"<!-- This site is optimized with the Yoast SEO plugin v27.2 - https:\/\/yoast.com\/product\/yoast-seo-wordpress\/ -->\n<title>Imprint | AG Frisch w Berlinie<\/title>\n<meta name=\"description\" content=\"Druk Agentur Frisch International Consulting GmbH &amp; Co. KG \u25ba Dowiedz si\u0119 wi\u0119cej teraz!\" \/>\n<meta name=\"robots\" content=\"index, follow, max-snippet:-1, max-image-preview:large, max-video-preview:-1\" \/>\n<link rel=\"canonical\" href=\"https:\/\/ag-frisch.com\/pl\/nadruk\/\" \/>\n<meta property=\"og:locale\" content=\"pl_PL\" \/>\n<meta property=\"og:type\" content=\"article\" \/>\n<meta property=\"og:title\" content=\"Imprint | AG Frisch w Berlinie\" \/>\n<meta property=\"og:description\" content=\"Druk Agentur Frisch International Consulting GmbH &amp; Co. KG \u25ba Dowiedz si\u0119 wi\u0119cej teraz!\" \/>\n<meta property=\"og:url\" content=\"https:\/\/ag-frisch.com\/pl\/nadruk\/\" \/>\n<meta property=\"og:site_name\" content=\"China Import Beratung f\u00fcr den Einkauf aus China\" \/>\n<meta property=\"article:publisher\" content=\"https:\/\/www.facebook.com\/China.Import\" \/>\n<meta property=\"article:modified_time\" content=\"2023-01-26T20:19:07+00:00\" \/>\n<meta property=\"og:image\" content=\"\" \/>\n<meta name=\"twitter:card\" content=\"summary_large_image\" \/>\n<meta name=\"twitter:site\" content=\"@agenturfrisch\" \/>\n<meta name=\"twitter:label1\" content=\"Szacowany czas czytania\" \/>\n\t<meta name=\"twitter:data1\" content=\"2 minuty\" \/>\n<script type=\"application\/ld+json\" class=\"yoast-schema-graph\">{\"@context\":\"https:\/\/schema.org\",\"@graph\":[{\"@type\":\"WebPage\",\"@id\":\"https:\/\/ag-frisch.com\/pl\/nadruk\/\",\"url\":\"https:\/\/ag-frisch.com\/pl\/nadruk\/\",\"name\":\"Imprint | AG Frisch w Berlinie\",\"isPartOf\":{\"@id\":\"https:\/\/ag-frisch.com\/de\/#website\"},\"primaryImageOfPage\":{\"@id\":\"https:\/\/ag-frisch.com\/pl\/nadruk\/#primaryimage\"},\"image\":{\"@id\":\"https:\/\/ag-frisch.com\/pl\/nadruk\/#primaryimage\"},\"thumbnailUrl\":\"resource:\/\/skype_ff_extension-at-jetpack\/skype_ff_extension\/data\/call_skype_logo.png\",\"datePublished\":\"2021-08-01T10:42:13+00:00\",\"dateModified\":\"2023-01-26T20:19:07+00:00\",\"description\":\"Druk Agentur Frisch International Consulting GmbH & Co. KG \u25ba Dowiedz si\u0119 wi\u0119cej teraz!\",\"breadcrumb\":{\"@id\":\"https:\/\/ag-frisch.com\/pl\/nadruk\/#breadcrumb\"},\"inLanguage\":\"pl-PL\",\"potentialAction\":[{\"@type\":\"ReadAction\",\"target\":[\"https:\/\/ag-frisch.com\/pl\/nadruk\/\"]}]},{\"@type\":\"ImageObject\",\"inLanguage\":\"pl-PL\",\"@id\":\"https:\/\/ag-frisch.com\/pl\/nadruk\/#primaryimage\",\"url\":\"resource:\/\/skype_ff_extension-at-jetpack\/skype_ff_extension\/data\/call_skype_logo.png\",\"contentUrl\":\"resource:\/\/skype_ff_extension-at-jetpack\/skype_ff_extension\/data\/call_skype_logo.png\"},{\"@type\":\"BreadcrumbList\",\"@id\":\"https:\/\/ag-frisch.com\/pl\/nadruk\/#breadcrumb\",\"itemListElement\":[{\"@type\":\"ListItem\",\"position\":1,\"name\":\"Startseite\",\"item\":\"https:\/\/ag-frisch.com\/de\/\"},{\"@type\":\"ListItem\",\"position\":2,\"name\":\"Nadruk\"}]},{\"@type\":\"WebSite\",\"@id\":\"https:\/\/ag-frisch.com\/de\/#website\",\"url\":\"https:\/\/ag-frisch.com\/de\/\",\"name\":\"China Import Beratung f\u00fcr den Einkauf aus China\",\"description\":\"China Import &amp; Export Beratung - Der Dienstleister Ihres Vertrauens f\u00fcr Ihren China Import\",\"publisher\":{\"@id\":\"https:\/\/ag-frisch.com\/de\/#organization\"},\"potentialAction\":[{\"@type\":\"SearchAction\",\"target\":{\"@type\":\"EntryPoint\",\"urlTemplate\":\"https:\/\/ag-frisch.com\/de\/?s={search_term_string}\"},\"query-input\":{\"@type\":\"PropertyValueSpecification\",\"valueRequired\":true,\"valueName\":\"search_term_string\"}}],\"inLanguage\":\"pl-PL\"},{\"@type\":\"Organization\",\"@id\":\"https:\/\/ag-frisch.com\/de\/#organization\",\"name\":\"Agentur Frisch International Consulting GmbH & Co. KG\",\"url\":\"https:\/\/ag-frisch.com\/de\/\",\"logo\":{\"@type\":\"ImageObject\",\"inLanguage\":\"pl-PL\",\"@id\":\"https:\/\/ag-frisch.com\/de\/#\/schema\/logo\/image\/\",\"url\":\"https:\/\/ag-frisch.com\/wp-content\/uploads\/2021\/08\/ag_logo_rgb_300_small.png\",\"contentUrl\":\"https:\/\/ag-frisch.com\/wp-content\/uploads\/2021\/08\/ag_logo_rgb_300_small.png\",\"width\":153,\"height\":102,\"caption\":\"Agentur Frisch International Consulting GmbH & Co. KG\"},\"image\":{\"@id\":\"https:\/\/ag-frisch.com\/de\/#\/schema\/logo\/image\/\"},\"sameAs\":[\"https:\/\/www.facebook.com\/China.Import\",\"https:\/\/x.com\/agenturfrisch\"]}]}<\/script>\n<!-- \/ Yoast SEO plugin. -->","yoast_head_json":{"title":"Imprint | AG Frisch w Berlinie","description":"Druk Agentur Frisch International Consulting GmbH & Co. KG \u25ba Dowiedz si\u0119 wi\u0119cej teraz!","robots":{"index":"index","follow":"follow","max-snippet":"max-snippet:-1","max-image-preview":"max-image-preview:large","max-video-preview":"max-video-preview:-1"},"canonical":"https:\/\/ag-frisch.com\/pl\/nadruk\/","og_locale":"pl_PL","og_type":"article","og_title":"Imprint | AG Frisch w Berlinie","og_description":"Druk Agentur Frisch International Consulting GmbH & Co. KG \u25ba Dowiedz si\u0119 wi\u0119cej teraz!","og_url":"https:\/\/ag-frisch.com\/pl\/nadruk\/","og_site_name":"China Import Beratung f\u00fcr den Einkauf aus China","article_publisher":"https:\/\/www.facebook.com\/China.Import","article_modified_time":"2023-01-26T20:19:07+00:00","og_image":[{"url":"resource:\/\/skype_ff_extension-at-jetpack\/skype_ff_extension\/data\/call_skype_logo.png","type":"","width":"","height":""}],"twitter_card":"summary_large_image","twitter_site":"@agenturfrisch","twitter_misc":{"Szacowany czas czytania":"2 minuty"},"schema":{"@context":"https:\/\/schema.org","@graph":[{"@type":"WebPage","@id":"https:\/\/ag-frisch.com\/pl\/nadruk\/","url":"https:\/\/ag-frisch.com\/pl\/nadruk\/","name":"Imprint | AG Frisch w Berlinie","isPartOf":{"@id":"https:\/\/ag-frisch.com\/de\/#website"},"primaryImageOfPage":{"@id":"https:\/\/ag-frisch.com\/pl\/nadruk\/#primaryimage"},"image":{"@id":"https:\/\/ag-frisch.com\/pl\/nadruk\/#primaryimage"},"thumbnailUrl":"resource:\/\/skype_ff_extension-at-jetpack\/skype_ff_extension\/data\/call_skype_logo.png","datePublished":"2021-08-01T10:42:13+00:00","dateModified":"2023-01-26T20:19:07+00:00","description":"Druk Agentur Frisch International Consulting GmbH & Co. KG \u25ba Dowiedz si\u0119 wi\u0119cej teraz!","breadcrumb":{"@id":"https:\/\/ag-frisch.com\/pl\/nadruk\/#breadcrumb"},"inLanguage":"pl-PL","potentialAction":[{"@type":"ReadAction","target":["https:\/\/ag-frisch.com\/pl\/nadruk\/"]}]},{"@type":"ImageObject","inLanguage":"pl-PL","@id":"https:\/\/ag-frisch.com\/pl\/nadruk\/#primaryimage","url":"resource:\/\/skype_ff_extension-at-jetpack\/skype_ff_extension\/data\/call_skype_logo.png","contentUrl":"resource:\/\/skype_ff_extension-at-jetpack\/skype_ff_extension\/data\/call_skype_logo.png"},{"@type":"BreadcrumbList","@id":"https:\/\/ag-frisch.com\/pl\/nadruk\/#breadcrumb","itemListElement":[{"@type":"ListItem","position":1,"name":"Startseite","item":"https:\/\/ag-frisch.com\/de\/"},{"@type":"ListItem","position":2,"name":"Nadruk"}]},{"@type":"WebSite","@id":"https:\/\/ag-frisch.com\/de\/#website","url":"https:\/\/ag-frisch.com\/de\/","name":"China Import Beratung f\u00fcr den Einkauf aus China","description":"China Import &amp; Export Beratung - Der Dienstleister Ihres Vertrauens f\u00fcr Ihren China Import","publisher":{"@id":"https:\/\/ag-frisch.com\/de\/#organization"},"potentialAction":[{"@type":"SearchAction","target":{"@type":"EntryPoint","urlTemplate":"https:\/\/ag-frisch.com\/de\/?s={search_term_string}"},"query-input":{"@type":"PropertyValueSpecification","valueRequired":true,"valueName":"search_term_string"}}],"inLanguage":"pl-PL"},{"@type":"Organization","@id":"https:\/\/ag-frisch.com\/de\/#organization","name":"Agentur Frisch International Consulting GmbH & Co. KG","url":"https:\/\/ag-frisch.com\/de\/","logo":{"@type":"ImageObject","inLanguage":"pl-PL","@id":"https:\/\/ag-frisch.com\/de\/#\/schema\/logo\/image\/","url":"https:\/\/ag-frisch.com\/wp-content\/uploads\/2021\/08\/ag_logo_rgb_300_small.png","contentUrl":"https:\/\/ag-frisch.com\/wp-content\/uploads\/2021\/08\/ag_logo_rgb_300_small.png","width":153,"height":102,"caption":"Agentur Frisch International Consulting GmbH & Co. KG"},"image":{"@id":"https:\/\/ag-frisch.com\/de\/#\/schema\/logo\/image\/"},"sameAs":["https:\/\/www.facebook.com\/China.Import","https:\/\/x.com\/agenturfrisch"]}]}},"_links":{"self":[{"href":"https:\/\/ag-frisch.com\/pl\/wp-json\/wp\/v2\/pages\/8855","targetHints":{"allow":["GET"]}}],"collection":[{"href":"https:\/\/ag-frisch.com\/pl\/wp-json\/wp\/v2\/pages"}],"about":[{"href":"https:\/\/ag-frisch.com\/pl\/wp-json\/wp\/v2\/types\/page"}],"author":[{"embeddable":true,"href":"https:\/\/ag-frisch.com\/pl\/wp-json\/wp\/v2\/users\/6"}],"replies":[{"embeddable":true,"href":"https:\/\/ag-frisch.com\/pl\/wp-json\/wp\/v2\/comments?post=8855"}],"version-history":[{"count":0,"href":"https:\/\/ag-frisch.com\/pl\/wp-json\/wp\/v2\/pages\/8855\/revisions"}],"wp:attachment":[{"href":"https:\/\/ag-frisch.com\/pl\/wp-json\/wp\/v2\/media?parent=8855"}],"curies":[{"name":"wp","href":"https:\/\/api.w.org\/{rel}","templated":true}]}}