{"id":9181,"date":"2021-09-12T22:04:48","date_gmt":"2021-09-12T20:04:48","guid":{"rendered":"https:\/\/ag-frisch.com\/import-i-odprawa-celna\/"},"modified":"2023-01-26T22:05:42","modified_gmt":"2023-01-26T21:05:42","slug":"import-i-odprawa-celna","status":"publish","type":"page","link":"https:\/\/ag-frisch.com\/pl\/import-i-odprawa-celna\/","title":{"rendered":"Import i odprawa celna"},"content":{"rendered":"<p>[et_pb_section fb_built=&#8221;1&#8243; _builder_version=&#8221;4.16&#8243; _module_preset=&#8221;default&#8221; global_colors_info=&#8221;{}&#8221;][et_pb_row _builder_version=&#8221;4.16&#8243; _module_preset=&#8221;default&#8221; global_colors_info=&#8221;{}&#8221;][et_pb_column type=&#8221;4_4&#8243; _builder_version=&#8221;4.16&#8243; _module_preset=&#8221;default&#8221; global_colors_info=&#8221;{}&#8221;][et_pb_cta title=&#8221;Import i odprawa celna towar\u00f3w z Chin&#8221; button_url=&#8221;https:\/\/ag-frisch.com\/pl\/kontakt\/&#8221; button_text=&#8221;Zapytaj teraz eksperta ds. celnych&#8221; _builder_version=&#8221;4.16&#8243; _module_preset=&#8221;default&#8221; global_colors_info=&#8221;{}&#8221;]<\/p>\n<p>Aby upewni\u0107 si\u0119, \u017ce nie ma problem\u00f3w z importem i odpraw\u0105 celn\u0105 Twoich towar\u00f3w podczas importu do Chin, skontaktuj si\u0119 z China Import Expert.  <\/p>\n<p>[\/et_pb_cta][et_pb_text _builder_version=&#8221;4.16&#8243; _module_preset=&#8221;default&#8221; global_colors_info=&#8221;{}&#8221;]<\/p>\n<h1>Import i odprawa celna z Chin<\/h1>\n<p>Aby nie musieli Pa\u0144stwo sami zajmowa\u0107 si\u0119 importem i odpraw\u0105 celn\u0105, my lub nasi partnerzy logistyczni zajmujemy si\u0119 tym ca\u0142kowicie za Pa\u0144stwa. Je\u015bli, wbrew oczekiwaniom, dojdzie do kontroli celnej lub urz\u0119dowych inspekcji, ch\u0119tnie przejmiemy za Pa\u0144stwa odpowiedni\u0105 komunikacj\u0119 z urz\u0119dami.  <\/p>\n<p>&nbsp;<\/p>\n<p><strong>Sprawna kontrola celna z Agencj\u0105 Frisch<\/strong><\/p>\n<p>Kontrole ze strony surowych s\u0142u\u017cb celnych budz\u0105 obawy wielu przedsi\u0119biorc\u00f3w przy imporcie z Chin. Nie z nami. Agentur Frisch posiada wieloletnie, bogate do\u015bwiadczenie w zakresie importu do Niemiec r\u00f3\u017cnorodnych towar\u00f3w. Bardzo dobrze znamy procesy, obowi\u0105zki i mo\u017cliwo\u015bci. Jako nasz klient, korzystasz z tego dzi\u0119ki importowi z Chin. Zajmujemy si\u0119 bezproblemowym zg\u0142oszeniem celnym Twojego towaru z Chin i sprowadzamy Twoj\u0105 przesy\u0142k\u0119 bezpiecznie do Niemiec.<\/p>\n<p>&nbsp;<\/p>\n<p><strong>Deklaracja celna Twoich towar\u00f3w z Chin<\/strong><\/p>\n<p>Deklaracja celna jest niezb\u0119dnym elementem importu do Chin. Jest on zazwyczaj sk\u0142adany przez nas lub naszych partner\u00f3w logistycznych w ramach importu z Chin za po\u015brednictwem agencji Frisch, nie musisz robi\u0107 nic wi\u0119cej samodzielnie. Sk\u0142adniki deklaracji celnej Twojego towaru z Chin s\u0105 zazwyczaj:<\/p>\n<ul>\n<li>Faktura<\/li>\n<li>List przewozowy<\/li>\n<li>Lista pakowania<\/li>\n<li>Inne dokumenty celne (np. \u015bwiadectwo przewozowe, dokument nadzoru, \u015bwiadectwo pochodzenia)<\/li>\n<\/ul>\n<p>Dokumenty wymagane do rejestracji towar\u00f3w z Chin zale\u017c\u0105 od rodzaju zamawianych produkt\u00f3w. Znamy si\u0119 na d\u017cungli przepis\u00f3w i dbamy o bezb\u0142\u0119dne zg\u0142oszenie celne, aby przesy\u0142ka dotar\u0142a do Twoich drzwi bez \u017cadnych problem\u00f3w.<\/p>\n<p>&nbsp;<\/p>\n<p><strong>Pomoc w przypadku inspekcji celnej dla importu z Chin<\/strong><\/p>\n<p>Pomimo pomy\u015blnego zg\u0142oszenia celnego i profesjonalnego dope\u0142nienia wszystkich formalno\u015bci, nigdy nie jeste\u015b w stu procentach bezpieczny przed kontrol\u0105 celn\u0105 podczas importu z Chin. Nie jest to jednak pow\u00f3d do niepokoju. Agencja Frisch ma r\u00f3wnie\u017c wystarczaj\u0105ce do\u015bwiadczenie w tej dziedzinie i posiada kontakty, dzi\u0119ki kt\u00f3rym kontrola celna w przypadku importu z Chin nie prowadzi do problem\u00f3w. S\u0142u\u017cba celna mo\u017ce np. zam\u00f3wi\u0107 takie formy kontroli celnej:<\/p>\n<ul>\n<li>Badanie ilo\u015bciowe<\/li>\n<li>Kontrola stanu<\/li>\n<li>Kontrola warto\u015bci<\/li>\n<li>Przegl\u0105d taryf<\/li>\n<\/ul>\n<p>Podstaw\u0105 sprawnie zako\u0144czonej kontroli celnej jest zawsze bezb\u0142\u0119dna produkcja, odpowiedzialna obs\u0142uga deklaracji zgodno\u015bci i przepis\u00f3w, a tak\u017ce profesjonalne zg\u0142oszenie celne &#8211; Agentur Frisch spe\u0142nia wszystkie te us\u0142ugi sumiennie i rzetelnie. Inspekcja celna Twojego importu z Chin to z nami \u017caden dramat, po prostu kolejny krok, kt\u00f3rym si\u0119 zajmujemy.<\/p>\n<p>&nbsp;<\/p>\n<p><strong>Kontrola przez organ ds. bezpiecze\u0144stwa produkt\u00f3w<\/strong><\/p>\n<p>Je\u015bli import z Chin jest dok\u0142adnie przygotowany, a zg\u0142oszenie celne towaru z Chin jest bez zarzutu, to zazwyczaj nie ma kontroli ze strony urz\u0119du bezpiecze\u0144stwa produktu. Je\u017celi maj\u0105 Pa\u0144stwo nieszcz\u0119\u015bcie by\u0107 poddani oficjalnej kontroli w ramach losowej kontroli pr\u00f3bek lub z innych powod\u00f3w, ch\u0119tnie podejmiemy si\u0119 tej sprawy dla Pa\u0144stwa. Zajmujemy si\u0119 komunikacj\u0105 z urz\u0119dami i za\u0142atwiamy za Ciebie wszystkie niezb\u0119dne czynno\u015bci w ramach kontroli. Tak wi\u0119c nawet w ma\u0142o prawdopodobnym przypadku kontroli przez urz\u0105d bezpiecze\u0144stwa produktu, mog\u0105 Pa\u0144stwo pozosta\u0107 spokojni &#8211; dzi\u0119ki Agencji Frisch Pa\u0144stwa towary dotr\u0105 do Pa\u0144stwa bez \u017cadnych problem\u00f3w.<\/p>\n<p>&nbsp;<\/p>\n<p><strong>Komunikacja z w\u0142adzami<\/strong><\/p>\n<p>Komunikacja z w\u0142adzami w przypadku nieprawid\u0142owo\u015bci w Twoim imporcie z Chin nie powiod\u0142aby si\u0119 wielu naszym cenionym klientom ju\u017c teraz ze wzgl\u0119du na barier\u0119 j\u0119zykow\u0105. Mamy native speaker\u00f3w i wyspecjalizowanych t\u0142umaczy, kt\u00f3rzy bez w\u0105tpienia lepiej poradz\u0105 sobie z komunikacj\u0105. Za\u0142atwianie spraw z urz\u0119dami i celnikami jest cz\u0119\u015bci\u0105 naszego chleba powszedniego i jest przez nas prowadzone profesjonalnie i celowo w ka\u017cdym j\u0119zyku. Zawsze mamy na uwadze wynik: udany import z Chin z ca\u0142kowicie zadowolonymi graczami.<\/p>\n<p>&nbsp;<\/p>\n<p>Nigdy nie b\u0119dzie mo\u017cliwe ca\u0142kowite wykluczenie kontroli celnych i inspekcji prowadzonych przez w\u0142adze; s\u0105 one cz\u0119\u015bci\u0105 dzia\u0142alno\u015bci importowej. Jednak przy sumiennej i prawid\u0142owej pracy oraz konstruktywnym podej\u015bciu do kontroli mo\u017cna sprawi\u0107, \u017ce nie wp\u0142yn\u0105 one negatywnie na handel.<\/p>\n<p>&nbsp;<\/p>\n<p>[\/et_pb_text][\/et_pb_column][\/et_pb_row][\/et_pb_section][et_pb_section fb_built=&#8221;1&#8243; admin_label=&#8221;Testimonials&#8221; _builder_version=&#8221;4.16&#8243; use_background_color_gradient=&#8221;on&#8221; background_color_gradient_stops=&#8221;rgba(0,106,156,0.85) 0%|rgba(0,106,156,0.85) 100%&#8221; background_color_gradient_start=&#8221;rgba(0,106,156,0.85)&#8221; background_color_gradient_end=&#8221;rgba(0,106,156,0.85)&#8221; custom_padding=&#8221;90px||60px|&#8221; animation_style=&#8221;fold&#8221; animation_direction=&#8221;bottom&#8221; animation_intensity_fold=&#8221;4%&#8221; global_colors_info=&#8221;{}&#8221; theme_builder_area=&#8221;post_content&#8221;][et_pb_row _builder_version=&#8221;4.16&#8243; background_size=&#8221;initial&#8221; background_position=&#8221;top_left&#8221; background_repeat=&#8221;repeat&#8221; custom_width_px=&#8221;710px&#8221; locked=&#8221;off&#8221; global_colors_info=&#8221;{}&#8221; theme_builder_area=&#8221;post_content&#8221;][et_pb_column type=&#8221;4_4&#8243; _builder_version=&#8221;4.16&#8243; background_position=&#8221;top_left&#8221; custom_padding=&#8221;|||&#8221; global_colors_info=&#8221;{}&#8221; custom_padding__hover=&#8221;|||&#8221; theme_builder_area=&#8221;post_content&#8221;][et_pb_text admin_label=&#8221;Testimonials Section Title&#8221; _builder_version=&#8221;4.16&#8243; header_font=&#8221;Montserrat||||&#8221; header_font_size=&#8221;36px&#8221; background_size=&#8221;initial&#8221; background_position=&#8221;top_left&#8221; background_repeat=&#8221;repeat&#8221; text_orientation=&#8221;center&#8221; background_layout=&#8221;dark&#8221; max_width=&#8221;710px&#8221; module_alignment=&#8221;center&#8221; animation_style=&#8221;fold&#8221; animation_direction=&#8221;bottom&#8221; animation_intensity_fold=&#8221;20%&#8221; global_colors_info=&#8221;{}&#8221; theme_builder_area=&#8221;post_content&#8221;]<\/p>\n<h1>Ponad 5000 zadowolonych klient\u00f3w.<\/h1>\n<p>&nbsp;<\/p>\n<p>[\/et_pb_text][et_pb_divider color=&#8221;#ffffff&#8221; divider_weight=&#8221;3px&#8221; disabled_on=&#8221;off|off|off&#8221; _builder_version=&#8221;4.16&#8243; background_color_gradient_direction=&#8221;90deg&#8221; max_width=&#8221;100px&#8221; module_alignment=&#8221;center&#8221; height=&#8221;5px&#8221; custom_margin=&#8221;||20px|&#8221; custom_padding=&#8221;||20px|&#8221; animation_style=&#8221;slide&#8221; animation_direction=&#8221;bottom&#8221; saved_tabs=&#8221;all&#8221; locked=&#8221;off&#8221; global_colors_info=&#8221;{}&#8221; theme_builder_area=&#8221;post_content&#8221;][\/et_pb_divider][\/et_pb_column][\/et_pb_row][et_pb_row column_structure=&#8221;1_2,1_2&#8243; _builder_version=&#8221;4.18.1&#8243; _module_preset=&#8221;default&#8221; global_colors_info=&#8221;{}&#8221; theme_builder_area=&#8221;post_content&#8221;][et_pb_column type=&#8221;1_2&#8243; _builder_version=&#8221;4.18.1&#8243; _module_preset=&#8221;default&#8221; global_colors_info=&#8221;{}&#8221; theme_builder_area=&#8221;post_content&#8221;][et_pb_testimonial author=&#8221;Marco&#8221; portrait_url=&#8221;https:\/\/ag-frisch.com\/wp-content\/uploads\/2021\/08\/Harald.png&#8221; quote_icon=&#8221;off&#8221; _builder_version=&#8221;4.18.1&#8243; _module_preset=&#8221;default&#8221; body_font_size=&#8221;16px&#8221; use_background_color=&#8221;off&#8221; background_layout=&#8221;dark&#8221; global_colors_info=&#8221;{}&#8221; theme_builder_area=&#8221;post_content&#8221;]Zleci\u0142em agencji Frisch wyprodukowanie du\u017cego mebla w Chinach, a nast\u0119pnie sprowadzenie go do Niemiec. Przez ca\u0142y czas by\u0142a sprawna komunikacja mailowa! Bardzo szybkie i rzetelne odpowiedzi stale dodawa\u0142y mi otuchy, kt\u00f3ra jest niezb\u0119dna w takim przedsi\u0119wzi\u0119ciu. Przez ca\u0142y czas pomagano mi przebrn\u0105\u0107 przez biurokratyczny g\u0105szcz, nie zapomniano o \u017cadnym formularzu ani nie wype\u0142niono go b\u0142\u0119dnie. Bardzo godne pochwa\u0142y!<a href=\"&lt;div%20class=%22pe-richsnippets%22&gt;&nbsp;&lt;\/div&gt;%20&lt;script%20type=%22text\/javascript%22%20src=%22https:\/\/www.provenexpert.com\/widget\/richsnippet.js?u=1NUA0VwZ4RUZ5tmAi5zA4RaplNKAlWwZ&amp;v=2%22%20async&gt;&lt;\/script&gt;%20&lt;div%20style=%22text-align:%20justify;%22&gt;&lt;br%20\/&gt;\"><\/a><\/p>\n<div class=\"brow ratingBarMargin\">\n<div class=\"ratingBar\">\n<div class=\"brow\">\n<div class=\"pe-richsnippets\">&nbsp;<\/div>\n<p><script type=\"text\/javascript\" src=\"https:\/\/www.provenexpert.com\/widget\/richsnippet.js?u=1NUA0VwZ4RUZ5tmAi5zA4RaplNKAlWwZ&amp;v=2\" async=\"\"><\/script><\/p>\n<div style=\"text-align: justify;\"><\/p>\n<div class=\"col-lg-9 col-md-8 col-xs-10 mt20 mb20\">\n<div class=\"col-xs-12 surveyNameForRating\"><\/div>\n<\/div>\n<\/div>\n<\/div>\n<\/div>\n<\/div>\n<p>[\/et_pb_testimonial][\/et_pb_column][et_pb_column type=&#8221;1_2&#8243; _builder_version=&#8221;4.18.1&#8243; _module_preset=&#8221;default&#8221; global_colors_info=&#8221;{}&#8221; theme_builder_area=&#8221;post_content&#8221;][et_pb_testimonial author=&#8221;Simone L.&#8221; portrait_url=&#8221;https:\/\/ag-frisch.com\/wp-content\/uploads\/2021\/08\/Harald.png&#8221; quote_icon=&#8221;off&#8221; _builder_version=&#8221;4.18.1&#8243; _module_preset=&#8221;default&#8221; body_font_size=&#8221;16px&#8221; use_background_color=&#8221;off&#8221; background_layout=&#8221;dark&#8221; global_colors_info=&#8221;{}&#8221; theme_builder_area=&#8221;post_content&#8221;]<\/p>\n<p>Ca\u0142a g\u00f3ra. Nie ma nic lepszego ni\u017c to. Doradzanie i wdra\u017canie nie mo\u017ce by\u0107 zrobione lepiej. Jeste\u015bmy bardziej ni\u017c zadowoleni po kilku zam\u00f3wieniach z t\u0105 firm\u0105 i kontynuowa\u0107 nasz\u0105 wsp\u00f3\u0142prac\u0119.<\/p>\n<div class=\"brow ratingBarMargin\">\n<div class=\"ratingBar\">\n<div class=\"brow\">\n<div class=\"pe-richsnippets\"> <\/div>\n<p>\n<script type=\"text\/javascript\" src=\"https:\/\/www.provenexpert.com\/widget\/richsnippet.js?u=1NUA0VwZ4RUZ5tmAi5zA4RaplNKAlWwZ&amp;v=2\" async=\"\"><\/script>\n<\/p>\n<div style=\"text-align: justify;\">\n<p>&nbsp;<\/p>\n<div class=\"col-lg-9 col-md-8 col-xs-10 mt20 mb20\">\n<div class=\"col-xs-12 surveyNameForRating\"><\/div>\n<\/div>\n<\/div>\n<\/div>\n<\/div>\n<\/div>\n<p>[\/et_pb_testimonial][\/et_pb_column][\/et_pb_row][et_pb_row _builder_version=&#8221;4.16&#8243; background_size=&#8221;initial&#8221; background_position=&#8221;top_left&#8221; background_repeat=&#8221;repeat&#8221; custom_padding=&#8221;50px|0px|30px|0px&#8221; custom_css_main_element=&#8221;text-align: center;&#8221; global_colors_info=&#8221;{}&#8221; theme_builder_area=&#8221;post_content&#8221;][et_pb_column type=&#8221;4_4&#8243; _builder_version=&#8221;4.16&#8243; custom_padding=&#8221;|||&#8221; global_colors_info=&#8221;{}&#8221; custom_padding__hover=&#8221;|||&#8221; theme_builder_area=&#8221;post_content&#8221;][et_pb_button button_url=&#8221;https:\/\/www.provenexpert.com\/de-de\/agentur-frisch-international-consulting-gmbh-und-co-kg\/&#8221; button_text=&#8221;WI\u0118CEJ OCEN&#8221; button_alignment=&#8221;left&#8221; admin_label=&#8221;Testimonial Button&#8221; _builder_version=&#8221;4.16&#8243; custom_button=&#8221;on&#8221; button_text_size=&#8221;18px&#8221; button_text_color=&#8221;#ffffff&#8221; button_bg_color=&#8221;#6eba01&#8243; button_border_width=&#8221;2px&#8221; button_border_color=&#8221;#6eba01&#8243; button_border_radius=&#8221;0px&#8221; button_letter_spacing=&#8221;2px&#8221; button_font=&#8221;Montserrat|||on|&#8221; button_use_icon=&#8221;off&#8221; animation_style=&#8221;fold&#8221; animation_direction=&#8221;bottom&#8221; button_text_color_hover=&#8221;#ffffff&#8221; button_border_color_hover=&#8221;#ffffff&#8221; button_border_radius_hover=&#8221;0px&#8221; button_letter_spacing_hover=&#8221;2px&#8221; button_bg_color_hover=&#8221;rgba(255,255,255,0)&#8221; locked=&#8221;off&#8221; global_colors_info=&#8221;{}&#8221; button_text_size__hover_enabled=&#8221;off&#8221; button_one_text_size__hover_enabled=&#8221;off&#8221; button_two_text_size__hover_enabled=&#8221;off&#8221; button_text_color__hover_enabled=&#8221;on&#8221; button_text_color__hover=&#8221;#ffffff&#8221; button_one_text_color__hover_enabled=&#8221;off&#8221; button_two_text_color__hover_enabled=&#8221;off&#8221; button_border_width__hover_enabled=&#8221;off&#8221; button_one_border_width__hover_enabled=&#8221;off&#8221; button_two_border_width__hover_enabled=&#8221;off&#8221; button_border_color__hover_enabled=&#8221;on&#8221; button_border_color__hover=&#8221;#ffffff&#8221; button_one_border_color__hover_enabled=&#8221;off&#8221; button_two_border_color__hover_enabled=&#8221;off&#8221; button_border_radius__hover_enabled=&#8221;on&#8221; button_border_radius__hover=&#8221;0px&#8221; button_one_border_radius__hover_enabled=&#8221;off&#8221; button_two_border_radius__hover_enabled=&#8221;off&#8221; button_letter_spacing__hover_enabled=&#8221;on&#8221; button_letter_spacing__hover=&#8221;2px&#8221; button_one_letter_spacing__hover_enabled=&#8221;off&#8221; button_two_letter_spacing__hover_enabled=&#8221;off&#8221; button_bg_color__hover_enabled=&#8221;on&#8221; button_bg_color__hover=&#8221;rgba(255,255,255,0)&#8221; button_one_bg_color__hover_enabled=&#8221;off&#8221; button_two_bg_color__hover_enabled=&#8221;off&#8221; theme_builder_area=&#8221;post_content&#8221;][\/et_pb_button][\/et_pb_column][\/et_pb_row][\/et_pb_section]<\/p>\n","protected":false},"excerpt":{"rendered":"<p>Aby upewni\u0107 si\u0119, \u017ce nie ma problem\u00f3w z importem i odpraw\u0105 celn\u0105 Twoich towar\u00f3w podczas importu do Chin, skontaktuj si\u0119 z China Import Expert. Import i odprawa celna z Chin Aby nie musieli Pa\u0144stwo sami zajmowa\u0107 si\u0119 importem i odpraw\u0105 celn\u0105, my lub nasi partnerzy logistyczni zajmujemy si\u0119 tym ca\u0142kowicie za Pa\u0144stwa. Je\u015bli, wbrew oczekiwaniom, [&hellip;]<\/p>\n","protected":false},"author":2,"featured_media":0,"parent":0,"menu_order":0,"comment_status":"closed","ping_status":"closed","template":"","meta":{"_et_pb_use_builder":"on","_et_pb_old_content":"","_et_gb_content_width":"","footnotes":""},"class_list":["post-9181","page","type-page","status-publish","hentry"],"yoast_head":"<!-- This site is optimized with the Yoast SEO plugin v27.2 - https:\/\/yoast.com\/product\/yoast-seo-wordpress\/ -->\n<title>Import z Chin | Odprawa celna Pa\u0144stwa towar\u00f3w z Chin<\/title>\n<meta name=\"description\" content=\"Import z Chin \u25ba w tym bezproblemowa odprawa celna Twoich towar\u00f3w z Chin do Niemiec i Europy \u25ba Skorzystaj z porad ekspert\u00f3w ju\u017c teraz!\" \/>\n<meta name=\"robots\" content=\"index, follow, max-snippet:-1, max-image-preview:large, max-video-preview:-1\" \/>\n<link rel=\"canonical\" href=\"https:\/\/ag-frisch.com\/pl\/import-i-odprawa-celna\/\" \/>\n<meta property=\"og:locale\" content=\"pl_PL\" \/>\n<meta property=\"og:type\" content=\"article\" \/>\n<meta property=\"og:title\" content=\"Import z Chin | Odprawa celna Pa\u0144stwa towar\u00f3w z Chin\" \/>\n<meta property=\"og:description\" content=\"Import z Chin \u25ba w tym bezproblemowa odprawa celna Twoich towar\u00f3w z Chin do Niemiec i Europy \u25ba Skorzystaj z porad ekspert\u00f3w ju\u017c teraz!\" \/>\n<meta property=\"og:url\" content=\"https:\/\/ag-frisch.com\/pl\/import-i-odprawa-celna\/\" \/>\n<meta property=\"og:site_name\" content=\"China Import Beratung f\u00fcr den Einkauf aus China\" \/>\n<meta property=\"article:publisher\" content=\"https:\/\/www.facebook.com\/China.Import\" \/>\n<meta property=\"article:modified_time\" content=\"2023-01-26T21:05:42+00:00\" \/>\n<meta name=\"twitter:card\" content=\"summary_large_image\" \/>\n<meta name=\"twitter:site\" content=\"@agenturfrisch\" \/>\n<meta name=\"twitter:label1\" content=\"Szacowany czas czytania\" \/>\n\t<meta name=\"twitter:data1\" content=\"8 minut\" \/>\n<script type=\"application\/ld+json\" class=\"yoast-schema-graph\">{\"@context\":\"https:\/\/schema.org\",\"@graph\":[{\"@type\":\"WebPage\",\"@id\":\"https:\/\/ag-frisch.com\/pl\/import-i-odprawa-celna\/\",\"url\":\"https:\/\/ag-frisch.com\/pl\/import-i-odprawa-celna\/\",\"name\":\"Import z Chin | Odprawa celna Pa\u0144stwa towar\u00f3w z Chin\",\"isPartOf\":{\"@id\":\"https:\/\/ag-frisch.com\/de\/#website\"},\"datePublished\":\"2021-09-12T20:04:48+00:00\",\"dateModified\":\"2023-01-26T21:05:42+00:00\",\"description\":\"Import z Chin \u25ba w tym bezproblemowa odprawa celna Twoich towar\u00f3w z Chin do Niemiec i Europy \u25ba Skorzystaj z porad ekspert\u00f3w ju\u017c teraz!\",\"breadcrumb\":{\"@id\":\"https:\/\/ag-frisch.com\/pl\/import-i-odprawa-celna\/#breadcrumb\"},\"inLanguage\":\"pl-PL\",\"potentialAction\":[{\"@type\":\"ReadAction\",\"target\":[\"https:\/\/ag-frisch.com\/pl\/import-i-odprawa-celna\/\"]}]},{\"@type\":\"BreadcrumbList\",\"@id\":\"https:\/\/ag-frisch.com\/pl\/import-i-odprawa-celna\/#breadcrumb\",\"itemListElement\":[{\"@type\":\"ListItem\",\"position\":1,\"name\":\"Startseite\",\"item\":\"https:\/\/ag-frisch.com\/de\/\"},{\"@type\":\"ListItem\",\"position\":2,\"name\":\"Import i odprawa celna\"}]},{\"@type\":\"WebSite\",\"@id\":\"https:\/\/ag-frisch.com\/de\/#website\",\"url\":\"https:\/\/ag-frisch.com\/de\/\",\"name\":\"China Import Beratung f\u00fcr den Einkauf aus China\",\"description\":\"China Import &amp; Export Beratung - Der Dienstleister Ihres Vertrauens f\u00fcr Ihren China Import\",\"publisher\":{\"@id\":\"https:\/\/ag-frisch.com\/de\/#organization\"},\"potentialAction\":[{\"@type\":\"SearchAction\",\"target\":{\"@type\":\"EntryPoint\",\"urlTemplate\":\"https:\/\/ag-frisch.com\/de\/?s={search_term_string}\"},\"query-input\":{\"@type\":\"PropertyValueSpecification\",\"valueRequired\":true,\"valueName\":\"search_term_string\"}}],\"inLanguage\":\"pl-PL\"},{\"@type\":\"Organization\",\"@id\":\"https:\/\/ag-frisch.com\/de\/#organization\",\"name\":\"Agentur Frisch International Consulting GmbH & Co. KG\",\"url\":\"https:\/\/ag-frisch.com\/de\/\",\"logo\":{\"@type\":\"ImageObject\",\"inLanguage\":\"pl-PL\",\"@id\":\"https:\/\/ag-frisch.com\/de\/#\/schema\/logo\/image\/\",\"url\":\"https:\/\/ag-frisch.com\/wp-content\/uploads\/2021\/08\/ag_logo_rgb_300_small.png\",\"contentUrl\":\"https:\/\/ag-frisch.com\/wp-content\/uploads\/2021\/08\/ag_logo_rgb_300_small.png\",\"width\":153,\"height\":102,\"caption\":\"Agentur Frisch International Consulting GmbH & Co. KG\"},\"image\":{\"@id\":\"https:\/\/ag-frisch.com\/de\/#\/schema\/logo\/image\/\"},\"sameAs\":[\"https:\/\/www.facebook.com\/China.Import\",\"https:\/\/x.com\/agenturfrisch\"]}]}<\/script>\n<!-- \/ Yoast SEO plugin. -->","yoast_head_json":{"title":"Import z Chin | Odprawa celna Pa\u0144stwa towar\u00f3w z Chin","description":"Import z Chin \u25ba w tym bezproblemowa odprawa celna Twoich towar\u00f3w z Chin do Niemiec i Europy \u25ba Skorzystaj z porad ekspert\u00f3w ju\u017c teraz!","robots":{"index":"index","follow":"follow","max-snippet":"max-snippet:-1","max-image-preview":"max-image-preview:large","max-video-preview":"max-video-preview:-1"},"canonical":"https:\/\/ag-frisch.com\/pl\/import-i-odprawa-celna\/","og_locale":"pl_PL","og_type":"article","og_title":"Import z Chin | Odprawa celna Pa\u0144stwa towar\u00f3w z Chin","og_description":"Import z Chin \u25ba w tym bezproblemowa odprawa celna Twoich towar\u00f3w z Chin do Niemiec i Europy \u25ba Skorzystaj z porad ekspert\u00f3w ju\u017c teraz!","og_url":"https:\/\/ag-frisch.com\/pl\/import-i-odprawa-celna\/","og_site_name":"China Import Beratung f\u00fcr den Einkauf aus China","article_publisher":"https:\/\/www.facebook.com\/China.Import","article_modified_time":"2023-01-26T21:05:42+00:00","twitter_card":"summary_large_image","twitter_site":"@agenturfrisch","twitter_misc":{"Szacowany czas czytania":"8 minut"},"schema":{"@context":"https:\/\/schema.org","@graph":[{"@type":"WebPage","@id":"https:\/\/ag-frisch.com\/pl\/import-i-odprawa-celna\/","url":"https:\/\/ag-frisch.com\/pl\/import-i-odprawa-celna\/","name":"Import z Chin | Odprawa celna Pa\u0144stwa towar\u00f3w z Chin","isPartOf":{"@id":"https:\/\/ag-frisch.com\/de\/#website"},"datePublished":"2021-09-12T20:04:48+00:00","dateModified":"2023-01-26T21:05:42+00:00","description":"Import z Chin \u25ba w tym bezproblemowa odprawa celna Twoich towar\u00f3w z Chin do Niemiec i Europy \u25ba Skorzystaj z porad ekspert\u00f3w ju\u017c teraz!","breadcrumb":{"@id":"https:\/\/ag-frisch.com\/pl\/import-i-odprawa-celna\/#breadcrumb"},"inLanguage":"pl-PL","potentialAction":[{"@type":"ReadAction","target":["https:\/\/ag-frisch.com\/pl\/import-i-odprawa-celna\/"]}]},{"@type":"BreadcrumbList","@id":"https:\/\/ag-frisch.com\/pl\/import-i-odprawa-celna\/#breadcrumb","itemListElement":[{"@type":"ListItem","position":1,"name":"Startseite","item":"https:\/\/ag-frisch.com\/de\/"},{"@type":"ListItem","position":2,"name":"Import i odprawa celna"}]},{"@type":"WebSite","@id":"https:\/\/ag-frisch.com\/de\/#website","url":"https:\/\/ag-frisch.com\/de\/","name":"China Import Beratung f\u00fcr den Einkauf aus China","description":"China Import &amp; Export Beratung - Der Dienstleister Ihres Vertrauens f\u00fcr Ihren China Import","publisher":{"@id":"https:\/\/ag-frisch.com\/de\/#organization"},"potentialAction":[{"@type":"SearchAction","target":{"@type":"EntryPoint","urlTemplate":"https:\/\/ag-frisch.com\/de\/?s={search_term_string}"},"query-input":{"@type":"PropertyValueSpecification","valueRequired":true,"valueName":"search_term_string"}}],"inLanguage":"pl-PL"},{"@type":"Organization","@id":"https:\/\/ag-frisch.com\/de\/#organization","name":"Agentur Frisch International Consulting GmbH & Co. KG","url":"https:\/\/ag-frisch.com\/de\/","logo":{"@type":"ImageObject","inLanguage":"pl-PL","@id":"https:\/\/ag-frisch.com\/de\/#\/schema\/logo\/image\/","url":"https:\/\/ag-frisch.com\/wp-content\/uploads\/2021\/08\/ag_logo_rgb_300_small.png","contentUrl":"https:\/\/ag-frisch.com\/wp-content\/uploads\/2021\/08\/ag_logo_rgb_300_small.png","width":153,"height":102,"caption":"Agentur Frisch International Consulting GmbH & Co. KG"},"image":{"@id":"https:\/\/ag-frisch.com\/de\/#\/schema\/logo\/image\/"},"sameAs":["https:\/\/www.facebook.com\/China.Import","https:\/\/x.com\/agenturfrisch"]}]}},"_links":{"self":[{"href":"https:\/\/ag-frisch.com\/pl\/wp-json\/wp\/v2\/pages\/9181","targetHints":{"allow":["GET"]}}],"collection":[{"href":"https:\/\/ag-frisch.com\/pl\/wp-json\/wp\/v2\/pages"}],"about":[{"href":"https:\/\/ag-frisch.com\/pl\/wp-json\/wp\/v2\/types\/page"}],"author":[{"embeddable":true,"href":"https:\/\/ag-frisch.com\/pl\/wp-json\/wp\/v2\/users\/2"}],"replies":[{"embeddable":true,"href":"https:\/\/ag-frisch.com\/pl\/wp-json\/wp\/v2\/comments?post=9181"}],"version-history":[{"count":0,"href":"https:\/\/ag-frisch.com\/pl\/wp-json\/wp\/v2\/pages\/9181\/revisions"}],"wp:attachment":[{"href":"https:\/\/ag-frisch.com\/pl\/wp-json\/wp\/v2\/media?parent=9181"}],"curies":[{"name":"wp","href":"https:\/\/api.w.org\/{rel}","templated":true}]}}