{"id":9216,"date":"2021-09-12T22:04:32","date_gmt":"2021-09-12T20:04:32","guid":{"rendered":"https:\/\/ag-frisch.com\/logistyka\/"},"modified":"2023-01-26T22:05:56","modified_gmt":"2023-01-26T21:05:56","slug":"logistyka","status":"publish","type":"page","link":"https:\/\/ag-frisch.com\/pl\/logistyka\/","title":{"rendered":"Logistyka"},"content":{"rendered":"<p>[et_pb_section fb_built=&#8221;1&#8243; _builder_version=&#8221;4.16&#8243; _module_preset=&#8221;default&#8221; global_colors_info=&#8221;{}&#8221;][et_pb_row _builder_version=&#8221;4.16&#8243; _module_preset=&#8221;default&#8221; global_colors_info=&#8221;{}&#8221;][et_pb_column type=&#8221;4_4&#8243; _builder_version=&#8221;4.16&#8243; _module_preset=&#8221;default&#8221; global_colors_info=&#8221;{}&#8221;][et_pb_cta title=&#8221;Wysy\u0142ka z Chin&#8221; button_url=&#8221;https:\/\/ag-frisch.com\/pl\/kontakt\/&#8221; button_text=&#8221;Zam\u00f3w \u0142adunek z Chin ju\u017c teraz&#8221; _builder_version=&#8221;4.16&#8243; _module_preset=&#8221;default&#8221; global_colors_info=&#8221;{}&#8221;]<\/p>\n<p>Zam\u00f3w wysy\u0142k\u0119 z Chin i pozw\u00f3l, aby zaj\u0119li si\u0119 ni\u0105 eksperci.  <\/p>\n<p>[\/et_pb_cta][et_pb_image src=&#8221;https:\/\/ag-frisch.com\/wp-content\/uploads\/2021\/11\/china-import-300px.jpg&#8221; _builder_version=&#8221;4.16&#8243; _module_preset=&#8221;default&#8221; global_colors_info=&#8221;{}&#8221;][\/et_pb_image][et_pb_text _builder_version=&#8221;4.16&#8243; _module_preset=&#8221;default&#8221; global_colors_info=&#8221;{}&#8221;]<\/p>\n<h1><strong><\/strong><\/h1>\n<h1><strong><\/strong><\/h1>\n<h1><strong><\/strong><\/h1>\n<h1><strong>Obs\u0142uga logistyczna z Chin<\/strong><\/h1>\n<p>pracownicy naszej marki &#8220;China-Import.net&#8221; ju\u017c znale\u017ali najlepsz\u0105 tras\u0119 logistyczn\u0105 dla Ciebie po wydaniu po inspekcji i dbaj\u0105 o rezerwacj\u0119 wysy\u0142ki. Od ekspresu po transport lotniczy, morski i kolejowy, mamy mo\u017cliwo\u015b\u0107 rozwa\u017cenia dla Pa\u0144stwa ka\u017cdej drogi logistycznej, ch\u0119tnie podzielonej r\u00f3wnie\u017c na kilka sposob\u00f3w wysy\u0142ki, np. cz\u0119\u015b\u0107 drog\u0105 lotnicz\u0105 z g\u00f3ry, a reszta frachtem morskim.  <\/p>\n<p>&nbsp;<\/p>\n<p><span>Spedytor to zazwyczaj us\u0142ugodawca, kt\u00f3ry przejmuje wszystkie us\u0142ugi zwi\u0105zane z Twoimi towarami. W szczeg\u00f3lno\u015bci przedstawiamy Pa\u0144stwu przegl\u0105d us\u0142ug spedytora specjalizuj\u0105cego si\u0119 w  <\/span><strong>Transporty z Chin<\/strong><span>.<\/span><\/p>\n<p><span>&#8211; Doradztwo w zakresie transakcji p\u0142atniczych do Chin<\/span><br \/><span>&#8211; Obliczenia ca\u0142kowitego kosztu zakup\u00f3w w Chinach<\/span><br \/><span>&#8211; Negocjacje z dostawc\u0105 w Chinach<\/span><br \/><span>&#8211; Ocena dostawc\u00f3w<\/span><br \/><span>&#8211; Audyty w Chinach<\/span><br \/><span>&#8211; Uwierzytelnianie certyfikat\u00f3w<\/span><br \/><span>&#8211; Audyty\/ inspekcje jako\u015bci w Chinach<\/span><br \/><span>&#8211; Przesy\u0142ka drobnicowa z Chin (fracht morski z Chin)<\/span><br \/><span>&#8211; Wysy\u0142ka kontener\u00f3w z Chin (<\/span><strong>Fracht morski z Chin<\/strong><span>)<\/span><br \/><span>&#8211; <\/span><strong>Fracht lotniczy z Chin<\/strong><br \/><span>&#8211; Kolejowe przewozy towarowe z Chin<\/span><br \/><span>&#8211; Obs\u0142uga nawet ma\u0142ych przesy\u0142ek pr\u00f3bnych z Chin<\/span><br \/><span>&#8211; Tymczasowe sk\u0142adowanie w Chinach (sk\u0142adowanie zbiorowe)<\/span><br \/><span>&#8211; Magazyn odbiorczy w Niemczech (magazyn zbiorczy i celny)<\/span><br \/><span>&#8211; Organizacja ca\u0142ej logistyki od odbioru do dostawy.<\/span><\/p>\n<p>&nbsp;<\/p>\n<p>&nbsp;<\/p>\n<h1><strong>Dalsze informacje<\/strong><\/h1>\n<p>&nbsp;<\/p>\n<h2>Logistyka i magazynowanie<\/h2>\n<div class=\"img\"> <\/div>\n<p>Jako agencja importowa jeste\u015bmy silnymi partnerami w zakresie logistyki, magazynowania (komisjonowania) oraz dalszej wysy\u0142ki. Oznacza to, \u017ce r\u00f3wnie\u017c w logistyce jeste\u015bcie Pa\u0144stwo optymalnie doradzeni i otoczeni opiek\u0105. Nasi partnerzy maj\u0105 wieloletnie do\u015bwiadczenie i zawsze staraj\u0105 si\u0119 znale\u017a\u0107 dla Ciebie najlepsze rozwi\u0105zanie.<\/p>\n<p>&nbsp;<\/p>\n<h2>Zbi\u00f3rka za granic\u0105<\/h2>\n<p>Zbi\u00f3rka za granic\u0105 odbywa si\u0119 przez utworzon\u0105 sie\u0107 agent\u00f3w. Wcze\u015bniej nale\u017cy wyja\u015bni\u0107, kto bierze na siebie jak\u0105 odpowiedzialno\u015b\u0107. Nale\u017cy pami\u0119ta\u0107, \u017ce towar powinien by\u0107 nie tylko dobrze zapakowany, ale r\u00f3wnie\u017c dobrze ubezpieczony. Dotyczy to w szczeg\u00f3lno\u015bci towar\u00f3w o warto\u015bci powy\u017cej 5,00 \u20ac\/ kg<\/p>\n<p>&nbsp;<\/p>\n<h2>Wysy\u0142ka lub fracht lotniczy<\/h2>\n<p>Czy to wysy\u0142ka, czy fracht lotniczy, czy nawet mieszanka obu, zawsze staramy si\u0119 znale\u017a\u0107 dla Ciebie najlepsze rozwi\u0105zanie. Najta\u0144sze rozwi\u0105zanie nie zawsze jest najlepszym rozwi\u0105zaniem, je\u015bli chodzi o logistyk\u0119. Pozw\u00f3l nam lub naszym partnerom doradzi\u0107 Ci szczeg\u00f3\u0142owo w sprawie Twoich \u017cycze\u0144 i mo\u017cliwo\u015bci. Polecamy:<span> <\/span><a href=\"http:\/\/www.china-import.net\/\"><strong>Wysy\u0142ka z Chin<\/strong><\/a><a href=\"http:\/\/www.spediteur-berlin.de\/\"><br \/><\/a><\/p>\n<p>&nbsp;<\/p>\n<h2>Fracht morski<\/h2>\n<p>W przypadku frachtu morskiego z Azji mo\u017cna spodziewa\u0107 si\u0119 czasu dostawy do Hamburga wynosz\u0105cego oko\u0142o 4 &#8211; 5 tygodni. Fracht morski pozwala na popraw\u0119 termin\u00f3w p\u0142atno\u015bci, ale oczywi\u015bcie trwa znacznie d\u0142u\u017cej ni\u017c fracht lotniczy. Dla bezpiecze\u0144stwa mo\u017cliwa jest r\u00f3wnie\u017c wysy\u0142ka w szczelnym pojemniku.<\/p>\n<p>Zalecenie:<span> <\/span><a href=\"http:\/\/www.ilg-logistics.com\/static\/pdf\/ilg-image-de.pdf\">Eskorta podczas transportu (bezpiecze\u0144stwo)<\/a> <\/p>\n<p><strong>W logistyce nasi partnerzy s\u0105 pilnie zobowi\u0105zani do wykupienia przynajmniej standardowej polisy ubezpieczeniowej, przynajmniej dla FCL we frachcie morskim, co zazwyczaj le\u017cy r\u00f3wnie\u017c w interesie klienta. W razie w\u0105tpliwo\u015bci prosimy o om\u00f3wienie z nami, jakie ryzyka chcieliby\u015bcie lub powinni\u015bcie Pa\u0144stwo ubezpieczy\u0107. Koszty dodatkowe wynosz\u0105 zazwyczaj 5 promili od 110% warto\u015bci towaru i s\u0105 akceptowane przez klienta podczas sk\u0142adania zam\u00f3wienia.<br \/><\/strong><\/p>\n<p><strong><\/strong><\/p>\n<h2>Fracht lotniczy<\/h2>\n<p>W przypadku frachtu lotniczego maj\u0105 Pa\u0144stwo zapewniony szybki czas dostawy, ale oczywi\u015bcie cz\u0119sto znacznie wy\u017csze koszty transportu.<\/p>\n<p><span><strong>Kolejowe przewozy towarowe<\/strong><\/span><\/p>\n<p>Alternatywa dla frachtu lotniczego, trwa nieco d\u0142u\u017cej, ale jest znacznie szybsza ni\u017c transport statkiem. Kosztuje on jednak oko\u0142o 4-5 razy wi\u0119cej ni\u017c fracht morski, ale jest nadal znacznie ta\u0144szy ni\u017c fracht lotniczy i dlatego jest bardziej alternatyw\u0105 dla frachtu lotniczego ni\u017c morskiego.<\/p>\n<p>&nbsp;<\/p>\n<h2>Odbi\u00f3r towar\u00f3w<\/h2>\n<p>Ch\u0119tnie przyjmiemy Pa\u0144stwa towar w magazynie naszego oddzia\u0142u w Hamburgu. 50.000 miejsc paletowych oferuje wystarczaj\u0105c\u0105 ilo\u015b\u0107 miejsca do sztauowania, dzi\u0119ki czemu mo\u017cemy r\u00f3wnie\u017c z przyjemno\u015bci\u0105 zleci\u0107 przechowywanie Pa\u0144stwa towar\u00f3w. Oczywi\u015bcie mo\u017cemy r\u00f3wnie\u017c zleci\u0107 przepakowanie Pa\u0144stwa towar\u00f3w, zapakowanie ich na palety, przepakowanie w kartony zbiorcze itp. a w razie potrzeby nawet przekazanie ich w\u0142asnym klientom. Kontrola jako\u015bci po dostawie jest mo\u017cliwa r\u00f3wnie\u017c poprzez naszych partner\u00f3w w Hamburgu.<\/p>\n<p>&nbsp;<\/p>\n<h2>Odprawa celna<\/h2>\n<p>Towar mo\u017ce by\u0107 odprawiony za po\u015brednictwem naszych partner\u00f3w. Z regu\u0142y c\u0142o i podatek obrotowy od importu p\u0142ac\u0105 nasi partnerzy logistyczni. W razie potrzeby naliczona zostanie op\u0142ata za wy\u015bwietlanie.<\/p>\n<p>&nbsp;<\/p>\n<h2>Dostawa<\/h2>\n<p>Oczywi\u015bcie mo\u017cemy przej\u0105\u0107 za Ciebie nadz\u00f3r a\u017c do dostawy, co oznacza, \u017ce nie musisz si\u0119 martwi\u0107 o nic poza prawid\u0142owym przyj\u0119ciem towaru.<\/p>\n<p>&nbsp;<\/p>\n<p><a href=\"http:\/\/infos%20zur%20haftung%20bei%20der%20fracht\/\"><br \/><\/a><a href=\"http:\/\/www.ewaic.de\/fileadmin\/redaktion\/Downloads\/binnenschifffahrt.pdf?PHPSESSID=g27j72m0nkru5tt3vql3mhpge0\"> <\/a><a href=\"http:\/\/www.tis-gdv.de\/tis\/tagungen\/svt\/svt03\/07_frahm.pdf\"><\/a><\/p>\n<div> <strong><\/strong><\/div>\n<p>[\/et_pb_text][\/et_pb_column][\/et_pb_row][\/et_pb_section][et_pb_section fb_built=&#8221;1&#8243; admin_label=&#8221;Testimonials&#8221; _builder_version=&#8221;4.16&#8243; use_background_color_gradient=&#8221;on&#8221; background_color_gradient_stops=&#8221;rgba(0,106,156,0.85) 0%|rgba(0,106,156,0.85) 100%&#8221; background_color_gradient_start=&#8221;rgba(0,106,156,0.85)&#8221; background_color_gradient_end=&#8221;rgba(0,106,156,0.85)&#8221; custom_padding=&#8221;90px||60px|&#8221; animation_style=&#8221;fold&#8221; animation_direction=&#8221;bottom&#8221; animation_intensity_fold=&#8221;4%&#8221; global_colors_info=&#8221;{}&#8221;][et_pb_row _builder_version=&#8221;4.16&#8243; background_size=&#8221;initial&#8221; background_position=&#8221;top_left&#8221; background_repeat=&#8221;repeat&#8221; custom_width_px=&#8221;710px&#8221; locked=&#8221;off&#8221; global_colors_info=&#8221;{}&#8221;][et_pb_column type=&#8221;4_4&#8243; _builder_version=&#8221;4.16&#8243; background_position=&#8221;top_left&#8221; custom_padding=&#8221;|||&#8221; global_colors_info=&#8221;{}&#8221; custom_padding__hover=&#8221;|||&#8221;][et_pb_text admin_label=&#8221;Testimonials Section Title&#8221; _builder_version=&#8221;4.16&#8243; header_font=&#8221;Montserrat||||&#8221; header_font_size=&#8221;36px&#8221; background_size=&#8221;initial&#8221; background_position=&#8221;top_left&#8221; background_repeat=&#8221;repeat&#8221; text_orientation=&#8221;center&#8221; background_layout=&#8221;dark&#8221; max_width=&#8221;710px&#8221; module_alignment=&#8221;center&#8221; animation_style=&#8221;fold&#8221; animation_direction=&#8221;bottom&#8221; animation_intensity_fold=&#8221;20%&#8221; global_colors_info=&#8221;{}&#8221;]<\/p>\n<h1>Ponad 5000 zadowolonych klient\u00f3w.<\/h1>\n<p>&nbsp;<\/p>\n<p>[\/et_pb_text][et_pb_divider color=&#8221;#ffffff&#8221; divider_weight=&#8221;3px&#8221; disabled_on=&#8221;off|off|off&#8221; _builder_version=&#8221;4.16&#8243; background_color_gradient_direction=&#8221;90deg&#8221; max_width=&#8221;100px&#8221; module_alignment=&#8221;center&#8221; height=&#8221;5px&#8221; custom_margin=&#8221;||20px|&#8221; custom_padding=&#8221;||20px|&#8221; animation_style=&#8221;slide&#8221; animation_direction=&#8221;bottom&#8221; saved_tabs=&#8221;all&#8221; locked=&#8221;off&#8221; global_colors_info=&#8221;{}&#8221;][\/et_pb_divider][\/et_pb_column][\/et_pb_row][et_pb_row column_structure=&#8221;1_2,1_2&#8243; _builder_version=&#8221;4.18.1&#8243; _module_preset=&#8221;default&#8221; global_colors_info=&#8221;{}&#8221;][et_pb_column type=&#8221;1_2&#8243; _builder_version=&#8221;4.18.1&#8243; _module_preset=&#8221;default&#8221; global_colors_info=&#8221;{}&#8221;][et_pb_testimonial author=&#8221;Marco&#8221; portrait_url=&#8221;https:\/\/ag-frisch.com\/wp-content\/uploads\/2021\/08\/Harald.png&#8221; quote_icon=&#8221;off&#8221; _builder_version=&#8221;4.18.1&#8243; _module_preset=&#8221;default&#8221; body_font_size=&#8221;16px&#8221; use_background_color=&#8221;off&#8221; background_layout=&#8221;dark&#8221; global_colors_info=&#8221;{}&#8221;]Zleci\u0142em agencji Frisch wyprodukowanie du\u017cego mebla w Chinach, a nast\u0119pnie sprowadzenie go do Niemiec. Przez ca\u0142y czas by\u0142a sprawna komunikacja mailowa! Bardzo szybkie i rzetelne odpowiedzi stale dodawa\u0142y mi otuchy, kt\u00f3ra jest niezb\u0119dna w takim przedsi\u0119wzi\u0119ciu. Przez ca\u0142y czas pomagano mi przebrn\u0105\u0107 przez biurokratyczny g\u0105szcz, nie zapomniano o \u017cadnym formularzu ani nie wype\u0142niono go b\u0142\u0119dnie. Bardzo godne pochwa\u0142y!<a href=\"&lt;div%20class=%22pe-richsnippets%22&gt;&nbsp;&lt;\/div&gt;%20&lt;script%20type=%22text\/javascript%22%20src=%22https:\/\/www.provenexpert.com\/widget\/richsnippet.js?u=1NUA0VwZ4RUZ5tmAi5zA4RaplNKAlWwZ&amp;v=2%22%20async&gt;&lt;\/script&gt;%20&lt;div%20style=%22text-align:%20justify;%22&gt;&lt;br%20\/&gt;\"><\/a><\/p>\n<div class=\"brow ratingBarMargin\">\n<div class=\"ratingBar\">\n<div class=\"brow\">\n<div class=\"pe-richsnippets\">&nbsp;<\/div>\n<p><script type=\"text\/javascript\" src=\"https:\/\/www.provenexpert.com\/widget\/richsnippet.js?u=1NUA0VwZ4RUZ5tmAi5zA4RaplNKAlWwZ&amp;v=2\" async=\"\"><\/script><\/p>\n<div style=\"text-align: justify;\"><\/p>\n<div class=\"col-lg-9 col-md-8 col-xs-10 mt20 mb20\">\n<div class=\"col-xs-12 surveyNameForRating\"><\/div>\n<\/div>\n<\/div>\n<\/div>\n<\/div>\n<\/div>\n<p>[\/et_pb_testimonial][\/et_pb_column][et_pb_column type=&#8221;1_2&#8243; _builder_version=&#8221;4.18.1&#8243; _module_preset=&#8221;default&#8221; global_colors_info=&#8221;{}&#8221;][et_pb_testimonial author=&#8221;Simone L.&#8221; portrait_url=&#8221;https:\/\/ag-frisch.com\/wp-content\/uploads\/2021\/08\/Harald.png&#8221; quote_icon=&#8221;off&#8221; _builder_version=&#8221;4.18.1&#8243; _module_preset=&#8221;default&#8221; body_font_size=&#8221;16px&#8221; use_background_color=&#8221;off&#8221; background_layout=&#8221;dark&#8221; global_colors_info=&#8221;{}&#8221;]<\/p>\n<p>Ca\u0142a g\u00f3ra. Nie ma nic lepszego ni\u017c to. Doradzanie i wdra\u017canie nie mo\u017ce by\u0107 zrobione lepiej. Jeste\u015bmy bardziej ni\u017c zadowoleni po kilku zam\u00f3wieniach z t\u0105 firm\u0105 i kontynuowa\u0107 nasz\u0105 wsp\u00f3\u0142prac\u0119.<\/p>\n<div class=\"brow ratingBarMargin\">\n<div class=\"ratingBar\">\n<div class=\"brow\">\n<div class=\"pe-richsnippets\"> <\/div>\n<p>\n<script type=\"text\/javascript\" src=\"https:\/\/www.provenexpert.com\/widget\/richsnippet.js?u=1NUA0VwZ4RUZ5tmAi5zA4RaplNKAlWwZ&amp;v=2\" async=\"\"><\/script>\n<\/p>\n<div style=\"text-align: justify;\">\n<p>&nbsp;<\/p>\n<div class=\"col-lg-9 col-md-8 col-xs-10 mt20 mb20\">\n<div class=\"col-xs-12 surveyNameForRating\"><\/div>\n<\/div>\n<\/div>\n<\/div>\n<\/div>\n<\/div>\n<p>[\/et_pb_testimonial][\/et_pb_column][\/et_pb_row][et_pb_row _builder_version=&#8221;4.16&#8243; background_size=&#8221;initial&#8221; background_position=&#8221;top_left&#8221; background_repeat=&#8221;repeat&#8221; custom_padding=&#8221;50px|0px|30px|0px&#8221; custom_css_main_element=&#8221;text-align: center;&#8221; global_colors_info=&#8221;{}&#8221;][et_pb_column type=&#8221;4_4&#8243; _builder_version=&#8221;4.16&#8243; custom_padding=&#8221;|||&#8221; global_colors_info=&#8221;{}&#8221; custom_padding__hover=&#8221;|||&#8221;][et_pb_button button_url=&#8221;https:\/\/www.provenexpert.com\/de-de\/agentur-frisch-international-consulting-gmbh-und-co-kg\/&#8221; button_text=&#8221;WI\u0118CEJ OCEN&#8221; button_alignment=&#8221;left&#8221; admin_label=&#8221;Testimonial Button&#8221; _builder_version=&#8221;4.16&#8243; custom_button=&#8221;on&#8221; button_text_size=&#8221;18px&#8221; button_text_color=&#8221;#ffffff&#8221; button_bg_color=&#8221;#6eba01&#8243; button_border_width=&#8221;2px&#8221; button_border_color=&#8221;#6eba01&#8243; button_border_radius=&#8221;0px&#8221; button_letter_spacing=&#8221;2px&#8221; button_font=&#8221;Montserrat|||on|&#8221; button_use_icon=&#8221;off&#8221; animation_style=&#8221;fold&#8221; animation_direction=&#8221;bottom&#8221; button_text_color_hover=&#8221;#ffffff&#8221; button_border_color_hover=&#8221;#ffffff&#8221; button_border_radius_hover=&#8221;0px&#8221; button_letter_spacing_hover=&#8221;2px&#8221; button_bg_color_hover=&#8221;rgba(255,255,255,0)&#8221; locked=&#8221;off&#8221; global_colors_info=&#8221;{}&#8221; button_text_size__hover_enabled=&#8221;off&#8221; button_one_text_size__hover_enabled=&#8221;off&#8221; button_two_text_size__hover_enabled=&#8221;off&#8221; button_text_color__hover_enabled=&#8221;on&#8221; button_text_color__hover=&#8221;#ffffff&#8221; button_one_text_color__hover_enabled=&#8221;off&#8221; button_two_text_color__hover_enabled=&#8221;off&#8221; button_border_width__hover_enabled=&#8221;off&#8221; button_one_border_width__hover_enabled=&#8221;off&#8221; button_two_border_width__hover_enabled=&#8221;off&#8221; button_border_color__hover_enabled=&#8221;on&#8221; button_border_color__hover=&#8221;#ffffff&#8221; button_one_border_color__hover_enabled=&#8221;off&#8221; button_two_border_color__hover_enabled=&#8221;off&#8221; button_border_radius__hover_enabled=&#8221;on&#8221; button_border_radius__hover=&#8221;0px&#8221; button_one_border_radius__hover_enabled=&#8221;off&#8221; button_two_border_radius__hover_enabled=&#8221;off&#8221; button_letter_spacing__hover_enabled=&#8221;on&#8221; button_letter_spacing__hover=&#8221;2px&#8221; button_one_letter_spacing__hover_enabled=&#8221;off&#8221; button_two_letter_spacing__hover_enabled=&#8221;off&#8221; button_bg_color__hover_enabled=&#8221;on&#8221; button_bg_color__hover=&#8221;rgba(255,255,255,0)&#8221; button_one_bg_color__hover_enabled=&#8221;off&#8221; button_two_bg_color__hover_enabled=&#8221;off&#8221;][\/et_pb_button][\/et_pb_column][\/et_pb_row][\/et_pb_section][et_pb_section fb_built=&#8221;1&#8243; _builder_version=&#8221;4.16&#8243; _module_preset=&#8221;default&#8221; global_colors_info=&#8221;{}&#8221;][\/et_pb_section]<\/p>\n","protected":false},"excerpt":{"rendered":"<p>Zam\u00f3w wysy\u0142k\u0119 z Chin i pozw\u00f3l, aby zaj\u0119li si\u0119 ni\u0105 eksperci. Obs\u0142uga logistyczna z Chin pracownicy naszej marki &#8220;China-Import.net&#8221; ju\u017c znale\u017ali najlepsz\u0105 tras\u0119 logistyczn\u0105 dla Ciebie po wydaniu po inspekcji i dbaj\u0105 o rezerwacj\u0119 wysy\u0142ki. Od ekspresu po transport lotniczy, morski i kolejowy, mamy mo\u017cliwo\u015b\u0107 rozwa\u017cenia dla Pa\u0144stwa ka\u017cdej drogi logistycznej, ch\u0119tnie podzielonej r\u00f3wnie\u017c na [&hellip;]<\/p>\n","protected":false},"author":2,"featured_media":0,"parent":0,"menu_order":0,"comment_status":"closed","ping_status":"closed","template":"","meta":{"_et_pb_use_builder":"on","_et_pb_old_content":"","_et_gb_content_width":"","footnotes":""},"class_list":["post-9216","page","type-page","status-publish","hentry"],"yoast_head":"<!-- This site is optimized with the Yoast SEO plugin v27.4 - https:\/\/yoast.com\/product\/yoast-seo-wordpress\/ -->\n<title>China-import.net - Tw\u00f3j dostawca us\u0142ug logistycznych z Berlina<\/title>\n<meta name=\"description\" content=\"Obs\u0142uga logistyczna Chiny - Niemcy UE \u25bb Express \u2713 Fracht morski \u2713 Fracht lotniczy \u2713 Fracht kolejowy \u25bb Skorzystaj z porady eksperta ju\u017c teraz!\" \/>\n<meta name=\"robots\" content=\"index, follow, max-snippet:-1, max-image-preview:large, max-video-preview:-1\" \/>\n<link rel=\"canonical\" href=\"https:\/\/ag-frisch.com\/pl\/logistyka\/\" \/>\n<meta property=\"og:locale\" content=\"pl_PL\" \/>\n<meta property=\"og:type\" content=\"article\" \/>\n<meta property=\"og:title\" content=\"China-import.net - Tw\u00f3j dostawca us\u0142ug logistycznych z Berlina\" \/>\n<meta property=\"og:description\" content=\"Obs\u0142uga logistyczna Chiny - Niemcy UE \u25bb Express \u2713 Fracht morski \u2713 Fracht lotniczy \u2713 Fracht kolejowy \u25bb Skorzystaj z porady eksperta ju\u017c teraz!\" \/>\n<meta property=\"og:url\" content=\"https:\/\/ag-frisch.com\/pl\/logistyka\/\" \/>\n<meta property=\"og:site_name\" content=\"China Import Beratung f\u00fcr den Einkauf aus China\" \/>\n<meta property=\"article:publisher\" content=\"https:\/\/www.facebook.com\/China.Import\" \/>\n<meta property=\"article:modified_time\" content=\"2023-01-26T21:05:56+00:00\" \/>\n<meta name=\"twitter:card\" content=\"summary_large_image\" \/>\n<meta name=\"twitter:site\" content=\"@agenturfrisch\" \/>\n<meta name=\"twitter:label1\" content=\"Szacowany czas czytania\" \/>\n\t<meta name=\"twitter:data1\" content=\"8 minut\" \/>\n<script type=\"application\/ld+json\" class=\"yoast-schema-graph\">{\"@context\":\"https:\\\/\\\/schema.org\",\"@graph\":[{\"@type\":\"WebPage\",\"@id\":\"https:\\\/\\\/ag-frisch.com\\\/pl\\\/logistyka\\\/\",\"url\":\"https:\\\/\\\/ag-frisch.com\\\/pl\\\/logistyka\\\/\",\"name\":\"China-import.net - Tw\u00f3j dostawca us\u0142ug logistycznych z Berlina\",\"isPartOf\":{\"@id\":\"https:\\\/\\\/ag-frisch.com\\\/de\\\/#website\"},\"datePublished\":\"2021-09-12T20:04:32+00:00\",\"dateModified\":\"2023-01-26T21:05:56+00:00\",\"description\":\"Obs\u0142uga logistyczna Chiny - Niemcy UE \u25bb Express \u2713 Fracht morski \u2713 Fracht lotniczy \u2713 Fracht kolejowy \u25bb Skorzystaj z porady eksperta ju\u017c teraz!\",\"breadcrumb\":{\"@id\":\"https:\\\/\\\/ag-frisch.com\\\/pl\\\/logistyka\\\/#breadcrumb\"},\"inLanguage\":\"pl-PL\",\"potentialAction\":[{\"@type\":\"ReadAction\",\"target\":[\"https:\\\/\\\/ag-frisch.com\\\/pl\\\/logistyka\\\/\"]}]},{\"@type\":\"BreadcrumbList\",\"@id\":\"https:\\\/\\\/ag-frisch.com\\\/pl\\\/logistyka\\\/#breadcrumb\",\"itemListElement\":[{\"@type\":\"ListItem\",\"position\":1,\"name\":\"Startseite\",\"item\":\"https:\\\/\\\/ag-frisch.com\\\/de\\\/\"},{\"@type\":\"ListItem\",\"position\":2,\"name\":\"Logistyka\"}]},{\"@type\":\"WebSite\",\"@id\":\"https:\\\/\\\/ag-frisch.com\\\/de\\\/#website\",\"url\":\"https:\\\/\\\/ag-frisch.com\\\/de\\\/\",\"name\":\"China Import Beratung f\u00fcr den Einkauf aus China\",\"description\":\"China Import &amp; Export Beratung - Der Dienstleister Ihres Vertrauens f\u00fcr Ihren China Import\",\"publisher\":{\"@id\":\"https:\\\/\\\/ag-frisch.com\\\/de\\\/#organization\"},\"potentialAction\":[{\"@type\":\"SearchAction\",\"target\":{\"@type\":\"EntryPoint\",\"urlTemplate\":\"https:\\\/\\\/ag-frisch.com\\\/de\\\/?s={search_term_string}\"},\"query-input\":{\"@type\":\"PropertyValueSpecification\",\"valueRequired\":true,\"valueName\":\"search_term_string\"}}],\"inLanguage\":\"pl-PL\"},{\"@type\":\"Organization\",\"@id\":\"https:\\\/\\\/ag-frisch.com\\\/de\\\/#organization\",\"name\":\"Agentur Frisch International Consulting GmbH & Co. KG\",\"url\":\"https:\\\/\\\/ag-frisch.com\\\/de\\\/\",\"logo\":{\"@type\":\"ImageObject\",\"inLanguage\":\"pl-PL\",\"@id\":\"https:\\\/\\\/ag-frisch.com\\\/de\\\/#\\\/schema\\\/logo\\\/image\\\/\",\"url\":\"https:\\\/\\\/ag-frisch.com\\\/wp-content\\\/uploads\\\/2021\\\/08\\\/ag_logo_rgb_300_small.png\",\"contentUrl\":\"https:\\\/\\\/ag-frisch.com\\\/wp-content\\\/uploads\\\/2021\\\/08\\\/ag_logo_rgb_300_small.png\",\"width\":153,\"height\":102,\"caption\":\"Agentur Frisch International Consulting GmbH & Co. KG\"},\"image\":{\"@id\":\"https:\\\/\\\/ag-frisch.com\\\/de\\\/#\\\/schema\\\/logo\\\/image\\\/\"},\"sameAs\":[\"https:\\\/\\\/www.facebook.com\\\/China.Import\",\"https:\\\/\\\/x.com\\\/agenturfrisch\"]}]}<\/script>\n<!-- \/ Yoast SEO plugin. -->","yoast_head_json":{"title":"China-import.net - Tw\u00f3j dostawca us\u0142ug logistycznych z Berlina","description":"Obs\u0142uga logistyczna Chiny - Niemcy UE \u25bb Express \u2713 Fracht morski \u2713 Fracht lotniczy \u2713 Fracht kolejowy \u25bb Skorzystaj z porady eksperta ju\u017c teraz!","robots":{"index":"index","follow":"follow","max-snippet":"max-snippet:-1","max-image-preview":"max-image-preview:large","max-video-preview":"max-video-preview:-1"},"canonical":"https:\/\/ag-frisch.com\/pl\/logistyka\/","og_locale":"pl_PL","og_type":"article","og_title":"China-import.net - Tw\u00f3j dostawca us\u0142ug logistycznych z Berlina","og_description":"Obs\u0142uga logistyczna Chiny - Niemcy UE \u25bb Express \u2713 Fracht morski \u2713 Fracht lotniczy \u2713 Fracht kolejowy \u25bb Skorzystaj z porady eksperta ju\u017c teraz!","og_url":"https:\/\/ag-frisch.com\/pl\/logistyka\/","og_site_name":"China Import Beratung f\u00fcr den Einkauf aus China","article_publisher":"https:\/\/www.facebook.com\/China.Import","article_modified_time":"2023-01-26T21:05:56+00:00","twitter_card":"summary_large_image","twitter_site":"@agenturfrisch","twitter_misc":{"Szacowany czas czytania":"8 minut"},"schema":{"@context":"https:\/\/schema.org","@graph":[{"@type":"WebPage","@id":"https:\/\/ag-frisch.com\/pl\/logistyka\/","url":"https:\/\/ag-frisch.com\/pl\/logistyka\/","name":"China-import.net - Tw\u00f3j dostawca us\u0142ug logistycznych z Berlina","isPartOf":{"@id":"https:\/\/ag-frisch.com\/de\/#website"},"datePublished":"2021-09-12T20:04:32+00:00","dateModified":"2023-01-26T21:05:56+00:00","description":"Obs\u0142uga logistyczna Chiny - Niemcy UE \u25bb Express \u2713 Fracht morski \u2713 Fracht lotniczy \u2713 Fracht kolejowy \u25bb Skorzystaj z porady eksperta ju\u017c teraz!","breadcrumb":{"@id":"https:\/\/ag-frisch.com\/pl\/logistyka\/#breadcrumb"},"inLanguage":"pl-PL","potentialAction":[{"@type":"ReadAction","target":["https:\/\/ag-frisch.com\/pl\/logistyka\/"]}]},{"@type":"BreadcrumbList","@id":"https:\/\/ag-frisch.com\/pl\/logistyka\/#breadcrumb","itemListElement":[{"@type":"ListItem","position":1,"name":"Startseite","item":"https:\/\/ag-frisch.com\/de\/"},{"@type":"ListItem","position":2,"name":"Logistyka"}]},{"@type":"WebSite","@id":"https:\/\/ag-frisch.com\/de\/#website","url":"https:\/\/ag-frisch.com\/de\/","name":"China Import Beratung f\u00fcr den Einkauf aus China","description":"China Import &amp; Export Beratung - Der Dienstleister Ihres Vertrauens f\u00fcr Ihren China Import","publisher":{"@id":"https:\/\/ag-frisch.com\/de\/#organization"},"potentialAction":[{"@type":"SearchAction","target":{"@type":"EntryPoint","urlTemplate":"https:\/\/ag-frisch.com\/de\/?s={search_term_string}"},"query-input":{"@type":"PropertyValueSpecification","valueRequired":true,"valueName":"search_term_string"}}],"inLanguage":"pl-PL"},{"@type":"Organization","@id":"https:\/\/ag-frisch.com\/de\/#organization","name":"Agentur Frisch International Consulting GmbH & Co. KG","url":"https:\/\/ag-frisch.com\/de\/","logo":{"@type":"ImageObject","inLanguage":"pl-PL","@id":"https:\/\/ag-frisch.com\/de\/#\/schema\/logo\/image\/","url":"https:\/\/ag-frisch.com\/wp-content\/uploads\/2021\/08\/ag_logo_rgb_300_small.png","contentUrl":"https:\/\/ag-frisch.com\/wp-content\/uploads\/2021\/08\/ag_logo_rgb_300_small.png","width":153,"height":102,"caption":"Agentur Frisch International Consulting GmbH & Co. KG"},"image":{"@id":"https:\/\/ag-frisch.com\/de\/#\/schema\/logo\/image\/"},"sameAs":["https:\/\/www.facebook.com\/China.Import","https:\/\/x.com\/agenturfrisch"]}]}},"_links":{"self":[{"href":"https:\/\/ag-frisch.com\/pl\/wp-json\/wp\/v2\/pages\/9216","targetHints":{"allow":["GET"]}}],"collection":[{"href":"https:\/\/ag-frisch.com\/pl\/wp-json\/wp\/v2\/pages"}],"about":[{"href":"https:\/\/ag-frisch.com\/pl\/wp-json\/wp\/v2\/types\/page"}],"author":[{"embeddable":true,"href":"https:\/\/ag-frisch.com\/pl\/wp-json\/wp\/v2\/users\/2"}],"replies":[{"embeddable":true,"href":"https:\/\/ag-frisch.com\/pl\/wp-json\/wp\/v2\/comments?post=9216"}],"version-history":[{"count":0,"href":"https:\/\/ag-frisch.com\/pl\/wp-json\/wp\/v2\/pages\/9216\/revisions"}],"wp:attachment":[{"href":"https:\/\/ag-frisch.com\/pl\/wp-json\/wp\/v2\/media?parent=9216"}],"curies":[{"name":"wp","href":"https:\/\/api.w.org\/{rel}","templated":true}]}}