{"id":9300,"date":"2021-09-12T22:05:39","date_gmt":"2021-09-12T20:05:39","guid":{"rendered":"https:\/\/ag-frisch.com\/optymalizacja\/"},"modified":"2023-01-26T22:22:54","modified_gmt":"2023-01-26T21:22:54","slug":"optymalizacja","status":"publish","type":"page","link":"https:\/\/ag-frisch.com\/pl\/optymalizacja\/","title":{"rendered":"Optymalizacja"},"content":{"rendered":"<p>[et_pb_section fb_built=&#8221;1&#8243; _builder_version=&#8221;4.16&#8243; _module_preset=&#8221;default&#8221; global_colors_info=&#8221;{}&#8221;][et_pb_row _builder_version=&#8221;4.18.1&#8243; _module_preset=&#8221;default&#8221; global_colors_info=&#8221;{}&#8221;][et_pb_column type=&#8221;4_4&#8243; _builder_version=&#8221;4.18.1&#8243; _module_preset=&#8221;default&#8221; global_colors_info=&#8221;{}&#8221;][et_pb_cta title=&#8221;Doradztwo w zakresie handlu elektronicznego&#8221; button_url=&#8221;https:\/\/ag-frisch.com\/pl\/kontakt\/&#8221; button_text=&#8221;Zarezerwuj konsultacj\u0119 ju\u017c teraz&#8221; _builder_version=&#8221;4.16&#8243; _module_preset=&#8221;default&#8221; global_colors_info=&#8221;{}&#8221;]<\/p>\n<p>Dzi\u0119ki poradom China Import Agency Frisch, odniesiesz sukces w handlu online jak profesjonali\u015bci.  <\/p>\n<p>[\/et_pb_cta][\/et_pb_column][\/et_pb_row][et_pb_row _builder_version=&#8221;4.16&#8243; _module_preset=&#8221;default&#8221; global_colors_info=&#8221;{}&#8221;][et_pb_column type=&#8221;4_4&#8243; _builder_version=&#8221;4.16&#8243; _module_preset=&#8221;default&#8221; global_colors_info=&#8221;{}&#8221;][et_pb_text _builder_version=&#8221;4.16&#8243; _module_preset=&#8221;default&#8221; global_colors_info=&#8221;{}&#8221;]<\/p>\n<h1><strong>Sta\u0142a optymalizacja widoczno\u015bci Twoich produkt\u00f3w<\/strong><\/h1>\n<p><strong>Optymalizacja Twoich produkt\u00f3w na Amazon, Ebay i Co.<\/strong><\/p>\n<p>Stanie w miejscu to krok wstecz &#8211; w handlu internetowym r\u00f3wnie\u017c nie wolno spocz\u0105\u0107 na laurach. Nawet je\u015bli masz produkty, kt\u00f3re obecnie radz\u0105 sobie bardzo dobrze, nie mo\u017cesz zak\u0142ada\u0107, \u017ce b\u0119dzie tak dalej bez Twojej interwencji. Trendy i gusta klient\u00f3w szybko si\u0119 zmieniaj\u0105. To, co jest popularne dzisiaj, mo\u017ce sko\u0144czy\u0107 si\u0119 jako powolny sprzedawca jutro. Agentur Frisch wspiera Ci\u0119 w Twoim przedsi\u0119biorczym przetrwaniu za pomoc\u0105 nast\u0119puj\u0105cych us\u0142ug:<\/p>\n<ul>\n<li>Ocena zwrotna produkt\u00f3w<\/li>\n<li>Optymalizacja produktu<\/li>\n<li>Zwi\u0119kszenie widoczno\u015bci<\/li>\n<li>Skalowanie biznesu online<\/li>\n<\/ul>\n<p>&nbsp;<\/p>\n<p><strong>Ocena informacji zwrotnej w celu optymalizacji sprzeda\u017cy w handlu internetowym<\/strong><\/p>\n<p>Nawet je\u015bli nie zgadzasz si\u0119 z ka\u017cd\u0105 recenzj\u0105 klienta &#8211; inni klienci je czytaj\u0105 i cz\u0119sto s\u0105 w nich co najmniej prawdziwe aspekty. W czasach, gdy o sukcesie handlu internetowego decyduj\u0105 rekomendacje i do\u015bwiadczenia klient\u00f3w, warto\u015b\u0107 prawdziwych opinii jest nie do przecenienia. Ch\u0119tnie przejmiemy za Ciebie ocen\u0119 zwrotn\u0105 Twoich produkt\u00f3w i wyci\u0105gniemy z niej, jakie optymalizacje nale\u017cy wprowadzi\u0107 do Twoich artyku\u0142\u00f3w.<\/p>\n<p>&nbsp;<\/p>\n<p><strong>Optymalizacja produkt\u00f3w i cech produkt\u00f3w<\/strong><\/p>\n<p>Aby pozosta\u0107 konkurencyjnym na Amazon, Ebay i innych platformach, konieczna jest ci\u0105g\u0142a optymalizacja swoich produkt\u00f3w. Wyruszamy na polowanie za Ciebie i wy\u0142uskujemy nowe trendy u konkurencji, opinie influencer\u00f3w i krytyk\u00f3w, nowinki techniczne i wszystko to, co trzeba wiedzie\u0107, je\u015bli chce si\u0119 uczyni\u0107 sw\u00f3j indywidualny produkt jeszcze lepszym. Nasze wieloletnie do\u015bwiadczenie w handlu online pomaga nam prawid\u0142owo oceni\u0107 sytuacj\u0119. Podczas wsp\u00f3lnych rozm\u00f3w ustalamy, jak mo\u017cna jeszcze ulepszy\u0107 Tw\u00f3j produkt, aby osi\u0105gn\u0105\u0107 optymalizacj\u0119 sprzeda\u017cy online.<\/p>\n<p>&nbsp;<\/p>\n<p><strong>Optymalizacja widoczno\u015bci na Amazon, Ebay i Co.<\/strong><\/p>\n<p>Amazon, Ebay and Co s\u0105 niezwykle zwinne i dostosowuj\u0105 swoje algorytmy do aktualnych trend\u00f3w. Produkt, kt\u00f3ry wczoraj by\u0142 na top li\u015bcie, dzi\u015b mo\u017ce by\u0107 praktycznie niewidoczny. Dzi\u0119ki ci\u0105g\u0142ej optymalizacji na Amazon i Ebay zapewniamy, \u017ce Twoje produkty b\u0119d\u0105 nadal prezentowane klientom w jak najbardziej widoczny spos\u00f3b. Aby to zrobi\u0107, konieczne jest sta\u0142e obserwowanie rozwoju sytuacji i szybkie reagowanie &#8211; poniewa\u017c internet jest dynamiczny i szybko si\u0119 rozwija, i dok\u0142adnie taki musi by\u0107 Tw\u00f3j marketing, je\u015bli chcesz odnie\u015b\u0107 sukces.<\/p>\n<p>Agencja Frisch zna rozw\u00f3j, wahania i trendy, kt\u00f3rym podlega biznes online. Optymalizacj\u0105 produkt\u00f3w i ich zestawie\u0144 zajmujemy si\u0119 od wielu lat. Optymalizacja na Amazon czy Ebay mo\u017ce obejmowa\u0107 mi\u0119dzy innymi:<\/p>\n<ul>\n<li>Aktualizacja zdj\u0119\u0107 produkt\u00f3w<\/li>\n<li>Aktualizacja opisu produktu<\/li>\n<li>Przegl\u0105d kategoryzacji<\/li>\n<li>Dostosowanie cen<\/li>\n<\/ul>\n<p>Ch\u0119tnie przejmiemy za Ciebie tworzenie nowych zdj\u0119\u0107 i tekst\u00f3w. Nasi do\u015bwiadczeni fotografowie i copywriterzy znajd\u0105 odpowiednie k\u0105ty i s\u0142owa, aby Tw\u00f3j produkt zab\u0142ysn\u0105\u0142 na nowo.<\/p>\n<p>&nbsp;<\/p>\n<p><strong>Skalowanie wielko\u015bci sprzeda\u017cy<\/strong><\/p>\n<p>Naturaln\u0105 konsekwencj\u0105 optymalizacji sprzeda\u017cy online jest skalowanie sprzeda\u017cy. Dzi\u0119ki temu mo\u017cesz zwi\u0119kszy\u0107 swoj\u0105 sprzeda\u017c bez konieczno\u015bci znacznie wi\u0119kszych inwestycji. Mo\u017cemy r\u00f3wnie\u017c udzieli\u0107 Pa\u0144stwu fachowej porady w tym temacie. Rozw\u00f3j biznesu naszych partner\u00f3w biznesowych jest trosk\u0105 blisk\u0105 naszemu sercu. Nasze du\u017ce grono zadowolonych i udanych sta\u0142ych klient\u00f3w m\u00f3wi samo za siebie.<\/p>\n<p>&nbsp;<\/p>\n<p>Nie pozostawiaj optymalizacji swojej sprzeda\u017cy online na Amazon lub Ebay przypadkowi. B\u0105d\u017a szybszy od konkurencji i pozw\u00f3l naszym ekspertom pracowa\u0107 na Tw\u00f3j sukces!<\/p>\n<p>&nbsp;<\/p>\n<p>&nbsp;<\/p>\n<p>&nbsp;<\/p>\n<p>[\/et_pb_text][\/et_pb_column][\/et_pb_row][\/et_pb_section][et_pb_section fb_built=&#8221;1&#8243; admin_label=&#8221;Testimonials&#8221; _builder_version=&#8221;4.16&#8243; use_background_color_gradient=&#8221;on&#8221; background_color_gradient_stops=&#8221;rgba(0,106,156,0.85) 0%|rgba(0,106,156,0.85) 100%&#8221; background_color_gradient_start=&#8221;rgba(0,106,156,0.85)&#8221; background_color_gradient_end=&#8221;rgba(0,106,156,0.85)&#8221; custom_padding=&#8221;90px||60px|&#8221; animation_style=&#8221;fold&#8221; animation_direction=&#8221;bottom&#8221; animation_intensity_fold=&#8221;4%&#8221; global_colors_info=&#8221;{}&#8221;][et_pb_row _builder_version=&#8221;4.16&#8243; background_size=&#8221;initial&#8221; background_position=&#8221;top_left&#8221; background_repeat=&#8221;repeat&#8221; custom_width_px=&#8221;710px&#8221; locked=&#8221;off&#8221; global_colors_info=&#8221;{}&#8221;][et_pb_column type=&#8221;4_4&#8243; _builder_version=&#8221;4.16&#8243; background_position=&#8221;top_left&#8221; custom_padding=&#8221;|||&#8221; global_colors_info=&#8221;{}&#8221; custom_padding__hover=&#8221;|||&#8221;][et_pb_text admin_label=&#8221;Testimonials Section Title&#8221; _builder_version=&#8221;4.16&#8243; header_font=&#8221;Montserrat||||&#8221; header_font_size=&#8221;36px&#8221; background_size=&#8221;initial&#8221; background_position=&#8221;top_left&#8221; background_repeat=&#8221;repeat&#8221; text_orientation=&#8221;center&#8221; background_layout=&#8221;dark&#8221; max_width=&#8221;710px&#8221; module_alignment=&#8221;center&#8221; animation_style=&#8221;fold&#8221; animation_direction=&#8221;bottom&#8221; animation_intensity_fold=&#8221;20%&#8221; global_colors_info=&#8221;{}&#8221;]<\/p>\n<h1>Ponad 5000 zadowolonych klient\u00f3w.<\/h1>\n<p>&nbsp;<\/p>\n<p>[\/et_pb_text][et_pb_divider color=&#8221;#ffffff&#8221; divider_weight=&#8221;3px&#8221; disabled_on=&#8221;off|off|off&#8221; _builder_version=&#8221;4.16&#8243; background_color_gradient_direction=&#8221;90deg&#8221; max_width=&#8221;100px&#8221; module_alignment=&#8221;center&#8221; height=&#8221;5px&#8221; custom_margin=&#8221;||20px|&#8221; custom_padding=&#8221;||20px|&#8221; animation_style=&#8221;slide&#8221; animation_direction=&#8221;bottom&#8221; saved_tabs=&#8221;all&#8221; locked=&#8221;off&#8221; global_colors_info=&#8221;{}&#8221;][\/et_pb_divider][\/et_pb_column][\/et_pb_row][et_pb_row column_structure=&#8221;1_2,1_2&#8243; _builder_version=&#8221;4.18.1&#8243; _module_preset=&#8221;default&#8221; global_colors_info=&#8221;{}&#8221;][et_pb_column type=&#8221;1_2&#8243; _builder_version=&#8221;4.18.1&#8243; _module_preset=&#8221;default&#8221; global_colors_info=&#8221;{}&#8221;][et_pb_testimonial author=&#8221;Marco&#8221; portrait_url=&#8221;https:\/\/ag-frisch.com\/wp-content\/uploads\/2021\/08\/Harald.png&#8221; quote_icon=&#8221;off&#8221; _builder_version=&#8221;4.18.1&#8243; _module_preset=&#8221;default&#8221; body_font_size=&#8221;16px&#8221; use_background_color=&#8221;off&#8221; background_layout=&#8221;dark&#8221; global_colors_info=&#8221;{}&#8221;]Zleci\u0142em agencji Frisch wyprodukowanie du\u017cego mebla w Chinach, a nast\u0119pnie sprowadzenie go do Niemiec. Przez ca\u0142y czas by\u0142a sprawna komunikacja mailowa! Bardzo szybkie i rzetelne odpowiedzi stale dodawa\u0142y mi otuchy, kt\u00f3ra jest niezb\u0119dna w takim przedsi\u0119wzi\u0119ciu. Przez ca\u0142y czas pomagano mi przebrn\u0105\u0107 przez biurokratyczny g\u0105szcz, nie zapomniano o \u017cadnym formularzu ani nie wype\u0142niono go b\u0142\u0119dnie. Bardzo godne pochwa\u0142y!<a href=\"&lt;div%20class=%22pe-richsnippets%22&gt;&nbsp;&lt;\/div&gt;%20&lt;script%20type=%22text\/javascript%22%20src=%22https:\/\/www.provenexpert.com\/widget\/richsnippet.js?u=1NUA0VwZ4RUZ5tmAi5zA4RaplNKAlWwZ&amp;v=2%22%20async&gt;&lt;\/script&gt;%20&lt;div%20style=%22text-align:%20justify;%22&gt;&lt;br%20\/&gt;\"><\/a><\/p>\n<div class=\"brow ratingBarMargin\">\n<div class=\"ratingBar\">\n<div class=\"brow\">\n<div class=\"pe-richsnippets\">&nbsp;<\/div>\n<p><script type=\"text\/javascript\" src=\"https:\/\/www.provenexpert.com\/widget\/richsnippet.js?u=1NUA0VwZ4RUZ5tmAi5zA4RaplNKAlWwZ&amp;v=2\" async=\"\"><\/script><\/p>\n<div style=\"text-align: justify;\"><\/p>\n<div class=\"col-lg-9 col-md-8 col-xs-10 mt20 mb20\">\n<div class=\"col-xs-12 surveyNameForRating\"><\/div>\n<\/div>\n<\/div>\n<\/div>\n<\/div>\n<\/div>\n<p>[\/et_pb_testimonial][\/et_pb_column][et_pb_column type=&#8221;1_2&#8243; _builder_version=&#8221;4.18.1&#8243; _module_preset=&#8221;default&#8221; global_colors_info=&#8221;{}&#8221;][et_pb_testimonial author=&#8221;Simone L.&#8221; portrait_url=&#8221;https:\/\/ag-frisch.com\/wp-content\/uploads\/2021\/08\/Harald.png&#8221; quote_icon=&#8221;off&#8221; _builder_version=&#8221;4.18.1&#8243; _module_preset=&#8221;default&#8221; body_font_size=&#8221;16px&#8221; use_background_color=&#8221;off&#8221; background_layout=&#8221;dark&#8221; global_colors_info=&#8221;{}&#8221;]<\/p>\n<p>Ca\u0142a g\u00f3ra. Nie ma nic lepszego ni\u017c to. Doradzanie i wdra\u017canie nie mo\u017ce by\u0107 zrobione lepiej. Jeste\u015bmy bardziej ni\u017c zadowoleni po kilku zam\u00f3wieniach z t\u0105 firm\u0105 i kontynuowa\u0107 nasz\u0105 wsp\u00f3\u0142prac\u0119.<\/p>\n<div class=\"brow ratingBarMargin\">\n<div class=\"ratingBar\">\n<div class=\"brow\">\n<div class=\"pe-richsnippets\"> <\/div>\n<p>\n<script type=\"text\/javascript\" src=\"https:\/\/www.provenexpert.com\/widget\/richsnippet.js?u=1NUA0VwZ4RUZ5tmAi5zA4RaplNKAlWwZ&amp;v=2\" async=\"\"><\/script>\n<\/p>\n<div style=\"text-align: justify;\">\n<p>&nbsp;<\/p>\n<div class=\"col-lg-9 col-md-8 col-xs-10 mt20 mb20\">\n<div class=\"col-xs-12 surveyNameForRating\"><\/div>\n<\/div>\n<\/div>\n<\/div>\n<\/div>\n<\/div>\n<p>[\/et_pb_testimonial][\/et_pb_column][\/et_pb_row][et_pb_row _builder_version=&#8221;4.16&#8243; background_size=&#8221;initial&#8221; background_position=&#8221;top_left&#8221; background_repeat=&#8221;repeat&#8221; custom_padding=&#8221;50px|0px|30px|0px&#8221; custom_css_main_element=&#8221;text-align: center;&#8221; global_colors_info=&#8221;{}&#8221;][et_pb_column type=&#8221;4_4&#8243; _builder_version=&#8221;4.16&#8243; custom_padding=&#8221;|||&#8221; global_colors_info=&#8221;{}&#8221; custom_padding__hover=&#8221;|||&#8221;][et_pb_button button_url=&#8221;https:\/\/www.provenexpert.com\/de-de\/agentur-frisch-international-consulting-gmbh-und-co-kg\/&#8221; button_text=&#8221;WI\u0118CEJ OCEN&#8221; button_alignment=&#8221;left&#8221; admin_label=&#8221;Testimonial Button&#8221; _builder_version=&#8221;4.16&#8243; custom_button=&#8221;on&#8221; button_text_size=&#8221;18px&#8221; button_text_color=&#8221;#ffffff&#8221; button_bg_color=&#8221;#6eba01&#8243; button_border_width=&#8221;2px&#8221; button_border_color=&#8221;#6eba01&#8243; button_border_radius=&#8221;0px&#8221; button_letter_spacing=&#8221;2px&#8221; button_font=&#8221;Montserrat|||on|&#8221; button_use_icon=&#8221;off&#8221; animation_style=&#8221;fold&#8221; animation_direction=&#8221;bottom&#8221; button_text_color_hover=&#8221;#ffffff&#8221; button_border_color_hover=&#8221;#ffffff&#8221; button_border_radius_hover=&#8221;0px&#8221; button_letter_spacing_hover=&#8221;2px&#8221; button_bg_color_hover=&#8221;rgba(255,255,255,0)&#8221; locked=&#8221;off&#8221; global_colors_info=&#8221;{}&#8221; button_text_size__hover_enabled=&#8221;off&#8221; button_one_text_size__hover_enabled=&#8221;off&#8221; button_two_text_size__hover_enabled=&#8221;off&#8221; button_text_color__hover_enabled=&#8221;on&#8221; button_text_color__hover=&#8221;#ffffff&#8221; button_one_text_color__hover_enabled=&#8221;off&#8221; button_two_text_color__hover_enabled=&#8221;off&#8221; button_border_width__hover_enabled=&#8221;off&#8221; button_one_border_width__hover_enabled=&#8221;off&#8221; button_two_border_width__hover_enabled=&#8221;off&#8221; button_border_color__hover_enabled=&#8221;on&#8221; button_border_color__hover=&#8221;#ffffff&#8221; button_one_border_color__hover_enabled=&#8221;off&#8221; button_two_border_color__hover_enabled=&#8221;off&#8221; button_border_radius__hover_enabled=&#8221;on&#8221; button_border_radius__hover=&#8221;0px&#8221; button_one_border_radius__hover_enabled=&#8221;off&#8221; button_two_border_radius__hover_enabled=&#8221;off&#8221; button_letter_spacing__hover_enabled=&#8221;on&#8221; button_letter_spacing__hover=&#8221;2px&#8221; button_one_letter_spacing__hover_enabled=&#8221;off&#8221; button_two_letter_spacing__hover_enabled=&#8221;off&#8221; button_bg_color__hover_enabled=&#8221;on&#8221; button_bg_color__hover=&#8221;rgba(255,255,255,0)&#8221; button_one_bg_color__hover_enabled=&#8221;off&#8221; button_two_bg_color__hover_enabled=&#8221;off&#8221;][\/et_pb_button][\/et_pb_column][\/et_pb_row][\/et_pb_section]<\/p>\n","protected":false},"excerpt":{"rendered":"<p>Dzi\u0119ki poradom China Import Agency Frisch, odniesiesz sukces w handlu online jak profesjonali\u015bci. Sta\u0142a optymalizacja widoczno\u015bci Twoich produkt\u00f3w Optymalizacja Twoich produkt\u00f3w na Amazon, Ebay i Co. Stanie w miejscu to krok wstecz &#8211; w handlu internetowym r\u00f3wnie\u017c nie wolno spocz\u0105\u0107 na laurach. Nawet je\u015bli masz produkty, kt\u00f3re obecnie radz\u0105 sobie bardzo dobrze, nie mo\u017cesz zak\u0142ada\u0107, [&hellip;]<\/p>\n","protected":false},"author":2,"featured_media":0,"parent":0,"menu_order":0,"comment_status":"closed","ping_status":"closed","template":"","meta":{"_et_pb_use_builder":"on","_et_pb_old_content":"","_et_gb_content_width":"","footnotes":""},"class_list":["post-9300","page","type-page","status-publish","hentry"],"yoast_head":"<!-- This site is optimized with the Yoast SEO plugin v27.2 - https:\/\/yoast.com\/product\/yoast-seo-wordpress\/ -->\n<title>Optymalizacja widoczno\u015bci produkt\u00f3w w eCommerce<\/title>\n<meta name=\"description\" content=\"SEO produkt\u00f3w w eCommerce: Poprawi\u0107 widoczno\u015b\u0107 \u2713 Wygenerowa\u0107 wi\u0119ksz\u0105 sprzeda\u017c \u2713 \u25bb Skorzystaj z porad ekspert\u00f3w ju\u017c teraz!\" \/>\n<meta name=\"robots\" content=\"index, follow, max-snippet:-1, max-image-preview:large, max-video-preview:-1\" \/>\n<link rel=\"canonical\" href=\"https:\/\/ag-frisch.com\/pl\/optymalizacja\/\" \/>\n<meta property=\"og:locale\" content=\"pl_PL\" \/>\n<meta property=\"og:type\" content=\"article\" \/>\n<meta property=\"og:title\" content=\"Optymalizacja widoczno\u015bci produkt\u00f3w w eCommerce\" \/>\n<meta property=\"og:description\" content=\"SEO produkt\u00f3w w eCommerce: Poprawi\u0107 widoczno\u015b\u0107 \u2713 Wygenerowa\u0107 wi\u0119ksz\u0105 sprzeda\u017c \u2713 \u25bb Skorzystaj z porad ekspert\u00f3w ju\u017c teraz!\" \/>\n<meta property=\"og:url\" content=\"https:\/\/ag-frisch.com\/pl\/optymalizacja\/\" \/>\n<meta property=\"og:site_name\" content=\"China Import Beratung f\u00fcr den Einkauf aus China\" \/>\n<meta property=\"article:publisher\" content=\"https:\/\/www.facebook.com\/China.Import\" \/>\n<meta property=\"article:modified_time\" content=\"2023-01-26T21:22:54+00:00\" \/>\n<meta name=\"twitter:card\" content=\"summary_large_image\" \/>\n<meta name=\"twitter:site\" content=\"@agenturfrisch\" \/>\n<meta name=\"twitter:label1\" content=\"Szacowany czas czytania\" \/>\n\t<meta name=\"twitter:data1\" content=\"7 minut\" \/>\n<script type=\"application\/ld+json\" class=\"yoast-schema-graph\">{\"@context\":\"https:\/\/schema.org\",\"@graph\":[{\"@type\":\"WebPage\",\"@id\":\"https:\/\/ag-frisch.com\/pl\/optymalizacja\/\",\"url\":\"https:\/\/ag-frisch.com\/pl\/optymalizacja\/\",\"name\":\"Optymalizacja widoczno\u015bci produkt\u00f3w w eCommerce\",\"isPartOf\":{\"@id\":\"https:\/\/ag-frisch.com\/de\/#website\"},\"datePublished\":\"2021-09-12T20:05:39+00:00\",\"dateModified\":\"2023-01-26T21:22:54+00:00\",\"description\":\"SEO produkt\u00f3w w eCommerce: Poprawi\u0107 widoczno\u015b\u0107 \u2713 Wygenerowa\u0107 wi\u0119ksz\u0105 sprzeda\u017c \u2713 \u25bb Skorzystaj z porad ekspert\u00f3w ju\u017c teraz!\",\"breadcrumb\":{\"@id\":\"https:\/\/ag-frisch.com\/pl\/optymalizacja\/#breadcrumb\"},\"inLanguage\":\"pl-PL\",\"potentialAction\":[{\"@type\":\"ReadAction\",\"target\":[\"https:\/\/ag-frisch.com\/pl\/optymalizacja\/\"]}]},{\"@type\":\"BreadcrumbList\",\"@id\":\"https:\/\/ag-frisch.com\/pl\/optymalizacja\/#breadcrumb\",\"itemListElement\":[{\"@type\":\"ListItem\",\"position\":1,\"name\":\"Startseite\",\"item\":\"https:\/\/ag-frisch.com\/de\/\"},{\"@type\":\"ListItem\",\"position\":2,\"name\":\"Optymalizacja\"}]},{\"@type\":\"WebSite\",\"@id\":\"https:\/\/ag-frisch.com\/de\/#website\",\"url\":\"https:\/\/ag-frisch.com\/de\/\",\"name\":\"China Import Beratung f\u00fcr den Einkauf aus China\",\"description\":\"China Import &amp; Export Beratung - Der Dienstleister Ihres Vertrauens f\u00fcr Ihren China Import\",\"publisher\":{\"@id\":\"https:\/\/ag-frisch.com\/de\/#organization\"},\"potentialAction\":[{\"@type\":\"SearchAction\",\"target\":{\"@type\":\"EntryPoint\",\"urlTemplate\":\"https:\/\/ag-frisch.com\/de\/?s={search_term_string}\"},\"query-input\":{\"@type\":\"PropertyValueSpecification\",\"valueRequired\":true,\"valueName\":\"search_term_string\"}}],\"inLanguage\":\"pl-PL\"},{\"@type\":\"Organization\",\"@id\":\"https:\/\/ag-frisch.com\/de\/#organization\",\"name\":\"Agentur Frisch International Consulting GmbH & Co. KG\",\"url\":\"https:\/\/ag-frisch.com\/de\/\",\"logo\":{\"@type\":\"ImageObject\",\"inLanguage\":\"pl-PL\",\"@id\":\"https:\/\/ag-frisch.com\/de\/#\/schema\/logo\/image\/\",\"url\":\"https:\/\/ag-frisch.com\/wp-content\/uploads\/2021\/08\/ag_logo_rgb_300_small.png\",\"contentUrl\":\"https:\/\/ag-frisch.com\/wp-content\/uploads\/2021\/08\/ag_logo_rgb_300_small.png\",\"width\":153,\"height\":102,\"caption\":\"Agentur Frisch International Consulting GmbH & Co. KG\"},\"image\":{\"@id\":\"https:\/\/ag-frisch.com\/de\/#\/schema\/logo\/image\/\"},\"sameAs\":[\"https:\/\/www.facebook.com\/China.Import\",\"https:\/\/x.com\/agenturfrisch\"]}]}<\/script>\n<!-- \/ Yoast SEO plugin. -->","yoast_head_json":{"title":"Optymalizacja widoczno\u015bci produkt\u00f3w w eCommerce","description":"SEO produkt\u00f3w w eCommerce: Poprawi\u0107 widoczno\u015b\u0107 \u2713 Wygenerowa\u0107 wi\u0119ksz\u0105 sprzeda\u017c \u2713 \u25bb Skorzystaj z porad ekspert\u00f3w ju\u017c teraz!","robots":{"index":"index","follow":"follow","max-snippet":"max-snippet:-1","max-image-preview":"max-image-preview:large","max-video-preview":"max-video-preview:-1"},"canonical":"https:\/\/ag-frisch.com\/pl\/optymalizacja\/","og_locale":"pl_PL","og_type":"article","og_title":"Optymalizacja widoczno\u015bci produkt\u00f3w w eCommerce","og_description":"SEO produkt\u00f3w w eCommerce: Poprawi\u0107 widoczno\u015b\u0107 \u2713 Wygenerowa\u0107 wi\u0119ksz\u0105 sprzeda\u017c \u2713 \u25bb Skorzystaj z porad ekspert\u00f3w ju\u017c teraz!","og_url":"https:\/\/ag-frisch.com\/pl\/optymalizacja\/","og_site_name":"China Import Beratung f\u00fcr den Einkauf aus China","article_publisher":"https:\/\/www.facebook.com\/China.Import","article_modified_time":"2023-01-26T21:22:54+00:00","twitter_card":"summary_large_image","twitter_site":"@agenturfrisch","twitter_misc":{"Szacowany czas czytania":"7 minut"},"schema":{"@context":"https:\/\/schema.org","@graph":[{"@type":"WebPage","@id":"https:\/\/ag-frisch.com\/pl\/optymalizacja\/","url":"https:\/\/ag-frisch.com\/pl\/optymalizacja\/","name":"Optymalizacja widoczno\u015bci produkt\u00f3w w eCommerce","isPartOf":{"@id":"https:\/\/ag-frisch.com\/de\/#website"},"datePublished":"2021-09-12T20:05:39+00:00","dateModified":"2023-01-26T21:22:54+00:00","description":"SEO produkt\u00f3w w eCommerce: Poprawi\u0107 widoczno\u015b\u0107 \u2713 Wygenerowa\u0107 wi\u0119ksz\u0105 sprzeda\u017c \u2713 \u25bb Skorzystaj z porad ekspert\u00f3w ju\u017c teraz!","breadcrumb":{"@id":"https:\/\/ag-frisch.com\/pl\/optymalizacja\/#breadcrumb"},"inLanguage":"pl-PL","potentialAction":[{"@type":"ReadAction","target":["https:\/\/ag-frisch.com\/pl\/optymalizacja\/"]}]},{"@type":"BreadcrumbList","@id":"https:\/\/ag-frisch.com\/pl\/optymalizacja\/#breadcrumb","itemListElement":[{"@type":"ListItem","position":1,"name":"Startseite","item":"https:\/\/ag-frisch.com\/de\/"},{"@type":"ListItem","position":2,"name":"Optymalizacja"}]},{"@type":"WebSite","@id":"https:\/\/ag-frisch.com\/de\/#website","url":"https:\/\/ag-frisch.com\/de\/","name":"China Import Beratung f\u00fcr den Einkauf aus China","description":"China Import &amp; Export Beratung - Der Dienstleister Ihres Vertrauens f\u00fcr Ihren China Import","publisher":{"@id":"https:\/\/ag-frisch.com\/de\/#organization"},"potentialAction":[{"@type":"SearchAction","target":{"@type":"EntryPoint","urlTemplate":"https:\/\/ag-frisch.com\/de\/?s={search_term_string}"},"query-input":{"@type":"PropertyValueSpecification","valueRequired":true,"valueName":"search_term_string"}}],"inLanguage":"pl-PL"},{"@type":"Organization","@id":"https:\/\/ag-frisch.com\/de\/#organization","name":"Agentur Frisch International Consulting GmbH & Co. KG","url":"https:\/\/ag-frisch.com\/de\/","logo":{"@type":"ImageObject","inLanguage":"pl-PL","@id":"https:\/\/ag-frisch.com\/de\/#\/schema\/logo\/image\/","url":"https:\/\/ag-frisch.com\/wp-content\/uploads\/2021\/08\/ag_logo_rgb_300_small.png","contentUrl":"https:\/\/ag-frisch.com\/wp-content\/uploads\/2021\/08\/ag_logo_rgb_300_small.png","width":153,"height":102,"caption":"Agentur Frisch International Consulting GmbH & Co. KG"},"image":{"@id":"https:\/\/ag-frisch.com\/de\/#\/schema\/logo\/image\/"},"sameAs":["https:\/\/www.facebook.com\/China.Import","https:\/\/x.com\/agenturfrisch"]}]}},"_links":{"self":[{"href":"https:\/\/ag-frisch.com\/pl\/wp-json\/wp\/v2\/pages\/9300","targetHints":{"allow":["GET"]}}],"collection":[{"href":"https:\/\/ag-frisch.com\/pl\/wp-json\/wp\/v2\/pages"}],"about":[{"href":"https:\/\/ag-frisch.com\/pl\/wp-json\/wp\/v2\/types\/page"}],"author":[{"embeddable":true,"href":"https:\/\/ag-frisch.com\/pl\/wp-json\/wp\/v2\/users\/2"}],"replies":[{"embeddable":true,"href":"https:\/\/ag-frisch.com\/pl\/wp-json\/wp\/v2\/comments?post=9300"}],"version-history":[{"count":0,"href":"https:\/\/ag-frisch.com\/pl\/wp-json\/wp\/v2\/pages\/9300\/revisions"}],"wp:attachment":[{"href":"https:\/\/ag-frisch.com\/pl\/wp-json\/wp\/v2\/media?parent=9300"}],"curies":[{"name":"wp","href":"https:\/\/api.w.org\/{rel}","templated":true}]}}